{"id":6976,"date":"2026-03-20T17:41:01","date_gmt":"2026-03-20T10:41:01","guid":{"rendered":"https:\/\/vannangvn.123websitedev.com\/san-pham\/may-do-mau-quang-pho-hunter-lab-model-agera-l2\/"},"modified":"2026-03-30T18:32:48","modified_gmt":"2026-03-30T11:32:48","slug":"may-do-mau-quang-pho-hunter-lab-model-agera-l2","status":"publish","type":"product","link":"https:\/\/vannangvn.123websitedev.com\/en\/product\/may-do-mau-quang-pho-hunter-lab-model-agera-l2\/","title":{"rendered":"M\u00c1Y \u0110O M\u00c0U QUANG PH\u1ed4 HUNTER LAB MODEL AGERA L2"},"content":{"rendered":"<h1 style=\"color: red; font-weight: bold; font-size: 24px;\">T&#7893;ng quan s&#7843;n ph&#7849;m M&Aacute;Y &#272;O M&Agrave;U QUANG PH&#7892; HUNTER LAB MODEL AGERA L2<p>M&aacute;y &#272;o M&agrave;u Quang Ph&#7893; &#272;&#7875; B&agrave;n (Benchtop Spectrophotometer) Hunter Lab Model Agera L2<br>\nAgera L2 l&agrave; thi&#7871;t b&#7883; cao c&#7845;p &#273;o m&agrave;u quang ph&#7893; ch&iacute;nh x&aacute;c cao cho v&#7853;t li&#7879;u ph&#7843;n x&#7841; th&#7845;p, &#273;&#432;&#7907;c thi&#7871;t k&#7871; chuy&ecirc;n bi&#7879;t cho c&aacute;c v&#7853;t li&#7879;u c&oacute; &#273;&#7897; ph&#7843;n x&#7841; th&#7845;p (&le;20%). S&#7843;n ph&#7849;m &#273;&aacute;p &#7913;ng hi&#7879;u qu&#7843; nhu c&#7847;u ki&#7875;m so&aacute;t m&agrave;u s&#7855;c trong c&aacute;c ng&agrave;nh c&ocirc;ng nghi&#7879;p y&ecirc;u c&#7847;u &#273;&#7897; ch&iacute;nh x&aacute;c th&#7883; gi&aacute;c cao nh&#432; nh&#7921;a, t&aacute;i ch&#7871; nh&#7921;a, bao b&igrave;, v&#7853;t li&#7879;u an to&agrave;n ph&#7843;n quang, d&#7879;t may, s&#417;n ph&#7911;, d&#432;&#7907;c ph&#7849;m, h&oacute;a d&#7847;u, gi&#7845;y v&agrave; c&aacute;c v&#7853;t li&#7879;u li&ecirc;n quan.<br>\nV&#7899;i n&#7873;n t&#7843;ng Visual Truth Technology, Hunter Lab Agera L2 mang &#273;&#7871;n k&#7871;t qu&#7843; &#273;o m&agrave;u ph&ugrave; h&#7907;p tr&#7921;c ti&#7871;p v&#7899;i c&#7843;m nh&#7853;n th&#7883; gi&aacute;c c&#7911;a con ng&#432;&#7901;i d&#432;&#7899;i &#273;i&#7873;u ki&#7879;n &aacute;nh s&aacute;ng D65, ngay c&#7843; khi kh&ocirc;ng c&oacute; ph&ograve;ng quan s&aacute;t ti&ecirc;u chu&#7849;n. H&atilde;y c&ugrave;ng V&#7841;n N&#259;ng t&igrave;m hi&#7875;u chi ti&#7871;t h&#417;n v&#7873; s&#7843;n ph&#7849;m th&ocirc;ng qua b&agrave;i vi&#7871;t d&#432;&#7899;i &#273;&acirc;y nh&eacute;!<\/p><h2 style=\"color: #2e7d32; font-weight: bold; font-size: 20px;\">N&eacute;t &#272;&#7863;c Tr&#432;ng N&#7893;i B&#7853;t C&#7911;a Agera L2<\/h2><p>C&ocirc;ng ngh&#7879; Visual Truth Technology cho ph&eacute;p &#273;o m&agrave;u theo &#273;&uacute;ng c&aacute;ch m&#7855;t ng&#432;&#7901;i nh&igrave;n th&#7845;y, gi&#7843;m sai l&#7879;ch gi&#7919;a &#273;&aacute;nh gi&aacute; th&#7883; gi&aacute;c v&agrave; d&#7919; li&#7879;u s&#7889;.<br>\nNgu&#7891;n s&aacute;ng D65 &#273;&#7841;t ch&#7913;ng nh&#7853;n CIE Grade A, &#273;&#7843;m b&#7843;o &#273;&#7897; &#7893;n &#273;&#7883;nh v&agrave; nh&#7845;t qu&aacute;n l&acirc;u d&agrave;i gi&#7919;a c&aacute;c ph&ograve;ng lab, d&acirc;y chuy&#7873;n v&agrave; &#273;&#7883;a &#273;i&#7875;m kh&aacute;c nhau.<br>\nThi&#7871;t k&#7871; h&igrave;nh h&#7885;c &#273;o 0&deg;\/45&deg; chu vi (0\/45 c) &#273;&#7841;t chu&#7849;n tham chi&#7871;u, ph&ugrave; h&#7907;p c&aacute;c &#7913;ng d&#7909;ng y&ecirc;u c&#7847;u dung sai m&agrave;u nghi&ecirc;m ng&#7863;t.<br>\nDi&#7879;n t&iacute;ch &#273;o l&#7899;n nh&#7845;t trong ph&acirc;n kh&uacute;c, l&#7899;n g&#7845;p 4&ndash;16 l&#7847;n thi&#7871;t b&#7883; th&ocirc;ng th&#432;&#7901;ng, gi&uacute;p t&#259;ng &#273;&#7897; l&#7863;p l&#7841;i v&agrave; gi&#7843;m nhu c&#7847;u l&#7845;y trung b&igrave;nh m&#7851;u.<br>\nT&iacute;ch h&#7907;p camera quan s&aacute;t m&#7851;u v&agrave; ch&#7913;c n&#259;ng ghi m&agrave;n h&igrave;nh, &#273;&#7843;m b&#7843;o c&#259;n ch&#7881;nh m&#7851;u ch&iacute;nh x&aacute;c v&agrave; truy xu&#7845;t d&#7919; li&#7879;u &#273;o.<\/p><p>Model Agera L2 s&#7903; h&#7919;u thi&#7871;t k&#7871; k&iacute;n, b&#7843;o v&#7879; h&#7879; quang h&#7885;c kh&#7887;i b&#7909;i, b&#7897;t, s&#7907;i v&agrave; s&#7921; c&#7889; tr&agrave;n ch&#7845;t l&#7887;ng, &#273;&#7843;m b&#7843;o &#273;&#7897; b&#7873;n cao trong m&ocirc;i tr&#432;&#7901;ng s&#7843;n xu&#7845;t v&agrave; ph&ograve;ng th&iacute; nghi&#7879;m.<\/p><p>&#431;u &#272;i&#7875;m V&#432;&#7907;t Tr&#7897;i C&#7911;a Agera L2<\/p><p>&#272;o m&agrave;u b&aacute;m s&aacute;t th&#7883; gi&aacute;c con ng&#432;&#7901;i nh&#7901; c&ocirc;ng ngh&#7879; Visual Truth v&agrave; ngu&#7891;n s&aacute;ng chu&#7849;n CIE D65 c&#7845;p A, &#273;&#7843;m b&#7843;o &#273;&#7897; &#273;&#7891;ng nh&#7845;t m&agrave;u gi&#7919;a ph&ograve;ng lab, d&acirc;y chuy&#7873;n v&agrave; kh&aacute;ch h&agrave;ng.<br>\n&#272;&#7897; ch&iacute;nh x&aacute;c v&#432;&#7907;t tr&#7897;i cho m&#7851;u t&#7889;i v&agrave; kh&oacute; &#273;o (&le;20% ph&#7843;n x&#7841;), c&#7843;i thi&#7879;n m&#7841;nh kh&#7843; n&#259;ng l&#7863;p l&#7841;i v&agrave; t&#432;&#417;ng quan th&#7883; gi&aacute;c v&#7899;i v&#7853;t li&#7879;u t&#7889;i, ph&#7913;c t&#7841;p ho&#7863;c hu&#7923;nh quang.<br>\nThi&#7871;t k&#7871; chuy&ecirc;n d&#7909;ng cho ng&agrave;nh c&ocirc;ng nghi&#7879;p y&ecirc;u c&#7847;u cao, h&igrave;nh h&#7885;c &#273;o 0&deg;\/45&deg; circumferential, v&ugrave;ng &#273;o l&#7899;n gi&uacute;p gi&#7843;m nhi&#7877;u b&#7873; m&#7863;t v&agrave; h&#7841;n ch&#7871; sai l&#7879;ch do c&#7845;u tr&uacute;c v&#7853;t li&#7879;u.<br>\nV&#7853;n h&agrave;nh &#273;&#7897;c l&#7853;p, d&#7877; s&#7917; d&#7909;ng, ph&#7847;n m&#7873;m Essentials L2 tr&#7921;c quan, M&aacute;y &#273;o m&agrave;u Agera L2 x&#7917; l&yacute; v&agrave; l&#432;u tr&#7919; &#273;&#7871;n h&agrave;ng tri&#7879;u ph&eacute;p &#273;o m&agrave; kh&ocirc;ng c&#7847;n m&aacute;y t&iacute;nh ngo&agrave;i.<br>\n&#272;&#7897; tin c&#7853;y v&agrave; tu&acirc;n th&#7911; cao, thi&#7871;t k&#7871; b&#7873;n b&#7881;, &#273;o &#273;&#7891;ng th&#7901;i m&agrave;u v&agrave; &#273;&#7897; b&oacute;ng 60&deg;, h&#7895; tr&#7907; qu&#7843;n l&yacute; ng&#432;&#7901;i d&ugrave;ng, truy xu&#7845;t d&#7919; li&#7879;u v&agrave; k&#7871;t n&#7889;i h&#7879; th&#7889;ng QC\/QA.<\/p><p>&#7912;ng D&#7909;ng Th&#7921;c T&#7871;<\/p><p>Ng&agrave;nh nh&#7921;a v&agrave; t&aacute;i ch&#7871; nh&#7921;a: ki&#7875;m so&aacute;t m&agrave;u h&#7841;t nh&#7921;a, t&#7845;m nh&#7921;a v&agrave; s&#7843;n ph&#7849;m t&aacute;i ch&#7871; c&oacute; m&agrave;u t&#7889;i.<br>\nNg&agrave;nh bao b&igrave; v&agrave; gi&#7845;y: &#273;&#7843;m b&#7843;o &#273;&#7897; nh&#7845;t qu&aacute;n m&agrave;u s&#7855;c tr&ecirc;n v&#7853;t li&#7879;u in v&agrave; &#273;&oacute;ng g&oacute;i.<br>\nNg&agrave;nh d&#7879;t may v&agrave; v&#7853;t li&#7879;u an to&agrave;n: &#273;o m&agrave;u v&#7843;i, s&#7907;i, v&#7853;t li&#7879;u ph&#7843;n quang v&agrave; v&#7853;t li&#7879;u hu&#7923;nh quang quang h&#7885;c.<br>\nNg&agrave;nh s&#417;n ph&#7911; v&agrave; h&oacute;a ch&#7845;t: ki&#7875;m so&aacute;t sai l&#7879;ch m&agrave;u tr&ecirc;n l&#7899;p ph&#7911; v&agrave; v&#7853;t li&#7879;u k&#7929; thu&#7853;t.<br>\nNg&agrave;nh d&#432;&#7907;c ph&#7849;m v&agrave; h&oacute;a d&#7847;u: &#273;&#7843;m b&#7843;o tu&acirc;n th&#7911; y&ecirc;u c&#7847;u m&agrave;u s&#7855;c trong h&#7879; th&#7889;ng ki&#7875;m so&aacute;t ch&#7845;t l&#432;&#7907;ng nghi&ecirc;m ng&#7863;t.<\/p><p>Nh&#7919;ng L&yacute; Do N&ecirc;n Mua M&aacute;y So M&agrave;u Chuy&ecirc;n D&#7909;ng Ng&agrave;nh T&ocirc;n T&#7841;i V&#7841;n N&#259;ng<\/p><p>C&ocirc;ng ty Thi&#7871;t B&#7883; C&ocirc;ng Ngh&#7879; V&#7841;n N&#259;ng l&agrave; &#273;&#7889;i t&aacute;c ch&iacute;nh th&#7913;c ph&acirc;n ph&#7889;i M&aacute;y So M&agrave;u Chuy&ecirc;n D&#7909;ng Ng&agrave;nh T&ocirc;n h&agrave;ng &#273;&#7847;u t&#7841;i Vi&#7879;t Nam, cam k&#7871;t cung c&#7845;p s&#7843;n ph&#7849;m ch&iacute;nh h&atilde;ng v&#7899;i gi&aacute; c&#7843; c&#7841;nh tranh nh&#7845;t th&#7883; tr&#432;&#7901;ng. V&#7899;i uy t&iacute;n tr&ecirc;n th&#7883; tr&#432;&#7901;ng v&agrave; ch&#7871; &#273;&#7897; h&#7851;u m&atilde;i t&#7889;t, Thi&#7871;t B&#7883; C&ocirc;ng Ngh&#7879; V&#7841;n N&#259;ng &#273;&atilde; nh&#7853;n &#273;&#432;&#7907;c s&#7921; tin t&#432;&#7903;ng t&#7915; kh&aacute;ch h&agrave;ng nh&#7901; v&agrave;o ch&#7845;t l&#432;&#7907;ng h&agrave;ng &#273;&#7847;u c&#7911;a c&aacute;c d&ograve;ng s&#7843;n ph&#7849;m.<br>\nS&#7843;n ph&#7849;m c&#7911;a ch&uacute;ng t&ocirc;i &#273;&#432;&#7907;c ki&#7875;m &#273;&#7883;nh ch&#7845;t l&#432;&#7907;ng, nh&#7853;p kh&#7849;u tr&#7921;c ti&#7871;p t&#7915; nh&agrave; m&aacute;y b&ecirc;n Ch&acirc;u &Acirc;u, M&#7929;, &Uacute;c, Nh&#7853;t B&#7843;n,&hellip; v&agrave; &#273;&aacute;p &#7913;ng nhu c&#7847;u &#273;a d&#7841;ng c&#7911;a th&#7883; tr&#432;&#7901;ng nh&#432;: M&aacute;y &#272;o &#272;&#7897; C&#7913;ng, M&aacute;y SPECTROMAXx, M&aacute;y Ki&#7875;m Tra &#272;&#432;&#7901;ng Gh&eacute;p M&iacute; Lon,&hellip; Ch&uacute;ng t&ocirc;i cam k&#7871;t cung c&#7845;p s&#7843;n ph&#7849;m n&agrave;y tr&ecirc;n to&agrave;n qu&#7889;c v&#7899;i gi&aacute; c&#7843; c&#7841;nh tranh nh&#7845;t.<br>\nCh&uacute;ng t&ocirc;i c&oacute; &#273;&#7897;i ng&#361; chuy&ecirc;n vi&ecirc;n t&#432; v&#7845;n chuy&ecirc;n s&acirc;u s&#7869; h&#7895; tr&#7907; kh&aacute;ch h&agrave;ng v&#7873; chi ti&#7871;t s&#7843;n ph&#7849;m, h&#432;&#7899;ng d&#7851;n s&#7917; d&#7909;ng hay nh&#7919;ng th&#7913; li&ecirc;n quan &#273;&#7871;n v&#7845;n &#273;&#7873; m&agrave; doanh nghi&#7879;p b&#7841;n &#273;ang g&#7863;p ph&#7843;i. Ch&uacute;ng t&ocirc;i s&#7869; cung c&#7845;p nh&#7919;ng gi&#7843;i ph&aacute;p t&#7889;i &#432;u nh&#7845;t!<br>\nNgo&agrave;i ra Thi&#7871;t B&#7883; C&ocirc;ng Ngh&#7879; V&#7841;n N&#259;ng Ch&uacute;ng T&ocirc;i lu&ocirc;n h&#432;&#7899;ng &#273;&#7871;n tr&#7843;i nghi&#7879;m kh&aacute;ch h&agrave;ng, v&igrave; v&#7853;y ch&uacute;ng t&ocirc;i c&oacute; nh&#7919;ng ch&iacute;nh s&aacute;ch b&#7843;o h&agrave;nh, b&#7843;o tr&igrave; &ndash; b&#7843;o d&#432;&#7905;ng, hi&#7879;u chu&#7849;n v&#7899;i t&#7845;t c&#7843; c&aacute;c thi&#7871;t b&#7883;, m&aacute;y m&oacute;c m&agrave; ch&uacute;ng t&ocirc;i cung c&#7845;p. &#272;&#7843;m b&#7843;o mang &#273;&#7871;n cho Kh&aacute;ch h&agrave;ng s&#7921; y&ecirc;n t&acirc;m tuy&#7879;t &#273;&#7889;i v&#7873; d&#7883;ch v&#7909; khi mua h&agrave;ng.<\/p><p>T&#7893;ng K&#7871;t<br>\nV&#7899;i &#273;&#7897; ch&iacute;nh x&aacute;c v&#432;&#7907;t tr&#7897;i, kh&#7843; n&#259;ng &#273;o m&#7851;u kh&oacute;, thi&#7871;t k&#7871; b&#7873;n b&#7881; v&agrave; v&#7853;n h&agrave;nh &#273;&#7897;c l&#7853;p, Hunter Lab Model Agera L2 gi&uacute;p doanh nghi&#7879;p n&acirc;ng cao ch&#7845;t l&#432;&#7907;ng s&#7843;n ph&#7849;m, gi&#7843;m sai l&#7879;ch m&agrave;u v&agrave; t&#259;ng &#273;&#7897; tin c&#7853;y trong ki&#7875;m so&aacute;t ch&#7845;t l&#432;&#7907;ng. H&atilde;y li&ecirc;n h&#7879; v&#7899;i V&#7841;n N&#259;ng ngay &#273;&#7875; &#273;&#432;&#7907;c t&#432; v&#7845;n chuy&ecirc;n s&acirc;u v&agrave; nh&#7853;n nh&#7919;ng &#432;u &#273;&atilde;i h&#7845;p d&#7851;n nh&#7845;t th&ocirc;ng qua hotline0903 991 335!<\/p><div style=\"background-color: #f8fafc; border: 1px solid #e2e8f0; border-radius: 8px; padding: 25px; max-width: 800px; margin: 30px auto; color: #334155; line-height: 1.8; font-size: 17px; box-shadow: 0 4px 6px -1px rgba(0,0,0,0.05); text-align: left; clear: both;\">\nC&ocirc;ng ty TNHH Th&#432;&#417;ng M&#7841;i D&#7883;ch V&#7909; Thi&#7871;t B&#7883; C&ocirc;ng Ngh&#7879; V&#7841;n N&#259;ng\n<p style=\"margin: 0 0 10px 0;\">&#128205; <strong style=\"color: #1e293b;\">&#272;&#7883;a ch&#7881;:<\/strong> <a style=\"color: #059669; text-decoration: none; font-weight: bold;\" href=\"https:\/\/www.google.com\/maps\/search\/C%C3%B4ng+ty+TNHH+Th%C6%B0%C6%A1ng+M%E1%BA%A1i+D%E1%BB%8Bch+V%E1%BB%A5+Thi%E1%BA%BFt+B%E1%BB%8B+C%C3%B4ng+Ngh%E1%BB%87+V%E1%BA%A1n+N%C4%83ng+818+Tr%C6%B0%E1%BB%9Dng+Chinh\" target=\"_blank\" rel=\"noopener\">818 Tr&#432;&#7901;ng Chinh, Ph&#432;&#7901;ng T&acirc;n S&#417;n, Th&agrave;nh ph&#7889; H&#7891; Ch&iacute; Minh, Vi&#7879;t Nam<\/a><\/p>\n<p style=\"margin: 0 0 10px 0;\">&#128222; <strong style=\"color: #1e293b;\">S&#272;T &ndash; Zalo:<\/strong> <a style=\"color: #059669; text-decoration: none; font-weight: bold;\" href=\"https:\/\/zalo.me\/0903991335\" target=\"_blank\" rel=\"noopener\">0903 991 335<\/a> <span style=\"color: #64748b; font-style: italic;\">(Ms. H&#7841;nh &ndash; Gi&aacute;m &#272;&#7889;c Kinh Doanh)<\/span><\/p>\n<p style=\"margin: 0;\">&#9993;&#65039; <strong style=\"color: #1e293b;\">Email:<\/strong> <a style=\"color: #059669; text-decoration: none; font-weight: bold;\" href=\"mailto:hienhanh@vannangvn.com\">hienhanh@vannangvn.com<\/a><\/p>\n<\/div><\/h1>","protected":false},"excerpt":{"rendered":"<p><strong>Th&#432;&#417;ng hi&#7879;u:<\/strong> Hunter Lab<br>\n<strong>Model:<\/strong> Agera L2<p>Product <strong>M&Aacute;Y &#272;O M&Agrave;U QUANG PH&#7892; HUNTER LAB MODEL AGERA L2<\/strong> ch&iacute;nh h&atilde;ng. Hunter Lab (USA)<br>\nM&aacute;y &#272;o M&agrave;u Quang Ph&#7893; Hunter Lab Model Agera L2&nbsp;l&agrave; thi&#7871;t b&#7883; &#273;o m&agrave;u quang ph&#7893; cao c&#7845;p v&#7899;i c&ocirc;ng ngh&#7879; Visual Truth, ngu&#7891;n s&aacute;ng D65 chu&#7849;n CIE Grade A, t&#7889;i &#432;u cho v&#7853;t li&#7879;u ph&#7843;n x&#7841; th&#7845;p d&#432;&#7899;i 20%, gi&uacute;p &#273;&#7843;m b&#7843;o &#273;&#7897; ch&iacute;nh x&aacute;c, nh&#7845;t qu&aacute;n v&agrave; tu&acirc;n th&#7911; ti&ecirc;u chu&#7849;n ch&#7845;t l&#432;&#7907;ng trong nhi&#7873;u ng&agrave;nh c&ocirc;ng nghi&#7879;p.<\/p><\/p>","protected":false},"featured_media":0,"comment_status":"open","ping_status":"closed","template":"","meta":[],"product_brand":[],"product_cat":[18],"product_tag":[109,116,130,181,704,1150,1185,2081,2103,2104],"class_list":{"0":"post-6976","1":"product","2":"type-product","3":"status-publish","5":"product_cat-chua-phan-loai","6":"product_tag-may","7":"product_tag-model","8":"product_tag-mau","9":"product_tag-do","10":"product_tag-quang","11":"product_tag-lab","12":"product_tag-pho","13":"product_tag-hunter","14":"product_tag-agera","15":"product_tag-l2","17":"first","18":"instock","19":"shipping-taxable","20":"product-type-simple"},"yoast_head":"<!-- This site is optimized with the Yoast SEO Premium plugin v24.8 (Yoast SEO v24.8) - https:\/\/yoast.com\/wordpress\/plugins\/seo\/ -->\n<title>M\u00c1Y \u0110O M\u00c0U QUANG PH\u1ed4 HUNTER LAB MOD... ch\u00ednh h\u00e3ng | V\u1ea1n N\u0103ng<\/title>\n<meta name=\"description\" content=\"Mua ngay M\u00c1Y \u0110O M\u00c0U QUANG PH\u1ed4 HUNTER LAB MODEL AGERA L2 ch\u00ednh h\u00e3ng. M\u00e1y \u0110o M\u00e0u Quang Ph\u1ed5 Hunter Lab Model Agera L2 l\u00e0 thi\u1ebft b\u1ecb \u0111o... Gi\u00e1 t\u1ed1t!\" \/>\n<meta name=\"robots\" content=\"noindex, follow, max-snippet:-1, max-image-preview:large, max-video-preview:-1\" \/>\n<meta property=\"og:locale\" content=\"en_US\" \/>\n<meta property=\"og:type\" content=\"article\" \/>\n<meta property=\"og:title\" content=\"M\u00c1Y \u0110O M\u00c0U QUANG PH\u1ed4 HUNTER LAB MODEL AGERA L2\" \/>\n<meta property=\"og:description\" content=\"Mua ngay M\u00c1Y \u0110O M\u00c0U QUANG PH\u1ed4 HUNTER LAB MODEL AGERA L2 ch\u00ednh h\u00e3ng. M\u00e1y \u0110o M\u00e0u Quang Ph\u1ed5 Hunter Lab Model Agera L2 l\u00e0 thi\u1ebft b\u1ecb \u0111o... Gi\u00e1 t\u1ed1t!\" \/>\n<meta property=\"og:url\" content=\"https:\/\/vannangvn.123websitedev.com\/en\/product\/may-do-mau-quang-pho-hunter-lab-model-agera-l2\/\" \/>\n<meta property=\"og:site_name\" content=\"Vannang.vn\" \/>\n<meta property=\"article:modified_time\" content=\"2026-03-30T11:32:48+00:00\" \/>\n<meta name=\"twitter:card\" content=\"summary_large_image\" \/>\n<meta name=\"twitter:label1\" content=\"Est. reading time\" \/>\n\t<meta name=\"twitter:data1\" content=\"8 minutes\" \/>\n<script type=\"application\/ld+json\" class=\"yoast-schema-graph\">{\"@context\":\"https:\/\/schema.org\",\"@graph\":[{\"@type\":\"WebPage\",\"@id\":\"https:\/\/vannangvn.123websitedev.com\/san-pham\/may-do-mau-quang-pho-hunter-lab-model-agera-l2\/\",\"url\":\"https:\/\/vannangvn.123websitedev.com\/san-pham\/may-do-mau-quang-pho-hunter-lab-model-agera-l2\/\",\"name\":\"M\u00c1Y \u0110O M\u00c0U QUANG PH\u1ed4 HUNTER LAB MOD... ch\u00ednh h\u00e3ng | V\u1ea1n N\u0103ng\",\"isPartOf\":{\"@id\":\"https:\/\/vannangvn.123websitedev.com\/#website\"},\"datePublished\":\"2026-03-20T10:41:01+00:00\",\"dateModified\":\"2026-03-30T11:32:48+00:00\",\"description\":\"Mua ngay M\u00c1Y \u0110O M\u00c0U QUANG PH\u1ed4 HUNTER LAB MODEL AGERA L2 ch\u00ednh h\u00e3ng. M\u00e1y \u0110o M\u00e0u Quang Ph\u1ed5 Hunter Lab Model Agera L2 l\u00e0 thi\u1ebft b\u1ecb \u0111o... Gi\u00e1 t\u1ed1t!\",\"breadcrumb\":{\"@id\":\"https:\/\/vannangvn.123websitedev.com\/san-pham\/may-do-mau-quang-pho-hunter-lab-model-agera-l2\/#breadcrumb\"},\"inLanguage\":\"en-US\",\"potentialAction\":[{\"@type\":\"ReadAction\",\"target\":[\"https:\/\/vannangvn.123websitedev.com\/san-pham\/may-do-mau-quang-pho-hunter-lab-model-agera-l2\/\"]}]},{\"@type\":\"BreadcrumbList\",\"@id\":\"https:\/\/vannangvn.123websitedev.com\/san-pham\/may-do-mau-quang-pho-hunter-lab-model-agera-l2\/#breadcrumb\",\"itemListElement\":[{\"@type\":\"ListItem\",\"position\":1,\"name\":\"Trang ch\u1ee7\",\"item\":\"https:\/\/vannangvn.123websitedev.com\/\"},{\"@type\":\"ListItem\",\"position\":2,\"name\":\"S\u1ea3n ph\u1ea9m\",\"item\":\"https:\/\/vannangvn.123websitedev.com\/cua-hang\/\"},{\"@type\":\"ListItem\",\"position\":3,\"name\":\"M\u00c1Y \u0110O M\u00c0U QUANG PH\u1ed4 HUNTER LAB MODEL AGERA L2\"}]},{\"@type\":\"WebSite\",\"@id\":\"https:\/\/vannangvn.123websitedev.com\/#website\",\"url\":\"https:\/\/vannangvn.123websitedev.com\/\",\"name\":\"Vannang.vn\",\"description\":\"\",\"publisher\":{\"@id\":\"https:\/\/vannangvn.123websitedev.com\/#organization\"},\"potentialAction\":[{\"@type\":\"SearchAction\",\"target\":{\"@type\":\"EntryPoint\",\"urlTemplate\":\"https:\/\/vannangvn.123websitedev.com\/?s={search_term_string}\"},\"query-input\":{\"@type\":\"PropertyValueSpecification\",\"valueRequired\":true,\"valueName\":\"search_term_string\"}}],\"inLanguage\":\"en-US\"},{\"@type\":\"Organization\",\"@id\":\"https:\/\/vannangvn.123websitedev.com\/#organization\",\"name\":\"Vannang.vn\",\"url\":\"https:\/\/vannangvn.123websitedev.com\/\",\"logo\":{\"@type\":\"ImageObject\",\"inLanguage\":\"en-US\",\"@id\":\"https:\/\/vannangvn.123websitedev.com\/#\/schema\/logo\/image\/\",\"url\":\"https:\/\/vannangvn.123websitedev.com\/wp-content\/uploads\/2026\/02\/logo-van-nang-02.png\",\"contentUrl\":\"https:\/\/vannangvn.123websitedev.com\/wp-content\/uploads\/2026\/02\/logo-van-nang-02.png\",\"width\":448,\"height\":111,\"caption\":\"Vannang.vn\"},\"image\":{\"@id\":\"https:\/\/vannangvn.123websitedev.com\/#\/schema\/logo\/image\/\"}}]}<\/script>\n<!-- \/ Yoast SEO Premium plugin. -->","yoast_head_json":{"title":"M\u00c1Y \u0110O M\u00c0U QUANG PH\u1ed4 HUNTER LAB MOD... ch\u00ednh h\u00e3ng | V\u1ea1n N\u0103ng","description":"Mua ngay M\u00c1Y \u0110O M\u00c0U QUANG PH\u1ed4 HUNTER LAB MODEL AGERA L2 ch\u00ednh h\u00e3ng. M\u00e1y \u0110o M\u00e0u Quang Ph\u1ed5 Hunter Lab Model Agera L2 l\u00e0 thi\u1ebft b\u1ecb \u0111o... Gi\u00e1 t\u1ed1t!","robots":{"index":"noindex","follow":"follow","max-snippet":"max-snippet:-1","max-image-preview":"max-image-preview:large","max-video-preview":"max-video-preview:-1"},"og_locale":"en_US","og_type":"article","og_title":"M\u00c1Y \u0110O M\u00c0U QUANG PH\u1ed4 HUNTER LAB MODEL AGERA L2","og_description":"Mua ngay M\u00c1Y \u0110O M\u00c0U QUANG PH\u1ed4 HUNTER LAB MODEL AGERA L2 ch\u00ednh h\u00e3ng. M\u00e1y \u0110o M\u00e0u Quang Ph\u1ed5 Hunter Lab Model Agera L2 l\u00e0 thi\u1ebft b\u1ecb \u0111o... Gi\u00e1 t\u1ed1t!","og_url":"https:\/\/vannangvn.123websitedev.com\/en\/product\/may-do-mau-quang-pho-hunter-lab-model-agera-l2\/","og_site_name":"Vannang.vn","article_modified_time":"2026-03-30T11:32:48+00:00","twitter_card":"summary_large_image","twitter_misc":{"Est. reading time":"8 minutes"},"schema":{"@context":"https:\/\/schema.org","@graph":[{"@type":"WebPage","@id":"https:\/\/vannangvn.123websitedev.com\/san-pham\/may-do-mau-quang-pho-hunter-lab-model-agera-l2\/","url":"https:\/\/vannangvn.123websitedev.com\/san-pham\/may-do-mau-quang-pho-hunter-lab-model-agera-l2\/","name":"M\u00c1Y \u0110O M\u00c0U QUANG PH\u1ed4 HUNTER LAB MOD... ch\u00ednh h\u00e3ng | V\u1ea1n N\u0103ng","isPartOf":{"@id":"https:\/\/vannangvn.123websitedev.com\/#website"},"datePublished":"2026-03-20T10:41:01+00:00","dateModified":"2026-03-30T11:32:48+00:00","description":"Mua ngay M\u00c1Y \u0110O M\u00c0U QUANG PH\u1ed4 HUNTER LAB MODEL AGERA L2 ch\u00ednh h\u00e3ng. M\u00e1y \u0110o M\u00e0u Quang Ph\u1ed5 Hunter Lab Model Agera L2 l\u00e0 thi\u1ebft b\u1ecb \u0111o... Gi\u00e1 t\u1ed1t!","breadcrumb":{"@id":"https:\/\/vannangvn.123websitedev.com\/san-pham\/may-do-mau-quang-pho-hunter-lab-model-agera-l2\/#breadcrumb"},"inLanguage":"en-US","potentialAction":[{"@type":"ReadAction","target":["https:\/\/vannangvn.123websitedev.com\/san-pham\/may-do-mau-quang-pho-hunter-lab-model-agera-l2\/"]}]},{"@type":"BreadcrumbList","@id":"https:\/\/vannangvn.123websitedev.com\/san-pham\/may-do-mau-quang-pho-hunter-lab-model-agera-l2\/#breadcrumb","itemListElement":[{"@type":"ListItem","position":1,"name":"Trang ch\u1ee7","item":"https:\/\/vannangvn.123websitedev.com\/"},{"@type":"ListItem","position":2,"name":"S\u1ea3n ph\u1ea9m","item":"https:\/\/vannangvn.123websitedev.com\/cua-hang\/"},{"@type":"ListItem","position":3,"name":"M\u00c1Y \u0110O M\u00c0U QUANG PH\u1ed4 HUNTER LAB MODEL AGERA L2"}]},{"@type":"WebSite","@id":"https:\/\/vannangvn.123websitedev.com\/#website","url":"https:\/\/vannangvn.123websitedev.com\/","name":"Vannang.vn","description":"","publisher":{"@id":"https:\/\/vannangvn.123websitedev.com\/#organization"},"potentialAction":[{"@type":"SearchAction","target":{"@type":"EntryPoint","urlTemplate":"https:\/\/vannangvn.123websitedev.com\/?s={search_term_string}"},"query-input":{"@type":"PropertyValueSpecification","valueRequired":true,"valueName":"search_term_string"}}],"inLanguage":"en-US"},{"@type":"Organization","@id":"https:\/\/vannangvn.123websitedev.com\/#organization","name":"Vannang.vn","url":"https:\/\/vannangvn.123websitedev.com\/","logo":{"@type":"ImageObject","inLanguage":"en-US","@id":"https:\/\/vannangvn.123websitedev.com\/#\/schema\/logo\/image\/","url":"https:\/\/vannangvn.123websitedev.com\/wp-content\/uploads\/2026\/02\/logo-van-nang-02.png","contentUrl":"https:\/\/vannangvn.123websitedev.com\/wp-content\/uploads\/2026\/02\/logo-van-nang-02.png","width":448,"height":111,"caption":"Vannang.vn"},"image":{"@id":"https:\/\/vannangvn.123websitedev.com\/#\/schema\/logo\/image\/"}}]}},"_links":{"self":[{"href":"https:\/\/vannangvn.123websitedev.com\/en\/wp-json\/wp\/v2\/product\/6976","targetHints":{"allow":["GET"]}}],"collection":[{"href":"https:\/\/vannangvn.123websitedev.com\/en\/wp-json\/wp\/v2\/product"}],"about":[{"href":"https:\/\/vannangvn.123websitedev.com\/en\/wp-json\/wp\/v2\/types\/product"}],"replies":[{"embeddable":true,"href":"https:\/\/vannangvn.123websitedev.com\/en\/wp-json\/wp\/v2\/comments?post=6976"}],"wp:attachment":[{"href":"https:\/\/vannangvn.123websitedev.com\/en\/wp-json\/wp\/v2\/media?parent=6976"}],"wp:term":[{"taxonomy":"product_brand","embeddable":true,"href":"https:\/\/vannangvn.123websitedev.com\/en\/wp-json\/wp\/v2\/product_brand?post=6976"},{"taxonomy":"product_cat","embeddable":true,"href":"https:\/\/vannangvn.123websitedev.com\/en\/wp-json\/wp\/v2\/product_cat?post=6976"},{"taxonomy":"product_tag","embeddable":true,"href":"https:\/\/vannangvn.123websitedev.com\/en\/wp-json\/wp\/v2\/product_tag?post=6976"}],"curies":[{"name":"wp","href":"https:\/\/api.w.org\/{rel}","templated":true}]}}