{"id":7008,"date":"2026-03-20T17:41:49","date_gmt":"2026-03-20T10:41:49","guid":{"rendered":"https:\/\/vannangvn.123websitedev.com\/san-pham\/may-do-nhieu-xa-tia-x-da-nang-tu-dong-anton-paar-model-xrdynamic-500\/"},"modified":"2026-03-30T18:33:33","modified_gmt":"2026-03-30T11:33:33","slug":"may-do-nhieu-xa-tia-x-da-nang-tu-dong-anton-paar-model-xrdynamic-500","status":"publish","type":"product","link":"https:\/\/vannangvn.123websitedev.com\/en\/product\/may-do-nhieu-xa-tia-x-da-nang-tu-dong-anton-paar-model-xrdynamic-500\/","title":{"rendered":"M\u00c1Y \u0110O NHI\u1ec4U X\u1ea0 TIA X \u0110A N\u0102NG T\u1ef0 \u0110\u1ed8NG ANTON PAAR MODEL XRDYNAMIC 500"},"content":{"rendered":"<h1 style=\"color: red; font-weight: bold; font-size: 24px;\">T&#7893;ng quan s&#7843;n ph&#7849;m M&Aacute;Y &#272;O NHI&#7876;U X&#7840; TIA X &#272;A N&#258;NG T&#7920; &#272;&#7896;NG ANTON PAAR MODEL XRDYNAMIC 500<p>M&aacute;y &#272;o Nhi&#7877;u X&#7841; Tia X &#272;a N&#259;ng T&#7921; &#272;&#7897;ng (Automated Multipurpose Powder X-Ray Diffractometer) Anton Paar Model XRDynamic 500<br>\nTrong l&#297;nh v&#7921;c nghi&ecirc;n c&#7913;u v&agrave; ph&acirc;n t&iacute;ch v&#7853;t li&#7879;u, c&ocirc;ng ngh&#7879; nhi&#7877;u x&#7841; tia X (XRD) &#273;&oacute;ng vai tr&ograve; quan tr&#7885;ng trong vi&#7879;c x&aacute;c &#273;&#7883;nh c&#7845;u tr&uacute;c tinh th&#7875;, k&iacute;ch th&#432;&#7899;c h&#7841;t, v&agrave; nhi&#7873;u &#273;&#7863;c t&iacute;nh v&#7853;t l&yacute; quan tr&#7885;ng kh&aacute;c c&#7911;a m&#7851;u. M&aacute;y &#272;o Nhi&#7877;u X&#7841; Tia X XRDynamic 500 l&agrave; thi&#7871;t b&#7883; ti&ecirc;n ti&#7871;n, cung c&#7845;p ch&#7845;t l&#432;&#7907;ng d&#7919; li&#7879;u v&#432;&#7907;t tr&#7897;i v&#7899;i hi&#7879;u su&#7845;t t&#7889;i &#273;a. S&#7843;n ph&#7849;m kh&ocirc;ng ch&#7881; &#273;&aacute;p &#7913;ng nhu c&#7847;u ph&acirc;n t&iacute;ch chuy&ecirc;n s&acirc;u m&agrave; c&ograve;n t&#7889;i &#432;u h&oacute;a quy tr&igrave;nh l&agrave;m vi&#7879;c, gi&uacute;p ti&#7871;t ki&#7879;m th&#7901;i gian v&agrave; gi&#7843;m thi&#7875;u sai s&oacute;t. H&atilde;y c&ugrave;ng V&#7841;n N&#259;ng t&igrave;m hi&#7875;u chi ti&#7871;t h&#417;n v&#7873; s&#7843;n ph&#7849;m th&ocirc;ng qua b&agrave;i vi&#7871;t nh&eacute;!<\/p><p>Xem th&ecirc;m: M&aacute;y D&ograve; XRD (XRD Detection Units) Anton Paar Model Pixos 2000<\/p><p>Nh&#7919;ng N&eacute;t &#272;&#7863;c Tr&#432;ng C&#7911;a XRDynamic 500<br>\nC&ocirc;ng Ngh&#7879; TruBeam&trade;<br>\nXRDynamic 500 &#273;&#432;&#7907;c trang b&#7883; c&ocirc;ng ngh&#7879; TruBeam&trade;, m&#7897;t gi&#7843;i ph&aacute;p ti&ecirc;n ti&#7871;n k&#7871;t h&#7907;p:<\/p><p>B&aacute;n k&iacute;nh goniometer l&#7899;n, gi&uacute;p t&#259;ng &#273;&#7897; ch&iacute;nh x&aacute;c v&agrave; &#273;&#7897; ph&acirc;n gi&#7843;i khi &#273;o.<br>\n&#272;&#432;&#7901;ng ch&ugrave;m tia s&#417; t&aacute;n gi&uacute;p gi&#7843;m t&aacute;n x&#7841; kh&ocirc;ng mong mu&#7889;n, t&#259;ng t&#7927; l&#7879; t&iacute;n hi&#7879;u tr&ecirc;n nhi&#7877;u.<br>\nT&#7921; &#273;&#7897;ng thay &#273;&#7893;i h&igrave;nh h&#7885;c tia X &#273;&#7875; t&#7889;i &#432;u h&oacute;a c&#7845;u h&igrave;nh &#273;o m&agrave; kh&ocirc;ng c&#7847;n s&#7921; can thi&#7879;p c&#7911;a ng&#432;&#7901;i d&ugrave;ng.<\/p><p>Nh&#7901; v&agrave;o c&aacute;c t&iacute;nh n&#259;ng n&agrave;y, m&aacute;y c&oacute; th&#7875; &#273;&#7841;t &#273;&#7897; ph&acirc;n gi&#7843;i t&#7889;t nh&#7845;t trong ng&agrave;nh v&#7899;i FWHM 0903 991 335!<\/p><div style=\"background-color: #f8fafc; border: 1px solid #e2e8f0; border-radius: 8px; padding: 25px; max-width: 800px; margin: 30px auto; color: #334155; line-height: 1.8; font-size: 17px; box-shadow: 0 4px 6px -1px rgba(0,0,0,0.05); text-align: left; clear: both;\">\nC&ocirc;ng ty TNHH Th&#432;&#417;ng M&#7841;i D&#7883;ch V&#7909; Thi&#7871;t B&#7883; C&ocirc;ng Ngh&#7879; V&#7841;n N&#259;ng\n<p style=\"margin: 0 0 10px 0;\">&#128205; <strong style=\"color: #1e293b;\">&#272;&#7883;a ch&#7881;:<\/strong> <a style=\"color: #059669; text-decoration: none; font-weight: bold;\" href=\"https:\/\/www.google.com\/maps\/search\/C%C3%B4ng+ty+TNHH+Th%C6%B0%C6%A1ng+M%E1%BA%A1i+D%E1%BB%8Bch+V%E1%BB%A5+Thi%E1%BA%BFt+B%E1%BB%8B+C%C3%B4ng+Ngh%E1%BB%87+V%E1%BA%A1n+N%C4%83ng+818+Tr%C6%B0%E1%BB%9Dng+Chinh\" target=\"_blank\" rel=\"noopener\">818 Tr&#432;&#7901;ng Chinh, Ph&#432;&#7901;ng T&acirc;n S&#417;n, Th&agrave;nh ph&#7889; H&#7891; Ch&iacute; Minh, Vi&#7879;t Nam<\/a><\/p>\n<p style=\"margin: 0 0 10px 0;\">&#128222; <strong style=\"color: #1e293b;\">S&#272;T &ndash; Zalo:<\/strong> <a style=\"color: #059669; text-decoration: none; font-weight: bold;\" href=\"https:\/\/zalo.me\/0903991335\" target=\"_blank\" rel=\"noopener\">0903 991 335<\/a> <span style=\"color: #64748b; font-style: italic;\">(Ms. H&#7841;nh &ndash; Gi&aacute;m &#272;&#7889;c Kinh Doanh)<\/span><\/p>\n<p style=\"margin: 0;\">&#9993;&#65039; <strong style=\"color: #1e293b;\">Email:<\/strong> <a style=\"color: #059669; text-decoration: none; font-weight: bold;\" href=\"mailto:hienhanh@vannangvn.com\">hienhanh@vannangvn.com<\/a><\/p>\n<\/div><\/h1>","protected":false},"excerpt":{"rendered":"<p><strong>Th&#432;&#417;ng hi&#7879;u:<\/strong> XRDynamic 500 l&agrave; s&#7843;n ph&#7849;m ti&ecirc;n ti&#7871;n &#273;&#432;&#7907;c trang b&#7883; c&aacute;c c&ocirc;ng ngh&#7879; hi&#7879;n &#273;&#7841;i nh&#7845;t, cho ph&eacute;p th&#7921;c hi&#7879;n c&aacute;c ph&eacute;p &#273;o nhi&#7877;u x&#7841; tia X tr&ecirc;n m&#7851;u b&#7897;t v&#7899;i &#273;&#7897; ch&iacute;nh x&aacute;c v&agrave; &#273;&#7897; tin c&#7853;y cao &#273;&#7871;n t&#7915; th&#432;&#417;ng hi&#7879;u Anton Paar. V&#7899;i thi&#7871;t k&#7871; nh&#7887; g&#7885;n v&agrave; giao di&#7879;n ng&#432;&#7901;i d&ugrave;ng th&acirc;n thi&#7879;n, XRDynamic 500 d&#7877; d&agrave;ng t&iacute;ch h&#7907;p v&agrave;o b&#7845;t k&#7923; m&ocirc;i tr&#432;&#7901;ng ph&ograve;ng th&iacute; nghi&#7879;m n&agrave;o.<br>\n<strong>Model:<\/strong> XRDynamic 500<p>Product <strong>M&Aacute;Y &#272;O NHI&#7876;U X&#7840; TIA X &#272;A N&#258;NG T&#7920; &#272;&#7896;NG ANTON PAAR MODEL XRDYNAMIC 500<\/strong> ch&iacute;nh h&atilde;ng. XRDynamic 500 l&agrave; s&#7843;n ph&#7849;m ti&ecirc;n ti&#7871;n &#273;&#432;&#7907;c trang b&#7883; c&aacute;c c&ocirc;ng ngh&#7879; hi&#7879;n &#273;&#7841;i nh&#7845;t, cho ph&eacute;p th&#7921;c hi&#7879;n c&aacute;c ph&eacute;p &#273;o nhi&#7877;u x&#7841; tia X tr&ecirc;n m&#7851;u b&#7897;t v&#7899;i &#273;&#7897; ch&iacute;nh x&aacute;c v&agrave; &#273;&#7897; tin c&#7853;y cao &#273;&#7871;n t&#7915; th&#432;&#417;ng hi&#7879;u Anton Paar. V&#7899;i thi&#7871;t k&#7871; nh&#7887; g&#7885;n v&agrave; giao di&#7879;n ng&#432;&#7901;i d&ugrave;ng th&acirc;n thi&#7879;n, XRDynamic 500 d&#7877; d&agrave;ng t&iacute;ch h&#7907;p v&agrave;o b&#7845;t k&#7923; m&ocirc;i tr&#432;&#7901;ng ph&ograve;ng th&iacute; nghi&#7879;m n&agrave;o.<\/p><\/p>","protected":false},"featured_media":9076,"comment_status":"open","ping_status":"closed","template":"","meta":[],"product_brand":[],"product_cat":[18],"product_tag":[2151,109,116,162,163,181,222,223,464,465,543,1145,1475,1758,1776],"class_list":{"0":"post-7008","1":"product","2":"type-product","3":"status-publish","4":"has-post-thumbnail","6":"product_cat-chua-phan-loai","7":"product_tag-xrdynamic","8":"product_tag-may","9":"product_tag-model","10":"product_tag-tu","11":"product_tag-dong","12":"product_tag-do","13":"product_tag-da","14":"product_tag-nang","15":"product_tag-anton","16":"product_tag-paar","17":"product_tag-tia","18":"product_tag-xa","19":"product_tag-1475","20":"product_tag-x","21":"product_tag-nhieu","23":"first","24":"instock","25":"shipping-taxable","26":"product-type-simple"},"yoast_head":"<!-- This site is optimized with the Yoast SEO Premium plugin v24.8 (Yoast SEO v24.8) - https:\/\/yoast.com\/wordpress\/plugins\/seo\/ -->\n<title>M\u00c1Y \u0110O NHI\u1ec4U X\u1ea0 TIA X \u0110A N\u0102NG T\u1ef0 \u0110\u1ed8... ch\u00ednh h\u00e3ng | V\u1ea1n N\u0103ng<\/title>\n<meta name=\"description\" content=\"Mua ngay M\u00c1Y \u0110O NHI\u1ec4U X\u1ea0 TIA X \u0110A N\u0102NG T\u1ef0 \u0110\u1ed8NG ANTON PAAR MODEL XRDYNAMIC 500 ch\u00ednh h\u00e3ng. Gi\u00e1 t\u1ed1t!\" \/>\n<meta name=\"robots\" content=\"noindex, follow, max-snippet:-1, max-image-preview:large, max-video-preview:-1\" \/>\n<meta property=\"og:locale\" content=\"en_US\" \/>\n<meta property=\"og:type\" content=\"article\" \/>\n<meta property=\"og:title\" content=\"M\u00c1Y \u0110O NHI\u1ec4U X\u1ea0 TIA X \u0110A N\u0102NG T\u1ef0 \u0110\u1ed8NG ANTON PAAR MODEL XRDYNAMIC 500\" \/>\n<meta property=\"og:description\" content=\"Mua ngay M\u00c1Y \u0110O NHI\u1ec4U X\u1ea0 TIA X \u0110A N\u0102NG T\u1ef0 \u0110\u1ed8NG ANTON PAAR MODEL XRDYNAMIC 500 ch\u00ednh h\u00e3ng. Gi\u00e1 t\u1ed1t!\" \/>\n<meta property=\"og:url\" content=\"https:\/\/vannangvn.123websitedev.com\/en\/product\/may-do-nhieu-xa-tia-x-da-nang-tu-dong-anton-paar-model-xrdynamic-500\/\" \/>\n<meta property=\"og:site_name\" content=\"Vannang.vn\" \/>\n<meta property=\"article:modified_time\" content=\"2026-03-30T11:33:33+00:00\" \/>\n<meta property=\"og:image\" content=\"http:\/\/vannangvn.123websitedev.com\/wp-content\/uploads\/2026\/03\/XRDynamic-500-Anton-Paar-no.1-copy.jpg\" \/>\n\t<meta property=\"og:image:width\" content=\"768\" \/>\n\t<meta property=\"og:image:height\" content=\"576\" \/>\n\t<meta property=\"og:image:type\" content=\"image\/jpeg\" \/>\n<meta name=\"twitter:card\" content=\"summary_large_image\" \/>\n<meta name=\"twitter:label1\" content=\"Est. reading time\" \/>\n\t<meta name=\"twitter:data1\" content=\"11 minutes\" \/>\n<script type=\"application\/ld+json\" class=\"yoast-schema-graph\">{\"@context\":\"https:\/\/schema.org\",\"@graph\":[{\"@type\":\"WebPage\",\"@id\":\"https:\/\/vannangvn.123websitedev.com\/san-pham\/may-do-nhieu-xa-tia-x-da-nang-tu-dong-anton-paar-model-xrdynamic-500\/\",\"url\":\"https:\/\/vannangvn.123websitedev.com\/san-pham\/may-do-nhieu-xa-tia-x-da-nang-tu-dong-anton-paar-model-xrdynamic-500\/\",\"name\":\"M\u00c1Y \u0110O NHI\u1ec4U X\u1ea0 TIA X \u0110A N\u0102NG T\u1ef0 \u0110\u1ed8... ch\u00ednh h\u00e3ng | V\u1ea1n N\u0103ng\",\"isPartOf\":{\"@id\":\"https:\/\/vannangvn.123websitedev.com\/#website\"},\"primaryImageOfPage\":{\"@id\":\"https:\/\/vannangvn.123websitedev.com\/san-pham\/may-do-nhieu-xa-tia-x-da-nang-tu-dong-anton-paar-model-xrdynamic-500\/#primaryimage\"},\"image\":{\"@id\":\"https:\/\/vannangvn.123websitedev.com\/san-pham\/may-do-nhieu-xa-tia-x-da-nang-tu-dong-anton-paar-model-xrdynamic-500\/#primaryimage\"},\"thumbnailUrl\":\"https:\/\/vannangvn.123websitedev.com\/wp-content\/uploads\/2026\/03\/XRDynamic-500-Anton-Paar-no.1-copy.jpg\",\"datePublished\":\"2026-03-20T10:41:49+00:00\",\"dateModified\":\"2026-03-30T11:33:33+00:00\",\"description\":\"Mua ngay M\u00c1Y \u0110O NHI\u1ec4U X\u1ea0 TIA X \u0110A N\u0102NG T\u1ef0 \u0110\u1ed8NG ANTON PAAR MODEL XRDYNAMIC 500 ch\u00ednh h\u00e3ng. Gi\u00e1 t\u1ed1t!\",\"breadcrumb\":{\"@id\":\"https:\/\/vannangvn.123websitedev.com\/san-pham\/may-do-nhieu-xa-tia-x-da-nang-tu-dong-anton-paar-model-xrdynamic-500\/#breadcrumb\"},\"inLanguage\":\"en-US\",\"potentialAction\":[{\"@type\":\"ReadAction\",\"target\":[\"https:\/\/vannangvn.123websitedev.com\/san-pham\/may-do-nhieu-xa-tia-x-da-nang-tu-dong-anton-paar-model-xrdynamic-500\/\"]}]},{\"@type\":\"ImageObject\",\"inLanguage\":\"en-US\",\"@id\":\"https:\/\/vannangvn.123websitedev.com\/san-pham\/may-do-nhieu-xa-tia-x-da-nang-tu-dong-anton-paar-model-xrdynamic-500\/#primaryimage\",\"url\":\"https:\/\/vannangvn.123websitedev.com\/wp-content\/uploads\/2026\/03\/XRDynamic-500-Anton-Paar-no.1-copy.jpg\",\"contentUrl\":\"https:\/\/vannangvn.123websitedev.com\/wp-content\/uploads\/2026\/03\/XRDynamic-500-Anton-Paar-no.1-copy.jpg\",\"width\":768,\"height\":576},{\"@type\":\"BreadcrumbList\",\"@id\":\"https:\/\/vannangvn.123websitedev.com\/san-pham\/may-do-nhieu-xa-tia-x-da-nang-tu-dong-anton-paar-model-xrdynamic-500\/#breadcrumb\",\"itemListElement\":[{\"@type\":\"ListItem\",\"position\":1,\"name\":\"Trang ch\u1ee7\",\"item\":\"https:\/\/vannangvn.123websitedev.com\/\"},{\"@type\":\"ListItem\",\"position\":2,\"name\":\"S\u1ea3n ph\u1ea9m\",\"item\":\"https:\/\/vannangvn.123websitedev.com\/cua-hang\/\"},{\"@type\":\"ListItem\",\"position\":3,\"name\":\"M\u00c1Y \u0110O NHI\u1ec4U X\u1ea0 TIA X \u0110A N\u0102NG T\u1ef0 \u0110\u1ed8NG ANTON PAAR MODEL XRDYNAMIC 500\"}]},{\"@type\":\"WebSite\",\"@id\":\"https:\/\/vannangvn.123websitedev.com\/#website\",\"url\":\"https:\/\/vannangvn.123websitedev.com\/\",\"name\":\"Vannang.vn\",\"description\":\"\",\"publisher\":{\"@id\":\"https:\/\/vannangvn.123websitedev.com\/#organization\"},\"potentialAction\":[{\"@type\":\"SearchAction\",\"target\":{\"@type\":\"EntryPoint\",\"urlTemplate\":\"https:\/\/vannangvn.123websitedev.com\/?s={search_term_string}\"},\"query-input\":{\"@type\":\"PropertyValueSpecification\",\"valueRequired\":true,\"valueName\":\"search_term_string\"}}],\"inLanguage\":\"en-US\"},{\"@type\":\"Organization\",\"@id\":\"https:\/\/vannangvn.123websitedev.com\/#organization\",\"name\":\"Vannang.vn\",\"url\":\"https:\/\/vannangvn.123websitedev.com\/\",\"logo\":{\"@type\":\"ImageObject\",\"inLanguage\":\"en-US\",\"@id\":\"https:\/\/vannangvn.123websitedev.com\/#\/schema\/logo\/image\/\",\"url\":\"https:\/\/vannangvn.123websitedev.com\/wp-content\/uploads\/2026\/02\/logo-van-nang-02.png\",\"contentUrl\":\"https:\/\/vannangvn.123websitedev.com\/wp-content\/uploads\/2026\/02\/logo-van-nang-02.png\",\"width\":448,\"height\":111,\"caption\":\"Vannang.vn\"},\"image\":{\"@id\":\"https:\/\/vannangvn.123websitedev.com\/#\/schema\/logo\/image\/\"}}]}<\/script>\n<!-- \/ Yoast SEO Premium plugin. -->","yoast_head_json":{"title":"M\u00c1Y \u0110O NHI\u1ec4U X\u1ea0 TIA X \u0110A N\u0102NG T\u1ef0 \u0110\u1ed8... ch\u00ednh h\u00e3ng | V\u1ea1n N\u0103ng","description":"Mua ngay M\u00c1Y \u0110O NHI\u1ec4U X\u1ea0 TIA X \u0110A N\u0102NG T\u1ef0 \u0110\u1ed8NG ANTON PAAR MODEL XRDYNAMIC 500 ch\u00ednh h\u00e3ng. Gi\u00e1 t\u1ed1t!","robots":{"index":"noindex","follow":"follow","max-snippet":"max-snippet:-1","max-image-preview":"max-image-preview:large","max-video-preview":"max-video-preview:-1"},"og_locale":"en_US","og_type":"article","og_title":"M\u00c1Y \u0110O NHI\u1ec4U X\u1ea0 TIA X \u0110A N\u0102NG T\u1ef0 \u0110\u1ed8NG ANTON PAAR MODEL XRDYNAMIC 500","og_description":"Mua ngay M\u00c1Y \u0110O NHI\u1ec4U X\u1ea0 TIA X \u0110A N\u0102NG T\u1ef0 \u0110\u1ed8NG ANTON PAAR MODEL XRDYNAMIC 500 ch\u00ednh h\u00e3ng. Gi\u00e1 t\u1ed1t!","og_url":"https:\/\/vannangvn.123websitedev.com\/en\/product\/may-do-nhieu-xa-tia-x-da-nang-tu-dong-anton-paar-model-xrdynamic-500\/","og_site_name":"Vannang.vn","article_modified_time":"2026-03-30T11:33:33+00:00","og_image":[{"width":768,"height":576,"url":"http:\/\/vannangvn.123websitedev.com\/wp-content\/uploads\/2026\/03\/XRDynamic-500-Anton-Paar-no.1-copy.jpg","type":"image\/jpeg"}],"twitter_card":"summary_large_image","twitter_misc":{"Est. reading time":"11 minutes"},"schema":{"@context":"https:\/\/schema.org","@graph":[{"@type":"WebPage","@id":"https:\/\/vannangvn.123websitedev.com\/san-pham\/may-do-nhieu-xa-tia-x-da-nang-tu-dong-anton-paar-model-xrdynamic-500\/","url":"https:\/\/vannangvn.123websitedev.com\/san-pham\/may-do-nhieu-xa-tia-x-da-nang-tu-dong-anton-paar-model-xrdynamic-500\/","name":"M\u00c1Y \u0110O NHI\u1ec4U X\u1ea0 TIA X \u0110A N\u0102NG T\u1ef0 \u0110\u1ed8... ch\u00ednh h\u00e3ng | V\u1ea1n N\u0103ng","isPartOf":{"@id":"https:\/\/vannangvn.123websitedev.com\/#website"},"primaryImageOfPage":{"@id":"https:\/\/vannangvn.123websitedev.com\/san-pham\/may-do-nhieu-xa-tia-x-da-nang-tu-dong-anton-paar-model-xrdynamic-500\/#primaryimage"},"image":{"@id":"https:\/\/vannangvn.123websitedev.com\/san-pham\/may-do-nhieu-xa-tia-x-da-nang-tu-dong-anton-paar-model-xrdynamic-500\/#primaryimage"},"thumbnailUrl":"https:\/\/vannangvn.123websitedev.com\/wp-content\/uploads\/2026\/03\/XRDynamic-500-Anton-Paar-no.1-copy.jpg","datePublished":"2026-03-20T10:41:49+00:00","dateModified":"2026-03-30T11:33:33+00:00","description":"Mua ngay M\u00c1Y \u0110O NHI\u1ec4U X\u1ea0 TIA X \u0110A N\u0102NG T\u1ef0 \u0110\u1ed8NG ANTON PAAR MODEL XRDYNAMIC 500 ch\u00ednh h\u00e3ng. Gi\u00e1 t\u1ed1t!","breadcrumb":{"@id":"https:\/\/vannangvn.123websitedev.com\/san-pham\/may-do-nhieu-xa-tia-x-da-nang-tu-dong-anton-paar-model-xrdynamic-500\/#breadcrumb"},"inLanguage":"en-US","potentialAction":[{"@type":"ReadAction","target":["https:\/\/vannangvn.123websitedev.com\/san-pham\/may-do-nhieu-xa-tia-x-da-nang-tu-dong-anton-paar-model-xrdynamic-500\/"]}]},{"@type":"ImageObject","inLanguage":"en-US","@id":"https:\/\/vannangvn.123websitedev.com\/san-pham\/may-do-nhieu-xa-tia-x-da-nang-tu-dong-anton-paar-model-xrdynamic-500\/#primaryimage","url":"https:\/\/vannangvn.123websitedev.com\/wp-content\/uploads\/2026\/03\/XRDynamic-500-Anton-Paar-no.1-copy.jpg","contentUrl":"https:\/\/vannangvn.123websitedev.com\/wp-content\/uploads\/2026\/03\/XRDynamic-500-Anton-Paar-no.1-copy.jpg","width":768,"height":576},{"@type":"BreadcrumbList","@id":"https:\/\/vannangvn.123websitedev.com\/san-pham\/may-do-nhieu-xa-tia-x-da-nang-tu-dong-anton-paar-model-xrdynamic-500\/#breadcrumb","itemListElement":[{"@type":"ListItem","position":1,"name":"Trang ch\u1ee7","item":"https:\/\/vannangvn.123websitedev.com\/"},{"@type":"ListItem","position":2,"name":"S\u1ea3n ph\u1ea9m","item":"https:\/\/vannangvn.123websitedev.com\/cua-hang\/"},{"@type":"ListItem","position":3,"name":"M\u00c1Y \u0110O NHI\u1ec4U X\u1ea0 TIA X \u0110A N\u0102NG T\u1ef0 \u0110\u1ed8NG ANTON PAAR MODEL XRDYNAMIC 500"}]},{"@type":"WebSite","@id":"https:\/\/vannangvn.123websitedev.com\/#website","url":"https:\/\/vannangvn.123websitedev.com\/","name":"Vannang.vn","description":"","publisher":{"@id":"https:\/\/vannangvn.123websitedev.com\/#organization"},"potentialAction":[{"@type":"SearchAction","target":{"@type":"EntryPoint","urlTemplate":"https:\/\/vannangvn.123websitedev.com\/?s={search_term_string}"},"query-input":{"@type":"PropertyValueSpecification","valueRequired":true,"valueName":"search_term_string"}}],"inLanguage":"en-US"},{"@type":"Organization","@id":"https:\/\/vannangvn.123websitedev.com\/#organization","name":"Vannang.vn","url":"https:\/\/vannangvn.123websitedev.com\/","logo":{"@type":"ImageObject","inLanguage":"en-US","@id":"https:\/\/vannangvn.123websitedev.com\/#\/schema\/logo\/image\/","url":"https:\/\/vannangvn.123websitedev.com\/wp-content\/uploads\/2026\/02\/logo-van-nang-02.png","contentUrl":"https:\/\/vannangvn.123websitedev.com\/wp-content\/uploads\/2026\/02\/logo-van-nang-02.png","width":448,"height":111,"caption":"Vannang.vn"},"image":{"@id":"https:\/\/vannangvn.123websitedev.com\/#\/schema\/logo\/image\/"}}]}},"_links":{"self":[{"href":"https:\/\/vannangvn.123websitedev.com\/en\/wp-json\/wp\/v2\/product\/7008","targetHints":{"allow":["GET"]}}],"collection":[{"href":"https:\/\/vannangvn.123websitedev.com\/en\/wp-json\/wp\/v2\/product"}],"about":[{"href":"https:\/\/vannangvn.123websitedev.com\/en\/wp-json\/wp\/v2\/types\/product"}],"replies":[{"embeddable":true,"href":"https:\/\/vannangvn.123websitedev.com\/en\/wp-json\/wp\/v2\/comments?post=7008"}],"wp:featuredmedia":[{"embeddable":true,"href":"https:\/\/vannangvn.123websitedev.com\/en\/wp-json\/wp\/v2\/media\/9076"}],"wp:attachment":[{"href":"https:\/\/vannangvn.123websitedev.com\/en\/wp-json\/wp\/v2\/media?parent=7008"}],"wp:term":[{"taxonomy":"product_brand","embeddable":true,"href":"https:\/\/vannangvn.123websitedev.com\/en\/wp-json\/wp\/v2\/product_brand?post=7008"},{"taxonomy":"product_cat","embeddable":true,"href":"https:\/\/vannangvn.123websitedev.com\/en\/wp-json\/wp\/v2\/product_cat?post=7008"},{"taxonomy":"product_tag","embeddable":true,"href":"https:\/\/vannangvn.123websitedev.com\/en\/wp-json\/wp\/v2\/product_tag?post=7008"}],"curies":[{"name":"wp","href":"https:\/\/api.w.org\/{rel}","templated":true}]}}