{"id":7032,"date":"2026-03-20T17:42:26","date_gmt":"2026-03-20T10:42:26","guid":{"rendered":"https:\/\/vannangvn.123websitedev.com\/san-pham\/may-do-phan-tich-sac-ky-long-thermofisher-model-ultimate-3000-vwd\/"},"modified":"2026-03-30T18:34:05","modified_gmt":"2026-03-30T11:34:05","slug":"may-do-phan-tich-sac-ky-long-thermofisher-model-ultimate-3000-vwd","status":"publish","type":"product","link":"https:\/\/vannangvn.123websitedev.com\/en\/product\/may-do-phan-tich-sac-ky-long-thermofisher-model-ultimate-3000-vwd\/","title":{"rendered":"M\u00c1Y \u0110O PH\u00c2N T\u00cdCH S\u1eaeC K\u00dd L\u1eceNG THERMOFISHER MODEL ULTIMATE 3000 VWD"},"content":{"rendered":"<h1 style=\"color: red; font-weight: bold; font-size: 24px;\">T&#7893;ng quan s&#7843;n ph&#7849;m M&Aacute;Y &#272;O PH&Acirc;N T&Iacute;CH S&#7854;C K&Yacute; L&#7886;NG THERMOFISHER MODEL ULTIMATE 3000 VWD<p>M&aacute;y &#272;o Ph&acirc;n T&iacute;ch S&#7855;c K&yacute; L&#7887;ng (Variable Wavelength Detectors) ThermoFisher Model UltiMate 3000 VWD<br>\nS&#7855;c K&yacute; L&#7887;ng Hi&#7879;u N&#259;ng Cao (HPLC) l&agrave; m&#7897;t ph&#432;&#417;ng ph&aacute;p ph&acirc;n t&iacute;ch ph&#7893; bi&#7871;n trong c&aacute;c l&#297;nh v&#7921;c d&#432;&#7907;c ph&#7849;m, th&#7921;c ph&#7849;m, h&oacute;a h&#7885;c v&agrave; m&ocirc;i tr&#432;&#7901;ng. &#272;&#7875; &#273;&#7843;m b&#7843;o k&#7871;t qu&#7843; ph&acirc;n t&iacute;ch ch&iacute;nh x&aacute;c, h&#7879; th&#7889;ng HPLC c&#7847;n m&#7897;t M&aacute;y &#272;o Ph&acirc;n T&iacute;ch S&#7855;c K&yacute; L&#7887;ng (Variable Wavelength Detector &ndash; VWD) c&oacute; &#273;&#7897; nh&#7841;y cao v&agrave; kh&#7843; n&#259;ng &#273;o l&#432;&#7901;ng ch&iacute;nh x&aacute;c. H&atilde;y c&ugrave;ng V&#7841;n N&#259;ng t&igrave;m hi&#7875;u chi ti&#7871;t h&#417;n v&#7873; s&#7843;n ph&#7849;m th&ocirc;ng qua b&agrave;i vi&#7871;t d&#432;&#7899;i &#273;&acirc;y nh&eacute;!<\/p><p>Xem th&ecirc;m: Thi&#7871;t B&#7883; Ki&#7875;m Tra &#272;&#7897; L&atilde;o Ho&aacute; (Accelerated Weathering Tester) Q-LAB Model QUV<\/p><p>N&eacute;t &#272;&#7863;c Tr&#432;ng C&#7911;a UltiMate 3000 VWD<br>\nC&ocirc;ng ngh&#7879; quang h&#7885;c hi&#7879;n &#273;&#7841;i<\/p><p>H&#7879; th&#7889;ng quang h&#7885;c hai ch&ugrave;m tia gi&uacute;p hi&#7879;u ch&#7881;nh t&iacute;n hi&#7879;u, &#273;&#7843;m b&#7843;o &#273;&#7897; ch&iacute;nh x&aacute;c cao h&#417;n so v&#7899;i c&aacute;c d&ograve;ng m&aacute;y d&ograve; th&ocirc;ng th&#432;&#7901;ng.<br>\nD&#7843;i b&#432;&#7899;c s&oacute;ng r&#7897;ng t&#7915; 190 &ndash; 900 nm, cho ph&eacute;p &#273;o nhi&#7873;u lo&#7841;i h&#7907;p ch&#7845;t kh&aacute;c nhau.<br>\nB&#7897; l&#7885;c quang h&#7885;c b&#7853;c cao gi&uacute;p gi&#7843;m nhi&#7877;u t&iacute;n hi&#7879;u, n&acirc;ng cao &#273;&#7897; ch&iacute;nh x&aacute;c.<\/p><p>H&#7879; th&#7889;ng &#273;&egrave;n &#273;o l&#432;&#7901;ng<\/p><p>&#272;&egrave;n Deuterium (D2): D&ugrave;ng cho v&ugrave;ng UV ( 345 nm).<br>\nC&#7843;m bi&#7871;n theo d&otilde;i tu&#7893;i th&#7885; &#273;&egrave;n, gi&uacute;p ph&aacute;t hi&#7879;n khi c&#7847;n thay th&#7871; &#273;&#7875; &#273;&#7843;m b&#7843;o hi&#7879;u su&#7845;t &#7893;n &#273;&#7883;nh.<\/p><p>L&#7921;a ch&#7885;n nhi&#7873;u lo&#7841;i &ocirc; t&#7871; b&agrave;o d&ograve; t&iacute;n hi&#7879;u (Flow Cell)<br>\nM&aacute;y Ph&acirc;n T&iacute;ch S&#7855;c K&yacute; L&#7887;ng UltiMate 3000 VWD h&#7895; tr&#7907; nhi&#7873;u lo&#7841;i &ocirc; t&#7871; b&agrave;o &#273;o l&#432;&#7901;ng v&#7899;i dung t&iacute;ch kh&aacute;c nhau:<\/p><p>Nano &amp; Capillary (3 &ndash; 45 nL): D&agrave;nh cho ph&acirc;n t&iacute;ch m&#7851;u nh&#7887;.<br>\nSemi-micro (2.5 &micro;L): Ph&ugrave; h&#7907;p v&#7899;i c&aacute;c &#7913;ng d&#7909;ng y&ecirc;u c&#7847;u &#273;&#7897; nh&#7841;y cao.<br>\nAnalytical (11 &micro;L): D&agrave;nh cho c&aacute;c &#7913;ng d&#7909;ng ph&#7893; bi&#7871;n trong HPLC.<br>\nSemi-preparative (0.7 &micro;L): Th&iacute;ch h&#7907;p v&#7899;i ph&acirc;n t&iacute;ch quy m&ocirc; l&#7899;n.<\/p><p>&#272;i&#7873;u khi&#7875;n linh ho&#7841;t &amp; giao di&#7879;n th&ocirc;ng minh<\/p><p>&#272;i&#7873;u khi&#7875;n tr&#7921;c ti&#7871;p qua m&agrave;n h&igrave;nh LCD v&#7899;i giao di&#7879;n &#273;&#417;n gi&#7843;n, d&#7877; s&#7917; d&#7909;ng.<br>\nH&#7895; tr&#7907; ph&#7847;n m&#7873;m Chromeleon, gi&uacute;p &#273;i&#7873;u khi&#7875;n thi&#7871;t b&#7883; t&#7915; xa v&agrave; ph&acirc;n t&iacute;ch d&#7919; li&#7879;u ch&iacute;nh x&aacute;c h&#417;n.<br>\nC&#7843;m bi&#7871;n r&ograve; r&#7881; dung m&ocirc;i, b&#7843;o v&#7879; thi&#7871;t b&#7883; v&agrave; ng&#432;&#7901;i v&#7853;n h&agrave;nh.<\/p><p>Xem th&ecirc;m: Thi&#7871;t B&#7883; Hi&#7879;u Chu&#7849;n C&#7843;m Bi&#7871;n &#272;o B&#7913;c X&#7841; V&agrave; Nhi&#7879;t &#272;&#7897; (Universal Calibrator System) Q-LAB<\/p><p>H&#432;&#7899;ng D&#7851;n C&agrave;i &#272;&#7863;t V&agrave; V&#7853;n H&agrave;nh H&#7879; Th&#7889;ng<br>\nY&ecirc;u c&#7847;u m&ocirc;i tr&#432;&#7901;ng l&#7855;p &#273;&#7863;t<\/p><p>Nhi&#7879;t &#273;&#7897;: 15 &ndash; 30&deg;C, &#273;&#7897; &#7849;m 0903 991 335!<\/p><div style=\"background-color: #f8fafc; border: 1px solid #e2e8f0; border-radius: 8px; padding: 25px; max-width: 800px; margin: 30px auto; color: #334155; line-height: 1.8; font-size: 17px; box-shadow: 0 4px 6px -1px rgba(0,0,0,0.05); text-align: left; clear: both;\">\nC&ocirc;ng ty TNHH Th&#432;&#417;ng M&#7841;i D&#7883;ch V&#7909; Thi&#7871;t B&#7883; C&ocirc;ng Ngh&#7879; V&#7841;n N&#259;ng\n<p style=\"margin: 0 0 10px 0;\">&#128205; <strong style=\"color: #1e293b;\">&#272;&#7883;a ch&#7881;:<\/strong> <a style=\"color: #059669; text-decoration: none; font-weight: bold;\" href=\"https:\/\/www.google.com\/maps\/search\/C%C3%B4ng+ty+TNHH+Th%C6%B0%C6%A1ng+M%E1%BA%A1i+D%E1%BB%8Bch+V%E1%BB%A5+Thi%E1%BA%BFt+B%E1%BB%8B+C%C3%B4ng+Ngh%E1%BB%87+V%E1%BA%A1n+N%C4%83ng+818+Tr%C6%B0%E1%BB%9Dng+Chinh\" target=\"_blank\" rel=\"noopener\">818 Tr&#432;&#7901;ng Chinh, Ph&#432;&#7901;ng T&acirc;n S&#417;n, Th&agrave;nh ph&#7889; H&#7891; Ch&iacute; Minh, Vi&#7879;t Nam<\/a><\/p>\n<p style=\"margin: 0 0 10px 0;\">&#128222; <strong style=\"color: #1e293b;\">S&#272;T &ndash; Zalo:<\/strong> <a style=\"color: #059669; text-decoration: none; font-weight: bold;\" href=\"https:\/\/zalo.me\/0903991335\" target=\"_blank\" rel=\"noopener\">0903 991 335<\/a> <span style=\"color: #64748b; font-style: italic;\">(Ms. H&#7841;nh &ndash; Gi&aacute;m &#272;&#7889;c Kinh Doanh)<\/span><\/p>\n<p style=\"margin: 0;\">&#9993;&#65039; <strong style=\"color: #1e293b;\">Email:<\/strong> <a style=\"color: #059669; text-decoration: none; font-weight: bold;\" href=\"mailto:hienhanh@vannangvn.com\">hienhanh@vannangvn.com<\/a><\/p>\n<\/div><\/h1>","protected":false},"excerpt":{"rendered":"<p><strong>Th&#432;&#417;ng hi&#7879;u:<\/strong> Thermo Fisher Scientific<br>\n<strong>Model:<\/strong> UltiMate 3000 VWD<p>Product <strong>M&Aacute;Y &#272;O PH&Acirc;N T&Iacute;CH S&#7854;C K&Yacute; L&#7886;NG THERMOFISHER MODEL ULTIMATE 3000 VWD<\/strong> ch&iacute;nh h&atilde;ng. Thermo Fisher Scientific&nbsp;(USA)<br>\nH&#7879; Th&#7889;ng M&aacute;y &#272;o Ph&acirc;n T&iacute;ch S&#7855;c K&yacute; L&#7887;ng UltiMate 3000 VWD l&agrave; d&ograve;ng thi&#7871;t b&#7883; ti&ecirc;n ti&#7871;n do Thermo Fisher Scientific ph&aacute;t tri&#7875;n, v&#7899;i hai phi&ecirc;n b&#7843;n ch&iacute;nh:<\/p><\/p>","protected":false},"featured_media":8874,"comment_status":"open","ping_status":"closed","template":"","meta":[],"product_brand":[],"product_cat":[18],"product_tag":[604,629,892,2178,2179,2180,109,116,181,275,453,591],"class_list":{"0":"post-7032","1":"product","2":"type-product","3":"status-publish","4":"has-post-thumbnail","6":"product_cat-chua-phan-loai","7":"product_tag-sac","8":"product_tag-tich","9":"product_tag-ky","10":"product_tag-thermofisher","11":"product_tag-ultimate","12":"product_tag-vwd","13":"product_tag-may","14":"product_tag-model","15":"product_tag-do","16":"product_tag-phan","17":"product_tag-453","18":"product_tag-long","20":"first","21":"instock","22":"shipping-taxable","23":"product-type-simple"},"yoast_head":"<!-- This site is optimized with the Yoast SEO Premium plugin v24.8 (Yoast SEO v24.8) - https:\/\/yoast.com\/wordpress\/plugins\/seo\/ -->\n<title>M\u00c1Y \u0110O PH\u00c2N T\u00cdCH S\u1eaeC K\u00dd L\u1eceNG THERMO... ch\u00ednh h\u00e3ng | V\u1ea1n N\u0103ng<\/title>\n<meta name=\"description\" content=\"Mua ngay M\u00c1Y \u0110O PH\u00c2N T\u00cdCH S\u1eaeC K\u00dd L\u1eceNG THERMOFISHER MODEL ULTIMATE 3000 VWD ch\u00ednh h\u00e3ng. H\u1ec7 Th\u1ed1ng M\u00e1y \u0110o Ph\u00e2n T\u00edch S\u1eafc K\u00fd L\u1ecfng UltiM... Gi\u00e1 t\u1ed1t!\" \/>\n<meta name=\"robots\" content=\"noindex, follow, max-snippet:-1, max-image-preview:large, max-video-preview:-1\" \/>\n<meta property=\"og:locale\" content=\"en_US\" \/>\n<meta property=\"og:type\" content=\"article\" \/>\n<meta property=\"og:title\" content=\"M\u00c1Y \u0110O PH\u00c2N T\u00cdCH S\u1eaeC K\u00dd L\u1eceNG THERMOFISHER MODEL ULTIMATE 3000 VWD\" \/>\n<meta property=\"og:description\" content=\"Mua ngay M\u00c1Y \u0110O PH\u00c2N T\u00cdCH S\u1eaeC K\u00dd L\u1eceNG THERMOFISHER MODEL ULTIMATE 3000 VWD ch\u00ednh h\u00e3ng. H\u1ec7 Th\u1ed1ng M\u00e1y \u0110o Ph\u00e2n T\u00edch S\u1eafc K\u00fd L\u1ecfng UltiM... Gi\u00e1 t\u1ed1t!\" \/>\n<meta property=\"og:url\" content=\"https:\/\/vannangvn.123websitedev.com\/en\/product\/may-do-phan-tich-sac-ky-long-thermofisher-model-ultimate-3000-vwd\/\" \/>\n<meta property=\"og:site_name\" content=\"Vannang.vn\" \/>\n<meta property=\"article:modified_time\" content=\"2026-03-30T11:34:05+00:00\" \/>\n<meta property=\"og:image\" content=\"http:\/\/vannangvn.123websitedev.com\/wp-content\/uploads\/2026\/03\/ThermoFisher-Model-UltiMate-3000-VWD-no.1-copy.jpg\" \/>\n\t<meta property=\"og:image:width\" content=\"768\" \/>\n\t<meta property=\"og:image:height\" content=\"576\" \/>\n\t<meta property=\"og:image:type\" content=\"image\/jpeg\" \/>\n<meta name=\"twitter:card\" content=\"summary_large_image\" \/>\n<meta name=\"twitter:label1\" content=\"Est. reading time\" \/>\n\t<meta name=\"twitter:data1\" content=\"9 minutes\" \/>\n<script type=\"application\/ld+json\" class=\"yoast-schema-graph\">{\"@context\":\"https:\/\/schema.org\",\"@graph\":[{\"@type\":\"WebPage\",\"@id\":\"https:\/\/vannangvn.123websitedev.com\/san-pham\/may-do-phan-tich-sac-ky-long-thermofisher-model-ultimate-3000-vwd\/\",\"url\":\"https:\/\/vannangvn.123websitedev.com\/san-pham\/may-do-phan-tich-sac-ky-long-thermofisher-model-ultimate-3000-vwd\/\",\"name\":\"M\u00c1Y \u0110O PH\u00c2N T\u00cdCH S\u1eaeC K\u00dd L\u1eceNG THERMO... ch\u00ednh h\u00e3ng | V\u1ea1n N\u0103ng\",\"isPartOf\":{\"@id\":\"https:\/\/vannangvn.123websitedev.com\/#website\"},\"primaryImageOfPage\":{\"@id\":\"https:\/\/vannangvn.123websitedev.com\/san-pham\/may-do-phan-tich-sac-ky-long-thermofisher-model-ultimate-3000-vwd\/#primaryimage\"},\"image\":{\"@id\":\"https:\/\/vannangvn.123websitedev.com\/san-pham\/may-do-phan-tich-sac-ky-long-thermofisher-model-ultimate-3000-vwd\/#primaryimage\"},\"thumbnailUrl\":\"https:\/\/vannangvn.123websitedev.com\/wp-content\/uploads\/2026\/03\/ThermoFisher-Model-UltiMate-3000-VWD-no.1-copy.jpg\",\"datePublished\":\"2026-03-20T10:42:26+00:00\",\"dateModified\":\"2026-03-30T11:34:05+00:00\",\"description\":\"Mua ngay M\u00c1Y \u0110O PH\u00c2N T\u00cdCH S\u1eaeC K\u00dd L\u1eceNG THERMOFISHER MODEL ULTIMATE 3000 VWD ch\u00ednh h\u00e3ng. H\u1ec7 Th\u1ed1ng M\u00e1y \u0110o Ph\u00e2n T\u00edch S\u1eafc K\u00fd L\u1ecfng UltiM... Gi\u00e1 t\u1ed1t!\",\"breadcrumb\":{\"@id\":\"https:\/\/vannangvn.123websitedev.com\/san-pham\/may-do-phan-tich-sac-ky-long-thermofisher-model-ultimate-3000-vwd\/#breadcrumb\"},\"inLanguage\":\"en-US\",\"potentialAction\":[{\"@type\":\"ReadAction\",\"target\":[\"https:\/\/vannangvn.123websitedev.com\/san-pham\/may-do-phan-tich-sac-ky-long-thermofisher-model-ultimate-3000-vwd\/\"]}]},{\"@type\":\"ImageObject\",\"inLanguage\":\"en-US\",\"@id\":\"https:\/\/vannangvn.123websitedev.com\/san-pham\/may-do-phan-tich-sac-ky-long-thermofisher-model-ultimate-3000-vwd\/#primaryimage\",\"url\":\"https:\/\/vannangvn.123websitedev.com\/wp-content\/uploads\/2026\/03\/ThermoFisher-Model-UltiMate-3000-VWD-no.1-copy.jpg\",\"contentUrl\":\"https:\/\/vannangvn.123websitedev.com\/wp-content\/uploads\/2026\/03\/ThermoFisher-Model-UltiMate-3000-VWD-no.1-copy.jpg\",\"width\":768,\"height\":576},{\"@type\":\"BreadcrumbList\",\"@id\":\"https:\/\/vannangvn.123websitedev.com\/san-pham\/may-do-phan-tich-sac-ky-long-thermofisher-model-ultimate-3000-vwd\/#breadcrumb\",\"itemListElement\":[{\"@type\":\"ListItem\",\"position\":1,\"name\":\"Trang ch\u1ee7\",\"item\":\"https:\/\/vannangvn.123websitedev.com\/\"},{\"@type\":\"ListItem\",\"position\":2,\"name\":\"S\u1ea3n ph\u1ea9m\",\"item\":\"https:\/\/vannangvn.123websitedev.com\/cua-hang\/\"},{\"@type\":\"ListItem\",\"position\":3,\"name\":\"M\u00c1Y \u0110O PH\u00c2N T\u00cdCH S\u1eaeC K\u00dd L\u1eceNG THERMOFISHER MODEL ULTIMATE 3000 VWD\"}]},{\"@type\":\"WebSite\",\"@id\":\"https:\/\/vannangvn.123websitedev.com\/#website\",\"url\":\"https:\/\/vannangvn.123websitedev.com\/\",\"name\":\"Vannang.vn\",\"description\":\"\",\"publisher\":{\"@id\":\"https:\/\/vannangvn.123websitedev.com\/#organization\"},\"potentialAction\":[{\"@type\":\"SearchAction\",\"target\":{\"@type\":\"EntryPoint\",\"urlTemplate\":\"https:\/\/vannangvn.123websitedev.com\/?s={search_term_string}\"},\"query-input\":{\"@type\":\"PropertyValueSpecification\",\"valueRequired\":true,\"valueName\":\"search_term_string\"}}],\"inLanguage\":\"en-US\"},{\"@type\":\"Organization\",\"@id\":\"https:\/\/vannangvn.123websitedev.com\/#organization\",\"name\":\"Vannang.vn\",\"url\":\"https:\/\/vannangvn.123websitedev.com\/\",\"logo\":{\"@type\":\"ImageObject\",\"inLanguage\":\"en-US\",\"@id\":\"https:\/\/vannangvn.123websitedev.com\/#\/schema\/logo\/image\/\",\"url\":\"https:\/\/vannangvn.123websitedev.com\/wp-content\/uploads\/2026\/02\/logo-van-nang-02.png\",\"contentUrl\":\"https:\/\/vannangvn.123websitedev.com\/wp-content\/uploads\/2026\/02\/logo-van-nang-02.png\",\"width\":448,\"height\":111,\"caption\":\"Vannang.vn\"},\"image\":{\"@id\":\"https:\/\/vannangvn.123websitedev.com\/#\/schema\/logo\/image\/\"}}]}<\/script>\n<!-- \/ Yoast SEO Premium plugin. -->","yoast_head_json":{"title":"M\u00c1Y \u0110O PH\u00c2N T\u00cdCH S\u1eaeC K\u00dd L\u1eceNG THERMO... ch\u00ednh h\u00e3ng | V\u1ea1n N\u0103ng","description":"Mua ngay M\u00c1Y \u0110O PH\u00c2N T\u00cdCH S\u1eaeC K\u00dd L\u1eceNG THERMOFISHER MODEL ULTIMATE 3000 VWD ch\u00ednh h\u00e3ng. H\u1ec7 Th\u1ed1ng M\u00e1y \u0110o Ph\u00e2n T\u00edch S\u1eafc K\u00fd L\u1ecfng UltiM... Gi\u00e1 t\u1ed1t!","robots":{"index":"noindex","follow":"follow","max-snippet":"max-snippet:-1","max-image-preview":"max-image-preview:large","max-video-preview":"max-video-preview:-1"},"og_locale":"en_US","og_type":"article","og_title":"M\u00c1Y \u0110O PH\u00c2N T\u00cdCH S\u1eaeC K\u00dd L\u1eceNG THERMOFISHER MODEL ULTIMATE 3000 VWD","og_description":"Mua ngay M\u00c1Y \u0110O PH\u00c2N T\u00cdCH S\u1eaeC K\u00dd L\u1eceNG THERMOFISHER MODEL ULTIMATE 3000 VWD ch\u00ednh h\u00e3ng. H\u1ec7 Th\u1ed1ng M\u00e1y \u0110o Ph\u00e2n T\u00edch S\u1eafc K\u00fd L\u1ecfng UltiM... Gi\u00e1 t\u1ed1t!","og_url":"https:\/\/vannangvn.123websitedev.com\/en\/product\/may-do-phan-tich-sac-ky-long-thermofisher-model-ultimate-3000-vwd\/","og_site_name":"Vannang.vn","article_modified_time":"2026-03-30T11:34:05+00:00","og_image":[{"width":768,"height":576,"url":"http:\/\/vannangvn.123websitedev.com\/wp-content\/uploads\/2026\/03\/ThermoFisher-Model-UltiMate-3000-VWD-no.1-copy.jpg","type":"image\/jpeg"}],"twitter_card":"summary_large_image","twitter_misc":{"Est. reading time":"9 minutes"},"schema":{"@context":"https:\/\/schema.org","@graph":[{"@type":"WebPage","@id":"https:\/\/vannangvn.123websitedev.com\/san-pham\/may-do-phan-tich-sac-ky-long-thermofisher-model-ultimate-3000-vwd\/","url":"https:\/\/vannangvn.123websitedev.com\/san-pham\/may-do-phan-tich-sac-ky-long-thermofisher-model-ultimate-3000-vwd\/","name":"M\u00c1Y \u0110O PH\u00c2N T\u00cdCH S\u1eaeC K\u00dd L\u1eceNG THERMO... ch\u00ednh h\u00e3ng | V\u1ea1n N\u0103ng","isPartOf":{"@id":"https:\/\/vannangvn.123websitedev.com\/#website"},"primaryImageOfPage":{"@id":"https:\/\/vannangvn.123websitedev.com\/san-pham\/may-do-phan-tich-sac-ky-long-thermofisher-model-ultimate-3000-vwd\/#primaryimage"},"image":{"@id":"https:\/\/vannangvn.123websitedev.com\/san-pham\/may-do-phan-tich-sac-ky-long-thermofisher-model-ultimate-3000-vwd\/#primaryimage"},"thumbnailUrl":"https:\/\/vannangvn.123websitedev.com\/wp-content\/uploads\/2026\/03\/ThermoFisher-Model-UltiMate-3000-VWD-no.1-copy.jpg","datePublished":"2026-03-20T10:42:26+00:00","dateModified":"2026-03-30T11:34:05+00:00","description":"Mua ngay M\u00c1Y \u0110O PH\u00c2N T\u00cdCH S\u1eaeC K\u00dd L\u1eceNG THERMOFISHER MODEL ULTIMATE 3000 VWD ch\u00ednh h\u00e3ng. H\u1ec7 Th\u1ed1ng M\u00e1y \u0110o Ph\u00e2n T\u00edch S\u1eafc K\u00fd L\u1ecfng UltiM... Gi\u00e1 t\u1ed1t!","breadcrumb":{"@id":"https:\/\/vannangvn.123websitedev.com\/san-pham\/may-do-phan-tich-sac-ky-long-thermofisher-model-ultimate-3000-vwd\/#breadcrumb"},"inLanguage":"en-US","potentialAction":[{"@type":"ReadAction","target":["https:\/\/vannangvn.123websitedev.com\/san-pham\/may-do-phan-tich-sac-ky-long-thermofisher-model-ultimate-3000-vwd\/"]}]},{"@type":"ImageObject","inLanguage":"en-US","@id":"https:\/\/vannangvn.123websitedev.com\/san-pham\/may-do-phan-tich-sac-ky-long-thermofisher-model-ultimate-3000-vwd\/#primaryimage","url":"https:\/\/vannangvn.123websitedev.com\/wp-content\/uploads\/2026\/03\/ThermoFisher-Model-UltiMate-3000-VWD-no.1-copy.jpg","contentUrl":"https:\/\/vannangvn.123websitedev.com\/wp-content\/uploads\/2026\/03\/ThermoFisher-Model-UltiMate-3000-VWD-no.1-copy.jpg","width":768,"height":576},{"@type":"BreadcrumbList","@id":"https:\/\/vannangvn.123websitedev.com\/san-pham\/may-do-phan-tich-sac-ky-long-thermofisher-model-ultimate-3000-vwd\/#breadcrumb","itemListElement":[{"@type":"ListItem","position":1,"name":"Trang ch\u1ee7","item":"https:\/\/vannangvn.123websitedev.com\/"},{"@type":"ListItem","position":2,"name":"S\u1ea3n ph\u1ea9m","item":"https:\/\/vannangvn.123websitedev.com\/cua-hang\/"},{"@type":"ListItem","position":3,"name":"M\u00c1Y \u0110O PH\u00c2N T\u00cdCH S\u1eaeC K\u00dd L\u1eceNG THERMOFISHER MODEL ULTIMATE 3000 VWD"}]},{"@type":"WebSite","@id":"https:\/\/vannangvn.123websitedev.com\/#website","url":"https:\/\/vannangvn.123websitedev.com\/","name":"Vannang.vn","description":"","publisher":{"@id":"https:\/\/vannangvn.123websitedev.com\/#organization"},"potentialAction":[{"@type":"SearchAction","target":{"@type":"EntryPoint","urlTemplate":"https:\/\/vannangvn.123websitedev.com\/?s={search_term_string}"},"query-input":{"@type":"PropertyValueSpecification","valueRequired":true,"valueName":"search_term_string"}}],"inLanguage":"en-US"},{"@type":"Organization","@id":"https:\/\/vannangvn.123websitedev.com\/#organization","name":"Vannang.vn","url":"https:\/\/vannangvn.123websitedev.com\/","logo":{"@type":"ImageObject","inLanguage":"en-US","@id":"https:\/\/vannangvn.123websitedev.com\/#\/schema\/logo\/image\/","url":"https:\/\/vannangvn.123websitedev.com\/wp-content\/uploads\/2026\/02\/logo-van-nang-02.png","contentUrl":"https:\/\/vannangvn.123websitedev.com\/wp-content\/uploads\/2026\/02\/logo-van-nang-02.png","width":448,"height":111,"caption":"Vannang.vn"},"image":{"@id":"https:\/\/vannangvn.123websitedev.com\/#\/schema\/logo\/image\/"}}]}},"_links":{"self":[{"href":"https:\/\/vannangvn.123websitedev.com\/en\/wp-json\/wp\/v2\/product\/7032","targetHints":{"allow":["GET"]}}],"collection":[{"href":"https:\/\/vannangvn.123websitedev.com\/en\/wp-json\/wp\/v2\/product"}],"about":[{"href":"https:\/\/vannangvn.123websitedev.com\/en\/wp-json\/wp\/v2\/types\/product"}],"replies":[{"embeddable":true,"href":"https:\/\/vannangvn.123websitedev.com\/en\/wp-json\/wp\/v2\/comments?post=7032"}],"wp:featuredmedia":[{"embeddable":true,"href":"https:\/\/vannangvn.123websitedev.com\/en\/wp-json\/wp\/v2\/media\/8874"}],"wp:attachment":[{"href":"https:\/\/vannangvn.123websitedev.com\/en\/wp-json\/wp\/v2\/media?parent=7032"}],"wp:term":[{"taxonomy":"product_brand","embeddable":true,"href":"https:\/\/vannangvn.123websitedev.com\/en\/wp-json\/wp\/v2\/product_brand?post=7032"},{"taxonomy":"product_cat","embeddable":true,"href":"https:\/\/vannangvn.123websitedev.com\/en\/wp-json\/wp\/v2\/product_cat?post=7032"},{"taxonomy":"product_tag","embeddable":true,"href":"https:\/\/vannangvn.123websitedev.com\/en\/wp-json\/wp\/v2\/product_tag?post=7032"}],"curies":[{"name":"wp","href":"https:\/\/api.w.org\/{rel}","templated":true}]}}