{"id":7044,"date":"2026-03-20T17:42:38","date_gmt":"2026-03-20T10:42:38","guid":{"rendered":"https:\/\/vannangvn.123websitedev.com\/san-pham\/may-do-toc-do-gio-can-truc-pce-instruments-model-pce-wsac-50w-230\/"},"modified":"2026-03-30T18:34:22","modified_gmt":"2026-03-30T11:34:22","slug":"may-do-toc-do-gio-can-truc-pce-instruments-model-pce-wsac-50w-230","status":"publish","type":"product","link":"https:\/\/vannangvn.123websitedev.com\/en\/product\/may-do-toc-do-gio-can-truc-pce-instruments-model-pce-wsac-50w-230\/","title":{"rendered":"M\u00c1Y \u0110O T\u1ed0C \u0110\u1ed8 GI\u00d3 C\u1ea6N TR\u1ee4C PCE INSTRUMENTS MODEL PCE-WSAC 50W 230"},"content":{"rendered":"<h1 style=\"color: red; font-weight: bold; font-size: 24px;\">T&#7893;ng quan s&#7843;n ph&#7849;m M&Aacute;Y &#272;O T&#7888;C &#272;&#7896; GI&Oacute; C&#7846;N TR&#7908;C PCE INSTRUMENTS MODEL PCE-WSAC 50W 230<p>M&aacute;y &#272;o T&#7889;c &#272;&#7897; Gi&oacute; C&#7847;n Tr&#7909;c (Wind Speed Alarm Controller) PCE Instruments Model PCE-WSAC 50W 230<br>\nM&aacute;y &#272;o Gi&oacute; C&#7847;n Tr&#7909;c PCE-WSAC 50W 230 l&agrave; thi&#7871;t b&#7883; ti&ecirc;n ti&#7871;n &#273;&#432;&#7907;c thi&#7871;t k&#7871; &#273;&#7863;c bi&#7879;t &#273;&#7875; &#273;o l&#432;&#7901;ng v&agrave; gi&aacute;m s&aacute;t t&#7843;i gi&oacute; tr&ecirc;n c&#7847;n tr&#7909;c ho&#7863;c c&aacute;c tua-bin gi&oacute;. Thi&#7871;t b&#7883; n&agrave;y kh&ocirc;ng ch&#7881; h&#7895; tr&#7907; ph&aacute;t hi&#7879;n t&igrave;nh tr&#7841;ng gi&oacute; tr&#432;&#7899;c khi v&#7853;n h&agrave;nh m&agrave; c&ograve;n t&iacute;ch h&#7907;p h&#7879; th&#7889;ng c&#7843;nh b&aacute;o th&ocirc;ng qua r&#417;-le, gi&uacute;p &#273;&#7843;m b&#7843;o an to&agrave;n trong m&#7885;i &#273;i&#7873;u ki&#7879;n th&#7901;i ti&#7871;t. H&atilde;y c&ugrave;ng V&#7841;n N&#259;ng t&igrave;m hi&#7875;u chi ti&#7871;t h&#417;n v&#7873; s&#7843;n ph&#7849;m th&ocirc;ng qua b&agrave;i vi&#7871;t d&#432;&#7899;i &#273;&acirc;y!<\/p><p>N&eacute;t &#272;&#7863;c Tr&#432;ng C&#7911;a PCE-WSAC 50W 230<\/p><p>V&#7887; nh&#7921;a c&#7913;ng c&aacute;p: M&aacute;y PCE-WSAC 50W 230 ch&#7889;ng ch&#7883;u t&#7889;t trong &#273;i&#7873;u ki&#7879;n m&ocirc;i tr&#432;&#7901;ng kh&#7855;c nghi&#7879;t.<br>\nHi&#7875;n th&#7883; &#273;a d&#7841;ng &#273;&#417;n v&#7883; &#273;o l&#432;&#7901;ng: km\/h, mph, m\/s.<br>\nD&#7843;i &#273;o r&#7897;ng: L&ecirc;n &#273;&#7871;n 50 m\/s ho&#7863;c 180 km\/h, gi&uacute;p theo d&otilde;i c&aacute;c c&#417;n gi&oacute; m&#7841;nh, th&#7853;m ch&iacute; l&agrave; b&atilde;o l&#7889;c.<br>\nM&agrave;n h&igrave;nh LC 128 x 64 pixel: Hi&#7875;n th&#7883; d&#7919; li&#7879;u r&otilde; r&agrave;ng, d&#7877; &#273;&#7885;c.<\/p><p>C&#7843;nh b&aacute;o th&ocirc;ng minh: T&iacute;ch h&#7907;p r&#417;-le b&aacute;o &#273;&#7897;ng tr&#432;&#7899;c v&agrave; ch&iacute;nh.<br>\nKh&#7843; n&#259;ng truy&#7873;n t&iacute;n hi&#7879;u xa: L&ecirc;n &#273;&#7871;n 750m trong &#273;i&#7873;u ki&#7879;n m&ocirc;i tr&#432;&#7901;ng m&#7903;, &#273;&#7843;m b&#7843;o gi&aacute;m s&aacute;t kh&ocirc;ng d&acirc;y hi&#7879;u qu&#7843;.<br>\nCh&#7883;u nhi&#7879;t t&#7889;t: PCE WSAC50W ho&#7841;t &#273;&#7897;ng &#7893;n &#273;&#7883;nh trong d&#7843;i nhi&#7879;t t&#7915; -20&deg;C &#273;&#7871;n 70&deg;C.<br>\n&#272;&#7847;u ra analog 4 &hellip; 20 mA: K&#7871;t n&#7889;i d&#7877; d&agrave;ng v&#7899;i c&aacute;c h&#7879; th&#7889;ng &#273;i&#7873;u khi&#7875;n kh&aacute;c.<\/p><p>&#431;u &#272;i&#7875;m V&#432;&#7907;t Tr&#7897;i C&#7911;a PCE-WSAC 50W 230<\/p><p>An to&agrave;n tuy&#7879;t &#273;&#7889;i: C&#7843;nh b&aacute;o tr&#432;&#7899;c c&aacute;c &#273;i&#7873;u ki&#7879;n th&#7901;i ti&#7871;t nguy hi&#7875;m.<br>\nT&#7889;i &#432;u h&oacute;a quy tr&igrave;nh l&agrave;m vi&#7879;c: PCE-WSAC 50W 230 gi&uacute;p ng&#432;&#7901;i v&#7853;n h&agrave;nh l&#7853;p k&#7871; ho&#7841;ch, &#273;i&#7873;u ch&#7881;nh l&#7883;ch tr&igrave;nh linh ho&#7841;t.<br>\nTi&#7871;t ki&#7879;m chi ph&iacute;: Gi&#7843;m thi&#7875;u thi&#7879;t h&#7841;i do th&#7901;i ti&#7871;t x&#7845;u g&acirc;y ra.<\/p><p>&#7912;ng D&#7909;ng Trong Th&#7921;c T&#7871; C&#7911;a Model PCE-WSAC 50W 230<br>\nC&ocirc;ng tr&igrave;nh x&acirc;y d&#7921;ng<br>\nM&aacute;y &#272;o Gi&oacute; PCE-WSAC 50W 230 l&agrave; thi&#7871;t b&#7883; kh&ocirc;ng th&#7875; thi&#7871;u trong c&aacute;c d&#7921; &aacute;n x&acirc;y d&#7921;ng l&#7899;n, &#273;&#7863;c bi&#7879;t v&#7899;i c&aacute;c c&ocirc;ng tr&igrave;nh nh&#432;:<\/p><p>Nh&agrave; cao t&#7847;ng, c&#7847;u, th&aacute;p.<br>\nQu&#7843;n l&yacute; an to&agrave;n khi v&#7853;n h&agrave;nh c&#7847;n tr&#7909;c n&#7863;ng trong &#273;i&#7873;u ki&#7879;n th&#7901;i ti&#7871;t x&#7845;u.<br>\nC&#7843;nh b&aacute;o k&#7883;p th&#7901;i &#273;&#7875; tr&aacute;nh c&aacute;c r&#7911;i ro li&ecirc;n quan &#273;&#7871;n con ng&#432;&#7901;i, thi&#7871;t b&#7883; v&agrave; ti&#7871;n &#273;&#7897; d&#7921; &aacute;n.<\/p><p>C&#7843;ng bi&#7875;n v&agrave; ng&agrave;nh h&agrave;ng h&#7843;i<br>\nM&aacute;y &#272;o T&#7889;c &#272;&#7897; Gi&oacute; PCE-WSAC 50W 230 &#273;&oacute;ng vai tr&ograve; quan tr&#7885;ng trong:<\/p><p>Gi&aacute;m s&aacute;t t&#7889;c &#273;&#7897; gi&oacute; &#273;&#7875; b&#7843;o &#273;&#7843;m an to&agrave;n khi neo &#273;&#7853;u t&agrave;u thuy&#7873;n.<br>\nC&#7843;nh b&aacute;o s&#7899;m &#273;&#7875; &#273;i&#7873;u ch&#7881;nh l&#7883;ch tr&igrave;nh v&#7853;n t&#7843;i, gi&#7843;m thi&#7875;u r&#7911;i ro khi c&oacute; gi&oacute; l&#7899;n ho&#7863;c b&atilde;o.<br>\n&#272;&#7843;m b&#7843;o hi&#7879;u qu&#7843; trong c&aacute;c ho&#7841;t &#273;&#7897;ng b&#7889;c x&#7871;p t&#7841;i c&#7843;ng, tr&aacute;nh thi&#7879;t h&#7841;i t&agrave;i s&#7843;n do th&#7901;i ti&#7871;t x&#7845;u.<\/p><p>Khu vui ch&#417;i ngo&agrave;i tr&#7901;i<br>\nTrong c&aacute;c s&#7921; ki&#7879;n ho&#7863;c khu gi&#7843;i tr&iacute; ngo&agrave;i tr&#7901;i nh&#432; l&#7877; h&#7897;i, c&ocirc;ng vi&ecirc;n gi&#7843;i tr&iacute;:<\/p><p>Theo d&otilde;i t&#7889;c &#273;&#7897; gi&oacute; gi&uacute;p &#273;&#7843;m b&#7843;o an to&agrave;n cho c&aacute;c thi&#7871;t b&#7883; gi&#7843;i tr&iacute; v&agrave; kh&aacute;ch tham quan.<br>\nNg&#259;n ch&#7863;n c&aacute;c s&#7921; c&#7889; nguy hi&#7875;m do gi&oacute; m&#7841;nh g&acirc;y ra, nh&#432; thi&#7871;t b&#7883; b&#7883; l&#7853;t ho&#7863;c h&#432; h&#7887;ng.<\/p><p>Du l&#7883;ch v&agrave; d&atilde; ngo&#7841;i<\/p><p>Thi&#7871;t b&#7883; PCE-WSAC 50W 230 l&yacute; t&#432;&#7903;ng cho c&aacute;c nh&agrave; leo n&uacute;i, c&#7855;m tr&#7841;i, ho&#7863;c di chuy&#7875;n trong th&#7901;i ti&#7871;t kh&ocirc;ng &#7893;n &#273;&#7883;nh.<br>\nCung c&#7845;p th&ocirc;ng tin nhanh ch&oacute;ng v&#7873; thay &#273;&#7893;i th&#7901;i ti&#7871;t, gi&uacute;p ng&#432;&#7901;i d&ugrave;ng l&ecirc;n k&#7871; ho&#7841;ch ph&ugrave; h&#7907;p v&agrave; an to&agrave;n.<\/p><p>H&#7879; th&#7889;ng c&aacute;p treo v&agrave; v&#7853;n t&#7843;i tr&ecirc;n cao<\/p><p>Thi&#7871;t B&#7883; &#272;o Gi&oacute; PCE-WSAC 50W 230 &#273;&#7843;m b&#7843;o an to&agrave;n tuy&#7879;t &#273;&#7889;i cho h&agrave;nh kh&aacute;ch b&#7857;ng c&aacute;ch ph&aacute;t hi&#7879;n k&#7883;p th&#7901;i c&aacute;c c&#417;n gi&oacute; l&#7899;n, gi&#7843;m thi&#7875;u r&#7911;i ro &#273;&#7889;i v&#7899;i c&aacute;p treo v&agrave; cabin.<\/p><p>Nh&#7919;ng L&yacute; Do N&ecirc;n Mua M&aacute;y &#272;o T&#7889;c &#272;&#7897; Gi&oacute; C&#7847;n Tr&#7909;c T&#7841;i V&#7841;n N&#259;ng<\/p><p>C&ocirc;ng ty Thi&#7871;t B&#7883; C&ocirc;ng Ngh&#7879; V&#7841;n N&#259;ng l&agrave; &#273;&#7889;i t&aacute;c ch&iacute;nh th&#7913;c ph&acirc;n ph&#7889;i M&aacute;y &#272;o Gi&oacute; C&#7847;n Tr&#7909;c h&agrave;ng &#273;&#7847;u t&#7841;i Vi&#7879;t Nam, cam k&#7871;t cung c&#7845;p s&#7843;n ph&#7849;m ch&iacute;nh h&atilde;ng v&#7899;i gi&aacute; c&#7843; c&#7841;nh tranh nh&#7845;t th&#7883; tr&#432;&#7901;ng. V&#7899;i uy t&iacute;n tr&ecirc;n th&#7883; tr&#432;&#7901;ng v&agrave; ch&#7871; &#273;&#7897; h&#7851;u m&atilde;i t&#7889;t, Thi&#7871;t B&#7883; C&ocirc;ng Ngh&#7879; V&#7841;n N&#259;ng &#273;&atilde; nh&#7853;n &#273;&#432;&#7907;c s&#7921; tin t&#432;&#7903;ng t&#7915; kh&aacute;ch h&agrave;ng nh&#7901; v&agrave;o ch&#7845;t l&#432;&#7907;ng h&agrave;ng &#273;&#7847;u c&#7911;a c&aacute;c d&ograve;ng s&#7843;n ph&#7849;m.<br>\nS&#7843;n ph&#7849;m c&#7911;a ch&uacute;ng t&ocirc;i &#273;&#432;&#7907;c ki&#7875;m &#273;&#7883;nh ch&#7845;t l&#432;&#7907;ng, nh&#7853;p kh&#7849;u tr&#7921;c ti&#7871;p t&#7915; nh&agrave; m&aacute;y b&ecirc;n Ch&acirc;u &Acirc;u, M&#7929;, &Uacute;c, Nh&#7853;t B&#7843;n,&hellip; v&agrave; &#273;&aacute;p &#7913;ng nhu c&#7847;u &#273;a d&#7841;ng c&#7911;a th&#7883; tr&#432;&#7901;ng nh&#432;: M&aacute;y &#272;o &#272;&#7897; C&#7913;ng, M&aacute;y SPECTROMAXx, M&aacute;y Ki&#7875;m Tra &#272;&#432;&#7901;ng Gh&eacute;p M&iacute; Lon,&hellip; Ch&uacute;ng t&ocirc;i cam k&#7871;t cung c&#7845;p s&#7843;n ph&#7849;m n&agrave;y tr&ecirc;n to&agrave;n qu&#7889;c v&#7899;i gi&aacute; c&#7843; c&#7841;nh tranh nh&#7845;t.<br>\nCh&uacute;ng t&ocirc;i c&oacute; &#273;&#7897;i ng&#361; chuy&ecirc;n vi&ecirc;n t&#432; v&#7845;n chuy&ecirc;n s&acirc;u s&#7869; h&#7895; tr&#7907; kh&aacute;ch h&agrave;ng v&#7873; chi ti&#7871;t s&#7843;n ph&#7849;m, h&#432;&#7899;ng d&#7851;n s&#7917; d&#7909;ng hay nh&#7919;ng th&#7913; li&ecirc;n quan &#273;&#7871;n v&#7845;n &#273;&#7873; m&agrave; doanh nghi&#7879;p b&#7841;n &#273;ang g&#7863;p ph&#7843;i. Ch&uacute;ng t&ocirc;i s&#7869; cung c&#7845;p nh&#7919;ng gi&#7843;i ph&aacute;p t&#7889;i &#432;u nh&#7845;t!<br>\nNgo&agrave;i ra Thi&#7871;t B&#7883; C&ocirc;ng Ngh&#7879; V&#7841;n N&#259;ng Ch&uacute;ng T&ocirc;i lu&ocirc;n h&#432;&#7899;ng &#273;&#7871;n tr&#7843;i nghi&#7879;m kh&aacute;ch h&agrave;ng, v&igrave; v&#7853;y ch&uacute;ng t&ocirc;i c&oacute; nh&#7919;ng ch&iacute;nh s&aacute;ch b&#7843;o h&agrave;nh, b&#7843;o tr&igrave; &ndash; b&#7843;o d&#432;&#7905;ng, hi&#7879;u chu&#7849;n v&#7899;i t&#7845;t c&#7843; c&aacute;c thi&#7871;t b&#7883;, m&aacute;y m&oacute;c m&agrave; ch&uacute;ng t&ocirc;i cung c&#7845;p. &#272;&#7843;m b&#7843;o mang &#273;&#7871;n cho Kh&aacute;ch h&agrave;ng s&#7921; y&ecirc;n t&acirc;m tuy&#7879;t &#273;&#7889;i v&#7873; d&#7883;ch v&#7909; khi mua h&agrave;ng.<\/p><p>T&#7893;ng K&#7871;t<br>\nM&aacute;y &#272;o Gi&oacute; PCE-WSAC 50W 230 kh&ocirc;ng ch&#7881; l&agrave; thi&#7871;t b&#7883; &#273;o gi&oacute; m&agrave; c&ograve;n l&agrave; gi&#7843;i ph&aacute;p to&agrave;n di&#7879;n gi&uacute;p b&#7843;o v&#7879; t&agrave;i s&#7843;n v&agrave; con ng&#432;&#7901;i trong c&aacute;c ng&agrave;nh c&ocirc;ng nghi&#7879;p tr&#7885;ng &#273;i&#7875;m. V&#7899;i &#273;&#7897; b&#7873;n cao, kh&#7843; n&#259;ng &#273;o ch&iacute;nh x&aacute;c v&agrave; t&iacute;ch h&#7907;p nhi&#7873;u t&iacute;nh n&#259;ng hi&#7879;n &#273;&#7841;i, PCE-WSAC 50W 230 ch&iacute;nh l&agrave; l&#7921;a ch&#7885;n t&#7889;i &#432;u cho m&#7885;i m&ocirc;i tr&#432;&#7901;ng l&agrave;m vi&#7879;c kh&#7855;c nghi&#7879;t. H&atilde;y li&ecirc;n h&#7879; ngay v&#7899;i V&#7841;n N&#259;ng Company &#273;&#7875; &#273;&#432;&#7907;c t&#432; v&#7845;n chi ti&#7871;t v&agrave; nh&#7853;n ngay &#432;u &#273;&atilde;i h&#7845;p d&#7851;n th&ocirc;ng qua hotline\/zalo: <a href=\"https:\/\/zalo.me\/0903991335\" target=\"_blank\" rel=\"noopener\" style=\"color: #059669; font-weight: bold; text-decoration: none;\">0903 991 335<\/a>!<\/p><div style=\"background-color: #f8fafc; border: 1px solid #e2e8f0; border-radius: 8px; padding: 25px; max-width: 800px; margin: 30px auto; color: #334155; line-height: 1.8; font-size: 17px; box-shadow: 0 4px 6px -1px rgba(0,0,0,0.05); text-align: left; clear: both;\">\nC&ocirc;ng ty TNHH Th&#432;&#417;ng M&#7841;i D&#7883;ch V&#7909; Thi&#7871;t B&#7883; C&ocirc;ng Ngh&#7879; V&#7841;n N&#259;ng\n<p style=\"margin: 0 0 10px 0;\">&#128205; <strong style=\"color: #1e293b;\">&#272;&#7883;a ch&#7881;:<\/strong> <a style=\"color: #059669; text-decoration: none; font-weight: bold;\" href=\"https:\/\/www.google.com\/maps\/search\/C%C3%B4ng+ty+TNHH+Th%C6%B0%C6%A1ng+M%E1%BA%A1i+D%E1%BB%8Bch+V%E1%BB%A5+Thi%E1%BA%BFt+B%E1%BB%8B+C%C3%B4ng+Ngh%E1%BB%87+V%E1%BA%A1n+N%C4%83ng+818+Tr%C6%B0%E1%BB%9Dng+Chinh\" target=\"_blank\" rel=\"noopener\">818 Tr&#432;&#7901;ng Chinh, Ph&#432;&#7901;ng T&acirc;n S&#417;n, Th&agrave;nh ph&#7889; H&#7891; Ch&iacute; Minh, Vi&#7879;t Nam<\/a><\/p>\n<p style=\"margin: 0 0 10px 0;\">&#128222; <strong style=\"color: #1e293b;\">S&#272;T &ndash; Zalo:<\/strong> <a style=\"color: #059669; text-decoration: none; font-weight: bold;\" href=\"https:\/\/zalo.me\/0903991335\" target=\"_blank\" rel=\"noopener\">0903 991 335<\/a> <span style=\"color: #64748b; font-style: italic;\">(Ms. H&#7841;nh &ndash; Gi&aacute;m &#272;&#7889;c Kinh Doanh)<\/span><\/p>\n<p style=\"margin: 0;\">&#9993;&#65039; <strong style=\"color: #1e293b;\">Email:<\/strong> <a style=\"color: #059669; text-decoration: none; font-weight: bold;\" href=\"mailto:hienhanh@vannangvn.com\">hienhanh@vannangvn.com<\/a><\/p>\n<\/div><\/h1>","protected":false},"excerpt":{"rendered":"<p><strong>Th&#432;&#417;ng hi&#7879;u:<\/strong> M&aacute;y &#272;o Gi&oacute; C&#7847;n Tr&#7909;c PCE-WSAC 50W 230 l&agrave; thi&#7871;t b&#7883; ti&ecirc;n ti&#7871;n &#273;&#432;&#7907;c thi&#7871;t k&#7871; &#273;&#7863;c bi&#7879;t &#273;&#7875; &#273;o l&#432;&#7901;ng v&agrave; gi&aacute;m s&aacute;t t&#7843;i gi&oacute; tr&ecirc;n c&#7847;n tr&#7909;c ho&#7863;c c&aacute;c tua-bin gi&oacute;. Thi&#7871;t b&#7883; n&agrave;y kh&ocirc;ng ch&#7881; h&#7895; tr&#7907; ph&aacute;t hi&#7879;n t&igrave;nh tr&#7841;ng gi&oacute; tr&#432;&#7899;c khi v&#7853;n h&agrave;nh m&agrave; c&ograve;n t&iacute;ch h&#7907;p h&#7879; th&#7889;ng c&#7843;nh b&aacute;o th&ocirc;ng qua r&#417;-le, gi&uacute;p &#273;&#7843;m b&#7843;o an to&agrave;n trong m&#7885;i &#273;i&#7873;u ki&#7879;n th&#7901;i ti&#7871;t<br>\n<strong>Model:<\/strong> PCE-WSAC 50W 230<p>Product <strong>M&Aacute;Y &#272;O T&#7888;C &#272;&#7896; GI&Oacute; C&#7846;N TR&#7908;C PCE INSTRUMENTS MODEL PCE-WSAC 50W 230<\/strong> ch&iacute;nh h&atilde;ng. M&aacute;y &#272;o Gi&oacute; C&#7847;n Tr&#7909;c PCE-WSAC 50W 230 l&agrave; thi&#7871;t b&#7883; ti&ecirc;n ti&#7871;n &#273;&#432;&#7907;c thi&#7871;t k&#7871; &#273;&#7863;c bi&#7879;t &#273;&#7875; &#273;o l&#432;&#7901;ng v&agrave; gi&aacute;m s&aacute;t t&#7843;i gi&oacute; tr&ecirc;n c&#7847;n tr&#7909;c ho&#7863;c c&aacute;c tua-bin gi&oacute;. Thi&#7871;t b&#7883; n&agrave;y kh&ocirc;ng ch&#7881; h&#7895; tr&#7907; ph&aacute;t hi&#7879;n t&igrave;nh tr&#7841;ng gi&oacute; tr&#432;&#7899;c khi v&#7853;n h&agrave;nh m&agrave; c&ograve;n t&iacute;ch h&#7907;p h&#7879; th&#7889;ng c&#7843;nh b&aacute;o th&ocirc;ng qua r&#417;-le, gi&uacute;p &#273;&#7843;m b&#7843;o an to&agrave;n trong m&#7885;i &#273;i&#7873;u ki&#7879;n th&#7901;i ti&#7871;t<\/p><\/p>","protected":false},"featured_media":10490,"comment_status":"open","ping_status":"closed","template":"","meta":[],"product_brand":[],"product_cat":[18],"product_tag":[2206,2207,2208,109,116,181,274,316,346,382,581,1005],"class_list":{"0":"post-7044","1":"product","2":"type-product","3":"status-publish","4":"has-post-thumbnail","6":"product_cat-chua-phan-loai","7":"product_tag-pce-wsac","8":"product_tag-50w","9":"product_tag-2208","10":"product_tag-may","11":"product_tag-model","12":"product_tag-do","13":"product_tag-toc","14":"product_tag-can","15":"product_tag-pce","16":"product_tag-gio","17":"product_tag-instruments","18":"product_tag-truc","20":"first","21":"instock","22":"shipping-taxable","23":"product-type-simple"},"yoast_head":"<!-- This site is optimized with the Yoast SEO Premium plugin v24.8 (Yoast SEO v24.8) - https:\/\/yoast.com\/wordpress\/plugins\/seo\/ -->\n<title>M\u00c1Y \u0110O T\u1ed0C \u0110\u1ed8 GI\u00d3 C\u1ea6N TR\u1ee4C PCE INST... ch\u00ednh h\u00e3ng | V\u1ea1n N\u0103ng<\/title>\n<meta name=\"description\" content=\"Mua ngay M\u00c1Y \u0110O T\u1ed0C \u0110\u1ed8 GI\u00d3 C\u1ea6N TR\u1ee4C PCE INSTRUMENTS MODEL PCE-WSAC 50W 230 ch\u00ednh h\u00e3ng. Gi\u00e1 t\u1ed1t!\" \/>\n<meta name=\"robots\" content=\"noindex, follow, max-snippet:-1, max-image-preview:large, max-video-preview:-1\" \/>\n<meta property=\"og:locale\" content=\"en_US\" \/>\n<meta property=\"og:type\" content=\"article\" \/>\n<meta property=\"og:title\" content=\"M\u00c1Y \u0110O T\u1ed0C \u0110\u1ed8 GI\u00d3 C\u1ea6N TR\u1ee4C PCE INSTRUMENTS MODEL PCE-WSAC 50W 230\" \/>\n<meta property=\"og:description\" content=\"Mua ngay M\u00c1Y \u0110O T\u1ed0C \u0110\u1ed8 GI\u00d3 C\u1ea6N TR\u1ee4C PCE INSTRUMENTS MODEL PCE-WSAC 50W 230 ch\u00ednh h\u00e3ng. Gi\u00e1 t\u1ed1t!\" \/>\n<meta property=\"og:url\" content=\"https:\/\/vannangvn.123websitedev.com\/en\/product\/may-do-toc-do-gio-can-truc-pce-instruments-model-pce-wsac-50w-230\/\" \/>\n<meta property=\"og:site_name\" content=\"Vannang.vn\" \/>\n<meta property=\"article:modified_time\" content=\"2026-03-30T11:34:22+00:00\" \/>\n<meta property=\"og:image\" content=\"http:\/\/vannangvn.123websitedev.com\/wp-content\/uploads\/2026\/03\/PCE-WSAC-50W-230-no.1-copy.jpg\" \/>\n\t<meta property=\"og:image:width\" content=\"768\" \/>\n\t<meta property=\"og:image:height\" content=\"576\" \/>\n\t<meta property=\"og:image:type\" content=\"image\/jpeg\" \/>\n<meta name=\"twitter:card\" content=\"summary_large_image\" \/>\n<meta name=\"twitter:label1\" content=\"Est. reading time\" \/>\n\t<meta name=\"twitter:data1\" content=\"8 minutes\" \/>\n<script type=\"application\/ld+json\" class=\"yoast-schema-graph\">{\"@context\":\"https:\/\/schema.org\",\"@graph\":[{\"@type\":\"WebPage\",\"@id\":\"https:\/\/vannangvn.123websitedev.com\/san-pham\/may-do-toc-do-gio-can-truc-pce-instruments-model-pce-wsac-50w-230\/\",\"url\":\"https:\/\/vannangvn.123websitedev.com\/san-pham\/may-do-toc-do-gio-can-truc-pce-instruments-model-pce-wsac-50w-230\/\",\"name\":\"M\u00c1Y \u0110O T\u1ed0C \u0110\u1ed8 GI\u00d3 C\u1ea6N TR\u1ee4C PCE INST... ch\u00ednh h\u00e3ng | V\u1ea1n N\u0103ng\",\"isPartOf\":{\"@id\":\"https:\/\/vannangvn.123websitedev.com\/#website\"},\"primaryImageOfPage\":{\"@id\":\"https:\/\/vannangvn.123websitedev.com\/san-pham\/may-do-toc-do-gio-can-truc-pce-instruments-model-pce-wsac-50w-230\/#primaryimage\"},\"image\":{\"@id\":\"https:\/\/vannangvn.123websitedev.com\/san-pham\/may-do-toc-do-gio-can-truc-pce-instruments-model-pce-wsac-50w-230\/#primaryimage\"},\"thumbnailUrl\":\"https:\/\/vannangvn.123websitedev.com\/wp-content\/uploads\/2026\/03\/PCE-WSAC-50W-230-no.1-copy.jpg\",\"datePublished\":\"2026-03-20T10:42:38+00:00\",\"dateModified\":\"2026-03-30T11:34:22+00:00\",\"description\":\"Mua ngay M\u00c1Y \u0110O T\u1ed0C \u0110\u1ed8 GI\u00d3 C\u1ea6N TR\u1ee4C PCE INSTRUMENTS MODEL PCE-WSAC 50W 230 ch\u00ednh h\u00e3ng. Gi\u00e1 t\u1ed1t!\",\"breadcrumb\":{\"@id\":\"https:\/\/vannangvn.123websitedev.com\/san-pham\/may-do-toc-do-gio-can-truc-pce-instruments-model-pce-wsac-50w-230\/#breadcrumb\"},\"inLanguage\":\"en-US\",\"potentialAction\":[{\"@type\":\"ReadAction\",\"target\":[\"https:\/\/vannangvn.123websitedev.com\/san-pham\/may-do-toc-do-gio-can-truc-pce-instruments-model-pce-wsac-50w-230\/\"]}]},{\"@type\":\"ImageObject\",\"inLanguage\":\"en-US\",\"@id\":\"https:\/\/vannangvn.123websitedev.com\/san-pham\/may-do-toc-do-gio-can-truc-pce-instruments-model-pce-wsac-50w-230\/#primaryimage\",\"url\":\"https:\/\/vannangvn.123websitedev.com\/wp-content\/uploads\/2026\/03\/PCE-WSAC-50W-230-no.1-copy.jpg\",\"contentUrl\":\"https:\/\/vannangvn.123websitedev.com\/wp-content\/uploads\/2026\/03\/PCE-WSAC-50W-230-no.1-copy.jpg\",\"width\":768,\"height\":576},{\"@type\":\"BreadcrumbList\",\"@id\":\"https:\/\/vannangvn.123websitedev.com\/san-pham\/may-do-toc-do-gio-can-truc-pce-instruments-model-pce-wsac-50w-230\/#breadcrumb\",\"itemListElement\":[{\"@type\":\"ListItem\",\"position\":1,\"name\":\"Trang ch\u1ee7\",\"item\":\"https:\/\/vannangvn.123websitedev.com\/\"},{\"@type\":\"ListItem\",\"position\":2,\"name\":\"S\u1ea3n ph\u1ea9m\",\"item\":\"https:\/\/vannangvn.123websitedev.com\/cua-hang\/\"},{\"@type\":\"ListItem\",\"position\":3,\"name\":\"M\u00c1Y \u0110O T\u1ed0C \u0110\u1ed8 GI\u00d3 C\u1ea6N TR\u1ee4C PCE INSTRUMENTS MODEL PCE-WSAC 50W 230\"}]},{\"@type\":\"WebSite\",\"@id\":\"https:\/\/vannangvn.123websitedev.com\/#website\",\"url\":\"https:\/\/vannangvn.123websitedev.com\/\",\"name\":\"Vannang.vn\",\"description\":\"\",\"publisher\":{\"@id\":\"https:\/\/vannangvn.123websitedev.com\/#organization\"},\"potentialAction\":[{\"@type\":\"SearchAction\",\"target\":{\"@type\":\"EntryPoint\",\"urlTemplate\":\"https:\/\/vannangvn.123websitedev.com\/?s={search_term_string}\"},\"query-input\":{\"@type\":\"PropertyValueSpecification\",\"valueRequired\":true,\"valueName\":\"search_term_string\"}}],\"inLanguage\":\"en-US\"},{\"@type\":\"Organization\",\"@id\":\"https:\/\/vannangvn.123websitedev.com\/#organization\",\"name\":\"Vannang.vn\",\"url\":\"https:\/\/vannangvn.123websitedev.com\/\",\"logo\":{\"@type\":\"ImageObject\",\"inLanguage\":\"en-US\",\"@id\":\"https:\/\/vannangvn.123websitedev.com\/#\/schema\/logo\/image\/\",\"url\":\"https:\/\/vannangvn.123websitedev.com\/wp-content\/uploads\/2026\/02\/logo-van-nang-02.png\",\"contentUrl\":\"https:\/\/vannangvn.123websitedev.com\/wp-content\/uploads\/2026\/02\/logo-van-nang-02.png\",\"width\":448,\"height\":111,\"caption\":\"Vannang.vn\"},\"image\":{\"@id\":\"https:\/\/vannangvn.123websitedev.com\/#\/schema\/logo\/image\/\"}}]}<\/script>\n<!-- \/ Yoast SEO Premium plugin. -->","yoast_head_json":{"title":"M\u00c1Y \u0110O T\u1ed0C \u0110\u1ed8 GI\u00d3 C\u1ea6N TR\u1ee4C PCE INST... ch\u00ednh h\u00e3ng | V\u1ea1n N\u0103ng","description":"Mua ngay M\u00c1Y \u0110O T\u1ed0C \u0110\u1ed8 GI\u00d3 C\u1ea6N TR\u1ee4C PCE INSTRUMENTS MODEL PCE-WSAC 50W 230 ch\u00ednh h\u00e3ng. Gi\u00e1 t\u1ed1t!","robots":{"index":"noindex","follow":"follow","max-snippet":"max-snippet:-1","max-image-preview":"max-image-preview:large","max-video-preview":"max-video-preview:-1"},"og_locale":"en_US","og_type":"article","og_title":"M\u00c1Y \u0110O T\u1ed0C \u0110\u1ed8 GI\u00d3 C\u1ea6N TR\u1ee4C PCE INSTRUMENTS MODEL PCE-WSAC 50W 230","og_description":"Mua ngay M\u00c1Y \u0110O T\u1ed0C \u0110\u1ed8 GI\u00d3 C\u1ea6N TR\u1ee4C PCE INSTRUMENTS MODEL PCE-WSAC 50W 230 ch\u00ednh h\u00e3ng. Gi\u00e1 t\u1ed1t!","og_url":"https:\/\/vannangvn.123websitedev.com\/en\/product\/may-do-toc-do-gio-can-truc-pce-instruments-model-pce-wsac-50w-230\/","og_site_name":"Vannang.vn","article_modified_time":"2026-03-30T11:34:22+00:00","og_image":[{"width":768,"height":576,"url":"http:\/\/vannangvn.123websitedev.com\/wp-content\/uploads\/2026\/03\/PCE-WSAC-50W-230-no.1-copy.jpg","type":"image\/jpeg"}],"twitter_card":"summary_large_image","twitter_misc":{"Est. reading time":"8 minutes"},"schema":{"@context":"https:\/\/schema.org","@graph":[{"@type":"WebPage","@id":"https:\/\/vannangvn.123websitedev.com\/san-pham\/may-do-toc-do-gio-can-truc-pce-instruments-model-pce-wsac-50w-230\/","url":"https:\/\/vannangvn.123websitedev.com\/san-pham\/may-do-toc-do-gio-can-truc-pce-instruments-model-pce-wsac-50w-230\/","name":"M\u00c1Y \u0110O T\u1ed0C \u0110\u1ed8 GI\u00d3 C\u1ea6N TR\u1ee4C PCE INST... ch\u00ednh h\u00e3ng | V\u1ea1n N\u0103ng","isPartOf":{"@id":"https:\/\/vannangvn.123websitedev.com\/#website"},"primaryImageOfPage":{"@id":"https:\/\/vannangvn.123websitedev.com\/san-pham\/may-do-toc-do-gio-can-truc-pce-instruments-model-pce-wsac-50w-230\/#primaryimage"},"image":{"@id":"https:\/\/vannangvn.123websitedev.com\/san-pham\/may-do-toc-do-gio-can-truc-pce-instruments-model-pce-wsac-50w-230\/#primaryimage"},"thumbnailUrl":"https:\/\/vannangvn.123websitedev.com\/wp-content\/uploads\/2026\/03\/PCE-WSAC-50W-230-no.1-copy.jpg","datePublished":"2026-03-20T10:42:38+00:00","dateModified":"2026-03-30T11:34:22+00:00","description":"Mua ngay M\u00c1Y \u0110O T\u1ed0C \u0110\u1ed8 GI\u00d3 C\u1ea6N TR\u1ee4C PCE INSTRUMENTS MODEL PCE-WSAC 50W 230 ch\u00ednh h\u00e3ng. Gi\u00e1 t\u1ed1t!","breadcrumb":{"@id":"https:\/\/vannangvn.123websitedev.com\/san-pham\/may-do-toc-do-gio-can-truc-pce-instruments-model-pce-wsac-50w-230\/#breadcrumb"},"inLanguage":"en-US","potentialAction":[{"@type":"ReadAction","target":["https:\/\/vannangvn.123websitedev.com\/san-pham\/may-do-toc-do-gio-can-truc-pce-instruments-model-pce-wsac-50w-230\/"]}]},{"@type":"ImageObject","inLanguage":"en-US","@id":"https:\/\/vannangvn.123websitedev.com\/san-pham\/may-do-toc-do-gio-can-truc-pce-instruments-model-pce-wsac-50w-230\/#primaryimage","url":"https:\/\/vannangvn.123websitedev.com\/wp-content\/uploads\/2026\/03\/PCE-WSAC-50W-230-no.1-copy.jpg","contentUrl":"https:\/\/vannangvn.123websitedev.com\/wp-content\/uploads\/2026\/03\/PCE-WSAC-50W-230-no.1-copy.jpg","width":768,"height":576},{"@type":"BreadcrumbList","@id":"https:\/\/vannangvn.123websitedev.com\/san-pham\/may-do-toc-do-gio-can-truc-pce-instruments-model-pce-wsac-50w-230\/#breadcrumb","itemListElement":[{"@type":"ListItem","position":1,"name":"Trang ch\u1ee7","item":"https:\/\/vannangvn.123websitedev.com\/"},{"@type":"ListItem","position":2,"name":"S\u1ea3n ph\u1ea9m","item":"https:\/\/vannangvn.123websitedev.com\/cua-hang\/"},{"@type":"ListItem","position":3,"name":"M\u00c1Y \u0110O T\u1ed0C \u0110\u1ed8 GI\u00d3 C\u1ea6N TR\u1ee4C PCE INSTRUMENTS MODEL PCE-WSAC 50W 230"}]},{"@type":"WebSite","@id":"https:\/\/vannangvn.123websitedev.com\/#website","url":"https:\/\/vannangvn.123websitedev.com\/","name":"Vannang.vn","description":"","publisher":{"@id":"https:\/\/vannangvn.123websitedev.com\/#organization"},"potentialAction":[{"@type":"SearchAction","target":{"@type":"EntryPoint","urlTemplate":"https:\/\/vannangvn.123websitedev.com\/?s={search_term_string}"},"query-input":{"@type":"PropertyValueSpecification","valueRequired":true,"valueName":"search_term_string"}}],"inLanguage":"en-US"},{"@type":"Organization","@id":"https:\/\/vannangvn.123websitedev.com\/#organization","name":"Vannang.vn","url":"https:\/\/vannangvn.123websitedev.com\/","logo":{"@type":"ImageObject","inLanguage":"en-US","@id":"https:\/\/vannangvn.123websitedev.com\/#\/schema\/logo\/image\/","url":"https:\/\/vannangvn.123websitedev.com\/wp-content\/uploads\/2026\/02\/logo-van-nang-02.png","contentUrl":"https:\/\/vannangvn.123websitedev.com\/wp-content\/uploads\/2026\/02\/logo-van-nang-02.png","width":448,"height":111,"caption":"Vannang.vn"},"image":{"@id":"https:\/\/vannangvn.123websitedev.com\/#\/schema\/logo\/image\/"}}]}},"_links":{"self":[{"href":"https:\/\/vannangvn.123websitedev.com\/en\/wp-json\/wp\/v2\/product\/7044","targetHints":{"allow":["GET"]}}],"collection":[{"href":"https:\/\/vannangvn.123websitedev.com\/en\/wp-json\/wp\/v2\/product"}],"about":[{"href":"https:\/\/vannangvn.123websitedev.com\/en\/wp-json\/wp\/v2\/types\/product"}],"replies":[{"embeddable":true,"href":"https:\/\/vannangvn.123websitedev.com\/en\/wp-json\/wp\/v2\/comments?post=7044"}],"wp:featuredmedia":[{"embeddable":true,"href":"https:\/\/vannangvn.123websitedev.com\/en\/wp-json\/wp\/v2\/media\/10490"}],"wp:attachment":[{"href":"https:\/\/vannangvn.123websitedev.com\/en\/wp-json\/wp\/v2\/media?parent=7044"}],"wp:term":[{"taxonomy":"product_brand","embeddable":true,"href":"https:\/\/vannangvn.123websitedev.com\/en\/wp-json\/wp\/v2\/product_brand?post=7044"},{"taxonomy":"product_cat","embeddable":true,"href":"https:\/\/vannangvn.123websitedev.com\/en\/wp-json\/wp\/v2\/product_cat?post=7044"},{"taxonomy":"product_tag","embeddable":true,"href":"https:\/\/vannangvn.123websitedev.com\/en\/wp-json\/wp\/v2\/product_tag?post=7044"}],"curies":[{"name":"wp","href":"https:\/\/api.w.org\/{rel}","templated":true}]}}