{"id":7111,"date":"2026-03-20T18:52:56","date_gmt":"2026-03-20T11:52:56","guid":{"rendered":"https:\/\/vannangvn.123websitedev.com\/san-pham\/may-ep-dun-truc-vit-doi-anton-paar-model-twinlab-b-tse-a-20-40\/"},"modified":"2026-03-30T18:35:59","modified_gmt":"2026-03-30T11:35:59","slug":"may-ep-dun-truc-vit-doi-anton-paar-model-twinlab-b-tse-a-20-40","status":"publish","type":"product","link":"https:\/\/vannangvn.123websitedev.com\/en\/product\/may-ep-dun-truc-vit-doi-anton-paar-model-twinlab-b-tse-a-20-40\/","title":{"rendered":"M\u00c1Y \u00c9P \u0110\u00d9N TR\u1ee4C V\u00cdT \u0110\u00d4I ANTON PAAR MODEL TWINLAB-B-TSE-A 20\/40"},"content":{"rendered":"<h1 style=\"color: red; font-weight: bold; font-size: 24px;\">T&#7893;ng quan s&#7843;n ph&#7849;m M&Aacute;Y &Eacute;P &#272;&Ugrave;N TR&#7908;C V&Iacute;T &#272;&Ocirc;I ANTON PAAR MODEL TWINLAB-B-TSE-A 20\/40<p>M&aacute;y &Eacute;p &#272;&ugrave;n Tr&#7909;c V&iacute;t &#272;&ocirc;i (Lab- and Pilot-Scale Twin Screw Extruders) Anton Paar Model TwinLab-B-TSE-A 20\/40<br>\nTrong m&ocirc;i tr&#432;&#7901;ng c&ocirc;ng nghi&#7879;p &#273;&ograve;i h&#7887;i &#273;&#7897; ch&iacute;nh x&aacute;c cao, M&aacute;y &Eacute;p &#272;&ugrave;n TwinLab-B-TSE-A 20\/40 kh&ocirc;ng ch&#7881; l&agrave; m&#7897;t m&aacute;y &eacute;p nh&#7921;a, m&agrave; c&ograve;n l&agrave; m&#7897;t gi&#7843;i ph&aacute;p to&agrave;n di&#7879;n, t&iacute;ch h&#7907;p h&#7879; th&#7889;ng &#273;o l&#432;&#7901;ng v&agrave; &#273;i&#7873;u khi&#7875;n ti&ecirc;n ti&#7871;n, gi&uacute;p t&#7889;i &#432;u h&oacute;a s&#7843;n xu&#7845;t v&agrave; &#273;&#7843;m b&#7843;o ch&#7845;t l&#432;&#7907;ng s&#7843;n ph&#7849;m. H&atilde;y c&ugrave;ng Thi&#7871;t B&#7883; C&ocirc;ng Ngh&#7879; V&#7841;n N&#259;ng t&igrave;m hi&#7875;u chi ti&#7871;t h&#417;n v&#7873; TwinLab-B-TSE-A 20\/40 qua b&agrave;i vi&#7871;t sau.<\/p><p>&#272;&#7863;c Tr&#432;ng C&#7911;a M&aacute;y &Eacute;p &#272;&ugrave;n Tr&#7909;c V&iacute;t &#272;&ocirc;i<br>\nHi&#7879;u Su&#7845;t V&#432;&#7907;t Tr&#7897;i v&agrave; Linh Ho&#7841;t<br>\nM&aacute;y &Eacute;p &#272;&ugrave;n TwinLab-B-TSE-A 20\/40 l&agrave; s&#7921; k&#7871;t h&#7907;p ho&agrave;n h&#7843;o gi&#7919;a hi&#7879;u su&#7845;t v&agrave; linh ho&#7841;t. V&#7899;i kh&#7843; n&#259;ng x&#7917; l&yacute; t&#7889;i &#432;u trong kho&#7843;ng t&#7915; 0.5 &#273;&#7871;n 20 kg\/h v&agrave; m&ocirc;-men xo&#7855;n l&ecirc;n &#273;&#7871;n 40 Nm m&#7895;i tr&#7909;c, m&aacute;y &eacute;p &#273;&ugrave;n &#273;&#7871;n t&#7915; C&ocirc;ng ty Anton Paar kh&ocirc;ng ch&#7881; &#273;&aacute;p &#7913;ng &#273;&#432;&#7907;c nhu c&#7847;u s&#7843;n xu&#7845;t quy m&ocirc; nh&#7887; m&agrave; c&ograve;n &#273;&aacute;p &#7913;ng &#273;&#432;&#7907;c nhu c&#7847;u c&#7911;a c&aacute;c nh&agrave; m&aacute;y th&#7917; nghi&#7879;m v&agrave; s&#7843;n xu&#7845;t quy m&ocirc; l&#7899;n.<br>\nV&#7899;i kh&#7843; n&#259;ng k&#7871;t n&#7889;i c&ugrave;ng v&#7899;i nh&#7919;ng d&ograve;ng m&aacute;y kh&aacute;c &#273;&#7875; ti&#7879;n h&#417;n trong vi&#7879;c s&#7917; d&#7909;ng theo chu&#7895;i d&acirc;y chuy&#7873;n s&#7843;n xu&#7845;t c&#361;ng nh&#432; gi&uacute;p ti&#7871;t ki&#7879;m h&#417;n trong &#273;&#7847;u t&#432; m&aacute;y m&oacute;c.<br>\nPh&#7847;n M&#7873;m &#272;i&#7873;u Khi&#7875;n Ti&ecirc;n Ti&#7871;n<br>\nMetaBridge Operating Software &#273;i k&egrave;m v&#7899;i Thi&#7871;t B&#7883; &Eacute;p &#272;&ugrave;n TwinLab-B-TSE-A 20\/40 kh&ocirc;ng ch&#7881; l&agrave; ph&#7847;n m&#7873;m &#273;i&#7873;u khi&#7875;n &#273;&#7897;c quy&#7873;n c&#7911;a Anton Paar m&agrave; c&ograve;n l&agrave; m&#7897;t b&#7843;o t&agrave;ng d&#7919; li&#7879;u to&agrave;n di&#7879;n. Cho ph&eacute;p ng&#432;&#7901;i d&ugrave;ng truy c&#7853;p d&#7877; d&agrave;ng v&agrave; linh ho&#7841;t t&#7915; b&#7845;t k&#7923; thi&#7871;t b&#7883; n&agrave;o, MetaBridge gi&uacute;p qu&#7843;n l&yacute; v&agrave; ph&acirc;n t&iacute;ch d&#7919; li&#7879;u m&#7897;t c&aacute;ch ch&iacute;nh x&aacute;c v&agrave; k&#7883;p th&#7901;i, t&#7915; vi&#7879;c &#273;i&#7873;u ch&#7881;nh th&ocirc;ng s&#7889; quy tr&igrave;nh &#273;&#7871;n vi&#7879;c t&#7889;i &#432;u h&oacute;a c&ocirc;ng th&#7913;c s&#7843;n ph&#7849;m.<\/p><h2 style=\"color: #0073aa; font-weight: bold; font-size: 20px;\">Kh&#7843; N&#259;ng &#272;o L&#432;&#7901;ng Chi Ti&#7871;t v&agrave; Ch&iacute;nh X&aacute;c<\/h2><p>V&#7899;i s&aacute;u l&#7895; cho vi&#7879;c th&ecirc;m nguy&ecirc;n li&#7879;u v&agrave; kh&#7843; n&#259;ng &#273;o l&#432;&#7901;ng chi ti&#7871;t c&aacute;c tham s&#7889; nh&#432; nhi&#7879;t &#273;&#7897;, &aacute;p su&#7845;t, m&ocirc;-men xo&#7855;n, v&agrave; t&#7843;i tr&#7909;c, Brabender TwinLab-B-TSE-A 20\/40 &#273;&#432;&#7907;c gi&#7899;i chuy&ecirc;n m&ocirc;n trong ng&agrave;nh v&iacute; nh&#432; l&agrave; m&#7897;t trung t&acirc;m &#273;i&#7873;u khi&#7875;n quy tr&igrave;nh s&#7843;n xu&#7845;t v&#7899;i kh&#7843; n&#259;ng &#273;o l&#432;&#7901;ng v&agrave; ki&#7875;m so&aacute;t ch&#7845;t l&#432;&#7907;ng ch&iacute;nh x&aacute;c, hi&#7879;n &#273;&#7841;i t&#7889;i t&acirc;n nh&#7845;t trong ph&acirc;n kh&uacute;c.<\/p><p>V&#7841;n N&#259;ng cam k&#7871;t cung c&#7845;p gi&aacute; c&#7841;nh tranh tr&ecirc;n th&#7883; tr&#432;&#7901;ng v&#7899;i c&aacute;c d&ograve;ng m&aacute;y &#273;&#7871;n t&#7915; Anton Paar ch&iacute;nh h&atilde;ng nh&#7853;p kh&#7849;u, kh&aacute;ch h&agrave;ng c&oacute; th&#7875; y&ecirc;n t&acirc;m v&#7873; ch&#7845;t l&#432;&#7907;ng c&#361;ng nh&#432; gi&aacute; c&#7843;.<br>\nThi&#7871;t K&#7871; Linh Ho&#7841;t<br>\nV&#7899;i thi&#7871;t k&#7871; th&ocirc;ng minh, l&#7899;p l&oacute;t g&#7845;p &#273;i&#7879;n v&agrave; c&aacute;c v&#7853;t li&#7879;u ch&#7883;u nhi&#7879;t &#273;&#7897; cao, M&aacute;y &#272;&ugrave;n Tr&#7909;c &#272;&ocirc;i TwinLab-B-TSE-A 20\/40 &#273;&#7843;m b&#7843;o s&#7921; linh ho&#7841;t trong vi&#7879;c s&#7917; d&#7909;ng v&agrave; d&#7877; d&agrave;ng v&#7879; sinh sau m&#7895;i quy tr&igrave;nh. &#272;i&#7873;u n&agrave;y kh&ocirc;ng ch&#7881; gi&uacute;p ti&#7871;t ki&#7879;m th&#7901;i gian m&agrave; c&ograve;n &#273;&#7843;m b&#7843;o s&#7921; &#7893;n &#273;&#7883;nh v&agrave; &#273;&#7897; b&#7873;n c&#7911;a m&aacute;y theo th&#7901;i gian.<\/p><p>Nh&#7919;ng L&yacute; Do N&ecirc;n Mua M&aacute;y &#272;&ugrave;n Tr&#7909;c V&iacute;t &#272;&ocirc;i T&#7841;i Thi&#7871;t B&#7883; C&ocirc;ng Ngh&#7879; V&#7841;n N&#259;ng<\/p><p>C&ocirc;ng ty Thi&#7871;t B&#7883; C&ocirc;ng Ngh&#7879; V&#7841;n N&#259;ng l&agrave; &#273;&#7889;i t&aacute;c ch&iacute;nh th&#7913;c ph&acirc;n ph&#7889;i M&aacute;y &#272;&ugrave;n Tr&#7909;c V&iacute;t &#272;&ocirc;i c&#7911;a h&atilde;ng Anton Paar h&agrave;ng &#273;&#7847;u t&#7841;i Vi&#7879;t Nam, cam k&#7871;t cung c&#7845;p s&#7843;n ph&#7849;m ch&iacute;nh h&atilde;ng v&#7899;i gi&aacute; c&#7843; c&#7841;nh tranh nh&#7845;t th&#7883; tr&#432;&#7901;ng. V&#7899;i uy t&iacute;n tr&ecirc;n th&#7883; tr&#432;&#7901;ng v&agrave; ch&#7871; &#273;&#7897; h&#7851;u m&atilde;i t&#7889;t, V&#7841;n N&#259;ng &#273;&atilde; nh&#7853;n &#273;&#432;&#7907;c s&#7921; tin t&#432;&#7903;ng t&#7915; kh&aacute;ch h&agrave;ng nh&#7901; v&agrave;o ch&#7845;t l&#432;&#7907;ng h&agrave;ng &#273;&#7847;u c&#7911;a c&aacute;c d&ograve;ng s&#7843;n ph&#7849;m.<br>\nS&#7843;n ph&#7849;m c&#7911;a ch&uacute;ng t&ocirc;i &#273;&#432;&#7907;c ki&#7875;m &#273;&#7883;nh ch&#7845;t l&#432;&#7907;ng, nh&#7853;p kh&#7849;u tr&#7921;c ti&#7871;p t&#7915; nh&agrave; m&aacute;y b&ecirc;n Ch&acirc;u &Acirc;u, M&#7929;, &Uacute;c, Nh&#7853;t B&#7843;n,&hellip; v&agrave; &#273;&aacute;p &#7913;ng nhu c&#7847;u &#273;a d&#7841;ng c&#7911;a th&#7883; tr&#432;&#7901;ng nh&#432;: M&aacute;y &#272;o &#272;&#7897; C&#7913;ng, M&aacute;y Quang Ph&#7893; Hu&#7923;nh Quang, M&aacute;y Ki&#7875;m Tra &#272;&#7897; B&#7873;n S&#417;n,&hellip; Ch&uacute;ng t&ocirc;i cam k&#7871;t cung c&#7845;p s&#7843;n ph&#7849;m n&agrave;y tr&ecirc;n to&agrave;n qu&#7889;c v&#7899;i gi&aacute; c&#7843; c&#7841;nh tranh nh&#7845;t.<br>\nCh&uacute;ng t&ocirc;i c&oacute; &#273;&#7897;i ng&#361; chuy&ecirc;n vi&ecirc;n t&#432; v&#7845;n chuy&ecirc;n s&acirc;u s&#7869; h&#7895; tr&#7907; kh&aacute;ch h&agrave;ng v&#7873; chi ti&#7871;t s&#7843;n ph&#7849;m, h&#432;&#7899;ng d&#7851;n s&#7917; d&#7909;ng hay nh&#7919;ng th&#7913; li&ecirc;n quan &#273;&#7871;n v&#7845;n &#273;&#7873; m&agrave; doanh nghi&#7879;p b&#7841;n &#273;ang g&#7863;p ph&#7843;i. Ch&uacute;ng t&ocirc;i s&#7869; cung c&#7845;p nh&#7919;ng gi&#7843;i ph&aacute;p t&#7889;i &#432;u nh&#7845;t !!!<br>\nNgo&agrave;i ra Thi&#7871;t B&#7883; C&ocirc;ng Ngh&#7879; V&#7841;n N&#259;ng lu&ocirc;n h&#432;&#7899;ng &#273;&#7871;n tr&#7843;i nghi&#7879;m kh&aacute;ch h&agrave;ng, v&igrave; v&#7853;y ch&uacute;ng t&ocirc;i c&oacute; nh&#7919;ng ch&iacute;nh s&aacute;ch b&#7843;o h&agrave;nh, b&#7843;o tr&igrave; &ndash; b&#7843;o d&#432;&#7905;ng, hi&#7879;u chu&#7849;n v&#7899;i t&#7845;t c&#7843; c&aacute;c thi&#7871;t b&#7883;, m&aacute;y m&oacute;c m&agrave; ch&uacute;ng t&ocirc;i cung c&#7845;p. &#272;&#7843;m b&#7843;o mang &#273;&#7871;n cho Kh&aacute;ch h&agrave;ng s&#7921; y&ecirc;n t&acirc;m tuy&#7879;t &#273;&#7889;i v&#7873; d&#7883;ch v&#7909; khi mua h&agrave;ng.<\/p><p>T&#7893;ng K&#7871;t<br>\nM&aacute;y &Eacute;p &#272;&ugrave;n Tr&#7909;c V&iacute;t &#272;&ocirc;i TwinLab-B-TSE-A 20\/40 kh&ocirc;ng ch&#7881; l&agrave; m&#7897;t s&#7843;n ph&#7849;m, m&agrave; l&agrave; m&#7897;t gi&#7843;i ph&aacute;p to&agrave;n di&#7879;n cho quy tr&igrave;nh s&#7843;n xu&#7845;t v&agrave; ki&#7875;m so&aacute;t ch&#7845;t l&#432;&#7907;ng. V&#7899;i s&#7921; k&#7871;t h&#7907;p ho&agrave;n h&#7843;o gi&#7919;a hi&#7879;u su&#7845;t, linh ho&#7841;t, v&agrave; s&#7921; ti&#7879;n &iacute;ch, TwinLab-B-TSE-A 20\/40 kh&ocirc;ng ch&#7881; &#273;&aacute;p &#7913;ng &#273;&#432;&#7907;c c&aacute;c y&ecirc;u c&#7847;u kh&#7855;t khe c&#7911;a ng&agrave;nh c&ocirc;ng nghi&#7879;p m&agrave; c&ograve;n m&#7903; ra nh&#7919;ng c&#417; h&#7897;i m&#7899;i trong vi&#7879;c t&#7889;i &#432;u h&oacute;a quy tr&igrave;nh s&#7843;n xu&#7845;t v&agrave; ki&#7875;m so&aacute;t ch&#7845;t l&#432;&#7907;ng. H&atilde;y li&ecirc;n h&#7879; v&#7899;i Thi&#7871;t B&#7883; C&ocirc;ng Ngh&#7879; V&#7841;n N&#259;ng ngay &#273;&#7875; &#273;&#432;&#7907;c t&#432; v&#7845;n chuy&ecirc;n s&acirc;u v&agrave; nh&#7853;n nh&#7919;ng &#432;u &#273;&atilde;i h&#7845;p d&#7851;n nh&#7845;t th&ocirc;ng qua hotline <a href=\"https:\/\/zalo.me\/0903991335\" target=\"_blank\" rel=\"noopener\" style=\"color: #059669; font-weight: bold; text-decoration: none;\">0903 991 335<\/a>!<\/p><div style=\"background-color: #f8fafc; border: 1px solid #e2e8f0; border-radius: 8px; padding: 25px; max-width: 800px; margin: 30px auto; color: #334155; line-height: 1.8; font-size: 17px; box-shadow: 0 4px 6px -1px rgba(0,0,0,0.05); text-align: left; clear: both;\">\nC&ocirc;ng ty TNHH Th&#432;&#417;ng M&#7841;i D&#7883;ch V&#7909; Thi&#7871;t B&#7883; C&ocirc;ng Ngh&#7879; V&#7841;n N&#259;ng\n<p style=\"margin: 0 0 10px 0;\">&#128205; <strong style=\"color: #1e293b;\">&#272;&#7883;a ch&#7881;:<\/strong> <a style=\"color: #059669; text-decoration: none; font-weight: bold;\" href=\"https:\/\/www.google.com\/maps\/search\/C%C3%B4ng+ty+TNHH+Th%C6%B0%C6%A1ng+M%E1%BA%A1i+D%E1%BB%8Bch+V%E1%BB%A5+Thi%E1%BA%BFt+B%E1%BB%8B+C%C3%B4ng+Ngh%E1%BB%87+V%E1%BA%A1n+N%C4%83ng+818+Tr%C6%B0%E1%BB%9Dng+Chinh\" target=\"_blank\" rel=\"noopener\">818 Tr&#432;&#7901;ng Chinh, Ph&#432;&#7901;ng T&acirc;n S&#417;n, Th&agrave;nh ph&#7889; H&#7891; Ch&iacute; Minh, Vi&#7879;t Nam<\/a><\/p>\n<p style=\"margin: 0 0 10px 0;\">&#128222; <strong style=\"color: #1e293b;\">S&#272;T &ndash; Zalo:<\/strong> <a style=\"color: #059669; text-decoration: none; font-weight: bold;\" href=\"https:\/\/zalo.me\/0903991335\" target=\"_blank\" rel=\"noopener\">0903 991 335<\/a> <span style=\"color: #64748b; font-style: italic;\">(Ms. H&#7841;nh &ndash; Gi&aacute;m &#272;&#7889;c Kinh Doanh)<\/span><\/p>\n<p style=\"margin: 0;\">&#9993;&#65039; <strong style=\"color: #1e293b;\">Email:<\/strong> <a style=\"color: #059669; text-decoration: none; font-weight: bold;\" href=\"mailto:hienhanh@vannangvn.com\">hienhanh@vannangvn.com<\/a><\/p>\n<\/div><\/h1>","protected":false},"excerpt":{"rendered":"<p><strong>Th&#432;&#417;ng hi&#7879;u:<\/strong> M&aacute;y &#273;&ugrave;n tr&#7909;c &#273;&ocirc;i TwinLab-B-TSE-A 20\/40&nbsp;thi&#7871;t k&#7871; m&ocirc;-&#273;un, k&#7871;t h&#7907;p v&#7899;i MetaStation 8, mang &#273;&#7871;n s&#7921; linh ho&#7841;t cao cho c&aacute;c nghi&ecirc;n c&#7913;u v&agrave; ph&aacute;t tri&#7875;n v&#7853;t li&#7879;u m&#7899;i.<br>\n<strong>Model:<\/strong> TwinLab-2<p>Product <strong>M&Aacute;Y &Eacute;P &#272;&Ugrave;N TR&#7908;C V&Iacute;T &#272;&Ocirc;I ANTON PAAR MODEL TWINLAB-B-TSE-A 20\/40<\/strong> ch&iacute;nh h&atilde;ng. M&aacute;y &#273;&ugrave;n tr&#7909;c &#273;&ocirc;i TwinLab-B-TSE-A 20\/40&nbsp;thi&#7871;t k&#7871; m&ocirc;-&#273;un, k&#7871;t h&#7907;p v&#7899;i MetaStation 8, mang &#273;&#7871;n s&#7921; linh ho&#7841;t cao cho c&aacute;c nghi&ecirc;n c&#7913;u v&agrave; ph&aacute;t tri&#7875;n v&#7853;t li&#7879;u m&#7899;i.<\/p><\/p>","protected":false},"featured_media":8577,"comment_status":"open","ping_status":"closed","template":"","meta":[],"product_brand":[],"product_cat":[18],"product_tag":[2281,2283,101,109,116,464,465,1005,2275,2276,2279],"class_list":{"0":"post-7111","1":"product","2":"type-product","3":"status-publish","4":"has-post-thumbnail","6":"product_cat-chua-phan-loai","7":"product_tag-twinlab-b-tse-a","8":"product_tag-20-40","9":"product_tag-doi","10":"product_tag-may","11":"product_tag-model","12":"product_tag-anton","13":"product_tag-paar","14":"product_tag-truc","15":"product_tag-dun","16":"product_tag-vit","17":"product_tag-ep","19":"first","20":"instock","21":"shipping-taxable","22":"product-type-simple"},"yoast_head":"<!-- This site is optimized with the Yoast SEO Premium plugin v24.8 (Yoast SEO v24.8) - https:\/\/yoast.com\/wordpress\/plugins\/seo\/ -->\n<title>M\u00c1Y \u00c9P \u0110\u00d9N TR\u1ee4C V\u00cdT \u0110\u00d4I ANTON PAAR ... ch\u00ednh h\u00e3ng | V\u1ea1n N\u0103ng<\/title>\n<meta name=\"description\" content=\"Mua ngay M\u00c1Y \u00c9P \u0110\u00d9N TR\u1ee4C V\u00cdT \u0110\u00d4I ANTON PAAR MODEL TWINLAB-B-TSE-A 20\/40 ch\u00ednh h\u00e3ng. Gi\u00e1 t\u1ed1t!\" \/>\n<meta name=\"robots\" content=\"noindex, follow, max-snippet:-1, max-image-preview:large, max-video-preview:-1\" \/>\n<meta property=\"og:locale\" content=\"en_US\" \/>\n<meta property=\"og:type\" content=\"article\" \/>\n<meta property=\"og:title\" content=\"M\u00c1Y \u00c9P \u0110\u00d9N TR\u1ee4C V\u00cdT \u0110\u00d4I ANTON PAAR MODEL TWINLAB-B-TSE-A 20\/40\" \/>\n<meta property=\"og:description\" content=\"Mua ngay M\u00c1Y \u00c9P \u0110\u00d9N TR\u1ee4C V\u00cdT \u0110\u00d4I ANTON PAAR MODEL TWINLAB-B-TSE-A 20\/40 ch\u00ednh h\u00e3ng. Gi\u00e1 t\u1ed1t!\" \/>\n<meta property=\"og:url\" content=\"https:\/\/vannangvn.123websitedev.com\/en\/product\/may-ep-dun-truc-vit-doi-anton-paar-model-twinlab-b-tse-a-20-40\/\" \/>\n<meta property=\"og:site_name\" content=\"Vannang.vn\" \/>\n<meta property=\"article:modified_time\" content=\"2026-03-30T11:35:59+00:00\" \/>\n<meta property=\"og:image\" content=\"http:\/\/vannangvn.123websitedev.com\/wp-content\/uploads\/2026\/03\/May-Ep-Dun-Truc-Vit-Doi-Lab-and-Pilot-Scale-Twin-Screw-Extruders-Anton-Paar-Model-TwinLab-B-TSE-A-20401-copy.jpg\" \/>\n\t<meta property=\"og:image:width\" content=\"768\" \/>\n\t<meta property=\"og:image:height\" content=\"576\" \/>\n\t<meta property=\"og:image:type\" content=\"image\/jpeg\" \/>\n<meta name=\"twitter:card\" content=\"summary_large_image\" \/>\n<meta name=\"twitter:label1\" content=\"Est. reading time\" \/>\n\t<meta name=\"twitter:data1\" content=\"7 minutes\" \/>\n<script type=\"application\/ld+json\" class=\"yoast-schema-graph\">{\"@context\":\"https:\/\/schema.org\",\"@graph\":[{\"@type\":\"WebPage\",\"@id\":\"https:\/\/vannangvn.123websitedev.com\/san-pham\/may-ep-dun-truc-vit-doi-anton-paar-model-twinlab-b-tse-a-20-40\/\",\"url\":\"https:\/\/vannangvn.123websitedev.com\/san-pham\/may-ep-dun-truc-vit-doi-anton-paar-model-twinlab-b-tse-a-20-40\/\",\"name\":\"M\u00c1Y \u00c9P \u0110\u00d9N TR\u1ee4C V\u00cdT \u0110\u00d4I ANTON PAAR ... ch\u00ednh h\u00e3ng | V\u1ea1n N\u0103ng\",\"isPartOf\":{\"@id\":\"https:\/\/vannangvn.123websitedev.com\/#website\"},\"primaryImageOfPage\":{\"@id\":\"https:\/\/vannangvn.123websitedev.com\/san-pham\/may-ep-dun-truc-vit-doi-anton-paar-model-twinlab-b-tse-a-20-40\/#primaryimage\"},\"image\":{\"@id\":\"https:\/\/vannangvn.123websitedev.com\/san-pham\/may-ep-dun-truc-vit-doi-anton-paar-model-twinlab-b-tse-a-20-40\/#primaryimage\"},\"thumbnailUrl\":\"https:\/\/vannangvn.123websitedev.com\/wp-content\/uploads\/2026\/03\/May-Ep-Dun-Truc-Vit-Doi-Lab-and-Pilot-Scale-Twin-Screw-Extruders-Anton-Paar-Model-TwinLab-B-TSE-A-20401-copy.jpg\",\"datePublished\":\"2026-03-20T11:52:56+00:00\",\"dateModified\":\"2026-03-30T11:35:59+00:00\",\"description\":\"Mua ngay M\u00c1Y \u00c9P \u0110\u00d9N TR\u1ee4C V\u00cdT \u0110\u00d4I ANTON PAAR MODEL TWINLAB-B-TSE-A 20\/40 ch\u00ednh h\u00e3ng. Gi\u00e1 t\u1ed1t!\",\"breadcrumb\":{\"@id\":\"https:\/\/vannangvn.123websitedev.com\/san-pham\/may-ep-dun-truc-vit-doi-anton-paar-model-twinlab-b-tse-a-20-40\/#breadcrumb\"},\"inLanguage\":\"en-US\",\"potentialAction\":[{\"@type\":\"ReadAction\",\"target\":[\"https:\/\/vannangvn.123websitedev.com\/san-pham\/may-ep-dun-truc-vit-doi-anton-paar-model-twinlab-b-tse-a-20-40\/\"]}]},{\"@type\":\"ImageObject\",\"inLanguage\":\"en-US\",\"@id\":\"https:\/\/vannangvn.123websitedev.com\/san-pham\/may-ep-dun-truc-vit-doi-anton-paar-model-twinlab-b-tse-a-20-40\/#primaryimage\",\"url\":\"https:\/\/vannangvn.123websitedev.com\/wp-content\/uploads\/2026\/03\/May-Ep-Dun-Truc-Vit-Doi-Lab-and-Pilot-Scale-Twin-Screw-Extruders-Anton-Paar-Model-TwinLab-B-TSE-A-20401-copy.jpg\",\"contentUrl\":\"https:\/\/vannangvn.123websitedev.com\/wp-content\/uploads\/2026\/03\/May-Ep-Dun-Truc-Vit-Doi-Lab-and-Pilot-Scale-Twin-Screw-Extruders-Anton-Paar-Model-TwinLab-B-TSE-A-20401-copy.jpg\",\"width\":768,\"height\":576},{\"@type\":\"BreadcrumbList\",\"@id\":\"https:\/\/vannangvn.123websitedev.com\/san-pham\/may-ep-dun-truc-vit-doi-anton-paar-model-twinlab-b-tse-a-20-40\/#breadcrumb\",\"itemListElement\":[{\"@type\":\"ListItem\",\"position\":1,\"name\":\"Trang ch\u1ee7\",\"item\":\"https:\/\/vannangvn.123websitedev.com\/\"},{\"@type\":\"ListItem\",\"position\":2,\"name\":\"S\u1ea3n ph\u1ea9m\",\"item\":\"https:\/\/vannangvn.123websitedev.com\/cua-hang\/\"},{\"@type\":\"ListItem\",\"position\":3,\"name\":\"M\u00c1Y \u00c9P \u0110\u00d9N TR\u1ee4C V\u00cdT \u0110\u00d4I ANTON PAAR MODEL TWINLAB-B-TSE-A 20\/40\"}]},{\"@type\":\"WebSite\",\"@id\":\"https:\/\/vannangvn.123websitedev.com\/#website\",\"url\":\"https:\/\/vannangvn.123websitedev.com\/\",\"name\":\"Vannang.vn\",\"description\":\"\",\"publisher\":{\"@id\":\"https:\/\/vannangvn.123websitedev.com\/#organization\"},\"potentialAction\":[{\"@type\":\"SearchAction\",\"target\":{\"@type\":\"EntryPoint\",\"urlTemplate\":\"https:\/\/vannangvn.123websitedev.com\/?s={search_term_string}\"},\"query-input\":{\"@type\":\"PropertyValueSpecification\",\"valueRequired\":true,\"valueName\":\"search_term_string\"}}],\"inLanguage\":\"en-US\"},{\"@type\":\"Organization\",\"@id\":\"https:\/\/vannangvn.123websitedev.com\/#organization\",\"name\":\"Vannang.vn\",\"url\":\"https:\/\/vannangvn.123websitedev.com\/\",\"logo\":{\"@type\":\"ImageObject\",\"inLanguage\":\"en-US\",\"@id\":\"https:\/\/vannangvn.123websitedev.com\/#\/schema\/logo\/image\/\",\"url\":\"https:\/\/vannangvn.123websitedev.com\/wp-content\/uploads\/2026\/02\/logo-van-nang-02.png\",\"contentUrl\":\"https:\/\/vannangvn.123websitedev.com\/wp-content\/uploads\/2026\/02\/logo-van-nang-02.png\",\"width\":448,\"height\":111,\"caption\":\"Vannang.vn\"},\"image\":{\"@id\":\"https:\/\/vannangvn.123websitedev.com\/#\/schema\/logo\/image\/\"}}]}<\/script>\n<!-- \/ Yoast SEO Premium plugin. -->","yoast_head_json":{"title":"M\u00c1Y \u00c9P \u0110\u00d9N TR\u1ee4C V\u00cdT \u0110\u00d4I ANTON PAAR ... ch\u00ednh h\u00e3ng | V\u1ea1n N\u0103ng","description":"Mua ngay M\u00c1Y \u00c9P \u0110\u00d9N TR\u1ee4C V\u00cdT \u0110\u00d4I ANTON PAAR MODEL TWINLAB-B-TSE-A 20\/40 ch\u00ednh h\u00e3ng. Gi\u00e1 t\u1ed1t!","robots":{"index":"noindex","follow":"follow","max-snippet":"max-snippet:-1","max-image-preview":"max-image-preview:large","max-video-preview":"max-video-preview:-1"},"og_locale":"en_US","og_type":"article","og_title":"M\u00c1Y \u00c9P \u0110\u00d9N TR\u1ee4C V\u00cdT \u0110\u00d4I ANTON PAAR MODEL TWINLAB-B-TSE-A 20\/40","og_description":"Mua ngay M\u00c1Y \u00c9P \u0110\u00d9N TR\u1ee4C V\u00cdT \u0110\u00d4I ANTON PAAR MODEL TWINLAB-B-TSE-A 20\/40 ch\u00ednh h\u00e3ng. Gi\u00e1 t\u1ed1t!","og_url":"https:\/\/vannangvn.123websitedev.com\/en\/product\/may-ep-dun-truc-vit-doi-anton-paar-model-twinlab-b-tse-a-20-40\/","og_site_name":"Vannang.vn","article_modified_time":"2026-03-30T11:35:59+00:00","og_image":[{"width":768,"height":576,"url":"http:\/\/vannangvn.123websitedev.com\/wp-content\/uploads\/2026\/03\/May-Ep-Dun-Truc-Vit-Doi-Lab-and-Pilot-Scale-Twin-Screw-Extruders-Anton-Paar-Model-TwinLab-B-TSE-A-20401-copy.jpg","type":"image\/jpeg"}],"twitter_card":"summary_large_image","twitter_misc":{"Est. reading time":"7 minutes"},"schema":{"@context":"https:\/\/schema.org","@graph":[{"@type":"WebPage","@id":"https:\/\/vannangvn.123websitedev.com\/san-pham\/may-ep-dun-truc-vit-doi-anton-paar-model-twinlab-b-tse-a-20-40\/","url":"https:\/\/vannangvn.123websitedev.com\/san-pham\/may-ep-dun-truc-vit-doi-anton-paar-model-twinlab-b-tse-a-20-40\/","name":"M\u00c1Y \u00c9P \u0110\u00d9N TR\u1ee4C V\u00cdT \u0110\u00d4I ANTON PAAR ... ch\u00ednh h\u00e3ng | V\u1ea1n N\u0103ng","isPartOf":{"@id":"https:\/\/vannangvn.123websitedev.com\/#website"},"primaryImageOfPage":{"@id":"https:\/\/vannangvn.123websitedev.com\/san-pham\/may-ep-dun-truc-vit-doi-anton-paar-model-twinlab-b-tse-a-20-40\/#primaryimage"},"image":{"@id":"https:\/\/vannangvn.123websitedev.com\/san-pham\/may-ep-dun-truc-vit-doi-anton-paar-model-twinlab-b-tse-a-20-40\/#primaryimage"},"thumbnailUrl":"https:\/\/vannangvn.123websitedev.com\/wp-content\/uploads\/2026\/03\/May-Ep-Dun-Truc-Vit-Doi-Lab-and-Pilot-Scale-Twin-Screw-Extruders-Anton-Paar-Model-TwinLab-B-TSE-A-20401-copy.jpg","datePublished":"2026-03-20T11:52:56+00:00","dateModified":"2026-03-30T11:35:59+00:00","description":"Mua ngay M\u00c1Y \u00c9P \u0110\u00d9N TR\u1ee4C V\u00cdT \u0110\u00d4I ANTON PAAR MODEL TWINLAB-B-TSE-A 20\/40 ch\u00ednh h\u00e3ng. Gi\u00e1 t\u1ed1t!","breadcrumb":{"@id":"https:\/\/vannangvn.123websitedev.com\/san-pham\/may-ep-dun-truc-vit-doi-anton-paar-model-twinlab-b-tse-a-20-40\/#breadcrumb"},"inLanguage":"en-US","potentialAction":[{"@type":"ReadAction","target":["https:\/\/vannangvn.123websitedev.com\/san-pham\/may-ep-dun-truc-vit-doi-anton-paar-model-twinlab-b-tse-a-20-40\/"]}]},{"@type":"ImageObject","inLanguage":"en-US","@id":"https:\/\/vannangvn.123websitedev.com\/san-pham\/may-ep-dun-truc-vit-doi-anton-paar-model-twinlab-b-tse-a-20-40\/#primaryimage","url":"https:\/\/vannangvn.123websitedev.com\/wp-content\/uploads\/2026\/03\/May-Ep-Dun-Truc-Vit-Doi-Lab-and-Pilot-Scale-Twin-Screw-Extruders-Anton-Paar-Model-TwinLab-B-TSE-A-20401-copy.jpg","contentUrl":"https:\/\/vannangvn.123websitedev.com\/wp-content\/uploads\/2026\/03\/May-Ep-Dun-Truc-Vit-Doi-Lab-and-Pilot-Scale-Twin-Screw-Extruders-Anton-Paar-Model-TwinLab-B-TSE-A-20401-copy.jpg","width":768,"height":576},{"@type":"BreadcrumbList","@id":"https:\/\/vannangvn.123websitedev.com\/san-pham\/may-ep-dun-truc-vit-doi-anton-paar-model-twinlab-b-tse-a-20-40\/#breadcrumb","itemListElement":[{"@type":"ListItem","position":1,"name":"Trang ch\u1ee7","item":"https:\/\/vannangvn.123websitedev.com\/"},{"@type":"ListItem","position":2,"name":"S\u1ea3n ph\u1ea9m","item":"https:\/\/vannangvn.123websitedev.com\/cua-hang\/"},{"@type":"ListItem","position":3,"name":"M\u00c1Y \u00c9P \u0110\u00d9N TR\u1ee4C V\u00cdT \u0110\u00d4I ANTON PAAR MODEL TWINLAB-B-TSE-A 20\/40"}]},{"@type":"WebSite","@id":"https:\/\/vannangvn.123websitedev.com\/#website","url":"https:\/\/vannangvn.123websitedev.com\/","name":"Vannang.vn","description":"","publisher":{"@id":"https:\/\/vannangvn.123websitedev.com\/#organization"},"potentialAction":[{"@type":"SearchAction","target":{"@type":"EntryPoint","urlTemplate":"https:\/\/vannangvn.123websitedev.com\/?s={search_term_string}"},"query-input":{"@type":"PropertyValueSpecification","valueRequired":true,"valueName":"search_term_string"}}],"inLanguage":"en-US"},{"@type":"Organization","@id":"https:\/\/vannangvn.123websitedev.com\/#organization","name":"Vannang.vn","url":"https:\/\/vannangvn.123websitedev.com\/","logo":{"@type":"ImageObject","inLanguage":"en-US","@id":"https:\/\/vannangvn.123websitedev.com\/#\/schema\/logo\/image\/","url":"https:\/\/vannangvn.123websitedev.com\/wp-content\/uploads\/2026\/02\/logo-van-nang-02.png","contentUrl":"https:\/\/vannangvn.123websitedev.com\/wp-content\/uploads\/2026\/02\/logo-van-nang-02.png","width":448,"height":111,"caption":"Vannang.vn"},"image":{"@id":"https:\/\/vannangvn.123websitedev.com\/#\/schema\/logo\/image\/"}}]}},"_links":{"self":[{"href":"https:\/\/vannangvn.123websitedev.com\/en\/wp-json\/wp\/v2\/product\/7111","targetHints":{"allow":["GET"]}}],"collection":[{"href":"https:\/\/vannangvn.123websitedev.com\/en\/wp-json\/wp\/v2\/product"}],"about":[{"href":"https:\/\/vannangvn.123websitedev.com\/en\/wp-json\/wp\/v2\/types\/product"}],"replies":[{"embeddable":true,"href":"https:\/\/vannangvn.123websitedev.com\/en\/wp-json\/wp\/v2\/comments?post=7111"}],"wp:featuredmedia":[{"embeddable":true,"href":"https:\/\/vannangvn.123websitedev.com\/en\/wp-json\/wp\/v2\/media\/8577"}],"wp:attachment":[{"href":"https:\/\/vannangvn.123websitedev.com\/en\/wp-json\/wp\/v2\/media?parent=7111"}],"wp:term":[{"taxonomy":"product_brand","embeddable":true,"href":"https:\/\/vannangvn.123websitedev.com\/en\/wp-json\/wp\/v2\/product_brand?post=7111"},{"taxonomy":"product_cat","embeddable":true,"href":"https:\/\/vannangvn.123websitedev.com\/en\/wp-json\/wp\/v2\/product_cat?post=7111"},{"taxonomy":"product_tag","embeddable":true,"href":"https:\/\/vannangvn.123websitedev.com\/en\/wp-json\/wp\/v2\/product_tag?post=7111"}],"curies":[{"name":"wp","href":"https:\/\/api.w.org\/{rel}","templated":true}]}}