{"id":7132,"date":"2026-03-20T18:53:23","date_gmt":"2026-03-20T11:53:23","guid":{"rendered":"https:\/\/vannangvn.123websitedev.com\/san-pham\/may-in-ky-tu-lon-linx-model-ij375\/"},"modified":"2026-03-30T18:36:29","modified_gmt":"2026-03-30T11:36:29","slug":"may-in-ky-tu-lon-linx-model-ij375","status":"publish","type":"product","link":"https:\/\/vannangvn.123websitedev.com\/en\/product\/may-in-ky-tu-lon-linx-model-ij375\/","title":{"rendered":"M\u00c1Y IN K\u00dd T\u1ef0 L\u1edaN LINX MODEL IJ375"},"content":{"rendered":"<h1 style=\"color: red; font-weight: bold; font-size: 24px;\">T&#7893;ng quan s&#7843;n ph&#7849;m M&Aacute;Y IN K&Yacute; T&#7920; L&#7898;N LINX MODEL IJ375<p>M&aacute;y In K&yacute; T&#7921; L&#7899;n Linx Model IJ375<br>\nM&aacute;y In K&yacute; T&#7921; L&#7899;n Linx Model IJ375 l&agrave; m&aacute;y in k&yacute; t&#7921; l&#7899;n (Large Character Case Coding) &#273;&#7897; ph&acirc;n gi&#7843;i cao, &#273;&#432;&#7907;c thi&#7871;t k&#7871; &#273;&#7875; in tr&#7921;c ti&#7871;p v&#259;n b&#7843;n, logo, &#273;&#7891; h&#7885;a v&agrave; m&atilde; v&#7841;ch l&ecirc;n c&aacute;c b&#7873; m&#7863;t x&#7889;p nh&#432; th&ugrave;ng carton, h&#7897;p gi&#7845;y, b&igrave;a c&#7913;ng v&agrave; g&#7895;.<br>\nM&aacute;y cho ph&eacute;p in tr&#7921;c ti&#7871;p l&ecirc;n bao b&igrave; ti&ecirc;u chu&#7849;n, lo&#7841;i b&#7887; s&#7921; ph&#7909; thu&#7897;c v&agrave;o nh&atilde;n d&aacute;n ho&#7863;c th&ugrave;ng in s&#7861;n, t&#7915; &#273;&oacute; gi&uacute;p doanh nghi&#7879;p ch&#7911; &#273;&#7897;ng h&#417;n trong vi&#7879;c thay &#273;&#7893;i n&#7897;i dung in theo t&#7915;ng l&ocirc; s&#7843;n xu&#7845;t, t&#7915;ng kh&aacute;ch h&agrave;ng ho&#7863;c t&#7915;ng th&#7883; tr&#432;&#7901;ng ph&acirc;n ph&#7889;i. H&atilde;y c&ugrave;ng V&#7841;n N&#259;ng t&igrave;m hi&#7875;u chi ti&#7871;t h&#417;n v&#7873; s&#7843;n ph&#7849;m th&ocirc;ng qua b&agrave;i vi&#7871;t d&#432;&#7899;i &#273;&acirc;y nh&eacute;!<\/p><h2 style=\"color: #2e7d32; font-weight: bold; font-size: 20px;\">N&eacute;t &#272;&#7863;c Tr&#432;ng N&#7893;i B&#7853;t C&#7911;a Linx IJ375<\/h2><p>In k&yacute; t&#7921; l&#7899;n s&#7855;c n&eacute;t tr&ecirc;n v&#7853;t li&#7879;u x&#7889;p<br>\nLinx IJ375 cho ph&eacute;p in v&#259;n b&#7843;n, s&#7889;, logo v&agrave; m&atilde; v&#7841;ch v&#7899;i chi&#7873;u cao l&ecirc;n &#273;&#7871;n 53 mm, ph&ugrave; h&#7907;p cho h&#7847;u h&#7871;t c&aacute;c &#7913;ng d&#7909;ng in m&atilde; th&ugrave;ng carton ti&ecirc;u chu&#7849;n. Ch&#7845;t l&#432;&#7907;ng in &#273;&#7897; ph&acirc;n gi&#7843;i cao gi&uacute;p n&#7897;i dung r&otilde; r&agrave;ng, d&#7877; &#273;&#7885;c v&agrave; d&#7877; qu&eacute;t ngay c&#7843; khi bao b&igrave; b&#7883; x&#7917; l&yacute; nhi&#7873;u l&#7847;n trong chu&#7895;i logistics.<br>\nC&ocirc;ng ngh&#7879; m&#7921;c b&aacute;m d&iacute;nh cao<br>\nM&aacute;y s&#7917; d&#7909;ng m&#7921;c c&oacute; &#273;&#7897; b&aacute;m t&#7889;t tr&ecirc;n c&aacute;c b&#7873; m&#7863;t x&#7889;p v&agrave; b&aacute;n x&#7889;p, &#273;&#7843;m b&#7843;o m&atilde; in kh&ocirc;ng b&#7883; lem, phai hay bong tr&oacute;c. &#272;i&#7873;u n&agrave;y &#273;&#7863;c bi&#7879;t quan tr&#7885;ng v&#7899;i c&aacute;c th&ugrave;ng carton ph&#7843;i v&#7853;n chuy&#7875;n &#273;&#432;&#7901;ng d&agrave;i ho&#7863;c l&#432;u kho trong th&#7901;i gian d&agrave;i.<br>\nH&#7879; th&#7889;ng ReFRESH duy tr&igrave; ch&#7845;t l&#432;&#7907;ng in &#7893;n &#273;&#7883;nh<br>\nH&#7879; th&#7889;ng ReFRESH t&#7921; &#273;&#7897;ng t&aacute;i tu&#7847;n ho&agrave;n m&#7921;c v&agrave; gi&#7919; cho &#273;&#7847;u phun lu&ocirc;n th&ocirc;ng su&#7889;t. Nh&#7901; &#273;&oacute;, m&aacute;y h&#7841;n ch&#7871; t&#7889;i &#273;a t&igrave;nh tr&#7841;ng t&#7855;c m&#7921;c, gi&uacute;p duy tr&igrave; ch&#7845;t l&#432;&#7907;ng in &#7893;n &#273;&#7883;nh v&agrave; gi&#7843;m nhu c&#7847;u v&#7879; sinh th&#7911; c&ocirc;ng.<\/p><p>&#431;u &#272;i&#7875;m V&#432;&#7907;t Tr&#7897;i C&#7911;a Linx IJ375<br>\nGi&#7843;m m&#7841;nh chi ph&iacute; nh&atilde;n v&agrave; bao b&igrave; in s&#7861;n<br>\nV&#7899;i Linx Model IJ375, doanh nghi&#7879;p kh&ocirc;ng c&#7847;n mua nh&atilde;n d&aacute;n ho&#7863;c &#273;&#7863;t in th&ugrave;ng carton theo t&#7915;ng m&#7851;u kh&aacute;c nhau. Vi&#7879;c in tr&#7921;c ti&#7871;p l&ecirc;n bao b&igrave; gi&uacute;p gi&#7843;m chi ph&iacute; v&#7853;t t&#432;, gi&#7843;m t&#7891;n kho v&agrave; lo&#7841;i b&#7887; l&atilde;ng ph&iacute; do thay &#273;&#7893;i th&ocirc;ng tin s&#7843;n ph&#7849;m.<br>\nT&#7889;i &#432;u chi ph&iacute; m&#7921;c in<br>\nM&#7897;t h&#7897;p m&#7921;c c&#7911;a M&aacute;y in k&iacute; t&#7921; l&#7899;n Linx IJ375 c&oacute; th&#7875; t&#7841;o ra h&agrave;ng ch&#7909;c ngh&igrave;n b&#7843;n in. K&#7871;t h&#7907;p v&#7899;i h&#7879; th&#7889;ng ReFRESH, m&#7921;c &#273;&#432;&#7907;c s&#7917; d&#7909;ng hi&#7879;u qu&#7843; &#273;&#7871;n gi&#7885;t cu&#7889;i c&ugrave;ng, gi&uacute;p gi&#7843;m chi ph&iacute; tr&ecirc;n m&#7895;i s&#7843;n ph&#7849;m.<br>\nGi&#7843;m th&#7901;i gian d&#7915;ng m&aacute;y<br>\nThi&#7871;t k&#7871; &#273;&#7847;u phun ch&#7855;c ch&#7855;n c&ugrave;ng h&#7879; th&#7889;ng t&#7921; &#273;&#7897;ng l&agrave;m s&#7841;ch gi&uacute;p Model Linx IJ375 v&#7853;n h&agrave;nh &#7893;n &#273;&#7883;nh, h&#7841;n ch&#7871; d&#7915;ng m&aacute;y do l&#7895;i in ho&#7863;c t&#7855;c m&#7921;c. &#272;i&#7873;u n&agrave;y g&oacute;p ph&#7847;n duy tr&igrave; n&#259;ng su&#7845;t d&acirc;y chuy&#7873;n v&agrave; gi&#7843;m &aacute;p l&#7921;c cho &#273;&#7897;i ng&#361; v&#7853;n h&agrave;nh.<\/p><p>Tr&#7843;i nghi&#7879;m s&#7917; d&#7909;ng &#273;&#417;n gi&#7843;n, h&#7841;n ch&#7871; l&#7895;i con ng&#432;&#7901;i<\/p><p>Giao di&#7879;n c&#7843;m &#7913;ng tr&#7921;c quan: M&aacute;y &#273;&#432;&#7907;c trang b&#7883; m&agrave;n h&igrave;nh c&#7843;m &#7913;ng m&agrave;u l&#7899;n, cho ph&eacute;p ng&#432;&#7901;i v&#7853;n h&agrave;nh d&#7877; d&agrave;ng t&#7841;o, ch&#7881;nh s&#7917;a v&agrave; xem tr&#432;&#7899;c n&#7897;i dung in. Tr&#7841;ng th&aacute;i in &#273;&#432;&#7907;c hi&#7875;n th&#7883; r&otilde; r&agrave;ng, gi&uacute;p ki&#7875;m so&aacute;t qu&aacute; tr&igrave;nh in theo th&#7901;i gian th&#7921;c.<br>\nPh&acirc;n quy&#7873;n ng&#432;&#7901;i d&ugrave;ng theo c&#7845;p &#273;&#7897;: Linx IJ375 h&#7895; tr&#7907; thi&#7871;t l&#7853;p c&aacute;c c&#7845;p &#273;&#7897; ng&#432;&#7901;i d&ugrave;ng kh&aacute;c nhau, gi&uacute;p h&#7841;n ch&#7871; vi&#7879;c ch&#7881;nh s&#7917;a tr&aacute;i ph&eacute;p n&#7897;i dung in. &#272;&acirc;y l&agrave; y&#7871;u t&#7889; quan tr&#7885;ng gi&uacute;p doanh nghi&#7879;p gi&#7843;m sai s&oacute;t v&agrave; &#273;&#7843;m b&#7843;o t&iacute;nh nh&#7845;t qu&aacute;n c&#7911;a th&ocirc;ng tin in tr&ecirc;n bao b&igrave;.<br>\nKh&#7843; n&#259;ng k&#7871;t n&#7889;i v&agrave; ki&#7875;m so&aacute;t d&#7919; li&#7879;u in: M&aacute;y h&#7895; tr&#7907; nhi&#7873;u ph&#432;&#417;ng th&#7913;c k&#7871;t n&#7889;i nh&#432; Ethernet, USB v&agrave; RS232, cho ph&eacute;p g&#7917;i b&#7843;n tin in t&#7915; h&#7879; th&#7889;ng qu&#7843;n l&yacute; s&#7843;n xu&#7845;t, PLC ho&#7863;c c&#417; s&#7903; d&#7919; li&#7879;u b&ecirc;n ngo&agrave;i. &#272;i&#7873;u n&agrave;y gi&uacute;p Linx IJ375 d&#7877; d&agrave;ng t&iacute;ch h&#7907;p v&agrave;o c&aacute;c d&acirc;y chuy&#7873;n t&#7921; &#273;&#7897;ng h&oacute;a hi&#7879;n c&oacute;.<\/p><p>&#7912;ng D&#7909;ng Th&#7921;c T&#7871; C&#7911;a Linx IJ375<\/p><p>In th&ocirc;ng tin l&ocirc; s&#7843;n xu&#7845;t, ng&agrave;y s&#7843;n xu&#7845;t, h&#7841;n s&#7917; d&#7909;ng l&ecirc;n th&ugrave;ng carton trong ng&agrave;nh th&#7921;c ph&#7849;m v&agrave; &#273;&#7891; u&#7889;ng<br>\nIn m&atilde; th&ugrave;ng, m&atilde; ph&acirc;n ph&#7889;i v&agrave; m&atilde; v&#7841;ch ph&#7909;c v&#7909; l&#432;u kho v&agrave; v&#7853;n chuy&#7875;n n&#7897;i b&#7897;<br>\nIn th&ocirc;ng tin s&#7843;n ph&#7849;m v&agrave; nh&#7853;n di&#7879;n th&#432;&#417;ng hi&#7879;u l&ecirc;n bao b&igrave; th&#7913; c&#7845;p trong c&aacute;c nh&agrave; m&aacute;y s&#7843;n xu&#7845;t c&ocirc;ng nghi&#7879;p<br>\n&#7912;ng d&#7909;ng cho d&acirc;y chuy&#7873;n &#273;&oacute;ng g&oacute;i carton ti&ecirc;u chu&#7849;n, y&ecirc;u c&#7847;u k&yacute; t&#7921; r&otilde; r&agrave;ng, d&#7877; &#273;&#7885;c &#7903; kho&#7843;ng c&aacute;ch trung b&igrave;nh<br>\nPh&ugrave; h&#7907;p cho c&aacute;c doanh nghi&#7879;p c&#7847;n thay th&#7871; nh&atilde;n d&aacute;n v&agrave; bao b&igrave; in s&#7861;n &#273;&#7875; t&#259;ng t&iacute;nh linh ho&#7841;t s&#7843;n xu&#7845;t<\/p><p>Nh&#7919;ng L&yacute; Do N&ecirc;n Mua M&aacute;y In Date T&#7841;i V&#7841;n N&#259;ng<\/p><p>C&ocirc;ng ty Thi&#7871;t B&#7883; C&ocirc;ng Ngh&#7879; V&#7841;n N&#259;ng l&agrave; &#273;&#7889;i t&aacute;c ch&iacute;nh th&#7913;c ph&acirc;n ph&#7889;i M&aacute;y In Date h&agrave;ng &#273;&#7847;u t&#7841;i Vi&#7879;t Nam, cam k&#7871;t cung c&#7845;p s&#7843;n ph&#7849;m ch&iacute;nh h&atilde;ng v&#7899;i gi&aacute; c&#7843; c&#7841;nh tranh nh&#7845;t th&#7883; tr&#432;&#7901;ng. V&#7899;i uy t&iacute;n tr&ecirc;n th&#7883; tr&#432;&#7901;ng v&agrave; ch&#7871; &#273;&#7897; h&#7851;u m&atilde;i t&#7889;t, Thi&#7871;t B&#7883; C&ocirc;ng Ngh&#7879; V&#7841;n N&#259;ng &#273;&atilde; nh&#7853;n &#273;&#432;&#7907;c s&#7921; tin t&#432;&#7903;ng t&#7915; kh&aacute;ch h&agrave;ng nh&#7901; v&agrave;o ch&#7845;t l&#432;&#7907;ng h&agrave;ng &#273;&#7847;u c&#7911;a c&aacute;c d&ograve;ng s&#7843;n ph&#7849;m.<br>\nS&#7843;n ph&#7849;m c&#7911;a ch&uacute;ng t&ocirc;i &#273;&#432;&#7907;c ki&#7875;m &#273;&#7883;nh ch&#7845;t l&#432;&#7907;ng, nh&#7853;p kh&#7849;u tr&#7921;c ti&#7871;p t&#7915; nh&agrave; m&aacute;y b&ecirc;n Ch&acirc;u &Acirc;u, M&#7929;, &Uacute;c, Nh&#7853;t B&#7843;n,&hellip; v&agrave; &#273;&aacute;p &#7913;ng nhu c&#7847;u &#273;a d&#7841;ng c&#7911;a th&#7883; tr&#432;&#7901;ng nh&#432;: M&aacute;y &#272;o &#272;&#7897; C&#7913;ng, M&aacute;y SPECTROMAXx, M&aacute;y Ki&#7875;m Tra &#272;&#432;&#7901;ng Gh&eacute;p M&iacute; Lon,&hellip; Ch&uacute;ng t&ocirc;i cam k&#7871;t cung c&#7845;p s&#7843;n ph&#7849;m n&agrave;y tr&ecirc;n to&agrave;n qu&#7889;c v&#7899;i gi&aacute; c&#7843; c&#7841;nh tranh nh&#7845;t.<br>\nCh&uacute;ng t&ocirc;i c&oacute; &#273;&#7897;i ng&#361; chuy&ecirc;n vi&ecirc;n t&#432; v&#7845;n chuy&ecirc;n s&acirc;u s&#7869; h&#7895; tr&#7907; kh&aacute;ch h&agrave;ng v&#7873; chi ti&#7871;t s&#7843;n ph&#7849;m, h&#432;&#7899;ng d&#7851;n s&#7917; d&#7909;ng hay nh&#7919;ng th&#7913; li&ecirc;n quan &#273;&#7871;n v&#7845;n &#273;&#7873; m&agrave; doanh nghi&#7879;p b&#7841;n &#273;ang g&#7863;p ph&#7843;i. Ch&uacute;ng t&ocirc;i s&#7869; cung c&#7845;p nh&#7919;ng gi&#7843;i ph&aacute;p t&#7889;i &#432;u nh&#7845;t!<br>\nNgo&agrave;i ra Thi&#7871;t B&#7883; C&ocirc;ng Ngh&#7879; V&#7841;n N&#259;ng Ch&uacute;ng T&ocirc;i lu&ocirc;n h&#432;&#7899;ng &#273;&#7871;n tr&#7843;i nghi&#7879;m kh&aacute;ch h&agrave;ng, v&igrave; v&#7853;y ch&uacute;ng t&ocirc;i c&oacute; nh&#7919;ng ch&iacute;nh s&aacute;ch b&#7843;o h&agrave;nh, b&#7843;o tr&igrave; &ndash; b&#7843;o d&#432;&#7905;ng, hi&#7879;u chu&#7849;n v&#7899;i t&#7845;t c&#7843; c&aacute;c thi&#7871;t b&#7883;, m&aacute;y m&oacute;c m&agrave; ch&uacute;ng t&ocirc;i cung c&#7845;p. &#272;&#7843;m b&#7843;o mang &#273;&#7871;n cho Kh&aacute;ch h&agrave;ng s&#7921; y&ecirc;n t&acirc;m tuy&#7879;t &#273;&#7889;i v&#7873; d&#7883;ch v&#7909; khi mua h&agrave;ng.<\/p><p>T&#7893;ng K&#7871;t<br>\nM&aacute;y in k&iacute;ch th&#432;&#7899;c l&#7899;n Linx Model IJ375 l&agrave; gi&#7843;i ph&aacute;p in k&yacute; t&#7921; l&#7899;n hi&#7879;u qu&#7843; cho c&aacute;c doanh nghi&#7879;p c&#7847;n t&#7889;i &#432;u chi ph&iacute;, t&#259;ng t&iacute;nh linh ho&#7841;t v&agrave; &#273;&#7843;m b&#7843;o ch&#7845;t l&#432;&#7907;ng in tr&ecirc;n th&ugrave;ng carton. V&#7899;i thi&#7871;t k&#7871; b&#7873;n b&#7881;, chi ph&iacute; v&#7853;n h&agrave;nh th&#7845;p v&agrave; kh&#7843; n&#259;ng t&iacute;ch h&#7907;p linh ho&#7841;t, m&aacute;y &#273;&aacute;p &#7913;ng t&#7889;t c&aacute;c y&ecirc;u c&#7847;u c&#7911;a d&acirc;y chuy&#7873;n &#273;&oacute;ng g&oacute;i hi&#7879;n &#273;&#7841;i. H&atilde;y li&ecirc;n h&#7879; v&#7899;i V&#7841;n N&#259;ng ngay &#273;&#7875; &#273;&#432;&#7907;c t&#432; v&#7845;n chuy&ecirc;n s&acirc;u v&agrave; nh&#7853;n nh&#7919;ng &#432;u &#273;&atilde;i h&#7845;p d&#7851;n nh&#7845;t th&ocirc;ng qua hotline0903 991 335!<\/p><div style=\"background-color: #f8fafc; border: 1px solid #e2e8f0; border-radius: 8px; padding: 25px; max-width: 800px; margin: 30px auto; color: #334155; line-height: 1.8; font-size: 17px; box-shadow: 0 4px 6px -1px rgba(0,0,0,0.05); text-align: left; clear: both;\">\nC&ocirc;ng ty TNHH Th&#432;&#417;ng M&#7841;i D&#7883;ch V&#7909; Thi&#7871;t B&#7883; C&ocirc;ng Ngh&#7879; V&#7841;n N&#259;ng\n<p style=\"margin: 0 0 10px 0;\">&#128205; <strong style=\"color: #1e293b;\">&#272;&#7883;a ch&#7881;:<\/strong> <a style=\"color: #059669; text-decoration: none; font-weight: bold;\" href=\"https:\/\/www.google.com\/maps\/search\/C%C3%B4ng+ty+TNHH+Th%C6%B0%C6%A1ng+M%E1%BA%A1i+D%E1%BB%8Bch+V%E1%BB%A5+Thi%E1%BA%BFt+B%E1%BB%8B+C%C3%B4ng+Ngh%E1%BB%87+V%E1%BA%A1n+N%C4%83ng+818+Tr%C6%B0%E1%BB%9Dng+Chinh\" target=\"_blank\" rel=\"noopener\">818 Tr&#432;&#7901;ng Chinh, Ph&#432;&#7901;ng T&acirc;n S&#417;n, Th&agrave;nh ph&#7889; H&#7891; Ch&iacute; Minh, Vi&#7879;t Nam<\/a><\/p>\n<p style=\"margin: 0 0 10px 0;\">&#128222; <strong style=\"color: #1e293b;\">S&#272;T &ndash; Zalo:<\/strong> <a style=\"color: #059669; text-decoration: none; font-weight: bold;\" href=\"https:\/\/zalo.me\/0903991335\" target=\"_blank\" rel=\"noopener\">0903 991 335<\/a> <span style=\"color: #64748b; font-style: italic;\">(Ms. H&#7841;nh &ndash; Gi&aacute;m &#272;&#7889;c Kinh Doanh)<\/span><\/p>\n<p style=\"margin: 0;\">&#9993;&#65039; <strong style=\"color: #1e293b;\">Email:<\/strong> <a style=\"color: #059669; text-decoration: none; font-weight: bold;\" href=\"mailto:hienhanh@vannangvn.com\">hienhanh@vannangvn.com<\/a><\/p>\n<\/div><\/h1>","protected":false},"excerpt":{"rendered":"<p><strong>Th&#432;&#417;ng hi&#7879;u:<\/strong> Linx<br>\n<strong>Model:<\/strong> Model IJ375<p>Product <strong>M&Aacute;Y IN K&Yacute; T&#7920; L&#7898;N LINX MODEL IJ375<\/strong> ch&iacute;nh h&atilde;ng. Linx  (V&#432;&#417;ng qu&#7889;c Anh)<br>\nM&aacute;y In K&yacute; T&#7921; L&#7899;n Linx Model IJ375 l&agrave; m&aacute;y in k&yacute; t&#7921; l&#7899;n &#273;&#7897; ph&acirc;n gi&#7843;i cao, in tr&#7921;c ti&#7871;p l&ecirc;n th&ugrave;ng carton &#273;&#7871;n 53 mm. Gi&#7843;i ph&aacute;p thay th&#7871; nh&atilde;n d&aacute;n, gi&#7843;m chi ph&iacute; v&agrave; t&#259;ng linh ho&#7841;t s&#7843;n xu&#7845;t.g.<\/p><\/p>","protected":false},"featured_media":0,"comment_status":"open","ping_status":"closed","template":"","meta":[],"product_brand":[],"product_cat":[18],"product_tag":[109,116,119,162,336,892,2317,2320],"class_list":{"0":"post-7132","1":"product","2":"type-product","3":"status-publish","5":"product_cat-chua-phan-loai","6":"product_tag-may","7":"product_tag-model","8":"product_tag-in","9":"product_tag-tu","10":"product_tag-lon","11":"product_tag-ky","12":"product_tag-linx","13":"product_tag-ij375","15":"first","16":"instock","17":"shipping-taxable","18":"product-type-simple"},"yoast_head":"<!-- This site is optimized with the Yoast SEO Premium plugin v24.8 (Yoast SEO v24.8) - https:\/\/yoast.com\/wordpress\/plugins\/seo\/ -->\n<title>M\u00c1Y IN K\u00dd T\u1ef0 L\u1edaN LINX MODEL IJ375 ch\u00ednh h\u00e3ng | V\u1ea1n N\u0103ng<\/title>\n<meta name=\"description\" content=\"Mua ngay M\u00c1Y IN K\u00dd T\u1ef0 L\u1edaN LINX MODEL IJ375 ch\u00ednh h\u00e3ng. M\u00e1y In K\u00fd T\u1ef1 L\u1edbn Linx Model IJ375 l\u00e0 m\u00e1y in k\u00fd t\u1ef1 l\u1edbn \u0111\u1ed9 ph\u00e2n gi\u1ea3i cao, in... Gi\u00e1 t\u1ed1t!\" \/>\n<meta name=\"robots\" content=\"noindex, follow, max-snippet:-1, max-image-preview:large, max-video-preview:-1\" \/>\n<meta property=\"og:locale\" content=\"en_US\" \/>\n<meta property=\"og:type\" content=\"article\" \/>\n<meta property=\"og:title\" content=\"M\u00c1Y IN K\u00dd T\u1ef0 L\u1edaN LINX MODEL IJ375\" \/>\n<meta property=\"og:description\" content=\"Mua ngay M\u00c1Y IN K\u00dd T\u1ef0 L\u1edaN LINX MODEL IJ375 ch\u00ednh h\u00e3ng. M\u00e1y In K\u00fd T\u1ef1 L\u1edbn Linx Model IJ375 l\u00e0 m\u00e1y in k\u00fd t\u1ef1 l\u1edbn \u0111\u1ed9 ph\u00e2n gi\u1ea3i cao, in... Gi\u00e1 t\u1ed1t!\" \/>\n<meta property=\"og:url\" content=\"https:\/\/vannangvn.123websitedev.com\/en\/product\/may-in-ky-tu-lon-linx-model-ij375\/\" \/>\n<meta property=\"og:site_name\" content=\"Vannang.vn\" \/>\n<meta property=\"article:modified_time\" content=\"2026-03-30T11:36:29+00:00\" \/>\n<meta name=\"twitter:card\" content=\"summary_large_image\" \/>\n<meta name=\"twitter:label1\" content=\"Est. reading time\" \/>\n\t<meta name=\"twitter:data1\" content=\"9 minutes\" \/>\n<script type=\"application\/ld+json\" class=\"yoast-schema-graph\">{\"@context\":\"https:\/\/schema.org\",\"@graph\":[{\"@type\":\"WebPage\",\"@id\":\"https:\/\/vannangvn.123websitedev.com\/san-pham\/may-in-ky-tu-lon-linx-model-ij375\/\",\"url\":\"https:\/\/vannangvn.123websitedev.com\/san-pham\/may-in-ky-tu-lon-linx-model-ij375\/\",\"name\":\"M\u00c1Y IN K\u00dd T\u1ef0 L\u1edaN LINX MODEL IJ375 ch\u00ednh h\u00e3ng | V\u1ea1n N\u0103ng\",\"isPartOf\":{\"@id\":\"https:\/\/vannangvn.123websitedev.com\/#website\"},\"datePublished\":\"2026-03-20T11:53:23+00:00\",\"dateModified\":\"2026-03-30T11:36:29+00:00\",\"description\":\"Mua ngay M\u00c1Y IN K\u00dd T\u1ef0 L\u1edaN LINX MODEL IJ375 ch\u00ednh h\u00e3ng. M\u00e1y In K\u00fd T\u1ef1 L\u1edbn Linx Model IJ375 l\u00e0 m\u00e1y in k\u00fd t\u1ef1 l\u1edbn \u0111\u1ed9 ph\u00e2n gi\u1ea3i cao, in... Gi\u00e1 t\u1ed1t!\",\"breadcrumb\":{\"@id\":\"https:\/\/vannangvn.123websitedev.com\/san-pham\/may-in-ky-tu-lon-linx-model-ij375\/#breadcrumb\"},\"inLanguage\":\"en-US\",\"potentialAction\":[{\"@type\":\"ReadAction\",\"target\":[\"https:\/\/vannangvn.123websitedev.com\/san-pham\/may-in-ky-tu-lon-linx-model-ij375\/\"]}]},{\"@type\":\"BreadcrumbList\",\"@id\":\"https:\/\/vannangvn.123websitedev.com\/san-pham\/may-in-ky-tu-lon-linx-model-ij375\/#breadcrumb\",\"itemListElement\":[{\"@type\":\"ListItem\",\"position\":1,\"name\":\"Trang ch\u1ee7\",\"item\":\"https:\/\/vannangvn.123websitedev.com\/\"},{\"@type\":\"ListItem\",\"position\":2,\"name\":\"S\u1ea3n ph\u1ea9m\",\"item\":\"https:\/\/vannangvn.123websitedev.com\/cua-hang\/\"},{\"@type\":\"ListItem\",\"position\":3,\"name\":\"M\u00c1Y IN K\u00dd T\u1ef0 L\u1edaN LINX MODEL IJ375\"}]},{\"@type\":\"WebSite\",\"@id\":\"https:\/\/vannangvn.123websitedev.com\/#website\",\"url\":\"https:\/\/vannangvn.123websitedev.com\/\",\"name\":\"Vannang.vn\",\"description\":\"\",\"publisher\":{\"@id\":\"https:\/\/vannangvn.123websitedev.com\/#organization\"},\"potentialAction\":[{\"@type\":\"SearchAction\",\"target\":{\"@type\":\"EntryPoint\",\"urlTemplate\":\"https:\/\/vannangvn.123websitedev.com\/?s={search_term_string}\"},\"query-input\":{\"@type\":\"PropertyValueSpecification\",\"valueRequired\":true,\"valueName\":\"search_term_string\"}}],\"inLanguage\":\"en-US\"},{\"@type\":\"Organization\",\"@id\":\"https:\/\/vannangvn.123websitedev.com\/#organization\",\"name\":\"Vannang.vn\",\"url\":\"https:\/\/vannangvn.123websitedev.com\/\",\"logo\":{\"@type\":\"ImageObject\",\"inLanguage\":\"en-US\",\"@id\":\"https:\/\/vannangvn.123websitedev.com\/#\/schema\/logo\/image\/\",\"url\":\"https:\/\/vannangvn.123websitedev.com\/wp-content\/uploads\/2026\/02\/logo-van-nang-02.png\",\"contentUrl\":\"https:\/\/vannangvn.123websitedev.com\/wp-content\/uploads\/2026\/02\/logo-van-nang-02.png\",\"width\":448,\"height\":111,\"caption\":\"Vannang.vn\"},\"image\":{\"@id\":\"https:\/\/vannangvn.123websitedev.com\/#\/schema\/logo\/image\/\"}}]}<\/script>\n<!-- \/ Yoast SEO Premium plugin. -->","yoast_head_json":{"title":"M\u00c1Y IN K\u00dd T\u1ef0 L\u1edaN LINX MODEL IJ375 ch\u00ednh h\u00e3ng | V\u1ea1n N\u0103ng","description":"Mua ngay M\u00c1Y IN K\u00dd T\u1ef0 L\u1edaN LINX MODEL IJ375 ch\u00ednh h\u00e3ng. M\u00e1y In K\u00fd T\u1ef1 L\u1edbn Linx Model IJ375 l\u00e0 m\u00e1y in k\u00fd t\u1ef1 l\u1edbn \u0111\u1ed9 ph\u00e2n gi\u1ea3i cao, in... Gi\u00e1 t\u1ed1t!","robots":{"index":"noindex","follow":"follow","max-snippet":"max-snippet:-1","max-image-preview":"max-image-preview:large","max-video-preview":"max-video-preview:-1"},"og_locale":"en_US","og_type":"article","og_title":"M\u00c1Y IN K\u00dd T\u1ef0 L\u1edaN LINX MODEL IJ375","og_description":"Mua ngay M\u00c1Y IN K\u00dd T\u1ef0 L\u1edaN LINX MODEL IJ375 ch\u00ednh h\u00e3ng. M\u00e1y In K\u00fd T\u1ef1 L\u1edbn Linx Model IJ375 l\u00e0 m\u00e1y in k\u00fd t\u1ef1 l\u1edbn \u0111\u1ed9 ph\u00e2n gi\u1ea3i cao, in... Gi\u00e1 t\u1ed1t!","og_url":"https:\/\/vannangvn.123websitedev.com\/en\/product\/may-in-ky-tu-lon-linx-model-ij375\/","og_site_name":"Vannang.vn","article_modified_time":"2026-03-30T11:36:29+00:00","twitter_card":"summary_large_image","twitter_misc":{"Est. reading time":"9 minutes"},"schema":{"@context":"https:\/\/schema.org","@graph":[{"@type":"WebPage","@id":"https:\/\/vannangvn.123websitedev.com\/san-pham\/may-in-ky-tu-lon-linx-model-ij375\/","url":"https:\/\/vannangvn.123websitedev.com\/san-pham\/may-in-ky-tu-lon-linx-model-ij375\/","name":"M\u00c1Y IN K\u00dd T\u1ef0 L\u1edaN LINX MODEL IJ375 ch\u00ednh h\u00e3ng | V\u1ea1n N\u0103ng","isPartOf":{"@id":"https:\/\/vannangvn.123websitedev.com\/#website"},"datePublished":"2026-03-20T11:53:23+00:00","dateModified":"2026-03-30T11:36:29+00:00","description":"Mua ngay M\u00c1Y IN K\u00dd T\u1ef0 L\u1edaN LINX MODEL IJ375 ch\u00ednh h\u00e3ng. M\u00e1y In K\u00fd T\u1ef1 L\u1edbn Linx Model IJ375 l\u00e0 m\u00e1y in k\u00fd t\u1ef1 l\u1edbn \u0111\u1ed9 ph\u00e2n gi\u1ea3i cao, in... Gi\u00e1 t\u1ed1t!","breadcrumb":{"@id":"https:\/\/vannangvn.123websitedev.com\/san-pham\/may-in-ky-tu-lon-linx-model-ij375\/#breadcrumb"},"inLanguage":"en-US","potentialAction":[{"@type":"ReadAction","target":["https:\/\/vannangvn.123websitedev.com\/san-pham\/may-in-ky-tu-lon-linx-model-ij375\/"]}]},{"@type":"BreadcrumbList","@id":"https:\/\/vannangvn.123websitedev.com\/san-pham\/may-in-ky-tu-lon-linx-model-ij375\/#breadcrumb","itemListElement":[{"@type":"ListItem","position":1,"name":"Trang ch\u1ee7","item":"https:\/\/vannangvn.123websitedev.com\/"},{"@type":"ListItem","position":2,"name":"S\u1ea3n ph\u1ea9m","item":"https:\/\/vannangvn.123websitedev.com\/cua-hang\/"},{"@type":"ListItem","position":3,"name":"M\u00c1Y IN K\u00dd T\u1ef0 L\u1edaN LINX MODEL IJ375"}]},{"@type":"WebSite","@id":"https:\/\/vannangvn.123websitedev.com\/#website","url":"https:\/\/vannangvn.123websitedev.com\/","name":"Vannang.vn","description":"","publisher":{"@id":"https:\/\/vannangvn.123websitedev.com\/#organization"},"potentialAction":[{"@type":"SearchAction","target":{"@type":"EntryPoint","urlTemplate":"https:\/\/vannangvn.123websitedev.com\/?s={search_term_string}"},"query-input":{"@type":"PropertyValueSpecification","valueRequired":true,"valueName":"search_term_string"}}],"inLanguage":"en-US"},{"@type":"Organization","@id":"https:\/\/vannangvn.123websitedev.com\/#organization","name":"Vannang.vn","url":"https:\/\/vannangvn.123websitedev.com\/","logo":{"@type":"ImageObject","inLanguage":"en-US","@id":"https:\/\/vannangvn.123websitedev.com\/#\/schema\/logo\/image\/","url":"https:\/\/vannangvn.123websitedev.com\/wp-content\/uploads\/2026\/02\/logo-van-nang-02.png","contentUrl":"https:\/\/vannangvn.123websitedev.com\/wp-content\/uploads\/2026\/02\/logo-van-nang-02.png","width":448,"height":111,"caption":"Vannang.vn"},"image":{"@id":"https:\/\/vannangvn.123websitedev.com\/#\/schema\/logo\/image\/"}}]}},"_links":{"self":[{"href":"https:\/\/vannangvn.123websitedev.com\/en\/wp-json\/wp\/v2\/product\/7132","targetHints":{"allow":["GET"]}}],"collection":[{"href":"https:\/\/vannangvn.123websitedev.com\/en\/wp-json\/wp\/v2\/product"}],"about":[{"href":"https:\/\/vannangvn.123websitedev.com\/en\/wp-json\/wp\/v2\/types\/product"}],"replies":[{"embeddable":true,"href":"https:\/\/vannangvn.123websitedev.com\/en\/wp-json\/wp\/v2\/comments?post=7132"}],"wp:attachment":[{"href":"https:\/\/vannangvn.123websitedev.com\/en\/wp-json\/wp\/v2\/media?parent=7132"}],"wp:term":[{"taxonomy":"product_brand","embeddable":true,"href":"https:\/\/vannangvn.123websitedev.com\/en\/wp-json\/wp\/v2\/product_brand?post=7132"},{"taxonomy":"product_cat","embeddable":true,"href":"https:\/\/vannangvn.123websitedev.com\/en\/wp-json\/wp\/v2\/product_cat?post=7132"},{"taxonomy":"product_tag","embeddable":true,"href":"https:\/\/vannangvn.123websitedev.com\/en\/wp-json\/wp\/v2\/product_tag?post=7132"}],"curies":[{"name":"wp","href":"https:\/\/api.w.org\/{rel}","templated":true}]}}