{"id":7143,"date":"2026-03-20T18:53:34","date_gmt":"2026-03-20T11:53:34","guid":{"rendered":"https:\/\/vannangvn.123websitedev.com\/san-pham\/may-in-phun-date-domino-model-cx350i\/"},"modified":"2026-03-30T18:36:42","modified_gmt":"2026-03-30T11:36:42","slug":"may-in-phun-date-domino-model-cx350i","status":"publish","type":"product","link":"https:\/\/vannangvn.123websitedev.com\/en\/product\/may-in-phun-date-domino-model-cx350i\/","title":{"rendered":"M\u00c1Y IN PHUN DATE DOMINO MODEL CX350I"},"content":{"rendered":"<h1 style=\"color: red; font-weight: bold; font-size: 24px;\">T&#7893;ng quan s&#7843;n ph&#7849;m M&Aacute;Y IN PHUN DATE DOMINO MODEL CX350I<p>M&aacute;y In Phun Date (High-Resolution Ink Jet Printer) Domino Model Cx350i<br>\nM&aacute;y In Phun Date Domino Model Cx350i l&agrave; d&ograve;ng m&aacute;y in phun &#273;&#432;&#7907;c thi&#7871;t k&#7871; &#273;&#7875; in tr&#7921;c ti&#7871;p m&atilde;, k&yacute; t&#7921;, logo v&agrave; m&atilde; v&#7841;ch &#273;&#7897; t&#432;&#417;ng ph&#7843;n cao l&ecirc;n c&aacute;c b&#7873; m&#7863;t x&#7889;p nh&#432; th&ugrave;ng carton, h&#7897;p gi&#7845;y v&agrave; ki&#7879;n h&agrave;ng. M&aacute;y cho ph&eacute;p in v&#259;n b&#7843;n, &#273;&#7891; h&#7885;a, logo th&#432;&#417;ng hi&#7879;u, m&atilde; v&#7841;ch tuy&#7871;n t&iacute;nh v&agrave; m&atilde; 2D v&#7899;i ch&#7845;t l&#432;&#7907;ng &#7893;n &#273;&#7883;nh, &#273;&aacute;p &#7913;ng t&#7889;t c&aacute;c y&ecirc;u c&#7847;u nh&#7853;n di&#7879;n v&agrave; truy xu&#7845;t ngu&#7891;n g&#7889;c trong chu&#7895;i cung &#7913;ng.<br>\nV&#7899;i thi&#7871;t k&#7871; &#273;&#7847;u in t&#7915; xa linh ho&#7841;t, Domino Cx350i cho ph&eacute;p doanh nghi&#7879;p in tr&#7921;c ti&#7871;p l&ecirc;n th&ugrave;ng ngay t&#7841;i d&acirc;y chuy&#7873;n, gi&uacute;p gi&#7843;m t&#7891;n kho bao b&igrave;, h&#7841;n ch&#7871; l&atilde;ng ph&iacute; v&agrave; t&#259;ng t&iacute;nh linh ho&#7841;t khi thay &#273;&#7893;i th&ocirc;ng tin s&#7843;n ph&#7849;m. H&atilde;y c&ugrave;ng V&#7841;n N&#259;ng t&igrave;m hi&#7875;u chi ti&#7871;t h&#417;n v&#7873; s&#7843;n ph&#7849;m th&ocirc;ng qua b&agrave;i vi&#7871;t d&#432;&#7899;i &#273;&acirc;y nh&eacute;!<\/p><p>N&eacute;t &#273;&#7863;c tr&#432;ng c&#7911;a m&aacute;y in th&ugrave;ng carton Domino Cx350i<br>\nIn tr&#7921;c ti&#7871;p l&ecirc;n th&ugrave;ng carton v&#7899;i &#273;&#7897; t&#432;&#417;ng ph&#7843;n cao<br>\nKh&#7843; n&#259;ng in tr&#7921;c ti&#7871;p m&atilde; l&ecirc;n b&#7873; m&#7863;t carton x&#7889;p m&agrave; v&#7851;n &#273;&#7843;m b&#7843;o &#273;&#7897; t&#432;&#417;ng ph&#7843;n cao, d&#7877; &#273;&#7885;c v&agrave; &#273;&#7841;t chu&#7849;n m&atilde; h&oacute;a qu&#7889;c t&#7871;. M&aacute;y cho ph&eacute;p in v&#259;n b&#7843;n, &#273;&#7891; h&#7885;a, logo th&#432;&#417;ng hi&#7879;u, m&atilde; v&#7841;ch tuy&#7871;n t&iacute;nh v&agrave; m&atilde; 2D v&#7899;i ch&#7845;t l&#432;&#7907;ng &#7893;n &#273;&#7883;nh. Vi&#7879;c in tr&#7921;c ti&#7871;p gi&uacute;p lo&#7841;i b&#7887; ho&agrave;n to&agrave;n s&#7921; ph&#7909; thu&#7897;c v&agrave;o nh&atilde;n d&aacute;n, t&#7915; &#273;&oacute; gi&#7843;m r&#7911;i ro bong tr&oacute;c, sai v&#7883; tr&iacute; nh&atilde;n v&agrave; l&#7895;i m&atilde; trong qu&aacute; tr&igrave;nh v&#7853;n chuy&#7875;n.<br>\nThi&#7871;t k&#7871; &#273;&#7847;u in t&#7915; xa linh ho&#7841;t cho nhi&#7873;u c&#7845;u h&igrave;nh d&acirc;y chuy&#7873;n<br>\nM&aacute;y in th&ugrave;ng Domino Cx350i &#273;&#432;&#7907;c trang b&#7883; &#273;&#7847;u in t&#7915; xa c&oacute; kh&#7843; n&#259;ng l&#7855;p &#273;&#7863;t linh ho&#7841;t, cho ph&eacute;p in t&#7915; tr&ecirc;n xu&#7889;ng, in th&#7845;p v&agrave;o th&acirc;n th&ugrave;ng, in nghi&ecirc;ng ho&#7863;c v&#432;&#7907;t qua c&aacute;c gi&#7899;i h&#7841;n kh&ocirc;ng gian tr&ecirc;n d&acirc;y chuy&#7873;n. &#272;&#7847;u in c&oacute; th&#7875; di chuy&#7875;n &#273;&#7875; in l&ecirc;n th&ugrave;ng &#273;&#7913;ng y&ecirc;n, h&#7895; tr&#7907; t&#7889;i &#273;a c&aacute;c &#7913;ng d&#7909;ng &#273;&oacute;ng g&oacute;i cu&#7889;i d&acirc;y chuy&#7873;n.<\/p><p>S&#7861;n s&agrave;ng cho s&#7843;n xu&#7845;t th&ocirc;ng minh theo Industry 4.0<br>\nCx350i &#273;&#432;&#7907;c ph&aacute;t tri&#7875;n theo ti&ecirc;u chu&#7849;n Industry 4.0, h&#7895; tr&#7907; k&#7871;t n&#7889;i v&#7899;i PLC, h&#7879; th&#7889;ng MES v&agrave; ERP th&ocirc;ng qua c&aacute;c giao th&#7913;c c&ocirc;ng nghi&#7879;p ph&#7893; bi&#7871;n. Khi k&#7871;t n&#7889;i v&#7899;i Domino Automation v&agrave; Domino Cloud, doanh nghi&#7879;p c&oacute; th&#7875; gi&aacute;m s&aacute;t hi&#7879;u su&#7845;t m&aacute;y in theo th&#7901;i gian th&#7921;c, ph&acirc;n t&iacute;ch d&#7919; li&#7879;u s&#7917; d&#7909;ng v&agrave; t&#7889;i &#432;u h&oacute;a hi&#7879;u qu&#7843; thi&#7871;t b&#7883; t&#7893;ng th&#7875;.<br>\nC&ocirc;ng ngh&#7879; Drop on Demand &ndash; Ki&#7875;m so&aacute;t ch&iacute;nh x&aacute;c t&#7915;ng gi&#7885;t m&#7921;c<br>\nDomino Cx350i s&#7917; d&#7909;ng c&ocirc;ng ngh&#7879; Drop on Demand (DoD), cho ph&eacute;p phun m&#7921;c ch&iacute;nh x&aacute;c t&#7841;i &#273;&uacute;ng v&#7883; tr&iacute; v&agrave; th&#7901;i &#273;i&#7875;m c&#7847;n in. Nh&#7901; ki&#7875;m so&aacute;t t&#7889;t k&iacute;ch th&#432;&#7899;c v&agrave; l&#432;&#7907;ng gi&#7885;t m&#7921;c, n&#7897;i dung in lu&ocirc;n r&otilde; r&agrave;ng, &#273;&#7891;ng &#273;&#7873;u ngay c&#7843; tr&ecirc;n b&#7873; m&#7863;t carton x&#7889;p ho&#7863;c kh&ocirc;ng ph&#7859;ng.<br>\nC&ocirc;ng ngh&#7879; Drop on Demand gi&uacute;p h&#7841;n ch&#7871; lem m&#7921;c, &#273;&#7843;m b&#7843;o &#273;&#7897; t&#432;&#417;ng ph&#7843;n cao cho k&yacute; t&#7921;, m&atilde; v&#7841;ch v&agrave; th&ocirc;ng tin truy xu&#7845;t, &#273;&#7891;ng th&#7901;i duy tr&igrave; ch&#7845;t l&#432;&#7907;ng in &#7893;n &#273;&#7883;nh tr&ecirc;n c&aacute;c d&acirc;y chuy&#7873;n &#273;&oacute;ng g&oacute;i cu&#7889;i line ho&#7841;t &#273;&#7897;ng li&ecirc;n t&#7909;c.<\/p><p>&#431;u &#273;i&#7875;m v&#432;&#7907;t tr&#7897;i c&#7911;a m&aacute;y in th&ugrave;ng carton Domino Cx350i<br>\nGi&#7843;i ph&aacute;p in m&atilde; ti&#7871;t ki&#7879;m chi ph&iacute; d&agrave;i h&#7841;n<br>\nM&aacute;y in date Domino Cx350i gi&uacute;p gi&#7843;m &#273;&aacute;ng k&#7875; chi ph&iacute; bao b&igrave; in s&#7861;n v&agrave; nh&atilde;n d&aacute;n, &#273;&#7891;ng th&#7901;i h&#7841;n ch&#7871; l&atilde;ng ph&iacute; do thay &#273;&#7893;i th&ocirc;ng tin s&#7843;n ph&#7849;m. Vi&#7879;c in m&atilde; tr&#7921;c ti&#7871;p theo nhu c&#7847;u th&#7921;c t&#7871; gi&uacute;p doanh nghi&#7879;p linh ho&#7841;t h&#417;n trong qu&#7843;n l&yacute; s&#7843;n xu&#7845;t v&agrave; t&#7891;n kho. M&aacute;y s&#7917; d&#7909;ng m&#7921;c in g&#7889;c d&#7847;u th&#7921;c v&#7853;t, th&acirc;n thi&#7879;n m&ocirc;i tr&#432;&#7901;ng, k&#7871;t h&#7907;p c&ocirc;ng ngh&#7879; &#273;i&#7873;u ch&#7881;nh &#273;&#7897; ph&acirc;n gi&#7843;i linh ho&#7841;t &#273;&#7875; &#273;&#7841;t ch&#7845;t l&#432;&#7907;ng m&atilde; t&#7889;t nh&#7845;t v&#7899;i m&#7913;c ti&ecirc;u th&#7909; m&#7921;c t&#7889;i &#432;u.<br>\n&#272;&#7897; ch&iacute;nh x&aacute;c v&agrave; nh&#7845;t qu&aacute;n c&#7911;a m&atilde; in<br>\nM&aacute;y in phun Cx350i h&#7895; tr&#7907; t&iacute;ch h&#7907;p m&aacute;y qu&eacute;t m&atilde; v&#7841;ch v&agrave; h&#7879; th&#7889;ng th&#7883; gi&aacute;c &#273;&#7875; x&aacute;c nh&#7853;n kh&#7843; n&#259;ng &#273;&#7885;c c&#7911;a t&#7915;ng m&atilde; in. &#272;i&#7873;u n&agrave;y gi&uacute;p &#273;&#7843;m b&#7843;o m&#7885;i m&atilde; in &#273;&#7873;u &#273;&#7841;t chu&#7849;n ch&#7845;t l&#432;&#7907;ng, gi&#7843;m thi&#7875;u l&#7895;i m&atilde; h&oacute;a v&agrave; b&#7843;o v&#7879; uy t&iacute;n th&#432;&#417;ng hi&#7879;u trong chu&#7895;i cung &#7913;ng. Khi k&#7871;t h&#7907;p v&#7899;i ph&#7847;n m&#7873;m t&#7921; &#273;&#7897;ng h&oacute;a m&atilde; h&oacute;a, h&#7879; th&#7889;ng gi&uacute;p lo&#7841;i b&#7887; l&#7895;i thao t&aacute;c th&#7911; c&ocirc;ng v&agrave; &#273;&#7843;m b&#7843;o in &#273;&uacute;ng m&atilde; cho &#273;&uacute;ng s&#7843;n ph&#7849;m.<\/p><p>V&#7853;n h&agrave;nh &#273;&#417;n gi&#7843;n, gi&#7843;m can thi&#7879;p c&#7911;a ng&#432;&#7901;i v&#7853;n h&agrave;nh<br>\n&#272;&#432;&#7907;c trang b&#7883; giao di&#7879;n c&#7843;m &#7913;ng QuickStep tr&#7921;c quan, d&#7877; d&agrave;ng t&#7841;o m&#7899;i ho&#7863;c ch&#7881;nh s&#7917;a n&#7897;i dung in ch&#7881; trong v&agrave;i thao t&aacute;c. Ngu&#7891;n c&#7845;p m&#7921;c dung t&iacute;ch l&#7899;n gi&uacute;p k&eacute;o d&agrave;i th&#7901;i gian v&#7853;n h&agrave;nh li&ecirc;n t&#7909;c, gi&#7843;m t&#7847;n su&#7845;t ti&#7871;p m&#7921;c v&agrave; h&#7841;n ch&#7871; d&#7915;ng d&acirc;y chuy&#7873;n. Cx350i kh&ocirc;ng y&ecirc;u c&#7847;u kh&iacute; n&eacute;n nh&agrave; m&aacute;y, kh&ocirc;ng c&#7847;n thay b&#7897; l&#7885;c &#273;&#7883;nh k&#7923;, gi&uacute;p &#273;&#417;n gi&#7843;n h&oacute;a b&#7843;o tr&igrave; v&agrave; gi&#7843;m chi ph&iacute; v&#7853;n h&agrave;nh.<br>\n&#272;&#7897; tin c&#7853;y cao, t&#7889;i &#432;u th&#7901;i gian ho&#7841;t &#273;&#7897;ng<br>\nThi&#7871;t k&#7871; t&#7889;i &#432;u c&#7911;a Domino Model Cx350i gi&uacute;p m&aacute;y ho&#7841;t &#273;&#7897;ng &#7893;n &#273;&#7883;nh trong m&ocirc;i tr&#432;&#7901;ng s&#7843;n xu&#7845;t c&ocirc;ng nghi&#7879;p. Vi&#7879;c cho ph&eacute;p ti&#7871;p m&#7921;c trong khi m&aacute;y &#273;ang ch&#7841;y gi&uacute;p h&#7841;n ch&#7871; d&#7915;ng d&acirc;y chuy&#7873;n kh&ocirc;ng c&#7847;n thi&#7871;t, t&#7915; &#273;&oacute; n&acirc;ng cao hi&#7879;u su&#7845;t thi&#7871;t b&#7883; t&#7893;ng th&#7875; (OEE).<\/p><p>&#7912;ng d&#7909;ng th&#7921;c t&#7871; c&#7911;a m&aacute;y in th&ugrave;ng carton Domino Cx350i<\/p><p>Ng&agrave;nh th&#7921;c ph&#7849;m v&agrave; &#273;&#7891; u&#7889;ng: Trong ng&agrave;nh th&#7921;c ph&#7849;m v&agrave; &#273;&#7891; u&#7889;ng, Model Cx350i &#273;&#432;&#7907;c s&#7917; d&#7909;ng &#273;&#7875; in m&atilde; l&ocirc;, ng&agrave;y s&#7843;n xu&#7845;t, h&#7841;n s&#7917; d&#7909;ng v&agrave; m&atilde; truy xu&#7845;t ngu&#7891;n g&#7889;c l&ecirc;n th&ugrave;ng carton &#273;&oacute;ng g&oacute;i cu&#7889;i d&acirc;y chuy&#7873;n. M&atilde; in r&otilde; r&agrave;ng gi&uacute;p thu&#7853;n ti&#7879;n cho qu&#7843;n l&yacute; kho, v&#7853;n chuy&#7875;n v&agrave; ph&acirc;n ph&#7889;i.<br>\nNg&agrave;nh d&#432;&#7907;c ph&#7849;m v&agrave; ch&#259;m s&oacute;c s&#7913;c kh&#7887;e: Domino Cx350i h&#7895; tr&#7907; in c&aacute;c m&atilde; nh&#7853;n di&#7879;n, m&atilde; v&#7853;n chuy&#7875;n v&agrave; th&ocirc;ng tin l&ocirc; h&agrave;ng cho ng&agrave;nh d&#432;&#7907;c ph&#7849;m, n&#417;i y&ecirc;u c&#7847;u truy xu&#7845;t ngu&#7891;n g&#7889;c v&agrave; &#273;&#7897; ch&iacute;nh x&aacute;c cao l&agrave; y&#7871;u t&#7889; b&#7855;t bu&#7897;c.<br>\nNg&agrave;nh h&agrave;ng ti&ecirc;u d&ugrave;ng nhanh v&agrave; b&aacute;n l&#7867;: V&#7899;i kh&#7843; n&#259;ng in logo, m&atilde; v&#7841;ch GS1-128, GTIN-14 v&agrave; d&#7919; li&#7879;u tu&#7847;n t&#7921; h&oacute;a, Cx350i Domino gi&uacute;p c&aacute;c doanh nghi&#7879;p FMCG t&#7889;i &#432;u h&oacute;a ho&#7841;t &#273;&#7897;ng logistics, ki&#7875;m so&aacute;t t&#7891;n kho v&agrave; n&acirc;ng cao kh&#7843; n&#259;ng qu&#7843;n l&yacute; chu&#7895;i cung &#7913;ng.<br>\nNg&agrave;nh logistics v&agrave; kho v&#7853;n: Trong l&#297;nh v&#7921;c logistics, Cx350i cho ph&eacute;p in tr&#7921;c ti&#7871;p th&ocirc;ng tin v&#7853;n chuy&#7875;n l&ecirc;n th&ugrave;ng h&agrave;ng, gi&uacute;p gi&#7843;m ph&#7909; thu&#7897;c v&agrave;o nh&atilde;n d&aacute;n v&agrave; t&#259;ng &#273;&#7897; b&#7873;n c&#7911;a th&ocirc;ng tin trong su&#7889;t qu&aacute; tr&igrave;nh v&#7853;n chuy&#7875;n.<\/p><p>Nh&#7919;ng L&yacute; Do N&ecirc;n Mua M&aacute;y In Date T&#7841;i V&#7841;n N&#259;ng<\/p><p>C&ocirc;ng ty Thi&#7871;t B&#7883; C&ocirc;ng Ngh&#7879; V&#7841;n N&#259;ng l&agrave; &#273;&#7889;i t&aacute;c ch&iacute;nh th&#7913;c ph&acirc;n ph&#7889;i M&aacute;y In Date h&agrave;ng &#273;&#7847;u t&#7841;i Vi&#7879;t Nam, cam k&#7871;t cung c&#7845;p s&#7843;n ph&#7849;m ch&iacute;nh h&atilde;ng v&#7899;i gi&aacute; c&#7843; c&#7841;nh tranh nh&#7845;t th&#7883; tr&#432;&#7901;ng. V&#7899;i uy t&iacute;n tr&ecirc;n th&#7883; tr&#432;&#7901;ng v&agrave; ch&#7871; &#273;&#7897; h&#7851;u m&atilde;i t&#7889;t, Thi&#7871;t B&#7883; C&ocirc;ng Ngh&#7879; V&#7841;n N&#259;ng &#273;&atilde; nh&#7853;n &#273;&#432;&#7907;c s&#7921; tin t&#432;&#7903;ng t&#7915; kh&aacute;ch h&agrave;ng nh&#7901; v&agrave;o ch&#7845;t l&#432;&#7907;ng h&agrave;ng &#273;&#7847;u c&#7911;a c&aacute;c d&ograve;ng s&#7843;n ph&#7849;m.<br>\nS&#7843;n ph&#7849;m c&#7911;a ch&uacute;ng t&ocirc;i &#273;&#432;&#7907;c ki&#7875;m &#273;&#7883;nh ch&#7845;t l&#432;&#7907;ng, nh&#7853;p kh&#7849;u tr&#7921;c ti&#7871;p t&#7915; nh&agrave; m&aacute;y b&ecirc;n Ch&acirc;u &Acirc;u, M&#7929;, &Uacute;c, Nh&#7853;t B&#7843;n,&hellip; v&agrave; &#273;&aacute;p &#7913;ng nhu c&#7847;u &#273;a d&#7841;ng c&#7911;a th&#7883; tr&#432;&#7901;ng nh&#432;: M&aacute;y &#272;o &#272;&#7897; C&#7913;ng, M&aacute;y SPECTROMAXx, M&aacute;y Ki&#7875;m Tra &#272;&#432;&#7901;ng Gh&eacute;p M&iacute; Lon,&hellip; Ch&uacute;ng t&ocirc;i cam k&#7871;t cung c&#7845;p s&#7843;n ph&#7849;m n&agrave;y tr&ecirc;n to&agrave;n qu&#7889;c v&#7899;i gi&aacute; c&#7843; c&#7841;nh tranh nh&#7845;t.<br>\nCh&uacute;ng t&ocirc;i c&oacute; &#273;&#7897;i ng&#361; chuy&ecirc;n vi&ecirc;n t&#432; v&#7845;n chuy&ecirc;n s&acirc;u s&#7869; h&#7895; tr&#7907; kh&aacute;ch h&agrave;ng v&#7873; chi ti&#7871;t s&#7843;n ph&#7849;m, h&#432;&#7899;ng d&#7851;n s&#7917; d&#7909;ng hay nh&#7919;ng th&#7913; li&ecirc;n quan &#273;&#7871;n v&#7845;n &#273;&#7873; m&agrave; doanh nghi&#7879;p b&#7841;n &#273;ang g&#7863;p ph&#7843;i. Ch&uacute;ng t&ocirc;i s&#7869; cung c&#7845;p nh&#7919;ng gi&#7843;i ph&aacute;p t&#7889;i &#432;u nh&#7845;t!<br>\nNgo&agrave;i ra Thi&#7871;t B&#7883; C&ocirc;ng Ngh&#7879; V&#7841;n N&#259;ng Ch&uacute;ng T&ocirc;i lu&ocirc;n h&#432;&#7899;ng &#273;&#7871;n tr&#7843;i nghi&#7879;m kh&aacute;ch h&agrave;ng, v&igrave; v&#7853;y ch&uacute;ng t&ocirc;i c&oacute; nh&#7919;ng ch&iacute;nh s&aacute;ch b&#7843;o h&agrave;nh, b&#7843;o tr&igrave; &ndash; b&#7843;o d&#432;&#7905;ng, hi&#7879;u chu&#7849;n v&#7899;i t&#7845;t c&#7843; c&aacute;c thi&#7871;t b&#7883;, m&aacute;y m&oacute;c m&agrave; ch&uacute;ng t&ocirc;i cung c&#7845;p. &#272;&#7843;m b&#7843;o mang &#273;&#7871;n cho Kh&aacute;ch h&agrave;ng s&#7921; y&ecirc;n t&acirc;m tuy&#7879;t &#273;&#7889;i v&#7873; d&#7883;ch v&#7909; khi mua h&agrave;ng.<\/p><p>T&#7893;ng K&#7871;t<br>\nM&aacute;y in phun th&ugrave;ng carton c&ocirc;ng nghi&#7879;p Domino Cx350i l&agrave; gi&#7843;i ph&aacute;p in m&atilde; tr&#7921;c ti&#7871;p hi&#7879;u qu&#7843;, linh ho&#7841;t v&agrave; ti&#7871;t ki&#7879;m chi ph&iacute; cho c&aacute;c doanh nghi&#7879;p s&#7843;n xu&#7845;t v&agrave; logistics hi&#7879;n &#273;&#7841;i. V&#7899;i kh&#7843; n&#259;ng in &#273;&#7897; t&#432;&#417;ng ph&#7843;n cao, t&iacute;ch h&#7907;p Industry 4.0, v&#7853;n h&agrave;nh &#273;&#417;n gi&#7843;n v&agrave; h&#7879; sinh th&aacute;i ph&#7847;n m&#7873;m &ndash; d&#7883;ch v&#7909; to&agrave;n di&#7879;n, Cx350i gi&uacute;p doanh nghi&#7879;p n&acirc;ng cao hi&#7879;u su&#7845;t d&acirc;y chuy&#7873;n, gi&#7843;m l&#7895;i m&atilde; h&oacute;a v&agrave; t&#7889;i &#432;u h&oacute;a chi ph&iacute; d&agrave;i h&#7841;n. H&atilde;y li&ecirc;n h&#7879; v&#7899;i V&#7841;n N&#259;ng ngay &#273;&#7875; &#273;&#432;&#7907;c t&#432; v&#7845;n chuy&ecirc;n s&acirc;u v&agrave; nh&#7853;n nh&#7919;ng &#432;u &#273;&atilde;i h&#7845;p d&#7851;n nh&#7845;t th&ocirc;ng qua hotline0903 991 335!<\/p><div style=\"background-color: #f8fafc; border: 1px solid #e2e8f0; border-radius: 8px; padding: 25px; max-width: 800px; margin: 30px auto; color: #334155; line-height: 1.8; font-size: 17px; box-shadow: 0 4px 6px -1px rgba(0,0,0,0.05); text-align: left; clear: both;\">\nC&ocirc;ng ty TNHH Th&#432;&#417;ng M&#7841;i D&#7883;ch V&#7909; Thi&#7871;t B&#7883; C&ocirc;ng Ngh&#7879; V&#7841;n N&#259;ng\n<p style=\"margin: 0 0 10px 0;\">&#128205; <strong style=\"color: #1e293b;\">&#272;&#7883;a ch&#7881;:<\/strong> <a style=\"color: #059669; text-decoration: none; font-weight: bold;\" href=\"https:\/\/www.google.com\/maps\/search\/C%C3%B4ng+ty+TNHH+Th%C6%B0%C6%A1ng+M%E1%BA%A1i+D%E1%BB%8Bch+V%E1%BB%A5+Thi%E1%BA%BFt+B%E1%BB%8B+C%C3%B4ng+Ngh%E1%BB%87+V%E1%BA%A1n+N%C4%83ng+818+Tr%C6%B0%E1%BB%9Dng+Chinh\" target=\"_blank\" rel=\"noopener\">818 Tr&#432;&#7901;ng Chinh, Ph&#432;&#7901;ng T&acirc;n S&#417;n, Th&agrave;nh ph&#7889; H&#7891; Ch&iacute; Minh, Vi&#7879;t Nam<\/a><\/p>\n<p style=\"margin: 0 0 10px 0;\">&#128222; <strong style=\"color: #1e293b;\">S&#272;T &ndash; Zalo:<\/strong> <a style=\"color: #059669; text-decoration: none; font-weight: bold;\" href=\"https:\/\/zalo.me\/0903991335\" target=\"_blank\" rel=\"noopener\">0903 991 335<\/a> <span style=\"color: #64748b; font-style: italic;\">(Ms. H&#7841;nh &ndash; Gi&aacute;m &#272;&#7889;c Kinh Doanh)<\/span><\/p>\n<p style=\"margin: 0;\">&#9993;&#65039; <strong style=\"color: #1e293b;\">Email:<\/strong> <a style=\"color: #059669; text-decoration: none; font-weight: bold;\" href=\"mailto:hienhanh@vannangvn.com\">hienhanh@vannangvn.com<\/a><\/p>\n<\/div><\/h1>","protected":false},"excerpt":{"rendered":"<p><strong>Th&#432;&#417;ng hi&#7879;u:<\/strong> Domino<br>\n<strong>Model:<\/strong> Cx350i<p>Product <strong>M&Aacute;Y IN PHUN DATE DOMINO MODEL CX350I<\/strong> ch&iacute;nh h&atilde;ng. Domino (UK)<br>\nM&aacute;y In Phun Date Domino Model Cx350i in tr&#7921;c ti&#7871;p m&atilde; v&#7841;ch, logo, th&ocirc;ng tin truy xu&#7845;t l&ecirc;n th&ugrave;ng carton, t&iacute;ch h&#7907;p Industry 4.0, v&#7853;n h&agrave;nh &#7893;n &#273;&#7883;nh, ti&#7871;t ki&#7879;m chi ph&iacute; v&agrave; t&#7889;i &#432;u logistics.<\/p><\/p>","protected":false},"featured_media":0,"comment_status":"open","ping_status":"closed","template":"","meta":[],"product_brand":[],"product_cat":[18],"product_tag":[109,116,119,250,2310,2311,2337],"class_list":{"0":"post-7143","1":"product","2":"type-product","3":"status-publish","5":"product_cat-chua-phan-loai","6":"product_tag-may","7":"product_tag-model","8":"product_tag-in","9":"product_tag-phun","10":"product_tag-date","11":"product_tag-domino","12":"product_tag-cx350i","14":"first","15":"instock","16":"shipping-taxable","17":"product-type-simple"},"yoast_head":"<!-- This site is optimized with the Yoast SEO Premium plugin v24.8 (Yoast SEO v24.8) - https:\/\/yoast.com\/wordpress\/plugins\/seo\/ -->\n<title>M\u00c1Y IN PHUN DATE DOMINO MODEL CX350I ch\u00ednh h\u00e3ng | V\u1ea1n N\u0103ng<\/title>\n<meta name=\"description\" content=\"Mua ngay M\u00c1Y IN PHUN DATE DOMINO MODEL CX350I ch\u00ednh h\u00e3ng. M\u00e1y In Phun Date Domino Model Cx350i in tr\u1ef1c ti\u1ebfp m\u00e3 v\u1ea1ch, logo, th\u00f4ng t... Gi\u00e1 t\u1ed1t!\" \/>\n<meta name=\"robots\" content=\"noindex, follow, max-snippet:-1, max-image-preview:large, max-video-preview:-1\" \/>\n<meta property=\"og:locale\" content=\"en_US\" \/>\n<meta property=\"og:type\" content=\"article\" \/>\n<meta property=\"og:title\" content=\"M\u00c1Y IN PHUN DATE DOMINO MODEL CX350I\" \/>\n<meta property=\"og:description\" content=\"Mua ngay M\u00c1Y IN PHUN DATE DOMINO MODEL CX350I ch\u00ednh h\u00e3ng. M\u00e1y In Phun Date Domino Model Cx350i in tr\u1ef1c ti\u1ebfp m\u00e3 v\u1ea1ch, logo, th\u00f4ng t... Gi\u00e1 t\u1ed1t!\" \/>\n<meta property=\"og:url\" content=\"https:\/\/vannangvn.123websitedev.com\/en\/product\/may-in-phun-date-domino-model-cx350i\/\" \/>\n<meta property=\"og:site_name\" content=\"Vannang.vn\" \/>\n<meta property=\"article:modified_time\" content=\"2026-03-30T11:36:42+00:00\" \/>\n<meta name=\"twitter:card\" content=\"summary_large_image\" \/>\n<meta name=\"twitter:label1\" content=\"Est. reading time\" \/>\n\t<meta name=\"twitter:data1\" content=\"12 minutes\" \/>\n<script type=\"application\/ld+json\" class=\"yoast-schema-graph\">{\"@context\":\"https:\/\/schema.org\",\"@graph\":[{\"@type\":\"WebPage\",\"@id\":\"https:\/\/vannangvn.123websitedev.com\/san-pham\/may-in-phun-date-domino-model-cx350i\/\",\"url\":\"https:\/\/vannangvn.123websitedev.com\/san-pham\/may-in-phun-date-domino-model-cx350i\/\",\"name\":\"M\u00c1Y IN PHUN DATE DOMINO MODEL CX350I ch\u00ednh h\u00e3ng | V\u1ea1n N\u0103ng\",\"isPartOf\":{\"@id\":\"https:\/\/vannangvn.123websitedev.com\/#website\"},\"datePublished\":\"2026-03-20T11:53:34+00:00\",\"dateModified\":\"2026-03-30T11:36:42+00:00\",\"description\":\"Mua ngay M\u00c1Y IN PHUN DATE DOMINO MODEL CX350I ch\u00ednh h\u00e3ng. M\u00e1y In Phun Date Domino Model Cx350i in tr\u1ef1c ti\u1ebfp m\u00e3 v\u1ea1ch, logo, th\u00f4ng t... Gi\u00e1 t\u1ed1t!\",\"breadcrumb\":{\"@id\":\"https:\/\/vannangvn.123websitedev.com\/san-pham\/may-in-phun-date-domino-model-cx350i\/#breadcrumb\"},\"inLanguage\":\"en-US\",\"potentialAction\":[{\"@type\":\"ReadAction\",\"target\":[\"https:\/\/vannangvn.123websitedev.com\/san-pham\/may-in-phun-date-domino-model-cx350i\/\"]}]},{\"@type\":\"BreadcrumbList\",\"@id\":\"https:\/\/vannangvn.123websitedev.com\/san-pham\/may-in-phun-date-domino-model-cx350i\/#breadcrumb\",\"itemListElement\":[{\"@type\":\"ListItem\",\"position\":1,\"name\":\"Trang ch\u1ee7\",\"item\":\"https:\/\/vannangvn.123websitedev.com\/\"},{\"@type\":\"ListItem\",\"position\":2,\"name\":\"S\u1ea3n ph\u1ea9m\",\"item\":\"https:\/\/vannangvn.123websitedev.com\/cua-hang\/\"},{\"@type\":\"ListItem\",\"position\":3,\"name\":\"M\u00c1Y IN PHUN DATE DOMINO MODEL CX350I\"}]},{\"@type\":\"WebSite\",\"@id\":\"https:\/\/vannangvn.123websitedev.com\/#website\",\"url\":\"https:\/\/vannangvn.123websitedev.com\/\",\"name\":\"Vannang.vn\",\"description\":\"\",\"publisher\":{\"@id\":\"https:\/\/vannangvn.123websitedev.com\/#organization\"},\"potentialAction\":[{\"@type\":\"SearchAction\",\"target\":{\"@type\":\"EntryPoint\",\"urlTemplate\":\"https:\/\/vannangvn.123websitedev.com\/?s={search_term_string}\"},\"query-input\":{\"@type\":\"PropertyValueSpecification\",\"valueRequired\":true,\"valueName\":\"search_term_string\"}}],\"inLanguage\":\"en-US\"},{\"@type\":\"Organization\",\"@id\":\"https:\/\/vannangvn.123websitedev.com\/#organization\",\"name\":\"Vannang.vn\",\"url\":\"https:\/\/vannangvn.123websitedev.com\/\",\"logo\":{\"@type\":\"ImageObject\",\"inLanguage\":\"en-US\",\"@id\":\"https:\/\/vannangvn.123websitedev.com\/#\/schema\/logo\/image\/\",\"url\":\"https:\/\/vannangvn.123websitedev.com\/wp-content\/uploads\/2026\/02\/logo-van-nang-02.png\",\"contentUrl\":\"https:\/\/vannangvn.123websitedev.com\/wp-content\/uploads\/2026\/02\/logo-van-nang-02.png\",\"width\":448,\"height\":111,\"caption\":\"Vannang.vn\"},\"image\":{\"@id\":\"https:\/\/vannangvn.123websitedev.com\/#\/schema\/logo\/image\/\"}}]}<\/script>\n<!-- \/ Yoast SEO Premium plugin. -->","yoast_head_json":{"title":"M\u00c1Y IN PHUN DATE DOMINO MODEL CX350I ch\u00ednh h\u00e3ng | V\u1ea1n N\u0103ng","description":"Mua ngay M\u00c1Y IN PHUN DATE DOMINO MODEL CX350I ch\u00ednh h\u00e3ng. M\u00e1y In Phun Date Domino Model Cx350i in tr\u1ef1c ti\u1ebfp m\u00e3 v\u1ea1ch, logo, th\u00f4ng t... Gi\u00e1 t\u1ed1t!","robots":{"index":"noindex","follow":"follow","max-snippet":"max-snippet:-1","max-image-preview":"max-image-preview:large","max-video-preview":"max-video-preview:-1"},"og_locale":"en_US","og_type":"article","og_title":"M\u00c1Y IN PHUN DATE DOMINO MODEL CX350I","og_description":"Mua ngay M\u00c1Y IN PHUN DATE DOMINO MODEL CX350I ch\u00ednh h\u00e3ng. M\u00e1y In Phun Date Domino Model Cx350i in tr\u1ef1c ti\u1ebfp m\u00e3 v\u1ea1ch, logo, th\u00f4ng t... Gi\u00e1 t\u1ed1t!","og_url":"https:\/\/vannangvn.123websitedev.com\/en\/product\/may-in-phun-date-domino-model-cx350i\/","og_site_name":"Vannang.vn","article_modified_time":"2026-03-30T11:36:42+00:00","twitter_card":"summary_large_image","twitter_misc":{"Est. reading time":"12 minutes"},"schema":{"@context":"https:\/\/schema.org","@graph":[{"@type":"WebPage","@id":"https:\/\/vannangvn.123websitedev.com\/san-pham\/may-in-phun-date-domino-model-cx350i\/","url":"https:\/\/vannangvn.123websitedev.com\/san-pham\/may-in-phun-date-domino-model-cx350i\/","name":"M\u00c1Y IN PHUN DATE DOMINO MODEL CX350I ch\u00ednh h\u00e3ng | V\u1ea1n N\u0103ng","isPartOf":{"@id":"https:\/\/vannangvn.123websitedev.com\/#website"},"datePublished":"2026-03-20T11:53:34+00:00","dateModified":"2026-03-30T11:36:42+00:00","description":"Mua ngay M\u00c1Y IN PHUN DATE DOMINO MODEL CX350I ch\u00ednh h\u00e3ng. M\u00e1y In Phun Date Domino Model Cx350i in tr\u1ef1c ti\u1ebfp m\u00e3 v\u1ea1ch, logo, th\u00f4ng t... Gi\u00e1 t\u1ed1t!","breadcrumb":{"@id":"https:\/\/vannangvn.123websitedev.com\/san-pham\/may-in-phun-date-domino-model-cx350i\/#breadcrumb"},"inLanguage":"en-US","potentialAction":[{"@type":"ReadAction","target":["https:\/\/vannangvn.123websitedev.com\/san-pham\/may-in-phun-date-domino-model-cx350i\/"]}]},{"@type":"BreadcrumbList","@id":"https:\/\/vannangvn.123websitedev.com\/san-pham\/may-in-phun-date-domino-model-cx350i\/#breadcrumb","itemListElement":[{"@type":"ListItem","position":1,"name":"Trang ch\u1ee7","item":"https:\/\/vannangvn.123websitedev.com\/"},{"@type":"ListItem","position":2,"name":"S\u1ea3n ph\u1ea9m","item":"https:\/\/vannangvn.123websitedev.com\/cua-hang\/"},{"@type":"ListItem","position":3,"name":"M\u00c1Y IN PHUN DATE DOMINO MODEL CX350I"}]},{"@type":"WebSite","@id":"https:\/\/vannangvn.123websitedev.com\/#website","url":"https:\/\/vannangvn.123websitedev.com\/","name":"Vannang.vn","description":"","publisher":{"@id":"https:\/\/vannangvn.123websitedev.com\/#organization"},"potentialAction":[{"@type":"SearchAction","target":{"@type":"EntryPoint","urlTemplate":"https:\/\/vannangvn.123websitedev.com\/?s={search_term_string}"},"query-input":{"@type":"PropertyValueSpecification","valueRequired":true,"valueName":"search_term_string"}}],"inLanguage":"en-US"},{"@type":"Organization","@id":"https:\/\/vannangvn.123websitedev.com\/#organization","name":"Vannang.vn","url":"https:\/\/vannangvn.123websitedev.com\/","logo":{"@type":"ImageObject","inLanguage":"en-US","@id":"https:\/\/vannangvn.123websitedev.com\/#\/schema\/logo\/image\/","url":"https:\/\/vannangvn.123websitedev.com\/wp-content\/uploads\/2026\/02\/logo-van-nang-02.png","contentUrl":"https:\/\/vannangvn.123websitedev.com\/wp-content\/uploads\/2026\/02\/logo-van-nang-02.png","width":448,"height":111,"caption":"Vannang.vn"},"image":{"@id":"https:\/\/vannangvn.123websitedev.com\/#\/schema\/logo\/image\/"}}]}},"_links":{"self":[{"href":"https:\/\/vannangvn.123websitedev.com\/en\/wp-json\/wp\/v2\/product\/7143","targetHints":{"allow":["GET"]}}],"collection":[{"href":"https:\/\/vannangvn.123websitedev.com\/en\/wp-json\/wp\/v2\/product"}],"about":[{"href":"https:\/\/vannangvn.123websitedev.com\/en\/wp-json\/wp\/v2\/types\/product"}],"replies":[{"embeddable":true,"href":"https:\/\/vannangvn.123websitedev.com\/en\/wp-json\/wp\/v2\/comments?post=7143"}],"wp:attachment":[{"href":"https:\/\/vannangvn.123websitedev.com\/en\/wp-json\/wp\/v2\/media?parent=7143"}],"wp:term":[{"taxonomy":"product_brand","embeddable":true,"href":"https:\/\/vannangvn.123websitedev.com\/en\/wp-json\/wp\/v2\/product_brand?post=7143"},{"taxonomy":"product_cat","embeddable":true,"href":"https:\/\/vannangvn.123websitedev.com\/en\/wp-json\/wp\/v2\/product_cat?post=7143"},{"taxonomy":"product_tag","embeddable":true,"href":"https:\/\/vannangvn.123websitedev.com\/en\/wp-json\/wp\/v2\/product_tag?post=7143"}],"curies":[{"name":"wp","href":"https:\/\/api.w.org\/{rel}","templated":true}]}}