{"id":7161,"date":"2026-03-20T18:53:58","date_gmt":"2026-03-20T11:53:58","guid":{"rendered":"https:\/\/vannangvn.123websitedev.com\/san-pham\/may-keo-mang-son-tu-dong-biuged-model-bgd-218-2\/"},"modified":"2026-03-30T18:37:06","modified_gmt":"2026-03-30T11:37:06","slug":"may-keo-mang-son-tu-dong-biuged-model-bgd-218-2","status":"publish","type":"product","link":"https:\/\/vannangvn.123websitedev.com\/en\/product\/may-keo-mang-son-tu-dong-biuged-model-bgd-218-2\/","title":{"rendered":"M\u00c1Y K\u00c9O M\u00c0NG S\u01a0N T\u1ef0 \u0110\u1ed8NG BIUGED MODEL BGD 218\/2"},"content":{"rendered":"<h1 style=\"color: red; font-weight: bold; font-size: 24px;\">T&#7893;ng quan s&#7843;n ph&#7849;m M&Aacute;Y K&Eacute;O M&Agrave;NG S&#416;N T&#7920; &#272;&#7896;NG BIUGED MODEL BGD 218\/2<p>M&aacute;y K&eacute;o M&agrave;ng S&#417;n T&#7921; &#272;&#7897;ng (Automatic Film Applicator) Biuged Model BGD 218\/2<br>\nM&aacute;y K&eacute;o M&agrave;ng S&#417;n Biuged BGD 218\/2 l&agrave; thi&#7871;t b&#7883; h&#7895; tr&#7907; t&#7841;o m&agrave;ng ph&#7911; t&#7921; &#273;&#7897;ng, gi&uacute;p ki&#7875;m so&aacute;t &#273;&#7897; &#273;&#7891;ng &#273;&#7873;u c&#7911;a l&#7899;p ph&#7911; tr&ecirc;n c&aacute;c b&#7873; m&#7863;t th&#7917; nghi&#7879;m. V&#7899;i thi&#7871;t k&#7871; hi&#7879;n &#273;&#7841;i, thi&#7871;t b&#7883; gi&uacute;p c&#7843;i thi&#7879;n &#273;&#7897; ch&iacute;nh x&aacute;c c&#7911;a quy tr&igrave;nh ki&#7875;m tra, gi&#7843;m thi&#7875;u sai s&#7889; thao t&aacute;c.<br>\nModel BGD 218\/2 r&#7845;t ph&ugrave; h&#7907;p v&#7899;i c&aacute;c ph&ograve;ng th&iacute; nghi&#7879;m nghi&ecirc;n c&#7913;u s&#417;n, m&#7921;c in v&agrave; l&#7899;p ph&#7911; c&ocirc;ng nghi&#7879;p. H&atilde;y c&ugrave;ng V&#7841;n N&#259;ng t&igrave;m hi&#7875;u chi ti&#7871;t h&#417;n v&#7873; s&#7843;n ph&#7849;m th&ocirc;ng qua b&agrave;i vi&#7871;t d&#432;&#7899;i &#273;&acirc;y nh&eacute;!<\/p><p>Xem th&ecirc;m: M&aacute;y D&ograve; XRD Anton Paar Model Pixos 2000 CdTe<\/p><p>N&eacute;t &#272;&#7863;c Tr&#432;ng C&#7911;a BGD 218\/2<br>\n&#272;i&#7873;u ch&#7881;nh t&#7889;c &#273;&#7897; ch&iacute;nh x&aacute;c<br>\nM&aacute;y K&eacute;o S&#417;n T&#7921; &#272;&#7897;ng BGD 218\/2 h&#7895; tr&#7907; &#273;i&#7873;u ch&#7881;nh t&#7889;c &#273;&#7897; k&eacute;o m&agrave;ng t&#7915; 5mm\/s &#273;&#7871;n 500mm\/s, gi&uacute;p ki&#7875;m tra l&#7899;p ph&#7911; v&#7899;i nhi&#7873;u lo&#7841;i v&#7853;t li&#7879;u kh&aacute;c nhau. T&#7889;c &#273;&#7897; &#7893;n &#273;&#7883;nh gi&uacute;p &#273;&#7843;m b&#7843;o m&agrave;ng ph&#7911; c&oacute; &#273;&#7897; &#273;&#7891;ng &#273;&#7873;u cao, kh&ocirc;ng b&#7883; bi&#7871;n d&#7841;ng hay l&#7879;ch kh&#7887;i ti&ecirc;u chu&#7849;n th&#7917; nghi&#7879;m.<br>\nThanh d&#7851;n h&#432;&#7899;ng tuy&#7871;n t&iacute;nh &#7893;n &#273;&#7883;nh<br>\nH&#7879; th&#7889;ng thanh d&#7851;n h&#432;&#7899;ng tuy&#7871;n t&iacute;nh c&oacute; &#273;&#7897; ch&iacute;nh x&aacute;c cao gi&uacute;p &#273;&#7843;m b&#7843;o qu&aacute; tr&igrave;nh k&eacute;o m&agrave;ng di&#7877;n ra m&#432;&#7907;t m&agrave;, tr&aacute;nh rung l&#7855;c. C&#417; ch&#7871; d&#7851;n h&#432;&#7899;ng n&agrave;y gi&uacute;p duy tr&igrave; l&#7921;c k&eacute;o &#7893;n &#273;&#7883;nh, &#273;&#7843;m b&#7843;o l&#7899;p ph&#7911; kh&ocirc;ng b&#7883; bi&#7871;n d&#7841;ng trong qu&aacute; tr&igrave;nh th&#7917; nghi&#7879;m.<\/p><p>H&#7879; th&#7889;ng h&uacute;t ch&acirc;n kh&ocirc;ng<br>\nM&aacute;y Biuged BGD 218\/2 &#273;&#432;&#7907;c trang b&#7883; t&#7845;m h&uacute;t ch&acirc;n kh&ocirc;ng gia c&ocirc;ng ch&iacute;nh x&aacute;c, v&#7899;i &#273;&#7897; ph&#7859;ng nh&#7887; h&#417;n 5 micron, gi&uacute;p c&#7889; &#273;&#7883;nh m&#7851;u th&#7917; ch&#7855;c ch&#7855;n. Ngo&agrave;i ra, h&#7879; th&#7889;ng b&#417;m ch&acirc;n kh&ocirc;ng b&ecirc;n ngo&agrave;i gi&uacute;p lo&#7841;i b&#7887; rung l&#7855;c, ph&acirc;n ph&#7889;i l&#7921;c h&uacute;t &#273;&#7891;ng &#273;&#7873;u, gi&uacute;p t&#259;ng &#273;&#7897; b&aacute;m d&iacute;nh c&#7911;a m&#7851;u th&#7917; tr&ecirc;n b&#7873; m&#7863;t l&agrave;m vi&#7879;c.<br>\nKh&#7843; n&#259;ng t&#432;&#417;ng th&iacute;ch<br>\nThi&#7871;t b&#7883; c&oacute; th&#7875; s&#7917; d&#7909;ng v&#7899;i nhi&#7873;u lo&#7841;i d&#7909;ng c&#7909; k&eacute;o m&agrave;ng, bao g&#7891;m thanh d&acirc;y, dao g&#7841;t, v&agrave; c&aacute;c lo&#7841;i d&#7909;ng c&#7909; b&ocirc;i kh&aacute;c c&#7911;a Biuged. Nh&#7901; t&iacute;nh linh ho&#7841;t n&agrave;y, Biuged Model BGD 218\/2 &#273;&aacute;p &#7913;ng &#273;&#432;&#7907;c nhu c&#7847;u ki&#7875;m tra &#273;a d&#7841;ng trong ng&agrave;nh s&#417;n ph&#7911;, m&#7921;c in v&agrave; v&#7853;t li&#7879;u c&ocirc;ng nghi&#7879;p.<br>\nT&ugrave;y ch&#7881;nh v&#7883; tr&iacute; k&eacute;o m&agrave;ng<br>\nM&aacute;y K&eacute;o S&#417;n T&#7921; &#272;&#7897;ng Biuged BGD 218\/2 h&#7895; tr&#7907; thi&#7871;t l&#7853;p &#273;i&#7875;m b&#7855;t &#273;&#7847;u k&eacute;o m&agrave;ng theo k&iacute;ch th&#432;&#7899;c m&#7851;u th&#7917;, gi&uacute;p t&#7889;i &#432;u h&oacute;a quy tr&igrave;nh th&#7917; nghi&#7879;m. Ng&#432;&#7901;i d&ugrave;ng c&oacute; th&#7875; t&ugrave;y ch&#7881;nh v&#7883; tr&iacute; k&eacute;o m&agrave;ng theo t&#7915;ng y&ecirc;u c&#7847;u c&#7909; th&#7875; m&agrave; kh&ocirc;ng c&#7847;n thay &#273;&#7893;i c&#7845;u tr&uacute;c m&aacute;y.<\/p><p>Xem th&ecirc;m: M&aacute;y &#272;o L&#7921;c C&#417; H&#7885;c Neurtek Model FB-20K<\/p><p>&#431;u &#272;i&#7875;m V&#432;&#7907;t Tr&#7897;i C&#7911;a BGD 218\/2<br>\nT&#7841;o m&agrave;ng ph&#7911; &#273;&#7891;ng &#273;&#7873;u<br>\nM&aacute;y K&eacute;o S&#417;n Model BGD 218\/2 Biuged gi&uacute;p lo&#7841;i b&#7887; c&aacute;c sai s&#7889; do thao t&aacute;c th&#7911; c&ocirc;ng g&acirc;y ra, &#273;&#7843;m b&#7843;o l&#7899;p ph&#7911; c&oacute; &#273;&#7897; &#273;&#7891;ng nh&#7845;t cao. Nh&#7901; c&#417; ch&#7871; k&eacute;o m&agrave;ng t&#7921; &#273;&#7897;ng, thi&#7871;t b&#7883; gi&uacute;p c&#7843;i thi&#7879;n &#273;&#7897; ch&iacute;nh x&aacute;c v&agrave; &#273;&#7897; l&#7863;p l&#7841;i trong c&aacute;c th&#7917; nghi&#7879;m ki&#7875;m tra ch&#7845;t l&#432;&#7907;ng s&#417;n v&agrave; l&#7899;p ph&#7911; c&ocirc;ng nghi&#7879;p.<br>\nD&#7843;i t&#7889;c &#273;&#7897; k&eacute;o r&#7897;ng<br>\nModel BGD 218\/2 Biuged h&#7895; tr&#7907; t&#7889;c &#273;&#7897; k&eacute;o t&#7915; 5mm\/s &#273;&#7871;n 500mm\/s, gi&uacute;p ng&#432;&#7901;i d&ugrave;ng linh ho&#7841;t &#273;i&#7873;u ch&#7881;nh &#273;&#7875; ph&ugrave; h&#7907;p v&#7899;i t&#7915;ng lo&#7841;i s&#417;n, m&#7921;c in hay v&#7853;t li&#7879;u ph&#7911;. Nh&#7901; v&agrave;o kh&#7843; n&#259;ng ki&#7875;m so&aacute;t t&#7889;c &#273;&#7897; ch&iacute;nh x&aacute;c, m&aacute;y c&oacute; th&#7875; s&#7917; d&#7909;ng &#273;&#7875; ki&#7875;m tra c&#7843; c&aacute;c l&#7899;p ph&#7911; m&#7887;ng v&agrave; d&agrave;y m&agrave; kh&ocirc;ng &#7843;nh h&#432;&#7903;ng &#273;&#7871;n ch&#7845;t l&#432;&#7907;ng k&#7871;t qu&#7843; th&#7917; nghi&#7879;m.<\/p><p>Thi&#7871;t k&#7871; ch&#7855;c ch&#7855;n<br>\nKhung m&aacute;y &#273;&#432;&#7907;c l&agrave;m t&#7915; v&#7853;t li&#7879;u b&#7873;n b&#7881;, gi&uacute;p thi&#7871;t b&#7883; ho&#7841;t &#273;&#7897;ng &#7893;n &#273;&#7883;nh ngay c&#7843; khi v&#7853;n h&agrave;nh trong th&#7901;i gian d&agrave;i. C&#7845;u tr&uacute;c m&aacute;y ch&#7855;c ch&#7855;n gi&uacute;p gi&#7843;m thi&#7875;u rung l&#7855;c, duy tr&igrave; &#273;&#7897; ch&iacute;nh x&aacute;c trong su&#7889;t qu&aacute; tr&igrave;nh k&eacute;o m&agrave;ng. Thi&#7871;t k&#7871; t&#7889;i &#432;u gi&uacute;p m&aacute;y c&oacute; tu&#7893;i th&#7885; cao, ph&ugrave; h&#7907;p v&#7899;i m&ocirc;i tr&#432;&#7901;ng th&#7917; nghi&#7879;m chuy&ecirc;n nghi&#7879;p.<br>\nGiao di&#7879;n d&#7877; s&#7917; d&#7909;ng<br>\nThi&#7871;t B&#7883; K&eacute;o S&#417;n Biuged BGD 218\/2 &#273;&#432;&#7907;c trang b&#7883; b&#7843;ng &#273;i&#7873;u khi&#7875;n tr&#7921;c quan, gi&uacute;p ng&#432;&#7901;i d&ugrave;ng d&#7877; d&agrave;ng thi&#7871;t l&#7853;p t&#7889;c &#273;&#7897;, &#273;i&#7873;u ch&#7881;nh d&#7909;ng c&#7909; b&ocirc;i ho&#7863;c thay &#273;&#7893;i v&#7883; tr&iacute; k&eacute;o m&agrave;ng. Giao di&#7879;n th&acirc;n thi&#7879;n gi&uacute;p ng&#432;&#7901;i v&#7853;n h&agrave;nh c&oacute; th&#7875; nhanh ch&oacute;ng l&agrave;m quen v&#7899;i thi&#7871;t b&#7883; m&agrave; kh&ocirc;ng c&#7847;n nhi&#7873;u th&#7901;i gian &#273;&agrave;o t&#7841;o.<br>\nTh&iacute;ch h&#7907;p v&#7899;i nhi&#7873;u lo&#7841;i ch&#7845;t n&#7873;n<br>\nBiuged BGD 218\/2 c&oacute; th&#7875; &aacute;p d&#7909;ng m&agrave;ng ph&#7911; tr&ecirc;n nhi&#7873;u lo&#7841;i ch&#7845;t n&#7873;n kh&aacute;c nhau, t&#7915; kim lo&#7841;i, nh&#7921;a, k&iacute;nh &#273;&#7871;n gi&#7845;y v&agrave; v&#7853;t li&#7879;u t&#7893;ng h&#7907;p. &#272;i&#7873;u n&agrave;y gi&uacute;p m&#7903; r&#7897;ng ph&#7841;m vi &#7913;ng d&#7909;ng, ph&ugrave; h&#7907;p v&#7899;i nhi&#7873;u ng&agrave;nh c&ocirc;ng nghi&#7879;p kh&aacute;c nhau.<\/p><p>Xem th&ecirc;m: M&aacute;y &#272;o &#272;&#7897; C&#7913;ng Kim Lo&#7841;i PCE Instruments Model PCE-5000<\/p><p>&#7912;ng D&#7909;ng Trong C&ocirc;ng Nghi&#7879;p<br>\nV&#7899;i kh&#7843; n&#259;ng t&#7841;o m&agrave;ng ph&#7911; &#273;&#7891;ng nh&#7845;t v&agrave; &#273;&#7897; ch&iacute;nh x&aacute;c cao, Model BGD 218\/2 &#273;&#432;&#7907;c &#7913;ng d&#7909;ng r&#7897;ng r&atilde;i trong nhi&#7873;u l&#297;nh v&#7921;c:<\/p><p>Ng&agrave;nh s&#417;n v&agrave; l&#7899;p ph&#7911;: Ki&#7875;m tra &#273;&#7897; d&agrave;y, &#273;&#7897; b&aacute;m d&iacute;nh v&agrave; ch&#7845;t l&#432;&#7907;ng m&agrave;ng s&#417;n tr&ecirc;n kim lo&#7841;i, g&#7895;, nh&#7921;a, v&#7853;t li&#7879;u x&acirc;y d&#7921;ng.<br>\nS&#7843;n xu&#7845;t m&#7921;c in: BGD 218\/2 gi&uacute;p &#273;&aacute;nh gi&aacute; kh&#7843; n&#259;ng ph&acirc;n b&#7889; m&agrave;u s&#7855;c, &#273;&#7897; ph&#7911; v&agrave; ch&#7845;t l&#432;&#7907;ng l&#7899;p m&#7921;c tr&ecirc;n gi&#7845;y, nh&#7921;a, bao b&igrave;.<br>\nC&ocirc;ng ngh&#7879; ph&#7911; b&#7873; m&#7863;t: &#7912;ng d&#7909;ng trong nghi&ecirc;n c&#7913;u c&aacute;c l&#7899;p ph&#7911; b&#7843;o v&#7879; tr&ecirc;n k&iacute;nh, m&agrave;ng nh&#7921;a v&agrave; v&#7853;t li&#7879;u t&#7893;ng h&#7907;p.<br>\nD&#7879;t may v&agrave; da gi&agrave;y: Ki&#7875;m tra l&#7899;p ph&#7911; ch&#7889;ng th&#7845;m, l&#7899;p ho&agrave;n thi&#7879;n tr&ecirc;n v&#7843;i, da t&#7893;ng h&#7907;p v&agrave; v&#7853;t li&#7879;u d&#7879;t.<br>\nS&#7843;n xu&#7845;t &#273;i&#7879;n t&#7917;: M&aacute;y K&eacute;o T&#7921; &#272;&#7897;ng Biuged Model BGD 218\/2 &#272;&#432;&#7907;c s&#7917; d&#7909;ng &#273;&#7875; ki&#7875;m tra l&#7899;p ph&#7911; b&#7843;o v&#7879; tr&ecirc;n b&#7843;ng m&#7841;ch, linh ki&#7879;n &#273;i&#7879;n t&#7917;.<br>\nNghi&ecirc;n c&#7913;u v&#7853;t li&#7879;u: H&#7895; tr&#7907; ph&ograve;ng th&iacute; nghi&#7879;m ph&aacute;t tri&#7875;n c&ocirc;ng th&#7913;c s&#417;n, l&#7899;p ph&#7911; m&#7899;i, t&#7889;i &#432;u h&oacute;a quy tr&igrave;nh s&#7843;n xu&#7845;t.<\/p><p>So S&aacute;nh Gi&#7919;a BGD 218 V&agrave; BGD 219<br>\nModel Biuged BGD 218 v&agrave; Model Biuged BGD 219 &#273;&#7873;u l&agrave; m&aacute;y k&eacute;o m&agrave;ng s&#417;n t&#7921; &#273;&#7897;ng hi&#7879;n &#273;&#7841;i, c&oacute; t&#7889;c &#273;&#7897; &#273;i&#7873;u ch&#7881;nh 5mm\/s &ndash; 500mm\/s, thanh d&#7851;n h&#432;&#7899;ng tuy&#7871;n t&iacute;nh ch&iacute;nh x&aacute;c, v&agrave; t&#432;&#417;ng th&iacute;ch v&#7899;i nhi&#7873;u lo&#7841;i d&#7909;ng c&#7909; b&ocirc;i. Tuy nhi&ecirc;n, m&#7895;i model c&oacute; m&#7897;t s&#7889; &#273;i&#7875;m kh&aacute;c bi&#7879;t &#273;&aacute;ng ch&uacute; &yacute;:<\/p><p>B&#7873; m&#7863;t &#7913;ng d&#7909;ng: M&aacute;y K&eacute;o Biuged BGD 218 s&#7917; d&#7909;ng t&#7845;m h&uacute;t ch&acirc;n kh&ocirc;ng gia c&ocirc;ng ch&iacute;nh x&aacute;c, &#273;&#7897; ph&#7859;ng \nC&ocirc;ng ty TNHH Th&#432;&#417;ng M&#7841;i D&#7883;ch V&#7909; Thi&#7871;t B&#7883; C&ocirc;ng Ngh&#7879; V&#7841;n N&#259;ng<\/p><p style=\"margin: 0 0 10px 0;\">&#128205; <strong style=\"color: #1e293b;\">&#272;&#7883;a ch&#7881;:<\/strong> <a style=\"color: #059669; text-decoration: none; font-weight: bold;\" href=\"https:\/\/www.google.com\/maps\/search\/C%C3%B4ng+ty+TNHH+Th%C6%B0%C6%A1ng+M%E1%BA%A1i+D%E1%BB%8Bch+V%E1%BB%A5+Thi%E1%BA%BFt+B%E1%BB%8B+C%C3%B4ng+Ngh%E1%BB%87+V%E1%BA%A1n+N%C4%83ng+818+Tr%C6%B0%E1%BB%9Dng+Chinh\" target=\"_blank\" rel=\"noopener\">818 Tr&#432;&#7901;ng Chinh, Ph&#432;&#7901;ng T&acirc;n S&#417;n, Th&agrave;nh ph&#7889; H&#7891; Ch&iacute; Minh, Vi&#7879;t Nam<\/a><\/p><p style=\"margin: 0 0 10px 0;\">&#128222; <strong style=\"color: #1e293b;\">S&#272;T &ndash; Zalo:<\/strong> <a style=\"color: #059669; text-decoration: none; font-weight: bold;\" href=\"https:\/\/zalo.me\/0903991335\" target=\"_blank\" rel=\"noopener\">0903 991 335<\/a> <span style=\"color: #64748b; font-style: italic;\">(Ms. H&#7841;nh &ndash; Gi&aacute;m &#272;&#7889;c Kinh Doanh)<\/span><\/p><p style=\"margin: 0;\">&#9993;&#65039; <strong style=\"color: #1e293b;\">Email:<\/strong> <a style=\"color: #059669; text-decoration: none; font-weight: bold;\" href=\"mailto:hienhanh@vannangvn.com\">hienhanh@vannangvn.com<\/a><\/p><\/h1>","protected":false},"excerpt":{"rendered":"<p><strong>Th&#432;&#417;ng hi&#7879;u:<\/strong> Biuged Labotary Instrument<br>\n<strong>Model:<\/strong> BGD-10<p>Product <strong>M&Aacute;Y K&Eacute;O M&Agrave;NG S&#416;N T&#7920; &#272;&#7896;NG BIUGED MODEL BGD 218\/2<\/strong> ch&iacute;nh h&atilde;ng. Biuged Labotary Instrument (China)<br>\nM&aacute;y K&eacute;o M&agrave;ng S&#417;n T&#7921; &#272;&#7897;ng Biuged Model BGD 218\/2&nbsp;l&agrave; thi&#7871;t b&#7883; gi&uacute;p t&#7841;o m&agrave;ng ph&#7911; &#273;&#7891;ng &#273;&#7873;u tr&ecirc;n nhi&#7873;u ch&#7845;t n&#7873;n kh&aacute;c nhau, lo&#7841;i b&#7887; sai s&#7889; do thao t&aacute;c th&#7911; c&ocirc;ng. M&aacute;y K&eacute;o S&#417;n Model BGD 218\/2 &#273;&#432;&#7907;c trang b&#7883; h&#7879; th&#7889;ng h&uacute;t ch&acirc;n kh&ocirc;ng ch&iacute;nh x&aacute;c, thanh d&#7851;n h&#432;&#7899;ng tuy&#7871;n t&iacute;nh, c&ugrave;ng kh&#7843; n&#259;ng &#273;i&#7873;u ch&#7881;nh t&#7889;c &#273;&#7897; t&#7915; 5mm\/s &#273;&#7871;n 500mm\/s, gi&uacute;p &#273;&#7843;m b&#7843;o &#273;&#7897; ch&iacute;nh x&aacute;c t&#7889;i &#432;u trong th&#7917; nghi&#7879;m l&#7899;p ph&#7911;.<\/p><\/p>","protected":false},"featured_media":9744,"comment_status":"open","ping_status":"closed","template":"","meta":[],"product_brand":[],"product_cat":[18],"product_tag":[2366,109,116,162,163,176,216,217,218,219],"class_list":{"0":"post-7161","1":"product","2":"type-product","3":"status-publish","4":"has-post-thumbnail","6":"product_cat-chua-phan-loai","7":"product_tag-218-2","8":"product_tag-may","9":"product_tag-model","10":"product_tag-tu","11":"product_tag-dong","12":"product_tag-keo","13":"product_tag-mang","14":"product_tag-son","15":"product_tag-biuged","16":"product_tag-bgd","18":"first","19":"instock","20":"shipping-taxable","21":"product-type-simple"},"yoast_head":"<!-- This site is optimized with the Yoast SEO Premium plugin v24.8 (Yoast SEO v24.8) - https:\/\/yoast.com\/wordpress\/plugins\/seo\/ -->\n<title>M\u00c1Y K\u00c9O M\u00c0NG S\u01a0N T\u1ef0 \u0110\u1ed8NG BIUGED MOD... ch\u00ednh h\u00e3ng | V\u1ea1n N\u0103ng<\/title>\n<meta name=\"description\" content=\"Mua ngay M\u00c1Y K\u00c9O M\u00c0NG S\u01a0N T\u1ef0 \u0110\u1ed8NG BIUGED MODEL BGD 218\/2 ch\u00ednh h\u00e3ng. M\u00e1y K\u00e9o M\u00e0ng S\u01a1n T\u1ef1 \u0110\u1ed9ng Biuged Model BGD 218\/2 l\u00e0 thi\u1ebft b\u1ecb g... Gi\u00e1 t\u1ed1t!\" \/>\n<meta name=\"robots\" content=\"noindex, follow, max-snippet:-1, max-image-preview:large, max-video-preview:-1\" \/>\n<meta property=\"og:locale\" content=\"en_US\" \/>\n<meta property=\"og:type\" content=\"article\" \/>\n<meta property=\"og:title\" content=\"M\u00c1Y K\u00c9O M\u00c0NG S\u01a0N T\u1ef0 \u0110\u1ed8NG BIUGED MODEL BGD 218\/2\" \/>\n<meta property=\"og:description\" content=\"Mua ngay M\u00c1Y K\u00c9O M\u00c0NG S\u01a0N T\u1ef0 \u0110\u1ed8NG BIUGED MODEL BGD 218\/2 ch\u00ednh h\u00e3ng. M\u00e1y K\u00e9o M\u00e0ng S\u01a1n T\u1ef1 \u0110\u1ed9ng Biuged Model BGD 218\/2 l\u00e0 thi\u1ebft b\u1ecb g... Gi\u00e1 t\u1ed1t!\" \/>\n<meta property=\"og:url\" content=\"https:\/\/vannangvn.123websitedev.com\/en\/product\/may-keo-mang-son-tu-dong-biuged-model-bgd-218-2\/\" \/>\n<meta property=\"og:site_name\" content=\"Vannang.vn\" \/>\n<meta property=\"article:modified_time\" content=\"2026-03-30T11:37:06+00:00\" \/>\n<meta property=\"og:image\" content=\"http:\/\/vannangvn.123websitedev.com\/wp-content\/uploads\/2026\/03\/BGD-2182-copy.jpg\" \/>\n\t<meta property=\"og:image:width\" content=\"768\" \/>\n\t<meta property=\"og:image:height\" content=\"576\" \/>\n\t<meta property=\"og:image:type\" content=\"image\/jpeg\" \/>\n<meta name=\"twitter:card\" content=\"summary_large_image\" \/>\n<meta name=\"twitter:label1\" content=\"Est. reading time\" \/>\n\t<meta name=\"twitter:data1\" content=\"8 minutes\" \/>\n<script type=\"application\/ld+json\" class=\"yoast-schema-graph\">{\"@context\":\"https:\/\/schema.org\",\"@graph\":[{\"@type\":\"WebPage\",\"@id\":\"https:\/\/vannangvn.123websitedev.com\/san-pham\/may-keo-mang-son-tu-dong-biuged-model-bgd-218-2\/\",\"url\":\"https:\/\/vannangvn.123websitedev.com\/san-pham\/may-keo-mang-son-tu-dong-biuged-model-bgd-218-2\/\",\"name\":\"M\u00c1Y K\u00c9O M\u00c0NG S\u01a0N T\u1ef0 \u0110\u1ed8NG BIUGED MOD... ch\u00ednh h\u00e3ng | V\u1ea1n N\u0103ng\",\"isPartOf\":{\"@id\":\"https:\/\/vannangvn.123websitedev.com\/#website\"},\"primaryImageOfPage\":{\"@id\":\"https:\/\/vannangvn.123websitedev.com\/san-pham\/may-keo-mang-son-tu-dong-biuged-model-bgd-218-2\/#primaryimage\"},\"image\":{\"@id\":\"https:\/\/vannangvn.123websitedev.com\/san-pham\/may-keo-mang-son-tu-dong-biuged-model-bgd-218-2\/#primaryimage\"},\"thumbnailUrl\":\"https:\/\/vannangvn.123websitedev.com\/wp-content\/uploads\/2026\/03\/BGD-2182-copy.jpg\",\"datePublished\":\"2026-03-20T11:53:58+00:00\",\"dateModified\":\"2026-03-30T11:37:06+00:00\",\"description\":\"Mua ngay M\u00c1Y K\u00c9O M\u00c0NG S\u01a0N T\u1ef0 \u0110\u1ed8NG BIUGED MODEL BGD 218\/2 ch\u00ednh h\u00e3ng. M\u00e1y K\u00e9o M\u00e0ng S\u01a1n T\u1ef1 \u0110\u1ed9ng Biuged Model BGD 218\/2 l\u00e0 thi\u1ebft b\u1ecb g... Gi\u00e1 t\u1ed1t!\",\"breadcrumb\":{\"@id\":\"https:\/\/vannangvn.123websitedev.com\/san-pham\/may-keo-mang-son-tu-dong-biuged-model-bgd-218-2\/#breadcrumb\"},\"inLanguage\":\"en-US\",\"potentialAction\":[{\"@type\":\"ReadAction\",\"target\":[\"https:\/\/vannangvn.123websitedev.com\/san-pham\/may-keo-mang-son-tu-dong-biuged-model-bgd-218-2\/\"]}]},{\"@type\":\"ImageObject\",\"inLanguage\":\"en-US\",\"@id\":\"https:\/\/vannangvn.123websitedev.com\/san-pham\/may-keo-mang-son-tu-dong-biuged-model-bgd-218-2\/#primaryimage\",\"url\":\"https:\/\/vannangvn.123websitedev.com\/wp-content\/uploads\/2026\/03\/BGD-2182-copy.jpg\",\"contentUrl\":\"https:\/\/vannangvn.123websitedev.com\/wp-content\/uploads\/2026\/03\/BGD-2182-copy.jpg\",\"width\":768,\"height\":576},{\"@type\":\"BreadcrumbList\",\"@id\":\"https:\/\/vannangvn.123websitedev.com\/san-pham\/may-keo-mang-son-tu-dong-biuged-model-bgd-218-2\/#breadcrumb\",\"itemListElement\":[{\"@type\":\"ListItem\",\"position\":1,\"name\":\"Trang ch\u1ee7\",\"item\":\"https:\/\/vannangvn.123websitedev.com\/\"},{\"@type\":\"ListItem\",\"position\":2,\"name\":\"S\u1ea3n ph\u1ea9m\",\"item\":\"https:\/\/vannangvn.123websitedev.com\/cua-hang\/\"},{\"@type\":\"ListItem\",\"position\":3,\"name\":\"M\u00c1Y K\u00c9O M\u00c0NG S\u01a0N T\u1ef0 \u0110\u1ed8NG BIUGED MODEL BGD 218\/2\"}]},{\"@type\":\"WebSite\",\"@id\":\"https:\/\/vannangvn.123websitedev.com\/#website\",\"url\":\"https:\/\/vannangvn.123websitedev.com\/\",\"name\":\"Vannang.vn\",\"description\":\"\",\"publisher\":{\"@id\":\"https:\/\/vannangvn.123websitedev.com\/#organization\"},\"potentialAction\":[{\"@type\":\"SearchAction\",\"target\":{\"@type\":\"EntryPoint\",\"urlTemplate\":\"https:\/\/vannangvn.123websitedev.com\/?s={search_term_string}\"},\"query-input\":{\"@type\":\"PropertyValueSpecification\",\"valueRequired\":true,\"valueName\":\"search_term_string\"}}],\"inLanguage\":\"en-US\"},{\"@type\":\"Organization\",\"@id\":\"https:\/\/vannangvn.123websitedev.com\/#organization\",\"name\":\"Vannang.vn\",\"url\":\"https:\/\/vannangvn.123websitedev.com\/\",\"logo\":{\"@type\":\"ImageObject\",\"inLanguage\":\"en-US\",\"@id\":\"https:\/\/vannangvn.123websitedev.com\/#\/schema\/logo\/image\/\",\"url\":\"https:\/\/vannangvn.123websitedev.com\/wp-content\/uploads\/2026\/02\/logo-van-nang-02.png\",\"contentUrl\":\"https:\/\/vannangvn.123websitedev.com\/wp-content\/uploads\/2026\/02\/logo-van-nang-02.png\",\"width\":448,\"height\":111,\"caption\":\"Vannang.vn\"},\"image\":{\"@id\":\"https:\/\/vannangvn.123websitedev.com\/#\/schema\/logo\/image\/\"}}]}<\/script>\n<!-- \/ Yoast SEO Premium plugin. -->","yoast_head_json":{"title":"M\u00c1Y K\u00c9O M\u00c0NG S\u01a0N T\u1ef0 \u0110\u1ed8NG BIUGED MOD... ch\u00ednh h\u00e3ng | V\u1ea1n N\u0103ng","description":"Mua ngay M\u00c1Y K\u00c9O M\u00c0NG S\u01a0N T\u1ef0 \u0110\u1ed8NG BIUGED MODEL BGD 218\/2 ch\u00ednh h\u00e3ng. M\u00e1y K\u00e9o M\u00e0ng S\u01a1n T\u1ef1 \u0110\u1ed9ng Biuged Model BGD 218\/2 l\u00e0 thi\u1ebft b\u1ecb g... Gi\u00e1 t\u1ed1t!","robots":{"index":"noindex","follow":"follow","max-snippet":"max-snippet:-1","max-image-preview":"max-image-preview:large","max-video-preview":"max-video-preview:-1"},"og_locale":"en_US","og_type":"article","og_title":"M\u00c1Y K\u00c9O M\u00c0NG S\u01a0N T\u1ef0 \u0110\u1ed8NG BIUGED MODEL BGD 218\/2","og_description":"Mua ngay M\u00c1Y K\u00c9O M\u00c0NG S\u01a0N T\u1ef0 \u0110\u1ed8NG BIUGED MODEL BGD 218\/2 ch\u00ednh h\u00e3ng. M\u00e1y K\u00e9o M\u00e0ng S\u01a1n T\u1ef1 \u0110\u1ed9ng Biuged Model BGD 218\/2 l\u00e0 thi\u1ebft b\u1ecb g... Gi\u00e1 t\u1ed1t!","og_url":"https:\/\/vannangvn.123websitedev.com\/en\/product\/may-keo-mang-son-tu-dong-biuged-model-bgd-218-2\/","og_site_name":"Vannang.vn","article_modified_time":"2026-03-30T11:37:06+00:00","og_image":[{"width":768,"height":576,"url":"http:\/\/vannangvn.123websitedev.com\/wp-content\/uploads\/2026\/03\/BGD-2182-copy.jpg","type":"image\/jpeg"}],"twitter_card":"summary_large_image","twitter_misc":{"Est. reading time":"8 minutes"},"schema":{"@context":"https:\/\/schema.org","@graph":[{"@type":"WebPage","@id":"https:\/\/vannangvn.123websitedev.com\/san-pham\/may-keo-mang-son-tu-dong-biuged-model-bgd-218-2\/","url":"https:\/\/vannangvn.123websitedev.com\/san-pham\/may-keo-mang-son-tu-dong-biuged-model-bgd-218-2\/","name":"M\u00c1Y K\u00c9O M\u00c0NG S\u01a0N T\u1ef0 \u0110\u1ed8NG BIUGED MOD... ch\u00ednh h\u00e3ng | V\u1ea1n N\u0103ng","isPartOf":{"@id":"https:\/\/vannangvn.123websitedev.com\/#website"},"primaryImageOfPage":{"@id":"https:\/\/vannangvn.123websitedev.com\/san-pham\/may-keo-mang-son-tu-dong-biuged-model-bgd-218-2\/#primaryimage"},"image":{"@id":"https:\/\/vannangvn.123websitedev.com\/san-pham\/may-keo-mang-son-tu-dong-biuged-model-bgd-218-2\/#primaryimage"},"thumbnailUrl":"https:\/\/vannangvn.123websitedev.com\/wp-content\/uploads\/2026\/03\/BGD-2182-copy.jpg","datePublished":"2026-03-20T11:53:58+00:00","dateModified":"2026-03-30T11:37:06+00:00","description":"Mua ngay M\u00c1Y K\u00c9O M\u00c0NG S\u01a0N T\u1ef0 \u0110\u1ed8NG BIUGED MODEL BGD 218\/2 ch\u00ednh h\u00e3ng. M\u00e1y K\u00e9o M\u00e0ng S\u01a1n T\u1ef1 \u0110\u1ed9ng Biuged Model BGD 218\/2 l\u00e0 thi\u1ebft b\u1ecb g... Gi\u00e1 t\u1ed1t!","breadcrumb":{"@id":"https:\/\/vannangvn.123websitedev.com\/san-pham\/may-keo-mang-son-tu-dong-biuged-model-bgd-218-2\/#breadcrumb"},"inLanguage":"en-US","potentialAction":[{"@type":"ReadAction","target":["https:\/\/vannangvn.123websitedev.com\/san-pham\/may-keo-mang-son-tu-dong-biuged-model-bgd-218-2\/"]}]},{"@type":"ImageObject","inLanguage":"en-US","@id":"https:\/\/vannangvn.123websitedev.com\/san-pham\/may-keo-mang-son-tu-dong-biuged-model-bgd-218-2\/#primaryimage","url":"https:\/\/vannangvn.123websitedev.com\/wp-content\/uploads\/2026\/03\/BGD-2182-copy.jpg","contentUrl":"https:\/\/vannangvn.123websitedev.com\/wp-content\/uploads\/2026\/03\/BGD-2182-copy.jpg","width":768,"height":576},{"@type":"BreadcrumbList","@id":"https:\/\/vannangvn.123websitedev.com\/san-pham\/may-keo-mang-son-tu-dong-biuged-model-bgd-218-2\/#breadcrumb","itemListElement":[{"@type":"ListItem","position":1,"name":"Trang ch\u1ee7","item":"https:\/\/vannangvn.123websitedev.com\/"},{"@type":"ListItem","position":2,"name":"S\u1ea3n ph\u1ea9m","item":"https:\/\/vannangvn.123websitedev.com\/cua-hang\/"},{"@type":"ListItem","position":3,"name":"M\u00c1Y K\u00c9O M\u00c0NG S\u01a0N T\u1ef0 \u0110\u1ed8NG BIUGED MODEL BGD 218\/2"}]},{"@type":"WebSite","@id":"https:\/\/vannangvn.123websitedev.com\/#website","url":"https:\/\/vannangvn.123websitedev.com\/","name":"Vannang.vn","description":"","publisher":{"@id":"https:\/\/vannangvn.123websitedev.com\/#organization"},"potentialAction":[{"@type":"SearchAction","target":{"@type":"EntryPoint","urlTemplate":"https:\/\/vannangvn.123websitedev.com\/?s={search_term_string}"},"query-input":{"@type":"PropertyValueSpecification","valueRequired":true,"valueName":"search_term_string"}}],"inLanguage":"en-US"},{"@type":"Organization","@id":"https:\/\/vannangvn.123websitedev.com\/#organization","name":"Vannang.vn","url":"https:\/\/vannangvn.123websitedev.com\/","logo":{"@type":"ImageObject","inLanguage":"en-US","@id":"https:\/\/vannangvn.123websitedev.com\/#\/schema\/logo\/image\/","url":"https:\/\/vannangvn.123websitedev.com\/wp-content\/uploads\/2026\/02\/logo-van-nang-02.png","contentUrl":"https:\/\/vannangvn.123websitedev.com\/wp-content\/uploads\/2026\/02\/logo-van-nang-02.png","width":448,"height":111,"caption":"Vannang.vn"},"image":{"@id":"https:\/\/vannangvn.123websitedev.com\/#\/schema\/logo\/image\/"}}]}},"_links":{"self":[{"href":"https:\/\/vannangvn.123websitedev.com\/en\/wp-json\/wp\/v2\/product\/7161","targetHints":{"allow":["GET"]}}],"collection":[{"href":"https:\/\/vannangvn.123websitedev.com\/en\/wp-json\/wp\/v2\/product"}],"about":[{"href":"https:\/\/vannangvn.123websitedev.com\/en\/wp-json\/wp\/v2\/types\/product"}],"replies":[{"embeddable":true,"href":"https:\/\/vannangvn.123websitedev.com\/en\/wp-json\/wp\/v2\/comments?post=7161"}],"wp:featuredmedia":[{"embeddable":true,"href":"https:\/\/vannangvn.123websitedev.com\/en\/wp-json\/wp\/v2\/media\/9744"}],"wp:attachment":[{"href":"https:\/\/vannangvn.123websitedev.com\/en\/wp-json\/wp\/v2\/media?parent=7161"}],"wp:term":[{"taxonomy":"product_brand","embeddable":true,"href":"https:\/\/vannangvn.123websitedev.com\/en\/wp-json\/wp\/v2\/product_brand?post=7161"},{"taxonomy":"product_cat","embeddable":true,"href":"https:\/\/vannangvn.123websitedev.com\/en\/wp-json\/wp\/v2\/product_cat?post=7161"},{"taxonomy":"product_tag","embeddable":true,"href":"https:\/\/vannangvn.123websitedev.com\/en\/wp-json\/wp\/v2\/product_tag?post=7161"}],"curies":[{"name":"wp","href":"https:\/\/api.w.org\/{rel}","templated":true}]}}