{"id":7171,"date":"2026-03-20T18:54:13","date_gmt":"2026-03-20T11:54:13","guid":{"rendered":"https:\/\/vannangvn.123websitedev.com\/san-pham\/may-keo-son-tu-dong-testone-model-to-500\/"},"modified":"2026-03-30T18:37:20","modified_gmt":"2026-03-30T11:37:20","slug":"may-keo-son-tu-dong-testone-model-to-500","status":"publish","type":"product","link":"https:\/\/vannangvn.123websitedev.com\/en\/product\/may-keo-son-tu-dong-testone-model-to-500\/","title":{"rendered":"M\u00c1Y K\u00c9O S\u01a0N T\u1ef0 \u0110\u1ed8NG TESTONE MODEL TO-500"},"content":{"rendered":"<h1 style=\"color: red; font-weight: bold; font-size: 24px;\">T&#7893;ng quan s&#7843;n ph&#7849;m M&Aacute;Y K&Eacute;O S&#416;N T&#7920; &#272;&#7896;NG TESTONE MODEL TO-500<p>M&aacute;y K&eacute;o S&#417;n T&#7921; &#272;&#7897;ng (Automatic Coater) TestOne Model TO-500<br>\nM&aacute;y K&eacute;o S&#417;n T&#7921; &#272;&#7897;ng TO-500 n&#7893;i l&ecirc;n nh&#432; m&#7897;t s&#7843;n ph&#7849;m v&#432;&#7907;t tr&#7897;i, &#273;&aacute;p &#7913;ng ho&agrave;n h&#7843;o nhu c&#7847;u c&#7911;a kh&aacute;ch h&agrave;ng trong ng&agrave;nh s&#417;n v&agrave; m&#7921;c in. V&#7899;i nh&#7919;ng &#273;&#7863;c t&iacute;nh n&#7893;i b&#7853;t v&agrave; &#7913;ng d&#7909;ng &#273;a d&#7841;ng, m&aacute;y k&eacute;o s&#417;n t&#7921; &#273;&#7897;ng n&agrave;y h&#7913;a h&#7865;n mang l&#7841;i hi&#7879;u qu&#7843; v&agrave; ch&#7845;t l&#432;&#7907;ng cao cho quy tr&igrave;nh s&#7843;n xu&#7845;t. H&atilde;y c&ugrave;ng V&#7841;n N&#259;ng t&igrave;m hi&#7875;u chi ti&#7871;t h&#417;n v&#7873; s&#7843;n ph&#7849;m th&ocirc;ng qua b&agrave;i vi&#7871;t d&#432;&#7899;i &#273;&acirc;y nh&eacute;!<\/p><h2 style=\"color: #2e7d32; font-weight: bold; font-size: 20px;\">&#272;&#7863;c &#272;i&#7875;m N&#7893;i B&#7853;t C&#7911;a M&aacute;y K&eacute;o S&#417;n T&#7921; &#272;&#7897;ng TESTONE TO-500<\/h2><p>1. T&#7921; &#272;&#7897;ng H&oacute;a To&agrave;n Di&#7879;n:<br>\nThi&#7871;t B&#7883; K&eacute;o S&#417;n TO-500 &#273;&#432;&#7907;c trang b&#7883; h&#7879; th&#7889;ng &#273;i&#7873;u khi&#7875;n t&#7921; &#273;&#7897;ng, gi&uacute;p gi&#7843;m thi&#7875;u t&#7889;i &#273;a s&#7921; can thi&#7879;p c&#7911;a con ng&#432;&#7901;i, &#273;&#7843;m b&#7843;o qu&aacute; tr&igrave;nh v&#7853;n h&agrave;nh li&ecirc;n t&#7909;c v&agrave; &#7893;n &#273;&#7883;nh.<br>\n2. T&#7889;c &#272;&#7897; V&agrave; T&#7843;i Tr&#7885;ng &#7892;n &#272;&#7883;nh:<br>\nV&#7899;i kh&#7843; n&#259;ng duy tr&igrave; t&#7889;c &#273;&#7897; v&agrave; t&#7843;i tr&#7885;ng &#7893;n &#273;&#7883;nh, M&aacute;y TO-500 gi&uacute;p t&#7841;o ra l&#7899;p s&#417;n, m&#7921;c in v&agrave; c&aacute;c lo&#7841;i l&#7899;p ph&#7911; &#273;&#7891;ng &#273;&#7873;u tr&ecirc;n b&#7873; m&#7863;t v&#7853;t li&#7879;u nh&#432; m&agrave;ng phim, gi&#7845;y, t&#7845;m s&#7855;t, v.v.<br>\n3. Thi&#7871;t K&#7871; &#272;a D&#7909;ng:<br>\nAutomatic Coater TO-500 c&oacute; th&#7875; s&#7917; d&#7909;ng c&ugrave;ng v&#7899;i c&aacute;c thanh k&eacute;o s&#417;n v&agrave; d&#7909;ng c&#7909; k&eacute;o l&#7899;p ph&#7911; kh&aacute;c nhau, t&ugrave;y theo nhu c&#7847;u v&agrave; lo&#7841;i v&#7853;t li&#7879;u s&#7917; d&#7909;ng.<br>\n4. T&ugrave;y Ch&#7885;n Ph&#7909; Ki&#7879;n:<br>\nModel TO-500 &#273;i k&egrave;m v&#7899;i c&aacute;c t&ugrave;y ch&#7885;n ph&#7909; ki&#7879;n nh&#432; b&agrave;n h&uacute;t ch&acirc;n kh&ocirc;ng &amp; b&#417;m, b&agrave;n gia nhi&#7879;t v&agrave; k&#7865;p t&#7915; t&iacute;nh, gi&uacute;p n&acirc;ng cao hi&#7879;u su&#7845;t v&agrave; &#273;&aacute;p &#7913;ng c&aacute;c y&ecirc;u c&#7847;u &#273;&#7863;c th&ugrave; c&#7911;a t&#7915;ng quy tr&igrave;nh s&#7843;n xu&#7845;t.<\/p><p>&#7912;ng D&#7909;ng Trong C&aacute;c L&#297;nh V&#7921;c<br>\nThi&#7871;t B&#7883; K&eacute;o S&#417;n T&#7921; &#272;&#7897;ng TO-500 l&agrave; thi&#7871;t b&#7883; chuy&ecirc;n d&#7909;ng trong vi&#7879;c tr&#7843;i s&#417;n, m&#7921;c in v&agrave; c&aacute;c lo&#7841;i l&#7899;p ph&#7911; kh&aacute;c l&ecirc;n c&aacute;c b&#7873; m&#7863;t v&#7853;t li&#7879;u nh&#432; m&agrave;ng phim, gi&#7845;y, t&#7845;m s&#7855;t, v.v. S&#7917; d&#7909;ng thanh k&eacute;o s&#417;n v&agrave; d&#7909;ng c&#7909; k&eacute;o l&#7899;p ph&#7911;, m&aacute;y gi&uacute;p t&#7841;o ra l&#7899;p ph&#7911; &#273;&#7873;u v&#7899;i t&#7889;c &#273;&#7897; v&agrave; t&#7843;i tr&#7885;ng &#7893;n &#273;&#7883;nh, t&#7915; &#273;&oacute; n&acirc;ng cao ch&#7845;t l&#432;&#7907;ng s&#7843;n ph&#7849;m v&agrave; hi&#7879;u su&#7845;t s&#7843;n xu&#7845;t.<\/p><p>S&#417;n: D&ugrave;ng &#273;&#7875; ph&#7911; l&#7899;p s&#417;n &#273;&#7891;ng &#273;&#7873;u tr&ecirc;n c&aacute;c b&#7873; m&#7863;t kh&aacute;c nhau, &#273;&#7843;m b&#7843;o &#273;&#7897; b&aacute;m d&iacute;nh v&agrave; ch&#7845;t l&#432;&#7907;ng c&#7911;a l&#7899;p s&#417;n.<br>\nM&#7921;c In: H&#7895; tr&#7907; trong vi&#7879;c t&#7841;o ra c&aacute;c b&#7843;n in ch&#7845;t l&#432;&#7907;ng cao v&#7899;i l&#7899;p m&#7921;c ph&acirc;n b&#7889; &#273;&#7873;u, kh&ocirc;ng lem, nh&ograve;e.<br>\nC&aacute;c Lo&#7841;i L&#7899;p Ph&#7911;: &#7912;ng d&#7909;ng trong vi&#7879;c ph&#7911; c&aacute;c lo&#7841;i l&#7899;p ph&#7911; kh&aacute;c nh&#432; l&#7899;p ch&#7889;ng th&#7845;m, l&#7899;p b&#7843;o v&#7879;, v.v.<\/p><p>T&ugrave;y Ch&#7885;n<\/p><p>B&agrave;n H&uacute;t Ch&acirc;n Kh&ocirc;ng &amp; B&#417;m: TO-500 &#273;&#7843;m b&#7843;o v&#7853;t li&#7879;u &#273;&#432;&#7907;c gi&#7919; ch&#7863;t, kh&ocirc;ng di chuy&#7875;n trong qu&aacute; tr&igrave;nh k&eacute;o s&#417;n.<br>\nB&agrave;n Gia Nhi&#7879;t: H&#7895; tr&#7907; qu&aacute; tr&igrave;nh s&#7845;y kh&ocirc; nhanh ch&oacute;ng, &#273;&#7843;m b&#7843;o l&#7899;p s&#417;n\/m&#7921;c ph&#7911; &#273;&#432;&#7907;c kh&ocirc; &#273;&#7873;u.<br>\nK&#7865;p T&#7915; T&iacute;nh: Gi&uacute;p c&#7889; &#273;&#7883;nh v&#7853;t li&#7879;u m&#7897;t c&aacute;ch ch&#7855;c ch&#7855;n, d&#7877; d&agrave;ng thay &#273;&#7893;i v&agrave; &#273;i&#7873;u ch&#7881;nh.<\/p><p>Nh&#7919;ng L&yacute; Do N&ecirc;n Mua M&aacute;y K&eacute;o S&#417;n T&#7921; &#272;&#7897;ng T&#7841;i Thi&#7871;t B&#7883; C&ocirc;ng Ngh&#7879; V&#7841;n N&#259;ng<\/p><p>C&ocirc;ng ty Thi&#7871;t B&#7883; C&ocirc;ng Ngh&#7879; V&#7841;n N&#259;ng l&agrave; &#273;&#7889;i t&aacute;c ch&iacute;nh th&#7913;c ph&acirc;n ph&#7889;i M&aacute;y K&eacute;o S&#417;n T&#7921; &#272;&#7897;ng h&agrave;ng &#273;&#7847;u t&#7841;i Vi&#7879;t Nam, cam k&#7871;t cung c&#7845;p s&#7843;n ph&#7849;m ch&iacute;nh h&atilde;ng v&#7899;i gi&aacute; c&#7843; c&#7841;nh tranh nh&#7845;t th&#7883; tr&#432;&#7901;ng. V&#7899;i uy t&iacute;n tr&ecirc;n th&#7883; tr&#432;&#7901;ng v&agrave; ch&#7871; &#273;&#7897; h&#7851;u m&atilde;i t&#7889;t, Thi&#7871;t B&#7883; C&ocirc;ng Ngh&#7879; V&#7841;n N&#259;ng &#273;&atilde; nh&#7853;n &#273;&#432;&#7907;c s&#7921; tin t&#432;&#7903;ng t&#7915; kh&aacute;ch h&agrave;ng nh&#7901; v&agrave;o ch&#7845;t l&#432;&#7907;ng h&agrave;ng &#273;&#7847;u c&#7911;a c&aacute;c d&ograve;ng s&#7843;n ph&#7849;m.<br>\nS&#7843;n ph&#7849;m c&#7911;a ch&uacute;ng t&ocirc;i &#273;&#432;&#7907;c ki&#7875;m &#273;&#7883;nh ch&#7845;t l&#432;&#7907;ng, nh&#7853;p kh&#7849;u tr&#7921;c ti&#7871;p t&#7915; nh&agrave; m&aacute;y b&ecirc;n Ch&acirc;u &Acirc;u, M&#7929;, &Uacute;c, Nh&#7853;t B&#7843;n,&hellip; v&agrave; &#273;&aacute;p &#7913;ng nhu c&#7847;u &#273;a d&#7841;ng c&#7911;a th&#7883; tr&#432;&#7901;ng nh&#432;: M&aacute;y &#272;o &#272;&#7897; C&#7913;ng, M&aacute;y SPECTROMAXx, M&aacute;y Ki&#7875;m Tra &#272;&#432;&#7901;ng Gh&eacute;p M&iacute; Lon,&hellip; Ch&uacute;ng t&ocirc;i cam k&#7871;t cung c&#7845;p s&#7843;n ph&#7849;m n&agrave;y tr&ecirc;n to&agrave;n qu&#7889;c v&#7899;i gi&aacute; c&#7843; c&#7841;nh tranh nh&#7845;t.<br>\nCh&uacute;ng t&ocirc;i c&oacute; &#273;&#7897;i ng&#361; chuy&ecirc;n vi&ecirc;n t&#432; v&#7845;n chuy&ecirc;n s&acirc;u s&#7869; h&#7895; tr&#7907; kh&aacute;ch h&agrave;ng v&#7873; chi ti&#7871;t s&#7843;n ph&#7849;m, h&#432;&#7899;ng d&#7851;n s&#7917; d&#7909;ng hay nh&#7919;ng th&#7913; li&ecirc;n quan &#273;&#7871;n v&#7845;n &#273;&#7873; m&agrave; doanh nghi&#7879;p b&#7841;n &#273;ang g&#7863;p ph&#7843;i. Ch&uacute;ng t&ocirc;i s&#7869; cung c&#7845;p nh&#7919;ng gi&#7843;i ph&aacute;p t&#7889;i &#432;u nh&#7845;t!<br>\nNgo&agrave;i ra Thi&#7871;t B&#7883; C&ocirc;ng Ngh&#7879; V&#7841;n N&#259;ng Ch&uacute;ng T&ocirc;i lu&ocirc;n h&#432;&#7899;ng &#273;&#7871;n tr&#7843;i nghi&#7879;m kh&aacute;ch h&agrave;ng, v&igrave; v&#7853;y ch&uacute;ng t&ocirc;i c&oacute; nh&#7919;ng ch&iacute;nh s&aacute;ch b&#7843;o h&agrave;nh, b&#7843;o tr&igrave; &ndash; b&#7843;o d&#432;&#7905;ng, hi&#7879;u chu&#7849;n v&#7899;i t&#7845;t c&#7843; c&aacute;c thi&#7871;t b&#7883;, m&aacute;y m&oacute;c m&agrave; ch&uacute;ng t&ocirc;i cung c&#7845;p. &#272;&#7843;m b&#7843;o mang &#273;&#7871;n cho Kh&aacute;ch h&agrave;ng s&#7921; y&ecirc;n t&acirc;m tuy&#7879;t &#273;&#7889;i v&#7873; d&#7883;ch v&#7909; khi mua h&agrave;ng.<\/p><p>T&#7893;ng K&#7871;t<br>\nM&aacute;y K&eacute;o S&#417;n TO-500 l&agrave; gi&#7843;i ph&aacute;p l&yacute; t&#432;&#7903;ng cho c&aacute;c doanh nghi&#7879;p trong ng&agrave;nh s&#417;n, m&#7921;c in v&agrave; c&aacute;c lo&#7841;i l&#7899;p ph&#7911; kh&aacute;c. V&#7899;i nh&#7919;ng &#432;u &#273;i&#7875;m v&#432;&#7907;t tr&#7897;i v&#7873; t&#7921; &#273;&#7897;ng h&oacute;a, &#7893;n &#273;&#7883;nh v&agrave; thi&#7871;t k&#7871; &#273;a d&#7909;ng, TO 500 kh&ocirc;ng ch&#7881; n&acirc;ng cao ch&#7845;t l&#432;&#7907;ng m&agrave; c&ograve;n t&#7889;i &#432;u h&oacute;a quy tr&igrave;nh s&#7843;n xu&#7845;t. H&atilde;y li&ecirc;n h&#7879; ngay v&#7899;i V&#7841;n N&#259;ng &#273;&#7875; &#273;&#432;&#7907;c t&#432; v&#7845;n chi ti&#7871;t v&agrave; nh&#7853;n ngay nh&#7919;ng &#432;u &#273;&atilde;i h&#7845;p d&#7851;n th&ocirc;ng qua hotline <a href=\"https:\/\/zalo.me\/0903991335\" target=\"_blank\" rel=\"noopener\" style=\"color: #059669; font-weight: bold; text-decoration: none;\">0903 991 335<\/a>!<\/p><div style=\"background-color: #f8fafc; border: 1px solid #e2e8f0; border-radius: 8px; padding: 25px; max-width: 800px; margin: 30px auto; color: #334155; line-height: 1.8; font-size: 17px; box-shadow: 0 4px 6px -1px rgba(0,0,0,0.05); text-align: left; clear: both;\">\nC&ocirc;ng ty TNHH Th&#432;&#417;ng M&#7841;i D&#7883;ch V&#7909; Thi&#7871;t B&#7883; C&ocirc;ng Ngh&#7879; V&#7841;n N&#259;ng\n<p style=\"margin: 0 0 10px 0;\">&#128205; <strong style=\"color: #1e293b;\">&#272;&#7883;a ch&#7881;:<\/strong> <a style=\"color: #059669; text-decoration: none; font-weight: bold;\" href=\"https:\/\/www.google.com\/maps\/search\/C%C3%B4ng+ty+TNHH+Th%C6%B0%C6%A1ng+M%E1%BA%A1i+D%E1%BB%8Bch+V%E1%BB%A5+Thi%E1%BA%BFt+B%E1%BB%8B+C%C3%B4ng+Ngh%E1%BB%87+V%E1%BA%A1n+N%C4%83ng+818+Tr%C6%B0%E1%BB%9Dng+Chinh\" target=\"_blank\" rel=\"noopener\">818 Tr&#432;&#7901;ng Chinh, Ph&#432;&#7901;ng T&acirc;n S&#417;n, Th&agrave;nh ph&#7889; H&#7891; Ch&iacute; Minh, Vi&#7879;t Nam<\/a><\/p>\n<p style=\"margin: 0 0 10px 0;\">&#128222; <strong style=\"color: #1e293b;\">S&#272;T &ndash; Zalo:<\/strong> <a style=\"color: #059669; text-decoration: none; font-weight: bold;\" href=\"https:\/\/zalo.me\/0903991335\" target=\"_blank\" rel=\"noopener\">0903 991 335<\/a> <span style=\"color: #64748b; font-style: italic;\">(Ms. H&#7841;nh &ndash; Gi&aacute;m &#272;&#7889;c Kinh Doanh)<\/span><\/p>\n<p style=\"margin: 0;\">&#9993;&#65039; <strong style=\"color: #1e293b;\">Email:<\/strong> <a style=\"color: #059669; text-decoration: none; font-weight: bold;\" href=\"mailto:hienhanh@vannangvn.com\">hienhanh@vannangvn.com<\/a><\/p>\n<\/div><\/h1>","protected":false},"excerpt":{"rendered":"<p><strong>Th&#432;&#417;ng hi&#7879;u:<\/strong> M&aacute;y K&eacute;o S&#417;n T&#7921; &#272;&#7897;ng TO-500 n&#7893;i l&ecirc;n nh&#432; m&#7897;t s&#7843;n ph&#7849;m v&#432;&#7907;t tr&#7897;i, &#273;&aacute;p &#7913;ng ho&agrave;n h&#7843;o nhu c&#7847;u c&#7911;a kh&aacute;ch h&agrave;ng trong ng&agrave;nh s&#417;n v&agrave; m&#7921;c in. V&#7899;i nh&#7919;ng &#273;&#7863;c t&iacute;nh n&#7893;i b&#7853;t v&agrave; &#7913;ng d&#7909;ng &#273;a d&#7841;ng, m&aacute;y k&eacute;o s&#417;n t&#7921; &#273;&#7897;ng n&agrave;y h&#7913;a h&#7865;n mang l&#7841;i hi&#7879;u qu&#7843; v&agrave; ch&#7845;t l&#432;&#7907;ng cao cho quy tr&igrave;nh s&#7843;n xu&#7845;t.<br>\n<strong>Model:<\/strong> TO-500<p>Product <strong>M&Aacute;Y K&Eacute;O S&#416;N T&#7920; &#272;&#7896;NG TESTONE MODEL TO-500<\/strong> ch&iacute;nh h&atilde;ng. M&aacute;y K&eacute;o S&#417;n T&#7921; &#272;&#7897;ng TO-500 n&#7893;i l&ecirc;n nh&#432; m&#7897;t s&#7843;n ph&#7849;m v&#432;&#7907;t tr&#7897;i, &#273;&aacute;p &#7913;ng ho&agrave;n h&#7843;o nhu c&#7847;u c&#7911;a kh&aacute;ch h&agrave;ng trong ng&agrave;nh s&#417;n v&agrave; m&#7921;c in. V&#7899;i nh&#7919;ng &#273;&#7863;c t&iacute;nh n&#7893;i b&#7853;t v&agrave; &#7913;ng d&#7909;ng &#273;a d&#7841;ng, m&aacute;y k&eacute;o s&#417;n t&#7921; &#273;&#7897;ng n&agrave;y h&#7913;a h&#7865;n mang l&#7841;i hi&#7879;u qu&#7843; v&agrave; ch&#7845;t l&#432;&#7907;ng cao cho quy tr&igrave;nh s&#7843;n xu&#7845;t.<\/p><\/p>","protected":false},"featured_media":0,"comment_status":"open","ping_status":"closed","template":"","meta":[],"product_brand":[],"product_cat":[18],"product_tag":[176,217,713,2377,109,116,162,163],"class_list":{"0":"post-7171","1":"product","2":"type-product","3":"status-publish","5":"product_cat-chua-phan-loai","6":"product_tag-keo","7":"product_tag-son","8":"product_tag-testone","9":"product_tag-to-500","10":"product_tag-may","11":"product_tag-model","12":"product_tag-tu","13":"product_tag-dong","15":"first","16":"instock","17":"shipping-taxable","18":"product-type-simple"},"yoast_head":"<!-- This site is optimized with the Yoast SEO Premium plugin v24.8 (Yoast SEO v24.8) - https:\/\/yoast.com\/wordpress\/plugins\/seo\/ -->\n<title>M\u00c1Y K\u00c9O S\u01a0N T\u1ef0 \u0110\u1ed8NG TESTONE MODEL T... ch\u00ednh h\u00e3ng | V\u1ea1n N\u0103ng<\/title>\n<meta name=\"description\" content=\"Mua ngay M\u00c1Y K\u00c9O S\u01a0N T\u1ef0 \u0110\u1ed8NG TESTONE MODEL TO-500 ch\u00ednh h\u00e3ng. Gi\u00e1 t\u1ed1t!\" \/>\n<meta name=\"robots\" content=\"noindex, follow, max-snippet:-1, max-image-preview:large, max-video-preview:-1\" \/>\n<meta property=\"og:locale\" content=\"en_US\" \/>\n<meta property=\"og:type\" content=\"article\" \/>\n<meta property=\"og:title\" content=\"M\u00c1Y K\u00c9O S\u01a0N T\u1ef0 \u0110\u1ed8NG TESTONE MODEL TO-500\" \/>\n<meta property=\"og:description\" content=\"Mua ngay M\u00c1Y K\u00c9O S\u01a0N T\u1ef0 \u0110\u1ed8NG TESTONE MODEL TO-500 ch\u00ednh h\u00e3ng. Gi\u00e1 t\u1ed1t!\" \/>\n<meta property=\"og:url\" content=\"https:\/\/vannangvn.123websitedev.com\/en\/product\/may-keo-son-tu-dong-testone-model-to-500\/\" \/>\n<meta property=\"og:site_name\" content=\"Vannang.vn\" \/>\n<meta property=\"article:modified_time\" content=\"2026-03-30T11:37:20+00:00\" \/>\n<meta name=\"twitter:card\" content=\"summary_large_image\" \/>\n<meta name=\"twitter:label1\" content=\"Est. reading time\" \/>\n\t<meta name=\"twitter:data1\" content=\"7 minutes\" \/>\n<script type=\"application\/ld+json\" class=\"yoast-schema-graph\">{\"@context\":\"https:\/\/schema.org\",\"@graph\":[{\"@type\":\"WebPage\",\"@id\":\"https:\/\/vannangvn.123websitedev.com\/san-pham\/may-keo-son-tu-dong-testone-model-to-500\/\",\"url\":\"https:\/\/vannangvn.123websitedev.com\/san-pham\/may-keo-son-tu-dong-testone-model-to-500\/\",\"name\":\"M\u00c1Y K\u00c9O S\u01a0N T\u1ef0 \u0110\u1ed8NG TESTONE MODEL T... ch\u00ednh h\u00e3ng | V\u1ea1n N\u0103ng\",\"isPartOf\":{\"@id\":\"https:\/\/vannangvn.123websitedev.com\/#website\"},\"datePublished\":\"2026-03-20T11:54:13+00:00\",\"dateModified\":\"2026-03-30T11:37:20+00:00\",\"description\":\"Mua ngay M\u00c1Y K\u00c9O S\u01a0N T\u1ef0 \u0110\u1ed8NG TESTONE MODEL TO-500 ch\u00ednh h\u00e3ng. Gi\u00e1 t\u1ed1t!\",\"breadcrumb\":{\"@id\":\"https:\/\/vannangvn.123websitedev.com\/san-pham\/may-keo-son-tu-dong-testone-model-to-500\/#breadcrumb\"},\"inLanguage\":\"en-US\",\"potentialAction\":[{\"@type\":\"ReadAction\",\"target\":[\"https:\/\/vannangvn.123websitedev.com\/san-pham\/may-keo-son-tu-dong-testone-model-to-500\/\"]}]},{\"@type\":\"BreadcrumbList\",\"@id\":\"https:\/\/vannangvn.123websitedev.com\/san-pham\/may-keo-son-tu-dong-testone-model-to-500\/#breadcrumb\",\"itemListElement\":[{\"@type\":\"ListItem\",\"position\":1,\"name\":\"Trang ch\u1ee7\",\"item\":\"https:\/\/vannangvn.123websitedev.com\/\"},{\"@type\":\"ListItem\",\"position\":2,\"name\":\"S\u1ea3n ph\u1ea9m\",\"item\":\"https:\/\/vannangvn.123websitedev.com\/cua-hang\/\"},{\"@type\":\"ListItem\",\"position\":3,\"name\":\"M\u00c1Y K\u00c9O S\u01a0N T\u1ef0 \u0110\u1ed8NG TESTONE MODEL TO-500\"}]},{\"@type\":\"WebSite\",\"@id\":\"https:\/\/vannangvn.123websitedev.com\/#website\",\"url\":\"https:\/\/vannangvn.123websitedev.com\/\",\"name\":\"Vannang.vn\",\"description\":\"\",\"publisher\":{\"@id\":\"https:\/\/vannangvn.123websitedev.com\/#organization\"},\"potentialAction\":[{\"@type\":\"SearchAction\",\"target\":{\"@type\":\"EntryPoint\",\"urlTemplate\":\"https:\/\/vannangvn.123websitedev.com\/?s={search_term_string}\"},\"query-input\":{\"@type\":\"PropertyValueSpecification\",\"valueRequired\":true,\"valueName\":\"search_term_string\"}}],\"inLanguage\":\"en-US\"},{\"@type\":\"Organization\",\"@id\":\"https:\/\/vannangvn.123websitedev.com\/#organization\",\"name\":\"Vannang.vn\",\"url\":\"https:\/\/vannangvn.123websitedev.com\/\",\"logo\":{\"@type\":\"ImageObject\",\"inLanguage\":\"en-US\",\"@id\":\"https:\/\/vannangvn.123websitedev.com\/#\/schema\/logo\/image\/\",\"url\":\"https:\/\/vannangvn.123websitedev.com\/wp-content\/uploads\/2026\/02\/logo-van-nang-02.png\",\"contentUrl\":\"https:\/\/vannangvn.123websitedev.com\/wp-content\/uploads\/2026\/02\/logo-van-nang-02.png\",\"width\":448,\"height\":111,\"caption\":\"Vannang.vn\"},\"image\":{\"@id\":\"https:\/\/vannangvn.123websitedev.com\/#\/schema\/logo\/image\/\"}}]}<\/script>\n<!-- \/ Yoast SEO Premium plugin. -->","yoast_head_json":{"title":"M\u00c1Y K\u00c9O S\u01a0N T\u1ef0 \u0110\u1ed8NG TESTONE MODEL T... ch\u00ednh h\u00e3ng | V\u1ea1n N\u0103ng","description":"Mua ngay M\u00c1Y K\u00c9O S\u01a0N T\u1ef0 \u0110\u1ed8NG TESTONE MODEL TO-500 ch\u00ednh h\u00e3ng. Gi\u00e1 t\u1ed1t!","robots":{"index":"noindex","follow":"follow","max-snippet":"max-snippet:-1","max-image-preview":"max-image-preview:large","max-video-preview":"max-video-preview:-1"},"og_locale":"en_US","og_type":"article","og_title":"M\u00c1Y K\u00c9O S\u01a0N T\u1ef0 \u0110\u1ed8NG TESTONE MODEL TO-500","og_description":"Mua ngay M\u00c1Y K\u00c9O S\u01a0N T\u1ef0 \u0110\u1ed8NG TESTONE MODEL TO-500 ch\u00ednh h\u00e3ng. Gi\u00e1 t\u1ed1t!","og_url":"https:\/\/vannangvn.123websitedev.com\/en\/product\/may-keo-son-tu-dong-testone-model-to-500\/","og_site_name":"Vannang.vn","article_modified_time":"2026-03-30T11:37:20+00:00","twitter_card":"summary_large_image","twitter_misc":{"Est. reading time":"7 minutes"},"schema":{"@context":"https:\/\/schema.org","@graph":[{"@type":"WebPage","@id":"https:\/\/vannangvn.123websitedev.com\/san-pham\/may-keo-son-tu-dong-testone-model-to-500\/","url":"https:\/\/vannangvn.123websitedev.com\/san-pham\/may-keo-son-tu-dong-testone-model-to-500\/","name":"M\u00c1Y K\u00c9O S\u01a0N T\u1ef0 \u0110\u1ed8NG TESTONE MODEL T... ch\u00ednh h\u00e3ng | V\u1ea1n N\u0103ng","isPartOf":{"@id":"https:\/\/vannangvn.123websitedev.com\/#website"},"datePublished":"2026-03-20T11:54:13+00:00","dateModified":"2026-03-30T11:37:20+00:00","description":"Mua ngay M\u00c1Y K\u00c9O S\u01a0N T\u1ef0 \u0110\u1ed8NG TESTONE MODEL TO-500 ch\u00ednh h\u00e3ng. Gi\u00e1 t\u1ed1t!","breadcrumb":{"@id":"https:\/\/vannangvn.123websitedev.com\/san-pham\/may-keo-son-tu-dong-testone-model-to-500\/#breadcrumb"},"inLanguage":"en-US","potentialAction":[{"@type":"ReadAction","target":["https:\/\/vannangvn.123websitedev.com\/san-pham\/may-keo-son-tu-dong-testone-model-to-500\/"]}]},{"@type":"BreadcrumbList","@id":"https:\/\/vannangvn.123websitedev.com\/san-pham\/may-keo-son-tu-dong-testone-model-to-500\/#breadcrumb","itemListElement":[{"@type":"ListItem","position":1,"name":"Trang ch\u1ee7","item":"https:\/\/vannangvn.123websitedev.com\/"},{"@type":"ListItem","position":2,"name":"S\u1ea3n ph\u1ea9m","item":"https:\/\/vannangvn.123websitedev.com\/cua-hang\/"},{"@type":"ListItem","position":3,"name":"M\u00c1Y K\u00c9O S\u01a0N T\u1ef0 \u0110\u1ed8NG TESTONE MODEL TO-500"}]},{"@type":"WebSite","@id":"https:\/\/vannangvn.123websitedev.com\/#website","url":"https:\/\/vannangvn.123websitedev.com\/","name":"Vannang.vn","description":"","publisher":{"@id":"https:\/\/vannangvn.123websitedev.com\/#organization"},"potentialAction":[{"@type":"SearchAction","target":{"@type":"EntryPoint","urlTemplate":"https:\/\/vannangvn.123websitedev.com\/?s={search_term_string}"},"query-input":{"@type":"PropertyValueSpecification","valueRequired":true,"valueName":"search_term_string"}}],"inLanguage":"en-US"},{"@type":"Organization","@id":"https:\/\/vannangvn.123websitedev.com\/#organization","name":"Vannang.vn","url":"https:\/\/vannangvn.123websitedev.com\/","logo":{"@type":"ImageObject","inLanguage":"en-US","@id":"https:\/\/vannangvn.123websitedev.com\/#\/schema\/logo\/image\/","url":"https:\/\/vannangvn.123websitedev.com\/wp-content\/uploads\/2026\/02\/logo-van-nang-02.png","contentUrl":"https:\/\/vannangvn.123websitedev.com\/wp-content\/uploads\/2026\/02\/logo-van-nang-02.png","width":448,"height":111,"caption":"Vannang.vn"},"image":{"@id":"https:\/\/vannangvn.123websitedev.com\/#\/schema\/logo\/image\/"}}]}},"_links":{"self":[{"href":"https:\/\/vannangvn.123websitedev.com\/en\/wp-json\/wp\/v2\/product\/7171","targetHints":{"allow":["GET"]}}],"collection":[{"href":"https:\/\/vannangvn.123websitedev.com\/en\/wp-json\/wp\/v2\/product"}],"about":[{"href":"https:\/\/vannangvn.123websitedev.com\/en\/wp-json\/wp\/v2\/types\/product"}],"replies":[{"embeddable":true,"href":"https:\/\/vannangvn.123websitedev.com\/en\/wp-json\/wp\/v2\/comments?post=7171"}],"wp:attachment":[{"href":"https:\/\/vannangvn.123websitedev.com\/en\/wp-json\/wp\/v2\/media?parent=7171"}],"wp:term":[{"taxonomy":"product_brand","embeddable":true,"href":"https:\/\/vannangvn.123websitedev.com\/en\/wp-json\/wp\/v2\/product_brand?post=7171"},{"taxonomy":"product_cat","embeddable":true,"href":"https:\/\/vannangvn.123websitedev.com\/en\/wp-json\/wp\/v2\/product_cat?post=7171"},{"taxonomy":"product_tag","embeddable":true,"href":"https:\/\/vannangvn.123websitedev.com\/en\/wp-json\/wp\/v2\/product_tag?post=7171"}],"curies":[{"name":"wp","href":"https:\/\/api.w.org\/{rel}","templated":true}]}}