{"id":7175,"date":"2026-03-20T18:54:17","date_gmt":"2026-03-20T11:54:17","guid":{"rendered":"https:\/\/vannangvn.123websitedev.com\/san-pham\/may-khuay-cau-truc-iec-model-agm\/"},"modified":"2026-03-30T18:37:26","modified_gmt":"2026-03-30T11:37:26","slug":"may-khuay-cau-truc-iec-model-agm","status":"publish","type":"product","link":"https:\/\/vannangvn.123websitedev.com\/en\/product\/may-khuay-cau-truc-iec-model-agm\/","title":{"rendered":"M\u00c1Y KHU\u1ea4Y C\u1ea6U TR\u1ee4C IEC MODEL AGM"},"content":{"rendered":"<h1 style=\"color: red; font-weight: bold; font-size: 24px;\">T&#7893;ng quan s&#7843;n ph&#7849;m M&Aacute;Y KHU&#7844;Y C&#7846;U TR&#7908;C IEC MODEL AGM<p>M&aacute;y Khu&#7845;y C&#7847;u Tr&#7909;c (Gantry Mixer) IEC Model AGM<br>\nM&aacute;y Khu&#7845;y C&#7847;u Tr&#7909;c IEC AGM l&agrave; gi&#7843;i ph&aacute;p l&yacute; t&#432;&#7903;ng cho c&aacute;c quy tr&igrave;nh khu&#7845;y tr&#7897;n dung d&#7883;ch c&oacute; &#273;&#7897; nh&#7899;t th&#7845;p &#273;&#7871;n trung b&igrave;nh, &#273;&#7863;c bi&#7879;t trong ng&agrave;nh s&#417;n v&agrave; m&#7921;c in.<br>\nV&#7899;i thi&#7871;t k&#7871; c&#7847;u tr&#7909;c v&#7919;ng ch&#7855;c, thi&#7871;t b&#7883; mang l&#7841;i s&#7921; &#7893;n &#273;&#7883;nh v&#432;&#7907;t tr&#7897;i, &#273;&#7891;ng th&#7901;i &#273;&#432;&#7907;c trang b&#7883; h&#7879; th&#7889;ng Quick Coupling gi&uacute;p thay th&#7871; tr&#7909;c khu&#7845;y nhanh ch&oacute;ng v&agrave; an to&agrave;n. Nh&#7901; &#273;&oacute;, m&aacute;y n&acirc;ng cao hi&#7879;u qu&#7843; t&#7893;ng th&#7875; thi&#7871;t b&#7883; (OEE), gi&#7843;m thi&#7875;u th&#7901;i gian d&#7915;ng m&aacute;y v&agrave; t&#7889;i &#432;u n&#259;ng su&#7845;t. H&atilde;y c&ugrave;ng V&#7841;n N&#259;ng t&igrave;m hi&#7875;u chi ti&#7871;t h&#417;n v&#7873; s&#7843;n ph&#7849;m th&ocirc;ng qua b&agrave;i vi&#7871;t d&#432;&#7899;i &#273;&acirc;y nh&eacute;!<\/p><p>Xem th&ecirc;m: M&aacute;y &#272;o &#272;&#7897; C&#7913;ng (Hardness Tester) AFFRI Model 206EX<\/p><p>N&eacute;t &#272;&#7863;c Tr&#432;ng C&#7911;a IEC Model AGM<br>\nThi&#7871;t k&#7871; c&#7847;u tr&#7909;c &#7893;n &#273;&#7883;nh<br>\nM&aacute;y Khu&#7845;y Tr&#7897;n S&#7843;n Xu&#7845;t IEC Model AGM &#273;&#432;&#7907;c thi&#7871;t k&#7871; d&#7841;ng c&#7847;u tr&#7909;c ch&#7855;c ch&#7855;n, mang l&#7841;i s&#7921; c&acirc;n b&#7857;ng v&agrave; &#273;&#7897; &#7893;n &#273;&#7883;nh cao trong qu&aacute; tr&igrave;nh v&#7853;n h&agrave;nh. C&#7845;u tr&uacute;c n&agrave;y gi&uacute;p thi&#7871;t b&#7883; ho&#7841;t &#273;&#7897;ng tr&#417;n tru, gi&#7843;m rung l&#7855;c v&agrave; duy tr&igrave; ch&#7845;t l&#432;&#7907;ng khu&#7845;y &#273;&#7891;ng &#273;&#7873;u.<br>\nH&#7879; th&#7889;ng Quick Coupling ti&#7879;n l&#7907;i<br>\nM&aacute;y &#273;&#432;&#7907;c trang b&#7883; c&#417; ch&#7871; Quick Coupling, cho ph&eacute;p thay tr&#7909;c khu&#7845;y m&#7897;t c&aacute;ch nhanh ch&oacute;ng v&agrave; an to&agrave;n. T&iacute;nh n&#259;ng n&agrave;y kh&ocirc;ng ch&#7881; gi&uacute;p ti&#7871;t ki&#7879;m th&#7901;i gian m&agrave; c&ograve;n n&acirc;ng cao t&iacute;nh linh ho&#7841;t trong vi&#7879;c x&#7917; l&yacute; nhi&#7873;u lo&#7841;i s&#7843;n ph&#7849;m kh&aacute;c nhau.<br>\nHi&#7879;u qu&#7843; trong quy tr&igrave;nh r&#7917;a v&agrave; v&#7879; sinh<br>\nThi&#7871;t b&#7883; h&#7841;n ch&#7871; &#273;&aacute;ng k&#7875; vi&#7879;c s&#7917; d&#7909;ng dung m&ocirc;i v&agrave; n&#432;&#7899;c trong c&ocirc;ng &#273;o&#7841;n v&#7879; sinh, g&oacute;p ph&#7847;n gi&#7843;m chi ph&iacute; v&#7853;n h&agrave;nh c&#361;ng nh&#432; th&acirc;n thi&#7879;n h&#417;n v&#7899;i m&ocirc;i tr&#432;&#7901;ng. &#272;&acirc;y l&agrave; &#432;u &#273;i&#7875;m quan tr&#7885;ng khi doanh nghi&#7879;p mu&#7889;n h&#432;&#7899;ng &#273;&#7871;n s&#7843;n xu&#7845;t xanh.<br>\nKi&#7875;m so&aacute;t t&#7889;c &#273;&#7897; linh ho&#7841;t<br>\nV&#7899;i kh&#7843; n&#259;ng &#273;i&#7873;u ch&#7881;nh t&#7889;c &#273;&#7897;, M&aacute;y Khu&#7845;y AGM cho ph&eacute;p ki&#7875;m so&aacute;t ch&iacute;nh x&aacute;c qu&aacute; tr&igrave;nh khu&#7845;y, &#273;&#7843;m b&#7843;o dung d&#7883;ch &#273;&#7841;t &#273;&#432;&#7907;c &#273;&#7897; &#273;&#7891;ng &#273;&#7873;u mong mu&#7889;n, ph&#7909;c v&#7909; t&#7889;t nhu c&#7847;u pha m&agrave;u v&agrave; ph&#7889;i tr&#7897;n nguy&ecirc;n li&#7879;u.<\/p><p>Xem th&ecirc;m: Bu&#7891;ng Th&#7917; Nghi&#7879;m &#272;&#7883;nh L&#432;&#7907;ng Kh&iacute; SO&#8322; T&#7921; &#272;&#7897;ng Ascott Model KH300<\/p><p>&#431;u &#272;i&#7875;m V&#432;&#7907;t Tr&#7897;i C&#7911;a AGM<br>\nGi&#7843;m hao h&#7909;t nguy&ecirc;n li&#7879;u<br>\nM&aacute;y &#273;&#432;&#7907;c t&#7889;i &#432;u &#273;&#7875; h&#7841;n ch&#7871; t&#7893;n th&#7845;t trong qu&aacute; tr&igrave;nh s&#7843;n xu&#7845;t, gi&uacute;p doanh nghi&#7879;p ti&#7871;t ki&#7879;m nguy&ecirc;n li&#7879;u v&agrave; n&acirc;ng cao hi&#7879;u qu&#7843; chi ph&iacute;.<br>\n&#272;&aacute;p &#7913;ng nhi&#7873;u lo&#7841;i c&aacute;nh khu&#7845;y<br>\nThi&#7871;t b&#7883; c&oacute; th&#7875; k&#7871;t h&#7907;p nhi&#7873;u lo&#7841;i c&aacute;nh khu&#7845;y kh&aacute;c nhau, ph&ugrave; h&#7907;p v&#7899;i t&#7915;ng &#273;&#7863;c t&iacute;nh dung d&#7883;ch. Nh&#7901; &#273;&oacute;, m&aacute;y d&#7877; d&agrave;ng &#273;&aacute;p &#7913;ng nhi&#7873;u y&ecirc;u c&#7847;u s&#7843;n xu&#7845;t kh&aacute;c nhau.<br>\nV&#7853;n h&agrave;nh an to&agrave;n, &#273;&#7841;t chu&#7849;n qu&#7889;c t&#7871;<br>\nM&aacute;y Khu&#7845;y Tr&#7897;n IEC Model AGM &#273;&#432;&#7907;c thi&#7871;t k&#7871; &#273;&#7875; v&#7853;n h&agrave;nh trong m&ocirc;i tr&#432;&#7901;ng Zone 1 ho&#7863;c khu v&#7921;c an to&agrave;n, &#273;&#7891;ng th&#7901;i c&oacute; th&#7875; tu&acirc;n th&#7911; ti&ecirc;u chu&#7849;n ATEX\/CE II 2GD c IIB T3, &#273;&#7843;m b&#7843;o an to&agrave;n t&#7889;i &#273;a.<br>\n&#272;&#7897; tin c&#7853;y v&agrave; tu&#7893;i th&#7885; cao<br>\nV&#7899;i k&#7871;t c&#7845;u ch&#7855;c ch&#7855;n c&ugrave;ng thi&#7871;t k&#7871; h&#432;&#7899;ng &#273;&#7871;n c&ocirc;ng n&#259;ng d&agrave;i h&#7841;n, m&aacute;y ho&#7841;t &#273;&#7897;ng &#7893;n &#273;&#7883;nh, &iacute;t h&#7887;ng h&oacute;c v&agrave; d&#7877; b&#7843;o tr&igrave;, gi&uacute;p doanh nghi&#7879;p y&ecirc;n t&acirc;m trong su&#7889;t v&ograve;ng &#273;&#7901;i s&#7917; d&#7909;ng.<\/p><p>Xem th&ecirc;m: M&aacute;y &#272;o &#272;&#7897; B&oacute;ng 3 G&oacute;c Rhopoint Instruments Model Novo-Gloss Trio 20\/60\/85<\/p><p>&#7912;ng D&#7909;ng Trong Ng&agrave;nh C&ocirc;ng Nghi&#7879;p<br>\nV&#7899;i s&#7921; linh ho&#7841;t v&agrave; hi&#7879;u qu&#7843;, M&aacute;y Khu&#7845;y C&#7847;u Tr&#7909;c Model AGM &#273;&#432;&#7907;c &#7913;ng d&#7909;ng r&#7897;ng r&atilde;i trong:<\/p><p>S&#7843;n xu&#7845;t s&#417;n v&agrave; m&#7921;c in.<br>\nPha m&agrave;u trong c&ocirc;ng nghi&#7879;p h&oacute;a ch&#7845;t.<br>\nNg&agrave;nh v&#7853;t li&#7879;u ph&#7911; v&agrave; nh&#7921;a l&#7887;ng.<br>\nTh&#7917; nghi&#7879;m v&agrave; nghi&ecirc;n c&#7913;u trong ph&ograve;ng lab.<\/p><p>Nh&#7919;ng L&yacute; Do N&ecirc;n Mua M&aacute;y Khu&#7845;y Tr&#7897;n T&#7841;i V&#7841;n N&#259;ng<\/p><p>C&ocirc;ng ty Thi&#7871;t B&#7883; C&ocirc;ng Ngh&#7879; V&#7841;n N&#259;ng l&agrave; &#273;&#7889;i t&aacute;c ch&iacute;nh th&#7913;c ph&acirc;n ph&#7889;i M&aacute;y Khu&#7845;y Tr&#7897;n h&agrave;ng &#273;&#7847;u t&#7841;i Vi&#7879;t Nam, cam k&#7871;t cung c&#7845;p s&#7843;n ph&#7849;m ch&iacute;nh h&atilde;ng v&#7899;i gi&aacute; c&#7843; c&#7841;nh tranh nh&#7845;t th&#7883; tr&#432;&#7901;ng. V&#7899;i uy t&iacute;n tr&ecirc;n th&#7883; tr&#432;&#7901;ng v&agrave; ch&#7871; &#273;&#7897; h&#7851;u m&atilde;i t&#7889;t, Thi&#7871;t B&#7883; C&ocirc;ng Ngh&#7879; V&#7841;n N&#259;ng &#273;&atilde; nh&#7853;n &#273;&#432;&#7907;c s&#7921; tin t&#432;&#7903;ng t&#7915; kh&aacute;ch h&agrave;ng nh&#7901; v&agrave;o ch&#7845;t l&#432;&#7907;ng h&agrave;ng &#273;&#7847;u c&#7911;a c&aacute;c d&ograve;ng s&#7843;n ph&#7849;m.<br>\nS&#7843;n ph&#7849;m c&#7911;a ch&uacute;ng t&ocirc;i &#273;&#432;&#7907;c ki&#7875;m &#273;&#7883;nh ch&#7845;t l&#432;&#7907;ng, nh&#7853;p kh&#7849;u tr&#7921;c ti&#7871;p t&#7915; nh&agrave; m&aacute;y b&ecirc;n Ch&acirc;u &Acirc;u, M&#7929;, &Uacute;c, Nh&#7853;t B&#7843;n,&hellip; v&agrave; &#273;&aacute;p &#7913;ng nhu c&#7847;u &#273;a d&#7841;ng c&#7911;a th&#7883; tr&#432;&#7901;ng nh&#432;: M&aacute;y &#272;o &#272;&#7897; C&#7913;ng, M&aacute;y SPECTROMAXx, M&aacute;y Ki&#7875;m Tra &#272;&#432;&#7901;ng Gh&eacute;p M&iacute; Lon,&hellip; Ch&uacute;ng t&ocirc;i cam k&#7871;t cung c&#7845;p s&#7843;n ph&#7849;m n&agrave;y tr&ecirc;n to&agrave;n qu&#7889;c v&#7899;i gi&aacute; c&#7843; c&#7841;nh tranh nh&#7845;t.<br>\nCh&uacute;ng t&ocirc;i c&oacute; &#273;&#7897;i ng&#361; chuy&ecirc;n vi&ecirc;n t&#432; v&#7845;n chuy&ecirc;n s&acirc;u s&#7869; h&#7895; tr&#7907; kh&aacute;ch h&agrave;ng v&#7873; chi ti&#7871;t s&#7843;n ph&#7849;m, h&#432;&#7899;ng d&#7851;n s&#7917; d&#7909;ng hay nh&#7919;ng th&#7913; li&ecirc;n quan &#273;&#7871;n v&#7845;n &#273;&#7873; m&agrave; doanh nghi&#7879;p b&#7841;n &#273;ang g&#7863;p ph&#7843;i. Ch&uacute;ng t&ocirc;i s&#7869; cung c&#7845;p nh&#7919;ng gi&#7843;i ph&aacute;p t&#7889;i &#432;u nh&#7845;t!<br>\nNgo&agrave;i ra Thi&#7871;t B&#7883; C&ocirc;ng Ngh&#7879; V&#7841;n N&#259;ng Ch&uacute;ng T&ocirc;i lu&ocirc;n h&#432;&#7899;ng &#273;&#7871;n tr&#7843;i nghi&#7879;m kh&aacute;ch h&agrave;ng, v&igrave; v&#7853;y ch&uacute;ng t&ocirc;i c&oacute; nh&#7919;ng ch&iacute;nh s&aacute;ch b&#7843;o h&agrave;nh, b&#7843;o tr&igrave; &ndash; b&#7843;o d&#432;&#7905;ng, hi&#7879;u chu&#7849;n v&#7899;i t&#7845;t c&#7843; c&aacute;c thi&#7871;t b&#7883;, m&aacute;y m&oacute;c m&agrave; ch&uacute;ng t&ocirc;i cung c&#7845;p. &#272;&#7843;m b&#7843;o mang &#273;&#7871;n cho Kh&aacute;ch h&agrave;ng s&#7921; y&ecirc;n t&acirc;m tuy&#7879;t &#273;&#7889;i v&#7873; d&#7883;ch v&#7909; khi mua h&agrave;ng.<\/p><p>Xem th&ecirc;m: T&#7911; Th&#7917; Nghi&#7879;m Kh&iacute; H&#7853;u Weiss Technik Model ClimeEvent C2\/600\/50\/4<\/p><p>T&#7893;ng K&#7871;t<br>\nM&aacute;y Khu&#7845;y C&#7847;u Tr&#7909;c IEC Model AGM mang l&#7841;i s&#7921; k&#7871;t h&#7907;p ho&agrave;n h&#7843;o gi&#7919;a &#273;&#7897; &#7893;n &#273;&#7883;nh, t&iacute;nh linh ho&#7841;t v&agrave; hi&#7879;u qu&#7843; kinh t&#7871;. V&#7899;i h&#7879; th&#7889;ng Quick Coupling ti&#7879;n l&#7907;i, kh&#7843; n&#259;ng ti&#7871;t ki&#7879;m nguy&ecirc;n li&#7879;u v&agrave; &#273;&aacute;p &#7913;ng ti&ecirc;u chu&#7849;n an to&agrave;n qu&#7889;c t&#7871;, &#273;&acirc;y l&agrave; l&#7921;a ch&#7885;n &#273;&aacute;ng tin c&#7853;y cho c&aacute;c doanh nghi&#7879;p mong mu&#7889;n t&#7889;i &#432;u h&oacute;a quy tr&igrave;nh s&#7843;n xu&#7845;t. H&atilde;y li&ecirc;n h&#7879; v&#7899;i V&#7841;n N&#259;ng ngay &#273;&#7875; &#273;&#432;&#7907;c t&#432; v&#7845;n chuy&ecirc;n s&acirc;u v&agrave; nh&#7853;n nh&#7919;ng &#432;u &#273;&atilde;i h&#7845;p d&#7851;n nh&#7845;t th&ocirc;ng qua hotline0903 991 335 !<\/p><div style=\"background-color: #f8fafc; border: 1px solid #e2e8f0; border-radius: 8px; padding: 25px; max-width: 800px; margin: 30px auto; color: #334155; line-height: 1.8; font-size: 17px; box-shadow: 0 4px 6px -1px rgba(0,0,0,0.05); text-align: left; clear: both;\">\nC&ocirc;ng ty TNHH Th&#432;&#417;ng M&#7841;i D&#7883;ch V&#7909; Thi&#7871;t B&#7883; C&ocirc;ng Ngh&#7879; V&#7841;n N&#259;ng\n<p style=\"margin: 0 0 10px 0;\">&#128205; <strong style=\"color: #1e293b;\">&#272;&#7883;a ch&#7881;:<\/strong> <a style=\"color: #059669; text-decoration: none; font-weight: bold;\" href=\"https:\/\/www.google.com\/maps\/search\/C%C3%B4ng+ty+TNHH+Th%C6%B0%C6%A1ng+M%E1%BA%A1i+D%E1%BB%8Bch+V%E1%BB%A5+Thi%E1%BA%BFt+B%E1%BB%8B+C%C3%B4ng+Ngh%E1%BB%87+V%E1%BA%A1n+N%C4%83ng+818+Tr%C6%B0%E1%BB%9Dng+Chinh\" target=\"_blank\" rel=\"noopener\">818 Tr&#432;&#7901;ng Chinh, Ph&#432;&#7901;ng T&acirc;n S&#417;n, Th&agrave;nh ph&#7889; H&#7891; Ch&iacute; Minh, Vi&#7879;t Nam<\/a><\/p>\n<p style=\"margin: 0 0 10px 0;\">&#128222; <strong style=\"color: #1e293b;\">S&#272;T &ndash; Zalo:<\/strong> <a style=\"color: #059669; text-decoration: none; font-weight: bold;\" href=\"https:\/\/zalo.me\/0903991335\" target=\"_blank\" rel=\"noopener\">0903 991 335<\/a> <span style=\"color: #64748b; font-style: italic;\">(Ms. H&#7841;nh &ndash; Gi&aacute;m &#272;&#7889;c Kinh Doanh)<\/span><\/p>\n<p style=\"margin: 0;\">&#9993;&#65039; <strong style=\"color: #1e293b;\">Email:<\/strong> <a style=\"color: #059669; text-decoration: none; font-weight: bold;\" href=\"mailto:hienhanh@vannangvn.com\">hienhanh@vannangvn.com<\/a><\/p>\n<\/div><\/h1>","protected":false},"excerpt":{"rendered":"<p><strong>Th&#432;&#417;ng hi&#7879;u:<\/strong> IEC Plant Engineering<br>\n<strong>Model:<\/strong> AGM<p>Product <strong>M&Aacute;Y KHU&#7844;Y C&#7846;U TR&#7908;C IEC MODEL AGM<\/strong> ch&iacute;nh h&atilde;ng. IEC Plant Engineering (Malaysia)<br>\nM&aacute;y Khu&#7845;y C&#7847;u Tr&#7909;c IEC AGM l&agrave; gi&#7843;i ph&aacute;p tr&#7897;n hi&#7879;u qu&#7843;, &#7893;n &#273;&#7883;nh, &#273;&#7863;c bi&#7879;t cho s&#417;n v&agrave; m&#7921;c in. V&#7899;i thi&#7871;t k&#7871; c&#7847;u tr&#7909;c v&#7919;ng ch&#7855;c v&agrave; h&#7879; th&#7889;ng Quick Coupling, m&aacute;y gi&uacute;p thay th&#7871; tr&#7909;c khu&#7845;y nhanh ch&oacute;ng, t&#7889;i &#432;u h&oacute;a th&#7901;i gian v&agrave; n&acirc;ng cao hi&#7879;u su&#7845;t t&#7893;ng th&#7875; c&#7911;a nh&agrave; m&aacute;y.<\/p><\/p>","protected":false},"featured_media":8582,"comment_status":"open","ping_status":"closed","template":"","meta":[],"product_brand":[],"product_cat":[18],"product_tag":[109,116,666,1005,1342,2382,2383],"class_list":{"0":"post-7175","1":"product","2":"type-product","3":"status-publish","4":"has-post-thumbnail","6":"product_cat-chua-phan-loai","7":"product_tag-may","8":"product_tag-model","9":"product_tag-cau","10":"product_tag-truc","11":"product_tag-khuay","12":"product_tag-iec","13":"product_tag-agm","15":"first","16":"instock","17":"shipping-taxable","18":"product-type-simple"},"yoast_head":"<!-- This site is optimized with the Yoast SEO Premium plugin v24.8 (Yoast SEO v24.8) - https:\/\/yoast.com\/wordpress\/plugins\/seo\/ -->\n<title>M\u00c1Y KHU\u1ea4Y C\u1ea6U TR\u1ee4C IEC MODEL AGM ch\u00ednh h\u00e3ng | V\u1ea1n N\u0103ng<\/title>\n<meta name=\"description\" content=\"Mua ngay M\u00c1Y KHU\u1ea4Y C\u1ea6U TR\u1ee4C IEC MODEL AGM ch\u00ednh h\u00e3ng. M\u00e1y Khu\u1ea5y C\u1ea7u Tr\u1ee5c IEC AGM l\u00e0 gi\u1ea3i ph\u00e1p tr\u1ed9n hi\u1ec7u qu\u1ea3, \u1ed5n \u0111\u1ecbnh, \u0111\u1eb7c bi\u1ec7t cho... Gi\u00e1 t\u1ed1t!\" \/>\n<meta name=\"robots\" content=\"noindex, follow, max-snippet:-1, max-image-preview:large, max-video-preview:-1\" \/>\n<meta property=\"og:locale\" content=\"en_US\" \/>\n<meta property=\"og:type\" content=\"article\" \/>\n<meta property=\"og:title\" content=\"M\u00c1Y KHU\u1ea4Y C\u1ea6U TR\u1ee4C IEC MODEL AGM\" \/>\n<meta property=\"og:description\" content=\"Mua ngay M\u00c1Y KHU\u1ea4Y C\u1ea6U TR\u1ee4C IEC MODEL AGM ch\u00ednh h\u00e3ng. M\u00e1y Khu\u1ea5y C\u1ea7u Tr\u1ee5c IEC AGM l\u00e0 gi\u1ea3i ph\u00e1p tr\u1ed9n hi\u1ec7u qu\u1ea3, \u1ed5n \u0111\u1ecbnh, \u0111\u1eb7c bi\u1ec7t cho... Gi\u00e1 t\u1ed1t!\" \/>\n<meta property=\"og:url\" content=\"https:\/\/vannangvn.123websitedev.com\/en\/product\/may-khuay-cau-truc-iec-model-agm\/\" \/>\n<meta property=\"og:site_name\" content=\"Vannang.vn\" \/>\n<meta property=\"article:modified_time\" content=\"2026-03-30T11:37:26+00:00\" \/>\n<meta property=\"og:image\" content=\"http:\/\/vannangvn.123websitedev.com\/wp-content\/uploads\/2026\/03\/May-Khuay-Cau-Truc-Gantry-Mixer-IEC-Model-AGM-768x576-copy.jpg\" \/>\n\t<meta property=\"og:image:width\" content=\"768\" \/>\n\t<meta property=\"og:image:height\" content=\"576\" \/>\n\t<meta property=\"og:image:type\" content=\"image\/jpeg\" \/>\n<meta name=\"twitter:card\" content=\"summary_large_image\" \/>\n<meta name=\"twitter:label1\" content=\"Est. reading time\" \/>\n\t<meta name=\"twitter:data1\" content=\"8 minutes\" \/>\n<script type=\"application\/ld+json\" class=\"yoast-schema-graph\">{\"@context\":\"https:\/\/schema.org\",\"@graph\":[{\"@type\":\"WebPage\",\"@id\":\"https:\/\/vannangvn.123websitedev.com\/san-pham\/may-khuay-cau-truc-iec-model-agm\/\",\"url\":\"https:\/\/vannangvn.123websitedev.com\/san-pham\/may-khuay-cau-truc-iec-model-agm\/\",\"name\":\"M\u00c1Y KHU\u1ea4Y C\u1ea6U TR\u1ee4C IEC MODEL AGM ch\u00ednh h\u00e3ng | V\u1ea1n N\u0103ng\",\"isPartOf\":{\"@id\":\"https:\/\/vannangvn.123websitedev.com\/#website\"},\"primaryImageOfPage\":{\"@id\":\"https:\/\/vannangvn.123websitedev.com\/san-pham\/may-khuay-cau-truc-iec-model-agm\/#primaryimage\"},\"image\":{\"@id\":\"https:\/\/vannangvn.123websitedev.com\/san-pham\/may-khuay-cau-truc-iec-model-agm\/#primaryimage\"},\"thumbnailUrl\":\"https:\/\/vannangvn.123websitedev.com\/wp-content\/uploads\/2026\/03\/May-Khuay-Cau-Truc-Gantry-Mixer-IEC-Model-AGM-768x576-copy.jpg\",\"datePublished\":\"2026-03-20T11:54:17+00:00\",\"dateModified\":\"2026-03-30T11:37:26+00:00\",\"description\":\"Mua ngay M\u00c1Y KHU\u1ea4Y C\u1ea6U TR\u1ee4C IEC MODEL AGM ch\u00ednh h\u00e3ng. M\u00e1y Khu\u1ea5y C\u1ea7u Tr\u1ee5c IEC AGM l\u00e0 gi\u1ea3i ph\u00e1p tr\u1ed9n hi\u1ec7u qu\u1ea3, \u1ed5n \u0111\u1ecbnh, \u0111\u1eb7c bi\u1ec7t cho... Gi\u00e1 t\u1ed1t!\",\"breadcrumb\":{\"@id\":\"https:\/\/vannangvn.123websitedev.com\/san-pham\/may-khuay-cau-truc-iec-model-agm\/#breadcrumb\"},\"inLanguage\":\"en-US\",\"potentialAction\":[{\"@type\":\"ReadAction\",\"target\":[\"https:\/\/vannangvn.123websitedev.com\/san-pham\/may-khuay-cau-truc-iec-model-agm\/\"]}]},{\"@type\":\"ImageObject\",\"inLanguage\":\"en-US\",\"@id\":\"https:\/\/vannangvn.123websitedev.com\/san-pham\/may-khuay-cau-truc-iec-model-agm\/#primaryimage\",\"url\":\"https:\/\/vannangvn.123websitedev.com\/wp-content\/uploads\/2026\/03\/May-Khuay-Cau-Truc-Gantry-Mixer-IEC-Model-AGM-768x576-copy.jpg\",\"contentUrl\":\"https:\/\/vannangvn.123websitedev.com\/wp-content\/uploads\/2026\/03\/May-Khuay-Cau-Truc-Gantry-Mixer-IEC-Model-AGM-768x576-copy.jpg\",\"width\":768,\"height\":576},{\"@type\":\"BreadcrumbList\",\"@id\":\"https:\/\/vannangvn.123websitedev.com\/san-pham\/may-khuay-cau-truc-iec-model-agm\/#breadcrumb\",\"itemListElement\":[{\"@type\":\"ListItem\",\"position\":1,\"name\":\"Trang ch\u1ee7\",\"item\":\"https:\/\/vannangvn.123websitedev.com\/\"},{\"@type\":\"ListItem\",\"position\":2,\"name\":\"S\u1ea3n ph\u1ea9m\",\"item\":\"https:\/\/vannangvn.123websitedev.com\/cua-hang\/\"},{\"@type\":\"ListItem\",\"position\":3,\"name\":\"M\u00c1Y KHU\u1ea4Y C\u1ea6U TR\u1ee4C IEC MODEL AGM\"}]},{\"@type\":\"WebSite\",\"@id\":\"https:\/\/vannangvn.123websitedev.com\/#website\",\"url\":\"https:\/\/vannangvn.123websitedev.com\/\",\"name\":\"Vannang.vn\",\"description\":\"\",\"publisher\":{\"@id\":\"https:\/\/vannangvn.123websitedev.com\/#organization\"},\"potentialAction\":[{\"@type\":\"SearchAction\",\"target\":{\"@type\":\"EntryPoint\",\"urlTemplate\":\"https:\/\/vannangvn.123websitedev.com\/?s={search_term_string}\"},\"query-input\":{\"@type\":\"PropertyValueSpecification\",\"valueRequired\":true,\"valueName\":\"search_term_string\"}}],\"inLanguage\":\"en-US\"},{\"@type\":\"Organization\",\"@id\":\"https:\/\/vannangvn.123websitedev.com\/#organization\",\"name\":\"Vannang.vn\",\"url\":\"https:\/\/vannangvn.123websitedev.com\/\",\"logo\":{\"@type\":\"ImageObject\",\"inLanguage\":\"en-US\",\"@id\":\"https:\/\/vannangvn.123websitedev.com\/#\/schema\/logo\/image\/\",\"url\":\"https:\/\/vannangvn.123websitedev.com\/wp-content\/uploads\/2026\/02\/logo-van-nang-02.png\",\"contentUrl\":\"https:\/\/vannangvn.123websitedev.com\/wp-content\/uploads\/2026\/02\/logo-van-nang-02.png\",\"width\":448,\"height\":111,\"caption\":\"Vannang.vn\"},\"image\":{\"@id\":\"https:\/\/vannangvn.123websitedev.com\/#\/schema\/logo\/image\/\"}}]}<\/script>\n<!-- \/ Yoast SEO Premium plugin. -->","yoast_head_json":{"title":"M\u00c1Y KHU\u1ea4Y C\u1ea6U TR\u1ee4C IEC MODEL AGM ch\u00ednh h\u00e3ng | V\u1ea1n N\u0103ng","description":"Mua ngay M\u00c1Y KHU\u1ea4Y C\u1ea6U TR\u1ee4C IEC MODEL AGM ch\u00ednh h\u00e3ng. M\u00e1y Khu\u1ea5y C\u1ea7u Tr\u1ee5c IEC AGM l\u00e0 gi\u1ea3i ph\u00e1p tr\u1ed9n hi\u1ec7u qu\u1ea3, \u1ed5n \u0111\u1ecbnh, \u0111\u1eb7c bi\u1ec7t cho... Gi\u00e1 t\u1ed1t!","robots":{"index":"noindex","follow":"follow","max-snippet":"max-snippet:-1","max-image-preview":"max-image-preview:large","max-video-preview":"max-video-preview:-1"},"og_locale":"en_US","og_type":"article","og_title":"M\u00c1Y KHU\u1ea4Y C\u1ea6U TR\u1ee4C IEC MODEL AGM","og_description":"Mua ngay M\u00c1Y KHU\u1ea4Y C\u1ea6U TR\u1ee4C IEC MODEL AGM ch\u00ednh h\u00e3ng. M\u00e1y Khu\u1ea5y C\u1ea7u Tr\u1ee5c IEC AGM l\u00e0 gi\u1ea3i ph\u00e1p tr\u1ed9n hi\u1ec7u qu\u1ea3, \u1ed5n \u0111\u1ecbnh, \u0111\u1eb7c bi\u1ec7t cho... Gi\u00e1 t\u1ed1t!","og_url":"https:\/\/vannangvn.123websitedev.com\/en\/product\/may-khuay-cau-truc-iec-model-agm\/","og_site_name":"Vannang.vn","article_modified_time":"2026-03-30T11:37:26+00:00","og_image":[{"width":768,"height":576,"url":"http:\/\/vannangvn.123websitedev.com\/wp-content\/uploads\/2026\/03\/May-Khuay-Cau-Truc-Gantry-Mixer-IEC-Model-AGM-768x576-copy.jpg","type":"image\/jpeg"}],"twitter_card":"summary_large_image","twitter_misc":{"Est. reading time":"8 minutes"},"schema":{"@context":"https:\/\/schema.org","@graph":[{"@type":"WebPage","@id":"https:\/\/vannangvn.123websitedev.com\/san-pham\/may-khuay-cau-truc-iec-model-agm\/","url":"https:\/\/vannangvn.123websitedev.com\/san-pham\/may-khuay-cau-truc-iec-model-agm\/","name":"M\u00c1Y KHU\u1ea4Y C\u1ea6U TR\u1ee4C IEC MODEL AGM ch\u00ednh h\u00e3ng | V\u1ea1n N\u0103ng","isPartOf":{"@id":"https:\/\/vannangvn.123websitedev.com\/#website"},"primaryImageOfPage":{"@id":"https:\/\/vannangvn.123websitedev.com\/san-pham\/may-khuay-cau-truc-iec-model-agm\/#primaryimage"},"image":{"@id":"https:\/\/vannangvn.123websitedev.com\/san-pham\/may-khuay-cau-truc-iec-model-agm\/#primaryimage"},"thumbnailUrl":"https:\/\/vannangvn.123websitedev.com\/wp-content\/uploads\/2026\/03\/May-Khuay-Cau-Truc-Gantry-Mixer-IEC-Model-AGM-768x576-copy.jpg","datePublished":"2026-03-20T11:54:17+00:00","dateModified":"2026-03-30T11:37:26+00:00","description":"Mua ngay M\u00c1Y KHU\u1ea4Y C\u1ea6U TR\u1ee4C IEC MODEL AGM ch\u00ednh h\u00e3ng. M\u00e1y Khu\u1ea5y C\u1ea7u Tr\u1ee5c IEC AGM l\u00e0 gi\u1ea3i ph\u00e1p tr\u1ed9n hi\u1ec7u qu\u1ea3, \u1ed5n \u0111\u1ecbnh, \u0111\u1eb7c bi\u1ec7t cho... Gi\u00e1 t\u1ed1t!","breadcrumb":{"@id":"https:\/\/vannangvn.123websitedev.com\/san-pham\/may-khuay-cau-truc-iec-model-agm\/#breadcrumb"},"inLanguage":"en-US","potentialAction":[{"@type":"ReadAction","target":["https:\/\/vannangvn.123websitedev.com\/san-pham\/may-khuay-cau-truc-iec-model-agm\/"]}]},{"@type":"ImageObject","inLanguage":"en-US","@id":"https:\/\/vannangvn.123websitedev.com\/san-pham\/may-khuay-cau-truc-iec-model-agm\/#primaryimage","url":"https:\/\/vannangvn.123websitedev.com\/wp-content\/uploads\/2026\/03\/May-Khuay-Cau-Truc-Gantry-Mixer-IEC-Model-AGM-768x576-copy.jpg","contentUrl":"https:\/\/vannangvn.123websitedev.com\/wp-content\/uploads\/2026\/03\/May-Khuay-Cau-Truc-Gantry-Mixer-IEC-Model-AGM-768x576-copy.jpg","width":768,"height":576},{"@type":"BreadcrumbList","@id":"https:\/\/vannangvn.123websitedev.com\/san-pham\/may-khuay-cau-truc-iec-model-agm\/#breadcrumb","itemListElement":[{"@type":"ListItem","position":1,"name":"Trang ch\u1ee7","item":"https:\/\/vannangvn.123websitedev.com\/"},{"@type":"ListItem","position":2,"name":"S\u1ea3n ph\u1ea9m","item":"https:\/\/vannangvn.123websitedev.com\/cua-hang\/"},{"@type":"ListItem","position":3,"name":"M\u00c1Y KHU\u1ea4Y C\u1ea6U TR\u1ee4C IEC MODEL AGM"}]},{"@type":"WebSite","@id":"https:\/\/vannangvn.123websitedev.com\/#website","url":"https:\/\/vannangvn.123websitedev.com\/","name":"Vannang.vn","description":"","publisher":{"@id":"https:\/\/vannangvn.123websitedev.com\/#organization"},"potentialAction":[{"@type":"SearchAction","target":{"@type":"EntryPoint","urlTemplate":"https:\/\/vannangvn.123websitedev.com\/?s={search_term_string}"},"query-input":{"@type":"PropertyValueSpecification","valueRequired":true,"valueName":"search_term_string"}}],"inLanguage":"en-US"},{"@type":"Organization","@id":"https:\/\/vannangvn.123websitedev.com\/#organization","name":"Vannang.vn","url":"https:\/\/vannangvn.123websitedev.com\/","logo":{"@type":"ImageObject","inLanguage":"en-US","@id":"https:\/\/vannangvn.123websitedev.com\/#\/schema\/logo\/image\/","url":"https:\/\/vannangvn.123websitedev.com\/wp-content\/uploads\/2026\/02\/logo-van-nang-02.png","contentUrl":"https:\/\/vannangvn.123websitedev.com\/wp-content\/uploads\/2026\/02\/logo-van-nang-02.png","width":448,"height":111,"caption":"Vannang.vn"},"image":{"@id":"https:\/\/vannangvn.123websitedev.com\/#\/schema\/logo\/image\/"}}]}},"_links":{"self":[{"href":"https:\/\/vannangvn.123websitedev.com\/en\/wp-json\/wp\/v2\/product\/7175","targetHints":{"allow":["GET"]}}],"collection":[{"href":"https:\/\/vannangvn.123websitedev.com\/en\/wp-json\/wp\/v2\/product"}],"about":[{"href":"https:\/\/vannangvn.123websitedev.com\/en\/wp-json\/wp\/v2\/types\/product"}],"replies":[{"embeddable":true,"href":"https:\/\/vannangvn.123websitedev.com\/en\/wp-json\/wp\/v2\/comments?post=7175"}],"wp:featuredmedia":[{"embeddable":true,"href":"https:\/\/vannangvn.123websitedev.com\/en\/wp-json\/wp\/v2\/media\/8582"}],"wp:attachment":[{"href":"https:\/\/vannangvn.123websitedev.com\/en\/wp-json\/wp\/v2\/media?parent=7175"}],"wp:term":[{"taxonomy":"product_brand","embeddable":true,"href":"https:\/\/vannangvn.123websitedev.com\/en\/wp-json\/wp\/v2\/product_brand?post=7175"},{"taxonomy":"product_cat","embeddable":true,"href":"https:\/\/vannangvn.123websitedev.com\/en\/wp-json\/wp\/v2\/product_cat?post=7175"},{"taxonomy":"product_tag","embeddable":true,"href":"https:\/\/vannangvn.123websitedev.com\/en\/wp-json\/wp\/v2\/product_tag?post=7175"}],"curies":[{"name":"wp","href":"https:\/\/api.w.org\/{rel}","templated":true}]}}