{"id":7205,"date":"2026-03-20T18:54:59","date_gmt":"2026-03-20T11:54:59","guid":{"rendered":"https:\/\/vannangvn.123websitedev.com\/san-pham\/may-kiem-tra-do-bam-dinh-lop-phu-cheminstruments-model-ar-2000\/"},"modified":"2026-03-30T18:38:07","modified_gmt":"2026-03-30T11:38:07","slug":"may-kiem-tra-do-bam-dinh-lop-phu-cheminstruments-model-ar-2000","status":"publish","type":"product","link":"https:\/\/vannangvn.123websitedev.com\/en\/product\/may-kiem-tra-do-bam-dinh-lop-phu-cheminstruments-model-ar-2000\/","title":{"rendered":"M\u00c1Y KI\u1ec2M TRA \u0110\u1ed8 B\u00c1M D\u00cdNH L\u1edaP PH\u1ee6 CHEMINSTRUMENTS MODEL AR-2000"},"content":{"rendered":"<h1 style=\"color: red; font-weight: bold; font-size: 24px;\">T&#7893;ng quan s&#7843;n ph&#7849;m M&Aacute;Y KI&#7874;M TRA &#272;&#7896; B&Aacute;M D&Iacute;NH L&#7898;P PH&#7910; CHEMINSTRUMENTS MODEL AR-2000<p>M&aacute;y Ki&#7875;m Tra &#272;&#7897; B&aacute;m D&iacute;nh L&#7899;p Ph&#7911; (Adhesion\/Release Testing Machine) ChemInstruments Model AR-2000<\/p><p>AR-2000<\/p><p>Rugged construction, capable of withstanding the abuse of the production environment<br>\nDigital speed control<br>\nSelectable speed range from 1 to 1200 ipm (3-3048 cpm)<br>\nTest angle is selectable between 90&deg; and 180&deg;<br>\nOne load cell is included with the machine (2, 5, 10, or 20 pound capacities available)<br>\nCapable of pulling up to 20 lb (9 kg) (dependent on selected lower speeds)<br>\nAccurate to +\/-0.1% of load cell range<br>\nTest samples as short as 1\/2&rdquo; to as long as 12&rdquo; (12-305 mm)<br>\nOperating temperature range: 32&deg;-150&deg; F (0&deg;-70&deg; C)<br>\nCapable of stand-alone operation with integrated touch screen display<br>\nData can be downloaded to EZ Data software for complete data management<br>\n7 inch touch screen display<br>\nStandard input voltage &ndash; 120 VAC (60 Hz)<\/p><p>Data Acquisition System<\/p><p>The ChemInstruments electronic data acquisition system is a state-of-the-art microprocessor controlled force measurement package that combines accuracy with ease of use. This system simultaneously controls test motion, reads the force of a test from a load cell, displays it, and stores the data in its memory.<br>\nSamples at 400Hz, 8 samples are collected, averaged and stored as a data point. A test will generate a data point every 20ms<br>\nDisplays graph of all measured force valves upon completion of a test.<br>\nDisplays the average, high, and low measured force results immediately upon completion of a test.<br>\nExport data by USB connection to a local PC with our EZ-Data software.<br>\nDisplays test values in grams, kilograms, ounces, pounds, or Newtons.<\/p><p>EZ Data<br>\nEZ Data Compatible Remote setup, operational control and enhanced data collection are all possible when coupled with our EZ Data management software. This application requires an external PC.<\/p><p>Calibration Service<\/p><p>Calibration Service is available for this equipment. Contact us for more information.<br>\nLoad cell is easily removable for yearly calibration.<\/p><p>Accessories<br>\nEssential:<\/p><p>Test panel &ndash; 2&rdquo; x 6&rdquo; (50 mm x 150 mm)<br>\nHand roller &ndash; 4.5 lb (2 kg)<br>\nSpecimen tape cutter &ndash; 1&rdquo; (25 mm)<\/p><p>Non-Essential:<\/p><p>EZ Data management software<br>\nCoefficient of Friction fixture<br>\nChilled water testing stage<br>\nVarious test panel sizes and materials<br>\nCustom sized hand rollers<br>\nVarious sized specimen tape cutters<br>\nTest panel holder<\/p><p>Options<\/p><p>Input voltage &ndash; 220 VAC (50 Hz)<br>\nAdditional load cell capacities available: 2, 5, 10, and 20 lbs<br>\nPTSC and TLMI testing manuals<br>\n12&Prime; Panel Mounts for test panels longer than 6&Prime; and up to 12&Prime;<\/p><p>Methods<br>\nSome of the more popular test methods that this device is capable of performing:<\/p><p>PTSC: 101 (A, B, C, D, E, F), 4, 15, 55<br>\nASTM: D 3330<br>\nTLMI: L-IA1, L-IA2, L-IA3<br>\nAFERA: 4001 R11<br>\nFINAT: FTM 1-6, 10, 11<\/p><p>H&atilde;y li&ecirc;n h&#7879; v&#7899;i V&#7841;n N&#259;ng Company ngay &#273;&#7875; &#273;&#432;&#7907;c t&#432; v&#7845;n chuy&ecirc;n s&acirc;u v&agrave; nh&#7853;n c&aacute;c &#432;u &#273;&atilde;i h&#7845;p d&#7851;n nh&#7845;t th&ocirc;ng qua hotline\/zalo: <a href=\"https:\/\/zalo.me\/0903991335\" target=\"_blank\" rel=\"noopener\" style=\"color: #059669; font-weight: bold; text-decoration: none;\">0903 991 335<\/a>!<\/p><div style=\"background-color: #f8fafc; border: 1px solid #e2e8f0; border-radius: 8px; padding: 25px; max-width: 800px; margin: 30px auto; color: #334155; line-height: 1.8; font-size: 17px; box-shadow: 0 4px 6px -1px rgba(0,0,0,0.05); text-align: left; clear: both;\">\nC&ocirc;ng ty TNHH Th&#432;&#417;ng M&#7841;i D&#7883;ch V&#7909; Thi&#7871;t B&#7883; C&ocirc;ng Ngh&#7879; V&#7841;n N&#259;ng\n<p style=\"margin: 0 0 10px 0;\">&#128205; <strong style=\"color: #1e293b;\">&#272;&#7883;a ch&#7881;:<\/strong> <a style=\"color: #059669; text-decoration: none; font-weight: bold;\" href=\"https:\/\/www.google.com\/maps\/search\/C%C3%B4ng+ty+TNHH+Th%C6%B0%C6%A1ng+M%E1%BA%A1i+D%E1%BB%8Bch+V%E1%BB%A5+Thi%E1%BA%BFt+B%E1%BB%8B+C%C3%B4ng+Ngh%E1%BB%87+V%E1%BA%A1n+N%C4%83ng+818+Tr%C6%B0%E1%BB%9Dng+Chinh\" target=\"_blank\" rel=\"noopener\">818 Tr&#432;&#7901;ng Chinh, Ph&#432;&#7901;ng T&acirc;n S&#417;n, Th&agrave;nh ph&#7889; H&#7891; Ch&iacute; Minh, Vi&#7879;t Nam<\/a><\/p>\n<p style=\"margin: 0 0 10px 0;\">&#128222; <strong style=\"color: #1e293b;\">S&#272;T &ndash; Zalo:<\/strong> <a style=\"color: #059669; text-decoration: none; font-weight: bold;\" href=\"https:\/\/zalo.me\/0903991335\" target=\"_blank\" rel=\"noopener\">0903 991 335<\/a> <span style=\"color: #64748b; font-style: italic;\">(Ms. H&#7841;nh &ndash; Gi&aacute;m &#272;&#7889;c Kinh Doanh)<\/span><\/p>\n<p style=\"margin: 0;\">&#9993;&#65039; <strong style=\"color: #1e293b;\">Email:<\/strong> <a style=\"color: #059669; text-decoration: none; font-weight: bold;\" href=\"mailto:hienhanh@vannangvn.com\">hienhanh@vannangvn.com<\/a><\/p>\n<\/div><\/h1>","protected":false},"excerpt":{"rendered":"<p><strong>Th&#432;&#417;ng hi&#7879;u:<\/strong> M&aacute;y Ki&#7875;m Tra &#272;&#7897; B&aacute;m D&iacute;nh L&#7899;p Ph&#7911; ChemInstruments Model AR-2000<br>\n<strong>Model:<\/strong> AR-2000<p>Product <strong>M&Aacute;Y KI&#7874;M TRA &#272;&#7896; B&Aacute;M D&Iacute;NH L&#7898;P PH&#7910; CHEMINSTRUMENTS MODEL AR-2000<\/strong> ch&iacute;nh h&atilde;ng. M&aacute;y Ki&#7875;m Tra &#272;&#7897; B&aacute;m D&iacute;nh L&#7899;p Ph&#7911; ChemInstruments Model AR-2000<\/p><\/p>","protected":false},"featured_media":0,"comment_status":"open","ping_status":"closed","template":"","meta":[],"product_brand":[],"product_cat":[18],"product_tag":[210,221,378,409,2425,109,116,179,181,208,209],"class_list":{"0":"post-7205","1":"product","2":"type-product","3":"status-publish","5":"product_cat-chua-phan-loai","6":"product_tag-dinh","7":"product_tag-phu","8":"product_tag-bam","9":"product_tag-lop","10":"product_tag-ar-2000","11":"product_tag-may","12":"product_tag-model","13":"product_tag-cheminstruments","14":"product_tag-do","15":"product_tag-kiem","16":"product_tag-tra","18":"first","19":"instock","20":"shipping-taxable","21":"product-type-simple"},"yoast_head":"<!-- This site is optimized with the Yoast SEO Premium plugin v24.8 (Yoast SEO v24.8) - https:\/\/yoast.com\/wordpress\/plugins\/seo\/ -->\n<title>M\u00c1Y KI\u1ec2M TRA \u0110\u1ed8 B\u00c1M D\u00cdNH L\u1edaP PH\u1ee6 CH... ch\u00ednh h\u00e3ng | V\u1ea1n N\u0103ng<\/title>\n<meta name=\"description\" content=\"Mua ngay M\u00c1Y KI\u1ec2M TRA \u0110\u1ed8 B\u00c1M D\u00cdNH L\u1edaP PH\u1ee6 CHEMINSTRUMENTS MODEL AR-2000 ch\u00ednh h\u00e3ng. Gi\u00e1 t\u1ed1t!\" \/>\n<meta name=\"robots\" content=\"noindex, follow, max-snippet:-1, max-image-preview:large, max-video-preview:-1\" \/>\n<meta property=\"og:locale\" content=\"en_US\" \/>\n<meta property=\"og:type\" content=\"article\" \/>\n<meta property=\"og:title\" content=\"M\u00c1Y KI\u1ec2M TRA \u0110\u1ed8 B\u00c1M D\u00cdNH L\u1edaP PH\u1ee6 CHEMINSTRUMENTS MODEL AR-2000\" \/>\n<meta property=\"og:description\" content=\"Mua ngay M\u00c1Y KI\u1ec2M TRA \u0110\u1ed8 B\u00c1M D\u00cdNH L\u1edaP PH\u1ee6 CHEMINSTRUMENTS MODEL AR-2000 ch\u00ednh h\u00e3ng. Gi\u00e1 t\u1ed1t!\" \/>\n<meta property=\"og:url\" content=\"https:\/\/vannangvn.123websitedev.com\/en\/product\/may-kiem-tra-do-bam-dinh-lop-phu-cheminstruments-model-ar-2000\/\" \/>\n<meta property=\"og:site_name\" content=\"Vannang.vn\" \/>\n<meta property=\"article:modified_time\" content=\"2026-03-30T11:38:07+00:00\" \/>\n<meta name=\"twitter:card\" content=\"summary_large_image\" \/>\n<meta name=\"twitter:label1\" content=\"Est. reading time\" \/>\n\t<meta name=\"twitter:data1\" content=\"3 minutes\" \/>\n<script type=\"application\/ld+json\" class=\"yoast-schema-graph\">{\"@context\":\"https:\/\/schema.org\",\"@graph\":[{\"@type\":\"WebPage\",\"@id\":\"https:\/\/vannangvn.123websitedev.com\/san-pham\/may-kiem-tra-do-bam-dinh-lop-phu-cheminstruments-model-ar-2000\/\",\"url\":\"https:\/\/vannangvn.123websitedev.com\/san-pham\/may-kiem-tra-do-bam-dinh-lop-phu-cheminstruments-model-ar-2000\/\",\"name\":\"M\u00c1Y KI\u1ec2M TRA \u0110\u1ed8 B\u00c1M D\u00cdNH L\u1edaP PH\u1ee6 CH... ch\u00ednh h\u00e3ng | V\u1ea1n N\u0103ng\",\"isPartOf\":{\"@id\":\"https:\/\/vannangvn.123websitedev.com\/#website\"},\"datePublished\":\"2026-03-20T11:54:59+00:00\",\"dateModified\":\"2026-03-30T11:38:07+00:00\",\"description\":\"Mua ngay M\u00c1Y KI\u1ec2M TRA \u0110\u1ed8 B\u00c1M D\u00cdNH L\u1edaP PH\u1ee6 CHEMINSTRUMENTS MODEL AR-2000 ch\u00ednh h\u00e3ng. Gi\u00e1 t\u1ed1t!\",\"breadcrumb\":{\"@id\":\"https:\/\/vannangvn.123websitedev.com\/san-pham\/may-kiem-tra-do-bam-dinh-lop-phu-cheminstruments-model-ar-2000\/#breadcrumb\"},\"inLanguage\":\"en-US\",\"potentialAction\":[{\"@type\":\"ReadAction\",\"target\":[\"https:\/\/vannangvn.123websitedev.com\/san-pham\/may-kiem-tra-do-bam-dinh-lop-phu-cheminstruments-model-ar-2000\/\"]}]},{\"@type\":\"BreadcrumbList\",\"@id\":\"https:\/\/vannangvn.123websitedev.com\/san-pham\/may-kiem-tra-do-bam-dinh-lop-phu-cheminstruments-model-ar-2000\/#breadcrumb\",\"itemListElement\":[{\"@type\":\"ListItem\",\"position\":1,\"name\":\"Trang ch\u1ee7\",\"item\":\"https:\/\/vannangvn.123websitedev.com\/\"},{\"@type\":\"ListItem\",\"position\":2,\"name\":\"S\u1ea3n ph\u1ea9m\",\"item\":\"https:\/\/vannangvn.123websitedev.com\/cua-hang\/\"},{\"@type\":\"ListItem\",\"position\":3,\"name\":\"M\u00c1Y KI\u1ec2M TRA \u0110\u1ed8 B\u00c1M D\u00cdNH L\u1edaP PH\u1ee6 CHEMINSTRUMENTS MODEL AR-2000\"}]},{\"@type\":\"WebSite\",\"@id\":\"https:\/\/vannangvn.123websitedev.com\/#website\",\"url\":\"https:\/\/vannangvn.123websitedev.com\/\",\"name\":\"Vannang.vn\",\"description\":\"\",\"publisher\":{\"@id\":\"https:\/\/vannangvn.123websitedev.com\/#organization\"},\"potentialAction\":[{\"@type\":\"SearchAction\",\"target\":{\"@type\":\"EntryPoint\",\"urlTemplate\":\"https:\/\/vannangvn.123websitedev.com\/?s={search_term_string}\"},\"query-input\":{\"@type\":\"PropertyValueSpecification\",\"valueRequired\":true,\"valueName\":\"search_term_string\"}}],\"inLanguage\":\"en-US\"},{\"@type\":\"Organization\",\"@id\":\"https:\/\/vannangvn.123websitedev.com\/#organization\",\"name\":\"Vannang.vn\",\"url\":\"https:\/\/vannangvn.123websitedev.com\/\",\"logo\":{\"@type\":\"ImageObject\",\"inLanguage\":\"en-US\",\"@id\":\"https:\/\/vannangvn.123websitedev.com\/#\/schema\/logo\/image\/\",\"url\":\"https:\/\/vannangvn.123websitedev.com\/wp-content\/uploads\/2026\/02\/logo-van-nang-02.png\",\"contentUrl\":\"https:\/\/vannangvn.123websitedev.com\/wp-content\/uploads\/2026\/02\/logo-van-nang-02.png\",\"width\":448,\"height\":111,\"caption\":\"Vannang.vn\"},\"image\":{\"@id\":\"https:\/\/vannangvn.123websitedev.com\/#\/schema\/logo\/image\/\"}}]}<\/script>\n<!-- \/ Yoast SEO Premium plugin. -->","yoast_head_json":{"title":"M\u00c1Y KI\u1ec2M TRA \u0110\u1ed8 B\u00c1M D\u00cdNH L\u1edaP PH\u1ee6 CH... ch\u00ednh h\u00e3ng | V\u1ea1n N\u0103ng","description":"Mua ngay M\u00c1Y KI\u1ec2M TRA \u0110\u1ed8 B\u00c1M D\u00cdNH L\u1edaP PH\u1ee6 CHEMINSTRUMENTS MODEL AR-2000 ch\u00ednh h\u00e3ng. Gi\u00e1 t\u1ed1t!","robots":{"index":"noindex","follow":"follow","max-snippet":"max-snippet:-1","max-image-preview":"max-image-preview:large","max-video-preview":"max-video-preview:-1"},"og_locale":"en_US","og_type":"article","og_title":"M\u00c1Y KI\u1ec2M TRA \u0110\u1ed8 B\u00c1M D\u00cdNH L\u1edaP PH\u1ee6 CHEMINSTRUMENTS MODEL AR-2000","og_description":"Mua ngay M\u00c1Y KI\u1ec2M TRA \u0110\u1ed8 B\u00c1M D\u00cdNH L\u1edaP PH\u1ee6 CHEMINSTRUMENTS MODEL AR-2000 ch\u00ednh h\u00e3ng. Gi\u00e1 t\u1ed1t!","og_url":"https:\/\/vannangvn.123websitedev.com\/en\/product\/may-kiem-tra-do-bam-dinh-lop-phu-cheminstruments-model-ar-2000\/","og_site_name":"Vannang.vn","article_modified_time":"2026-03-30T11:38:07+00:00","twitter_card":"summary_large_image","twitter_misc":{"Est. reading time":"3 minutes"},"schema":{"@context":"https:\/\/schema.org","@graph":[{"@type":"WebPage","@id":"https:\/\/vannangvn.123websitedev.com\/san-pham\/may-kiem-tra-do-bam-dinh-lop-phu-cheminstruments-model-ar-2000\/","url":"https:\/\/vannangvn.123websitedev.com\/san-pham\/may-kiem-tra-do-bam-dinh-lop-phu-cheminstruments-model-ar-2000\/","name":"M\u00c1Y KI\u1ec2M TRA \u0110\u1ed8 B\u00c1M D\u00cdNH L\u1edaP PH\u1ee6 CH... ch\u00ednh h\u00e3ng | V\u1ea1n N\u0103ng","isPartOf":{"@id":"https:\/\/vannangvn.123websitedev.com\/#website"},"datePublished":"2026-03-20T11:54:59+00:00","dateModified":"2026-03-30T11:38:07+00:00","description":"Mua ngay M\u00c1Y KI\u1ec2M TRA \u0110\u1ed8 B\u00c1M D\u00cdNH L\u1edaP PH\u1ee6 CHEMINSTRUMENTS MODEL AR-2000 ch\u00ednh h\u00e3ng. Gi\u00e1 t\u1ed1t!","breadcrumb":{"@id":"https:\/\/vannangvn.123websitedev.com\/san-pham\/may-kiem-tra-do-bam-dinh-lop-phu-cheminstruments-model-ar-2000\/#breadcrumb"},"inLanguage":"en-US","potentialAction":[{"@type":"ReadAction","target":["https:\/\/vannangvn.123websitedev.com\/san-pham\/may-kiem-tra-do-bam-dinh-lop-phu-cheminstruments-model-ar-2000\/"]}]},{"@type":"BreadcrumbList","@id":"https:\/\/vannangvn.123websitedev.com\/san-pham\/may-kiem-tra-do-bam-dinh-lop-phu-cheminstruments-model-ar-2000\/#breadcrumb","itemListElement":[{"@type":"ListItem","position":1,"name":"Trang ch\u1ee7","item":"https:\/\/vannangvn.123websitedev.com\/"},{"@type":"ListItem","position":2,"name":"S\u1ea3n ph\u1ea9m","item":"https:\/\/vannangvn.123websitedev.com\/cua-hang\/"},{"@type":"ListItem","position":3,"name":"M\u00c1Y KI\u1ec2M TRA \u0110\u1ed8 B\u00c1M D\u00cdNH L\u1edaP PH\u1ee6 CHEMINSTRUMENTS MODEL AR-2000"}]},{"@type":"WebSite","@id":"https:\/\/vannangvn.123websitedev.com\/#website","url":"https:\/\/vannangvn.123websitedev.com\/","name":"Vannang.vn","description":"","publisher":{"@id":"https:\/\/vannangvn.123websitedev.com\/#organization"},"potentialAction":[{"@type":"SearchAction","target":{"@type":"EntryPoint","urlTemplate":"https:\/\/vannangvn.123websitedev.com\/?s={search_term_string}"},"query-input":{"@type":"PropertyValueSpecification","valueRequired":true,"valueName":"search_term_string"}}],"inLanguage":"en-US"},{"@type":"Organization","@id":"https:\/\/vannangvn.123websitedev.com\/#organization","name":"Vannang.vn","url":"https:\/\/vannangvn.123websitedev.com\/","logo":{"@type":"ImageObject","inLanguage":"en-US","@id":"https:\/\/vannangvn.123websitedev.com\/#\/schema\/logo\/image\/","url":"https:\/\/vannangvn.123websitedev.com\/wp-content\/uploads\/2026\/02\/logo-van-nang-02.png","contentUrl":"https:\/\/vannangvn.123websitedev.com\/wp-content\/uploads\/2026\/02\/logo-van-nang-02.png","width":448,"height":111,"caption":"Vannang.vn"},"image":{"@id":"https:\/\/vannangvn.123websitedev.com\/#\/schema\/logo\/image\/"}}]}},"_links":{"self":[{"href":"https:\/\/vannangvn.123websitedev.com\/en\/wp-json\/wp\/v2\/product\/7205","targetHints":{"allow":["GET"]}}],"collection":[{"href":"https:\/\/vannangvn.123websitedev.com\/en\/wp-json\/wp\/v2\/product"}],"about":[{"href":"https:\/\/vannangvn.123websitedev.com\/en\/wp-json\/wp\/v2\/types\/product"}],"replies":[{"embeddable":true,"href":"https:\/\/vannangvn.123websitedev.com\/en\/wp-json\/wp\/v2\/comments?post=7205"}],"wp:attachment":[{"href":"https:\/\/vannangvn.123websitedev.com\/en\/wp-json\/wp\/v2\/media?parent=7205"}],"wp:term":[{"taxonomy":"product_brand","embeddable":true,"href":"https:\/\/vannangvn.123websitedev.com\/en\/wp-json\/wp\/v2\/product_brand?post=7205"},{"taxonomy":"product_cat","embeddable":true,"href":"https:\/\/vannangvn.123websitedev.com\/en\/wp-json\/wp\/v2\/product_cat?post=7205"},{"taxonomy":"product_tag","embeddable":true,"href":"https:\/\/vannangvn.123websitedev.com\/en\/wp-json\/wp\/v2\/product_tag?post=7205"}],"curies":[{"name":"wp","href":"https:\/\/api.w.org\/{rel}","templated":true}]}}