{"id":7207,"date":"2026-03-20T18:55:01","date_gmt":"2026-03-20T11:55:01","guid":{"rendered":"https:\/\/vannangvn.123websitedev.com\/san-pham\/may-kiem-tra-do-bam-dinh-pce-instruments-model-pce-aat-500\/"},"modified":"2026-03-30T18:38:11","modified_gmt":"2026-03-30T11:38:11","slug":"may-kiem-tra-do-bam-dinh-pce-instruments-model-pce-aat-500","status":"publish","type":"product","link":"https:\/\/vannangvn.123websitedev.com\/en\/product\/may-kiem-tra-do-bam-dinh-pce-instruments-model-pce-aat-500\/","title":{"rendered":"M\u00c1Y KI\u1ec2M TRA \u0110\u1ed8 B\u00c1M D\u00cdNH PCE INSTRUMENTS MODEL PCE-AAT 500"},"content":{"rendered":"<h1 style=\"color: red; font-weight: bold; font-size: 24px;\">T&#7893;ng quan s&#7843;n ph&#7849;m M&Aacute;Y KI&#7874;M TRA &#272;&#7896; B&Aacute;M D&Iacute;NH PCE INSTRUMENTS MODEL PCE-AAT 500<p>M&aacute;y Ki&#7875;m Tra &#272;&#7897; B&aacute;m D&iacute;nh (Adhesion Tester) PCE Instruments Model PCE-AAT 500<br>\nM&aacute;y Ki&#7875;m Tra &#272;&#7897; B&aacute;m D&iacute;nh PCE-AAT 500 l&agrave; m&#7897;t thi&#7871;t b&#7883; c&#7847;m tay, d&#7877; s&#7917; d&#7909;ng, chuy&ecirc;n d&#7909;ng &#273;&#7875; &#273;o l&#7921;c c&#7847;n thi&#7871;t &#273;&#7875; k&eacute;o m&#7897;t di&#7879;n t&iacute;ch l&#7899;p ph&#7911; c&#7909; th&#7875; ra kh&#7887;i b&#7873; m&#7863;t n&#7873;n b&#7857;ng &aacute;p su&#7845;t th&#7911;y l&#7921;c. Adhesion Tester PCE-AAT 500 gi&uacute;p &#273;&aacute;nh gi&aacute; s&#7913;c b&aacute;m (&#273;&#7897; d&iacute;nh) c&#7911;a l&#7899;p ph&#7911; v&#7899;i b&#7873; m&#7863;t n&#7873;n.<br>\nQua &#273;&oacute; x&aacute;c &#273;&#7883;nh l&#7921;c k&eacute;o t&#7889;i &#273;a m&agrave; l&#7899;p ph&#7911; c&oacute; th&#7875; ch&#7883;u &#273;&#7921;ng tr&#432;&#7899;c khi b&#7883; bong tr&oacute;c. M&aacute;y PCE AAT500 l&agrave; m&#7897;t c&ocirc;ng c&#7909; l&yacute; t&#432;&#7903;ng &#273;&#7875; ki&#7875;m tra &#273;&#7897; b&#7873;n c&#7911;a l&#7899;p ph&#7911; trong c&aacute;c ng&agrave;nh c&ocirc;ng nghi&#7879;p y&ecirc;u c&#7847;u s&#7921; ch&iacute;nh x&aacute;c v&agrave; &#273;&#7897; b&#7873;n cao. H&atilde;y c&ugrave;ng V&#7841;n N&#259;ng t&igrave;m hi&#7875;u chi ti&#7871;t h&#417;n v&#7873; s&#7843;n ph&#7849;m th&ocirc;ng qua b&agrave;i vi&#7871;t d&#432;&#7899;i &#273;&acirc;y!<\/p><h2 style=\"color: #2e7d32; font-weight: bold; font-size: 20px;\">T&iacute;nh N&#259;ng N&#7893;i B&#7853;t C&#7911;a PCE-AAT 500<\/h2><p>B&#417;m th&#7911;y l&#7921;c &#273;i&#7873;u khi&#7875;n &#273;i&#7879;n t&#7917;: Thi&#7871;t b&#7883; PCE-AAT 500 &#273;&#432;&#7907;c trang b&#7883; b&#417;m th&#7911;y l&#7921;c &#273;i&#7873;u khi&#7875;n &#273;i&#7879;n t&#7917; gi&uacute;p t&#7841;o ra l&#7921;c k&eacute;o ch&iacute;nh x&aacute;c v&agrave; &#273;&#7891;ng &#273;&#7873;u, &#273;&#7843;m b&#7843;o k&#7871;t qu&#7843; &#273;o l&#432;&#7901;ng lu&ocirc;n ch&iacute;nh x&aacute;c v&agrave; c&oacute; th&#7875; t&aacute;i l&#7853;p.<br>\n&#272;&#7847;u &#273;o linh ho&#7841;t: V&#7899;i nhi&#7873;u k&iacute;ch th&#432;&#7899;c &#273;&#7847;u &#273;o kh&aacute;c nhau, M&aacute;y &#272;o &#272;&#7897; B&aacute;m D&iacute;nh PCE-AAT 500 c&oacute; th&#7875; d&#7877; d&agrave;ng t&ugrave;y ch&#7881;nh &#273;&#7875; ph&ugrave; h&#7907;p v&#7899;i c&aacute;c y&ecirc;u c&#7847;u th&#7917; nghi&#7879;m kh&aacute;c nhau, l&agrave;m cho PCE-AAT 500 c&#7921;c k&#7923; linh ho&#7841;t v&agrave; d&#7877; d&agrave;ng s&#7917; d&#7909;ng cho nhi&#7873;u lo&#7841;i v&#7853;t li&#7879;u v&agrave; l&#7899;p ph&#7911; kh&aacute;c nhau.<br>\nT&#7889;c &#273;&#7897; k&eacute;o, gi&#7899;i h&#7841;n t&#7843;i v&agrave; th&#7901;i gian gi&#7919; c&oacute; th&#7875; &#273;i&#7873;u ch&#7881;nh: Ng&#432;&#7901;i d&ugrave;ng c&oacute; th&#7875; &#273;i&#7873;u ch&#7881;nh c&aacute;c th&ocirc;ng s&#7889; n&agrave;y &#273;&#7875; ph&ugrave; h&#7907;p v&#7899;i &#273;&#7863;c th&ugrave; c&#7911;a t&#7915;ng v&#7853;t li&#7879;u, &#273;&#7843;m b&#7843;o k&#7871;t qu&#7843; ki&#7875;m tra lu&ocirc;n &#273;&aacute;p &#7913;ng y&ecirc;u c&#7847;u c&#7909; th&#7875; c&#7911;a t&#7915;ng &#7913;ng d&#7909;ng.<\/p><p>M&agrave;n h&igrave;nh c&#7843;m &#7913;ng 5 inch: Thi&#7871;t B&#7883; Ki&#7875;m Tra &#272;&#7897; B&aacute;m D&iacute;nh PCE-AAT 500 s&#7903; h&#7919;u m&agrave;n h&igrave;nh c&#7843;m &#7913;ng 5 inch, gi&uacute;p vi&#7879;c &#273;&#7885;c v&agrave; ph&acirc;n t&iacute;ch k&#7871;t qu&#7843; tr&#7903; n&ecirc;n d&#7877; d&agrave;ng v&agrave; tr&#7921;c quan h&#417;n bao gi&#7901; h&#7871;t.<br>\nGiao di&#7879;n USB: V&#7899;i c&#7893;ng USB, vi&#7879;c chuy&#7875;n giao d&#7919; li&#7879;u &#273;o l&#432;&#7901;ng tr&#7903; n&ecirc;n &#273;&#417;n gi&#7843;n v&agrave; thu&#7853;n ti&#7879;n, gi&uacute;p ng&#432;&#7901;i d&ugrave;ng d&#7877; d&agrave;ng l&#432;u tr&#7919; v&agrave; chia s&#7867; k&#7871;t qu&#7843; &#273;o l&#432;&#7901;ng v&#7899;i c&aacute;c thi&#7871;t b&#7883; b&ecirc;n ngo&agrave;i.<br>\nL&#432;u tr&#7919; d&#7919; li&#7879;u &#273;&#7883;nh d&#7841;ng CSV: K&#7871;t qu&#7843; &#273;o l&#432;&#7901;ng c&oacute; th&#7875; &#273;&#432;&#7907;c l&#432;u d&#432;&#7899;i &#273;&#7883;nh d&#7841;ng CSV, gi&uacute;p qu&aacute; tr&igrave;nh ph&acirc;n t&iacute;ch v&agrave; x&#7917; l&yacute; d&#7919; li&#7879;u tr&#7903; n&ecirc;n d&#7877; d&agrave;ng v&agrave; nhanh ch&oacute;ng.<\/p><p>&#7912;ng D&#7909;ng Th&#7921;c Ti&#7877;n C&#7911;a PCE-AAT 500<br>\nM&aacute;y &#272;o &#272;&#7897; B&aacute;m D&iacute;nh T&#7921; &#272;&#7897;ng PCE-AAT 500 l&agrave; thi&#7871;t b&#7883; l&yacute; t&#432;&#7903;ng cho vi&#7879;c ki&#7875;m tra ch&#7845;t l&#432;&#7907;ng l&#7899;p ph&#7911; trong c&aacute;c ng&agrave;nh c&ocirc;ng nghi&#7879;p nh&#432; s&#7843;n xu&#7845;t s&#417;n, x&acirc;y d&#7921;ng, &ocirc; t&ocirc;, v&agrave; h&agrave;ng ti&ecirc;u d&ugrave;ng. PCE AAT500 gi&uacute;p x&aacute;c &#273;&#7883;nh ch&iacute;nh x&aacute;c &#273;&#7897; b&aacute;m d&iacute;nh c&#7911;a l&#7899;p ph&#7911; l&ecirc;n c&aacute;c v&#7853;t li&#7879;u kh&aacute;c nhau, t&#7915; &#273;&oacute; gi&uacute;p c&#7843;i thi&#7879;n ch&#7845;t l&#432;&#7907;ng s&#7843;n ph&#7849;m, gi&#7843;m thi&#7875;u s&#7921; c&#7889; h&#432; h&#7887;ng trong qu&aacute; tr&igrave;nh s&#7917; d&#7909;ng.<br>\nV&#7899;i kh&#7843; n&#259;ng t&ugrave;y ch&#7881;nh linh ho&#7841;t, M&aacute;y &#272;o &#272;&#7897; B&aacute;m D&iacute;nh C&#7847;m Tay PCE-AAT 500 kh&ocirc;ng ch&#7881; ph&ugrave; h&#7907;p v&#7899;i c&aacute;c y&ecirc;u c&#7847;u ki&#7875;m tra trong ph&ograve;ng th&iacute; nghi&#7879;m m&agrave; c&ograve;n c&oacute; th&#7875; s&#7917; d&#7909;ng tr&#7921;c ti&#7871;p trong qu&aacute; tr&igrave;nh s&#7843;n xu&#7845;t &#273;&#7875; ki&#7875;m tra ch&#7845;t l&#432;&#7907;ng l&#7899;p ph&#7911; ngay t&#7841;i n&#417;i l&agrave;m vi&#7879;c.<\/p><p>Nh&#7919;ng L&yacute; Do N&ecirc;n Mua M&aacute;y Ki&#7875;m Tra &#272;&#7897; B&aacute;m D&iacute;nh T&#7841;i Thi&#7871;t B&#7883; C&ocirc;ng Ngh&#7879; V&#7841;n N&#259;ng<\/p><p>C&ocirc;ng ty Thi&#7871;t B&#7883; C&ocirc;ng Ngh&#7879; V&#7841;n N&#259;ng l&agrave; &#273;&#7889;i t&aacute;c ch&iacute;nh th&#7913;c ph&acirc;n ph&#7889;i M&aacute;y Ki&#7875;m Tra &#272;&#7897; B&aacute;m D&iacute;nh h&agrave;ng &#273;&#7847;u t&#7841;i Vi&#7879;t Nam, cam k&#7871;t cung c&#7845;p s&#7843;n ph&#7849;m ch&iacute;nh h&atilde;ng v&#7899;i gi&aacute; c&#7843; c&#7841;nh tranh nh&#7845;t th&#7883; tr&#432;&#7901;ng. V&#7899;i uy t&iacute;n tr&ecirc;n th&#7883; tr&#432;&#7901;ng v&agrave; ch&#7871; &#273;&#7897; h&#7851;u m&atilde;i t&#7889;t, Thi&#7871;t B&#7883; C&ocirc;ng Ngh&#7879; V&#7841;n N&#259;ng &#273;&atilde; nh&#7853;n &#273;&#432;&#7907;c s&#7921; tin t&#432;&#7903;ng t&#7915; kh&aacute;ch h&agrave;ng nh&#7901; v&agrave;o ch&#7845;t l&#432;&#7907;ng h&agrave;ng &#273;&#7847;u c&#7911;a c&aacute;c d&ograve;ng s&#7843;n ph&#7849;m.<br>\nS&#7843;n ph&#7849;m c&#7911;a ch&uacute;ng t&ocirc;i &#273;&#432;&#7907;c ki&#7875;m &#273;&#7883;nh ch&#7845;t l&#432;&#7907;ng, nh&#7853;p kh&#7849;u tr&#7921;c ti&#7871;p t&#7915; nh&agrave; m&aacute;y b&ecirc;n Ch&acirc;u &Acirc;u, M&#7929;, &Uacute;c, Nh&#7853;t B&#7843;n,&hellip; v&agrave; &#273;&aacute;p &#7913;ng nhu c&#7847;u &#273;a d&#7841;ng c&#7911;a th&#7883; tr&#432;&#7901;ng nh&#432;: M&aacute;y &#272;o &#272;&#7897; C&#7913;ng, M&aacute;y SPECTROMAXx, M&aacute;y Ki&#7875;m Tra &#272;&#432;&#7901;ng Gh&eacute;p M&iacute; Lon,&hellip; Ch&uacute;ng t&ocirc;i cam k&#7871;t cung c&#7845;p s&#7843;n ph&#7849;m n&agrave;y tr&ecirc;n to&agrave;n qu&#7889;c v&#7899;i gi&aacute; c&#7843; c&#7841;nh tranh nh&#7845;t.<br>\nCh&uacute;ng t&ocirc;i c&oacute; &#273;&#7897;i ng&#361; chuy&ecirc;n vi&ecirc;n t&#432; v&#7845;n chuy&ecirc;n s&acirc;u s&#7869; h&#7895; tr&#7907; kh&aacute;ch h&agrave;ng v&#7873; chi ti&#7871;t s&#7843;n ph&#7849;m, h&#432;&#7899;ng d&#7851;n s&#7917; d&#7909;ng hay nh&#7919;ng th&#7913; li&ecirc;n quan &#273;&#7871;n v&#7845;n &#273;&#7873; m&agrave; doanh nghi&#7879;p b&#7841;n &#273;ang g&#7863;p ph&#7843;i. Ch&uacute;ng t&ocirc;i s&#7869; cung c&#7845;p nh&#7919;ng gi&#7843;i ph&aacute;p t&#7889;i &#432;u nh&#7845;t!<br>\nNgo&agrave;i ra Thi&#7871;t B&#7883; C&ocirc;ng Ngh&#7879; V&#7841;n N&#259;ng Ch&uacute;ng T&ocirc;i lu&ocirc;n h&#432;&#7899;ng &#273;&#7871;n tr&#7843;i nghi&#7879;m kh&aacute;ch h&agrave;ng, v&igrave; v&#7853;y ch&uacute;ng t&ocirc;i c&oacute; nh&#7919;ng ch&iacute;nh s&aacute;ch b&#7843;o h&agrave;nh, b&#7843;o tr&igrave; &ndash; b&#7843;o d&#432;&#7905;ng, hi&#7879;u chu&#7849;n v&#7899;i t&#7845;t c&#7843; c&aacute;c thi&#7871;t b&#7883;, m&aacute;y m&oacute;c m&agrave; ch&uacute;ng t&ocirc;i cung c&#7845;p. &#272;&#7843;m b&#7843;o mang &#273;&#7871;n cho Kh&aacute;ch h&agrave;ng s&#7921; y&ecirc;n t&acirc;m tuy&#7879;t &#273;&#7889;i v&#7873; d&#7883;ch v&#7909; khi mua h&agrave;ng.<\/p><p>T&#7893;ng K&#7871;t<br>\nM&aacute;y Ki&#7875;m Tra &#272;&#7897; B&aacute;m D&iacute;nh C&#7847;m Tay PCE-AAT 500 l&agrave; m&#7897;t thi&#7871;t b&#7883; &#273;&aacute;ng tin c&#7853;y v&agrave; m&#7841;nh m&#7869;, &#273;&#432;&#7907;c thi&#7871;t k&#7871; &#273;&#7875; &#273;&aacute;p &#7913;ng c&aacute;c y&ecirc;u c&#7847;u ki&#7875;m tra &#273;&#7897; b&aacute;m d&iacute;nh trong nhi&#7873;u l&#297;nh v&#7921;c kh&aacute;c nhau. V&#7899;i c&aacute;c t&iacute;nh n&#259;ng &#432;u vi&#7879;t nh&#432; b&#417;m th&#7911;y l&#7921;c &#273;i&#7873;u khi&#7875;n &#273;i&#7879;n t&#7917;, m&agrave;n h&igrave;nh c&#7843;m &#7913;ng, giao di&#7879;n USB, v&agrave; kh&#7843; n&#259;ng l&#432;u tr&#7919; d&#7919; li&#7879;u linh ho&#7841;t, Model PCE-AAT 500 l&agrave; l&#7921;a ch&#7885;n t&#7889;i &#432;u cho nh&#7919;ng ai t&igrave;m ki&#7871;m m&#7897;t c&ocirc;ng c&#7909; ki&#7875;m tra ch&#7845;t l&#432;&#7907;ng ch&iacute;nh x&aacute;c v&agrave; d&#7877; d&agrave;ng s&#7917; d&#7909;ng. H&atilde;y li&ecirc;n h&#7879; ngay v&#7899;i V&#7841;n N&#259;ng Company &#273;&#7875; &#273;&#432;&#7907;c t&#432; v&#7845;n chi ti&#7871;t v&agrave; nh&#7853;n ngay nh&#7919;ng &#432;u &#273;&atilde;i h&#7845;p d&#7851;n th&ocirc;ng qua hotline\/zalo: <a href=\"https:\/\/zalo.me\/0903991335\" target=\"_blank\" rel=\"noopener\" style=\"color: #059669; font-weight: bold; text-decoration: none;\">0903 991 335<\/a> !<\/p><div style=\"background-color: #f8fafc; border: 1px solid #e2e8f0; border-radius: 8px; padding: 25px; max-width: 800px; margin: 30px auto; color: #334155; line-height: 1.8; font-size: 17px; box-shadow: 0 4px 6px -1px rgba(0,0,0,0.05); text-align: left; clear: both;\">\nC&ocirc;ng ty TNHH Th&#432;&#417;ng M&#7841;i D&#7883;ch V&#7909; Thi&#7871;t B&#7883; C&ocirc;ng Ngh&#7879; V&#7841;n N&#259;ng\n<p style=\"margin: 0 0 10px 0;\">&#128205; <strong style=\"color: #1e293b;\">&#272;&#7883;a ch&#7881;:<\/strong> <a style=\"color: #059669; text-decoration: none; font-weight: bold;\" href=\"https:\/\/www.google.com\/maps\/search\/C%C3%B4ng+ty+TNHH+Th%C6%B0%C6%A1ng+M%E1%BA%A1i+D%E1%BB%8Bch+V%E1%BB%A5+Thi%E1%BA%BFt+B%E1%BB%8B+C%C3%B4ng+Ngh%E1%BB%87+V%E1%BA%A1n+N%C4%83ng+818+Tr%C6%B0%E1%BB%9Dng+Chinh\" target=\"_blank\" rel=\"noopener\">818 Tr&#432;&#7901;ng Chinh, Ph&#432;&#7901;ng T&acirc;n S&#417;n, Th&agrave;nh ph&#7889; H&#7891; Ch&iacute; Minh, Vi&#7879;t Nam<\/a><\/p>\n<p style=\"margin: 0 0 10px 0;\">&#128222; <strong style=\"color: #1e293b;\">S&#272;T &ndash; Zalo:<\/strong> <a style=\"color: #059669; text-decoration: none; font-weight: bold;\" href=\"https:\/\/zalo.me\/0903991335\" target=\"_blank\" rel=\"noopener\">0903 991 335<\/a> <span style=\"color: #64748b; font-style: italic;\">(Ms. H&#7841;nh &ndash; Gi&aacute;m &#272;&#7889;c Kinh Doanh)<\/span><\/p>\n<p style=\"margin: 0;\">&#9993;&#65039; <strong style=\"color: #1e293b;\">Email:<\/strong> <a style=\"color: #059669; text-decoration: none; font-weight: bold;\" href=\"mailto:hienhanh@vannangvn.com\">hienhanh@vannangvn.com<\/a><\/p>\n<\/div><\/h1>","protected":false},"excerpt":{"rendered":"<p><strong>Th&#432;&#417;ng hi&#7879;u:<\/strong> M&aacute;y &#272;o &#272;&#7897; B&aacute;m D&iacute;nh T&#7921; &#272;&#7897;ng PCE-AAT 500&nbsp;l&agrave; thi&#7871;t b&#7883; l&yacute; t&#432;&#7903;ng cho vi&#7879;c ki&#7875;m tra ch&#7845;t l&#432;&#7907;ng l&#7899;p ph&#7911; trong c&aacute;c ng&agrave;nh c&ocirc;ng nghi&#7879;p nh&#432; s&#7843;n xu&#7845;t s&#417;n, x&acirc;y d&#7921;ng, &ocirc; t&ocirc;, v&agrave; h&agrave;ng ti&ecirc;u d&ugrave;ng.&nbsp;PCE-AAT 500&nbsp;c&#7911;a h&atilde;ng PCE Instruments kh&ocirc;ng ch&#7881; tu&acirc;n th&#7911; c&aacute;c ti&ecirc;u chu&#7849;n qu&#7889;c t&#7871; nh&#432; ISO 4624, ISO 16276-1, GB\/T 5210 v&agrave; ASTM D4541\/D7234, m&agrave; c&ograve;n c&oacute; thi&#7871;t k&#7871; ch&#7855;c ch&#7855;n, ch&#7883;u b&#7909;i v&agrave; c&oacute; kh&#7843; n&#259;ng ho&#7841;t &#273;&#7897;ng hi&#7879;u qu&#7843; trong nhi&#7873;u m&ocirc;i tr&#432;&#7901;ng kh&#7855;c nghi&#7879;t.<br>\n<strong>Model:<\/strong> PCE-AAT 500<p>Product <strong>M&Aacute;Y KI&#7874;M TRA &#272;&#7896; B&Aacute;M D&Iacute;NH PCE INSTRUMENTS MODEL PCE-AAT 500<\/strong> ch&iacute;nh h&atilde;ng. M&aacute;y &#272;o &#272;&#7897; B&aacute;m D&iacute;nh T&#7921; &#272;&#7897;ng PCE-AAT 500&nbsp;l&agrave; thi&#7871;t b&#7883; l&yacute; t&#432;&#7903;ng cho vi&#7879;c ki&#7875;m tra ch&#7845;t l&#432;&#7907;ng l&#7899;p ph&#7911; trong c&aacute;c ng&agrave;nh c&ocirc;ng nghi&#7879;p nh&#432; s&#7843;n xu&#7845;t s&#417;n, x&acirc;y d&#7921;ng, &ocirc; t&ocirc;, v&agrave; h&agrave;ng ti&ecirc;u d&ugrave;ng.&nbsp;PCE-AAT 500&nbsp;c&#7911;a h&atilde;ng PCE Instruments kh&ocirc;ng ch&#7881; tu&acirc;n th&#7911; c&aacute;c ti&ecirc;u chu&#7849;n qu&#7889;c t&#7871; nh&#432; ISO 4624, ISO 16276-1, GB\/T 5210 v&agrave; ASTM D4541\/D7234, m&agrave; c&ograve;n c&oacute; thi&#7871;t k&#7871; ch&#7855;c ch&#7855;n, ch&#7883;u b&#7909;i v&agrave; c&oacute; kh&#7843; n&#259;ng ho&#7841;t &#273;&#7897;ng hi&#7879;u qu&#7843; trong nhi&#7873;u m&ocirc;i tr&#432;&#7901;ng kh&#7855;c nghi&#7879;t.<\/p><\/p>","protected":false},"featured_media":10375,"comment_status":"open","ping_status":"closed","template":"","meta":[],"product_brand":[],"product_cat":[18],"product_tag":[346,378,581,1475,2427,109,116,181,208,209,210],"class_list":{"0":"post-7207","1":"product","2":"type-product","3":"status-publish","4":"has-post-thumbnail","6":"product_cat-chua-phan-loai","7":"product_tag-pce","8":"product_tag-bam","9":"product_tag-instruments","10":"product_tag-1475","11":"product_tag-pce-aat","12":"product_tag-may","13":"product_tag-model","14":"product_tag-do","15":"product_tag-kiem","16":"product_tag-tra","17":"product_tag-dinh","19":"first","20":"instock","21":"shipping-taxable","22":"product-type-simple"},"yoast_head":"<!-- This site is optimized with the Yoast SEO Premium plugin v24.8 (Yoast SEO v24.8) - https:\/\/yoast.com\/wordpress\/plugins\/seo\/ -->\n<title>M\u00c1Y KI\u1ec2M TRA \u0110\u1ed8 B\u00c1M D\u00cdNH PCE INSTRU... ch\u00ednh h\u00e3ng | V\u1ea1n N\u0103ng<\/title>\n<meta name=\"description\" content=\"Mua ngay M\u00c1Y KI\u1ec2M TRA \u0110\u1ed8 B\u00c1M D\u00cdNH PCE INSTRUMENTS MODEL PCE-AAT 500 ch\u00ednh h\u00e3ng. Gi\u00e1 t\u1ed1t!\" \/>\n<meta name=\"robots\" content=\"noindex, follow, max-snippet:-1, max-image-preview:large, max-video-preview:-1\" \/>\n<meta property=\"og:locale\" content=\"en_US\" \/>\n<meta property=\"og:type\" content=\"article\" \/>\n<meta property=\"og:title\" content=\"M\u00c1Y KI\u1ec2M TRA \u0110\u1ed8 B\u00c1M D\u00cdNH PCE INSTRUMENTS MODEL PCE-AAT 500\" \/>\n<meta property=\"og:description\" content=\"Mua ngay M\u00c1Y KI\u1ec2M TRA \u0110\u1ed8 B\u00c1M D\u00cdNH PCE INSTRUMENTS MODEL PCE-AAT 500 ch\u00ednh h\u00e3ng. Gi\u00e1 t\u1ed1t!\" \/>\n<meta property=\"og:url\" content=\"https:\/\/vannangvn.123websitedev.com\/en\/product\/may-kiem-tra-do-bam-dinh-pce-instruments-model-pce-aat-500\/\" \/>\n<meta property=\"og:site_name\" content=\"Vannang.vn\" \/>\n<meta property=\"article:modified_time\" content=\"2026-03-30T11:38:11+00:00\" \/>\n<meta property=\"og:image\" content=\"http:\/\/vannangvn.123websitedev.com\/wp-content\/uploads\/2026\/03\/PCE-AAT-500-no.2-copy.jpg\" \/>\n\t<meta property=\"og:image:width\" content=\"768\" \/>\n\t<meta property=\"og:image:height\" content=\"576\" \/>\n\t<meta property=\"og:image:type\" content=\"image\/jpeg\" \/>\n<meta name=\"twitter:card\" content=\"summary_large_image\" \/>\n<meta name=\"twitter:label1\" content=\"Est. reading time\" \/>\n\t<meta name=\"twitter:data1\" content=\"8 minutes\" \/>\n<script type=\"application\/ld+json\" class=\"yoast-schema-graph\">{\"@context\":\"https:\/\/schema.org\",\"@graph\":[{\"@type\":\"WebPage\",\"@id\":\"https:\/\/vannangvn.123websitedev.com\/san-pham\/may-kiem-tra-do-bam-dinh-pce-instruments-model-pce-aat-500\/\",\"url\":\"https:\/\/vannangvn.123websitedev.com\/san-pham\/may-kiem-tra-do-bam-dinh-pce-instruments-model-pce-aat-500\/\",\"name\":\"M\u00c1Y KI\u1ec2M TRA \u0110\u1ed8 B\u00c1M D\u00cdNH PCE INSTRU... ch\u00ednh h\u00e3ng | V\u1ea1n N\u0103ng\",\"isPartOf\":{\"@id\":\"https:\/\/vannangvn.123websitedev.com\/#website\"},\"primaryImageOfPage\":{\"@id\":\"https:\/\/vannangvn.123websitedev.com\/san-pham\/may-kiem-tra-do-bam-dinh-pce-instruments-model-pce-aat-500\/#primaryimage\"},\"image\":{\"@id\":\"https:\/\/vannangvn.123websitedev.com\/san-pham\/may-kiem-tra-do-bam-dinh-pce-instruments-model-pce-aat-500\/#primaryimage\"},\"thumbnailUrl\":\"https:\/\/vannangvn.123websitedev.com\/wp-content\/uploads\/2026\/03\/PCE-AAT-500-no.2-copy.jpg\",\"datePublished\":\"2026-03-20T11:55:01+00:00\",\"dateModified\":\"2026-03-30T11:38:11+00:00\",\"description\":\"Mua ngay M\u00c1Y KI\u1ec2M TRA \u0110\u1ed8 B\u00c1M D\u00cdNH PCE INSTRUMENTS MODEL PCE-AAT 500 ch\u00ednh h\u00e3ng. Gi\u00e1 t\u1ed1t!\",\"breadcrumb\":{\"@id\":\"https:\/\/vannangvn.123websitedev.com\/san-pham\/may-kiem-tra-do-bam-dinh-pce-instruments-model-pce-aat-500\/#breadcrumb\"},\"inLanguage\":\"en-US\",\"potentialAction\":[{\"@type\":\"ReadAction\",\"target\":[\"https:\/\/vannangvn.123websitedev.com\/san-pham\/may-kiem-tra-do-bam-dinh-pce-instruments-model-pce-aat-500\/\"]}]},{\"@type\":\"ImageObject\",\"inLanguage\":\"en-US\",\"@id\":\"https:\/\/vannangvn.123websitedev.com\/san-pham\/may-kiem-tra-do-bam-dinh-pce-instruments-model-pce-aat-500\/#primaryimage\",\"url\":\"https:\/\/vannangvn.123websitedev.com\/wp-content\/uploads\/2026\/03\/PCE-AAT-500-no.2-copy.jpg\",\"contentUrl\":\"https:\/\/vannangvn.123websitedev.com\/wp-content\/uploads\/2026\/03\/PCE-AAT-500-no.2-copy.jpg\",\"width\":768,\"height\":576},{\"@type\":\"BreadcrumbList\",\"@id\":\"https:\/\/vannangvn.123websitedev.com\/san-pham\/may-kiem-tra-do-bam-dinh-pce-instruments-model-pce-aat-500\/#breadcrumb\",\"itemListElement\":[{\"@type\":\"ListItem\",\"position\":1,\"name\":\"Trang ch\u1ee7\",\"item\":\"https:\/\/vannangvn.123websitedev.com\/\"},{\"@type\":\"ListItem\",\"position\":2,\"name\":\"S\u1ea3n ph\u1ea9m\",\"item\":\"https:\/\/vannangvn.123websitedev.com\/cua-hang\/\"},{\"@type\":\"ListItem\",\"position\":3,\"name\":\"M\u00c1Y KI\u1ec2M TRA \u0110\u1ed8 B\u00c1M D\u00cdNH PCE INSTRUMENTS MODEL PCE-AAT 500\"}]},{\"@type\":\"WebSite\",\"@id\":\"https:\/\/vannangvn.123websitedev.com\/#website\",\"url\":\"https:\/\/vannangvn.123websitedev.com\/\",\"name\":\"Vannang.vn\",\"description\":\"\",\"publisher\":{\"@id\":\"https:\/\/vannangvn.123websitedev.com\/#organization\"},\"potentialAction\":[{\"@type\":\"SearchAction\",\"target\":{\"@type\":\"EntryPoint\",\"urlTemplate\":\"https:\/\/vannangvn.123websitedev.com\/?s={search_term_string}\"},\"query-input\":{\"@type\":\"PropertyValueSpecification\",\"valueRequired\":true,\"valueName\":\"search_term_string\"}}],\"inLanguage\":\"en-US\"},{\"@type\":\"Organization\",\"@id\":\"https:\/\/vannangvn.123websitedev.com\/#organization\",\"name\":\"Vannang.vn\",\"url\":\"https:\/\/vannangvn.123websitedev.com\/\",\"logo\":{\"@type\":\"ImageObject\",\"inLanguage\":\"en-US\",\"@id\":\"https:\/\/vannangvn.123websitedev.com\/#\/schema\/logo\/image\/\",\"url\":\"https:\/\/vannangvn.123websitedev.com\/wp-content\/uploads\/2026\/02\/logo-van-nang-02.png\",\"contentUrl\":\"https:\/\/vannangvn.123websitedev.com\/wp-content\/uploads\/2026\/02\/logo-van-nang-02.png\",\"width\":448,\"height\":111,\"caption\":\"Vannang.vn\"},\"image\":{\"@id\":\"https:\/\/vannangvn.123websitedev.com\/#\/schema\/logo\/image\/\"}}]}<\/script>\n<!-- \/ Yoast SEO Premium plugin. -->","yoast_head_json":{"title":"M\u00c1Y KI\u1ec2M TRA \u0110\u1ed8 B\u00c1M D\u00cdNH PCE INSTRU... ch\u00ednh h\u00e3ng | V\u1ea1n N\u0103ng","description":"Mua ngay M\u00c1Y KI\u1ec2M TRA \u0110\u1ed8 B\u00c1M D\u00cdNH PCE INSTRUMENTS MODEL PCE-AAT 500 ch\u00ednh h\u00e3ng. Gi\u00e1 t\u1ed1t!","robots":{"index":"noindex","follow":"follow","max-snippet":"max-snippet:-1","max-image-preview":"max-image-preview:large","max-video-preview":"max-video-preview:-1"},"og_locale":"en_US","og_type":"article","og_title":"M\u00c1Y KI\u1ec2M TRA \u0110\u1ed8 B\u00c1M D\u00cdNH PCE INSTRUMENTS MODEL PCE-AAT 500","og_description":"Mua ngay M\u00c1Y KI\u1ec2M TRA \u0110\u1ed8 B\u00c1M D\u00cdNH PCE INSTRUMENTS MODEL PCE-AAT 500 ch\u00ednh h\u00e3ng. Gi\u00e1 t\u1ed1t!","og_url":"https:\/\/vannangvn.123websitedev.com\/en\/product\/may-kiem-tra-do-bam-dinh-pce-instruments-model-pce-aat-500\/","og_site_name":"Vannang.vn","article_modified_time":"2026-03-30T11:38:11+00:00","og_image":[{"width":768,"height":576,"url":"http:\/\/vannangvn.123websitedev.com\/wp-content\/uploads\/2026\/03\/PCE-AAT-500-no.2-copy.jpg","type":"image\/jpeg"}],"twitter_card":"summary_large_image","twitter_misc":{"Est. reading time":"8 minutes"},"schema":{"@context":"https:\/\/schema.org","@graph":[{"@type":"WebPage","@id":"https:\/\/vannangvn.123websitedev.com\/san-pham\/may-kiem-tra-do-bam-dinh-pce-instruments-model-pce-aat-500\/","url":"https:\/\/vannangvn.123websitedev.com\/san-pham\/may-kiem-tra-do-bam-dinh-pce-instruments-model-pce-aat-500\/","name":"M\u00c1Y KI\u1ec2M TRA \u0110\u1ed8 B\u00c1M D\u00cdNH PCE INSTRU... ch\u00ednh h\u00e3ng | V\u1ea1n N\u0103ng","isPartOf":{"@id":"https:\/\/vannangvn.123websitedev.com\/#website"},"primaryImageOfPage":{"@id":"https:\/\/vannangvn.123websitedev.com\/san-pham\/may-kiem-tra-do-bam-dinh-pce-instruments-model-pce-aat-500\/#primaryimage"},"image":{"@id":"https:\/\/vannangvn.123websitedev.com\/san-pham\/may-kiem-tra-do-bam-dinh-pce-instruments-model-pce-aat-500\/#primaryimage"},"thumbnailUrl":"https:\/\/vannangvn.123websitedev.com\/wp-content\/uploads\/2026\/03\/PCE-AAT-500-no.2-copy.jpg","datePublished":"2026-03-20T11:55:01+00:00","dateModified":"2026-03-30T11:38:11+00:00","description":"Mua ngay M\u00c1Y KI\u1ec2M TRA \u0110\u1ed8 B\u00c1M D\u00cdNH PCE INSTRUMENTS MODEL PCE-AAT 500 ch\u00ednh h\u00e3ng. Gi\u00e1 t\u1ed1t!","breadcrumb":{"@id":"https:\/\/vannangvn.123websitedev.com\/san-pham\/may-kiem-tra-do-bam-dinh-pce-instruments-model-pce-aat-500\/#breadcrumb"},"inLanguage":"en-US","potentialAction":[{"@type":"ReadAction","target":["https:\/\/vannangvn.123websitedev.com\/san-pham\/may-kiem-tra-do-bam-dinh-pce-instruments-model-pce-aat-500\/"]}]},{"@type":"ImageObject","inLanguage":"en-US","@id":"https:\/\/vannangvn.123websitedev.com\/san-pham\/may-kiem-tra-do-bam-dinh-pce-instruments-model-pce-aat-500\/#primaryimage","url":"https:\/\/vannangvn.123websitedev.com\/wp-content\/uploads\/2026\/03\/PCE-AAT-500-no.2-copy.jpg","contentUrl":"https:\/\/vannangvn.123websitedev.com\/wp-content\/uploads\/2026\/03\/PCE-AAT-500-no.2-copy.jpg","width":768,"height":576},{"@type":"BreadcrumbList","@id":"https:\/\/vannangvn.123websitedev.com\/san-pham\/may-kiem-tra-do-bam-dinh-pce-instruments-model-pce-aat-500\/#breadcrumb","itemListElement":[{"@type":"ListItem","position":1,"name":"Trang ch\u1ee7","item":"https:\/\/vannangvn.123websitedev.com\/"},{"@type":"ListItem","position":2,"name":"S\u1ea3n ph\u1ea9m","item":"https:\/\/vannangvn.123websitedev.com\/cua-hang\/"},{"@type":"ListItem","position":3,"name":"M\u00c1Y KI\u1ec2M TRA \u0110\u1ed8 B\u00c1M D\u00cdNH PCE INSTRUMENTS MODEL PCE-AAT 500"}]},{"@type":"WebSite","@id":"https:\/\/vannangvn.123websitedev.com\/#website","url":"https:\/\/vannangvn.123websitedev.com\/","name":"Vannang.vn","description":"","publisher":{"@id":"https:\/\/vannangvn.123websitedev.com\/#organization"},"potentialAction":[{"@type":"SearchAction","target":{"@type":"EntryPoint","urlTemplate":"https:\/\/vannangvn.123websitedev.com\/?s={search_term_string}"},"query-input":{"@type":"PropertyValueSpecification","valueRequired":true,"valueName":"search_term_string"}}],"inLanguage":"en-US"},{"@type":"Organization","@id":"https:\/\/vannangvn.123websitedev.com\/#organization","name":"Vannang.vn","url":"https:\/\/vannangvn.123websitedev.com\/","logo":{"@type":"ImageObject","inLanguage":"en-US","@id":"https:\/\/vannangvn.123websitedev.com\/#\/schema\/logo\/image\/","url":"https:\/\/vannangvn.123websitedev.com\/wp-content\/uploads\/2026\/02\/logo-van-nang-02.png","contentUrl":"https:\/\/vannangvn.123websitedev.com\/wp-content\/uploads\/2026\/02\/logo-van-nang-02.png","width":448,"height":111,"caption":"Vannang.vn"},"image":{"@id":"https:\/\/vannangvn.123websitedev.com\/#\/schema\/logo\/image\/"}}]}},"_links":{"self":[{"href":"https:\/\/vannangvn.123websitedev.com\/en\/wp-json\/wp\/v2\/product\/7207","targetHints":{"allow":["GET"]}}],"collection":[{"href":"https:\/\/vannangvn.123websitedev.com\/en\/wp-json\/wp\/v2\/product"}],"about":[{"href":"https:\/\/vannangvn.123websitedev.com\/en\/wp-json\/wp\/v2\/types\/product"}],"replies":[{"embeddable":true,"href":"https:\/\/vannangvn.123websitedev.com\/en\/wp-json\/wp\/v2\/comments?post=7207"}],"wp:featuredmedia":[{"embeddable":true,"href":"https:\/\/vannangvn.123websitedev.com\/en\/wp-json\/wp\/v2\/media\/10375"}],"wp:attachment":[{"href":"https:\/\/vannangvn.123websitedev.com\/en\/wp-json\/wp\/v2\/media?parent=7207"}],"wp:term":[{"taxonomy":"product_brand","embeddable":true,"href":"https:\/\/vannangvn.123websitedev.com\/en\/wp-json\/wp\/v2\/product_brand?post=7207"},{"taxonomy":"product_cat","embeddable":true,"href":"https:\/\/vannangvn.123websitedev.com\/en\/wp-json\/wp\/v2\/product_cat?post=7207"},{"taxonomy":"product_tag","embeddable":true,"href":"https:\/\/vannangvn.123websitedev.com\/en\/wp-json\/wp\/v2\/product_tag?post=7207"}],"curies":[{"name":"wp","href":"https:\/\/api.w.org\/{rel}","templated":true}]}}