{"id":7212,"date":"2026-03-20T18:55:06","date_gmt":"2026-03-20T11:55:06","guid":{"rendered":"https:\/\/vannangvn.123websitedev.com\/san-pham\/may-kiem-tra-do-bam-dinh-va-keo-gian-bang-keo-cheminstruments-model-ss-ht-8\/"},"modified":"2026-03-30T18:38:19","modified_gmt":"2026-03-30T11:38:19","slug":"may-kiem-tra-do-bam-dinh-va-keo-gian-bang-keo-cheminstruments-model-ss-ht-8","status":"publish","type":"product","link":"https:\/\/vannangvn.123websitedev.com\/en\/product\/may-kiem-tra-do-bam-dinh-va-keo-gian-bang-keo-cheminstruments-model-ss-ht-8\/","title":{"rendered":"M\u00c1Y KI\u1ec2M TRA \u0110\u1ed8 B\u00c1M D\u00cdNH V\u00c0 K\u00c9O GI\u00c3N B\u0102NG KEO CHEMINSTRUMENTS MODEL SS-HT-8"},"content":{"rendered":"<h1 style=\"color: red; font-weight: bold; font-size: 24px;\">T&#7893;ng quan s&#7843;n ph&#7849;m M&Aacute;Y KI&#7874;M TRA &#272;&#7896; B&Aacute;M D&Iacute;NH V&Agrave; K&Eacute;O GI&Atilde;N B&#258;NG KEO CHEMINSTRUMENTS MODEL SS-HT-8<p>M&aacute;y Ki&#7875;m Tra &#272;&#7897; B&aacute;m D&iacute;nh V&agrave; K&eacute;o Gi&atilde;n B&#259;ng Keo (High Temperature 8 Bank Shear Tester) ChemInstruments Model SS-HT-8<br>\nSS-HT-8<\/p><p>Rugged construction, capable of withstanding the abuse of the production environment<br>\nTwo component design allows the switch unit to be separated from the timer control box<br>\nHigh temperature, 8&prime; long (2.5m) cable interfaces the two components<br>\nDesigned to use standard, 2&Prime; x 3&Prime; (50mm x 75mm) format, test panels<br>\nCapable of holding panels of various thicknesses, up to 1\/4&Prime; (6mm)<br>\nMechanical switches can be calibrated to trip when using weights from 100 to 1,000 grams<br>\nAdjustable feet allow the user to level the testing plane<br>\nPanel rack is marked for the standard 178&deg; back tilt, as specified by most shear test methods<br>\nAdjustable angle panel rack allows the user to easily change the test angle from 178&deg; to 90&deg;<br>\nShear stand operating temperature range 20&deg; &ndash; 400&deg; F (-6&deg; &ndash; 204&deg; C)<br>\nShears are designed to be used with weights from 100gr to 1000gr<br>\nAny weight which is larger than the 1000gr requires the S-EXT(Shear Extension) accessory<br>\nThe largest weight that can be safely used with the shear stand is 3000gr<\/p><p>Timer Box<\/p><p>Compact and easy to use<br>\nEasy-to-read, 0.5&Prime; (1 cm) LCD timer display is set to time in increments of 1\/10 of a minute<br>\nTimer box operating temperature range 32&deg; &ndash; 150&deg; F (0&deg; &ndash; 70&deg; C)<br>\nTimer box has universal input voltage from 85-265 VAC (50\/60 Hz)<br>\nOptional thermocouple accessory records failure temperature<\/p><p>EZ Shear<\/p><p>EZ Shear software is a very simple and intuitive way to get more out of your testing equipment.  It provides test data results in report-ready format.  This application requires an external PC.<\/p><p>Calibration Service<\/p><p>Calibration Service is available for this equipment.<\/p><p>Accessories<br>\nEssential<\/p><p>Test panel &ndash; 2&Prime; x 3&Prime; (50mm x 75mm)<br>\nSteel test weight with hook &ndash; 500 or 1000 gram capacity<br>\nShear test clip<br>\n(above items are all included in our accessory package &ndash; STA-500 or STA-1000)<\/p><p>Non-Essential<\/p><p>EZ-Shear<br>\nThermocouple<br>\nShear extension plate<br>\nThick panel clamp<br>\nCustom sized shear test clips<br>\nVarious test weights<br>\nVarious test panel sizes and materials<br>\nCustom sized hand rollers<br>\nVarious sized specimen tape cutters<br>\nTest panel holder<\/p><p>Options<\/p><p>PSTC and TLMI testing manuals and videos<\/p><p>Methods<br>\nSome of the more popular test methods that this device is capable of performing.<\/p><p>PSTC: 107G, 53<br>\nASTM: D 3654A, C, D 6463A<br>\nTLMI: 7<br>\nFINAT: FTM-8<\/p><p>H&atilde;y li&ecirc;n h&#7879; v&#7899;i V&#7841;n N&#259;ng Company ngay &#273;&#7875; &#273;&#432;&#7907;c t&#432; v&#7845;n chuy&ecirc;n s&acirc;u v&agrave; nh&#7853;n c&aacute;c &#432;u &#273;&atilde;i h&#7845;p d&#7851;n nh&#7845;t th&ocirc;ng qua hotline\/zalo: <a href=\"https:\/\/zalo.me\/0903991335\" target=\"_blank\" rel=\"noopener\" style=\"color: #059669; font-weight: bold; text-decoration: none;\">0903 991 335<\/a>!<\/p><div style=\"background-color: #f8fafc; border: 1px solid #e2e8f0; border-radius: 8px; padding: 25px; max-width: 800px; margin: 30px auto; color: #334155; line-height: 1.8; font-size: 17px; box-shadow: 0 4px 6px -1px rgba(0,0,0,0.05); text-align: left; clear: both;\">\nC&ocirc;ng ty TNHH Th&#432;&#417;ng M&#7841;i D&#7883;ch V&#7909; Thi&#7871;t B&#7883; C&ocirc;ng Ngh&#7879; V&#7841;n N&#259;ng\n<p style=\"margin: 0 0 10px 0;\">&#128205; <strong style=\"color: #1e293b;\">&#272;&#7883;a ch&#7881;:<\/strong> <a style=\"color: #059669; text-decoration: none; font-weight: bold;\" href=\"https:\/\/www.google.com\/maps\/search\/C%C3%B4ng+ty+TNHH+Th%C6%B0%C6%A1ng+M%E1%BA%A1i+D%E1%BB%8Bch+V%E1%BB%A5+Thi%E1%BA%BFt+B%E1%BB%8B+C%C3%B4ng+Ngh%E1%BB%87+V%E1%BA%A1n+N%C4%83ng+818+Tr%C6%B0%E1%BB%9Dng+Chinh\" target=\"_blank\" rel=\"noopener\">818 Tr&#432;&#7901;ng Chinh, Ph&#432;&#7901;ng T&acirc;n S&#417;n, Th&agrave;nh ph&#7889; H&#7891; Ch&iacute; Minh, Vi&#7879;t Nam<\/a><\/p>\n<p style=\"margin: 0 0 10px 0;\">&#128222; <strong style=\"color: #1e293b;\">S&#272;T &ndash; Zalo:<\/strong> <a style=\"color: #059669; text-decoration: none; font-weight: bold;\" href=\"https:\/\/zalo.me\/0903991335\" target=\"_blank\" rel=\"noopener\">0903 991 335<\/a> <span style=\"color: #64748b; font-style: italic;\">(Ms. H&#7841;nh &ndash; Gi&aacute;m &#272;&#7889;c Kinh Doanh)<\/span><\/p>\n<p style=\"margin: 0;\">&#9993;&#65039; <strong style=\"color: #1e293b;\">Email:<\/strong> <a style=\"color: #059669; text-decoration: none; font-weight: bold;\" href=\"mailto:hienhanh@vannangvn.com\">hienhanh@vannangvn.com<\/a><\/p>\n<\/div><\/h1>","protected":false},"excerpt":{"rendered":"<p><strong>Th&#432;&#417;ng hi&#7879;u:<\/strong> M&aacute;y Ki&#7875;m Tra &#272;&#7897; B&aacute;m D&iacute;nh V&agrave; K&eacute;o Gi&atilde;n B&#259;ng Keo ChemInstruments Model SS-HT-8<br>\n<strong>Model:<\/strong> SS-HT-8<p>Product <strong>M&Aacute;Y KI&#7874;M TRA &#272;&#7896; B&Aacute;M D&Iacute;NH V&Agrave; K&Eacute;O GI&Atilde;N B&#258;NG KEO CHEMINSTRUMENTS MODEL SS-HT-8<\/strong> ch&iacute;nh h&atilde;ng. M&aacute;y Ki&#7875;m Tra &#272;&#7897; B&aacute;m D&iacute;nh V&agrave; K&eacute;o Gi&atilde;n B&#259;ng Keo ChemInstruments Model SS-HT-8<\/p><\/p>","protected":false},"featured_media":8831,"comment_status":"open","ping_status":"closed","template":"","meta":[],"product_brand":[],"product_cat":[18],"product_tag":[116,166,176,179,181,208,209,210,378,960,2432,102,109],"class_list":{"0":"post-7212","1":"product","2":"type-product","3":"status-publish","4":"has-post-thumbnail","6":"product_cat-chua-phan-loai","7":"product_tag-model","8":"product_tag-bang","9":"product_tag-keo","10":"product_tag-cheminstruments","11":"product_tag-do","12":"product_tag-kiem","13":"product_tag-tra","14":"product_tag-dinh","15":"product_tag-bam","16":"product_tag-gian","17":"product_tag-ss-ht-8","18":"product_tag-va","19":"product_tag-may","21":"first","22":"instock","23":"shipping-taxable","24":"product-type-simple"},"yoast_head":"<!-- This site is optimized with the Yoast SEO Premium plugin v24.8 (Yoast SEO v24.8) - https:\/\/yoast.com\/wordpress\/plugins\/seo\/ -->\n<title>M\u00c1Y KI\u1ec2M TRA \u0110\u1ed8 B\u00c1M D\u00cdNH V\u00c0 K\u00c9O GI\u00c3... ch\u00ednh h\u00e3ng | V\u1ea1n N\u0103ng<\/title>\n<meta name=\"description\" content=\"Mua ngay M\u00c1Y KI\u1ec2M TRA \u0110\u1ed8 B\u00c1M D\u00cdNH V\u00c0 K\u00c9O GI\u00c3N B\u0102NG KEO CHEMINSTRUMENTS MODEL SS-HT-8 ch\u00ednh h\u00e3ng. Gi\u00e1 t\u1ed1t!\" \/>\n<meta name=\"robots\" content=\"noindex, follow, max-snippet:-1, max-image-preview:large, max-video-preview:-1\" \/>\n<meta property=\"og:locale\" content=\"en_US\" \/>\n<meta property=\"og:type\" content=\"article\" \/>\n<meta property=\"og:title\" content=\"M\u00c1Y KI\u1ec2M TRA \u0110\u1ed8 B\u00c1M D\u00cdNH V\u00c0 K\u00c9O GI\u00c3N B\u0102NG KEO CHEMINSTRUMENTS MODEL SS-HT-8\" \/>\n<meta property=\"og:description\" content=\"Mua ngay M\u00c1Y KI\u1ec2M TRA \u0110\u1ed8 B\u00c1M D\u00cdNH V\u00c0 K\u00c9O GI\u00c3N B\u0102NG KEO CHEMINSTRUMENTS MODEL SS-HT-8 ch\u00ednh h\u00e3ng. Gi\u00e1 t\u1ed1t!\" \/>\n<meta property=\"og:url\" content=\"https:\/\/vannangvn.123websitedev.com\/en\/product\/may-kiem-tra-do-bam-dinh-va-keo-gian-bang-keo-cheminstruments-model-ss-ht-8\/\" \/>\n<meta property=\"og:site_name\" content=\"Vannang.vn\" \/>\n<meta property=\"article:modified_time\" content=\"2026-03-30T11:38:19+00:00\" \/>\n<meta property=\"og:image\" content=\"http:\/\/vannangvn.123websitedev.com\/wp-content\/uploads\/2026\/03\/SS-HT-8-768x576-copy.jpg\" \/>\n\t<meta property=\"og:image:width\" content=\"768\" \/>\n\t<meta property=\"og:image:height\" content=\"576\" \/>\n\t<meta property=\"og:image:type\" content=\"image\/jpeg\" \/>\n<meta name=\"twitter:card\" content=\"summary_large_image\" \/>\n<meta name=\"twitter:label1\" content=\"Est. reading time\" \/>\n\t<meta name=\"twitter:data1\" content=\"2 minutes\" \/>\n<script type=\"application\/ld+json\" class=\"yoast-schema-graph\">{\"@context\":\"https:\/\/schema.org\",\"@graph\":[{\"@type\":\"WebPage\",\"@id\":\"https:\/\/vannangvn.123websitedev.com\/san-pham\/may-kiem-tra-do-bam-dinh-va-keo-gian-bang-keo-cheminstruments-model-ss-ht-8\/\",\"url\":\"https:\/\/vannangvn.123websitedev.com\/san-pham\/may-kiem-tra-do-bam-dinh-va-keo-gian-bang-keo-cheminstruments-model-ss-ht-8\/\",\"name\":\"M\u00c1Y KI\u1ec2M TRA \u0110\u1ed8 B\u00c1M D\u00cdNH V\u00c0 K\u00c9O GI\u00c3... ch\u00ednh h\u00e3ng | V\u1ea1n N\u0103ng\",\"isPartOf\":{\"@id\":\"https:\/\/vannangvn.123websitedev.com\/#website\"},\"primaryImageOfPage\":{\"@id\":\"https:\/\/vannangvn.123websitedev.com\/san-pham\/may-kiem-tra-do-bam-dinh-va-keo-gian-bang-keo-cheminstruments-model-ss-ht-8\/#primaryimage\"},\"image\":{\"@id\":\"https:\/\/vannangvn.123websitedev.com\/san-pham\/may-kiem-tra-do-bam-dinh-va-keo-gian-bang-keo-cheminstruments-model-ss-ht-8\/#primaryimage\"},\"thumbnailUrl\":\"https:\/\/vannangvn.123websitedev.com\/wp-content\/uploads\/2026\/03\/SS-HT-8-768x576-copy.jpg\",\"datePublished\":\"2026-03-20T11:55:06+00:00\",\"dateModified\":\"2026-03-30T11:38:19+00:00\",\"description\":\"Mua ngay M\u00c1Y KI\u1ec2M TRA \u0110\u1ed8 B\u00c1M D\u00cdNH V\u00c0 K\u00c9O GI\u00c3N B\u0102NG KEO CHEMINSTRUMENTS MODEL SS-HT-8 ch\u00ednh h\u00e3ng. Gi\u00e1 t\u1ed1t!\",\"breadcrumb\":{\"@id\":\"https:\/\/vannangvn.123websitedev.com\/san-pham\/may-kiem-tra-do-bam-dinh-va-keo-gian-bang-keo-cheminstruments-model-ss-ht-8\/#breadcrumb\"},\"inLanguage\":\"en-US\",\"potentialAction\":[{\"@type\":\"ReadAction\",\"target\":[\"https:\/\/vannangvn.123websitedev.com\/san-pham\/may-kiem-tra-do-bam-dinh-va-keo-gian-bang-keo-cheminstruments-model-ss-ht-8\/\"]}]},{\"@type\":\"ImageObject\",\"inLanguage\":\"en-US\",\"@id\":\"https:\/\/vannangvn.123websitedev.com\/san-pham\/may-kiem-tra-do-bam-dinh-va-keo-gian-bang-keo-cheminstruments-model-ss-ht-8\/#primaryimage\",\"url\":\"https:\/\/vannangvn.123websitedev.com\/wp-content\/uploads\/2026\/03\/SS-HT-8-768x576-copy.jpg\",\"contentUrl\":\"https:\/\/vannangvn.123websitedev.com\/wp-content\/uploads\/2026\/03\/SS-HT-8-768x576-copy.jpg\",\"width\":768,\"height\":576},{\"@type\":\"BreadcrumbList\",\"@id\":\"https:\/\/vannangvn.123websitedev.com\/san-pham\/may-kiem-tra-do-bam-dinh-va-keo-gian-bang-keo-cheminstruments-model-ss-ht-8\/#breadcrumb\",\"itemListElement\":[{\"@type\":\"ListItem\",\"position\":1,\"name\":\"Trang ch\u1ee7\",\"item\":\"https:\/\/vannangvn.123websitedev.com\/\"},{\"@type\":\"ListItem\",\"position\":2,\"name\":\"S\u1ea3n ph\u1ea9m\",\"item\":\"https:\/\/vannangvn.123websitedev.com\/cua-hang\/\"},{\"@type\":\"ListItem\",\"position\":3,\"name\":\"M\u00c1Y KI\u1ec2M TRA \u0110\u1ed8 B\u00c1M D\u00cdNH V\u00c0 K\u00c9O GI\u00c3N B\u0102NG KEO CHEMINSTRUMENTS MODEL SS-HT-8\"}]},{\"@type\":\"WebSite\",\"@id\":\"https:\/\/vannangvn.123websitedev.com\/#website\",\"url\":\"https:\/\/vannangvn.123websitedev.com\/\",\"name\":\"Vannang.vn\",\"description\":\"\",\"publisher\":{\"@id\":\"https:\/\/vannangvn.123websitedev.com\/#organization\"},\"potentialAction\":[{\"@type\":\"SearchAction\",\"target\":{\"@type\":\"EntryPoint\",\"urlTemplate\":\"https:\/\/vannangvn.123websitedev.com\/?s={search_term_string}\"},\"query-input\":{\"@type\":\"PropertyValueSpecification\",\"valueRequired\":true,\"valueName\":\"search_term_string\"}}],\"inLanguage\":\"en-US\"},{\"@type\":\"Organization\",\"@id\":\"https:\/\/vannangvn.123websitedev.com\/#organization\",\"name\":\"Vannang.vn\",\"url\":\"https:\/\/vannangvn.123websitedev.com\/\",\"logo\":{\"@type\":\"ImageObject\",\"inLanguage\":\"en-US\",\"@id\":\"https:\/\/vannangvn.123websitedev.com\/#\/schema\/logo\/image\/\",\"url\":\"https:\/\/vannangvn.123websitedev.com\/wp-content\/uploads\/2026\/02\/logo-van-nang-02.png\",\"contentUrl\":\"https:\/\/vannangvn.123websitedev.com\/wp-content\/uploads\/2026\/02\/logo-van-nang-02.png\",\"width\":448,\"height\":111,\"caption\":\"Vannang.vn\"},\"image\":{\"@id\":\"https:\/\/vannangvn.123websitedev.com\/#\/schema\/logo\/image\/\"}}]}<\/script>\n<!-- \/ Yoast SEO Premium plugin. -->","yoast_head_json":{"title":"M\u00c1Y KI\u1ec2M TRA \u0110\u1ed8 B\u00c1M D\u00cdNH V\u00c0 K\u00c9O GI\u00c3... ch\u00ednh h\u00e3ng | V\u1ea1n N\u0103ng","description":"Mua ngay M\u00c1Y KI\u1ec2M TRA \u0110\u1ed8 B\u00c1M D\u00cdNH V\u00c0 K\u00c9O GI\u00c3N B\u0102NG KEO CHEMINSTRUMENTS MODEL SS-HT-8 ch\u00ednh h\u00e3ng. Gi\u00e1 t\u1ed1t!","robots":{"index":"noindex","follow":"follow","max-snippet":"max-snippet:-1","max-image-preview":"max-image-preview:large","max-video-preview":"max-video-preview:-1"},"og_locale":"en_US","og_type":"article","og_title":"M\u00c1Y KI\u1ec2M TRA \u0110\u1ed8 B\u00c1M D\u00cdNH V\u00c0 K\u00c9O GI\u00c3N B\u0102NG KEO CHEMINSTRUMENTS MODEL SS-HT-8","og_description":"Mua ngay M\u00c1Y KI\u1ec2M TRA \u0110\u1ed8 B\u00c1M D\u00cdNH V\u00c0 K\u00c9O GI\u00c3N B\u0102NG KEO CHEMINSTRUMENTS MODEL SS-HT-8 ch\u00ednh h\u00e3ng. Gi\u00e1 t\u1ed1t!","og_url":"https:\/\/vannangvn.123websitedev.com\/en\/product\/may-kiem-tra-do-bam-dinh-va-keo-gian-bang-keo-cheminstruments-model-ss-ht-8\/","og_site_name":"Vannang.vn","article_modified_time":"2026-03-30T11:38:19+00:00","og_image":[{"width":768,"height":576,"url":"http:\/\/vannangvn.123websitedev.com\/wp-content\/uploads\/2026\/03\/SS-HT-8-768x576-copy.jpg","type":"image\/jpeg"}],"twitter_card":"summary_large_image","twitter_misc":{"Est. reading time":"2 minutes"},"schema":{"@context":"https:\/\/schema.org","@graph":[{"@type":"WebPage","@id":"https:\/\/vannangvn.123websitedev.com\/san-pham\/may-kiem-tra-do-bam-dinh-va-keo-gian-bang-keo-cheminstruments-model-ss-ht-8\/","url":"https:\/\/vannangvn.123websitedev.com\/san-pham\/may-kiem-tra-do-bam-dinh-va-keo-gian-bang-keo-cheminstruments-model-ss-ht-8\/","name":"M\u00c1Y KI\u1ec2M TRA \u0110\u1ed8 B\u00c1M D\u00cdNH V\u00c0 K\u00c9O GI\u00c3... ch\u00ednh h\u00e3ng | V\u1ea1n N\u0103ng","isPartOf":{"@id":"https:\/\/vannangvn.123websitedev.com\/#website"},"primaryImageOfPage":{"@id":"https:\/\/vannangvn.123websitedev.com\/san-pham\/may-kiem-tra-do-bam-dinh-va-keo-gian-bang-keo-cheminstruments-model-ss-ht-8\/#primaryimage"},"image":{"@id":"https:\/\/vannangvn.123websitedev.com\/san-pham\/may-kiem-tra-do-bam-dinh-va-keo-gian-bang-keo-cheminstruments-model-ss-ht-8\/#primaryimage"},"thumbnailUrl":"https:\/\/vannangvn.123websitedev.com\/wp-content\/uploads\/2026\/03\/SS-HT-8-768x576-copy.jpg","datePublished":"2026-03-20T11:55:06+00:00","dateModified":"2026-03-30T11:38:19+00:00","description":"Mua ngay M\u00c1Y KI\u1ec2M TRA \u0110\u1ed8 B\u00c1M D\u00cdNH V\u00c0 K\u00c9O GI\u00c3N B\u0102NG KEO CHEMINSTRUMENTS MODEL SS-HT-8 ch\u00ednh h\u00e3ng. Gi\u00e1 t\u1ed1t!","breadcrumb":{"@id":"https:\/\/vannangvn.123websitedev.com\/san-pham\/may-kiem-tra-do-bam-dinh-va-keo-gian-bang-keo-cheminstruments-model-ss-ht-8\/#breadcrumb"},"inLanguage":"en-US","potentialAction":[{"@type":"ReadAction","target":["https:\/\/vannangvn.123websitedev.com\/san-pham\/may-kiem-tra-do-bam-dinh-va-keo-gian-bang-keo-cheminstruments-model-ss-ht-8\/"]}]},{"@type":"ImageObject","inLanguage":"en-US","@id":"https:\/\/vannangvn.123websitedev.com\/san-pham\/may-kiem-tra-do-bam-dinh-va-keo-gian-bang-keo-cheminstruments-model-ss-ht-8\/#primaryimage","url":"https:\/\/vannangvn.123websitedev.com\/wp-content\/uploads\/2026\/03\/SS-HT-8-768x576-copy.jpg","contentUrl":"https:\/\/vannangvn.123websitedev.com\/wp-content\/uploads\/2026\/03\/SS-HT-8-768x576-copy.jpg","width":768,"height":576},{"@type":"BreadcrumbList","@id":"https:\/\/vannangvn.123websitedev.com\/san-pham\/may-kiem-tra-do-bam-dinh-va-keo-gian-bang-keo-cheminstruments-model-ss-ht-8\/#breadcrumb","itemListElement":[{"@type":"ListItem","position":1,"name":"Trang ch\u1ee7","item":"https:\/\/vannangvn.123websitedev.com\/"},{"@type":"ListItem","position":2,"name":"S\u1ea3n ph\u1ea9m","item":"https:\/\/vannangvn.123websitedev.com\/cua-hang\/"},{"@type":"ListItem","position":3,"name":"M\u00c1Y KI\u1ec2M TRA \u0110\u1ed8 B\u00c1M D\u00cdNH V\u00c0 K\u00c9O GI\u00c3N B\u0102NG KEO CHEMINSTRUMENTS MODEL SS-HT-8"}]},{"@type":"WebSite","@id":"https:\/\/vannangvn.123websitedev.com\/#website","url":"https:\/\/vannangvn.123websitedev.com\/","name":"Vannang.vn","description":"","publisher":{"@id":"https:\/\/vannangvn.123websitedev.com\/#organization"},"potentialAction":[{"@type":"SearchAction","target":{"@type":"EntryPoint","urlTemplate":"https:\/\/vannangvn.123websitedev.com\/?s={search_term_string}"},"query-input":{"@type":"PropertyValueSpecification","valueRequired":true,"valueName":"search_term_string"}}],"inLanguage":"en-US"},{"@type":"Organization","@id":"https:\/\/vannangvn.123websitedev.com\/#organization","name":"Vannang.vn","url":"https:\/\/vannangvn.123websitedev.com\/","logo":{"@type":"ImageObject","inLanguage":"en-US","@id":"https:\/\/vannangvn.123websitedev.com\/#\/schema\/logo\/image\/","url":"https:\/\/vannangvn.123websitedev.com\/wp-content\/uploads\/2026\/02\/logo-van-nang-02.png","contentUrl":"https:\/\/vannangvn.123websitedev.com\/wp-content\/uploads\/2026\/02\/logo-van-nang-02.png","width":448,"height":111,"caption":"Vannang.vn"},"image":{"@id":"https:\/\/vannangvn.123websitedev.com\/#\/schema\/logo\/image\/"}}]}},"_links":{"self":[{"href":"https:\/\/vannangvn.123websitedev.com\/en\/wp-json\/wp\/v2\/product\/7212","targetHints":{"allow":["GET"]}}],"collection":[{"href":"https:\/\/vannangvn.123websitedev.com\/en\/wp-json\/wp\/v2\/product"}],"about":[{"href":"https:\/\/vannangvn.123websitedev.com\/en\/wp-json\/wp\/v2\/types\/product"}],"replies":[{"embeddable":true,"href":"https:\/\/vannangvn.123websitedev.com\/en\/wp-json\/wp\/v2\/comments?post=7212"}],"wp:featuredmedia":[{"embeddable":true,"href":"https:\/\/vannangvn.123websitedev.com\/en\/wp-json\/wp\/v2\/media\/8831"}],"wp:attachment":[{"href":"https:\/\/vannangvn.123websitedev.com\/en\/wp-json\/wp\/v2\/media?parent=7212"}],"wp:term":[{"taxonomy":"product_brand","embeddable":true,"href":"https:\/\/vannangvn.123websitedev.com\/en\/wp-json\/wp\/v2\/product_brand?post=7212"},{"taxonomy":"product_cat","embeddable":true,"href":"https:\/\/vannangvn.123websitedev.com\/en\/wp-json\/wp\/v2\/product_cat?post=7212"},{"taxonomy":"product_tag","embeddable":true,"href":"https:\/\/vannangvn.123websitedev.com\/en\/wp-json\/wp\/v2\/product_tag?post=7212"}],"curies":[{"name":"wp","href":"https:\/\/api.w.org\/{rel}","templated":true}]}}