{"id":7238,"date":"2026-03-20T18:55:44","date_gmt":"2026-03-20T11:55:44","guid":{"rendered":"https:\/\/vannangvn.123websitedev.com\/san-pham\/may-kiem-tra-do-ben-keo-instron-model-68tm-30\/"},"modified":"2026-03-30T18:38:53","modified_gmt":"2026-03-30T11:38:53","slug":"may-kiem-tra-do-ben-keo-instron-model-68tm-30","status":"publish","type":"product","link":"https:\/\/vannangvn.123websitedev.com\/en\/product\/may-kiem-tra-do-ben-keo-instron-model-68tm-30\/","title":{"rendered":"M\u00c1Y KI\u1ec2M TRA \u0110\u1ed8 B\u1ec0N K\u00c9O INSTRON MODEL 68TM-30"},"content":{"rendered":"<h1 style=\"color: red; font-weight: bold; font-size: 24px;\">T&#7893;ng quan s&#7843;n ph&#7849;m M&Aacute;Y KI&#7874;M TRA &#272;&#7896; B&#7872;N K&Eacute;O INSTRON MODEL 68TM-30<p>M&aacute;y Ki&#7875;m Tra &#272;&#7897; B&#7873;n K&eacute;o (Universal Testing Systems) Instron Model 68TM-30<br>\nM&aacute;y Ki&#7875;m Tra &#272;&#7897; B&#7873;n K&eacute;o (Universal Testing Systems) Instron Model 68TM-30 l&agrave; th&#7871; h&#7879; ti&#7871;p theo c&#7911;a h&#7879; th&#7889;ng th&#7917; nghi&#7879;m c&#417; l&yacute; &#273;&#432;&#7907;c c&ocirc;ng nh&#7853;n h&agrave;ng &#273;&#7847;u th&#7871; gi&#7899;i, &#273;&#432;&#7907;c thi&#7871;t k&#7871; &#273;&#7875; mang l&#7841;i &#273;&#7897; ch&iacute;nh x&aacute;c, &#273;&#7897; tin c&#7853;y v&agrave; hi&#7879;u su&#7845;t v&#432;&#7907;t tr&#7897;i. V&#7899;i h&#417;n 75 n&#259;m kinh nghi&#7879;m trong l&#297;nh v&#7921;c c&#417; kh&iacute; th&#7917; nghi&#7879;m, Instron &#273;&atilde; cung c&#7845;p h&agrave;ng ch&#7909;c ngh&igrave;n h&#7879; th&#7889;ng cho nhi&#7873;u ng&agrave;nh c&ocirc;ng nghi&#7879;p tr&ecirc;n to&agrave;n c&#7847;u.<br>\nD&ograve;ng M&aacute;y 6800 kh&ocirc;ng ch&#7881; h&#7895; tr&#7907; ki&#7875;m tra k&eacute;o, n&eacute;n, u&#7889;n, c&#7855;t, ma s&aacute;t m&agrave; c&ograve;n t&#432;&#417;ng th&iacute;ch v&#7899;i h&agrave;ng tr&#259;m ph&#7909; ki&#7879;n, &#273;&aacute;p &#7913;ng c&aacute;c ti&ecirc;u chu&#7849;n ASTM, ISO, EN. &#272;&acirc;y ch&iacute;nh l&agrave; c&ocirc;ng c&#7909; t&#7889;i &#432;u &#273;&#7875; &#273;&#7843;m b&#7843;o ch&#7845;t l&#432;&#7907;ng s&#7843;n ph&#7849;m, c&#7843;i thi&#7879;n V&#7841;n N&#259;ng nghi&ecirc;n c&#7913;u v&agrave; n&acirc;ng cao hi&#7879;u qu&#7843; s&#7843;n xu&#7845;t. H&atilde;y c&ugrave;ng V&#7841;n N&#259;ng t&igrave;m hi&#7875;u chi ti&#7871;t h&#417;n v&#7873; s&#7843;n ph&#7849;m th&ocirc;ng qua b&agrave;i vi&#7871;t d&#432;&#7899;i &#273;&acirc;y nh&eacute;!<\/p><p>Xem th&ecirc;m: M&aacute;y Ki&#7875;m Tra &#272;&#7897; B&#7873;n K&eacute;o NextGen Model NG-EML Series C<\/p><p>N&eacute;t &#272;&#7863;c Tr&#432;ng C&#7911;a Model 68TM-30<br>\nThi&#7871;t k&#7871; &#273;a d&#7841;ng theo &#7913;ng d&#7909;ng<br>\nD&ograve;ng Instron Series 6800 g&#7891;m nhi&#7873;u phi&ecirc;n b&#7843;n: c&#7897;t &#273;&#417;n (l&#7921;c &#273;&#7871;n 5 kN), b&agrave;n &#273;&ocirc;i (l&#7921;c &#273;&#7871;n 50 kN), v&agrave; lo&#7841;i g&#7855;n s&agrave;n (l&#7921;c &#273;&#7871;n 300 kN). T&ugrave;y ch&#7885;n chi&#7873;u cao, chi&#7873;u r&#7897;ng v&agrave; ki&#7875;u ch&acirc;n &#273;&#7871; gi&uacute;p ng&#432;&#7901;i d&ugrave;ng linh ho&#7841;t l&#7921;a ch&#7885;n ph&ugrave; h&#7907;p v&#7899;i nhu c&#7847;u th&#7917; nghi&#7879;m.<br>\n&#272;&#7897; ch&iacute;nh x&aacute;c v&agrave; t&#7889;c &#273;&#7897; thu th&#7853;p d&#7919; li&#7879;u<br>\nM&aacute;y &#273;&#7841;t &#273;&#7897; ch&iacute;nh x&aacute;c &plusmn;0.5% v&agrave; t&#7889;c &#273;&#7897; thu th&#7853;p d&#7919; li&#7879;u l&ecirc;n &#273;&#7871;n 5 kHz, cho ph&eacute;p ghi nh&#7853;n c&aacute;c hi&#7879;n t&#432;&#7907;ng nhanh v&agrave; chi ti&#7871;t, ngay c&#7843; &#7903; m&#7913;c t&#7843;i th&#7845;p (1\/1000 t&#7843;i tr&#7885;ng c&#7911;a c&#7843;m bi&#7871;n).<\/p><p>Ph&#7847;n m&#7873;m Bluehill Universal tr&#7921;c quan<br>\n&#272;&#432;&#7907;c trang b&#7883; ph&#7847;n m&#7873;m Bluehill Universal v&#7899;i giao di&#7879;n bi&#7875;u t&#432;&#7907;ng d&#7877; hi&#7875;u, h&#7879; th&#7889;ng gi&uacute;p r&uacute;t ng&#7855;n th&#7901;i gian &#273;&agrave;o t&#7841;o v&agrave; v&#7853;n h&agrave;nh. C&aacute;c m&#7851;u th&#7917; nghi&#7879;m ASTM, ISO, EN c&oacute; s&#7861;n, c&ugrave;ng ch&#7913;c n&#259;ng QuickTest, Auto Positioning v&agrave; TestProfiler, mang l&#7841;i s&#7921; ti&#7879;n l&#7907;i v&#432;&#7907;t b&#7853;c.<br>\nT&iacute;ch h&#7907;p an to&agrave;n th&ocirc;ng minh<br>\nC&#7845;u tr&uacute;c &ldquo;Operator Protect&rdquo; v&#7899;i c&#7843;nh b&aacute;o tr&#7921;c quan, kh&oacute;a li&ecirc;n &#273;&#7897;ng &#7843;o v&agrave; &#273;i&#7873;u ch&#7881;nh t&#7889;c &#273;&#7897; an to&agrave;n trong giai &#273;o&#7841;n setup gi&uacute;p b&#7843;o v&#7879; c&#7843; ng&#432;&#7901;i v&#7853;n h&agrave;nh v&agrave; m&#7851;u th&#7917; m&agrave; kh&ocirc;ng &#7843;nh h&#432;&#7903;ng &#273;&#7871;n n&#259;ng su&#7845;t.<br>\nPh&#7909; ki&#7879;n v&agrave; m&#7903; r&#7897;ng linh ho&#7841;t<br>\nH&#7879; th&#7889;ng t&#432;&#417;ng th&iacute;ch v&#7899;i h&agrave;ng tr&#259;m lo&#7841;i &#273;&#7891; g&aacute;, c&#7843;m bi&#7871;n v&agrave; module m&#7903; r&#7897;ng. C&aacute;c ph&#7909; ki&#7879;n nh&#432; Extensometer kh&ocirc;ng ti&#7871;p x&uacute;c, k&#7865;p kh&iacute; n&eacute;n, bu&#7891;ng nhi&#7879;t&hellip; gi&uacute;p t&#259;ng c&#432;&#7901;ng t&iacute;nh linh ho&#7841;t cho nhi&#7873;u lo&#7841;i v&#7853;t li&#7879;u v&agrave; ti&ecirc;u chu&#7849;n th&#7917; nghi&#7879;m.<\/p><p>Xem th&ecirc;m: M&aacute;y &#272;o N&#259;ng L&#432;&#7907;ng Tia UV (UV Energy Meter) Linshang Model LS136<\/p><p>&#431;u &#272;i&#7875;m V&#432;&#7907;t Tr&#7897;i C&#7911;a Model 68TM-30<br>\n&#272;&#7897; tin c&#7853;y v&agrave; tu&#7893;i th&#7885; cao<br>\nThi&#7871;t B&#7883; Ki&#7875;m Tra &#272;&#7897; B&#7873;n K&eacute;o Model 68TM-30 &#273;&#432;&#7907;c ch&#7871; t&#7841;o v&#7899;i khung c&#7913;ng v&#7919;ng, v&ograve;ng bi t&#7843;i tr&#432;&#7899;c, v&iacute;t me bi ch&iacute;nh x&aacute;c, d&acirc;y &#273;ai k&eacute;p ch&#7889;ng gi&atilde;n v&agrave; l&#7899;p ph&#7911; ch&#7889;ng m&agrave;i m&ograve;n. Thi&#7871;t k&#7871; n&agrave;y gi&uacute;p h&#7879; th&#7889;ng ho&#7841;t &#273;&#7897;ng b&#7873;n b&#7881; trong m&ocirc;i tr&#432;&#7901;ng th&#7917; nghi&#7879;m kh&#7855;t khe.<br>\nH&#7895; tr&#7907; &#273;a d&#7841;ng lo&#7841;i th&#7917; nghi&#7879;m<br>\nM&aacute;y c&oacute; kh&#7843; n&#259;ng th&#7921;c hi&#7879;n nhi&#7873;u ph&#432;&#417;ng ph&aacute;p nh&#432; k&eacute;o, n&eacute;n, u&#7889;n ba &#273;i&#7875;m, c&#7855;t, ma s&aacute;t, xo&#7855;n, bong tr&oacute;c. Kh&#7843; n&#259;ng k&#7871;t h&#7907;p ph&#7909; ki&#7879;n chuy&ecirc;n d&#7909;ng cho ph&eacute;p m&#7903; r&#7897;ng ph&#7841;m vi th&#7917; nghi&#7879;m trong nghi&ecirc;n c&#7913;u v&agrave; ki&#7875;m so&aacute;t ch&#7845;t l&#432;&#7907;ng.<br>\nT&#7889;i &#432;u hi&#7879;u su&#7845;t ph&ograve;ng th&iacute; nghi&#7879;m<br>\nT&iacute;ch h&#7907;p t&#7921; &#273;&#7897;ng h&oacute;a nh&#432; b&agrave;n XY, robot 6 tr&#7909;c, h&#7879; th&#7889;ng k&#7865;p t&#7921; &#273;&#7897;ng gi&uacute;p gi&#7843;m bi&#7871;n &#273;&#7897;ng, t&#259;ng n&#259;ng su&#7845;t v&agrave; &#273;&#7843;m b&#7843;o t&iacute;nh l&#7863;p l&#7841;i trong c&aacute;c th&#7917; nghi&#7879;m.<\/p><p>An to&agrave;n kh&ocirc;ng l&agrave;m gi&#7843;m t&#7889;c &#273;&#7897;<br>\nC&#7843;m bi&#7871;n b&#7843;o v&#7879; m&#7851;u, h&#7879; th&#7889;ng d&#7915;ng ch&#7889;ng va ch&#7841;m, ki&#7875;m so&aacute;t t&#7889;c &#273;&#7897; an to&agrave;n trong setup v&agrave; t&iacute;nh n&#259;ng b&#7843;o v&#7879; t&#7843;i tr&#7885;ng c&#7843;m bi&#7871;n gi&uacute;p duy tr&igrave; an to&agrave;n tuy&#7879;t &#273;&#7889;i m&agrave; v&#7851;n &#273;&#7843;m b&#7843;o t&#7889;c &#273;&#7897; th&#7917; nghi&#7879;m cao.<br>\nH&#7895; tr&#7907; to&agrave;n di&#7879;n v&agrave; d&#7883;ch v&#7909; to&agrave;n c&#7847;u<br>\nV&#7899;i h&#417;n 300 k&#7929; s&#432; d&#7883;ch v&#7909; t&#7841;i 160 qu&#7889;c gia, Instron cung c&#7845;p h&#7895; tr&#7907; k&#7929; thu&#7853;t, b&#7843;o tr&igrave;, hi&#7879;u chu&#7849;n theo chu&#7849;n ASTM, ISO, Nadcap&hellip; &#273;&#7843;m b&#7843;o h&#7879; th&#7889;ng lu&ocirc;n ho&#7841;t &#273;&#7897;ng &#7893;n &#273;&#7883;nh v&agrave; ch&iacute;nh x&aacute;c.<\/p><p>Xem th&ecirc;m: M&aacute;y Th&#7917; &#272;&#7897; B&#7873;n K&eacute;o (Static Material Testing Machines) STEP Lab Model EA025<\/p><p>&#7912;ng D&#7909;ng Trong Ng&agrave;nh C&ocirc;ng Nghi&#7879;p<br>\nM&aacute;y Ki&#7875;m Tra &#272;&#7897; B&#7873;n K&eacute;o Model 68TM-30 &#273;&#432;&#7907;c &#7913;ng d&#7909;ng r&#7897;ng r&atilde;i trong nhi&#7873;u l&#297;nh v&#7921;c s&#7843;n xu&#7845;t v&agrave; nghi&ecirc;n c&#7913;u, bao g&#7891;m:<\/p><p>Ng&agrave;nh nh&#7921;a, polymer v&agrave; v&#7853;t li&#7879;u t&#7893;ng h&#7907;p.<br>\nNg&agrave;nh kim lo&#7841;i v&agrave; h&#7907;p kim.<br>\nC&ocirc;ng nghi&#7879;p &ocirc; t&ocirc; v&agrave; h&agrave;ng kh&ocirc;ng v&#361; tr&#7909;.<br>\nY sinh h&#7885;c v&agrave; thi&#7871;t b&#7883; y t&#7871;.<br>\nBao b&igrave;, gi&#7845;y v&agrave; v&#7853;t li&#7879;u &#273;&oacute;ng g&oacute;i.<br>\n&#272;i&#7879;n t&#7917; v&agrave; linh ki&#7879;n c&ocirc;ng ngh&#7879; cao.<\/p><p>Nh&#7919;ng L&yacute; Do N&ecirc;n Mua M&aacute;y Ki&#7875;m Tra &#272;&#7897; B&#7873;n K&eacute;o T&#7841;i V&#7841;n N&#259;ng<\/p><p>C&ocirc;ng ty Thi&#7871;t B&#7883; C&ocirc;ng Ngh&#7879; V&#7841;n N&#259;ng l&agrave; &#273;&#7889;i t&aacute;c ch&iacute;nh th&#7913;c ph&acirc;n ph&#7889;i M&aacute;y Ki&#7875;m Tra &#272;&#7897; B&#7873;n K&eacute;o h&agrave;ng &#273;&#7847;u t&#7841;i Vi&#7879;t Nam, cam k&#7871;t cung c&#7845;p s&#7843;n ph&#7849;m ch&iacute;nh h&atilde;ng v&#7899;i gi&aacute; c&#7843; c&#7841;nh tranh nh&#7845;t th&#7883; tr&#432;&#7901;ng. V&#7899;i uy t&iacute;n tr&ecirc;n th&#7883; tr&#432;&#7901;ng v&agrave; ch&#7871; &#273;&#7897; h&#7851;u m&atilde;i t&#7889;t, Thi&#7871;t B&#7883; C&ocirc;ng Ngh&#7879; V&#7841;n N&#259;ng &#273;&atilde; nh&#7853;n &#273;&#432;&#7907;c s&#7921; tin t&#432;&#7903;ng t&#7915; kh&aacute;ch h&agrave;ng nh&#7901; v&agrave;o ch&#7845;t l&#432;&#7907;ng h&agrave;ng &#273;&#7847;u c&#7911;a c&aacute;c d&ograve;ng s&#7843;n ph&#7849;m.<br>\nS&#7843;n ph&#7849;m c&#7911;a ch&uacute;ng t&ocirc;i &#273;&#432;&#7907;c ki&#7875;m &#273;&#7883;nh ch&#7845;t l&#432;&#7907;ng, nh&#7853;p kh&#7849;u tr&#7921;c ti&#7871;p t&#7915; nh&agrave; m&aacute;y b&ecirc;n Ch&acirc;u &Acirc;u, M&#7929;, &Uacute;c, Nh&#7853;t B&#7843;n,&hellip; v&agrave; &#273;&aacute;p &#7913;ng nhu c&#7847;u &#273;a d&#7841;ng c&#7911;a th&#7883; tr&#432;&#7901;ng nh&#432;: M&aacute;y &#272;o &#272;&#7897; C&#7913;ng, M&aacute;y SPECTROMAXx, M&aacute;y Ki&#7875;m Tra &#272;&#432;&#7901;ng Gh&eacute;p M&iacute; Lon,&hellip; Ch&uacute;ng t&ocirc;i cam k&#7871;t cung c&#7845;p s&#7843;n ph&#7849;m n&agrave;y tr&ecirc;n to&agrave;n qu&#7889;c v&#7899;i gi&aacute; c&#7843; c&#7841;nh tranh nh&#7845;t.<br>\nCh&uacute;ng t&ocirc;i c&oacute; &#273;&#7897;i ng&#361; chuy&ecirc;n vi&ecirc;n t&#432; v&#7845;n chuy&ecirc;n s&acirc;u s&#7869; h&#7895; tr&#7907; kh&aacute;ch h&agrave;ng v&#7873; chi ti&#7871;t s&#7843;n ph&#7849;m, h&#432;&#7899;ng d&#7851;n s&#7917; d&#7909;ng hay nh&#7919;ng th&#7913; li&ecirc;n quan &#273;&#7871;n v&#7845;n &#273;&#7873; m&agrave; doanh nghi&#7879;p b&#7841;n &#273;ang g&#7863;p ph&#7843;i. Ch&uacute;ng t&ocirc;i s&#7869; cung c&#7845;p nh&#7919;ng gi&#7843;i ph&aacute;p t&#7889;i &#432;u nh&#7845;t!<br>\nNgo&agrave;i ra Thi&#7871;t B&#7883; C&ocirc;ng Ngh&#7879; V&#7841;n N&#259;ng Ch&uacute;ng T&ocirc;i lu&ocirc;n h&#432;&#7899;ng &#273;&#7871;n tr&#7843;i nghi&#7879;m kh&aacute;ch h&agrave;ng, v&igrave; v&#7853;y ch&uacute;ng t&ocirc;i c&oacute; nh&#7919;ng ch&iacute;nh s&aacute;ch b&#7843;o h&agrave;nh, b&#7843;o tr&igrave; &ndash; b&#7843;o d&#432;&#7905;ng, hi&#7879;u chu&#7849;n v&#7899;i t&#7845;t c&#7843; c&aacute;c thi&#7871;t b&#7883;, m&aacute;y m&oacute;c m&agrave; ch&uacute;ng t&ocirc;i cung c&#7845;p. &#272;&#7843;m b&#7843;o mang &#273;&#7871;n cho Kh&aacute;ch h&agrave;ng s&#7921; y&ecirc;n t&acirc;m tuy&#7879;t &#273;&#7889;i v&#7873; d&#7883;ch v&#7909; khi mua h&agrave;ng.<\/p><p>Xem th&ecirc;m: M&aacute;y Ki&#7875;m Tra &#272;&#7897; Ch&agrave; V&agrave; M&agrave;i M&ograve;n (Hanatek Rub &amp; Abrasion Tester) Rhopoint Model RT4<\/p><p>T&#7893;ng K&#7871;t<br>\nM&aacute;y Ki&#7875;m Tra &#272;&#7897; B&#7873;n K&eacute;o Instron Model 68TM-30 l&agrave; l&#7921;a ch&#7885;n h&agrave;ng &#273;&#7847;u cho nh&#7919;ng doanh nghi&#7879;p v&agrave; ph&ograve;ng th&iacute; nghi&#7879;m &#273;&ograve;i h&#7887;i &#273;&#7897; ch&iacute;nh x&aacute;c cao, &#273;&#7897; tin c&#7853;y tuy&#7879;t &#273;&#7889;i v&agrave; kh&#7843; n&#259;ng th&#7917; nghi&#7879;m linh ho&#7841;t. V&#7899;i s&#7921; k&#7871;t h&#7907;p gi&#7919;a thi&#7871;t k&#7871; hi&#7879;n &#273;&#7841;i, ph&#7847;n m&#7873;m th&ocirc;ng minh v&agrave; d&#7883;ch v&#7909; to&agrave;n c&#7847;u, &#273;&acirc;y l&agrave; h&#7879; th&#7889;ng ki&#7875;m tra c&#417; l&yacute; to&agrave;n di&#7879;n, mang l&#7841;i gi&aacute; tr&#7883; b&#7873;n v&#7919;ng v&agrave; l&acirc;u d&agrave;i. H&atilde;y li&ecirc;n h&#7879; v&#7899;i V&#7841;n N&#259;ng ngay &#273;&#7875; &#273;&#432;&#7907;c t&#432; v&#7845;n chuy&ecirc;n s&acirc;u v&agrave; nh&#7853;n nh&#7919;ng &#432;u &#273;&atilde;i h&#7845;p d&#7851;n nh&#7845;t th&ocirc;ng qua hotline0903 991 335 !<\/p><div style=\"background-color: #f8fafc; border: 1px solid #e2e8f0; border-radius: 8px; padding: 25px; max-width: 800px; margin: 30px auto; color: #334155; line-height: 1.8; font-size: 17px; box-shadow: 0 4px 6px -1px rgba(0,0,0,0.05); text-align: left; clear: both;\">\nC&ocirc;ng ty TNHH Th&#432;&#417;ng M&#7841;i D&#7883;ch V&#7909; Thi&#7871;t B&#7883; C&ocirc;ng Ngh&#7879; V&#7841;n N&#259;ng\n<p style=\"margin: 0 0 10px 0;\">&#128205; <strong style=\"color: #1e293b;\">&#272;&#7883;a ch&#7881;:<\/strong> <a style=\"color: #059669; text-decoration: none; font-weight: bold;\" href=\"https:\/\/www.google.com\/maps\/search\/C%C3%B4ng+ty+TNHH+Th%C6%B0%C6%A1ng+M%E1%BA%A1i+D%E1%BB%8Bch+V%E1%BB%A5+Thi%E1%BA%BFt+B%E1%BB%8B+C%C3%B4ng+Ngh%E1%BB%87+V%E1%BA%A1n+N%C4%83ng+818+Tr%C6%B0%E1%BB%9Dng+Chinh\" target=\"_blank\" rel=\"noopener\">818 Tr&#432;&#7901;ng Chinh, Ph&#432;&#7901;ng T&acirc;n S&#417;n, Th&agrave;nh ph&#7889; H&#7891; Ch&iacute; Minh, Vi&#7879;t Nam<\/a><\/p>\n<p style=\"margin: 0 0 10px 0;\">&#128222; <strong style=\"color: #1e293b;\">S&#272;T &ndash; Zalo:<\/strong> <a style=\"color: #059669; text-decoration: none; font-weight: bold;\" href=\"https:\/\/zalo.me\/0903991335\" target=\"_blank\" rel=\"noopener\">0903 991 335<\/a> <span style=\"color: #64748b; font-style: italic;\">(Ms. H&#7841;nh &ndash; Gi&aacute;m &#272;&#7889;c Kinh Doanh)<\/span><\/p>\n<p style=\"margin: 0;\">&#9993;&#65039; <strong style=\"color: #1e293b;\">Email:<\/strong> <a style=\"color: #059669; text-decoration: none; font-weight: bold;\" href=\"mailto:hienhanh@vannangvn.com\">hienhanh@vannangvn.com<\/a><\/p>\n<\/div><\/h1>","protected":false},"excerpt":{"rendered":"<p><strong>Th&#432;&#417;ng hi&#7879;u:<\/strong> Instron<br>\n<strong>Model:<\/strong> 68TM-30<p>Product <strong>M&Aacute;Y KI&#7874;M TRA &#272;&#7896; B&#7872;N K&Eacute;O INSTRON MODEL 68TM-30<\/strong> ch&iacute;nh h&atilde;ng. Instron (Hoa K&#7923;)<br>\nM&aacute;y Ki&#7875;m Tra &#272;&#7897; B&#7873;n K&eacute;o Instron Model 68TM-30&nbsp;l&agrave; h&#7879; th&#7889;ng th&#7917; nghi&#7879;m &#273;a n&#259;ng mang l&#7841;i &#273;&#7897; ch&iacute;nh x&aacute;c &plusmn;0.5% v&agrave; t&#7889;c &#273;&#7897; thu th&#7853;p d&#7919; li&#7879;u 5 kHz. V&#7899;i kh&#7843; n&#259;ng th&#7921;c hi&#7879;n nhi&#7873;u ph&#432;&#417;ng ph&aacute;p k&eacute;o, n&eacute;n, u&#7889;n, m&aacute;y l&agrave; c&ocirc;ng c&#7909; l&yacute; t&#432;&#7903;ng &#273;&#7875; &#273;&#7843;m b&#7843;o ch&#7845;t l&#432;&#7907;ng v&agrave; n&acirc;ng cao V&#7841;n N&#259;ng R&amp;D.<\/p><\/p>","protected":false},"featured_media":0,"comment_status":"open","ping_status":"closed","template":"","meta":[],"product_brand":[],"product_cat":[18],"product_tag":[109,116,164,176,181,208,209,519,2470],"class_list":{"0":"post-7238","1":"product","2":"type-product","3":"status-publish","5":"product_cat-chua-phan-loai","6":"product_tag-may","7":"product_tag-model","8":"product_tag-instron","9":"product_tag-keo","10":"product_tag-do","11":"product_tag-kiem","12":"product_tag-tra","13":"product_tag-ben","14":"product_tag-68tm-30","16":"first","17":"instock","18":"shipping-taxable","19":"product-type-simple"},"yoast_head":"<!-- This site is optimized with the Yoast SEO Premium plugin v24.8 (Yoast SEO v24.8) - https:\/\/yoast.com\/wordpress\/plugins\/seo\/ -->\n<title>M\u00c1Y KI\u1ec2M TRA \u0110\u1ed8 B\u1ec0N K\u00c9O INSTRON MOD... ch\u00ednh h\u00e3ng | V\u1ea1n N\u0103ng<\/title>\n<meta name=\"description\" content=\"Mua ngay M\u00c1Y KI\u1ec2M TRA \u0110\u1ed8 B\u1ec0N K\u00c9O INSTRON MODEL 68TM-30 ch\u00ednh h\u00e3ng. M\u00e1y Ki\u1ec3m Tra \u0110\u1ed9 B\u1ec1n K\u00e9o Instron Model 68TM-30 l\u00e0 h\u1ec7 th\u1ed1ng th\u1eed n... Gi\u00e1 t\u1ed1t!\" \/>\n<meta name=\"robots\" content=\"noindex, follow, max-snippet:-1, max-image-preview:large, max-video-preview:-1\" \/>\n<meta property=\"og:locale\" content=\"en_US\" \/>\n<meta property=\"og:type\" content=\"article\" \/>\n<meta property=\"og:title\" content=\"M\u00c1Y KI\u1ec2M TRA \u0110\u1ed8 B\u1ec0N K\u00c9O INSTRON MODEL 68TM-30\" \/>\n<meta property=\"og:description\" content=\"Mua ngay M\u00c1Y KI\u1ec2M TRA \u0110\u1ed8 B\u1ec0N K\u00c9O INSTRON MODEL 68TM-30 ch\u00ednh h\u00e3ng. M\u00e1y Ki\u1ec3m Tra \u0110\u1ed9 B\u1ec1n K\u00e9o Instron Model 68TM-30 l\u00e0 h\u1ec7 th\u1ed1ng th\u1eed n... Gi\u00e1 t\u1ed1t!\" \/>\n<meta property=\"og:url\" content=\"https:\/\/vannangvn.123websitedev.com\/en\/product\/may-kiem-tra-do-ben-keo-instron-model-68tm-30\/\" \/>\n<meta property=\"og:site_name\" content=\"Vannang.vn\" \/>\n<meta property=\"article:modified_time\" content=\"2026-03-30T11:38:53+00:00\" \/>\n<meta name=\"twitter:card\" content=\"summary_large_image\" \/>\n<meta name=\"twitter:label1\" content=\"Est. reading time\" \/>\n\t<meta name=\"twitter:data1\" content=\"10 minutes\" \/>\n<script type=\"application\/ld+json\" class=\"yoast-schema-graph\">{\"@context\":\"https:\/\/schema.org\",\"@graph\":[{\"@type\":\"WebPage\",\"@id\":\"https:\/\/vannangvn.123websitedev.com\/san-pham\/may-kiem-tra-do-ben-keo-instron-model-68tm-30\/\",\"url\":\"https:\/\/vannangvn.123websitedev.com\/san-pham\/may-kiem-tra-do-ben-keo-instron-model-68tm-30\/\",\"name\":\"M\u00c1Y KI\u1ec2M TRA \u0110\u1ed8 B\u1ec0N K\u00c9O INSTRON MOD... ch\u00ednh h\u00e3ng | V\u1ea1n N\u0103ng\",\"isPartOf\":{\"@id\":\"https:\/\/vannangvn.123websitedev.com\/#website\"},\"datePublished\":\"2026-03-20T11:55:44+00:00\",\"dateModified\":\"2026-03-30T11:38:53+00:00\",\"description\":\"Mua ngay M\u00c1Y KI\u1ec2M TRA \u0110\u1ed8 B\u1ec0N K\u00c9O INSTRON MODEL 68TM-30 ch\u00ednh h\u00e3ng. M\u00e1y Ki\u1ec3m Tra \u0110\u1ed9 B\u1ec1n K\u00e9o Instron Model 68TM-30 l\u00e0 h\u1ec7 th\u1ed1ng th\u1eed n... Gi\u00e1 t\u1ed1t!\",\"breadcrumb\":{\"@id\":\"https:\/\/vannangvn.123websitedev.com\/san-pham\/may-kiem-tra-do-ben-keo-instron-model-68tm-30\/#breadcrumb\"},\"inLanguage\":\"en-US\",\"potentialAction\":[{\"@type\":\"ReadAction\",\"target\":[\"https:\/\/vannangvn.123websitedev.com\/san-pham\/may-kiem-tra-do-ben-keo-instron-model-68tm-30\/\"]}]},{\"@type\":\"BreadcrumbList\",\"@id\":\"https:\/\/vannangvn.123websitedev.com\/san-pham\/may-kiem-tra-do-ben-keo-instron-model-68tm-30\/#breadcrumb\",\"itemListElement\":[{\"@type\":\"ListItem\",\"position\":1,\"name\":\"Trang ch\u1ee7\",\"item\":\"https:\/\/vannangvn.123websitedev.com\/\"},{\"@type\":\"ListItem\",\"position\":2,\"name\":\"S\u1ea3n ph\u1ea9m\",\"item\":\"https:\/\/vannangvn.123websitedev.com\/cua-hang\/\"},{\"@type\":\"ListItem\",\"position\":3,\"name\":\"M\u00c1Y KI\u1ec2M TRA \u0110\u1ed8 B\u1ec0N K\u00c9O INSTRON MODEL 68TM-30\"}]},{\"@type\":\"WebSite\",\"@id\":\"https:\/\/vannangvn.123websitedev.com\/#website\",\"url\":\"https:\/\/vannangvn.123websitedev.com\/\",\"name\":\"Vannang.vn\",\"description\":\"\",\"publisher\":{\"@id\":\"https:\/\/vannangvn.123websitedev.com\/#organization\"},\"potentialAction\":[{\"@type\":\"SearchAction\",\"target\":{\"@type\":\"EntryPoint\",\"urlTemplate\":\"https:\/\/vannangvn.123websitedev.com\/?s={search_term_string}\"},\"query-input\":{\"@type\":\"PropertyValueSpecification\",\"valueRequired\":true,\"valueName\":\"search_term_string\"}}],\"inLanguage\":\"en-US\"},{\"@type\":\"Organization\",\"@id\":\"https:\/\/vannangvn.123websitedev.com\/#organization\",\"name\":\"Vannang.vn\",\"url\":\"https:\/\/vannangvn.123websitedev.com\/\",\"logo\":{\"@type\":\"ImageObject\",\"inLanguage\":\"en-US\",\"@id\":\"https:\/\/vannangvn.123websitedev.com\/#\/schema\/logo\/image\/\",\"url\":\"https:\/\/vannangvn.123websitedev.com\/wp-content\/uploads\/2026\/02\/logo-van-nang-02.png\",\"contentUrl\":\"https:\/\/vannangvn.123websitedev.com\/wp-content\/uploads\/2026\/02\/logo-van-nang-02.png\",\"width\":448,\"height\":111,\"caption\":\"Vannang.vn\"},\"image\":{\"@id\":\"https:\/\/vannangvn.123websitedev.com\/#\/schema\/logo\/image\/\"}}]}<\/script>\n<!-- \/ Yoast SEO Premium plugin. -->","yoast_head_json":{"title":"M\u00c1Y KI\u1ec2M TRA \u0110\u1ed8 B\u1ec0N K\u00c9O INSTRON MOD... ch\u00ednh h\u00e3ng | V\u1ea1n N\u0103ng","description":"Mua ngay M\u00c1Y KI\u1ec2M TRA \u0110\u1ed8 B\u1ec0N K\u00c9O INSTRON MODEL 68TM-30 ch\u00ednh h\u00e3ng. M\u00e1y Ki\u1ec3m Tra \u0110\u1ed9 B\u1ec1n K\u00e9o Instron Model 68TM-30 l\u00e0 h\u1ec7 th\u1ed1ng th\u1eed n... Gi\u00e1 t\u1ed1t!","robots":{"index":"noindex","follow":"follow","max-snippet":"max-snippet:-1","max-image-preview":"max-image-preview:large","max-video-preview":"max-video-preview:-1"},"og_locale":"en_US","og_type":"article","og_title":"M\u00c1Y KI\u1ec2M TRA \u0110\u1ed8 B\u1ec0N K\u00c9O INSTRON MODEL 68TM-30","og_description":"Mua ngay M\u00c1Y KI\u1ec2M TRA \u0110\u1ed8 B\u1ec0N K\u00c9O INSTRON MODEL 68TM-30 ch\u00ednh h\u00e3ng. M\u00e1y Ki\u1ec3m Tra \u0110\u1ed9 B\u1ec1n K\u00e9o Instron Model 68TM-30 l\u00e0 h\u1ec7 th\u1ed1ng th\u1eed n... Gi\u00e1 t\u1ed1t!","og_url":"https:\/\/vannangvn.123websitedev.com\/en\/product\/may-kiem-tra-do-ben-keo-instron-model-68tm-30\/","og_site_name":"Vannang.vn","article_modified_time":"2026-03-30T11:38:53+00:00","twitter_card":"summary_large_image","twitter_misc":{"Est. reading time":"10 minutes"},"schema":{"@context":"https:\/\/schema.org","@graph":[{"@type":"WebPage","@id":"https:\/\/vannangvn.123websitedev.com\/san-pham\/may-kiem-tra-do-ben-keo-instron-model-68tm-30\/","url":"https:\/\/vannangvn.123websitedev.com\/san-pham\/may-kiem-tra-do-ben-keo-instron-model-68tm-30\/","name":"M\u00c1Y KI\u1ec2M TRA \u0110\u1ed8 B\u1ec0N K\u00c9O INSTRON MOD... ch\u00ednh h\u00e3ng | V\u1ea1n N\u0103ng","isPartOf":{"@id":"https:\/\/vannangvn.123websitedev.com\/#website"},"datePublished":"2026-03-20T11:55:44+00:00","dateModified":"2026-03-30T11:38:53+00:00","description":"Mua ngay M\u00c1Y KI\u1ec2M TRA \u0110\u1ed8 B\u1ec0N K\u00c9O INSTRON MODEL 68TM-30 ch\u00ednh h\u00e3ng. M\u00e1y Ki\u1ec3m Tra \u0110\u1ed9 B\u1ec1n K\u00e9o Instron Model 68TM-30 l\u00e0 h\u1ec7 th\u1ed1ng th\u1eed n... Gi\u00e1 t\u1ed1t!","breadcrumb":{"@id":"https:\/\/vannangvn.123websitedev.com\/san-pham\/may-kiem-tra-do-ben-keo-instron-model-68tm-30\/#breadcrumb"},"inLanguage":"en-US","potentialAction":[{"@type":"ReadAction","target":["https:\/\/vannangvn.123websitedev.com\/san-pham\/may-kiem-tra-do-ben-keo-instron-model-68tm-30\/"]}]},{"@type":"BreadcrumbList","@id":"https:\/\/vannangvn.123websitedev.com\/san-pham\/may-kiem-tra-do-ben-keo-instron-model-68tm-30\/#breadcrumb","itemListElement":[{"@type":"ListItem","position":1,"name":"Trang ch\u1ee7","item":"https:\/\/vannangvn.123websitedev.com\/"},{"@type":"ListItem","position":2,"name":"S\u1ea3n ph\u1ea9m","item":"https:\/\/vannangvn.123websitedev.com\/cua-hang\/"},{"@type":"ListItem","position":3,"name":"M\u00c1Y KI\u1ec2M TRA \u0110\u1ed8 B\u1ec0N K\u00c9O INSTRON MODEL 68TM-30"}]},{"@type":"WebSite","@id":"https:\/\/vannangvn.123websitedev.com\/#website","url":"https:\/\/vannangvn.123websitedev.com\/","name":"Vannang.vn","description":"","publisher":{"@id":"https:\/\/vannangvn.123websitedev.com\/#organization"},"potentialAction":[{"@type":"SearchAction","target":{"@type":"EntryPoint","urlTemplate":"https:\/\/vannangvn.123websitedev.com\/?s={search_term_string}"},"query-input":{"@type":"PropertyValueSpecification","valueRequired":true,"valueName":"search_term_string"}}],"inLanguage":"en-US"},{"@type":"Organization","@id":"https:\/\/vannangvn.123websitedev.com\/#organization","name":"Vannang.vn","url":"https:\/\/vannangvn.123websitedev.com\/","logo":{"@type":"ImageObject","inLanguage":"en-US","@id":"https:\/\/vannangvn.123websitedev.com\/#\/schema\/logo\/image\/","url":"https:\/\/vannangvn.123websitedev.com\/wp-content\/uploads\/2026\/02\/logo-van-nang-02.png","contentUrl":"https:\/\/vannangvn.123websitedev.com\/wp-content\/uploads\/2026\/02\/logo-van-nang-02.png","width":448,"height":111,"caption":"Vannang.vn"},"image":{"@id":"https:\/\/vannangvn.123websitedev.com\/#\/schema\/logo\/image\/"}}]}},"_links":{"self":[{"href":"https:\/\/vannangvn.123websitedev.com\/en\/wp-json\/wp\/v2\/product\/7238","targetHints":{"allow":["GET"]}}],"collection":[{"href":"https:\/\/vannangvn.123websitedev.com\/en\/wp-json\/wp\/v2\/product"}],"about":[{"href":"https:\/\/vannangvn.123websitedev.com\/en\/wp-json\/wp\/v2\/types\/product"}],"replies":[{"embeddable":true,"href":"https:\/\/vannangvn.123websitedev.com\/en\/wp-json\/wp\/v2\/comments?post=7238"}],"wp:attachment":[{"href":"https:\/\/vannangvn.123websitedev.com\/en\/wp-json\/wp\/v2\/media?parent=7238"}],"wp:term":[{"taxonomy":"product_brand","embeddable":true,"href":"https:\/\/vannangvn.123websitedev.com\/en\/wp-json\/wp\/v2\/product_brand?post=7238"},{"taxonomy":"product_cat","embeddable":true,"href":"https:\/\/vannangvn.123websitedev.com\/en\/wp-json\/wp\/v2\/product_cat?post=7238"},{"taxonomy":"product_tag","embeddable":true,"href":"https:\/\/vannangvn.123websitedev.com\/en\/wp-json\/wp\/v2\/product_tag?post=7238"}],"curies":[{"name":"wp","href":"https:\/\/api.w.org\/{rel}","templated":true}]}}