{"id":7271,"date":"2026-03-20T18:56:25","date_gmt":"2026-03-20T11:56:25","guid":{"rendered":"https:\/\/vannangvn.123websitedev.com\/san-pham\/may-kiem-tra-do-chong-nuoc-cua-vat-lieu-gotech-model-gt-7071-mw\/"},"modified":"2026-03-30T18:39:43","modified_gmt":"2026-03-30T11:39:43","slug":"may-kiem-tra-do-chong-nuoc-cua-vat-lieu-gotech-model-gt-7071-mw","status":"publish","type":"product","link":"https:\/\/vannangvn.123websitedev.com\/en\/product\/may-kiem-tra-do-chong-nuoc-cua-vat-lieu-gotech-model-gt-7071-mw\/","title":{"rendered":"M\u00c1Y KI\u1ec2M TRA \u0110\u1ed8 CH\u1ed0NG N\u01af\u1edaC C\u1ee6A V\u1eacT LI\u1ec6U GOTECH MODEL GT-7071-MW"},"content":{"rendered":"<h1 style=\"color: red; font-weight: bold; font-size: 24px;\">T&#7893;ng quan s&#7843;n ph&#7849;m M&Aacute;Y KI&#7874;M TRA &#272;&#7896; CH&#7888;NG N&#431;&#7898;C C&#7910;A V&#7852;T LI&#7878;U GOTECH MODEL GT-7071-MW<p>M&aacute;y Ki&#7875;m Tra &#272;&#7897; Ch&#7889;ng N&#432;&#7899;c C&#7911;a V&#7853;t Li&#7879;u (MAESER Water Penetration Tester) Gotech Model GT-7071-MW<\/p><p>The GT-7071-MW is specifically designed to determine the dynamic water resistance of materials such as leather, synthetic leather, and fabrics.<br>\nDuring the dynamic water resistance test, the test specimens, shaped as troughs, are immersed in water and then subjected to flexing on the GT-7071-MW to evaluate their resistance to water penetration.<\/p><p>Xem th&ecirc;m: M&aacute;y &#272;o &#272;&#7897; D&agrave;y L&#7899;p Ph&#7911; (Coating Thickness Gauge) Elcometer Model Elcometer 456<\/p><p>Standards<\/p><p>ASTM D2099<br>\nSATRA TM34<\/p><p>Principle Of GT-7071-MW<br>\nThe MAESER water penetration tester is specifically designed to determine the dynamic water resistance across various types of materials. During the test, the test specimens, folded as troughs, are sealed and secured in two V-clamps. They are then subjected to repeated flexing at a constant speed in water to evaluate their resistance to water penetration.<br>\nWide material applications:<br>\nThe Maeser water penetration tester is well-suited for assessing the resistance to water penetration across various materials, including leather, synthetic leather, and fabrics.<br>\nDynamic water penetration assessment:<br>\nCompared to static testing, assessing the resistance of materials to water penetration using dynamic water penetration method closely simulates real-world scenarios, providing more accurate evaluations.<br>\nV-shaped clamps:<br>\nSpecimens are securely folded in V-shaped clamps during flexing, ensuring accurate and authentic test results.<br>\nFlexing in wet conditions:<br>\nSpecimens are flexed in water to simulate authentic wetting scenarios, replicating how materials respond to flexing while immersed in water in real world conditions.<br>\nIncreasing R&amp;D efficiency:<br>\nAssists manufacturers in improving the efficiency of research and development, speeding up product innovation.<br>\nStandard conformity:<br>\nEnsures that products meet industry standards and satisfy quality expectations in the market.<\/p><p>Feature<\/p><p>Multi-station design: Allows multiple specimens to be tested simultaneously without interference, significantly increasing work efficiency.<br>\nWater penetration detector: Equipped with resistance detector and alarm system to indicate whether the test specimen has been penetrated, ensuring test efficiency and reliability.<br>\nIntuitive interface: The intuitive and easy-to-use interface allows operators to quickly learn how to operate the instrument.<\/p><p>Nh&#7919;ng L&yacute; Do N&ecirc;n Mua M&aacute;y Ki&#7875;m Tra &#272;&#7897; Ch&#7889;ng N&#432;&#7899;c C&#7911;a V&#7853;t Li&#7879;u T&#7841;i V&#7841;n N&#259;ng<\/p><p>C&ocirc;ng ty Thi&#7871;t B&#7883; C&ocirc;ng Ngh&#7879; V&#7841;n N&#259;ng l&agrave; &#273;&#7889;i t&aacute;c ch&iacute;nh th&#7913;c ph&acirc;n ph&#7889;i M&aacute;y Ki&#7875;m Tra &#272;&#7897; Ch&#7889;ng N&#432;&#7899;c C&#7911;a V&#7853;t Li&#7879;u h&agrave;ng &#273;&#7847;u t&#7841;i Vi&#7879;t Nam, cam k&#7871;t cung c&#7845;p s&#7843;n ph&#7849;m ch&iacute;nh h&atilde;ng v&#7899;i gi&aacute; c&#7843; c&#7841;nh tranh nh&#7845;t th&#7883; tr&#432;&#7901;ng. V&#7899;i uy t&iacute;n tr&ecirc;n th&#7883; tr&#432;&#7901;ng v&agrave; ch&#7871; &#273;&#7897; h&#7851;u m&atilde;i t&#7889;t, Thi&#7871;t B&#7883; C&ocirc;ng Ngh&#7879; V&#7841;n N&#259;ng &#273;&atilde; nh&#7853;n &#273;&#432;&#7907;c s&#7921; tin t&#432;&#7903;ng t&#7915; kh&aacute;ch h&agrave;ng nh&#7901; v&agrave;o ch&#7845;t l&#432;&#7907;ng h&agrave;ng &#273;&#7847;u c&#7911;a c&aacute;c d&ograve;ng s&#7843;n ph&#7849;m.<br>\nS&#7843;n ph&#7849;m c&#7911;a ch&uacute;ng t&ocirc;i &#273;&#432;&#7907;c ki&#7875;m &#273;&#7883;nh ch&#7845;t l&#432;&#7907;ng, nh&#7853;p kh&#7849;u tr&#7921;c ti&#7871;p t&#7915; nh&agrave; m&aacute;y b&ecirc;n Ch&acirc;u &Acirc;u, M&#7929;, &Uacute;c, Nh&#7853;t B&#7843;n,&hellip; v&agrave; &#273;&aacute;p &#7913;ng nhu c&#7847;u &#273;a d&#7841;ng c&#7911;a th&#7883; tr&#432;&#7901;ng nh&#432;: M&aacute;y &#272;o &#272;&#7897; C&#7913;ng, M&aacute;y Ph&acirc;n T&iacute;ch Th&agrave;nh Ph&#7847;n Kim Lo&#7841;i, H&#7879; Th&#7889;ng Ki&#7875;m Tra &#272;&#432;&#7901;ng Gh&eacute;p M&iacute; Lon T&#7921; &#272;&#7897;ng,&hellip; Ch&uacute;ng t&ocirc;i cam k&#7871;t cung c&#7845;p s&#7843;n ph&#7849;m n&agrave;y tr&ecirc;n to&agrave;n qu&#7889;c v&#7899;i gi&aacute; c&#7843; c&#7841;nh tranh nh&#7845;t.<br>\nCh&uacute;ng t&ocirc;i c&oacute; &#273;&#7897;i ng&#361; chuy&ecirc;n vi&ecirc;n t&#432; v&#7845;n chuy&ecirc;n s&acirc;u s&#7869; h&#7895; tr&#7907; kh&aacute;ch h&agrave;ng v&#7873; chi ti&#7871;t s&#7843;n ph&#7849;m, h&#432;&#7899;ng d&#7851;n s&#7917; d&#7909;ng hay nh&#7919;ng th&#7913; li&ecirc;n quan &#273;&#7871;n v&#7845;n &#273;&#7873; m&agrave; doanh nghi&#7879;p b&#7841;n &#273;ang g&#7863;p ph&#7843;i. Ch&uacute;ng t&ocirc;i s&#7869; cung c&#7845;p nh&#7919;ng gi&#7843;i ph&aacute;p t&#7889;i &#432;u nh&#7845;t!<br>\nNgo&agrave;i ra Thi&#7871;t B&#7883; C&ocirc;ng Ngh&#7879; V&#7841;n N&#259;ng Ch&uacute;ng T&ocirc;i lu&ocirc;n h&#432;&#7899;ng &#273;&#7871;n tr&#7843;i nghi&#7879;m kh&aacute;ch h&agrave;ng, v&igrave; v&#7853;y ch&uacute;ng t&ocirc;i c&oacute; nh&#7919;ng ch&iacute;nh s&aacute;ch b&#7843;o h&agrave;nh, b&#7843;o tr&igrave; &ndash; b&#7843;o d&#432;&#7905;ng, hi&#7879;u chu&#7849;n v&#7899;i t&#7845;t c&#7843; c&aacute;c thi&#7871;t b&#7883;, m&aacute;y m&oacute;c m&agrave; ch&uacute;ng t&ocirc;i cung c&#7845;p. &#272;&#7843;m b&#7843;o mang &#273;&#7871;n cho Kh&aacute;ch h&agrave;ng s&#7921; y&ecirc;n t&acirc;m tuy&#7879;t &#273;&#7889;i v&#7873; d&#7883;ch v&#7909; khi mua h&agrave;ng.<\/p><p>Xem th&ecirc;m: T&#7911; &#272;&ocirc;ng Ph&ograve;ng Th&iacute; Nghi&#7879;m Biuged Model DW-25L92<\/p><p>H&atilde;y li&ecirc;n h&#7879; ngay v&#7899;i V&#7841;n N&#259;ng &#273;&#7875; &#273;&#432;&#7907;c t&#432; v&#7845;n chi ti&#7871;t v&agrave; nh&#7853;n ngay nh&#7919;ng &#432;u &#273;&atilde;i h&#7845;p d&#7851;n th&ocirc;ng qua hotline\/zalo: <a href=\"https:\/\/zalo.me\/0903991335\" target=\"_blank\" rel=\"noopener\" style=\"color: #059669; font-weight: bold; text-decoration: none;\">0903 991 335<\/a><\/p><div style=\"background-color: #f8fafc; border: 1px solid #e2e8f0; border-radius: 8px; padding: 25px; max-width: 800px; margin: 30px auto; color: #334155; line-height: 1.8; font-size: 17px; box-shadow: 0 4px 6px -1px rgba(0,0,0,0.05); text-align: left; clear: both;\">\nC&ocirc;ng ty TNHH Th&#432;&#417;ng M&#7841;i D&#7883;ch V&#7909; Thi&#7871;t B&#7883; C&ocirc;ng Ngh&#7879; V&#7841;n N&#259;ng\n<p style=\"margin: 0 0 10px 0;\">&#128205; <strong style=\"color: #1e293b;\">&#272;&#7883;a ch&#7881;:<\/strong> <a style=\"color: #059669; text-decoration: none; font-weight: bold;\" href=\"https:\/\/www.google.com\/maps\/search\/C%C3%B4ng+ty+TNHH+Th%C6%B0%C6%A1ng+M%E1%BA%A1i+D%E1%BB%8Bch+V%E1%BB%A5+Thi%E1%BA%BFt+B%E1%BB%8B+C%C3%B4ng+Ngh%E1%BB%87+V%E1%BA%A1n+N%C4%83ng+818+Tr%C6%B0%E1%BB%9Dng+Chinh\" target=\"_blank\" rel=\"noopener\">818 Tr&#432;&#7901;ng Chinh, Ph&#432;&#7901;ng T&acirc;n S&#417;n, Th&agrave;nh ph&#7889; H&#7891; Ch&iacute; Minh, Vi&#7879;t Nam<\/a><\/p>\n<p style=\"margin: 0 0 10px 0;\">&#128222; <strong style=\"color: #1e293b;\">S&#272;T &ndash; Zalo:<\/strong> <a style=\"color: #059669; text-decoration: none; font-weight: bold;\" href=\"https:\/\/zalo.me\/0903991335\" target=\"_blank\" rel=\"noopener\">0903 991 335<\/a> <span style=\"color: #64748b; font-style: italic;\">(Ms. H&#7841;nh &ndash; Gi&aacute;m &#272;&#7889;c Kinh Doanh)<\/span><\/p>\n<p style=\"margin: 0;\">&#9993;&#65039; <strong style=\"color: #1e293b;\">Email:<\/strong> <a style=\"color: #059669; text-decoration: none; font-weight: bold;\" href=\"mailto:hienhanh@vannangvn.com\">hienhanh@vannangvn.com<\/a><\/p>\n<\/div><\/h1>","protected":false},"excerpt":{"rendered":"<p><strong>Th&#432;&#417;ng hi&#7879;u:<\/strong> Gotech Testing Machines<br>\n<strong>Model:<\/strong> GT-7071-MW<p>Product <strong>M&Aacute;Y KI&#7874;M TRA &#272;&#7896; CH&#7888;NG N&#431;&#7898;C C&#7910;A V&#7852;T LI&#7878;U GOTECH MODEL GT-7071-MW<\/strong> ch&iacute;nh h&atilde;ng. Gotech Testing Machines (China)<br>\nM&aacute;y Ki&#7875;m Tra &#272;&#7897; Ch&#7889;ng N&#432;&#7899;c C&#7911;a V&#7853;t Li&#7879;u (MAESER Water Penetration Tester) Gotech Model GT-7071-MW<\/p><\/p>","protected":false},"featured_media":9637,"comment_status":"open","ping_status":"closed","template":"","meta":[],"product_brand":[],"product_cat":[18],"product_tag":[109,116,181,208,209,224,417,561,562,775,1562,2519],"class_list":{"0":"post-7271","1":"product","2":"type-product","3":"status-publish","4":"has-post-thumbnail","6":"product_cat-chua-phan-loai","7":"product_tag-may","8":"product_tag-model","9":"product_tag-do","10":"product_tag-kiem","11":"product_tag-tra","12":"product_tag-cua","13":"product_tag-nuoc","14":"product_tag-vat","15":"product_tag-lieu","16":"product_tag-chong","17":"product_tag-gotech","18":"product_tag-gt-7071-mw","20":"first","21":"instock","22":"shipping-taxable","23":"product-type-simple"},"yoast_head":"<!-- This site is optimized with the Yoast SEO Premium plugin v24.8 (Yoast SEO v24.8) - https:\/\/yoast.com\/wordpress\/plugins\/seo\/ -->\n<title>M\u00c1Y KI\u1ec2M TRA \u0110\u1ed8 CH\u1ed0NG N\u01af\u1edaC C\u1ee6A V\u1eacT ... ch\u00ednh h\u00e3ng | V\u1ea1n N\u0103ng<\/title>\n<meta name=\"description\" content=\"Mua ngay M\u00c1Y KI\u1ec2M TRA \u0110\u1ed8 CH\u1ed0NG N\u01af\u1edaC C\u1ee6A V\u1eacT LI\u1ec6U GOTECH MODEL GT-7071-MW ch\u00ednh h\u00e3ng. M\u00e1y Ki\u1ec3m Tra \u0110\u1ed9 Ch\u1ed1ng N\u01b0\u1edbc C\u1ee7a V\u1eadt Li\u1ec7u (MAES... Gi\u00e1 t\u1ed1t!\" \/>\n<meta name=\"robots\" content=\"noindex, follow, max-snippet:-1, max-image-preview:large, max-video-preview:-1\" \/>\n<meta property=\"og:locale\" content=\"en_US\" \/>\n<meta property=\"og:type\" content=\"article\" \/>\n<meta property=\"og:title\" content=\"M\u00c1Y KI\u1ec2M TRA \u0110\u1ed8 CH\u1ed0NG N\u01af\u1edaC C\u1ee6A V\u1eacT LI\u1ec6U GOTECH MODEL GT-7071-MW\" \/>\n<meta property=\"og:description\" content=\"Mua ngay M\u00c1Y KI\u1ec2M TRA \u0110\u1ed8 CH\u1ed0NG N\u01af\u1edaC C\u1ee6A V\u1eacT LI\u1ec6U GOTECH MODEL GT-7071-MW ch\u00ednh h\u00e3ng. M\u00e1y Ki\u1ec3m Tra \u0110\u1ed9 Ch\u1ed1ng N\u01b0\u1edbc C\u1ee7a V\u1eadt Li\u1ec7u (MAES... Gi\u00e1 t\u1ed1t!\" \/>\n<meta property=\"og:url\" content=\"https:\/\/vannangvn.123websitedev.com\/en\/product\/may-kiem-tra-do-chong-nuoc-cua-vat-lieu-gotech-model-gt-7071-mw\/\" \/>\n<meta property=\"og:site_name\" content=\"Vannang.vn\" \/>\n<meta property=\"article:modified_time\" content=\"2026-03-30T11:39:43+00:00\" \/>\n<meta property=\"og:image\" content=\"http:\/\/vannangvn.123websitedev.com\/wp-content\/uploads\/2026\/03\/GT-7071-MW-768x576-copy.jpg\" \/>\n\t<meta property=\"og:image:width\" content=\"768\" \/>\n\t<meta property=\"og:image:height\" content=\"576\" \/>\n\t<meta property=\"og:image:type\" content=\"image\/jpeg\" \/>\n<meta name=\"twitter:card\" content=\"summary_large_image\" \/>\n<meta name=\"twitter:label1\" content=\"Est. reading time\" \/>\n\t<meta name=\"twitter:data1\" content=\"5 minutes\" \/>\n<script type=\"application\/ld+json\" class=\"yoast-schema-graph\">{\"@context\":\"https:\/\/schema.org\",\"@graph\":[{\"@type\":\"WebPage\",\"@id\":\"https:\/\/vannangvn.123websitedev.com\/san-pham\/may-kiem-tra-do-chong-nuoc-cua-vat-lieu-gotech-model-gt-7071-mw\/\",\"url\":\"https:\/\/vannangvn.123websitedev.com\/san-pham\/may-kiem-tra-do-chong-nuoc-cua-vat-lieu-gotech-model-gt-7071-mw\/\",\"name\":\"M\u00c1Y KI\u1ec2M TRA \u0110\u1ed8 CH\u1ed0NG N\u01af\u1edaC C\u1ee6A V\u1eacT ... ch\u00ednh h\u00e3ng | V\u1ea1n N\u0103ng\",\"isPartOf\":{\"@id\":\"https:\/\/vannangvn.123websitedev.com\/#website\"},\"primaryImageOfPage\":{\"@id\":\"https:\/\/vannangvn.123websitedev.com\/san-pham\/may-kiem-tra-do-chong-nuoc-cua-vat-lieu-gotech-model-gt-7071-mw\/#primaryimage\"},\"image\":{\"@id\":\"https:\/\/vannangvn.123websitedev.com\/san-pham\/may-kiem-tra-do-chong-nuoc-cua-vat-lieu-gotech-model-gt-7071-mw\/#primaryimage\"},\"thumbnailUrl\":\"https:\/\/vannangvn.123websitedev.com\/wp-content\/uploads\/2026\/03\/GT-7071-MW-768x576-copy.jpg\",\"datePublished\":\"2026-03-20T11:56:25+00:00\",\"dateModified\":\"2026-03-30T11:39:43+00:00\",\"description\":\"Mua ngay M\u00c1Y KI\u1ec2M TRA \u0110\u1ed8 CH\u1ed0NG N\u01af\u1edaC C\u1ee6A V\u1eacT LI\u1ec6U GOTECH MODEL GT-7071-MW ch\u00ednh h\u00e3ng. M\u00e1y Ki\u1ec3m Tra \u0110\u1ed9 Ch\u1ed1ng N\u01b0\u1edbc C\u1ee7a V\u1eadt Li\u1ec7u (MAES... Gi\u00e1 t\u1ed1t!\",\"breadcrumb\":{\"@id\":\"https:\/\/vannangvn.123websitedev.com\/san-pham\/may-kiem-tra-do-chong-nuoc-cua-vat-lieu-gotech-model-gt-7071-mw\/#breadcrumb\"},\"inLanguage\":\"en-US\",\"potentialAction\":[{\"@type\":\"ReadAction\",\"target\":[\"https:\/\/vannangvn.123websitedev.com\/san-pham\/may-kiem-tra-do-chong-nuoc-cua-vat-lieu-gotech-model-gt-7071-mw\/\"]}]},{\"@type\":\"ImageObject\",\"inLanguage\":\"en-US\",\"@id\":\"https:\/\/vannangvn.123websitedev.com\/san-pham\/may-kiem-tra-do-chong-nuoc-cua-vat-lieu-gotech-model-gt-7071-mw\/#primaryimage\",\"url\":\"https:\/\/vannangvn.123websitedev.com\/wp-content\/uploads\/2026\/03\/GT-7071-MW-768x576-copy.jpg\",\"contentUrl\":\"https:\/\/vannangvn.123websitedev.com\/wp-content\/uploads\/2026\/03\/GT-7071-MW-768x576-copy.jpg\",\"width\":768,\"height\":576},{\"@type\":\"BreadcrumbList\",\"@id\":\"https:\/\/vannangvn.123websitedev.com\/san-pham\/may-kiem-tra-do-chong-nuoc-cua-vat-lieu-gotech-model-gt-7071-mw\/#breadcrumb\",\"itemListElement\":[{\"@type\":\"ListItem\",\"position\":1,\"name\":\"Trang ch\u1ee7\",\"item\":\"https:\/\/vannangvn.123websitedev.com\/\"},{\"@type\":\"ListItem\",\"position\":2,\"name\":\"S\u1ea3n ph\u1ea9m\",\"item\":\"https:\/\/vannangvn.123websitedev.com\/cua-hang\/\"},{\"@type\":\"ListItem\",\"position\":3,\"name\":\"M\u00c1Y KI\u1ec2M TRA \u0110\u1ed8 CH\u1ed0NG N\u01af\u1edaC C\u1ee6A V\u1eacT LI\u1ec6U GOTECH MODEL GT-7071-MW\"}]},{\"@type\":\"WebSite\",\"@id\":\"https:\/\/vannangvn.123websitedev.com\/#website\",\"url\":\"https:\/\/vannangvn.123websitedev.com\/\",\"name\":\"Vannang.vn\",\"description\":\"\",\"publisher\":{\"@id\":\"https:\/\/vannangvn.123websitedev.com\/#organization\"},\"potentialAction\":[{\"@type\":\"SearchAction\",\"target\":{\"@type\":\"EntryPoint\",\"urlTemplate\":\"https:\/\/vannangvn.123websitedev.com\/?s={search_term_string}\"},\"query-input\":{\"@type\":\"PropertyValueSpecification\",\"valueRequired\":true,\"valueName\":\"search_term_string\"}}],\"inLanguage\":\"en-US\"},{\"@type\":\"Organization\",\"@id\":\"https:\/\/vannangvn.123websitedev.com\/#organization\",\"name\":\"Vannang.vn\",\"url\":\"https:\/\/vannangvn.123websitedev.com\/\",\"logo\":{\"@type\":\"ImageObject\",\"inLanguage\":\"en-US\",\"@id\":\"https:\/\/vannangvn.123websitedev.com\/#\/schema\/logo\/image\/\",\"url\":\"https:\/\/vannangvn.123websitedev.com\/wp-content\/uploads\/2026\/02\/logo-van-nang-02.png\",\"contentUrl\":\"https:\/\/vannangvn.123websitedev.com\/wp-content\/uploads\/2026\/02\/logo-van-nang-02.png\",\"width\":448,\"height\":111,\"caption\":\"Vannang.vn\"},\"image\":{\"@id\":\"https:\/\/vannangvn.123websitedev.com\/#\/schema\/logo\/image\/\"}}]}<\/script>\n<!-- \/ Yoast SEO Premium plugin. -->","yoast_head_json":{"title":"M\u00c1Y KI\u1ec2M TRA \u0110\u1ed8 CH\u1ed0NG N\u01af\u1edaC C\u1ee6A V\u1eacT ... ch\u00ednh h\u00e3ng | V\u1ea1n N\u0103ng","description":"Mua ngay M\u00c1Y KI\u1ec2M TRA \u0110\u1ed8 CH\u1ed0NG N\u01af\u1edaC C\u1ee6A V\u1eacT LI\u1ec6U GOTECH MODEL GT-7071-MW ch\u00ednh h\u00e3ng. M\u00e1y Ki\u1ec3m Tra \u0110\u1ed9 Ch\u1ed1ng N\u01b0\u1edbc C\u1ee7a V\u1eadt Li\u1ec7u (MAES... Gi\u00e1 t\u1ed1t!","robots":{"index":"noindex","follow":"follow","max-snippet":"max-snippet:-1","max-image-preview":"max-image-preview:large","max-video-preview":"max-video-preview:-1"},"og_locale":"en_US","og_type":"article","og_title":"M\u00c1Y KI\u1ec2M TRA \u0110\u1ed8 CH\u1ed0NG N\u01af\u1edaC C\u1ee6A V\u1eacT LI\u1ec6U GOTECH MODEL GT-7071-MW","og_description":"Mua ngay M\u00c1Y KI\u1ec2M TRA \u0110\u1ed8 CH\u1ed0NG N\u01af\u1edaC C\u1ee6A V\u1eacT LI\u1ec6U GOTECH MODEL GT-7071-MW ch\u00ednh h\u00e3ng. M\u00e1y Ki\u1ec3m Tra \u0110\u1ed9 Ch\u1ed1ng N\u01b0\u1edbc C\u1ee7a V\u1eadt Li\u1ec7u (MAES... Gi\u00e1 t\u1ed1t!","og_url":"https:\/\/vannangvn.123websitedev.com\/en\/product\/may-kiem-tra-do-chong-nuoc-cua-vat-lieu-gotech-model-gt-7071-mw\/","og_site_name":"Vannang.vn","article_modified_time":"2026-03-30T11:39:43+00:00","og_image":[{"width":768,"height":576,"url":"http:\/\/vannangvn.123websitedev.com\/wp-content\/uploads\/2026\/03\/GT-7071-MW-768x576-copy.jpg","type":"image\/jpeg"}],"twitter_card":"summary_large_image","twitter_misc":{"Est. reading time":"5 minutes"},"schema":{"@context":"https:\/\/schema.org","@graph":[{"@type":"WebPage","@id":"https:\/\/vannangvn.123websitedev.com\/san-pham\/may-kiem-tra-do-chong-nuoc-cua-vat-lieu-gotech-model-gt-7071-mw\/","url":"https:\/\/vannangvn.123websitedev.com\/san-pham\/may-kiem-tra-do-chong-nuoc-cua-vat-lieu-gotech-model-gt-7071-mw\/","name":"M\u00c1Y KI\u1ec2M TRA \u0110\u1ed8 CH\u1ed0NG N\u01af\u1edaC C\u1ee6A V\u1eacT ... ch\u00ednh h\u00e3ng | V\u1ea1n N\u0103ng","isPartOf":{"@id":"https:\/\/vannangvn.123websitedev.com\/#website"},"primaryImageOfPage":{"@id":"https:\/\/vannangvn.123websitedev.com\/san-pham\/may-kiem-tra-do-chong-nuoc-cua-vat-lieu-gotech-model-gt-7071-mw\/#primaryimage"},"image":{"@id":"https:\/\/vannangvn.123websitedev.com\/san-pham\/may-kiem-tra-do-chong-nuoc-cua-vat-lieu-gotech-model-gt-7071-mw\/#primaryimage"},"thumbnailUrl":"https:\/\/vannangvn.123websitedev.com\/wp-content\/uploads\/2026\/03\/GT-7071-MW-768x576-copy.jpg","datePublished":"2026-03-20T11:56:25+00:00","dateModified":"2026-03-30T11:39:43+00:00","description":"Mua ngay M\u00c1Y KI\u1ec2M TRA \u0110\u1ed8 CH\u1ed0NG N\u01af\u1edaC C\u1ee6A V\u1eacT LI\u1ec6U GOTECH MODEL GT-7071-MW ch\u00ednh h\u00e3ng. M\u00e1y Ki\u1ec3m Tra \u0110\u1ed9 Ch\u1ed1ng N\u01b0\u1edbc C\u1ee7a V\u1eadt Li\u1ec7u (MAES... Gi\u00e1 t\u1ed1t!","breadcrumb":{"@id":"https:\/\/vannangvn.123websitedev.com\/san-pham\/may-kiem-tra-do-chong-nuoc-cua-vat-lieu-gotech-model-gt-7071-mw\/#breadcrumb"},"inLanguage":"en-US","potentialAction":[{"@type":"ReadAction","target":["https:\/\/vannangvn.123websitedev.com\/san-pham\/may-kiem-tra-do-chong-nuoc-cua-vat-lieu-gotech-model-gt-7071-mw\/"]}]},{"@type":"ImageObject","inLanguage":"en-US","@id":"https:\/\/vannangvn.123websitedev.com\/san-pham\/may-kiem-tra-do-chong-nuoc-cua-vat-lieu-gotech-model-gt-7071-mw\/#primaryimage","url":"https:\/\/vannangvn.123websitedev.com\/wp-content\/uploads\/2026\/03\/GT-7071-MW-768x576-copy.jpg","contentUrl":"https:\/\/vannangvn.123websitedev.com\/wp-content\/uploads\/2026\/03\/GT-7071-MW-768x576-copy.jpg","width":768,"height":576},{"@type":"BreadcrumbList","@id":"https:\/\/vannangvn.123websitedev.com\/san-pham\/may-kiem-tra-do-chong-nuoc-cua-vat-lieu-gotech-model-gt-7071-mw\/#breadcrumb","itemListElement":[{"@type":"ListItem","position":1,"name":"Trang ch\u1ee7","item":"https:\/\/vannangvn.123websitedev.com\/"},{"@type":"ListItem","position":2,"name":"S\u1ea3n ph\u1ea9m","item":"https:\/\/vannangvn.123websitedev.com\/cua-hang\/"},{"@type":"ListItem","position":3,"name":"M\u00c1Y KI\u1ec2M TRA \u0110\u1ed8 CH\u1ed0NG N\u01af\u1edaC C\u1ee6A V\u1eacT LI\u1ec6U GOTECH MODEL GT-7071-MW"}]},{"@type":"WebSite","@id":"https:\/\/vannangvn.123websitedev.com\/#website","url":"https:\/\/vannangvn.123websitedev.com\/","name":"Vannang.vn","description":"","publisher":{"@id":"https:\/\/vannangvn.123websitedev.com\/#organization"},"potentialAction":[{"@type":"SearchAction","target":{"@type":"EntryPoint","urlTemplate":"https:\/\/vannangvn.123websitedev.com\/?s={search_term_string}"},"query-input":{"@type":"PropertyValueSpecification","valueRequired":true,"valueName":"search_term_string"}}],"inLanguage":"en-US"},{"@type":"Organization","@id":"https:\/\/vannangvn.123websitedev.com\/#organization","name":"Vannang.vn","url":"https:\/\/vannangvn.123websitedev.com\/","logo":{"@type":"ImageObject","inLanguage":"en-US","@id":"https:\/\/vannangvn.123websitedev.com\/#\/schema\/logo\/image\/","url":"https:\/\/vannangvn.123websitedev.com\/wp-content\/uploads\/2026\/02\/logo-van-nang-02.png","contentUrl":"https:\/\/vannangvn.123websitedev.com\/wp-content\/uploads\/2026\/02\/logo-van-nang-02.png","width":448,"height":111,"caption":"Vannang.vn"},"image":{"@id":"https:\/\/vannangvn.123websitedev.com\/#\/schema\/logo\/image\/"}}]}},"_links":{"self":[{"href":"https:\/\/vannangvn.123websitedev.com\/en\/wp-json\/wp\/v2\/product\/7271","targetHints":{"allow":["GET"]}}],"collection":[{"href":"https:\/\/vannangvn.123websitedev.com\/en\/wp-json\/wp\/v2\/product"}],"about":[{"href":"https:\/\/vannangvn.123websitedev.com\/en\/wp-json\/wp\/v2\/types\/product"}],"replies":[{"embeddable":true,"href":"https:\/\/vannangvn.123websitedev.com\/en\/wp-json\/wp\/v2\/comments?post=7271"}],"wp:featuredmedia":[{"embeddable":true,"href":"https:\/\/vannangvn.123websitedev.com\/en\/wp-json\/wp\/v2\/media\/9637"}],"wp:attachment":[{"href":"https:\/\/vannangvn.123websitedev.com\/en\/wp-json\/wp\/v2\/media?parent=7271"}],"wp:term":[{"taxonomy":"product_brand","embeddable":true,"href":"https:\/\/vannangvn.123websitedev.com\/en\/wp-json\/wp\/v2\/product_brand?post=7271"},{"taxonomy":"product_cat","embeddable":true,"href":"https:\/\/vannangvn.123websitedev.com\/en\/wp-json\/wp\/v2\/product_cat?post=7271"},{"taxonomy":"product_tag","embeddable":true,"href":"https:\/\/vannangvn.123websitedev.com\/en\/wp-json\/wp\/v2\/product_tag?post=7271"}],"curies":[{"name":"wp","href":"https:\/\/api.w.org\/{rel}","templated":true}]}}