{"id":7274,"date":"2026-03-20T18:56:32","date_gmt":"2026-03-20T11:56:32","guid":{"rendered":"https:\/\/vannangvn.123websitedev.com\/san-pham\/may-kiem-tra-do-cung-be-tong-pce-instruments-model-pce-ht-224e\/"},"modified":"2026-03-30T18:39:46","modified_gmt":"2026-03-30T11:39:46","slug":"may-kiem-tra-do-cung-be-tong-pce-instruments-model-pce-ht-224e","status":"publish","type":"product","link":"https:\/\/vannangvn.123websitedev.com\/en\/product\/may-kiem-tra-do-cung-be-tong-pce-instruments-model-pce-ht-224e\/","title":{"rendered":"M\u00c1Y KI\u1ec2M TRA \u0110\u1ed8 C\u1ee8NG B\u00ca T\u00d4NG\u00a0PCE INSTRUMENTS MODEL PCE-HT 224E"},"content":{"rendered":"<h1 style=\"color: red; font-weight: bold; font-size: 24px;\">T&#7893;ng quan s&#7843;n ph&#7849;m M&Aacute;Y KI&#7874;M TRA &#272;&#7896; C&#7912;NG B&Ecirc; T&Ocirc;NG&nbsp;PCE INSTRUMENTS MODEL PCE-HT 224E<p>M&aacute;y Ki&#7875;m Tra &#272;&#7897; C&#7913;ng B&ecirc; T&ocirc;ng (Concrete Test Hammer) PCE Instruments Model PCE-HT 224E<br>\nM&aacute;y Ki&#7875;m Tra &#272;&#7897; C&#7913;ng B&ecirc; T&ocirc;ng PCE-HT 224E l&agrave; thi&#7871;t b&#7883; &#273;o l&#432;&#7901;ng hi&#7879;n &#273;&#7841;i, &#273;&#432;&#7907;c thi&#7871;t k&#7871; &#273;&#7875; ki&#7875;m tra &#273;&#7897; b&#7873;n v&agrave; ch&#7845;t l&#432;&#7907;ng b&#7873; m&#7863;t b&ecirc; t&ocirc;ng m&#7897;t c&aacute;ch ch&iacute;nh x&aacute;c. S&#7917; d&#7909;ng nguy&ecirc;n l&yacute; Schmidt, thi&#7871;t b&#7883; n&agrave;y cung c&#7845;p c&aacute;c ph&eacute;p &#273;o &#273;&aacute;ng tin c&#7853;y, &#273;&aacute;p &#7913;ng nhu c&#7847;u ki&#7875;m tra ch&#7845;t l&#432;&#7907;ng trong ng&agrave;nh x&acirc;y d&#7921;ng v&agrave; c&aacute;c l&#297;nh v&#7921;c li&ecirc;n quan. &#272;&#7863;c bi&#7879;t, Model PCE-HT 224E c&ograve;n c&oacute; kh&#7843; n&#259;ng &#273;o &#273;&#7897; c&#7913;ng c&#7911;a gi&#7845;y cu&#7897;n, l&agrave;m t&#259;ng t&iacute;nh &#273;a d&#7909;ng trong &#7913;ng d&#7909;ng th&#7921;c ti&#7877;n. H&atilde;y c&ugrave;ng V&#7841;n N&#259;ng t&igrave;m hi&#7875;u chi ti&#7871;t h&#417;n v&#7873; s&#7843;n ph&#7849;m th&ocirc;ng qua b&agrave;i vi&#7871;t d&#432;&#7899;i &#273;&acirc;y!<\/p><h2 style=\"color: #2e7d32; font-weight: bold; font-size: 20px;\">&#272;&#7863;c &#272;i&#7875;m N&#7893;i B&#7853;t C&#7911;a PCE-HT 224E<\/h2><p>N&#259;ng l&#432;&#7907;ng va &#273;&#7853;p &#273;&#7873;u &#273;&#7863;n<br>\nN&#259;ng l&#432;&#7907;ng: 2.207 J, t&#432;&#417;ng &#273;&#432;&#417;ng v&#7899;i 0.225 kgf.m ho&#7863;c 1.6278 ft-lb, &#273;&#7843;m b&#7843;o k&#7871;t qu&#7843; &#273;o ch&iacute;nh x&aacute;c theo ti&ecirc;u chu&#7849;n lo&#7841;i N.<br>\nM&agrave;n h&igrave;nh OLED cao c&#7845;p<br>\nM&agrave;n h&igrave;nh hi&#7875;n th&#7883; c&aacute;c gi&aacute; tr&#7883; &#273;o s&#7855;c n&eacute;t, d&#7877; d&agrave;ng quan s&aacute;t ngay c&#7843; trong &#273;i&#7873;u ki&#7879;n &aacute;nh s&aacute;ng y&#7871;u.<\/p><p>&#272;a d&#7841;ng g&oacute;c &#273;o<br>\nH&#7895; tr&#7907; &#273;o &#7903; c&aacute;c g&oacute;c:<\/p><p>H&#432;&#7899;ng xu&#7889;ng (-90&deg;, -45&deg;)<br>\nNgang (0&deg;)<br>\nH&#432;&#7899;ng l&ecirc;n (45&deg;, 90&deg;)<\/p><p>Ph&#7841;m vi &#273;o r&#7897;ng<br>\nPCE HT224E &#273;o &#273;&#7897; c&#7913;ng b&ecirc; t&ocirc;ng trong kho&#7843;ng 10 &hellip; 100 N\/mm&sup2; (1500 &hellip; 8500 lbs\/in&sup2;), &#273;&aacute;p &#7913;ng &#273;a d&#7841;ng c&aacute;c y&ecirc;u c&#7847;u ki&#7875;m tra.<\/p><p>K&#7871;t n&#7889;i USB v&agrave; l&#432;u tr&#7919; d&#7919; li&#7879;u<\/p><p>K&#7871;t n&#7889;i v&#7899;i m&aacute;y t&iacute;nh qua giao di&#7879;n USB, d&#7877; d&agrave;ng ph&acirc;n t&iacute;ch d&#7919; li&#7879;u sau ki&#7875;m tra.<br>\nB&#7897; nh&#7899; t&iacute;ch h&#7907;p gi&uacute;p l&#432;u tr&#7919; th&ocirc;ng tin &#273;o &#273;&#7875; s&#7917; d&#7909;ng sau.<\/p><p>Thi&#7871;t k&#7871; di &#273;&#7897;ng<br>\nPin s&#7841;c t&iacute;ch h&#7907;p h&#7895; tr&#7907; s&#7917; d&#7909;ng linh ho&#7841;t ngay t&#7841;i hi&#7879;n tr&#432;&#7901;ng m&agrave; kh&ocirc;ng c&#7847;n ngu&#7891;n &#273;i&#7879;n c&#7889; &#273;&#7883;nh.<\/p><p>&#7912;ng D&#7909;ng Th&#7921;c T&#7871; C&#7911;a PCE-HT 224E<\/p><p>Ki&#7875;m tra &#273;&#7897; b&#7873;n b&ecirc; t&ocirc;ng: Thi&#7871;t B&#7883; &#272;o &#272;&#7897; C&#7913;ng B&ecirc; T&ocirc;ng PCE-HT 224E &#273;&aacute;p &#7913;ng ti&ecirc;u chu&#7849;n ki&#7875;m &#273;&#7883;nh ch&#7845;t l&#432;&#7907;ng x&acirc;y d&#7921;ng.<br>\n&#272;o &#273;&#7897; c&#7913;ng gi&#7845;y cu&#7897;n: H&#7895; tr&#7907; ki&#7875;m tra &#273;&#7897; c&#7913;ng trong ng&agrave;nh c&ocirc;ng nghi&#7879;p gi&#7845;y.<br>\nPh&acirc;n t&iacute;ch chuy&ecirc;n s&acirc;u: &#272;&#432;&#7907;c s&#7917; d&#7909;ng trong c&aacute;c d&#7921; &aacute;n x&acirc;y d&#7921;ng l&#7899;n nh&#7887;, ki&#7875;m tra c&#7847;u &#273;&#432;&#7901;ng, c&ocirc;ng tr&igrave;nh d&acirc;n d&#7909;ng ho&#7863;c c&ocirc;ng nghi&#7879;p.<\/p><p>&#431;u &#272;i&#7875;m V&#432;&#7907;t Tr&#7897;i C&#7911;a PCE-HT 224E<\/p><p>Ch&iacute;nh x&aacute;c v&agrave; &#273;&aacute;ng tin c&#7853;y: M&aacute;y &#272;o &#272;&#7897; C&#7913;ng B&ecirc; T&ocirc;ng PCE-HT 224E &#273;&#7843;m b&#7843;o k&#7871;t qu&#7843; &#273;o l&#432;&#7901;ng nh&#7845;t qu&aacute;n, ph&#7909;c v&#7909; t&#7889;t cho c&aacute;c y&ecirc;u c&#7847;u kh&#7855;t khe trong l&#297;nh v&#7921;c ki&#7875;m tra ch&#7845;t l&#432;&#7907;ng.<br>\nTi&#7879;n l&#7907;i v&agrave; linh ho&#7841;t: S&#7917; d&#7909;ng d&#7877; d&agrave;ng trong m&#7885;i &#273;i&#7873;u ki&#7879;n l&agrave;m vi&#7879;c, nh&#7901; thi&#7871;t k&#7871; nh&#7887; g&#7885;n v&agrave; pin s&#7841;c m&#7841;nh m&#7869;.<br>\nT&#259;ng hi&#7879;u su&#7845;t l&agrave;m vi&#7879;c: K&#7871;t n&#7889;i nhanh ch&oacute;ng v&#7899;i m&aacute;y t&iacute;nh, gi&uacute;p t&#7889;i &#432;u h&oacute;a th&#7901;i gian v&agrave; c&ocirc;ng s&#7913;c cho c&aacute;c k&#7929; s&#432;.<\/p><p>Nh&#7919;ng L&yacute; Do N&ecirc;n Mua M&aacute;y Ki&#7875;m Tra &#272;&#7897; C&#7913;ng B&ecirc; T&ocirc;ng T&#7841;i V&#7841;n N&#259;ng<\/p><p>C&ocirc;ng ty Thi&#7871;t B&#7883; C&ocirc;ng Ngh&#7879; V&#7841;n N&#259;ng l&agrave; &#273;&#7889;i t&aacute;c ch&iacute;nh th&#7913;c ph&acirc;n ph&#7889;i M&aacute;y Ki&#7875;m Tra &#272;&#7897; C&#7913;ng B&ecirc; T&ocirc;ng h&agrave;ng &#273;&#7847;u t&#7841;i Vi&#7879;t Nam, cam k&#7871;t cung c&#7845;p s&#7843;n ph&#7849;m ch&iacute;nh h&atilde;ng v&#7899;i gi&aacute; c&#7843; c&#7841;nh tranh nh&#7845;t th&#7883; tr&#432;&#7901;ng. V&#7899;i uy t&iacute;n tr&ecirc;n th&#7883; tr&#432;&#7901;ng v&agrave; ch&#7871; &#273;&#7897; h&#7851;u m&atilde;i t&#7889;t, Thi&#7871;t B&#7883; C&ocirc;ng Ngh&#7879; V&#7841;n N&#259;ng &#273;&atilde; nh&#7853;n &#273;&#432;&#7907;c s&#7921; tin t&#432;&#7903;ng t&#7915; kh&aacute;ch h&agrave;ng nh&#7901; v&agrave;o ch&#7845;t l&#432;&#7907;ng h&agrave;ng &#273;&#7847;u c&#7911;a c&aacute;c d&ograve;ng s&#7843;n ph&#7849;m.<br>\nS&#7843;n ph&#7849;m c&#7911;a ch&uacute;ng t&ocirc;i &#273;&#432;&#7907;c ki&#7875;m &#273;&#7883;nh ch&#7845;t l&#432;&#7907;ng, nh&#7853;p kh&#7849;u tr&#7921;c ti&#7871;p t&#7915; nh&agrave; m&aacute;y b&ecirc;n Ch&acirc;u &Acirc;u, M&#7929;, &Uacute;c, Nh&#7853;t B&#7843;n,&hellip; v&agrave; &#273;&aacute;p &#7913;ng nhu c&#7847;u &#273;a d&#7841;ng c&#7911;a th&#7883; tr&#432;&#7901;ng nh&#432;: M&aacute;y &#272;o &#272;&#7897; C&#7913;ng, M&aacute;y SPECTROMAXx, M&aacute;y Ki&#7875;m Tra &#272;&#432;&#7901;ng Gh&eacute;p M&iacute; Lon,&hellip; Ch&uacute;ng t&ocirc;i cam k&#7871;t cung c&#7845;p s&#7843;n ph&#7849;m n&agrave;y tr&ecirc;n to&agrave;n qu&#7889;c v&#7899;i gi&aacute; c&#7843; c&#7841;nh tranh nh&#7845;t.<br>\nCh&uacute;ng t&ocirc;i c&oacute; &#273;&#7897;i ng&#361; chuy&ecirc;n vi&ecirc;n t&#432; v&#7845;n chuy&ecirc;n s&acirc;u s&#7869; h&#7895; tr&#7907; kh&aacute;ch h&agrave;ng v&#7873; chi ti&#7871;t s&#7843;n ph&#7849;m, h&#432;&#7899;ng d&#7851;n s&#7917; d&#7909;ng hay nh&#7919;ng th&#7913; li&ecirc;n quan &#273;&#7871;n v&#7845;n &#273;&#7873; m&agrave; doanh nghi&#7879;p b&#7841;n &#273;ang g&#7863;p ph&#7843;i. Ch&uacute;ng t&ocirc;i s&#7869; cung c&#7845;p nh&#7919;ng gi&#7843;i ph&aacute;p t&#7889;i &#432;u nh&#7845;t!<br>\nNgo&agrave;i ra Thi&#7871;t B&#7883; C&ocirc;ng Ngh&#7879; V&#7841;n N&#259;ng Ch&uacute;ng T&ocirc;i lu&ocirc;n h&#432;&#7899;ng &#273;&#7871;n tr&#7843;i nghi&#7879;m kh&aacute;ch h&agrave;ng, v&igrave; v&#7853;y ch&uacute;ng t&ocirc;i c&oacute; nh&#7919;ng ch&iacute;nh s&aacute;ch b&#7843;o h&agrave;nh, b&#7843;o tr&igrave; &ndash; b&#7843;o d&#432;&#7905;ng, hi&#7879;u chu&#7849;n v&#7899;i t&#7845;t c&#7843; c&aacute;c thi&#7871;t b&#7883;, m&aacute;y m&oacute;c m&agrave; ch&uacute;ng t&ocirc;i cung c&#7845;p. &#272;&#7843;m b&#7843;o mang &#273;&#7871;n cho Kh&aacute;ch h&agrave;ng s&#7921; y&ecirc;n t&acirc;m tuy&#7879;t &#273;&#7889;i v&#7873; d&#7883;ch v&#7909; khi mua h&agrave;ng.<\/p><p>T&#7893;ng K&#7871;t<br>\nThi&#7871;t B&#7883; Ki&#7875;m Tra &#272;&#7897; C&#7913;ng B&ecirc; T&ocirc;ng PCE-HT 224E l&agrave; gi&#7843;i ph&aacute;p l&yacute; t&#432;&#7903;ng cho vi&#7879;c ki&#7875;m tra ch&#7845;t l&#432;&#7907;ng b&ecirc; t&ocirc;ng trong m&#7885;i c&ocirc;ng tr&igrave;nh. V&#7899;i c&aacute;c t&iacute;nh n&#259;ng v&#432;&#7907;t tr&#7897;i nh&#432; m&agrave;n h&igrave;nh OLED, n&#259;ng l&#432;&#7907;ng va &#273;&#7853;p &#273;&#7891;ng nh&#7845;t, v&agrave; kh&#7843; n&#259;ng &#273;o &#7903; nhi&#7873;u g&oacute;c &#273;&#7897;, PCE-HT 224E kh&ocirc;ng ch&#7881; &#273;&#7843;m b&#7843;o &#273;&#7897; ch&iacute;nh x&aacute;c m&agrave; c&ograve;n t&#259;ng c&#432;&#7901;ng hi&#7879;u su&#7845;t l&agrave;m vi&#7879;c cho c&aacute;c k&#7929; s&#432; v&agrave; chuy&ecirc;n gia x&acirc;y d&#7921;ng. H&atilde;y li&ecirc;n h&#7879; v&#7899;i V&#7841;n N&#259;ng Company &#273;&#7875; &#273;&#432;&#7907;c t&#432; v&#7845;n chi ti&#7871;t v&agrave; nh&#7853;n ngay &#432;u &#273;&atilde;i h&#7845;p d&#7851;n th&ocirc;ng qua hotline\/zalo: <a href=\"https:\/\/zalo.me\/0903991335\" target=\"_blank\" rel=\"noopener\" style=\"color: #059669; font-weight: bold; text-decoration: none;\">0903 991 335<\/a>!<\/p><div style=\"background-color: #f8fafc; border: 1px solid #e2e8f0; border-radius: 8px; padding: 25px; max-width: 800px; margin: 30px auto; color: #334155; line-height: 1.8; font-size: 17px; box-shadow: 0 4px 6px -1px rgba(0,0,0,0.05); text-align: left; clear: both;\">\nC&ocirc;ng ty TNHH Th&#432;&#417;ng M&#7841;i D&#7883;ch V&#7909; Thi&#7871;t B&#7883; C&ocirc;ng Ngh&#7879; V&#7841;n N&#259;ng\n<p style=\"margin: 0 0 10px 0;\">&#128205; <strong style=\"color: #1e293b;\">&#272;&#7883;a ch&#7881;:<\/strong> <a style=\"color: #059669; text-decoration: none; font-weight: bold;\" href=\"https:\/\/www.google.com\/maps\/search\/C%C3%B4ng+ty+TNHH+Th%C6%B0%C6%A1ng+M%E1%BA%A1i+D%E1%BB%8Bch+V%E1%BB%A5+Thi%E1%BA%BFt+B%E1%BB%8B+C%C3%B4ng+Ngh%E1%BB%87+V%E1%BA%A1n+N%C4%83ng+818+Tr%C6%B0%E1%BB%9Dng+Chinh\" target=\"_blank\" rel=\"noopener\">818 Tr&#432;&#7901;ng Chinh, Ph&#432;&#7901;ng T&acirc;n S&#417;n, Th&agrave;nh ph&#7889; H&#7891; Ch&iacute; Minh, Vi&#7879;t Nam<\/a><\/p>\n<p style=\"margin: 0 0 10px 0;\">&#128222; <strong style=\"color: #1e293b;\">S&#272;T &ndash; Zalo:<\/strong> <a style=\"color: #059669; text-decoration: none; font-weight: bold;\" href=\"https:\/\/zalo.me\/0903991335\" target=\"_blank\" rel=\"noopener\">0903 991 335<\/a> <span style=\"color: #64748b; font-style: italic;\">(Ms. H&#7841;nh &ndash; Gi&aacute;m &#272;&#7889;c Kinh Doanh)<\/span><\/p>\n<p style=\"margin: 0;\">&#9993;&#65039; <strong style=\"color: #1e293b;\">Email:<\/strong> <a style=\"color: #059669; text-decoration: none; font-weight: bold;\" href=\"mailto:hienhanh@vannangvn.com\">hienhanh@vannangvn.com<\/a><\/p>\n<\/div><\/h1>","protected":false},"excerpt":{"rendered":"<p><strong>Th&#432;&#417;ng hi&#7879;u:<\/strong> M&aacute;y Ki&#7875;m Tra &#272;&#7897; C&#7913;ng B&ecirc; T&ocirc;ng PCE-HT 224E l&agrave; thi&#7871;t b&#7883; &#273;o l&#432;&#7901;ng hi&#7879;n &#273;&#7841;i, &#273;&#432;&#7907;c thi&#7871;t k&#7871; &#273;&#7875; ki&#7875;m tra &#273;&#7897; b&#7873;n v&agrave; ch&#7845;t l&#432;&#7907;ng b&#7873; m&#7863;t b&ecirc; t&ocirc;ng m&#7897;t c&aacute;ch ch&iacute;nh x&aacute;c. M&aacute;y &#273;&#432;&#7907;c trang b&#7883; m&agrave;n h&igrave;nh OLED s&#7855;c n&eacute;t, c&#417; ch&#7871; n&#259;ng l&#432;&#7907;ng va &#273;&#7853;p &#273;&#7891;ng nh&#7845;t 2.207 J, c&ugrave;ng kh&#7843; n&#259;ng hi&#7875;n th&#7883; nhi&#7873;u &#273;&#417;n v&#7883; &#273;o kh&aacute;c nhau nh&#432; PSI, MPa, kgF\/cm&sup2; ho&#7863;c N\/mm&sup2;. V&#7899;i thi&#7871;t k&#7871; nh&#7887; g&#7885;n, pin s&#7841;c t&iacute;ch h&#7907;p, v&agrave; kh&#7843; n&#259;ng &#273;o &#7903; nhi&#7873;u g&oacute;c &#273;&#7897; kh&aacute;c nhau, thi&#7871;t b&#7883; n&agrave;y l&agrave; gi&#7843;i ph&aacute;p l&yacute; t&#432;&#7903;ng cho c&aacute;c k&#7929; s&#432; ki&#7875;m tra ch&#7845;t l&#432;&#7907;ng ngay t&#7841;i hi&#7879;n tr&#432;&#7901;ng.<br>\n<strong>Model:<\/strong> PCE-HT<p>Product <strong>M&Aacute;Y KI&#7874;M TRA &#272;&#7896; C&#7912;NG B&Ecirc; T&Ocirc;NG&nbsp;PCE INSTRUMENTS MODEL PCE-HT 224E<\/strong> ch&iacute;nh h&atilde;ng. M&aacute;y Ki&#7875;m Tra &#272;&#7897; C&#7913;ng B&ecirc; T&ocirc;ng PCE-HT 224E l&agrave; thi&#7871;t b&#7883; &#273;o l&#432;&#7901;ng hi&#7879;n &#273;&#7841;i, &#273;&#432;&#7907;c thi&#7871;t k&#7871; &#273;&#7875; ki&#7875;m tra &#273;&#7897; b&#7873;n v&agrave; ch&#7845;t l&#432;&#7907;ng b&#7873; m&#7863;t b&ecirc; t&ocirc;ng m&#7897;t c&aacute;ch ch&iacute;nh x&aacute;c. M&aacute;y &#273;&#432;&#7907;c trang b&#7883; m&agrave;n h&igrave;nh OLED s&#7855;c n&eacute;t, c&#417; ch&#7871; n&#259;ng l&#432;&#7907;ng va &#273;&#7853;p &#273;&#7891;ng nh&#7845;t 2.207 J, c&ugrave;ng kh&#7843; n&#259;ng hi&#7875;n th&#7883; nhi&#7873;u &#273;&#417;n v&#7883; &#273;o kh&aacute;c nhau nh&#432; PSI, MPa, kgF\/cm&sup2; ho&#7863;c N\/mm&sup2;. V&#7899;i thi&#7871;t k&#7871; nh&#7887; g&#7885;n, pin s&#7841;c t&iacute;ch h&#7907;p, v&agrave; kh&#7843; n&#259;ng &#273;o &#7903; nhi&#7873;u g&oacute;c &#273;&#7897; kh&aacute;c nhau, thi&#7871;t b&#7883; n&agrave;y l&agrave; gi&#7843;i ph&aacute;p l&yacute; t&#432;&#7903;ng cho c&aacute;c k&#7929; s&#432; ki&#7875;m tra ch&#7845;t l&#432;&#7907;ng ngay t&#7841;i hi&#7879;n tr&#432;&#7901;ng.<\/p><\/p>","protected":false},"featured_media":10406,"comment_status":"open","ping_status":"closed","template":"","meta":[],"product_brand":[],"product_cat":[18],"product_tag":[2523,109,116,181,183,208,209,567,581,1513,2522],"class_list":{"0":"post-7274","1":"product","2":"type-product","3":"status-publish","4":"has-post-thumbnail","6":"product_cat-chua-phan-loai","7":"product_tag-224e","8":"product_tag-may","9":"product_tag-model","10":"product_tag-do","11":"product_tag-be","12":"product_tag-kiem","13":"product_tag-tra","14":"product_tag-cung","15":"product_tag-instruments","16":"product_tag-pce-ht","17":"product_tag-tong-pce","19":"first","20":"instock","21":"shipping-taxable","22":"product-type-simple"},"yoast_head":"<!-- This site is optimized with the Yoast SEO Premium plugin v24.8 (Yoast SEO v24.8) - https:\/\/yoast.com\/wordpress\/plugins\/seo\/ -->\n<title>M\u00c1Y KI\u1ec2M TRA \u0110\u1ed8 C\u1ee8NG B\u00ca T\u00d4NG\u00a0PCE IN... ch\u00ednh h\u00e3ng | V\u1ea1n N\u0103ng<\/title>\n<meta name=\"description\" content=\"Mua ngay M\u00c1Y KI\u1ec2M TRA \u0110\u1ed8 C\u1ee8NG B\u00ca T\u00d4NG\u00a0PCE INSTRUMENTS MODEL PCE-HT 224E ch\u00ednh h\u00e3ng. Gi\u00e1 t\u1ed1t!\" \/>\n<meta name=\"robots\" content=\"noindex, follow, max-snippet:-1, max-image-preview:large, max-video-preview:-1\" \/>\n<meta property=\"og:locale\" content=\"en_US\" \/>\n<meta property=\"og:type\" content=\"article\" \/>\n<meta property=\"og:title\" content=\"M\u00c1Y KI\u1ec2M TRA \u0110\u1ed8 C\u1ee8NG B\u00ca T\u00d4NG\u00a0PCE INSTRUMENTS MODEL PCE-HT 224E\" \/>\n<meta property=\"og:description\" content=\"Mua ngay M\u00c1Y KI\u1ec2M TRA \u0110\u1ed8 C\u1ee8NG B\u00ca T\u00d4NG\u00a0PCE INSTRUMENTS MODEL PCE-HT 224E ch\u00ednh h\u00e3ng. Gi\u00e1 t\u1ed1t!\" \/>\n<meta property=\"og:url\" content=\"https:\/\/vannangvn.123websitedev.com\/en\/product\/may-kiem-tra-do-cung-be-tong-pce-instruments-model-pce-ht-224e\/\" \/>\n<meta property=\"og:site_name\" content=\"Vannang.vn\" \/>\n<meta property=\"article:modified_time\" content=\"2026-03-30T11:39:46+00:00\" \/>\n<meta property=\"og:image\" content=\"http:\/\/vannangvn.123websitedev.com\/wp-content\/uploads\/2026\/03\/PCE-HT-224E-no.1-copy.jpg\" \/>\n\t<meta property=\"og:image:width\" content=\"768\" \/>\n\t<meta property=\"og:image:height\" content=\"576\" \/>\n\t<meta property=\"og:image:type\" content=\"image\/jpeg\" \/>\n<meta name=\"twitter:card\" content=\"summary_large_image\" \/>\n<meta name=\"twitter:label1\" content=\"Est. reading time\" \/>\n\t<meta name=\"twitter:data1\" content=\"7 minutes\" \/>\n<script type=\"application\/ld+json\" class=\"yoast-schema-graph\">{\"@context\":\"https:\/\/schema.org\",\"@graph\":[{\"@type\":\"WebPage\",\"@id\":\"https:\/\/vannangvn.123websitedev.com\/san-pham\/may-kiem-tra-do-cung-be-tong-pce-instruments-model-pce-ht-224e\/\",\"url\":\"https:\/\/vannangvn.123websitedev.com\/san-pham\/may-kiem-tra-do-cung-be-tong-pce-instruments-model-pce-ht-224e\/\",\"name\":\"M\u00c1Y KI\u1ec2M TRA \u0110\u1ed8 C\u1ee8NG B\u00ca T\u00d4NG\u00a0PCE IN... ch\u00ednh h\u00e3ng | V\u1ea1n N\u0103ng\",\"isPartOf\":{\"@id\":\"https:\/\/vannangvn.123websitedev.com\/#website\"},\"primaryImageOfPage\":{\"@id\":\"https:\/\/vannangvn.123websitedev.com\/san-pham\/may-kiem-tra-do-cung-be-tong-pce-instruments-model-pce-ht-224e\/#primaryimage\"},\"image\":{\"@id\":\"https:\/\/vannangvn.123websitedev.com\/san-pham\/may-kiem-tra-do-cung-be-tong-pce-instruments-model-pce-ht-224e\/#primaryimage\"},\"thumbnailUrl\":\"https:\/\/vannangvn.123websitedev.com\/wp-content\/uploads\/2026\/03\/PCE-HT-224E-no.1-copy.jpg\",\"datePublished\":\"2026-03-20T11:56:32+00:00\",\"dateModified\":\"2026-03-30T11:39:46+00:00\",\"description\":\"Mua ngay M\u00c1Y KI\u1ec2M TRA \u0110\u1ed8 C\u1ee8NG B\u00ca T\u00d4NG\u00a0PCE INSTRUMENTS MODEL PCE-HT 224E ch\u00ednh h\u00e3ng. Gi\u00e1 t\u1ed1t!\",\"breadcrumb\":{\"@id\":\"https:\/\/vannangvn.123websitedev.com\/san-pham\/may-kiem-tra-do-cung-be-tong-pce-instruments-model-pce-ht-224e\/#breadcrumb\"},\"inLanguage\":\"en-US\",\"potentialAction\":[{\"@type\":\"ReadAction\",\"target\":[\"https:\/\/vannangvn.123websitedev.com\/san-pham\/may-kiem-tra-do-cung-be-tong-pce-instruments-model-pce-ht-224e\/\"]}]},{\"@type\":\"ImageObject\",\"inLanguage\":\"en-US\",\"@id\":\"https:\/\/vannangvn.123websitedev.com\/san-pham\/may-kiem-tra-do-cung-be-tong-pce-instruments-model-pce-ht-224e\/#primaryimage\",\"url\":\"https:\/\/vannangvn.123websitedev.com\/wp-content\/uploads\/2026\/03\/PCE-HT-224E-no.1-copy.jpg\",\"contentUrl\":\"https:\/\/vannangvn.123websitedev.com\/wp-content\/uploads\/2026\/03\/PCE-HT-224E-no.1-copy.jpg\",\"width\":768,\"height\":576},{\"@type\":\"BreadcrumbList\",\"@id\":\"https:\/\/vannangvn.123websitedev.com\/san-pham\/may-kiem-tra-do-cung-be-tong-pce-instruments-model-pce-ht-224e\/#breadcrumb\",\"itemListElement\":[{\"@type\":\"ListItem\",\"position\":1,\"name\":\"Trang ch\u1ee7\",\"item\":\"https:\/\/vannangvn.123websitedev.com\/\"},{\"@type\":\"ListItem\",\"position\":2,\"name\":\"S\u1ea3n ph\u1ea9m\",\"item\":\"https:\/\/vannangvn.123websitedev.com\/cua-hang\/\"},{\"@type\":\"ListItem\",\"position\":3,\"name\":\"M\u00c1Y KI\u1ec2M TRA \u0110\u1ed8 C\u1ee8NG B\u00ca T\u00d4NG\u00a0PCE INSTRUMENTS MODEL PCE-HT 224E\"}]},{\"@type\":\"WebSite\",\"@id\":\"https:\/\/vannangvn.123websitedev.com\/#website\",\"url\":\"https:\/\/vannangvn.123websitedev.com\/\",\"name\":\"Vannang.vn\",\"description\":\"\",\"publisher\":{\"@id\":\"https:\/\/vannangvn.123websitedev.com\/#organization\"},\"potentialAction\":[{\"@type\":\"SearchAction\",\"target\":{\"@type\":\"EntryPoint\",\"urlTemplate\":\"https:\/\/vannangvn.123websitedev.com\/?s={search_term_string}\"},\"query-input\":{\"@type\":\"PropertyValueSpecification\",\"valueRequired\":true,\"valueName\":\"search_term_string\"}}],\"inLanguage\":\"en-US\"},{\"@type\":\"Organization\",\"@id\":\"https:\/\/vannangvn.123websitedev.com\/#organization\",\"name\":\"Vannang.vn\",\"url\":\"https:\/\/vannangvn.123websitedev.com\/\",\"logo\":{\"@type\":\"ImageObject\",\"inLanguage\":\"en-US\",\"@id\":\"https:\/\/vannangvn.123websitedev.com\/#\/schema\/logo\/image\/\",\"url\":\"https:\/\/vannangvn.123websitedev.com\/wp-content\/uploads\/2026\/02\/logo-van-nang-02.png\",\"contentUrl\":\"https:\/\/vannangvn.123websitedev.com\/wp-content\/uploads\/2026\/02\/logo-van-nang-02.png\",\"width\":448,\"height\":111,\"caption\":\"Vannang.vn\"},\"image\":{\"@id\":\"https:\/\/vannangvn.123websitedev.com\/#\/schema\/logo\/image\/\"}}]}<\/script>\n<!-- \/ Yoast SEO Premium plugin. -->","yoast_head_json":{"title":"M\u00c1Y KI\u1ec2M TRA \u0110\u1ed8 C\u1ee8NG B\u00ca T\u00d4NG\u00a0PCE IN... ch\u00ednh h\u00e3ng | V\u1ea1n N\u0103ng","description":"Mua ngay M\u00c1Y KI\u1ec2M TRA \u0110\u1ed8 C\u1ee8NG B\u00ca T\u00d4NG\u00a0PCE INSTRUMENTS MODEL PCE-HT 224E ch\u00ednh h\u00e3ng. Gi\u00e1 t\u1ed1t!","robots":{"index":"noindex","follow":"follow","max-snippet":"max-snippet:-1","max-image-preview":"max-image-preview:large","max-video-preview":"max-video-preview:-1"},"og_locale":"en_US","og_type":"article","og_title":"M\u00c1Y KI\u1ec2M TRA \u0110\u1ed8 C\u1ee8NG B\u00ca T\u00d4NG\u00a0PCE INSTRUMENTS MODEL PCE-HT 224E","og_description":"Mua ngay M\u00c1Y KI\u1ec2M TRA \u0110\u1ed8 C\u1ee8NG B\u00ca T\u00d4NG\u00a0PCE INSTRUMENTS MODEL PCE-HT 224E ch\u00ednh h\u00e3ng. Gi\u00e1 t\u1ed1t!","og_url":"https:\/\/vannangvn.123websitedev.com\/en\/product\/may-kiem-tra-do-cung-be-tong-pce-instruments-model-pce-ht-224e\/","og_site_name":"Vannang.vn","article_modified_time":"2026-03-30T11:39:46+00:00","og_image":[{"width":768,"height":576,"url":"http:\/\/vannangvn.123websitedev.com\/wp-content\/uploads\/2026\/03\/PCE-HT-224E-no.1-copy.jpg","type":"image\/jpeg"}],"twitter_card":"summary_large_image","twitter_misc":{"Est. reading time":"7 minutes"},"schema":{"@context":"https:\/\/schema.org","@graph":[{"@type":"WebPage","@id":"https:\/\/vannangvn.123websitedev.com\/san-pham\/may-kiem-tra-do-cung-be-tong-pce-instruments-model-pce-ht-224e\/","url":"https:\/\/vannangvn.123websitedev.com\/san-pham\/may-kiem-tra-do-cung-be-tong-pce-instruments-model-pce-ht-224e\/","name":"M\u00c1Y KI\u1ec2M TRA \u0110\u1ed8 C\u1ee8NG B\u00ca T\u00d4NG\u00a0PCE IN... ch\u00ednh h\u00e3ng | V\u1ea1n N\u0103ng","isPartOf":{"@id":"https:\/\/vannangvn.123websitedev.com\/#website"},"primaryImageOfPage":{"@id":"https:\/\/vannangvn.123websitedev.com\/san-pham\/may-kiem-tra-do-cung-be-tong-pce-instruments-model-pce-ht-224e\/#primaryimage"},"image":{"@id":"https:\/\/vannangvn.123websitedev.com\/san-pham\/may-kiem-tra-do-cung-be-tong-pce-instruments-model-pce-ht-224e\/#primaryimage"},"thumbnailUrl":"https:\/\/vannangvn.123websitedev.com\/wp-content\/uploads\/2026\/03\/PCE-HT-224E-no.1-copy.jpg","datePublished":"2026-03-20T11:56:32+00:00","dateModified":"2026-03-30T11:39:46+00:00","description":"Mua ngay M\u00c1Y KI\u1ec2M TRA \u0110\u1ed8 C\u1ee8NG B\u00ca T\u00d4NG\u00a0PCE INSTRUMENTS MODEL PCE-HT 224E ch\u00ednh h\u00e3ng. Gi\u00e1 t\u1ed1t!","breadcrumb":{"@id":"https:\/\/vannangvn.123websitedev.com\/san-pham\/may-kiem-tra-do-cung-be-tong-pce-instruments-model-pce-ht-224e\/#breadcrumb"},"inLanguage":"en-US","potentialAction":[{"@type":"ReadAction","target":["https:\/\/vannangvn.123websitedev.com\/san-pham\/may-kiem-tra-do-cung-be-tong-pce-instruments-model-pce-ht-224e\/"]}]},{"@type":"ImageObject","inLanguage":"en-US","@id":"https:\/\/vannangvn.123websitedev.com\/san-pham\/may-kiem-tra-do-cung-be-tong-pce-instruments-model-pce-ht-224e\/#primaryimage","url":"https:\/\/vannangvn.123websitedev.com\/wp-content\/uploads\/2026\/03\/PCE-HT-224E-no.1-copy.jpg","contentUrl":"https:\/\/vannangvn.123websitedev.com\/wp-content\/uploads\/2026\/03\/PCE-HT-224E-no.1-copy.jpg","width":768,"height":576},{"@type":"BreadcrumbList","@id":"https:\/\/vannangvn.123websitedev.com\/san-pham\/may-kiem-tra-do-cung-be-tong-pce-instruments-model-pce-ht-224e\/#breadcrumb","itemListElement":[{"@type":"ListItem","position":1,"name":"Trang ch\u1ee7","item":"https:\/\/vannangvn.123websitedev.com\/"},{"@type":"ListItem","position":2,"name":"S\u1ea3n ph\u1ea9m","item":"https:\/\/vannangvn.123websitedev.com\/cua-hang\/"},{"@type":"ListItem","position":3,"name":"M\u00c1Y KI\u1ec2M TRA \u0110\u1ed8 C\u1ee8NG B\u00ca T\u00d4NG\u00a0PCE INSTRUMENTS MODEL PCE-HT 224E"}]},{"@type":"WebSite","@id":"https:\/\/vannangvn.123websitedev.com\/#website","url":"https:\/\/vannangvn.123websitedev.com\/","name":"Vannang.vn","description":"","publisher":{"@id":"https:\/\/vannangvn.123websitedev.com\/#organization"},"potentialAction":[{"@type":"SearchAction","target":{"@type":"EntryPoint","urlTemplate":"https:\/\/vannangvn.123websitedev.com\/?s={search_term_string}"},"query-input":{"@type":"PropertyValueSpecification","valueRequired":true,"valueName":"search_term_string"}}],"inLanguage":"en-US"},{"@type":"Organization","@id":"https:\/\/vannangvn.123websitedev.com\/#organization","name":"Vannang.vn","url":"https:\/\/vannangvn.123websitedev.com\/","logo":{"@type":"ImageObject","inLanguage":"en-US","@id":"https:\/\/vannangvn.123websitedev.com\/#\/schema\/logo\/image\/","url":"https:\/\/vannangvn.123websitedev.com\/wp-content\/uploads\/2026\/02\/logo-van-nang-02.png","contentUrl":"https:\/\/vannangvn.123websitedev.com\/wp-content\/uploads\/2026\/02\/logo-van-nang-02.png","width":448,"height":111,"caption":"Vannang.vn"},"image":{"@id":"https:\/\/vannangvn.123websitedev.com\/#\/schema\/logo\/image\/"}}]}},"_links":{"self":[{"href":"https:\/\/vannangvn.123websitedev.com\/en\/wp-json\/wp\/v2\/product\/7274","targetHints":{"allow":["GET"]}}],"collection":[{"href":"https:\/\/vannangvn.123websitedev.com\/en\/wp-json\/wp\/v2\/product"}],"about":[{"href":"https:\/\/vannangvn.123websitedev.com\/en\/wp-json\/wp\/v2\/types\/product"}],"replies":[{"embeddable":true,"href":"https:\/\/vannangvn.123websitedev.com\/en\/wp-json\/wp\/v2\/comments?post=7274"}],"wp:featuredmedia":[{"embeddable":true,"href":"https:\/\/vannangvn.123websitedev.com\/en\/wp-json\/wp\/v2\/media\/10406"}],"wp:attachment":[{"href":"https:\/\/vannangvn.123websitedev.com\/en\/wp-json\/wp\/v2\/media?parent=7274"}],"wp:term":[{"taxonomy":"product_brand","embeddable":true,"href":"https:\/\/vannangvn.123websitedev.com\/en\/wp-json\/wp\/v2\/product_brand?post=7274"},{"taxonomy":"product_cat","embeddable":true,"href":"https:\/\/vannangvn.123websitedev.com\/en\/wp-json\/wp\/v2\/product_cat?post=7274"},{"taxonomy":"product_tag","embeddable":true,"href":"https:\/\/vannangvn.123websitedev.com\/en\/wp-json\/wp\/v2\/product_tag?post=7274"}],"curies":[{"name":"wp","href":"https:\/\/api.w.org\/{rel}","templated":true}]}}