{"id":7305,"date":"2026-03-20T18:57:13","date_gmt":"2026-03-20T11:57:13","guid":{"rendered":"https:\/\/vannangvn.123websitedev.com\/san-pham\/may-kiem-tra-luc-boc-tach-cua-bang-keo-cheminstruments-model-hsr-2000\/"},"modified":"2026-03-30T18:40:30","modified_gmt":"2026-03-30T11:40:30","slug":"may-kiem-tra-luc-boc-tach-cua-bang-keo-cheminstruments-model-hsr-2000","status":"publish","type":"product","link":"https:\/\/vannangvn.123websitedev.com\/en\/product\/may-kiem-tra-luc-boc-tach-cua-bang-keo-cheminstruments-model-hsr-2000\/","title":{"rendered":"M\u00c1Y KI\u1ec2M TRA L\u1ef0C B\u00d3C T\u00c1CH C\u1ee6A B\u0102NG KEO CHEMINSTRUMENTS MODEL HSR-2000"},"content":{"rendered":"<h1 style=\"color: red; font-weight: bold; font-size: 24px;\">T&#7893;ng quan s&#7843;n ph&#7849;m M&Aacute;Y KI&#7874;M TRA L&#7920;C B&Oacute;C T&Aacute;CH C&#7910;A B&#258;NG KEO CHEMINSTRUMENTS MODEL HSR-2000<p>M&aacute;y Ki&#7875;m Tra L&#7921;c B&oacute;c T&aacute;ch C&#7911;a B&#259;ng Keo (High Speed Release) ChemInstruments Model HSR-2000<\/p><p>HSR-2000<\/p><p>Rugged construction, capable of withstanding the abuse of the production environment<br>\nDigital speed control ensures a constant speed regardless of wind-up roll diameter<br>\nSelectable speed range from 10 to 400 fpm (3 &ndash; 120 mpm)<br>\nAccepts rolls up to 3&Prime; wide (75mm) x 12&Prime; OD (300mm) on standard 3&Prime; cores (75mm)<br>\nLength counter incorporated into controller to record in either feet or meters<br>\n20 pound load cell is included with the machine<br>\nCapable of pulling up to 10 pounds (4.5 Kg)<br>\nAccurate to &plusmn; 0.1% of load cell range<br>\nOperating temperature range 32&deg; &ndash; 150&deg; F (0&deg; &ndash; 70&deg; C)<br>\nCapable of stand-alone operation with integrated touch screen display<br>\nData can be downloaded to EZ Data software for complete data management<br>\n7 inch touch screen display<br>\nUniversal Input Voltage from 85-265 VAC (50\/60Hz)<\/p><p>Data Acquisition System<\/p><p>The ChemInstruments electronic data acquisition system is a state-of-the-art microprocessor controlled force measurement package that combines accuracy with ease of use. This system simultaneously controls test motion, reads the force of a test from a load cell, displays it and also stores that data in its memory.<br>\nSamples at 400Hz, 8 samples are collected, averaged and stored as a data point. A test will generate a data point every 20ms.<br>\nDisplays a graph of all measured force values upon completion of a test.<br>\nDisplays the average, high and low measured force results immediately upon completion of a test.<br>\nExport data by USB connection to a local PC with our EZ Data software.<br>\nDisplays test values in grams, kilograms, ounces, pounds or Newtons.<\/p><p>EZ Data<br>\nEZ Data Compatible Remote setup, operational control and enhanced data collection are all possible when coupled with our EZ Data management software. This application requires an external PC. (See more information about the EZ Data product).<\/p><p>Accessories<\/p><p>EZ Data management software<br>\nCustom sized unwind cores from 1&Prime;, 1 1\/4&Prime;, 1 1\/2&Prime; up to 3&Prime;<\/p><p>Options<\/p><p>Additional load cell capacities available: 5 and 10 pounds<br>\nPSTC and TLMI testing manuals<br>\nCustom speeds<\/p><p>Methods<br>\nSome of the more popular test methods that this device is capable of performing:<\/p><p>PSTC: 8, 13<br>\nASTM: D 1000<br>\nAFERA: 4008<\/p><p>H&atilde;y li&ecirc;n h&#7879; v&#7899;i V&#7841;n N&#259;ng Company ngay &#273;&#7875; &#273;&#432;&#7907;c t&#432; v&#7845;n chuy&ecirc;n s&acirc;u v&agrave; nh&#7853;n c&aacute;c &#432;u &#273;&atilde;i h&#7845;p d&#7851;n nh&#7845;t th&ocirc;ng qua hotline\/zalo: <a href=\"https:\/\/zalo.me\/0903991335\" target=\"_blank\" rel=\"noopener\" style=\"color: #059669; font-weight: bold; text-decoration: none;\">0903 991 335<\/a>!<\/p><div style=\"background-color: #f8fafc; border: 1px solid #e2e8f0; border-radius: 8px; padding: 25px; max-width: 800px; margin: 30px auto; color: #334155; line-height: 1.8; font-size: 17px; box-shadow: 0 4px 6px -1px rgba(0,0,0,0.05); text-align: left; clear: both;\">\nC&ocirc;ng ty TNHH Th&#432;&#417;ng M&#7841;i D&#7883;ch V&#7909; Thi&#7871;t B&#7883; C&ocirc;ng Ngh&#7879; V&#7841;n N&#259;ng\n<p style=\"margin: 0 0 10px 0;\">&#128205; <strong style=\"color: #1e293b;\">&#272;&#7883;a ch&#7881;:<\/strong> <a style=\"color: #059669; text-decoration: none; font-weight: bold;\" href=\"https:\/\/www.google.com\/maps\/search\/C%C3%B4ng+ty+TNHH+Th%C6%B0%C6%A1ng+M%E1%BA%A1i+D%E1%BB%8Bch+V%E1%BB%A5+Thi%E1%BA%BFt+B%E1%BB%8B+C%C3%B4ng+Ngh%E1%BB%87+V%E1%BA%A1n+N%C4%83ng+818+Tr%C6%B0%E1%BB%9Dng+Chinh\" target=\"_blank\" rel=\"noopener\">818 Tr&#432;&#7901;ng Chinh, Ph&#432;&#7901;ng T&acirc;n S&#417;n, Th&agrave;nh ph&#7889; H&#7891; Ch&iacute; Minh, Vi&#7879;t Nam<\/a><\/p>\n<p style=\"margin: 0 0 10px 0;\">&#128222; <strong style=\"color: #1e293b;\">S&#272;T &ndash; Zalo:<\/strong> <a style=\"color: #059669; text-decoration: none; font-weight: bold;\" href=\"https:\/\/zalo.me\/0903991335\" target=\"_blank\" rel=\"noopener\">0903 991 335<\/a> <span style=\"color: #64748b; font-style: italic;\">(Ms. H&#7841;nh &ndash; Gi&aacute;m &#272;&#7889;c Kinh Doanh)<\/span><\/p>\n<p style=\"margin: 0;\">&#9993;&#65039; <strong style=\"color: #1e293b;\">Email:<\/strong> <a style=\"color: #059669; text-decoration: none; font-weight: bold;\" href=\"mailto:hienhanh@vannangvn.com\">hienhanh@vannangvn.com<\/a><\/p>\n<\/div><\/h1>","protected":false},"excerpt":{"rendered":"<p><strong>Th&#432;&#417;ng hi&#7879;u:<\/strong> M&aacute;y Ki&#7875;m Tra L&#7921;c B&oacute;c T&aacute;ch C&#7911;a B&#259;ng Keo ChemInstruments Model HSR-2000<br>\n<strong>Model:<\/strong> HSR-2000<p>Product <strong>M&Aacute;Y KI&#7874;M TRA L&#7920;C B&Oacute;C T&Aacute;CH C&#7910;A B&#258;NG KEO CHEMINSTRUMENTS MODEL HSR-2000<\/strong> ch&iacute;nh h&atilde;ng. M&aacute;y Ki&#7875;m Tra L&#7921;c B&oacute;c T&aacute;ch C&#7911;a B&#259;ng Keo ChemInstruments Model HSR-2000<\/p><\/p>","protected":false},"featured_media":8333,"comment_status":"open","ping_status":"closed","template":"","meta":[],"product_brand":[],"product_cat":[18],"product_tag":[109,116,166,176,179,208,209,224,437,833,2563,2564],"class_list":{"0":"post-7305","1":"product","2":"type-product","3":"status-publish","4":"has-post-thumbnail","6":"product_cat-chua-phan-loai","7":"product_tag-may","8":"product_tag-model","9":"product_tag-bang","10":"product_tag-keo","11":"product_tag-cheminstruments","12":"product_tag-kiem","13":"product_tag-tra","14":"product_tag-cua","15":"product_tag-luc","16":"product_tag-boc","17":"product_tag-tach","18":"product_tag-hsr-2000","20":"first","21":"instock","22":"shipping-taxable","23":"product-type-simple"},"yoast_head":"<!-- This site is optimized with the Yoast SEO Premium plugin v24.8 (Yoast SEO v24.8) - https:\/\/yoast.com\/wordpress\/plugins\/seo\/ -->\n<title>M\u00c1Y KI\u1ec2M TRA L\u1ef0C B\u00d3C T\u00c1CH C\u1ee6A B\u0102NG ... ch\u00ednh h\u00e3ng | V\u1ea1n N\u0103ng<\/title>\n<meta name=\"description\" content=\"Mua ngay M\u00c1Y KI\u1ec2M TRA L\u1ef0C B\u00d3C T\u00c1CH C\u1ee6A B\u0102NG KEO CHEMINSTRUMENTS MODEL HSR-2000 ch\u00ednh h\u00e3ng. Gi\u00e1 t\u1ed1t!\" \/>\n<meta name=\"robots\" content=\"noindex, follow, max-snippet:-1, max-image-preview:large, max-video-preview:-1\" \/>\n<meta property=\"og:locale\" content=\"en_US\" \/>\n<meta property=\"og:type\" content=\"article\" \/>\n<meta property=\"og:title\" content=\"M\u00c1Y KI\u1ec2M TRA L\u1ef0C B\u00d3C T\u00c1CH C\u1ee6A B\u0102NG KEO CHEMINSTRUMENTS MODEL HSR-2000\" \/>\n<meta property=\"og:description\" content=\"Mua ngay M\u00c1Y KI\u1ec2M TRA L\u1ef0C B\u00d3C T\u00c1CH C\u1ee6A B\u0102NG KEO CHEMINSTRUMENTS MODEL HSR-2000 ch\u00ednh h\u00e3ng. Gi\u00e1 t\u1ed1t!\" \/>\n<meta property=\"og:url\" content=\"https:\/\/vannangvn.123websitedev.com\/en\/product\/may-kiem-tra-luc-boc-tach-cua-bang-keo-cheminstruments-model-hsr-2000\/\" \/>\n<meta property=\"og:site_name\" content=\"Vannang.vn\" \/>\n<meta property=\"article:modified_time\" content=\"2026-03-30T11:40:30+00:00\" \/>\n<meta property=\"og:image\" content=\"http:\/\/vannangvn.123websitedev.com\/wp-content\/uploads\/2026\/03\/HSR-2000-768x576-copy.jpg\" \/>\n\t<meta property=\"og:image:width\" content=\"768\" \/>\n\t<meta property=\"og:image:height\" content=\"576\" \/>\n\t<meta property=\"og:image:type\" content=\"image\/jpeg\" \/>\n<meta name=\"twitter:card\" content=\"summary_large_image\" \/>\n<meta name=\"twitter:label1\" content=\"Est. reading time\" \/>\n\t<meta name=\"twitter:data1\" content=\"2 minutes\" \/>\n<script type=\"application\/ld+json\" class=\"yoast-schema-graph\">{\"@context\":\"https:\/\/schema.org\",\"@graph\":[{\"@type\":\"WebPage\",\"@id\":\"https:\/\/vannangvn.123websitedev.com\/san-pham\/may-kiem-tra-luc-boc-tach-cua-bang-keo-cheminstruments-model-hsr-2000\/\",\"url\":\"https:\/\/vannangvn.123websitedev.com\/san-pham\/may-kiem-tra-luc-boc-tach-cua-bang-keo-cheminstruments-model-hsr-2000\/\",\"name\":\"M\u00c1Y KI\u1ec2M TRA L\u1ef0C B\u00d3C T\u00c1CH C\u1ee6A B\u0102NG ... ch\u00ednh h\u00e3ng | V\u1ea1n N\u0103ng\",\"isPartOf\":{\"@id\":\"https:\/\/vannangvn.123websitedev.com\/#website\"},\"primaryImageOfPage\":{\"@id\":\"https:\/\/vannangvn.123websitedev.com\/san-pham\/may-kiem-tra-luc-boc-tach-cua-bang-keo-cheminstruments-model-hsr-2000\/#primaryimage\"},\"image\":{\"@id\":\"https:\/\/vannangvn.123websitedev.com\/san-pham\/may-kiem-tra-luc-boc-tach-cua-bang-keo-cheminstruments-model-hsr-2000\/#primaryimage\"},\"thumbnailUrl\":\"https:\/\/vannangvn.123websitedev.com\/wp-content\/uploads\/2026\/03\/HSR-2000-768x576-copy.jpg\",\"datePublished\":\"2026-03-20T11:57:13+00:00\",\"dateModified\":\"2026-03-30T11:40:30+00:00\",\"description\":\"Mua ngay M\u00c1Y KI\u1ec2M TRA L\u1ef0C B\u00d3C T\u00c1CH C\u1ee6A B\u0102NG KEO CHEMINSTRUMENTS MODEL HSR-2000 ch\u00ednh h\u00e3ng. Gi\u00e1 t\u1ed1t!\",\"breadcrumb\":{\"@id\":\"https:\/\/vannangvn.123websitedev.com\/san-pham\/may-kiem-tra-luc-boc-tach-cua-bang-keo-cheminstruments-model-hsr-2000\/#breadcrumb\"},\"inLanguage\":\"en-US\",\"potentialAction\":[{\"@type\":\"ReadAction\",\"target\":[\"https:\/\/vannangvn.123websitedev.com\/san-pham\/may-kiem-tra-luc-boc-tach-cua-bang-keo-cheminstruments-model-hsr-2000\/\"]}]},{\"@type\":\"ImageObject\",\"inLanguage\":\"en-US\",\"@id\":\"https:\/\/vannangvn.123websitedev.com\/san-pham\/may-kiem-tra-luc-boc-tach-cua-bang-keo-cheminstruments-model-hsr-2000\/#primaryimage\",\"url\":\"https:\/\/vannangvn.123websitedev.com\/wp-content\/uploads\/2026\/03\/HSR-2000-768x576-copy.jpg\",\"contentUrl\":\"https:\/\/vannangvn.123websitedev.com\/wp-content\/uploads\/2026\/03\/HSR-2000-768x576-copy.jpg\",\"width\":768,\"height\":576},{\"@type\":\"BreadcrumbList\",\"@id\":\"https:\/\/vannangvn.123websitedev.com\/san-pham\/may-kiem-tra-luc-boc-tach-cua-bang-keo-cheminstruments-model-hsr-2000\/#breadcrumb\",\"itemListElement\":[{\"@type\":\"ListItem\",\"position\":1,\"name\":\"Trang ch\u1ee7\",\"item\":\"https:\/\/vannangvn.123websitedev.com\/\"},{\"@type\":\"ListItem\",\"position\":2,\"name\":\"S\u1ea3n ph\u1ea9m\",\"item\":\"https:\/\/vannangvn.123websitedev.com\/cua-hang\/\"},{\"@type\":\"ListItem\",\"position\":3,\"name\":\"M\u00c1Y KI\u1ec2M TRA L\u1ef0C B\u00d3C T\u00c1CH C\u1ee6A B\u0102NG KEO CHEMINSTRUMENTS MODEL HSR-2000\"}]},{\"@type\":\"WebSite\",\"@id\":\"https:\/\/vannangvn.123websitedev.com\/#website\",\"url\":\"https:\/\/vannangvn.123websitedev.com\/\",\"name\":\"Vannang.vn\",\"description\":\"\",\"publisher\":{\"@id\":\"https:\/\/vannangvn.123websitedev.com\/#organization\"},\"potentialAction\":[{\"@type\":\"SearchAction\",\"target\":{\"@type\":\"EntryPoint\",\"urlTemplate\":\"https:\/\/vannangvn.123websitedev.com\/?s={search_term_string}\"},\"query-input\":{\"@type\":\"PropertyValueSpecification\",\"valueRequired\":true,\"valueName\":\"search_term_string\"}}],\"inLanguage\":\"en-US\"},{\"@type\":\"Organization\",\"@id\":\"https:\/\/vannangvn.123websitedev.com\/#organization\",\"name\":\"Vannang.vn\",\"url\":\"https:\/\/vannangvn.123websitedev.com\/\",\"logo\":{\"@type\":\"ImageObject\",\"inLanguage\":\"en-US\",\"@id\":\"https:\/\/vannangvn.123websitedev.com\/#\/schema\/logo\/image\/\",\"url\":\"https:\/\/vannangvn.123websitedev.com\/wp-content\/uploads\/2026\/02\/logo-van-nang-02.png\",\"contentUrl\":\"https:\/\/vannangvn.123websitedev.com\/wp-content\/uploads\/2026\/02\/logo-van-nang-02.png\",\"width\":448,\"height\":111,\"caption\":\"Vannang.vn\"},\"image\":{\"@id\":\"https:\/\/vannangvn.123websitedev.com\/#\/schema\/logo\/image\/\"}}]}<\/script>\n<!-- \/ Yoast SEO Premium plugin. -->","yoast_head_json":{"title":"M\u00c1Y KI\u1ec2M TRA L\u1ef0C B\u00d3C T\u00c1CH C\u1ee6A B\u0102NG ... ch\u00ednh h\u00e3ng | V\u1ea1n N\u0103ng","description":"Mua ngay M\u00c1Y KI\u1ec2M TRA L\u1ef0C B\u00d3C T\u00c1CH C\u1ee6A B\u0102NG KEO CHEMINSTRUMENTS MODEL HSR-2000 ch\u00ednh h\u00e3ng. Gi\u00e1 t\u1ed1t!","robots":{"index":"noindex","follow":"follow","max-snippet":"max-snippet:-1","max-image-preview":"max-image-preview:large","max-video-preview":"max-video-preview:-1"},"og_locale":"en_US","og_type":"article","og_title":"M\u00c1Y KI\u1ec2M TRA L\u1ef0C B\u00d3C T\u00c1CH C\u1ee6A B\u0102NG KEO CHEMINSTRUMENTS MODEL HSR-2000","og_description":"Mua ngay M\u00c1Y KI\u1ec2M TRA L\u1ef0C B\u00d3C T\u00c1CH C\u1ee6A B\u0102NG KEO CHEMINSTRUMENTS MODEL HSR-2000 ch\u00ednh h\u00e3ng. Gi\u00e1 t\u1ed1t!","og_url":"https:\/\/vannangvn.123websitedev.com\/en\/product\/may-kiem-tra-luc-boc-tach-cua-bang-keo-cheminstruments-model-hsr-2000\/","og_site_name":"Vannang.vn","article_modified_time":"2026-03-30T11:40:30+00:00","og_image":[{"width":768,"height":576,"url":"http:\/\/vannangvn.123websitedev.com\/wp-content\/uploads\/2026\/03\/HSR-2000-768x576-copy.jpg","type":"image\/jpeg"}],"twitter_card":"summary_large_image","twitter_misc":{"Est. reading time":"2 minutes"},"schema":{"@context":"https:\/\/schema.org","@graph":[{"@type":"WebPage","@id":"https:\/\/vannangvn.123websitedev.com\/san-pham\/may-kiem-tra-luc-boc-tach-cua-bang-keo-cheminstruments-model-hsr-2000\/","url":"https:\/\/vannangvn.123websitedev.com\/san-pham\/may-kiem-tra-luc-boc-tach-cua-bang-keo-cheminstruments-model-hsr-2000\/","name":"M\u00c1Y KI\u1ec2M TRA L\u1ef0C B\u00d3C T\u00c1CH C\u1ee6A B\u0102NG ... ch\u00ednh h\u00e3ng | V\u1ea1n N\u0103ng","isPartOf":{"@id":"https:\/\/vannangvn.123websitedev.com\/#website"},"primaryImageOfPage":{"@id":"https:\/\/vannangvn.123websitedev.com\/san-pham\/may-kiem-tra-luc-boc-tach-cua-bang-keo-cheminstruments-model-hsr-2000\/#primaryimage"},"image":{"@id":"https:\/\/vannangvn.123websitedev.com\/san-pham\/may-kiem-tra-luc-boc-tach-cua-bang-keo-cheminstruments-model-hsr-2000\/#primaryimage"},"thumbnailUrl":"https:\/\/vannangvn.123websitedev.com\/wp-content\/uploads\/2026\/03\/HSR-2000-768x576-copy.jpg","datePublished":"2026-03-20T11:57:13+00:00","dateModified":"2026-03-30T11:40:30+00:00","description":"Mua ngay M\u00c1Y KI\u1ec2M TRA L\u1ef0C B\u00d3C T\u00c1CH C\u1ee6A B\u0102NG KEO CHEMINSTRUMENTS MODEL HSR-2000 ch\u00ednh h\u00e3ng. Gi\u00e1 t\u1ed1t!","breadcrumb":{"@id":"https:\/\/vannangvn.123websitedev.com\/san-pham\/may-kiem-tra-luc-boc-tach-cua-bang-keo-cheminstruments-model-hsr-2000\/#breadcrumb"},"inLanguage":"en-US","potentialAction":[{"@type":"ReadAction","target":["https:\/\/vannangvn.123websitedev.com\/san-pham\/may-kiem-tra-luc-boc-tach-cua-bang-keo-cheminstruments-model-hsr-2000\/"]}]},{"@type":"ImageObject","inLanguage":"en-US","@id":"https:\/\/vannangvn.123websitedev.com\/san-pham\/may-kiem-tra-luc-boc-tach-cua-bang-keo-cheminstruments-model-hsr-2000\/#primaryimage","url":"https:\/\/vannangvn.123websitedev.com\/wp-content\/uploads\/2026\/03\/HSR-2000-768x576-copy.jpg","contentUrl":"https:\/\/vannangvn.123websitedev.com\/wp-content\/uploads\/2026\/03\/HSR-2000-768x576-copy.jpg","width":768,"height":576},{"@type":"BreadcrumbList","@id":"https:\/\/vannangvn.123websitedev.com\/san-pham\/may-kiem-tra-luc-boc-tach-cua-bang-keo-cheminstruments-model-hsr-2000\/#breadcrumb","itemListElement":[{"@type":"ListItem","position":1,"name":"Trang ch\u1ee7","item":"https:\/\/vannangvn.123websitedev.com\/"},{"@type":"ListItem","position":2,"name":"S\u1ea3n ph\u1ea9m","item":"https:\/\/vannangvn.123websitedev.com\/cua-hang\/"},{"@type":"ListItem","position":3,"name":"M\u00c1Y KI\u1ec2M TRA L\u1ef0C B\u00d3C T\u00c1CH C\u1ee6A B\u0102NG KEO CHEMINSTRUMENTS MODEL HSR-2000"}]},{"@type":"WebSite","@id":"https:\/\/vannangvn.123websitedev.com\/#website","url":"https:\/\/vannangvn.123websitedev.com\/","name":"Vannang.vn","description":"","publisher":{"@id":"https:\/\/vannangvn.123websitedev.com\/#organization"},"potentialAction":[{"@type":"SearchAction","target":{"@type":"EntryPoint","urlTemplate":"https:\/\/vannangvn.123websitedev.com\/?s={search_term_string}"},"query-input":{"@type":"PropertyValueSpecification","valueRequired":true,"valueName":"search_term_string"}}],"inLanguage":"en-US"},{"@type":"Organization","@id":"https:\/\/vannangvn.123websitedev.com\/#organization","name":"Vannang.vn","url":"https:\/\/vannangvn.123websitedev.com\/","logo":{"@type":"ImageObject","inLanguage":"en-US","@id":"https:\/\/vannangvn.123websitedev.com\/#\/schema\/logo\/image\/","url":"https:\/\/vannangvn.123websitedev.com\/wp-content\/uploads\/2026\/02\/logo-van-nang-02.png","contentUrl":"https:\/\/vannangvn.123websitedev.com\/wp-content\/uploads\/2026\/02\/logo-van-nang-02.png","width":448,"height":111,"caption":"Vannang.vn"},"image":{"@id":"https:\/\/vannangvn.123websitedev.com\/#\/schema\/logo\/image\/"}}]}},"_links":{"self":[{"href":"https:\/\/vannangvn.123websitedev.com\/en\/wp-json\/wp\/v2\/product\/7305","targetHints":{"allow":["GET"]}}],"collection":[{"href":"https:\/\/vannangvn.123websitedev.com\/en\/wp-json\/wp\/v2\/product"}],"about":[{"href":"https:\/\/vannangvn.123websitedev.com\/en\/wp-json\/wp\/v2\/types\/product"}],"replies":[{"embeddable":true,"href":"https:\/\/vannangvn.123websitedev.com\/en\/wp-json\/wp\/v2\/comments?post=7305"}],"wp:featuredmedia":[{"embeddable":true,"href":"https:\/\/vannangvn.123websitedev.com\/en\/wp-json\/wp\/v2\/media\/8333"}],"wp:attachment":[{"href":"https:\/\/vannangvn.123websitedev.com\/en\/wp-json\/wp\/v2\/media?parent=7305"}],"wp:term":[{"taxonomy":"product_brand","embeddable":true,"href":"https:\/\/vannangvn.123websitedev.com\/en\/wp-json\/wp\/v2\/product_brand?post=7305"},{"taxonomy":"product_cat","embeddable":true,"href":"https:\/\/vannangvn.123websitedev.com\/en\/wp-json\/wp\/v2\/product_cat?post=7305"},{"taxonomy":"product_tag","embeddable":true,"href":"https:\/\/vannangvn.123websitedev.com\/en\/wp-json\/wp\/v2\/product_tag?post=7305"}],"curies":[{"name":"wp","href":"https:\/\/api.w.org\/{rel}","templated":true}]}}