{"id":7312,"date":"2026-03-20T18:57:28","date_gmt":"2026-03-20T11:57:28","guid":{"rendered":"https:\/\/vannangvn.123websitedev.com\/san-pham\/may-kiem-tra-mi-lon-toan-chu-vi-bang-laser-industrial-physics-model-seam360\/"},"modified":"2026-03-30T18:40:39","modified_gmt":"2026-03-30T11:40:39","slug":"may-kiem-tra-mi-lon-toan-chu-vi-bang-laser-industrial-physics-model-seam360","status":"publish","type":"product","link":"https:\/\/vannangvn.123websitedev.com\/en\/product\/may-kiem-tra-mi-lon-toan-chu-vi-bang-laser-industrial-physics-model-seam360\/","title":{"rendered":"M\u00c1Y KI\u1ec2M TRA M\u00cd LON TO\u00c0N CHU VI B\u1eb0NG LASER INDUSTRIAL PHYSICS MODEL SEAM360"},"content":{"rendered":"<h1 style=\"color: red; font-weight: bold; font-size: 24px;\">T&#7893;ng quan s&#7843;n ph&#7849;m M&Aacute;Y KI&#7874;M TRA M&Iacute; LON TO&Agrave;N CHU VI B&#7856;NG LASER INDUSTRIAL PHYSICS MODEL SEAM360<p>Thi&#7871;t B&#7883; Qu&eacute;t M&iacute; Lon 360 &#272;&#7897; Kh&ocirc;ng Ph&aacute; H&#7911;y Industrial Physics Model SEAM360<br>\nIndustrial Physics SEAM360 l&agrave; h&#7879; th&#7889;ng ki&#7875;m tra m&iacute; lon 360 &#273;&#7897; kh&ocirc;ng ph&aacute; h&#7911;y do CMC-KUHNKE ph&aacute;t tri&#7875;n, s&#7917; d&#7909;ng c&ocirc;ng ngh&#7879; quang h&#7885;c v&agrave; laser ti&ecirc;n ti&#7871;n &#273;&#7875; &#273;o chi&#7873;u d&agrave;i, &#273;&#7897; d&agrave;y v&agrave; ph&aacute;t hi&#7879;n l&#7895;i m&iacute; tr&ecirc;n to&agrave;n b&#7897; chu vi lon.<br>\nThi&#7871;t b&#7883; gi&uacute;p doanh nghi&#7879;p ki&#7875;m so&aacute;t ch&#7845;t l&#432;&#7907;ng m&iacute; gh&eacute;p nhanh ch&oacute;ng, ch&iacute;nh x&aacute;c v&agrave; ti&#7871;t ki&#7879;m chi ph&iacute; so v&#7899;i c&aacute;c ph&#432;&#417;ng ph&aacute;p ki&#7875;m tra truy&#7873;n th&#7889;ng. H&atilde;y c&ugrave;ng V&#7841;n N&#259;ng t&igrave;m hi&#7875;u chi ti&#7871;t h&#417;n v&#7873; s&#7843;n ph&#7849;m th&ocirc;ng qua b&agrave;i vi&#7871;t d&#432;&#7899;i &#273;&acirc;y nh&eacute;!<\/p><p>N&eacute;t &#272;&#7863;c Tr&#432;ng C&#7911;a H&#7879; Th&#7889;ng Ki&#7875;m Tra M&iacute; SEAM360<br>\nQu&eacute;t m&iacute; lon 360 &#273;&#7897; to&agrave;n di&#7879;n<br>\nModel SEAM360 cho ph&eacute;p qu&eacute;t to&agrave;n b&#7897; chu vi m&iacute; lon, thay v&igrave; ch&#7881; &#273;o t&#7841;i 2&ndash;3 &#273;i&#7875;m nh&#432; ph&#432;&#417;ng ph&aacute;p th&ocirc;ng th&#432;&#7901;ng. &#272;i&#7873;u n&agrave;y gi&uacute;p ph&aacute;t hi&#7879;n c&aacute;c l&#7895;i ti&#7873;m &#7849;n &#7903; nh&#7919;ng v&#7883; tr&iacute; kh&oacute; ki&#7875;m tra, gi&#7843;m nguy c&#417; b&#7887; s&oacute;t l&#7895;i.<br>\nC&ocirc;ng ngh&#7879; laser kh&ocirc;ng ph&aacute; h&#7911;y<br>\nThi&#7871;t b&#7883; s&#7917; d&#7909;ng c&#7843;m bi&#7871;n laser quang h&#7885;c &#273;&#7875; &#273;o m&iacute; lon m&agrave; kh&ocirc;ng c&#7847;n c&#7855;t m&#7851;u ho&#7863;c ph&aacute; h&#7911;y s&#7843;n ph&#7849;m, gi&uacute;p ti&#7871;t ki&#7879;m th&#7901;i gian v&agrave; chi ph&iacute; ki&#7875;m tra.<br>\nPh&#7847;n m&#7873;m ph&acirc;n t&iacute;ch th&ocirc;ng minh<br>\nPh&#7847;n m&#7873;m tr&#7921;c quan hi&#7875;n th&#7883; v&#7883; tr&iacute; v&agrave; lo&#7841;i l&#7895;i m&iacute;, &#273;&#7891;ng th&#7901;i cung c&#7845;p b&aacute;o c&aacute;o &#273;o l&#432;&#7901;ng, th&#7889;ng k&ecirc; v&agrave; c&#7843;nh b&aacute;o xu h&#432;&#7899;ng l&#7895;i &#273;&#7875; h&#7895; tr&#7907; ki&#7875;m so&aacute;t ch&#7845;t l&#432;&#7907;ng theo ti&ecirc;u chu&#7849;n SPC.<br>\nT&#7889;c &#273;&#7897; ki&#7875;m tra c&#7921;c nhanh<br>\nM&aacute;y ki&#7875;m tra m&iacute; lon to&agrave;n chu vi b&#7857;ng laser SEAM360 c&oacute; kh&#7843; n&#259;ng qu&eacute;t m&iacute; lon v&#7899;i t&#7889;c &#273;&#7897; cao, ph&ugrave; h&#7907;p cho ph&ograve;ng QC, ph&ograve;ng th&iacute; nghi&#7879;m v&agrave; ki&#7875;m tra m&#7851;u s&#7843;n xu&#7845;t h&agrave;ng lo&#7841;t m&agrave; kh&ocirc;ng l&agrave;m gi&aacute;n &#273;o&#7841;n d&acirc;y chuy&#7873;n.<br>\nGi&#7843;i ph&aacute;p thay th&#7871; X-ray hi&#7879;u qu&#7843;<br>\nThi&#7871;t b&#7883; l&agrave; gi&#7843;i ph&aacute;p th&acirc;n thi&#7879;n m&ocirc;i tr&#432;&#7901;ng, chi ph&iacute; th&#7845;p h&#417;n so v&#7899;i h&#7879; th&#7889;ng ki&#7875;m tra X-ray nh&#432;ng v&#7851;n &#273;&#7843;m b&#7843;o &#273;&#7897; ch&iacute;nh x&aacute;c cao.<\/p><h2 style=\"color: #2e7d32; font-weight: bold; font-size: 20px;\">&#431;u &#272;i&#7875;m N&#7893;i B&#7853;t C&#7911;a Thi&#7871;t B&#7883; Ki&#7875;m Tra M&iacute; SEAM360<\/h2><p>Ki&#7875;m tra m&iacute; lon tr&ecirc;n to&agrave;n b&#7897; chu vi v&#7899;i &#273;&#7897; ch&iacute;nh x&aacute;c cao<br>\nPh&aacute;t hi&#7879;n nhanh c&aacute;c l&#7895;i kh&oacute; nh&#7853;n bi&#7871;t nh&#432; compound buildup, seam skid, wrinkle, seam bump<br>\n&#272;&#7883;nh v&#7883; ch&iacute;nh x&aacute;c l&#7895;i nh&#432; false seam, overlap, seam gap, overhang, droops &amp; vees<br>\nKh&ocirc;ng ph&#7909; thu&#7897;c v&agrave;o ng&#432;&#7901;i v&#7853;n h&agrave;nh, gi&#7843;m sai s&#7889; ch&#7911; quan<br>\nT&iacute;ch h&#7907;p h&#7879; th&#7889;ng SPC, b&aacute;o c&aacute;o d&#7919; li&#7879;u v&agrave; c&#7843;nh b&aacute;o xu h&#432;&#7899;ng l&#7895;i<br>\nT&#7889;c &#273;&#7897; &#273;o nhanh h&#417;n nhi&#7873;u so v&#7899;i ph&#432;&#417;ng ph&aacute;p ph&aacute; h&#7911;y truy&#7873;n th&#7889;ng<br>\nChi ph&iacute; &#273;&#7847;u t&#432; th&#7845;p h&#417;n so v&#7899;i h&#7879; th&#7889;ng ki&#7875;m tra t&#7921; &#273;&#7897;ng ho&agrave;n to&agrave;n kh&aacute;c<br>\nKh&ocirc;ng g&acirc;y h&#7841;i m&ocirc;i tr&#432;&#7901;ng, kh&ocirc;ng s&#7917; d&#7909;ng tia X<br>\nPh&ugrave; h&#7907;p cho nhi&#7873;u lo&#7841;i lon v&agrave; k&iacute;ch th&#432;&#7899;c kh&aacute;c nhau<\/p><p>&#7912;ng D&#7909;ng Th&#7921;c T&#7871; C&#7911;a SEAM360<\/p><p>Ng&agrave;nh s&#7843;n xu&#7845;t lon th&#7921;c ph&#7849;m: Ki&#7875;m tra ch&#7845;t l&#432;&#7907;ng m&iacute; lon &#273;&#7891; h&#7897;p, th&#7921;c ph&#7849;m &#273;&oacute;ng h&#7897;p nh&#7857;m &#273;&#7843;m b&#7843;o &#273;&#7897; k&iacute;n v&agrave; an to&agrave;n v&#7879; sinh th&#7921;c ph&#7849;m.<br>\nNg&agrave;nh &#273;&#7891; u&#7889;ng: Gi&aacute;m s&aacute;t m&iacute; lon bia, n&#432;&#7899;c gi&#7843;i kh&aacute;t, n&#432;&#7899;c t&#259;ng l&#7921;c &#273;&#7875; ng&#259;n ng&#7915;a r&ograve; r&#7881; v&agrave; l&#7895;i &#273;&oacute;ng g&oacute;i.<br>\nNg&agrave;nh bao b&igrave; kim lo&#7841;i c&ocirc;ng nghi&#7879;p: &#7912;ng d&#7909;ng cho lon h&oacute;a ch&#7845;t, aerosol, d&#7847;u nh&#7899;t v&agrave; c&aacute;c s&#7843;n ph&#7849;m c&ocirc;ng nghi&#7879;p y&ecirc;u c&#7847;u &#273;&#7897; k&iacute;n cao.<br>\nPh&ograve;ng ki&#7875;m so&aacute;t ch&#7845;t l&#432;&#7907;ng (QC) v&agrave; R&amp;D: Ph&acirc;n t&iacute;ch v&agrave; t&#7889;i &#432;u quy tr&igrave;nh gh&eacute;p m&iacute; trong ph&ograve;ng th&iacute; nghi&#7879;m v&agrave; trung t&acirc;m nghi&ecirc;n c&#7913;u.<br>\nNh&agrave; m&aacute;y s&#7843;n xu&#7845;t lon kim lo&#7841;i: Theo d&otilde;i hi&#7879;u su&#7845;t m&aacute;y gh&eacute;p m&iacute;, ph&aacute;t hi&#7879;n s&#7899;m l&#7895;i tooling, chuck, bushing v&agrave; gi&#7843;m downtime d&acirc;y chuy&#7873;n.<\/p><p>Nh&#7919;ng L&yacute; Do N&ecirc;n Mua M&aacute;y Qu&eacute;t M&iacute; Lon T&#7841;i V&#7841;n N&#259;ng<\/p><p>C&ocirc;ng ty Thi&#7871;t B&#7883; C&ocirc;ng Ngh&#7879; V&#7841;n N&#259;ng l&agrave; &#273;&#7889;i t&aacute;c ch&iacute;nh th&#7913;c ph&acirc;n ph&#7889;i M&aacute;y Qu&eacute;t M&iacute; Lon h&agrave;ng &#273;&#7847;u t&#7841;i Vi&#7879;t Nam, cam k&#7871;t cung c&#7845;p s&#7843;n ph&#7849;m ch&iacute;nh h&atilde;ng v&#7899;i gi&aacute; c&#7843; c&#7841;nh tranh nh&#7845;t th&#7883; tr&#432;&#7901;ng. V&#7899;i uy t&iacute;n tr&ecirc;n th&#7883; tr&#432;&#7901;ng v&agrave; ch&#7871; &#273;&#7897; h&#7851;u m&atilde;i t&#7889;t, Thi&#7871;t B&#7883; C&ocirc;ng Ngh&#7879; V&#7841;n N&#259;ng &#273;&atilde; nh&#7853;n &#273;&#432;&#7907;c s&#7921; tin t&#432;&#7903;ng t&#7915; kh&aacute;ch h&agrave;ng nh&#7901; v&agrave;o ch&#7845;t l&#432;&#7907;ng h&agrave;ng &#273;&#7847;u c&#7911;a c&aacute;c d&ograve;ng s&#7843;n ph&#7849;m.<br>\nS&#7843;n ph&#7849;m c&#7911;a ch&uacute;ng t&ocirc;i &#273;&#432;&#7907;c ki&#7875;m &#273;&#7883;nh ch&#7845;t l&#432;&#7907;ng, nh&#7853;p kh&#7849;u tr&#7921;c ti&#7871;p t&#7915; nh&agrave; m&aacute;y b&ecirc;n Ch&acirc;u &Acirc;u, M&#7929;, &Uacute;c, Nh&#7853;t B&#7843;n,&hellip; v&agrave; &#273;&aacute;p &#7913;ng nhu c&#7847;u &#273;a d&#7841;ng c&#7911;a th&#7883; tr&#432;&#7901;ng nh&#432;: M&aacute;y &#272;o &#272;&#7897; C&#7913;ng, M&aacute;y SPECTROMAXx, M&aacute;y Ki&#7875;m Tra &#272;&#432;&#7901;ng Gh&eacute;p M&iacute; Lon,&hellip; Ch&uacute;ng t&ocirc;i cam k&#7871;t cung c&#7845;p s&#7843;n ph&#7849;m n&agrave;y tr&ecirc;n to&agrave;n qu&#7889;c v&#7899;i gi&aacute; c&#7843; c&#7841;nh tranh nh&#7845;t.<br>\nCh&uacute;ng t&ocirc;i c&oacute; &#273;&#7897;i ng&#361; chuy&ecirc;n vi&ecirc;n t&#432; v&#7845;n chuy&ecirc;n s&acirc;u s&#7869; h&#7895; tr&#7907; kh&aacute;ch h&agrave;ng v&#7873; chi ti&#7871;t s&#7843;n ph&#7849;m, h&#432;&#7899;ng d&#7851;n s&#7917; d&#7909;ng hay nh&#7919;ng th&#7913; li&ecirc;n quan &#273;&#7871;n v&#7845;n &#273;&#7873; m&agrave; doanh nghi&#7879;p b&#7841;n &#273;ang g&#7863;p ph&#7843;i. Ch&uacute;ng t&ocirc;i s&#7869; cung c&#7845;p nh&#7919;ng gi&#7843;i ph&aacute;p t&#7889;i &#432;u nh&#7845;t!<br>\nNgo&agrave;i ra Thi&#7871;t B&#7883; C&ocirc;ng Ngh&#7879; V&#7841;n N&#259;ng Ch&uacute;ng T&ocirc;i lu&ocirc;n h&#432;&#7899;ng &#273;&#7871;n tr&#7843;i nghi&#7879;m kh&aacute;ch h&agrave;ng, v&igrave; v&#7853;y ch&uacute;ng t&ocirc;i c&oacute; nh&#7919;ng ch&iacute;nh s&aacute;ch b&#7843;o h&agrave;nh, b&#7843;o tr&igrave; &ndash; b&#7843;o d&#432;&#7905;ng, hi&#7879;u chu&#7849;n v&#7899;i t&#7845;t c&#7843; c&aacute;c thi&#7871;t b&#7883;, m&aacute;y m&oacute;c m&agrave; ch&uacute;ng t&ocirc;i cung c&#7845;p. &#272;&#7843;m b&#7843;o mang &#273;&#7871;n cho Kh&aacute;ch h&agrave;ng s&#7921; y&ecirc;n t&acirc;m tuy&#7879;t &#273;&#7889;i v&#7873; d&#7883;ch v&#7909; khi mua h&agrave;ng.<\/p><p>T&#7893;ng K&#7871;t<br>\nV&#7899;i c&ocirc;ng ngh&#7879; laser kh&ocirc;ng ph&aacute; h&#7911;y, t&#7889;c &#273;&#7897; &#273;o nhanh v&agrave; ph&#7847;n m&#7873;m ph&acirc;n t&iacute;ch th&ocirc;ng minh, M&aacute;y qu&eacute;t m&iacute; lon SEAM360 tr&#7903; th&agrave;nh c&ocirc;ng c&#7909; kh&ocirc;ng th&#7875; thi&#7871;u trong h&#7879; th&#7889;ng ki&#7875;m so&aacute;t ch&#7845;t l&#432;&#7907;ng hi&#7879;n &#273;&#7841;i c&#7911;a c&aacute;c nh&agrave; m&aacute;y s&#7843;n xu&#7845;t lon v&agrave; bao b&igrave; kim lo&#7841;i. H&atilde;y li&ecirc;n h&#7879; v&#7899;i V&#7841;n N&#259;ng ngay &#273;&#7875; &#273;&#432;&#7907;c t&#432; v&#7845;n chuy&ecirc;n s&acirc;u v&agrave; nh&#7853;n nh&#7919;ng &#432;u &#273;&atilde;i h&#7845;p d&#7851;n nh&#7845;t th&ocirc;ng qua hotline0903 991 335!<\/p><div style=\"background-color: #f8fafc; border: 1px solid #e2e8f0; border-radius: 8px; padding: 25px; max-width: 800px; margin: 30px auto; color: #334155; line-height: 1.8; font-size: 17px; box-shadow: 0 4px 6px -1px rgba(0,0,0,0.05); text-align: left; clear: both;\">\nC&ocirc;ng ty TNHH Th&#432;&#417;ng M&#7841;i D&#7883;ch V&#7909; Thi&#7871;t B&#7883; C&ocirc;ng Ngh&#7879; V&#7841;n N&#259;ng\n<p style=\"margin: 0 0 10px 0;\">&#128205; <strong style=\"color: #1e293b;\">&#272;&#7883;a ch&#7881;:<\/strong> <a style=\"color: #059669; text-decoration: none; font-weight: bold;\" href=\"https:\/\/www.google.com\/maps\/search\/C%C3%B4ng+ty+TNHH+Th%C6%B0%C6%A1ng+M%E1%BA%A1i+D%E1%BB%8Bch+V%E1%BB%A5+Thi%E1%BA%BFt+B%E1%BB%8B+C%C3%B4ng+Ngh%E1%BB%87+V%E1%BA%A1n+N%C4%83ng+818+Tr%C6%B0%E1%BB%9Dng+Chinh\" target=\"_blank\" rel=\"noopener\">818 Tr&#432;&#7901;ng Chinh, Ph&#432;&#7901;ng T&acirc;n S&#417;n, Th&agrave;nh ph&#7889; H&#7891; Ch&iacute; Minh, Vi&#7879;t Nam<\/a><\/p>\n<p style=\"margin: 0 0 10px 0;\">&#128222; <strong style=\"color: #1e293b;\">S&#272;T &ndash; Zalo:<\/strong> <a style=\"color: #059669; text-decoration: none; font-weight: bold;\" href=\"https:\/\/zalo.me\/0903991335\" target=\"_blank\" rel=\"noopener\">0903 991 335<\/a> <span style=\"color: #64748b; font-style: italic;\">(Ms. H&#7841;nh &ndash; Gi&aacute;m &#272;&#7889;c Kinh Doanh)<\/span><\/p>\n<p style=\"margin: 0;\">&#9993;&#65039; <strong style=\"color: #1e293b;\">Email:<\/strong> <a style=\"color: #059669; text-decoration: none; font-weight: bold;\" href=\"mailto:hienhanh@vannangvn.com\">hienhanh@vannangvn.com<\/a><\/p>\n<\/div><\/h1>","protected":false},"excerpt":{"rendered":"<p><strong>Th&#432;&#417;ng hi&#7879;u:<\/strong> Industrial Physics<br>\n<strong>Model:<\/strong> SEAM360<p>Product <strong>M&Aacute;Y KI&#7874;M TRA M&Iacute; LON TO&Agrave;N CHU VI B&#7856;NG LASER INDUSTRIAL PHYSICS MODEL SEAM360<\/strong> ch&iacute;nh h&atilde;ng. Industrial Physics&nbsp;(USA)<br>\nM&aacute;y Ki&#7875;m Tra M&iacute; Lon To&agrave;n Chu Vi B&#7857;ng Laser Industrial Physics Model SEAM360 l&agrave; thi&#7871;t b&#7883; ki&#7875;m tra m&iacute; lon 360 &#273;&#7897; kh&ocirc;ng ph&aacute; h&#7911;y b&#7857;ng c&ocirc;ng ngh&#7879; laser, gi&uacute;p ph&aacute;t hi&#7879;n l&#7895;i m&iacute; gh&eacute;p nhanh ch&oacute;ng, ch&iacute;nh x&aacute;c, gi&#7843;m r&#7911;i ro r&ograve; r&#7881; v&agrave; thu h&#7891;i s&#7843;n ph&#7849;m trong ng&agrave;nh bao b&igrave; kim lo&#7841;i.<\/p><\/p>","protected":false},"featured_media":10150,"comment_status":"open","ping_status":"closed","template":"","meta":[],"product_brand":[],"product_cat":[18],"product_tag":[336,495,649,891,1361,1383,1384,2579,109,116,166,208,209,335],"class_list":{"0":"post-7312","1":"product","2":"type-product","3":"status-publish","4":"has-post-thumbnail","6":"product_cat-chua-phan-loai","7":"product_tag-lon","8":"product_tag-toan","9":"product_tag-vi","10":"product_tag-chu","11":"product_tag-laser","12":"product_tag-industrial","13":"product_tag-physics","14":"product_tag-seam360","15":"product_tag-may","16":"product_tag-model","17":"product_tag-bang","18":"product_tag-kiem","19":"product_tag-tra","20":"product_tag-mi","22":"first","23":"instock","24":"shipping-taxable","25":"product-type-simple"},"yoast_head":"<!-- This site is optimized with the Yoast SEO Premium plugin v24.8 (Yoast SEO v24.8) - https:\/\/yoast.com\/wordpress\/plugins\/seo\/ -->\n<title>M\u00c1Y KI\u1ec2M TRA M\u00cd LON TO\u00c0N CHU VI B\u1eb0N... ch\u00ednh h\u00e3ng | V\u1ea1n N\u0103ng<\/title>\n<meta name=\"description\" content=\"Mua ngay M\u00c1Y KI\u1ec2M TRA M\u00cd LON TO\u00c0N CHU VI B\u1eb0NG LASER INDUSTRIAL PHYSICS MODEL SEAM360 ch\u00ednh h\u00e3ng. M\u00e1y Ki\u1ec3m Tra M\u00ed Lon To\u00e0n Chu Vi B... Gi\u00e1 t\u1ed1t!\" \/>\n<meta name=\"robots\" content=\"noindex, follow, max-snippet:-1, max-image-preview:large, max-video-preview:-1\" \/>\n<meta property=\"og:locale\" content=\"en_US\" \/>\n<meta property=\"og:type\" content=\"article\" \/>\n<meta property=\"og:title\" content=\"M\u00c1Y KI\u1ec2M TRA M\u00cd LON TO\u00c0N CHU VI B\u1eb0NG LASER INDUSTRIAL PHYSICS MODEL SEAM360\" \/>\n<meta property=\"og:description\" content=\"Mua ngay M\u00c1Y KI\u1ec2M TRA M\u00cd LON TO\u00c0N CHU VI B\u1eb0NG LASER INDUSTRIAL PHYSICS MODEL SEAM360 ch\u00ednh h\u00e3ng. M\u00e1y Ki\u1ec3m Tra M\u00ed Lon To\u00e0n Chu Vi B... Gi\u00e1 t\u1ed1t!\" \/>\n<meta property=\"og:url\" content=\"https:\/\/vannangvn.123websitedev.com\/en\/product\/may-kiem-tra-mi-lon-toan-chu-vi-bang-laser-industrial-physics-model-seam360\/\" \/>\n<meta property=\"og:site_name\" content=\"Vannang.vn\" \/>\n<meta property=\"article:modified_time\" content=\"2026-03-30T11:40:39+00:00\" \/>\n<meta property=\"og:image\" content=\"http:\/\/vannangvn.123websitedev.com\/wp-content\/uploads\/2026\/03\/44-1-768x576-copy.jpg\" \/>\n\t<meta property=\"og:image:width\" content=\"768\" \/>\n\t<meta property=\"og:image:height\" content=\"576\" \/>\n\t<meta property=\"og:image:type\" content=\"image\/jpeg\" \/>\n<meta name=\"twitter:card\" content=\"summary_large_image\" \/>\n<meta name=\"twitter:label1\" content=\"Est. reading time\" \/>\n\t<meta name=\"twitter:data1\" content=\"8 minutes\" \/>\n<script type=\"application\/ld+json\" class=\"yoast-schema-graph\">{\"@context\":\"https:\/\/schema.org\",\"@graph\":[{\"@type\":\"WebPage\",\"@id\":\"https:\/\/vannangvn.123websitedev.com\/san-pham\/may-kiem-tra-mi-lon-toan-chu-vi-bang-laser-industrial-physics-model-seam360\/\",\"url\":\"https:\/\/vannangvn.123websitedev.com\/san-pham\/may-kiem-tra-mi-lon-toan-chu-vi-bang-laser-industrial-physics-model-seam360\/\",\"name\":\"M\u00c1Y KI\u1ec2M TRA M\u00cd LON TO\u00c0N CHU VI B\u1eb0N... ch\u00ednh h\u00e3ng | V\u1ea1n N\u0103ng\",\"isPartOf\":{\"@id\":\"https:\/\/vannangvn.123websitedev.com\/#website\"},\"primaryImageOfPage\":{\"@id\":\"https:\/\/vannangvn.123websitedev.com\/san-pham\/may-kiem-tra-mi-lon-toan-chu-vi-bang-laser-industrial-physics-model-seam360\/#primaryimage\"},\"image\":{\"@id\":\"https:\/\/vannangvn.123websitedev.com\/san-pham\/may-kiem-tra-mi-lon-toan-chu-vi-bang-laser-industrial-physics-model-seam360\/#primaryimage\"},\"thumbnailUrl\":\"https:\/\/vannangvn.123websitedev.com\/wp-content\/uploads\/2026\/03\/44-1-768x576-copy.jpg\",\"datePublished\":\"2026-03-20T11:57:28+00:00\",\"dateModified\":\"2026-03-30T11:40:39+00:00\",\"description\":\"Mua ngay M\u00c1Y KI\u1ec2M TRA M\u00cd LON TO\u00c0N CHU VI B\u1eb0NG LASER INDUSTRIAL PHYSICS MODEL SEAM360 ch\u00ednh h\u00e3ng. M\u00e1y Ki\u1ec3m Tra M\u00ed Lon To\u00e0n Chu Vi B... Gi\u00e1 t\u1ed1t!\",\"breadcrumb\":{\"@id\":\"https:\/\/vannangvn.123websitedev.com\/san-pham\/may-kiem-tra-mi-lon-toan-chu-vi-bang-laser-industrial-physics-model-seam360\/#breadcrumb\"},\"inLanguage\":\"en-US\",\"potentialAction\":[{\"@type\":\"ReadAction\",\"target\":[\"https:\/\/vannangvn.123websitedev.com\/san-pham\/may-kiem-tra-mi-lon-toan-chu-vi-bang-laser-industrial-physics-model-seam360\/\"]}]},{\"@type\":\"ImageObject\",\"inLanguage\":\"en-US\",\"@id\":\"https:\/\/vannangvn.123websitedev.com\/san-pham\/may-kiem-tra-mi-lon-toan-chu-vi-bang-laser-industrial-physics-model-seam360\/#primaryimage\",\"url\":\"https:\/\/vannangvn.123websitedev.com\/wp-content\/uploads\/2026\/03\/44-1-768x576-copy.jpg\",\"contentUrl\":\"https:\/\/vannangvn.123websitedev.com\/wp-content\/uploads\/2026\/03\/44-1-768x576-copy.jpg\",\"width\":768,\"height\":576},{\"@type\":\"BreadcrumbList\",\"@id\":\"https:\/\/vannangvn.123websitedev.com\/san-pham\/may-kiem-tra-mi-lon-toan-chu-vi-bang-laser-industrial-physics-model-seam360\/#breadcrumb\",\"itemListElement\":[{\"@type\":\"ListItem\",\"position\":1,\"name\":\"Trang ch\u1ee7\",\"item\":\"https:\/\/vannangvn.123websitedev.com\/\"},{\"@type\":\"ListItem\",\"position\":2,\"name\":\"S\u1ea3n ph\u1ea9m\",\"item\":\"https:\/\/vannangvn.123websitedev.com\/cua-hang\/\"},{\"@type\":\"ListItem\",\"position\":3,\"name\":\"M\u00c1Y KI\u1ec2M TRA M\u00cd LON TO\u00c0N CHU VI B\u1eb0NG LASER INDUSTRIAL PHYSICS MODEL SEAM360\"}]},{\"@type\":\"WebSite\",\"@id\":\"https:\/\/vannangvn.123websitedev.com\/#website\",\"url\":\"https:\/\/vannangvn.123websitedev.com\/\",\"name\":\"Vannang.vn\",\"description\":\"\",\"publisher\":{\"@id\":\"https:\/\/vannangvn.123websitedev.com\/#organization\"},\"potentialAction\":[{\"@type\":\"SearchAction\",\"target\":{\"@type\":\"EntryPoint\",\"urlTemplate\":\"https:\/\/vannangvn.123websitedev.com\/?s={search_term_string}\"},\"query-input\":{\"@type\":\"PropertyValueSpecification\",\"valueRequired\":true,\"valueName\":\"search_term_string\"}}],\"inLanguage\":\"en-US\"},{\"@type\":\"Organization\",\"@id\":\"https:\/\/vannangvn.123websitedev.com\/#organization\",\"name\":\"Vannang.vn\",\"url\":\"https:\/\/vannangvn.123websitedev.com\/\",\"logo\":{\"@type\":\"ImageObject\",\"inLanguage\":\"en-US\",\"@id\":\"https:\/\/vannangvn.123websitedev.com\/#\/schema\/logo\/image\/\",\"url\":\"https:\/\/vannangvn.123websitedev.com\/wp-content\/uploads\/2026\/02\/logo-van-nang-02.png\",\"contentUrl\":\"https:\/\/vannangvn.123websitedev.com\/wp-content\/uploads\/2026\/02\/logo-van-nang-02.png\",\"width\":448,\"height\":111,\"caption\":\"Vannang.vn\"},\"image\":{\"@id\":\"https:\/\/vannangvn.123websitedev.com\/#\/schema\/logo\/image\/\"}}]}<\/script>\n<!-- \/ Yoast SEO Premium plugin. -->","yoast_head_json":{"title":"M\u00c1Y KI\u1ec2M TRA M\u00cd LON TO\u00c0N CHU VI B\u1eb0N... ch\u00ednh h\u00e3ng | V\u1ea1n N\u0103ng","description":"Mua ngay M\u00c1Y KI\u1ec2M TRA M\u00cd LON TO\u00c0N CHU VI B\u1eb0NG LASER INDUSTRIAL PHYSICS MODEL SEAM360 ch\u00ednh h\u00e3ng. M\u00e1y Ki\u1ec3m Tra M\u00ed Lon To\u00e0n Chu Vi B... Gi\u00e1 t\u1ed1t!","robots":{"index":"noindex","follow":"follow","max-snippet":"max-snippet:-1","max-image-preview":"max-image-preview:large","max-video-preview":"max-video-preview:-1"},"og_locale":"en_US","og_type":"article","og_title":"M\u00c1Y KI\u1ec2M TRA M\u00cd LON TO\u00c0N CHU VI B\u1eb0NG LASER INDUSTRIAL PHYSICS MODEL SEAM360","og_description":"Mua ngay M\u00c1Y KI\u1ec2M TRA M\u00cd LON TO\u00c0N CHU VI B\u1eb0NG LASER INDUSTRIAL PHYSICS MODEL SEAM360 ch\u00ednh h\u00e3ng. M\u00e1y Ki\u1ec3m Tra M\u00ed Lon To\u00e0n Chu Vi B... Gi\u00e1 t\u1ed1t!","og_url":"https:\/\/vannangvn.123websitedev.com\/en\/product\/may-kiem-tra-mi-lon-toan-chu-vi-bang-laser-industrial-physics-model-seam360\/","og_site_name":"Vannang.vn","article_modified_time":"2026-03-30T11:40:39+00:00","og_image":[{"width":768,"height":576,"url":"http:\/\/vannangvn.123websitedev.com\/wp-content\/uploads\/2026\/03\/44-1-768x576-copy.jpg","type":"image\/jpeg"}],"twitter_card":"summary_large_image","twitter_misc":{"Est. reading time":"8 minutes"},"schema":{"@context":"https:\/\/schema.org","@graph":[{"@type":"WebPage","@id":"https:\/\/vannangvn.123websitedev.com\/san-pham\/may-kiem-tra-mi-lon-toan-chu-vi-bang-laser-industrial-physics-model-seam360\/","url":"https:\/\/vannangvn.123websitedev.com\/san-pham\/may-kiem-tra-mi-lon-toan-chu-vi-bang-laser-industrial-physics-model-seam360\/","name":"M\u00c1Y KI\u1ec2M TRA M\u00cd LON TO\u00c0N CHU VI B\u1eb0N... ch\u00ednh h\u00e3ng | V\u1ea1n N\u0103ng","isPartOf":{"@id":"https:\/\/vannangvn.123websitedev.com\/#website"},"primaryImageOfPage":{"@id":"https:\/\/vannangvn.123websitedev.com\/san-pham\/may-kiem-tra-mi-lon-toan-chu-vi-bang-laser-industrial-physics-model-seam360\/#primaryimage"},"image":{"@id":"https:\/\/vannangvn.123websitedev.com\/san-pham\/may-kiem-tra-mi-lon-toan-chu-vi-bang-laser-industrial-physics-model-seam360\/#primaryimage"},"thumbnailUrl":"https:\/\/vannangvn.123websitedev.com\/wp-content\/uploads\/2026\/03\/44-1-768x576-copy.jpg","datePublished":"2026-03-20T11:57:28+00:00","dateModified":"2026-03-30T11:40:39+00:00","description":"Mua ngay M\u00c1Y KI\u1ec2M TRA M\u00cd LON TO\u00c0N CHU VI B\u1eb0NG LASER INDUSTRIAL PHYSICS MODEL SEAM360 ch\u00ednh h\u00e3ng. M\u00e1y Ki\u1ec3m Tra M\u00ed Lon To\u00e0n Chu Vi B... Gi\u00e1 t\u1ed1t!","breadcrumb":{"@id":"https:\/\/vannangvn.123websitedev.com\/san-pham\/may-kiem-tra-mi-lon-toan-chu-vi-bang-laser-industrial-physics-model-seam360\/#breadcrumb"},"inLanguage":"en-US","potentialAction":[{"@type":"ReadAction","target":["https:\/\/vannangvn.123websitedev.com\/san-pham\/may-kiem-tra-mi-lon-toan-chu-vi-bang-laser-industrial-physics-model-seam360\/"]}]},{"@type":"ImageObject","inLanguage":"en-US","@id":"https:\/\/vannangvn.123websitedev.com\/san-pham\/may-kiem-tra-mi-lon-toan-chu-vi-bang-laser-industrial-physics-model-seam360\/#primaryimage","url":"https:\/\/vannangvn.123websitedev.com\/wp-content\/uploads\/2026\/03\/44-1-768x576-copy.jpg","contentUrl":"https:\/\/vannangvn.123websitedev.com\/wp-content\/uploads\/2026\/03\/44-1-768x576-copy.jpg","width":768,"height":576},{"@type":"BreadcrumbList","@id":"https:\/\/vannangvn.123websitedev.com\/san-pham\/may-kiem-tra-mi-lon-toan-chu-vi-bang-laser-industrial-physics-model-seam360\/#breadcrumb","itemListElement":[{"@type":"ListItem","position":1,"name":"Trang ch\u1ee7","item":"https:\/\/vannangvn.123websitedev.com\/"},{"@type":"ListItem","position":2,"name":"S\u1ea3n ph\u1ea9m","item":"https:\/\/vannangvn.123websitedev.com\/cua-hang\/"},{"@type":"ListItem","position":3,"name":"M\u00c1Y KI\u1ec2M TRA M\u00cd LON TO\u00c0N CHU VI B\u1eb0NG LASER INDUSTRIAL PHYSICS MODEL SEAM360"}]},{"@type":"WebSite","@id":"https:\/\/vannangvn.123websitedev.com\/#website","url":"https:\/\/vannangvn.123websitedev.com\/","name":"Vannang.vn","description":"","publisher":{"@id":"https:\/\/vannangvn.123websitedev.com\/#organization"},"potentialAction":[{"@type":"SearchAction","target":{"@type":"EntryPoint","urlTemplate":"https:\/\/vannangvn.123websitedev.com\/?s={search_term_string}"},"query-input":{"@type":"PropertyValueSpecification","valueRequired":true,"valueName":"search_term_string"}}],"inLanguage":"en-US"},{"@type":"Organization","@id":"https:\/\/vannangvn.123websitedev.com\/#organization","name":"Vannang.vn","url":"https:\/\/vannangvn.123websitedev.com\/","logo":{"@type":"ImageObject","inLanguage":"en-US","@id":"https:\/\/vannangvn.123websitedev.com\/#\/schema\/logo\/image\/","url":"https:\/\/vannangvn.123websitedev.com\/wp-content\/uploads\/2026\/02\/logo-van-nang-02.png","contentUrl":"https:\/\/vannangvn.123websitedev.com\/wp-content\/uploads\/2026\/02\/logo-van-nang-02.png","width":448,"height":111,"caption":"Vannang.vn"},"image":{"@id":"https:\/\/vannangvn.123websitedev.com\/#\/schema\/logo\/image\/"}}]}},"_links":{"self":[{"href":"https:\/\/vannangvn.123websitedev.com\/en\/wp-json\/wp\/v2\/product\/7312","targetHints":{"allow":["GET"]}}],"collection":[{"href":"https:\/\/vannangvn.123websitedev.com\/en\/wp-json\/wp\/v2\/product"}],"about":[{"href":"https:\/\/vannangvn.123websitedev.com\/en\/wp-json\/wp\/v2\/types\/product"}],"replies":[{"embeddable":true,"href":"https:\/\/vannangvn.123websitedev.com\/en\/wp-json\/wp\/v2\/comments?post=7312"}],"wp:featuredmedia":[{"embeddable":true,"href":"https:\/\/vannangvn.123websitedev.com\/en\/wp-json\/wp\/v2\/media\/10150"}],"wp:attachment":[{"href":"https:\/\/vannangvn.123websitedev.com\/en\/wp-json\/wp\/v2\/media?parent=7312"}],"wp:term":[{"taxonomy":"product_brand","embeddable":true,"href":"https:\/\/vannangvn.123websitedev.com\/en\/wp-json\/wp\/v2\/product_brand?post=7312"},{"taxonomy":"product_cat","embeddable":true,"href":"https:\/\/vannangvn.123websitedev.com\/en\/wp-json\/wp\/v2\/product_cat?post=7312"},{"taxonomy":"product_tag","embeddable":true,"href":"https:\/\/vannangvn.123websitedev.com\/en\/wp-json\/wp\/v2\/product_tag?post=7312"}],"curies":[{"name":"wp","href":"https:\/\/api.w.org\/{rel}","templated":true}]}}