{"id":7317,"date":"2026-03-20T18:57:37","date_gmt":"2026-03-20T11:57:37","guid":{"rendered":"https:\/\/vannangvn.123websitedev.com\/san-pham\/may-kiem-tra-o-to-pce-instruments-model-pce-ive-320\/"},"modified":"2026-03-30T18:40:47","modified_gmt":"2026-03-30T11:40:47","slug":"may-kiem-tra-o-to-pce-instruments-model-pce-ive-320","status":"publish","type":"product","link":"https:\/\/vannangvn.123websitedev.com\/en\/product\/may-kiem-tra-o-to-pce-instruments-model-pce-ive-320\/","title":{"rendered":"M\u00c1Y KI\u1ec2M TRA \u00d4 T\u00d4 PCE INSTRUMENTS MODEL PCE-IVE 320"},"content":{"rendered":"<h1 style=\"color: red; font-weight: bold; font-size: 24px;\">T&#7893;ng quan s&#7843;n ph&#7849;m M&Aacute;Y KI&#7874;M TRA &Ocirc; T&Ocirc; PCE INSTRUMENTS MODEL PCE-IVE 320<p>M&aacute;y Ki&#7875;m Tra &Ocirc; T&ocirc; (Automotive Tester) PCE Instruments Model PCE-IVE 320<br>\nM&aacute;y Ki&#7875;m Tra &Ocirc; T&ocirc; PCE-IVE 320 l&agrave; c&ocirc;ng c&#7909; l&yacute; t&#432;&#7903;ng cho vi&#7879;c ki&#7875;m tra c&aacute;c khu v&#7921;c kh&oacute; ti&#7871;p c&#7853;n. V&#7899;i thi&#7871;t k&#7871; d&#7841;ng N&#7897;i Soi C&ocirc;ng Nghi&#7879;p k&#7871;t h&#7907;p c&#7847;n k&eacute;o d&agrave;i c&#7913;ng c&aacute;p, thi&#7871;t b&#7883; n&agrave;y kh&ocirc;ng ch&#7881; ph&ugrave; h&#7907;p &#273;&#7875; ki&#7875;m tra c&aacute;c chi ti&#7871;t nh&#7887; trong m&aacute;y m&oacute;c, &#273;&#7897;ng c&#417; m&agrave; c&ograve;n h&#7919;u &iacute;ch cho nhi&#7873;u m&#7909;c &#273;&iacute;ch kh&aacute;c nh&#432;:<\/p><p>Ki&#7875;m tra an ninh d&#432;&#7899;i g&#7847;m xe.<br>\nKh&#7843;o s&aacute;t m&aacute;ng x&#7889;i, &#7889;ng kh&oacute;i, ho&#7863;c c&aacute;c h&#7841;ng m&#7909;c gia &#273;&igrave;nh.<br>\n&#7912;ng d&#7909;ng chi&#7871;n thu&#7853;t trong c&ocirc;ng t&aacute;c an ninh.<\/p><h2 style=\"color: #0073aa; font-weight: bold; font-size: 20px;\">H&atilde;y c&ugrave;ng V&#7841;n N&#259;ng t&igrave;m hi&#7875;u chi ti&#7871;t h&#417;n v&#7873; s&#7843;n ph&#7849;m th&ocirc;ng qua b&agrave;i vi&#7871;t d&#432;&#7899;i &#273;&acirc;y!<\/h2><p>N&eacute;t &#272;&#7863;c Tr&#432;ng C&#7911;a PCE-IVE 320<br>\n&#272;&#7847;u camera linh ho&#7841;t, &#273;&#432;&#7901;ng k&iacute;nh 23 mm<\/p><p>Camera c&oacute; th&#7875; u&#7889;n cong linh ho&#7841;t, d&#7877; d&agrave;ng ch&#7909;p &#7843;nh &#7903; m&#7885;i g&oacute;c &#273;&#7897;.<br>\n&#272;&#432;&#7901;ng k&iacute;nh nh&#7887;, ch&#7881; 23 mm, gi&uacute;p d&#7877; d&agrave;ng lu&#7891;n l&aacute;ch v&agrave;o c&aacute;c khe h&#7865;p.<\/p><p>M&agrave;n h&igrave;nh LCD 5 inch, &#273;&#7897; ph&acirc;n gi&#7843;i cao<br>\nM&agrave;n h&igrave;nh LCD 12.7 cm (5 inch) v&#7899;i &#273;&#7897; ph&acirc;n gi&#7843;i 800 x 480 pixel, cho h&igrave;nh &#7843;nh s&#7855;c n&eacute;t, r&otilde; r&agrave;ng.<\/p><p>12 &#273;&egrave;n LED &#273;i&#7873;u ch&#7881;nh &#273;&#7897; s&aacute;ng<\/p><p>&#272;&#432;&#7907;c trang b&#7883; 12 &#273;&egrave;n LED v&#7899;i kh&#7843; n&#259;ng &#273;i&#7873;u ch&#7881;nh &#273;&#7897; s&aacute;ng d&#7877; d&agrave;ng th&ocirc;ng qua n&uacute;t cu&#7897;n ngay tr&ecirc;n tay c&#7847;m.<br>\nH&#7895; tr&#7907; hi&#7879;u qu&#7843; trong &#273;i&#7873;u ki&#7879;n thi&#7871;u s&aacute;ng.<\/p><p>C&#7847;n k&eacute;o d&agrave;i c&#7913;ng c&aacute;p, linh ho&#7841;t<\/p><p>C&#7847;n k&eacute;o c&oacute; th&#7875; m&#7903; r&#7897;ng t&#7899;i 2.3 m (7.6 ft), t&#7893;ng chi&#7873;u d&agrave;i bao g&#7891;m k&#7871;t n&#7889;i camera l&ecirc;n &#273;&#7871;n 3 m (9.8 ft).<br>\nThi&#7871;t k&#7871; ch&#7855;c ch&#7855;n, ph&ugrave; h&#7907;p cho vi&#7879;c ki&#7875;m tra tr&ecirc;n cao ho&#7863;c d&#432;&#7899;i th&#7845;p.<\/p><p>Kh&#7843; n&#259;ng ghi h&igrave;nh v&agrave; l&#432;u tr&#7919;<\/p><p>H&#7895; tr&#7907; th&#7867; nh&#7899; SD t&#7915; 2 GB &#273;&#7871;n 32 GB, &#273;i k&egrave;m &#273;&#7847;u &#273;&#7885;c th&#7867; SD ti&#7879;n l&#7907;i.<\/p><h2 style=\"color: #2e7d32; font-weight: bold; font-size: 20px;\">T&iacute;nh n&#259;ng ghi video gi&uacute;p l&#432;u l&#7841;i to&agrave;n b&#7897; qu&aacute; tr&igrave;nh ki&#7875;m tra.<\/h2><p>Microphone thu &acirc;m v&agrave; tai nghe<\/p><h2 style=\"color: #0073aa; font-weight: bold; font-size: 20px;\">Ghi l&#7841;i &acirc;m thanh chi ti&#7871;t v&#7899;i microphone t&iacute;ch h&#7907;p, &#273;i k&egrave;m tai nghe &#273;&#7875; theo d&otilde;i &acirc;m thanh tr&#7921;c ti&#7871;p.<\/h2><p>Ph&#7909; ki&#7879;n b&aacute;nh xe &#273;&#7863;c bi&#7879;t<br>\nB&aacute;nh xe h&#7895; tr&#7907; ki&#7875;m tra d&#432;&#7899;i g&#7847;m xe m&#7897;t c&aacute;ch d&#7877; d&agrave;ng v&agrave; ch&iacute;nh x&aacute;c.<br>\nPin thay th&#7871;<br>\nBao g&#7891;m pin d&#7921; ph&ograve;ng, &#273;&#7843;m b&#7843;o thi&#7871;t b&#7883; ho&#7841;t &#273;&#7897;ng li&ecirc;n t&#7909;c c&#7843; ng&agrave;y.<\/p><p>&#7912;ng D&#7909;ng Th&#7921;c Ti&#7877;n C&#7911;a PCE-IVE 320<br>\nM&aacute;y Ki&#7875;m Tra PCE-IVE 320 h&#7895; tr&#7907; vi&#7879;c quan s&aacute;t, gi&aacute;m s&aacute;t v&agrave; ch&#7849;n &#273;o&aacute;n nhanh ch&oacute;ng trong c&aacute;c khu v&#7921;c m&aacute;y m&oacute;c v&agrave; thi&#7871;t b&#7883; kh&ocirc;ng th&#7875; ti&#7871;p c&#7853;n b&#7857;ng m&#7855;t th&#432;&#7901;ng. Thi&#7871;t b&#7883; PCE-IVE 320 gi&uacute;p ph&aacute;t hi&#7879;n s&#7899;m c&aacute;c nguy c&#417; ti&#7873;m &#7849;n ho&#7863;c c&aacute;c b&#7897; ph&#7853;n b&#7883; h&#7887;ng, t&#7915; &#273;&oacute; ti&#7871;t ki&#7879;m th&#7901;i gian v&agrave; chi ph&iacute; b&#7843;o tr&igrave;.<br>\nL&#432;u &yacute;: Thi&#7871;t b&#7883; kh&ocirc;ng s&#7917; d&#7909;ng cho m&#7909;c &#273;&iacute;ch y t&#7871;.<\/p><p>Nh&#7919;ng L&yacute; Do N&ecirc;n Mua M&aacute;y Ki&#7875;m Tra &Ocirc; T&ocirc; T&#7841;i Thi&#7871;t B&#7883; C&ocirc;ng Ngh&#7879; V&#7841;n N&#259;ng<\/p><p>C&ocirc;ng ty Thi&#7871;t B&#7883; C&ocirc;ng Ngh&#7879; V&#7841;n N&#259;ng l&agrave; &#273;&#7889;i t&aacute;c ch&iacute;nh th&#7913;c ph&acirc;n ph&#7889;i M&aacute;y Ki&#7875;m Tra &Ocirc; T&ocirc; h&agrave;ng &#273;&#7847;u t&#7841;i Vi&#7879;t Nam, cam k&#7871;t cung c&#7845;p s&#7843;n ph&#7849;m ch&iacute;nh h&atilde;ng v&#7899;i gi&aacute; c&#7843; c&#7841;nh tranh nh&#7845;t th&#7883; tr&#432;&#7901;ng. V&#7899;i uy t&iacute;n tr&ecirc;n th&#7883; tr&#432;&#7901;ng v&agrave; ch&#7871; &#273;&#7897; h&#7851;u m&atilde;i t&#7889;t, Thi&#7871;t B&#7883; C&ocirc;ng Ngh&#7879; V&#7841;n N&#259;ng &#273;&atilde; nh&#7853;n &#273;&#432;&#7907;c s&#7921; tin t&#432;&#7903;ng t&#7915; kh&aacute;ch h&agrave;ng nh&#7901; v&agrave;o ch&#7845;t l&#432;&#7907;ng h&agrave;ng &#273;&#7847;u c&#7911;a c&aacute;c d&ograve;ng s&#7843;n ph&#7849;m.<br>\nS&#7843;n ph&#7849;m c&#7911;a ch&uacute;ng t&ocirc;i &#273;&#432;&#7907;c ki&#7875;m &#273;&#7883;nh ch&#7845;t l&#432;&#7907;ng, nh&#7853;p kh&#7849;u tr&#7921;c ti&#7871;p t&#7915; nh&agrave; m&aacute;y b&ecirc;n Ch&acirc;u &Acirc;u, M&#7929;, &Uacute;c, Nh&#7853;t B&#7843;n,&hellip; v&agrave; &#273;&aacute;p &#7913;ng nhu c&#7847;u &#273;a d&#7841;ng c&#7911;a th&#7883; tr&#432;&#7901;ng nh&#432;: M&aacute;y &#272;o &#272;&#7897; C&#7913;ng, M&aacute;y SPECTROMAXx, M&aacute;y Ki&#7875;m Tra &#272;&#432;&#7901;ng Gh&eacute;p M&iacute; Lon,&hellip; Ch&uacute;ng t&ocirc;i cam k&#7871;t cung c&#7845;p s&#7843;n ph&#7849;m n&agrave;y tr&ecirc;n to&agrave;n qu&#7889;c v&#7899;i gi&aacute; c&#7843; c&#7841;nh tranh nh&#7845;t.<br>\nCh&uacute;ng t&ocirc;i c&oacute; &#273;&#7897;i ng&#361; chuy&ecirc;n vi&ecirc;n t&#432; v&#7845;n chuy&ecirc;n s&acirc;u s&#7869; h&#7895; tr&#7907; kh&aacute;ch h&agrave;ng v&#7873; chi ti&#7871;t s&#7843;n ph&#7849;m, h&#432;&#7899;ng d&#7851;n s&#7917; d&#7909;ng hay nh&#7919;ng th&#7913; li&ecirc;n quan &#273;&#7871;n v&#7845;n &#273;&#7873; m&agrave; doanh nghi&#7879;p b&#7841;n &#273;ang g&#7863;p ph&#7843;i. Ch&uacute;ng t&ocirc;i s&#7869; cung c&#7845;p nh&#7919;ng gi&#7843;i ph&aacute;p t&#7889;i &#432;u nh&#7845;t!<br>\nNgo&agrave;i ra Thi&#7871;t B&#7883; C&ocirc;ng Ngh&#7879; V&#7841;n N&#259;ng Ch&uacute;ng T&ocirc;i lu&ocirc;n h&#432;&#7899;ng &#273;&#7871;n tr&#7843;i nghi&#7879;m kh&aacute;ch h&agrave;ng, v&igrave; v&#7853;y ch&uacute;ng t&ocirc;i c&oacute; nh&#7919;ng ch&iacute;nh s&aacute;ch b&#7843;o h&agrave;nh, b&#7843;o tr&igrave; &ndash; b&#7843;o d&#432;&#7905;ng, hi&#7879;u chu&#7849;n v&#7899;i t&#7845;t c&#7843; c&aacute;c thi&#7871;t b&#7883;, m&aacute;y m&oacute;c m&agrave; ch&uacute;ng t&ocirc;i cung c&#7845;p. &#272;&#7843;m b&#7843;o mang &#273;&#7871;n cho Kh&aacute;ch h&agrave;ng s&#7921; y&ecirc;n t&acirc;m tuy&#7879;t &#273;&#7889;i v&#7873; d&#7883;ch v&#7909; khi mua h&agrave;ng.<\/p><p>T&#7893;ng K&#7871;t<br>\nThi&#7871;t B&#7883; Ki&#7875;m Tra &Ocirc; T&ocirc; PCE-IVE 320 l&agrave; l&#7921;a ch&#7885;n tuy&#7879;t v&#7901;i cho c&aacute;c k&#7929; thu&#7853;t vi&ecirc;n v&agrave; chuy&ecirc;n gia c&#7847;n ki&#7875;m tra nhanh, ch&iacute;nh x&aacute;c t&#7841;i c&aacute;c khu v&#7921;c kh&oacute; ti&#7871;p c&#7853;n. V&#7899;i thi&#7871;t k&#7871; hi&#7879;n &#273;&#7841;i v&agrave; t&iacute;nh n&#259;ng &#273;a d&#7841;ng, PCE-IVE 320 s&#7869; l&agrave; tr&#7907; th&#7911; &#273;&#7855;c l&#7921;c trong c&aacute;c ng&agrave;nh c&ocirc;ng nghi&#7879;p v&agrave; an ninh. H&atilde;y li&ecirc;n h&#7879; ngay v&#7899;i V&#7841;n N&#259;ng Company &#273;&#7875; &#273;&#432;&#7907;c t&#432; v&#7845;n chi ti&#7871;t v&agrave; nh&#7853;n ngay nh&#7919;ng &#432;u &#273;&atilde;i h&#7845;p d&#7851;n th&ocirc;ng qua hotline\/zalo: <a href=\"https:\/\/zalo.me\/0903991335\" target=\"_blank\" rel=\"noopener\" style=\"color: #059669; font-weight: bold; text-decoration: none;\">0903 991 335<\/a> !<\/p><div style=\"background-color: #f8fafc; border: 1px solid #e2e8f0; border-radius: 8px; padding: 25px; max-width: 800px; margin: 30px auto; color: #334155; line-height: 1.8; font-size: 17px; box-shadow: 0 4px 6px -1px rgba(0,0,0,0.05); text-align: left; clear: both;\">\nC&ocirc;ng ty TNHH Th&#432;&#417;ng M&#7841;i D&#7883;ch V&#7909; Thi&#7871;t B&#7883; C&ocirc;ng Ngh&#7879; V&#7841;n N&#259;ng\n<p style=\"margin: 0 0 10px 0;\">&#128205; <strong style=\"color: #1e293b;\">&#272;&#7883;a ch&#7881;:<\/strong> <a style=\"color: #059669; text-decoration: none; font-weight: bold;\" href=\"https:\/\/www.google.com\/maps\/search\/C%C3%B4ng+ty+TNHH+Th%C6%B0%C6%A1ng+M%E1%BA%A1i+D%E1%BB%8Bch+V%E1%BB%A5+Thi%E1%BA%BFt+B%E1%BB%8B+C%C3%B4ng+Ngh%E1%BB%87+V%E1%BA%A1n+N%C4%83ng+818+Tr%C6%B0%E1%BB%9Dng+Chinh\" target=\"_blank\" rel=\"noopener\">818 Tr&#432;&#7901;ng Chinh, Ph&#432;&#7901;ng T&acirc;n S&#417;n, Th&agrave;nh ph&#7889; H&#7891; Ch&iacute; Minh, Vi&#7879;t Nam<\/a><\/p>\n<p style=\"margin: 0 0 10px 0;\">&#128222; <strong style=\"color: #1e293b;\">S&#272;T &ndash; Zalo:<\/strong> <a style=\"color: #059669; text-decoration: none; font-weight: bold;\" href=\"https:\/\/zalo.me\/0903991335\" target=\"_blank\" rel=\"noopener\">0903 991 335<\/a> <span style=\"color: #64748b; font-style: italic;\">(Ms. H&#7841;nh &ndash; Gi&aacute;m &#272;&#7889;c Kinh Doanh)<\/span><\/p>\n<p style=\"margin: 0;\">&#9993;&#65039; <strong style=\"color: #1e293b;\">Email:<\/strong> <a style=\"color: #059669; text-decoration: none; font-weight: bold;\" href=\"mailto:hienhanh@vannangvn.com\">hienhanh@vannangvn.com<\/a><\/p>\n<\/div><\/h1>","protected":false},"excerpt":{"rendered":"<p><strong>Th&#432;&#417;ng hi&#7879;u:<\/strong> Kh&aacute;m ph&aacute; M&aacute;y Ki&#7875;m Tra &Ocirc; T&ocirc; PCE-IVE 320 &ndash; thi&#7871;t b&#7883; n&#7897;i soi c&ocirc;ng nghi&#7879;p l&yacute; t&#432;&#7903;ng cho ki&#7875;m tra khu v&#7921;c kh&oacute; ti&#7871;p c&#7853;n. Hi&#7879;n &#273;ang c&oacute; m&#7913;c gi&aacute; c&#7921;c &#432;u &#273;&atilde;i t&#7841;i V&#7841;n N&#259;ng.<br>\n<strong>Model:<\/strong> PCE-IVE 320<p>Product <strong>M&Aacute;Y KI&#7874;M TRA &Ocirc; T&Ocirc; PCE INSTRUMENTS MODEL PCE-IVE 320<\/strong> ch&iacute;nh h&atilde;ng. Kh&aacute;m ph&aacute; M&aacute;y Ki&#7875;m Tra &Ocirc; T&ocirc; PCE-IVE 320 &ndash; thi&#7871;t b&#7883; n&#7897;i soi c&ocirc;ng nghi&#7879;p l&yacute; t&#432;&#7903;ng cho ki&#7875;m tra khu v&#7921;c kh&oacute; ti&#7871;p c&#7853;n. Hi&#7879;n &#273;ang c&oacute; m&#7913;c gi&aacute; c&#7921;c &#432;u &#273;&atilde;i t&#7841;i V&#7841;n N&#259;ng.<\/p><\/p>","protected":false},"featured_media":0,"comment_status":"open","ping_status":"closed","template":"","meta":[],"product_brand":[],"product_cat":[18],"product_tag":[109,116,168,208,209,346,563,581,2246,2589],"class_list":{"0":"post-7317","1":"product","2":"type-product","3":"status-publish","5":"product_cat-chua-phan-loai","6":"product_tag-may","7":"product_tag-model","8":"product_tag-o","9":"product_tag-kiem","10":"product_tag-tra","11":"product_tag-pce","12":"product_tag-to","13":"product_tag-instruments","14":"product_tag-2246","15":"product_tag-pce-ive","17":"first","18":"instock","19":"shipping-taxable","20":"product-type-simple"},"yoast_head":"<!-- This site is optimized with the Yoast SEO Premium plugin v24.8 (Yoast SEO v24.8) - https:\/\/yoast.com\/wordpress\/plugins\/seo\/ -->\n<title>M\u00c1Y KI\u1ec2M TRA \u00d4 T\u00d4 PCE INSTRUMENTS M... ch\u00ednh h\u00e3ng | V\u1ea1n N\u0103ng<\/title>\n<meta name=\"description\" content=\"Mua ngay M\u00c1Y KI\u1ec2M TRA \u00d4 T\u00d4 PCE INSTRUMENTS MODEL PCE-IVE 320 ch\u00ednh h\u00e3ng. Gi\u00e1 t\u1ed1t!\" \/>\n<meta name=\"robots\" content=\"noindex, follow, max-snippet:-1, max-image-preview:large, max-video-preview:-1\" \/>\n<meta property=\"og:locale\" content=\"en_US\" \/>\n<meta property=\"og:type\" content=\"article\" \/>\n<meta property=\"og:title\" content=\"M\u00c1Y KI\u1ec2M TRA \u00d4 T\u00d4 PCE INSTRUMENTS MODEL PCE-IVE 320\" \/>\n<meta property=\"og:description\" content=\"Mua ngay M\u00c1Y KI\u1ec2M TRA \u00d4 T\u00d4 PCE INSTRUMENTS MODEL PCE-IVE 320 ch\u00ednh h\u00e3ng. Gi\u00e1 t\u1ed1t!\" \/>\n<meta property=\"og:url\" content=\"https:\/\/vannangvn.123websitedev.com\/en\/product\/may-kiem-tra-o-to-pce-instruments-model-pce-ive-320\/\" \/>\n<meta property=\"og:site_name\" content=\"Vannang.vn\" \/>\n<meta property=\"article:modified_time\" content=\"2026-03-30T11:40:47+00:00\" \/>\n<meta name=\"twitter:card\" content=\"summary_large_image\" \/>\n<meta name=\"twitter:label1\" content=\"Est. reading time\" \/>\n\t<meta name=\"twitter:data1\" content=\"7 minutes\" \/>\n<script type=\"application\/ld+json\" class=\"yoast-schema-graph\">{\"@context\":\"https:\/\/schema.org\",\"@graph\":[{\"@type\":\"WebPage\",\"@id\":\"https:\/\/vannangvn.123websitedev.com\/san-pham\/may-kiem-tra-o-to-pce-instruments-model-pce-ive-320\/\",\"url\":\"https:\/\/vannangvn.123websitedev.com\/san-pham\/may-kiem-tra-o-to-pce-instruments-model-pce-ive-320\/\",\"name\":\"M\u00c1Y KI\u1ec2M TRA \u00d4 T\u00d4 PCE INSTRUMENTS M... ch\u00ednh h\u00e3ng | V\u1ea1n N\u0103ng\",\"isPartOf\":{\"@id\":\"https:\/\/vannangvn.123websitedev.com\/#website\"},\"datePublished\":\"2026-03-20T11:57:37+00:00\",\"dateModified\":\"2026-03-30T11:40:47+00:00\",\"description\":\"Mua ngay M\u00c1Y KI\u1ec2M TRA \u00d4 T\u00d4 PCE INSTRUMENTS MODEL PCE-IVE 320 ch\u00ednh h\u00e3ng. Gi\u00e1 t\u1ed1t!\",\"breadcrumb\":{\"@id\":\"https:\/\/vannangvn.123websitedev.com\/san-pham\/may-kiem-tra-o-to-pce-instruments-model-pce-ive-320\/#breadcrumb\"},\"inLanguage\":\"en-US\",\"potentialAction\":[{\"@type\":\"ReadAction\",\"target\":[\"https:\/\/vannangvn.123websitedev.com\/san-pham\/may-kiem-tra-o-to-pce-instruments-model-pce-ive-320\/\"]}]},{\"@type\":\"BreadcrumbList\",\"@id\":\"https:\/\/vannangvn.123websitedev.com\/san-pham\/may-kiem-tra-o-to-pce-instruments-model-pce-ive-320\/#breadcrumb\",\"itemListElement\":[{\"@type\":\"ListItem\",\"position\":1,\"name\":\"Trang ch\u1ee7\",\"item\":\"https:\/\/vannangvn.123websitedev.com\/\"},{\"@type\":\"ListItem\",\"position\":2,\"name\":\"S\u1ea3n ph\u1ea9m\",\"item\":\"https:\/\/vannangvn.123websitedev.com\/cua-hang\/\"},{\"@type\":\"ListItem\",\"position\":3,\"name\":\"M\u00c1Y KI\u1ec2M TRA \u00d4 T\u00d4 PCE INSTRUMENTS MODEL PCE-IVE 320\"}]},{\"@type\":\"WebSite\",\"@id\":\"https:\/\/vannangvn.123websitedev.com\/#website\",\"url\":\"https:\/\/vannangvn.123websitedev.com\/\",\"name\":\"Vannang.vn\",\"description\":\"\",\"publisher\":{\"@id\":\"https:\/\/vannangvn.123websitedev.com\/#organization\"},\"potentialAction\":[{\"@type\":\"SearchAction\",\"target\":{\"@type\":\"EntryPoint\",\"urlTemplate\":\"https:\/\/vannangvn.123websitedev.com\/?s={search_term_string}\"},\"query-input\":{\"@type\":\"PropertyValueSpecification\",\"valueRequired\":true,\"valueName\":\"search_term_string\"}}],\"inLanguage\":\"en-US\"},{\"@type\":\"Organization\",\"@id\":\"https:\/\/vannangvn.123websitedev.com\/#organization\",\"name\":\"Vannang.vn\",\"url\":\"https:\/\/vannangvn.123websitedev.com\/\",\"logo\":{\"@type\":\"ImageObject\",\"inLanguage\":\"en-US\",\"@id\":\"https:\/\/vannangvn.123websitedev.com\/#\/schema\/logo\/image\/\",\"url\":\"https:\/\/vannangvn.123websitedev.com\/wp-content\/uploads\/2026\/02\/logo-van-nang-02.png\",\"contentUrl\":\"https:\/\/vannangvn.123websitedev.com\/wp-content\/uploads\/2026\/02\/logo-van-nang-02.png\",\"width\":448,\"height\":111,\"caption\":\"Vannang.vn\"},\"image\":{\"@id\":\"https:\/\/vannangvn.123websitedev.com\/#\/schema\/logo\/image\/\"}}]}<\/script>\n<!-- \/ Yoast SEO Premium plugin. -->","yoast_head_json":{"title":"M\u00c1Y KI\u1ec2M TRA \u00d4 T\u00d4 PCE INSTRUMENTS M... ch\u00ednh h\u00e3ng | V\u1ea1n N\u0103ng","description":"Mua ngay M\u00c1Y KI\u1ec2M TRA \u00d4 T\u00d4 PCE INSTRUMENTS MODEL PCE-IVE 320 ch\u00ednh h\u00e3ng. Gi\u00e1 t\u1ed1t!","robots":{"index":"noindex","follow":"follow","max-snippet":"max-snippet:-1","max-image-preview":"max-image-preview:large","max-video-preview":"max-video-preview:-1"},"og_locale":"en_US","og_type":"article","og_title":"M\u00c1Y KI\u1ec2M TRA \u00d4 T\u00d4 PCE INSTRUMENTS MODEL PCE-IVE 320","og_description":"Mua ngay M\u00c1Y KI\u1ec2M TRA \u00d4 T\u00d4 PCE INSTRUMENTS MODEL PCE-IVE 320 ch\u00ednh h\u00e3ng. Gi\u00e1 t\u1ed1t!","og_url":"https:\/\/vannangvn.123websitedev.com\/en\/product\/may-kiem-tra-o-to-pce-instruments-model-pce-ive-320\/","og_site_name":"Vannang.vn","article_modified_time":"2026-03-30T11:40:47+00:00","twitter_card":"summary_large_image","twitter_misc":{"Est. reading time":"7 minutes"},"schema":{"@context":"https:\/\/schema.org","@graph":[{"@type":"WebPage","@id":"https:\/\/vannangvn.123websitedev.com\/san-pham\/may-kiem-tra-o-to-pce-instruments-model-pce-ive-320\/","url":"https:\/\/vannangvn.123websitedev.com\/san-pham\/may-kiem-tra-o-to-pce-instruments-model-pce-ive-320\/","name":"M\u00c1Y KI\u1ec2M TRA \u00d4 T\u00d4 PCE INSTRUMENTS M... ch\u00ednh h\u00e3ng | V\u1ea1n N\u0103ng","isPartOf":{"@id":"https:\/\/vannangvn.123websitedev.com\/#website"},"datePublished":"2026-03-20T11:57:37+00:00","dateModified":"2026-03-30T11:40:47+00:00","description":"Mua ngay M\u00c1Y KI\u1ec2M TRA \u00d4 T\u00d4 PCE INSTRUMENTS MODEL PCE-IVE 320 ch\u00ednh h\u00e3ng. Gi\u00e1 t\u1ed1t!","breadcrumb":{"@id":"https:\/\/vannangvn.123websitedev.com\/san-pham\/may-kiem-tra-o-to-pce-instruments-model-pce-ive-320\/#breadcrumb"},"inLanguage":"en-US","potentialAction":[{"@type":"ReadAction","target":["https:\/\/vannangvn.123websitedev.com\/san-pham\/may-kiem-tra-o-to-pce-instruments-model-pce-ive-320\/"]}]},{"@type":"BreadcrumbList","@id":"https:\/\/vannangvn.123websitedev.com\/san-pham\/may-kiem-tra-o-to-pce-instruments-model-pce-ive-320\/#breadcrumb","itemListElement":[{"@type":"ListItem","position":1,"name":"Trang ch\u1ee7","item":"https:\/\/vannangvn.123websitedev.com\/"},{"@type":"ListItem","position":2,"name":"S\u1ea3n ph\u1ea9m","item":"https:\/\/vannangvn.123websitedev.com\/cua-hang\/"},{"@type":"ListItem","position":3,"name":"M\u00c1Y KI\u1ec2M TRA \u00d4 T\u00d4 PCE INSTRUMENTS MODEL PCE-IVE 320"}]},{"@type":"WebSite","@id":"https:\/\/vannangvn.123websitedev.com\/#website","url":"https:\/\/vannangvn.123websitedev.com\/","name":"Vannang.vn","description":"","publisher":{"@id":"https:\/\/vannangvn.123websitedev.com\/#organization"},"potentialAction":[{"@type":"SearchAction","target":{"@type":"EntryPoint","urlTemplate":"https:\/\/vannangvn.123websitedev.com\/?s={search_term_string}"},"query-input":{"@type":"PropertyValueSpecification","valueRequired":true,"valueName":"search_term_string"}}],"inLanguage":"en-US"},{"@type":"Organization","@id":"https:\/\/vannangvn.123websitedev.com\/#organization","name":"Vannang.vn","url":"https:\/\/vannangvn.123websitedev.com\/","logo":{"@type":"ImageObject","inLanguage":"en-US","@id":"https:\/\/vannangvn.123websitedev.com\/#\/schema\/logo\/image\/","url":"https:\/\/vannangvn.123websitedev.com\/wp-content\/uploads\/2026\/02\/logo-van-nang-02.png","contentUrl":"https:\/\/vannangvn.123websitedev.com\/wp-content\/uploads\/2026\/02\/logo-van-nang-02.png","width":448,"height":111,"caption":"Vannang.vn"},"image":{"@id":"https:\/\/vannangvn.123websitedev.com\/#\/schema\/logo\/image\/"}}]}},"_links":{"self":[{"href":"https:\/\/vannangvn.123websitedev.com\/en\/wp-json\/wp\/v2\/product\/7317","targetHints":{"allow":["GET"]}}],"collection":[{"href":"https:\/\/vannangvn.123websitedev.com\/en\/wp-json\/wp\/v2\/product"}],"about":[{"href":"https:\/\/vannangvn.123websitedev.com\/en\/wp-json\/wp\/v2\/types\/product"}],"replies":[{"embeddable":true,"href":"https:\/\/vannangvn.123websitedev.com\/en\/wp-json\/wp\/v2\/comments?post=7317"}],"wp:attachment":[{"href":"https:\/\/vannangvn.123websitedev.com\/en\/wp-json\/wp\/v2\/media?parent=7317"}],"wp:term":[{"taxonomy":"product_brand","embeddable":true,"href":"https:\/\/vannangvn.123websitedev.com\/en\/wp-json\/wp\/v2\/product_brand?post=7317"},{"taxonomy":"product_cat","embeddable":true,"href":"https:\/\/vannangvn.123websitedev.com\/en\/wp-json\/wp\/v2\/product_cat?post=7317"},{"taxonomy":"product_tag","embeddable":true,"href":"https:\/\/vannangvn.123websitedev.com\/en\/wp-json\/wp\/v2\/product_tag?post=7317"}],"curies":[{"name":"wp","href":"https:\/\/api.w.org\/{rel}","templated":true}]}}