{"id":7373,"date":"2026-03-20T18:59:04","date_gmt":"2026-03-20T11:59:04","guid":{"rendered":"https:\/\/vannangvn.123websitedev.com\/san-pham\/may-nghien-bi-retsch-model-pm-100\/"},"modified":"2026-03-30T18:42:05","modified_gmt":"2026-03-30T11:42:05","slug":"may-nghien-bi-retsch-model-pm-100","status":"publish","type":"product","link":"https:\/\/vannangvn.123websitedev.com\/en\/product\/may-nghien-bi-retsch-model-pm-100\/","title":{"rendered":"M\u00c1Y NGHI\u1ec0N BI RETSCH MODEL PM 100"},"content":{"rendered":"<h1 style=\"color: red; font-weight: bold; font-size: 24px;\">T&#7893;ng quan s&#7843;n ph&#7849;m M&Aacute;Y NGHI&#7872;N BI RETSCH MODEL PM 100<p>M&aacute;y Nghi&#7873;n Bi (Planetary Ball Mill) Retsch Model PM 100<br>\nM&aacute;y Nghi&#7873;n Bi PM 100 l&agrave; m&#7897;t trong nh&#7919;ng thi&#7871;t b&#7883; ti&ecirc;u chu&#7849;n &#273;&#432;&#7907;c nhi&#7873;u ph&ograve;ng th&iacute; nghi&#7879;m, vi&#7879;n nghi&ecirc;n c&#7913;u v&agrave; &#273;&#417;n v&#7883; ki&#7875;m nghi&#7879;m v&#7853;t li&#7879;u l&#7921;a ch&#7885;n khi c&#7847;n &#273;&#7871;n kh&#7843; n&#259;ng nghi&#7873;n m&#7883;n v&#432;&#7907;t tr&#7897;i, t&aacute;i l&#7853;p k&#7871;t qu&#7843; ch&iacute;nh x&aacute;c v&agrave; v&#7853;n h&agrave;nh an to&agrave;n tuy&#7879;t &#273;&#7889;i. PM100 cho ph&eacute;p nghi&#7873;n t&#7899;i 220 ml m&#7851;u m&#7895;i m&#7867;, h&#7895; tr&#7907; nghi&#7873;n kh&ocirc;, nghi&#7873;n &#432;&#7899;t, tr&#7897;n v&agrave; &#273;&#7891;ng nh&#7845;t h&oacute;a v&#7853;t li&#7879;u t&#7915; m&#7873;m, c&#7913;ng, gi&ograve;n &#273;&#7871;n s&#7907;i.<br>\nNh&#7901; t&#7889;c &#273;&#7897; t&#7889;i &#273;a l&ecirc;n &#273;&#7871;n 650 v&ograve;ng\/ph&uacute;t, gia t&#7889;c l&#7921;c G &#273;&#7841;t 33.3 l&#7847;n tr&#7885;ng l&#7921;c v&agrave; kh&#7843; n&#259;ng &#273;i&#7873;u ch&#7881;nh t&#7889;c &#273;&#7897; r&#7897;ng, &#273;&aacute;p &#7913;ng g&#7847;n nh&#432; to&agrave;n b&#7897; y&ecirc;u c&#7847;u kh&#7855;t khe nh&#7845;t trong nghi&ecirc;n c&#7913;u khoa h&#7885;c, ph&acirc;n t&iacute;ch v&#7853;t li&#7879;u, t&#7893;ng h&#7907;p h&oacute;a h&#7885;c c&#417; h&#7885;c hay x&#7917; l&yacute; m&#7851;u cho c&aacute;c th&iacute; nghi&#7879;m &#7903; c&#7845;p &#273;&#7897; nano. H&atilde;y c&ugrave;ng V&#7841;n N&#259;ng t&igrave;m hi&#7875;u chi ti&#7871;t h&#417;n v&#7873; s&#7843;n ph&#7849;m th&ocirc;ng qua b&agrave;i vi&#7871;t d&#432;&#7899;i &#273;&acirc;y!<\/p><p>N&eacute;t &#272;&#7863;c Tr&#432;ng C&#7911;a M&aacute;y PM 100<br>\nThi&#7871;t k&#7871; tr&#7841;m nghi&#7873;n &#273;&#417;n v&#7899;i c&#417; ch&#7871; &#273;&#7889;i tr&#7885;ng th&ocirc;ng minh<br>\nM&aacute;y PM100 &#273;&#432;&#7907;c trang b&#7883; m&#7897;t tr&#7841;m nghi&#7873;n ch&iacute;nh, ph&ugrave; h&#7907;p cho c&aacute;c jar nghi&#7873;n t&#7915; 12 ml &#273;&#7871;n 500 ml. H&#7879; th&#7889;ng &#273;&#7889;i tr&#7885;ng &#273;&#432;&#7907;c thi&#7871;t k&#7871; th&ocirc;ng minh, c&oacute; th&#7875; c&acirc;n b&#7857;ng kh&#7889;i l&#432;&#7907;ng l&ecirc;n &#273;&#7871;n 8 kg, &#273;&#7843;m b&#7843;o m&aacute;y v&#7853;n h&agrave;nh &ecirc;m, gi&#7843;m rung v&agrave; &#7893;n &#273;&#7883;nh ho&agrave;n to&agrave;n tr&ecirc;n m&#7863;t b&agrave;n th&iacute; nghi&#7879;m. &#272;i&#7873;u n&agrave;y &#273;&#7863;c bi&#7879;t quan tr&#7885;ng khi x&#7917; l&yacute; c&aacute;c m&#7867; nghi&#7873;n t&#7889;c &#273;&#7897; cao ho&#7863;c m&#7851;u c&oacute; kh&#7889;i l&#432;&#7907;ng l&#7899;n.<br>\nNgo&agrave;i ra, c&aacute;c jar dung t&iacute;ch nh&#7887; t&#7915; 12 ml &#273;&#7871;n 80 ml c&oacute; th&#7875; &#273;&#432;&#7907;c x&#7871;p ch&#7891;ng hai t&#7847;ng, cho ph&eacute;p x&#7917; l&yacute; &#273;&#7891;ng th&#7901;i hai m&#7851;u trong m&#7897;t tr&#7841;m nghi&#7873;n, gi&uacute;p t&#259;ng hi&#7879;u su&#7845;t l&agrave;m vi&#7879;c m&agrave; kh&ocirc;ng c&#7847;n th&ecirc;m thi&#7871;t b&#7883;.<br>\nT&#7889;c &#273;&#7897; cao v&agrave; l&#7921;c ly t&acirc;m c&#7921;c m&#7841;nh<br>\nC&#417; ch&#7871; nghi&#7873;n h&agrave;nh tinh t&#7841;o ra l&#7921;c ly t&acirc;m c&#7921;c l&#7899;n, t&#7915; &#273;&oacute; sinh ra n&#259;ng l&#432;&#7907;ng nghi&#7873;n cao g&#7845;p nhi&#7873;u l&#7847;n m&aacute;y nghi&#7873;n truy&#7873;n th&#7889;ng. T&#7889;c &#273;&#7897; t&#7889;i &#273;a 650 v&ograve;ng\/ph&uacute;t k&#7871;t h&#7907;p t&#7927; l&#7879; truy&#7873;n &#273;&#7897;ng 1:-2 gi&uacute;p Thi&#7871;t B&#7883; Nghi&#7873;n PM100 &#273;&#7841;t kh&#7843; n&#259;ng nghi&#7873;n &#273;&#7871;n k&iacute;ch th&#432;&#7899;c h&#7841;t 0.1 &micro;m cho nghi&#7873;n kh&ocirc; v&agrave; d&#432;&#7899;i 100 nm &#273;&#7889;i v&#7899;i nghi&#7873;n &#432;&#7899;t. &#272;&acirc;y l&agrave; &#273;i&#7875;m m&#7841;nh v&#432;&#7907;t tr&#7897;i c&#7911;a d&ograve;ng m&aacute;y nghi&#7873;n h&agrave;nh tinh.<br>\nDung l&#432;&#7907;ng m&#7851;u linh ho&#7841;t theo nhu c&#7847;u nghi&ecirc;n c&#7913;u<br>\nM&aacute;y cho ph&eacute;p x&#7917; l&yacute; t&#7889;i &#273;a 220 ml m&#7851;u m&#7895;i m&#7867;, ho&#7863;c 2 &times; 20 ml khi s&#7917; d&#7909;ng jar x&#7871;p t&#7847;ng. &#272;i&#7873;u n&agrave;y ph&ugrave; h&#7907;p cho nhi&#7873;u m&#7909;c &#273;&iacute;ch t&#7915; nghi&ecirc;n c&#7913;u c&#417; b&#7843;n &#273;&#7871;n s&#7843;n xu&#7845;t th&#7917; nghi&#7879;m quy m&ocirc; nh&#7887;.<\/p><p>T&iacute;ch h&#7907;p c&aacute;c h&#7879; th&#7889;ng &#273;o l&#432;&#7901;ng v&agrave; &#273;i&#7873;u khi&#7875;n ti&ecirc;n ti&#7871;n<br>\nModel PM100 h&#7895; tr&#7907; t&ugrave;y ch&#7885;n GrindControl, cho ph&eacute;p &#273;o nhi&#7879;t &#273;&#7897; v&agrave; &aacute;p su&#7845;t b&ecirc;n trong bu&#7891;ng nghi&#7873;n theo th&#7901;i gian th&#7921;c. &#272;&acirc;y l&agrave; y&#7871;u t&#7889; quan tr&#7885;ng khi nghi&#7873;n v&#7853;t li&#7879;u nh&#7841;y c&#7843;m ho&#7863;c c&#7847;n theo d&otilde;i &#273;&#7897;ng h&#7885;c c&#7911;a qu&aacute; tr&igrave;nh nghi&#7873;n. Ngo&agrave;i ra, n&#7855;p aeriation lid gi&uacute;p ki&#7875;m so&aacute;t b&#7847;u kh&iacute; quy&#7875;n trong jar, cho ph&eacute;p nghi&#7873;n trong m&ocirc;i tr&#432;&#7901;ng kh&iacute; tr&#417; ho&#7863;c c&aacute;c &#273;i&#7873;u ki&#7879;n &#273;&#7863;c bi&#7879;t kh&aacute;c.<br>\nH&#7895; tr&#7907; l&#432;u tr&#7919; SOP v&agrave; v&#7853;n h&agrave;nh theo chu k&#7923;<br>\nM&aacute;y cho ph&eacute;p l&#432;u tr&#7919; t&#7889;i &#273;a 10 SOP gi&uacute;p chu&#7849;n h&oacute;a quy tr&igrave;nh, ph&ugrave; h&#7907;p cho c&aacute;c ph&ograve;ng th&iacute; nghi&#7879;m y&ecirc;u c&#7847;u t&iacute;nh l&#7863;p l&#7841;i cao v&agrave; ki&#7875;m so&aacute;t ch&#7845;t l&#432;&#7907;ng nghi&ecirc;m ng&#7863;t. Ch&#7913;c n&#259;ng v&#7853;n h&agrave;nh theo chu k&#7923; (chu k&#7923; ch&#7841;y\/ ngh&#7881;) h&#7895; tr&#7907; l&agrave;m m&aacute;t m&#7851;u, &#273;&#7863;c bi&#7879;t quan tr&#7885;ng khi nghi&#7873;n l&acirc;u d&agrave;i.<br>\nC&aacute;c &#273;&#7863;c t&iacute;nh k&#7929; thu&#7853;t quan tr&#7885;ng c&#7911;a PM100<\/p><p>T&#7889;c &#273;&#7897; t&#7889;i &#273;a: 650 rpm<br>\nK&iacute;ch th&#432;&#7899;c m&#7851;u &#273;&#7847;u v&agrave;o t&#7889;i &#273;a: 10 mm<br>\nK&iacute;ch th&#432;&#7899;c h&#7841;t sau nghi&#7873;n: 0.1 &micro;m (nghi&#7873;n kh&ocirc;)<br>\nK&iacute;ch th&#432;&#7899;c h&#7841;t trong nghi&#7873;n &#432;&#7899;t: \nC&ocirc;ng ty TNHH Th&#432;&#417;ng M&#7841;i D&#7883;ch V&#7909; Thi&#7871;t B&#7883; C&ocirc;ng Ngh&#7879; V&#7841;n N&#259;ng<\/p><p style=\"margin: 0 0 10px 0;\">&#128205; <strong style=\"color: #1e293b;\">&#272;&#7883;a ch&#7881;:<\/strong> <a style=\"color: #059669; text-decoration: none; font-weight: bold;\" href=\"https:\/\/www.google.com\/maps\/search\/C%C3%B4ng+ty+TNHH+Th%C6%B0%C6%A1ng+M%E1%BA%A1i+D%E1%BB%8Bch+V%E1%BB%A5+Thi%E1%BA%BFt+B%E1%BB%8B+C%C3%B4ng+Ngh%E1%BB%87+V%E1%BA%A1n+N%C4%83ng+818+Tr%C6%B0%E1%BB%9Dng+Chinh\" target=\"_blank\" rel=\"noopener\">818 Tr&#432;&#7901;ng Chinh, Ph&#432;&#7901;ng T&acirc;n S&#417;n, Th&agrave;nh ph&#7889; H&#7891; Ch&iacute; Minh, Vi&#7879;t Nam<\/a><\/p><p style=\"margin: 0 0 10px 0;\">&#128222; <strong style=\"color: #1e293b;\">S&#272;T &ndash; Zalo:<\/strong> <a style=\"color: #059669; text-decoration: none; font-weight: bold;\" href=\"https:\/\/zalo.me\/0903991335\" target=\"_blank\" rel=\"noopener\">0903 991 335<\/a> <span style=\"color: #64748b; font-style: italic;\">(Ms. H&#7841;nh &ndash; Gi&aacute;m &#272;&#7889;c Kinh Doanh)<\/span><\/p><p style=\"margin: 0;\">&#9993;&#65039; <strong style=\"color: #1e293b;\">Email:<\/strong> <a style=\"color: #059669; text-decoration: none; font-weight: bold;\" href=\"mailto:hienhanh@vannangvn.com\">hienhanh@vannangvn.com<\/a><\/p><\/h1>","protected":false},"excerpt":{"rendered":"<p><strong>Th&#432;&#417;ng hi&#7879;u:<\/strong> Retsch<br>\n<strong>Model:<\/strong> PM 100<p>Product <strong>M&Aacute;Y NGHI&#7872;N BI RETSCH MODEL PM 100<\/strong> ch&iacute;nh h&atilde;ng. Retsch (Germany)<br>\nM&aacute;y Nghi&#7873;n Bi Retsch PM 100 v&#7899;i l&#7921;c ly t&acirc;m m&#7841;nh, t&#7889;c &#273;&#7897; t&#7889;i &#273;a 650 rpm, nghi&#7873;n m&#7883;n &#273;&#7871;n c&#7845;p &#273;&#7897; nano, an to&agrave;n v&agrave; &#7893;n &#273;&#7883;nh. Thi&#7871;t b&#7883; l&yacute; t&#432;&#7903;ng cho nghi&ecirc;n c&#7913;u v&#7853;t li&#7879;u, c&#417; h&oacute;a h&#7885;c, nano v&agrave; chu&#7849;n b&#7883; m&#7851;u ph&acirc;n t&iacute;ch.<\/p><\/p>","protected":false},"featured_media":8683,"comment_status":"open","ping_status":"closed","template":"","meta":[],"product_brand":[],"product_cat":[18],"product_tag":[769,1368,1521,2391,2668,109,116],"class_list":{"0":"post-7373","1":"product","2":"type-product","3":"status-publish","4":"has-post-thumbnail","6":"product_cat-chua-phan-loai","7":"product_tag-bi","8":"product_tag-nghien","9":"product_tag-1521","10":"product_tag-pm","11":"product_tag-retsch","12":"product_tag-may","13":"product_tag-model","15":"first","16":"instock","17":"shipping-taxable","18":"product-type-simple"},"yoast_head":"<!-- This site is optimized with the Yoast SEO Premium plugin v24.8 (Yoast SEO v24.8) - https:\/\/yoast.com\/wordpress\/plugins\/seo\/ -->\n<title>M\u00c1Y NGHI\u1ec0N BI RETSCH MODEL PM 100 ch\u00ednh h\u00e3ng | V\u1ea1n N\u0103ng<\/title>\n<meta name=\"description\" content=\"Mua ngay M\u00c1Y NGHI\u1ec0N BI RETSCH MODEL PM 100 ch\u00ednh h\u00e3ng. M\u00e1y Nghi\u1ec1n Bi Retsch PM 100 v\u1edbi l\u1ef1c ly t\u00e2m m\u1ea1nh, t\u1ed1c \u0111\u1ed9 t\u1ed1i \u0111a 650 rpm, ngh... Gi\u00e1 t\u1ed1t!\" \/>\n<meta name=\"robots\" content=\"noindex, follow, max-snippet:-1, max-image-preview:large, max-video-preview:-1\" \/>\n<meta property=\"og:locale\" content=\"en_US\" \/>\n<meta property=\"og:type\" content=\"article\" \/>\n<meta property=\"og:title\" content=\"M\u00c1Y NGHI\u1ec0N BI RETSCH MODEL PM 100\" \/>\n<meta property=\"og:description\" content=\"Mua ngay M\u00c1Y NGHI\u1ec0N BI RETSCH MODEL PM 100 ch\u00ednh h\u00e3ng. M\u00e1y Nghi\u1ec1n Bi Retsch PM 100 v\u1edbi l\u1ef1c ly t\u00e2m m\u1ea1nh, t\u1ed1c \u0111\u1ed9 t\u1ed1i \u0111a 650 rpm, ngh... Gi\u00e1 t\u1ed1t!\" \/>\n<meta property=\"og:url\" content=\"https:\/\/vannangvn.123websitedev.com\/en\/product\/may-nghien-bi-retsch-model-pm-100\/\" \/>\n<meta property=\"og:site_name\" content=\"Vannang.vn\" \/>\n<meta property=\"article:modified_time\" content=\"2026-03-30T11:42:05+00:00\" \/>\n<meta property=\"og:image\" content=\"http:\/\/vannangvn.123websitedev.com\/wp-content\/uploads\/2026\/03\/PM-100-3-768x576-copy.jpg\" \/>\n\t<meta property=\"og:image:width\" content=\"768\" \/>\n\t<meta property=\"og:image:height\" content=\"576\" \/>\n\t<meta property=\"og:image:type\" content=\"image\/jpeg\" \/>\n<meta name=\"twitter:card\" content=\"summary_large_image\" \/>\n<meta name=\"twitter:label1\" content=\"Est. reading time\" \/>\n\t<meta name=\"twitter:data1\" content=\"5 minutes\" \/>\n<script type=\"application\/ld+json\" class=\"yoast-schema-graph\">{\"@context\":\"https:\/\/schema.org\",\"@graph\":[{\"@type\":\"WebPage\",\"@id\":\"https:\/\/vannangvn.123websitedev.com\/san-pham\/may-nghien-bi-retsch-model-pm-100\/\",\"url\":\"https:\/\/vannangvn.123websitedev.com\/san-pham\/may-nghien-bi-retsch-model-pm-100\/\",\"name\":\"M\u00c1Y NGHI\u1ec0N BI RETSCH MODEL PM 100 ch\u00ednh h\u00e3ng | V\u1ea1n N\u0103ng\",\"isPartOf\":{\"@id\":\"https:\/\/vannangvn.123websitedev.com\/#website\"},\"primaryImageOfPage\":{\"@id\":\"https:\/\/vannangvn.123websitedev.com\/san-pham\/may-nghien-bi-retsch-model-pm-100\/#primaryimage\"},\"image\":{\"@id\":\"https:\/\/vannangvn.123websitedev.com\/san-pham\/may-nghien-bi-retsch-model-pm-100\/#primaryimage\"},\"thumbnailUrl\":\"https:\/\/vannangvn.123websitedev.com\/wp-content\/uploads\/2026\/03\/PM-100-3-768x576-copy.jpg\",\"datePublished\":\"2026-03-20T11:59:04+00:00\",\"dateModified\":\"2026-03-30T11:42:05+00:00\",\"description\":\"Mua ngay M\u00c1Y NGHI\u1ec0N BI RETSCH MODEL PM 100 ch\u00ednh h\u00e3ng. M\u00e1y Nghi\u1ec1n Bi Retsch PM 100 v\u1edbi l\u1ef1c ly t\u00e2m m\u1ea1nh, t\u1ed1c \u0111\u1ed9 t\u1ed1i \u0111a 650 rpm, ngh... Gi\u00e1 t\u1ed1t!\",\"breadcrumb\":{\"@id\":\"https:\/\/vannangvn.123websitedev.com\/san-pham\/may-nghien-bi-retsch-model-pm-100\/#breadcrumb\"},\"inLanguage\":\"en-US\",\"potentialAction\":[{\"@type\":\"ReadAction\",\"target\":[\"https:\/\/vannangvn.123websitedev.com\/san-pham\/may-nghien-bi-retsch-model-pm-100\/\"]}]},{\"@type\":\"ImageObject\",\"inLanguage\":\"en-US\",\"@id\":\"https:\/\/vannangvn.123websitedev.com\/san-pham\/may-nghien-bi-retsch-model-pm-100\/#primaryimage\",\"url\":\"https:\/\/vannangvn.123websitedev.com\/wp-content\/uploads\/2026\/03\/PM-100-3-768x576-copy.jpg\",\"contentUrl\":\"https:\/\/vannangvn.123websitedev.com\/wp-content\/uploads\/2026\/03\/PM-100-3-768x576-copy.jpg\",\"width\":768,\"height\":576},{\"@type\":\"BreadcrumbList\",\"@id\":\"https:\/\/vannangvn.123websitedev.com\/san-pham\/may-nghien-bi-retsch-model-pm-100\/#breadcrumb\",\"itemListElement\":[{\"@type\":\"ListItem\",\"position\":1,\"name\":\"Trang ch\u1ee7\",\"item\":\"https:\/\/vannangvn.123websitedev.com\/\"},{\"@type\":\"ListItem\",\"position\":2,\"name\":\"S\u1ea3n ph\u1ea9m\",\"item\":\"https:\/\/vannangvn.123websitedev.com\/cua-hang\/\"},{\"@type\":\"ListItem\",\"position\":3,\"name\":\"M\u00c1Y NGHI\u1ec0N BI RETSCH MODEL PM 100\"}]},{\"@type\":\"WebSite\",\"@id\":\"https:\/\/vannangvn.123websitedev.com\/#website\",\"url\":\"https:\/\/vannangvn.123websitedev.com\/\",\"name\":\"Vannang.vn\",\"description\":\"\",\"publisher\":{\"@id\":\"https:\/\/vannangvn.123websitedev.com\/#organization\"},\"potentialAction\":[{\"@type\":\"SearchAction\",\"target\":{\"@type\":\"EntryPoint\",\"urlTemplate\":\"https:\/\/vannangvn.123websitedev.com\/?s={search_term_string}\"},\"query-input\":{\"@type\":\"PropertyValueSpecification\",\"valueRequired\":true,\"valueName\":\"search_term_string\"}}],\"inLanguage\":\"en-US\"},{\"@type\":\"Organization\",\"@id\":\"https:\/\/vannangvn.123websitedev.com\/#organization\",\"name\":\"Vannang.vn\",\"url\":\"https:\/\/vannangvn.123websitedev.com\/\",\"logo\":{\"@type\":\"ImageObject\",\"inLanguage\":\"en-US\",\"@id\":\"https:\/\/vannangvn.123websitedev.com\/#\/schema\/logo\/image\/\",\"url\":\"https:\/\/vannangvn.123websitedev.com\/wp-content\/uploads\/2026\/02\/logo-van-nang-02.png\",\"contentUrl\":\"https:\/\/vannangvn.123websitedev.com\/wp-content\/uploads\/2026\/02\/logo-van-nang-02.png\",\"width\":448,\"height\":111,\"caption\":\"Vannang.vn\"},\"image\":{\"@id\":\"https:\/\/vannangvn.123websitedev.com\/#\/schema\/logo\/image\/\"}}]}<\/script>\n<!-- \/ Yoast SEO Premium plugin. -->","yoast_head_json":{"title":"M\u00c1Y NGHI\u1ec0N BI RETSCH MODEL PM 100 ch\u00ednh h\u00e3ng | V\u1ea1n N\u0103ng","description":"Mua ngay M\u00c1Y NGHI\u1ec0N BI RETSCH MODEL PM 100 ch\u00ednh h\u00e3ng. M\u00e1y Nghi\u1ec1n Bi Retsch PM 100 v\u1edbi l\u1ef1c ly t\u00e2m m\u1ea1nh, t\u1ed1c \u0111\u1ed9 t\u1ed1i \u0111a 650 rpm, ngh... Gi\u00e1 t\u1ed1t!","robots":{"index":"noindex","follow":"follow","max-snippet":"max-snippet:-1","max-image-preview":"max-image-preview:large","max-video-preview":"max-video-preview:-1"},"og_locale":"en_US","og_type":"article","og_title":"M\u00c1Y NGHI\u1ec0N BI RETSCH MODEL PM 100","og_description":"Mua ngay M\u00c1Y NGHI\u1ec0N BI RETSCH MODEL PM 100 ch\u00ednh h\u00e3ng. M\u00e1y Nghi\u1ec1n Bi Retsch PM 100 v\u1edbi l\u1ef1c ly t\u00e2m m\u1ea1nh, t\u1ed1c \u0111\u1ed9 t\u1ed1i \u0111a 650 rpm, ngh... Gi\u00e1 t\u1ed1t!","og_url":"https:\/\/vannangvn.123websitedev.com\/en\/product\/may-nghien-bi-retsch-model-pm-100\/","og_site_name":"Vannang.vn","article_modified_time":"2026-03-30T11:42:05+00:00","og_image":[{"width":768,"height":576,"url":"http:\/\/vannangvn.123websitedev.com\/wp-content\/uploads\/2026\/03\/PM-100-3-768x576-copy.jpg","type":"image\/jpeg"}],"twitter_card":"summary_large_image","twitter_misc":{"Est. reading time":"5 minutes"},"schema":{"@context":"https:\/\/schema.org","@graph":[{"@type":"WebPage","@id":"https:\/\/vannangvn.123websitedev.com\/san-pham\/may-nghien-bi-retsch-model-pm-100\/","url":"https:\/\/vannangvn.123websitedev.com\/san-pham\/may-nghien-bi-retsch-model-pm-100\/","name":"M\u00c1Y NGHI\u1ec0N BI RETSCH MODEL PM 100 ch\u00ednh h\u00e3ng | V\u1ea1n N\u0103ng","isPartOf":{"@id":"https:\/\/vannangvn.123websitedev.com\/#website"},"primaryImageOfPage":{"@id":"https:\/\/vannangvn.123websitedev.com\/san-pham\/may-nghien-bi-retsch-model-pm-100\/#primaryimage"},"image":{"@id":"https:\/\/vannangvn.123websitedev.com\/san-pham\/may-nghien-bi-retsch-model-pm-100\/#primaryimage"},"thumbnailUrl":"https:\/\/vannangvn.123websitedev.com\/wp-content\/uploads\/2026\/03\/PM-100-3-768x576-copy.jpg","datePublished":"2026-03-20T11:59:04+00:00","dateModified":"2026-03-30T11:42:05+00:00","description":"Mua ngay M\u00c1Y NGHI\u1ec0N BI RETSCH MODEL PM 100 ch\u00ednh h\u00e3ng. M\u00e1y Nghi\u1ec1n Bi Retsch PM 100 v\u1edbi l\u1ef1c ly t\u00e2m m\u1ea1nh, t\u1ed1c \u0111\u1ed9 t\u1ed1i \u0111a 650 rpm, ngh... Gi\u00e1 t\u1ed1t!","breadcrumb":{"@id":"https:\/\/vannangvn.123websitedev.com\/san-pham\/may-nghien-bi-retsch-model-pm-100\/#breadcrumb"},"inLanguage":"en-US","potentialAction":[{"@type":"ReadAction","target":["https:\/\/vannangvn.123websitedev.com\/san-pham\/may-nghien-bi-retsch-model-pm-100\/"]}]},{"@type":"ImageObject","inLanguage":"en-US","@id":"https:\/\/vannangvn.123websitedev.com\/san-pham\/may-nghien-bi-retsch-model-pm-100\/#primaryimage","url":"https:\/\/vannangvn.123websitedev.com\/wp-content\/uploads\/2026\/03\/PM-100-3-768x576-copy.jpg","contentUrl":"https:\/\/vannangvn.123websitedev.com\/wp-content\/uploads\/2026\/03\/PM-100-3-768x576-copy.jpg","width":768,"height":576},{"@type":"BreadcrumbList","@id":"https:\/\/vannangvn.123websitedev.com\/san-pham\/may-nghien-bi-retsch-model-pm-100\/#breadcrumb","itemListElement":[{"@type":"ListItem","position":1,"name":"Trang ch\u1ee7","item":"https:\/\/vannangvn.123websitedev.com\/"},{"@type":"ListItem","position":2,"name":"S\u1ea3n ph\u1ea9m","item":"https:\/\/vannangvn.123websitedev.com\/cua-hang\/"},{"@type":"ListItem","position":3,"name":"M\u00c1Y NGHI\u1ec0N BI RETSCH MODEL PM 100"}]},{"@type":"WebSite","@id":"https:\/\/vannangvn.123websitedev.com\/#website","url":"https:\/\/vannangvn.123websitedev.com\/","name":"Vannang.vn","description":"","publisher":{"@id":"https:\/\/vannangvn.123websitedev.com\/#organization"},"potentialAction":[{"@type":"SearchAction","target":{"@type":"EntryPoint","urlTemplate":"https:\/\/vannangvn.123websitedev.com\/?s={search_term_string}"},"query-input":{"@type":"PropertyValueSpecification","valueRequired":true,"valueName":"search_term_string"}}],"inLanguage":"en-US"},{"@type":"Organization","@id":"https:\/\/vannangvn.123websitedev.com\/#organization","name":"Vannang.vn","url":"https:\/\/vannangvn.123websitedev.com\/","logo":{"@type":"ImageObject","inLanguage":"en-US","@id":"https:\/\/vannangvn.123websitedev.com\/#\/schema\/logo\/image\/","url":"https:\/\/vannangvn.123websitedev.com\/wp-content\/uploads\/2026\/02\/logo-van-nang-02.png","contentUrl":"https:\/\/vannangvn.123websitedev.com\/wp-content\/uploads\/2026\/02\/logo-van-nang-02.png","width":448,"height":111,"caption":"Vannang.vn"},"image":{"@id":"https:\/\/vannangvn.123websitedev.com\/#\/schema\/logo\/image\/"}}]}},"_links":{"self":[{"href":"https:\/\/vannangvn.123websitedev.com\/en\/wp-json\/wp\/v2\/product\/7373","targetHints":{"allow":["GET"]}}],"collection":[{"href":"https:\/\/vannangvn.123websitedev.com\/en\/wp-json\/wp\/v2\/product"}],"about":[{"href":"https:\/\/vannangvn.123websitedev.com\/en\/wp-json\/wp\/v2\/types\/product"}],"replies":[{"embeddable":true,"href":"https:\/\/vannangvn.123websitedev.com\/en\/wp-json\/wp\/v2\/comments?post=7373"}],"wp:featuredmedia":[{"embeddable":true,"href":"https:\/\/vannangvn.123websitedev.com\/en\/wp-json\/wp\/v2\/media\/8683"}],"wp:attachment":[{"href":"https:\/\/vannangvn.123websitedev.com\/en\/wp-json\/wp\/v2\/media?parent=7373"}],"wp:term":[{"taxonomy":"product_brand","embeddable":true,"href":"https:\/\/vannangvn.123websitedev.com\/en\/wp-json\/wp\/v2\/product_brand?post=7373"},{"taxonomy":"product_cat","embeddable":true,"href":"https:\/\/vannangvn.123websitedev.com\/en\/wp-json\/wp\/v2\/product_cat?post=7373"},{"taxonomy":"product_tag","embeddable":true,"href":"https:\/\/vannangvn.123websitedev.com\/en\/wp-json\/wp\/v2\/product_tag?post=7373"}],"curies":[{"name":"wp","href":"https:\/\/api.w.org\/{rel}","templated":true}]}}