{"id":7377,"date":"2026-03-20T18:59:11","date_gmt":"2026-03-20T11:59:11","guid":{"rendered":"https:\/\/vannangvn.123websitedev.com\/san-pham\/may-nghien-dang-ro-co-chot-iec-model-bsb-cp\/"},"modified":"2026-03-30T18:42:11","modified_gmt":"2026-03-30T11:42:11","slug":"may-nghien-dang-ro-co-chot-iec-model-bsb-cp","status":"publish","type":"product","link":"https:\/\/vannangvn.123websitedev.com\/en\/product\/may-nghien-dang-ro-co-chot-iec-model-bsb-cp\/","title":{"rendered":"M\u00c1Y NGHI\u1ec0N D\u1ea0NG R\u1ed4 C\u00d3 CH\u1ed0T IEC MODEL BSB-CP"},"content":{"rendered":"<h1 style=\"color: red; font-weight: bold; font-size: 24px;\">T&#7893;ng quan s&#7843;n ph&#7849;m M&Aacute;Y NGHI&#7872;N D&#7840;NG R&#7892; C&Oacute; CH&#7888;T IEC MODEL BSB-CP<p>M&aacute;y Nghi&#7873;n D&#7841;ng R&#7893; C&oacute; Ch&#7889;t (Basket Mill) IEC Model BSB-CP<br>\nM&aacute;y Nghi&#7873;n D&#7841;ng R&#7893; C&oacute; Ch&#7889;t IEC BSB-CP l&agrave; thi&#7871;t b&#7883; nghi&#7873;n ti&ecirc;n ti&#7871;n &#273;&#432;&#7907;c ph&aacute;t tri&#7875;n v&#7899;i thi&#7871;t k&#7871; rotor&ndash;stator d&#7841;ng ch&#7889;t &#273;&#7889;i kh&aacute;ng, mang &#273;&#7871;n hi&#7879;u qu&#7843; ph&acirc;n t&aacute;n v&agrave; nghi&#7873;n h&#7841;t v&#432;&#7907;t tr&#7897;i. V&#7899;i kh&#7843; n&#259;ng ki&#7875;m so&aacute;t k&iacute;ch th&#432;&#7899;c h&#7841;t ch&iacute;nh x&aacute;c v&agrave; hi&#7879;u su&#7845;t cao, m&aacute;y &#273;&aacute;p &#7913;ng ho&agrave;n h&#7843;o c&#7843; quy m&ocirc; ph&ograve;ng th&iacute; nghi&#7879;m v&agrave; s&#7843;n xu&#7845;t h&agrave;ng lo&#7841;t.<br>\nNh&#7901; t&iacute;nh linh ho&#7841;t, &#273;&#7897; tin c&#7853;y v&agrave; kh&#7843; n&#259;ng ti&#7871;t ki&#7879;m n&#259;ng l&#432;&#7907;ng, Model BSB-CP tr&#7903; th&agrave;nh l&#7921;a ch&#7885;n t&#7889;i &#432;u cho c&aacute;c doanh nghi&#7879;p trong ng&agrave;nh s&#417;n, m&#7921;c in v&agrave; nhi&#7873;u l&#297;nh v&#7921;c c&ocirc;ng nghi&#7879;p kh&aacute;c. H&atilde;y c&ugrave;ng V&#7841;n N&#259;ng t&igrave;m hi&#7875;u chi ti&#7871;t h&#417;n v&#7873; s&#7843;n ph&#7849;m th&ocirc;ng qua b&agrave;i vi&#7871;t d&#432;&#7899;i &#273;&acirc;y nh&eacute;!<\/p><p>Xem th&ecirc;m: H&#7879; Th&#7889;ng Ph&acirc;n T&iacute;ch Bia Anton Paar Model Animo 3100 Mobile<\/p><p>N&eacute;t &#272;&#7863;c Tr&#432;ng C&#7911;a IEC Model BSB-CP<br>\nThi&#7871;t k&#7871; rotor&ndash;stator ch&#7889;t &#273;&#7889;i kh&aacute;ng<br>\nM&aacute;y Nghi&#7873;n D&#7841;ng R&#7893; C&oacute; Ch&#7889;t IEC Model BSB-CP n&#7893;i b&#7853;t v&#7899;i c&#7845;u tr&uacute;c rotor&ndash;stator pin &#273;&#7897;c &#273;&aacute;o, t&#7841;o ra l&#7921;c c&#7855;t v&agrave; ma s&aacute;t m&#7841;nh m&#7869;, gi&uacute;p nghi&#7873;n &ndash; ph&acirc;n t&aacute;n nguy&ecirc;n li&#7879;u &#7903; c&#432;&#7901;ng &#273;&#7897; cao. Nh&#7901; &#273;&oacute;, s&#7843;n ph&#7849;m &#273;&#7841;t &#273;&#432;&#7907;c k&iacute;ch th&#432;&#7899;c h&#7841;t si&ecirc;u m&#7883;n v&agrave; &#273;&#7897; &#273;&#7891;ng &#273;&#7873;u &#7893;n &#273;&#7883;nh.<br>\n&#272;a d&#7841;ng dung t&iacute;ch v&agrave; c&ocirc;ng su&#7845;t<br>\nThi&#7871;t b&#7883; c&oacute; nhi&#7873;u model, ph&ugrave; h&#7907;p cho dung t&iacute;ch m&#7867; t&#7915; 5L &#273;&#7871;n 1500L v&#7899;i c&ocirc;ng su&#7845;t &#273;&#7897;ng c&#417; t&#7915; 2.2 kW &#273;&#7871;n 90 kW. S&#7921; linh ho&#7841;t n&agrave;y gi&uacute;p m&aacute;y d&#7877; d&agrave;ng th&iacute;ch &#7913;ng t&#7915; nghi&ecirc;n c&#7913;u th&#7917; nghi&#7879;m quy m&ocirc; nh&#7887; &#273;&#7871;n s&#7843;n xu&#7845;t c&ocirc;ng nghi&#7879;p quy m&ocirc; l&#7899;n.<br>\nH&#7879; th&#7889;ng l&agrave;m m&aacute;t hi&#7879;u qu&#7843;<br>\nM&aacute;y &#273;&#432;&#7907;c trang b&#7883; b&#7891;n nghi&#7873;n c&oacute; &aacute;o gi&#7843;i nhi&#7879;t, gi&uacute;p duy tr&igrave; nhi&#7879;t &#273;&#7897; s&#7843;n ph&#7849;m &#7893;n &#273;&#7883;nh trong su&#7889;t qu&aacute; tr&igrave;nh v&#7853;n h&agrave;nh. &#272;&acirc;y l&agrave; y&#7871;u t&#7889; quan tr&#7885;ng &#273;&#7875; &#273;&#7843;m b&#7843;o ch&#7845;t l&#432;&#7907;ng th&agrave;nh ph&#7849;m, nh&#7845;t l&agrave; v&#7899;i c&aacute;c c&ocirc;ng th&#7913;c nh&#7841;y c&#7843;m v&#7899;i nhi&#7879;t.<br>\nLinh ho&#7841;t trong c&#7845;u h&igrave;nh v&agrave; ph&#7909; ki&#7879;n<br>\nIEC Model BSB-CP c&oacute; th&#7875; l&#7921;a ch&#7885;n t&#7889;c &#273;&#7897; c&#7889; &#273;&#7883;nh ho&#7863;c bi&#7871;n t&#7847;n &#273;i&#7873;u khi&#7875;n t&#7889;c &#273;&#7897;, &#273;i k&egrave;m nhi&#7873;u lo&#7841;i c&aacute;nh khu&#7845;y v&agrave; ph&#7909; ki&#7879;n nh&#432; k&#7865;p b&#7891;n, ch&#7855;n tr&#7909;c&hellip; &#273;&aacute;p &#7913;ng &#273;a d&#7841;ng nhu c&#7847;u s&#7843;n xu&#7845;t.<\/p><p>Xem th&ecirc;m: Thi&#7871;t B&#7883; &#272;o &#272;i&#7879;n Tr&#7903; &#272;&#7845;t KYORITSU Model 4105A<\/p><p>&#431;u &#272;i&#7875;m V&#432;&#7907;t Tr&#7897;i C&#7911;a Model BSB-CP<br>\nKh&#7843; n&#259;ng thay &#273;&#7893;i m&agrave;u nhanh ch&oacute;ng<br>\nThi&#7871;t B&#7883; Nghi&#7873;n M&#7867; S&#417;n IEC Model BSB-CP l&yacute; t&#432;&#7903;ng cho c&aacute;c quy tr&igrave;nh c&#7847;n thay &#273;&#7893;i m&agrave;u th&#432;&#7901;ng xuy&ecirc;n. Thi&#7871;t k&#7871; th&ocirc;ng minh cho ph&eacute;p v&#7879; sinh d&#7877; d&agrave;ng, gi&#7843;m hao h&#7909;t nguy&ecirc;n li&#7879;u v&agrave; r&uacute;t ng&#7855;n th&#7901;i gian chuy&#7875;n &#273;&#7893;i.<br>\nQuy tr&igrave;nh nghi&#7873;n &#7893;n &#273;&#7883;nh v&agrave; l&#7863;p l&#7841;i<br>\nM&aacute;y &#273;&#7843;m b&#7843;o s&#7921; l&#7863;p l&#7841;i cao trong c&aacute;c m&#7867; nghi&#7873;n, gi&uacute;p s&#7843;n ph&#7849;m duy tr&igrave; ch&#7845;t l&#432;&#7907;ng &#273;&#7891;ng nh&#7845;t qua nhi&#7873;u l&#7847;n s&#7843;n xu&#7845;t. &#272;&acirc;y l&agrave; l&#7907;i th&#7871; l&#7899;n trong vi&#7879;c &#273;&aacute;p &#7913;ng ti&ecirc;u chu&#7849;n kh&#7855;t khe c&#7911;a kh&aacute;ch h&agrave;ng.<br>\nTi&#7871;t ki&#7879;m n&#259;ng l&#432;&#7907;ng, hi&#7879;u qu&#7843; v&#432;&#7907;t tr&#7897;i<br>\nV&#7899;i y&ecirc;u c&#7847;u n&#259;ng l&#432;&#7907;ng ri&ecirc;ng th&#7845;p, m&aacute;y gi&uacute;p doanh nghi&#7879;p ti&#7871;t ki&#7879;m &#273;&aacute;ng k&#7875; chi ph&iacute; v&#7853;n h&agrave;nh m&agrave; v&#7851;n &#273;&#7841;t hi&#7879;u su&#7845;t nghi&#7873;n cao, n&acirc;ng cao t&iacute;nh c&#7841;nh tranh tr&ecirc;n th&#7883; tr&#432;&#7901;ng.<br>\n&#272;&aacute;p &#7913;ng an to&agrave;n qu&#7889;c t&#7871;<br>\nThi&#7871;t B&#7883; Nghi&#7873;n D&#7841;ng R&#7893; IEC Model BSB-CP ph&ugrave; h&#7907;p v&#7853;n h&agrave;nh trong c&#7843; khu v&#7921;c an to&agrave;n v&agrave; m&ocirc;i tr&#432;&#7901;ng nguy hi&#7875;m Zone 1. M&aacute;y c&oacute; th&#7875; &#273;&#432;&#7907;c cung c&#7845;p theo ti&ecirc;u chu&#7849;n ATEX\/CE II 2GD c IIB T3, &#273;&#7843;m b&#7843;o an to&agrave;n v&agrave; tu&acirc;n th&#7911; quy &#273;&#7883;nh qu&#7889;c t&#7871;.<\/p><p>Xem th&ecirc;m: M&aacute;y &#272;o N&#259;ng L&#432;&#7907;ng Tia UV Linshang Model LS136<\/p><p>&#7912;ng D&#7909;ng Trong Ng&agrave;nh C&ocirc;ng Nghi&#7879;p<br>\nV&#7899;i s&#7921; m&#7841;nh m&#7869; v&agrave; linh ho&#7841;t, M&aacute;y Nghi&#7873;n D&#7841;ng R&#7893; C&oacute; Ch&#7889;t Model BSB-CP &#273;&#432;&#7907;c &#7913;ng d&#7909;ng trong nhi&#7873;u ng&agrave;nh:<\/p><p>S&#7843;n xu&#7845;t s&#417;n trang tr&iacute; v&agrave; s&#417;n c&ocirc;ng nghi&#7879;p.<br>\nCh&#7871; t&#7841;o m&#7921;c in ch&#7845;t l&#432;&#7907;ng cao.<br>\nNg&agrave;nh h&oacute;a ch&#7845;t tinh vi v&agrave; v&#7853;t li&#7879;u m&#7899;i.<br>\nM&#7929; ph&#7849;m v&agrave; d&#432;&#7907;c ph&#7849;m.<br>\nNghi&ecirc;n c&#7913;u R&amp;D trong ph&ograve;ng th&iacute; nghi&#7879;m v&agrave; s&#7843;n xu&#7845;t th&#7917; nghi&#7879;m.<\/p><p>Nh&#7919;ng L&yacute; Do N&ecirc;n Mua M&aacute;y Nghi&#7873;n T&#7841;i V&#7841;n N&#259;ng<\/p><p>C&ocirc;ng ty Thi&#7871;t B&#7883; C&ocirc;ng Ngh&#7879; V&#7841;n N&#259;ng l&agrave; &#273;&#7889;i t&aacute;c ch&iacute;nh th&#7913;c ph&acirc;n ph&#7889;i M&aacute;y Nghi&#7873;n h&agrave;ng &#273;&#7847;u t&#7841;i Vi&#7879;t Nam, cam k&#7871;t cung c&#7845;p s&#7843;n ph&#7849;m ch&iacute;nh h&atilde;ng v&#7899;i gi&aacute; c&#7843; c&#7841;nh tranh nh&#7845;t th&#7883; tr&#432;&#7901;ng. V&#7899;i uy t&iacute;n tr&ecirc;n th&#7883; tr&#432;&#7901;ng v&agrave; ch&#7871; &#273;&#7897; h&#7851;u m&atilde;i t&#7889;t, Thi&#7871;t B&#7883; C&ocirc;ng Ngh&#7879; V&#7841;n N&#259;ng &#273;&atilde; nh&#7853;n &#273;&#432;&#7907;c s&#7921; tin t&#432;&#7903;ng t&#7915; kh&aacute;ch h&agrave;ng nh&#7901; v&agrave;o ch&#7845;t l&#432;&#7907;ng h&agrave;ng &#273;&#7847;u c&#7911;a c&aacute;c d&ograve;ng s&#7843;n ph&#7849;m.<br>\nS&#7843;n ph&#7849;m c&#7911;a ch&uacute;ng t&ocirc;i &#273;&#432;&#7907;c ki&#7875;m &#273;&#7883;nh ch&#7845;t l&#432;&#7907;ng, nh&#7853;p kh&#7849;u tr&#7921;c ti&#7871;p t&#7915; nh&agrave; m&aacute;y b&ecirc;n Ch&acirc;u &Acirc;u, M&#7929;, &Uacute;c, Nh&#7853;t B&#7843;n,&hellip; v&agrave; &#273;&aacute;p &#7913;ng nhu c&#7847;u &#273;a d&#7841;ng c&#7911;a th&#7883; tr&#432;&#7901;ng nh&#432;: M&aacute;y &#272;o &#272;&#7897; C&#7913;ng, M&aacute;y SPECTROMAXx, M&aacute;y Ki&#7875;m Tra &#272;&#432;&#7901;ng Gh&eacute;p M&iacute; Lon,&hellip; Ch&uacute;ng t&ocirc;i cam k&#7871;t cung c&#7845;p s&#7843;n ph&#7849;m n&agrave;y tr&ecirc;n to&agrave;n qu&#7889;c v&#7899;i gi&aacute; c&#7843; c&#7841;nh tranh nh&#7845;t.<br>\nCh&uacute;ng t&ocirc;i c&oacute; &#273;&#7897;i ng&#361; chuy&ecirc;n vi&ecirc;n t&#432; v&#7845;n chuy&ecirc;n s&acirc;u s&#7869; h&#7895; tr&#7907; kh&aacute;ch h&agrave;ng v&#7873; chi ti&#7871;t s&#7843;n ph&#7849;m, h&#432;&#7899;ng d&#7851;n s&#7917; d&#7909;ng hay nh&#7919;ng th&#7913; li&ecirc;n quan &#273;&#7871;n v&#7845;n &#273;&#7873; m&agrave; doanh nghi&#7879;p b&#7841;n &#273;ang g&#7863;p ph&#7843;i. Ch&uacute;ng t&ocirc;i s&#7869; cung c&#7845;p nh&#7919;ng gi&#7843;i ph&aacute;p t&#7889;i &#432;u nh&#7845;t!<br>\nNgo&agrave;i ra Thi&#7871;t B&#7883; C&ocirc;ng Ngh&#7879; V&#7841;n N&#259;ng Ch&uacute;ng T&ocirc;i lu&ocirc;n h&#432;&#7899;ng &#273;&#7871;n tr&#7843;i nghi&#7879;m kh&aacute;ch h&agrave;ng, v&igrave; v&#7853;y ch&uacute;ng t&ocirc;i c&oacute; nh&#7919;ng ch&iacute;nh s&aacute;ch b&#7843;o h&agrave;nh, b&#7843;o tr&igrave; &ndash; b&#7843;o d&#432;&#7905;ng, hi&#7879;u chu&#7849;n v&#7899;i t&#7845;t c&#7843; c&aacute;c thi&#7871;t b&#7883;, m&aacute;y m&oacute;c m&agrave; ch&uacute;ng t&ocirc;i cung c&#7845;p. &#272;&#7843;m b&#7843;o mang &#273;&#7871;n cho Kh&aacute;ch h&agrave;ng s&#7921; y&ecirc;n t&acirc;m tuy&#7879;t &#273;&#7889;i v&#7873; d&#7883;ch v&#7909; khi mua h&agrave;ng.<\/p><p>Xem th&ecirc;m: Thi&#7871;t B&#7883; C&#7855;t &#7888;ng Nh&#7921;a (Tube Cutting Machine) Bozwang Model PCM-90<\/p><p>T&#7893;ng K&#7871;t<br>\nM&aacute;y Nghi&#7873;n D&#7841;ng R&#7893; C&oacute; Ch&#7889;t IEC Model BSB-CP l&agrave; s&#7921; k&#7871;t h&#7907;p ho&agrave;n h&#7843;o gi&#7919;a c&ocirc;ng ngh&#7879; hi&#7879;n &#273;&#7841;i, hi&#7879;u qu&#7843; n&#259;ng l&#432;&#7907;ng v&agrave; &#273;&#7897; linh ho&#7841;t cao. V&#7899;i thi&#7871;t k&#7871; rotor&ndash;stator pin &#273;&#7897;c &#273;&aacute;o, kh&#7843; n&#259;ng thay &#273;&#7893;i m&agrave;u nhanh, c&ugrave;ng s&#7921; an to&agrave;n theo chu&#7849;n qu&#7889;c t&#7871;, &#273;&acirc;y l&agrave; l&#7921;a ch&#7885;n h&agrave;ng &#273;&#7847;u cho c&aacute;c doanh nghi&#7879;p mong mu&#7889;n n&acirc;ng cao ch&#7845;t l&#432;&#7907;ng v&agrave; t&#7889;i &#432;u quy tr&igrave;nh s&#7843;n xu&#7845;t. H&atilde;y li&ecirc;n h&#7879; v&#7899;i V&#7841;n N&#259;ng ngay &#273;&#7875; &#273;&#432;&#7907;c t&#432; v&#7845;n chuy&ecirc;n s&acirc;u v&agrave; nh&#7853;n nh&#7919;ng &#432;u &#273;&atilde;i h&#7845;p d&#7851;n nh&#7845;t th&ocirc;ng qua hotline0903 991 335 !<\/p><div style=\"background-color: #f8fafc; border: 1px solid #e2e8f0; border-radius: 8px; padding: 25px; max-width: 800px; margin: 30px auto; color: #334155; line-height: 1.8; font-size: 17px; box-shadow: 0 4px 6px -1px rgba(0,0,0,0.05); text-align: left; clear: both;\">\nC&ocirc;ng ty TNHH Th&#432;&#417;ng M&#7841;i D&#7883;ch V&#7909; Thi&#7871;t B&#7883; C&ocirc;ng Ngh&#7879; V&#7841;n N&#259;ng\n<p style=\"margin: 0 0 10px 0;\">&#128205; <strong style=\"color: #1e293b;\">&#272;&#7883;a ch&#7881;:<\/strong> <a style=\"color: #059669; text-decoration: none; font-weight: bold;\" href=\"https:\/\/www.google.com\/maps\/search\/C%C3%B4ng+ty+TNHH+Th%C6%B0%C6%A1ng+M%E1%BA%A1i+D%E1%BB%8Bch+V%E1%BB%A5+Thi%E1%BA%BFt+B%E1%BB%8B+C%C3%B4ng+Ngh%E1%BB%87+V%E1%BA%A1n+N%C4%83ng+818+Tr%C6%B0%E1%BB%9Dng+Chinh\" target=\"_blank\" rel=\"noopener\">818 Tr&#432;&#7901;ng Chinh, Ph&#432;&#7901;ng T&acirc;n S&#417;n, Th&agrave;nh ph&#7889; H&#7891; Ch&iacute; Minh, Vi&#7879;t Nam<\/a><\/p>\n<p style=\"margin: 0 0 10px 0;\">&#128222; <strong style=\"color: #1e293b;\">S&#272;T &ndash; Zalo:<\/strong> <a style=\"color: #059669; text-decoration: none; font-weight: bold;\" href=\"https:\/\/zalo.me\/0903991335\" target=\"_blank\" rel=\"noopener\">0903 991 335<\/a> <span style=\"color: #64748b; font-style: italic;\">(Ms. H&#7841;nh &ndash; Gi&aacute;m &#272;&#7889;c Kinh Doanh)<\/span><\/p>\n<p style=\"margin: 0;\">&#9993;&#65039; <strong style=\"color: #1e293b;\">Email:<\/strong> <a style=\"color: #059669; text-decoration: none; font-weight: bold;\" href=\"mailto:hienhanh@vannangvn.com\">hienhanh@vannangvn.com<\/a><\/p>\n<\/div><\/h1>","protected":false},"excerpt":{"rendered":"<p><strong>Th&#432;&#417;ng hi&#7879;u:<\/strong> IEC<br>\n<strong>Model:<\/strong> BSB-CP<p>Product <strong>M&Aacute;Y NGHI&#7872;N D&#7840;NG R&#7892; C&Oacute; CH&#7888;T IEC MODEL BSB-CP<\/strong> ch&iacute;nh h&atilde;ng. IEC (Malaysia)<br>\nM&aacute;y Nghi&#7873;n D&#7841;ng R&#7893; IEC BSB-CP s&#7917; d&#7909;ng c&ocirc;ng ngh&#7879; rotor-stator ch&#7889;t &#273;&#7889;i kh&aacute;ng, mang l&#7841;i hi&#7879;u qu&#7843; nghi&#7873;n v&agrave; ph&acirc;n t&aacute;n v&#432;&#7907;t tr&#7897;i. Thi&#7871;t b&#7883; &#273;&#7843;m b&#7843;o s&#7843;n ph&#7849;m &#273;&#7841;t &#273;&#7897; m&#7883;n si&ecirc;u nh&#7887; v&agrave; &#273;&#7891;ng &#273;&#7873;u, l&yacute; t&#432;&#7903;ng cho c&aacute;c ng&agrave;nh c&ocirc;ng nghi&#7879;p s&#417;n, m&#7921;c in v&agrave; h&oacute;a ch&#7845;t cao c&#7845;p.<\/p><\/p>","protected":false},"featured_media":10037,"comment_status":"open","ping_status":"closed","template":"","meta":[],"product_brand":[],"product_cat":[18],"product_tag":[2674,109,116,359,365,816,1368,2055,2382],"class_list":{"0":"post-7377","1":"product","2":"type-product","3":"status-publish","4":"has-post-thumbnail","6":"product_cat-chua-phan-loai","7":"product_tag-bsb-cp","8":"product_tag-may","9":"product_tag-model","10":"product_tag-ro","11":"product_tag-co","12":"product_tag-dang","13":"product_tag-nghien","14":"product_tag-chot","15":"product_tag-iec","17":"first","18":"instock","19":"shipping-taxable","20":"product-type-simple"},"yoast_head":"<!-- This site is optimized with the Yoast SEO Premium plugin v24.8 (Yoast SEO v24.8) - https:\/\/yoast.com\/wordpress\/plugins\/seo\/ -->\n<title>M\u00c1Y NGHI\u1ec0N D\u1ea0NG R\u1ed4 C\u00d3 CH\u1ed0T IEC MODE... ch\u00ednh h\u00e3ng | V\u1ea1n N\u0103ng<\/title>\n<meta name=\"description\" content=\"Mua ngay M\u00c1Y NGHI\u1ec0N D\u1ea0NG R\u1ed4 C\u00d3 CH\u1ed0T IEC MODEL BSB-CP ch\u00ednh h\u00e3ng. M\u00e1y Nghi\u1ec1n D\u1ea1ng R\u1ed5 IEC BSB-CP s\u1eed d\u1ee5ng c\u00f4ng ngh\u1ec7 rotor-stator ch\u1ed1t... Gi\u00e1 t\u1ed1t!\" \/>\n<meta name=\"robots\" content=\"noindex, follow, max-snippet:-1, max-image-preview:large, max-video-preview:-1\" \/>\n<meta property=\"og:locale\" content=\"en_US\" \/>\n<meta property=\"og:type\" content=\"article\" \/>\n<meta property=\"og:title\" content=\"M\u00c1Y NGHI\u1ec0N D\u1ea0NG R\u1ed4 C\u00d3 CH\u1ed0T IEC MODEL BSB-CP\" \/>\n<meta property=\"og:description\" content=\"Mua ngay M\u00c1Y NGHI\u1ec0N D\u1ea0NG R\u1ed4 C\u00d3 CH\u1ed0T IEC MODEL BSB-CP ch\u00ednh h\u00e3ng. M\u00e1y Nghi\u1ec1n D\u1ea1ng R\u1ed5 IEC BSB-CP s\u1eed d\u1ee5ng c\u00f4ng ngh\u1ec7 rotor-stator ch\u1ed1t... Gi\u00e1 t\u1ed1t!\" \/>\n<meta property=\"og:url\" content=\"https:\/\/vannangvn.123websitedev.com\/en\/product\/may-nghien-dang-ro-co-chot-iec-model-bsb-cp\/\" \/>\n<meta property=\"og:site_name\" content=\"Vannang.vn\" \/>\n<meta property=\"article:modified_time\" content=\"2026-03-30T11:42:11+00:00\" \/>\n<meta property=\"og:image\" content=\"http:\/\/vannangvn.123websitedev.com\/wp-content\/uploads\/2026\/03\/31-1-768x576_2-copy.jpg\" \/>\n\t<meta property=\"og:image:width\" content=\"768\" \/>\n\t<meta property=\"og:image:height\" content=\"576\" \/>\n\t<meta property=\"og:image:type\" content=\"image\/jpeg\" \/>\n<meta name=\"twitter:card\" content=\"summary_large_image\" \/>\n<meta name=\"twitter:label1\" content=\"Est. reading time\" \/>\n\t<meta name=\"twitter:data1\" content=\"8 minutes\" \/>\n<script type=\"application\/ld+json\" class=\"yoast-schema-graph\">{\"@context\":\"https:\/\/schema.org\",\"@graph\":[{\"@type\":\"WebPage\",\"@id\":\"https:\/\/vannangvn.123websitedev.com\/san-pham\/may-nghien-dang-ro-co-chot-iec-model-bsb-cp\/\",\"url\":\"https:\/\/vannangvn.123websitedev.com\/san-pham\/may-nghien-dang-ro-co-chot-iec-model-bsb-cp\/\",\"name\":\"M\u00c1Y NGHI\u1ec0N D\u1ea0NG R\u1ed4 C\u00d3 CH\u1ed0T IEC MODE... ch\u00ednh h\u00e3ng | V\u1ea1n N\u0103ng\",\"isPartOf\":{\"@id\":\"https:\/\/vannangvn.123websitedev.com\/#website\"},\"primaryImageOfPage\":{\"@id\":\"https:\/\/vannangvn.123websitedev.com\/san-pham\/may-nghien-dang-ro-co-chot-iec-model-bsb-cp\/#primaryimage\"},\"image\":{\"@id\":\"https:\/\/vannangvn.123websitedev.com\/san-pham\/may-nghien-dang-ro-co-chot-iec-model-bsb-cp\/#primaryimage\"},\"thumbnailUrl\":\"https:\/\/vannangvn.123websitedev.com\/wp-content\/uploads\/2026\/03\/31-1-768x576_2-copy.jpg\",\"datePublished\":\"2026-03-20T11:59:11+00:00\",\"dateModified\":\"2026-03-30T11:42:11+00:00\",\"description\":\"Mua ngay M\u00c1Y NGHI\u1ec0N D\u1ea0NG R\u1ed4 C\u00d3 CH\u1ed0T IEC MODEL BSB-CP ch\u00ednh h\u00e3ng. M\u00e1y Nghi\u1ec1n D\u1ea1ng R\u1ed5 IEC BSB-CP s\u1eed d\u1ee5ng c\u00f4ng ngh\u1ec7 rotor-stator ch\u1ed1t... Gi\u00e1 t\u1ed1t!\",\"breadcrumb\":{\"@id\":\"https:\/\/vannangvn.123websitedev.com\/san-pham\/may-nghien-dang-ro-co-chot-iec-model-bsb-cp\/#breadcrumb\"},\"inLanguage\":\"en-US\",\"potentialAction\":[{\"@type\":\"ReadAction\",\"target\":[\"https:\/\/vannangvn.123websitedev.com\/san-pham\/may-nghien-dang-ro-co-chot-iec-model-bsb-cp\/\"]}]},{\"@type\":\"ImageObject\",\"inLanguage\":\"en-US\",\"@id\":\"https:\/\/vannangvn.123websitedev.com\/san-pham\/may-nghien-dang-ro-co-chot-iec-model-bsb-cp\/#primaryimage\",\"url\":\"https:\/\/vannangvn.123websitedev.com\/wp-content\/uploads\/2026\/03\/31-1-768x576_2-copy.jpg\",\"contentUrl\":\"https:\/\/vannangvn.123websitedev.com\/wp-content\/uploads\/2026\/03\/31-1-768x576_2-copy.jpg\",\"width\":768,\"height\":576},{\"@type\":\"BreadcrumbList\",\"@id\":\"https:\/\/vannangvn.123websitedev.com\/san-pham\/may-nghien-dang-ro-co-chot-iec-model-bsb-cp\/#breadcrumb\",\"itemListElement\":[{\"@type\":\"ListItem\",\"position\":1,\"name\":\"Trang ch\u1ee7\",\"item\":\"https:\/\/vannangvn.123websitedev.com\/\"},{\"@type\":\"ListItem\",\"position\":2,\"name\":\"S\u1ea3n ph\u1ea9m\",\"item\":\"https:\/\/vannangvn.123websitedev.com\/cua-hang\/\"},{\"@type\":\"ListItem\",\"position\":3,\"name\":\"M\u00c1Y NGHI\u1ec0N D\u1ea0NG R\u1ed4 C\u00d3 CH\u1ed0T IEC MODEL BSB-CP\"}]},{\"@type\":\"WebSite\",\"@id\":\"https:\/\/vannangvn.123websitedev.com\/#website\",\"url\":\"https:\/\/vannangvn.123websitedev.com\/\",\"name\":\"Vannang.vn\",\"description\":\"\",\"publisher\":{\"@id\":\"https:\/\/vannangvn.123websitedev.com\/#organization\"},\"potentialAction\":[{\"@type\":\"SearchAction\",\"target\":{\"@type\":\"EntryPoint\",\"urlTemplate\":\"https:\/\/vannangvn.123websitedev.com\/?s={search_term_string}\"},\"query-input\":{\"@type\":\"PropertyValueSpecification\",\"valueRequired\":true,\"valueName\":\"search_term_string\"}}],\"inLanguage\":\"en-US\"},{\"@type\":\"Organization\",\"@id\":\"https:\/\/vannangvn.123websitedev.com\/#organization\",\"name\":\"Vannang.vn\",\"url\":\"https:\/\/vannangvn.123websitedev.com\/\",\"logo\":{\"@type\":\"ImageObject\",\"inLanguage\":\"en-US\",\"@id\":\"https:\/\/vannangvn.123websitedev.com\/#\/schema\/logo\/image\/\",\"url\":\"https:\/\/vannangvn.123websitedev.com\/wp-content\/uploads\/2026\/02\/logo-van-nang-02.png\",\"contentUrl\":\"https:\/\/vannangvn.123websitedev.com\/wp-content\/uploads\/2026\/02\/logo-van-nang-02.png\",\"width\":448,\"height\":111,\"caption\":\"Vannang.vn\"},\"image\":{\"@id\":\"https:\/\/vannangvn.123websitedev.com\/#\/schema\/logo\/image\/\"}}]}<\/script>\n<!-- \/ Yoast SEO Premium plugin. -->","yoast_head_json":{"title":"M\u00c1Y NGHI\u1ec0N D\u1ea0NG R\u1ed4 C\u00d3 CH\u1ed0T IEC MODE... ch\u00ednh h\u00e3ng | V\u1ea1n N\u0103ng","description":"Mua ngay M\u00c1Y NGHI\u1ec0N D\u1ea0NG R\u1ed4 C\u00d3 CH\u1ed0T IEC MODEL BSB-CP ch\u00ednh h\u00e3ng. M\u00e1y Nghi\u1ec1n D\u1ea1ng R\u1ed5 IEC BSB-CP s\u1eed d\u1ee5ng c\u00f4ng ngh\u1ec7 rotor-stator ch\u1ed1t... Gi\u00e1 t\u1ed1t!","robots":{"index":"noindex","follow":"follow","max-snippet":"max-snippet:-1","max-image-preview":"max-image-preview:large","max-video-preview":"max-video-preview:-1"},"og_locale":"en_US","og_type":"article","og_title":"M\u00c1Y NGHI\u1ec0N D\u1ea0NG R\u1ed4 C\u00d3 CH\u1ed0T IEC MODEL BSB-CP","og_description":"Mua ngay M\u00c1Y NGHI\u1ec0N D\u1ea0NG R\u1ed4 C\u00d3 CH\u1ed0T IEC MODEL BSB-CP ch\u00ednh h\u00e3ng. M\u00e1y Nghi\u1ec1n D\u1ea1ng R\u1ed5 IEC BSB-CP s\u1eed d\u1ee5ng c\u00f4ng ngh\u1ec7 rotor-stator ch\u1ed1t... Gi\u00e1 t\u1ed1t!","og_url":"https:\/\/vannangvn.123websitedev.com\/en\/product\/may-nghien-dang-ro-co-chot-iec-model-bsb-cp\/","og_site_name":"Vannang.vn","article_modified_time":"2026-03-30T11:42:11+00:00","og_image":[{"width":768,"height":576,"url":"http:\/\/vannangvn.123websitedev.com\/wp-content\/uploads\/2026\/03\/31-1-768x576_2-copy.jpg","type":"image\/jpeg"}],"twitter_card":"summary_large_image","twitter_misc":{"Est. reading time":"8 minutes"},"schema":{"@context":"https:\/\/schema.org","@graph":[{"@type":"WebPage","@id":"https:\/\/vannangvn.123websitedev.com\/san-pham\/may-nghien-dang-ro-co-chot-iec-model-bsb-cp\/","url":"https:\/\/vannangvn.123websitedev.com\/san-pham\/may-nghien-dang-ro-co-chot-iec-model-bsb-cp\/","name":"M\u00c1Y NGHI\u1ec0N D\u1ea0NG R\u1ed4 C\u00d3 CH\u1ed0T IEC MODE... ch\u00ednh h\u00e3ng | V\u1ea1n N\u0103ng","isPartOf":{"@id":"https:\/\/vannangvn.123websitedev.com\/#website"},"primaryImageOfPage":{"@id":"https:\/\/vannangvn.123websitedev.com\/san-pham\/may-nghien-dang-ro-co-chot-iec-model-bsb-cp\/#primaryimage"},"image":{"@id":"https:\/\/vannangvn.123websitedev.com\/san-pham\/may-nghien-dang-ro-co-chot-iec-model-bsb-cp\/#primaryimage"},"thumbnailUrl":"https:\/\/vannangvn.123websitedev.com\/wp-content\/uploads\/2026\/03\/31-1-768x576_2-copy.jpg","datePublished":"2026-03-20T11:59:11+00:00","dateModified":"2026-03-30T11:42:11+00:00","description":"Mua ngay M\u00c1Y NGHI\u1ec0N D\u1ea0NG R\u1ed4 C\u00d3 CH\u1ed0T IEC MODEL BSB-CP ch\u00ednh h\u00e3ng. M\u00e1y Nghi\u1ec1n D\u1ea1ng R\u1ed5 IEC BSB-CP s\u1eed d\u1ee5ng c\u00f4ng ngh\u1ec7 rotor-stator ch\u1ed1t... Gi\u00e1 t\u1ed1t!","breadcrumb":{"@id":"https:\/\/vannangvn.123websitedev.com\/san-pham\/may-nghien-dang-ro-co-chot-iec-model-bsb-cp\/#breadcrumb"},"inLanguage":"en-US","potentialAction":[{"@type":"ReadAction","target":["https:\/\/vannangvn.123websitedev.com\/san-pham\/may-nghien-dang-ro-co-chot-iec-model-bsb-cp\/"]}]},{"@type":"ImageObject","inLanguage":"en-US","@id":"https:\/\/vannangvn.123websitedev.com\/san-pham\/may-nghien-dang-ro-co-chot-iec-model-bsb-cp\/#primaryimage","url":"https:\/\/vannangvn.123websitedev.com\/wp-content\/uploads\/2026\/03\/31-1-768x576_2-copy.jpg","contentUrl":"https:\/\/vannangvn.123websitedev.com\/wp-content\/uploads\/2026\/03\/31-1-768x576_2-copy.jpg","width":768,"height":576},{"@type":"BreadcrumbList","@id":"https:\/\/vannangvn.123websitedev.com\/san-pham\/may-nghien-dang-ro-co-chot-iec-model-bsb-cp\/#breadcrumb","itemListElement":[{"@type":"ListItem","position":1,"name":"Trang ch\u1ee7","item":"https:\/\/vannangvn.123websitedev.com\/"},{"@type":"ListItem","position":2,"name":"S\u1ea3n ph\u1ea9m","item":"https:\/\/vannangvn.123websitedev.com\/cua-hang\/"},{"@type":"ListItem","position":3,"name":"M\u00c1Y NGHI\u1ec0N D\u1ea0NG R\u1ed4 C\u00d3 CH\u1ed0T IEC MODEL BSB-CP"}]},{"@type":"WebSite","@id":"https:\/\/vannangvn.123websitedev.com\/#website","url":"https:\/\/vannangvn.123websitedev.com\/","name":"Vannang.vn","description":"","publisher":{"@id":"https:\/\/vannangvn.123websitedev.com\/#organization"},"potentialAction":[{"@type":"SearchAction","target":{"@type":"EntryPoint","urlTemplate":"https:\/\/vannangvn.123websitedev.com\/?s={search_term_string}"},"query-input":{"@type":"PropertyValueSpecification","valueRequired":true,"valueName":"search_term_string"}}],"inLanguage":"en-US"},{"@type":"Organization","@id":"https:\/\/vannangvn.123websitedev.com\/#organization","name":"Vannang.vn","url":"https:\/\/vannangvn.123websitedev.com\/","logo":{"@type":"ImageObject","inLanguage":"en-US","@id":"https:\/\/vannangvn.123websitedev.com\/#\/schema\/logo\/image\/","url":"https:\/\/vannangvn.123websitedev.com\/wp-content\/uploads\/2026\/02\/logo-van-nang-02.png","contentUrl":"https:\/\/vannangvn.123websitedev.com\/wp-content\/uploads\/2026\/02\/logo-van-nang-02.png","width":448,"height":111,"caption":"Vannang.vn"},"image":{"@id":"https:\/\/vannangvn.123websitedev.com\/#\/schema\/logo\/image\/"}}]}},"_links":{"self":[{"href":"https:\/\/vannangvn.123websitedev.com\/en\/wp-json\/wp\/v2\/product\/7377","targetHints":{"allow":["GET"]}}],"collection":[{"href":"https:\/\/vannangvn.123websitedev.com\/en\/wp-json\/wp\/v2\/product"}],"about":[{"href":"https:\/\/vannangvn.123websitedev.com\/en\/wp-json\/wp\/v2\/types\/product"}],"replies":[{"embeddable":true,"href":"https:\/\/vannangvn.123websitedev.com\/en\/wp-json\/wp\/v2\/comments?post=7377"}],"wp:featuredmedia":[{"embeddable":true,"href":"https:\/\/vannangvn.123websitedev.com\/en\/wp-json\/wp\/v2\/media\/10037"}],"wp:attachment":[{"href":"https:\/\/vannangvn.123websitedev.com\/en\/wp-json\/wp\/v2\/media?parent=7377"}],"wp:term":[{"taxonomy":"product_brand","embeddable":true,"href":"https:\/\/vannangvn.123websitedev.com\/en\/wp-json\/wp\/v2\/product_brand?post=7377"},{"taxonomy":"product_cat","embeddable":true,"href":"https:\/\/vannangvn.123websitedev.com\/en\/wp-json\/wp\/v2\/product_cat?post=7377"},{"taxonomy":"product_tag","embeddable":true,"href":"https:\/\/vannangvn.123websitedev.com\/en\/wp-json\/wp\/v2\/product_tag?post=7377"}],"curies":[{"name":"wp","href":"https:\/\/api.w.org\/{rel}","templated":true}]}}