{"id":7403,"date":"2026-03-20T18:59:52","date_gmt":"2026-03-20T11:59:52","guid":{"rendered":"https:\/\/vannangvn.123websitedev.com\/san-pham\/may-phan-tich-con-trong-bia-ruou-anton-paar-model-alcolyzer-beer-me\/"},"modified":"2026-03-30T18:42:48","modified_gmt":"2026-03-30T11:42:48","slug":"may-phan-tich-con-trong-bia-ruou-anton-paar-model-alcolyzer-beer-me","status":"publish","type":"product","link":"https:\/\/vannangvn.123websitedev.com\/en\/product\/may-phan-tich-con-trong-bia-ruou-anton-paar-model-alcolyzer-beer-me\/","title":{"rendered":"M\u00c1Y PH\u00c2N T\u00cdCH C\u1ed2N TRONG BIA, R\u01af\u1ee2U ANTON PAAR MODEL ALCOLYZER BEER ME"},"content":{"rendered":"<h1 style=\"color: red; font-weight: bold; font-size: 24px;\">T&#7893;ng quan s&#7843;n ph&#7849;m M&Aacute;Y PH&Acirc;N T&Iacute;CH C&#7890;N TRONG BIA, R&#431;&#7906;U ANTON PAAR MODEL ALCOLYZER BEER ME<p>M&aacute;y Ph&acirc;n T&iacute;ch C&#7891;n Trong Bia, R&#432;&#7907;u Anton Paar Model Alcolyzer Beer ME<br>\nNg&agrave;nh c&ocirc;ng nghi&#7879;p &#273;&#7891; u&#7889;ng &#273;ang kh&ocirc;ng ng&#7915;ng ph&aacute;t tri&#7875;n v&agrave; y&ecirc;u c&#7847;u c&aacute;c gi&#7843;i ph&aacute;p &#273;o l&#432;&#7901;ng ch&iacute;nh x&aacute;c v&agrave; hi&#7879;u qu&#7843; h&#417;n. Tr&#432;&#7899;c &#273;&acirc;y, vi&#7879;c &#273;o l&#432;&#7901;ng n&#7891;ng &#273;&#7897; c&#7891;n trong c&aacute;c lo&#7841;i &#273;&#7891; u&#7889;ng c&oacute; c&#7891;n kh&aacute;c nhau &#273;&ograve;i h&#7887;i nhi&#7873;u thi&#7871;t b&#7883; ri&ecirc;ng bi&#7879;t, g&acirc;y ra s&#7921; ph&#7913;c t&#7841;p v&agrave; t&#7889;n k&eacute;m cho c&aacute;c nh&agrave; s&#7843;n xu&#7845;t.<br>\nAnton Paar &#273;&atilde; nh&#7853;n ra nhu c&#7847;u n&agrave;y v&agrave; cho ra &#273;&#7901;i module &#273;o l&#432;&#7901;ng Alcolyzer Beer ME &ndash; m&#7897;t thi&#7871;t b&#7883; &#273;&#7897;t ph&aacute; gi&uacute;p &#273;o l&#432;&#7901;ng n&#7891;ng &#273;&#7897; c&#7891;n trong r&#432;&#7907;u m&#7841;nh, r&#432;&#7907;u vang v&agrave; bia ch&#7881; v&#7899;i m&#7897;t m&aacute;y &#273;o duy nh&#7845;t. H&atilde;y c&ugrave;ng V&#7841;n N&#259;ng t&igrave;m hi&#7875;u chi ti&#7871;t h&#417;n v&#7873; s&#7843;n ph&#7849;m th&ocirc;ng qua b&agrave;i vi&#7871;t d&#432;&#7899;i &#273;&acirc;y nh&eacute;!<\/p><p>&#272;&#7863;c Tr&#432;ng C&#7911;a M&aacute;y Ph&acirc;n T&iacute;ch C&#7891;n Alcolyzer Beer ME<br>\nAlcolyzer Beer ME c&#7911;a Anton Paar mang &#273;&#7871;n gi&#7843;i ph&aacute;p t&#7845;t c&#7843; trong m&#7897;t, gi&uacute;p &#273;&#417;n gi&#7843;n h&oacute;a c&ocirc;ng vi&#7879;c trong ph&ograve;ng th&iacute; nghi&#7879;m v&agrave; t&#7889;i &#432;u h&oacute;a quy tr&igrave;nh s&#7843;n xu&#7845;t cho:<\/p><p>C&aacute;c nh&agrave; &#273;&oacute;ng chai h&#7907;p &#273;&#7891;ng v&agrave; c&aacute;c nh&agrave; s&#7843;n xu&#7845;t &#273;&#7891; u&#7889;ng &#273;a s&#7843;n ph&#7849;m<br>\nC&aacute;c ph&ograve;ng lab, th&iacute; nghi&#7879;m<br>\nC&aacute;c c&ocirc;ng ty ph&aacute;t tri&#7875;n &#273;&#7891; u&#7889;ng m&#7899;i.<\/p><p>V&#7899;i kh&#7843; n&#259;ng &#273;o l&#432;&#7901;ng &#273;a d&#7841;ng, Alcolyzer Beer ME gi&uacute;p &#273;o ch&iacute;nh x&aacute;c n&#7891;ng &#273;&#7897; c&#7891;n c&#7911;a:<\/p><p>T&#7845;t c&#7843; c&aacute;c lo&#7841;i bia, bia ale, h&#7895;n h&#7907;p bia, alcopops, r&#432;&#7907;u t&aacute;o, m&#7853;t m&iacute;a<br>\nWhisky, cognac, brandy, vodka, gin, tequila, rum, wash, RTDs<br>\nR&#432;&#7907;u vang tr&#7855;ng, r&#432;&#7907;u vang &#273;&#7887;, r&#432;&#7907;u s&#7911;i, r&#432;&#7907;u g&#7841;o, n&#432;&#7899;c tr&aacute;i c&acirc;y l&ecirc;n men<\/p><p>Ph&#432;&#417;ng ph&aacute;p &#273;o l&#432;&#7901;ng ti&ecirc;n ti&#7871;n v&agrave; &#273;&atilde; &#273;&#432;&#7907;c c&#7845;p b&#7857;ng s&aacute;ng ch&#7871;<br>\nAlcolyzer Beer ME s&#7917; d&#7909;ng ph&#432;&#417;ng ph&aacute;p &#273;o c&#7891;n tr&#7921;c ti&#7871;p NIR &#273;&atilde; &#273;&#432;&#7907;c c&#7845;p b&#7857;ng s&aacute;ng ch&#7871; c&#7911;a H&atilde;ng Anton Paar, &#273;&#7843;m b&#7843;o &#273;&#7897; ch&iacute;nh x&aacute;c v&agrave; kh&ocirc;ng b&#7883; &#7843;nh h&#432;&#7903;ng b&#7903;i c&aacute;c th&agrave;nh ph&#7847;n kh&aacute;c trong m&#7851;u. Qu&aacute; tr&igrave;nh &#273;o l&#432;&#7901;ng b&#7855;t &#273;&#7847;u ch&#7881; v&#7899;i m&#7897;t n&uacute;t nh&#7845;n, gi&uacute;p gi&#7843;m thi&#7875;u th&#7901;i gian v&agrave; c&ocirc;ng s&#7913;c. Vi&#7879;c hi&#7879;u chu&#7849;n thi&#7871;t b&#7883; c&#361;ng r&#7845;t &#273;&#417;n gi&#7843;n, ch&#7881; c&#7847;n s&#7917; d&#7909;ng n&#432;&#7899;c v&agrave; th&#7881;nh tho&#7843;ng l&agrave; dung d&#7883;ch n&#432;&#7899;c\/ethanol.<\/p><h2 style=\"color: #2e7d32; font-weight: bold; font-size: 20px;\">Nh&#7919;ng L&#7907;i &Iacute;ch N&#7893;i B&#7853;t C&#7911;a Alcolyzer Beer ME<\/h2><p>Gi&#7843;i ph&aacute;p t&#7845;t c&#7843; trong m&#7897;t<br>\nThi&#7871;t b&#7883; Alcolyzer Beer ME gi&uacute;p b&#7841;n ti&#7871;t ki&#7879;m chi ph&iacute; v&agrave; th&#7901;i gian b&#7857;ng c&aacute;ch lo&#7841;i b&#7887; nhu c&#7847;u s&#7917; d&#7909;ng nhi&#7873;u thi&#7871;t b&#7883; &#273;o l&#432;&#7901;ng kh&aacute;c nhau.<br>\n&#272;&#7897; ch&iacute;nh x&aacute;c cao<br>\nPh&#432;&#417;ng ph&aacute;p &#273;o NIR &#273;&#7843;m b&#7843;o k&#7871;t qu&#7843; &#273;o l&#432;&#7901;ng kh&ocirc;ng b&#7883; &#7843;nh h&#432;&#7903;ng b&#7903;i c&aacute;c th&agrave;nh ph&#7847;n kh&aacute;c trong m&#7851;u, mang l&#7841;i &#273;&#7897; tin c&#7853;y cao.<\/p><p>D&#7877; d&agrave;ng s&#7917; d&#7909;ng<br>\nThi&#7871;t b&#7883; &#273;&#432;&#7907;c thi&#7871;t k&#7871; th&acirc;n thi&#7879;n v&#7899;i ng&#432;&#7901;i d&ugrave;ng, gi&uacute;p vi&#7879;c &#273;o l&#432;&#7901;ng tr&#7903; n&ecirc;n &#273;&#417;n gi&#7843;n v&agrave; nhanh ch&oacute;ng h&#417;n.<br>\nHi&#7879;u chu&#7849;n &#273;&#417;n gi&#7843;n<br>\nCh&#7881; c&#7847;n s&#7917; d&#7909;ng n&#432;&#7899;c v&agrave; th&#7881;nh tho&#7843;ng l&agrave; dung d&#7883;ch n&#432;&#7899;c\/ethanol, vi&#7879;c hi&#7879;u chu&#7849;n tr&#7903; n&ecirc;n d&#7877; d&agrave;ng v&agrave; kh&ocirc;ng m&#7845;t nhi&#7873;u th&#7901;i gian.<\/p><p>Nh&#7919;ng L&yacute; Do N&ecirc;n Mua M&aacute;y Ph&acirc;n T&iacute;ch C&#7891;n Trong Bia, R&#432;&#7907;u T&#7841;i Thi&#7871;t B&#7883; C&ocirc;ng Ngh&#7879; V&#7841;n N&#259;ng<\/p><p>C&ocirc;ng ty Thi&#7871;t B&#7883; C&ocirc;ng Ngh&#7879; V&#7841;n N&#259;ng l&agrave; &#273;&#7889;i t&aacute;c ch&iacute;nh th&#7913;c ph&acirc;n ph&#7889;i M&aacute;y Ph&acirc;n T&iacute;ch C&#7891;n Trong Bia, R&#432;&#7907;u h&agrave;ng &#273;&#7847;u t&#7841;i Vi&#7879;t Nam, cam k&#7871;t cung c&#7845;p s&#7843;n ph&#7849;m ch&iacute;nh h&atilde;ng v&#7899;i gi&aacute; c&#7843; c&#7841;nh tranh nh&#7845;t th&#7883; tr&#432;&#7901;ng. V&#7899;i uy t&iacute;n tr&ecirc;n th&#7883; tr&#432;&#7901;ng v&agrave; ch&#7871; &#273;&#7897; h&#7851;u m&atilde;i t&#7889;t, Thi&#7871;t B&#7883; C&ocirc;ng Ngh&#7879; V&#7841;n N&#259;ng &#273;&atilde; nh&#7853;n &#273;&#432;&#7907;c s&#7921; tin t&#432;&#7903;ng t&#7915; kh&aacute;ch h&agrave;ng nh&#7901; v&agrave;o ch&#7845;t l&#432;&#7907;ng h&agrave;ng &#273;&#7847;u c&#7911;a c&aacute;c d&ograve;ng s&#7843;n ph&#7849;m.<br>\nS&#7843;n ph&#7849;m c&#7911;a ch&uacute;ng t&ocirc;i &#273;&#432;&#7907;c ki&#7875;m &#273;&#7883;nh ch&#7845;t l&#432;&#7907;ng, nh&#7853;p kh&#7849;u tr&#7921;c ti&#7871;p t&#7915; nh&agrave; m&aacute;y b&ecirc;n Ch&acirc;u &Acirc;u, M&#7929;, &Uacute;c, Nh&#7853;t B&#7843;n,&hellip; v&agrave; &#273;&aacute;p &#7913;ng nhu c&#7847;u &#273;a d&#7841;ng c&#7911;a th&#7883; tr&#432;&#7901;ng nh&#432;: M&aacute;y &#272;o &#272;&#7897; C&#7913;ng, M&aacute;y SpectroMaxx, M&aacute;y Ki&#7875;m Tra &#272;&#7897; B&#7873;n S&#417;n,&hellip; Ch&uacute;ng t&ocirc;i cam k&#7871;t cung c&#7845;p s&#7843;n ph&#7849;m n&agrave;y tr&ecirc;n to&agrave;n qu&#7889;c v&#7899;i gi&aacute; c&#7843; c&#7841;nh tranh nh&#7845;t.<br>\nCh&uacute;ng t&ocirc;i c&oacute; &#273;&#7897;i ng&#361; chuy&ecirc;n vi&ecirc;n t&#432; v&#7845;n chuy&ecirc;n s&acirc;u s&#7869; h&#7895; tr&#7907; kh&aacute;ch h&agrave;ng v&#7873; chi ti&#7871;t s&#7843;n ph&#7849;m, h&#432;&#7899;ng d&#7851;n s&#7917; d&#7909;ng hay nh&#7919;ng th&#7913; li&ecirc;n quan &#273;&#7871;n v&#7845;n &#273;&#7873; m&agrave; doanh nghi&#7879;p b&#7841;n &#273;ang g&#7863;p ph&#7843;i. Ch&uacute;ng t&ocirc;i s&#7869; cung c&#7845;p nh&#7919;ng gi&#7843;i ph&aacute;p t&#7889;i &#432;u nh&#7845;t !!!<br>\nNgo&agrave;i ra V&#7841;n N&#259;ng Company lu&ocirc;n h&#432;&#7899;ng &#273;&#7871;n tr&#7843;i nghi&#7879;m kh&aacute;ch h&agrave;ng, v&igrave; v&#7853;y ch&uacute;ng t&ocirc;i c&oacute; nh&#7919;ng ch&iacute;nh s&aacute;ch b&#7843;o h&agrave;nh, b&#7843;o tr&igrave; &ndash; b&#7843;o d&#432;&#7905;ng, hi&#7879;u chu&#7849;n v&#7899;i t&#7845;t c&#7843; c&aacute;c thi&#7871;t b&#7883;, m&aacute;y m&oacute;c m&agrave; ch&uacute;ng t&ocirc;i cung c&#7845;p. &#272;&#7843;m b&#7843;o mang &#273;&#7871;n cho Kh&aacute;ch h&agrave;ng s&#7921; y&ecirc;n t&acirc;m tuy&#7879;t &#273;&#7889;i v&#7873; d&#7883;ch v&#7909; khi mua h&agrave;ng.<\/p><p>T&#7893;ng K&#7871;t<br>\nAlcolyzer Beer ME c&#7911;a Anton Paar l&agrave; c&ocirc;ng c&#7909; kh&ocirc;ng th&#7875; thi&#7871;u cho c&aacute;c nh&agrave; s&#7843;n xu&#7845;t &#273;&#7891; u&#7889;ng, ph&ograve;ng th&iacute; nghi&#7879;m ki&#7875;m tra v&agrave; c&aacute;c c&ocirc;ng ty ph&aacute;t tri&#7875;n &#273;&#7891; u&#7889;ng m&#7899;i. V&#7899;i kh&#7843; n&#259;ng &#273;o l&#432;&#7901;ng &#273;a d&#7841;ng v&agrave; &#273;&#7897; ch&iacute;nh x&aacute;c cao, Alcolyzer Beer ME mang &#273;&#7871;n gi&#7843;i ph&aacute;p to&agrave;n di&#7879;n v&agrave; hi&#7879;u qu&#7843; cho ng&agrave;nh c&ocirc;ng nghi&#7879;p &#273;&#7891; u&#7889;ng. H&atilde;y li&ecirc;n h&#7879; v&#7899;i Thi&#7871;t B&#7883; C&ocirc;ng Ngh&#7879; V&#7841;n N&#259;ng ngay &#273;&#7875; &#273;&#432;&#7907;c t&#432; v&#7845;n chuy&ecirc;n s&acirc;u v&agrave; nh&#7853;n nh&#7919;ng &#432;u &#273;&atilde;i h&#7845;p d&#7851;n nh&#7845;t th&ocirc;ng qua hotline <a href=\"https:\/\/zalo.me\/0903991335\" target=\"_blank\" rel=\"noopener\" style=\"color: #059669; font-weight: bold; text-decoration: none;\">0903 991 335<\/a> !<\/p><div style=\"background-color: #f8fafc; border: 1px solid #e2e8f0; border-radius: 8px; padding: 25px; max-width: 800px; margin: 30px auto; color: #334155; line-height: 1.8; font-size: 17px; box-shadow: 0 4px 6px -1px rgba(0,0,0,0.05); text-align: left; clear: both;\">\nC&ocirc;ng ty TNHH Th&#432;&#417;ng M&#7841;i D&#7883;ch V&#7909; Thi&#7871;t B&#7883; C&ocirc;ng Ngh&#7879; V&#7841;n N&#259;ng\n<p style=\"margin: 0 0 10px 0;\">&#128205; <strong style=\"color: #1e293b;\">&#272;&#7883;a ch&#7881;:<\/strong> <a style=\"color: #059669; text-decoration: none; font-weight: bold;\" href=\"https:\/\/www.google.com\/maps\/search\/C%C3%B4ng+ty+TNHH+Th%C6%B0%C6%A1ng+M%E1%BA%A1i+D%E1%BB%8Bch+V%E1%BB%A5+Thi%E1%BA%BFt+B%E1%BB%8B+C%C3%B4ng+Ngh%E1%BB%87+V%E1%BA%A1n+N%C4%83ng+818+Tr%C6%B0%E1%BB%9Dng+Chinh\" target=\"_blank\" rel=\"noopener\">818 Tr&#432;&#7901;ng Chinh, Ph&#432;&#7901;ng T&acirc;n S&#417;n, Th&agrave;nh ph&#7889; H&#7891; Ch&iacute; Minh, Vi&#7879;t Nam<\/a><\/p>\n<p style=\"margin: 0 0 10px 0;\">&#128222; <strong style=\"color: #1e293b;\">S&#272;T &ndash; Zalo:<\/strong> <a style=\"color: #059669; text-decoration: none; font-weight: bold;\" href=\"https:\/\/zalo.me\/0903991335\" target=\"_blank\" rel=\"noopener\">0903 991 335<\/a> <span style=\"color: #64748b; font-style: italic;\">(Ms. H&#7841;nh &ndash; Gi&aacute;m &#272;&#7889;c Kinh Doanh)<\/span><\/p>\n<p style=\"margin: 0;\">&#9993;&#65039; <strong style=\"color: #1e293b;\">Email:<\/strong> <a style=\"color: #059669; text-decoration: none; font-weight: bold;\" href=\"mailto:hienhanh@vannangvn.com\">hienhanh@vannangvn.com<\/a><\/p>\n<\/div><\/h1>","protected":false},"excerpt":{"rendered":"<p><strong>Th&#432;&#417;ng hi&#7879;u:<\/strong> Alcolyzer Beer ME &ndash; m&#7897;t thi&#7871;t b&#7883; &#273;&#7897;t ph&aacute; gi&uacute;p &#273;o l&#432;&#7901;ng n&#7891;ng &#273;&#7897; c&#7891;n trong r&#432;&#7907;u m&#7841;nh, r&#432;&#7907;u vang v&agrave; bia ch&#7881; v&#7899;i m&#7897;t m&aacute;y &#273;o duy nh&#7845;t<br>\n<strong>Model:<\/strong> Alcolyzer<p>Product <strong>M&Aacute;Y PH&Acirc;N T&Iacute;CH C&#7890;N TRONG BIA, R&#431;&#7906;U ANTON PAAR MODEL ALCOLYZER BEER ME<\/strong> ch&iacute;nh h&atilde;ng. Alcolyzer Beer ME &ndash; m&#7897;t thi&#7871;t b&#7883; &#273;&#7897;t ph&aacute; gi&uacute;p &#273;o l&#432;&#7901;ng n&#7891;ng &#273;&#7897; c&#7891;n trong r&#432;&#7907;u m&#7841;nh, r&#432;&#7907;u vang v&agrave; bia ch&#7881; v&#7899;i m&#7897;t m&aacute;y &#273;o duy nh&#7845;t<\/p><\/p>","protected":false},"featured_media":0,"comment_status":"open","ping_status":"closed","template":"","meta":[],"product_brand":[],"product_cat":[18],"product_tag":[319,349,464,465,629,1178,1394,2154,2155,2162,109,116,275],"class_list":{"0":"post-7403","1":"product","2":"type-product","3":"status-publish","5":"product_cat-chua-phan-loai","6":"product_tag-trong","7":"product_tag-con","8":"product_tag-anton","9":"product_tag-paar","10":"product_tag-tich","11":"product_tag-bia","12":"product_tag-ruou","13":"product_tag-alcolyzer","14":"product_tag-beer","15":"product_tag-me","16":"product_tag-may","17":"product_tag-model","18":"product_tag-phan","20":"first","21":"instock","22":"shipping-taxable","23":"product-type-simple"},"yoast_head":"<!-- This site is optimized with the Yoast SEO Premium plugin v24.8 (Yoast SEO v24.8) - https:\/\/yoast.com\/wordpress\/plugins\/seo\/ -->\n<title>M\u00c1Y PH\u00c2N T\u00cdCH C\u1ed2N TRONG BIA, R\u01af\u1ee2U A... ch\u00ednh h\u00e3ng | V\u1ea1n N\u0103ng<\/title>\n<meta name=\"description\" content=\"Mua ngay M\u00c1Y PH\u00c2N T\u00cdCH C\u1ed2N TRONG BIA, R\u01af\u1ee2U ANTON PAAR MODEL ALCOLYZER BEER ME ch\u00ednh h\u00e3ng. Gi\u00e1 t\u1ed1t!\" \/>\n<meta name=\"robots\" content=\"noindex, follow, max-snippet:-1, max-image-preview:large, max-video-preview:-1\" \/>\n<meta property=\"og:locale\" content=\"en_US\" \/>\n<meta property=\"og:type\" content=\"article\" \/>\n<meta property=\"og:title\" content=\"M\u00c1Y PH\u00c2N T\u00cdCH C\u1ed2N TRONG BIA, R\u01af\u1ee2U ANTON PAAR MODEL ALCOLYZER BEER ME\" \/>\n<meta property=\"og:description\" content=\"Mua ngay M\u00c1Y PH\u00c2N T\u00cdCH C\u1ed2N TRONG BIA, R\u01af\u1ee2U ANTON PAAR MODEL ALCOLYZER BEER ME ch\u00ednh h\u00e3ng. Gi\u00e1 t\u1ed1t!\" \/>\n<meta property=\"og:url\" content=\"https:\/\/vannangvn.123websitedev.com\/en\/product\/may-phan-tich-con-trong-bia-ruou-anton-paar-model-alcolyzer-beer-me\/\" \/>\n<meta property=\"og:site_name\" content=\"Vannang.vn\" \/>\n<meta property=\"article:modified_time\" content=\"2026-03-30T11:42:48+00:00\" \/>\n<meta name=\"twitter:card\" content=\"summary_large_image\" \/>\n<meta name=\"twitter:label1\" content=\"Est. reading time\" \/>\n\t<meta name=\"twitter:data1\" content=\"7 minutes\" \/>\n<script type=\"application\/ld+json\" class=\"yoast-schema-graph\">{\"@context\":\"https:\/\/schema.org\",\"@graph\":[{\"@type\":\"WebPage\",\"@id\":\"https:\/\/vannangvn.123websitedev.com\/san-pham\/may-phan-tich-con-trong-bia-ruou-anton-paar-model-alcolyzer-beer-me\/\",\"url\":\"https:\/\/vannangvn.123websitedev.com\/san-pham\/may-phan-tich-con-trong-bia-ruou-anton-paar-model-alcolyzer-beer-me\/\",\"name\":\"M\u00c1Y PH\u00c2N T\u00cdCH C\u1ed2N TRONG BIA, R\u01af\u1ee2U A... ch\u00ednh h\u00e3ng | V\u1ea1n N\u0103ng\",\"isPartOf\":{\"@id\":\"https:\/\/vannangvn.123websitedev.com\/#website\"},\"datePublished\":\"2026-03-20T11:59:52+00:00\",\"dateModified\":\"2026-03-30T11:42:48+00:00\",\"description\":\"Mua ngay M\u00c1Y PH\u00c2N T\u00cdCH C\u1ed2N TRONG BIA, R\u01af\u1ee2U ANTON PAAR MODEL ALCOLYZER BEER ME ch\u00ednh h\u00e3ng. Gi\u00e1 t\u1ed1t!\",\"breadcrumb\":{\"@id\":\"https:\/\/vannangvn.123websitedev.com\/san-pham\/may-phan-tich-con-trong-bia-ruou-anton-paar-model-alcolyzer-beer-me\/#breadcrumb\"},\"inLanguage\":\"en-US\",\"potentialAction\":[{\"@type\":\"ReadAction\",\"target\":[\"https:\/\/vannangvn.123websitedev.com\/san-pham\/may-phan-tich-con-trong-bia-ruou-anton-paar-model-alcolyzer-beer-me\/\"]}]},{\"@type\":\"BreadcrumbList\",\"@id\":\"https:\/\/vannangvn.123websitedev.com\/san-pham\/may-phan-tich-con-trong-bia-ruou-anton-paar-model-alcolyzer-beer-me\/#breadcrumb\",\"itemListElement\":[{\"@type\":\"ListItem\",\"position\":1,\"name\":\"Trang ch\u1ee7\",\"item\":\"https:\/\/vannangvn.123websitedev.com\/\"},{\"@type\":\"ListItem\",\"position\":2,\"name\":\"S\u1ea3n ph\u1ea9m\",\"item\":\"https:\/\/vannangvn.123websitedev.com\/cua-hang\/\"},{\"@type\":\"ListItem\",\"position\":3,\"name\":\"M\u00c1Y PH\u00c2N T\u00cdCH C\u1ed2N TRONG BIA, R\u01af\u1ee2U ANTON PAAR MODEL ALCOLYZER BEER ME\"}]},{\"@type\":\"WebSite\",\"@id\":\"https:\/\/vannangvn.123websitedev.com\/#website\",\"url\":\"https:\/\/vannangvn.123websitedev.com\/\",\"name\":\"Vannang.vn\",\"description\":\"\",\"publisher\":{\"@id\":\"https:\/\/vannangvn.123websitedev.com\/#organization\"},\"potentialAction\":[{\"@type\":\"SearchAction\",\"target\":{\"@type\":\"EntryPoint\",\"urlTemplate\":\"https:\/\/vannangvn.123websitedev.com\/?s={search_term_string}\"},\"query-input\":{\"@type\":\"PropertyValueSpecification\",\"valueRequired\":true,\"valueName\":\"search_term_string\"}}],\"inLanguage\":\"en-US\"},{\"@type\":\"Organization\",\"@id\":\"https:\/\/vannangvn.123websitedev.com\/#organization\",\"name\":\"Vannang.vn\",\"url\":\"https:\/\/vannangvn.123websitedev.com\/\",\"logo\":{\"@type\":\"ImageObject\",\"inLanguage\":\"en-US\",\"@id\":\"https:\/\/vannangvn.123websitedev.com\/#\/schema\/logo\/image\/\",\"url\":\"https:\/\/vannangvn.123websitedev.com\/wp-content\/uploads\/2026\/02\/logo-van-nang-02.png\",\"contentUrl\":\"https:\/\/vannangvn.123websitedev.com\/wp-content\/uploads\/2026\/02\/logo-van-nang-02.png\",\"width\":448,\"height\":111,\"caption\":\"Vannang.vn\"},\"image\":{\"@id\":\"https:\/\/vannangvn.123websitedev.com\/#\/schema\/logo\/image\/\"}}]}<\/script>\n<!-- \/ Yoast SEO Premium plugin. -->","yoast_head_json":{"title":"M\u00c1Y PH\u00c2N T\u00cdCH C\u1ed2N TRONG BIA, R\u01af\u1ee2U A... ch\u00ednh h\u00e3ng | V\u1ea1n N\u0103ng","description":"Mua ngay M\u00c1Y PH\u00c2N T\u00cdCH C\u1ed2N TRONG BIA, R\u01af\u1ee2U ANTON PAAR MODEL ALCOLYZER BEER ME ch\u00ednh h\u00e3ng. Gi\u00e1 t\u1ed1t!","robots":{"index":"noindex","follow":"follow","max-snippet":"max-snippet:-1","max-image-preview":"max-image-preview:large","max-video-preview":"max-video-preview:-1"},"og_locale":"en_US","og_type":"article","og_title":"M\u00c1Y PH\u00c2N T\u00cdCH C\u1ed2N TRONG BIA, R\u01af\u1ee2U ANTON PAAR MODEL ALCOLYZER BEER ME","og_description":"Mua ngay M\u00c1Y PH\u00c2N T\u00cdCH C\u1ed2N TRONG BIA, R\u01af\u1ee2U ANTON PAAR MODEL ALCOLYZER BEER ME ch\u00ednh h\u00e3ng. Gi\u00e1 t\u1ed1t!","og_url":"https:\/\/vannangvn.123websitedev.com\/en\/product\/may-phan-tich-con-trong-bia-ruou-anton-paar-model-alcolyzer-beer-me\/","og_site_name":"Vannang.vn","article_modified_time":"2026-03-30T11:42:48+00:00","twitter_card":"summary_large_image","twitter_misc":{"Est. reading time":"7 minutes"},"schema":{"@context":"https:\/\/schema.org","@graph":[{"@type":"WebPage","@id":"https:\/\/vannangvn.123websitedev.com\/san-pham\/may-phan-tich-con-trong-bia-ruou-anton-paar-model-alcolyzer-beer-me\/","url":"https:\/\/vannangvn.123websitedev.com\/san-pham\/may-phan-tich-con-trong-bia-ruou-anton-paar-model-alcolyzer-beer-me\/","name":"M\u00c1Y PH\u00c2N T\u00cdCH C\u1ed2N TRONG BIA, R\u01af\u1ee2U A... ch\u00ednh h\u00e3ng | V\u1ea1n N\u0103ng","isPartOf":{"@id":"https:\/\/vannangvn.123websitedev.com\/#website"},"datePublished":"2026-03-20T11:59:52+00:00","dateModified":"2026-03-30T11:42:48+00:00","description":"Mua ngay M\u00c1Y PH\u00c2N T\u00cdCH C\u1ed2N TRONG BIA, R\u01af\u1ee2U ANTON PAAR MODEL ALCOLYZER BEER ME ch\u00ednh h\u00e3ng. Gi\u00e1 t\u1ed1t!","breadcrumb":{"@id":"https:\/\/vannangvn.123websitedev.com\/san-pham\/may-phan-tich-con-trong-bia-ruou-anton-paar-model-alcolyzer-beer-me\/#breadcrumb"},"inLanguage":"en-US","potentialAction":[{"@type":"ReadAction","target":["https:\/\/vannangvn.123websitedev.com\/san-pham\/may-phan-tich-con-trong-bia-ruou-anton-paar-model-alcolyzer-beer-me\/"]}]},{"@type":"BreadcrumbList","@id":"https:\/\/vannangvn.123websitedev.com\/san-pham\/may-phan-tich-con-trong-bia-ruou-anton-paar-model-alcolyzer-beer-me\/#breadcrumb","itemListElement":[{"@type":"ListItem","position":1,"name":"Trang ch\u1ee7","item":"https:\/\/vannangvn.123websitedev.com\/"},{"@type":"ListItem","position":2,"name":"S\u1ea3n ph\u1ea9m","item":"https:\/\/vannangvn.123websitedev.com\/cua-hang\/"},{"@type":"ListItem","position":3,"name":"M\u00c1Y PH\u00c2N T\u00cdCH C\u1ed2N TRONG BIA, R\u01af\u1ee2U ANTON PAAR MODEL ALCOLYZER BEER ME"}]},{"@type":"WebSite","@id":"https:\/\/vannangvn.123websitedev.com\/#website","url":"https:\/\/vannangvn.123websitedev.com\/","name":"Vannang.vn","description":"","publisher":{"@id":"https:\/\/vannangvn.123websitedev.com\/#organization"},"potentialAction":[{"@type":"SearchAction","target":{"@type":"EntryPoint","urlTemplate":"https:\/\/vannangvn.123websitedev.com\/?s={search_term_string}"},"query-input":{"@type":"PropertyValueSpecification","valueRequired":true,"valueName":"search_term_string"}}],"inLanguage":"en-US"},{"@type":"Organization","@id":"https:\/\/vannangvn.123websitedev.com\/#organization","name":"Vannang.vn","url":"https:\/\/vannangvn.123websitedev.com\/","logo":{"@type":"ImageObject","inLanguage":"en-US","@id":"https:\/\/vannangvn.123websitedev.com\/#\/schema\/logo\/image\/","url":"https:\/\/vannangvn.123websitedev.com\/wp-content\/uploads\/2026\/02\/logo-van-nang-02.png","contentUrl":"https:\/\/vannangvn.123websitedev.com\/wp-content\/uploads\/2026\/02\/logo-van-nang-02.png","width":448,"height":111,"caption":"Vannang.vn"},"image":{"@id":"https:\/\/vannangvn.123websitedev.com\/#\/schema\/logo\/image\/"}}]}},"_links":{"self":[{"href":"https:\/\/vannangvn.123websitedev.com\/en\/wp-json\/wp\/v2\/product\/7403","targetHints":{"allow":["GET"]}}],"collection":[{"href":"https:\/\/vannangvn.123websitedev.com\/en\/wp-json\/wp\/v2\/product"}],"about":[{"href":"https:\/\/vannangvn.123websitedev.com\/en\/wp-json\/wp\/v2\/types\/product"}],"replies":[{"embeddable":true,"href":"https:\/\/vannangvn.123websitedev.com\/en\/wp-json\/wp\/v2\/comments?post=7403"}],"wp:attachment":[{"href":"https:\/\/vannangvn.123websitedev.com\/en\/wp-json\/wp\/v2\/media?parent=7403"}],"wp:term":[{"taxonomy":"product_brand","embeddable":true,"href":"https:\/\/vannangvn.123websitedev.com\/en\/wp-json\/wp\/v2\/product_brand?post=7403"},{"taxonomy":"product_cat","embeddable":true,"href":"https:\/\/vannangvn.123websitedev.com\/en\/wp-json\/wp\/v2\/product_cat?post=7403"},{"taxonomy":"product_tag","embeddable":true,"href":"https:\/\/vannangvn.123websitedev.com\/en\/wp-json\/wp\/v2\/product_tag?post=7403"}],"curies":[{"name":"wp","href":"https:\/\/api.w.org\/{rel}","templated":true}]}}