{"id":7405,"date":"2026-03-20T18:59:54","date_gmt":"2026-03-20T11:59:54","guid":{"rendered":"https:\/\/vannangvn.123websitedev.com\/san-pham\/may-phan-tich-diem-chop-chay-atac-4402\/"},"modified":"2026-03-30T18:42:50","modified_gmt":"2026-03-30T11:42:50","slug":"may-phan-tich-diem-chop-chay-atac-4402","status":"publish","type":"product","link":"https:\/\/vannangvn.123websitedev.com\/en\/product\/may-phan-tich-diem-chop-chay-atac-4402\/","title":{"rendered":"M\u00c1Y PH\u00c2N T\u00cdCH \u0110I\u1ec2M CH\u1edaP CH\u00c1Y ATAC 4402"},"content":{"rendered":"<h1 style=\"color: red; font-weight: bold; font-size: 24px;\">T&#7893;ng quan s&#7843;n ph&#7849;m M&Aacute;Y PH&Acirc;N T&Iacute;CH &#272;I&#7874;M CH&#7898;P CH&Aacute;Y ATAC 4402<p>M&aacute;y Ph&acirc;n T&iacute;ch &#272;i&#7875;m Ch&#7899;p Ch&aacute;y ATAC Model 4402 (Flash Point Analyser)<br>\nM&aacute;y ph&acirc;n t&iacute;ch &#273;i&#7875;m ch&#7899;p ch&aacute;y ATAC 4402 l&agrave; m&#7897;t thi&#7871;t b&#7883; ti&ecirc;n ti&#7871;n v&agrave; ho&agrave;n to&agrave;n t&#7921; &#273;&#7897;ng, thi&#7871;t k&#7871; &#273;&#7863;c bi&#7879;t &#273;&#7875; ph&acirc;n t&iacute;ch &#273;i&#7875;m ch&#7899;p ch&aacute;y c&#7911;a ch&#7845;t l&#7887;ng m&#7897;t c&aacute;ch ch&iacute;nh x&aacute;c v&agrave; hi&#7879;u qu&#7843;. Thi&#7871;t b&#7883; ATAC 4402 h&#7895; tr&#7907; c&aacute;c ti&ecirc;u chu&#7849;n th&#7917; nghi&#7879;m qu&#7889;c t&#7871; nh&#432; ASTM D93 v&agrave; ASTM D56, cung c&#7845;p k&#7871;t qu&#7843; &#273;&aacute;ng tin c&#7853;y v&agrave; gi&uacute;p t&#7889;i &#432;u h&oacute;a quy tr&igrave;nh l&agrave;m vi&#7879;c trong nhi&#7873;u ng&agrave;nh c&ocirc;ng nghi&#7879;p kh&aacute;c nhau. H&atilde;y c&ugrave;ng V&#7841;n N&#259;ng t&igrave;m hi&#7875;u chi ti&#7871;t h&#417;n v&#7873; s&#7843;n ph&#7849;m th&ocirc;ng qua b&agrave;i vi&#7871;t d&#432;&#7899;i &#273;&acirc;y nh&eacute;!<\/p><h2 style=\"color: #2e7d32; font-weight: bold; font-size: 20px;\">&#272;&#7863;c Tr&#432;ng N&#7893;i B&#7853;t M&aacute;y Ph&acirc;n T&iacute;ch &#272;i&#7875;m Ch&#7899;p Ch&aacute;y ATAC 4402<\/h2><p>T&#432;&#417;ng Quan V&#7899;i C&aacute;c Ti&ecirc;u Chu&#7849;n ASTM D93 v&agrave; ASTM D56<br>\nM&aacute;y ph&acirc;n t&iacute;ch ATAC 4402 &#273;&#432;&#7907;c thi&#7871;t k&#7871; &#273;&#7875; t&#432;&#417;ng quan ho&agrave;n h&#7843;o v&#7899;i c&aacute;c ph&#432;&#417;ng ph&aacute;p th&#7917; nghi&#7879;m &#273;i&#7875;m ch&#7899;p ch&aacute;y theo ti&ecirc;u chu&#7849;n ASTM D93 v&agrave; ASTM D56. &#272;i&#7873;u n&agrave;y &#273;&#7843;m b&#7843;o r&#7857;ng c&aacute;c k&#7871;t qu&#7843; ph&acirc;n t&iacute;ch kh&ocirc;ng ch&#7881; ch&iacute;nh x&aacute;c m&agrave; c&ograve;n &#273;&aacute;p &#7913;ng &#273;&#7847;y &#273;&#7911; c&aacute;c y&ecirc;u c&#7847;u c&#7911;a c&aacute;c ti&ecirc;u chu&#7849;n qu&#7889;c t&#7871;.<br>\nKh&#7843; N&#259;ng L&#7863;p L&#7841;i V&#432;&#7907;t Tr&#7897;i<br>\nV&#7899;i kh&#7843; n&#259;ng l&#7863;p l&#7841;i v&#432;&#7907;t qua c&aacute;c ph&#432;&#417;ng ph&aacute;p th&#7917; nghi&#7879;m truy&#7873;n th&#7889;ng, ATAC 4402 &#273;&#7843;m b&#7843;o r&#7857;ng c&aacute;c ph&eacute;p &#273;o &#273;i&#7875;m ch&#7899;p ch&aacute;y lu&ocirc;n &#7893;n &#273;&#7883;nh v&agrave; &#273;&aacute;ng tin c&#7853;y. &#272;i&#7873;u n&agrave;y c&#7921;c k&#7923; quan tr&#7885;ng trong c&aacute;c &#7913;ng d&#7909;ng y&ecirc;u c&#7847;u &#273;&#7897; ch&iacute;nh x&aacute;c cao v&agrave; s&#7921; &#273;&#7891;ng nh&#7845;t trong k&#7871;t qu&#7843;.<br>\nC&ocirc;ng Ngh&#7879; C&#7843;m Bi&#7871;n X&uacute;c T&aacute;c Ch&iacute;nh X&aacute;c<br>\nThi&#7871;t b&#7883; ph&acirc;n t&iacute;ch &#273;i&#7875;m ch&#7899;p ch&aacute;y ATAC 4402 s&#7917; d&#7909;ng c&ocirc;ng ngh&#7879; c&#7843;m bi&#7871;n x&uacute;c t&aacute;c ti&ecirc;n ti&#7871;n, gi&uacute;p n&acirc;ng cao &#273;&#7897; ch&iacute;nh x&aacute;c v&agrave; &#273;&#7897; tin c&#7853;y c&#7911;a c&aacute;c ph&eacute;p &#273;o &#273;i&#7875;m ch&#7899;p ch&aacute;y. C&ocirc;ng ngh&#7879; n&agrave;y gi&uacute;p gi&#7843;m thi&#7875;u sai s&#7889; v&agrave; &#273;&#7843;m b&#7843;o r&#7857;ng k&#7871;t qu&#7843; ph&acirc;n t&iacute;ch ph&#7843;n &aacute;nh &#273;&uacute;ng th&#7921;c t&#7871;.<br>\nPh&acirc;n T&iacute;ch Li&ecirc;n T&#7909;c v&agrave; Nhanh Ch&oacute;ng<br>\nModel ATAC 4402 cho ph&eacute;p th&#7921;c hi&#7879;n ph&acirc;n t&iacute;ch &#273;i&#7875;m ch&#7899;p ch&aacute;y m&#7897;t c&aacute;ch li&ecirc;n t&#7909;c v&agrave; nhanh ch&oacute;ng. T&iacute;nh n&#259;ng n&agrave;y gi&uacute;p t&#7889;i &#432;u h&oacute;a quy tr&igrave;nh l&agrave;m vi&#7879;c, gi&#7843;m thi&#7875;u th&#7901;i gian ch&#7901; &#273;&#7907;i v&agrave; n&acirc;ng cao hi&#7879;u qu&#7843; trong c&aacute;c quy tr&igrave;nh s&#7843;n xu&#7845;t v&agrave; ki&#7875;m tra ch&#7845;t l&#432;&#7907;ng.<br>\nT&#7871; B&agrave;o Th&eacute;p Kh&ocirc;ng G&#7881; Ch&#7845;t L&#432;&#7907;ng Cao<br>\nThi&#7871;t b&#7883; 4402 ATAC &#273;&#432;&#7907;c trang b&#7883; t&#7871; b&agrave;o th&eacute;p kh&ocirc;ng g&#7881; c&oacute; kh&#7843; n&#259;ng ch&#7883;u &#273;&#432;&#7907;c nhi&#7879;t &#273;&#7897; v&agrave; &aacute;p su&#7845;t cao c&#7911;a d&ograve;ng qu&aacute; tr&igrave;nh. &#272;i&#7873;u n&agrave;y kh&ocirc;ng ch&#7881; &#273;&#7843;m b&#7843;o &#273;&#7897; b&#7873;n c&#7911;a thi&#7871;t b&#7883; m&agrave; c&ograve;n gi&uacute;p duy tr&igrave; hi&#7879;u su&#7845;t &#7893;n &#273;&#7883;nh trong c&aacute;c &#273;i&#7873;u ki&#7879;n l&agrave;m vi&#7879;c kh&#7855;c nghi&#7879;t.<br>\nC&#417; S&#7903; X&aacute;c Nh&#7853;n Nhanh<br>\nModel ATAC 4402 &#273;i k&egrave;m v&#7899;i c&#417; s&#7903; x&aacute;c nh&#7853;n nhanh ch&oacute;ng, cho ph&eacute;p ki&#7875;m tra v&agrave; &#273;&#7843;m b&#7843;o ho&#7841;t &#273;&#7897;ng c&#7911;a m&aacute;y m&#7897;t c&aacute;ch &#273;&#417;n gi&#7843;n v&agrave; hi&#7879;u qu&#7843;. T&iacute;nh n&#259;ng n&agrave;y gi&uacute;p ng&#432;&#7901;i d&ugrave;ng d&#7877; d&agrave;ng duy tr&igrave; v&agrave; ki&#7875;m so&aacute;t t&igrave;nh tr&#7841;ng ho&#7841;t &#273;&#7897;ng c&#7911;a thi&#7871;t b&#7883;.<br>\nC&ocirc;ng Ngh&#7879; S&#7907;i Quang C&#7843;i Thi&#7879;n &#272;&#7897; Ch&iacute;nh X&aacute;c<br>\nC&ocirc;ng ngh&#7879; s&#7907;i quang &#273;&#432;&#7907;c t&iacute;ch h&#7907;p trong ATAC 4402 gi&uacute;p n&acirc;ng cao &#273;&#7897; ch&iacute;nh x&aacute;c c&#7911;a c&aacute;c ph&eacute;p &#273;o b&#7857;ng c&aacute;ch gi&#7843;m thi&#7875;u &#7843;nh h&#432;&#7903;ng c&#7911;a &#273;&#7897; m&#7901; v&agrave; c&aacute;c y&#7871;u t&#7889; m&ocirc;i tr&#432;&#7901;ng kh&aacute;c.<br>\nC&agrave;i &#272;&#7863;t &#272;&#417;n Gi&#7843;n, Kh&ocirc;ng C&#7847;n B&#7897; &#272;i&#7873;u Khi&#7875;n Khu V&#7921;c An To&agrave;n<br>\nThi&#7871;t b&#7883; c&oacute; thi&#7871;t k&#7871; c&agrave;i &#273;&#7863;t &#273;&#417;n gi&#7843;n, kh&ocirc;ng y&ecirc;u c&#7847;u b&#7897; &#273;i&#7873;u khi&#7875;n khu v&#7921;c an to&agrave;n ri&ecirc;ng bi&#7879;t. &#272;i&#7873;u n&agrave;y gi&uacute;p gi&#7843;m chi ph&iacute; v&agrave; ti&#7871;t ki&#7879;m kh&ocirc;ng gian l&#7855;p &#273;&#7863;t, &#273;&#7891;ng th&#7901;i gi&#7843;m b&#7899;t c&aacute;c y&ecirc;u c&#7847;u v&#7873; b&#7843;o tr&igrave; v&agrave; qu&#7843;n l&yacute;.<br>\nCh&#7913;ng Nh&#7853;n ATEX Cho Khu V&#7921;c Nguy Hi&#7875;m<br>\nATAC 4402 Flash Point Analyser &#273;&#432;&#7907;c ch&#7913;ng nh&#7853;n ATEX, cho ph&eacute;p l&#7855;p &#273;&#7863;t trong c&aacute;c khu v&#7921;c nguy hi&#7875;m m&agrave; kh&ocirc;ng l&agrave;m gi&#7843;m hi&#7879;u su&#7845;t c&#7911;a thi&#7871;t b&#7883;. &#272;i&#7873;u n&agrave;y gi&uacute;p b&#7843;o &#273;&#7843;m s&#7921; an to&agrave;n trong c&aacute;c m&ocirc;i tr&#432;&#7901;ng l&agrave;m vi&#7879;c &#273;&#7863;c th&ugrave;.<\/p><p>&#7912;ng D&#7909;ng Th&#7921;c T&#7871; M&aacute;y Ph&acirc;n T&iacute;ch &#272;i&#7875;m Ch&#7899;p Ch&aacute;y ATAC 4402<br>\nM&aacute;y ph&acirc;n t&iacute;ch &#273;i&#7875;m ch&#7899;p ch&aacute;y 4402 ATAC l&agrave; gi&#7843;i ph&aacute;p l&yacute; t&#432;&#7903;ng cho nhi&#7873;u &#7913;ng d&#7909;ng c&ocirc;ng nghi&#7879;p kh&aacute;c nhau, bao g&#7891;m:<\/p><p>Gi&aacute;m S&aacute;t &#272;&#432;&#7901;ng &#7888;ng: Thi&#7871;t b&#7883; 4402 gi&uacute;p &#273;&#7843;m b&#7843;o ch&#7845;t l&#432;&#7907;ng v&agrave; an to&agrave;n c&#7911;a ch&#7845;t l&#7887;ng trong c&aacute;c h&#7879; th&#7889;ng &#273;&#432;&#7901;ng &#7889;ng, &#273;&#7863;c bi&#7879;t trong c&aacute;c ng&agrave;nh c&ocirc;ng nghi&#7879;p nh&#432; h&oacute;a ch&#7845;t, d&#432;&#7907;c ph&#7849;m, v&agrave; th&#7921;c ph&#7849;m.<br>\nNg&agrave;nh D&#7847;u Kh&iacute; N&#7863;ng v&agrave; D&#7847;u Nhi&ecirc;n Li&#7879;u: M&aacute;y ph&acirc;n t&iacute;ch 4402 ATAC cung c&#7845;p c&aacute;c ph&acirc;n t&iacute;ch ch&iacute;nh x&aacute;c cho c&aacute;c th&agrave;nh ph&#7847;n pha tr&#7897;n v&agrave; th&agrave;nh ph&#7849;m, gi&uacute;p ki&#7875;m so&aacute;t ch&#7845;t l&#432;&#7907;ng v&agrave; tu&acirc;n th&#7911; c&aacute;c y&ecirc;u c&#7847;u ti&ecirc;u chu&#7849;n nghi&ecirc;m ng&#7863;t trong ng&agrave;nh d&#7847;u kh&iacute; v&agrave; nhi&ecirc;n li&#7879;u.<br>\nD&#7847;u B&ocirc;i Tr&#417;n: Thi&#7871;t b&#7883; gi&uacute;p &#273;&#7843;m b&#7843;o ch&#7845;t l&#432;&#7907;ng c&#7911;a d&#7847;u b&ocirc;i tr&#417;n trong c&aacute;c &#7913;ng d&#7909;ng c&ocirc;ng nghi&#7879;p, n&acirc;ng cao hi&#7879;u su&#7845;t v&agrave; tu&#7893;i th&#7885; c&#7911;a thi&#7871;t b&#7883; m&aacute;y m&oacute;c, &#273;&#7891;ng th&#7901;i gi&#7843;m thi&#7875;u s&#7921; c&#7889; v&agrave; h&#432; h&#7887;ng.<\/p><p>Nh&#7919;ng L&yacute; Do N&ecirc;n Mua M&aacute;y Ph&acirc;n T&iacute;ch &#272;i&#7875;m Ch&#7899;p Ch&aacute;y T&#7841;i Thi&#7871;t B&#7883; C&ocirc;ng Ngh&#7879; V&#7841;n N&#259;ng<\/p><p>C&ocirc;ng ty Thi&#7871;t B&#7883; C&ocirc;ng Ngh&#7879; V&#7841;n N&#259;ng l&agrave; &#273;&#7889;i t&aacute;c ch&iacute;nh th&#7913;c ph&acirc;n ph&#7889;i M&aacute;y Ph&acirc;n T&iacute;ch &#272;i&#7875;m Ch&#7899;p Ch&aacute;y h&agrave;ng &#273;&#7847;u t&#7841;i Vi&#7879;t Nam, cam k&#7871;t cung c&#7845;p s&#7843;n ph&#7849;m ch&iacute;nh h&atilde;ng v&#7899;i gi&aacute; c&#7843; c&#7841;nh tranh nh&#7845;t th&#7883; tr&#432;&#7901;ng. V&#7899;i uy t&iacute;n tr&ecirc;n th&#7883; tr&#432;&#7901;ng v&agrave; ch&#7871; &#273;&#7897; h&#7851;u m&atilde;i t&#7889;t, V&#7841;n N&#259;ng &#273;&atilde; nh&#7853;n &#273;&#432;&#7907;c s&#7921; tin t&#432;&#7903;ng t&#7915; kh&aacute;ch h&agrave;ng nh&#7901; v&agrave;o ch&#7845;t l&#432;&#7907;ng h&agrave;ng &#273;&#7847;u c&#7911;a c&aacute;c d&ograve;ng s&#7843;n ph&#7849;m.<br>\nS&#7843;n ph&#7849;m c&#7911;a ch&uacute;ng t&ocirc;i &#273;&#432;&#7907;c ki&#7875;m &#273;&#7883;nh ch&#7845;t l&#432;&#7907;ng, nh&#7853;p kh&#7849;u tr&#7921;c ti&#7871;p t&#7915; nh&agrave; m&aacute;y b&ecirc;n Ch&acirc;u &Acirc;u, M&#7929;, &Uacute;c, Nh&#7853;t B&#7843;n,&hellip; v&agrave; &#273;&aacute;p &#7913;ng nhu c&#7847;u &#273;a d&#7841;ng c&#7911;a th&#7883; tr&#432;&#7901;ng nh&#432;: M&aacute;y &#272;o &#272;&#7897; C&#7913;ng, M&aacute;y SpectroMaxx, M&aacute;y Ki&#7875;m Tra &#272;&#432;&#7901;ng Gh&eacute;p M&iacute; Lon,&hellip; Ch&uacute;ng t&ocirc;i cam k&#7871;t cung c&#7845;p s&#7843;n ph&#7849;m n&agrave;y tr&ecirc;n to&agrave;n qu&#7889;c v&#7899;i gi&aacute; c&#7843; c&#7841;nh tranh nh&#7845;t.<br>\nCh&uacute;ng t&ocirc;i c&oacute; &#273;&#7897;i ng&#361; chuy&ecirc;n vi&ecirc;n t&#432; v&#7845;n chuy&ecirc;n s&acirc;u s&#7869; h&#7895; tr&#7907; kh&aacute;ch h&agrave;ng v&#7873; chi ti&#7871;t s&#7843;n ph&#7849;m, h&#432;&#7899;ng d&#7851;n s&#7917; d&#7909;ng hay nh&#7919;ng th&#7913; li&ecirc;n quan &#273;&#7871;n v&#7845;n &#273;&#7873; m&agrave; doanh nghi&#7879;p b&#7841;n &#273;ang g&#7863;p ph&#7843;i. Ch&uacute;ng t&ocirc;i s&#7869; cung c&#7845;p nh&#7919;ng gi&#7843;i ph&aacute;p t&#7889;i &#432;u nh&#7845;t !!!<br>\nNgo&agrave;i ra V&#7841;n N&#259;ng Company lu&ocirc;n h&#432;&#7899;ng &#273;&#7871;n tr&#7843;i nghi&#7879;m kh&aacute;ch h&agrave;ng, v&igrave; v&#7853;y ch&uacute;ng t&ocirc;i c&oacute; nh&#7919;ng ch&iacute;nh s&aacute;ch b&#7843;o h&agrave;nh, b&#7843;o tr&igrave; &ndash; b&#7843;o d&#432;&#7905;ng, hi&#7879;u chu&#7849;n v&#7899;i t&#7845;t c&#7843; c&aacute;c thi&#7871;t b&#7883;, m&aacute;y m&oacute;c m&agrave; ch&uacute;ng t&ocirc;i cung c&#7845;p. &#272;&#7843;m b&#7843;o mang &#273;&#7871;n cho Kh&aacute;ch h&agrave;ng s&#7921; y&ecirc;n t&acirc;m tuy&#7879;t &#273;&#7889;i v&#7873; d&#7883;ch v&#7909; khi mua h&agrave;ng.<\/p><p>T&#7893;ng K&#7871;t<br>\nM&aacute;y ph&acirc;n t&iacute;ch &#273;i&#7875;m ch&#7899;p ch&aacute;y ATAC 4402 l&agrave; m&#7897;t thi&#7871;t b&#7883; kh&ocirc;ng th&#7875; thi&#7871;u trong c&aacute;c quy tr&igrave;nh &#273;o l&#432;&#7901;ng v&agrave; ki&#7875;m so&aacute;t ch&#7845;t l&#432;&#7907;ng trong nhi&#7873;u ng&agrave;nh c&ocirc;ng nghi&#7879;p. V&#7899;i c&aacute;c t&iacute;nh n&#259;ng n&#7893;i b&#7853;t nh&#432; &#273;&#7897; ch&iacute;nh x&aacute;c cao, kh&#7843; n&#259;ng l&#7863;p l&#7841;i v&#432;&#7907;t tr&#7897;i, v&agrave; ch&#7913;ng nh&#7853;n ATEX, ATAC 4402 Flash Point Analyser kh&ocirc;ng ch&#7881; &#273;&aacute;p &#7913;ng m&agrave; c&ograve;n v&#432;&#7907;t qua c&aacute;c y&ecirc;u c&#7847;u c&#7911;a c&aacute;c ti&ecirc;u chu&#7849;n th&#7917; nghi&#7879;m qu&#7889;c t&#7871;. H&atilde;y li&ecirc;n h&#7879; v&#7899;i V&#7841;n N&#259;ng Company ngay &#273;&#7875; &#273;&#432;&#7907;c t&#432; v&#7845;n chuy&ecirc;n s&acirc;u v&agrave; nh&#7853;n c&aacute;c &#432;u &#273;&atilde;i h&#7845;p d&#7851;n nh&#7845;t th&ocirc;ng qua hotline\/zalo: <a href=\"https:\/\/zalo.me\/0903991335\" target=\"_blank\" rel=\"noopener\" style=\"color: #059669; font-weight: bold; text-decoration: none;\">0903 991 335<\/a>!<\/p><div style=\"background-color: #f8fafc; border: 1px solid #e2e8f0; border-radius: 8px; padding: 25px; max-width: 800px; margin: 30px auto; color: #334155; line-height: 1.8; font-size: 17px; box-shadow: 0 4px 6px -1px rgba(0,0,0,0.05); text-align: left; clear: both;\">\nC&ocirc;ng ty TNHH Th&#432;&#417;ng M&#7841;i D&#7883;ch V&#7909; Thi&#7871;t B&#7883; C&ocirc;ng Ngh&#7879; V&#7841;n N&#259;ng\n<p style=\"margin: 0 0 10px 0;\">&#128205; <strong style=\"color: #1e293b;\">&#272;&#7883;a ch&#7881;:<\/strong> <a style=\"color: #059669; text-decoration: none; font-weight: bold;\" href=\"https:\/\/www.google.com\/maps\/search\/C%C3%B4ng+ty+TNHH+Th%C6%B0%C6%A1ng+M%E1%BA%A1i+D%E1%BB%8Bch+V%E1%BB%A5+Thi%E1%BA%BFt+B%E1%BB%8B+C%C3%B4ng+Ngh%E1%BB%87+V%E1%BA%A1n+N%C4%83ng+818+Tr%C6%B0%E1%BB%9Dng+Chinh\" target=\"_blank\" rel=\"noopener\">818 Tr&#432;&#7901;ng Chinh, Ph&#432;&#7901;ng T&acirc;n S&#417;n, Th&agrave;nh ph&#7889; H&#7891; Ch&iacute; Minh, Vi&#7879;t Nam<\/a><\/p>\n<p style=\"margin: 0 0 10px 0;\">&#128222; <strong style=\"color: #1e293b;\">S&#272;T &ndash; Zalo:<\/strong> <a style=\"color: #059669; text-decoration: none; font-weight: bold;\" href=\"https:\/\/zalo.me\/0903991335\" target=\"_blank\" rel=\"noopener\">0903 991 335<\/a> <span style=\"color: #64748b; font-style: italic;\">(Ms. H&#7841;nh &ndash; Gi&aacute;m &#272;&#7889;c Kinh Doanh)<\/span><\/p>\n<p style=\"margin: 0;\">&#9993;&#65039; <strong style=\"color: #1e293b;\">Email:<\/strong> <a style=\"color: #059669; text-decoration: none; font-weight: bold;\" href=\"mailto:hienhanh@vannangvn.com\">hienhanh@vannangvn.com<\/a><\/p>\n<\/div><\/h1>","protected":false},"excerpt":{"rendered":"<p><strong>Th&#432;&#417;ng hi&#7879;u:<\/strong> OEM<br>\n<strong>Model:<\/strong> 4402<p>Product <strong>M&Aacute;Y PH&Acirc;N T&Iacute;CH &#272;I&#7874;M CH&#7898;P CH&Aacute;Y ATAC 4402<\/strong> ch&iacute;nh h&atilde;ng. <\/p><\/p>","protected":false},"featured_media":0,"comment_status":"open","ping_status":"closed","template":"","meta":[],"product_brand":[],"product_cat":[18],"product_tag":[109,275,351,629,1418,1420,1425,2707],"class_list":{"0":"post-7405","1":"product","2":"type-product","3":"status-publish","5":"product_cat-chua-phan-loai","6":"product_tag-may","7":"product_tag-phan","8":"product_tag-chay","9":"product_tag-tich","10":"product_tag-diem","11":"product_tag-chop","12":"product_tag-atac","13":"product_tag-2707","15":"first","16":"instock","17":"shipping-taxable","18":"product-type-simple"},"yoast_head":"<!-- This site is optimized with the Yoast SEO Premium plugin v24.8 (Yoast SEO v24.8) - https:\/\/yoast.com\/wordpress\/plugins\/seo\/ -->\n<title>M\u00c1Y PH\u00c2N T\u00cdCH \u0110I\u1ec2M CH\u1edaP CH\u00c1Y ATAC 4402 ch\u00ednh h\u00e3ng | V\u1ea1n N\u0103ng<\/title>\n<meta name=\"description\" content=\"Mua ngay M\u00c1Y PH\u00c2N T\u00cdCH \u0110I\u1ec2M CH\u1edaP CH\u00c1Y ATAC 4402 ch\u00ednh h\u00e3ng. Gi\u00e1 t\u1ed1t!\" \/>\n<meta name=\"robots\" content=\"noindex, follow, max-snippet:-1, max-image-preview:large, max-video-preview:-1\" \/>\n<meta property=\"og:locale\" content=\"en_US\" \/>\n<meta property=\"og:type\" content=\"article\" \/>\n<meta property=\"og:title\" content=\"M\u00c1Y PH\u00c2N T\u00cdCH \u0110I\u1ec2M CH\u1edaP CH\u00c1Y ATAC 4402\" \/>\n<meta property=\"og:description\" content=\"Mua ngay M\u00c1Y PH\u00c2N T\u00cdCH \u0110I\u1ec2M CH\u1edaP CH\u00c1Y ATAC 4402 ch\u00ednh h\u00e3ng. Gi\u00e1 t\u1ed1t!\" \/>\n<meta property=\"og:url\" content=\"https:\/\/vannangvn.123websitedev.com\/en\/product\/may-phan-tich-diem-chop-chay-atac-4402\/\" \/>\n<meta property=\"og:site_name\" content=\"Vannang.vn\" \/>\n<meta property=\"article:modified_time\" content=\"2026-03-30T11:42:50+00:00\" \/>\n<meta name=\"twitter:card\" content=\"summary_large_image\" \/>\n<meta name=\"twitter:label1\" content=\"Est. reading time\" \/>\n\t<meta name=\"twitter:data1\" content=\"10 minutes\" \/>\n<script type=\"application\/ld+json\" class=\"yoast-schema-graph\">{\"@context\":\"https:\/\/schema.org\",\"@graph\":[{\"@type\":\"WebPage\",\"@id\":\"https:\/\/vannangvn.123websitedev.com\/san-pham\/may-phan-tich-diem-chop-chay-atac-4402\/\",\"url\":\"https:\/\/vannangvn.123websitedev.com\/san-pham\/may-phan-tich-diem-chop-chay-atac-4402\/\",\"name\":\"M\u00c1Y PH\u00c2N T\u00cdCH \u0110I\u1ec2M CH\u1edaP CH\u00c1Y ATAC 4402 ch\u00ednh h\u00e3ng | V\u1ea1n N\u0103ng\",\"isPartOf\":{\"@id\":\"https:\/\/vannangvn.123websitedev.com\/#website\"},\"datePublished\":\"2026-03-20T11:59:54+00:00\",\"dateModified\":\"2026-03-30T11:42:50+00:00\",\"description\":\"Mua ngay M\u00c1Y PH\u00c2N T\u00cdCH \u0110I\u1ec2M CH\u1edaP CH\u00c1Y ATAC 4402 ch\u00ednh h\u00e3ng. Gi\u00e1 t\u1ed1t!\",\"breadcrumb\":{\"@id\":\"https:\/\/vannangvn.123websitedev.com\/san-pham\/may-phan-tich-diem-chop-chay-atac-4402\/#breadcrumb\"},\"inLanguage\":\"en-US\",\"potentialAction\":[{\"@type\":\"ReadAction\",\"target\":[\"https:\/\/vannangvn.123websitedev.com\/san-pham\/may-phan-tich-diem-chop-chay-atac-4402\/\"]}]},{\"@type\":\"BreadcrumbList\",\"@id\":\"https:\/\/vannangvn.123websitedev.com\/san-pham\/may-phan-tich-diem-chop-chay-atac-4402\/#breadcrumb\",\"itemListElement\":[{\"@type\":\"ListItem\",\"position\":1,\"name\":\"Trang ch\u1ee7\",\"item\":\"https:\/\/vannangvn.123websitedev.com\/\"},{\"@type\":\"ListItem\",\"position\":2,\"name\":\"S\u1ea3n ph\u1ea9m\",\"item\":\"https:\/\/vannangvn.123websitedev.com\/cua-hang\/\"},{\"@type\":\"ListItem\",\"position\":3,\"name\":\"M\u00c1Y PH\u00c2N T\u00cdCH \u0110I\u1ec2M CH\u1edaP CH\u00c1Y ATAC 4402\"}]},{\"@type\":\"WebSite\",\"@id\":\"https:\/\/vannangvn.123websitedev.com\/#website\",\"url\":\"https:\/\/vannangvn.123websitedev.com\/\",\"name\":\"Vannang.vn\",\"description\":\"\",\"publisher\":{\"@id\":\"https:\/\/vannangvn.123websitedev.com\/#organization\"},\"potentialAction\":[{\"@type\":\"SearchAction\",\"target\":{\"@type\":\"EntryPoint\",\"urlTemplate\":\"https:\/\/vannangvn.123websitedev.com\/?s={search_term_string}\"},\"query-input\":{\"@type\":\"PropertyValueSpecification\",\"valueRequired\":true,\"valueName\":\"search_term_string\"}}],\"inLanguage\":\"en-US\"},{\"@type\":\"Organization\",\"@id\":\"https:\/\/vannangvn.123websitedev.com\/#organization\",\"name\":\"Vannang.vn\",\"url\":\"https:\/\/vannangvn.123websitedev.com\/\",\"logo\":{\"@type\":\"ImageObject\",\"inLanguage\":\"en-US\",\"@id\":\"https:\/\/vannangvn.123websitedev.com\/#\/schema\/logo\/image\/\",\"url\":\"https:\/\/vannangvn.123websitedev.com\/wp-content\/uploads\/2026\/02\/logo-van-nang-02.png\",\"contentUrl\":\"https:\/\/vannangvn.123websitedev.com\/wp-content\/uploads\/2026\/02\/logo-van-nang-02.png\",\"width\":448,\"height\":111,\"caption\":\"Vannang.vn\"},\"image\":{\"@id\":\"https:\/\/vannangvn.123websitedev.com\/#\/schema\/logo\/image\/\"}}]}<\/script>\n<!-- \/ Yoast SEO Premium plugin. -->","yoast_head_json":{"title":"M\u00c1Y PH\u00c2N T\u00cdCH \u0110I\u1ec2M CH\u1edaP CH\u00c1Y ATAC 4402 ch\u00ednh h\u00e3ng | V\u1ea1n N\u0103ng","description":"Mua ngay M\u00c1Y PH\u00c2N T\u00cdCH \u0110I\u1ec2M CH\u1edaP CH\u00c1Y ATAC 4402 ch\u00ednh h\u00e3ng. Gi\u00e1 t\u1ed1t!","robots":{"index":"noindex","follow":"follow","max-snippet":"max-snippet:-1","max-image-preview":"max-image-preview:large","max-video-preview":"max-video-preview:-1"},"og_locale":"en_US","og_type":"article","og_title":"M\u00c1Y PH\u00c2N T\u00cdCH \u0110I\u1ec2M CH\u1edaP CH\u00c1Y ATAC 4402","og_description":"Mua ngay M\u00c1Y PH\u00c2N T\u00cdCH \u0110I\u1ec2M CH\u1edaP CH\u00c1Y ATAC 4402 ch\u00ednh h\u00e3ng. Gi\u00e1 t\u1ed1t!","og_url":"https:\/\/vannangvn.123websitedev.com\/en\/product\/may-phan-tich-diem-chop-chay-atac-4402\/","og_site_name":"Vannang.vn","article_modified_time":"2026-03-30T11:42:50+00:00","twitter_card":"summary_large_image","twitter_misc":{"Est. reading time":"10 minutes"},"schema":{"@context":"https:\/\/schema.org","@graph":[{"@type":"WebPage","@id":"https:\/\/vannangvn.123websitedev.com\/san-pham\/may-phan-tich-diem-chop-chay-atac-4402\/","url":"https:\/\/vannangvn.123websitedev.com\/san-pham\/may-phan-tich-diem-chop-chay-atac-4402\/","name":"M\u00c1Y PH\u00c2N T\u00cdCH \u0110I\u1ec2M CH\u1edaP CH\u00c1Y ATAC 4402 ch\u00ednh h\u00e3ng | V\u1ea1n N\u0103ng","isPartOf":{"@id":"https:\/\/vannangvn.123websitedev.com\/#website"},"datePublished":"2026-03-20T11:59:54+00:00","dateModified":"2026-03-30T11:42:50+00:00","description":"Mua ngay M\u00c1Y PH\u00c2N T\u00cdCH \u0110I\u1ec2M CH\u1edaP CH\u00c1Y ATAC 4402 ch\u00ednh h\u00e3ng. Gi\u00e1 t\u1ed1t!","breadcrumb":{"@id":"https:\/\/vannangvn.123websitedev.com\/san-pham\/may-phan-tich-diem-chop-chay-atac-4402\/#breadcrumb"},"inLanguage":"en-US","potentialAction":[{"@type":"ReadAction","target":["https:\/\/vannangvn.123websitedev.com\/san-pham\/may-phan-tich-diem-chop-chay-atac-4402\/"]}]},{"@type":"BreadcrumbList","@id":"https:\/\/vannangvn.123websitedev.com\/san-pham\/may-phan-tich-diem-chop-chay-atac-4402\/#breadcrumb","itemListElement":[{"@type":"ListItem","position":1,"name":"Trang ch\u1ee7","item":"https:\/\/vannangvn.123websitedev.com\/"},{"@type":"ListItem","position":2,"name":"S\u1ea3n ph\u1ea9m","item":"https:\/\/vannangvn.123websitedev.com\/cua-hang\/"},{"@type":"ListItem","position":3,"name":"M\u00c1Y PH\u00c2N T\u00cdCH \u0110I\u1ec2M CH\u1edaP CH\u00c1Y ATAC 4402"}]},{"@type":"WebSite","@id":"https:\/\/vannangvn.123websitedev.com\/#website","url":"https:\/\/vannangvn.123websitedev.com\/","name":"Vannang.vn","description":"","publisher":{"@id":"https:\/\/vannangvn.123websitedev.com\/#organization"},"potentialAction":[{"@type":"SearchAction","target":{"@type":"EntryPoint","urlTemplate":"https:\/\/vannangvn.123websitedev.com\/?s={search_term_string}"},"query-input":{"@type":"PropertyValueSpecification","valueRequired":true,"valueName":"search_term_string"}}],"inLanguage":"en-US"},{"@type":"Organization","@id":"https:\/\/vannangvn.123websitedev.com\/#organization","name":"Vannang.vn","url":"https:\/\/vannangvn.123websitedev.com\/","logo":{"@type":"ImageObject","inLanguage":"en-US","@id":"https:\/\/vannangvn.123websitedev.com\/#\/schema\/logo\/image\/","url":"https:\/\/vannangvn.123websitedev.com\/wp-content\/uploads\/2026\/02\/logo-van-nang-02.png","contentUrl":"https:\/\/vannangvn.123websitedev.com\/wp-content\/uploads\/2026\/02\/logo-van-nang-02.png","width":448,"height":111,"caption":"Vannang.vn"},"image":{"@id":"https:\/\/vannangvn.123websitedev.com\/#\/schema\/logo\/image\/"}}]}},"_links":{"self":[{"href":"https:\/\/vannangvn.123websitedev.com\/en\/wp-json\/wp\/v2\/product\/7405","targetHints":{"allow":["GET"]}}],"collection":[{"href":"https:\/\/vannangvn.123websitedev.com\/en\/wp-json\/wp\/v2\/product"}],"about":[{"href":"https:\/\/vannangvn.123websitedev.com\/en\/wp-json\/wp\/v2\/types\/product"}],"replies":[{"embeddable":true,"href":"https:\/\/vannangvn.123websitedev.com\/en\/wp-json\/wp\/v2\/comments?post=7405"}],"wp:attachment":[{"href":"https:\/\/vannangvn.123websitedev.com\/en\/wp-json\/wp\/v2\/media?parent=7405"}],"wp:term":[{"taxonomy":"product_brand","embeddable":true,"href":"https:\/\/vannangvn.123websitedev.com\/en\/wp-json\/wp\/v2\/product_brand?post=7405"},{"taxonomy":"product_cat","embeddable":true,"href":"https:\/\/vannangvn.123websitedev.com\/en\/wp-json\/wp\/v2\/product_cat?post=7405"},{"taxonomy":"product_tag","embeddable":true,"href":"https:\/\/vannangvn.123websitedev.com\/en\/wp-json\/wp\/v2\/product_tag?post=7405"}],"curies":[{"name":"wp","href":"https:\/\/api.w.org\/{rel}","templated":true}]}}