{"id":7445,"date":"2026-03-20T19:00:47","date_gmt":"2026-03-20T12:00:47","guid":{"rendered":"https:\/\/vannangvn.123websitedev.com\/san-pham\/may-phan-tich-khi-co2-pce-instruments-model-pce-wmm-50\/"},"modified":"2026-03-30T18:43:44","modified_gmt":"2026-03-30T11:43:44","slug":"may-phan-tich-khi-co2-pce-instruments-model-pce-wmm-50","status":"publish","type":"product","link":"https:\/\/vannangvn.123websitedev.com\/en\/product\/may-phan-tich-khi-co2-pce-instruments-model-pce-wmm-50\/","title":{"rendered":"M\u00c1Y PH\u00c2N T\u00cdCH KH\u00cd CO2 PCE INSTRUMENTS MODEL PCE-WMM 50"},"content":{"rendered":"<h1 style=\"color: red; font-weight: bold; font-size: 24px;\">T&#7893;ng quan s&#7843;n ph&#7849;m M&Aacute;Y PH&Acirc;N T&Iacute;CH KH&Iacute; CO2 PCE INSTRUMENTS MODEL PCE-WMM 50<p>M&aacute;y Ph&acirc;n T&iacute;ch Kh&iacute; CO2 (CO2 Analyzer) PCE Instruments Model PCE-WMM 50<br>\nM&aacute;y Ph&acirc;n T&iacute;ch Kh&iacute; CO2 PCE-WMM 50 l&agrave; gi&#7843;i ph&aacute;p l&yacute; t&#432;&#7903;ng &#273;&#7875; gi&aacute;m s&aacute;t ch&#7845;t l&#432;&#7907;ng kh&ocirc;ng kh&iacute; trong nh&agrave;, gi&uacute;p &#273;o n&#7891;ng &#273;&#7897; kh&iacute; CO2 v&agrave; nhi&#7879;t &#273;&#7897; m&ocirc;i tr&#432;&#7901;ng m&#7897;t c&aacute;ch hi&#7879;u qu&#7843;. V&#7899;i thi&#7871;t k&#7871; l&#7855;p &#273;&#7863;t tr&ecirc;n t&#432;&#7901;ng v&agrave; c&#417; ch&#7871; khu&#7871;ch t&aacute;n kh&iacute;, thi&#7871;t b&#7883; n&agrave;y &#273;&#7843;m b&#7843;o kh&#7843; n&#259;ng gi&aacute;m s&aacute;t li&ecirc;n t&#7909;c, g&oacute;p ph&#7847;n b&#7843;o v&#7879; s&#7913;c kh&#7887;e ng&#432;&#7901;i lao &#273;&#7897;ng v&agrave; c&#7843;i thi&#7879;n ch&#7845;t l&#432;&#7907;ng kh&ocirc;ng kh&iacute;. H&atilde;y c&ugrave;ng V&#7841;n N&#259;ng t&igrave;m hi&#7875;u chi ti&#7871;t h&#417;n v&#7873; s&#7843;n ph&#7849;m th&ocirc;ng qua b&agrave;i vi&#7871;t d&#432;&#7899;i &#273;&acirc;y!<\/p><h2 style=\"color: #2e7d32; font-weight: bold; font-size: 20px;\">&#272;&#7863;c &#272;i&#7875;m N&#7893;i B&#7853;t C&#7911;a PCE-WMM 50<\/h2><p>D&#7843;i &#273;o n&#7891;ng &#273;&#7897; CO2: 0 &hellip; 50.000 ppm<br>\nD&#7843;i &#273;o nhi&#7879;t &#273;&#7897;: 0 &hellip; +45 &ordm;C ho&#7863;c +32 &hellip; +113 &ordm;F<br>\nCh&#7881; s&#7889; b&#7843;o v&#7879; IP54: T&#259;ng c&#432;&#7901;ng &#273;&#7897; b&#7873;n cho c&#7843; b&#7897; c&#7843;m bi&#7871;n v&agrave; b&#7897; hi&#7875;n th&#7883; t&#7915; xa.<br>\nNg&#432;&#7905;ng c&#7843;nh b&aacute;o &#273;i&#7873;u ch&#7881;nh &#273;&#432;&#7907;c: H&#7895; tr&#7907; &#273;&#7863;t hai m&#7913;c c&#7843;nh b&aacute;o t&ugrave;y ch&#7881;nh ph&ugrave; h&#7907;p v&#7899;i y&ecirc;u c&#7847;u s&#7917; d&#7909;ng.<br>\nT&iacute;ch h&#7907;p c&ocirc;ng t&#7855;c kh&ocirc;ng ti&#7873;m n&#259;ng k&iacute;ch ho&#7841;t qu&#7841;t: M&aacute;y D&ograve; Kh&iacute; CO2 PCE-WMM 50 t&#7921; &#273;&#7897;ng gi&#7843;m n&#7891;ng &#273;&#7897; CO2 trong ph&ograve;ng khi &#273;&#7841;t ng&#432;&#7905;ng nguy hi&#7875;m.<br>\nM&agrave;n h&igrave;nh hi&#7875;n th&#7883; t&#7915; xa: Hi&#7875;n th&#7883; 3 &#273;&#7871;n 4 ch&#7919; s&#7889; t&ugrave;y thu&#7897;c v&agrave;o d&#7843;i &#273;o.<br>\nT&iacute;n hi&#7879;u c&#7843;nh b&aacute;o &#273;a d&#7841;ng: Bao g&#7891;m c&#7843;nh b&aacute;o &acirc;m thanh v&agrave; &#273;&egrave;n t&iacute;n hi&#7879;u, &#273;&#7843;m b&#7843;o ng&#432;&#7901;i d&ugrave;ng nh&#7853;n bi&#7871;t nhanh ch&oacute;ng.<\/p><p>&#431;u &#272;i&#7875;m V&#432;&#7907;t Tr&#7897;i C&#7911;a M&aacute;y PCE-WMM 50<\/p><p>B&#7843;o v&#7879; s&#7913;c kh&#7887;e: M&aacute;y PCE-WMM 50 gi&uacute;p nh&#7853;n di&#7879;n nhanh n&#7891;ng &#273;&#7897; kh&iacute; CO2 trong m&ocirc;i tr&#432;&#7901;ng, m&#7897;t lo&#7841;i kh&iacute; kh&ocirc;ng m&agrave;u, kh&ocirc;ng m&ugrave;i nh&#432;ng ti&#7873;m &#7849;n nguy c&#417; g&acirc;y h&#7841;i cao, &#273;&#7863;c bi&#7879;t trong c&aacute;c ng&agrave;nh c&ocirc;ng nghi&#7879;p th&#7921;c ph&#7849;m, kim lo&#7841;i, h&oacute;a ch&#7845;t v&agrave; qu&#7843;n l&yacute; ch&#7845;t th&#7843;i.<br>\nThi&#7871;t k&#7871; an to&agrave;n: B&#7897; c&#7843;m bi&#7871;n v&agrave; b&#7897; hi&#7875;n th&#7883; t&#7915; xa cho ph&eacute;p ng&#432;&#7901;i d&ugrave;ng gi&aacute;m s&aacute;t n&#7891;ng &#273;&#7897; kh&iacute; t&#7915; v&#7883; tr&iacute; an to&agrave;n b&ecirc;n ngo&agrave;i khu v&#7921;c nguy c&#417;.<br>\n&#7912;ng d&#7909;ng linh ho&#7841;t: Nh&#7901; c&ocirc;ng t&#7855;c kh&ocirc;ng ti&#7873;m n&#259;ng k&iacute;ch ho&#7841;t qu&#7841;t, PCE WMM50 c&oacute; th&#7875; &#273;i&#7873;u ch&#7881;nh ch&#7845;t l&#432;&#7907;ng kh&ocirc;ng kh&iacute; m&#7897;t c&aacute;ch ch&#7911; &#273;&#7897;ng, ph&ugrave; h&#7907;p cho v&#259;n ph&ograve;ng, nh&agrave; m&aacute;y v&agrave; c&aacute;c kh&ocirc;ng gian k&iacute;n.<br>\n&#272;&#7897; b&#7873;n cao: V&#7887; b&#7885;c &#273;&#7841;t chu&#7849;n IP54 gi&uacute;p b&#7843;o v&#7879; thi&#7871;t b&#7883; kh&#7887;i b&#7909;i v&agrave; n&#432;&#7899;c, &#273;&#7843;m b&#7843;o ho&#7841;t &#273;&#7897;ng &#7893;n &#273;&#7883;nh trong c&aacute;c &#273;i&#7873;u ki&#7879;n m&ocirc;i tr&#432;&#7901;ng kh&aacute;c nhau.<\/p><p>&#7912;ng D&#7909;ng Th&#7921;c Ti&#7877;n C&#7911;a M&aacute;y PCE-WMM 50<br>\nThi&#7871;t B&#7883; Ph&acirc;n T&iacute;ch Kh&iacute; CO2 PCE-WMM 50 &#273;&#432;&#7907;c s&#7917; d&#7909;ng r&#7897;ng r&atilde;i trong nhi&#7873;u l&#297;nh v&#7921;c nh&#432;:<\/p><p>Ng&agrave;nh th&#7921;c ph&#7849;m: Gi&aacute;m s&aacute;t n&#7891;ng &#273;&#7897; kh&iacute; CO2 trong kho l&#7841;nh v&agrave; ph&ograve;ng ch&#7871; bi&#7871;n th&#7921;c ph&#7849;m.<br>\nNg&agrave;nh qu&#7843;n l&yacute; ch&#7845;t th&#7843;i: &#272;&#7843;m b&#7843;o kh&ocirc;ng gian l&agrave;m vi&#7879;c an to&agrave;n t&#7841;i c&aacute;c c&#417; s&#7903; x&#7917; l&yacute; r&aacute;c th&#7843;i.<br>\nNg&agrave;nh h&oacute;a ch&#7845;t v&agrave; kim lo&#7841;i: Theo d&otilde;i kh&iacute; CO2 t&#7841;i c&aacute;c nh&agrave; m&aacute;y v&agrave; khu v&#7921;c s&#7843;n xu&#7845;t.<br>\nV&#259;n ph&ograve;ng v&agrave; kh&ocirc;ng gian l&agrave;m vi&#7879;c k&iacute;n: C&#7843;i thi&#7879;n ch&#7845;t l&#432;&#7907;ng kh&ocirc;ng kh&iacute;, &#273;&#7843;m b&#7843;o s&#7913;c kh&#7887;e cho nh&acirc;n vi&ecirc;n.<\/p><p>Nh&#7919;ng L&yacute; Do N&ecirc;n Mua M&aacute;y Ph&acirc;n T&iacute;ch Kh&iacute; CO2 T&#7841;i V&#7841;n N&#259;ng<\/p><p>C&ocirc;ng ty Thi&#7871;t B&#7883; C&ocirc;ng Ngh&#7879; V&#7841;n N&#259;ng l&agrave; &#273;&#7889;i t&aacute;c ch&iacute;nh th&#7913;c ph&acirc;n ph&#7889;i M&aacute;y Ph&acirc;n T&iacute;ch Kh&iacute; CO2 h&agrave;ng &#273;&#7847;u t&#7841;i Vi&#7879;t Nam, cam k&#7871;t cung c&#7845;p s&#7843;n ph&#7849;m ch&iacute;nh h&atilde;ng v&#7899;i gi&aacute; c&#7843; c&#7841;nh tranh nh&#7845;t th&#7883; tr&#432;&#7901;ng. V&#7899;i uy t&iacute;n tr&ecirc;n th&#7883; tr&#432;&#7901;ng v&agrave; ch&#7871; &#273;&#7897; h&#7851;u m&atilde;i t&#7889;t, Thi&#7871;t B&#7883; C&ocirc;ng Ngh&#7879; V&#7841;n N&#259;ng &#273;&atilde; nh&#7853;n &#273;&#432;&#7907;c s&#7921; tin t&#432;&#7903;ng t&#7915; kh&aacute;ch h&agrave;ng nh&#7901; v&agrave;o ch&#7845;t l&#432;&#7907;ng h&agrave;ng &#273;&#7847;u c&#7911;a c&aacute;c d&ograve;ng s&#7843;n ph&#7849;m.<br>\nS&#7843;n ph&#7849;m c&#7911;a ch&uacute;ng t&ocirc;i &#273;&#432;&#7907;c ki&#7875;m &#273;&#7883;nh ch&#7845;t l&#432;&#7907;ng, nh&#7853;p kh&#7849;u tr&#7921;c ti&#7871;p t&#7915; nh&agrave; m&aacute;y b&ecirc;n Ch&acirc;u &Acirc;u, M&#7929;, &Uacute;c, Nh&#7853;t B&#7843;n,&hellip; v&agrave; &#273;&aacute;p &#7913;ng nhu c&#7847;u &#273;a d&#7841;ng c&#7911;a th&#7883; tr&#432;&#7901;ng nh&#432;: M&aacute;y &#272;o &#272;&#7897; C&#7913;ng, M&aacute;y SPECTROMAXx, M&aacute;y Ki&#7875;m Tra &#272;&#432;&#7901;ng Gh&eacute;p M&iacute; Lon,&hellip; Ch&uacute;ng t&ocirc;i cam k&#7871;t cung c&#7845;p s&#7843;n ph&#7849;m n&agrave;y tr&ecirc;n to&agrave;n qu&#7889;c v&#7899;i gi&aacute; c&#7843; c&#7841;nh tranh nh&#7845;t.<br>\nCh&uacute;ng t&ocirc;i c&oacute; &#273;&#7897;i ng&#361; chuy&ecirc;n vi&ecirc;n t&#432; v&#7845;n chuy&ecirc;n s&acirc;u s&#7869; h&#7895; tr&#7907; kh&aacute;ch h&agrave;ng v&#7873; chi ti&#7871;t s&#7843;n ph&#7849;m, h&#432;&#7899;ng d&#7851;n s&#7917; d&#7909;ng hay nh&#7919;ng th&#7913; li&ecirc;n quan &#273;&#7871;n v&#7845;n &#273;&#7873; m&agrave; doanh nghi&#7879;p b&#7841;n &#273;ang g&#7863;p ph&#7843;i. Ch&uacute;ng t&ocirc;i s&#7869; cung c&#7845;p nh&#7919;ng gi&#7843;i ph&aacute;p t&#7889;i &#432;u nh&#7845;t!<br>\nNgo&agrave;i ra Thi&#7871;t B&#7883; C&ocirc;ng Ngh&#7879; V&#7841;n N&#259;ng Ch&uacute;ng T&ocirc;i lu&ocirc;n h&#432;&#7899;ng &#273;&#7871;n tr&#7843;i nghi&#7879;m kh&aacute;ch h&agrave;ng, v&igrave; v&#7853;y ch&uacute;ng t&ocirc;i c&oacute; nh&#7919;ng ch&iacute;nh s&aacute;ch b&#7843;o h&agrave;nh, b&#7843;o tr&igrave; &ndash; b&#7843;o d&#432;&#7905;ng, hi&#7879;u chu&#7849;n v&#7899;i t&#7845;t c&#7843; c&aacute;c thi&#7871;t b&#7883;, m&aacute;y m&oacute;c m&agrave; ch&uacute;ng t&ocirc;i cung c&#7845;p. &#272;&#7843;m b&#7843;o mang &#273;&#7871;n cho Kh&aacute;ch h&agrave;ng s&#7921; y&ecirc;n t&acirc;m tuy&#7879;t &#273;&#7889;i v&#7873; d&#7883;ch v&#7909; khi mua h&agrave;ng.<\/p><p>T&#7893;ng K&#7871;t<br>\nV&#7899;i t&iacute;nh n&#259;ng v&#432;&#7907;t tr&#7897;i, PCE-WMM 50 l&agrave; gi&#7843;i ph&aacute;p t&#7889;i &#432;u &#273;&#7875; &#273;&#7843;m b&#7843;o an to&agrave;n s&#7913;c kh&#7887;e v&agrave; duy tr&igrave; ch&#7845;t l&#432;&#7907;ng kh&ocirc;ng kh&iacute; cho m&ocirc;i tr&#432;&#7901;ng l&agrave;m vi&#7879;c. H&atilde;y li&ecirc;n h&#7879; v&#7899;i V&#7841;n N&#259;ng Company &#273;&#7875; &#273;&#432;&#7907;c t&#432; v&#7845;n chi ti&#7871;t v&agrave; nh&#7853;n ngay &#432;u &#273;&atilde;i h&#7845;p d&#7851;n th&ocirc;ng qua hotline\/zalo: <a href=\"https:\/\/zalo.me\/0903991335\" target=\"_blank\" rel=\"noopener\" style=\"color: #059669; font-weight: bold; text-decoration: none;\">0903 991 335<\/a>!<\/p><div style=\"background-color: #f8fafc; border: 1px solid #e2e8f0; border-radius: 8px; padding: 25px; max-width: 800px; margin: 30px auto; color: #334155; line-height: 1.8; font-size: 17px; box-shadow: 0 4px 6px -1px rgba(0,0,0,0.05); text-align: left; clear: both;\">\nC&ocirc;ng ty TNHH Th&#432;&#417;ng M&#7841;i D&#7883;ch V&#7909; Thi&#7871;t B&#7883; C&ocirc;ng Ngh&#7879; V&#7841;n N&#259;ng\n<p style=\"margin: 0 0 10px 0;\">&#128205; <strong style=\"color: #1e293b;\">&#272;&#7883;a ch&#7881;:<\/strong> <a style=\"color: #059669; text-decoration: none; font-weight: bold;\" href=\"https:\/\/www.google.com\/maps\/search\/C%C3%B4ng+ty+TNHH+Th%C6%B0%C6%A1ng+M%E1%BA%A1i+D%E1%BB%8Bch+V%E1%BB%A5+Thi%E1%BA%BFt+B%E1%BB%8B+C%C3%B4ng+Ngh%E1%BB%87+V%E1%BA%A1n+N%C4%83ng+818+Tr%C6%B0%E1%BB%9Dng+Chinh\" target=\"_blank\" rel=\"noopener\">818 Tr&#432;&#7901;ng Chinh, Ph&#432;&#7901;ng T&acirc;n S&#417;n, Th&agrave;nh ph&#7889; H&#7891; Ch&iacute; Minh, Vi&#7879;t Nam<\/a><\/p>\n<p style=\"margin: 0 0 10px 0;\">&#128222; <strong style=\"color: #1e293b;\">S&#272;T &ndash; Zalo:<\/strong> <a style=\"color: #059669; text-decoration: none; font-weight: bold;\" href=\"https:\/\/zalo.me\/0903991335\" target=\"_blank\" rel=\"noopener\">0903 991 335<\/a> <span style=\"color: #64748b; font-style: italic;\">(Ms. H&#7841;nh &ndash; Gi&aacute;m &#272;&#7889;c Kinh Doanh)<\/span><\/p>\n<p style=\"margin: 0;\">&#9993;&#65039; <strong style=\"color: #1e293b;\">Email:<\/strong> <a style=\"color: #059669; text-decoration: none; font-weight: bold;\" href=\"mailto:hienhanh@vannangvn.com\">hienhanh@vannangvn.com<\/a><\/p>\n<\/div><\/h1>","protected":false},"excerpt":{"rendered":"<p><strong>Th&#432;&#417;ng hi&#7879;u:<\/strong> M&aacute;y Ph&acirc;n T&iacute;ch Kh&iacute; CO2 PCE-WMM 50 l&agrave; gi&#7843;i ph&aacute;p l&yacute; t&#432;&#7903;ng &#273;&#7875; gi&aacute;m s&aacute;t ch&#7845;t l&#432;&#7907;ng kh&ocirc;ng kh&iacute; trong nh&agrave;, gi&uacute;p &#273;o n&#7891;ng &#273;&#7897; kh&iacute; CO2 v&agrave; nhi&#7879;t &#273;&#7897; m&ocirc;i tr&#432;&#7901;ng m&#7897;t c&aacute;ch hi&#7879;u qu&#7843;. V&#7899;i thi&#7871;t k&#7871; l&#7855;p &#273;&#7863;t tr&ecirc;n t&#432;&#7901;ng v&agrave; c&#417; ch&#7871; khu&#7871;ch t&aacute;n kh&iacute;, thi&#7871;t b&#7883; n&agrave;y &#273;&#7843;m b&#7843;o kh&#7843; n&#259;ng gi&aacute;m s&aacute;t li&ecirc;n t&#7909;c, g&oacute;p ph&#7847;n b&#7843;o v&#7879; s&#7913;c kh&#7887;e ng&#432;&#7901;i lao &#273;&#7897;ng v&agrave; c&#7843;i thi&#7879;n ch&#7845;t l&#432;&#7907;ng kh&ocirc;ng kh&iacute;.<br>\n<strong>Model:<\/strong> PCE-WMM 50<p>Product <strong>M&Aacute;Y PH&Acirc;N T&Iacute;CH KH&Iacute; CO2 PCE INSTRUMENTS MODEL PCE-WMM 50<\/strong> ch&iacute;nh h&atilde;ng. M&aacute;y Ph&acirc;n T&iacute;ch Kh&iacute; CO2 PCE-WMM 50 l&agrave; gi&#7843;i ph&aacute;p l&yacute; t&#432;&#7903;ng &#273;&#7875; gi&aacute;m s&aacute;t ch&#7845;t l&#432;&#7907;ng kh&ocirc;ng kh&iacute; trong nh&agrave;, gi&uacute;p &#273;o n&#7891;ng &#273;&#7897; kh&iacute; CO2 v&agrave; nhi&#7879;t &#273;&#7897; m&ocirc;i tr&#432;&#7901;ng m&#7897;t c&aacute;ch hi&#7879;u qu&#7843;. V&#7899;i thi&#7871;t k&#7871; l&#7855;p &#273;&#7863;t tr&ecirc;n t&#432;&#7901;ng v&agrave; c&#417; ch&#7871; khu&#7871;ch t&aacute;n kh&iacute;, thi&#7871;t b&#7883; n&agrave;y &#273;&#7843;m b&#7843;o kh&#7843; n&#259;ng gi&aacute;m s&aacute;t li&ecirc;n t&#7909;c, g&oacute;p ph&#7847;n b&#7843;o v&#7879; s&#7913;c kh&#7887;e ng&#432;&#7901;i lao &#273;&#7897;ng v&agrave; c&#7843;i thi&#7879;n ch&#7845;t l&#432;&#7907;ng kh&ocirc;ng kh&iacute;.<\/p><\/p>","protected":false},"featured_media":10488,"comment_status":"open","ping_status":"closed","template":"","meta":[],"product_brand":[],"product_cat":[18],"product_tag":[361,581,629,915,1358,2752,109,116,275,346],"class_list":{"0":"post-7445","1":"product","2":"type-product","3":"status-publish","4":"has-post-thumbnail","6":"product_cat-chua-phan-loai","7":"product_tag-khi","8":"product_tag-instruments","9":"product_tag-tich","10":"product_tag-915","11":"product_tag-co2","12":"product_tag-pce-wmm","13":"product_tag-may","14":"product_tag-model","15":"product_tag-phan","16":"product_tag-pce","18":"first","19":"instock","20":"shipping-taxable","21":"product-type-simple"},"yoast_head":"<!-- This site is optimized with the Yoast SEO Premium plugin v24.8 (Yoast SEO v24.8) - https:\/\/yoast.com\/wordpress\/plugins\/seo\/ -->\n<title>M\u00c1Y PH\u00c2N T\u00cdCH KH\u00cd CO2 PCE INSTRUMEN... ch\u00ednh h\u00e3ng | V\u1ea1n N\u0103ng<\/title>\n<meta name=\"description\" content=\"Mua ngay M\u00c1Y PH\u00c2N T\u00cdCH KH\u00cd CO2 PCE INSTRUMENTS MODEL PCE-WMM 50 ch\u00ednh h\u00e3ng. Gi\u00e1 t\u1ed1t!\" \/>\n<meta name=\"robots\" content=\"noindex, follow, max-snippet:-1, max-image-preview:large, max-video-preview:-1\" \/>\n<meta property=\"og:locale\" content=\"en_US\" \/>\n<meta property=\"og:type\" content=\"article\" \/>\n<meta property=\"og:title\" content=\"M\u00c1Y PH\u00c2N T\u00cdCH KH\u00cd CO2 PCE INSTRUMENTS MODEL PCE-WMM 50\" \/>\n<meta property=\"og:description\" content=\"Mua ngay M\u00c1Y PH\u00c2N T\u00cdCH KH\u00cd CO2 PCE INSTRUMENTS MODEL PCE-WMM 50 ch\u00ednh h\u00e3ng. Gi\u00e1 t\u1ed1t!\" \/>\n<meta property=\"og:url\" content=\"https:\/\/vannangvn.123websitedev.com\/en\/product\/may-phan-tich-khi-co2-pce-instruments-model-pce-wmm-50\/\" \/>\n<meta property=\"og:site_name\" content=\"Vannang.vn\" \/>\n<meta property=\"article:modified_time\" content=\"2026-03-30T11:43:44+00:00\" \/>\n<meta property=\"og:image\" content=\"http:\/\/vannangvn.123websitedev.com\/wp-content\/uploads\/2026\/03\/PCE-WMM-50-NO.1-copy.jpg\" \/>\n\t<meta property=\"og:image:width\" content=\"768\" \/>\n\t<meta property=\"og:image:height\" content=\"576\" \/>\n\t<meta property=\"og:image:type\" content=\"image\/jpeg\" \/>\n<meta name=\"twitter:card\" content=\"summary_large_image\" \/>\n<meta name=\"twitter:label1\" content=\"Est. reading time\" \/>\n\t<meta name=\"twitter:data1\" content=\"7 minutes\" \/>\n<script type=\"application\/ld+json\" class=\"yoast-schema-graph\">{\"@context\":\"https:\/\/schema.org\",\"@graph\":[{\"@type\":\"WebPage\",\"@id\":\"https:\/\/vannangvn.123websitedev.com\/san-pham\/may-phan-tich-khi-co2-pce-instruments-model-pce-wmm-50\/\",\"url\":\"https:\/\/vannangvn.123websitedev.com\/san-pham\/may-phan-tich-khi-co2-pce-instruments-model-pce-wmm-50\/\",\"name\":\"M\u00c1Y PH\u00c2N T\u00cdCH KH\u00cd CO2 PCE INSTRUMEN... ch\u00ednh h\u00e3ng | V\u1ea1n N\u0103ng\",\"isPartOf\":{\"@id\":\"https:\/\/vannangvn.123websitedev.com\/#website\"},\"primaryImageOfPage\":{\"@id\":\"https:\/\/vannangvn.123websitedev.com\/san-pham\/may-phan-tich-khi-co2-pce-instruments-model-pce-wmm-50\/#primaryimage\"},\"image\":{\"@id\":\"https:\/\/vannangvn.123websitedev.com\/san-pham\/may-phan-tich-khi-co2-pce-instruments-model-pce-wmm-50\/#primaryimage\"},\"thumbnailUrl\":\"https:\/\/vannangvn.123websitedev.com\/wp-content\/uploads\/2026\/03\/PCE-WMM-50-NO.1-copy.jpg\",\"datePublished\":\"2026-03-20T12:00:47+00:00\",\"dateModified\":\"2026-03-30T11:43:44+00:00\",\"description\":\"Mua ngay M\u00c1Y PH\u00c2N T\u00cdCH KH\u00cd CO2 PCE INSTRUMENTS MODEL PCE-WMM 50 ch\u00ednh h\u00e3ng. Gi\u00e1 t\u1ed1t!\",\"breadcrumb\":{\"@id\":\"https:\/\/vannangvn.123websitedev.com\/san-pham\/may-phan-tich-khi-co2-pce-instruments-model-pce-wmm-50\/#breadcrumb\"},\"inLanguage\":\"en-US\",\"potentialAction\":[{\"@type\":\"ReadAction\",\"target\":[\"https:\/\/vannangvn.123websitedev.com\/san-pham\/may-phan-tich-khi-co2-pce-instruments-model-pce-wmm-50\/\"]}]},{\"@type\":\"ImageObject\",\"inLanguage\":\"en-US\",\"@id\":\"https:\/\/vannangvn.123websitedev.com\/san-pham\/may-phan-tich-khi-co2-pce-instruments-model-pce-wmm-50\/#primaryimage\",\"url\":\"https:\/\/vannangvn.123websitedev.com\/wp-content\/uploads\/2026\/03\/PCE-WMM-50-NO.1-copy.jpg\",\"contentUrl\":\"https:\/\/vannangvn.123websitedev.com\/wp-content\/uploads\/2026\/03\/PCE-WMM-50-NO.1-copy.jpg\",\"width\":768,\"height\":576},{\"@type\":\"BreadcrumbList\",\"@id\":\"https:\/\/vannangvn.123websitedev.com\/san-pham\/may-phan-tich-khi-co2-pce-instruments-model-pce-wmm-50\/#breadcrumb\",\"itemListElement\":[{\"@type\":\"ListItem\",\"position\":1,\"name\":\"Trang ch\u1ee7\",\"item\":\"https:\/\/vannangvn.123websitedev.com\/\"},{\"@type\":\"ListItem\",\"position\":2,\"name\":\"S\u1ea3n ph\u1ea9m\",\"item\":\"https:\/\/vannangvn.123websitedev.com\/cua-hang\/\"},{\"@type\":\"ListItem\",\"position\":3,\"name\":\"M\u00c1Y PH\u00c2N T\u00cdCH KH\u00cd CO2 PCE INSTRUMENTS MODEL PCE-WMM 50\"}]},{\"@type\":\"WebSite\",\"@id\":\"https:\/\/vannangvn.123websitedev.com\/#website\",\"url\":\"https:\/\/vannangvn.123websitedev.com\/\",\"name\":\"Vannang.vn\",\"description\":\"\",\"publisher\":{\"@id\":\"https:\/\/vannangvn.123websitedev.com\/#organization\"},\"potentialAction\":[{\"@type\":\"SearchAction\",\"target\":{\"@type\":\"EntryPoint\",\"urlTemplate\":\"https:\/\/vannangvn.123websitedev.com\/?s={search_term_string}\"},\"query-input\":{\"@type\":\"PropertyValueSpecification\",\"valueRequired\":true,\"valueName\":\"search_term_string\"}}],\"inLanguage\":\"en-US\"},{\"@type\":\"Organization\",\"@id\":\"https:\/\/vannangvn.123websitedev.com\/#organization\",\"name\":\"Vannang.vn\",\"url\":\"https:\/\/vannangvn.123websitedev.com\/\",\"logo\":{\"@type\":\"ImageObject\",\"inLanguage\":\"en-US\",\"@id\":\"https:\/\/vannangvn.123websitedev.com\/#\/schema\/logo\/image\/\",\"url\":\"https:\/\/vannangvn.123websitedev.com\/wp-content\/uploads\/2026\/02\/logo-van-nang-02.png\",\"contentUrl\":\"https:\/\/vannangvn.123websitedev.com\/wp-content\/uploads\/2026\/02\/logo-van-nang-02.png\",\"width\":448,\"height\":111,\"caption\":\"Vannang.vn\"},\"image\":{\"@id\":\"https:\/\/vannangvn.123websitedev.com\/#\/schema\/logo\/image\/\"}}]}<\/script>\n<!-- \/ Yoast SEO Premium plugin. -->","yoast_head_json":{"title":"M\u00c1Y PH\u00c2N T\u00cdCH KH\u00cd CO2 PCE INSTRUMEN... ch\u00ednh h\u00e3ng | V\u1ea1n N\u0103ng","description":"Mua ngay M\u00c1Y PH\u00c2N T\u00cdCH KH\u00cd CO2 PCE INSTRUMENTS MODEL PCE-WMM 50 ch\u00ednh h\u00e3ng. Gi\u00e1 t\u1ed1t!","robots":{"index":"noindex","follow":"follow","max-snippet":"max-snippet:-1","max-image-preview":"max-image-preview:large","max-video-preview":"max-video-preview:-1"},"og_locale":"en_US","og_type":"article","og_title":"M\u00c1Y PH\u00c2N T\u00cdCH KH\u00cd CO2 PCE INSTRUMENTS MODEL PCE-WMM 50","og_description":"Mua ngay M\u00c1Y PH\u00c2N T\u00cdCH KH\u00cd CO2 PCE INSTRUMENTS MODEL PCE-WMM 50 ch\u00ednh h\u00e3ng. Gi\u00e1 t\u1ed1t!","og_url":"https:\/\/vannangvn.123websitedev.com\/en\/product\/may-phan-tich-khi-co2-pce-instruments-model-pce-wmm-50\/","og_site_name":"Vannang.vn","article_modified_time":"2026-03-30T11:43:44+00:00","og_image":[{"width":768,"height":576,"url":"http:\/\/vannangvn.123websitedev.com\/wp-content\/uploads\/2026\/03\/PCE-WMM-50-NO.1-copy.jpg","type":"image\/jpeg"}],"twitter_card":"summary_large_image","twitter_misc":{"Est. reading time":"7 minutes"},"schema":{"@context":"https:\/\/schema.org","@graph":[{"@type":"WebPage","@id":"https:\/\/vannangvn.123websitedev.com\/san-pham\/may-phan-tich-khi-co2-pce-instruments-model-pce-wmm-50\/","url":"https:\/\/vannangvn.123websitedev.com\/san-pham\/may-phan-tich-khi-co2-pce-instruments-model-pce-wmm-50\/","name":"M\u00c1Y PH\u00c2N T\u00cdCH KH\u00cd CO2 PCE INSTRUMEN... ch\u00ednh h\u00e3ng | V\u1ea1n N\u0103ng","isPartOf":{"@id":"https:\/\/vannangvn.123websitedev.com\/#website"},"primaryImageOfPage":{"@id":"https:\/\/vannangvn.123websitedev.com\/san-pham\/may-phan-tich-khi-co2-pce-instruments-model-pce-wmm-50\/#primaryimage"},"image":{"@id":"https:\/\/vannangvn.123websitedev.com\/san-pham\/may-phan-tich-khi-co2-pce-instruments-model-pce-wmm-50\/#primaryimage"},"thumbnailUrl":"https:\/\/vannangvn.123websitedev.com\/wp-content\/uploads\/2026\/03\/PCE-WMM-50-NO.1-copy.jpg","datePublished":"2026-03-20T12:00:47+00:00","dateModified":"2026-03-30T11:43:44+00:00","description":"Mua ngay M\u00c1Y PH\u00c2N T\u00cdCH KH\u00cd CO2 PCE INSTRUMENTS MODEL PCE-WMM 50 ch\u00ednh h\u00e3ng. Gi\u00e1 t\u1ed1t!","breadcrumb":{"@id":"https:\/\/vannangvn.123websitedev.com\/san-pham\/may-phan-tich-khi-co2-pce-instruments-model-pce-wmm-50\/#breadcrumb"},"inLanguage":"en-US","potentialAction":[{"@type":"ReadAction","target":["https:\/\/vannangvn.123websitedev.com\/san-pham\/may-phan-tich-khi-co2-pce-instruments-model-pce-wmm-50\/"]}]},{"@type":"ImageObject","inLanguage":"en-US","@id":"https:\/\/vannangvn.123websitedev.com\/san-pham\/may-phan-tich-khi-co2-pce-instruments-model-pce-wmm-50\/#primaryimage","url":"https:\/\/vannangvn.123websitedev.com\/wp-content\/uploads\/2026\/03\/PCE-WMM-50-NO.1-copy.jpg","contentUrl":"https:\/\/vannangvn.123websitedev.com\/wp-content\/uploads\/2026\/03\/PCE-WMM-50-NO.1-copy.jpg","width":768,"height":576},{"@type":"BreadcrumbList","@id":"https:\/\/vannangvn.123websitedev.com\/san-pham\/may-phan-tich-khi-co2-pce-instruments-model-pce-wmm-50\/#breadcrumb","itemListElement":[{"@type":"ListItem","position":1,"name":"Trang ch\u1ee7","item":"https:\/\/vannangvn.123websitedev.com\/"},{"@type":"ListItem","position":2,"name":"S\u1ea3n ph\u1ea9m","item":"https:\/\/vannangvn.123websitedev.com\/cua-hang\/"},{"@type":"ListItem","position":3,"name":"M\u00c1Y PH\u00c2N T\u00cdCH KH\u00cd CO2 PCE INSTRUMENTS MODEL PCE-WMM 50"}]},{"@type":"WebSite","@id":"https:\/\/vannangvn.123websitedev.com\/#website","url":"https:\/\/vannangvn.123websitedev.com\/","name":"Vannang.vn","description":"","publisher":{"@id":"https:\/\/vannangvn.123websitedev.com\/#organization"},"potentialAction":[{"@type":"SearchAction","target":{"@type":"EntryPoint","urlTemplate":"https:\/\/vannangvn.123websitedev.com\/?s={search_term_string}"},"query-input":{"@type":"PropertyValueSpecification","valueRequired":true,"valueName":"search_term_string"}}],"inLanguage":"en-US"},{"@type":"Organization","@id":"https:\/\/vannangvn.123websitedev.com\/#organization","name":"Vannang.vn","url":"https:\/\/vannangvn.123websitedev.com\/","logo":{"@type":"ImageObject","inLanguage":"en-US","@id":"https:\/\/vannangvn.123websitedev.com\/#\/schema\/logo\/image\/","url":"https:\/\/vannangvn.123websitedev.com\/wp-content\/uploads\/2026\/02\/logo-van-nang-02.png","contentUrl":"https:\/\/vannangvn.123websitedev.com\/wp-content\/uploads\/2026\/02\/logo-van-nang-02.png","width":448,"height":111,"caption":"Vannang.vn"},"image":{"@id":"https:\/\/vannangvn.123websitedev.com\/#\/schema\/logo\/image\/"}}]}},"_links":{"self":[{"href":"https:\/\/vannangvn.123websitedev.com\/en\/wp-json\/wp\/v2\/product\/7445","targetHints":{"allow":["GET"]}}],"collection":[{"href":"https:\/\/vannangvn.123websitedev.com\/en\/wp-json\/wp\/v2\/product"}],"about":[{"href":"https:\/\/vannangvn.123websitedev.com\/en\/wp-json\/wp\/v2\/types\/product"}],"replies":[{"embeddable":true,"href":"https:\/\/vannangvn.123websitedev.com\/en\/wp-json\/wp\/v2\/comments?post=7445"}],"wp:featuredmedia":[{"embeddable":true,"href":"https:\/\/vannangvn.123websitedev.com\/en\/wp-json\/wp\/v2\/media\/10488"}],"wp:attachment":[{"href":"https:\/\/vannangvn.123websitedev.com\/en\/wp-json\/wp\/v2\/media?parent=7445"}],"wp:term":[{"taxonomy":"product_brand","embeddable":true,"href":"https:\/\/vannangvn.123websitedev.com\/en\/wp-json\/wp\/v2\/product_brand?post=7445"},{"taxonomy":"product_cat","embeddable":true,"href":"https:\/\/vannangvn.123websitedev.com\/en\/wp-json\/wp\/v2\/product_cat?post=7445"},{"taxonomy":"product_tag","embeddable":true,"href":"https:\/\/vannangvn.123websitedev.com\/en\/wp-json\/wp\/v2\/product_tag?post=7445"}],"curies":[{"name":"wp","href":"https:\/\/api.w.org\/{rel}","templated":true}]}}