{"id":7455,"date":"2026-03-20T19:00:58","date_gmt":"2026-03-20T12:00:58","guid":{"rendered":"https:\/\/vannangvn.123websitedev.com\/san-pham\/may-phan-tich-kich-thuoc-hat-malvern-panalytical-model-mastersizer-3000e\/"},"modified":"2026-03-30T18:43:59","modified_gmt":"2026-03-30T11:43:59","slug":"may-phan-tich-kich-thuoc-hat-malvern-panalytical-model-mastersizer-3000e","status":"publish","type":"product","link":"https:\/\/vannangvn.123websitedev.com\/en\/product\/may-phan-tich-kich-thuoc-hat-malvern-panalytical-model-mastersizer-3000e\/","title":{"rendered":"M\u00c1Y PH\u00c2N T\u00cdCH K\u00cdCH TH\u01af\u1edaC H\u1ea0T MALVERN PANALYTICAL MODEL MASTERSIZER 3000E"},"content":{"rendered":"<h1 style=\"color: red; font-weight: bold; font-size: 24px;\">T&#7893;ng quan s&#7843;n ph&#7849;m M&Aacute;Y PH&Acirc;N T&Iacute;CH K&Iacute;CH TH&#431;&#7898;C H&#7840;T MALVERN PANALYTICAL MODEL MASTERSIZER 3000E<p>M&aacute;y Ph&acirc;n T&iacute;ch K&iacute;ch Th&#432;&#7899;c H&#7841;t Malvern Panalytical Model Mastersizer 3000E<\/p><p>Features and benefits of Mastersizer 3000E<br>\nThe Mastersizer 3000E is highly regarded as the premier laser diffraction particle size analysis instrument on the market for design, performance and software user experience. However, some customers do not immediately need the advanced functionality that the Mastersizer 3000E offers. Malvern Panalytical have therefore introduced an entry level instrument to the Mastersizer product family which is based upon the proven design of the Mastersizer 3000E but with more basic performance and software functionality.<br>\nH&atilde;y li&ecirc;n h&#7879; v&#7899;i V&#7841;n N&#259;ng Company ngay &#273;&#7875; &#273;&#432;&#7907;c t&#432; v&#7845;n chuy&ecirc;n s&acirc;u v&agrave; nh&#7853;n c&aacute;c &#432;u &#273;&atilde;i h&#7845;p d&#7851;n nh&#7845;t th&ocirc;ng qua hotline\/zalo: <a href=\"https:\/\/zalo.me\/0903991335\" target=\"_blank\" rel=\"noopener\" style=\"color: #059669; font-weight: bold; text-decoration: none;\">0903 991 335<\/a>!<\/p><div style=\"background-color: #f8fafc; border: 1px solid #e2e8f0; border-radius: 8px; padding: 25px; max-width: 800px; margin: 30px auto; color: #334155; line-height: 1.8; font-size: 17px; box-shadow: 0 4px 6px -1px rgba(0,0,0,0.05); text-align: left; clear: both;\">\nC&ocirc;ng ty TNHH Th&#432;&#417;ng M&#7841;i D&#7883;ch V&#7909; Thi&#7871;t B&#7883; C&ocirc;ng Ngh&#7879; V&#7841;n N&#259;ng\n<p style=\"margin: 0 0 10px 0;\">&#128205; <strong style=\"color: #1e293b;\">&#272;&#7883;a ch&#7881;:<\/strong> <a style=\"color: #059669; text-decoration: none; font-weight: bold;\" href=\"https:\/\/www.google.com\/maps\/search\/C%C3%B4ng+ty+TNHH+Th%C6%B0%C6%A1ng+M%E1%BA%A1i+D%E1%BB%8Bch+V%E1%BB%A5+Thi%E1%BA%BFt+B%E1%BB%8B+C%C3%B4ng+Ngh%E1%BB%87+V%E1%BA%A1n+N%C4%83ng+818+Tr%C6%B0%E1%BB%9Dng+Chinh\" target=\"_blank\" rel=\"noopener\">818 Tr&#432;&#7901;ng Chinh, Ph&#432;&#7901;ng T&acirc;n S&#417;n, Th&agrave;nh ph&#7889; H&#7891; Ch&iacute; Minh, Vi&#7879;t Nam<\/a><\/p>\n<p style=\"margin: 0 0 10px 0;\">&#128222; <strong style=\"color: #1e293b;\">S&#272;T &ndash; Zalo:<\/strong> <a style=\"color: #059669; text-decoration: none; font-weight: bold;\" href=\"https:\/\/zalo.me\/0903991335\" target=\"_blank\" rel=\"noopener\">0903 991 335<\/a> <span style=\"color: #64748b; font-style: italic;\">(Ms. H&#7841;nh &ndash; Gi&aacute;m &#272;&#7889;c Kinh Doanh)<\/span><\/p>\n<p style=\"margin: 0;\">&#9993;&#65039; <strong style=\"color: #1e293b;\">Email:<\/strong> <a style=\"color: #059669; text-decoration: none; font-weight: bold;\" href=\"mailto:hienhanh@vannangvn.com\">hienhanh@vannangvn.com<\/a><\/p>\n<\/div><\/h1>","protected":false},"excerpt":{"rendered":"<p><strong>Th&#432;&#417;ng hi&#7879;u:<\/strong> Mastersizer 3000E&nbsp;l&agrave; m&#7897;t h&#7879; th&#7889;ng c&#7845;p &#273;&#7897; &#273;&#7847;u v&agrave;o d&agrave;nh cho ph&acirc;n t&iacute;ch k&iacute;ch th&#432;&#7899;c h&#7841;t b&#7857;ng nhi&#7877;u x&#7841; laser. H&#7879; th&#7889;ng n&agrave;y cung c&#7845;p c&aacute;c ph&eacute;p &#273;o k&iacute;ch th&#432;&#7899;c m&#7841;nh m&#7869; t&#7915; 0,1 &#273;&#7871;n 1000 micron v&agrave; &#273;&#432;&#7907;c h&#432;&#7903;ng l&#7907;i t&#7915; tr&#7843;i nghi&#7879;m c&#7889;t l&otilde;i c&#7911;a ph&#7847;n m&#7873;m Mastersizer Xplorer.<br>\n<strong>Model:<\/strong> Mastersizer 3000E<p>Product <strong>M&Aacute;Y PH&Acirc;N T&Iacute;CH K&Iacute;CH TH&#431;&#7898;C H&#7840;T MALVERN PANALYTICAL MODEL MASTERSIZER 3000E<\/strong> ch&iacute;nh h&atilde;ng. Mastersizer 3000E&nbsp;l&agrave; m&#7897;t h&#7879; th&#7889;ng c&#7845;p &#273;&#7897; &#273;&#7847;u v&agrave;o d&agrave;nh cho ph&acirc;n t&iacute;ch k&iacute;ch th&#432;&#7899;c h&#7841;t b&#7857;ng nhi&#7877;u x&#7841; laser. H&#7879; th&#7889;ng n&agrave;y cung c&#7845;p c&aacute;c ph&eacute;p &#273;o k&iacute;ch th&#432;&#7899;c m&#7841;nh m&#7869; t&#7915; 0,1 &#273;&#7871;n 1000 micron v&agrave; &#273;&#432;&#7907;c h&#432;&#7903;ng l&#7907;i t&#7915; tr&#7843;i nghi&#7879;m c&#7889;t l&otilde;i c&#7911;a ph&#7847;n m&#7873;m Mastersizer Xplorer.<\/p><\/p>","protected":false},"featured_media":8509,"comment_status":"open","ping_status":"closed","template":"","meta":[],"product_brand":[],"product_cat":[18],"product_tag":[275,449,622,629,2267,2760,2761,2762,2765,109,116],"class_list":{"0":"post-7455","1":"product","2":"type-product","3":"status-publish","4":"has-post-thumbnail","6":"product_cat-chua-phan-loai","7":"product_tag-phan","8":"product_tag-thuoc","9":"product_tag-hat","10":"product_tag-tich","11":"product_tag-kich","12":"product_tag-malvern","13":"product_tag-panalytical","14":"product_tag-mastersizer","15":"product_tag-3000e","16":"product_tag-may","17":"product_tag-model","19":"first","20":"instock","21":"shipping-taxable","22":"product-type-simple"},"yoast_head":"<!-- This site is optimized with the Yoast SEO Premium plugin v24.8 (Yoast SEO v24.8) - https:\/\/yoast.com\/wordpress\/plugins\/seo\/ -->\n<title>M\u00c1Y PH\u00c2N T\u00cdCH K\u00cdCH TH\u01af\u1edaC H\u1ea0T MALVER... ch\u00ednh h\u00e3ng | V\u1ea1n N\u0103ng<\/title>\n<meta name=\"description\" content=\"Mua ngay M\u00c1Y PH\u00c2N T\u00cdCH K\u00cdCH TH\u01af\u1edaC H\u1ea0T MALVERN PANALYTICAL MODEL MASTERSIZER 3000E ch\u00ednh h\u00e3ng. Gi\u00e1 t\u1ed1t!\" \/>\n<meta name=\"robots\" content=\"noindex, follow, max-snippet:-1, max-image-preview:large, max-video-preview:-1\" \/>\n<meta property=\"og:locale\" content=\"en_US\" \/>\n<meta property=\"og:type\" content=\"article\" \/>\n<meta property=\"og:title\" content=\"M\u00c1Y PH\u00c2N T\u00cdCH K\u00cdCH TH\u01af\u1edaC H\u1ea0T MALVERN PANALYTICAL MODEL MASTERSIZER 3000E\" \/>\n<meta property=\"og:description\" content=\"Mua ngay M\u00c1Y PH\u00c2N T\u00cdCH K\u00cdCH TH\u01af\u1edaC H\u1ea0T MALVERN PANALYTICAL MODEL MASTERSIZER 3000E ch\u00ednh h\u00e3ng. Gi\u00e1 t\u1ed1t!\" \/>\n<meta property=\"og:url\" content=\"https:\/\/vannangvn.123websitedev.com\/en\/product\/may-phan-tich-kich-thuoc-hat-malvern-panalytical-model-mastersizer-3000e\/\" \/>\n<meta property=\"og:site_name\" content=\"Vannang.vn\" \/>\n<meta property=\"article:modified_time\" content=\"2026-03-30T11:43:59+00:00\" \/>\n<meta property=\"og:image\" content=\"http:\/\/vannangvn.123websitedev.com\/wp-content\/uploads\/2026\/03\/Mastersizer-3000E-768x576-copy.jpg\" \/>\n\t<meta property=\"og:image:width\" content=\"768\" \/>\n\t<meta property=\"og:image:height\" content=\"576\" \/>\n\t<meta property=\"og:image:type\" content=\"image\/jpeg\" \/>\n<meta name=\"twitter:card\" content=\"summary_large_image\" \/>\n<meta name=\"twitter:label1\" content=\"Est. reading time\" \/>\n\t<meta name=\"twitter:data1\" content=\"1 minute\" \/>\n<script type=\"application\/ld+json\" class=\"yoast-schema-graph\">{\"@context\":\"https:\/\/schema.org\",\"@graph\":[{\"@type\":\"WebPage\",\"@id\":\"https:\/\/vannangvn.123websitedev.com\/san-pham\/may-phan-tich-kich-thuoc-hat-malvern-panalytical-model-mastersizer-3000e\/\",\"url\":\"https:\/\/vannangvn.123websitedev.com\/san-pham\/may-phan-tich-kich-thuoc-hat-malvern-panalytical-model-mastersizer-3000e\/\",\"name\":\"M\u00c1Y PH\u00c2N T\u00cdCH K\u00cdCH TH\u01af\u1edaC H\u1ea0T MALVER... ch\u00ednh h\u00e3ng | V\u1ea1n N\u0103ng\",\"isPartOf\":{\"@id\":\"https:\/\/vannangvn.123websitedev.com\/#website\"},\"primaryImageOfPage\":{\"@id\":\"https:\/\/vannangvn.123websitedev.com\/san-pham\/may-phan-tich-kich-thuoc-hat-malvern-panalytical-model-mastersizer-3000e\/#primaryimage\"},\"image\":{\"@id\":\"https:\/\/vannangvn.123websitedev.com\/san-pham\/may-phan-tich-kich-thuoc-hat-malvern-panalytical-model-mastersizer-3000e\/#primaryimage\"},\"thumbnailUrl\":\"https:\/\/vannangvn.123websitedev.com\/wp-content\/uploads\/2026\/03\/Mastersizer-3000E-768x576-copy.jpg\",\"datePublished\":\"2026-03-20T12:00:58+00:00\",\"dateModified\":\"2026-03-30T11:43:59+00:00\",\"description\":\"Mua ngay M\u00c1Y PH\u00c2N T\u00cdCH K\u00cdCH TH\u01af\u1edaC H\u1ea0T MALVERN PANALYTICAL MODEL MASTERSIZER 3000E ch\u00ednh h\u00e3ng. Gi\u00e1 t\u1ed1t!\",\"breadcrumb\":{\"@id\":\"https:\/\/vannangvn.123websitedev.com\/san-pham\/may-phan-tich-kich-thuoc-hat-malvern-panalytical-model-mastersizer-3000e\/#breadcrumb\"},\"inLanguage\":\"en-US\",\"potentialAction\":[{\"@type\":\"ReadAction\",\"target\":[\"https:\/\/vannangvn.123websitedev.com\/san-pham\/may-phan-tich-kich-thuoc-hat-malvern-panalytical-model-mastersizer-3000e\/\"]}]},{\"@type\":\"ImageObject\",\"inLanguage\":\"en-US\",\"@id\":\"https:\/\/vannangvn.123websitedev.com\/san-pham\/may-phan-tich-kich-thuoc-hat-malvern-panalytical-model-mastersizer-3000e\/#primaryimage\",\"url\":\"https:\/\/vannangvn.123websitedev.com\/wp-content\/uploads\/2026\/03\/Mastersizer-3000E-768x576-copy.jpg\",\"contentUrl\":\"https:\/\/vannangvn.123websitedev.com\/wp-content\/uploads\/2026\/03\/Mastersizer-3000E-768x576-copy.jpg\",\"width\":768,\"height\":576},{\"@type\":\"BreadcrumbList\",\"@id\":\"https:\/\/vannangvn.123websitedev.com\/san-pham\/may-phan-tich-kich-thuoc-hat-malvern-panalytical-model-mastersizer-3000e\/#breadcrumb\",\"itemListElement\":[{\"@type\":\"ListItem\",\"position\":1,\"name\":\"Trang ch\u1ee7\",\"item\":\"https:\/\/vannangvn.123websitedev.com\/\"},{\"@type\":\"ListItem\",\"position\":2,\"name\":\"S\u1ea3n ph\u1ea9m\",\"item\":\"https:\/\/vannangvn.123websitedev.com\/cua-hang\/\"},{\"@type\":\"ListItem\",\"position\":3,\"name\":\"M\u00c1Y PH\u00c2N T\u00cdCH K\u00cdCH TH\u01af\u1edaC H\u1ea0T MALVERN PANALYTICAL MODEL MASTERSIZER 3000E\"}]},{\"@type\":\"WebSite\",\"@id\":\"https:\/\/vannangvn.123websitedev.com\/#website\",\"url\":\"https:\/\/vannangvn.123websitedev.com\/\",\"name\":\"Vannang.vn\",\"description\":\"\",\"publisher\":{\"@id\":\"https:\/\/vannangvn.123websitedev.com\/#organization\"},\"potentialAction\":[{\"@type\":\"SearchAction\",\"target\":{\"@type\":\"EntryPoint\",\"urlTemplate\":\"https:\/\/vannangvn.123websitedev.com\/?s={search_term_string}\"},\"query-input\":{\"@type\":\"PropertyValueSpecification\",\"valueRequired\":true,\"valueName\":\"search_term_string\"}}],\"inLanguage\":\"en-US\"},{\"@type\":\"Organization\",\"@id\":\"https:\/\/vannangvn.123websitedev.com\/#organization\",\"name\":\"Vannang.vn\",\"url\":\"https:\/\/vannangvn.123websitedev.com\/\",\"logo\":{\"@type\":\"ImageObject\",\"inLanguage\":\"en-US\",\"@id\":\"https:\/\/vannangvn.123websitedev.com\/#\/schema\/logo\/image\/\",\"url\":\"https:\/\/vannangvn.123websitedev.com\/wp-content\/uploads\/2026\/02\/logo-van-nang-02.png\",\"contentUrl\":\"https:\/\/vannangvn.123websitedev.com\/wp-content\/uploads\/2026\/02\/logo-van-nang-02.png\",\"width\":448,\"height\":111,\"caption\":\"Vannang.vn\"},\"image\":{\"@id\":\"https:\/\/vannangvn.123websitedev.com\/#\/schema\/logo\/image\/\"}}]}<\/script>\n<!-- \/ Yoast SEO Premium plugin. -->","yoast_head_json":{"title":"M\u00c1Y PH\u00c2N T\u00cdCH K\u00cdCH TH\u01af\u1edaC H\u1ea0T MALVER... ch\u00ednh h\u00e3ng | V\u1ea1n N\u0103ng","description":"Mua ngay M\u00c1Y PH\u00c2N T\u00cdCH K\u00cdCH TH\u01af\u1edaC H\u1ea0T MALVERN PANALYTICAL MODEL MASTERSIZER 3000E ch\u00ednh h\u00e3ng. Gi\u00e1 t\u1ed1t!","robots":{"index":"noindex","follow":"follow","max-snippet":"max-snippet:-1","max-image-preview":"max-image-preview:large","max-video-preview":"max-video-preview:-1"},"og_locale":"en_US","og_type":"article","og_title":"M\u00c1Y PH\u00c2N T\u00cdCH K\u00cdCH TH\u01af\u1edaC H\u1ea0T MALVERN PANALYTICAL MODEL MASTERSIZER 3000E","og_description":"Mua ngay M\u00c1Y PH\u00c2N T\u00cdCH K\u00cdCH TH\u01af\u1edaC H\u1ea0T MALVERN PANALYTICAL MODEL MASTERSIZER 3000E ch\u00ednh h\u00e3ng. Gi\u00e1 t\u1ed1t!","og_url":"https:\/\/vannangvn.123websitedev.com\/en\/product\/may-phan-tich-kich-thuoc-hat-malvern-panalytical-model-mastersizer-3000e\/","og_site_name":"Vannang.vn","article_modified_time":"2026-03-30T11:43:59+00:00","og_image":[{"width":768,"height":576,"url":"http:\/\/vannangvn.123websitedev.com\/wp-content\/uploads\/2026\/03\/Mastersizer-3000E-768x576-copy.jpg","type":"image\/jpeg"}],"twitter_card":"summary_large_image","twitter_misc":{"Est. reading time":"1 minute"},"schema":{"@context":"https:\/\/schema.org","@graph":[{"@type":"WebPage","@id":"https:\/\/vannangvn.123websitedev.com\/san-pham\/may-phan-tich-kich-thuoc-hat-malvern-panalytical-model-mastersizer-3000e\/","url":"https:\/\/vannangvn.123websitedev.com\/san-pham\/may-phan-tich-kich-thuoc-hat-malvern-panalytical-model-mastersizer-3000e\/","name":"M\u00c1Y PH\u00c2N T\u00cdCH K\u00cdCH TH\u01af\u1edaC H\u1ea0T MALVER... ch\u00ednh h\u00e3ng | V\u1ea1n N\u0103ng","isPartOf":{"@id":"https:\/\/vannangvn.123websitedev.com\/#website"},"primaryImageOfPage":{"@id":"https:\/\/vannangvn.123websitedev.com\/san-pham\/may-phan-tich-kich-thuoc-hat-malvern-panalytical-model-mastersizer-3000e\/#primaryimage"},"image":{"@id":"https:\/\/vannangvn.123websitedev.com\/san-pham\/may-phan-tich-kich-thuoc-hat-malvern-panalytical-model-mastersizer-3000e\/#primaryimage"},"thumbnailUrl":"https:\/\/vannangvn.123websitedev.com\/wp-content\/uploads\/2026\/03\/Mastersizer-3000E-768x576-copy.jpg","datePublished":"2026-03-20T12:00:58+00:00","dateModified":"2026-03-30T11:43:59+00:00","description":"Mua ngay M\u00c1Y PH\u00c2N T\u00cdCH K\u00cdCH TH\u01af\u1edaC H\u1ea0T MALVERN PANALYTICAL MODEL MASTERSIZER 3000E ch\u00ednh h\u00e3ng. Gi\u00e1 t\u1ed1t!","breadcrumb":{"@id":"https:\/\/vannangvn.123websitedev.com\/san-pham\/may-phan-tich-kich-thuoc-hat-malvern-panalytical-model-mastersizer-3000e\/#breadcrumb"},"inLanguage":"en-US","potentialAction":[{"@type":"ReadAction","target":["https:\/\/vannangvn.123websitedev.com\/san-pham\/may-phan-tich-kich-thuoc-hat-malvern-panalytical-model-mastersizer-3000e\/"]}]},{"@type":"ImageObject","inLanguage":"en-US","@id":"https:\/\/vannangvn.123websitedev.com\/san-pham\/may-phan-tich-kich-thuoc-hat-malvern-panalytical-model-mastersizer-3000e\/#primaryimage","url":"https:\/\/vannangvn.123websitedev.com\/wp-content\/uploads\/2026\/03\/Mastersizer-3000E-768x576-copy.jpg","contentUrl":"https:\/\/vannangvn.123websitedev.com\/wp-content\/uploads\/2026\/03\/Mastersizer-3000E-768x576-copy.jpg","width":768,"height":576},{"@type":"BreadcrumbList","@id":"https:\/\/vannangvn.123websitedev.com\/san-pham\/may-phan-tich-kich-thuoc-hat-malvern-panalytical-model-mastersizer-3000e\/#breadcrumb","itemListElement":[{"@type":"ListItem","position":1,"name":"Trang ch\u1ee7","item":"https:\/\/vannangvn.123websitedev.com\/"},{"@type":"ListItem","position":2,"name":"S\u1ea3n ph\u1ea9m","item":"https:\/\/vannangvn.123websitedev.com\/cua-hang\/"},{"@type":"ListItem","position":3,"name":"M\u00c1Y PH\u00c2N T\u00cdCH K\u00cdCH TH\u01af\u1edaC H\u1ea0T MALVERN PANALYTICAL MODEL MASTERSIZER 3000E"}]},{"@type":"WebSite","@id":"https:\/\/vannangvn.123websitedev.com\/#website","url":"https:\/\/vannangvn.123websitedev.com\/","name":"Vannang.vn","description":"","publisher":{"@id":"https:\/\/vannangvn.123websitedev.com\/#organization"},"potentialAction":[{"@type":"SearchAction","target":{"@type":"EntryPoint","urlTemplate":"https:\/\/vannangvn.123websitedev.com\/?s={search_term_string}"},"query-input":{"@type":"PropertyValueSpecification","valueRequired":true,"valueName":"search_term_string"}}],"inLanguage":"en-US"},{"@type":"Organization","@id":"https:\/\/vannangvn.123websitedev.com\/#organization","name":"Vannang.vn","url":"https:\/\/vannangvn.123websitedev.com\/","logo":{"@type":"ImageObject","inLanguage":"en-US","@id":"https:\/\/vannangvn.123websitedev.com\/#\/schema\/logo\/image\/","url":"https:\/\/vannangvn.123websitedev.com\/wp-content\/uploads\/2026\/02\/logo-van-nang-02.png","contentUrl":"https:\/\/vannangvn.123websitedev.com\/wp-content\/uploads\/2026\/02\/logo-van-nang-02.png","width":448,"height":111,"caption":"Vannang.vn"},"image":{"@id":"https:\/\/vannangvn.123websitedev.com\/#\/schema\/logo\/image\/"}}]}},"_links":{"self":[{"href":"https:\/\/vannangvn.123websitedev.com\/en\/wp-json\/wp\/v2\/product\/7455","targetHints":{"allow":["GET"]}}],"collection":[{"href":"https:\/\/vannangvn.123websitedev.com\/en\/wp-json\/wp\/v2\/product"}],"about":[{"href":"https:\/\/vannangvn.123websitedev.com\/en\/wp-json\/wp\/v2\/types\/product"}],"replies":[{"embeddable":true,"href":"https:\/\/vannangvn.123websitedev.com\/en\/wp-json\/wp\/v2\/comments?post=7455"}],"wp:featuredmedia":[{"embeddable":true,"href":"https:\/\/vannangvn.123websitedev.com\/en\/wp-json\/wp\/v2\/media\/8509"}],"wp:attachment":[{"href":"https:\/\/vannangvn.123websitedev.com\/en\/wp-json\/wp\/v2\/media?parent=7455"}],"wp:term":[{"taxonomy":"product_brand","embeddable":true,"href":"https:\/\/vannangvn.123websitedev.com\/en\/wp-json\/wp\/v2\/product_brand?post=7455"},{"taxonomy":"product_cat","embeddable":true,"href":"https:\/\/vannangvn.123websitedev.com\/en\/wp-json\/wp\/v2\/product_cat?post=7455"},{"taxonomy":"product_tag","embeddable":true,"href":"https:\/\/vannangvn.123websitedev.com\/en\/wp-json\/wp\/v2\/product_tag?post=7455"}],"curies":[{"name":"wp","href":"https:\/\/api.w.org\/{rel}","templated":true}]}}