{"id":7476,"date":"2026-03-20T19:01:34","date_gmt":"2026-03-20T12:01:34","guid":{"rendered":"https:\/\/vannangvn.123websitedev.com\/san-pham\/may-phan-tich-thanh-phan-nguyen-to-rigaku-micro-z-uls\/"},"modified":"2026-03-30T18:44:27","modified_gmt":"2026-03-30T11:44:27","slug":"may-phan-tich-thanh-phan-nguyen-to-rigaku-micro-z-uls","status":"publish","type":"product","link":"https:\/\/vannangvn.123websitedev.com\/en\/product\/may-phan-tich-thanh-phan-nguyen-to-rigaku-micro-z-uls\/","title":{"rendered":"M\u00c1Y PH\u00c2N T\u00cdCH TH\u00c0NH PH\u1ea6N NGUY\u00caN T\u1ed0 RIGAKU MICRO-Z ULS"},"content":{"rendered":"<h1 style=\"color: red; font-weight: bold; font-size: 24px;\">T&#7893;ng quan s&#7843;n ph&#7849;m M&Aacute;Y PH&Acirc;N T&Iacute;CH TH&Agrave;NH PH&#7846;N NGUY&Ecirc;N T&#7888; RIGAKU MICRO-Z ULS<p>M&aacute;y Ph&acirc;n T&iacute;ch Th&agrave;nh Ph&#7847;n Nguy&ecirc;n T&#7889; (Wavelength Dispersive X-ray Fluorescence Sulfur (S) Analyzer) RIGAKU Micro-Z ULS<br>\nM&aacute;y Micro-Z ULS c&#7911;a H&atilde;ng Rigaku c&oacute; th&#7875; &#273;o l&#432;u hu&#7923;nh c&#7921;c th&#7845;p (ULS) trong nhi&ecirc;n li&#7879;u x&#259;ng d&#7847;u theo ASTM D2622-10. Micro-Z ULS &#273;&#432;&#7907;c thi&#7871;t k&#7871; &#273;&#7875; ph&acirc;n t&iacute;ch l&#432;u hu&#7923;nh c&#7921;c th&#7845;p c&#7911;a d&#7847;u diesel, x&#259;ng (x&#259;ng) v&agrave; c&aacute;c nhi&ecirc;n li&#7879;u kh&aacute;c, thi&#7871;t b&#7883; hu&#7923;nh quang tia X ph&acirc;n t&aacute;n b&#432;&#7899;c s&oacute;ng (WDXRF) &#273;&#7875; b&agrave;n c&oacute; thi&#7871;t k&#7871; m&#7899;i &#273;o c&#7843; &#273;&#7881;nh l&#432;u hu&#7923;nh v&agrave; c&#432;&#7901;ng &#273;&#7897; n&#7873;n.<br>\nKh&#7843; n&#259;ng &#273;o v&agrave; hi&#7879;u ch&#7881;nh c&aacute;c thay &#273;&#7893;i v&#7873; c&#432;&#7901;ng &#273;&#7897; n&#7873;n cung c&#7845;p ph&eacute;p &#273;o c&#432;&#7901;ng &#273;&#7897; &#273;&#7881;nh r&ograve;ng t&#7889;t h&#417;n, d&#7851;n &#273;&#7871;n hi&#7879;u chu&#7849;n t&#7889;t h&#417;n v&agrave; &#273;&#7897; ch&iacute;nh x&aacute;c th&#7921;c t&#7871; &#273;&#432;&#7907;c t&#259;ng c&#432;&#7901;ng. Rigaku Micro-Z ULS tu&acirc;n th&#7911; c&aacute;c ph&#432;&#417;ng ph&aacute;p ASTM 2622-10, ISO 20884 v&agrave; JIS K2541-7. H&atilde;y c&ugrave;ng V&#7841;n N&#259;ng t&igrave;m hi&#7875;u chi ti&#7871;t h&#417;n v&#7873; s&#7843;n ph&#7849;m th&ocirc;ng qua b&agrave;i vi&#7871;t d&#432;&#7899;i &#273;&acirc;y!<\/p><h2 style=\"color: #2e7d32; font-weight: bold; font-size: 20px;\">C&aacute;c T&iacute;nh N&#259;ng N&#7893;i B&#7853;t C&#7911;a Rigaku Micro-Z ULS<\/h2><p>&#272;&#432;&#7907;c trang b&#7883; h&#7879; th&#7889;ng quang h&#7885;c m&#7899;i nh&#7845;t &#273;&#7875; ph&acirc;n t&iacute;ch l&#432;u hu&#7923;nh c&oacute; &#273;&#7897; nh&#7841;y cao<\/p><p>S&#7917; d&#7909;ng tinh th&#7875; quang ph&#7893; cong k&eacute;p m&#7899;i &#273;&#432;&#7907;c ph&aacute;t tri&#7875;n<br>\n&#272;&#7841;t &#273;&#432;&#7907;c gi&#7899;i h&#7841;n ph&aacute;t hi&#7879;n (LLD) th&#7845;p h&#417;n l&agrave; 0,3ppm<\/p><p>Theo &#273;u&#7893;i s&#7921; d&#7877; d&agrave;ng c&agrave;i &#273;&#7863;t v&agrave; v&#7853;n h&agrave;nh<\/p><p>Kh&ocirc;ng c&#7847;n kh&iacute; heli ho&#7863;c kh&iacute; d&ograve;<br>\nS&#7917; d&#7909;ng &#7889;ng tia X nh&#7887; l&agrave;m m&aacute;t b&#7857;ng kh&ocirc;ng kh&iacute;<br>\nC&#7855;m v&agrave;o<br>\nThao t&aacute;c b&#7857;ng ph&iacute;m c&#7843;m &#7913;ng<\/p><p>Quang h&#7885;c v&#432;&#7907;t tr&#7897;i &#273;&#7875; ph&acirc;n t&iacute;ch l&#432;u hu&#7923;nh &#273;&aacute;ng tin c&#7853;y<br>\nModel Micro-Z ULS l&agrave; gi&#7843;i ph&aacute;p l&yacute; t&#432;&#7903;ng &#273;&#7875; ph&acirc;n t&iacute;ch l&#432;u hu&#7923;nh trong nhi&ecirc;n li&#7879;u g&#7889;c d&#7847;u m&#7887;. Gi&#7899;i h&#7841;n ph&aacute;t hi&#7879;n d&#432;&#7899;i (LLD) l&agrave; 0,3 ppm l&#432;u hu&#7923;nh. M&aacute;y Ph&acirc;n T&iacute;ch Micro Z ULS s&#7917; d&#7909;ng h&#7879; th&#7889;ng quang h&#7885;c c&#7889; &#273;&#7883;nh ho&#7841;t &#273;&#7897;ng m&#7841;nh m&#7869; trong m&ocirc;i tr&#432;&#7901;ng ch&acirc;n kh&ocirc;ng v&agrave; c&oacute; tinh th&#7875; ph&acirc;n t&iacute;ch RX-9 cong k&eacute;p &#273;&#432;&#7907;c thi&#7871;t k&#7871; &#273;&#7863;c bi&#7879;t &#273;&#7875; &#273;o nh&#7845;t qu&aacute;n v&agrave; c&oacute; &#273;&#7897; nh&#7841;y cao.<br>\nHi&#7879;u su&#7845;t c&#7911;a ASTM D2622 d&agrave;nh cho ng&#432;&#7901;i d&ugrave;ng kh&ocirc;ng c&oacute; k&#7929; thu&#7853;t<br>\n&#272;&#432;&#7907;c thi&#7871;t k&#7871; d&agrave;nh ri&ecirc;ng cho ng&#432;&#7901;i d&ugrave;ng kh&ocirc;ng r&agrave;nh v&#7873; k&#7929; thu&#7853;t, m&#7885;i th&#7913; t&#7915; hi&#7879;u chu&#7849;n &#273;&#7871;n ph&acirc;n t&iacute;ch th&ocirc;ng th&#432;&#7901;ng &#273;&#7873;u c&oacute; th&#7875; &#273;&#432;&#7907;c th&#7921;c hi&#7879;n th&ocirc;ng qua giao di&#7879;n d&#7877; s&#7917; d&#7909;ng. Thi&#7871;t b&#7883; c&oacute; th&#7875; &#273;&#432;&#7907;c c&#7845;p ngu&#7891;n t&#7915; &#7893; c&#7855;m AC ti&ecirc;u chu&#7849;n.<\/p><h2 style=\"color: #2e7d32; font-weight: bold; font-size: 20px;\">&#272;&#7863;c Tr&#432;ng K&#7929; Thu&#7853;t N&#7893;i B&#7853;t C&#7911;a Rigaku Micro-Z ULS<\/h2><p>Ph&acirc;n t&iacute;ch h&agrave;m l&#432;&#7907;ng l&#432;u hu&#7923;nh c&#7921;c th&#7845;p c&#7911;a d&#7847;u diesel v&agrave; x&#259;ng<br>\nGi&#7899;i h&#7841;n ph&aacute;t hi&#7879;n d&#432;&#7899;i 0,3 ppm (LLD)<br>\nKh&ocirc;ng c&#7847;n thanh l&#7885;c He(g)<br>\nM&aacute;y ph&acirc;n t&iacute;ch &#273;&#7875; b&agrave;n d&#7877; s&#7917; d&#7909;ng<br>\nTu&acirc;n th&#7911; ti&ecirc;u chu&#7849;n ASTM D2622-10<br>\nTu&acirc;n th&#7911; ti&ecirc;u chu&#7849;n ISO 20884<br>\nTu&acirc;n th&#7911; JIS K2541-7<\/p><p>Nh&#7919;ng L&yacute; Do N&ecirc;n Mua M&aacute;y Ph&acirc;n T&iacute;ch Th&agrave;nh Ph&#7847;n Kim Lo&#7841;i T&#7841;i Thi&#7871;t B&#7883; C&ocirc;ng Ngh&#7879; V&#7841;n N&#259;ng<\/p><p>C&ocirc;ng ty Thi&#7871;t B&#7883; C&ocirc;ng Ngh&#7879; V&#7841;n N&#259;ng l&agrave; &#273;&#7889;i t&aacute;c ch&iacute;nh th&#7913;c ph&acirc;n ph&#7889;i M&aacute;y Ph&acirc;n T&iacute;ch Th&agrave;nh Ph&#7847;n Nguy&ecirc;n T&#7889; h&agrave;ng &#273;&#7847;u t&#7841;i Vi&#7879;t Nam, cam k&#7871;t cung c&#7845;p s&#7843;n ph&#7849;m ch&iacute;nh h&atilde;ng v&#7899;i gi&aacute; c&#7843; c&#7841;nh tranh nh&#7845;t th&#7883; tr&#432;&#7901;ng. V&#7899;i uy t&iacute;n tr&ecirc;n th&#7883; tr&#432;&#7901;ng v&agrave; ch&#7871; &#273;&#7897; h&#7851;u m&atilde;i t&#7889;t, Thi&#7871;t B&#7883; C&ocirc;ng Ngh&#7879; V&#7841;n N&#259;ng &#273;&atilde; nh&#7853;n &#273;&#432;&#7907;c s&#7921; tin t&#432;&#7903;ng t&#7915; kh&aacute;ch h&agrave;ng nh&#7901; v&agrave;o ch&#7845;t l&#432;&#7907;ng h&agrave;ng &#273;&#7847;u c&#7911;a c&aacute;c d&ograve;ng s&#7843;n ph&#7849;m.<br>\nS&#7843;n ph&#7849;m c&#7911;a ch&uacute;ng t&ocirc;i &#273;&#432;&#7907;c ki&#7875;m &#273;&#7883;nh ch&#7845;t l&#432;&#7907;ng, nh&#7853;p kh&#7849;u tr&#7921;c ti&#7871;p t&#7915; nh&agrave; m&aacute;y b&ecirc;n Ch&acirc;u &Acirc;u, M&#7929;, &Uacute;c, Nh&#7853;t B&#7843;n,&hellip; v&agrave; &#273;&aacute;p &#7913;ng nhu c&#7847;u &#273;a d&#7841;ng c&#7911;a th&#7883; tr&#432;&#7901;ng nh&#432;: M&aacute;y &#272;o &#272;&#7897; C&#7913;ng, M&aacute;y SPECTROMAXx, M&aacute;y &#272;o T&#7927; Tr&#7885;ng,&hellip; Ch&uacute;ng t&ocirc;i cam k&#7871;t cung c&#7845;p s&#7843;n ph&#7849;m n&agrave;y tr&ecirc;n to&agrave;n qu&#7889;c v&#7899;i gi&aacute; c&#7843; c&#7841;nh tranh nh&#7845;t.<br>\nCh&uacute;ng t&ocirc;i c&oacute; &#273;&#7897;i ng&#361; chuy&ecirc;n vi&ecirc;n t&#432; v&#7845;n chuy&ecirc;n s&acirc;u s&#7869; h&#7895; tr&#7907; kh&aacute;ch h&agrave;ng v&#7873; chi ti&#7871;t s&#7843;n ph&#7849;m, h&#432;&#7899;ng d&#7851;n s&#7917; d&#7909;ng hay nh&#7919;ng th&#7913; li&ecirc;n quan &#273;&#7871;n v&#7845;n &#273;&#7873; m&agrave; doanh nghi&#7879;p b&#7841;n &#273;ang g&#7863;p ph&#7843;i. Ch&uacute;ng t&ocirc;i s&#7869; cung c&#7845;p nh&#7919;ng gi&#7843;i ph&aacute;p t&#7889;i &#432;u nh&#7845;t!<br>\nNgo&agrave;i ra Thi&#7871;t B&#7883; C&ocirc;ng Ngh&#7879; V&#7841;n N&#259;ng Ch&uacute;ng T&ocirc;i lu&ocirc;n h&#432;&#7899;ng &#273;&#7871;n tr&#7843;i nghi&#7879;m kh&aacute;ch h&agrave;ng, v&igrave; v&#7853;y ch&uacute;ng t&ocirc;i c&oacute; nh&#7919;ng ch&iacute;nh s&aacute;ch b&#7843;o h&agrave;nh, b&#7843;o tr&igrave; &ndash; b&#7843;o d&#432;&#7905;ng, hi&#7879;u chu&#7849;n v&#7899;i t&#7845;t c&#7843; c&aacute;c thi&#7871;t b&#7883;, m&aacute;y m&oacute;c m&agrave; ch&uacute;ng t&ocirc;i cung c&#7845;p. &#272;&#7843;m b&#7843;o mang &#273;&#7871;n cho Kh&aacute;ch h&agrave;ng s&#7921; y&ecirc;n t&acirc;m tuy&#7879;t &#273;&#7889;i v&#7873; d&#7883;ch v&#7909; khi mua h&agrave;ng.<\/p><p>T&#7893;ng K&#7871;t<br>\nMicro-Z ULS hu&#7923;nh quang tia X ph&acirc;n t&aacute;n b&#432;&#7899;c s&oacute;ng (WDXRF) cung c&#7845;p &#273;&#7897; ph&acirc;n gi&#7843;i cao, l&yacute; t&#432;&#7903;ng cho ph&acirc;n t&iacute;ch c&aacute;c m&#7851;u ph&#7913;c t&#7841;p v&#7899;i nhi&#7873;u nguy&ecirc;n t&#7889; ch&#7891;ng l&#7845;p. M&aacute;y d&#7877; d&agrave;ng ph&acirc;n t&iacute;ch c&aacute;c nguy&ecirc;n t&#7889; nh&#7865; v&agrave; n&#7863;ng, k&#7875; c&#7843; &#7903; n&#7891;ng &#273;&#7897; th&#7845;p. H&atilde;y li&ecirc;n h&#7879; v&#7899;i Thi&#7871;t B&#7883; C&ocirc;ng Ngh&#7879; V&#7841;n N&#259;ng ngay &#273;&#7875; &#273;&#432;&#7907;c t&#432; v&#7845;n chuy&ecirc;n s&acirc;u v&agrave; nh&#7853;n c&aacute;c &#432;u &#273;&atilde;i h&#7845;p d&#7851;n nh&#7845;t th&ocirc;ng qua hotline <a href=\"https:\/\/zalo.me\/0903991335\" target=\"_blank\" rel=\"noopener\" style=\"color: #059669; font-weight: bold; text-decoration: none;\">0903 991 335<\/a>!<\/p><div style=\"background-color: #f8fafc; border: 1px solid #e2e8f0; border-radius: 8px; padding: 25px; max-width: 800px; margin: 30px auto; color: #334155; line-height: 1.8; font-size: 17px; box-shadow: 0 4px 6px -1px rgba(0,0,0,0.05); text-align: left; clear: both;\">\nC&ocirc;ng ty TNHH Th&#432;&#417;ng M&#7841;i D&#7883;ch V&#7909; Thi&#7871;t B&#7883; C&ocirc;ng Ngh&#7879; V&#7841;n N&#259;ng\n<p style=\"margin: 0 0 10px 0;\">&#128205; <strong style=\"color: #1e293b;\">&#272;&#7883;a ch&#7881;:<\/strong> <a style=\"color: #059669; text-decoration: none; font-weight: bold;\" href=\"https:\/\/www.google.com\/maps\/search\/C%C3%B4ng+ty+TNHH+Th%C6%B0%C6%A1ng+M%E1%BA%A1i+D%E1%BB%8Bch+V%E1%BB%A5+Thi%E1%BA%BFt+B%E1%BB%8B+C%C3%B4ng+Ngh%E1%BB%87+V%E1%BA%A1n+N%C4%83ng+818+Tr%C6%B0%E1%BB%9Dng+Chinh\" target=\"_blank\" rel=\"noopener\">818 Tr&#432;&#7901;ng Chinh, Ph&#432;&#7901;ng T&acirc;n S&#417;n, Th&agrave;nh ph&#7889; H&#7891; Ch&iacute; Minh, Vi&#7879;t Nam<\/a><\/p>\n<p style=\"margin: 0 0 10px 0;\">&#128222; <strong style=\"color: #1e293b;\">S&#272;T &ndash; Zalo:<\/strong> <a style=\"color: #059669; text-decoration: none; font-weight: bold;\" href=\"https:\/\/zalo.me\/0903991335\" target=\"_blank\" rel=\"noopener\">0903 991 335<\/a> <span style=\"color: #64748b; font-style: italic;\">(Ms. H&#7841;nh &ndash; Gi&aacute;m &#272;&#7889;c Kinh Doanh)<\/span><\/p>\n<p style=\"margin: 0;\">&#9993;&#65039; <strong style=\"color: #1e293b;\">Email:<\/strong> <a style=\"color: #059669; text-decoration: none; font-weight: bold;\" href=\"mailto:hienhanh@vannangvn.com\">hienhanh@vannangvn.com<\/a><\/p>\n<\/div><\/h1>","protected":false},"excerpt":{"rendered":"<p><strong>Th&#432;&#417;ng hi&#7879;u:<\/strong> &#272;&#432;&#7907;c thi&#7871;t k&#7871; &#273;&#7875; ph&acirc;n t&iacute;ch l&#432;u hu&#7923;nh &#7903; m&#7913;c c&#7921;c th&#7845;p c&#7911;a d&#7847;u diesel, x&#259;ng v&agrave; c&aacute;c nhi&ecirc;n li&#7879;u kh&aacute;c, Rigaku Micro-Z ULS c&oacute; thi&#7871;t k&#7871; m&#7899;i &#273;o c&#7843; l&#432;u hu&#7923;nh &#273;&#7881;nh v&agrave; n&#7873;n. Kh&#7843; n&#259;ng &#273;o v&agrave; b&ugrave; nh&#7919;ng thay &#273;&#7893;i trong c&#432;&#7901;ng &#273;&#7897; n&#7873;n gi&uacute;p c&#7843;i thi&#7879;n c&aacute;c ph&eacute;p &#273;o c&#432;&#7901;ng &#273;&#7897; c&#7921;c &#273;&#7841;i th&#7921;c, d&#7851;n &#273;&#7871;n hi&#7879;u chu&#7849;n t&#7889;t h&#417;n v&agrave; t&#259;ng &#273;&#7897; ch&iacute;nh x&aacute;c.<br>\n<strong>Model:<\/strong> Micro-Z<p>Product <strong>M&Aacute;Y PH&Acirc;N T&Iacute;CH TH&Agrave;NH PH&#7846;N NGUY&Ecirc;N T&#7888; RIGAKU MICRO-Z ULS<\/strong> ch&iacute;nh h&atilde;ng. &#272;&#432;&#7907;c thi&#7871;t k&#7871; &#273;&#7875; ph&acirc;n t&iacute;ch l&#432;u hu&#7923;nh &#7903; m&#7913;c c&#7921;c th&#7845;p c&#7911;a d&#7847;u diesel, x&#259;ng v&agrave; c&aacute;c nhi&ecirc;n li&#7879;u kh&aacute;c, Rigaku Micro-Z ULS c&oacute; thi&#7871;t k&#7871; m&#7899;i &#273;o c&#7843; l&#432;u hu&#7923;nh &#273;&#7881;nh v&agrave; n&#7873;n. Kh&#7843; n&#259;ng &#273;o v&agrave; b&ugrave; nh&#7919;ng thay &#273;&#7893;i trong c&#432;&#7901;ng &#273;&#7897; n&#7873;n gi&uacute;p c&#7843;i thi&#7879;n c&aacute;c ph&eacute;p &#273;o c&#432;&#7901;ng &#273;&#7897; c&#7921;c &#273;&#7841;i th&#7921;c, d&#7851;n &#273;&#7871;n hi&#7879;u chu&#7849;n t&#7889;t h&#417;n v&agrave; t&#259;ng &#273;&#7897; ch&iacute;nh x&aacute;c.<\/p><\/p>","protected":false},"featured_media":10515,"comment_status":"open","ping_status":"closed","template":"","meta":[],"product_brand":[],"product_cat":[18],"product_tag":[2802,109,275,563,595,629,867,2790,2801],"class_list":{"0":"post-7476","1":"product","2":"type-product","3":"status-publish","4":"has-post-thumbnail","6":"product_cat-chua-phan-loai","7":"product_tag-uls","8":"product_tag-may","9":"product_tag-phan","10":"product_tag-to","11":"product_tag-thanh","12":"product_tag-tich","13":"product_tag-nguyen","14":"product_tag-rigaku","15":"product_tag-micro-z","17":"first","18":"instock","19":"shipping-taxable","20":"product-type-simple"},"yoast_head":"<!-- This site is optimized with the Yoast SEO Premium plugin v24.8 (Yoast SEO v24.8) - https:\/\/yoast.com\/wordpress\/plugins\/seo\/ -->\n<title>M\u00c1Y PH\u00c2N T\u00cdCH TH\u00c0NH PH\u1ea6N NGUY\u00caN T\u1ed0 ... ch\u00ednh h\u00e3ng | V\u1ea1n N\u0103ng<\/title>\n<meta name=\"description\" content=\"Mua ngay M\u00c1Y PH\u00c2N T\u00cdCH TH\u00c0NH PH\u1ea6N NGUY\u00caN T\u1ed0 RIGAKU MICRO-Z ULS ch\u00ednh h\u00e3ng. Gi\u00e1 t\u1ed1t!\" \/>\n<meta name=\"robots\" content=\"noindex, follow, max-snippet:-1, max-image-preview:large, max-video-preview:-1\" \/>\n<meta property=\"og:locale\" content=\"en_US\" \/>\n<meta property=\"og:type\" content=\"article\" \/>\n<meta property=\"og:title\" content=\"M\u00c1Y PH\u00c2N T\u00cdCH TH\u00c0NH PH\u1ea6N NGUY\u00caN T\u1ed0 RIGAKU MICRO-Z ULS\" \/>\n<meta property=\"og:description\" content=\"Mua ngay M\u00c1Y PH\u00c2N T\u00cdCH TH\u00c0NH PH\u1ea6N NGUY\u00caN T\u1ed0 RIGAKU MICRO-Z ULS ch\u00ednh h\u00e3ng. Gi\u00e1 t\u1ed1t!\" \/>\n<meta property=\"og:url\" content=\"https:\/\/vannangvn.123websitedev.com\/en\/product\/may-phan-tich-thanh-phan-nguyen-to-rigaku-micro-z-uls\/\" \/>\n<meta property=\"og:site_name\" content=\"Vannang.vn\" \/>\n<meta property=\"article:modified_time\" content=\"2026-03-30T11:44:27+00:00\" \/>\n<meta property=\"og:image\" content=\"http:\/\/vannangvn.123websitedev.com\/wp-content\/uploads\/2026\/03\/May-phan-tich-thanh-phan-nguyen-to-Wavelength-Dispersive-X-ray-Fluorescence-Chlorine-Analyzer-RIGAKU-Micro-Z-CL2-copy-1.jpg\" \/>\n\t<meta property=\"og:image:width\" content=\"768\" \/>\n\t<meta property=\"og:image:height\" content=\"576\" \/>\n\t<meta property=\"og:image:type\" content=\"image\/jpeg\" \/>\n<meta name=\"twitter:card\" content=\"summary_large_image\" \/>\n<meta name=\"twitter:label1\" content=\"Est. reading time\" \/>\n\t<meta name=\"twitter:data1\" content=\"7 minutes\" \/>\n<script type=\"application\/ld+json\" class=\"yoast-schema-graph\">{\"@context\":\"https:\/\/schema.org\",\"@graph\":[{\"@type\":\"WebPage\",\"@id\":\"https:\/\/vannangvn.123websitedev.com\/san-pham\/may-phan-tich-thanh-phan-nguyen-to-rigaku-micro-z-uls\/\",\"url\":\"https:\/\/vannangvn.123websitedev.com\/san-pham\/may-phan-tich-thanh-phan-nguyen-to-rigaku-micro-z-uls\/\",\"name\":\"M\u00c1Y PH\u00c2N T\u00cdCH TH\u00c0NH PH\u1ea6N NGUY\u00caN T\u1ed0 ... ch\u00ednh h\u00e3ng | V\u1ea1n N\u0103ng\",\"isPartOf\":{\"@id\":\"https:\/\/vannangvn.123websitedev.com\/#website\"},\"primaryImageOfPage\":{\"@id\":\"https:\/\/vannangvn.123websitedev.com\/san-pham\/may-phan-tich-thanh-phan-nguyen-to-rigaku-micro-z-uls\/#primaryimage\"},\"image\":{\"@id\":\"https:\/\/vannangvn.123websitedev.com\/san-pham\/may-phan-tich-thanh-phan-nguyen-to-rigaku-micro-z-uls\/#primaryimage\"},\"thumbnailUrl\":\"https:\/\/vannangvn.123websitedev.com\/wp-content\/uploads\/2026\/03\/May-phan-tich-thanh-phan-nguyen-to-Wavelength-Dispersive-X-ray-Fluorescence-Chlorine-Analyzer-RIGAKU-Micro-Z-CL2-copy-1.jpg\",\"datePublished\":\"2026-03-20T12:01:34+00:00\",\"dateModified\":\"2026-03-30T11:44:27+00:00\",\"description\":\"Mua ngay M\u00c1Y PH\u00c2N T\u00cdCH TH\u00c0NH PH\u1ea6N NGUY\u00caN T\u1ed0 RIGAKU MICRO-Z ULS ch\u00ednh h\u00e3ng. Gi\u00e1 t\u1ed1t!\",\"breadcrumb\":{\"@id\":\"https:\/\/vannangvn.123websitedev.com\/san-pham\/may-phan-tich-thanh-phan-nguyen-to-rigaku-micro-z-uls\/#breadcrumb\"},\"inLanguage\":\"en-US\",\"potentialAction\":[{\"@type\":\"ReadAction\",\"target\":[\"https:\/\/vannangvn.123websitedev.com\/san-pham\/may-phan-tich-thanh-phan-nguyen-to-rigaku-micro-z-uls\/\"]}]},{\"@type\":\"ImageObject\",\"inLanguage\":\"en-US\",\"@id\":\"https:\/\/vannangvn.123websitedev.com\/san-pham\/may-phan-tich-thanh-phan-nguyen-to-rigaku-micro-z-uls\/#primaryimage\",\"url\":\"https:\/\/vannangvn.123websitedev.com\/wp-content\/uploads\/2026\/03\/May-phan-tich-thanh-phan-nguyen-to-Wavelength-Dispersive-X-ray-Fluorescence-Chlorine-Analyzer-RIGAKU-Micro-Z-CL2-copy-1.jpg\",\"contentUrl\":\"https:\/\/vannangvn.123websitedev.com\/wp-content\/uploads\/2026\/03\/May-phan-tich-thanh-phan-nguyen-to-Wavelength-Dispersive-X-ray-Fluorescence-Chlorine-Analyzer-RIGAKU-Micro-Z-CL2-copy-1.jpg\",\"width\":768,\"height\":576},{\"@type\":\"BreadcrumbList\",\"@id\":\"https:\/\/vannangvn.123websitedev.com\/san-pham\/may-phan-tich-thanh-phan-nguyen-to-rigaku-micro-z-uls\/#breadcrumb\",\"itemListElement\":[{\"@type\":\"ListItem\",\"position\":1,\"name\":\"Trang ch\u1ee7\",\"item\":\"https:\/\/vannangvn.123websitedev.com\/\"},{\"@type\":\"ListItem\",\"position\":2,\"name\":\"S\u1ea3n ph\u1ea9m\",\"item\":\"https:\/\/vannangvn.123websitedev.com\/cua-hang\/\"},{\"@type\":\"ListItem\",\"position\":3,\"name\":\"M\u00c1Y PH\u00c2N T\u00cdCH TH\u00c0NH PH\u1ea6N NGUY\u00caN T\u1ed0 RIGAKU MICRO-Z ULS\"}]},{\"@type\":\"WebSite\",\"@id\":\"https:\/\/vannangvn.123websitedev.com\/#website\",\"url\":\"https:\/\/vannangvn.123websitedev.com\/\",\"name\":\"Vannang.vn\",\"description\":\"\",\"publisher\":{\"@id\":\"https:\/\/vannangvn.123websitedev.com\/#organization\"},\"potentialAction\":[{\"@type\":\"SearchAction\",\"target\":{\"@type\":\"EntryPoint\",\"urlTemplate\":\"https:\/\/vannangvn.123websitedev.com\/?s={search_term_string}\"},\"query-input\":{\"@type\":\"PropertyValueSpecification\",\"valueRequired\":true,\"valueName\":\"search_term_string\"}}],\"inLanguage\":\"en-US\"},{\"@type\":\"Organization\",\"@id\":\"https:\/\/vannangvn.123websitedev.com\/#organization\",\"name\":\"Vannang.vn\",\"url\":\"https:\/\/vannangvn.123websitedev.com\/\",\"logo\":{\"@type\":\"ImageObject\",\"inLanguage\":\"en-US\",\"@id\":\"https:\/\/vannangvn.123websitedev.com\/#\/schema\/logo\/image\/\",\"url\":\"https:\/\/vannangvn.123websitedev.com\/wp-content\/uploads\/2026\/02\/logo-van-nang-02.png\",\"contentUrl\":\"https:\/\/vannangvn.123websitedev.com\/wp-content\/uploads\/2026\/02\/logo-van-nang-02.png\",\"width\":448,\"height\":111,\"caption\":\"Vannang.vn\"},\"image\":{\"@id\":\"https:\/\/vannangvn.123websitedev.com\/#\/schema\/logo\/image\/\"}}]}<\/script>\n<!-- \/ Yoast SEO Premium plugin. -->","yoast_head_json":{"title":"M\u00c1Y PH\u00c2N T\u00cdCH TH\u00c0NH PH\u1ea6N NGUY\u00caN T\u1ed0 ... ch\u00ednh h\u00e3ng | V\u1ea1n N\u0103ng","description":"Mua ngay M\u00c1Y PH\u00c2N T\u00cdCH TH\u00c0NH PH\u1ea6N NGUY\u00caN T\u1ed0 RIGAKU MICRO-Z ULS ch\u00ednh h\u00e3ng. Gi\u00e1 t\u1ed1t!","robots":{"index":"noindex","follow":"follow","max-snippet":"max-snippet:-1","max-image-preview":"max-image-preview:large","max-video-preview":"max-video-preview:-1"},"og_locale":"en_US","og_type":"article","og_title":"M\u00c1Y PH\u00c2N T\u00cdCH TH\u00c0NH PH\u1ea6N NGUY\u00caN T\u1ed0 RIGAKU MICRO-Z ULS","og_description":"Mua ngay M\u00c1Y PH\u00c2N T\u00cdCH TH\u00c0NH PH\u1ea6N NGUY\u00caN T\u1ed0 RIGAKU MICRO-Z ULS ch\u00ednh h\u00e3ng. Gi\u00e1 t\u1ed1t!","og_url":"https:\/\/vannangvn.123websitedev.com\/en\/product\/may-phan-tich-thanh-phan-nguyen-to-rigaku-micro-z-uls\/","og_site_name":"Vannang.vn","article_modified_time":"2026-03-30T11:44:27+00:00","og_image":[{"width":768,"height":576,"url":"http:\/\/vannangvn.123websitedev.com\/wp-content\/uploads\/2026\/03\/May-phan-tich-thanh-phan-nguyen-to-Wavelength-Dispersive-X-ray-Fluorescence-Chlorine-Analyzer-RIGAKU-Micro-Z-CL2-copy-1.jpg","type":"image\/jpeg"}],"twitter_card":"summary_large_image","twitter_misc":{"Est. reading time":"7 minutes"},"schema":{"@context":"https:\/\/schema.org","@graph":[{"@type":"WebPage","@id":"https:\/\/vannangvn.123websitedev.com\/san-pham\/may-phan-tich-thanh-phan-nguyen-to-rigaku-micro-z-uls\/","url":"https:\/\/vannangvn.123websitedev.com\/san-pham\/may-phan-tich-thanh-phan-nguyen-to-rigaku-micro-z-uls\/","name":"M\u00c1Y PH\u00c2N T\u00cdCH TH\u00c0NH PH\u1ea6N NGUY\u00caN T\u1ed0 ... ch\u00ednh h\u00e3ng | V\u1ea1n N\u0103ng","isPartOf":{"@id":"https:\/\/vannangvn.123websitedev.com\/#website"},"primaryImageOfPage":{"@id":"https:\/\/vannangvn.123websitedev.com\/san-pham\/may-phan-tich-thanh-phan-nguyen-to-rigaku-micro-z-uls\/#primaryimage"},"image":{"@id":"https:\/\/vannangvn.123websitedev.com\/san-pham\/may-phan-tich-thanh-phan-nguyen-to-rigaku-micro-z-uls\/#primaryimage"},"thumbnailUrl":"https:\/\/vannangvn.123websitedev.com\/wp-content\/uploads\/2026\/03\/May-phan-tich-thanh-phan-nguyen-to-Wavelength-Dispersive-X-ray-Fluorescence-Chlorine-Analyzer-RIGAKU-Micro-Z-CL2-copy-1.jpg","datePublished":"2026-03-20T12:01:34+00:00","dateModified":"2026-03-30T11:44:27+00:00","description":"Mua ngay M\u00c1Y PH\u00c2N T\u00cdCH TH\u00c0NH PH\u1ea6N NGUY\u00caN T\u1ed0 RIGAKU MICRO-Z ULS ch\u00ednh h\u00e3ng. Gi\u00e1 t\u1ed1t!","breadcrumb":{"@id":"https:\/\/vannangvn.123websitedev.com\/san-pham\/may-phan-tich-thanh-phan-nguyen-to-rigaku-micro-z-uls\/#breadcrumb"},"inLanguage":"en-US","potentialAction":[{"@type":"ReadAction","target":["https:\/\/vannangvn.123websitedev.com\/san-pham\/may-phan-tich-thanh-phan-nguyen-to-rigaku-micro-z-uls\/"]}]},{"@type":"ImageObject","inLanguage":"en-US","@id":"https:\/\/vannangvn.123websitedev.com\/san-pham\/may-phan-tich-thanh-phan-nguyen-to-rigaku-micro-z-uls\/#primaryimage","url":"https:\/\/vannangvn.123websitedev.com\/wp-content\/uploads\/2026\/03\/May-phan-tich-thanh-phan-nguyen-to-Wavelength-Dispersive-X-ray-Fluorescence-Chlorine-Analyzer-RIGAKU-Micro-Z-CL2-copy-1.jpg","contentUrl":"https:\/\/vannangvn.123websitedev.com\/wp-content\/uploads\/2026\/03\/May-phan-tich-thanh-phan-nguyen-to-Wavelength-Dispersive-X-ray-Fluorescence-Chlorine-Analyzer-RIGAKU-Micro-Z-CL2-copy-1.jpg","width":768,"height":576},{"@type":"BreadcrumbList","@id":"https:\/\/vannangvn.123websitedev.com\/san-pham\/may-phan-tich-thanh-phan-nguyen-to-rigaku-micro-z-uls\/#breadcrumb","itemListElement":[{"@type":"ListItem","position":1,"name":"Trang ch\u1ee7","item":"https:\/\/vannangvn.123websitedev.com\/"},{"@type":"ListItem","position":2,"name":"S\u1ea3n ph\u1ea9m","item":"https:\/\/vannangvn.123websitedev.com\/cua-hang\/"},{"@type":"ListItem","position":3,"name":"M\u00c1Y PH\u00c2N T\u00cdCH TH\u00c0NH PH\u1ea6N NGUY\u00caN T\u1ed0 RIGAKU MICRO-Z ULS"}]},{"@type":"WebSite","@id":"https:\/\/vannangvn.123websitedev.com\/#website","url":"https:\/\/vannangvn.123websitedev.com\/","name":"Vannang.vn","description":"","publisher":{"@id":"https:\/\/vannangvn.123websitedev.com\/#organization"},"potentialAction":[{"@type":"SearchAction","target":{"@type":"EntryPoint","urlTemplate":"https:\/\/vannangvn.123websitedev.com\/?s={search_term_string}"},"query-input":{"@type":"PropertyValueSpecification","valueRequired":true,"valueName":"search_term_string"}}],"inLanguage":"en-US"},{"@type":"Organization","@id":"https:\/\/vannangvn.123websitedev.com\/#organization","name":"Vannang.vn","url":"https:\/\/vannangvn.123websitedev.com\/","logo":{"@type":"ImageObject","inLanguage":"en-US","@id":"https:\/\/vannangvn.123websitedev.com\/#\/schema\/logo\/image\/","url":"https:\/\/vannangvn.123websitedev.com\/wp-content\/uploads\/2026\/02\/logo-van-nang-02.png","contentUrl":"https:\/\/vannangvn.123websitedev.com\/wp-content\/uploads\/2026\/02\/logo-van-nang-02.png","width":448,"height":111,"caption":"Vannang.vn"},"image":{"@id":"https:\/\/vannangvn.123websitedev.com\/#\/schema\/logo\/image\/"}}]}},"_links":{"self":[{"href":"https:\/\/vannangvn.123websitedev.com\/en\/wp-json\/wp\/v2\/product\/7476","targetHints":{"allow":["GET"]}}],"collection":[{"href":"https:\/\/vannangvn.123websitedev.com\/en\/wp-json\/wp\/v2\/product"}],"about":[{"href":"https:\/\/vannangvn.123websitedev.com\/en\/wp-json\/wp\/v2\/types\/product"}],"replies":[{"embeddable":true,"href":"https:\/\/vannangvn.123websitedev.com\/en\/wp-json\/wp\/v2\/comments?post=7476"}],"wp:featuredmedia":[{"embeddable":true,"href":"https:\/\/vannangvn.123websitedev.com\/en\/wp-json\/wp\/v2\/media\/10515"}],"wp:attachment":[{"href":"https:\/\/vannangvn.123websitedev.com\/en\/wp-json\/wp\/v2\/media?parent=7476"}],"wp:term":[{"taxonomy":"product_brand","embeddable":true,"href":"https:\/\/vannangvn.123websitedev.com\/en\/wp-json\/wp\/v2\/product_brand?post=7476"},{"taxonomy":"product_cat","embeddable":true,"href":"https:\/\/vannangvn.123websitedev.com\/en\/wp-json\/wp\/v2\/product_cat?post=7476"},{"taxonomy":"product_tag","embeddable":true,"href":"https:\/\/vannangvn.123websitedev.com\/en\/wp-json\/wp\/v2\/product_tag?post=7476"}],"curies":[{"name":"wp","href":"https:\/\/api.w.org\/{rel}","templated":true}]}}