{"id":7478,"date":"2026-03-20T19:01:36","date_gmt":"2026-03-20T12:01:36","guid":{"rendered":"https:\/\/vannangvn.123websitedev.com\/san-pham\/may-phan-tich-thanh-phan-nguyen-to-rigaku-model-nex-ls\/"},"modified":"2026-03-30T18:44:30","modified_gmt":"2026-03-30T11:44:30","slug":"may-phan-tich-thanh-phan-nguyen-to-rigaku-model-nex-ls","status":"publish","type":"product","link":"https:\/\/vannangvn.123websitedev.com\/en\/product\/may-phan-tich-thanh-phan-nguyen-to-rigaku-model-nex-ls\/","title":{"rendered":"M\u00c1Y PH\u00c2N T\u00cdCH TH\u00c0NH PH\u1ea6N NGUY\u00caN T\u1ed0 RIGAKU MODEL NEX LS"},"content":{"rendered":"<h1 style=\"color: red; font-weight: bold; font-size: 24px;\">T&#7893;ng quan s&#7843;n ph&#7849;m M&Aacute;Y PH&Acirc;N T&Iacute;CH TH&Agrave;NH PH&#7846;N NGUY&Ecirc;N T&#7888; RIGAKU MODEL NEX LS<p>M&aacute;y Ph&acirc;n T&iacute;ch Th&agrave;nh Ph&#7847;n Nguy&ecirc;n T&#7889; (Scanning Multi-element Coating Analyzer) Rigaku Model NEX LS<br>\nM&aacute;y Ph&acirc;n T&iacute;ch Rigaku NEX LS l&agrave; thi&#7871;t b&#7883; ph&acirc;n t&iacute;ch hu&#7923;nh quang tia X ph&acirc;n t&aacute;n n&#259;ng l&#432;&#7907;ng qu&aacute; tr&igrave;nh (EDXRF) ti&ecirc;n ti&#7871;n, &#273;&#7841;i di&#7879;n cho b&#432;&#7899;c ti&#7871;n v&#432;&#7907;t b&#7853;c trong c&ocirc;ng ngh&#7879; ph&acirc;n t&iacute;ch l&#7899;p ph&#7911;. &#272;&#432;&#7907;c thi&#7871;t k&#7871; &#273;&#7875; ph&#7909;c v&#7909; c&aacute;c &#7913;ng d&#7909;ng d&#7841;ng cu&#7897;n v&agrave; d&#7841;ng t&#7845;m, Rigaku NEX LS mang l&#7841;i kh&#7843; n&#259;ng ph&acirc;n t&iacute;ch &#273;&#7897; d&agrave;y v&agrave; th&agrave;nh ph&#7847;n l&#7899;p ph&#7911; theo th&#7901;i gian th&#7921;c, tr&#7921;c tuy&#7871;n.<br>\nS&#7921; k&#7871;t h&#7907;p gi&#7919;a c&ocirc;ng ngh&#7879; EDXRF th&#7871; h&#7879; th&#7913; ba v&agrave; kh&#7843; n&#259;ng ph&acirc;n t&iacute;ch &#273;a nguy&ecirc;n t&#7889; gi&uacute;p thi&#7871;t b&#7883; n&agrave;y tr&#7903; th&agrave;nh l&#7921;a ch&#7885;n h&agrave;ng &#273;&#7847;u cho c&aacute;c nh&agrave; s&#7843;n xu&#7845;t v&agrave; ph&ograve;ng th&iacute; nghi&#7879;m. H&atilde;y c&ugrave;ng V&#7841;n N&#259;ng t&igrave;m hi&#7875;u chi ti&#7871;t h&#417;n v&#7873; s&#7843;n ph&#7849;m th&ocirc;ng qua b&agrave;i vi&#7871;t d&#432;&#7899;i &#273;&acirc;y nh&eacute;!<\/p><p>Xem th&ecirc;m: M&aacute;y C&#7855;t &#272;&#432;&#7901;ng Gh&eacute;p M&iacute; Lon (Metop Seam Saw) METOP Model MSS-3LT<\/p><p>&#272;&#7863;c Tr&#432;ng C&#7911;a M&aacute;y Ph&acirc;n T&iacute;ch Th&agrave;nh Ph&#7847;n Nguy&ecirc;n T&#7889; NEX LS<br>\nC&ocirc;ng Ngh&#7879; Hu&#7923;nh Quang Tia X Ph&acirc;n T&aacute;n N&#259;ng L&#432;&#7907;ng (EDXRF)<br>\nRigaku NEX LS s&#7917; d&#7909;ng c&ocirc;ng ngh&#7879; EDXRF &#273;&#7875; cung c&#7845;p c&aacute;c ph&acirc;n t&iacute;ch nhanh ch&oacute;ng, kh&ocirc;ng ph&aacute; h&#7911;y, &#273;a nguy&ecirc;n t&#7889; t&#7915; nh&ocirc;m (&#8321;&#8323;Al) &#273;&#7871;n uranium (&#8329;&#8322;U). &#272;i&#7873;u n&agrave;y kh&ocirc;ng ch&#7881; &#273;&#7843;m b&#7843;o hi&#7879;u su&#7845;t ph&acirc;n t&iacute;ch v&#432;&#7907;t tr&#7897;i m&agrave; c&ograve;n mang l&#7841;i &#273;&#7897; tin c&#7853;y cao, &#273;&aacute;p &#7913;ng nhu c&#7847;u ph&acirc;n t&iacute;ch l&#7899;p ph&#7911; trong nhi&#7873;u ng&agrave;nh c&ocirc;ng nghi&#7879;p kh&aacute;c nhau.<br>\nPh&acirc;n T&iacute;ch &#272;&#7897; D&agrave;y v&agrave; Th&agrave;nh Ph&#7847;n L&#7899;p Ph&#7911;<br>\n&#272;&#432;&#7907;c thi&#7871;t k&#7871; &#273;&#7863;c bi&#7879;t &#273;&#7875; ph&acirc;n t&iacute;ch th&agrave;nh ph&#7847;n &#273;a nguy&ecirc;n t&#7889;, tr&#7885;ng l&#432;&#7907;ng l&#7899;p ph&#7911; ho&#7863;c &#273;&#7897; d&agrave;y l&#7899;p ph&#7911;, Rigaku NEX LS c&oacute; kh&#7843; n&#259;ng &#273;o l&#432;&#7901;ng ch&iacute;nh x&aacute;c v&agrave; nhanh ch&oacute;ng. &#272;&#7847;u &#273;o EDXRF &#273;&#432;&#7907;c g&#7855;n tr&ecirc;n m&#7897;t d&#7847;m c&#7913;ng v&agrave; di chuy&#7875;n ngang tuy&#7871;n t&iacute;nh, gi&uacute;p duy tr&igrave; kho&#7843;ng c&aacute;ch kh&ocirc;ng &#273;&#7893;i t&#7915; &#273;&#7847;u &#273;o &#273;&#7871;n b&#7873; m&#7863;t m&#7851;u, &#273;&#7843;m b&#7843;o &#273;&#7897; ch&iacute;nh x&aacute;c t&#7889;i &#273;a trong qu&aacute; tr&igrave;nh ph&acirc;n t&iacute;ch.<br>\nQu&eacute;t Th&#7901;i Gian Th&#7921;c<br>\nModel NEX LS Rigaku cung c&#7845;p kh&#7843; n&#259;ng qu&eacute;t th&#7901;i gian th&#7921;c, gi&uacute;p ki&#7875;m so&aacute;t quy tr&igrave;nh ch&#7863;t ch&#7869; h&#417;n v&agrave; &#273;&#7843;m b&#7843;o ch&#7845;t l&#432;&#7907;ng s&#7843;n ph&#7849;m. Vi&#7879;c qu&eacute;t th&#7901;i gian th&#7921;c kh&ocirc;ng ch&#7881; gi&uacute;p ph&aacute;t hi&#7879;n c&aacute;c sai s&oacute;t ngay l&#7853;p t&#7913;c m&agrave; c&ograve;n t&#259;ng c&#432;&#7901;ng hi&#7879;u su&#7845;t s&#7843;n xu&#7845;t, gi&#7843;m thi&#7875;u l&atilde;ng ph&iacute; v&agrave; t&#7889;i &#432;u h&oacute;a quy tr&igrave;nh.<\/p><p>&#7912;ng D&#7909;ng Trong C&aacute;c Ng&agrave;nh C&ocirc;ng Nghi&#7879;p<br>\nL&#7899;p Ph&#7911; Gi&#7843;i Ph&oacute;ng Silicone<br>\nM&aacute;y ph&acirc;n t&iacute;ch Rigaku NEX LS l&agrave; c&ocirc;ng c&#7909; l&yacute; t&#432;&#7903;ng cho c&aacute;c ng&agrave;nh c&ocirc;ng nghi&#7879;p s&#7917; d&#7909;ng d&#7847;u silicon l&agrave;m l&#7899;p ph&#7911; gi&#7843;i ph&oacute;ng, nh&#432; ng&agrave;nh s&#7843;n xu&#7845;t nh&atilde;n v&agrave; bao b&igrave;. Thi&#7871;t b&#7883; gi&uacute;p &#273;o l&#432;&#7901;ng ch&iacute;nh x&aacute;c l&#7899;p ph&#7911; silicone tr&ecirc;n ch&#7845;t n&#7873;n nh&#7921;a v&agrave; gi&#7845;y, &#273;&#7843;m b&#7843;o s&#7843;n ph&#7849;m &#273;&#7841;t ch&#7845;t l&#432;&#7907;ng cao nh&#7845;t. Vi&#7879;c s&#7917; d&#7909;ng qu&aacute; &iacute;t ho&#7863;c qu&aacute; nhi&#7873;u silicone &#273;&#7873;u &#7843;nh h&#432;&#7903;ng &#273;&#7871;n &#273;&#7863;c t&iacute;nh s&#7843;n ph&#7849;m, do &#273;&oacute;, vi&#7879;c ki&#7875;m so&aacute;t l&#432;&#7907;ng silicone ch&iacute;nh x&aacute;c l&agrave; r&#7845;t quan tr&#7885;ng.<br>\nKi&#7875;m So&aacute;t Ch&#7845;t L&#432;&#7907;ng<br>\nRigaku NEX LS gi&uacute;p c&aacute;c nh&agrave; s&#7843;n xu&#7845;t ki&#7875;m so&aacute;t ch&#7845;t l&#432;&#7907;ng s&#7843;n ph&#7849;m m&#7897;t c&aacute;ch hi&#7879;u qu&#7843;, gi&#7843;m thi&#7875;u l&atilde;ng ph&iacute; v&agrave; t&#7889;i &#432;u h&oacute;a quy tr&igrave;nh s&#7843;n xu&#7845;t. M&aacute;y c&oacute; kh&#7843; n&#259;ng ph&aacute;t hi&#7879;n c&aacute;c v&ugrave;ng thi&#7871;u l&#7899;p ph&#7911; silicone, ng&#259;n ch&#7863;n vi&#7879;c s&#7843;n ph&#7849;m b&#7883; lo&#7841;i b&#7887; ho&#7863;c gi&aacute;n &#273;o&#7841;n trong qu&aacute; tr&igrave;nh s&#7843;n xu&#7845;t. &#272;i&#7873;u n&agrave;y gi&uacute;p &#273;&#7843;m b&#7843;o s&#7843;n ph&#7849;m cu&#7889;i c&ugrave;ng &#273;&#7841;t ti&ecirc;u chu&#7849;n ch&#7845;t l&#432;&#7907;ng cao nh&#7845;t.<br>\n&#7912;ng D&#7909;ng &#272;a Ng&agrave;nh<br>\nM&aacute;y ph&acirc;n t&iacute;ch th&agrave;nh ph&#7847;n NEX LS kh&ocirc;ng ch&#7881; h&#7919;u &iacute;ch trong ng&agrave;nh s&#7843;n xu&#7845;t nh&atilde;n v&agrave; bao b&igrave; m&agrave; c&ograve;n &#273;&#432;&#7907;c s&#7917; d&#7909;ng r&#7897;ng r&atilde;i trong c&aacute;c ng&agrave;nh c&ocirc;ng nghi&#7879;p kh&aacute;c nh&#432; s&#7843;n xu&#7845;t th&eacute;p, &#273;i&#7879;n t&#7917;, v&agrave; h&oacute;a ch&#7845;t. Kh&#7843; n&#259;ng ph&acirc;n t&iacute;ch &#273;a nguy&ecirc;n t&#7889; c&#7911;a m&aacute;y gi&uacute;p &#273;&aacute;p &#7913;ng c&aacute;c y&ecirc;u c&#7847;u ph&acirc;n t&iacute;ch ph&#7913;c t&#7841;p, &#273;&#7843;m b&#7843;o &#273;&#7897; ch&iacute;nh x&aacute;c v&agrave; hi&#7879;u su&#7845;t cao trong m&#7885;i &#7913;ng d&#7909;ng.<\/p><p>Xem th&ecirc;m: M&aacute;y C&#7855;t Xoay B&aacute;n T&#7921; &#272;&#7897;ng (Semi-Automatic Rotating Cutter) METOP Model SARC-3)<\/p><p>L&#7907;i &Iacute;ch C&#7911;a Vi&#7879;c S&#7917; D&#7909;ng Rigaku NEX LS<br>\nN&acirc;ng Cao Ch&#7845;t L&#432;&#7907;ng S&#7843;n Ph&#7849;m<br>\nV&#7899;i kh&#7843; n&#259;ng ph&acirc;n t&iacute;ch ch&iacute;nh x&aacute;c v&agrave; nhanh ch&oacute;ng, Model NEX LS gi&uacute;p c&aacute;c nh&agrave; s&#7843;n xu&#7845;t n&acirc;ng cao ch&#7845;t l&#432;&#7907;ng s&#7843;n ph&#7849;m, gi&#7843;m thi&#7875;u sai s&oacute;t v&agrave; t&#7889;i &#432;u h&oacute;a quy tr&igrave;nh s&#7843;n xu&#7845;t.<br>\nT&#7889;i &#431;u H&oacute;a Chi Ph&iacute;<br>\nVi&#7879;c ki&#7875;m so&aacute;t ch&iacute;nh x&aacute;c l&#432;&#7907;ng l&#7899;p ph&#7911; gi&uacute;p gi&#7843;m thi&#7875;u l&atilde;ng ph&iacute; nguy&ecirc;n li&#7879;u, t&#7889;i &#432;u h&oacute;a chi ph&iacute; s&#7843;n xu&#7845;t v&agrave; t&#259;ng c&#432;&#7901;ng l&#7907;i nhu&#7853;n cho doanh nghi&#7879;p.<br>\n&#272;&#7843;m B&#7843;o &#272;&#7897; Tin C&#7853;y<br>\nC&ocirc;ng ngh&#7879; EDXRF ti&ecirc;n ti&#7871;n c&#7911;a M&aacute;y Rigaku NEX LS mang l&#7841;i &#273;&#7897; tin c&#7853;y cao, gi&uacute;p c&aacute;c nh&agrave; s&#7843;n xu&#7845;t y&ecirc;n t&acirc;m v&#7873; ch&#7845;t l&#432;&#7907;ng s&#7843;n ph&#7849;m v&agrave; quy tr&igrave;nh s&#7843;n xu&#7845;t.<\/p><p>Nh&#7919;ng L&yacute; Do N&ecirc;n Mua M&aacute;y Ph&acirc;n T&iacute;ch Th&agrave;nh Ph&#7847;n Nguy&ecirc;n T&#7889; H&#7885;c T&#7841;i Thi&#7871;t B&#7883; C&ocirc;ng Ngh&#7879; V&#7841;n N&#259;ng<\/p><p>C&ocirc;ng ty Thi&#7871;t B&#7883; C&ocirc;ng Ngh&#7879; V&#7841;n N&#259;ng l&agrave; &#273;&#7889;i t&aacute;c ch&iacute;nh th&#7913;c ph&acirc;n ph&#7889;i M&aacute;y Ph&acirc;n T&iacute;ch Th&agrave;nh Ph&#7847;n Nguy&ecirc;n T&#7889; h&agrave;ng &#273;&#7847;u t&#7841;i Vi&#7879;t Nam, cam k&#7871;t cung c&#7845;p s&#7843;n ph&#7849;m ch&iacute;nh h&atilde;ng v&#7899;i gi&aacute; c&#7843; c&#7841;nh tranh nh&#7845;t th&#7883; tr&#432;&#7901;ng. V&#7899;i uy t&iacute;n tr&ecirc;n th&#7883; tr&#432;&#7901;ng v&agrave; ch&#7871; &#273;&#7897; h&#7851;u m&atilde;i t&#7889;t, Thi&#7871;t B&#7883; C&ocirc;ng Ngh&#7879; V&#7841;n N&#259;ng &#273;&atilde; nh&#7853;n &#273;&#432;&#7907;c s&#7921; tin t&#432;&#7903;ng t&#7915; kh&aacute;ch h&agrave;ng nh&#7901; v&agrave;o ch&#7845;t l&#432;&#7907;ng h&agrave;ng &#273;&#7847;u c&#7911;a c&aacute;c d&ograve;ng s&#7843;n ph&#7849;m.<br>\nS&#7843;n ph&#7849;m c&#7911;a ch&uacute;ng t&ocirc;i &#273;&#432;&#7907;c ki&#7875;m &#273;&#7883;nh ch&#7845;t l&#432;&#7907;ng, nh&#7853;p kh&#7849;u tr&#7921;c ti&#7871;p t&#7915; nh&agrave; m&aacute;y b&ecirc;n Ch&acirc;u &Acirc;u, M&#7929;, &Uacute;c, Nh&#7853;t B&#7843;n,&hellip; v&agrave; &#273;&aacute;p &#7913;ng nhu c&#7847;u &#273;a d&#7841;ng c&#7911;a th&#7883; tr&#432;&#7901;ng nh&#432;: M&aacute;y &#272;o &#272;&#7897; C&#7913;ng, M&aacute;y SpectroMaxx, M&aacute;y &#272;o T&#7927; Tr&#7885;ng,..Ch&uacute;ng t&ocirc;i cam k&#7871;t cung c&#7845;p s&#7843;n ph&#7849;m n&agrave;y tr&ecirc;n to&agrave;n qu&#7889;c v&#7899;i gi&aacute; c&#7843; c&#7841;nh tranh nh&#7845;t.<br>\nCh&uacute;ng t&ocirc;i c&oacute; &#273;&#7897;i ng&#361; chuy&ecirc;n vi&ecirc;n t&#432; v&#7845;n chuy&ecirc;n s&acirc;u s&#7869; h&#7895; tr&#7907; kh&aacute;ch h&agrave;ng v&#7873; chi ti&#7871;t s&#7843;n ph&#7849;m, h&#432;&#7899;ng d&#7851;n s&#7917; d&#7909;ng hay nh&#7919;ng th&#7913; li&ecirc;n quan &#273;&#7871;n v&#7845;n &#273;&#7873; m&agrave; doanh nghi&#7879;p b&#7841;n &#273;ang g&#7863;p ph&#7843;i. Ch&uacute;ng t&ocirc;i s&#7869; cung c&#7845;p nh&#7919;ng gi&#7843;i ph&aacute;p t&#7889;i &#432;u nh&#7845;t !!!<br>\nNgo&agrave;i ra Thi&#7871;t B&#7883; C&ocirc;ng Ngh&#7879; V&#7841;n N&#259;ng Ch&uacute;ng T&ocirc;i lu&ocirc;n h&#432;&#7899;ng &#273;&#7871;n tr&#7843;i nghi&#7879;m kh&aacute;ch h&agrave;ng, v&igrave; v&#7853;y ch&uacute;ng t&ocirc;i c&oacute; nh&#7919;ng ch&iacute;nh s&aacute;ch b&#7843;o h&agrave;nh, b&#7843;o tr&igrave; &ndash; b&#7843;o d&#432;&#7905;ng, hi&#7879;u chu&#7849;n v&#7899;i t&#7845;t c&#7843; c&aacute;c thi&#7871;t b&#7883;, m&aacute;y m&oacute;c m&agrave; ch&uacute;ng t&ocirc;i cung c&#7845;p. &#272;&#7843;m b&#7843;o mang &#273;&#7871;n cho Kh&aacute;ch h&agrave;ng s&#7921; y&ecirc;n t&acirc;m tuy&#7879;t &#273;&#7889;i v&#7873; d&#7883;ch v&#7909; khi mua h&agrave;ng.<\/p><p>T&#7893;ng K&#7871;t<br>\nM&aacute;y Ph&acirc;n T&iacute;ch Th&agrave;nh Ph&#7847;n Nguy&ecirc;n T&#7889; Rigaku NEX LS l&agrave; gi&#7843;i ph&aacute;p to&agrave;n di&#7879;n cho c&aacute;c nh&agrave; s&#7843;n xu&#7845;t mu&#7889;n n&acirc;ng cao ch&#7845;t l&#432;&#7907;ng s&#7843;n ph&#7849;m v&agrave; t&#7889;i &#432;u h&oacute;a quy tr&igrave;nh s&#7843;n xu&#7845;t. V&#7899;i c&ocirc;ng ngh&#7879; EDXRF ti&ecirc;n ti&#7871;n, Rigaku NEX LS mang l&#7841;i &#273;&#7897; ch&iacute;nh x&aacute;c v&agrave; hi&#7879;u su&#7845;t v&#432;&#7907;t tr&#7897;i, &#273;&aacute;p &#7913;ng m&#7885;i nhu c&#7847;u ph&acirc;n t&iacute;ch l&#7899;p ph&#7911; trong c&aacute;c ng&agrave;nh c&ocirc;ng nghi&#7879;p hi&#7879;n &#273;&#7841;i. H&atilde;y li&ecirc;n h&#7879; v&#7899;i Thi&#7871;t B&#7883; C&ocirc;ng Ngh&#7879; V&#7841;n N&#259;ng ngay &#273;&#7875; &#273;&#432;&#7907;c t&#432; v&#7845;n chuy&ecirc;n s&acirc;u v&agrave; nh&#7853;n c&aacute;c &#432;u &#273;&atilde;i h&#7845;p d&#7851;n nh&#7845;t th&ocirc;ng qua hotline <a href=\"https:\/\/zalo.me\/0903991335\" target=\"_blank\" rel=\"noopener\" style=\"color: #059669; font-weight: bold; text-decoration: none;\">0903 991 335<\/a>!<\/p><div style=\"background-color: #f8fafc; border: 1px solid #e2e8f0; border-radius: 8px; padding: 25px; max-width: 800px; margin: 30px auto; color: #334155; line-height: 1.8; font-size: 17px; box-shadow: 0 4px 6px -1px rgba(0,0,0,0.05); text-align: left; clear: both;\">\nC&ocirc;ng ty TNHH Th&#432;&#417;ng M&#7841;i D&#7883;ch V&#7909; Thi&#7871;t B&#7883; C&ocirc;ng Ngh&#7879; V&#7841;n N&#259;ng\n<p style=\"margin: 0 0 10px 0;\">&#128205; <strong style=\"color: #1e293b;\">&#272;&#7883;a ch&#7881;:<\/strong> <a style=\"color: #059669; text-decoration: none; font-weight: bold;\" href=\"https:\/\/www.google.com\/maps\/search\/C%C3%B4ng+ty+TNHH+Th%C6%B0%C6%A1ng+M%E1%BA%A1i+D%E1%BB%8Bch+V%E1%BB%A5+Thi%E1%BA%BFt+B%E1%BB%8B+C%C3%B4ng+Ngh%E1%BB%87+V%E1%BA%A1n+N%C4%83ng+818+Tr%C6%B0%E1%BB%9Dng+Chinh\" target=\"_blank\" rel=\"noopener\">818 Tr&#432;&#7901;ng Chinh, Ph&#432;&#7901;ng T&acirc;n S&#417;n, Th&agrave;nh ph&#7889; H&#7891; Ch&iacute; Minh, Vi&#7879;t Nam<\/a><\/p>\n<p style=\"margin: 0 0 10px 0;\">&#128222; <strong style=\"color: #1e293b;\">S&#272;T &ndash; Zalo:<\/strong> <a style=\"color: #059669; text-decoration: none; font-weight: bold;\" href=\"https:\/\/zalo.me\/0903991335\" target=\"_blank\" rel=\"noopener\">0903 991 335<\/a> <span style=\"color: #64748b; font-style: italic;\">(Ms. H&#7841;nh &ndash; Gi&aacute;m &#272;&#7889;c Kinh Doanh)<\/span><\/p>\n<p style=\"margin: 0;\">&#9993;&#65039; <strong style=\"color: #1e293b;\">Email:<\/strong> <a style=\"color: #059669; text-decoration: none; font-weight: bold;\" href=\"mailto:hienhanh@vannangvn.com\">hienhanh@vannangvn.com<\/a><\/p>\n<\/div><\/h1>","protected":false},"excerpt":{"rendered":"<p><strong>Th&#432;&#417;ng hi&#7879;u:<\/strong> M&aacute;y Rigaku NEX LS l&agrave; m&#7897;t m&aacute;y ph&acirc;n t&iacute;ch l&#7899;p ph&#7911; &#273;a nguy&ecirc;n t&#7889; qu&eacute;t gi&uacute;p duy tr&igrave; ki&#7875;m so&aacute;t ch&#7845;t l&#432;&#7907;ng th&#432;&#7901;ng xuy&ecirc;n cho c&aacute;c &#7913;ng d&#7909;ng cu&#7897;n v&agrave; web. &#272;&acirc;y l&agrave; m&#7897;t h&#7879; th&#7889;ng hu&#7923;nh quang tia X ph&acirc;n t&aacute;n n&#259;ng l&#432;&#7907;ng  nh&#7887; g&#7885;n, tr&#7921;c ti&#7871;p cung c&#7845;p th&ocirc;ng tin gi&aacute; tr&#7883; v&#7873; &#273;&#7863;c t&iacute;nh c&#7911;a l&#7899;p ph&#7911; ho&#7863;c th&agrave;nh ph&#7847;n c&#7911;a s&#7843;n ph&#7849;m. Ch&#7845;t l&#432;&#7907;ng s&#7843;n ph&#7849;m ph&#7909; thu&#7897;c v&agrave;o &#273;&#7897; d&agrave;y ho&#7863;c tr&#7885;ng l&#432;&#7907;ng l&#7899;p ph&#7911; ph&ugrave; h&#7907;p, ho&#7863;c th&agrave;nh ph&#7847;n nguy&ecirc;n t&#7889; c&#7911;a s&#7843;n ph&#7849;m. NEX LS cho ph&eacute;p gi&aacute;m s&aacute;t li&ecirc;n t&#7909;c c&aacute;c y&#7871;u t&#7889; n&agrave;y m&agrave; kh&ocirc;ng c&#7847;n d&#7915;ng s&#7843;n xu&#7845;t.<br>\n<strong>Model:<\/strong> NEX LS<p>Product <strong>M&Aacute;Y PH&Acirc;N T&Iacute;CH TH&Agrave;NH PH&#7846;N NGUY&Ecirc;N T&#7888; RIGAKU MODEL NEX LS<\/strong> ch&iacute;nh h&atilde;ng. M&aacute;y Rigaku NEX LS l&agrave; m&#7897;t m&aacute;y ph&acirc;n t&iacute;ch l&#7899;p ph&#7911; &#273;a nguy&ecirc;n t&#7889; qu&eacute;t gi&uacute;p duy tr&igrave; ki&#7875;m so&aacute;t ch&#7845;t l&#432;&#7907;ng th&#432;&#7901;ng xuy&ecirc;n cho c&aacute;c &#7913;ng d&#7909;ng cu&#7897;n v&agrave; web. &#272;&acirc;y l&agrave; m&#7897;t h&#7879; th&#7889;ng hu&#7923;nh quang tia X ph&acirc;n t&aacute;n n&#259;ng l&#432;&#7907;ng (EDXRF) nh&#7887; g&#7885;n, tr&#7921;c ti&#7871;p cung c&#7845;p th&ocirc;ng tin gi&aacute; tr&#7883; v&#7873; &#273;&#7863;c t&iacute;nh c&#7911;a l&#7899;p ph&#7911; ho&#7863;c th&agrave;nh ph&#7847;n c&#7911;a s&#7843;n ph&#7849;m. Ch&#7845;t l&#432;&#7907;ng s&#7843;n ph&#7849;m ph&#7909; thu&#7897;c v&agrave;o &#273;&#7897; d&agrave;y ho&#7863;c tr&#7885;ng l&#432;&#7907;ng l&#7899;p ph&#7911; ph&ugrave; h&#7907;p, ho&#7863;c th&agrave;nh ph&#7847;n nguy&ecirc;n t&#7889; c&#7911;a s&#7843;n ph&#7849;m. NEX LS cho ph&eacute;p gi&aacute;m s&aacute;t li&ecirc;n t&#7909;c c&aacute;c y&#7871;u t&#7889; n&agrave;y m&agrave; kh&ocirc;ng c&#7847;n d&#7915;ng s&#7843;n xu&#7845;t.<\/p><\/p>","protected":false},"featured_media":0,"comment_status":"open","ping_status":"closed","template":"","meta":[],"product_brand":[],"product_cat":[18],"product_tag":[109,116,275,563,595,629,867,2790,2791,2804],"class_list":{"0":"post-7478","1":"product","2":"type-product","3":"status-publish","5":"product_cat-chua-phan-loai","6":"product_tag-may","7":"product_tag-model","8":"product_tag-phan","9":"product_tag-to","10":"product_tag-thanh","11":"product_tag-tich","12":"product_tag-nguyen","13":"product_tag-rigaku","14":"product_tag-nex","15":"product_tag-ls","17":"first","18":"instock","19":"shipping-taxable","20":"product-type-simple"},"yoast_head":"<!-- This site is optimized with the Yoast SEO Premium plugin v24.8 (Yoast SEO v24.8) - https:\/\/yoast.com\/wordpress\/plugins\/seo\/ -->\n<title>M\u00c1Y PH\u00c2N T\u00cdCH TH\u00c0NH PH\u1ea6N NGUY\u00caN T\u1ed0 ... ch\u00ednh h\u00e3ng | V\u1ea1n N\u0103ng<\/title>\n<meta name=\"description\" content=\"Mua ngay M\u00c1Y PH\u00c2N T\u00cdCH TH\u00c0NH PH\u1ea6N NGUY\u00caN T\u1ed0 RIGAKU MODEL NEX LS ch\u00ednh h\u00e3ng. Gi\u00e1 t\u1ed1t!\" \/>\n<meta name=\"robots\" content=\"noindex, follow, max-snippet:-1, max-image-preview:large, max-video-preview:-1\" \/>\n<meta property=\"og:locale\" content=\"en_US\" \/>\n<meta property=\"og:type\" content=\"article\" \/>\n<meta property=\"og:title\" content=\"M\u00c1Y PH\u00c2N T\u00cdCH TH\u00c0NH PH\u1ea6N NGUY\u00caN T\u1ed0 RIGAKU MODEL NEX LS\" \/>\n<meta property=\"og:description\" content=\"Mua ngay M\u00c1Y PH\u00c2N T\u00cdCH TH\u00c0NH PH\u1ea6N NGUY\u00caN T\u1ed0 RIGAKU MODEL NEX LS ch\u00ednh h\u00e3ng. Gi\u00e1 t\u1ed1t!\" \/>\n<meta property=\"og:url\" content=\"https:\/\/vannangvn.123websitedev.com\/en\/product\/may-phan-tich-thanh-phan-nguyen-to-rigaku-model-nex-ls\/\" \/>\n<meta property=\"og:site_name\" content=\"Vannang.vn\" \/>\n<meta property=\"article:modified_time\" content=\"2026-03-30T11:44:30+00:00\" \/>\n<meta name=\"twitter:card\" content=\"summary_large_image\" \/>\n<meta name=\"twitter:label1\" content=\"Est. reading time\" \/>\n\t<meta name=\"twitter:data1\" content=\"10 minutes\" \/>\n<script type=\"application\/ld+json\" class=\"yoast-schema-graph\">{\"@context\":\"https:\/\/schema.org\",\"@graph\":[{\"@type\":\"WebPage\",\"@id\":\"https:\/\/vannangvn.123websitedev.com\/san-pham\/may-phan-tich-thanh-phan-nguyen-to-rigaku-model-nex-ls\/\",\"url\":\"https:\/\/vannangvn.123websitedev.com\/san-pham\/may-phan-tich-thanh-phan-nguyen-to-rigaku-model-nex-ls\/\",\"name\":\"M\u00c1Y PH\u00c2N T\u00cdCH TH\u00c0NH PH\u1ea6N NGUY\u00caN T\u1ed0 ... ch\u00ednh h\u00e3ng | V\u1ea1n N\u0103ng\",\"isPartOf\":{\"@id\":\"https:\/\/vannangvn.123websitedev.com\/#website\"},\"datePublished\":\"2026-03-20T12:01:36+00:00\",\"dateModified\":\"2026-03-30T11:44:30+00:00\",\"description\":\"Mua ngay M\u00c1Y PH\u00c2N T\u00cdCH TH\u00c0NH PH\u1ea6N NGUY\u00caN T\u1ed0 RIGAKU MODEL NEX LS ch\u00ednh h\u00e3ng. Gi\u00e1 t\u1ed1t!\",\"breadcrumb\":{\"@id\":\"https:\/\/vannangvn.123websitedev.com\/san-pham\/may-phan-tich-thanh-phan-nguyen-to-rigaku-model-nex-ls\/#breadcrumb\"},\"inLanguage\":\"en-US\",\"potentialAction\":[{\"@type\":\"ReadAction\",\"target\":[\"https:\/\/vannangvn.123websitedev.com\/san-pham\/may-phan-tich-thanh-phan-nguyen-to-rigaku-model-nex-ls\/\"]}]},{\"@type\":\"BreadcrumbList\",\"@id\":\"https:\/\/vannangvn.123websitedev.com\/san-pham\/may-phan-tich-thanh-phan-nguyen-to-rigaku-model-nex-ls\/#breadcrumb\",\"itemListElement\":[{\"@type\":\"ListItem\",\"position\":1,\"name\":\"Trang ch\u1ee7\",\"item\":\"https:\/\/vannangvn.123websitedev.com\/\"},{\"@type\":\"ListItem\",\"position\":2,\"name\":\"S\u1ea3n ph\u1ea9m\",\"item\":\"https:\/\/vannangvn.123websitedev.com\/cua-hang\/\"},{\"@type\":\"ListItem\",\"position\":3,\"name\":\"M\u00c1Y PH\u00c2N T\u00cdCH TH\u00c0NH PH\u1ea6N NGUY\u00caN T\u1ed0 RIGAKU MODEL NEX LS\"}]},{\"@type\":\"WebSite\",\"@id\":\"https:\/\/vannangvn.123websitedev.com\/#website\",\"url\":\"https:\/\/vannangvn.123websitedev.com\/\",\"name\":\"Vannang.vn\",\"description\":\"\",\"publisher\":{\"@id\":\"https:\/\/vannangvn.123websitedev.com\/#organization\"},\"potentialAction\":[{\"@type\":\"SearchAction\",\"target\":{\"@type\":\"EntryPoint\",\"urlTemplate\":\"https:\/\/vannangvn.123websitedev.com\/?s={search_term_string}\"},\"query-input\":{\"@type\":\"PropertyValueSpecification\",\"valueRequired\":true,\"valueName\":\"search_term_string\"}}],\"inLanguage\":\"en-US\"},{\"@type\":\"Organization\",\"@id\":\"https:\/\/vannangvn.123websitedev.com\/#organization\",\"name\":\"Vannang.vn\",\"url\":\"https:\/\/vannangvn.123websitedev.com\/\",\"logo\":{\"@type\":\"ImageObject\",\"inLanguage\":\"en-US\",\"@id\":\"https:\/\/vannangvn.123websitedev.com\/#\/schema\/logo\/image\/\",\"url\":\"https:\/\/vannangvn.123websitedev.com\/wp-content\/uploads\/2026\/02\/logo-van-nang-02.png\",\"contentUrl\":\"https:\/\/vannangvn.123websitedev.com\/wp-content\/uploads\/2026\/02\/logo-van-nang-02.png\",\"width\":448,\"height\":111,\"caption\":\"Vannang.vn\"},\"image\":{\"@id\":\"https:\/\/vannangvn.123websitedev.com\/#\/schema\/logo\/image\/\"}}]}<\/script>\n<!-- \/ Yoast SEO Premium plugin. -->","yoast_head_json":{"title":"M\u00c1Y PH\u00c2N T\u00cdCH TH\u00c0NH PH\u1ea6N NGUY\u00caN T\u1ed0 ... ch\u00ednh h\u00e3ng | V\u1ea1n N\u0103ng","description":"Mua ngay M\u00c1Y PH\u00c2N T\u00cdCH TH\u00c0NH PH\u1ea6N NGUY\u00caN T\u1ed0 RIGAKU MODEL NEX LS ch\u00ednh h\u00e3ng. Gi\u00e1 t\u1ed1t!","robots":{"index":"noindex","follow":"follow","max-snippet":"max-snippet:-1","max-image-preview":"max-image-preview:large","max-video-preview":"max-video-preview:-1"},"og_locale":"en_US","og_type":"article","og_title":"M\u00c1Y PH\u00c2N T\u00cdCH TH\u00c0NH PH\u1ea6N NGUY\u00caN T\u1ed0 RIGAKU MODEL NEX LS","og_description":"Mua ngay M\u00c1Y PH\u00c2N T\u00cdCH TH\u00c0NH PH\u1ea6N NGUY\u00caN T\u1ed0 RIGAKU MODEL NEX LS ch\u00ednh h\u00e3ng. Gi\u00e1 t\u1ed1t!","og_url":"https:\/\/vannangvn.123websitedev.com\/en\/product\/may-phan-tich-thanh-phan-nguyen-to-rigaku-model-nex-ls\/","og_site_name":"Vannang.vn","article_modified_time":"2026-03-30T11:44:30+00:00","twitter_card":"summary_large_image","twitter_misc":{"Est. reading time":"10 minutes"},"schema":{"@context":"https:\/\/schema.org","@graph":[{"@type":"WebPage","@id":"https:\/\/vannangvn.123websitedev.com\/san-pham\/may-phan-tich-thanh-phan-nguyen-to-rigaku-model-nex-ls\/","url":"https:\/\/vannangvn.123websitedev.com\/san-pham\/may-phan-tich-thanh-phan-nguyen-to-rigaku-model-nex-ls\/","name":"M\u00c1Y PH\u00c2N T\u00cdCH TH\u00c0NH PH\u1ea6N NGUY\u00caN T\u1ed0 ... ch\u00ednh h\u00e3ng | V\u1ea1n N\u0103ng","isPartOf":{"@id":"https:\/\/vannangvn.123websitedev.com\/#website"},"datePublished":"2026-03-20T12:01:36+00:00","dateModified":"2026-03-30T11:44:30+00:00","description":"Mua ngay M\u00c1Y PH\u00c2N T\u00cdCH TH\u00c0NH PH\u1ea6N NGUY\u00caN T\u1ed0 RIGAKU MODEL NEX LS ch\u00ednh h\u00e3ng. Gi\u00e1 t\u1ed1t!","breadcrumb":{"@id":"https:\/\/vannangvn.123websitedev.com\/san-pham\/may-phan-tich-thanh-phan-nguyen-to-rigaku-model-nex-ls\/#breadcrumb"},"inLanguage":"en-US","potentialAction":[{"@type":"ReadAction","target":["https:\/\/vannangvn.123websitedev.com\/san-pham\/may-phan-tich-thanh-phan-nguyen-to-rigaku-model-nex-ls\/"]}]},{"@type":"BreadcrumbList","@id":"https:\/\/vannangvn.123websitedev.com\/san-pham\/may-phan-tich-thanh-phan-nguyen-to-rigaku-model-nex-ls\/#breadcrumb","itemListElement":[{"@type":"ListItem","position":1,"name":"Trang ch\u1ee7","item":"https:\/\/vannangvn.123websitedev.com\/"},{"@type":"ListItem","position":2,"name":"S\u1ea3n ph\u1ea9m","item":"https:\/\/vannangvn.123websitedev.com\/cua-hang\/"},{"@type":"ListItem","position":3,"name":"M\u00c1Y PH\u00c2N T\u00cdCH TH\u00c0NH PH\u1ea6N NGUY\u00caN T\u1ed0 RIGAKU MODEL NEX LS"}]},{"@type":"WebSite","@id":"https:\/\/vannangvn.123websitedev.com\/#website","url":"https:\/\/vannangvn.123websitedev.com\/","name":"Vannang.vn","description":"","publisher":{"@id":"https:\/\/vannangvn.123websitedev.com\/#organization"},"potentialAction":[{"@type":"SearchAction","target":{"@type":"EntryPoint","urlTemplate":"https:\/\/vannangvn.123websitedev.com\/?s={search_term_string}"},"query-input":{"@type":"PropertyValueSpecification","valueRequired":true,"valueName":"search_term_string"}}],"inLanguage":"en-US"},{"@type":"Organization","@id":"https:\/\/vannangvn.123websitedev.com\/#organization","name":"Vannang.vn","url":"https:\/\/vannangvn.123websitedev.com\/","logo":{"@type":"ImageObject","inLanguage":"en-US","@id":"https:\/\/vannangvn.123websitedev.com\/#\/schema\/logo\/image\/","url":"https:\/\/vannangvn.123websitedev.com\/wp-content\/uploads\/2026\/02\/logo-van-nang-02.png","contentUrl":"https:\/\/vannangvn.123websitedev.com\/wp-content\/uploads\/2026\/02\/logo-van-nang-02.png","width":448,"height":111,"caption":"Vannang.vn"},"image":{"@id":"https:\/\/vannangvn.123websitedev.com\/#\/schema\/logo\/image\/"}}]}},"_links":{"self":[{"href":"https:\/\/vannangvn.123websitedev.com\/en\/wp-json\/wp\/v2\/product\/7478","targetHints":{"allow":["GET"]}}],"collection":[{"href":"https:\/\/vannangvn.123websitedev.com\/en\/wp-json\/wp\/v2\/product"}],"about":[{"href":"https:\/\/vannangvn.123websitedev.com\/en\/wp-json\/wp\/v2\/types\/product"}],"replies":[{"embeddable":true,"href":"https:\/\/vannangvn.123websitedev.com\/en\/wp-json\/wp\/v2\/comments?post=7478"}],"wp:attachment":[{"href":"https:\/\/vannangvn.123websitedev.com\/en\/wp-json\/wp\/v2\/media?parent=7478"}],"wp:term":[{"taxonomy":"product_brand","embeddable":true,"href":"https:\/\/vannangvn.123websitedev.com\/en\/wp-json\/wp\/v2\/product_brand?post=7478"},{"taxonomy":"product_cat","embeddable":true,"href":"https:\/\/vannangvn.123websitedev.com\/en\/wp-json\/wp\/v2\/product_cat?post=7478"},{"taxonomy":"product_tag","embeddable":true,"href":"https:\/\/vannangvn.123websitedev.com\/en\/wp-json\/wp\/v2\/product_tag?post=7478"}],"curies":[{"name":"wp","href":"https:\/\/api.w.org\/{rel}","templated":true}]}}