{"id":7524,"date":"2026-03-20T19:02:37","date_gmt":"2026-03-20T12:02:37","guid":{"rendered":"https:\/\/vannangvn.123websitedev.com\/san-pham\/may-quang-pho-do-mau-konica-minolta-cm-36dg\/"},"modified":"2026-03-30T18:45:32","modified_gmt":"2026-03-30T11:45:32","slug":"may-quang-pho-do-mau-konica-minolta-cm-36dg","status":"publish","type":"product","link":"https:\/\/vannangvn.123websitedev.com\/en\/product\/may-quang-pho-do-mau-konica-minolta-cm-36dg\/","title":{"rendered":"M\u00c1Y QUANG PH\u1ed4 \u0110O M\u00c0U KONICA MINOLTA CM-36DG"},"content":{"rendered":"<h1 style=\"color: red; font-weight: bold; font-size: 24px;\">T&#7893;ng quan s&#7843;n ph&#7849;m M&Aacute;Y QUANG PH&#7892; &#272;O M&Agrave;U KONICA MINOLTA CM-36DG<p>M&aacute;y &#272;o M&agrave;u Quang Ph&#7893; Konica Minolta Model CM-36dG<br>\nM&aacute;y Quang Ph&#7893; &#272;o M&agrave;u Konica Minolta CM-36dG l&agrave; thi&#7871;t b&#7883; &#273;o m&agrave;u &#273;&#7875; b&agrave;n cao c&#7845;p, &#273;&#432;&#7907;c thi&#7871;t k&#7871; cho c&aacute;c &#7913;ng d&#7909;ng c&#7847;n &#273;&#7897; ch&iacute;nh x&aacute;c quang h&#7885;c cao trong ph&ograve;ng th&iacute; nghi&#7879;m v&agrave; s&#7843;n xu&#7845;t. CM-36dG k&#7871;t h&#7907;p &#273;&#7891;ng th&#7901;i &#273;o m&agrave;u ph&#7843;n x&#7841;, truy&#7873;n qua v&agrave; &#273;&#7897; b&oacute;ng ch&#7881; trong m&#7897;t l&#7847;n &#273;o, mang l&#7841;i d&#7919; li&#7879;u to&agrave;n di&#7879;n v&agrave; &#273;&aacute;ng tin c&#7853;y.<br>\nV&#7899;i thi&#7871;t k&#7871; ch&#7855;c ch&#7855;n, &#273;&#7897; &#7893;n &#273;&#7883;nh cao v&agrave; c&ocirc;ng ngh&#7879; quang ph&#7893; k&eacute;p (dual-beam), thi&#7871;t b&#7883; &#273;&#7843;m b&#7843;o k&#7871;t qu&#7843; ch&iacute;nh x&aacute;c, t&aacute;i l&#7853;p t&#7889;t trong m&#7885;i &#273;i&#7873;u ki&#7879;n. CM-36dG c&ograve;n t&#432;&#417;ng th&iacute;ch ho&agrave;n to&agrave;n v&#7899;i h&#7879; th&#7889;ng qu&#7843;n l&yacute; m&agrave;u Konica Minolta v&agrave; ph&#7847;n m&#7873;m SpectraMagic NX, gi&uacute;p ph&acirc;n t&iacute;ch, so s&aacute;nh v&agrave; l&#432;u tr&#7919; d&#7919; li&#7879;u nhanh ch&oacute;ng, hi&#7879;u qu&#7843;.<br>\nNh&#7901; s&#7921; k&#7871;t h&#7907;p gi&#7919;a hi&#7879;u su&#7845;t v&#432;&#7907;t tr&#7897;i v&agrave; t&iacute;nh n&#259;ng linh ho&#7841;t, Thi&#7871;t b&#7883; &#273;o v&agrave; so s&aacute;nh m&agrave;u quang ph&#7893; CM-36dG l&agrave; l&#7921;a ch&#7885;n l&yacute; t&#432;&#7903;ng cho c&aacute;c ng&agrave;nh s&#417;n, nh&#7921;a, d&#7879;t, gi&#7845;y v&agrave; in &#7845;n trong vi&#7879;c ki&#7875;m so&aacute;t ch&#7845;t l&#432;&#7907;ng m&agrave;u s&#7855;c chuy&ecirc;n nghi&#7879;p. H&atilde;y c&ugrave;ng V&#7841;n N&#259;ng t&igrave;m hi&#7875;u chi ti&#7871;t h&#417;n v&#7873; s&#7843;n ph&#7849;m th&ocirc;ng qua b&agrave;i vi&#7871;t d&#432;&#7899;i &#273;&acirc;y nh&eacute;!<\/p><p>N&eacute;t &#272;&#7863;c Tr&#432;ng C&#7911;a CM-36dG<br>\n&#272;o m&agrave;u v&agrave; &#273;&#7897; b&oacute;ng c&ugrave;ng l&uacute;c<br>\nM&aacute;y Quang Ph&#7893; &#272;o M&agrave;u Model CM-36dG l&agrave; th&#7871; h&#7879; m&aacute;y &#273;o m&agrave;u ti&ecirc;n ti&#7871;n &#273;&#7847;u ti&ecirc;n trong d&ograve;ng benchtop c&#7911;a Konica Minolta cho ph&eacute;p &#273;o &#273;&#7891;ng th&#7901;i m&agrave;u s&#7855;c (color) v&agrave; &#273;&#7897; b&oacute;ng (gloss). Nh&#7901; t&iacute;ch h&#7907;p c&#7843;m bi&#7871;n &#273;&#7897; b&oacute;ng 60&deg;, ng&#432;&#7901;i d&ugrave;ng c&oacute; th&#7875; &#273;&#7891;ng th&#7901;i nh&#7853;n &#273;&#432;&#7907;c k&#7871;t qu&#7843; c&#7911;a c&#7843; hai y&#7871;u t&#7889; quan tr&#7885;ng n&agrave;y trong m&#7897;t l&#7847;n &#273;o duy nh&#7845;t.<br>\nKh&ocirc;ng ch&#7881; r&uacute;t ng&#7855;n th&#7901;i gian thao t&aacute;c m&agrave; c&ograve;n &#273;&#7843;m b&#7843;o t&iacute;nh th&#7889;ng nh&#7845;t gi&#7919;a hai th&ocirc;ng s&#7889; &ndash; y&#7871;u t&#7889; &#7843;nh h&#432;&#7903;ng l&#7899;n &#273;&#7871;n c&#7843;m nh&#7853;n th&#7883; gi&aacute;c c&#7911;a con ng&#432;&#7901;i. C&aacute;c ch&#7881; s&#7889; m&agrave;u v&agrave; &#273;&#7897; b&oacute;ng c&oacute; th&#7875; &#273;&#432;&#7907;c hi&#7875;n th&#7883; &#273;&#7891;ng th&#7901;i trong ph&#7847;n m&#7873;m qu&#7843;n l&yacute; d&#7919; li&#7879;u, h&#7895; tr&#7907; so s&aacute;nh, ph&acirc;n t&iacute;ch v&agrave; ra quy&#7871;t &#273;&#7883;nh nhanh ch&oacute;ng trong qu&aacute; tr&igrave;nh ki&#7875;m so&aacute;t ch&#7845;t l&#432;&#7907;ng.<\/p><p>Hi&#7879;u su&#7845;t &#273;o &#7893;n &#273;&#7883;nh v&agrave; &#273;&#7897; ch&iacute;nh x&aacute;c cao<br>\nKonica Minolta CM-36dG n&#7893;i b&#7853;t v&#7899;i &#273;&#7897; l&#7863;p l&#7841;i v&agrave; &#273;&#7897; ch&iacute;nh x&aacute;c m&agrave;u c&#7921;c k&#7923; cao, v&#7899;i sai s&#7889; ch&#7881; &Delta;E*ab 0903 991 335!<\/p><div style=\"background-color: #f8fafc; border: 1px solid #e2e8f0; border-radius: 8px; padding: 25px; max-width: 800px; margin: 30px auto; color: #334155; line-height: 1.8; font-size: 17px; box-shadow: 0 4px 6px -1px rgba(0,0,0,0.05); text-align: left; clear: both;\">\nC&ocirc;ng ty TNHH Th&#432;&#417;ng M&#7841;i D&#7883;ch V&#7909; Thi&#7871;t B&#7883; C&ocirc;ng Ngh&#7879; V&#7841;n N&#259;ng\n<p style=\"margin: 0 0 10px 0;\">&#128205; <strong style=\"color: #1e293b;\">&#272;&#7883;a ch&#7881;:<\/strong> <a style=\"color: #059669; text-decoration: none; font-weight: bold;\" href=\"https:\/\/www.google.com\/maps\/search\/C%C3%B4ng+ty+TNHH+Th%C6%B0%C6%A1ng+M%E1%BA%A1i+D%E1%BB%8Bch+V%E1%BB%A5+Thi%E1%BA%BFt+B%E1%BB%8B+C%C3%B4ng+Ngh%E1%BB%87+V%E1%BA%A1n+N%C4%83ng+818+Tr%C6%B0%E1%BB%9Dng+Chinh\" target=\"_blank\" rel=\"noopener\">818 Tr&#432;&#7901;ng Chinh, Ph&#432;&#7901;ng T&acirc;n S&#417;n, Th&agrave;nh ph&#7889; H&#7891; Ch&iacute; Minh, Vi&#7879;t Nam<\/a><\/p>\n<p style=\"margin: 0 0 10px 0;\">&#128222; <strong style=\"color: #1e293b;\">S&#272;T &ndash; Zalo:<\/strong> <a style=\"color: #059669; text-decoration: none; font-weight: bold;\" href=\"https:\/\/zalo.me\/0903991335\" target=\"_blank\" rel=\"noopener\">0903 991 335<\/a> <span style=\"color: #64748b; font-style: italic;\">(Ms. H&#7841;nh &ndash; Gi&aacute;m &#272;&#7889;c Kinh Doanh)<\/span><\/p>\n<p style=\"margin: 0;\">&#9993;&#65039; <strong style=\"color: #1e293b;\">Email:<\/strong> <a style=\"color: #059669; text-decoration: none; font-weight: bold;\" href=\"mailto:hienhanh@vannangvn.com\">hienhanh@vannangvn.com<\/a><\/p>\n<\/div><\/h1>","protected":false},"excerpt":{"rendered":"<p><strong>Th&#432;&#417;ng hi&#7879;u:<\/strong> Konica Minolta<br>\n<strong>Model:<\/strong> CM-36dG<p>Product <strong>M&Aacute;Y QUANG PH&#7892; &#272;O M&Agrave;U KONICA MINOLTA CM-36DG<\/strong> ch&iacute;nh h&atilde;ng. Konica Minolta (JAPAN)<br>\nM&aacute;y &#272;o M&agrave;u Quang Ph&#7893; Konica Minolta CM-36dG l&agrave; thi&#7871;t b&#7883; &#273;o m&agrave;u v&agrave; &#273;&#7897; b&oacute;ng &#273;&#7891;ng th&#7901;i, t&iacute;ch h&#7907;p c&ocirc;ng ngh&#7879; NUVC &#273;i&#7873;u ch&#7881;nh tia UV s&#7889;, &#273;&#7843;m b&#7843;o &#273;&#7897; ch&iacute;nh x&aacute;c &Delta;E*ab \n<\/p><\/p>","protected":false},"featured_media":9381,"comment_status":"open","ping_status":"closed","template":"","meta":[],"product_brand":[],"product_cat":[18],"product_tag":[704,1185,2073,2074,2862,109,130,181],"class_list":{"0":"post-7524","1":"product","2":"type-product","3":"status-publish","4":"has-post-thumbnail","6":"product_cat-chua-phan-loai","7":"product_tag-quang","8":"product_tag-pho","9":"product_tag-konica","10":"product_tag-minolta","11":"product_tag-cm-36dg","12":"product_tag-may","13":"product_tag-mau","14":"product_tag-do","16":"first","17":"instock","18":"shipping-taxable","19":"product-type-simple"},"yoast_head":"<!-- This site is optimized with the Yoast SEO Premium plugin v24.8 (Yoast SEO v24.8) - https:\/\/yoast.com\/wordpress\/plugins\/seo\/ -->\n<title>M\u00c1Y QUANG PH\u1ed4 \u0110O M\u00c0U KONICA MINOLTA... ch\u00ednh h\u00e3ng | V\u1ea1n N\u0103ng<\/title>\n<meta name=\"description\" content=\"Mua ngay M\u00c1Y QUANG PH\u1ed4 \u0110O M\u00c0U KONICA MINOLTA CM-36DG ch\u00ednh h\u00e3ng. M\u00e1y \u0110o M\u00e0u Quang Ph\u1ed5 Konica Minolta CM-36dG l\u00e0 thi\u1ebft b\u1ecb \u0111o m\u00e0u v\u00e0... Gi\u00e1 t\u1ed1t!\" \/>\n<meta name=\"robots\" content=\"noindex, follow, max-snippet:-1, max-image-preview:large, max-video-preview:-1\" \/>\n<meta property=\"og:locale\" content=\"en_US\" \/>\n<meta property=\"og:type\" content=\"article\" \/>\n<meta property=\"og:title\" content=\"M\u00c1Y QUANG PH\u1ed4 \u0110O M\u00c0U KONICA MINOLTA CM-36DG\" \/>\n<meta property=\"og:description\" content=\"Mua ngay M\u00c1Y QUANG PH\u1ed4 \u0110O M\u00c0U KONICA MINOLTA CM-36DG ch\u00ednh h\u00e3ng. M\u00e1y \u0110o M\u00e0u Quang Ph\u1ed5 Konica Minolta CM-36dG l\u00e0 thi\u1ebft b\u1ecb \u0111o m\u00e0u v\u00e0... Gi\u00e1 t\u1ed1t!\" \/>\n<meta property=\"og:url\" content=\"https:\/\/vannangvn.123websitedev.com\/en\/product\/may-quang-pho-do-mau-konica-minolta-cm-36dg\/\" \/>\n<meta property=\"og:site_name\" content=\"Vannang.vn\" \/>\n<meta property=\"article:modified_time\" content=\"2026-03-30T11:45:32+00:00\" \/>\n<meta property=\"og:image\" content=\"http:\/\/vannangvn.123websitedev.com\/wp-content\/uploads\/2026\/03\/CM-36dG-2-768x576-copy.jpg\" \/>\n\t<meta property=\"og:image:width\" content=\"768\" \/>\n\t<meta property=\"og:image:height\" content=\"576\" \/>\n\t<meta property=\"og:image:type\" content=\"image\/jpeg\" \/>\n<meta name=\"twitter:card\" content=\"summary_large_image\" \/>\n<meta name=\"twitter:label1\" content=\"Est. reading time\" \/>\n\t<meta name=\"twitter:data1\" content=\"12 minutes\" \/>\n<script type=\"application\/ld+json\" class=\"yoast-schema-graph\">{\"@context\":\"https:\/\/schema.org\",\"@graph\":[{\"@type\":\"WebPage\",\"@id\":\"https:\/\/vannangvn.123websitedev.com\/san-pham\/may-quang-pho-do-mau-konica-minolta-cm-36dg\/\",\"url\":\"https:\/\/vannangvn.123websitedev.com\/san-pham\/may-quang-pho-do-mau-konica-minolta-cm-36dg\/\",\"name\":\"M\u00c1Y QUANG PH\u1ed4 \u0110O M\u00c0U KONICA MINOLTA... ch\u00ednh h\u00e3ng | V\u1ea1n N\u0103ng\",\"isPartOf\":{\"@id\":\"https:\/\/vannangvn.123websitedev.com\/#website\"},\"primaryImageOfPage\":{\"@id\":\"https:\/\/vannangvn.123websitedev.com\/san-pham\/may-quang-pho-do-mau-konica-minolta-cm-36dg\/#primaryimage\"},\"image\":{\"@id\":\"https:\/\/vannangvn.123websitedev.com\/san-pham\/may-quang-pho-do-mau-konica-minolta-cm-36dg\/#primaryimage\"},\"thumbnailUrl\":\"https:\/\/vannangvn.123websitedev.com\/wp-content\/uploads\/2026\/03\/CM-36dG-2-768x576-copy.jpg\",\"datePublished\":\"2026-03-20T12:02:37+00:00\",\"dateModified\":\"2026-03-30T11:45:32+00:00\",\"description\":\"Mua ngay M\u00c1Y QUANG PH\u1ed4 \u0110O M\u00c0U KONICA MINOLTA CM-36DG ch\u00ednh h\u00e3ng. M\u00e1y \u0110o M\u00e0u Quang Ph\u1ed5 Konica Minolta CM-36dG l\u00e0 thi\u1ebft b\u1ecb \u0111o m\u00e0u v\u00e0... Gi\u00e1 t\u1ed1t!\",\"breadcrumb\":{\"@id\":\"https:\/\/vannangvn.123websitedev.com\/san-pham\/may-quang-pho-do-mau-konica-minolta-cm-36dg\/#breadcrumb\"},\"inLanguage\":\"en-US\",\"potentialAction\":[{\"@type\":\"ReadAction\",\"target\":[\"https:\/\/vannangvn.123websitedev.com\/san-pham\/may-quang-pho-do-mau-konica-minolta-cm-36dg\/\"]}]},{\"@type\":\"ImageObject\",\"inLanguage\":\"en-US\",\"@id\":\"https:\/\/vannangvn.123websitedev.com\/san-pham\/may-quang-pho-do-mau-konica-minolta-cm-36dg\/#primaryimage\",\"url\":\"https:\/\/vannangvn.123websitedev.com\/wp-content\/uploads\/2026\/03\/CM-36dG-2-768x576-copy.jpg\",\"contentUrl\":\"https:\/\/vannangvn.123websitedev.com\/wp-content\/uploads\/2026\/03\/CM-36dG-2-768x576-copy.jpg\",\"width\":768,\"height\":576},{\"@type\":\"BreadcrumbList\",\"@id\":\"https:\/\/vannangvn.123websitedev.com\/san-pham\/may-quang-pho-do-mau-konica-minolta-cm-36dg\/#breadcrumb\",\"itemListElement\":[{\"@type\":\"ListItem\",\"position\":1,\"name\":\"Trang ch\u1ee7\",\"item\":\"https:\/\/vannangvn.123websitedev.com\/\"},{\"@type\":\"ListItem\",\"position\":2,\"name\":\"S\u1ea3n ph\u1ea9m\",\"item\":\"https:\/\/vannangvn.123websitedev.com\/cua-hang\/\"},{\"@type\":\"ListItem\",\"position\":3,\"name\":\"M\u00c1Y QUANG PH\u1ed4 \u0110O M\u00c0U KONICA MINOLTA CM-36DG\"}]},{\"@type\":\"WebSite\",\"@id\":\"https:\/\/vannangvn.123websitedev.com\/#website\",\"url\":\"https:\/\/vannangvn.123websitedev.com\/\",\"name\":\"Vannang.vn\",\"description\":\"\",\"publisher\":{\"@id\":\"https:\/\/vannangvn.123websitedev.com\/#organization\"},\"potentialAction\":[{\"@type\":\"SearchAction\",\"target\":{\"@type\":\"EntryPoint\",\"urlTemplate\":\"https:\/\/vannangvn.123websitedev.com\/?s={search_term_string}\"},\"query-input\":{\"@type\":\"PropertyValueSpecification\",\"valueRequired\":true,\"valueName\":\"search_term_string\"}}],\"inLanguage\":\"en-US\"},{\"@type\":\"Organization\",\"@id\":\"https:\/\/vannangvn.123websitedev.com\/#organization\",\"name\":\"Vannang.vn\",\"url\":\"https:\/\/vannangvn.123websitedev.com\/\",\"logo\":{\"@type\":\"ImageObject\",\"inLanguage\":\"en-US\",\"@id\":\"https:\/\/vannangvn.123websitedev.com\/#\/schema\/logo\/image\/\",\"url\":\"https:\/\/vannangvn.123websitedev.com\/wp-content\/uploads\/2026\/02\/logo-van-nang-02.png\",\"contentUrl\":\"https:\/\/vannangvn.123websitedev.com\/wp-content\/uploads\/2026\/02\/logo-van-nang-02.png\",\"width\":448,\"height\":111,\"caption\":\"Vannang.vn\"},\"image\":{\"@id\":\"https:\/\/vannangvn.123websitedev.com\/#\/schema\/logo\/image\/\"}}]}<\/script>\n<!-- \/ Yoast SEO Premium plugin. -->","yoast_head_json":{"title":"M\u00c1Y QUANG PH\u1ed4 \u0110O M\u00c0U KONICA MINOLTA... ch\u00ednh h\u00e3ng | V\u1ea1n N\u0103ng","description":"Mua ngay M\u00c1Y QUANG PH\u1ed4 \u0110O M\u00c0U KONICA MINOLTA CM-36DG ch\u00ednh h\u00e3ng. M\u00e1y \u0110o M\u00e0u Quang Ph\u1ed5 Konica Minolta CM-36dG l\u00e0 thi\u1ebft b\u1ecb \u0111o m\u00e0u v\u00e0... Gi\u00e1 t\u1ed1t!","robots":{"index":"noindex","follow":"follow","max-snippet":"max-snippet:-1","max-image-preview":"max-image-preview:large","max-video-preview":"max-video-preview:-1"},"og_locale":"en_US","og_type":"article","og_title":"M\u00c1Y QUANG PH\u1ed4 \u0110O M\u00c0U KONICA MINOLTA CM-36DG","og_description":"Mua ngay M\u00c1Y QUANG PH\u1ed4 \u0110O M\u00c0U KONICA MINOLTA CM-36DG ch\u00ednh h\u00e3ng. M\u00e1y \u0110o M\u00e0u Quang Ph\u1ed5 Konica Minolta CM-36dG l\u00e0 thi\u1ebft b\u1ecb \u0111o m\u00e0u v\u00e0... Gi\u00e1 t\u1ed1t!","og_url":"https:\/\/vannangvn.123websitedev.com\/en\/product\/may-quang-pho-do-mau-konica-minolta-cm-36dg\/","og_site_name":"Vannang.vn","article_modified_time":"2026-03-30T11:45:32+00:00","og_image":[{"width":768,"height":576,"url":"http:\/\/vannangvn.123websitedev.com\/wp-content\/uploads\/2026\/03\/CM-36dG-2-768x576-copy.jpg","type":"image\/jpeg"}],"twitter_card":"summary_large_image","twitter_misc":{"Est. reading time":"12 minutes"},"schema":{"@context":"https:\/\/schema.org","@graph":[{"@type":"WebPage","@id":"https:\/\/vannangvn.123websitedev.com\/san-pham\/may-quang-pho-do-mau-konica-minolta-cm-36dg\/","url":"https:\/\/vannangvn.123websitedev.com\/san-pham\/may-quang-pho-do-mau-konica-minolta-cm-36dg\/","name":"M\u00c1Y QUANG PH\u1ed4 \u0110O M\u00c0U KONICA MINOLTA... ch\u00ednh h\u00e3ng | V\u1ea1n N\u0103ng","isPartOf":{"@id":"https:\/\/vannangvn.123websitedev.com\/#website"},"primaryImageOfPage":{"@id":"https:\/\/vannangvn.123websitedev.com\/san-pham\/may-quang-pho-do-mau-konica-minolta-cm-36dg\/#primaryimage"},"image":{"@id":"https:\/\/vannangvn.123websitedev.com\/san-pham\/may-quang-pho-do-mau-konica-minolta-cm-36dg\/#primaryimage"},"thumbnailUrl":"https:\/\/vannangvn.123websitedev.com\/wp-content\/uploads\/2026\/03\/CM-36dG-2-768x576-copy.jpg","datePublished":"2026-03-20T12:02:37+00:00","dateModified":"2026-03-30T11:45:32+00:00","description":"Mua ngay M\u00c1Y QUANG PH\u1ed4 \u0110O M\u00c0U KONICA MINOLTA CM-36DG ch\u00ednh h\u00e3ng. M\u00e1y \u0110o M\u00e0u Quang Ph\u1ed5 Konica Minolta CM-36dG l\u00e0 thi\u1ebft b\u1ecb \u0111o m\u00e0u v\u00e0... Gi\u00e1 t\u1ed1t!","breadcrumb":{"@id":"https:\/\/vannangvn.123websitedev.com\/san-pham\/may-quang-pho-do-mau-konica-minolta-cm-36dg\/#breadcrumb"},"inLanguage":"en-US","potentialAction":[{"@type":"ReadAction","target":["https:\/\/vannangvn.123websitedev.com\/san-pham\/may-quang-pho-do-mau-konica-minolta-cm-36dg\/"]}]},{"@type":"ImageObject","inLanguage":"en-US","@id":"https:\/\/vannangvn.123websitedev.com\/san-pham\/may-quang-pho-do-mau-konica-minolta-cm-36dg\/#primaryimage","url":"https:\/\/vannangvn.123websitedev.com\/wp-content\/uploads\/2026\/03\/CM-36dG-2-768x576-copy.jpg","contentUrl":"https:\/\/vannangvn.123websitedev.com\/wp-content\/uploads\/2026\/03\/CM-36dG-2-768x576-copy.jpg","width":768,"height":576},{"@type":"BreadcrumbList","@id":"https:\/\/vannangvn.123websitedev.com\/san-pham\/may-quang-pho-do-mau-konica-minolta-cm-36dg\/#breadcrumb","itemListElement":[{"@type":"ListItem","position":1,"name":"Trang ch\u1ee7","item":"https:\/\/vannangvn.123websitedev.com\/"},{"@type":"ListItem","position":2,"name":"S\u1ea3n ph\u1ea9m","item":"https:\/\/vannangvn.123websitedev.com\/cua-hang\/"},{"@type":"ListItem","position":3,"name":"M\u00c1Y QUANG PH\u1ed4 \u0110O M\u00c0U KONICA MINOLTA CM-36DG"}]},{"@type":"WebSite","@id":"https:\/\/vannangvn.123websitedev.com\/#website","url":"https:\/\/vannangvn.123websitedev.com\/","name":"Vannang.vn","description":"","publisher":{"@id":"https:\/\/vannangvn.123websitedev.com\/#organization"},"potentialAction":[{"@type":"SearchAction","target":{"@type":"EntryPoint","urlTemplate":"https:\/\/vannangvn.123websitedev.com\/?s={search_term_string}"},"query-input":{"@type":"PropertyValueSpecification","valueRequired":true,"valueName":"search_term_string"}}],"inLanguage":"en-US"},{"@type":"Organization","@id":"https:\/\/vannangvn.123websitedev.com\/#organization","name":"Vannang.vn","url":"https:\/\/vannangvn.123websitedev.com\/","logo":{"@type":"ImageObject","inLanguage":"en-US","@id":"https:\/\/vannangvn.123websitedev.com\/#\/schema\/logo\/image\/","url":"https:\/\/vannangvn.123websitedev.com\/wp-content\/uploads\/2026\/02\/logo-van-nang-02.png","contentUrl":"https:\/\/vannangvn.123websitedev.com\/wp-content\/uploads\/2026\/02\/logo-van-nang-02.png","width":448,"height":111,"caption":"Vannang.vn"},"image":{"@id":"https:\/\/vannangvn.123websitedev.com\/#\/schema\/logo\/image\/"}}]}},"_links":{"self":[{"href":"https:\/\/vannangvn.123websitedev.com\/en\/wp-json\/wp\/v2\/product\/7524","targetHints":{"allow":["GET"]}}],"collection":[{"href":"https:\/\/vannangvn.123websitedev.com\/en\/wp-json\/wp\/v2\/product"}],"about":[{"href":"https:\/\/vannangvn.123websitedev.com\/en\/wp-json\/wp\/v2\/types\/product"}],"replies":[{"embeddable":true,"href":"https:\/\/vannangvn.123websitedev.com\/en\/wp-json\/wp\/v2\/comments?post=7524"}],"wp:featuredmedia":[{"embeddable":true,"href":"https:\/\/vannangvn.123websitedev.com\/en\/wp-json\/wp\/v2\/media\/9381"}],"wp:attachment":[{"href":"https:\/\/vannangvn.123websitedev.com\/en\/wp-json\/wp\/v2\/media?parent=7524"}],"wp:term":[{"taxonomy":"product_brand","embeddable":true,"href":"https:\/\/vannangvn.123websitedev.com\/en\/wp-json\/wp\/v2\/product_brand?post=7524"},{"taxonomy":"product_cat","embeddable":true,"href":"https:\/\/vannangvn.123websitedev.com\/en\/wp-json\/wp\/v2\/product_cat?post=7524"},{"taxonomy":"product_tag","embeddable":true,"href":"https:\/\/vannangvn.123websitedev.com\/en\/wp-json\/wp\/v2\/product_tag?post=7524"}],"curies":[{"name":"wp","href":"https:\/\/api.w.org\/{rel}","templated":true}]}}