{"id":7533,"date":"2026-03-20T19:02:51","date_gmt":"2026-03-20T12:02:51","guid":{"rendered":"https:\/\/vannangvn.123websitedev.com\/san-pham\/may-quang-pho-hong-ngoai-ft-ir-perkinelmer-model-spectrum-two\/"},"modified":"2026-03-30T18:45:45","modified_gmt":"2026-03-30T11:45:45","slug":"may-quang-pho-hong-ngoai-ft-ir-perkinelmer-model-spectrum-two","status":"publish","type":"product","link":"https:\/\/vannangvn.123websitedev.com\/en\/product\/may-quang-pho-hong-ngoai-ft-ir-perkinelmer-model-spectrum-two\/","title":{"rendered":"M\u00c1Y QUANG PH\u1ed4 H\u1ed2NG NGO\u1ea0I\u00a0FT-IR PERKINELMER MODEL\u00a0SPECTRUM TWO\u2122"},"content":{"rendered":"<h1 style=\"color: red; font-weight: bold; font-size: 24px;\">T&#7893;ng quan s&#7843;n ph&#7849;m M&Aacute;Y QUANG PH&#7892; H&#7890;NG NGO&#7840;I&nbsp;FT-IR PERKINELMER MODEL&nbsp;SPECTRUM TWO&trade;<p>M&aacute;y Quang Ph&#7893; H&#7891;ng Ngo&#7841;i FT-IR PerkinElmer Model Spectrum Two&trade;<br>\nM&aacute;y quang ph&#7893; h&#7891;ng ngo&#7841;i FT-IR Spectrum Two l&agrave; gi&#7843;i ph&aacute;p l&yacute; t&#432;&#7903;ng cho vi&#7879;c ph&acirc;n t&iacute;ch nhi&ecirc;n li&#7879;u sinh h&#7885;c. &#272;&#432;&#7907;c thi&#7871;t k&#7871; nh&#7887; g&#7885;n, m&#7841;nh m&#7869; v&agrave; d&#7877; s&#7917; d&#7909;ng, model Spectrum Two&trade; &#273;&aacute;p &#7913;ng ho&agrave;n h&#7843;o c&aacute;c y&ecirc;u c&#7847;u ph&acirc;n t&iacute;ch h&agrave;ng ng&agrave;y, c&#7843; trong ph&ograve;ng th&iacute; nghi&#7879;m v&agrave; m&ocirc;i tr&#432;&#7901;ng l&agrave;m vi&#7879;c t&#7915; xa. V&#7899;i c&aacute;c t&iacute;nh n&#259;ng t&iacute;ch h&#7907;p ho&agrave;n ch&#7881;nh v&agrave; kh&#7843; n&#259;ng di &#273;&#7897;ng linh ho&#7841;t, Spectrum Two  &#273;&#7871;n t&#7915; PerkinElmer &#273;&#7843;m b&#7843;o b&#7841;n c&oacute; th&#7875; th&#7921;c hi&#7879;n c&aacute;c ph&eacute;p &#273;o nhanh ch&oacute;ng, ch&iacute;nh x&aacute;c v&agrave; &#273;&aacute;ng tin c&#7853;y tr&ecirc;n nhi&#7873;u &#7913;ng d&#7909;ng kh&aacute;c nhau. H&atilde;y c&ugrave;ng V&#7841;n N&#259;ng t&igrave;m hi&#7875;u chi ti&#7871;t h&#417;n v&#7873; s&#7843;n ph&#7849;m th&ocirc;ng qua b&agrave;i vi&#7871;t d&#432;&#7899;i &#273;&acirc;y!<\/p><p>Ph&acirc;n T&iacute;ch Nhi&ecirc;n Li&#7879;u Hi&#7879;u Qu&#7843;<br>\nSpectrum Two&trade; cung c&#7845;p kh&#7843; n&#259;ng ph&acirc;n t&iacute;ch nhi&ecirc;n li&#7879;u sinh h&#7885;c hi&#7879;u qu&#7843; m&agrave; kh&ocirc;ng g&#7863;p b&#7845;t k&#7923; r&#7855;c r&#7889;i n&agrave;o. Thi&#7871;t k&#7871; th&acirc;n thi&#7879;n v&agrave; tr&#7921;c quan gi&uacute;p ng&#432;&#7901;i d&ugrave;ng, d&ugrave; l&agrave; nh&#7919;ng ng&#432;&#7901;i m&#7899;i ti&#7871;p x&uacute;c v&#7899;i IR, c&#361;ng c&oacute; th&#7875; t&#7841;o ra k&#7871;t qu&#7843; r&otilde; r&agrave;ng v&agrave; ch&#7845;t l&#432;&#7907;ng cao.<\/p><p>B&#7897; ph&acirc;n t&iacute;ch nhi&ecirc;n li&#7879;u sinh h&#7885;c FT-IR<br>\nB&#7897; ph&acirc;n t&iacute;ch nhi&ecirc;n li&#7879;u sinh h&#7885;c FT-IR cung c&#7845;p m&#7885;i t&agrave;i nguy&ecirc;n v&agrave; th&agrave;nh ph&#7847;n c&#7847;n thi&#7871;t &#273;&#7875; th&#7921;c hi&#7879;n ph&acirc;n t&iacute;ch nhi&ecirc;n li&#7879;u sinh h&#7885;c m&#7897;t c&aacute;ch hi&#7879;u qu&#7843;. G&oacute;i &#7913;ng d&#7909;ng n&agrave;y bao g&#7891;m:<\/p><p>&Ocirc; truy&#7873;n d&#7851;n 2 c&#7893;ng Leur Lock v&#7899;i c&#7917;a s&#7893; BaF2, 0.1 mm<br>\n2 xi lanh Leur Lock 2 mL<br>\nB&#7897; &#273;&#7879;m Teflon &#273;a d&#7841;ng<br>\nTua v&iacute;t l&#7921;c<br>\n&#272;&#7847;u v&iacute;t HEX, 3.0 mm<br>\n&#7888;ng th&#7843;i k&#7871;t n&#7889;i IR Liquid Cell Leur<br>\nB&#7897; ph&#7847;n m&#7873;m Fuels FT-IR Touch Apps&trade;<br>\nB&#7897; ph&#7847;n m&#7873;m Touch Apps h&#7895; tr&#7907; c&aacute;c ph&acirc;n t&iacute;ch &#273;&#7883;nh k&#7923; QA\/QC c&#7911;a nhi&ecirc;n li&#7879;u b&#7857;ng c&aacute;ch s&#7917; d&#7909;ng quang ph&#7893; FT-IR, cung c&#7845;p m&#7897;t m&ocirc;i tr&#432;&#7901;ng l&agrave;m vi&#7879;c &#273;&#417;n gi&#7843;n v&agrave; hi&#7879;u qu&#7843;.<\/p><h2 style=\"color: #2e7d32; font-weight: bold; font-size: 20px;\">&#272;&#7863;c &#272;i&#7875;m N&#7893;i B&#7853;t C&#7911;a Spectrum Two<\/h2><p>Spectrum Two Spectrometer v&#7899;i quang h&#7885;c KBr v&agrave; &#273;&#7847;u d&ograve; LiTaO3 (lithium tantalate) hi&#7879;u su&#7845;t cao &#7903; nhi&#7879;t &#273;&#7897; ph&ograve;ng cung c&#7845;p d&#7843;i quang ph&#7893; t&#7915; 8,300 &ndash; 350 cm-1, &#273;&#7897; ph&acirc;n gi&#7843;i 0.5 cm-1 v&agrave; t&#7927; l&#7879; t&iacute;n hi&#7879;u-nhi&#7877;u 9,300:1 trong m&#7897;t thi&#7871;t k&#7871; nh&#7887; g&#7885;n v&agrave; hi&#7879;n &#273;&#7841;i.<\/p><h2 style=\"color: #2e7d32; font-weight: bold; font-size: 20px;\">C&aacute;c T&iacute;nh N&#259;ng Ch&iacute;nh C&#7911;a Spectrum Two<\/h2><p>Interferometer Dynascan&trade;: Thi&#7871;t k&#7871; g&#432;&#417;ng c&#7889; &#273;&#7883;nh kh&ocirc;ng y&ecirc;u c&#7847;u c&#259;n ch&#7881;nh &#273;&#7897;ng &#273;&#7875; b&ugrave; cho c&aacute;c sai l&#7879;ch.<br>\nC&ocirc;ng ngh&#7879; OpticsGuard&trade;: Thi&#7871;t k&#7871; b&#7843;o v&#7879; kh&#7887;i &#273;&#7897; &#7849;m &#273;&#7897;c &#273;&aacute;o gi&uacute;p PerkinElmer Spectrum Two c&oacute; th&#7875; ho&#7841;t &#273;&#7897;ng trong &#273;i&#7873;u ki&#7879;n m&ocirc;i tr&#432;&#7901;ng kh&#7855;c nghi&#7879;t h&#417;n, &#273;&#7843;m b&#7843;o th&#7901;i gian ho&#7841;t &#273;&#7897;ng t&#7889;i &#273;a c&#7911;a thi&#7871;t b&#7883;.<br>\nAtmospheric Vapor Compensation&trade; (AVC): Thu&#7853;t to&aacute;n l&#7885;c s&#7889; ti&ecirc;n ti&#7871;n gi&uacute;p b&ugrave; &#273;&#7855;p s&#7921; h&#7845;p th&#7909; CO2 v&agrave; H2O trong th&#7901;i gian th&#7921;c, lo&#7841;i b&#7887; nhu c&#7847;u l&agrave;m s&#7841;ch thi&#7871;t b&#7883;.<br>\nAutomatic Performance Verification&trade; (APV): T&iacute;nh n&#259;ng t&ugrave;y ch&#7885;n bao g&#7891;m m&#7897;t b&aacute;nh l&#7885;c t&#7921; &#273;&#7897;ng v&#7899;i c&aacute;c v&#7853;t li&#7879;u tham chi&#7871;u c&oacute; th&#7875; truy xu&#7845;t v&agrave; ph&#7847;n m&#7873;m cho ph&eacute;p th&#7921;c hi&#7879;n c&aacute;c ki&#7875;m tra abscissa, ordinate, nhi&#7877;u, ASTM v&agrave; USP.<br>\nAbsolute Virtual Instrument&trade; (AVI): Ti&ecirc;u chu&#7849;n h&oacute;a AVI t&ugrave;y ch&#7885;n s&#7917; d&#7909;ng ph&#7893; methan pha kh&iacute; &#273;&#7843;m b&#7843;o thi&#7871;t b&#7883; &#273;&#432;&#7907;c hi&#7879;u chu&#7849;n ch&iacute;nh x&aacute;c, cho ph&eacute;p chuy&#7875;n d&#7919; li&#7879;u ch&iacute;nh x&aacute;c gi&#7919;a c&aacute;c thi&#7871;t b&#7883;.<br>\nChuy&#7875;n &#273;&#7893;i Sigma-Delta: S&#7917; d&#7909;ng b&#7897; chuy&#7875;n &#273;&#7893;i Sigma-Delta trong qu&aacute; tr&igrave;nh s&#7889; h&oacute;a giao thoa FT-IR c&#7843;i thi&#7879;n d&#7843;i &#273;&#7897;ng, gi&#7843;m hi&#7879;n t&#432;&#7907;ng ph&#7893; gi&#7843; v&agrave; t&#259;ng &#273;&#7897; tuy&#7871;n t&iacute;nh c&#7911;a ordinate &#273;&#7875; cung c&#7845;p k&#7871;t qu&#7843; ch&iacute;nh x&aacute;c, c&oacute; th&#7875; t&aacute;i l&#7853;p.<\/p><p>Ph&#7847;n M&#7873;m Spectrum 10&trade;<br>\nH&#7879; th&#7889;ng &#273;i k&egrave;m v&#7899;i ph&#7847;n m&#7873;m Spectrum 10&trade;, cho ph&eacute;p b&#7841;n ki&#7875;m so&aacute;t thi&#7871;t b&#7883; v&agrave; x&#7917; l&yacute; c&aacute;c ph&#7893; thu th&#7853;p &#273;&#432;&#7907;c. Spectrum 10 cung c&#7845;p m&#7897;t g&oacute;i ph&#7847;n m&#7873;m to&agrave;n di&#7879;n gi&uacute;p b&#7841;n t&#7853;p trung v&agrave;o nh&#7919;ng g&igrave; quan tr&#7885;ng nh&#7845;t &ndash; k&#7871;t qu&#7843;. T&#7915; nh&#7853;n di&#7879;n v&#7853;t li&#7879;u v&agrave; ch&#7845;t g&acirc;y &ocirc; nhi&#7877;m &#273;&#7871;n ph&acirc;n t&iacute;ch &#273;&#7883;nh l&#432;&#7907;ng, ph&#7847;n m&#7873;m n&agrave;y gi&uacute;p vi&#7879;c thu th&#7853;p, x&#7917; l&yacute;, t&#7841;o k&#7871;t qu&#7843; v&agrave; c&aacute;c thao t&aacute;c d&#7919; li&#7879;u c&#417; b&#7843;n c&#361;ng nh&#432; n&acirc;ng cao tr&#7903; n&ecirc;n d&#7877; d&agrave;ng v&agrave; hi&#7879;u qu&#7843; h&#417;n.<\/p><p>Nh&#7919;ng L&yacute; Do N&ecirc;n Mua M&aacute;y Quang Ph&#7893; H&#7891;ng Ngo&#7841;i T&#7841;i Thi&#7871;t B&#7883; C&ocirc;ng Ngh&#7879; V&#7841;n N&#259;ng<\/p><p>C&ocirc;ng ty Thi&#7871;t B&#7883; C&ocirc;ng Ngh&#7879; V&#7841;n N&#259;ng l&agrave; &#273;&#7889;i t&aacute;c ch&iacute;nh th&#7913;c ph&acirc;n ph&#7889;i M&aacute;y Quang Ph&#7893; H&#7891;ng Ngo&#7841;i h&agrave;ng &#273;&#7847;u t&#7841;i Vi&#7879;t Nam, cam k&#7871;t cung c&#7845;p s&#7843;n ph&#7849;m ch&iacute;nh h&atilde;ng v&#7899;i gi&aacute; c&#7843; c&#7841;nh tranh nh&#7845;t th&#7883; tr&#432;&#7901;ng. V&#7899;i uy t&iacute;n tr&ecirc;n th&#7883; tr&#432;&#7901;ng v&agrave; ch&#7871; &#273;&#7897; h&#7851;u m&atilde;i t&#7889;t, Thi&#7871;t B&#7883; C&ocirc;ng Ngh&#7879; V&#7841;n N&#259;ng &#273;&atilde; nh&#7853;n &#273;&#432;&#7907;c s&#7921; tin t&#432;&#7903;ng t&#7915; kh&aacute;ch h&agrave;ng nh&#7901; v&agrave;o ch&#7845;t l&#432;&#7907;ng h&agrave;ng &#273;&#7847;u c&#7911;a c&aacute;c d&ograve;ng s&#7843;n ph&#7849;m.<br>\nS&#7843;n ph&#7849;m c&#7911;a ch&uacute;ng t&ocirc;i &#273;&#432;&#7907;c ki&#7875;m &#273;&#7883;nh ch&#7845;t l&#432;&#7907;ng, nh&#7853;p kh&#7849;u tr&#7921;c ti&#7871;p t&#7915; nh&agrave; m&aacute;y b&ecirc;n Ch&acirc;u &Acirc;u, M&#7929;, &Uacute;c, Nh&#7853;t B&#7843;n,&hellip; v&agrave; &#273;&aacute;p &#7913;ng nhu c&#7847;u &#273;a d&#7841;ng c&#7911;a th&#7883; tr&#432;&#7901;ng nh&#432;: M&aacute;y &#272;o &#272;&#7897; C&#7913;ng, M&aacute;y SPECTROMAXx, M&aacute;y Ki&#7875;m Tra &#272;&#432;&#7901;ng Gh&eacute;p M&iacute; Lon,&hellip; Ch&uacute;ng t&ocirc;i cam k&#7871;t cung c&#7845;p s&#7843;n ph&#7849;m n&agrave;y tr&ecirc;n to&agrave;n qu&#7889;c v&#7899;i gi&aacute; c&#7843; c&#7841;nh tranh nh&#7845;t.<br>\nCh&uacute;ng t&ocirc;i c&oacute; &#273;&#7897;i ng&#361; chuy&ecirc;n vi&ecirc;n t&#432; v&#7845;n chuy&ecirc;n s&acirc;u s&#7869; h&#7895; tr&#7907; kh&aacute;ch h&agrave;ng v&#7873; chi ti&#7871;t s&#7843;n ph&#7849;m, h&#432;&#7899;ng d&#7851;n s&#7917; d&#7909;ng hay nh&#7919;ng th&#7913; li&ecirc;n quan &#273;&#7871;n v&#7845;n &#273;&#7873; m&agrave; doanh nghi&#7879;p b&#7841;n &#273;ang g&#7863;p ph&#7843;i. Ch&uacute;ng t&ocirc;i s&#7869; cung c&#7845;p nh&#7919;ng gi&#7843;i ph&aacute;p t&#7889;i &#432;u nh&#7845;t!<br>\nNgo&agrave;i ra Thi&#7871;t B&#7883; C&ocirc;ng Ngh&#7879; V&#7841;n N&#259;ng Ch&uacute;ng T&ocirc;i lu&ocirc;n h&#432;&#7899;ng &#273;&#7871;n tr&#7843;i nghi&#7879;m kh&aacute;ch h&agrave;ng, v&igrave; v&#7853;y ch&uacute;ng t&ocirc;i c&oacute; nh&#7919;ng ch&iacute;nh s&aacute;ch b&#7843;o h&agrave;nh, b&#7843;o tr&igrave; &ndash; b&#7843;o d&#432;&#7905;ng, hi&#7879;u chu&#7849;n v&#7899;i t&#7845;t c&#7843; c&aacute;c thi&#7871;t b&#7883;, m&aacute;y m&oacute;c m&agrave; ch&uacute;ng t&ocirc;i cung c&#7845;p. &#272;&#7843;m b&#7843;o mang &#273;&#7871;n cho Kh&aacute;ch h&agrave;ng s&#7921; y&ecirc;n t&acirc;m tuy&#7879;t &#273;&#7889;i v&#7873; d&#7883;ch v&#7909; khi mua h&agrave;ng.<\/p><p>T&#7893;ng K&#7871;t<br>\nM&aacute;y Quang Ph&#7893; H&#7891;ng Ngo&#7841;i FT-IR Spectrum Two kh&ocirc;ng ch&#7881; l&agrave; m&#7897;t thi&#7871;t b&#7883; ph&acirc;n t&iacute;ch nhi&ecirc;n li&#7879;u sinh h&#7885;c ti&ecirc;n ti&#7871;n m&agrave; c&ograve;n l&agrave; m&#7897;t c&ocirc;ng c&#7909; m&#7841;nh m&#7869; v&agrave; d&#7877; s&#7917; d&#7909;ng cho m&#7885;i nhu c&#7847;u ph&acirc;n t&iacute;ch h&agrave;ng ng&agrave;y. V&#7899;i c&aacute;c t&iacute;nh n&#259;ng v&#432;&#7907;t tr&#7897;i v&agrave; ph&#7847;n m&#7873;m h&#7895; tr&#7907; to&agrave;n di&#7879;n, Thi&#7871;t B&#7883; Quang Ph&#7893; Spectrum Two&trade; mang &#273;&#7871;n s&#7921; t&#7921; tin v&agrave; &#273;&#7897; ch&iacute;nh x&aacute;c cao trong m&#7885;i ph&eacute;p &#273;o. H&atilde;y li&ecirc;n h&#7879; ngay v&#7899;i V&#7841;n N&#259;ng Company &#273;&#7875; &#273;&#432;&#7907;c t&#432; v&#7845;n chi ti&#7871;t v&agrave; nh&#7853;n ngay nh&#7919;ng &#432;u &#273;&atilde;i h&#7845;p d&#7851;n th&ocirc;ng qua hotline\/zalo: <a href=\"https:\/\/zalo.me\/0903991335\" target=\"_blank\" rel=\"noopener\" style=\"color: #059669; font-weight: bold; text-decoration: none;\">0903 991 335<\/a> !<\/p><div style=\"background-color: #f8fafc; border: 1px solid #e2e8f0; border-radius: 8px; padding: 25px; max-width: 800px; margin: 30px auto; color: #334155; line-height: 1.8; font-size: 17px; box-shadow: 0 4px 6px -1px rgba(0,0,0,0.05); text-align: left; clear: both;\">\nC&ocirc;ng ty TNHH Th&#432;&#417;ng M&#7841;i D&#7883;ch V&#7909; Thi&#7871;t B&#7883; C&ocirc;ng Ngh&#7879; V&#7841;n N&#259;ng\n<p style=\"margin: 0 0 10px 0;\">&#128205; <strong style=\"color: #1e293b;\">&#272;&#7883;a ch&#7881;:<\/strong> <a style=\"color: #059669; text-decoration: none; font-weight: bold;\" href=\"https:\/\/www.google.com\/maps\/search\/C%C3%B4ng+ty+TNHH+Th%C6%B0%C6%A1ng+M%E1%BA%A1i+D%E1%BB%8Bch+V%E1%BB%A5+Thi%E1%BA%BFt+B%E1%BB%8B+C%C3%B4ng+Ngh%E1%BB%87+V%E1%BA%A1n+N%C4%83ng+818+Tr%C6%B0%E1%BB%9Dng+Chinh\" target=\"_blank\" rel=\"noopener\">818 Tr&#432;&#7901;ng Chinh, Ph&#432;&#7901;ng T&acirc;n S&#417;n, Th&agrave;nh ph&#7889; H&#7891; Ch&iacute; Minh, Vi&#7879;t Nam<\/a><\/p>\n<p style=\"margin: 0 0 10px 0;\">&#128222; <strong style=\"color: #1e293b;\">S&#272;T &ndash; Zalo:<\/strong> <a style=\"color: #059669; text-decoration: none; font-weight: bold;\" href=\"https:\/\/zalo.me\/0903991335\" target=\"_blank\" rel=\"noopener\">0903 991 335<\/a> <span style=\"color: #64748b; font-style: italic;\">(Ms. H&#7841;nh &ndash; Gi&aacute;m &#272;&#7889;c Kinh Doanh)<\/span><\/p>\n<p style=\"margin: 0;\">&#9993;&#65039; <strong style=\"color: #1e293b;\">Email:<\/strong> <a style=\"color: #059669; text-decoration: none; font-weight: bold;\" href=\"mailto:hienhanh@vannangvn.com\">hienhanh@vannangvn.com<\/a><\/p>\n<\/div><\/h1>","protected":false},"excerpt":{"rendered":"<p><strong>Th&#432;&#417;ng hi&#7879;u:<\/strong> Spectrum Two&trade; l&agrave; thi&#7871;t b&#7883; quang ph&#7893; h&#7891;ng ngo&#7841;i nh&#7887; g&#7885;n, m&#7841;nh m&#7869; v&agrave; d&#7877; s&#7917; d&#7909;ng, l&yacute; t&#432;&#7903;ng cho c&#7843; ph&ograve;ng th&iacute; nghi&#7879;m v&agrave; hi&#7879;n tr&#432;&#7901;ng. V&#7899;i kh&#7843; n&#259;ng ph&acirc;n t&iacute;ch nhanh, ch&iacute;nh x&aacute;c v&agrave; nhi&#7873;u &#7913;ng d&#7909;ng, Spectrum Two&trade; &#273;&#7843;m b&#7843;o ch&#7845;t l&#432;&#7907;ng s&#7843;n ph&#7849;m trong m&#7885;i ng&agrave;nh.<br>\n<strong>Model:<\/strong> Spectrum Two<p>Product <strong>M&Aacute;Y QUANG PH&#7892; H&#7890;NG NGO&#7840;I&nbsp;FT-IR PERKINELMER MODEL&nbsp;SPECTRUM TWO&trade;<\/strong> ch&iacute;nh h&atilde;ng. Spectrum Two&trade; l&agrave; thi&#7871;t b&#7883; quang ph&#7893; h&#7891;ng ngo&#7841;i nh&#7887; g&#7885;n, m&#7841;nh m&#7869; v&agrave; d&#7877; s&#7917; d&#7909;ng, l&yacute; t&#432;&#7903;ng cho c&#7843; ph&ograve;ng th&iacute; nghi&#7879;m v&agrave; hi&#7879;n tr&#432;&#7901;ng. V&#7899;i kh&#7843; n&#259;ng ph&acirc;n t&iacute;ch nhanh, ch&iacute;nh x&aacute;c v&agrave; nhi&#7873;u &#7913;ng d&#7909;ng, Spectrum Two&trade; &#273;&#7843;m b&#7843;o ch&#7845;t l&#432;&#7907;ng s&#7843;n ph&#7849;m trong m&#7885;i ng&agrave;nh.<\/p><\/p>","protected":false},"featured_media":8819,"comment_status":"open","ping_status":"closed","template":"","meta":[],"product_brand":[],"product_cat":[18],"product_tag":[1185,1193,2141,2874,2875,2876,109,704],"class_list":{"0":"post-7533","1":"product","2":"type-product","3":"status-publish","4":"has-post-thumbnail","6":"product_cat-chua-phan-loai","7":"product_tag-pho","8":"product_tag-perkinelmer","9":"product_tag-hong","10":"product_tag-ngoai-ft-ir","11":"product_tag-model-spectrum","12":"product_tag-two","13":"product_tag-may","14":"product_tag-quang","16":"first","17":"instock","18":"shipping-taxable","19":"product-type-simple"},"yoast_head":"<!-- This site is optimized with the Yoast SEO Premium plugin v24.8 (Yoast SEO v24.8) - https:\/\/yoast.com\/wordpress\/plugins\/seo\/ -->\n<title>M\u00c1Y QUANG PH\u1ed4 H\u1ed2NG NGO\u1ea0I\u00a0FT-IR PERK... ch\u00ednh h\u00e3ng | V\u1ea1n N\u0103ng<\/title>\n<meta name=\"description\" content=\"Mua ngay M\u00c1Y QUANG PH\u1ed4 H\u1ed2NG NGO\u1ea0I\u00a0FT-IR PERKINELMER MODEL\u00a0SPECTRUM TWO\u2122 ch\u00ednh h\u00e3ng. Gi\u00e1 t\u1ed1t!\" \/>\n<meta name=\"robots\" content=\"noindex, follow, max-snippet:-1, max-image-preview:large, max-video-preview:-1\" \/>\n<meta property=\"og:locale\" content=\"en_US\" \/>\n<meta property=\"og:type\" content=\"article\" \/>\n<meta property=\"og:title\" content=\"M\u00c1Y QUANG PH\u1ed4 H\u1ed2NG NGO\u1ea0I\u00a0FT-IR PERKINELMER MODEL\u00a0SPECTRUM TWO\u2122\" \/>\n<meta property=\"og:description\" content=\"Mua ngay M\u00c1Y QUANG PH\u1ed4 H\u1ed2NG NGO\u1ea0I\u00a0FT-IR PERKINELMER MODEL\u00a0SPECTRUM TWO\u2122 ch\u00ednh h\u00e3ng. Gi\u00e1 t\u1ed1t!\" \/>\n<meta property=\"og:url\" content=\"https:\/\/vannangvn.123websitedev.com\/en\/product\/may-quang-pho-hong-ngoai-ft-ir-perkinelmer-model-spectrum-two\/\" \/>\n<meta property=\"og:site_name\" content=\"Vannang.vn\" \/>\n<meta property=\"article:modified_time\" content=\"2026-03-30T11:45:45+00:00\" \/>\n<meta property=\"og:image\" content=\"http:\/\/vannangvn.123websitedev.com\/wp-content\/uploads\/2026\/03\/Spectrum-Two-FT-IR-Spectrometer-copy.jpg\" \/>\n\t<meta property=\"og:image:width\" content=\"768\" \/>\n\t<meta property=\"og:image:height\" content=\"576\" \/>\n\t<meta property=\"og:image:type\" content=\"image\/jpeg\" \/>\n<meta name=\"twitter:card\" content=\"summary_large_image\" \/>\n<meta name=\"twitter:label1\" content=\"Est. reading time\" \/>\n\t<meta name=\"twitter:data1\" content=\"9 minutes\" \/>\n<script type=\"application\/ld+json\" class=\"yoast-schema-graph\">{\"@context\":\"https:\/\/schema.org\",\"@graph\":[{\"@type\":\"WebPage\",\"@id\":\"https:\/\/vannangvn.123websitedev.com\/san-pham\/may-quang-pho-hong-ngoai-ft-ir-perkinelmer-model-spectrum-two\/\",\"url\":\"https:\/\/vannangvn.123websitedev.com\/san-pham\/may-quang-pho-hong-ngoai-ft-ir-perkinelmer-model-spectrum-two\/\",\"name\":\"M\u00c1Y QUANG PH\u1ed4 H\u1ed2NG NGO\u1ea0I\u00a0FT-IR PERK... ch\u00ednh h\u00e3ng | V\u1ea1n N\u0103ng\",\"isPartOf\":{\"@id\":\"https:\/\/vannangvn.123websitedev.com\/#website\"},\"primaryImageOfPage\":{\"@id\":\"https:\/\/vannangvn.123websitedev.com\/san-pham\/may-quang-pho-hong-ngoai-ft-ir-perkinelmer-model-spectrum-two\/#primaryimage\"},\"image\":{\"@id\":\"https:\/\/vannangvn.123websitedev.com\/san-pham\/may-quang-pho-hong-ngoai-ft-ir-perkinelmer-model-spectrum-two\/#primaryimage\"},\"thumbnailUrl\":\"https:\/\/vannangvn.123websitedev.com\/wp-content\/uploads\/2026\/03\/Spectrum-Two-FT-IR-Spectrometer-copy.jpg\",\"datePublished\":\"2026-03-20T12:02:51+00:00\",\"dateModified\":\"2026-03-30T11:45:45+00:00\",\"description\":\"Mua ngay M\u00c1Y QUANG PH\u1ed4 H\u1ed2NG NGO\u1ea0I\u00a0FT-IR PERKINELMER MODEL\u00a0SPECTRUM TWO\u2122 ch\u00ednh h\u00e3ng. Gi\u00e1 t\u1ed1t!\",\"breadcrumb\":{\"@id\":\"https:\/\/vannangvn.123websitedev.com\/san-pham\/may-quang-pho-hong-ngoai-ft-ir-perkinelmer-model-spectrum-two\/#breadcrumb\"},\"inLanguage\":\"en-US\",\"potentialAction\":[{\"@type\":\"ReadAction\",\"target\":[\"https:\/\/vannangvn.123websitedev.com\/san-pham\/may-quang-pho-hong-ngoai-ft-ir-perkinelmer-model-spectrum-two\/\"]}]},{\"@type\":\"ImageObject\",\"inLanguage\":\"en-US\",\"@id\":\"https:\/\/vannangvn.123websitedev.com\/san-pham\/may-quang-pho-hong-ngoai-ft-ir-perkinelmer-model-spectrum-two\/#primaryimage\",\"url\":\"https:\/\/vannangvn.123websitedev.com\/wp-content\/uploads\/2026\/03\/Spectrum-Two-FT-IR-Spectrometer-copy.jpg\",\"contentUrl\":\"https:\/\/vannangvn.123websitedev.com\/wp-content\/uploads\/2026\/03\/Spectrum-Two-FT-IR-Spectrometer-copy.jpg\",\"width\":768,\"height\":576},{\"@type\":\"BreadcrumbList\",\"@id\":\"https:\/\/vannangvn.123websitedev.com\/san-pham\/may-quang-pho-hong-ngoai-ft-ir-perkinelmer-model-spectrum-two\/#breadcrumb\",\"itemListElement\":[{\"@type\":\"ListItem\",\"position\":1,\"name\":\"Trang ch\u1ee7\",\"item\":\"https:\/\/vannangvn.123websitedev.com\/\"},{\"@type\":\"ListItem\",\"position\":2,\"name\":\"S\u1ea3n ph\u1ea9m\",\"item\":\"https:\/\/vannangvn.123websitedev.com\/cua-hang\/\"},{\"@type\":\"ListItem\",\"position\":3,\"name\":\"M\u00c1Y QUANG PH\u1ed4 H\u1ed2NG NGO\u1ea0I\u00a0FT-IR PERKINELMER MODEL\u00a0SPECTRUM TWO\u2122\"}]},{\"@type\":\"WebSite\",\"@id\":\"https:\/\/vannangvn.123websitedev.com\/#website\",\"url\":\"https:\/\/vannangvn.123websitedev.com\/\",\"name\":\"Vannang.vn\",\"description\":\"\",\"publisher\":{\"@id\":\"https:\/\/vannangvn.123websitedev.com\/#organization\"},\"potentialAction\":[{\"@type\":\"SearchAction\",\"target\":{\"@type\":\"EntryPoint\",\"urlTemplate\":\"https:\/\/vannangvn.123websitedev.com\/?s={search_term_string}\"},\"query-input\":{\"@type\":\"PropertyValueSpecification\",\"valueRequired\":true,\"valueName\":\"search_term_string\"}}],\"inLanguage\":\"en-US\"},{\"@type\":\"Organization\",\"@id\":\"https:\/\/vannangvn.123websitedev.com\/#organization\",\"name\":\"Vannang.vn\",\"url\":\"https:\/\/vannangvn.123websitedev.com\/\",\"logo\":{\"@type\":\"ImageObject\",\"inLanguage\":\"en-US\",\"@id\":\"https:\/\/vannangvn.123websitedev.com\/#\/schema\/logo\/image\/\",\"url\":\"https:\/\/vannangvn.123websitedev.com\/wp-content\/uploads\/2026\/02\/logo-van-nang-02.png\",\"contentUrl\":\"https:\/\/vannangvn.123websitedev.com\/wp-content\/uploads\/2026\/02\/logo-van-nang-02.png\",\"width\":448,\"height\":111,\"caption\":\"Vannang.vn\"},\"image\":{\"@id\":\"https:\/\/vannangvn.123websitedev.com\/#\/schema\/logo\/image\/\"}}]}<\/script>\n<!-- \/ Yoast SEO Premium plugin. -->","yoast_head_json":{"title":"M\u00c1Y QUANG PH\u1ed4 H\u1ed2NG NGO\u1ea0I\u00a0FT-IR PERK... ch\u00ednh h\u00e3ng | V\u1ea1n N\u0103ng","description":"Mua ngay M\u00c1Y QUANG PH\u1ed4 H\u1ed2NG NGO\u1ea0I\u00a0FT-IR PERKINELMER MODEL\u00a0SPECTRUM TWO\u2122 ch\u00ednh h\u00e3ng. Gi\u00e1 t\u1ed1t!","robots":{"index":"noindex","follow":"follow","max-snippet":"max-snippet:-1","max-image-preview":"max-image-preview:large","max-video-preview":"max-video-preview:-1"},"og_locale":"en_US","og_type":"article","og_title":"M\u00c1Y QUANG PH\u1ed4 H\u1ed2NG NGO\u1ea0I\u00a0FT-IR PERKINELMER MODEL\u00a0SPECTRUM TWO\u2122","og_description":"Mua ngay M\u00c1Y QUANG PH\u1ed4 H\u1ed2NG NGO\u1ea0I\u00a0FT-IR PERKINELMER MODEL\u00a0SPECTRUM TWO\u2122 ch\u00ednh h\u00e3ng. Gi\u00e1 t\u1ed1t!","og_url":"https:\/\/vannangvn.123websitedev.com\/en\/product\/may-quang-pho-hong-ngoai-ft-ir-perkinelmer-model-spectrum-two\/","og_site_name":"Vannang.vn","article_modified_time":"2026-03-30T11:45:45+00:00","og_image":[{"width":768,"height":576,"url":"http:\/\/vannangvn.123websitedev.com\/wp-content\/uploads\/2026\/03\/Spectrum-Two-FT-IR-Spectrometer-copy.jpg","type":"image\/jpeg"}],"twitter_card":"summary_large_image","twitter_misc":{"Est. reading time":"9 minutes"},"schema":{"@context":"https:\/\/schema.org","@graph":[{"@type":"WebPage","@id":"https:\/\/vannangvn.123websitedev.com\/san-pham\/may-quang-pho-hong-ngoai-ft-ir-perkinelmer-model-spectrum-two\/","url":"https:\/\/vannangvn.123websitedev.com\/san-pham\/may-quang-pho-hong-ngoai-ft-ir-perkinelmer-model-spectrum-two\/","name":"M\u00c1Y QUANG PH\u1ed4 H\u1ed2NG NGO\u1ea0I\u00a0FT-IR PERK... ch\u00ednh h\u00e3ng | V\u1ea1n N\u0103ng","isPartOf":{"@id":"https:\/\/vannangvn.123websitedev.com\/#website"},"primaryImageOfPage":{"@id":"https:\/\/vannangvn.123websitedev.com\/san-pham\/may-quang-pho-hong-ngoai-ft-ir-perkinelmer-model-spectrum-two\/#primaryimage"},"image":{"@id":"https:\/\/vannangvn.123websitedev.com\/san-pham\/may-quang-pho-hong-ngoai-ft-ir-perkinelmer-model-spectrum-two\/#primaryimage"},"thumbnailUrl":"https:\/\/vannangvn.123websitedev.com\/wp-content\/uploads\/2026\/03\/Spectrum-Two-FT-IR-Spectrometer-copy.jpg","datePublished":"2026-03-20T12:02:51+00:00","dateModified":"2026-03-30T11:45:45+00:00","description":"Mua ngay M\u00c1Y QUANG PH\u1ed4 H\u1ed2NG NGO\u1ea0I\u00a0FT-IR PERKINELMER MODEL\u00a0SPECTRUM TWO\u2122 ch\u00ednh h\u00e3ng. Gi\u00e1 t\u1ed1t!","breadcrumb":{"@id":"https:\/\/vannangvn.123websitedev.com\/san-pham\/may-quang-pho-hong-ngoai-ft-ir-perkinelmer-model-spectrum-two\/#breadcrumb"},"inLanguage":"en-US","potentialAction":[{"@type":"ReadAction","target":["https:\/\/vannangvn.123websitedev.com\/san-pham\/may-quang-pho-hong-ngoai-ft-ir-perkinelmer-model-spectrum-two\/"]}]},{"@type":"ImageObject","inLanguage":"en-US","@id":"https:\/\/vannangvn.123websitedev.com\/san-pham\/may-quang-pho-hong-ngoai-ft-ir-perkinelmer-model-spectrum-two\/#primaryimage","url":"https:\/\/vannangvn.123websitedev.com\/wp-content\/uploads\/2026\/03\/Spectrum-Two-FT-IR-Spectrometer-copy.jpg","contentUrl":"https:\/\/vannangvn.123websitedev.com\/wp-content\/uploads\/2026\/03\/Spectrum-Two-FT-IR-Spectrometer-copy.jpg","width":768,"height":576},{"@type":"BreadcrumbList","@id":"https:\/\/vannangvn.123websitedev.com\/san-pham\/may-quang-pho-hong-ngoai-ft-ir-perkinelmer-model-spectrum-two\/#breadcrumb","itemListElement":[{"@type":"ListItem","position":1,"name":"Trang ch\u1ee7","item":"https:\/\/vannangvn.123websitedev.com\/"},{"@type":"ListItem","position":2,"name":"S\u1ea3n ph\u1ea9m","item":"https:\/\/vannangvn.123websitedev.com\/cua-hang\/"},{"@type":"ListItem","position":3,"name":"M\u00c1Y QUANG PH\u1ed4 H\u1ed2NG NGO\u1ea0I\u00a0FT-IR PERKINELMER MODEL\u00a0SPECTRUM TWO\u2122"}]},{"@type":"WebSite","@id":"https:\/\/vannangvn.123websitedev.com\/#website","url":"https:\/\/vannangvn.123websitedev.com\/","name":"Vannang.vn","description":"","publisher":{"@id":"https:\/\/vannangvn.123websitedev.com\/#organization"},"potentialAction":[{"@type":"SearchAction","target":{"@type":"EntryPoint","urlTemplate":"https:\/\/vannangvn.123websitedev.com\/?s={search_term_string}"},"query-input":{"@type":"PropertyValueSpecification","valueRequired":true,"valueName":"search_term_string"}}],"inLanguage":"en-US"},{"@type":"Organization","@id":"https:\/\/vannangvn.123websitedev.com\/#organization","name":"Vannang.vn","url":"https:\/\/vannangvn.123websitedev.com\/","logo":{"@type":"ImageObject","inLanguage":"en-US","@id":"https:\/\/vannangvn.123websitedev.com\/#\/schema\/logo\/image\/","url":"https:\/\/vannangvn.123websitedev.com\/wp-content\/uploads\/2026\/02\/logo-van-nang-02.png","contentUrl":"https:\/\/vannangvn.123websitedev.com\/wp-content\/uploads\/2026\/02\/logo-van-nang-02.png","width":448,"height":111,"caption":"Vannang.vn"},"image":{"@id":"https:\/\/vannangvn.123websitedev.com\/#\/schema\/logo\/image\/"}}]}},"_links":{"self":[{"href":"https:\/\/vannangvn.123websitedev.com\/en\/wp-json\/wp\/v2\/product\/7533","targetHints":{"allow":["GET"]}}],"collection":[{"href":"https:\/\/vannangvn.123websitedev.com\/en\/wp-json\/wp\/v2\/product"}],"about":[{"href":"https:\/\/vannangvn.123websitedev.com\/en\/wp-json\/wp\/v2\/types\/product"}],"replies":[{"embeddable":true,"href":"https:\/\/vannangvn.123websitedev.com\/en\/wp-json\/wp\/v2\/comments?post=7533"}],"wp:featuredmedia":[{"embeddable":true,"href":"https:\/\/vannangvn.123websitedev.com\/en\/wp-json\/wp\/v2\/media\/8819"}],"wp:attachment":[{"href":"https:\/\/vannangvn.123websitedev.com\/en\/wp-json\/wp\/v2\/media?parent=7533"}],"wp:term":[{"taxonomy":"product_brand","embeddable":true,"href":"https:\/\/vannangvn.123websitedev.com\/en\/wp-json\/wp\/v2\/product_brand?post=7533"},{"taxonomy":"product_cat","embeddable":true,"href":"https:\/\/vannangvn.123websitedev.com\/en\/wp-json\/wp\/v2\/product_cat?post=7533"},{"taxonomy":"product_tag","embeddable":true,"href":"https:\/\/vannangvn.123websitedev.com\/en\/wp-json\/wp\/v2\/product_tag?post=7533"}],"curies":[{"name":"wp","href":"https:\/\/api.w.org\/{rel}","templated":true}]}}