{"id":7537,"date":"2026-03-20T19:02:55","date_gmt":"2026-03-20T12:02:55","guid":{"rendered":"https:\/\/vannangvn.123websitedev.com\/san-pham\/may-quang-pho-huynh-quang-perkinelmer-fl-8500\/"},"modified":"2026-03-30T18:45:52","modified_gmt":"2026-03-30T11:45:52","slug":"may-quang-pho-huynh-quang-perkinelmer-fl-8500","status":"publish","type":"product","link":"https:\/\/vannangvn.123websitedev.com\/en\/product\/may-quang-pho-huynh-quang-perkinelmer-fl-8500\/","title":{"rendered":"M\u00c1Y QUANG PH\u1ed4 HU\u1ef2NH QUANG PERKINELMER\u00a0FL 8500"},"content":{"rendered":"<h1 style=\"color: red; font-weight: bold; font-size: 24px;\">T&#7893;ng quan s&#7843;n ph&#7849;m M&Aacute;Y QUANG PH&#7892; HU&#7922;NH QUANG PERKINELMER&nbsp;FL 8500<p>M&aacute;y Quang Ph&#7893; Hu&#7923;nh Quang PerkinElmer FL 8500 (Fluorescence Spectrophotometer with Spectrum FL Software)<br>\nFL 8500 (Fluorescence Spectrophotometer) l&agrave; m&#7897;t thi&#7871;t b&#7883; &#273;o ph&#7893; hu&#7923;nh quang ti&ecirc;n ti&#7871;n h&agrave;ng &#273;&#7847;u, k&#7871;t h&#7907;p c&ugrave;ng ph&#7847;n m&#7873;m Spectrum FL &#273;&#7897;c quy&#7873;n. V&#7899;i &#273;&#7897; ch&iacute;nh x&aacute;c v&#432;&#7907;t tr&#7897;i, ngay c&#7843; khi x&#7917; l&yacute; c&aacute;c m&#7851;u pha lo&atilde;ng ho&#7863;c c&oacute; k&iacute;ch th&#432;&#7899;c nh&#7887;, Model FL 8500TM kh&ocirc;ng ch&#7881; gi&uacute;p b&#7841;n &#273;&#7841;t &#273;&#432;&#7907;c k&#7871;t qu&#7843; &#273;&uacute;ng ngay t&#7915; l&#7847;n &#273;&#7847;u ti&ecirc;n m&agrave; c&ograve;n t&#259;ng c&#432;&#7901;ng hi&#7879;u su&#7845;t l&agrave;m vi&#7879;c v&agrave; t&#7889;i &#273;a h&oacute;a n&#259;ng su&#7845;t c&#7911;a ph&ograve;ng th&iacute; nghi&#7879;m. Model FL 6500 &#273;&#7863;c bi&#7879;t ph&ugrave; h&#7907;p v&#7899;i c&aacute;c m&#7851;u nh&#7841;y c&#7843;m v&#7899;i &aacute;nh s&aacute;ng, trong khi model FL 8500 n&#7893;i b&#7853;t v&#7899;i kh&#7843; n&#259;ng x&#7917; l&yacute; m&#7851;u lo&atilde;ng v&agrave; nh&#7887;. C&#7843; hai d&ograve;ng m&aacute;y FL6500 v&agrave; FL8500 &#273;&#7873;u d&#7877; s&#7917; d&#7909;ng v&agrave; linh ho&#7841;t, &#273;&aacute;p &#7913;ng nhu c&#7847;u &#273;a d&#7841;ng c&#7911;a c&aacute;c nghi&ecirc;n c&#7913;u hi&#7879;n &#273;&#7841;i. H&atilde;y c&ugrave;ng Thi&#7871;t B&#7883; C&ocirc;ng Ngh&#7879; V&#7841;n N&#259;ng Company t&igrave;m hi&#7875;u chi ti&#7871;t h&#417;n v&#7873; s&#7843;n ph&#7849;m th&ocirc;ng qua b&agrave;i vi&#7871;t sau nh&eacute;!<\/p><p>&#431;u &#272;i&#7875;m V&#432;&#7907;t Tr&#7897;i C&#7911;a FL 8500<br>\n&#272;&#7897; ph&acirc;n gi&#7843;i cao (1.0 nm)<br>\nThi&#7871;t b&#7883; FL 8500TM &#273;&#7863;c bi&#7879;t h&#7895; tr&#7907; ng&#432;&#7901;i d&ugrave;ng khi c&#7847;n ph&acirc;n t&iacute;ch c&aacute;c m&#7851;u c&oacute; c&#7845;u tr&uacute;c kh&oacute; v&agrave; ph&#7913;c t&#7841;p, &#273;&#7843;m b&#7843;o &#273;&#7897; ph&acirc;n gi&#7843;i cao nh&#7845;t, mang l&#7841;i k&#7871;t qu&#7843; &#273;o &#273;&#7841;c ch&iacute;nh x&aacute;c v&agrave; chi ti&#7871;t. T&#259;ng t&iacute;nh tr&#7843;i nghi&#7879;m c&#7911;a ng&#432;&#7901;i d&ugrave;ng v&#7899;i thi&#7871;t b&#7883;.<br>\nT&#7889;c &#273;&#7897; qu&eacute;t nhanh (l&ecirc;n &#273;&#7871;n 60,000 nm\/ph&uacute;t)<br>\nT&#7889;c &#273;&#7897; qu&eacute;t nhanh gi&uacute;p ng&#432;&#7901;i d&ugrave;ng ti&#7871;t ki&#7879;m th&#7901;i gian v&agrave; t&#259;ng s&#7889; l&#432;&#7907;ng m&#7851;u &#273;&#432;&#7907;c ph&acirc;n t&iacute;ch trong m&#7897;t ng&agrave;y, t&#7915; &#273;&oacute; n&acirc;ng cao hi&#7879;u su&#7845;t l&agrave;m vi&#7879;c c&#7911;a ph&ograve;ng th&iacute; nghi&#7879;m.<br>\n&#272;&#7897; nh&#7841;y cao v&agrave; hi&#7879;u su&#7845;t t&#7889;i &#432;u<br>\n&#272;&#432;&#7907;c trang b&#7883; &#273;&#7847;u d&ograve; R928 PMT hi&#7879;u su&#7845;t cao k&#7871;t h&#7907;p v&#7899;i h&#7879; th&#7889;ng quang h&#7885;c c&#7911;a PerkinElmer, M&aacute;y &#273;o quang ph&#7893; FL 8500TM mang l&#7841;i &#273;&#7897; nh&#7841;y cao v&agrave; hi&#7879;u su&#7845;t t&#7889;i &#432;u tr&ecirc;n to&agrave;n b&#7897; quang ph&#7893;, gi&uacute;p b&#7841;n ph&aacute;t hi&#7879;n c&aacute;c t&iacute;n hi&#7879;u hu&#7923;nh quang y&#7871;u m&#7897;t c&aacute;ch d&#7877; d&agrave;ng.<\/p><p>D&#7843;i b&#432;&#7899;c s&oacute;ng k&iacute;ch th&iacute;ch v&agrave; ph&aacute;t x&#7841; r&#7897;ng (l&ecirc;n &#273;&#7871;n 900 nm)<br>\nM&aacute;y Quang Ph&#7893; FL 8500TM c&oacute; kh&#7843; n&#259;ng ph&acirc;n t&iacute;ch m&#7897;t lo&#7841;t c&aacute;c m&#7851;u kh&aacute;c nhau, t&#7915; c&aacute;c v&#7853;t li&#7879;u v&ocirc; c&#417; &#273;&#7871;n h&#7919;u c&#417;, nh&#7901; d&#7843;i b&#432;&#7899;c s&oacute;ng r&#7897;ng. &#272;&#7843;m b&#7843;o k&#7871;t qu&#7843; nh&#7845;t qu&aacute;n v&agrave; &#273;&aacute;ng tin c&#7853;y trong m&#7885;i ph&eacute;p &#273;o, gi&uacute;p gi&#7843;m thi&#7875;u sai s&oacute;t v&agrave; t&aacute;i l&#7853;p l&#7841;i c&aacute;c k&#7871;t qu&#7843; ph&acirc;n t&iacute;ch m&#7897;t c&aacute;ch d&#7877; d&agrave;ng.<br>\nB&#7889;n ch&#7871; &#273;&#7897; thu th&#7853;p d&#7919; li&#7879;u<br>\nThi&#7871;t b&#7883; n&agrave;y h&#7895; tr&#7907; nhi&#7873;u ph&#432;&#417;ng ph&aacute;p &#273;o tr&ecirc;n c&ugrave;ng m&#7897;t thi&#7871;t b&#7883; duy nh&#7845;t, bao g&#7891;m: Fluorescence, Phosphorescence, Chemi\/Bio-Luminescence v&agrave; Time Resolved Phosphorescence, &#273;&aacute;p &#7913;ng &#273;a d&#7841;ng c&aacute;c nhu c&#7847;u ph&acirc;n t&iacute;ch ng&#432;&#7901;i d&ugrave;ng c&#361;ng nh&#432; c&aacute;c doanh nghi&#7879;p.<br>\nPh&#7847;n m&#7873;m Spectrum FL th&acirc;n thi&#7879;n v&#7899;i ng&#432;&#7901;i d&ugrave;ng<br>\nSpectrum FL l&agrave; ph&#7847;n m&#7873;m &#273;&#7897;c quy&#7873;n c&#7911;a PerkinElmer c&ugrave;ng v&#7899;i giao di&#7879;n tr&#7921;c quan (h&#432;&#7899;ng ng&#432;&#7901;i d&ugrave;ng), c&oacute; th&#7875; h&#7895; tr&#7907; b&#7845;t k&#7923; ai trong ph&ograve;ng th&iacute; nghi&#7879;m c&#361;ng c&oacute; th&#7875; t&#7841;o ra d&#7919; li&#7879;u hu&#7923;nh quang ch&iacute;nh x&aacute;c v&agrave; &#273;&aacute;ng tin c&#7853;y, b&#7845;t k&#7875; tr&igrave;nh &#273;&#7897; kinh nghi&#7879;m c&#7911;a h&#7885;. Gi&uacute;p doanh nghi&#7879;p ti&#7871;t ki&#7879;m &#273;&#432;&#7907;c chi phi v&#7853;n h&agrave;nh c&#361;ng nh&#432; l&agrave; nh&acirc;n s&#7921;.<br>\nPh&#7909; ki&#7879;n linh ho&#7841;t v&agrave; d&#7877; s&#7917; d&#7909;ng<br>\nV&#7899;i 26 ph&#7909; ki&#7879;n t&#7921; nh&#7853;n di&#7879;n plug-n-play, thi&#7871;t b&#7883; FL 8500TM cho ph&eacute;p ng&#432;&#7901;i d&ugrave;ng ph&acirc;n t&iacute;ch nhi&#7873;u lo&#7841;i m&#7851;u v&agrave; &#273;i&#7873;u ki&#7879;n kh&aacute;c nhau m&agrave; kh&ocirc;ng g&#7863;p kh&oacute; kh&#259;n trong vi&#7879;c thay &#273;&#7893;i thi&#7871;t l&#7853;p. Mang &#273;&#7871;n tr&#7843;i nghi&#7879;m m&#432;&#7907;t m&agrave; v&agrave; thu&#7853;n l&#7907;i h&#417;n so v&#7899;i nh&#7919;ng d&ograve;ng m&aacute;y quang ph&#7893; kh&aacute;c.<br>\nNh&#7887; g&#7885;n v&agrave; ti&#7871;t ki&#7879;m kh&ocirc;ng gian<br>\nV&#7899;i thi&#7871;t k&#7871; th&ocirc;ng minh, ch&#7881; chi&#7871;m 66 cm (26 inches) tr&ecirc;n b&agrave;n l&agrave;m vi&#7879;c, m&aacute;y quang ph&#7893; hu&#7923;nh quang FL-8500TM gi&uacute;p gi&#7843;i ph&oacute;ng kh&ocirc;ng gian qu&yacute; gi&aacute; trong ph&ograve;ng th&iacute; nghi&#7879;m c&#7911;a b&#7841;n, mang l&#7841;i s&#7921; ti&#7879;n l&#7907;i t&#7889;i &#273;a cho doanh nghi&#7879;p c&#7911;a b&#7841;n.<br>\nNgu&#7891;n s&aacute;ng Xenon Arc b&#7873;n b&#7881;<br>\nV&#7899;i tu&#7893;i th&#7885; l&ecirc;n &#273;&#7871;n 2,000 gi&#7901;, ngu&#7891;n s&aacute;ng Xenon Arc (150 W) c&#7911;a m&aacute;y &#273;o quang ph&#7893; FL 8500 kh&ocirc;ng ch&#7881; b&#7873;n b&#7881; m&agrave; c&ograve;n d&#7877; d&agrave;ng thay th&#7871; m&agrave; kh&ocirc;ng c&#7847;n s&#7921; h&#7895; tr&#7907; c&#7911;a k&#7929; thu&#7853;t vi&ecirc;n, gi&uacute;p ti&#7871;t ki&#7879;m th&#7901;i gian v&agrave; chi ph&iacute;.<br>\nH&#7879; th&#7889;ng gi&aacute;m s&aacute;t t&#7915; xa Radian<br>\nMang l&#7841;i s&#7921; y&ecirc;n t&acirc;m v&#7899;i h&#7879; th&#7889;ng gi&aacute;m s&aacute;t thi&#7871;t b&#7883; t&#7915; xa &#273;&#7897;c quy&#7873;n c&#7911;a PerkinElmer, gi&uacute;p theo d&otilde;i v&agrave; ki&#7875;m so&aacute;t hi&#7879;u su&#7845;t thi&#7871;t b&#7883; m&#7897;t c&aacute;ch hi&#7879;u qu&#7843;.<\/p><p>&#7912;ng D&#7909;ng C&#7911;a FL 8500<br>\nM&aacute;y FL-8500 c&#7911;a PerkinELmer l&agrave; thi&#7871;t b&#7883; l&yacute; t&#432;&#7903;ng cho nhi&#7873;u &#7913;ng d&#7909;ng ph&acirc;n t&iacute;ch kh&aacute;c nhau, bao g&#7891;m:<\/p><p>&#272;&#7863;c t&iacute;nh v&#7853;t li&#7879;u: Thi&#7871;t b&#7883; gi&uacute;p x&aacute;c &#273;&#7883;nh v&agrave; ph&acirc;n t&iacute;ch c&aacute;c t&iacute;nh ch&#7845;t c&#7911;a v&#7853;t li&#7879;u m&#7897;t c&aacute;ch ch&iacute;nh x&aacute;c, h&#7895; tr&#7907; c&aacute;c nghi&ecirc;n c&#7913;u v&agrave; ph&aacute;t tri&#7875;n c&ocirc;ng ngh&#7879; m&#7899;i.<br>\nTheo d&otilde;i c&ocirc;ng nghi&#7879;p v&agrave; R&amp;D s&#7843;n xu&#7845;t: H&#7895; tr&#7907; trong vi&#7879;c ki&#7875;m tra v&agrave; c&#7843;i ti&#7871;n c&aacute;c quy tr&igrave;nh s&#7843;n xu&#7845;t c&ocirc;ng nghi&#7879;p, &#273;&#7843;m b&#7843;o ch&#7845;t l&#432;&#7907;ng s&#7843;n ph&#7849;m cao nh&#7845;t.<br>\nPh&acirc;n t&iacute;ch n&ocirc;ng nghi&#7879;p v&agrave; m&ocirc;i tr&#432;&#7901;ng: Cung c&#7845;p gi&#7843;i ph&aacute;p ph&acirc;n t&iacute;ch hi&#7879;u qu&#7843; cho c&aacute;c m&#7851;u n&ocirc;ng nghi&#7879;p v&agrave; m&ocirc;i tr&#432;&#7901;ng, gi&uacute;p &#273;&aacute;nh gi&aacute; v&agrave; qu&#7843;n l&yacute; ch&#7845;t l&#432;&#7907;ng &#273;&#7845;t, n&#432;&#7899;c v&agrave; c&acirc;y tr&#7891;ng.<br>\nPh&acirc;n t&iacute;ch LED, pin m&#7863;t tr&#7901;i v&agrave; v&#7853;t li&#7879;u h&#7919;u c&#417; ph&aacute;t quang &#273;i&#7879;n: &#272;&#7843;m b&#7843;o &#273;&#7897; ch&iacute;nh x&aacute;c cao trong vi&#7879;c ph&acirc;n t&iacute;ch c&aacute;c v&#7853;t li&#7879;u c&ocirc;ng ngh&#7879; cao n&agrave;y, h&#7895; tr&#7907; ph&aacute;t tri&#7875;n c&aacute;c s&#7843;n ph&#7849;m ti&ecirc;n ti&#7871;n.<\/p><p>T&#7893;ng K&#7871;t<br>\nFL 8500TM Fluorescence Spectrophotometer c&#7911;a PerkinElmer kh&ocirc;ng ch&#7881; mang l&#7841;i k&#7871;t qu&#7843; ch&iacute;nh x&aacute;c v&agrave; nh&#7845;t qu&aacute;n m&agrave; c&ograve;n n&acirc;ng cao hi&#7879;u qu&#7843; v&agrave; n&#259;ng su&#7845;t trong c&ocirc;ng vi&#7879;c. V&#7899;i nhi&#7873;u t&iacute;nh n&#259;ng &#432;u vi&#7879;t v&agrave; thi&#7871;t k&#7871; ti&#7879;n l&#7907;i, &#273;&acirc;y l&agrave; s&#7921; l&#7921;a ch&#7885;n ho&agrave;n h&#7843;o cho c&aacute;c ph&ograve;ng th&iacute; nghi&#7879;m y&ecirc;u c&#7847;u ch&#7845;t l&#432;&#7907;ng v&agrave; hi&#7879;u qu&#7843; cao. H&atilde;y li&ecirc;n h&#7879; v&#7899;i Thi&#7871;t B&#7883; C&ocirc;ng Ngh&#7879; V&#7841;n N&#259;ng ngay &#273;&#7875; &#273;&#432;&#7907;c t&#432; v&#7845;n chuy&ecirc;n s&acirc;u v&agrave; nh&#7853;n nh&#7919;ng &#432;u &#273;&atilde;i h&#7845;p d&#7851;n nh&#7845;t th&ocirc;ng qua hotline0903 991 335!<\/p><div style=\"background-color: #f8fafc; border: 1px solid #e2e8f0; border-radius: 8px; padding: 25px; max-width: 800px; margin: 30px auto; color: #334155; line-height: 1.8; font-size: 17px; box-shadow: 0 4px 6px -1px rgba(0,0,0,0.05); text-align: left; clear: both;\">\nC&ocirc;ng ty TNHH Th&#432;&#417;ng M&#7841;i D&#7883;ch V&#7909; Thi&#7871;t B&#7883; C&ocirc;ng Ngh&#7879; V&#7841;n N&#259;ng\n<p style=\"margin: 0 0 10px 0;\">&#128205; <strong style=\"color: #1e293b;\">&#272;&#7883;a ch&#7881;:<\/strong> <a style=\"color: #059669; text-decoration: none; font-weight: bold;\" href=\"https:\/\/www.google.com\/maps\/search\/C%C3%B4ng+ty+TNHH+Th%C6%B0%C6%A1ng+M%E1%BA%A1i+D%E1%BB%8Bch+V%E1%BB%A5+Thi%E1%BA%BFt+B%E1%BB%8B+C%C3%B4ng+Ngh%E1%BB%87+V%E1%BA%A1n+N%C4%83ng+818+Tr%C6%B0%E1%BB%9Dng+Chinh\" target=\"_blank\" rel=\"noopener\">818 Tr&#432;&#7901;ng Chinh, Ph&#432;&#7901;ng T&acirc;n S&#417;n, Th&agrave;nh ph&#7889; H&#7891; Ch&iacute; Minh, Vi&#7879;t Nam<\/a><\/p>\n<p style=\"margin: 0 0 10px 0;\">&#128222; <strong style=\"color: #1e293b;\">S&#272;T &ndash; Zalo:<\/strong> <a style=\"color: #059669; text-decoration: none; font-weight: bold;\" href=\"https:\/\/zalo.me\/0903991335\" target=\"_blank\" rel=\"noopener\">0903 991 335<\/a> <span style=\"color: #64748b; font-style: italic;\">(Ms. H&#7841;nh &ndash; Gi&aacute;m &#272;&#7889;c Kinh Doanh)<\/span><\/p>\n<p style=\"margin: 0;\">&#9993;&#65039; <strong style=\"color: #1e293b;\">Email:<\/strong> <a style=\"color: #059669; text-decoration: none; font-weight: bold;\" href=\"mailto:hienhanh@vannangvn.com\">hienhanh@vannangvn.com<\/a><\/p>\n<\/div><\/h1>","protected":false},"excerpt":{"rendered":"<p><strong>Th&#432;&#417;ng hi&#7879;u:<\/strong> M&aacute;y quang ph&#7893; hu&#7923;nh quang FL 8500L c&oacute; &#273;&#7897; ch&iacute;nh x&aacute;c v&#432;&#7907;t tr&#7897;i &#273;&#7875; &#273;&#7841;t &#273;&#432;&#7907;c k&#7871;t qu&#7843; ch&iacute;nh x&aacute;c ngay t&#7915; l&#7847;n &#273;&#7847;u ti&ecirc;n ngay c&#7843; &#273;&#7889;i v&#7899;i m&#7851;u pha lo&atilde;ng ho&#7863;c m&#7851;u nh&#7887;. Qu&eacute;t nhanh t&#259;ng n&#259;ng su&#7845;t m&#7851;u v&agrave; t&#7889;i &#273;a h&oacute;a n&#259;ng su&#7845;t c&#7911;a b&#7841;n. C&aacute;c lo&#7841;i ph&acirc;n t&iacute;ch bao g&#7891;m &#273;&#7863;c tr&#432;ng v&#7853;t li&#7879;u; truy xu&#7845;t c&ocirc;ng nghi&#7879;p v&agrave; nghi&ecirc;n c&#7913;u ph&aacute;t tri&#7875;n s&#7843;n xu&#7845;t; ph&acirc;n t&iacute;ch n&ocirc;ng nghi&#7879;p v&agrave; m&ocirc;i tr&#432;&#7901;ng; v&agrave; ph&acirc;n t&iacute;ch &#273;&egrave;n LED, pin m&#7863;t tr&#7901;i v&agrave; v&#7853;t li&#7879;u ph&aacute;t quang h&#7919;u c&#417;.<br>\n<strong>Model:<\/strong> Fluorescence Spectrophotometer-2<p>Product <strong>M&Aacute;Y QUANG PH&#7892; HU&#7922;NH QUANG PERKINELMER&nbsp;FL 8500<\/strong> ch&iacute;nh h&atilde;ng. M&aacute;y quang ph&#7893; hu&#7923;nh quang FL 8500L c&oacute; &#273;&#7897; ch&iacute;nh x&aacute;c v&#432;&#7907;t tr&#7897;i &#273;&#7875; &#273;&#7841;t &#273;&#432;&#7907;c k&#7871;t qu&#7843; ch&iacute;nh x&aacute;c ngay t&#7915; l&#7847;n &#273;&#7847;u ti&ecirc;n ngay c&#7843; &#273;&#7889;i v&#7899;i m&#7851;u pha lo&atilde;ng ho&#7863;c m&#7851;u nh&#7887;. Qu&eacute;t nhanh t&#259;ng n&#259;ng su&#7845;t m&#7851;u v&agrave; t&#7889;i &#273;a h&oacute;a n&#259;ng su&#7845;t c&#7911;a b&#7841;n. C&aacute;c lo&#7841;i ph&acirc;n t&iacute;ch bao g&#7891;m &#273;&#7863;c tr&#432;ng v&#7853;t li&#7879;u; truy xu&#7845;t c&ocirc;ng nghi&#7879;p v&agrave; nghi&ecirc;n c&#7913;u ph&aacute;t tri&#7875;n s&#7843;n xu&#7845;t; ph&acirc;n t&iacute;ch n&ocirc;ng nghi&#7879;p v&agrave; m&ocirc;i tr&#432;&#7901;ng; v&agrave; ph&acirc;n t&iacute;ch &#273;&egrave;n LED, pin m&#7863;t tr&#7901;i v&agrave; v&#7853;t li&#7879;u ph&aacute;t quang h&#7919;u c&#417;.<\/p><\/p>","protected":false},"featured_media":9976,"comment_status":"open","ping_status":"closed","template":"","meta":[],"product_brand":[],"product_cat":[18],"product_tag":[109,704,1185,2300,2706,2880],"class_list":{"0":"post-7537","1":"product","2":"type-product","3":"status-publish","4":"has-post-thumbnail","6":"product_cat-chua-phan-loai","7":"product_tag-may","8":"product_tag-quang","9":"product_tag-pho","10":"product_tag-huynh","11":"product_tag-2706","12":"product_tag-perkinelmer-fl","14":"first","15":"instock","16":"shipping-taxable","17":"product-type-simple"},"yoast_head":"<!-- This site is optimized with the Yoast SEO Premium plugin v24.8 (Yoast SEO v24.8) - https:\/\/yoast.com\/wordpress\/plugins\/seo\/ -->\n<title>M\u00c1Y QUANG PH\u1ed4 HU\u1ef2NH QUANG PERKINELM... ch\u00ednh h\u00e3ng | V\u1ea1n N\u0103ng<\/title>\n<meta name=\"description\" content=\"Mua ngay M\u00c1Y QUANG PH\u1ed4 HU\u1ef2NH QUANG PERKINELMER\u00a0FL 8500 ch\u00ednh h\u00e3ng. Gi\u00e1 t\u1ed1t!\" \/>\n<meta name=\"robots\" content=\"noindex, follow, max-snippet:-1, max-image-preview:large, max-video-preview:-1\" \/>\n<meta property=\"og:locale\" content=\"en_US\" \/>\n<meta property=\"og:type\" content=\"article\" \/>\n<meta property=\"og:title\" content=\"M\u00c1Y QUANG PH\u1ed4 HU\u1ef2NH QUANG PERKINELMER\u00a0FL 8500\" \/>\n<meta property=\"og:description\" content=\"Mua ngay M\u00c1Y QUANG PH\u1ed4 HU\u1ef2NH QUANG PERKINELMER\u00a0FL 8500 ch\u00ednh h\u00e3ng. Gi\u00e1 t\u1ed1t!\" \/>\n<meta property=\"og:url\" content=\"https:\/\/vannangvn.123websitedev.com\/en\/product\/may-quang-pho-huynh-quang-perkinelmer-fl-8500\/\" \/>\n<meta property=\"og:site_name\" content=\"Vannang.vn\" \/>\n<meta property=\"article:modified_time\" content=\"2026-03-30T11:45:52+00:00\" \/>\n<meta property=\"og:image\" content=\"http:\/\/vannangvn.123websitedev.com\/wp-content\/uploads\/2026\/03\/24-2_2-copy.jpg\" \/>\n\t<meta property=\"og:image:width\" content=\"768\" \/>\n\t<meta property=\"og:image:height\" content=\"576\" \/>\n\t<meta property=\"og:image:type\" content=\"image\/jpeg\" \/>\n<meta name=\"twitter:card\" content=\"summary_large_image\" \/>\n<meta name=\"twitter:label1\" content=\"Est. reading time\" \/>\n\t<meta name=\"twitter:data1\" content=\"8 minutes\" \/>\n<script type=\"application\/ld+json\" class=\"yoast-schema-graph\">{\"@context\":\"https:\/\/schema.org\",\"@graph\":[{\"@type\":\"WebPage\",\"@id\":\"https:\/\/vannangvn.123websitedev.com\/san-pham\/may-quang-pho-huynh-quang-perkinelmer-fl-8500\/\",\"url\":\"https:\/\/vannangvn.123websitedev.com\/san-pham\/may-quang-pho-huynh-quang-perkinelmer-fl-8500\/\",\"name\":\"M\u00c1Y QUANG PH\u1ed4 HU\u1ef2NH QUANG PERKINELM... ch\u00ednh h\u00e3ng | V\u1ea1n N\u0103ng\",\"isPartOf\":{\"@id\":\"https:\/\/vannangvn.123websitedev.com\/#website\"},\"primaryImageOfPage\":{\"@id\":\"https:\/\/vannangvn.123websitedev.com\/san-pham\/may-quang-pho-huynh-quang-perkinelmer-fl-8500\/#primaryimage\"},\"image\":{\"@id\":\"https:\/\/vannangvn.123websitedev.com\/san-pham\/may-quang-pho-huynh-quang-perkinelmer-fl-8500\/#primaryimage\"},\"thumbnailUrl\":\"https:\/\/vannangvn.123websitedev.com\/wp-content\/uploads\/2026\/03\/24-2_2-copy.jpg\",\"datePublished\":\"2026-03-20T12:02:55+00:00\",\"dateModified\":\"2026-03-30T11:45:52+00:00\",\"description\":\"Mua ngay M\u00c1Y QUANG PH\u1ed4 HU\u1ef2NH QUANG PERKINELMER\u00a0FL 8500 ch\u00ednh h\u00e3ng. Gi\u00e1 t\u1ed1t!\",\"breadcrumb\":{\"@id\":\"https:\/\/vannangvn.123websitedev.com\/san-pham\/may-quang-pho-huynh-quang-perkinelmer-fl-8500\/#breadcrumb\"},\"inLanguage\":\"en-US\",\"potentialAction\":[{\"@type\":\"ReadAction\",\"target\":[\"https:\/\/vannangvn.123websitedev.com\/san-pham\/may-quang-pho-huynh-quang-perkinelmer-fl-8500\/\"]}]},{\"@type\":\"ImageObject\",\"inLanguage\":\"en-US\",\"@id\":\"https:\/\/vannangvn.123websitedev.com\/san-pham\/may-quang-pho-huynh-quang-perkinelmer-fl-8500\/#primaryimage\",\"url\":\"https:\/\/vannangvn.123websitedev.com\/wp-content\/uploads\/2026\/03\/24-2_2-copy.jpg\",\"contentUrl\":\"https:\/\/vannangvn.123websitedev.com\/wp-content\/uploads\/2026\/03\/24-2_2-copy.jpg\",\"width\":768,\"height\":576},{\"@type\":\"BreadcrumbList\",\"@id\":\"https:\/\/vannangvn.123websitedev.com\/san-pham\/may-quang-pho-huynh-quang-perkinelmer-fl-8500\/#breadcrumb\",\"itemListElement\":[{\"@type\":\"ListItem\",\"position\":1,\"name\":\"Trang ch\u1ee7\",\"item\":\"https:\/\/vannangvn.123websitedev.com\/\"},{\"@type\":\"ListItem\",\"position\":2,\"name\":\"S\u1ea3n ph\u1ea9m\",\"item\":\"https:\/\/vannangvn.123websitedev.com\/cua-hang\/\"},{\"@type\":\"ListItem\",\"position\":3,\"name\":\"M\u00c1Y QUANG PH\u1ed4 HU\u1ef2NH QUANG PERKINELMER\u00a0FL 8500\"}]},{\"@type\":\"WebSite\",\"@id\":\"https:\/\/vannangvn.123websitedev.com\/#website\",\"url\":\"https:\/\/vannangvn.123websitedev.com\/\",\"name\":\"Vannang.vn\",\"description\":\"\",\"publisher\":{\"@id\":\"https:\/\/vannangvn.123websitedev.com\/#organization\"},\"potentialAction\":[{\"@type\":\"SearchAction\",\"target\":{\"@type\":\"EntryPoint\",\"urlTemplate\":\"https:\/\/vannangvn.123websitedev.com\/?s={search_term_string}\"},\"query-input\":{\"@type\":\"PropertyValueSpecification\",\"valueRequired\":true,\"valueName\":\"search_term_string\"}}],\"inLanguage\":\"en-US\"},{\"@type\":\"Organization\",\"@id\":\"https:\/\/vannangvn.123websitedev.com\/#organization\",\"name\":\"Vannang.vn\",\"url\":\"https:\/\/vannangvn.123websitedev.com\/\",\"logo\":{\"@type\":\"ImageObject\",\"inLanguage\":\"en-US\",\"@id\":\"https:\/\/vannangvn.123websitedev.com\/#\/schema\/logo\/image\/\",\"url\":\"https:\/\/vannangvn.123websitedev.com\/wp-content\/uploads\/2026\/02\/logo-van-nang-02.png\",\"contentUrl\":\"https:\/\/vannangvn.123websitedev.com\/wp-content\/uploads\/2026\/02\/logo-van-nang-02.png\",\"width\":448,\"height\":111,\"caption\":\"Vannang.vn\"},\"image\":{\"@id\":\"https:\/\/vannangvn.123websitedev.com\/#\/schema\/logo\/image\/\"}}]}<\/script>\n<!-- \/ Yoast SEO Premium plugin. -->","yoast_head_json":{"title":"M\u00c1Y QUANG PH\u1ed4 HU\u1ef2NH QUANG PERKINELM... ch\u00ednh h\u00e3ng | V\u1ea1n N\u0103ng","description":"Mua ngay M\u00c1Y QUANG PH\u1ed4 HU\u1ef2NH QUANG PERKINELMER\u00a0FL 8500 ch\u00ednh h\u00e3ng. Gi\u00e1 t\u1ed1t!","robots":{"index":"noindex","follow":"follow","max-snippet":"max-snippet:-1","max-image-preview":"max-image-preview:large","max-video-preview":"max-video-preview:-1"},"og_locale":"en_US","og_type":"article","og_title":"M\u00c1Y QUANG PH\u1ed4 HU\u1ef2NH QUANG PERKINELMER\u00a0FL 8500","og_description":"Mua ngay M\u00c1Y QUANG PH\u1ed4 HU\u1ef2NH QUANG PERKINELMER\u00a0FL 8500 ch\u00ednh h\u00e3ng. Gi\u00e1 t\u1ed1t!","og_url":"https:\/\/vannangvn.123websitedev.com\/en\/product\/may-quang-pho-huynh-quang-perkinelmer-fl-8500\/","og_site_name":"Vannang.vn","article_modified_time":"2026-03-30T11:45:52+00:00","og_image":[{"width":768,"height":576,"url":"http:\/\/vannangvn.123websitedev.com\/wp-content\/uploads\/2026\/03\/24-2_2-copy.jpg","type":"image\/jpeg"}],"twitter_card":"summary_large_image","twitter_misc":{"Est. reading time":"8 minutes"},"schema":{"@context":"https:\/\/schema.org","@graph":[{"@type":"WebPage","@id":"https:\/\/vannangvn.123websitedev.com\/san-pham\/may-quang-pho-huynh-quang-perkinelmer-fl-8500\/","url":"https:\/\/vannangvn.123websitedev.com\/san-pham\/may-quang-pho-huynh-quang-perkinelmer-fl-8500\/","name":"M\u00c1Y QUANG PH\u1ed4 HU\u1ef2NH QUANG PERKINELM... ch\u00ednh h\u00e3ng | V\u1ea1n N\u0103ng","isPartOf":{"@id":"https:\/\/vannangvn.123websitedev.com\/#website"},"primaryImageOfPage":{"@id":"https:\/\/vannangvn.123websitedev.com\/san-pham\/may-quang-pho-huynh-quang-perkinelmer-fl-8500\/#primaryimage"},"image":{"@id":"https:\/\/vannangvn.123websitedev.com\/san-pham\/may-quang-pho-huynh-quang-perkinelmer-fl-8500\/#primaryimage"},"thumbnailUrl":"https:\/\/vannangvn.123websitedev.com\/wp-content\/uploads\/2026\/03\/24-2_2-copy.jpg","datePublished":"2026-03-20T12:02:55+00:00","dateModified":"2026-03-30T11:45:52+00:00","description":"Mua ngay M\u00c1Y QUANG PH\u1ed4 HU\u1ef2NH QUANG PERKINELMER\u00a0FL 8500 ch\u00ednh h\u00e3ng. Gi\u00e1 t\u1ed1t!","breadcrumb":{"@id":"https:\/\/vannangvn.123websitedev.com\/san-pham\/may-quang-pho-huynh-quang-perkinelmer-fl-8500\/#breadcrumb"},"inLanguage":"en-US","potentialAction":[{"@type":"ReadAction","target":["https:\/\/vannangvn.123websitedev.com\/san-pham\/may-quang-pho-huynh-quang-perkinelmer-fl-8500\/"]}]},{"@type":"ImageObject","inLanguage":"en-US","@id":"https:\/\/vannangvn.123websitedev.com\/san-pham\/may-quang-pho-huynh-quang-perkinelmer-fl-8500\/#primaryimage","url":"https:\/\/vannangvn.123websitedev.com\/wp-content\/uploads\/2026\/03\/24-2_2-copy.jpg","contentUrl":"https:\/\/vannangvn.123websitedev.com\/wp-content\/uploads\/2026\/03\/24-2_2-copy.jpg","width":768,"height":576},{"@type":"BreadcrumbList","@id":"https:\/\/vannangvn.123websitedev.com\/san-pham\/may-quang-pho-huynh-quang-perkinelmer-fl-8500\/#breadcrumb","itemListElement":[{"@type":"ListItem","position":1,"name":"Trang ch\u1ee7","item":"https:\/\/vannangvn.123websitedev.com\/"},{"@type":"ListItem","position":2,"name":"S\u1ea3n ph\u1ea9m","item":"https:\/\/vannangvn.123websitedev.com\/cua-hang\/"},{"@type":"ListItem","position":3,"name":"M\u00c1Y QUANG PH\u1ed4 HU\u1ef2NH QUANG PERKINELMER\u00a0FL 8500"}]},{"@type":"WebSite","@id":"https:\/\/vannangvn.123websitedev.com\/#website","url":"https:\/\/vannangvn.123websitedev.com\/","name":"Vannang.vn","description":"","publisher":{"@id":"https:\/\/vannangvn.123websitedev.com\/#organization"},"potentialAction":[{"@type":"SearchAction","target":{"@type":"EntryPoint","urlTemplate":"https:\/\/vannangvn.123websitedev.com\/?s={search_term_string}"},"query-input":{"@type":"PropertyValueSpecification","valueRequired":true,"valueName":"search_term_string"}}],"inLanguage":"en-US"},{"@type":"Organization","@id":"https:\/\/vannangvn.123websitedev.com\/#organization","name":"Vannang.vn","url":"https:\/\/vannangvn.123websitedev.com\/","logo":{"@type":"ImageObject","inLanguage":"en-US","@id":"https:\/\/vannangvn.123websitedev.com\/#\/schema\/logo\/image\/","url":"https:\/\/vannangvn.123websitedev.com\/wp-content\/uploads\/2026\/02\/logo-van-nang-02.png","contentUrl":"https:\/\/vannangvn.123websitedev.com\/wp-content\/uploads\/2026\/02\/logo-van-nang-02.png","width":448,"height":111,"caption":"Vannang.vn"},"image":{"@id":"https:\/\/vannangvn.123websitedev.com\/#\/schema\/logo\/image\/"}}]}},"_links":{"self":[{"href":"https:\/\/vannangvn.123websitedev.com\/en\/wp-json\/wp\/v2\/product\/7537","targetHints":{"allow":["GET"]}}],"collection":[{"href":"https:\/\/vannangvn.123websitedev.com\/en\/wp-json\/wp\/v2\/product"}],"about":[{"href":"https:\/\/vannangvn.123websitedev.com\/en\/wp-json\/wp\/v2\/types\/product"}],"replies":[{"embeddable":true,"href":"https:\/\/vannangvn.123websitedev.com\/en\/wp-json\/wp\/v2\/comments?post=7537"}],"wp:featuredmedia":[{"embeddable":true,"href":"https:\/\/vannangvn.123websitedev.com\/en\/wp-json\/wp\/v2\/media\/9976"}],"wp:attachment":[{"href":"https:\/\/vannangvn.123websitedev.com\/en\/wp-json\/wp\/v2\/media?parent=7537"}],"wp:term":[{"taxonomy":"product_brand","embeddable":true,"href":"https:\/\/vannangvn.123websitedev.com\/en\/wp-json\/wp\/v2\/product_brand?post=7537"},{"taxonomy":"product_cat","embeddable":true,"href":"https:\/\/vannangvn.123websitedev.com\/en\/wp-json\/wp\/v2\/product_cat?post=7537"},{"taxonomy":"product_tag","embeddable":true,"href":"https:\/\/vannangvn.123websitedev.com\/en\/wp-json\/wp\/v2\/product_tag?post=7537"}],"curies":[{"name":"wp","href":"https:\/\/api.w.org\/{rel}","templated":true}]}}