{"id":7541,"date":"2026-03-20T19:03:00","date_gmt":"2026-03-20T12:03:00","guid":{"rendered":"https:\/\/vannangvn.123websitedev.com\/san-pham\/may-quang-pho-khoi-icp-perkinelmer-model-nexion-1100\/"},"modified":"2026-03-30T18:45:57","modified_gmt":"2026-03-30T11:45:57","slug":"may-quang-pho-khoi-icp-perkinelmer-model-nexion-1100","status":"publish","type":"product","link":"https:\/\/vannangvn.123websitedev.com\/en\/product\/may-quang-pho-khoi-icp-perkinelmer-model-nexion-1100\/","title":{"rendered":"M\u00c1Y QUANG PH\u1ed4 KH\u1ed0I ICP PERKINELMER MODEL NEXION 1100"},"content":{"rendered":"<h1 style=\"color: red; font-weight: bold; font-size: 24px;\">T&#7893;ng quan s&#7843;n ph&#7849;m M&Aacute;Y QUANG PH&#7892; KH&#7888;I ICP PERKINELMER MODEL NEXION 1100<p>M&aacute;y Quang Ph&#7893; Kh&#7889;i ICP (ICP Mass Spectrometer) PerkinElmer Model NexION 1100<br>\nNexION 1100 ICP Mass Spectrometer l&agrave; h&#7879; th&#7889;ng ph&acirc;n t&iacute;ch ph&#7893; kh&#7889;i l&#432;&#7907;ng Plasma c&#7843;m &#7913;ng (ICP-MS) ti&ecirc;n ti&#7871;n nh&#7845;t hi&#7879;n nay, &#273;&#432;&#7907;c thi&#7871;t k&#7871; &#273;&#7875; mang l&#7841;i hi&#7879;u su&#7845;t v&#432;&#7907;t tr&#7897;i cho m&#7885;i th&aacute;ch th&#7913;c ph&acirc;n t&iacute;ch. V&#7899;i c&ocirc;ng ngh&#7879; &#273;&#7897;c quy&#7873;n v&agrave; c&aacute;c t&iacute;nh n&#259;ng &#273;&#7897;c &#273;&aacute;o, M&aacute;y Quang Ph&#7893; Kh&#7889;i NexION 1100 gi&uacute;p b&#7841;n d&#7877; d&agrave;ng x&#7917; l&yacute; m&#7885;i lo&#7841;i ma tr&#7853;n m&#7851;u, m&#7885;i can nhi&#7877;u v&agrave; m&#7885;i k&iacute;ch th&#432;&#7899;c h&#7841;t. H&atilde;y c&ugrave;ng Thi&#7871;t B&#7883; C&ocirc;ng Ngh&#7879; V&#7841;n N&#259;ng t&igrave;m hi&#7875;u chi ti&#7871;t h&#417;n v&#7873; s&#7843;n ph&#7849;m th&ocirc;ng qua b&agrave;i vi&#7871;t d&#432;&#7899;i &#273;&acirc;y nh&eacute;!<\/p><p>Xem Th&ecirc;m: H&#7879; Th&#7889;ng S&#7855;c K&yacute; Kh&iacute; PerkinElmer Model GC 2400<\/p><p>&#272;&#7863;c Tr&#432;ng C&#7911;a NexION 1100<br>\nBa t&#7913; c&#7921;c &#273;&#7897;t ph&aacute;<\/p><p>B&#7897; l&agrave;m l&#7879;ch ion t&#7913; c&#7921;c (Q0): H&#432;&#7899;ng c&aacute;c ion &#273;&#7871;n Pin &#273;a n&#259;ng (Q1) v&#7899;i c&aacute;c m&#7913;c &#273;i&#7879;n &aacute;p kh&aacute;c nhau, t&#7889;i &#273;a h&oacute;a &#273;&#7897; nh&#7841;y c&#7911;a ion m&#7909;c ti&ecirc;u v&agrave; lo&#7841;i b&#7887; kh&#7889;i l&#432;&#7907;ng kh&ocirc;ng mong mu&#7889;n.<br>\nT&#7871; b&agrave;o &#273;a n&#259;ng t&#7913; c&#7921;c (Q1): S&#7917; d&#7909;ng t&#7889;i &#273;a ba lo&#7841;i kh&iacute; v&#7899;i kh&#7843; n&#259;ng tr&#7897;n kh&iacute; nhanh ch&oacute;ng, ng&#259;n ch&#7863;n c&aacute;c s&#7843;n ph&#7849;m ph&#7909; c&#7911;a ph&#7843;n &#7913;ng g&acirc;y nhi&#7877;u v&#7899;i c&aacute;c ch&#7845;t ph&acirc;n t&iacute;ch m&#7909;c ti&ecirc;u.<br>\nB&#7897; ph&acirc;n t&iacute;ch truy&#7873;n d&#7851;n t&#7913; c&#7921;c (Q2): Ho&#7841;t &#273;&#7897;ng nh&#432; m&#7897;t b&#7897; l&#7885;c kh&#7889;i ho&#7863;c nh&#432; m&#7897;t b&#7897; d&#7851;n h&#432;&#7899;ng ion &#273;&#7875; h&#432;&#7899;ng c&aacute;c ion &#273;&#7871;n m&aacute;y d&ograve;.<br>\nGi&#7843;i ph&aacute;p to&agrave;n ma tr&#7853;n (AMS): Cho ph&eacute;p pha lo&atilde;ng kh&iacute;, n&acirc;ng cao hi&#7879;u qu&#7843; v&agrave; ng&#259;n ng&#7915;a &ocirc; nhi&#7877;m, mang l&#7841;i &#273;&#7897; pha lo&atilde;ng l&ecirc;n t&#7899;i 200 l&#7847;n v&agrave; kh&#7843; n&#259;ng h&#7895; tr&#7907; c&aacute;c m&#7851;u ch&#7845;t r&#7855;n h&ograve;a tan l&ecirc;n t&#7899;i 35%.<\/p><p>Gi&#7843;i ph&aacute;p to&agrave;n ma tr&#7853;n (AMS)<br>\nCho ph&eacute;p pha lo&atilde;ng kh&iacute;, n&acirc;ng cao hi&#7879;u qu&#7843; v&agrave; ng&#259;n ng&#7915;a &ocirc; nhi&#7877;m, mang l&#7841;i &#273;&#7897; pha lo&atilde;ng l&ecirc;n t&#7899;i 200 l&#7847;n v&agrave; kh&#7843; n&#259;ng h&#7895; tr&#7907; c&aacute;c m&#7851;u ch&#7845;t r&#7855;n h&ograve;a tan l&ecirc;n t&#7899;i 35%.<\/p><h2 style=\"color: #2e7d32; font-weight: bold; font-size: 20px;\">&#431;u &#273;i&#7875;m n&#7893;i b&#7853;t c&#7911;a NexION 1100<\/h2><p>K&#7871;t qu&#7843; ph&acirc;n t&iacute;ch nhanh ch&oacute;ng: Thi&#7871;t k&#7871; th&ocirc;ng minh v&agrave; c&ocirc;ng ngh&#7879; ti&ecirc;n ti&#7871;n gi&uacute;p gi&#7843;m thi&#7875;u th&#7901;i gian ph&acirc;n t&iacute;ch, mang l&#7841;i k&#7871;t qu&#7843; nhanh ch&oacute;ng v&agrave; ch&iacute;nh x&aacute;c.<br>\nD&#7877; d&agrave;ng c&agrave;i &#273;&#7863;t v&agrave; s&#7917; d&#7909;ng: Giao di&#7879;n th&acirc;n thi&#7879;n v&#7899;i ng&#432;&#7901;i d&ugrave;ng v&agrave; quy tr&igrave;nh c&agrave;i &#273;&#7863;t &#273;&#417;n gi&#7843;n, gi&uacute;p ng&#432;&#7901;i s&#7917; d&#7909;ng d&#7877; d&agrave;ng thao t&aacute;c v&agrave; v&#7853;n h&agrave;nh.<br>\nGi&#7843;m thi&#7875;u th&#7901;i gian chu&#7849;n b&#7883; m&#7851;u: C&ocirc;ng ngh&#7879; hi&#7879;n &#273;&#7841;i gi&#7843;m thi&#7875;u th&#7901;i gian chu&#7849;n b&#7883; m&#7851;u, t&#7889;i &#432;u h&oacute;a quy tr&igrave;nh l&agrave;m vi&#7879;c.<br>\n&#272;&#7843;m b&#7843;o k&#7871;t qu&#7843; ch&iacute;nh x&aacute;c nh&#7901; lo&#7841;i b&#7887; nhi&#7877;u v&#432;&#7907;t tr&#7897;i: C&ocirc;ng ngh&#7879; t&#7913; c&#7921;c ti&ecirc;n ti&#7871;n gi&uacute;p lo&#7841;i b&#7887; c&aacute;c can nhi&#7877;u, &#273;&#7843;m b&#7843;o k&#7871;t qu&#7843; ph&acirc;n t&iacute;ch ch&iacute;nh x&aacute;c ngay c&#7843; v&#7899;i c&aacute;c m&#7851;u ph&#7913;c t&#7841;p nh&#7845;t.<br>\nTh&#7901;i gian ho&#7841;t &#273;&#7897;ng l&acirc;u, &#273;&#7897; b&#7873;n cao: Thi&#7871;t k&#7871; b&#7873;n b&#7881; v&agrave; ch&#7845;t l&#432;&#7907;ng cao &#273;&#7843;m b&#7843;o thi&#7871;t b&#7883; ho&#7841;t &#273;&#7897;ng &#7893;n &#273;&#7883;nh v&agrave; l&acirc;u d&agrave;i.<br>\nChi ph&iacute; v&#7853;n h&agrave;nh th&#7845;p: Thi&#7871;t k&#7871; ti&#7871;t ki&#7879;m n&#259;ng l&#432;&#7907;ng v&agrave; t&#7889;i &#432;u h&oacute;a c&aacute;c qu&aacute; tr&igrave;nh v&#7853;n h&agrave;nh gi&uacute;p gi&#7843;m chi ph&iacute; v&#7853;n h&agrave;nh &#273;&aacute;ng k&#7875;.<\/p><p>Xem Th&ecirc;m: M&aacute;y quang ph&#7893; h&#7845;p th&#7909; nguy&ecirc;n t&#7917; AAS PerkinElmer PinAAcle&trade; 900<\/p><p>Nh&#7919;ng L&yacute; Do N&ecirc;n Mua M&aacute;y Quang Ph&#7893; Kh&#7889;i ICP T&#7841;i Thi&#7871;t B&#7883; C&ocirc;ng Ngh&#7879; V&#7841;n N&#259;ng<\/p><p>C&ocirc;ng ty Thi&#7871;t B&#7883; C&ocirc;ng Ngh&#7879; V&#7841;n N&#259;ng l&agrave; &#273;&#7889;i t&aacute;c ch&iacute;nh th&#7913;c ph&acirc;n ph&#7889;i M&aacute;y Quang Ph&#7893; Kh&#7889;i ICP h&agrave;ng &#273;&#7847;u t&#7841;i Vi&#7879;t Nam, cam k&#7871;t cung c&#7845;p s&#7843;n ph&#7849;m ch&iacute;nh h&atilde;ng v&#7899;i gi&aacute; c&#7843; c&#7841;nh tranh nh&#7845;t th&#7883; tr&#432;&#7901;ng. V&#7899;i uy t&iacute;n tr&ecirc;n th&#7883; tr&#432;&#7901;ng v&agrave; ch&#7871; &#273;&#7897; h&#7851;u m&atilde;i t&#7889;t, V&#7841;n N&#259;ng &#273;&atilde; nh&#7853;n &#273;&#432;&#7907;c s&#7921; tin t&#432;&#7903;ng t&#7915; kh&aacute;ch h&agrave;ng nh&#7901; v&agrave;o ch&#7845;t l&#432;&#7907;ng h&agrave;ng &#273;&#7847;u c&#7911;a c&aacute;c d&ograve;ng s&#7843;n ph&#7849;m.<br>\nS&#7843;n ph&#7849;m c&#7911;a ch&uacute;ng t&ocirc;i &#273;&#432;&#7907;c ki&#7875;m &#273;&#7883;nh ch&#7845;t l&#432;&#7907;ng, nh&#7853;p kh&#7849;u tr&#7921;c ti&#7871;p t&#7915; nh&agrave; m&aacute;y b&ecirc;n Ch&acirc;u &Acirc;u, M&#7929;, &Uacute;c, Nh&#7853;t B&#7843;n,&hellip; v&agrave; &#273;&aacute;p &#7913;ng nhu c&#7847;u &#273;a d&#7841;ng c&#7911;a th&#7883; tr&#432;&#7901;ng nh&#432;: M&aacute;y &#272;o &#272;&#7897; C&#7913;ng, M&aacute;y SpectroMaxx, M&aacute;y Ki&#7875;m Tra &#272;&#432;&#7901;ng Gh&eacute;p M&iacute; Lon,&hellip; Ch&uacute;ng t&ocirc;i cam k&#7871;t cung c&#7845;p s&#7843;n ph&#7849;m n&agrave;y tr&ecirc;n to&agrave;n qu&#7889;c v&#7899;i gi&aacute; c&#7843; c&#7841;nh tranh nh&#7845;t.<br>\nCh&uacute;ng t&ocirc;i c&oacute; &#273;&#7897;i ng&#361; chuy&ecirc;n vi&ecirc;n t&#432; v&#7845;n chuy&ecirc;n s&acirc;u s&#7869; h&#7895; tr&#7907; kh&aacute;ch h&agrave;ng v&#7873; chi ti&#7871;t s&#7843;n ph&#7849;m, h&#432;&#7899;ng d&#7851;n s&#7917; d&#7909;ng hay nh&#7919;ng th&#7913; li&ecirc;n quan &#273;&#7871;n v&#7845;n &#273;&#7873; m&agrave; doanh nghi&#7879;p b&#7841;n &#273;ang g&#7863;p ph&#7843;i. Ch&uacute;ng t&ocirc;i s&#7869; cung c&#7845;p nh&#7919;ng gi&#7843;i ph&aacute;p t&#7889;i &#432;u nh&#7845;t !!!<br>\nNgo&agrave;i ra V&#7841;n N&#259;ng Company lu&ocirc;n h&#432;&#7899;ng &#273;&#7871;n tr&#7843;i nghi&#7879;m kh&aacute;ch h&agrave;ng, v&igrave; v&#7853;y ch&uacute;ng t&ocirc;i c&oacute; nh&#7919;ng ch&iacute;nh s&aacute;ch b&#7843;o h&agrave;nh, b&#7843;o tr&igrave; &ndash; b&#7843;o d&#432;&#7905;ng, hi&#7879;u chu&#7849;n v&#7899;i t&#7845;t c&#7843; c&aacute;c thi&#7871;t b&#7883;, m&aacute;y m&oacute;c m&agrave; ch&uacute;ng t&ocirc;i cung c&#7845;p. &#272;&#7843;m b&#7843;o mang &#273;&#7871;n cho Kh&aacute;ch h&agrave;ng s&#7921; y&ecirc;n t&acirc;m tuy&#7879;t &#273;&#7889;i v&#7873; d&#7883;ch v&#7909; khi mua h&agrave;ng.<\/p><p>T&#7893;ng K&#7871;t<br>\nNexION 1100 kh&ocirc;ng ch&#7881; l&agrave; m&#7897;t thi&#7871;t b&#7883; ph&acirc;n t&iacute;ch ICP-MS, m&agrave; c&ograve;n l&agrave; m&#7897;t gi&#7843;i ph&aacute;p to&agrave;n di&#7879;n cho m&#7885;i nhu c&#7847;u ph&acirc;n t&iacute;ch ph&#7913;c t&#7841;p. V&#7899;i c&ocirc;ng ngh&#7879; &#273;&#7881;nh cao, &#273;&#7897; nh&#7841;y v&agrave; &#273;&#7897; ch&iacute;nh x&aacute;c v&#432;&#7907;t tr&#7897;i, NexION 1100 PerkinElmer lu&ocirc;n l&agrave; l&#7921;a ch&#7885;n h&agrave;ng &#273;&#7847;u cho c&aacute;c ph&ograve;ng th&iacute; nghi&#7879;m hi&#7879;n &#273;&#7841;i. H&atilde;y li&ecirc;n h&#7879; v&#7899;i V&#7841;n N&#259;ng Company ngay &#273;&#7875; &#273;&#432;&#7907;c t&#432; v&#7845;n chuy&ecirc;n s&acirc;u v&agrave; nh&#7853;n c&aacute;c &#432;u &#273;&atilde;i h&#7845;p d&#7851;n nh&#7845;t th&ocirc;ng qua hotline\/zalo: <a href=\"https:\/\/zalo.me\/0903991335\" target=\"_blank\" rel=\"noopener\" style=\"color: #059669; font-weight: bold; text-decoration: none;\">0903 991 335<\/a>!<\/p><div style=\"background-color: #f8fafc; border: 1px solid #e2e8f0; border-radius: 8px; padding: 25px; max-width: 800px; margin: 30px auto; color: #334155; line-height: 1.8; font-size: 17px; box-shadow: 0 4px 6px -1px rgba(0,0,0,0.05); text-align: left; clear: both;\">\nC&ocirc;ng ty TNHH Th&#432;&#417;ng M&#7841;i D&#7883;ch V&#7909; Thi&#7871;t B&#7883; C&ocirc;ng Ngh&#7879; V&#7841;n N&#259;ng\n<p style=\"margin: 0 0 10px 0;\">&#128205; <strong style=\"color: #1e293b;\">&#272;&#7883;a ch&#7881;:<\/strong> <a style=\"color: #059669; text-decoration: none; font-weight: bold;\" href=\"https:\/\/www.google.com\/maps\/search\/C%C3%B4ng+ty+TNHH+Th%C6%B0%C6%A1ng+M%E1%BA%A1i+D%E1%BB%8Bch+V%E1%BB%A5+Thi%E1%BA%BFt+B%E1%BB%8B+C%C3%B4ng+Ngh%E1%BB%87+V%E1%BA%A1n+N%C4%83ng+818+Tr%C6%B0%E1%BB%9Dng+Chinh\" target=\"_blank\" rel=\"noopener\">818 Tr&#432;&#7901;ng Chinh, Ph&#432;&#7901;ng T&acirc;n S&#417;n, Th&agrave;nh ph&#7889; H&#7891; Ch&iacute; Minh, Vi&#7879;t Nam<\/a><\/p>\n<p style=\"margin: 0 0 10px 0;\">&#128222; <strong style=\"color: #1e293b;\">S&#272;T &ndash; Zalo:<\/strong> <a style=\"color: #059669; text-decoration: none; font-weight: bold;\" href=\"https:\/\/zalo.me\/0903991335\" target=\"_blank\" rel=\"noopener\">0903 991 335<\/a> <span style=\"color: #64748b; font-style: italic;\">(Ms. H&#7841;nh &ndash; Gi&aacute;m &#272;&#7889;c Kinh Doanh)<\/span><\/p>\n<p style=\"margin: 0;\">&#9993;&#65039; <strong style=\"color: #1e293b;\">Email:<\/strong> <a style=\"color: #059669; text-decoration: none; font-weight: bold;\" href=\"mailto:hienhanh@vannangvn.com\">hienhanh@vannangvn.com<\/a><\/p>\n<\/div><\/h1>","protected":false},"excerpt":{"rendered":"<p><strong>Th&#432;&#417;ng hi&#7879;u:<\/strong> NexION 1100 l&agrave; m&#7897;t thi&#7871;t b&#7883; ICP-MS hi&#7879;n &#273;&#7841;i, nh&#7887; g&#7885;n, cung c&#7845;p m&#7913;c &#273;&#7897; linh ho&#7841;t v&agrave; d&#7877; s&#7917; d&#7909;ng v&#432;&#7907;t tr&#7897;i so v&#7899;i t&#7845;t c&#7843; c&aacute;c h&#7879; th&#7889;ng ICP-MS kh&aacute;c.<br>\n<strong>Model:<\/strong> NexION 1100<p>Product <strong>M&Aacute;Y QUANG PH&#7892; KH&#7888;I ICP PERKINELMER MODEL NEXION 1100<\/strong> ch&iacute;nh h&atilde;ng. NexION 1100 l&agrave; m&#7897;t thi&#7871;t b&#7883; ICP-MS hi&#7879;n &#273;&#7841;i, nh&#7887; g&#7885;n, cung c&#7845;p m&#7913;c &#273;&#7897; linh ho&#7841;t v&agrave; d&#7877; s&#7917; d&#7909;ng v&#432;&#7907;t tr&#7897;i so v&#7899;i t&#7845;t c&#7843; c&aacute;c h&#7879; th&#7889;ng ICP-MS kh&aacute;c.<\/p><\/p>","protected":false},"featured_media":10311,"comment_status":"open","ping_status":"closed","template":"","meta":[],"product_brand":[],"product_cat":[18],"product_tag":[704,931,1029,1185,1193,2887,2888,109,116],"class_list":{"0":"post-7541","1":"product","2":"type-product","3":"status-publish","4":"has-post-thumbnail","6":"product_cat-chua-phan-loai","7":"product_tag-quang","8":"product_tag-khoi","9":"product_tag-1029","10":"product_tag-pho","11":"product_tag-perkinelmer","12":"product_tag-icp","13":"product_tag-nexion","14":"product_tag-may","15":"product_tag-model","17":"first","18":"instock","19":"shipping-taxable","20":"product-type-simple"},"yoast_head":"<!-- This site is optimized with the Yoast SEO Premium plugin v24.8 (Yoast SEO v24.8) - https:\/\/yoast.com\/wordpress\/plugins\/seo\/ -->\n<title>M\u00c1Y QUANG PH\u1ed4 KH\u1ed0I ICP PERKINELMER ... ch\u00ednh h\u00e3ng | V\u1ea1n N\u0103ng<\/title>\n<meta name=\"description\" content=\"Mua ngay M\u00c1Y QUANG PH\u1ed4 KH\u1ed0I ICP PERKINELMER MODEL NEXION 1100 ch\u00ednh h\u00e3ng. Gi\u00e1 t\u1ed1t!\" \/>\n<meta name=\"robots\" content=\"noindex, follow, max-snippet:-1, max-image-preview:large, max-video-preview:-1\" \/>\n<meta property=\"og:locale\" content=\"en_US\" \/>\n<meta property=\"og:type\" content=\"article\" \/>\n<meta property=\"og:title\" content=\"M\u00c1Y QUANG PH\u1ed4 KH\u1ed0I ICP PERKINELMER MODEL NEXION 1100\" \/>\n<meta property=\"og:description\" content=\"Mua ngay M\u00c1Y QUANG PH\u1ed4 KH\u1ed0I ICP PERKINELMER MODEL NEXION 1100 ch\u00ednh h\u00e3ng. Gi\u00e1 t\u1ed1t!\" \/>\n<meta property=\"og:url\" content=\"https:\/\/vannangvn.123websitedev.com\/en\/product\/may-quang-pho-khoi-icp-perkinelmer-model-nexion-1100\/\" \/>\n<meta property=\"og:site_name\" content=\"Vannang.vn\" \/>\n<meta property=\"article:modified_time\" content=\"2026-03-30T11:45:57+00:00\" \/>\n<meta property=\"og:image\" content=\"http:\/\/vannangvn.123websitedev.com\/wp-content\/uploads\/2026\/03\/NexION-1100-768x576-copy.jpg\" \/>\n\t<meta property=\"og:image:width\" content=\"768\" \/>\n\t<meta property=\"og:image:height\" content=\"576\" \/>\n\t<meta property=\"og:image:type\" content=\"image\/jpeg\" \/>\n<meta name=\"twitter:card\" content=\"summary_large_image\" \/>\n<meta name=\"twitter:label1\" content=\"Est. reading time\" \/>\n\t<meta name=\"twitter:data1\" content=\"7 minutes\" \/>\n<script type=\"application\/ld+json\" class=\"yoast-schema-graph\">{\"@context\":\"https:\/\/schema.org\",\"@graph\":[{\"@type\":\"WebPage\",\"@id\":\"https:\/\/vannangvn.123websitedev.com\/san-pham\/may-quang-pho-khoi-icp-perkinelmer-model-nexion-1100\/\",\"url\":\"https:\/\/vannangvn.123websitedev.com\/san-pham\/may-quang-pho-khoi-icp-perkinelmer-model-nexion-1100\/\",\"name\":\"M\u00c1Y QUANG PH\u1ed4 KH\u1ed0I ICP PERKINELMER ... ch\u00ednh h\u00e3ng | V\u1ea1n N\u0103ng\",\"isPartOf\":{\"@id\":\"https:\/\/vannangvn.123websitedev.com\/#website\"},\"primaryImageOfPage\":{\"@id\":\"https:\/\/vannangvn.123websitedev.com\/san-pham\/may-quang-pho-khoi-icp-perkinelmer-model-nexion-1100\/#primaryimage\"},\"image\":{\"@id\":\"https:\/\/vannangvn.123websitedev.com\/san-pham\/may-quang-pho-khoi-icp-perkinelmer-model-nexion-1100\/#primaryimage\"},\"thumbnailUrl\":\"https:\/\/vannangvn.123websitedev.com\/wp-content\/uploads\/2026\/03\/NexION-1100-768x576-copy.jpg\",\"datePublished\":\"2026-03-20T12:03:00+00:00\",\"dateModified\":\"2026-03-30T11:45:57+00:00\",\"description\":\"Mua ngay M\u00c1Y QUANG PH\u1ed4 KH\u1ed0I ICP PERKINELMER MODEL NEXION 1100 ch\u00ednh h\u00e3ng. Gi\u00e1 t\u1ed1t!\",\"breadcrumb\":{\"@id\":\"https:\/\/vannangvn.123websitedev.com\/san-pham\/may-quang-pho-khoi-icp-perkinelmer-model-nexion-1100\/#breadcrumb\"},\"inLanguage\":\"en-US\",\"potentialAction\":[{\"@type\":\"ReadAction\",\"target\":[\"https:\/\/vannangvn.123websitedev.com\/san-pham\/may-quang-pho-khoi-icp-perkinelmer-model-nexion-1100\/\"]}]},{\"@type\":\"ImageObject\",\"inLanguage\":\"en-US\",\"@id\":\"https:\/\/vannangvn.123websitedev.com\/san-pham\/may-quang-pho-khoi-icp-perkinelmer-model-nexion-1100\/#primaryimage\",\"url\":\"https:\/\/vannangvn.123websitedev.com\/wp-content\/uploads\/2026\/03\/NexION-1100-768x576-copy.jpg\",\"contentUrl\":\"https:\/\/vannangvn.123websitedev.com\/wp-content\/uploads\/2026\/03\/NexION-1100-768x576-copy.jpg\",\"width\":768,\"height\":576},{\"@type\":\"BreadcrumbList\",\"@id\":\"https:\/\/vannangvn.123websitedev.com\/san-pham\/may-quang-pho-khoi-icp-perkinelmer-model-nexion-1100\/#breadcrumb\",\"itemListElement\":[{\"@type\":\"ListItem\",\"position\":1,\"name\":\"Trang ch\u1ee7\",\"item\":\"https:\/\/vannangvn.123websitedev.com\/\"},{\"@type\":\"ListItem\",\"position\":2,\"name\":\"S\u1ea3n ph\u1ea9m\",\"item\":\"https:\/\/vannangvn.123websitedev.com\/cua-hang\/\"},{\"@type\":\"ListItem\",\"position\":3,\"name\":\"M\u00c1Y QUANG PH\u1ed4 KH\u1ed0I ICP PERKINELMER MODEL NEXION 1100\"}]},{\"@type\":\"WebSite\",\"@id\":\"https:\/\/vannangvn.123websitedev.com\/#website\",\"url\":\"https:\/\/vannangvn.123websitedev.com\/\",\"name\":\"Vannang.vn\",\"description\":\"\",\"publisher\":{\"@id\":\"https:\/\/vannangvn.123websitedev.com\/#organization\"},\"potentialAction\":[{\"@type\":\"SearchAction\",\"target\":{\"@type\":\"EntryPoint\",\"urlTemplate\":\"https:\/\/vannangvn.123websitedev.com\/?s={search_term_string}\"},\"query-input\":{\"@type\":\"PropertyValueSpecification\",\"valueRequired\":true,\"valueName\":\"search_term_string\"}}],\"inLanguage\":\"en-US\"},{\"@type\":\"Organization\",\"@id\":\"https:\/\/vannangvn.123websitedev.com\/#organization\",\"name\":\"Vannang.vn\",\"url\":\"https:\/\/vannangvn.123websitedev.com\/\",\"logo\":{\"@type\":\"ImageObject\",\"inLanguage\":\"en-US\",\"@id\":\"https:\/\/vannangvn.123websitedev.com\/#\/schema\/logo\/image\/\",\"url\":\"https:\/\/vannangvn.123websitedev.com\/wp-content\/uploads\/2026\/02\/logo-van-nang-02.png\",\"contentUrl\":\"https:\/\/vannangvn.123websitedev.com\/wp-content\/uploads\/2026\/02\/logo-van-nang-02.png\",\"width\":448,\"height\":111,\"caption\":\"Vannang.vn\"},\"image\":{\"@id\":\"https:\/\/vannangvn.123websitedev.com\/#\/schema\/logo\/image\/\"}}]}<\/script>\n<!-- \/ Yoast SEO Premium plugin. -->","yoast_head_json":{"title":"M\u00c1Y QUANG PH\u1ed4 KH\u1ed0I ICP PERKINELMER ... ch\u00ednh h\u00e3ng | V\u1ea1n N\u0103ng","description":"Mua ngay M\u00c1Y QUANG PH\u1ed4 KH\u1ed0I ICP PERKINELMER MODEL NEXION 1100 ch\u00ednh h\u00e3ng. Gi\u00e1 t\u1ed1t!","robots":{"index":"noindex","follow":"follow","max-snippet":"max-snippet:-1","max-image-preview":"max-image-preview:large","max-video-preview":"max-video-preview:-1"},"og_locale":"en_US","og_type":"article","og_title":"M\u00c1Y QUANG PH\u1ed4 KH\u1ed0I ICP PERKINELMER MODEL NEXION 1100","og_description":"Mua ngay M\u00c1Y QUANG PH\u1ed4 KH\u1ed0I ICP PERKINELMER MODEL NEXION 1100 ch\u00ednh h\u00e3ng. Gi\u00e1 t\u1ed1t!","og_url":"https:\/\/vannangvn.123websitedev.com\/en\/product\/may-quang-pho-khoi-icp-perkinelmer-model-nexion-1100\/","og_site_name":"Vannang.vn","article_modified_time":"2026-03-30T11:45:57+00:00","og_image":[{"width":768,"height":576,"url":"http:\/\/vannangvn.123websitedev.com\/wp-content\/uploads\/2026\/03\/NexION-1100-768x576-copy.jpg","type":"image\/jpeg"}],"twitter_card":"summary_large_image","twitter_misc":{"Est. reading time":"7 minutes"},"schema":{"@context":"https:\/\/schema.org","@graph":[{"@type":"WebPage","@id":"https:\/\/vannangvn.123websitedev.com\/san-pham\/may-quang-pho-khoi-icp-perkinelmer-model-nexion-1100\/","url":"https:\/\/vannangvn.123websitedev.com\/san-pham\/may-quang-pho-khoi-icp-perkinelmer-model-nexion-1100\/","name":"M\u00c1Y QUANG PH\u1ed4 KH\u1ed0I ICP PERKINELMER ... ch\u00ednh h\u00e3ng | V\u1ea1n N\u0103ng","isPartOf":{"@id":"https:\/\/vannangvn.123websitedev.com\/#website"},"primaryImageOfPage":{"@id":"https:\/\/vannangvn.123websitedev.com\/san-pham\/may-quang-pho-khoi-icp-perkinelmer-model-nexion-1100\/#primaryimage"},"image":{"@id":"https:\/\/vannangvn.123websitedev.com\/san-pham\/may-quang-pho-khoi-icp-perkinelmer-model-nexion-1100\/#primaryimage"},"thumbnailUrl":"https:\/\/vannangvn.123websitedev.com\/wp-content\/uploads\/2026\/03\/NexION-1100-768x576-copy.jpg","datePublished":"2026-03-20T12:03:00+00:00","dateModified":"2026-03-30T11:45:57+00:00","description":"Mua ngay M\u00c1Y QUANG PH\u1ed4 KH\u1ed0I ICP PERKINELMER MODEL NEXION 1100 ch\u00ednh h\u00e3ng. Gi\u00e1 t\u1ed1t!","breadcrumb":{"@id":"https:\/\/vannangvn.123websitedev.com\/san-pham\/may-quang-pho-khoi-icp-perkinelmer-model-nexion-1100\/#breadcrumb"},"inLanguage":"en-US","potentialAction":[{"@type":"ReadAction","target":["https:\/\/vannangvn.123websitedev.com\/san-pham\/may-quang-pho-khoi-icp-perkinelmer-model-nexion-1100\/"]}]},{"@type":"ImageObject","inLanguage":"en-US","@id":"https:\/\/vannangvn.123websitedev.com\/san-pham\/may-quang-pho-khoi-icp-perkinelmer-model-nexion-1100\/#primaryimage","url":"https:\/\/vannangvn.123websitedev.com\/wp-content\/uploads\/2026\/03\/NexION-1100-768x576-copy.jpg","contentUrl":"https:\/\/vannangvn.123websitedev.com\/wp-content\/uploads\/2026\/03\/NexION-1100-768x576-copy.jpg","width":768,"height":576},{"@type":"BreadcrumbList","@id":"https:\/\/vannangvn.123websitedev.com\/san-pham\/may-quang-pho-khoi-icp-perkinelmer-model-nexion-1100\/#breadcrumb","itemListElement":[{"@type":"ListItem","position":1,"name":"Trang ch\u1ee7","item":"https:\/\/vannangvn.123websitedev.com\/"},{"@type":"ListItem","position":2,"name":"S\u1ea3n ph\u1ea9m","item":"https:\/\/vannangvn.123websitedev.com\/cua-hang\/"},{"@type":"ListItem","position":3,"name":"M\u00c1Y QUANG PH\u1ed4 KH\u1ed0I ICP PERKINELMER MODEL NEXION 1100"}]},{"@type":"WebSite","@id":"https:\/\/vannangvn.123websitedev.com\/#website","url":"https:\/\/vannangvn.123websitedev.com\/","name":"Vannang.vn","description":"","publisher":{"@id":"https:\/\/vannangvn.123websitedev.com\/#organization"},"potentialAction":[{"@type":"SearchAction","target":{"@type":"EntryPoint","urlTemplate":"https:\/\/vannangvn.123websitedev.com\/?s={search_term_string}"},"query-input":{"@type":"PropertyValueSpecification","valueRequired":true,"valueName":"search_term_string"}}],"inLanguage":"en-US"},{"@type":"Organization","@id":"https:\/\/vannangvn.123websitedev.com\/#organization","name":"Vannang.vn","url":"https:\/\/vannangvn.123websitedev.com\/","logo":{"@type":"ImageObject","inLanguage":"en-US","@id":"https:\/\/vannangvn.123websitedev.com\/#\/schema\/logo\/image\/","url":"https:\/\/vannangvn.123websitedev.com\/wp-content\/uploads\/2026\/02\/logo-van-nang-02.png","contentUrl":"https:\/\/vannangvn.123websitedev.com\/wp-content\/uploads\/2026\/02\/logo-van-nang-02.png","width":448,"height":111,"caption":"Vannang.vn"},"image":{"@id":"https:\/\/vannangvn.123websitedev.com\/#\/schema\/logo\/image\/"}}]}},"_links":{"self":[{"href":"https:\/\/vannangvn.123websitedev.com\/en\/wp-json\/wp\/v2\/product\/7541","targetHints":{"allow":["GET"]}}],"collection":[{"href":"https:\/\/vannangvn.123websitedev.com\/en\/wp-json\/wp\/v2\/product"}],"about":[{"href":"https:\/\/vannangvn.123websitedev.com\/en\/wp-json\/wp\/v2\/types\/product"}],"replies":[{"embeddable":true,"href":"https:\/\/vannangvn.123websitedev.com\/en\/wp-json\/wp\/v2\/comments?post=7541"}],"wp:featuredmedia":[{"embeddable":true,"href":"https:\/\/vannangvn.123websitedev.com\/en\/wp-json\/wp\/v2\/media\/10311"}],"wp:attachment":[{"href":"https:\/\/vannangvn.123websitedev.com\/en\/wp-json\/wp\/v2\/media?parent=7541"}],"wp:term":[{"taxonomy":"product_brand","embeddable":true,"href":"https:\/\/vannangvn.123websitedev.com\/en\/wp-json\/wp\/v2\/product_brand?post=7541"},{"taxonomy":"product_cat","embeddable":true,"href":"https:\/\/vannangvn.123websitedev.com\/en\/wp-json\/wp\/v2\/product_cat?post=7541"},{"taxonomy":"product_tag","embeddable":true,"href":"https:\/\/vannangvn.123websitedev.com\/en\/wp-json\/wp\/v2\/product_tag?post=7541"}],"curies":[{"name":"wp","href":"https:\/\/api.w.org\/{rel}","templated":true}]}}