{"id":7546,"date":"2026-03-20T19:03:09","date_gmt":"2026-03-20T12:03:09","guid":{"rendered":"https:\/\/vannangvn.123websitedev.com\/san-pham\/may-quang-pho-phat-xa-plasma-perkinelmer-model-optima-8300-icp-oes\/"},"modified":"2026-03-30T18:46:04","modified_gmt":"2026-03-30T11:46:04","slug":"may-quang-pho-phat-xa-plasma-perkinelmer-model-optima-8300-icp-oes","status":"publish","type":"product","link":"https:\/\/vannangvn.123websitedev.com\/en\/product\/may-quang-pho-phat-xa-plasma-perkinelmer-model-optima-8300-icp-oes\/","title":{"rendered":"M\u00c1Y QUANG PH\u1ed4 PH\u00c1T X\u1ea0 PLASMA\u00a0PERKINELMER MODEL OPTIMA 8300 ICP-OES"},"content":{"rendered":"<h1 style=\"color: red; font-weight: bold; font-size: 24px;\">T&#7893;ng quan s&#7843;n ph&#7849;m M&Aacute;Y QUANG PH&#7892; PH&Aacute;T X&#7840; PLASMA&nbsp;PERKINELMER MODEL OPTIMA 8300 ICP-OES<p>M&aacute;y Quang Ph&#7893; Ph&aacute;t X&#7841; Plasma PerkinElmer Model Optima 8300 ICP-OES<br>\nM&aacute;y quang ph&#7893; ph&aacute;t x&#7841; plasma ICP-OES Optima 8300 l&agrave; s&#7843;n ph&#7849;m ti&ecirc;n ti&#7871;n c&#7911;a h&atilde;ng PerkinElmer (M&#7929;), n&#7893;i b&#7853;t v&#7899;i kh&#7843; n&#259;ng ph&acirc;n t&iacute;ch c&aacute;c nguy&ecirc;n t&#7889; v&ocirc; c&#417; v&#7899;i &#273;&#7897; ch&iacute;nh x&aacute;c cao, &#273;&#7841;t m&#7913;c ppb. Thi&#7871;t b&#7883; n&agrave;y &#273;&#432;&#7907;c &#7913;ng d&#7909;ng r&#7897;ng r&atilde;i trong nhi&#7873;u l&#297;nh v&#7921;c nh&#432; ph&acirc;n t&iacute;ch &#273;&#7845;t hi&#7871;m, kim lo&#7841;i qu&yacute;, kim lo&#7841;i m&agrave;u, h&#7907;p kim, s&#7843;n ph&#7849;m &#273;i&#7879;n t&#7917;, y h&#7885;c, &#273;&#7883;a ch&#7845;t, luy&#7879;n kim, d&#7847;u kh&iacute;, v&agrave; c&ocirc;ng nghi&#7879;p h&oacute;a ch&#7845;t. &#272;&acirc;y l&agrave; c&ocirc;ng c&#7909; kh&ocirc;ng th&#7875; thi&#7871;u trong vi&#7879;c ki&#7875;m tra h&agrave;ng h&oacute;a v&agrave; b&#7843;o v&#7879; m&ocirc;i tr&#432;&#7901;ng.<\/p><p>&#272;&#7863;c Tr&#432;ng C&#7911;a M&aacute;y Quang Ph&#7893; Ph&aacute;t X&#7841; Plasma ICP-OES Optima 8300<br>\nM&aacute;y Optima 8300 s&#7903; h&#7919;u nhi&#7873;u t&iacute;nh n&#259;ng n&#7893;i b&#7853;t, mang l&#7841;i hi&#7879;u su&#7845;t v&#432;&#7907;t tr&#7897;i v&agrave; s&#7921; ti&#7879;n l&#7907;i cho ng&#432;&#7901;i s&#7917; d&#7909;ng. C&ocirc;ng ngh&#7879; plasma Flat Plate&trade; gi&uacute;p gi&#7843;m ti&ecirc;u th&#7909; kh&iacute; argon, ti&#7871;t ki&#7879;m chi ph&iacute; v&#7853;n h&agrave;nh. Camera PlasmaCam&trade; &#273;&#417;n gi&#7843;n h&oacute;a qu&aacute; tr&igrave;nh l&#7853;p ph&#432;&#417;ng ph&aacute;p v&agrave; h&#7895; tr&#7907; ch&#7849;n &#273;o&aacute;n t&#7915; xa.<br>\nH&#7879; th&#7889;ng quang h&#7885;c ti&ecirc;n ti&#7871;n c&#7911;a thi&#7871;t b&#7883; gi&uacute;p t&#259;ng gi&#7899;i h&#7841;n ph&aacute;t hi&#7879;n, c&#7843;i thi&#7879;n &#273;&#7897; nh&#7841;y v&agrave; &#273;&#7897; ch&iacute;nh x&aacute;c c&#7911;a ph&acirc;n t&iacute;ch. Tr&#432;&#7901;ng nh&igrave;n k&eacute;p cho ph&eacute;p l&#7921;a ch&#7885;n ch&#7871; &#273;&#7897; xuy&ecirc;n t&acirc;m ho&#7863;c d&#7885;c tr&#7909;c, t&#259;ng n&#259;ng su&#7845;t ph&acirc;n t&iacute;ch. Detector m&#7843;ng SCD cung c&#7845;p &#273;&#7897; ch&iacute;nh x&aacute;c cao v&#7899;i kh&#7843; n&#259;ng ph&aacute;t hi&#7879;n h&#417;n 6000 b&#432;&#7899;c s&oacute;ng. H&#7879; th&#7889;ng kh&iacute; c&#7855;t gi&uacute;p gi&#7843;m nhi&#7877;u, n&acirc;ng cao &#273;&#7897; ch&iacute;nh x&aacute;c c&#7911;a ph&eacute;p &#273;o, v&agrave; th&aacute;p plasma d&#7877; &#273;i&#7873;u ch&#7881;nh gi&uacute;p &#273;&#417;n gi&#7843;n h&oacute;a b&#7843;o d&#432;&#7905;ng v&agrave; t&#7889;i &#432;u h&oacute;a hi&#7879;u n&#259;ng thi&#7871;t b&#7883;.<\/p><p>&#431;u &#272;i&#7875;m V&#432;&#7907;t Tr&#7897;i c&#7911;a ICP-OES Optima 8300<br>\nICP-OES Optima 8300 mang l&#7841;i nhi&#7873;u &#432;u &#273;i&#7875;m v&#432;&#7907;t tr&#7897;i. Hi&#7879;u su&#7845;t cao v&agrave; &#273;&#7897; ch&iacute;nh x&aacute;c tuy&#7879;t &#273;&#7889;i c&#7911;a thi&#7871;t b&#7883; gi&uacute;p cung c&#7845;p gi&#7899;i h&#7841;n ph&aacute;t hi&#7879;n th&#7845;p v&agrave; c&#7843;i thi&#7879;n k&#7871;t qu&#7843; ph&acirc;n t&iacute;ch. H&#7879; th&#7889;ng quang h&#7885;c v&agrave; c&ocirc;ng ngh&#7879; SCD ti&ecirc;n ti&#7871;n gi&uacute;p ti&#7871;t ki&#7879;m th&#7901;i gian v&agrave; chi ph&iacute; ph&acirc;n t&iacute;ch. Thi&#7871;t b&#7883; &#273;&#432;&#7907;c thi&#7871;t k&#7871; b&#7873;n v&#7919;ng, &#273;&#7843;m b&#7843;o hi&#7879;u n&#259;ng &#7893;n &#273;&#7883;nh trong th&#7901;i gian d&agrave;i. V&#7899;i kh&#7843; n&#259;ng t&#7889;i &#432;u h&oacute;a qu&aacute; tr&igrave;nh ph&acirc;n t&iacute;ch v&agrave; cung c&#7845;p k&#7871;t qu&#7843; ch&iacute;nh x&aacute;c nhanh ch&oacute;ng, Optima 8300 l&agrave; l&#7921;a ch&#7885;n ho&agrave;n h&#7843;o cho c&aacute;c ph&ograve;ng th&iacute; nghi&#7879;m v&agrave; trung t&acirc;m nghi&ecirc;n c&#7913;u &#273;&ograve;i h&#7887;i c&ocirc;ng ngh&#7879; ph&acirc;n t&iacute;ch ti&ecirc;n ti&#7871;n v&agrave; ch&iacute;nh x&aacute;c.<\/p><h2 style=\"color: #0073aa; font-weight: bold; font-size: 20px;\">Th&ocirc;ng S&#7889; K&#7929; Thu&#7853;t Chi Ti&#7871;t<\/h2><p>Quang Ph&#7893; Ph&aacute;t X&#7841; Plasma Optima 8300 c&oacute; nhi&#7873;u th&ocirc;ng s&#7889; k&#7929; thu&#7853;t chi ti&#7871;t &#273;&aacute;ng ch&uacute; &yacute;. H&#7879; th&#7889;ng quang h&#7885;c c&#7911;a m&aacute;y s&#7917; d&#7909;ng c&ocirc;ng ngh&#7879; echelle n&#259;ng l&#432;&#7907;ng cao, v&#7899;i &#273;&#7897; ph&acirc;n gi&#7843;i 0,006 nm t&#7841;i 200 nm v&agrave; c&aacute;ch t&#7917; echelle c&oacute; m&#7853;t &#273;&#7897; 79 v&#7841;ch\/mm. Ngu&#7891;n &#273;i&#7879;n y&ecirc;u c&#7847;u cho thi&#7871;t b&#7883; l&agrave; m&#7897;t pha, 200-254 VAC, d&ograve;ng 20A, t&#7847;n s&#7889; 50\/60 Hz. K&iacute;ch th&#432;&#7899;c c&#7911;a m&aacute;y l&agrave; d&agrave;i 150 cm, cao 76 cm, r&#7897;ng 80 cm, v&agrave; n&#7863;ng 181,5 kg. Thi&#7871;t b&#7883; ho&#7841;t &#273;&#7897;ng t&#7889;t nh&#7845;t trong m&ocirc;i tr&#432;&#7901;ng ph&ograve;ng th&iacute; nghi&#7879;m c&oacute; nhi&#7879;t &#273;&#7897; t&#7915; 15 ~ 35&deg;C, t&#7889;i &#432;u &#7903; kho&#7843;ng 20&plusmn;2&deg;C.<br>\nM&aacute;y ph&aacute;t cao t&#7847;n c&#7911;a Optima-8300 c&oacute; t&#7847;n s&#7889; 40MHz, c&ocirc;ng su&#7845;t t&#7915; 750 &ndash; 1500 W, v&#7899;i hi&#7879;u su&#7845;t n&#259;ng l&#432;&#7907;ng h&#417;n 81%. &#272;i&#7873;u khi&#7875;n d&ograve;ng kh&iacute; c&#7911;a thi&#7871;t b&#7883; bao g&#7891;m c&aacute;c van solenoid &#273;i&#7873;u ch&#7881;nh t&#7921; &#273;&#7897;ng d&ograve;ng kh&iacute; argon v&agrave; kh&iacute; c&#7855;t, &#273;&#7843;m b&#7843;o &#273;&#7897; ch&iacute;nh x&aacute;c cao. H&#7879; th&#7889;ng d&#7851;n m&#7851;u c&#7911;a m&aacute;y g&#7891;m th&aacute;p plasma s&#7917; d&#7909;ng &#7889;ng th&#7841;ch anh, bu&#7891;ng phun s&#432;&#417;ng Scott v&agrave; &#273;&#7847;u phun s&#432;&#417;ng ch&eacute;o d&ograve;ng ho&#7863;c &#273;&#7891;ng t&acirc;m.<\/p><p>T&#7893;ng K&#7871;t<br>\nThi&#7871;t B&#7883; Quang Ph&#7893; Ph&aacute;t X&#7841; Plasma Optima 8300 l&agrave; s&#7921; k&#7871;t h&#7907;p ho&agrave;n h&#7843;o gi&#7919;a c&ocirc;ng ngh&#7879; ti&ecirc;n ti&#7871;n, &#273;&#7897; tin c&#7853;y v&agrave; d&#7877; s&#7917; d&#7909;ng. V&#7899;i nh&#7919;ng &#432;u &#273;i&#7875;m v&#432;&#7907;t tr&#7897;i v&#7873; hi&#7879;u su&#7845;t, t&iacute;nh n&#259;ng k&#7929; thu&#7853;t s&#7889;, an to&agrave;n, kh&ocirc;ng ch&#7881; n&acirc;ng cao ch&#7845;t l&#432;&#7907;ng c&ocirc;ng vi&#7879;c m&agrave; c&ograve;n gi&uacute;p ng&#432;&#7901;i d&ugrave;ng &#273;&#7841;t &#273;&#432;&#7907;c k&#7871;t qu&#7843; ch&iacute;nh x&aacute;c v&agrave; nhanh ch&oacute;ng h&#417;n bao gi&#7901; h&#7871;t. H&atilde;y li&ecirc;n h&#7879; v&#7899;i Thi&#7871;t B&#7883; C&ocirc;ng Ngh&#7879; V&#7841;n N&#259;ng ngay &#273;&#7875; &#273;&#432;&#7907;c t&#432; v&#7845;n chuy&ecirc;n s&acirc;u v&agrave; nh&#7853;n nh&#7919;ng &#432;u &#273;&atilde;i h&#7845;p d&#7851;n nh&#7845;t th&ocirc;ng qua hotline0903 991 335!<\/p><div style=\"background-color: #f8fafc; border: 1px solid #e2e8f0; border-radius: 8px; padding: 25px; max-width: 800px; margin: 30px auto; color: #334155; line-height: 1.8; font-size: 17px; box-shadow: 0 4px 6px -1px rgba(0,0,0,0.05); text-align: left; clear: both;\">\nC&ocirc;ng ty TNHH Th&#432;&#417;ng M&#7841;i D&#7883;ch V&#7909; Thi&#7871;t B&#7883; C&ocirc;ng Ngh&#7879; V&#7841;n N&#259;ng\n<p style=\"margin: 0 0 10px 0;\">&#128205; <strong style=\"color: #1e293b;\">&#272;&#7883;a ch&#7881;:<\/strong> <a style=\"color: #059669; text-decoration: none; font-weight: bold;\" href=\"https:\/\/www.google.com\/maps\/search\/C%C3%B4ng+ty+TNHH+Th%C6%B0%C6%A1ng+M%E1%BA%A1i+D%E1%BB%8Bch+V%E1%BB%A5+Thi%E1%BA%BFt+B%E1%BB%8B+C%C3%B4ng+Ngh%E1%BB%87+V%E1%BA%A1n+N%C4%83ng+818+Tr%C6%B0%E1%BB%9Dng+Chinh\" target=\"_blank\" rel=\"noopener\">818 Tr&#432;&#7901;ng Chinh, Ph&#432;&#7901;ng T&acirc;n S&#417;n, Th&agrave;nh ph&#7889; H&#7891; Ch&iacute; Minh, Vi&#7879;t Nam<\/a><\/p>\n<p style=\"margin: 0 0 10px 0;\">&#128222; <strong style=\"color: #1e293b;\">S&#272;T &ndash; Zalo:<\/strong> <a style=\"color: #059669; text-decoration: none; font-weight: bold;\" href=\"https:\/\/zalo.me\/0903991335\" target=\"_blank\" rel=\"noopener\">0903 991 335<\/a> <span style=\"color: #64748b; font-style: italic;\">(Ms. H&#7841;nh &ndash; Gi&aacute;m &#272;&#7889;c Kinh Doanh)<\/span><\/p>\n<p style=\"margin: 0;\">&#9993;&#65039; <strong style=\"color: #1e293b;\">Email:<\/strong> <a style=\"color: #059669; text-decoration: none; font-weight: bold;\" href=\"mailto:hienhanh@vannangvn.com\">hienhanh@vannangvn.com<\/a><\/p>\n<\/div><\/h1>","protected":false},"excerpt":{"rendered":"<p><strong>Th&#432;&#417;ng hi&#7879;u:<\/strong> M&#7897;t b&#7897; t&aacute;n s&#7855;c &#273;a s&#7855;c k&#7871; m&#7899;i d&#7921;a tr&ecirc;n echelle &#273;&atilde; &#273;&#432;&#7907;c thi&#7871;t k&#7871; &#273;&#7875; t&#7853;n d&#7909;ng t&#7889;i &#273;a kh&#7843; n&#259;ng c&#7911;a SCD. S&#7917; d&#7909;ng l&#259;ng k&iacute;nh echelle t&#7889;i &#432;u h&oacute;a cho hi&#7879;u su&#7845;t UV c&#7911;a PerkinElmer&reg; v&agrave; m&#7897;t l&#259;ng k&iacute;nh ph&acirc;n t&aacute;n ch&eacute;o Schmidt &#273;&#7897;c &#273;&aacute;o, h&#7879; th&#7889;ng quang h&#7885;c Optima 8300 c&oacute; kh&#7843; n&#259;ng truy&#7873;n quang v&#432;&#7907;t tr&#7897;i v&agrave; &#273;&#7897; ph&acirc;n gi&#7843;i tuy&#7879;t v&#7901;i, cung c&#7845;p cho b&#7841;n gi&#7899;i h&#7841;n ph&aacute;t hi&#7879;n v&agrave; l&#7921;a ch&#7885;n &#273;&#432;&#7901;ng ph&#7893; v&#432;&#7907;t tr&#7897;i.<br>\n<strong>Model:<\/strong> Optima 8300 ICP-OES<p>Product <strong>M&Aacute;Y QUANG PH&#7892; PH&Aacute;T X&#7840; PLASMA&nbsp;PERKINELMER MODEL OPTIMA 8300 ICP-OES<\/strong> ch&iacute;nh h&atilde;ng. M&#7897;t b&#7897; t&aacute;n s&#7855;c &#273;a s&#7855;c k&#7871; m&#7899;i d&#7921;a tr&ecirc;n echelle &#273;&atilde; &#273;&#432;&#7907;c thi&#7871;t k&#7871; &#273;&#7875; t&#7853;n d&#7909;ng t&#7889;i &#273;a kh&#7843; n&#259;ng c&#7911;a SCD. S&#7917; d&#7909;ng l&#259;ng k&iacute;nh echelle t&#7889;i &#432;u h&oacute;a cho hi&#7879;u su&#7845;t UV c&#7911;a PerkinElmer&reg; v&agrave; m&#7897;t l&#259;ng k&iacute;nh ph&acirc;n t&aacute;n ch&eacute;o Schmidt &#273;&#7897;c &#273;&aacute;o, h&#7879; th&#7889;ng quang h&#7885;c Optima 8300 c&oacute; kh&#7843; n&#259;ng truy&#7873;n quang v&#432;&#7907;t tr&#7897;i v&agrave; &#273;&#7897; ph&acirc;n gi&#7843;i tuy&#7879;t v&#7901;i, cung c&#7845;p cho b&#7841;n gi&#7899;i h&#7841;n ph&aacute;t hi&#7879;n v&agrave; l&#7921;a ch&#7885;n &#273;&#432;&#7901;ng ph&#7893; v&#432;&#7907;t tr&#7897;i.<\/p><\/p>","protected":false},"featured_media":0,"comment_status":"open","ping_status":"closed","template":"","meta":[],"product_brand":[],"product_cat":[18],"product_tag":[109,116,291,704,1145,1185,1345,2772,2893,2894],"class_list":{"0":"post-7546","1":"product","2":"type-product","3":"status-publish","5":"product_cat-chua-phan-loai","6":"product_tag-may","7":"product_tag-model","8":"product_tag-phat","9":"product_tag-quang","10":"product_tag-xa","11":"product_tag-pho","12":"product_tag-1345","13":"product_tag-icp-oes-2","14":"product_tag-plasma-perkinelmer","15":"product_tag-optima","17":"first","18":"instock","19":"shipping-taxable","20":"product-type-simple"},"yoast_head":"<!-- This site is optimized with the Yoast SEO Premium plugin v24.8 (Yoast SEO v24.8) - https:\/\/yoast.com\/wordpress\/plugins\/seo\/ -->\n<title>M\u00c1Y QUANG PH\u1ed4 PH\u00c1T X\u1ea0 PLASMA\u00a0PERKIN... ch\u00ednh h\u00e3ng | V\u1ea1n N\u0103ng<\/title>\n<meta name=\"description\" content=\"Mua ngay M\u00c1Y QUANG PH\u1ed4 PH\u00c1T X\u1ea0 PLASMA\u00a0PERKINELMER MODEL OPTIMA 8300 ICP-OES ch\u00ednh h\u00e3ng. Gi\u00e1 t\u1ed1t!\" \/>\n<meta name=\"robots\" content=\"noindex, follow, max-snippet:-1, max-image-preview:large, max-video-preview:-1\" \/>\n<meta property=\"og:locale\" content=\"en_US\" \/>\n<meta property=\"og:type\" content=\"article\" \/>\n<meta property=\"og:title\" content=\"M\u00c1Y QUANG PH\u1ed4 PH\u00c1T X\u1ea0 PLASMA\u00a0PERKINELMER MODEL OPTIMA 8300 ICP-OES\" \/>\n<meta property=\"og:description\" content=\"Mua ngay M\u00c1Y QUANG PH\u1ed4 PH\u00c1T X\u1ea0 PLASMA\u00a0PERKINELMER MODEL OPTIMA 8300 ICP-OES ch\u00ednh h\u00e3ng. Gi\u00e1 t\u1ed1t!\" \/>\n<meta property=\"og:url\" content=\"https:\/\/vannangvn.123websitedev.com\/en\/product\/may-quang-pho-phat-xa-plasma-perkinelmer-model-optima-8300-icp-oes\/\" \/>\n<meta property=\"og:site_name\" content=\"Vannang.vn\" \/>\n<meta property=\"article:modified_time\" content=\"2026-03-30T11:46:04+00:00\" \/>\n<meta name=\"twitter:card\" content=\"summary_large_image\" \/>\n<meta name=\"twitter:label1\" content=\"Est. reading time\" \/>\n\t<meta name=\"twitter:data1\" content=\"6 minutes\" \/>\n<script type=\"application\/ld+json\" class=\"yoast-schema-graph\">{\"@context\":\"https:\/\/schema.org\",\"@graph\":[{\"@type\":\"WebPage\",\"@id\":\"https:\/\/vannangvn.123websitedev.com\/san-pham\/may-quang-pho-phat-xa-plasma-perkinelmer-model-optima-8300-icp-oes\/\",\"url\":\"https:\/\/vannangvn.123websitedev.com\/san-pham\/may-quang-pho-phat-xa-plasma-perkinelmer-model-optima-8300-icp-oes\/\",\"name\":\"M\u00c1Y QUANG PH\u1ed4 PH\u00c1T X\u1ea0 PLASMA\u00a0PERKIN... ch\u00ednh h\u00e3ng | V\u1ea1n N\u0103ng\",\"isPartOf\":{\"@id\":\"https:\/\/vannangvn.123websitedev.com\/#website\"},\"datePublished\":\"2026-03-20T12:03:09+00:00\",\"dateModified\":\"2026-03-30T11:46:04+00:00\",\"description\":\"Mua ngay M\u00c1Y QUANG PH\u1ed4 PH\u00c1T X\u1ea0 PLASMA\u00a0PERKINELMER MODEL OPTIMA 8300 ICP-OES ch\u00ednh h\u00e3ng. Gi\u00e1 t\u1ed1t!\",\"breadcrumb\":{\"@id\":\"https:\/\/vannangvn.123websitedev.com\/san-pham\/may-quang-pho-phat-xa-plasma-perkinelmer-model-optima-8300-icp-oes\/#breadcrumb\"},\"inLanguage\":\"en-US\",\"potentialAction\":[{\"@type\":\"ReadAction\",\"target\":[\"https:\/\/vannangvn.123websitedev.com\/san-pham\/may-quang-pho-phat-xa-plasma-perkinelmer-model-optima-8300-icp-oes\/\"]}]},{\"@type\":\"BreadcrumbList\",\"@id\":\"https:\/\/vannangvn.123websitedev.com\/san-pham\/may-quang-pho-phat-xa-plasma-perkinelmer-model-optima-8300-icp-oes\/#breadcrumb\",\"itemListElement\":[{\"@type\":\"ListItem\",\"position\":1,\"name\":\"Trang ch\u1ee7\",\"item\":\"https:\/\/vannangvn.123websitedev.com\/\"},{\"@type\":\"ListItem\",\"position\":2,\"name\":\"S\u1ea3n ph\u1ea9m\",\"item\":\"https:\/\/vannangvn.123websitedev.com\/cua-hang\/\"},{\"@type\":\"ListItem\",\"position\":3,\"name\":\"M\u00c1Y QUANG PH\u1ed4 PH\u00c1T X\u1ea0 PLASMA\u00a0PERKINELMER MODEL OPTIMA 8300 ICP-OES\"}]},{\"@type\":\"WebSite\",\"@id\":\"https:\/\/vannangvn.123websitedev.com\/#website\",\"url\":\"https:\/\/vannangvn.123websitedev.com\/\",\"name\":\"Vannang.vn\",\"description\":\"\",\"publisher\":{\"@id\":\"https:\/\/vannangvn.123websitedev.com\/#organization\"},\"potentialAction\":[{\"@type\":\"SearchAction\",\"target\":{\"@type\":\"EntryPoint\",\"urlTemplate\":\"https:\/\/vannangvn.123websitedev.com\/?s={search_term_string}\"},\"query-input\":{\"@type\":\"PropertyValueSpecification\",\"valueRequired\":true,\"valueName\":\"search_term_string\"}}],\"inLanguage\":\"en-US\"},{\"@type\":\"Organization\",\"@id\":\"https:\/\/vannangvn.123websitedev.com\/#organization\",\"name\":\"Vannang.vn\",\"url\":\"https:\/\/vannangvn.123websitedev.com\/\",\"logo\":{\"@type\":\"ImageObject\",\"inLanguage\":\"en-US\",\"@id\":\"https:\/\/vannangvn.123websitedev.com\/#\/schema\/logo\/image\/\",\"url\":\"https:\/\/vannangvn.123websitedev.com\/wp-content\/uploads\/2026\/02\/logo-van-nang-02.png\",\"contentUrl\":\"https:\/\/vannangvn.123websitedev.com\/wp-content\/uploads\/2026\/02\/logo-van-nang-02.png\",\"width\":448,\"height\":111,\"caption\":\"Vannang.vn\"},\"image\":{\"@id\":\"https:\/\/vannangvn.123websitedev.com\/#\/schema\/logo\/image\/\"}}]}<\/script>\n<!-- \/ Yoast SEO Premium plugin. -->","yoast_head_json":{"title":"M\u00c1Y QUANG PH\u1ed4 PH\u00c1T X\u1ea0 PLASMA\u00a0PERKIN... ch\u00ednh h\u00e3ng | V\u1ea1n N\u0103ng","description":"Mua ngay M\u00c1Y QUANG PH\u1ed4 PH\u00c1T X\u1ea0 PLASMA\u00a0PERKINELMER MODEL OPTIMA 8300 ICP-OES ch\u00ednh h\u00e3ng. Gi\u00e1 t\u1ed1t!","robots":{"index":"noindex","follow":"follow","max-snippet":"max-snippet:-1","max-image-preview":"max-image-preview:large","max-video-preview":"max-video-preview:-1"},"og_locale":"en_US","og_type":"article","og_title":"M\u00c1Y QUANG PH\u1ed4 PH\u00c1T X\u1ea0 PLASMA\u00a0PERKINELMER MODEL OPTIMA 8300 ICP-OES","og_description":"Mua ngay M\u00c1Y QUANG PH\u1ed4 PH\u00c1T X\u1ea0 PLASMA\u00a0PERKINELMER MODEL OPTIMA 8300 ICP-OES ch\u00ednh h\u00e3ng. Gi\u00e1 t\u1ed1t!","og_url":"https:\/\/vannangvn.123websitedev.com\/en\/product\/may-quang-pho-phat-xa-plasma-perkinelmer-model-optima-8300-icp-oes\/","og_site_name":"Vannang.vn","article_modified_time":"2026-03-30T11:46:04+00:00","twitter_card":"summary_large_image","twitter_misc":{"Est. reading time":"6 minutes"},"schema":{"@context":"https:\/\/schema.org","@graph":[{"@type":"WebPage","@id":"https:\/\/vannangvn.123websitedev.com\/san-pham\/may-quang-pho-phat-xa-plasma-perkinelmer-model-optima-8300-icp-oes\/","url":"https:\/\/vannangvn.123websitedev.com\/san-pham\/may-quang-pho-phat-xa-plasma-perkinelmer-model-optima-8300-icp-oes\/","name":"M\u00c1Y QUANG PH\u1ed4 PH\u00c1T X\u1ea0 PLASMA\u00a0PERKIN... ch\u00ednh h\u00e3ng | V\u1ea1n N\u0103ng","isPartOf":{"@id":"https:\/\/vannangvn.123websitedev.com\/#website"},"datePublished":"2026-03-20T12:03:09+00:00","dateModified":"2026-03-30T11:46:04+00:00","description":"Mua ngay M\u00c1Y QUANG PH\u1ed4 PH\u00c1T X\u1ea0 PLASMA\u00a0PERKINELMER MODEL OPTIMA 8300 ICP-OES ch\u00ednh h\u00e3ng. Gi\u00e1 t\u1ed1t!","breadcrumb":{"@id":"https:\/\/vannangvn.123websitedev.com\/san-pham\/may-quang-pho-phat-xa-plasma-perkinelmer-model-optima-8300-icp-oes\/#breadcrumb"},"inLanguage":"en-US","potentialAction":[{"@type":"ReadAction","target":["https:\/\/vannangvn.123websitedev.com\/san-pham\/may-quang-pho-phat-xa-plasma-perkinelmer-model-optima-8300-icp-oes\/"]}]},{"@type":"BreadcrumbList","@id":"https:\/\/vannangvn.123websitedev.com\/san-pham\/may-quang-pho-phat-xa-plasma-perkinelmer-model-optima-8300-icp-oes\/#breadcrumb","itemListElement":[{"@type":"ListItem","position":1,"name":"Trang ch\u1ee7","item":"https:\/\/vannangvn.123websitedev.com\/"},{"@type":"ListItem","position":2,"name":"S\u1ea3n ph\u1ea9m","item":"https:\/\/vannangvn.123websitedev.com\/cua-hang\/"},{"@type":"ListItem","position":3,"name":"M\u00c1Y QUANG PH\u1ed4 PH\u00c1T X\u1ea0 PLASMA\u00a0PERKINELMER MODEL OPTIMA 8300 ICP-OES"}]},{"@type":"WebSite","@id":"https:\/\/vannangvn.123websitedev.com\/#website","url":"https:\/\/vannangvn.123websitedev.com\/","name":"Vannang.vn","description":"","publisher":{"@id":"https:\/\/vannangvn.123websitedev.com\/#organization"},"potentialAction":[{"@type":"SearchAction","target":{"@type":"EntryPoint","urlTemplate":"https:\/\/vannangvn.123websitedev.com\/?s={search_term_string}"},"query-input":{"@type":"PropertyValueSpecification","valueRequired":true,"valueName":"search_term_string"}}],"inLanguage":"en-US"},{"@type":"Organization","@id":"https:\/\/vannangvn.123websitedev.com\/#organization","name":"Vannang.vn","url":"https:\/\/vannangvn.123websitedev.com\/","logo":{"@type":"ImageObject","inLanguage":"en-US","@id":"https:\/\/vannangvn.123websitedev.com\/#\/schema\/logo\/image\/","url":"https:\/\/vannangvn.123websitedev.com\/wp-content\/uploads\/2026\/02\/logo-van-nang-02.png","contentUrl":"https:\/\/vannangvn.123websitedev.com\/wp-content\/uploads\/2026\/02\/logo-van-nang-02.png","width":448,"height":111,"caption":"Vannang.vn"},"image":{"@id":"https:\/\/vannangvn.123websitedev.com\/#\/schema\/logo\/image\/"}}]}},"_links":{"self":[{"href":"https:\/\/vannangvn.123websitedev.com\/en\/wp-json\/wp\/v2\/product\/7546","targetHints":{"allow":["GET"]}}],"collection":[{"href":"https:\/\/vannangvn.123websitedev.com\/en\/wp-json\/wp\/v2\/product"}],"about":[{"href":"https:\/\/vannangvn.123websitedev.com\/en\/wp-json\/wp\/v2\/types\/product"}],"replies":[{"embeddable":true,"href":"https:\/\/vannangvn.123websitedev.com\/en\/wp-json\/wp\/v2\/comments?post=7546"}],"wp:attachment":[{"href":"https:\/\/vannangvn.123websitedev.com\/en\/wp-json\/wp\/v2\/media?parent=7546"}],"wp:term":[{"taxonomy":"product_brand","embeddable":true,"href":"https:\/\/vannangvn.123websitedev.com\/en\/wp-json\/wp\/v2\/product_brand?post=7546"},{"taxonomy":"product_cat","embeddable":true,"href":"https:\/\/vannangvn.123websitedev.com\/en\/wp-json\/wp\/v2\/product_cat?post=7546"},{"taxonomy":"product_tag","embeddable":true,"href":"https:\/\/vannangvn.123websitedev.com\/en\/wp-json\/wp\/v2\/product_tag?post=7546"}],"curies":[{"name":"wp","href":"https:\/\/api.w.org\/{rel}","templated":true}]}}