{"id":7585,"date":"2026-03-20T19:04:04","date_gmt":"2026-03-20T12:04:04","guid":{"rendered":"https:\/\/vannangvn.123websitedev.com\/san-pham\/may-so-mau-model-7085ccs\/"},"modified":"2026-03-30T18:46:55","modified_gmt":"2026-03-30T11:46:55","slug":"may-so-mau-model-7085ccs","status":"publish","type":"product","link":"https:\/\/vannangvn.123websitedev.com\/en\/product\/may-so-mau-model-7085ccs\/","title":{"rendered":"M\u00c1Y SO M\u00c0U MODEL 7085(CCS)"},"content":{"rendered":"<h1 style=\"color: red; font-weight: bold; font-size: 24px;\">T&#7893;ng quan s&#7843;n ph&#7849;m M&Aacute;Y SO M&Agrave;U MODEL 7085(CCS)<p>M&aacute;y So M&agrave;u (Color Control Handheld Spectrophotometer) Model 7085(CCS)<br>\n7085(CCS) l&agrave; m&#7897;t thi&#7871;t b&#7883; &#273;o m&agrave;u quang ph&#7893; v&#7899;i g&oacute;c &#273;o 45\/0, cho ph&eacute;p &#273;o l&#432;&#7901;ng m&agrave;u s&#7855;c theo c&aacute;ch m&agrave; m&#7855;t ng&#432;&#7901;i nh&igrave;n th&#7845;y. &#272;&acirc;y l&agrave; c&ocirc;ng ngh&#7879; ti&ecirc;n ti&#7871;n nh&#7845;t hi&#7879;n nay, gi&uacute;p &#273;&#7843;m b&#7843;o r&#7857;ng m&agrave;u s&#7855;c c&#7911;a s&#7843;n ph&#7849;m lu&ocirc;n nh&#7845;t qu&aacute;n, &#273;&#7891;ng b&#7897;, v&agrave; &#273;&aacute;p &#7913;ng &#273;&#432;&#7907;c c&aacute;c ti&ecirc;u chu&#7849;n cao nh&#7845;t trong ng&agrave;nh. H&atilde;y c&ugrave;ng V&#7841;n N&#259;ng t&igrave;m hi&#7875;u chi ti&#7871;t h&#417;n v&#7873; s&#7843;n ph&#7849;m th&ocirc;ng qua b&agrave;i vi&#7871;t d&#432;&#7899;i &#273;&acirc;y nh&eacute;!<\/p><p>Xem th&ecirc;m: M&aacute;y &#272;&#7893;i M&#7851;u T&#7921; &#272;&#7897;ng (Sample Changer) Anton Paar Model Xsample 320<\/p><p>&#272;&#7863;c Tr&#432;ng C&#7911;a 7085(CCS)<br>\nKi&#7875;m so&aacute;t m&agrave;u s&#7855;c trong chu&#7895;i cung &#7913;ng to&agrave;n c&#7847;u<br>\nM&#7897;t trong nh&#7919;ng th&aacute;ch th&#7913;c l&#7899;n nh&#7845;t trong chu&#7895;i cung &#7913;ng to&agrave;n c&#7847;u l&agrave; &#273;&#7843;m b&#7843;o s&#7921; &#273;&#7891;ng nh&#7845;t v&#7873; m&agrave;u s&#7855;c gi&#7919;a c&aacute;c s&#7843;n ph&#7849;m &#273;&#432;&#7907;c s&#7843;n xu&#7845;t t&#7841;i nhi&#7873;u &#273;&#7883;a &#273;i&#7875;m kh&aacute;c nhau. Thi&#7871;t B&#7883; So M&agrave;u 7085(CCS) v&#7899;i hi&#7879;u su&#7845;t k&#7929; thu&#7853;t v&#432;&#7907;t tr&#7897;i cho ph&eacute;p b&#7841;n s&#7917; d&#7909;ng c&aacute;c ti&ecirc;u chu&#7849;n k&#7929; thu&#7853;t s&#7889;, &#273;&#7843;m b&#7843;o r&#7857;ng m&#7885;i th&agrave;nh ph&#7847;n trong chu&#7895;i cung &#7913;ng &#273;&#7873;u tu&acirc;n th&#7911; c&ugrave;ng m&#7897;t ti&ecirc;u chu&#7849;n m&agrave;u s&#7855;c. &#272;i&#7873;u n&agrave;y gi&uacute;p lo&#7841;i b&#7887; nh&#7919;ng s&#7921; kh&aacute;c bi&#7879;t nh&#7887;, nh&#432;ng quan tr&#7885;ng, c&oacute; th&#7875; l&agrave;m gi&#7843;m gi&aacute; tr&#7883; c&#7911;a s&#7843;n ph&#7849;m.<\/p><p>Thi&#7871;t k&#7871; th&acirc;n thi&#7879;n v&#7899;i ng&#432;&#7901;i d&ugrave;ng<br>\nModel 7085(CCS) kh&ocirc;ng ch&#7881; l&agrave; m&#7897;t c&ocirc;ng c&#7909; &#273;o m&agrave;u s&#7855;c ch&iacute;nh x&aacute;c m&agrave; c&ograve;n &#273;&#432;&#7907;c thi&#7871;t k&#7871; &#273;&#7875; t&#7889;i &#432;u h&oacute;a tr&#7843;i nghi&#7879;m ng&#432;&#7901;i d&ugrave;ng. V&#7899;i m&agrave;n h&igrave;nh c&#7843;m &#7913;ng m&agrave;u l&#7899;n, ng&#432;&#7901;i d&ugrave;ng c&oacute; th&#7875; d&#7877; d&agrave;ng thao t&aacute;c, theo d&otilde;i c&aacute;c k&#7871;t qu&#7843; &#273;o l&#432;&#7901;ng, v&agrave; &#273;i&#7873;u ch&#7881;nh c&aacute;c thi&#7871;t l&#7853;p m&#7897;t c&aacute;ch tr&#7921;c quan. Thi&#7871;t k&#7871; c&acirc;n &#273;&#7889;i c&#7911;a thi&#7871;t b&#7883; c&#361;ng gi&uacute;p ng&#432;&#7901;i d&ugrave;ng c&#7843;m th&#7845;y tho&#7843;i m&aacute;i v&agrave; d&#7877; d&agrave;ng khi s&#7917; d&#7909;ng trong th&#7901;i gian d&agrave;i.<\/p><h2 style=\"color: #2e7d32; font-weight: bold; font-size: 20px;\">T&iacute;nh n&#259;ng xem tr&#432;&#7899;c &#273;i&#7875;m &#273;o v&#7899;i camera t&iacute;ch h&#7907;p<\/h2><p>M&#7897;t trong nh&#7919;ng t&iacute;nh n&#259;ng &#273;&#7897;c &#273;&aacute;o v&agrave; n&#7893;i b&#7853;t c&#7911;a Thi&#7871;t B&#7883; 7085(CCS) ch&iacute;nh l&agrave; kh&#7843; n&#259;ng xem tr&#432;&#7899;c &#273;i&#7875;m &#273;o v&#7899;i camera t&iacute;ch h&#7907;p. T&iacute;nh n&#259;ng n&agrave;y cho ph&eacute;p ng&#432;&#7901;i d&ugrave;ng x&aacute;c &#273;&#7883;nh ch&iacute;nh x&aacute;c v&#7883; tr&iacute; c&#7847;n &#273;o, &#273;&#7843;m b&#7843;o r&#7857;ng c&aacute;c k&#7871;t qu&#7843; &#273;o l&#432;&#7901;ng &#273;&#7873;u &#273;&uacute;ng v&#7899;i mong &#273;&#7907;i v&agrave; kh&ocirc;ng b&#7883; sai l&#7879;ch do c&aacute;c y&#7871;u t&#7889; b&ecirc;n ngo&agrave;i.<\/p><p>C&ocirc;ng ngh&#7879; chi&#7871;u s&aacute;ng LED th&ocirc;ng minh<br>\nM&aacute;y &#272;o M&agrave;u 7085(CCS) s&#7917; d&#7909;ng &#273;&egrave;n LED c&ocirc;ng ngh&#7879; cao, v&#7899;i kh&#7843; n&#259;ng &#7893;n &#273;&#7883;nh trong c&#7843; ng&#7855;n h&#7841;n, d&agrave;i h&#7841;n v&agrave; &#7893;n &#273;&#7883;nh nhi&#7879;t &#273;&#7897;. &#272;&egrave;n LED n&agrave;y kh&ocirc;ng ch&#7881; gi&uacute;p cung c&#7845;p &aacute;nh s&aacute;ng ch&iacute;nh x&aacute;c cho vi&#7879;c &#273;o l&#432;&#7901;ng m&agrave;u s&#7855;c m&agrave; c&ograve;n c&oacute; tu&#7893;i th&#7885; l&ecirc;n t&#7899;i 10 n&#259;m, gi&uacute;p b&#7841;n y&ecirc;n t&acirc;m s&#7917; d&#7909;ng m&agrave; kh&ocirc;ng c&#7847;n ph&#7843;i lo l&#7855;ng v&#7873; vi&#7879;c thay th&#7871; ngu&#7891;n s&aacute;ng.<br>\nPh&acirc;n t&iacute;ch d&#7919; li&#7879;u chuy&ecirc;n s&acirc;u v&#7899;i smart-chart<br>\n&#272;&#7875; gi&uacute;p ng&#432;&#7901;i d&ugrave;ng d&#7877; d&agrave;ng ph&acirc;n t&iacute;ch v&agrave; qu&#7843;n l&yacute; d&#7919; li&#7879;u, 7085(CCS) &#273;&#432;&#7907;c t&iacute;ch h&#7907;p ph&#7847;n m&#7873;m smart-chart, cho ph&eacute;p truy&#7873;n d&#7919; li&#7879;u qua WiFi ho&#7863;c USB m&#7897;t c&aacute;ch nhanh ch&oacute;ng v&agrave; ti&#7879;n l&#7907;i. C&ocirc;ng c&#7909; ph&acirc;n t&iacute;ch d&#7919; li&#7879;u chuy&ecirc;n nghi&#7879;p n&agrave;y gi&uacute;p ng&#432;&#7901;i d&ugrave;ng n&#7855;m b&#7855;t th&ocirc;ng tin chi ti&#7871;t v&#7873; m&agrave;u s&#7855;c, so s&aacute;nh c&aacute;c k&#7871;t qu&#7843; &#273;o l&#432;&#7901;ng v&agrave; &#273;&#432;a ra nh&#7919;ng &#273;i&#7873;u ch&#7881;nh c&#7847;n thi&#7871;t.<\/p><p>Xem th&ecirc;m: M&aacute;y Ph&acirc;n T&iacute;ch Th&agrave;nh Ph&#7847;n Kim Lo&#7841;i Rigaku NEX DE VS<\/p><p>&#431;u &#272;i&#7875;m V&#432;&#7907;t Tr&#7897;i T&#7915; Thi&#7871;t B&#7883; &#272;o M&agrave;u 7085(CCS)<br>\nVi&#7879;c s&#7917; d&#7909;ng M&aacute;y So M&agrave;u 7085(CCS) trong quy tr&igrave;nh s&#7843;n xu&#7845;t kh&ocirc;ng ch&#7881; gi&uacute;p &#273;&#7843;m b&#7843;o s&#7921; nh&#7845;t qu&aacute;n v&#7873; m&agrave;u s&#7855;c m&agrave; c&ograve;n mang l&#7841;i nhi&#7873;u l&#7907;i &iacute;ch v&#432;&#7907;t tr&#7897;i kh&aacute;c. V&#7899;i thi&#7871;t b&#7883; n&agrave;y, b&#7841;n c&oacute; th&#7875;:<\/p><p>T&#259;ng c&#432;&#7901;ng ch&#7845;t l&#432;&#7907;ng s&#7843;n ph&#7849;m: B&#7857;ng c&aacute;ch ki&#7875;m so&aacute;t m&agrave;u s&#7855;c ch&iacute;nh x&aacute;c, b&#7841;n c&oacute; th&#7875; &#273;&#7843;m b&#7843;o r&#7857;ng s&#7843;n ph&#7849;m c&#7911;a m&igrave;nh lu&ocirc;n &#273;&#7841;t &#273;&#432;&#7907;c ch&#7845;t l&#432;&#7907;ng cao nh&#7845;t, gi&#7843;m thi&#7875;u c&aacute;c sai s&oacute;t v&agrave; tr&#7843; l&#7841;i s&#7843;n ph&#7849;m t&#7915; ph&iacute;a kh&aacute;ch h&agrave;ng.<br>\nTi&#7871;t ki&#7879;m th&#7901;i gian v&agrave; chi ph&iacute;: Nh&#7901; v&agrave;o kh&#7843; n&#259;ng &#273;o l&#432;&#7901;ng nhanh ch&oacute;ng v&agrave; ch&iacute;nh x&aacute;c, 7085(CCS) gi&uacute;p r&uacute;t ng&#7855;n th&#7901;i gian ki&#7875;m tra, t&#7915; &#273;&oacute; gi&#7843;m thi&#7875;u chi ph&iacute; li&ecirc;n quan &#273;&#7871;n ki&#7875;m so&aacute;t ch&#7845;t l&#432;&#7907;ng.<br>\n&#272;&#7843;m b&#7843;o s&#7921; h&agrave;i l&ograve;ng: Khi m&agrave;u s&#7855;c c&#7911;a s&#7843;n ph&#7849;m lu&ocirc;n &#273;&#7891;ng nh&#7845;t v&agrave; ch&iacute;nh x&aacute;c, kh&aacute;ch h&agrave;ng s&#7869; c&#7843;m th&#7845;y h&agrave;i l&ograve;ng v&agrave; tin t&#432;&#7903;ng v&agrave;o th&#432;&#417;ng hi&#7879;u c&#7911;a b&#7841;n h&#417;n.<\/p><p>Nh&#7919;ng L&yacute; Do N&ecirc;n Mua M&aacute;y So M&agrave;u T&#7841;i V&#7841;n N&#259;ng<\/p><p>C&ocirc;ng ty Thi&#7871;t B&#7883; C&ocirc;ng Ngh&#7879; V&#7841;n N&#259;ng l&agrave; &#273;&#7889;i t&aacute;c ch&iacute;nh th&#7913;c ph&acirc;n ph&#7889;i M&aacute;y So M&agrave;u h&agrave;ng &#273;&#7847;u t&#7841;i Vi&#7879;t Nam, cam k&#7871;t cung c&#7845;p s&#7843;n ph&#7849;m ch&iacute;nh h&atilde;ng v&#7899;i gi&aacute; c&#7843; c&#7841;nh tranh nh&#7845;t th&#7883; tr&#432;&#7901;ng. V&#7899;i uy t&iacute;n tr&ecirc;n th&#7883; tr&#432;&#7901;ng v&agrave; ch&#7871; &#273;&#7897; h&#7851;u m&atilde;i t&#7889;t, Thi&#7871;t B&#7883; C&ocirc;ng Ngh&#7879; V&#7841;n N&#259;ng &#273;&atilde; nh&#7853;n &#273;&#432;&#7907;c s&#7921; tin t&#432;&#7903;ng t&#7915; kh&aacute;ch h&agrave;ng nh&#7901; v&agrave;o ch&#7845;t l&#432;&#7907;ng h&agrave;ng &#273;&#7847;u c&#7911;a c&aacute;c d&ograve;ng s&#7843;n ph&#7849;m.<br>\nS&#7843;n ph&#7849;m c&#7911;a ch&uacute;ng t&ocirc;i &#273;&#432;&#7907;c ki&#7875;m &#273;&#7883;nh ch&#7845;t l&#432;&#7907;ng, nh&#7853;p kh&#7849;u tr&#7921;c ti&#7871;p t&#7915; nh&agrave; m&aacute;y b&ecirc;n Ch&acirc;u &Acirc;u, M&#7929;, &Uacute;c, Nh&#7853;t B&#7843;n,&hellip; v&agrave; &#273;&aacute;p &#7913;ng nhu c&#7847;u &#273;a d&#7841;ng c&#7911;a th&#7883; tr&#432;&#7901;ng nh&#432;: M&aacute;y &#272;o &#272;&#7897; C&#7913;ng, M&aacute;y SPECTROMAXx, M&aacute;y Ki&#7875;m Tra &#272;&#432;&#7901;ng Gh&eacute;p M&iacute; Lon,&hellip; Ch&uacute;ng t&ocirc;i cam k&#7871;t cung c&#7845;p s&#7843;n ph&#7849;m n&agrave;y tr&ecirc;n to&agrave;n qu&#7889;c v&#7899;i gi&aacute; c&#7843; c&#7841;nh tranh nh&#7845;t.<br>\nCh&uacute;ng t&ocirc;i c&oacute; &#273;&#7897;i ng&#361; chuy&ecirc;n vi&ecirc;n t&#432; v&#7845;n chuy&ecirc;n s&acirc;u s&#7869; h&#7895; tr&#7907; kh&aacute;ch h&agrave;ng v&#7873; chi ti&#7871;t s&#7843;n ph&#7849;m, h&#432;&#7899;ng d&#7851;n s&#7917; d&#7909;ng hay nh&#7919;ng th&#7913; li&ecirc;n quan &#273;&#7871;n v&#7845;n &#273;&#7873; m&agrave; doanh nghi&#7879;p b&#7841;n &#273;ang g&#7863;p ph&#7843;i. Ch&uacute;ng t&ocirc;i s&#7869; cung c&#7845;p nh&#7919;ng gi&#7843;i ph&aacute;p t&#7889;i &#432;u nh&#7845;t!<br>\nNgo&agrave;i ra Thi&#7871;t B&#7883; C&ocirc;ng Ngh&#7879; V&#7841;n N&#259;ng Ch&uacute;ng T&ocirc;i lu&ocirc;n h&#432;&#7899;ng &#273;&#7871;n tr&#7843;i nghi&#7879;m kh&aacute;ch h&agrave;ng, v&igrave; v&#7853;y ch&uacute;ng t&ocirc;i c&oacute; nh&#7919;ng ch&iacute;nh s&aacute;ch b&#7843;o h&agrave;nh, b&#7843;o tr&igrave; &ndash; b&#7843;o d&#432;&#7905;ng, hi&#7879;u chu&#7849;n v&#7899;i t&#7845;t c&#7843; c&aacute;c thi&#7871;t b&#7883;, m&aacute;y m&oacute;c m&agrave; ch&uacute;ng t&ocirc;i cung c&#7845;p. &#272;&#7843;m b&#7843;o mang &#273;&#7871;n cho Kh&aacute;ch h&agrave;ng s&#7921; y&ecirc;n t&acirc;m tuy&#7879;t &#273;&#7889;i v&#7873; d&#7883;ch v&#7909; khi mua h&agrave;ng.<\/p><p>Xem th&ecirc;m: Thi&#7871;t B&#7883; &#272;o pH Anton Paar Model pH 3101<\/p><p>T&#7893;ng K&#7871;t<br>\nM&aacute;y &#272;o M&agrave;u Theo Ti&ecirc;u Chu&#7849;n K&#7929; Thu&#7853;t S&#7889; 7085(CCS) kh&ocirc;ng ch&#7881; l&agrave; m&#7897;t thi&#7871;t b&#7883; &#273;o m&agrave;u s&#7855;c, m&agrave; c&ograve;n l&agrave; m&#7897;t gi&#7843;i ph&aacute;p to&agrave;n di&#7879;n gi&uacute;p c&aacute;c nh&agrave; s&#7843;n xu&#7845;t &#273;&#7843;m b&#7843;o ch&#7845;t l&#432;&#7907;ng v&agrave; s&#7921; nh&#7845;t qu&aacute;n c&#7911;a s&#7843;n ph&#7849;m trong to&agrave;n b&#7897; chu&#7895;i cung &#7913;ng. H&atilde;y li&ecirc;n h&#7879; v&#7899;i V&#7841;n N&#259;ng ngay &#273;&#7875; &#273;&#432;&#7907;c t&#432; v&#7845;n chuy&ecirc;n s&acirc;u v&agrave; nh&#7853;n nh&#7919;ng &#432;u &#273;&atilde;i h&#7845;p d&#7851;n nh&#7845;t th&ocirc;ng qua hotline0903 991 335 !<\/p><div style=\"background-color: #f8fafc; border: 1px solid #e2e8f0; border-radius: 8px; padding: 25px; max-width: 800px; margin: 30px auto; color: #334155; line-height: 1.8; font-size: 17px; box-shadow: 0 4px 6px -1px rgba(0,0,0,0.05); text-align: left; clear: both;\">\nC&ocirc;ng ty TNHH Th&#432;&#417;ng M&#7841;i D&#7883;ch V&#7909; Thi&#7871;t B&#7883; C&ocirc;ng Ngh&#7879; V&#7841;n N&#259;ng\n<p style=\"margin: 0 0 10px 0;\">&#128205; <strong style=\"color: #1e293b;\">&#272;&#7883;a ch&#7881;:<\/strong> <a style=\"color: #059669; text-decoration: none; font-weight: bold;\" href=\"https:\/\/www.google.com\/maps\/search\/C%C3%B4ng+ty+TNHH+Th%C6%B0%C6%A1ng+M%E1%BA%A1i+D%E1%BB%8Bch+V%E1%BB%A5+Thi%E1%BA%BFt+B%E1%BB%8B+C%C3%B4ng+Ngh%E1%BB%87+V%E1%BA%A1n+N%C4%83ng+818+Tr%C6%B0%E1%BB%9Dng+Chinh\" target=\"_blank\" rel=\"noopener\">818 Tr&#432;&#7901;ng Chinh, Ph&#432;&#7901;ng T&acirc;n S&#417;n, Th&agrave;nh ph&#7889; H&#7891; Ch&iacute; Minh, Vi&#7879;t Nam<\/a><\/p>\n<p style=\"margin: 0 0 10px 0;\">&#128222; <strong style=\"color: #1e293b;\">S&#272;T &ndash; Zalo:<\/strong> <a style=\"color: #059669; text-decoration: none; font-weight: bold;\" href=\"https:\/\/zalo.me\/0903991335\" target=\"_blank\" rel=\"noopener\">0903 991 335<\/a> <span style=\"color: #64748b; font-style: italic;\">(Ms. H&#7841;nh &ndash; Gi&aacute;m &#272;&#7889;c Kinh Doanh)<\/span><\/p>\n<p style=\"margin: 0;\">&#9993;&#65039; <strong style=\"color: #1e293b;\">Email:<\/strong> <a style=\"color: #059669; text-decoration: none; font-weight: bold;\" href=\"mailto:hienhanh@vannangvn.com\">hienhanh@vannangvn.com<\/a><\/p>\n<\/div><\/h1>","protected":false},"excerpt":{"rendered":"<p><strong>Th&#432;&#417;ng hi&#7879;u:<\/strong> M&aacute;y So M&agrave;u 7085&nbsp;l&agrave; m&#7897;t thi&#7871;t b&#7883; &#273;o m&agrave;u quang ph&#7893; v&#7899;i g&oacute;c &#273;o 45\/0, cho ph&eacute;p &#273;o l&#432;&#7901;ng m&agrave;u s&#7855;c theo c&aacute;ch m&agrave; m&#7855;t ng&#432;&#7901;i nh&igrave;n th&#7845;y. &#272;&acirc;y l&agrave; c&ocirc;ng ngh&#7879; ti&ecirc;n ti&#7871;n nh&#7845;t hi&#7879;n nay, gi&uacute;p &#273;&#7843;m b&#7843;o r&#7857;ng m&agrave;u s&#7855;c c&#7911;a s&#7843;n ph&#7849;m lu&ocirc;n nh&#7845;t qu&aacute;n, &#273;&#7891;ng b&#7897;, v&agrave; &#273;&aacute;p &#7913;ng &#273;&#432;&#7907;c c&aacute;c ti&ecirc;u chu&#7849;n cao nh&#7845;t trong ng&agrave;nh.<br>\n<strong>Model:<\/strong> 7085(CCS)<p>Product <strong>M&Aacute;Y SO M&Agrave;U MODEL 7085(CCS)<\/strong> ch&iacute;nh h&atilde;ng. M&aacute;y So M&agrave;u 7085(CCS)&nbsp;l&agrave; m&#7897;t thi&#7871;t b&#7883; &#273;o m&agrave;u quang ph&#7893; v&#7899;i g&oacute;c &#273;o 45\/0, cho ph&eacute;p &#273;o l&#432;&#7901;ng m&agrave;u s&#7855;c theo c&aacute;ch m&agrave; m&#7855;t ng&#432;&#7901;i nh&igrave;n th&#7845;y. &#272;&acirc;y l&agrave; c&ocirc;ng ngh&#7879; ti&ecirc;n ti&#7871;n nh&#7845;t hi&#7879;n nay, gi&uacute;p &#273;&#7843;m b&#7843;o r&#7857;ng m&agrave;u s&#7855;c c&#7911;a s&#7843;n ph&#7849;m lu&ocirc;n nh&#7845;t qu&aacute;n, &#273;&#7891;ng b&#7897;, v&agrave; &#273;&aacute;p &#7913;ng &#273;&#432;&#7907;c c&aacute;c ti&ecirc;u chu&#7849;n cao nh&#7845;t trong ng&agrave;nh.<\/p><\/p>","protected":false},"featured_media":0,"comment_status":"open","ping_status":"closed","template":"","meta":[],"product_brand":[],"product_cat":[18],"product_tag":[109,116,129,130,2949],"class_list":{"0":"post-7585","1":"product","2":"type-product","3":"status-publish","5":"product_cat-chua-phan-loai","6":"product_tag-may","7":"product_tag-model","8":"product_tag-so","9":"product_tag-mau","10":"product_tag-7085ccs","12":"first","13":"instock","14":"shipping-taxable","15":"product-type-simple"},"yoast_head":"<!-- This site is optimized with the Yoast SEO Premium plugin v24.8 (Yoast SEO v24.8) - https:\/\/yoast.com\/wordpress\/plugins\/seo\/ -->\n<title>M\u00c1Y SO M\u00c0U MODEL 7085(CCS) ch\u00ednh h\u00e3ng | V\u1ea1n N\u0103ng<\/title>\n<meta name=\"description\" content=\"Mua ngay M\u00c1Y SO M\u00c0U MODEL 7085(CCS) ch\u00ednh h\u00e3ng. Gi\u00e1 t\u1ed1t!\" \/>\n<meta name=\"robots\" content=\"noindex, follow, max-snippet:-1, max-image-preview:large, max-video-preview:-1\" \/>\n<meta property=\"og:locale\" content=\"en_US\" \/>\n<meta property=\"og:type\" content=\"article\" \/>\n<meta property=\"og:title\" content=\"M\u00c1Y SO M\u00c0U MODEL 7085(CCS)\" \/>\n<meta property=\"og:description\" content=\"Mua ngay M\u00c1Y SO M\u00c0U MODEL 7085(CCS) ch\u00ednh h\u00e3ng. Gi\u00e1 t\u1ed1t!\" \/>\n<meta property=\"og:url\" content=\"https:\/\/vannangvn.123websitedev.com\/en\/product\/may-so-mau-model-7085ccs\/\" \/>\n<meta property=\"og:site_name\" content=\"Vannang.vn\" \/>\n<meta property=\"article:modified_time\" content=\"2026-03-30T11:46:55+00:00\" \/>\n<meta name=\"twitter:card\" content=\"summary_large_image\" \/>\n<meta name=\"twitter:label1\" content=\"Est. reading time\" \/>\n\t<meta name=\"twitter:data1\" content=\"9 minutes\" \/>\n<script type=\"application\/ld+json\" class=\"yoast-schema-graph\">{\"@context\":\"https:\/\/schema.org\",\"@graph\":[{\"@type\":\"WebPage\",\"@id\":\"https:\/\/vannangvn.123websitedev.com\/san-pham\/may-so-mau-model-7085ccs\/\",\"url\":\"https:\/\/vannangvn.123websitedev.com\/san-pham\/may-so-mau-model-7085ccs\/\",\"name\":\"M\u00c1Y SO M\u00c0U MODEL 7085(CCS) ch\u00ednh h\u00e3ng | V\u1ea1n N\u0103ng\",\"isPartOf\":{\"@id\":\"https:\/\/vannangvn.123websitedev.com\/#website\"},\"datePublished\":\"2026-03-20T12:04:04+00:00\",\"dateModified\":\"2026-03-30T11:46:55+00:00\",\"description\":\"Mua ngay M\u00c1Y SO M\u00c0U MODEL 7085(CCS) ch\u00ednh h\u00e3ng. Gi\u00e1 t\u1ed1t!\",\"breadcrumb\":{\"@id\":\"https:\/\/vannangvn.123websitedev.com\/san-pham\/may-so-mau-model-7085ccs\/#breadcrumb\"},\"inLanguage\":\"en-US\",\"potentialAction\":[{\"@type\":\"ReadAction\",\"target\":[\"https:\/\/vannangvn.123websitedev.com\/san-pham\/may-so-mau-model-7085ccs\/\"]}]},{\"@type\":\"BreadcrumbList\",\"@id\":\"https:\/\/vannangvn.123websitedev.com\/san-pham\/may-so-mau-model-7085ccs\/#breadcrumb\",\"itemListElement\":[{\"@type\":\"ListItem\",\"position\":1,\"name\":\"Trang ch\u1ee7\",\"item\":\"https:\/\/vannangvn.123websitedev.com\/\"},{\"@type\":\"ListItem\",\"position\":2,\"name\":\"S\u1ea3n ph\u1ea9m\",\"item\":\"https:\/\/vannangvn.123websitedev.com\/cua-hang\/\"},{\"@type\":\"ListItem\",\"position\":3,\"name\":\"M\u00c1Y SO M\u00c0U MODEL 7085(CCS)\"}]},{\"@type\":\"WebSite\",\"@id\":\"https:\/\/vannangvn.123websitedev.com\/#website\",\"url\":\"https:\/\/vannangvn.123websitedev.com\/\",\"name\":\"Vannang.vn\",\"description\":\"\",\"publisher\":{\"@id\":\"https:\/\/vannangvn.123websitedev.com\/#organization\"},\"potentialAction\":[{\"@type\":\"SearchAction\",\"target\":{\"@type\":\"EntryPoint\",\"urlTemplate\":\"https:\/\/vannangvn.123websitedev.com\/?s={search_term_string}\"},\"query-input\":{\"@type\":\"PropertyValueSpecification\",\"valueRequired\":true,\"valueName\":\"search_term_string\"}}],\"inLanguage\":\"en-US\"},{\"@type\":\"Organization\",\"@id\":\"https:\/\/vannangvn.123websitedev.com\/#organization\",\"name\":\"Vannang.vn\",\"url\":\"https:\/\/vannangvn.123websitedev.com\/\",\"logo\":{\"@type\":\"ImageObject\",\"inLanguage\":\"en-US\",\"@id\":\"https:\/\/vannangvn.123websitedev.com\/#\/schema\/logo\/image\/\",\"url\":\"https:\/\/vannangvn.123websitedev.com\/wp-content\/uploads\/2026\/02\/logo-van-nang-02.png\",\"contentUrl\":\"https:\/\/vannangvn.123websitedev.com\/wp-content\/uploads\/2026\/02\/logo-van-nang-02.png\",\"width\":448,\"height\":111,\"caption\":\"Vannang.vn\"},\"image\":{\"@id\":\"https:\/\/vannangvn.123websitedev.com\/#\/schema\/logo\/image\/\"}}]}<\/script>\n<!-- \/ Yoast SEO Premium plugin. -->","yoast_head_json":{"title":"M\u00c1Y SO M\u00c0U MODEL 7085(CCS) ch\u00ednh h\u00e3ng | V\u1ea1n N\u0103ng","description":"Mua ngay M\u00c1Y SO M\u00c0U MODEL 7085(CCS) ch\u00ednh h\u00e3ng. Gi\u00e1 t\u1ed1t!","robots":{"index":"noindex","follow":"follow","max-snippet":"max-snippet:-1","max-image-preview":"max-image-preview:large","max-video-preview":"max-video-preview:-1"},"og_locale":"en_US","og_type":"article","og_title":"M\u00c1Y SO M\u00c0U MODEL 7085(CCS)","og_description":"Mua ngay M\u00c1Y SO M\u00c0U MODEL 7085(CCS) ch\u00ednh h\u00e3ng. Gi\u00e1 t\u1ed1t!","og_url":"https:\/\/vannangvn.123websitedev.com\/en\/product\/may-so-mau-model-7085ccs\/","og_site_name":"Vannang.vn","article_modified_time":"2026-03-30T11:46:55+00:00","twitter_card":"summary_large_image","twitter_misc":{"Est. reading time":"9 minutes"},"schema":{"@context":"https:\/\/schema.org","@graph":[{"@type":"WebPage","@id":"https:\/\/vannangvn.123websitedev.com\/san-pham\/may-so-mau-model-7085ccs\/","url":"https:\/\/vannangvn.123websitedev.com\/san-pham\/may-so-mau-model-7085ccs\/","name":"M\u00c1Y SO M\u00c0U MODEL 7085(CCS) ch\u00ednh h\u00e3ng | V\u1ea1n N\u0103ng","isPartOf":{"@id":"https:\/\/vannangvn.123websitedev.com\/#website"},"datePublished":"2026-03-20T12:04:04+00:00","dateModified":"2026-03-30T11:46:55+00:00","description":"Mua ngay M\u00c1Y SO M\u00c0U MODEL 7085(CCS) ch\u00ednh h\u00e3ng. Gi\u00e1 t\u1ed1t!","breadcrumb":{"@id":"https:\/\/vannangvn.123websitedev.com\/san-pham\/may-so-mau-model-7085ccs\/#breadcrumb"},"inLanguage":"en-US","potentialAction":[{"@type":"ReadAction","target":["https:\/\/vannangvn.123websitedev.com\/san-pham\/may-so-mau-model-7085ccs\/"]}]},{"@type":"BreadcrumbList","@id":"https:\/\/vannangvn.123websitedev.com\/san-pham\/may-so-mau-model-7085ccs\/#breadcrumb","itemListElement":[{"@type":"ListItem","position":1,"name":"Trang ch\u1ee7","item":"https:\/\/vannangvn.123websitedev.com\/"},{"@type":"ListItem","position":2,"name":"S\u1ea3n ph\u1ea9m","item":"https:\/\/vannangvn.123websitedev.com\/cua-hang\/"},{"@type":"ListItem","position":3,"name":"M\u00c1Y SO M\u00c0U MODEL 7085(CCS)"}]},{"@type":"WebSite","@id":"https:\/\/vannangvn.123websitedev.com\/#website","url":"https:\/\/vannangvn.123websitedev.com\/","name":"Vannang.vn","description":"","publisher":{"@id":"https:\/\/vannangvn.123websitedev.com\/#organization"},"potentialAction":[{"@type":"SearchAction","target":{"@type":"EntryPoint","urlTemplate":"https:\/\/vannangvn.123websitedev.com\/?s={search_term_string}"},"query-input":{"@type":"PropertyValueSpecification","valueRequired":true,"valueName":"search_term_string"}}],"inLanguage":"en-US"},{"@type":"Organization","@id":"https:\/\/vannangvn.123websitedev.com\/#organization","name":"Vannang.vn","url":"https:\/\/vannangvn.123websitedev.com\/","logo":{"@type":"ImageObject","inLanguage":"en-US","@id":"https:\/\/vannangvn.123websitedev.com\/#\/schema\/logo\/image\/","url":"https:\/\/vannangvn.123websitedev.com\/wp-content\/uploads\/2026\/02\/logo-van-nang-02.png","contentUrl":"https:\/\/vannangvn.123websitedev.com\/wp-content\/uploads\/2026\/02\/logo-van-nang-02.png","width":448,"height":111,"caption":"Vannang.vn"},"image":{"@id":"https:\/\/vannangvn.123websitedev.com\/#\/schema\/logo\/image\/"}}]}},"_links":{"self":[{"href":"https:\/\/vannangvn.123websitedev.com\/en\/wp-json\/wp\/v2\/product\/7585","targetHints":{"allow":["GET"]}}],"collection":[{"href":"https:\/\/vannangvn.123websitedev.com\/en\/wp-json\/wp\/v2\/product"}],"about":[{"href":"https:\/\/vannangvn.123websitedev.com\/en\/wp-json\/wp\/v2\/types\/product"}],"replies":[{"embeddable":true,"href":"https:\/\/vannangvn.123websitedev.com\/en\/wp-json\/wp\/v2\/comments?post=7585"}],"wp:attachment":[{"href":"https:\/\/vannangvn.123websitedev.com\/en\/wp-json\/wp\/v2\/media?parent=7585"}],"wp:term":[{"taxonomy":"product_brand","embeddable":true,"href":"https:\/\/vannangvn.123websitedev.com\/en\/wp-json\/wp\/v2\/product_brand?post=7585"},{"taxonomy":"product_cat","embeddable":true,"href":"https:\/\/vannangvn.123websitedev.com\/en\/wp-json\/wp\/v2\/product_cat?post=7585"},{"taxonomy":"product_tag","embeddable":true,"href":"https:\/\/vannangvn.123websitedev.com\/en\/wp-json\/wp\/v2\/product_tag?post=7585"}],"curies":[{"name":"wp","href":"https:\/\/api.w.org\/{rel}","templated":true}]}}