{"id":7621,"date":"2026-03-20T19:04:57","date_gmt":"2026-03-20T12:04:57","guid":{"rendered":"https:\/\/vannangvn.123websitedev.com\/san-pham\/may-so-mau-quang-pho-x-rite-model-exact-2-xp\/"},"modified":"2026-03-30T18:47:47","modified_gmt":"2026-03-30T11:47:47","slug":"may-so-mau-quang-pho-x-rite-model-exact-2-xp","status":"publish","type":"product","link":"https:\/\/vannangvn.123websitedev.com\/en\/product\/may-so-mau-quang-pho-x-rite-model-exact-2-xp\/","title":{"rendered":"M\u00c1Y SO M\u00c0U QUANG PH\u1ed4 X-RITE MODEL EXACT 2 XP"},"content":{"rendered":"<h1 style=\"color: red; font-weight: bold; font-size: 24px;\">T&#7893;ng quan s&#7843;n ph&#7849;m M&Aacute;Y SO M&Agrave;U QUANG PH&#7892; X-RITE MODEL EXACT 2 XP<p>M&aacute;y So M&agrave;u Quang Ph&#7893; (Portable Spectrophotometer) X-Rite Model eXact&trade; 2 Xp<br>\nM&aacute;y So M&agrave;u Quang Ph&#7893; eXact 2 Xp l&agrave; gi&#7843;i ph&aacute;p ho&agrave;n h&#7843;o cho vi&#7879;c &#273;o l&#432;&#7901;ng m&agrave;u s&#7855;c tr&ecirc;n c&aacute;c v&#7853;t li&#7879;u nh&#432; m&agrave;ng phim, nh&#7921;a, gi&#7845;y b&#7841;c v&#7899;i n&#7873;n tr&#7855;ng &#273;&#7909;c. V&#7899;i thi&#7871;t k&#7871; hi&#7879;n &#273;&#7841;i, t&iacute;ch h&#7907;p nhi&#7873;u t&iacute;nh n&#259;ng ti&ecirc;n ti&#7871;n, M&aacute;y eXact 2 Xp gi&uacute;p n&acirc;ng cao hi&#7879;u qu&#7843; quy tr&igrave;nh s&#7843;n xu&#7845;t v&agrave; &#273;&#7843;m b&#7843;o &#273;&#7897; ch&iacute;nh x&aacute;c m&agrave;u s&#7855;c cao nh&#7845;t. H&atilde;y c&ugrave;ng V&#7841;n N&#259;ng t&igrave;m hi&#7875;u chi ti&#7871;t h&#417;n v&#7873; s&#7843;n ph&#7849;m th&ocirc;ng qua b&agrave;i vi&#7871;t d&#432;&#7899;i &#273;&acirc;y!<\/p><h2 style=\"color: #2e7d32; font-weight: bold; font-size: 20px;\">&#272;&#7863;c &#272;i&#7875;m N&#7893;i B&#7853;t C&#7911;a M&aacute;y So M&agrave;u eXact&trade; 2 Xp<\/h2><p>&#272;o l&#432;&#7901;ng ch&iacute;nh x&aacute;c tr&ecirc;n nhi&#7873;u lo&#7841;i v&#7853;t li&#7879;u<\/p><p>H&#7895; tr&#7907; &#273;a d&#7841;ng ch&#7845;t li&#7879;u: M&aacute;y &#272;o M&agrave;u Quang Ph&#7893; eXact 2 Xp c&oacute; th&#7875; &#273;o l&#432;&#7901;ng m&agrave;u s&#7855;c tr&ecirc;n c&aacute;c b&#7873; m&#7863;t nh&#432; phim, nh&#7921;a, gi&#7845;y b&#7841;c v&agrave; nhi&#7873;u lo&#7841;i v&#7853;t li&#7879;u kh&aacute;c.<br>\nL&#7885;c ph&acirc;n c&#7921;c: C&ocirc;ng ngh&#7879; l&#7885;c ph&acirc;n c&#7921;c gi&uacute;p &#273;o l&#432;&#7901;ng m&agrave;u s&aacute;c &#7893;n &#273;&#7883;nh, kh&ocirc;ng b&#7883; &#7843;nh h&#432;&#7903;ng b&#7903;i h&#432;&#7899;ng c&#7911;a thi&#7871;t b&#7883; khi ti&#7871;p x&uacute;c m&#7851;u.<\/p><p>C&ocirc;ng ngh&#7879; &#273;o l&#432;&#7901;ng ti&ecirc;n ti&#7871;n<\/p><p>Ch&#7871; &#273;o &#273;i&#7875;m v&agrave; qu&eacute;t: H&#7895; tr&#7907; c&#7843; hai ch&#7871; &#273;&#7897; &#273;o &#273;i&#7875;m v&agrave; qu&eacute;t, gi&uacute;p t&#7889;i &#432;u h&oacute;a qu&aacute; tr&igrave;nh &#273;o m&agrave;u.<br>\nT&iacute;ch h&#7907;p b&aacute;nh xe qu&eacute;t: C&ocirc;ng ngh&#7879; b&aacute;nh xe qu&eacute;t t&iacute;ch h&#7907;p t&#259;ng t&#7889;c &#273;o l&#432;&#7907;ng l&ecirc;n &#273;&#7871;n 17%.<\/p><p>&#272;&#7897; ch&iacute;nh x&aacute;c cao<\/p><p>Tho&#7843; thu&#7853;n li&ecirc;n thi&#7871;t b&#7883;: &#272;&#7897; ch&iacute;nh x&aacute;c gi&#7919;a c&aacute;c thi&#7871;t b&#7883; ch&#7881; c&oacute; sai s&#7889; 0.25 &Delta;Eab.<br>\nTh&#7901;i gian &#273;o nhanh: Ho&agrave;n th&agrave;nh m&#7897;t l&#7847;n &#273;o ch&#7881; trong 0903 991 335!<\/p><div style=\"background-color: #f8fafc; border: 1px solid #e2e8f0; border-radius: 8px; padding: 25px; max-width: 800px; margin: 30px auto; color: #334155; line-height: 1.8; font-size: 17px; box-shadow: 0 4px 6px -1px rgba(0,0,0,0.05); text-align: left; clear: both;\">\nC&ocirc;ng ty TNHH Th&#432;&#417;ng M&#7841;i D&#7883;ch V&#7909; Thi&#7871;t B&#7883; C&ocirc;ng Ngh&#7879; V&#7841;n N&#259;ng\n<p style=\"margin: 0 0 10px 0;\">&#128205; <strong style=\"color: #1e293b;\">&#272;&#7883;a ch&#7881;:<\/strong> <a style=\"color: #059669; text-decoration: none; font-weight: bold;\" href=\"https:\/\/www.google.com\/maps\/search\/C%C3%B4ng+ty+TNHH+Th%C6%B0%C6%A1ng+M%E1%BA%A1i+D%E1%BB%8Bch+V%E1%BB%A5+Thi%E1%BA%BFt+B%E1%BB%8B+C%C3%B4ng+Ngh%E1%BB%87+V%E1%BA%A1n+N%C4%83ng+818+Tr%C6%B0%E1%BB%9Dng+Chinh\" target=\"_blank\" rel=\"noopener\">818 Tr&#432;&#7901;ng Chinh, Ph&#432;&#7901;ng T&acirc;n S&#417;n, Th&agrave;nh ph&#7889; H&#7891; Ch&iacute; Minh, Vi&#7879;t Nam<\/a><\/p>\n<p style=\"margin: 0 0 10px 0;\">&#128222; <strong style=\"color: #1e293b;\">S&#272;T &ndash; Zalo:<\/strong> <a style=\"color: #059669; text-decoration: none; font-weight: bold;\" href=\"https:\/\/zalo.me\/0903991335\" target=\"_blank\" rel=\"noopener\">0903 991 335<\/a> <span style=\"color: #64748b; font-style: italic;\">(Ms. H&#7841;nh &ndash; Gi&aacute;m &#272;&#7889;c Kinh Doanh)<\/span><\/p>\n<p style=\"margin: 0;\">&#9993;&#65039; <strong style=\"color: #1e293b;\">Email:<\/strong> <a style=\"color: #059669; text-decoration: none; font-weight: bold;\" href=\"mailto:hienhanh@vannangvn.com\">hienhanh@vannangvn.com<\/a><\/p>\n<\/div><\/h1>","protected":false},"excerpt":{"rendered":"<p><strong>Th&#432;&#417;ng hi&#7879;u:<\/strong> M&aacute;y So M&agrave;u Quang Ph&#7893; eXact 2 Xp l&agrave; gi&#7843;i ph&aacute;p ho&agrave;n h&#7843;o cho vi&#7879;c &#273;o l&#432;&#7901;ng m&agrave;u s&#7855;c tr&ecirc;n c&aacute;c v&#7853;t li&#7879;u nh&#432; m&agrave;ng phim, nh&#7921;a, gi&#7845;y b&#7841;c v&#7899;i n&#7873;n tr&#7855;ng &#273;&#7909;c. V&#7899;i thi&#7871;t k&#7871; hi&#7879;n &#273;&#7841;i, t&iacute;ch h&#7907;p nhi&#7873;u t&iacute;nh n&#259;ng ti&ecirc;n ti&#7871;n, eXact 2 Xp gi&uacute;p n&acirc;ng cao hi&#7879;u qu&#7843; quy tr&igrave;nh s&#7843;n xu&#7845;t v&agrave; &#273;&#7843;m b&#7843;o &#273;&#7897; ch&iacute;nh x&aacute;c m&agrave;u s&#7855;c cao nh&#7845;t.<br>\n<strong>Model:<\/strong> eXact&trade;     -3<p>Product <strong>M&Aacute;Y SO M&Agrave;U QUANG PH&#7892; X-RITE MODEL EXACT 2 XP<\/strong> ch&iacute;nh h&atilde;ng. M&aacute;y So M&agrave;u Quang Ph&#7893; eXact 2 Xp l&agrave; gi&#7843;i ph&aacute;p ho&agrave;n h&#7843;o cho vi&#7879;c &#273;o l&#432;&#7901;ng m&agrave;u s&#7855;c tr&ecirc;n c&aacute;c v&#7853;t li&#7879;u nh&#432; m&agrave;ng phim, nh&#7921;a, gi&#7845;y b&#7841;c v&#7899;i n&#7873;n tr&#7855;ng &#273;&#7909;c. V&#7899;i thi&#7871;t k&#7871; hi&#7879;n &#273;&#7841;i, t&iacute;ch h&#7907;p nhi&#7873;u t&iacute;nh n&#259;ng ti&ecirc;n ti&#7871;n, eXact 2 Xp gi&uacute;p n&acirc;ng cao hi&#7879;u qu&#7843; quy tr&igrave;nh s&#7843;n xu&#7845;t v&agrave; &#273;&#7843;m b&#7843;o &#273;&#7897; ch&iacute;nh x&aacute;c m&agrave;u s&#7855;c cao nh&#7845;t.<\/p><\/p>","protected":false},"featured_media":9060,"comment_status":"open","ping_status":"closed","template":"","meta":[],"product_brand":[],"product_cat":[18],"product_tag":[2068,2983,109,116,129,130,177,704,1088,1185],"class_list":{"0":"post-7621","1":"product","2":"type-product","3":"status-publish","4":"has-post-thumbnail","6":"product_cat-chua-phan-loai","7":"product_tag-exact","8":"product_tag-xp","9":"product_tag-may","10":"product_tag-model","11":"product_tag-so","12":"product_tag-mau","13":"product_tag-177","14":"product_tag-quang","15":"product_tag-x-rite","16":"product_tag-pho","18":"first","19":"instock","20":"shipping-taxable","21":"product-type-simple"},"yoast_head":"<!-- This site is optimized with the Yoast SEO Premium plugin v24.8 (Yoast SEO v24.8) - https:\/\/yoast.com\/wordpress\/plugins\/seo\/ -->\n<title>M\u00c1Y SO M\u00c0U QUANG PH\u1ed4 X-RITE MODEL E... ch\u00ednh h\u00e3ng | V\u1ea1n N\u0103ng<\/title>\n<meta name=\"description\" content=\"Mua ngay M\u00c1Y SO M\u00c0U QUANG PH\u1ed4 X-RITE MODEL EXACT 2 XP ch\u00ednh h\u00e3ng. Gi\u00e1 t\u1ed1t!\" \/>\n<meta name=\"robots\" content=\"noindex, follow, max-snippet:-1, max-image-preview:large, max-video-preview:-1\" \/>\n<meta property=\"og:locale\" content=\"en_US\" \/>\n<meta property=\"og:type\" content=\"article\" \/>\n<meta property=\"og:title\" content=\"M\u00c1Y SO M\u00c0U QUANG PH\u1ed4 X-RITE MODEL EXACT 2 XP\" \/>\n<meta property=\"og:description\" content=\"Mua ngay M\u00c1Y SO M\u00c0U QUANG PH\u1ed4 X-RITE MODEL EXACT 2 XP ch\u00ednh h\u00e3ng. Gi\u00e1 t\u1ed1t!\" \/>\n<meta property=\"og:url\" content=\"https:\/\/vannangvn.123websitedev.com\/en\/product\/may-so-mau-quang-pho-x-rite-model-exact-2-xp\/\" \/>\n<meta property=\"og:site_name\" content=\"Vannang.vn\" \/>\n<meta property=\"article:modified_time\" content=\"2026-03-30T11:47:47+00:00\" \/>\n<meta property=\"og:image\" content=\"http:\/\/vannangvn.123websitedev.com\/wp-content\/uploads\/2026\/03\/X-Rite-eXact-2-Xp-768x576-copy.jpg\" \/>\n\t<meta property=\"og:image:width\" content=\"768\" \/>\n\t<meta property=\"og:image:height\" content=\"576\" \/>\n\t<meta property=\"og:image:type\" content=\"image\/jpeg\" \/>\n<meta name=\"twitter:card\" content=\"summary_large_image\" \/>\n<meta name=\"twitter:label1\" content=\"Est. reading time\" \/>\n\t<meta name=\"twitter:data1\" content=\"2 minutes\" \/>\n<script type=\"application\/ld+json\" class=\"yoast-schema-graph\">{\"@context\":\"https:\/\/schema.org\",\"@graph\":[{\"@type\":\"WebPage\",\"@id\":\"https:\/\/vannangvn.123websitedev.com\/san-pham\/may-so-mau-quang-pho-x-rite-model-exact-2-xp\/\",\"url\":\"https:\/\/vannangvn.123websitedev.com\/san-pham\/may-so-mau-quang-pho-x-rite-model-exact-2-xp\/\",\"name\":\"M\u00c1Y SO M\u00c0U QUANG PH\u1ed4 X-RITE MODEL E... ch\u00ednh h\u00e3ng | V\u1ea1n N\u0103ng\",\"isPartOf\":{\"@id\":\"https:\/\/vannangvn.123websitedev.com\/#website\"},\"primaryImageOfPage\":{\"@id\":\"https:\/\/vannangvn.123websitedev.com\/san-pham\/may-so-mau-quang-pho-x-rite-model-exact-2-xp\/#primaryimage\"},\"image\":{\"@id\":\"https:\/\/vannangvn.123websitedev.com\/san-pham\/may-so-mau-quang-pho-x-rite-model-exact-2-xp\/#primaryimage\"},\"thumbnailUrl\":\"https:\/\/vannangvn.123websitedev.com\/wp-content\/uploads\/2026\/03\/X-Rite-eXact-2-Xp-768x576-copy.jpg\",\"datePublished\":\"2026-03-20T12:04:57+00:00\",\"dateModified\":\"2026-03-30T11:47:47+00:00\",\"description\":\"Mua ngay M\u00c1Y SO M\u00c0U QUANG PH\u1ed4 X-RITE MODEL EXACT 2 XP ch\u00ednh h\u00e3ng. Gi\u00e1 t\u1ed1t!\",\"breadcrumb\":{\"@id\":\"https:\/\/vannangvn.123websitedev.com\/san-pham\/may-so-mau-quang-pho-x-rite-model-exact-2-xp\/#breadcrumb\"},\"inLanguage\":\"en-US\",\"potentialAction\":[{\"@type\":\"ReadAction\",\"target\":[\"https:\/\/vannangvn.123websitedev.com\/san-pham\/may-so-mau-quang-pho-x-rite-model-exact-2-xp\/\"]}]},{\"@type\":\"ImageObject\",\"inLanguage\":\"en-US\",\"@id\":\"https:\/\/vannangvn.123websitedev.com\/san-pham\/may-so-mau-quang-pho-x-rite-model-exact-2-xp\/#primaryimage\",\"url\":\"https:\/\/vannangvn.123websitedev.com\/wp-content\/uploads\/2026\/03\/X-Rite-eXact-2-Xp-768x576-copy.jpg\",\"contentUrl\":\"https:\/\/vannangvn.123websitedev.com\/wp-content\/uploads\/2026\/03\/X-Rite-eXact-2-Xp-768x576-copy.jpg\",\"width\":768,\"height\":576},{\"@type\":\"BreadcrumbList\",\"@id\":\"https:\/\/vannangvn.123websitedev.com\/san-pham\/may-so-mau-quang-pho-x-rite-model-exact-2-xp\/#breadcrumb\",\"itemListElement\":[{\"@type\":\"ListItem\",\"position\":1,\"name\":\"Trang ch\u1ee7\",\"item\":\"https:\/\/vannangvn.123websitedev.com\/\"},{\"@type\":\"ListItem\",\"position\":2,\"name\":\"S\u1ea3n ph\u1ea9m\",\"item\":\"https:\/\/vannangvn.123websitedev.com\/cua-hang\/\"},{\"@type\":\"ListItem\",\"position\":3,\"name\":\"M\u00c1Y SO M\u00c0U QUANG PH\u1ed4 X-RITE MODEL EXACT 2 XP\"}]},{\"@type\":\"WebSite\",\"@id\":\"https:\/\/vannangvn.123websitedev.com\/#website\",\"url\":\"https:\/\/vannangvn.123websitedev.com\/\",\"name\":\"Vannang.vn\",\"description\":\"\",\"publisher\":{\"@id\":\"https:\/\/vannangvn.123websitedev.com\/#organization\"},\"potentialAction\":[{\"@type\":\"SearchAction\",\"target\":{\"@type\":\"EntryPoint\",\"urlTemplate\":\"https:\/\/vannangvn.123websitedev.com\/?s={search_term_string}\"},\"query-input\":{\"@type\":\"PropertyValueSpecification\",\"valueRequired\":true,\"valueName\":\"search_term_string\"}}],\"inLanguage\":\"en-US\"},{\"@type\":\"Organization\",\"@id\":\"https:\/\/vannangvn.123websitedev.com\/#organization\",\"name\":\"Vannang.vn\",\"url\":\"https:\/\/vannangvn.123websitedev.com\/\",\"logo\":{\"@type\":\"ImageObject\",\"inLanguage\":\"en-US\",\"@id\":\"https:\/\/vannangvn.123websitedev.com\/#\/schema\/logo\/image\/\",\"url\":\"https:\/\/vannangvn.123websitedev.com\/wp-content\/uploads\/2026\/02\/logo-van-nang-02.png\",\"contentUrl\":\"https:\/\/vannangvn.123websitedev.com\/wp-content\/uploads\/2026\/02\/logo-van-nang-02.png\",\"width\":448,\"height\":111,\"caption\":\"Vannang.vn\"},\"image\":{\"@id\":\"https:\/\/vannangvn.123websitedev.com\/#\/schema\/logo\/image\/\"}}]}<\/script>\n<!-- \/ Yoast SEO Premium plugin. -->","yoast_head_json":{"title":"M\u00c1Y SO M\u00c0U QUANG PH\u1ed4 X-RITE MODEL E... ch\u00ednh h\u00e3ng | V\u1ea1n N\u0103ng","description":"Mua ngay M\u00c1Y SO M\u00c0U QUANG PH\u1ed4 X-RITE MODEL EXACT 2 XP ch\u00ednh h\u00e3ng. Gi\u00e1 t\u1ed1t!","robots":{"index":"noindex","follow":"follow","max-snippet":"max-snippet:-1","max-image-preview":"max-image-preview:large","max-video-preview":"max-video-preview:-1"},"og_locale":"en_US","og_type":"article","og_title":"M\u00c1Y SO M\u00c0U QUANG PH\u1ed4 X-RITE MODEL EXACT 2 XP","og_description":"Mua ngay M\u00c1Y SO M\u00c0U QUANG PH\u1ed4 X-RITE MODEL EXACT 2 XP ch\u00ednh h\u00e3ng. Gi\u00e1 t\u1ed1t!","og_url":"https:\/\/vannangvn.123websitedev.com\/en\/product\/may-so-mau-quang-pho-x-rite-model-exact-2-xp\/","og_site_name":"Vannang.vn","article_modified_time":"2026-03-30T11:47:47+00:00","og_image":[{"width":768,"height":576,"url":"http:\/\/vannangvn.123websitedev.com\/wp-content\/uploads\/2026\/03\/X-Rite-eXact-2-Xp-768x576-copy.jpg","type":"image\/jpeg"}],"twitter_card":"summary_large_image","twitter_misc":{"Est. reading time":"2 minutes"},"schema":{"@context":"https:\/\/schema.org","@graph":[{"@type":"WebPage","@id":"https:\/\/vannangvn.123websitedev.com\/san-pham\/may-so-mau-quang-pho-x-rite-model-exact-2-xp\/","url":"https:\/\/vannangvn.123websitedev.com\/san-pham\/may-so-mau-quang-pho-x-rite-model-exact-2-xp\/","name":"M\u00c1Y SO M\u00c0U QUANG PH\u1ed4 X-RITE MODEL E... ch\u00ednh h\u00e3ng | V\u1ea1n N\u0103ng","isPartOf":{"@id":"https:\/\/vannangvn.123websitedev.com\/#website"},"primaryImageOfPage":{"@id":"https:\/\/vannangvn.123websitedev.com\/san-pham\/may-so-mau-quang-pho-x-rite-model-exact-2-xp\/#primaryimage"},"image":{"@id":"https:\/\/vannangvn.123websitedev.com\/san-pham\/may-so-mau-quang-pho-x-rite-model-exact-2-xp\/#primaryimage"},"thumbnailUrl":"https:\/\/vannangvn.123websitedev.com\/wp-content\/uploads\/2026\/03\/X-Rite-eXact-2-Xp-768x576-copy.jpg","datePublished":"2026-03-20T12:04:57+00:00","dateModified":"2026-03-30T11:47:47+00:00","description":"Mua ngay M\u00c1Y SO M\u00c0U QUANG PH\u1ed4 X-RITE MODEL EXACT 2 XP ch\u00ednh h\u00e3ng. Gi\u00e1 t\u1ed1t!","breadcrumb":{"@id":"https:\/\/vannangvn.123websitedev.com\/san-pham\/may-so-mau-quang-pho-x-rite-model-exact-2-xp\/#breadcrumb"},"inLanguage":"en-US","potentialAction":[{"@type":"ReadAction","target":["https:\/\/vannangvn.123websitedev.com\/san-pham\/may-so-mau-quang-pho-x-rite-model-exact-2-xp\/"]}]},{"@type":"ImageObject","inLanguage":"en-US","@id":"https:\/\/vannangvn.123websitedev.com\/san-pham\/may-so-mau-quang-pho-x-rite-model-exact-2-xp\/#primaryimage","url":"https:\/\/vannangvn.123websitedev.com\/wp-content\/uploads\/2026\/03\/X-Rite-eXact-2-Xp-768x576-copy.jpg","contentUrl":"https:\/\/vannangvn.123websitedev.com\/wp-content\/uploads\/2026\/03\/X-Rite-eXact-2-Xp-768x576-copy.jpg","width":768,"height":576},{"@type":"BreadcrumbList","@id":"https:\/\/vannangvn.123websitedev.com\/san-pham\/may-so-mau-quang-pho-x-rite-model-exact-2-xp\/#breadcrumb","itemListElement":[{"@type":"ListItem","position":1,"name":"Trang ch\u1ee7","item":"https:\/\/vannangvn.123websitedev.com\/"},{"@type":"ListItem","position":2,"name":"S\u1ea3n ph\u1ea9m","item":"https:\/\/vannangvn.123websitedev.com\/cua-hang\/"},{"@type":"ListItem","position":3,"name":"M\u00c1Y SO M\u00c0U QUANG PH\u1ed4 X-RITE MODEL EXACT 2 XP"}]},{"@type":"WebSite","@id":"https:\/\/vannangvn.123websitedev.com\/#website","url":"https:\/\/vannangvn.123websitedev.com\/","name":"Vannang.vn","description":"","publisher":{"@id":"https:\/\/vannangvn.123websitedev.com\/#organization"},"potentialAction":[{"@type":"SearchAction","target":{"@type":"EntryPoint","urlTemplate":"https:\/\/vannangvn.123websitedev.com\/?s={search_term_string}"},"query-input":{"@type":"PropertyValueSpecification","valueRequired":true,"valueName":"search_term_string"}}],"inLanguage":"en-US"},{"@type":"Organization","@id":"https:\/\/vannangvn.123websitedev.com\/#organization","name":"Vannang.vn","url":"https:\/\/vannangvn.123websitedev.com\/","logo":{"@type":"ImageObject","inLanguage":"en-US","@id":"https:\/\/vannangvn.123websitedev.com\/#\/schema\/logo\/image\/","url":"https:\/\/vannangvn.123websitedev.com\/wp-content\/uploads\/2026\/02\/logo-van-nang-02.png","contentUrl":"https:\/\/vannangvn.123websitedev.com\/wp-content\/uploads\/2026\/02\/logo-van-nang-02.png","width":448,"height":111,"caption":"Vannang.vn"},"image":{"@id":"https:\/\/vannangvn.123websitedev.com\/#\/schema\/logo\/image\/"}}]}},"_links":{"self":[{"href":"https:\/\/vannangvn.123websitedev.com\/en\/wp-json\/wp\/v2\/product\/7621","targetHints":{"allow":["GET"]}}],"collection":[{"href":"https:\/\/vannangvn.123websitedev.com\/en\/wp-json\/wp\/v2\/product"}],"about":[{"href":"https:\/\/vannangvn.123websitedev.com\/en\/wp-json\/wp\/v2\/types\/product"}],"replies":[{"embeddable":true,"href":"https:\/\/vannangvn.123websitedev.com\/en\/wp-json\/wp\/v2\/comments?post=7621"}],"wp:featuredmedia":[{"embeddable":true,"href":"https:\/\/vannangvn.123websitedev.com\/en\/wp-json\/wp\/v2\/media\/9060"}],"wp:attachment":[{"href":"https:\/\/vannangvn.123websitedev.com\/en\/wp-json\/wp\/v2\/media?parent=7621"}],"wp:term":[{"taxonomy":"product_brand","embeddable":true,"href":"https:\/\/vannangvn.123websitedev.com\/en\/wp-json\/wp\/v2\/product_brand?post=7621"},{"taxonomy":"product_cat","embeddable":true,"href":"https:\/\/vannangvn.123websitedev.com\/en\/wp-json\/wp\/v2\/product_cat?post=7621"},{"taxonomy":"product_tag","embeddable":true,"href":"https:\/\/vannangvn.123websitedev.com\/en\/wp-json\/wp\/v2\/product_tag?post=7621"}],"curies":[{"name":"wp","href":"https:\/\/api.w.org\/{rel}","templated":true}]}}