{"id":7622,"date":"2026-03-20T19:04:58","date_gmt":"2026-03-20T12:04:58","guid":{"rendered":"https:\/\/vannangvn.123websitedev.com\/san-pham\/may-so-mau-shenzhen-threenh-model-pro-ds\/"},"modified":"2026-03-30T18:47:47","modified_gmt":"2026-03-30T11:47:47","slug":"may-so-mau-shenzhen-threenh-model-pro-ds","status":"publish","type":"product","link":"https:\/\/vannangvn.123websitedev.com\/en\/product\/may-so-mau-shenzhen-threenh-model-pro-ds\/","title":{"rendered":"M\u00c1Y SO M\u00c0U SHENZHEN THREENH MODEL PRO-DS"},"content":{"rendered":"<h1 style=\"color: red; font-weight: bold; font-size: 24px;\">T&#7893;ng quan s&#7843;n ph&#7849;m M&Aacute;Y SO M&Agrave;U SHENZHEN THREENH MODEL PRO-DS<p>M&aacute;y So M&agrave;u (Color Meter) Shenzhen Threenh Model Pro-DS<br>\nKh&ocirc;ng ch&#7881; ph&ugrave; h&#7907;p cho c&aacute;c ng&agrave;nh nh&#432; nh&#7921;a, &#273;i&#7879;n t&#7917;, s&#417;n, m&#7921;c in, d&#7879;t may, in &#7845;n hay g&#7889;m s&#7913;, Pro-DS c&ograve;n h&#7895; tr&#7907; &#273;o m&#7851;u hu&#7923;nh quang &ndash; m&#7897;t t&iacute;nh n&#259;ng hi&#7871;m g&#7863;p &#7903; nhi&#7873;u d&ograve;ng m&aacute;y th&ocirc;ng th&#432;&#7901;ng.<br>\n&#272;&acirc;y l&agrave; l&#7921;a ch&#7885;n l&yacute; t&#432;&#7903;ng cho doanh nghi&#7879;p &#273;ang c&#7847;n n&acirc;ng cao ti&ecirc;u chu&#7849;n ch&#7845;t l&#432;&#7907;ng s&#7843;n ph&#7849;m, &#273;&#7843;m b&#7843;o s&#7921; &#273;&#7891;ng nh&#7845;t m&agrave;u s&#7855;c v&agrave; h&#7841;n ch&#7871; t&#7889;i &#273;a sai l&#7879;ch trong qu&aacute; tr&igrave;nh s&#7843;n xu&#7845;t. H&atilde;y c&ugrave;ng V&#7841;n N&#259;ng t&igrave;m hi&#7875;u chi ti&#7871;t v&#7873; s&#7843;n ph&#7849;m th&ocirc;ng qua b&agrave;i vi&#7871;t d&#432;&#7899;i &#273;&acirc;y nh&eacute;!<\/p><p>N&eacute;t &#272;&#7863;c Tr&#432;ng C&#7911;a M&aacute;y So M&agrave;u Pro-DS<br>\nC&#7845;u tr&uacute;c quang h&#7885;c chu&#7849;n qu&#7889;c t&#7871;<br>\nThi&#7871;t b&#7883; s&#7917; d&#7909;ng c&#7845;u h&igrave;nh h&igrave;nh h&#7885;c ph&#7843;n x&#7841; di:8&deg;\/de:8&deg; (chi&#7871;u s&aacute;ng khu&#7871;ch t&aacute;n, g&oacute;c quan s&aacute;t 8&deg;) v&#7899;i kh&#7843; n&#259;ng &#273;o &#7903; hai ch&#7871; &#273;&#7897;: SCI (bao g&#7891;m ph&#7843;n x&#7841; g&#432;&#417;ng) v&agrave; SCE (lo&#7841;i tr&#7915; ph&#7843;n x&#7841; g&#432;&#417;ng).<br>\nNh&#7901; v&#7853;y, ng&#432;&#7901;i d&ugrave;ng c&oacute; th&#7875; &#273;&aacute;nh gi&aacute; m&agrave;u s&#7855;c c&#7911;a m&#7851;u m&#7897;t c&aacute;ch kh&aacute;ch quan, &#273;&#7891;ng th&#7901;i &#273;&aacute;p &#7913;ng nhi&#7873;u ti&ecirc;u chu&#7849;n qu&#7889;c t&#7871; kh&#7855;t khe nh&#432;:<\/p><p>CIE No.15<br>\nGB\/T 3978<br>\nGB 2893<br>\nGB\/T 18833<br>\nISO 7724-1<br>\nASTM E1164<br>\nDIN 5033 Teil7<\/p><p>Ngu&#7891;n s&aacute;ng LED to&agrave;n ph&#7893; b&#7873;n b&#7881;<br>\nM&aacute;y &#273;&#432;&#7907;c trang b&#7883; ngu&#7891;n s&aacute;ng LED to&agrave;n ph&#7893; k&#7871;t h&#7907;p, &#273;&#7843;m b&#7843;o &#273;&#7897; &#7893;n &#273;&#7883;nh cao v&agrave; tu&#7893;i th&#7885; v&#432;&#7907;t tr&#7897;i, c&oacute; th&#7875; th&#7921;c hi&#7879;n tr&ecirc;n 3 tri&#7879;u ph&eacute;p &#273;o trong v&ograve;ng 5 n&#259;m. &#272;i&#7873;u n&agrave;y gi&uacute;p doanh nghi&#7879;p ti&#7871;t ki&#7879;m chi ph&iacute; b&#7843;o tr&igrave; v&agrave; duy tr&igrave; &#273;&#7897; tin c&#7853;y trong su&#7889;t qu&aacute; tr&igrave;nh s&#7917; d&#7909;ng.<br>\n&#272;&#7897; ch&iacute;nh x&aacute;c v&#432;&#7907;t tr&#7897;i<\/p><p>Kho&#7843;ng b&#432;&#7899;c s&oacute;ng &#273;o: 400 ~ 700nm<br>\nKho&#7843;ng c&aacute;ch b&#432;&#7899;c s&oacute;ng: 10nm<br>\n&#272;&#7897; r&#7897;ng b&#259;ng b&aacute;n ph&#7847;n: 10nm<br>\n&#272;&#7897; l&#7863;p l&#7841;i: &Delta;E*ab &le; 0.04 (v&#7899;i t&#7845;m chu&#7849;n tr&#7855;ng &#273;o l&#7863;p 30 l&#7847;n sau hi&#7879;u chu&#7849;n)<br>\n&#272;&#7897; sai l&#7879;ch gi&#7919;a c&aacute;c m&aacute;y: &Delta;E*ab &le; 0.2 (v&#7899;i 12 &ocirc; m&agrave;u chu&#7849;n BCRA Series II)<\/p><p>Nh&#7919;ng th&ocirc;ng s&#7889; n&agrave;y ch&#7913;ng minh Pro-DS l&agrave; thi&#7871;t b&#7883; &#273;&aacute;ng tin c&#7853;y, &#273;&#7863;c bi&#7879;t trong c&aacute;c d&acirc;y chuy&#7873;n s&#7843;n xu&#7845;t y&ecirc;u c&#7847;u s&#7921; &#7893;n &#273;&#7883;nh v&agrave; th&#7889;ng nh&#7845;t m&agrave;u s&#7855;c.<br>\nKh&#7843; n&#259;ng ph&acirc;n t&iacute;ch &#273;a d&#7841;ng<br>\nM&aacute;y Pro-DS h&#7895; tr&#7907; nhi&#7873;u h&#7879; m&agrave;u v&agrave; c&ocirc;ng th&#7913;c sai kh&aacute;c m&agrave;u s&#7855;c ph&#7893; bi&#7871;n nh&#432;:<\/p><p>Kh&ocirc;ng gian m&agrave;u: CIE LAB, XYZ, Yxy, LCh, CIE LUV, sRGB, HunterLab, &beta;xy, DIN Lab99, Munsell (C\/2)&hellip;<br>\nC&ocirc;ng th&#7913;c t&iacute;nh sai kh&aacute;c m&agrave;u: &Delta;Eab, &Delta;Euv, &Delta;E94, &Delta;Ecmc(2:1), &Delta;Ecmc(1:1), &Delta;E00, DIN &Delta;E99, &Delta;E (Hunter)&hellip;<\/p><p>Ngo&agrave;i ra, m&aacute;y c&ograve;n c&oacute; th&#7875; t&iacute;nh to&aacute;n c&aacute;c ch&#7881; s&#7889; quan tr&#7885;ng trong &#273;&aacute;nh gi&aacute; m&agrave;u s&#7855;c v&agrave; &#273;&#7897; b&#7873;n m&agrave;u nh&#432;:<\/p><p>&#272;&#7897; tr&#7855;ng (WI) theo nhi&#7873;u ti&ecirc;u chu&#7849;n (ASTM, CIE, Hunter&hellip;)<br>\n&#272;&#7897; v&agrave;ng (YI)<br>\nCh&#7881; s&#7889; &#273;&#7893;i m&agrave;u do &aacute;nh s&aacute;ng (Metamerism Index Mt)<br>\n&#272;&#7897; b&#7873;n m&agrave;u, &#273;&#7897; che ph&#7911;, &#273;&#7897; &#273;&#7853;m m&agrave;u (Color Density CMYK)<br>\n&#272;&#7897; b&oacute;ng 8&deg; v&agrave; nhi&#7873;u ch&#7881; s&#7889; chuy&ecirc;n s&acirc;u kh&aacute;c<\/p><p>&#272;a d&#7841;ng ngu&#7891;n s&aacute;ng m&ocirc; ph&#7887;ng<br>\nThi&#7871;t b&#7883; t&iacute;ch h&#7907;p &#273;&#7871;n 41 lo&#7841;i ngu&#7891;n s&aacute;ng kh&aacute;c nhau, bao g&#7891;m: D65, A, C, D50, D55, D75, F1-F12, LED-B1 ~ LED-B5, LED-RGB1, LED-V1, LED-V2, LED-C2&hellip; Vi&#7879;c thay &#273;&#7893;i ngu&#7891;n s&aacute;ng m&ocirc; ph&#7887;ng gi&uacute;p &#273;&aacute;nh gi&aacute; hi&#7879;n t&#432;&#7907;ng &#273;&#7893;i m&agrave;u d&#432;&#7899;i c&aacute;c &#273;i&#7873;u ki&#7879;n &aacute;nh s&aacute;ng kh&aacute;c nhau (metamerism) &ndash; c&#7921;c k&#7923; quan tr&#7885;ng trong ng&agrave;nh d&#7879;t may, in &#7845;n v&agrave; s&#7843;n xu&#7845;t nh&#7921;a.<br>\nHi&#7875;n th&#7883; tr&#7921;c quan<\/p><p>M&agrave;n h&igrave;nh: LCD m&agrave;u TFT 3.5 inch c&#7843;m &#7913;ng &#273;i&#7879;n dung, cho ph&eacute;p hi&#7875;n th&#7883; ph&#7893; &#273;&#7891;, gi&aacute; tr&#7883; m&#7851;u, sai kh&aacute;c m&agrave;u, &#273;&#7891; th&#7883; so s&aacute;nh v&agrave; k&#7871;t qu&#7843; PASS\/FAIL.<br>\nTh&#7901;i gian &#273;o: ch&#7881; kho&#7843;ng 1.5 gi&acirc;y (SCI &amp; SCE: 3.2 gi&acirc;y), &#273;&aacute;p &#7913;ng nhanh ch&oacute;ng trong m&ocirc;i tr&#432;&#7901;ng s&#7843;n xu&#7845;t t&#7889;c &#273;&#7897; cao.<br>\nCh&#7871; &#273;&#7897; &#273;o: &#273;o &#273;&#417;n, &#273;o trung b&igrave;nh (2 ~ 99 l&#7847;n) &#273;&#7875; t&#259;ng &#273;&#7897; tin c&#7853;y.<\/p><p>Thi&#7871;t k&#7871; g&#7885;n nh&#7865;, di &#273;&#7897;ng<\/p><p>K&iacute;ch th&#432;&#7899;c: 129 &times; 76 &times; 217 mm<br>\nTr&#7885;ng l&#432;&#7907;ng: ~600g<br>\nNgu&#7891;n pin: Li-ion 3.7V, 5000mAh &ndash; ho&#7841;t &#273;&#7897;ng li&ecirc;n t&#7909;c kho&#7843;ng 6000 ph&eacute;p &#273;o trong 8 gi&#7901;<br>\nPh&#7909; ki&#7879;n: s&#7841;c, c&aacute;p USB, ph&#7847;n m&#7873;m PC, t&#7845;m hi&#7879;u chu&#7849;n tr&#7855;ng\/&#273;en, d&acirc;y &#273;eo tay, n&#7855;p b&#7843;o v&#7879;&hellip;<\/p><p>M&aacute;y c&oacute; th&#7875; d&#7877; d&agrave;ng mang theo hi&#7879;n tr&#432;&#7901;ng ho&#7863;c b&#7889; tr&iacute; trong ph&ograve;ng th&iacute; nghi&#7879;m m&agrave; kh&ocirc;ng chi&#7871;m nhi&#7873;u kh&ocirc;ng gian.<\/p><p>&#7912;ng D&#7909;ng Th&#7921;c Ti&#7877;n C&#7911;a M&aacute;y so Pro-DS<br>\nV&#7899;i kh&#7843; n&#259;ng ph&acirc;n t&iacute;ch m&agrave;u s&#7855;c to&agrave;n di&#7879;n, Model Pro-DS ph&ugrave; h&#7907;p trong nhi&#7873;u ng&agrave;nh c&ocirc;ng nghi&#7879;p:<\/p><p>Ng&agrave;nh nh&#7921;a &amp; &#273;i&#7879;n t&#7917;: ki&#7875;m so&aacute;t s&#7921; &#273;&#7891;ng nh&#7845;t m&agrave;u s&#7855;c c&#7911;a linh ki&#7879;n, v&#7887; m&aacute;y, s&#7843;n ph&#7849;m nh&#7921;a &eacute;p, &#273;&#7843;m b&#7843;o ch&#7845;t l&#432;&#7907;ng &#273;&#7891;ng b&#7897; khi l&#7855;p r&aacute;p.<br>\nS&#417;n &amp; m&#7921;c in: &#273;&aacute;nh gi&aacute; m&agrave;u s&#7855;c sau ph&#7889;i m&agrave;u, ki&#7875;m tra &#273;&#7897; l&#7879;ch chu&#7849;n gi&#7919;a c&aacute;c l&ocirc; s&#7843;n xu&#7845;t, h&#7895; tr&#7907; qu&aacute; tr&igrave;nh pha m&agrave;u ch&iacute;nh x&aacute;c.<br>\nD&#7879;t may &amp; nhu&#7897;m: ki&#7875;m tra s&#7921; &#273;&#7891;ng &#273;&#7873;u m&agrave;u tr&ecirc;n v&#7843;i, ph&aacute;t hi&#7879;n hi&#7879;n t&#432;&#7907;ng &#273;&#7893;i m&agrave;u d&#432;&#7899;i &aacute;nh s&aacute;ng kh&aacute;c nhau, &#273;&aacute;nh gi&aacute; &#273;&#7897; b&#7873;n m&agrave;u khi gi&#7863;t ho&#7863;c ph&#417;i s&aacute;ng.<br>\nIn &#7845;n &amp; bao b&igrave;: &#273;&#7843;m b&#7843;o m&agrave;u s&#7855;c &#273;&uacute;ng v&#7899;i thi&#7871;t k&#7871; ban &#273;&#7847;u, tr&aacute;nh sai l&#7879;ch trong qu&aacute; tr&igrave;nh in s&#7889; l&#432;&#7907;ng l&#7899;n.<br>\nG&#7889;m s&#7913; &amp; v&#7853;t li&#7879;u x&acirc;y d&#7921;ng: ki&#7875;m so&aacute;t m&agrave;u men, m&agrave;u g&#7841;ch, &#273;&#7843;m b&#7843;o t&iacute;nh th&#7849;m m&#7929; v&agrave; s&#7921; th&#7889;ng nh&#7845;t khi thi c&ocirc;ng.<br>\n&#272;&aacute;nh gi&aacute; m&#7851;u hu&#7923;nh quang: h&#7895; tr&#7907; ph&acirc;n t&iacute;ch c&aacute;c v&#7853;t li&#7879;u c&oacute; t&iacute;nh ph&aacute;t s&aacute;ng d&#432;&#7899;i tia UV &ndash; &#273;i&#7873;u &iacute;t thi&#7871;t b&#7883; c&#7847;m tay n&agrave;o l&agrave;m &#273;&#432;&#7907;c.<\/p><p>&#431;u &#272;i&#7875;m V&#432;&#7907;t Tr&#7897;i C&#7911;a Pro-DS<\/p><p>&#272;&#7897; ch&iacute;nh x&aacute;c cao, &#273;&#7841;t chu&#7849;n qu&#7889;c t&#7871;<br>\nNgu&#7891;n s&aacute;ng LED to&agrave;n ph&#7893; b&#7873;n b&#7881;, tu&#7893;i th&#7885; l&acirc;u d&agrave;i<br>\n&#272;o &#273;&#432;&#7907;c c&#7843; SCI &amp; SCE, ph&ugrave; h&#7907;p nhi&#7873;u &#7913;ng d&#7909;ng kh&aacute;c nhau<br>\nH&#7895; tr&#7907; h&#417;n 40 ngu&#7891;n s&aacute;ng m&ocirc; ph&#7887;ng<br>\nK&iacute;ch th&#432;&#7899;c nh&#7887; g&#7885;n, d&#7877; di chuy&#7875;n, pin dung l&#432;&#7907;ng l&#7899;n<br>\nT&iacute;ch h&#7907;p k&#7871;t n&#7889;i USB v&agrave; Bluetooth&reg; 5.0, thu&#7853;n ti&#7879;n cho vi&#7879;c truy&#7873;n d&#7919; li&#7879;u sang m&aacute;y t&iacute;nh ho&#7863;c thi&#7871;t b&#7883; di &#273;&#7897;ng<br>\nPh&#7847;n m&#7873;m ph&acirc;n t&iacute;ch m&#7841;nh m&#7869;, h&#7895; tr&#7907; nhi&#7873;u ch&#7881; s&#7889; m&agrave;u s&#7855;c chuy&ecirc;n s&acirc;u<\/p><p>Nh&#7919;ng L&yacute; Do N&ecirc;n Mua M&aacute;y So M&agrave;u T&#7841;i V&#7841;n N&#259;ng<\/p><p>C&ocirc;ng ty Thi&#7871;t B&#7883; C&ocirc;ng Ngh&#7879; V&#7841;n N&#259;ng l&agrave; &#273;&#7889;i t&aacute;c ch&iacute;nh th&#7913;c ph&acirc;n ph&#7889;i M&aacute;y So M&agrave;u h&agrave;ng &#273;&#7847;u t&#7841;i Vi&#7879;t Nam, cam k&#7871;t cung c&#7845;p s&#7843;n ph&#7849;m ch&iacute;nh h&atilde;ng v&#7899;i gi&aacute; c&#7843; c&#7841;nh tranh nh&#7845;t th&#7883; tr&#432;&#7901;ng. V&#7899;i uy t&iacute;n tr&ecirc;n th&#7883; tr&#432;&#7901;ng v&agrave; ch&#7871; &#273;&#7897; h&#7851;u m&atilde;i t&#7889;t, Thi&#7871;t B&#7883; C&ocirc;ng Ngh&#7879; V&#7841;n N&#259;ng &#273;&atilde; nh&#7853;n &#273;&#432;&#7907;c s&#7921; tin t&#432;&#7903;ng t&#7915; kh&aacute;ch h&agrave;ng nh&#7901; v&agrave;o ch&#7845;t l&#432;&#7907;ng h&agrave;ng &#273;&#7847;u c&#7911;a c&aacute;c d&ograve;ng s&#7843;n ph&#7849;m.<br>\nS&#7843;n ph&#7849;m c&#7911;a ch&uacute;ng t&ocirc;i &#273;&#432;&#7907;c ki&#7875;m &#273;&#7883;nh ch&#7845;t l&#432;&#7907;ng, nh&#7853;p kh&#7849;u tr&#7921;c ti&#7871;p t&#7915; nh&agrave; m&aacute;y b&ecirc;n Ch&acirc;u &Acirc;u, M&#7929;, &Uacute;c, Nh&#7853;t B&#7843;n,&hellip; v&agrave; &#273;&aacute;p &#7913;ng nhu c&#7847;u &#273;a d&#7841;ng c&#7911;a th&#7883; tr&#432;&#7901;ng nh&#432;: M&aacute;y &#272;o &#272;&#7897; C&#7913;ng, &#272;&#7847;u D&ograve; Nhi&#7879;t &#272;&#7897;, M&aacute;y Ki&#7875;m Tra &#272;&#432;&#7901;ng Gh&eacute;p M&iacute; Lon,&hellip; Ch&uacute;ng t&ocirc;i cam k&#7871;t cung c&#7845;p s&#7843;n ph&#7849;m n&agrave;y tr&ecirc;n to&agrave;n qu&#7889;c v&#7899;i gi&aacute; c&#7843; c&#7841;nh tranh nh&#7845;t.<br>\nCh&uacute;ng t&ocirc;i c&oacute; &#273;&#7897;i ng&#361; chuy&ecirc;n vi&ecirc;n t&#432; v&#7845;n chuy&ecirc;n s&acirc;u s&#7869; h&#7895; tr&#7907; kh&aacute;ch h&agrave;ng v&#7873; chi ti&#7871;t s&#7843;n ph&#7849;m, h&#432;&#7899;ng d&#7851;n s&#7917; d&#7909;ng hay nh&#7919;ng th&#7913; li&ecirc;n quan &#273;&#7871;n v&#7845;n &#273;&#7873; m&agrave; doanh nghi&#7879;p b&#7841;n &#273;ang g&#7863;p ph&#7843;i. Ch&uacute;ng t&ocirc;i s&#7869; cung c&#7845;p nh&#7919;ng gi&#7843;i ph&aacute;p t&#7889;i &#432;u nh&#7845;t!<br>\nNgo&agrave;i ra Thi&#7871;t B&#7883; C&ocirc;ng Ngh&#7879; V&#7841;n N&#259;ng Ch&uacute;ng T&ocirc;i lu&ocirc;n h&#432;&#7899;ng &#273;&#7871;n tr&#7843;i nghi&#7879;m kh&aacute;ch h&agrave;ng, v&igrave; v&#7853;y ch&uacute;ng t&ocirc;i c&oacute; nh&#7919;ng ch&iacute;nh s&aacute;ch b&#7843;o h&agrave;nh, b&#7843;o tr&igrave; &ndash; b&#7843;o d&#432;&#7905;ng, hi&#7879;u chu&#7849;n v&#7899;i t&#7845;t c&#7843; c&aacute;c thi&#7871;t b&#7883;, m&aacute;y m&oacute;c m&agrave; ch&uacute;ng t&ocirc;i cung c&#7845;p. &#272;&#7843;m b&#7843;o mang &#273;&#7871;n cho Kh&aacute;ch h&agrave;ng s&#7921; y&ecirc;n t&acirc;m tuy&#7879;t &#273;&#7889;i v&#7873; d&#7883;ch v&#7909; khi mua h&agrave;ng.<\/p><p>T&#7893;ng K&#7871;t<br>\nM&aacute;y So M&agrave;u Shenzhen Threenh Pro-DS l&agrave; m&#7897;t gi&#7843;i ph&aacute;p chuy&ecirc;n nghi&#7879;p, k&#7871;t h&#7907;p gi&#7919;a &#273;&#7897; ch&iacute;nh x&aacute;c cao, thi&#7871;t k&#7871; di &#273;&#7897;ng v&agrave; t&iacute;nh n&#259;ng &#273;a d&#7841;ng, ph&ugrave; h&#7907;p v&#7899;i nhu c&#7847;u ki&#7875;m so&aacute;t ch&#7845;t l&#432;&#7907;ng m&agrave;u s&#7855;c trong nhi&#7873;u ng&agrave;nh c&ocirc;ng nghi&#7879;p. H&atilde;y li&ecirc;n h&#7879; ngay v&#7899;i V&#7841;n N&#259;ng &#273;&#7875; &#273;&#432;&#7907;c t&#432; v&#7845;n chi ti&#7871;t v&agrave; nh&#7853;n ngay nh&#7919;ng &#432;u &#273;&atilde;i h&#7845;p d&#7851;n th&ocirc;ng qua hotline\/zalo: <a href=\"https:\/\/zalo.me\/0903991335\" target=\"_blank\" rel=\"noopener\" style=\"color: #059669; font-weight: bold; text-decoration: none;\">0903 991 335<\/a> !<\/p><div style=\"background-color: #f8fafc; border: 1px solid #e2e8f0; border-radius: 8px; padding: 25px; max-width: 800px; margin: 30px auto; color: #334155; line-height: 1.8; font-size: 17px; box-shadow: 0 4px 6px -1px rgba(0,0,0,0.05); text-align: left; clear: both;\">\nC&ocirc;ng ty TNHH Th&#432;&#417;ng M&#7841;i D&#7883;ch V&#7909; Thi&#7871;t B&#7883; C&ocirc;ng Ngh&#7879; V&#7841;n N&#259;ng\n<p style=\"margin: 0 0 10px 0;\">&#128205; <strong style=\"color: #1e293b;\">&#272;&#7883;a ch&#7881;:<\/strong> <a style=\"color: #059669; text-decoration: none; font-weight: bold;\" href=\"https:\/\/www.google.com\/maps\/search\/C%C3%B4ng+ty+TNHH+Th%C6%B0%C6%A1ng+M%E1%BA%A1i+D%E1%BB%8Bch+V%E1%BB%A5+Thi%E1%BA%BFt+B%E1%BB%8B+C%C3%B4ng+Ngh%E1%BB%87+V%E1%BA%A1n+N%C4%83ng+818+Tr%C6%B0%E1%BB%9Dng+Chinh\" target=\"_blank\" rel=\"noopener\">818 Tr&#432;&#7901;ng Chinh, Ph&#432;&#7901;ng T&acirc;n S&#417;n, Th&agrave;nh ph&#7889; H&#7891; Ch&iacute; Minh, Vi&#7879;t Nam<\/a><\/p>\n<p style=\"margin: 0 0 10px 0;\">&#128222; <strong style=\"color: #1e293b;\">S&#272;T &ndash; Zalo:<\/strong> <a style=\"color: #059669; text-decoration: none; font-weight: bold;\" href=\"https:\/\/zalo.me\/0903991335\" target=\"_blank\" rel=\"noopener\">0903 991 335<\/a> <span style=\"color: #64748b; font-style: italic;\">(Ms. H&#7841;nh &ndash; Gi&aacute;m &#272;&#7889;c Kinh Doanh)<\/span><\/p>\n<p style=\"margin: 0;\">&#9993;&#65039; <strong style=\"color: #1e293b;\">Email:<\/strong> <a style=\"color: #059669; text-decoration: none; font-weight: bold;\" href=\"mailto:hienhanh@vannangvn.com\">hienhanh@vannangvn.com<\/a><\/p>\n<\/div><\/h1>","protected":false},"excerpt":{"rendered":"<p><strong>Th&#432;&#417;ng hi&#7879;u:<\/strong> Shenzhen Threenh<br>\n<strong>Model:<\/strong> Pro-DS<p>Product <strong>M&Aacute;Y SO M&Agrave;U SHENZHEN THREENH MODEL PRO-DS<\/strong> ch&iacute;nh h&atilde;ng. Shenzhen Threenh (China)<br>\nPro-DS l&agrave; m&#7897;t trong nh&#7919;ng thi&#7871;t b&#7883; &#273;o m&agrave;u ti&ecirc;n ti&#7871;n &#273;&#432;&#7907;c thi&#7871;t k&#7871; nh&#7857;m &#273;&aacute;p &#7913;ng nhu c&#7847;u ki&#7875;m so&aacute;t ch&#7845;t l&#432;&#7907;ng m&agrave;u s&#7855;c trong nhi&#7873;u l&#297;nh v&#7921;c c&ocirc;ng nghi&#7879;p hi&#7879;n &#273;&#7841;i. V&#7899;i c&#7845;u tr&uacute;c quang h&#7885;c chu&#7849;n qu&#7889;c t&#7871;, kh&#7843; n&#259;ng &#273;o l&#432;&#7901;ng ch&iacute;nh x&aacute;c v&agrave; &#273;a d&#7841;ng ch&#7871; &#273;&#7897; ph&acirc;n t&iacute;ch, thi&#7871;t b&#7883; mang &#273;&#7871;n gi&#7843;i ph&aacute;p t&#7889;i &#432;u cho vi&#7879;c ki&#7875;m tra, so s&aacute;nh v&agrave; qu&#7843;n l&yacute; m&agrave;u s&#7855;c trong s&#7843;n xu&#7845;t.<\/p><\/p>","protected":false},"featured_media":0,"comment_status":"open","ping_status":"closed","template":"","meta":[],"product_brand":[],"product_cat":[18],"product_tag":[109,116,129,130,2984,2985,2986],"class_list":{"0":"post-7622","1":"product","2":"type-product","3":"status-publish","5":"product_cat-chua-phan-loai","6":"product_tag-may","7":"product_tag-model","8":"product_tag-so","9":"product_tag-mau","10":"product_tag-shenzhen","11":"product_tag-threenh","12":"product_tag-pro-ds","14":"first","15":"instock","16":"shipping-taxable","17":"product-type-simple"},"yoast_head":"<!-- This site is optimized with the Yoast SEO Premium plugin v24.8 (Yoast SEO v24.8) - https:\/\/yoast.com\/wordpress\/plugins\/seo\/ -->\n<title>M\u00c1Y SO M\u00c0U SHENZHEN THREENH MODEL P... ch\u00ednh h\u00e3ng | V\u1ea1n N\u0103ng<\/title>\n<meta name=\"description\" content=\"Mua ngay M\u00c1Y SO M\u00c0U SHENZHEN THREENH MODEL PRO-DS ch\u00ednh h\u00e3ng. Pro-DS l\u00e0 m\u1ed9t trong nh\u1eefng thi\u1ebft b\u1ecb \u0111o m\u00e0u ti\u00ean ti\u1ebfn \u0111\u01b0\u1ee3c thi\u1ebft k\u1ebf nh... Gi\u00e1 t\u1ed1t!\" \/>\n<meta name=\"robots\" content=\"noindex, follow, max-snippet:-1, max-image-preview:large, max-video-preview:-1\" \/>\n<meta property=\"og:locale\" content=\"en_US\" \/>\n<meta property=\"og:type\" content=\"article\" \/>\n<meta property=\"og:title\" content=\"M\u00c1Y SO M\u00c0U SHENZHEN THREENH MODEL PRO-DS\" \/>\n<meta property=\"og:description\" content=\"Mua ngay M\u00c1Y SO M\u00c0U SHENZHEN THREENH MODEL PRO-DS ch\u00ednh h\u00e3ng. Pro-DS l\u00e0 m\u1ed9t trong nh\u1eefng thi\u1ebft b\u1ecb \u0111o m\u00e0u ti\u00ean ti\u1ebfn \u0111\u01b0\u1ee3c thi\u1ebft k\u1ebf nh... Gi\u00e1 t\u1ed1t!\" \/>\n<meta property=\"og:url\" content=\"https:\/\/vannangvn.123websitedev.com\/en\/product\/may-so-mau-shenzhen-threenh-model-pro-ds\/\" \/>\n<meta property=\"og:site_name\" content=\"Vannang.vn\" \/>\n<meta property=\"article:modified_time\" content=\"2026-03-30T11:47:47+00:00\" \/>\n<meta name=\"twitter:card\" content=\"summary_large_image\" \/>\n<meta name=\"twitter:label1\" content=\"Est. reading time\" \/>\n\t<meta name=\"twitter:data1\" content=\"10 minutes\" \/>\n<script type=\"application\/ld+json\" class=\"yoast-schema-graph\">{\"@context\":\"https:\/\/schema.org\",\"@graph\":[{\"@type\":\"WebPage\",\"@id\":\"https:\/\/vannangvn.123websitedev.com\/san-pham\/may-so-mau-shenzhen-threenh-model-pro-ds\/\",\"url\":\"https:\/\/vannangvn.123websitedev.com\/san-pham\/may-so-mau-shenzhen-threenh-model-pro-ds\/\",\"name\":\"M\u00c1Y SO M\u00c0U SHENZHEN THREENH MODEL P... ch\u00ednh h\u00e3ng | V\u1ea1n N\u0103ng\",\"isPartOf\":{\"@id\":\"https:\/\/vannangvn.123websitedev.com\/#website\"},\"datePublished\":\"2026-03-20T12:04:58+00:00\",\"dateModified\":\"2026-03-30T11:47:47+00:00\",\"description\":\"Mua ngay M\u00c1Y SO M\u00c0U SHENZHEN THREENH MODEL PRO-DS ch\u00ednh h\u00e3ng. Pro-DS l\u00e0 m\u1ed9t trong nh\u1eefng thi\u1ebft b\u1ecb \u0111o m\u00e0u ti\u00ean ti\u1ebfn \u0111\u01b0\u1ee3c thi\u1ebft k\u1ebf nh... Gi\u00e1 t\u1ed1t!\",\"breadcrumb\":{\"@id\":\"https:\/\/vannangvn.123websitedev.com\/san-pham\/may-so-mau-shenzhen-threenh-model-pro-ds\/#breadcrumb\"},\"inLanguage\":\"en-US\",\"potentialAction\":[{\"@type\":\"ReadAction\",\"target\":[\"https:\/\/vannangvn.123websitedev.com\/san-pham\/may-so-mau-shenzhen-threenh-model-pro-ds\/\"]}]},{\"@type\":\"BreadcrumbList\",\"@id\":\"https:\/\/vannangvn.123websitedev.com\/san-pham\/may-so-mau-shenzhen-threenh-model-pro-ds\/#breadcrumb\",\"itemListElement\":[{\"@type\":\"ListItem\",\"position\":1,\"name\":\"Trang ch\u1ee7\",\"item\":\"https:\/\/vannangvn.123websitedev.com\/\"},{\"@type\":\"ListItem\",\"position\":2,\"name\":\"S\u1ea3n ph\u1ea9m\",\"item\":\"https:\/\/vannangvn.123websitedev.com\/cua-hang\/\"},{\"@type\":\"ListItem\",\"position\":3,\"name\":\"M\u00c1Y SO M\u00c0U SHENZHEN THREENH MODEL PRO-DS\"}]},{\"@type\":\"WebSite\",\"@id\":\"https:\/\/vannangvn.123websitedev.com\/#website\",\"url\":\"https:\/\/vannangvn.123websitedev.com\/\",\"name\":\"Vannang.vn\",\"description\":\"\",\"publisher\":{\"@id\":\"https:\/\/vannangvn.123websitedev.com\/#organization\"},\"potentialAction\":[{\"@type\":\"SearchAction\",\"target\":{\"@type\":\"EntryPoint\",\"urlTemplate\":\"https:\/\/vannangvn.123websitedev.com\/?s={search_term_string}\"},\"query-input\":{\"@type\":\"PropertyValueSpecification\",\"valueRequired\":true,\"valueName\":\"search_term_string\"}}],\"inLanguage\":\"en-US\"},{\"@type\":\"Organization\",\"@id\":\"https:\/\/vannangvn.123websitedev.com\/#organization\",\"name\":\"Vannang.vn\",\"url\":\"https:\/\/vannangvn.123websitedev.com\/\",\"logo\":{\"@type\":\"ImageObject\",\"inLanguage\":\"en-US\",\"@id\":\"https:\/\/vannangvn.123websitedev.com\/#\/schema\/logo\/image\/\",\"url\":\"https:\/\/vannangvn.123websitedev.com\/wp-content\/uploads\/2026\/02\/logo-van-nang-02.png\",\"contentUrl\":\"https:\/\/vannangvn.123websitedev.com\/wp-content\/uploads\/2026\/02\/logo-van-nang-02.png\",\"width\":448,\"height\":111,\"caption\":\"Vannang.vn\"},\"image\":{\"@id\":\"https:\/\/vannangvn.123websitedev.com\/#\/schema\/logo\/image\/\"}}]}<\/script>\n<!-- \/ Yoast SEO Premium plugin. -->","yoast_head_json":{"title":"M\u00c1Y SO M\u00c0U SHENZHEN THREENH MODEL P... ch\u00ednh h\u00e3ng | V\u1ea1n N\u0103ng","description":"Mua ngay M\u00c1Y SO M\u00c0U SHENZHEN THREENH MODEL PRO-DS ch\u00ednh h\u00e3ng. Pro-DS l\u00e0 m\u1ed9t trong nh\u1eefng thi\u1ebft b\u1ecb \u0111o m\u00e0u ti\u00ean ti\u1ebfn \u0111\u01b0\u1ee3c thi\u1ebft k\u1ebf nh... Gi\u00e1 t\u1ed1t!","robots":{"index":"noindex","follow":"follow","max-snippet":"max-snippet:-1","max-image-preview":"max-image-preview:large","max-video-preview":"max-video-preview:-1"},"og_locale":"en_US","og_type":"article","og_title":"M\u00c1Y SO M\u00c0U SHENZHEN THREENH MODEL PRO-DS","og_description":"Mua ngay M\u00c1Y SO M\u00c0U SHENZHEN THREENH MODEL PRO-DS ch\u00ednh h\u00e3ng. Pro-DS l\u00e0 m\u1ed9t trong nh\u1eefng thi\u1ebft b\u1ecb \u0111o m\u00e0u ti\u00ean ti\u1ebfn \u0111\u01b0\u1ee3c thi\u1ebft k\u1ebf nh... Gi\u00e1 t\u1ed1t!","og_url":"https:\/\/vannangvn.123websitedev.com\/en\/product\/may-so-mau-shenzhen-threenh-model-pro-ds\/","og_site_name":"Vannang.vn","article_modified_time":"2026-03-30T11:47:47+00:00","twitter_card":"summary_large_image","twitter_misc":{"Est. reading time":"10 minutes"},"schema":{"@context":"https:\/\/schema.org","@graph":[{"@type":"WebPage","@id":"https:\/\/vannangvn.123websitedev.com\/san-pham\/may-so-mau-shenzhen-threenh-model-pro-ds\/","url":"https:\/\/vannangvn.123websitedev.com\/san-pham\/may-so-mau-shenzhen-threenh-model-pro-ds\/","name":"M\u00c1Y SO M\u00c0U SHENZHEN THREENH MODEL P... ch\u00ednh h\u00e3ng | V\u1ea1n N\u0103ng","isPartOf":{"@id":"https:\/\/vannangvn.123websitedev.com\/#website"},"datePublished":"2026-03-20T12:04:58+00:00","dateModified":"2026-03-30T11:47:47+00:00","description":"Mua ngay M\u00c1Y SO M\u00c0U SHENZHEN THREENH MODEL PRO-DS ch\u00ednh h\u00e3ng. Pro-DS l\u00e0 m\u1ed9t trong nh\u1eefng thi\u1ebft b\u1ecb \u0111o m\u00e0u ti\u00ean ti\u1ebfn \u0111\u01b0\u1ee3c thi\u1ebft k\u1ebf nh... Gi\u00e1 t\u1ed1t!","breadcrumb":{"@id":"https:\/\/vannangvn.123websitedev.com\/san-pham\/may-so-mau-shenzhen-threenh-model-pro-ds\/#breadcrumb"},"inLanguage":"en-US","potentialAction":[{"@type":"ReadAction","target":["https:\/\/vannangvn.123websitedev.com\/san-pham\/may-so-mau-shenzhen-threenh-model-pro-ds\/"]}]},{"@type":"BreadcrumbList","@id":"https:\/\/vannangvn.123websitedev.com\/san-pham\/may-so-mau-shenzhen-threenh-model-pro-ds\/#breadcrumb","itemListElement":[{"@type":"ListItem","position":1,"name":"Trang ch\u1ee7","item":"https:\/\/vannangvn.123websitedev.com\/"},{"@type":"ListItem","position":2,"name":"S\u1ea3n ph\u1ea9m","item":"https:\/\/vannangvn.123websitedev.com\/cua-hang\/"},{"@type":"ListItem","position":3,"name":"M\u00c1Y SO M\u00c0U SHENZHEN THREENH MODEL PRO-DS"}]},{"@type":"WebSite","@id":"https:\/\/vannangvn.123websitedev.com\/#website","url":"https:\/\/vannangvn.123websitedev.com\/","name":"Vannang.vn","description":"","publisher":{"@id":"https:\/\/vannangvn.123websitedev.com\/#organization"},"potentialAction":[{"@type":"SearchAction","target":{"@type":"EntryPoint","urlTemplate":"https:\/\/vannangvn.123websitedev.com\/?s={search_term_string}"},"query-input":{"@type":"PropertyValueSpecification","valueRequired":true,"valueName":"search_term_string"}}],"inLanguage":"en-US"},{"@type":"Organization","@id":"https:\/\/vannangvn.123websitedev.com\/#organization","name":"Vannang.vn","url":"https:\/\/vannangvn.123websitedev.com\/","logo":{"@type":"ImageObject","inLanguage":"en-US","@id":"https:\/\/vannangvn.123websitedev.com\/#\/schema\/logo\/image\/","url":"https:\/\/vannangvn.123websitedev.com\/wp-content\/uploads\/2026\/02\/logo-van-nang-02.png","contentUrl":"https:\/\/vannangvn.123websitedev.com\/wp-content\/uploads\/2026\/02\/logo-van-nang-02.png","width":448,"height":111,"caption":"Vannang.vn"},"image":{"@id":"https:\/\/vannangvn.123websitedev.com\/#\/schema\/logo\/image\/"}}]}},"_links":{"self":[{"href":"https:\/\/vannangvn.123websitedev.com\/en\/wp-json\/wp\/v2\/product\/7622","targetHints":{"allow":["GET"]}}],"collection":[{"href":"https:\/\/vannangvn.123websitedev.com\/en\/wp-json\/wp\/v2\/product"}],"about":[{"href":"https:\/\/vannangvn.123websitedev.com\/en\/wp-json\/wp\/v2\/types\/product"}],"replies":[{"embeddable":true,"href":"https:\/\/vannangvn.123websitedev.com\/en\/wp-json\/wp\/v2\/comments?post=7622"}],"wp:attachment":[{"href":"https:\/\/vannangvn.123websitedev.com\/en\/wp-json\/wp\/v2\/media?parent=7622"}],"wp:term":[{"taxonomy":"product_brand","embeddable":true,"href":"https:\/\/vannangvn.123websitedev.com\/en\/wp-json\/wp\/v2\/product_brand?post=7622"},{"taxonomy":"product_cat","embeddable":true,"href":"https:\/\/vannangvn.123websitedev.com\/en\/wp-json\/wp\/v2\/product_cat?post=7622"},{"taxonomy":"product_tag","embeddable":true,"href":"https:\/\/vannangvn.123websitedev.com\/en\/wp-json\/wp\/v2\/product_tag?post=7622"}],"curies":[{"name":"wp","href":"https:\/\/api.w.org\/{rel}","templated":true}]}}