{"id":7631,"date":"2026-03-20T19:05:13","date_gmt":"2026-03-20T12:05:13","guid":{"rendered":"https:\/\/vannangvn.123websitedev.com\/san-pham\/may-so-sanh-mau-quang-pho-cam-tay-x-rite-model-ci64-uv\/"},"modified":"2026-03-30T18:48:01","modified_gmt":"2026-03-30T11:48:01","slug":"may-so-sanh-mau-quang-pho-cam-tay-x-rite-model-ci64-uv","status":"publish","type":"product","link":"https:\/\/vannangvn.123websitedev.com\/en\/product\/may-so-sanh-mau-quang-pho-cam-tay-x-rite-model-ci64-uv\/","title":{"rendered":"M\u00c1Y SO S\u00c1NH M\u00c0U QUANG PH\u1ed4 C\u1ea6M TAY X-RITE MODEL CI64-UV"},"content":{"rendered":"<h1 style=\"color: red; font-weight: bold; font-size: 24px;\">T&#7893;ng quan s&#7843;n ph&#7849;m M&Aacute;Y SO S&Aacute;NH M&Agrave;U QUANG PH&#7892; C&#7846;M TAY X-RITE MODEL CI64-UV<p>M&aacute;y So S&aacute;nh M&agrave;u Quang Ph&#7893; C&#7847;m Tay X-Rite Model Ci64 UV<br>\n&#272;&#7875; c&oacute; ph&eacute;p &#273;o ch&iacute;nh x&aacute;c v&agrave; ch&iacute;nh x&aacute;c nh&#7845;t (Ci64-UV Handheld Spectrophotometer)<\/p><p>Gi&#7843;i ph&aacute;p ki&#7875;m so&aacute;t ch&#7845;t l&#432;&#7907;ng cao c&#7845;p l&yacute; t&#432;&#7903;ng &#273;&#7875; s&#7917; d&#7909;ng trong ph&ograve;ng th&iacute; nghi&#7879;m, hi&#7879;n tr&#432;&#7901;ng v&agrave; nh&agrave; m&aacute;y s&#7843;n xu&#7845;t<br>\nC&oacute; s&#7861;n v&#7899;i c&aacute;c kh&#7849;u &#273;&#7897; c&oacute; th&#7875; chuy&#7875;n &#273;&#7893;i &#273;&#7875; &#273;o nhi&#7873;u m&#7851;u kh&aacute;c nhau<br>\n&#272;&aacute;nh gi&aacute; c&aacute;c ch&#7845;t l&agrave;m s&aacute;ng quang h&#7885;c v&#7899;i m&ocirc; h&igrave;nh UV<\/p><p>&#272;&#7863;c Tr&#432;ng C&#7911;a M&aacute;y So S&aacute;nh M&agrave;u Quang Ph&#7893; C&#7847;m Tay X-rite Ci64 UV<br>\nM&aacute;y quang ph&#7893; h&igrave;nh c&#7847;u c&#7847;m tay ch&iacute;nh x&aacute;c v&agrave; ch&iacute;nh x&aacute;c nh&#7845;t c&#7911;a X-Rite, Ci64-UV c&oacute; s&#7861;n trong nhi&#7873;u c&#7845;u h&igrave;nh v&#7899;i SPIN \/ SPEX &#273;&#7891;ng th&#7901;i, &#273;&#7897; b&oacute;ng t&#432;&#417;ng quan v&agrave; t&ugrave;y ch&#7885;n UV &#273;&#7875; &#273;o ch&iacute;nh x&aacute;c c&aacute;c b&#7873; m&#7863;t kh&ocirc;ng &#273;&#7891;ng &#273;&#7873;u tr&ecirc;n nhi&#7873;u lo&#7841;i s&#7843;n ph&#7849;m v&agrave; lo&#7841;i bao b&igrave;.<\/p><p>Inter-Instrument Agreement<br>\nWhite Ceramic Short Term Repeatability<br>\nMeasurement Spot<\/p><p>T&#7921; Tin &#272;o C&aacute;c T&aacute;c Nh&acirc;n L&agrave;m S&aacute;ng Quang H&#7885;c<br>\nV&#7899;i Ci64-UV, ng&#432;&#7901;i d&ugrave;ng c&oacute; th&#7875; linh ho&#7841;t v&#7873; k&iacute;ch th&#432;&#7899;c kh&#7849;u &#273;&#7897; v&agrave; t&ugrave;y ch&#7885;n th&ecirc;m &#273;&egrave;n LED UV &#273;&#7875; &#273;o m&agrave;u ch&iacute;nh x&aacute;c c&#7911;a nh&#7921;a, h&agrave;ng d&#7879;t v&agrave; gi&#7845;y c&oacute; ch&#7913;a ch&#7845;t l&agrave;m s&aacute;ng quang h&#7885;c.<\/p><p>Mang L&#7841;i S&#7921; Nh&#7845;t Qu&aacute;n Cho C&aacute;c Quy Tr&igrave;nh &#272;o L&#432;&#7901;ng<br>\nV&#7899;i giao di&#7879;n Graphical Jobs &trade; v&agrave; c&aacute;c menu c&oacute; th&#7875; c&#7845;u h&igrave;nh, ng&#432;&#7901;i d&ugrave;ng Ci64-UV c&oacute; th&#7875; hi&#7875;u c&aacute;c quy tr&igrave;nh &#273;o v&agrave; xem d&#7919; li&#7879;u tr&#7921;c ti&#7871;p t&#7915; thi&#7871;t b&#7883;. N&oacute; &#273;&#7843;m b&#7843;o thu th&#7853;p d&#7919; li&#7879;u &#273;&aacute;ng tin c&#7853;y v&agrave; ki&#7875;m so&aacute;t qu&aacute; tr&igrave;nh th&#7889;ng k&ecirc; &#273;&#7875; c&oacute; t&iacute;nh nh&#7845;t qu&aacute;n gi&#7919;a c&aacute;c ca l&agrave;m vi&#7879;c, d&acirc;y chuy&#7873;n s&#7843;n xu&#7845;t v&agrave; c&#417; s&#7903; s&#7843;n xu&#7845;t.<\/p><p>SPIN \/ SPEX &#273;&#7891;ng th&#7901;i &#273;&#7875; &#273;&aacute;nh gi&aacute; &#273;&#7897; b&oacute;ng<br>\nNgay l&#7853;p t&#7913;c x&aacute;c &#273;&#7883;nh s&#7921; kh&aacute;c bi&#7879;t v&#7873; m&agrave;u s&#7855;c v&agrave; &#273;&#7897; b&oacute;ng &#273;&#7875; &#273;&#7843;m b&#7843;o &#273;&#7885;c m&agrave;u ch&iacute;nh x&aacute;c ho&#7863;c ki&#7875;m tra b&#7857;ng m&#7855;t<\/p><p>Kh&#7849;u &#273;&#7897; v&#7915;a v&agrave; nh&#7887; c&oacute; th&#7875; chuy&#7875;n &#273;&#7893;i &#273;i&#7875;m k&eacute;p (4 v&agrave; 8, ho&#7863;c 14mm *)<br>\nCung c&#7845;p t&iacute;nh linh ho&#7841;t cao h&#417;n &#273;&#7875; &#273;o nhi&#7873;u lo&#7841;i k&iacute;ch th&#432;&#7899;c m&#7851;u h&#417;n<\/p><p>Ph&#7847;n m&#7873;m t&#432;&#417;ng th&iacute;ch<br>\nT&iacute;ch h&#7907;p v&#7899;i ph&#7847;n m&#7873;m ki&#7875;m so&aacute;t ch&#7845;t l&#432;&#7907;ng v&agrave; c&ocirc;ng th&#7913;c c&#7911;a X-Rite &#273;&#7875; t&#7841;o ra gi&#7843;i ph&aacute;p m&agrave;u ho&agrave;n thi&#7879;n<\/p><p>K&iacute;ch Th&#432;&#7899;c Th&#7921;c T&#7871;<\/p><p>&#7912;ng D&#7909;ng C&#7911;a M&aacute;y So S&aacute;nh M&agrave;u Quang Ph&#7893; C&#7847;m Tay X-rite Ci64 UV<br>\nT&#7915; b&#7873; m&#7863;t s&#417;n cho &#273;&#7871;n c&aacute;c b&#7897; ph&#7853;n nh&#7921;a &#273;&uacute;c, bao b&igrave; v&agrave; h&agrave;ng d&#7879;t may, m&aacute;y quang ph&#7893; h&igrave;nh c&#7847;u c&#7847;m tay d&ograve;ng Ci64-UV cung c&#7845;p hi&#7879;u su&#7845;t &#273;o l&#432;&#7901;ng v&#432;&#7907;t tr&#7897;i &#273;&#7875; &#273;&#7843;m b&#7843;o ch&#7845;t l&#432;&#7907;ng m&agrave;u trong qu&aacute; tr&igrave;nh ti&#7871;p nh&#7853;n, v&#7853;n h&agrave;nh t&#7841;i hi&#7879;n tr&#432;&#7901;ng v&agrave; xung quanh nh&agrave; m&aacute;y s&#7843;n xu&#7845;t. &#272;&acirc;y l&agrave; gi&#7843;i ph&aacute;p cu&#7889;i c&ugrave;ng &#273;&#7875; &#273;o &#273;&#7897; b&oacute;ng, &#273;&#7897; m&#7901; v&agrave; &#273;&#7897; b&#7873;n m&agrave;u v&agrave; so s&aacute;nh s&#7921; kh&aacute;c bi&#7879;t v&#7873; m&agrave;u s&#7855;c tr&ecirc;n c&aacute;c v&#7853;t li&#7879;u ph&#7913;c t&#7841;p trong nhi&#7873;u ng&agrave;nh v&agrave; &#7913;ng d&#7909;ng, bao g&#7891;m:<\/p><p>S&#417;n ph&#7911; th&#432;&#417;ng m&#7841;i v&agrave; s&#417;n b&aacute;n l&#7867;: &#272;&aacute;p &#7913;ng c&aacute;c quy &#273;&#7883;nh v&agrave; m&atilde; m&agrave;u c&#7909; th&#7875; v&agrave; cung c&#7845;p t&iacute;nh nh&#7845;t qu&aacute;n cho s&#7921; ph&ugrave; h&#7907;p v&#7873; m&agrave;u s&#7855;c theo t&#7915;ng &#273;&#7907;t.<br>\nCh&#7845;t d&#7867;o: X&aacute;c &#273;&#7883;nh s&#7921; kh&ocirc;ng nh&#7845;t qu&aacute;n t&#7915; nguy&ecirc;n li&#7879;u th&ocirc; th&ocirc;ng qua th&agrave;nh ph&#7849;m v&agrave; theo d&otilde;i t&aacute;c &#273;&#7897;ng m&agrave;u s&#7855;c c&#7911;a c&aacute;c bi&#7871;n quy tr&igrave;nh tr&#432;&#7899;c khi xu&#7845;t x&#432;&#7903;ng.<br>\n&Ocirc; t&ocirc;: &#272;o l&#432;&#7901;ng &#273;&#7891;ng th&#7901;i SCI \/ SCE c&#7911;a th&agrave;nh ph&#7847;n c&#7909; th&#7875; v&agrave; &#273;&#7841;t &#273;&#432;&#7907;c c&aacute;c ch&#7881; s&#7889; nh&#7845;t qu&aacute;n cho n&#7897;i th&#7845;t OEM, ph&#7909; t&ugrave;ng h&#7853;u m&atilde;i, linh ki&#7879;n nh&agrave; cung c&#7845;p c&#7845;p hai v&agrave; c&#7845;p ba, v.v.<br>\nV&#7853;t li&#7879;u d&#7879;t: &#272;o m&agrave;u s&#7855;c v&agrave; k&#7871;t c&#7845;u, qu&#7843;n l&yacute; ph&acirc;n lo&#7841;i b&oacute;ng r&acirc;m, ki&#7875;m so&aacute;t v&agrave; ch&#7845;t l&agrave;m s&aacute;ng quang h&#7885;c (OBA) b&#7857;ng c&aacute;ch s&#7917; d&#7909;ng h&#7879; th&#7889;ng chi&#7871;u s&aacute;ng t&#259;ng c&#432;&#7901;ng UV &#273;&atilde; hi&#7879;u ch&#7881;nh s&#7861;n c&oacute; c&#7911;a Ci64-UV.<br>\nBao b&igrave;: &#272;o m&agrave;u s&#7855;c v&agrave; &#273;&#7897; ph&#7843;n chi&#7871;u tr&ecirc;n n&#7873;n kim lo&#7841;i v&agrave; m&#7921;c &#273;&#7875; &#273;&#7843;m b&#7843;o m&agrave;u s&#7855;c ph&ugrave; h&#7907;p tr&ecirc;n t&#7845;t c&#7843; c&aacute;c bao b&igrave; v&agrave; &#273;&#7843;m b&#7843;o t&iacute;nh to&agrave;n v&#7865;n c&#7911;a th&#432;&#417;ng hi&#7879;u.<br>\nN&#7897;i th&#7845;t gia &#273;&igrave;nh: &#272;o m&agrave;u tr&ecirc;n c&aacute;c v&#7853;t li&#7879;u b&oacute;ng v&agrave; c&oacute; k&#7871;t c&#7845;u nh&#432; g&#7895;, s&#417;n, nh&#7921;a, kim lo&#7841;i, v&#7843;i, v.v. &#273;&#7875; cung c&#7845;p ph&eacute;p &#273;o chu&#7849;n cho t&#7915;ng b&#432;&#7899;c s&#7843;n xu&#7845;t v&agrave; l&#7855;p r&aacute;p.<\/p><p>Nh&#7919;ng L&yacute; Do N&ecirc;n Mua M&aacute;y So M&agrave;u Quang Ph&#7893; C&#7847;m Tay T&#7841;i Thi&#7871;t B&#7883; C&ocirc;ng Ngh&#7879; V&#7841;n N&#259;ng<\/p><p>C&ocirc;ng ty Thi&#7871;t B&#7883; C&ocirc;ng Ngh&#7879; V&#7841;n N&#259;ng l&agrave; &#273;&#7889;i t&aacute;c ch&iacute;nh th&#7913;c ph&acirc;n ph&#7889;i M&aacute;y So M&agrave;u Quang Ph&#7893; C&#7847;m Tay h&agrave;ng &#273;&#7847;u t&#7841;i Vi&#7879;t Nam, cam k&#7871;t cung c&#7845;p s&#7843;n ph&#7849;m ch&iacute;nh h&atilde;ng v&#7899;i gi&aacute; c&#7843; c&#7841;nh tranh nh&#7845;t th&#7883; tr&#432;&#7901;ng. V&#7899;i uy t&iacute;n tr&ecirc;n th&#7883; tr&#432;&#7901;ng v&agrave; ch&#7871; &#273;&#7897; h&#7851;u m&atilde;i t&#7889;t, Thi&#7871;t B&#7883; C&ocirc;ng Ngh&#7879; V&#7841;n N&#259;ng &#273;&atilde; nh&#7853;n &#273;&#432;&#7907;c s&#7921; tin t&#432;&#7903;ng t&#7915; kh&aacute;ch h&agrave;ng nh&#7901; v&agrave;o ch&#7845;t l&#432;&#7907;ng h&agrave;ng &#273;&#7847;u c&#7911;a c&aacute;c d&ograve;ng s&#7843;n ph&#7849;m.<br>\nS&#7843;n ph&#7849;m c&#7911;a ch&uacute;ng t&ocirc;i &#273;&#432;&#7907;c ki&#7875;m &#273;&#7883;nh ch&#7845;t l&#432;&#7907;ng, nh&#7853;p kh&#7849;u tr&#7921;c ti&#7871;p t&#7915; nh&agrave; m&aacute;y b&ecirc;n Ch&acirc;u &Acirc;u, M&#7929;, &Uacute;c, Nh&#7853;t B&#7843;n,&hellip; v&agrave; &#273;&aacute;p &#7913;ng nhu c&#7847;u &#273;a d&#7841;ng c&#7911;a th&#7883; tr&#432;&#7901;ng nh&#432;: M&aacute;y &#272;o &#272;&#7897; C&#7913;ng, M&aacute;y SPECTROMAXx, M&aacute;y Ki&#7875;m Tra &#272;&#7897; B&#7873;n S&#417;n,&hellip; Ch&uacute;ng t&ocirc;i cam k&#7871;t cung c&#7845;p s&#7843;n ph&#7849;m n&agrave;y tr&ecirc;n to&agrave;n qu&#7889;c v&#7899;i gi&aacute; c&#7843; c&#7841;nh tranh nh&#7845;t.<br>\nCh&uacute;ng t&ocirc;i c&oacute; &#273;&#7897;i ng&#361; chuy&ecirc;n vi&ecirc;n t&#432; v&#7845;n chuy&ecirc;n s&acirc;u s&#7869; h&#7895; tr&#7907; kh&aacute;ch h&agrave;ng v&#7873; chi ti&#7871;t s&#7843;n ph&#7849;m, h&#432;&#7899;ng d&#7851;n s&#7917; d&#7909;ng hay nh&#7919;ng th&#7913; li&ecirc;n quan &#273;&#7871;n v&#7845;n &#273;&#7873; m&agrave; doanh nghi&#7879;p b&#7841;n &#273;ang g&#7863;p ph&#7843;i. Ch&uacute;ng t&ocirc;i s&#7869; cung c&#7845;p nh&#7919;ng gi&#7843;i ph&aacute;p t&#7889;i &#432;u nh&#7845;t !!!<br>\nNgo&agrave;i ra Thi&#7871;t B&#7883; C&ocirc;ng Ngh&#7879; V&#7841;n N&#259;ng Ch&uacute;ng T&ocirc;i lu&ocirc;n h&#432;&#7899;ng &#273;&#7871;n tr&#7843;i nghi&#7879;m kh&aacute;ch h&agrave;ng, v&igrave; v&#7853;y ch&uacute;ng t&ocirc;i c&oacute; nh&#7919;ng ch&iacute;nh s&aacute;ch b&#7843;o h&agrave;nh, b&#7843;o tr&igrave; &ndash; b&#7843;o d&#432;&#7905;ng, hi&#7879;u chu&#7849;n v&#7899;i t&#7845;t c&#7843; c&aacute;c thi&#7871;t b&#7883;, m&aacute;y m&oacute;c m&agrave; ch&uacute;ng t&ocirc;i cung c&#7845;p. &#272;&#7843;m b&#7843;o mang &#273;&#7871;n cho Kh&aacute;ch h&agrave;ng s&#7921; y&ecirc;n t&acirc;m tuy&#7879;t &#273;&#7889;i v&#7873; d&#7883;ch v&#7909; khi mua h&agrave;ng.<\/p><div style=\"background-color: #f8fafc; border: 1px solid #e2e8f0; border-radius: 8px; padding: 25px; max-width: 800px; margin: 30px auto; color: #334155; line-height: 1.8; font-size: 17px; box-shadow: 0 4px 6px -1px rgba(0,0,0,0.05); text-align: left; clear: both;\">\nC&ocirc;ng ty TNHH Th&#432;&#417;ng M&#7841;i D&#7883;ch V&#7909; Thi&#7871;t B&#7883; C&ocirc;ng Ngh&#7879; V&#7841;n N&#259;ng\n<p style=\"margin: 0 0 10px 0;\">&#128205; <strong style=\"color: #1e293b;\">&#272;&#7883;a ch&#7881;:<\/strong> <a style=\"color: #059669; text-decoration: none; font-weight: bold;\" href=\"https:\/\/www.google.com\/maps\/search\/C%C3%B4ng+ty+TNHH+Th%C6%B0%C6%A1ng+M%E1%BA%A1i+D%E1%BB%8Bch+V%E1%BB%A5+Thi%E1%BA%BFt+B%E1%BB%8B+C%C3%B4ng+Ngh%E1%BB%87+V%E1%BA%A1n+N%C4%83ng+818+Tr%C6%B0%E1%BB%9Dng+Chinh\" target=\"_blank\" rel=\"noopener\">818 Tr&#432;&#7901;ng Chinh, Ph&#432;&#7901;ng T&acirc;n S&#417;n, Th&agrave;nh ph&#7889; H&#7891; Ch&iacute; Minh, Vi&#7879;t Nam<\/a><\/p>\n<p style=\"margin: 0 0 10px 0;\">&#128222; <strong style=\"color: #1e293b;\">S&#272;T &ndash; Zalo:<\/strong> <a style=\"color: #059669; text-decoration: none; font-weight: bold;\" href=\"https:\/\/zalo.me\/0903991335\" target=\"_blank\" rel=\"noopener\">0903 991 335<\/a> <span style=\"color: #64748b; font-style: italic;\">(Ms. H&#7841;nh &ndash; Gi&aacute;m &#272;&#7889;c Kinh Doanh)<\/span><\/p>\n<p style=\"margin: 0;\">&#9993;&#65039; <strong style=\"color: #1e293b;\">Email:<\/strong> <a style=\"color: #059669; text-decoration: none; font-weight: bold;\" href=\"mailto:hienhanh@vannangvn.com\">hienhanh@vannangvn.com<\/a><\/p>\n<\/div><\/h1>","protected":false},"excerpt":{"rendered":"<p><strong>Th&#432;&#417;ng hi&#7879;u:<\/strong> M&aacute;y quang ph&#7893; h&igrave;nh c&#7847;u c&#7847;m tay ch&iacute;nh x&aacute;c v&agrave; ch&iacute;nh x&aacute;c nh&#7845;t c&#7911;a X-Rite, Ci64-UV c&oacute; s&#7861;n trong nhi&#7873;u c&#7845;u h&igrave;nh v&#7899;i SPIN \/ SPEX &#273;&#7891;ng th&#7901;i, &#273;&#7897; b&oacute;ng t&#432;&#417;ng quan v&agrave; t&ugrave;y ch&#7885;n UV &#273;&#7875; &#273;o ch&iacute;nh x&aacute;c c&aacute;c b&#7873; m&#7863;t kh&ocirc;ng &#273;&#7891;ng &#273;&#7873;u tr&ecirc;n nhi&#7873;u lo&#7841;i s&#7843;n ph&#7849;m v&agrave; lo&#7841;i bao b&igrave;.<br>\n<strong>Model:<\/strong> Ci64-UV<p>Product <strong>M&Aacute;Y SO S&Aacute;NH M&Agrave;U QUANG PH&#7892; C&#7846;M TAY X-RITE MODEL CI64-UV<\/strong> ch&iacute;nh h&atilde;ng. M&aacute;y quang ph&#7893; h&igrave;nh c&#7847;u c&#7847;m tay ch&iacute;nh x&aacute;c v&agrave; ch&iacute;nh x&aacute;c nh&#7845;t c&#7911;a X-Rite, Ci64-UV c&oacute; s&#7861;n trong nhi&#7873;u c&#7845;u h&igrave;nh v&#7899;i SPIN \/ SPEX &#273;&#7891;ng th&#7901;i, &#273;&#7897; b&oacute;ng t&#432;&#417;ng quan v&agrave; t&ugrave;y ch&#7885;n UV &#273;&#7875; &#273;o ch&iacute;nh x&aacute;c c&aacute;c b&#7873; m&#7863;t kh&ocirc;ng &#273;&#7891;ng &#273;&#7873;u tr&ecirc;n nhi&#7873;u lo&#7841;i s&#7843;n ph&#7849;m v&agrave; lo&#7841;i bao b&igrave;.<\/p><\/p>","protected":false},"featured_media":9375,"comment_status":"open","ping_status":"closed","template":"","meta":[],"product_brand":[],"product_cat":[18],"product_tag":[2992,2999,109,116,129,130,424,704,857,1088,1185],"class_list":{"0":"post-7631","1":"product","2":"type-product","3":"status-publish","4":"has-post-thumbnail","6":"product_cat-chua-phan-loai","7":"product_tag-sanh","8":"product_tag-ci64-uv","9":"product_tag-may","10":"product_tag-model","11":"product_tag-so","12":"product_tag-mau","13":"product_tag-cam","14":"product_tag-quang","15":"product_tag-tay","16":"product_tag-x-rite","17":"product_tag-pho","19":"first","20":"instock","21":"shipping-taxable","22":"product-type-simple"},"yoast_head":"<!-- This site is optimized with the Yoast SEO Premium plugin v24.8 (Yoast SEO v24.8) - https:\/\/yoast.com\/wordpress\/plugins\/seo\/ -->\n<title>M\u00c1Y SO S\u00c1NH M\u00c0U QUANG PH\u1ed4 C\u1ea6M TAY X... ch\u00ednh h\u00e3ng | V\u1ea1n N\u0103ng<\/title>\n<meta name=\"description\" content=\"Mua ngay M\u00c1Y SO S\u00c1NH M\u00c0U QUANG PH\u1ed4 C\u1ea6M TAY X-RITE MODEL CI64-UV ch\u00ednh h\u00e3ng. Gi\u00e1 t\u1ed1t!\" \/>\n<meta name=\"robots\" content=\"noindex, follow, max-snippet:-1, max-image-preview:large, max-video-preview:-1\" \/>\n<meta property=\"og:locale\" content=\"en_US\" \/>\n<meta property=\"og:type\" content=\"article\" \/>\n<meta property=\"og:title\" content=\"M\u00c1Y SO S\u00c1NH M\u00c0U QUANG PH\u1ed4 C\u1ea6M TAY X-RITE MODEL CI64-UV\" \/>\n<meta property=\"og:description\" content=\"Mua ngay M\u00c1Y SO S\u00c1NH M\u00c0U QUANG PH\u1ed4 C\u1ea6M TAY X-RITE MODEL CI64-UV ch\u00ednh h\u00e3ng. Gi\u00e1 t\u1ed1t!\" \/>\n<meta property=\"og:url\" content=\"https:\/\/vannangvn.123websitedev.com\/en\/product\/may-so-sanh-mau-quang-pho-cam-tay-x-rite-model-ci64-uv\/\" \/>\n<meta property=\"og:site_name\" content=\"Vannang.vn\" \/>\n<meta property=\"article:modified_time\" content=\"2026-03-30T11:48:01+00:00\" \/>\n<meta property=\"og:image\" content=\"http:\/\/vannangvn.123websitedev.com\/wp-content\/uploads\/2026\/03\/ci64-uv-copy.jpg\" \/>\n\t<meta property=\"og:image:width\" content=\"768\" \/>\n\t<meta property=\"og:image:height\" content=\"576\" \/>\n\t<meta property=\"og:image:type\" content=\"image\/jpeg\" \/>\n<meta name=\"twitter:card\" content=\"summary_large_image\" \/>\n<meta name=\"twitter:label1\" content=\"Est. reading time\" \/>\n\t<meta name=\"twitter:data1\" content=\"8 minutes\" \/>\n<script type=\"application\/ld+json\" class=\"yoast-schema-graph\">{\"@context\":\"https:\/\/schema.org\",\"@graph\":[{\"@type\":\"WebPage\",\"@id\":\"https:\/\/vannangvn.123websitedev.com\/san-pham\/may-so-sanh-mau-quang-pho-cam-tay-x-rite-model-ci64-uv\/\",\"url\":\"https:\/\/vannangvn.123websitedev.com\/san-pham\/may-so-sanh-mau-quang-pho-cam-tay-x-rite-model-ci64-uv\/\",\"name\":\"M\u00c1Y SO S\u00c1NH M\u00c0U QUANG PH\u1ed4 C\u1ea6M TAY X... ch\u00ednh h\u00e3ng | V\u1ea1n N\u0103ng\",\"isPartOf\":{\"@id\":\"https:\/\/vannangvn.123websitedev.com\/#website\"},\"primaryImageOfPage\":{\"@id\":\"https:\/\/vannangvn.123websitedev.com\/san-pham\/may-so-sanh-mau-quang-pho-cam-tay-x-rite-model-ci64-uv\/#primaryimage\"},\"image\":{\"@id\":\"https:\/\/vannangvn.123websitedev.com\/san-pham\/may-so-sanh-mau-quang-pho-cam-tay-x-rite-model-ci64-uv\/#primaryimage\"},\"thumbnailUrl\":\"https:\/\/vannangvn.123websitedev.com\/wp-content\/uploads\/2026\/03\/ci64-uv-copy.jpg\",\"datePublished\":\"2026-03-20T12:05:13+00:00\",\"dateModified\":\"2026-03-30T11:48:01+00:00\",\"description\":\"Mua ngay M\u00c1Y SO S\u00c1NH M\u00c0U QUANG PH\u1ed4 C\u1ea6M TAY X-RITE MODEL CI64-UV ch\u00ednh h\u00e3ng. Gi\u00e1 t\u1ed1t!\",\"breadcrumb\":{\"@id\":\"https:\/\/vannangvn.123websitedev.com\/san-pham\/may-so-sanh-mau-quang-pho-cam-tay-x-rite-model-ci64-uv\/#breadcrumb\"},\"inLanguage\":\"en-US\",\"potentialAction\":[{\"@type\":\"ReadAction\",\"target\":[\"https:\/\/vannangvn.123websitedev.com\/san-pham\/may-so-sanh-mau-quang-pho-cam-tay-x-rite-model-ci64-uv\/\"]}]},{\"@type\":\"ImageObject\",\"inLanguage\":\"en-US\",\"@id\":\"https:\/\/vannangvn.123websitedev.com\/san-pham\/may-so-sanh-mau-quang-pho-cam-tay-x-rite-model-ci64-uv\/#primaryimage\",\"url\":\"https:\/\/vannangvn.123websitedev.com\/wp-content\/uploads\/2026\/03\/ci64-uv-copy.jpg\",\"contentUrl\":\"https:\/\/vannangvn.123websitedev.com\/wp-content\/uploads\/2026\/03\/ci64-uv-copy.jpg\",\"width\":768,\"height\":576},{\"@type\":\"BreadcrumbList\",\"@id\":\"https:\/\/vannangvn.123websitedev.com\/san-pham\/may-so-sanh-mau-quang-pho-cam-tay-x-rite-model-ci64-uv\/#breadcrumb\",\"itemListElement\":[{\"@type\":\"ListItem\",\"position\":1,\"name\":\"Trang ch\u1ee7\",\"item\":\"https:\/\/vannangvn.123websitedev.com\/\"},{\"@type\":\"ListItem\",\"position\":2,\"name\":\"S\u1ea3n ph\u1ea9m\",\"item\":\"https:\/\/vannangvn.123websitedev.com\/cua-hang\/\"},{\"@type\":\"ListItem\",\"position\":3,\"name\":\"M\u00c1Y SO S\u00c1NH M\u00c0U QUANG PH\u1ed4 C\u1ea6M TAY X-RITE MODEL CI64-UV\"}]},{\"@type\":\"WebSite\",\"@id\":\"https:\/\/vannangvn.123websitedev.com\/#website\",\"url\":\"https:\/\/vannangvn.123websitedev.com\/\",\"name\":\"Vannang.vn\",\"description\":\"\",\"publisher\":{\"@id\":\"https:\/\/vannangvn.123websitedev.com\/#organization\"},\"potentialAction\":[{\"@type\":\"SearchAction\",\"target\":{\"@type\":\"EntryPoint\",\"urlTemplate\":\"https:\/\/vannangvn.123websitedev.com\/?s={search_term_string}\"},\"query-input\":{\"@type\":\"PropertyValueSpecification\",\"valueRequired\":true,\"valueName\":\"search_term_string\"}}],\"inLanguage\":\"en-US\"},{\"@type\":\"Organization\",\"@id\":\"https:\/\/vannangvn.123websitedev.com\/#organization\",\"name\":\"Vannang.vn\",\"url\":\"https:\/\/vannangvn.123websitedev.com\/\",\"logo\":{\"@type\":\"ImageObject\",\"inLanguage\":\"en-US\",\"@id\":\"https:\/\/vannangvn.123websitedev.com\/#\/schema\/logo\/image\/\",\"url\":\"https:\/\/vannangvn.123websitedev.com\/wp-content\/uploads\/2026\/02\/logo-van-nang-02.png\",\"contentUrl\":\"https:\/\/vannangvn.123websitedev.com\/wp-content\/uploads\/2026\/02\/logo-van-nang-02.png\",\"width\":448,\"height\":111,\"caption\":\"Vannang.vn\"},\"image\":{\"@id\":\"https:\/\/vannangvn.123websitedev.com\/#\/schema\/logo\/image\/\"}}]}<\/script>\n<!-- \/ Yoast SEO Premium plugin. -->","yoast_head_json":{"title":"M\u00c1Y SO S\u00c1NH M\u00c0U QUANG PH\u1ed4 C\u1ea6M TAY X... ch\u00ednh h\u00e3ng | V\u1ea1n N\u0103ng","description":"Mua ngay M\u00c1Y SO S\u00c1NH M\u00c0U QUANG PH\u1ed4 C\u1ea6M TAY X-RITE MODEL CI64-UV ch\u00ednh h\u00e3ng. Gi\u00e1 t\u1ed1t!","robots":{"index":"noindex","follow":"follow","max-snippet":"max-snippet:-1","max-image-preview":"max-image-preview:large","max-video-preview":"max-video-preview:-1"},"og_locale":"en_US","og_type":"article","og_title":"M\u00c1Y SO S\u00c1NH M\u00c0U QUANG PH\u1ed4 C\u1ea6M TAY X-RITE MODEL CI64-UV","og_description":"Mua ngay M\u00c1Y SO S\u00c1NH M\u00c0U QUANG PH\u1ed4 C\u1ea6M TAY X-RITE MODEL CI64-UV ch\u00ednh h\u00e3ng. Gi\u00e1 t\u1ed1t!","og_url":"https:\/\/vannangvn.123websitedev.com\/en\/product\/may-so-sanh-mau-quang-pho-cam-tay-x-rite-model-ci64-uv\/","og_site_name":"Vannang.vn","article_modified_time":"2026-03-30T11:48:01+00:00","og_image":[{"width":768,"height":576,"url":"http:\/\/vannangvn.123websitedev.com\/wp-content\/uploads\/2026\/03\/ci64-uv-copy.jpg","type":"image\/jpeg"}],"twitter_card":"summary_large_image","twitter_misc":{"Est. reading time":"8 minutes"},"schema":{"@context":"https:\/\/schema.org","@graph":[{"@type":"WebPage","@id":"https:\/\/vannangvn.123websitedev.com\/san-pham\/may-so-sanh-mau-quang-pho-cam-tay-x-rite-model-ci64-uv\/","url":"https:\/\/vannangvn.123websitedev.com\/san-pham\/may-so-sanh-mau-quang-pho-cam-tay-x-rite-model-ci64-uv\/","name":"M\u00c1Y SO S\u00c1NH M\u00c0U QUANG PH\u1ed4 C\u1ea6M TAY X... ch\u00ednh h\u00e3ng | V\u1ea1n N\u0103ng","isPartOf":{"@id":"https:\/\/vannangvn.123websitedev.com\/#website"},"primaryImageOfPage":{"@id":"https:\/\/vannangvn.123websitedev.com\/san-pham\/may-so-sanh-mau-quang-pho-cam-tay-x-rite-model-ci64-uv\/#primaryimage"},"image":{"@id":"https:\/\/vannangvn.123websitedev.com\/san-pham\/may-so-sanh-mau-quang-pho-cam-tay-x-rite-model-ci64-uv\/#primaryimage"},"thumbnailUrl":"https:\/\/vannangvn.123websitedev.com\/wp-content\/uploads\/2026\/03\/ci64-uv-copy.jpg","datePublished":"2026-03-20T12:05:13+00:00","dateModified":"2026-03-30T11:48:01+00:00","description":"Mua ngay M\u00c1Y SO S\u00c1NH M\u00c0U QUANG PH\u1ed4 C\u1ea6M TAY X-RITE MODEL CI64-UV ch\u00ednh h\u00e3ng. Gi\u00e1 t\u1ed1t!","breadcrumb":{"@id":"https:\/\/vannangvn.123websitedev.com\/san-pham\/may-so-sanh-mau-quang-pho-cam-tay-x-rite-model-ci64-uv\/#breadcrumb"},"inLanguage":"en-US","potentialAction":[{"@type":"ReadAction","target":["https:\/\/vannangvn.123websitedev.com\/san-pham\/may-so-sanh-mau-quang-pho-cam-tay-x-rite-model-ci64-uv\/"]}]},{"@type":"ImageObject","inLanguage":"en-US","@id":"https:\/\/vannangvn.123websitedev.com\/san-pham\/may-so-sanh-mau-quang-pho-cam-tay-x-rite-model-ci64-uv\/#primaryimage","url":"https:\/\/vannangvn.123websitedev.com\/wp-content\/uploads\/2026\/03\/ci64-uv-copy.jpg","contentUrl":"https:\/\/vannangvn.123websitedev.com\/wp-content\/uploads\/2026\/03\/ci64-uv-copy.jpg","width":768,"height":576},{"@type":"BreadcrumbList","@id":"https:\/\/vannangvn.123websitedev.com\/san-pham\/may-so-sanh-mau-quang-pho-cam-tay-x-rite-model-ci64-uv\/#breadcrumb","itemListElement":[{"@type":"ListItem","position":1,"name":"Trang ch\u1ee7","item":"https:\/\/vannangvn.123websitedev.com\/"},{"@type":"ListItem","position":2,"name":"S\u1ea3n ph\u1ea9m","item":"https:\/\/vannangvn.123websitedev.com\/cua-hang\/"},{"@type":"ListItem","position":3,"name":"M\u00c1Y SO S\u00c1NH M\u00c0U QUANG PH\u1ed4 C\u1ea6M TAY X-RITE MODEL CI64-UV"}]},{"@type":"WebSite","@id":"https:\/\/vannangvn.123websitedev.com\/#website","url":"https:\/\/vannangvn.123websitedev.com\/","name":"Vannang.vn","description":"","publisher":{"@id":"https:\/\/vannangvn.123websitedev.com\/#organization"},"potentialAction":[{"@type":"SearchAction","target":{"@type":"EntryPoint","urlTemplate":"https:\/\/vannangvn.123websitedev.com\/?s={search_term_string}"},"query-input":{"@type":"PropertyValueSpecification","valueRequired":true,"valueName":"search_term_string"}}],"inLanguage":"en-US"},{"@type":"Organization","@id":"https:\/\/vannangvn.123websitedev.com\/#organization","name":"Vannang.vn","url":"https:\/\/vannangvn.123websitedev.com\/","logo":{"@type":"ImageObject","inLanguage":"en-US","@id":"https:\/\/vannangvn.123websitedev.com\/#\/schema\/logo\/image\/","url":"https:\/\/vannangvn.123websitedev.com\/wp-content\/uploads\/2026\/02\/logo-van-nang-02.png","contentUrl":"https:\/\/vannangvn.123websitedev.com\/wp-content\/uploads\/2026\/02\/logo-van-nang-02.png","width":448,"height":111,"caption":"Vannang.vn"},"image":{"@id":"https:\/\/vannangvn.123websitedev.com\/#\/schema\/logo\/image\/"}}]}},"_links":{"self":[{"href":"https:\/\/vannangvn.123websitedev.com\/en\/wp-json\/wp\/v2\/product\/7631","targetHints":{"allow":["GET"]}}],"collection":[{"href":"https:\/\/vannangvn.123websitedev.com\/en\/wp-json\/wp\/v2\/product"}],"about":[{"href":"https:\/\/vannangvn.123websitedev.com\/en\/wp-json\/wp\/v2\/types\/product"}],"replies":[{"embeddable":true,"href":"https:\/\/vannangvn.123websitedev.com\/en\/wp-json\/wp\/v2\/comments?post=7631"}],"wp:featuredmedia":[{"embeddable":true,"href":"https:\/\/vannangvn.123websitedev.com\/en\/wp-json\/wp\/v2\/media\/9375"}],"wp:attachment":[{"href":"https:\/\/vannangvn.123websitedev.com\/en\/wp-json\/wp\/v2\/media?parent=7631"}],"wp:term":[{"taxonomy":"product_brand","embeddable":true,"href":"https:\/\/vannangvn.123websitedev.com\/en\/wp-json\/wp\/v2\/product_brand?post=7631"},{"taxonomy":"product_cat","embeddable":true,"href":"https:\/\/vannangvn.123websitedev.com\/en\/wp-json\/wp\/v2\/product_cat?post=7631"},{"taxonomy":"product_tag","embeddable":true,"href":"https:\/\/vannangvn.123websitedev.com\/en\/wp-json\/wp\/v2\/product_tag?post=7631"}],"curies":[{"name":"wp","href":"https:\/\/api.w.org\/{rel}","templated":true}]}}