{"id":7642,"date":"2026-03-20T19:05:27","date_gmt":"2026-03-20T12:05:27","guid":{"rendered":"https:\/\/vannangvn.123websitedev.com\/san-pham\/may-thoi-nong-do-con-pce-instruments-model-pce-alc-30\/"},"modified":"2026-03-30T18:48:16","modified_gmt":"2026-03-30T11:48:16","slug":"may-thoi-nong-do-con-pce-instruments-model-pce-alc-30","status":"publish","type":"product","link":"https:\/\/vannangvn.123websitedev.com\/en\/product\/may-thoi-nong-do-con-pce-instruments-model-pce-alc-30\/","title":{"rendered":"M\u00c1Y TH\u1ed4I N\u1ed2NG \u0110\u1ed8 C\u1ed2N PCE INSTRUMENTS MODEL PCE-ALC 30"},"content":{"rendered":"<h1 style=\"color: red; font-weight: bold; font-size: 24px;\">T&#7893;ng quan s&#7843;n ph&#7849;m M&Aacute;Y TH&#7892;I N&#7890;NG &#272;&#7896; C&#7890;N PCE INSTRUMENTS MODEL PCE-ALC 30<p>M&aacute;y Th&#7893;i N&#7891;ng &#272;&#7897; C&#7891;n (Alcohol Meter \/ Breathalyzer) PCE Instruments Model PCE-ALC 30<br>\nM&aacute;y Th&#7893;i N&#7891;ng &#272;&#7897; C&#7891;n PCE-ALC 30 l&agrave; thi&#7871;t b&#7883; c&#7847;m tay hi&#7879;n &#273;&#7841;i, nh&#7887; g&#7885;n v&#7899;i kh&#7843; n&#259;ng &#273;o l&#432;&#7901;ng nhanh ch&oacute;ng v&agrave; ch&iacute;nh x&aacute;c. PCE-ALC 30 &#273;&#432;&#7907;c thi&#7871;t k&#7871; t&#7889;i &#432;u &#273;&#7875; d&#7877; d&agrave;ng s&#7917; d&#7909;ng trong m&#7885;i t&igrave;nh hu&#7889;ng nh&#432; khi l&aacute;i xe, t&#7841;i nh&agrave; hay trong c&aacute;c s&#7921; ki&#7879;n. V&#7899;i ph&#7841;m vi &#273;o t&#7915; 0 &hellip; 4 g\/l, Thi&#7871;t B&#7883; &#272;o N&#7891;ng &#272;&#7897; C&#7891;n PCE ALC30 mang &#273;&#7871;n s&#7921; ti&#7879;n l&#7907;i v&agrave; an to&agrave;n tuy&#7879;t &#273;&#7889;i cho ng&#432;&#7901;i d&ugrave;ng. H&atilde;y c&ugrave;ng V&#7841;n N&#259;ng t&igrave;m hi&#7875;u chi ti&#7871;t h&#417;n v&#7873; s&#7843;n ph&#7849;m th&ocirc;ng qua b&agrave;i vi&#7871;t d&#432;&#7899;i &#273;&acirc;y!<\/p><p>N&eacute;t &#272;&#7863;c Tr&#432;ng C&#7911;a PCE-ALC 30<\/p><p>Ng&#432;&#7905;ng c&#7843;nh b&aacute;o c&oacute; th&#7875; &#273;i&#7873;u ch&#7881;nh: M&aacute;y &#272;o N&#7891;ng &#272;&#7897; C&#7891;n PCE-ALC 30 gi&uacute;p c&#7843;nh b&aacute;o khi n&#7891;ng &#273;&#7897; c&#7891;n v&#432;&#7907;t m&#7913;c an to&agrave;n, &#273;&#7843;m b&#7843;o tu&acirc;n th&#7911; quy &#273;&#7883;nh ph&aacute;p lu&#7853;t.<br>\n&#272;a d&#7841;ng &#273;&#417;n v&#7883; &#273;o: H&#7895; tr&#7907; c&aacute;c &#273;&#417;n v&#7883; &#273;o ph&#7893; bi&#7871;n nh&#432; mg\/l, g\/l, % BAC v&agrave; &permil; BAC &#273;&#7875; ph&ugrave; h&#7907;p v&#7899;i nhu c&#7847;u s&#7917; d&#7909;ng kh&aacute;c nhau.<br>\nM&agrave;n h&igrave;nh OLED s&#7855;c n&eacute;t: M&aacute;y &#272;o C&#7891;n PCE ALC30 hi&#7875;n th&#7883; k&#7871;t qu&#7843; r&otilde; r&agrave;ng, d&#7877; &#273;&#7885;c, k&#7875; c&#7843; trong &#273;i&#7873;u ki&#7879;n thi&#7871;u s&aacute;ng.<\/p><p>K&#7871;t qu&#7843; nhanh d&#432;&#7899;i 5 gi&acirc;y: Gi&#7843;m th&#7901;i gian ch&#7901; &#273;&#7907;i, PCE ALC30 cho ph&eacute;p b&#7841;n nhanh ch&oacute;ng ki&#7875;m tra t&igrave;nh tr&#7841;ng n&#7891;ng &#273;&#7897; c&#7891;n.<br>\nC&#7843;m bi&#7871;n pin nhi&ecirc;n li&#7879;u ti&ecirc;n ti&#7871;n: Alcohol Breathalyzer PCE-ALC 30 cung c&#7845;p &#273;&#7897; ch&iacute;nh x&aacute;c cao v&agrave; &#7893;n &#273;&#7883;nh trong qu&aacute; tr&igrave;nh &#273;o.<br>\n&#7912;ng d&#7909;ng di &#273;&#7897;ng t&iacute;ch h&#7907;p: L&#432;u tr&#7919; l&#7883;ch s&#7917; c&aacute;c gi&aacute; tr&#7883; &#273;o g&#7847;n nh&#7845;t, d&#7877; d&agrave;ng qu&#7843;n l&yacute; v&agrave; theo d&otilde;i.<\/p><p>Thi&#7871;t K&#7871; Th&ocirc;ng Minh, An To&agrave;n V&agrave; Ti&#7879;n D&#7909;ng<\/p><p>Nh&#7887; g&#7885;n, nh&#7865; nh&agrave;ng: Thi&#7871;t k&#7871; di &#273;&#7897;ng, thu&#7853;n ti&#7879;n mang theo khi di chuy&#7875;n.<br>\n&#7888;ng th&#7893;i ch&#7889;ng ng&#432;&#7907;c d&ograve;ng: M&aacute;y &#272;o N&#7891;ng &#272;&#7897; C&#7891;n ALC30 &#273;&#7843;m b&#7843;o v&#7879; sinh v&agrave; b&#7843;o v&#7879; s&#7913;c kh&#7887;e ng&#432;&#7901;i d&ugrave;ng.<br>\nC&#7843;nh b&aacute;o b&#7857;ng &acirc;m thanh: T&#259;ng c&#432;&#7901;ng an to&agrave;n nh&#7901; th&ocirc;ng b&aacute;o khi n&#7891;ng &#273;&#7897; c&#7891;n v&#432;&#7907;t m&#7913;c c&agrave;i &#273;&#7863;t.<\/p><p>&#431;u &#272;i&#7875;m V&#432;&#7907;t Tr&#7897;i C&#7911;a PCE-ALC 30<\/p><p>Hi&#7879;u su&#7845;t v&#432;&#7907;t tr&#7897;i: &#272;&#7897; ch&iacute;nh x&aacute;c cao, &#273;o nhanh v&agrave; &#273;&aacute;ng tin c&#7853;y.<br>\nTh&acirc;n thi&#7879;n ng&#432;&#7901;i d&ugrave;ng: D&#7877; s&#7917; d&#7909;ng, kh&ocirc;ng c&#7847;n k&#7929; thu&#7853;t chuy&ecirc;n s&acirc;u.<br>\nGi&aacute; tr&#7883; l&acirc;u d&agrave;i: Thi&#7871;t b&#7883; b&#7873;n b&#7881; v&agrave; thi&#7871;t k&#7871; ch&#7889;ng hao m&ograve;n gi&uacute;p ti&#7871;t ki&#7879;m chi ph&iacute;.<\/p><p>&#7912;ng D&#7909;ng Linh Ho&#7841;t C&#7911;a PCE-ALC 30<br>\nM&aacute;y &#272;o H&#417;i Th&#7903; PCE-ALC 30 ph&ugrave; h&#7907;p v&#7899;i nhi&#7873;u &#273;&#7889;i t&#432;&#7907;ng v&agrave; m&#7909;c &#273;&iacute;ch s&#7917; d&#7909;ng:<\/p><p>Ng&#432;&#7901;i l&aacute;i xe: Ki&#7875;m tra nhanh tr&#432;&#7899;c khi &#273;i&#7873;u khi&#7875;n ph&#432;&#417;ng ti&#7879;n &#273;&#7875; &#273;&#7843;m b&#7843;o an to&agrave;n giao th&ocirc;ng.<br>\nGia &#273;&igrave;nh: Theo d&otilde;i t&igrave;nh tr&#7841;ng s&#7917; d&#7909;ng r&#432;&#7907;u bia c&#7911;a c&aacute;c th&agrave;nh vi&ecirc;n.<br>\nS&#7921; ki&#7879;n: Thi&#7871;t B&#7883; &#272;o &#272;&#7897; C&#7891;n PCE-ALC 30 h&#7895; tr&#7907; ki&#7875;m tra n&#7891;ng &#273;&#7897; c&#7891;n t&#7841;i c&aacute;c bu&#7893;i ti&#7879;c, s&#7921; ki&#7879;n &#273;&ocirc;ng ng&#432;&#7901;i.<\/p><p>Nh&#7919;ng L&yacute; Do N&ecirc;n Mua M&aacute;y Th&#7893;i N&#7891;ng &#272;&#7897; C&#7891;n T&#7841;i Thi&#7871;t B&#7883; C&ocirc;ng Ngh&#7879; V&#7841;n N&#259;ng<\/p><p>C&ocirc;ng ty Thi&#7871;t B&#7883; C&ocirc;ng Ngh&#7879; V&#7841;n N&#259;ng l&agrave; &#273;&#7889;i t&aacute;c ch&iacute;nh th&#7913;c ph&acirc;n ph&#7889;i M&aacute;y Th&#7893;i N&#7891;ng &#272;&#7897; C&#7891;n h&agrave;ng &#273;&#7847;u t&#7841;i Vi&#7879;t Nam, cam k&#7871;t cung c&#7845;p s&#7843;n ph&#7849;m ch&iacute;nh h&atilde;ng v&#7899;i gi&aacute; c&#7843; c&#7841;nh tranh nh&#7845;t th&#7883; tr&#432;&#7901;ng. V&#7899;i uy t&iacute;n tr&ecirc;n th&#7883; tr&#432;&#7901;ng v&agrave; ch&#7871; &#273;&#7897; h&#7851;u m&atilde;i t&#7889;t, Thi&#7871;t B&#7883; C&ocirc;ng Ngh&#7879; V&#7841;n N&#259;ng &#273;&atilde; nh&#7853;n &#273;&#432;&#7907;c s&#7921; tin t&#432;&#7903;ng t&#7915; kh&aacute;ch h&agrave;ng nh&#7901; v&agrave;o ch&#7845;t l&#432;&#7907;ng h&agrave;ng &#273;&#7847;u c&#7911;a c&aacute;c d&ograve;ng s&#7843;n ph&#7849;m.<br>\nS&#7843;n ph&#7849;m c&#7911;a ch&uacute;ng t&ocirc;i &#273;&#432;&#7907;c ki&#7875;m &#273;&#7883;nh ch&#7845;t l&#432;&#7907;ng, nh&#7853;p kh&#7849;u tr&#7921;c ti&#7871;p t&#7915; nh&agrave; m&aacute;y b&ecirc;n Ch&acirc;u &Acirc;u, M&#7929;, &Uacute;c, Nh&#7853;t B&#7843;n,&hellip; v&agrave; &#273;&aacute;p &#7913;ng nhu c&#7847;u &#273;a d&#7841;ng c&#7911;a th&#7883; tr&#432;&#7901;ng nh&#432;: M&aacute;y &#272;o &#272;&#7897; C&#7913;ng, M&aacute;y SPECTROMAXx, M&aacute;y Ki&#7875;m Tra &#272;&#432;&#7901;ng Gh&eacute;p M&iacute; Lon,&hellip; Ch&uacute;ng t&ocirc;i cam k&#7871;t cung c&#7845;p s&#7843;n ph&#7849;m n&agrave;y tr&ecirc;n to&agrave;n qu&#7889;c v&#7899;i gi&aacute; c&#7843; c&#7841;nh tranh nh&#7845;t.<br>\nCh&uacute;ng t&ocirc;i c&oacute; &#273;&#7897;i ng&#361; chuy&ecirc;n vi&ecirc;n t&#432; v&#7845;n chuy&ecirc;n s&acirc;u s&#7869; h&#7895; tr&#7907; kh&aacute;ch h&agrave;ng v&#7873; chi ti&#7871;t s&#7843;n ph&#7849;m, h&#432;&#7899;ng d&#7851;n s&#7917; d&#7909;ng hay nh&#7919;ng th&#7913; li&ecirc;n quan &#273;&#7871;n v&#7845;n &#273;&#7873; m&agrave; doanh nghi&#7879;p b&#7841;n &#273;ang g&#7863;p ph&#7843;i. Ch&uacute;ng t&ocirc;i s&#7869; cung c&#7845;p nh&#7919;ng gi&#7843;i ph&aacute;p t&#7889;i &#432;u nh&#7845;t!<br>\nNgo&agrave;i ra Thi&#7871;t B&#7883; C&ocirc;ng Ngh&#7879; V&#7841;n N&#259;ng Ch&uacute;ng T&ocirc;i lu&ocirc;n h&#432;&#7899;ng &#273;&#7871;n tr&#7843;i nghi&#7879;m kh&aacute;ch h&agrave;ng, v&igrave; v&#7853;y ch&uacute;ng t&ocirc;i c&oacute; nh&#7919;ng ch&iacute;nh s&aacute;ch b&#7843;o h&agrave;nh, b&#7843;o tr&igrave; &ndash; b&#7843;o d&#432;&#7905;ng, hi&#7879;u chu&#7849;n v&#7899;i t&#7845;t c&#7843; c&aacute;c thi&#7871;t b&#7883;, m&aacute;y m&oacute;c m&agrave; ch&uacute;ng t&ocirc;i cung c&#7845;p. &#272;&#7843;m b&#7843;o mang &#273;&#7871;n cho Kh&aacute;ch h&agrave;ng s&#7921; y&ecirc;n t&acirc;m tuy&#7879;t &#273;&#7889;i v&#7873; d&#7883;ch v&#7909; khi mua h&agrave;ng.<\/p><p>T&#7893;ng K&#7871;t<br>\nM&aacute;y &#272;o N&#7891;ng &#272;&#7897; C&#7891;n PCE ALC30 l&agrave; gi&#7843;i ph&aacute;p ho&agrave;n h&#7843;o &#273;&#7875; &#273;&#7843;m b&#7843;o an to&agrave;n v&agrave; ki&#7875;m so&aacute;t vi&#7879;c s&#7917; d&#7909;ng r&#432;&#7907;u bia m&#7897;t c&aacute;ch hi&#7879;u qu&#7843;. H&atilde;y li&ecirc;n h&#7879; ngay v&#7899;i V&#7841;n N&#259;ng Company &#273;&#7875; &#273;&#432;&#7907;c t&#432; v&#7845;n chi ti&#7871;t v&agrave; nh&#7853;n ngay nh&#7919;ng &#432;u &#273;&atilde;i h&#7845;p d&#7851;n th&ocirc;ng qua hotline\/zalo: <a href=\"https:\/\/zalo.me\/0903991335\" target=\"_blank\" rel=\"noopener\" style=\"color: #059669; font-weight: bold; text-decoration: none;\">0903 991 335<\/a> !<\/p><div style=\"background-color: #f8fafc; border: 1px solid #e2e8f0; border-radius: 8px; padding: 25px; max-width: 800px; margin: 30px auto; color: #334155; line-height: 1.8; font-size: 17px; box-shadow: 0 4px 6px -1px rgba(0,0,0,0.05); text-align: left; clear: both;\">\nC&ocirc;ng ty TNHH Th&#432;&#417;ng M&#7841;i D&#7883;ch V&#7909; Thi&#7871;t B&#7883; C&ocirc;ng Ngh&#7879; V&#7841;n N&#259;ng\n<p style=\"margin: 0 0 10px 0;\">&#128205; <strong style=\"color: #1e293b;\">&#272;&#7883;a ch&#7881;:<\/strong> <a style=\"color: #059669; text-decoration: none; font-weight: bold;\" href=\"https:\/\/www.google.com\/maps\/search\/C%C3%B4ng+ty+TNHH+Th%C6%B0%C6%A1ng+M%E1%BA%A1i+D%E1%BB%8Bch+V%E1%BB%A5+Thi%E1%BA%BFt+B%E1%BB%8B+C%C3%B4ng+Ngh%E1%BB%87+V%E1%BA%A1n+N%C4%83ng+818+Tr%C6%B0%E1%BB%9Dng+Chinh\" target=\"_blank\" rel=\"noopener\">818 Tr&#432;&#7901;ng Chinh, Ph&#432;&#7901;ng T&acirc;n S&#417;n, Th&agrave;nh ph&#7889; H&#7891; Ch&iacute; Minh, Vi&#7879;t Nam<\/a><\/p>\n<p style=\"margin: 0 0 10px 0;\">&#128222; <strong style=\"color: #1e293b;\">S&#272;T &ndash; Zalo:<\/strong> <a style=\"color: #059669; text-decoration: none; font-weight: bold;\" href=\"https:\/\/zalo.me\/0903991335\" target=\"_blank\" rel=\"noopener\">0903 991 335<\/a> <span style=\"color: #64748b; font-style: italic;\">(Ms. H&#7841;nh &ndash; Gi&aacute;m &#272;&#7889;c Kinh Doanh)<\/span><\/p>\n<p style=\"margin: 0;\">&#9993;&#65039; <strong style=\"color: #1e293b;\">Email:<\/strong> <a style=\"color: #059669; text-decoration: none; font-weight: bold;\" href=\"mailto:hienhanh@vannangvn.com\">hienhanh@vannangvn.com<\/a><\/p>\n<\/div><\/h1>","protected":false},"excerpt":{"rendered":"<p><strong>Th&#432;&#417;ng hi&#7879;u:<\/strong> M&aacute;y Th&#7893;i N&#7891;ng &#272;&#7897; C&#7891;n PCE-ALC 30 l&agrave; thi&#7871;t b&#7883; c&#7847;m tay hi&#7879;n &#273;&#7841;i, nh&#7887; g&#7885;n v&#7899;i kh&#7843; n&#259;ng &#273;o l&#432;&#7901;ng nhanh ch&oacute;ng v&agrave; ch&iacute;nh x&aacute;c. S&#7843;n ph&#7849;m &#273;&#432;&#7907;c thi&#7871;t k&#7871; t&#7889;i &#432;u &#273;&#7875; d&#7877; d&agrave;ng s&#7917; d&#7909;ng trong m&#7885;i t&igrave;nh hu&#7889;ng nh&#432; khi l&aacute;i xe, t&#7841;i nh&agrave; hay trong c&aacute;c s&#7921; ki&#7879;n. V&#7899;i ph&#7841;m vi &#273;o t&#7915; 0 &hellip; 4 g\/l, thi&#7871;t b&#7883; mang &#273;&#7871;n s&#7921; ti&#7879;n l&#7907;i v&agrave; an to&agrave;n tuy&#7879;t &#273;&#7889;i cho ng&#432;&#7901;i d&ugrave;ng.<br>\n<strong>Model:<\/strong> PCE-ALC 30<p>Product <strong>M&Aacute;Y TH&#7892;I N&#7890;NG &#272;&#7896; C&#7890;N PCE INSTRUMENTS MODEL PCE-ALC 30<\/strong> ch&iacute;nh h&atilde;ng. M&aacute;y Th&#7893;i N&#7891;ng &#272;&#7897; C&#7891;n PCE-ALC 30 l&agrave; thi&#7871;t b&#7883; c&#7847;m tay hi&#7879;n &#273;&#7841;i, nh&#7887; g&#7885;n v&#7899;i kh&#7843; n&#259;ng &#273;o l&#432;&#7901;ng nhanh ch&oacute;ng v&agrave; ch&iacute;nh x&aacute;c. S&#7843;n ph&#7849;m &#273;&#432;&#7907;c thi&#7871;t k&#7871; t&#7889;i &#432;u &#273;&#7875; d&#7877; d&agrave;ng s&#7917; d&#7909;ng trong m&#7885;i t&igrave;nh hu&#7889;ng nh&#432; khi l&aacute;i xe, t&#7841;i nh&agrave; hay trong c&aacute;c s&#7921; ki&#7879;n. V&#7899;i ph&#7841;m vi &#273;o t&#7915; 0 &hellip; 4 g\/l, thi&#7871;t b&#7883; mang &#273;&#7871;n s&#7921; ti&#7879;n l&#7907;i v&agrave; an to&agrave;n tuy&#7879;t &#273;&#7889;i cho ng&#432;&#7901;i d&ugrave;ng.<\/p><\/p>","protected":false},"featured_media":0,"comment_status":"open","ping_status":"closed","template":"","meta":[],"product_brand":[],"product_cat":[18],"product_tag":[109,116,181,346,349,385,387,581,959,2153],"class_list":{"0":"post-7642","1":"product","2":"type-product","3":"status-publish","5":"product_cat-chua-phan-loai","6":"product_tag-may","7":"product_tag-model","8":"product_tag-do","9":"product_tag-pce","10":"product_tag-con","11":"product_tag-385","12":"product_tag-nong","13":"product_tag-instruments","14":"product_tag-thoi","15":"product_tag-pce-alc","17":"first","18":"instock","19":"shipping-taxable","20":"product-type-simple"},"yoast_head":"<!-- This site is optimized with the Yoast SEO Premium plugin v24.8 (Yoast SEO v24.8) - https:\/\/yoast.com\/wordpress\/plugins\/seo\/ -->\n<title>M\u00c1Y TH\u1ed4I N\u1ed2NG \u0110\u1ed8 C\u1ed2N PCE INSTRUMENT... ch\u00ednh h\u00e3ng | V\u1ea1n N\u0103ng<\/title>\n<meta name=\"description\" content=\"Mua ngay M\u00c1Y TH\u1ed4I N\u1ed2NG \u0110\u1ed8 C\u1ed2N PCE INSTRUMENTS MODEL PCE-ALC 30 ch\u00ednh h\u00e3ng. Gi\u00e1 t\u1ed1t!\" \/>\n<meta name=\"robots\" content=\"noindex, follow, max-snippet:-1, max-image-preview:large, max-video-preview:-1\" \/>\n<meta property=\"og:locale\" content=\"en_US\" \/>\n<meta property=\"og:type\" content=\"article\" \/>\n<meta property=\"og:title\" content=\"M\u00c1Y TH\u1ed4I N\u1ed2NG \u0110\u1ed8 C\u1ed2N PCE INSTRUMENTS MODEL PCE-ALC 30\" \/>\n<meta property=\"og:description\" content=\"Mua ngay M\u00c1Y TH\u1ed4I N\u1ed2NG \u0110\u1ed8 C\u1ed2N PCE INSTRUMENTS MODEL PCE-ALC 30 ch\u00ednh h\u00e3ng. Gi\u00e1 t\u1ed1t!\" \/>\n<meta property=\"og:url\" content=\"https:\/\/vannangvn.123websitedev.com\/en\/product\/may-thoi-nong-do-con-pce-instruments-model-pce-alc-30\/\" \/>\n<meta property=\"og:site_name\" content=\"Vannang.vn\" \/>\n<meta property=\"article:modified_time\" content=\"2026-03-30T11:48:16+00:00\" \/>\n<meta name=\"twitter:card\" content=\"summary_large_image\" \/>\n<meta name=\"twitter:label1\" content=\"Est. reading time\" \/>\n\t<meta name=\"twitter:data1\" content=\"7 minutes\" \/>\n<script type=\"application\/ld+json\" class=\"yoast-schema-graph\">{\"@context\":\"https:\/\/schema.org\",\"@graph\":[{\"@type\":\"WebPage\",\"@id\":\"https:\/\/vannangvn.123websitedev.com\/san-pham\/may-thoi-nong-do-con-pce-instruments-model-pce-alc-30\/\",\"url\":\"https:\/\/vannangvn.123websitedev.com\/san-pham\/may-thoi-nong-do-con-pce-instruments-model-pce-alc-30\/\",\"name\":\"M\u00c1Y TH\u1ed4I N\u1ed2NG \u0110\u1ed8 C\u1ed2N PCE INSTRUMENT... ch\u00ednh h\u00e3ng | V\u1ea1n N\u0103ng\",\"isPartOf\":{\"@id\":\"https:\/\/vannangvn.123websitedev.com\/#website\"},\"datePublished\":\"2026-03-20T12:05:27+00:00\",\"dateModified\":\"2026-03-30T11:48:16+00:00\",\"description\":\"Mua ngay M\u00c1Y TH\u1ed4I N\u1ed2NG \u0110\u1ed8 C\u1ed2N PCE INSTRUMENTS MODEL PCE-ALC 30 ch\u00ednh h\u00e3ng. Gi\u00e1 t\u1ed1t!\",\"breadcrumb\":{\"@id\":\"https:\/\/vannangvn.123websitedev.com\/san-pham\/may-thoi-nong-do-con-pce-instruments-model-pce-alc-30\/#breadcrumb\"},\"inLanguage\":\"en-US\",\"potentialAction\":[{\"@type\":\"ReadAction\",\"target\":[\"https:\/\/vannangvn.123websitedev.com\/san-pham\/may-thoi-nong-do-con-pce-instruments-model-pce-alc-30\/\"]}]},{\"@type\":\"BreadcrumbList\",\"@id\":\"https:\/\/vannangvn.123websitedev.com\/san-pham\/may-thoi-nong-do-con-pce-instruments-model-pce-alc-30\/#breadcrumb\",\"itemListElement\":[{\"@type\":\"ListItem\",\"position\":1,\"name\":\"Trang ch\u1ee7\",\"item\":\"https:\/\/vannangvn.123websitedev.com\/\"},{\"@type\":\"ListItem\",\"position\":2,\"name\":\"S\u1ea3n ph\u1ea9m\",\"item\":\"https:\/\/vannangvn.123websitedev.com\/cua-hang\/\"},{\"@type\":\"ListItem\",\"position\":3,\"name\":\"M\u00c1Y TH\u1ed4I N\u1ed2NG \u0110\u1ed8 C\u1ed2N PCE INSTRUMENTS MODEL PCE-ALC 30\"}]},{\"@type\":\"WebSite\",\"@id\":\"https:\/\/vannangvn.123websitedev.com\/#website\",\"url\":\"https:\/\/vannangvn.123websitedev.com\/\",\"name\":\"Vannang.vn\",\"description\":\"\",\"publisher\":{\"@id\":\"https:\/\/vannangvn.123websitedev.com\/#organization\"},\"potentialAction\":[{\"@type\":\"SearchAction\",\"target\":{\"@type\":\"EntryPoint\",\"urlTemplate\":\"https:\/\/vannangvn.123websitedev.com\/?s={search_term_string}\"},\"query-input\":{\"@type\":\"PropertyValueSpecification\",\"valueRequired\":true,\"valueName\":\"search_term_string\"}}],\"inLanguage\":\"en-US\"},{\"@type\":\"Organization\",\"@id\":\"https:\/\/vannangvn.123websitedev.com\/#organization\",\"name\":\"Vannang.vn\",\"url\":\"https:\/\/vannangvn.123websitedev.com\/\",\"logo\":{\"@type\":\"ImageObject\",\"inLanguage\":\"en-US\",\"@id\":\"https:\/\/vannangvn.123websitedev.com\/#\/schema\/logo\/image\/\",\"url\":\"https:\/\/vannangvn.123websitedev.com\/wp-content\/uploads\/2026\/02\/logo-van-nang-02.png\",\"contentUrl\":\"https:\/\/vannangvn.123websitedev.com\/wp-content\/uploads\/2026\/02\/logo-van-nang-02.png\",\"width\":448,\"height\":111,\"caption\":\"Vannang.vn\"},\"image\":{\"@id\":\"https:\/\/vannangvn.123websitedev.com\/#\/schema\/logo\/image\/\"}}]}<\/script>\n<!-- \/ Yoast SEO Premium plugin. -->","yoast_head_json":{"title":"M\u00c1Y TH\u1ed4I N\u1ed2NG \u0110\u1ed8 C\u1ed2N PCE INSTRUMENT... ch\u00ednh h\u00e3ng | V\u1ea1n N\u0103ng","description":"Mua ngay M\u00c1Y TH\u1ed4I N\u1ed2NG \u0110\u1ed8 C\u1ed2N PCE INSTRUMENTS MODEL PCE-ALC 30 ch\u00ednh h\u00e3ng. Gi\u00e1 t\u1ed1t!","robots":{"index":"noindex","follow":"follow","max-snippet":"max-snippet:-1","max-image-preview":"max-image-preview:large","max-video-preview":"max-video-preview:-1"},"og_locale":"en_US","og_type":"article","og_title":"M\u00c1Y TH\u1ed4I N\u1ed2NG \u0110\u1ed8 C\u1ed2N PCE INSTRUMENTS MODEL PCE-ALC 30","og_description":"Mua ngay M\u00c1Y TH\u1ed4I N\u1ed2NG \u0110\u1ed8 C\u1ed2N PCE INSTRUMENTS MODEL PCE-ALC 30 ch\u00ednh h\u00e3ng. Gi\u00e1 t\u1ed1t!","og_url":"https:\/\/vannangvn.123websitedev.com\/en\/product\/may-thoi-nong-do-con-pce-instruments-model-pce-alc-30\/","og_site_name":"Vannang.vn","article_modified_time":"2026-03-30T11:48:16+00:00","twitter_card":"summary_large_image","twitter_misc":{"Est. reading time":"7 minutes"},"schema":{"@context":"https:\/\/schema.org","@graph":[{"@type":"WebPage","@id":"https:\/\/vannangvn.123websitedev.com\/san-pham\/may-thoi-nong-do-con-pce-instruments-model-pce-alc-30\/","url":"https:\/\/vannangvn.123websitedev.com\/san-pham\/may-thoi-nong-do-con-pce-instruments-model-pce-alc-30\/","name":"M\u00c1Y TH\u1ed4I N\u1ed2NG \u0110\u1ed8 C\u1ed2N PCE INSTRUMENT... ch\u00ednh h\u00e3ng | V\u1ea1n N\u0103ng","isPartOf":{"@id":"https:\/\/vannangvn.123websitedev.com\/#website"},"datePublished":"2026-03-20T12:05:27+00:00","dateModified":"2026-03-30T11:48:16+00:00","description":"Mua ngay M\u00c1Y TH\u1ed4I N\u1ed2NG \u0110\u1ed8 C\u1ed2N PCE INSTRUMENTS MODEL PCE-ALC 30 ch\u00ednh h\u00e3ng. Gi\u00e1 t\u1ed1t!","breadcrumb":{"@id":"https:\/\/vannangvn.123websitedev.com\/san-pham\/may-thoi-nong-do-con-pce-instruments-model-pce-alc-30\/#breadcrumb"},"inLanguage":"en-US","potentialAction":[{"@type":"ReadAction","target":["https:\/\/vannangvn.123websitedev.com\/san-pham\/may-thoi-nong-do-con-pce-instruments-model-pce-alc-30\/"]}]},{"@type":"BreadcrumbList","@id":"https:\/\/vannangvn.123websitedev.com\/san-pham\/may-thoi-nong-do-con-pce-instruments-model-pce-alc-30\/#breadcrumb","itemListElement":[{"@type":"ListItem","position":1,"name":"Trang ch\u1ee7","item":"https:\/\/vannangvn.123websitedev.com\/"},{"@type":"ListItem","position":2,"name":"S\u1ea3n ph\u1ea9m","item":"https:\/\/vannangvn.123websitedev.com\/cua-hang\/"},{"@type":"ListItem","position":3,"name":"M\u00c1Y TH\u1ed4I N\u1ed2NG \u0110\u1ed8 C\u1ed2N PCE INSTRUMENTS MODEL PCE-ALC 30"}]},{"@type":"WebSite","@id":"https:\/\/vannangvn.123websitedev.com\/#website","url":"https:\/\/vannangvn.123websitedev.com\/","name":"Vannang.vn","description":"","publisher":{"@id":"https:\/\/vannangvn.123websitedev.com\/#organization"},"potentialAction":[{"@type":"SearchAction","target":{"@type":"EntryPoint","urlTemplate":"https:\/\/vannangvn.123websitedev.com\/?s={search_term_string}"},"query-input":{"@type":"PropertyValueSpecification","valueRequired":true,"valueName":"search_term_string"}}],"inLanguage":"en-US"},{"@type":"Organization","@id":"https:\/\/vannangvn.123websitedev.com\/#organization","name":"Vannang.vn","url":"https:\/\/vannangvn.123websitedev.com\/","logo":{"@type":"ImageObject","inLanguage":"en-US","@id":"https:\/\/vannangvn.123websitedev.com\/#\/schema\/logo\/image\/","url":"https:\/\/vannangvn.123websitedev.com\/wp-content\/uploads\/2026\/02\/logo-van-nang-02.png","contentUrl":"https:\/\/vannangvn.123websitedev.com\/wp-content\/uploads\/2026\/02\/logo-van-nang-02.png","width":448,"height":111,"caption":"Vannang.vn"},"image":{"@id":"https:\/\/vannangvn.123websitedev.com\/#\/schema\/logo\/image\/"}}]}},"_links":{"self":[{"href":"https:\/\/vannangvn.123websitedev.com\/en\/wp-json\/wp\/v2\/product\/7642","targetHints":{"allow":["GET"]}}],"collection":[{"href":"https:\/\/vannangvn.123websitedev.com\/en\/wp-json\/wp\/v2\/product"}],"about":[{"href":"https:\/\/vannangvn.123websitedev.com\/en\/wp-json\/wp\/v2\/types\/product"}],"replies":[{"embeddable":true,"href":"https:\/\/vannangvn.123websitedev.com\/en\/wp-json\/wp\/v2\/comments?post=7642"}],"wp:attachment":[{"href":"https:\/\/vannangvn.123websitedev.com\/en\/wp-json\/wp\/v2\/media?parent=7642"}],"wp:term":[{"taxonomy":"product_brand","embeddable":true,"href":"https:\/\/vannangvn.123websitedev.com\/en\/wp-json\/wp\/v2\/product_brand?post=7642"},{"taxonomy":"product_cat","embeddable":true,"href":"https:\/\/vannangvn.123websitedev.com\/en\/wp-json\/wp\/v2\/product_cat?post=7642"},{"taxonomy":"product_tag","embeddable":true,"href":"https:\/\/vannangvn.123websitedev.com\/en\/wp-json\/wp\/v2\/product_tag?post=7642"}],"curies":[{"name":"wp","href":"https:\/\/api.w.org\/{rel}","templated":true}]}}