{"id":7656,"date":"2026-03-20T19:05:47","date_gmt":"2026-03-20T12:05:47","guid":{"rendered":"https:\/\/vannangvn.123websitedev.com\/san-pham\/may-thu-do-son-vai-ici-refond-model-rf308\/"},"modified":"2026-03-30T18:48:39","modified_gmt":"2026-03-30T11:48:39","slug":"may-thu-do-son-vai-ici-refond-model-rf308","status":"publish","type":"product","link":"https:\/\/vannangvn.123websitedev.com\/en\/product\/may-thu-do-son-vai-ici-refond-model-rf308\/","title":{"rendered":"M\u00c1Y TH\u1eec \u0110\u1ed8 S\u1edcN V\u1ea2I ICI REFOND MODEL RF308"},"content":{"rendered":"<h1 style=\"color: red; font-weight: bold; font-size: 24px;\">T&#7893;ng quan s&#7843;n ph&#7849;m M&Aacute;Y TH&#7916; &#272;&#7896; S&#7900;N V&#7842;I ICI REFOND MODEL RF308<p>M&aacute;y Th&#7917; &#272;&#7897; S&#7901;n V&#7843;i ICI (Mace Snagging Tester) Refond Model RF308<br>\nM&aacute;y Th&#7917; &#272;&#7897; S&#7901;n V&#7843;i ICI (Mace Snagging Tester) Refond Model RF308 l&agrave; thi&#7871;t b&#7883; chuy&ecirc;n d&#7909;ng d&ugrave;ng &#273;&#7875; &#273;&aacute;nh gi&aacute; kh&#7843; n&#259;ng ch&#7889;ng m&oacute;c s&#7907;i v&agrave; s&#7901;n b&#7873; m&#7863;t v&#7843;i trong &#273;i&#7873;u ki&#7879;n s&#7917; d&#7909;ng th&#7921;c t&#7871;.<br>\nRF308 m&ocirc; ph&#7887;ng qu&aacute; tr&igrave;nh ma s&aacute;t v&agrave; va ch&#7841;m ng&#7851;u nhi&ecirc;n b&#7857;ng c&aacute;c ch&ugrave;y kim lo&#7841;i quay tr&ecirc;n xi lanh t&#7889;c &#273;&#7897; cao, gi&uacute;p x&aacute;c &#273;&#7883;nh m&#7913;c &#273;&#7897; suy gi&#7843;m ngo&#7841;i quan c&#7911;a v&#7843;i trong qu&aacute; tr&igrave;nh m&#7863;c v&agrave; s&#7917; d&#7909;ng. H&atilde;y c&ugrave;ng V&#7841;n N&#259;ng t&igrave;m hi&#7875;u chi ti&#7871;t h&#417;n v&#7873; s&#7843;n ph&#7849;m th&ocirc;ng qua b&agrave;i vi&#7871;t d&#432;&#7899;i &#273;&acirc;y nh&eacute;!<\/p><p>N&eacute;t &#272;&#7863;c Tr&#432;ng C&#7911;a M&aacute;y Th&#7917; &#272;&#7897; S&#7901;n Snagging RF308<br>\nC&ocirc;ng ngh&#7879; m&ocirc; ph&#7887;ng va ch&#7841;m ng&#7851;u nhi&ecirc;n b&#7857;ng ch&ugrave;y quay<br>\nH&#7879; th&#7889;ng ch&ugrave;y kim lo&#7841;i g&#7855;n tr&ecirc;n xi lanh quay t&#7889;c &#273;&#7897; cao t&#7841;o ra c&aacute;c va ch&#7841;m ng&#7851;u nhi&ecirc;n l&ecirc;n b&#7873; m&#7863;t v&#7843;i, t&aacute;i t&#7841;o ch&iacute;nh x&aacute;c hi&#7879;n t&#432;&#7907;ng m&oacute;c s&#7907;i v&agrave; s&#7901;n v&#7843;i trong qu&aacute; tr&igrave;nh s&#7917; d&#7909;ng th&#7921;c t&#7871;.<br>\nH&#7879; th&#7889;ng &#273;i&#7873;u khi&#7875;n v&ograve;ng quay ch&iacute;nh x&aacute;c<br>\nM&aacute;y th&#7917; &#273;&#7897; s&#7901;n v&agrave; m&oacute;c s&#7907;i v&#7843;i ICI RF308 &#273;&#432;&#7907;c t&iacute;ch h&#7907;p b&#7897; &#273;&#7871;m &#273;&#7863;t tr&#432;&#7899;c cho ph&eacute;p ki&#7875;m so&aacute;t s&#7889; v&ograve;ng quay th&#7917; nghi&#7879;m, &#273;&#7843;m b&#7843;o &#273;&#7897; l&#7863;p l&#7841;i v&agrave; &#273;&#7897; ch&iacute;nh x&aacute;c cao trong c&aacute;c b&agrave;i ki&#7875;m tra ti&ecirc;u chu&#7849;n.<br>\nThi&#7871;t k&#7871; &#273;a m&#7851;u th&#7917; &#273;&#7891;ng th&#7901;i<br>\nThi&#7871;t b&#7883; ki&#7875;m tra snagging v&#7843;i ph&ograve;ng th&iacute; nghi&#7879;m RF308 cho ph&eacute;p ki&#7875;m tra nhi&#7873;u m&#7851;u v&#7843;i c&ugrave;ng l&uacute;c, gi&uacute;p t&#259;ng hi&#7879;u su&#7845;t th&#7917; nghi&#7879;m v&agrave; gi&#7843;m th&#7901;i gian ph&acirc;n t&iacute;ch m&#7851;u trong ph&ograve;ng th&iacute; nghi&#7879;m.<br>\nH&#7879; th&#7889;ng truy&#7873;n &#273;&#7897;ng &#273;&#7897;c l&#7853;p cho t&#7915;ng xi lanh<br>\nM&#7895;i xi lanh &#273;&#432;&#7907;c &#273;i&#7873;u khi&#7875;n b&#7903;i &#273;&#7897;ng c&#417; ri&ecirc;ng bi&#7879;t, gi&uacute;p thi&#7871;t b&#7883; v&#7853;n h&agrave;nh &#7893;n &#273;&#7883;nh, &#273;&#7897; &#7891;n th&#7845;p v&agrave; duy tr&igrave; &#273;&#7897; ch&iacute;nh x&aacute;c trong qu&aacute; tr&igrave;nh th&#7917; nghi&#7879;m d&agrave;i h&#7841;n.<br>\nC&#7845;u tr&uacute;c ch&ugrave;y v&agrave; v&#7853;t li&#7879;u cao c&#7845;p<br>\n&#272;inh ch&ugrave;y &#273;&#432;&#7907;c ch&#7871; t&#7841;o t&#7915; th&eacute;p vonfram c&oacute; &#273;&#7897; c&#7913;ng cao v&agrave; kh&#7843; n&#259;ng ch&#7889;ng m&agrave;i m&ograve;n v&#432;&#7907;t tr&#7897;i, &#273;&#7843;m b&#7843;o tu&#7893;i th&#7885; thi&#7871;t b&#7883; v&agrave; &#273;&#7897; tin c&#7853;y c&#7911;a k&#7871;t qu&#7843; th&#7917; nghi&#7879;m.<br>\nC&#417; ch&#7871; chuy&#7875;n &#273;&#7897;ng ng&#7851;u nhi&ecirc;n t&#259;ng &#273;&#7897; m&ocirc; ph&#7887;ng th&#7921;c t&#7871;<br>\nH&#7879; th&#7889;ng treo &#273;a h&#432;&#7899;ng v&agrave; thanh d&#7851;n h&#432;&#7899;ng ph&#7911; Teflon gi&uacute;p ch&ugrave;y chuy&#7875;n &#273;&#7897;ng ng&#7851;u nhi&ecirc;n, t&aacute;i hi&#7879;n ch&iacute;nh x&aacute;c c&aacute;c t&aacute;c &#273;&#7897;ng c&#417; h&#7885;c trong qu&aacute; tr&igrave;nh s&#7917; d&#7909;ng v&#7843;i ngo&agrave;i th&#7921;c t&#7871;.<br>\nL&#7899;p l&oacute;t n&#7881; ch&#7845;t l&#432;&#7907;ng cao<br>\nL&#7899;p n&#7881; l&oacute;t c&oacute; kh&#7843; n&#259;ng co gi&atilde;n l&#7899;n gi&uacute;p b&aacute;m ch&#7863;t v&agrave;o b&#7873; m&#7863;t xi lanh, &#273;&#7843;m b&#7843;o &#273;i&#7873;u ki&#7879;n th&#7917; nghi&#7879;m &#7893;n &#273;&#7883;nh v&agrave; nh&#7845;t qu&aacute;n gi&#7919;a c&aacute;c l&#7847;n &#273;o.<\/p><h2 style=\"color: #2e7d32; font-weight: bold; font-size: 20px;\">&#431;u &#272;i&#7875;m N&#7893;i B&#7853;t C&#7911;a M&aacute;y ICI Mace Snagging Tester RF308<\/h2><p>&#272;&aacute;nh gi&aacute; ch&iacute;nh x&aacute;c xu h&#432;&#7899;ng m&oacute;c s&#7907;i v&agrave; s&#7901;n v&#7843;i theo &#273;i&#7873;u ki&#7879;n s&#7917; d&#7909;ng th&#7921;c t&#7871;<br>\nH&#7895; tr&#7907; nhi&#7873;u ti&ecirc;u chu&#7849;n qu&#7889;c t&#7871; nh&#432; ASTM, GB\/T v&agrave; JIS<br>\nCho ph&eacute;p th&#7917; nghi&#7879;m nhi&#7873;u m&#7851;u c&ugrave;ng l&uacute;c, t&#259;ng n&#259;ng su&#7845;t ph&ograve;ng th&iacute; nghi&#7879;m<br>\nH&#7879; th&#7889;ng &#273;i&#7873;u khi&#7875;n v&ograve;ng quay ch&iacute;nh x&aacute;c, &#273;&#7843;m b&#7843;o &#273;&#7897; l&#7863;p l&#7841;i k&#7871;t qu&#7843;<br>\nC&#7845;u tr&uacute;c c&#417; kh&iacute; b&#7873;n b&#7881;, v&#7853;t li&#7879;u cao c&#7845;p ch&#7889;ng m&agrave;i m&ograve;n<br>\nV&#7853;n h&agrave;nh &ecirc;m &aacute;i, &#273;&#7897; &#7891;n th&#7845;p, ph&ugrave; h&#7907;p m&ocirc;i tr&#432;&#7901;ng ph&ograve;ng lab<br>\nD&#7877; quan s&aacute;t m&#7851;u th&#7917; v&#7899;i t&#7911; quan s&aacute;t v&agrave; h&igrave;nh &#7843;nh &#273;&aacute;nh gi&aacute; chu&#7849;n<\/p><p>&#7912;ng D&#7909;ng Th&#7921;c T&#7871;<\/p><p>Ng&agrave;nh d&#7879;t may v&agrave; th&#7901;i trang: Refond Model RF308 &#273;&#432;&#7907;c s&#7917; d&#7909;ng &#273;&#7875; &#273;&aacute;nh gi&aacute; kh&#7843; n&#259;ng ch&#7889;ng m&oacute;c s&#7907;i c&#7911;a v&#7843;i d&#7879;t kim, d&#7879;t thoi, v&#7843;i filament v&agrave; v&#7843;i s&#7907;i textured tr&#432;&#7899;c khi &#273;&#432;a v&agrave;o s&#7843;n xu&#7845;t h&agrave;ng may m&#7863;c.<br>\nNh&agrave; m&aacute;y s&#7843;n xu&#7845;t v&#7843;i v&agrave; s&#7907;i: Gi&uacute;p ki&#7875;m so&aacute;t ch&#7845;t l&#432;&#7907;ng nguy&ecirc;n li&#7879;u v&agrave; th&agrave;nh ph&#7849;m, gi&#7843;m l&#7895;i ngo&#7841;i quan v&agrave; n&acirc;ng cao ti&ecirc;u chu&#7849;n xu&#7845;t kh&#7849;u.<br>\nTrung t&acirc;m ki&#7875;m &#273;&#7883;nh ch&#7845;t l&#432;&#7907;ng v&agrave; ph&ograve;ng th&iacute; nghi&#7879;m: RF308 &#273;&#432;&#7907;c s&#7917; d&#7909;ng trong c&aacute;c ph&ograve;ng lab ki&#7875;m nghi&#7879;m v&#7843;i theo ti&ecirc;u chu&#7849;n qu&#7889;c t&#7871; ph&#7909;c v&#7909; ch&#7913;ng nh&#7853;n s&#7843;n ph&#7849;m.<br>\nNg&agrave;nh n&#7897;i th&#7845;t v&agrave; v&#7853;t li&#7879;u k&#7929; thu&#7853;t: &#7912;ng d&#7909;ng trong ki&#7875;m tra &#273;&#7897; b&#7873;n b&#7873; m&#7863;t c&#7911;a v&#7843;i b&#7885;c gh&#7871;, v&#7843;i c&ocirc;ng nghi&#7879;p v&agrave; v&#7853;t li&#7879;u k&#7929; thu&#7853;t c&oacute; y&ecirc;u c&#7847;u cao v&#7873; &#273;&#7897; b&#7873;n ngo&#7841;i quan.<\/p><p>Nh&#7919;ng L&yacute; Do N&ecirc;n Mua M&aacute;y M&aacute;y Th&#7917; S&#7901;n V&#7843;i Th&iacute; Nghi&#7879;m T&#7841;i V&#7841;n N&#259;ng<\/p><p>C&ocirc;ng ty Thi&#7871;t B&#7883; C&ocirc;ng Ngh&#7879; V&#7841;n N&#259;ng l&agrave; &#273;&#7889;i t&aacute;c ch&iacute;nh th&#7913;c ph&acirc;n ph&#7889;i M&aacute;y Th&#7917; S&#7901;n V&#7843;i h&agrave;ng &#273;&#7847;u t&#7841;i Vi&#7879;t Nam, cam k&#7871;t cung c&#7845;p s&#7843;n ph&#7849;m ch&iacute;nh h&atilde;ng v&#7899;i gi&aacute; c&#7843; c&#7841;nh tranh nh&#7845;t th&#7883; tr&#432;&#7901;ng. V&#7899;i uy t&iacute;n tr&ecirc;n th&#7883; tr&#432;&#7901;ng v&agrave; ch&#7871; &#273;&#7897; h&#7851;u m&atilde;i t&#7889;t, Thi&#7871;t B&#7883; C&ocirc;ng Ngh&#7879; V&#7841;n N&#259;ng &#273;&atilde; nh&#7853;n &#273;&#432;&#7907;c s&#7921; tin t&#432;&#7903;ng t&#7915; kh&aacute;ch h&agrave;ng nh&#7901; v&agrave;o ch&#7845;t l&#432;&#7907;ng h&agrave;ng &#273;&#7847;u c&#7911;a c&aacute;c d&ograve;ng s&#7843;n ph&#7849;m.<br>\nS&#7843;n ph&#7849;m c&#7911;a ch&uacute;ng t&ocirc;i &#273;&#432;&#7907;c ki&#7875;m &#273;&#7883;nh ch&#7845;t l&#432;&#7907;ng, nh&#7853;p kh&#7849;u tr&#7921;c ti&#7871;p t&#7915; nh&agrave; m&aacute;y b&ecirc;n Ch&acirc;u &Acirc;u, M&#7929;, &Uacute;c, Nh&#7853;t B&#7843;n,&hellip; v&agrave; &#273;&aacute;p &#7913;ng nhu c&#7847;u &#273;a d&#7841;ng c&#7911;a th&#7883; tr&#432;&#7901;ng nh&#432;: M&aacute;y &#272;o &#272;&#7897; C&#7913;ng, M&aacute;y SPECTROMAXx, M&aacute;y Ki&#7875;m Tra &#272;&#432;&#7901;ng Gh&eacute;p M&iacute; Lon,&hellip; Ch&uacute;ng t&ocirc;i cam k&#7871;t cung c&#7845;p s&#7843;n ph&#7849;m n&agrave;y tr&ecirc;n to&agrave;n qu&#7889;c v&#7899;i gi&aacute; c&#7843; c&#7841;nh tranh nh&#7845;t.<br>\nCh&uacute;ng t&ocirc;i c&oacute; &#273;&#7897;i ng&#361; chuy&ecirc;n vi&ecirc;n t&#432; v&#7845;n chuy&ecirc;n s&acirc;u s&#7869; h&#7895; tr&#7907; kh&aacute;ch h&agrave;ng v&#7873; chi ti&#7871;t s&#7843;n ph&#7849;m, h&#432;&#7899;ng d&#7851;n s&#7917; d&#7909;ng hay nh&#7919;ng th&#7913; li&ecirc;n quan &#273;&#7871;n v&#7845;n &#273;&#7873; m&agrave; doanh nghi&#7879;p b&#7841;n &#273;ang g&#7863;p ph&#7843;i. Ch&uacute;ng t&ocirc;i s&#7869; cung c&#7845;p nh&#7919;ng gi&#7843;i ph&aacute;p t&#7889;i &#432;u nh&#7845;t!<br>\nNgo&agrave;i ra Thi&#7871;t B&#7883; C&ocirc;ng Ngh&#7879; V&#7841;n N&#259;ng Ch&uacute;ng T&ocirc;i lu&ocirc;n h&#432;&#7899;ng &#273;&#7871;n tr&#7843;i nghi&#7879;m kh&aacute;ch h&agrave;ng, v&igrave; v&#7853;y ch&uacute;ng t&ocirc;i c&oacute; nh&#7919;ng ch&iacute;nh s&aacute;ch b&#7843;o h&agrave;nh, b&#7843;o tr&igrave; &ndash; b&#7843;o d&#432;&#7905;ng, hi&#7879;u chu&#7849;n v&#7899;i t&#7845;t c&#7843; c&aacute;c thi&#7871;t b&#7883;, m&aacute;y m&oacute;c m&agrave; ch&uacute;ng t&ocirc;i cung c&#7845;p. &#272;&#7843;m b&#7843;o mang &#273;&#7871;n cho Kh&aacute;ch h&agrave;ng s&#7921; y&ecirc;n t&acirc;m tuy&#7879;t &#273;&#7889;i v&#7873; d&#7883;ch v&#7909; khi mua h&agrave;ng.<\/p><p>Xem th&ecirc;m: M&aacute;y Ph&acirc;n T&iacute;ch Beer Chuy&ecirc;n D&#7909;ng (Packaged Beverage Analyzer) Anton Paar Model PBA 5001 Beer<\/p><p>T&#7893;ng K&#7871;t<br>\nV&#7899;i c&ocirc;ng ngh&#7879; m&ocirc; ph&#7887;ng va ch&#7841;m ng&#7851;u nhi&ecirc;n, h&#7879; th&#7889;ng &#273;i&#7873;u khi&#7875;n ch&iacute;nh x&aacute;c v&agrave; c&#7845;u tr&uacute;c c&#417; kh&iacute; b&#7873;n b&#7881;, Refond RF308 gi&uacute;p doanh nghi&#7879;p &#273;&aacute;nh gi&aacute; ch&iacute;nh x&aacute;c &#273;&#7897; b&#7873;n ngo&#7841;i quan c&#7911;a v&#7843;i, n&acirc;ng cao ch&#7845;t l&#432;&#7907;ng s&#7843;n ph&#7849;m v&agrave; &#273;&aacute;p &#7913;ng c&aacute;c ti&ecirc;u chu&#7849;n qu&#7889;c t&#7871; kh&#7855;t khe. H&atilde;y li&ecirc;n h&#7879; v&#7899;i V&#7841;n N&#259;ng ngay &#273;&#7875; &#273;&#432;&#7907;c t&#432; v&#7845;n chuy&ecirc;n s&acirc;u v&agrave; nh&#7853;n nh&#7919;ng &#432;u &#273;&atilde;i h&#7845;p d&#7851;n nh&#7845;t th&ocirc;ng qua hotline0903 991 335 !<\/p><div style=\"background-color: #f8fafc; border: 1px solid #e2e8f0; border-radius: 8px; padding: 25px; max-width: 800px; margin: 30px auto; color: #334155; line-height: 1.8; font-size: 17px; box-shadow: 0 4px 6px -1px rgba(0,0,0,0.05); text-align: left; clear: both;\">\nC&ocirc;ng ty TNHH Th&#432;&#417;ng M&#7841;i D&#7883;ch V&#7909; Thi&#7871;t B&#7883; C&ocirc;ng Ngh&#7879; V&#7841;n N&#259;ng\n<p style=\"margin: 0 0 10px 0;\">&#128205; <strong style=\"color: #1e293b;\">&#272;&#7883;a ch&#7881;:<\/strong> <a style=\"color: #059669; text-decoration: none; font-weight: bold;\" href=\"https:\/\/www.google.com\/maps\/search\/C%C3%B4ng+ty+TNHH+Th%C6%B0%C6%A1ng+M%E1%BA%A1i+D%E1%BB%8Bch+V%E1%BB%A5+Thi%E1%BA%BFt+B%E1%BB%8B+C%C3%B4ng+Ngh%E1%BB%87+V%E1%BA%A1n+N%C4%83ng+818+Tr%C6%B0%E1%BB%9Dng+Chinh\" target=\"_blank\" rel=\"noopener\">818 Tr&#432;&#7901;ng Chinh, Ph&#432;&#7901;ng T&acirc;n S&#417;n, Th&agrave;nh ph&#7889; H&#7891; Ch&iacute; Minh, Vi&#7879;t Nam<\/a><\/p>\n<p style=\"margin: 0 0 10px 0;\">&#128222; <strong style=\"color: #1e293b;\">S&#272;T &ndash; Zalo:<\/strong> <a style=\"color: #059669; text-decoration: none; font-weight: bold;\" href=\"https:\/\/zalo.me\/0903991335\" target=\"_blank\" rel=\"noopener\">0903 991 335<\/a> <span style=\"color: #64748b; font-style: italic;\">(Ms. H&#7841;nh &ndash; Gi&aacute;m &#272;&#7889;c Kinh Doanh)<\/span><\/p>\n<p style=\"margin: 0;\">&#9993;&#65039; <strong style=\"color: #1e293b;\">Email:<\/strong> <a style=\"color: #059669; text-decoration: none; font-weight: bold;\" href=\"mailto:hienhanh@vannangvn.com\">hienhanh@vannangvn.com<\/a><\/p>\n<\/div><\/h1>","protected":false},"excerpt":{"rendered":"<p><strong>Th&#432;&#417;ng hi&#7879;u:<\/strong> Refond<br>\n<strong>Model:<\/strong> RF308<p>Product <strong>M&Aacute;Y TH&#7916; &#272;&#7896; S&#7900;N V&#7842;I ICI REFOND MODEL RF308<\/strong> ch&iacute;nh h&atilde;ng. Refond (China)<br>\nM&aacute;y Th&#7917; &#272;&#7897; S&#7901;n V&#7843;i ICI Refond Model RF308 gi&uacute;p &#273;&aacute;nh gi&aacute; xu h&#432;&#7899;ng m&oacute;c s&#7907;i v&agrave; s&#7901;n v&#7843;i theo ti&ecirc;u chu&#7849;n ASTM, ISO, JIS, ph&ugrave; h&#7907;p ph&ograve;ng th&iacute; nghi&#7879;m d&#7879;t may, nh&agrave; m&aacute;y s&#7843;n xu&#7845;t v&#7843;i v&agrave; trung t&acirc;m ki&#7875;m &#273;&#7883;nh ch&#7845;t l&#432;&#7907;ng.<\/p><\/p>","protected":false},"featured_media":10127,"comment_status":"open","ping_status":"closed","template":"","meta":[],"product_brand":[],"product_cat":[18],"product_tag":[116,120,181,217,1626,1718,3033,3034,109],"class_list":{"0":"post-7656","1":"product","2":"type-product","3":"status-publish","4":"has-post-thumbnail","6":"product_cat-chua-phan-loai","7":"product_tag-model","8":"product_tag-thu","9":"product_tag-do","10":"product_tag-son","11":"product_tag-refond","12":"product_tag-vai","13":"product_tag-ici","14":"product_tag-rf308","15":"product_tag-may","17":"first","18":"instock","19":"shipping-taxable","20":"product-type-simple"},"yoast_head":"<!-- This site is optimized with the Yoast SEO Premium plugin v24.8 (Yoast SEO v24.8) - https:\/\/yoast.com\/wordpress\/plugins\/seo\/ -->\n<title>M\u00c1Y TH\u1eec \u0110\u1ed8 S\u1edcN V\u1ea2I ICI REFOND MODEL... ch\u00ednh h\u00e3ng | V\u1ea1n N\u0103ng<\/title>\n<meta name=\"description\" content=\"Mua ngay M\u00c1Y TH\u1eec \u0110\u1ed8 S\u1edcN V\u1ea2I ICI REFOND MODEL RF308 ch\u00ednh h\u00e3ng. M\u00e1y Th\u1eed \u0110\u1ed9 S\u1eddn V\u1ea3i ICI Refond Model RF308 gi\u00fap \u0111\u00e1nh gi\u00e1 xu h\u01b0\u1edbng m\u00f3... Gi\u00e1 t\u1ed1t!\" \/>\n<meta name=\"robots\" content=\"noindex, follow, max-snippet:-1, max-image-preview:large, max-video-preview:-1\" \/>\n<meta property=\"og:locale\" content=\"en_US\" \/>\n<meta property=\"og:type\" content=\"article\" \/>\n<meta property=\"og:title\" content=\"M\u00c1Y TH\u1eec \u0110\u1ed8 S\u1edcN V\u1ea2I ICI REFOND MODEL RF308\" \/>\n<meta property=\"og:description\" content=\"Mua ngay M\u00c1Y TH\u1eec \u0110\u1ed8 S\u1edcN V\u1ea2I ICI REFOND MODEL RF308 ch\u00ednh h\u00e3ng. M\u00e1y Th\u1eed \u0110\u1ed9 S\u1eddn V\u1ea3i ICI Refond Model RF308 gi\u00fap \u0111\u00e1nh gi\u00e1 xu h\u01b0\u1edbng m\u00f3... Gi\u00e1 t\u1ed1t!\" \/>\n<meta property=\"og:url\" content=\"https:\/\/vannangvn.123websitedev.com\/en\/product\/may-thu-do-son-vai-ici-refond-model-rf308\/\" \/>\n<meta property=\"og:site_name\" content=\"Vannang.vn\" \/>\n<meta property=\"article:modified_time\" content=\"2026-03-30T11:48:39+00:00\" \/>\n<meta property=\"og:image\" content=\"http:\/\/vannangvn.123websitedev.com\/wp-content\/uploads\/2026\/03\/40-3-768x576-copy.jpg\" \/>\n\t<meta property=\"og:image:width\" content=\"768\" \/>\n\t<meta property=\"og:image:height\" content=\"576\" \/>\n\t<meta property=\"og:image:type\" content=\"image\/jpeg\" \/>\n<meta name=\"twitter:card\" content=\"summary_large_image\" \/>\n<meta name=\"twitter:label1\" content=\"Est. reading time\" \/>\n\t<meta name=\"twitter:data1\" content=\"9 minutes\" \/>\n<script type=\"application\/ld+json\" class=\"yoast-schema-graph\">{\"@context\":\"https:\/\/schema.org\",\"@graph\":[{\"@type\":\"WebPage\",\"@id\":\"https:\/\/vannangvn.123websitedev.com\/san-pham\/may-thu-do-son-vai-ici-refond-model-rf308\/\",\"url\":\"https:\/\/vannangvn.123websitedev.com\/san-pham\/may-thu-do-son-vai-ici-refond-model-rf308\/\",\"name\":\"M\u00c1Y TH\u1eec \u0110\u1ed8 S\u1edcN V\u1ea2I ICI REFOND MODEL... ch\u00ednh h\u00e3ng | V\u1ea1n N\u0103ng\",\"isPartOf\":{\"@id\":\"https:\/\/vannangvn.123websitedev.com\/#website\"},\"primaryImageOfPage\":{\"@id\":\"https:\/\/vannangvn.123websitedev.com\/san-pham\/may-thu-do-son-vai-ici-refond-model-rf308\/#primaryimage\"},\"image\":{\"@id\":\"https:\/\/vannangvn.123websitedev.com\/san-pham\/may-thu-do-son-vai-ici-refond-model-rf308\/#primaryimage\"},\"thumbnailUrl\":\"https:\/\/vannangvn.123websitedev.com\/wp-content\/uploads\/2026\/03\/40-3-768x576-copy.jpg\",\"datePublished\":\"2026-03-20T12:05:47+00:00\",\"dateModified\":\"2026-03-30T11:48:39+00:00\",\"description\":\"Mua ngay M\u00c1Y TH\u1eec \u0110\u1ed8 S\u1edcN V\u1ea2I ICI REFOND MODEL RF308 ch\u00ednh h\u00e3ng. M\u00e1y Th\u1eed \u0110\u1ed9 S\u1eddn V\u1ea3i ICI Refond Model RF308 gi\u00fap \u0111\u00e1nh gi\u00e1 xu h\u01b0\u1edbng m\u00f3... Gi\u00e1 t\u1ed1t!\",\"breadcrumb\":{\"@id\":\"https:\/\/vannangvn.123websitedev.com\/san-pham\/may-thu-do-son-vai-ici-refond-model-rf308\/#breadcrumb\"},\"inLanguage\":\"en-US\",\"potentialAction\":[{\"@type\":\"ReadAction\",\"target\":[\"https:\/\/vannangvn.123websitedev.com\/san-pham\/may-thu-do-son-vai-ici-refond-model-rf308\/\"]}]},{\"@type\":\"ImageObject\",\"inLanguage\":\"en-US\",\"@id\":\"https:\/\/vannangvn.123websitedev.com\/san-pham\/may-thu-do-son-vai-ici-refond-model-rf308\/#primaryimage\",\"url\":\"https:\/\/vannangvn.123websitedev.com\/wp-content\/uploads\/2026\/03\/40-3-768x576-copy.jpg\",\"contentUrl\":\"https:\/\/vannangvn.123websitedev.com\/wp-content\/uploads\/2026\/03\/40-3-768x576-copy.jpg\",\"width\":768,\"height\":576},{\"@type\":\"BreadcrumbList\",\"@id\":\"https:\/\/vannangvn.123websitedev.com\/san-pham\/may-thu-do-son-vai-ici-refond-model-rf308\/#breadcrumb\",\"itemListElement\":[{\"@type\":\"ListItem\",\"position\":1,\"name\":\"Trang ch\u1ee7\",\"item\":\"https:\/\/vannangvn.123websitedev.com\/\"},{\"@type\":\"ListItem\",\"position\":2,\"name\":\"S\u1ea3n ph\u1ea9m\",\"item\":\"https:\/\/vannangvn.123websitedev.com\/cua-hang\/\"},{\"@type\":\"ListItem\",\"position\":3,\"name\":\"M\u00c1Y TH\u1eec \u0110\u1ed8 S\u1edcN V\u1ea2I ICI REFOND MODEL RF308\"}]},{\"@type\":\"WebSite\",\"@id\":\"https:\/\/vannangvn.123websitedev.com\/#website\",\"url\":\"https:\/\/vannangvn.123websitedev.com\/\",\"name\":\"Vannang.vn\",\"description\":\"\",\"publisher\":{\"@id\":\"https:\/\/vannangvn.123websitedev.com\/#organization\"},\"potentialAction\":[{\"@type\":\"SearchAction\",\"target\":{\"@type\":\"EntryPoint\",\"urlTemplate\":\"https:\/\/vannangvn.123websitedev.com\/?s={search_term_string}\"},\"query-input\":{\"@type\":\"PropertyValueSpecification\",\"valueRequired\":true,\"valueName\":\"search_term_string\"}}],\"inLanguage\":\"en-US\"},{\"@type\":\"Organization\",\"@id\":\"https:\/\/vannangvn.123websitedev.com\/#organization\",\"name\":\"Vannang.vn\",\"url\":\"https:\/\/vannangvn.123websitedev.com\/\",\"logo\":{\"@type\":\"ImageObject\",\"inLanguage\":\"en-US\",\"@id\":\"https:\/\/vannangvn.123websitedev.com\/#\/schema\/logo\/image\/\",\"url\":\"https:\/\/vannangvn.123websitedev.com\/wp-content\/uploads\/2026\/02\/logo-van-nang-02.png\",\"contentUrl\":\"https:\/\/vannangvn.123websitedev.com\/wp-content\/uploads\/2026\/02\/logo-van-nang-02.png\",\"width\":448,\"height\":111,\"caption\":\"Vannang.vn\"},\"image\":{\"@id\":\"https:\/\/vannangvn.123websitedev.com\/#\/schema\/logo\/image\/\"}}]}<\/script>\n<!-- \/ Yoast SEO Premium plugin. -->","yoast_head_json":{"title":"M\u00c1Y TH\u1eec \u0110\u1ed8 S\u1edcN V\u1ea2I ICI REFOND MODEL... ch\u00ednh h\u00e3ng | V\u1ea1n N\u0103ng","description":"Mua ngay M\u00c1Y TH\u1eec \u0110\u1ed8 S\u1edcN V\u1ea2I ICI REFOND MODEL RF308 ch\u00ednh h\u00e3ng. M\u00e1y Th\u1eed \u0110\u1ed9 S\u1eddn V\u1ea3i ICI Refond Model RF308 gi\u00fap \u0111\u00e1nh gi\u00e1 xu h\u01b0\u1edbng m\u00f3... Gi\u00e1 t\u1ed1t!","robots":{"index":"noindex","follow":"follow","max-snippet":"max-snippet:-1","max-image-preview":"max-image-preview:large","max-video-preview":"max-video-preview:-1"},"og_locale":"en_US","og_type":"article","og_title":"M\u00c1Y TH\u1eec \u0110\u1ed8 S\u1edcN V\u1ea2I ICI REFOND MODEL RF308","og_description":"Mua ngay M\u00c1Y TH\u1eec \u0110\u1ed8 S\u1edcN V\u1ea2I ICI REFOND MODEL RF308 ch\u00ednh h\u00e3ng. M\u00e1y Th\u1eed \u0110\u1ed9 S\u1eddn V\u1ea3i ICI Refond Model RF308 gi\u00fap \u0111\u00e1nh gi\u00e1 xu h\u01b0\u1edbng m\u00f3... Gi\u00e1 t\u1ed1t!","og_url":"https:\/\/vannangvn.123websitedev.com\/en\/product\/may-thu-do-son-vai-ici-refond-model-rf308\/","og_site_name":"Vannang.vn","article_modified_time":"2026-03-30T11:48:39+00:00","og_image":[{"width":768,"height":576,"url":"http:\/\/vannangvn.123websitedev.com\/wp-content\/uploads\/2026\/03\/40-3-768x576-copy.jpg","type":"image\/jpeg"}],"twitter_card":"summary_large_image","twitter_misc":{"Est. reading time":"9 minutes"},"schema":{"@context":"https:\/\/schema.org","@graph":[{"@type":"WebPage","@id":"https:\/\/vannangvn.123websitedev.com\/san-pham\/may-thu-do-son-vai-ici-refond-model-rf308\/","url":"https:\/\/vannangvn.123websitedev.com\/san-pham\/may-thu-do-son-vai-ici-refond-model-rf308\/","name":"M\u00c1Y TH\u1eec \u0110\u1ed8 S\u1edcN V\u1ea2I ICI REFOND MODEL... ch\u00ednh h\u00e3ng | V\u1ea1n N\u0103ng","isPartOf":{"@id":"https:\/\/vannangvn.123websitedev.com\/#website"},"primaryImageOfPage":{"@id":"https:\/\/vannangvn.123websitedev.com\/san-pham\/may-thu-do-son-vai-ici-refond-model-rf308\/#primaryimage"},"image":{"@id":"https:\/\/vannangvn.123websitedev.com\/san-pham\/may-thu-do-son-vai-ici-refond-model-rf308\/#primaryimage"},"thumbnailUrl":"https:\/\/vannangvn.123websitedev.com\/wp-content\/uploads\/2026\/03\/40-3-768x576-copy.jpg","datePublished":"2026-03-20T12:05:47+00:00","dateModified":"2026-03-30T11:48:39+00:00","description":"Mua ngay M\u00c1Y TH\u1eec \u0110\u1ed8 S\u1edcN V\u1ea2I ICI REFOND MODEL RF308 ch\u00ednh h\u00e3ng. M\u00e1y Th\u1eed \u0110\u1ed9 S\u1eddn V\u1ea3i ICI Refond Model RF308 gi\u00fap \u0111\u00e1nh gi\u00e1 xu h\u01b0\u1edbng m\u00f3... Gi\u00e1 t\u1ed1t!","breadcrumb":{"@id":"https:\/\/vannangvn.123websitedev.com\/san-pham\/may-thu-do-son-vai-ici-refond-model-rf308\/#breadcrumb"},"inLanguage":"en-US","potentialAction":[{"@type":"ReadAction","target":["https:\/\/vannangvn.123websitedev.com\/san-pham\/may-thu-do-son-vai-ici-refond-model-rf308\/"]}]},{"@type":"ImageObject","inLanguage":"en-US","@id":"https:\/\/vannangvn.123websitedev.com\/san-pham\/may-thu-do-son-vai-ici-refond-model-rf308\/#primaryimage","url":"https:\/\/vannangvn.123websitedev.com\/wp-content\/uploads\/2026\/03\/40-3-768x576-copy.jpg","contentUrl":"https:\/\/vannangvn.123websitedev.com\/wp-content\/uploads\/2026\/03\/40-3-768x576-copy.jpg","width":768,"height":576},{"@type":"BreadcrumbList","@id":"https:\/\/vannangvn.123websitedev.com\/san-pham\/may-thu-do-son-vai-ici-refond-model-rf308\/#breadcrumb","itemListElement":[{"@type":"ListItem","position":1,"name":"Trang ch\u1ee7","item":"https:\/\/vannangvn.123websitedev.com\/"},{"@type":"ListItem","position":2,"name":"S\u1ea3n ph\u1ea9m","item":"https:\/\/vannangvn.123websitedev.com\/cua-hang\/"},{"@type":"ListItem","position":3,"name":"M\u00c1Y TH\u1eec \u0110\u1ed8 S\u1edcN V\u1ea2I ICI REFOND MODEL RF308"}]},{"@type":"WebSite","@id":"https:\/\/vannangvn.123websitedev.com\/#website","url":"https:\/\/vannangvn.123websitedev.com\/","name":"Vannang.vn","description":"","publisher":{"@id":"https:\/\/vannangvn.123websitedev.com\/#organization"},"potentialAction":[{"@type":"SearchAction","target":{"@type":"EntryPoint","urlTemplate":"https:\/\/vannangvn.123websitedev.com\/?s={search_term_string}"},"query-input":{"@type":"PropertyValueSpecification","valueRequired":true,"valueName":"search_term_string"}}],"inLanguage":"en-US"},{"@type":"Organization","@id":"https:\/\/vannangvn.123websitedev.com\/#organization","name":"Vannang.vn","url":"https:\/\/vannangvn.123websitedev.com\/","logo":{"@type":"ImageObject","inLanguage":"en-US","@id":"https:\/\/vannangvn.123websitedev.com\/#\/schema\/logo\/image\/","url":"https:\/\/vannangvn.123websitedev.com\/wp-content\/uploads\/2026\/02\/logo-van-nang-02.png","contentUrl":"https:\/\/vannangvn.123websitedev.com\/wp-content\/uploads\/2026\/02\/logo-van-nang-02.png","width":448,"height":111,"caption":"Vannang.vn"},"image":{"@id":"https:\/\/vannangvn.123websitedev.com\/#\/schema\/logo\/image\/"}}]}},"_links":{"self":[{"href":"https:\/\/vannangvn.123websitedev.com\/en\/wp-json\/wp\/v2\/product\/7656","targetHints":{"allow":["GET"]}}],"collection":[{"href":"https:\/\/vannangvn.123websitedev.com\/en\/wp-json\/wp\/v2\/product"}],"about":[{"href":"https:\/\/vannangvn.123websitedev.com\/en\/wp-json\/wp\/v2\/types\/product"}],"replies":[{"embeddable":true,"href":"https:\/\/vannangvn.123websitedev.com\/en\/wp-json\/wp\/v2\/comments?post=7656"}],"wp:featuredmedia":[{"embeddable":true,"href":"https:\/\/vannangvn.123websitedev.com\/en\/wp-json\/wp\/v2\/media\/10127"}],"wp:attachment":[{"href":"https:\/\/vannangvn.123websitedev.com\/en\/wp-json\/wp\/v2\/media?parent=7656"}],"wp:term":[{"taxonomy":"product_brand","embeddable":true,"href":"https:\/\/vannangvn.123websitedev.com\/en\/wp-json\/wp\/v2\/product_brand?post=7656"},{"taxonomy":"product_cat","embeddable":true,"href":"https:\/\/vannangvn.123websitedev.com\/en\/wp-json\/wp\/v2\/product_cat?post=7656"},{"taxonomy":"product_tag","embeddable":true,"href":"https:\/\/vannangvn.123websitedev.com\/en\/wp-json\/wp\/v2\/product_tag?post=7656"}],"curies":[{"name":"wp","href":"https:\/\/api.w.org\/{rel}","templated":true}]}}