{"id":7663,"date":"2026-03-20T19:06:01","date_gmt":"2026-03-20T12:06:01","guid":{"rendered":"https:\/\/vannangvn.123websitedev.com\/san-pham\/may-thu-nghiem-lun-lom-sieu-nano-anton-paar-model-unht%c2%b3-standard\/"},"modified":"2026-03-30T18:48:48","modified_gmt":"2026-03-30T11:48:48","slug":"may-thu-nghiem-lun-lom-sieu-nano-anton-paar-model-unht%c2%b3-standard","status":"publish","type":"product","link":"https:\/\/vannangvn.123websitedev.com\/en\/product\/may-thu-nghiem-lun-lom-sieu-nano-anton-paar-model-unht%c2%b3-standard\/","title":{"rendered":"M\u00c1Y TH\u1eec NGHI\u1ec6M L\u00daN L\u00d5M SI\u00caU NANO ANTON PAAR MODEL UNHT\u00b3 STANDARD"},"content":{"rendered":"<h1 style=\"color: red; font-weight: bold; font-size: 24px;\">T&#7893;ng quan s&#7843;n ph&#7849;m M&Aacute;Y TH&#7916; NGHI&#7878;M L&Uacute;N L&Otilde;M SI&Ecirc;U NANO ANTON PAAR MODEL UNHT&sup3; STANDARD<p>M&aacute;y Th&#7917; Nghi&#7879;m L&uacute;n L&otilde;m Si&ecirc;u Nano (Ultra Nanoindentation Tester) Anton Paar Model UNHT&sup3; Standard<br>\nUNHT&sup3; (Ultra Nanoindentation Tester) l&agrave; m&#7897;t thi&#7871;t b&#7883; ki&#7875;m tra &#273;&#7897; l&uacute;n l&otilde;m v&#7899;i &#273;&#417;n v&#7883; c&#7921;c nh&#7887; v&agrave; &#273;&#7897; ph&acirc;n gi&#7843;i si&ecirc;u cao, gi&uacute;p ph&acirc;n t&iacute;ch c&aacute;c t&iacute;nh ch&#7845;t c&#417; h&#7885;c c&#7911;a v&#7853;t li&#7879;u t&#7899;i t&#7927; l&#7879; nano. &#272;&#432;&#7907;c thi&#7871;t k&#7871; v&#7899;i m&ocirc;i tr&#432;&#7901;ng ch&acirc;n kh&ocirc;ng v&agrave; quy tr&igrave;nh ho&agrave;n to&agrave;n t&#7921; &#273;&#7897;ng, UNHT&sup3; cung c&#7845;p ki&#7875;m so&aacute;t ch&iacute;nh x&aacute;c v&agrave; b&#7843;o v&#7879; m&#7851;u kh&#7887;i s&#7921; oxy h&oacute;a, &#273;&#7891;ng th&#7901;i gi&#7843;m thi&#7875;u s&#7921; &#273;u&#7893;i nhi&#7879;t.<br>\n&#272;&#7863;c bi&#7879;t, v&#7899;i kh&#7843; n&#259;ng th&#7917; nghi&#7879;m &#7903; nhi&#7873;u nhi&#7879;t &#273;&#7897; kh&aacute;c nhau t&#7915; -150 &deg;C &#273;&#7871;n 800 &deg;C v&agrave; m&#7913;c ch&acirc;n kh&ocirc;ng xu&#7889;ng t&#7899;i 10-7 mbar, UNHT&sup3; ph&ugrave; h&#7907;p cho vi&#7879;c &#273;o l&#432;&#7901;ng tr&ecirc;n m&#7885;i lo&#7841;i v&#7853;t li&#7879;u t&#7915; c&#7845;p nguy&ecirc;n t&#7917; &#273;&#7871;n t&#7927; l&#7879; nano. H&atilde;y c&ugrave;ng Thi&#7871;t B&#7883; C&ocirc;ng Ngh&#7879; V&#7841;n N&#259;ng t&igrave;m hi&#7875;u chi ti&#7871;t v&#7873; Ultra Nanoindentation Tester c&#7911;a Anton Paar ngay d&#432;&#7899;i b&agrave;i vi&#7871;t n&agrave;y.<\/p><p>N&eacute;t &#272;&#7863;c Tr&#432;ng C&#7911;a UNHT&sup3;<br>\nThi&#7871;t b&#7883; &#273;o nano ch&iacute;nh x&aacute;c nh&#7845;t<\/p><p>V&#7899;i hai c&#7843;m bi&#7871;n &#273;&#7897; s&acirc;u v&agrave; t&#7843;i tr&#7885;ng &#273;&#7897;c l&#7853;p, M&aacute;y Th&#7917; Nghi&#7879;m &#273;&#7897; l&otilde;m UNHT&sup3; Standard &#273;o l&#432;&#7901;ng ch&iacute;nh x&aacute;c nh&#7919;ng g&igrave; m&agrave; nh&#7919;ng thi&#7871;t b&#7883; kh&aacute;c ch&#7881; &#432;&#7899;c l&#432;&#7907;ng. Kh&ocirc;ng ch&#7881; &#273;o l&#432;&#7901;ng m&agrave; c&ograve;n ki&#7875;m so&aacute;t v&#7873; l&#7921;c v&agrave; &#273;&#7897; s&acirc;u c&#7911;a v&#7871;t l&otilde;m. Lo&#7841;i b&#7887; m&#7885;i v&#7845;n &#273;&#7873; v&#7873; &#273;&#7897; l&#7879;ch nhi&#7879;t &#273;&#7897; v&agrave; cho ph&eacute;p &#273;o ph&#7841;m vi &#273;&#7897; s&acirc;u v&#7871;t l&otilde;m l&#7899;n (t&#7915; v&agrave;i nm &#273;&#7871;n 100 &mu;m) v&agrave; t&#7843;i tr&#7885;ng v&#7871;t l&otilde;m (t&#7915; v&agrave;i &mu;N &#273;&#7871;n 100 mN). &#272;&#7891;ng th&#7901;i, m&aacute;y tu&acirc;n th&#7911; nghi&#7879;m ng&#7863;t ti&ecirc;u chu&#7849;n qu&#7889;c t&#7871; ASTM E2546 gi&uacute;p cho ng&#432;&#7901;i d&ugrave;ng y&ecirc;n t&acirc;m v&#7873; ch&#7845;t l&#432;&#7907;ng v&agrave; &#273;&#7897; ch&iacute;nh x&aacute;c c&#7911;a k&#7871;t qu&#7843; sau khi ki&#7875;m tra b&#7857;ng m&aacute;y.<br>\n&#272;&#7897; &#7893;n &#273;&#7883;nh cao nh&#7845;t tr&ecirc;n th&#7883; tr&#432;&#7901;ng<\/p><p>S&#7917; d&#7909;ng c&ocirc;ng ngh&#7879; &#273;&#7897;c quy&#7873;n c&#7911;a Anton Paar v&#7873; b&#7873; m&#7863;t tham chi&#7871;u t&iacute;ch h&#7907;p v&agrave; v&#7853;t li&#7879;u Zerodur, model UNHT&sup3; l&agrave; thi&#7871;t b&#7883; duy nh&#7845;t &#273;&#7841;t &#273;&#7871;n &#273;&#7897; tr&ocirc;i nhi&#7879;t kh&ocirc;ng &#273;&aacute;ng k&#7875; xu&#7889;ng &#273;&#7871;n 10 fm\/gi&acirc;y m&agrave; kh&ocirc;ng c&#7847;n b&#7845;t k&#7923; s&#7921; &#273;i&#7873;u ch&#7881;nh n&agrave;o v&#7873; &#273;&#7897; s&acirc;u.<\/p><h2 style=\"color: #2e7d32; font-weight: bold; font-size: 20px;\">T&iacute;nh n&#259;ng si&ecirc;u vi&#7879;t<\/h2><p>Nh&#7901; t&iacute;nh &#7893;n &#273;&#7883;nh nhi&#7879;t &#273;&#7897; &#273;&#7897;c &#273;&aacute;o, m&#7851;u c&oacute; th&#7875; &#273;&#432;&#7907;c &#273;o l&#432;&#7901;ng ngay sau khi l&#7855;p &#273;&#7863;t m&agrave; kh&ocirc;ng c&#7847;n &#273;&#7907;i &#273;&#7875; &#7893;n &#273;&#7883;nh nhi&#7879;t &#273;&#7897;. Ch&#7871; &#273;&#7897; Quick mode gi&uacute;p th&#7921;c hi&#7879;n h&#417;n &#273;o 600 &#273;o l&#432;&#7901;ng m&#7895;i gi&#7901; v&#7899;i &#273;&#432;&#7901;ng cong l&otilde;m th&#7921;c. H&#7895; tr&#7907; ng&#432;&#7901;i d&ugrave;ng ti&#7871;t ki&#7879;m th&#7901;i gian c&#361;ng nh&#432; ngu&#7891;n l&#7921;c, &#273;em &#273;&#7871;n tr&#7843;i nghi&#7879;m m&#432;&#7907;t m&agrave; nh&#7845;t t&#7915; tr&#432;&#7899;c &#273;&#7871;n nay.<\/p><p>M&aacute;y Th&#7917; Nghi&#7879;m &#272;&#7897; L&uacute;n L&otilde;m UNHT&sup3; c&ograve;n cho ph&eacute;p ng&#432;&#7901;i d&ugrave;ng ph&acirc;n t&iacute;ch DMA &#273;&#7875; &#273;o &#273;&#7897; s&acirc;u c&#7911;a c&aacute;c t&iacute;nh ch&#7845;t c&#417; h&#7885;c v&agrave; &#273;o c&aacute;c t&iacute;nh ch&#7845;t nh&#432; &#273;&agrave;n h&#7891;i nh&#7899;t tr&ecirc;n c&aacute;c m&#7851;u t&#7915; l&#7899;p m&#7887;ng &#273;&#7871;n v&#7853;t li&#7879;u h&agrave;ng lo&#7841;t.<br>\nN&#7873;n t&#7843;ng Step<\/p><p>N&#7873;n t&#7843;ng Step cho ph&eacute;p th&#7917; nghi&#7879;m &#273;a d&#7841;ng v&#7873; c&#417; h&#7885;c b&#7873; m&#7863;t, t&#7915; c&aacute;c th&#7917; nghi&#7879;m nanoindentation, scratch &#273;&#7871;n &#273;o &#273;&#7841;c b&#7873; m&#7863;t v&#7899;i AFM. Ng&#432;&#7901;i d&ugrave;ng c&oacute; th&#7875; t&ugrave;y ch&#7881;nh theo nhu c&#7847;u s&#7917; d&#7909;ng b&#7857;ng nh&#7919;ng thao t&aacute;c &#273;&#417;n gi&#7843;n.<br>\nKhi &#273;o trong m&ocirc;i tr&#432;&#7901;ng ch&acirc;n kh&ocirc;ng v&agrave; nhi&#7879;t &#273;&#7897; cao l&ecirc;n &#273;&#7871;n 800 &deg;C: UNHT&sup3; Standard l&agrave; thi&#7871;t b&#7883; th&#7917; nghi&#7879;m l&uacute;n &ndash; l&otilde;m duy nh&#7845;t v&#7899;i quy tr&igrave;nh t&#7921; &#273;&#7897;ng ho&agrave;n to&agrave;n &#273;&#7875; gi&#7843;m thi&#7875;u s&#7921; &#273;u&#7893;i nhi&#7879;t, c&oacute; th&#7875; &#273;&#7841;t &#273;&#7871;n 0903 991 335!<\/p><div style=\"background-color: #f8fafc; border: 1px solid #e2e8f0; border-radius: 8px; padding: 25px; max-width: 800px; margin: 30px auto; color: #334155; line-height: 1.8; font-size: 17px; box-shadow: 0 4px 6px -1px rgba(0,0,0,0.05); text-align: left; clear: both;\">\nC&ocirc;ng ty TNHH Th&#432;&#417;ng M&#7841;i D&#7883;ch V&#7909; Thi&#7871;t B&#7883; C&ocirc;ng Ngh&#7879; V&#7841;n N&#259;ng\n<p style=\"margin: 0 0 10px 0;\">&#128205; <strong style=\"color: #1e293b;\">&#272;&#7883;a ch&#7881;:<\/strong> <a style=\"color: #059669; text-decoration: none; font-weight: bold;\" href=\"https:\/\/www.google.com\/maps\/search\/C%C3%B4ng+ty+TNHH+Th%C6%B0%C6%A1ng+M%E1%BA%A1i+D%E1%BB%8Bch+V%E1%BB%A5+Thi%E1%BA%BFt+B%E1%BB%8B+C%C3%B4ng+Ngh%E1%BB%87+V%E1%BA%A1n+N%C4%83ng+818+Tr%C6%B0%E1%BB%9Dng+Chinh\" target=\"_blank\" rel=\"noopener\">818 Tr&#432;&#7901;ng Chinh, Ph&#432;&#7901;ng T&acirc;n S&#417;n, Th&agrave;nh ph&#7889; H&#7891; Ch&iacute; Minh, Vi&#7879;t Nam<\/a><\/p>\n<p style=\"margin: 0 0 10px 0;\">&#128222; <strong style=\"color: #1e293b;\">S&#272;T &ndash; Zalo:<\/strong> <a style=\"color: #059669; text-decoration: none; font-weight: bold;\" href=\"https:\/\/zalo.me\/0903991335\" target=\"_blank\" rel=\"noopener\">0903 991 335<\/a> <span style=\"color: #64748b; font-style: italic;\">(Ms. H&#7841;nh &ndash; Gi&aacute;m &#272;&#7889;c Kinh Doanh)<\/span><\/p>\n<p style=\"margin: 0;\">&#9993;&#65039; <strong style=\"color: #1e293b;\">Email:<\/strong> <a style=\"color: #059669; text-decoration: none; font-weight: bold;\" href=\"mailto:hienhanh@vannangvn.com\">hienhanh@vannangvn.com<\/a><\/p>\n<\/div><\/h1>","protected":false},"excerpt":{"rendered":"<p><strong>Th&#432;&#417;ng hi&#7879;u:<\/strong> M&aacute;y &#273;o nanoindenter UNHT&sup3; l&agrave; thi&#7871;t b&#7883; hi&#7879;n &#273;&#7841;i &#273;&#7875; &#273;o c&aacute;c t&iacute;nh ch&#7845;t c&#417; h&#7885;c c&#7911;a v&#7853;t li&#7879;u &#7903; quy m&ocirc; r&#7845;t nh&#7887; .&nbsp;M&aacute;y s&#7917; d&#7909;ng c&ocirc;ng ngh&#7879; ti&ecirc;n ti&#7871;n &#273;&#7875; lo&#7841;i b&#7887; c&aacute;c &#7843;nh h&#432;&#7903;ng kh&ocirc;ng mong mu&#7889;n v&agrave; cho ph&eacute;p &#273;o l&#432;&#7901;ng ch&iacute;nh x&aacute;c v&agrave; &#7893;n &#273;&#7883;nh trong th&#7901;i gian d&agrave;i.&nbsp;UNHT&sup3; c&#7911;a Anton Paar ph&ugrave; h&#7907;p v&#7899;i nhi&#7873;u lo&#7841;i v&#7853;t li&#7879;u, t&#7915; ch&#7845;t d&#7867;o &#273;&#7871;n c&aacute;c l&#7899;p v&#7853;t li&#7879;u si&ecirc;u m&#7887;ng.<br>\n<strong>Model:<\/strong> UNHT&sup3;-2<p>Product <strong>M&Aacute;Y TH&#7916; NGHI&#7878;M L&Uacute;N L&Otilde;M SI&Ecirc;U NANO ANTON PAAR MODEL UNHT&sup3; STANDARD<\/strong> ch&iacute;nh h&atilde;ng. M&aacute;y &#273;o nanoindenter UNHT&sup3; l&agrave; thi&#7871;t b&#7883; hi&#7879;n &#273;&#7841;i &#273;&#7875; &#273;o c&aacute;c t&iacute;nh ch&#7845;t c&#417; h&#7885;c c&#7911;a v&#7853;t li&#7879;u &#7903; quy m&ocirc; r&#7845;t nh&#7887; (nano).&nbsp;M&aacute;y s&#7917; d&#7909;ng c&ocirc;ng ngh&#7879; ti&ecirc;n ti&#7871;n &#273;&#7875; lo&#7841;i b&#7887; c&aacute;c &#7843;nh h&#432;&#7903;ng kh&ocirc;ng mong mu&#7889;n v&agrave; cho ph&eacute;p &#273;o l&#432;&#7901;ng ch&iacute;nh x&aacute;c v&agrave; &#7893;n &#273;&#7883;nh trong th&#7901;i gian d&agrave;i.&nbsp;UNHT&sup3; c&#7911;a Anton Paar ph&ugrave; h&#7907;p v&#7899;i nhi&#7873;u lo&#7841;i v&#7853;t li&#7879;u, t&#7915; ch&#7845;t d&#7867;o &#273;&#7871;n c&aacute;c l&#7899;p v&#7853;t li&#7879;u si&ecirc;u m&#7887;ng.<\/p><\/p>","protected":false},"featured_media":8644,"comment_status":"open","ping_status":"closed","template":"","meta":[],"product_brand":[],"product_cat":[18],"product_tag":[120,464,465,491,527,1162,1351,1635,2528,3041,109,116],"class_list":{"0":"post-7663","1":"product","2":"type-product","3":"status-publish","4":"has-post-thumbnail","6":"product_cat-chua-phan-loai","7":"product_tag-thu","8":"product_tag-anton","9":"product_tag-paar","10":"product_tag-standard","11":"product_tag-nghiem","12":"product_tag-sieu","13":"product_tag-nano","14":"product_tag-unht","15":"product_tag-lom","16":"product_tag-lun","17":"product_tag-may","18":"product_tag-model","20":"first","21":"instock","22":"shipping-taxable","23":"product-type-simple"},"yoast_head":"<!-- This site is optimized with the Yoast SEO Premium plugin v24.8 (Yoast SEO v24.8) - https:\/\/yoast.com\/wordpress\/plugins\/seo\/ -->\n<title>M\u00c1Y TH\u1eec NGHI\u1ec6M L\u00daN L\u00d5M SI\u00caU NANO AN... ch\u00ednh h\u00e3ng | V\u1ea1n N\u0103ng<\/title>\n<meta name=\"description\" content=\"Mua ngay M\u00c1Y TH\u1eec NGHI\u1ec6M L\u00daN L\u00d5M SI\u00caU NANO ANTON PAAR MODEL UNHT\u00b3 STANDARD ch\u00ednh h\u00e3ng. Gi\u00e1 t\u1ed1t!\" \/>\n<meta name=\"robots\" content=\"noindex, follow, max-snippet:-1, max-image-preview:large, max-video-preview:-1\" \/>\n<meta property=\"og:locale\" content=\"en_US\" \/>\n<meta property=\"og:type\" content=\"article\" \/>\n<meta property=\"og:title\" content=\"M\u00c1Y TH\u1eec NGHI\u1ec6M L\u00daN L\u00d5M SI\u00caU NANO ANTON PAAR MODEL UNHT\u00b3 STANDARD\" \/>\n<meta property=\"og:description\" content=\"Mua ngay M\u00c1Y TH\u1eec NGHI\u1ec6M L\u00daN L\u00d5M SI\u00caU NANO ANTON PAAR MODEL UNHT\u00b3 STANDARD ch\u00ednh h\u00e3ng. Gi\u00e1 t\u1ed1t!\" \/>\n<meta property=\"og:url\" content=\"https:\/\/vannangvn.123websitedev.com\/en\/product\/may-thu-nghiem-lun-lom-sieu-nano-anton-paar-model-unht\u00b3-standard\/\" \/>\n<meta property=\"og:site_name\" content=\"Vannang.vn\" \/>\n<meta property=\"article:modified_time\" content=\"2026-03-30T11:48:48+00:00\" \/>\n<meta property=\"og:image\" content=\"http:\/\/vannangvn.123websitedev.com\/wp-content\/uploads\/2026\/03\/May-Thu-Nghiem-Lun-Lom-Sieu-Nano-Ultra-Nanoindentation-Tester-Anton-Paar-Model-UNHT\u00b3-HTV1-copy.jpg\" \/>\n\t<meta property=\"og:image:width\" content=\"768\" \/>\n\t<meta property=\"og:image:height\" content=\"576\" \/>\n\t<meta property=\"og:image:type\" content=\"image\/jpeg\" \/>\n<meta name=\"twitter:card\" content=\"summary_large_image\" \/>\n<meta name=\"twitter:label1\" content=\"Est. reading time\" \/>\n\t<meta name=\"twitter:data1\" content=\"4 minutes\" \/>\n<script type=\"application\/ld+json\" class=\"yoast-schema-graph\">{\"@context\":\"https:\/\/schema.org\",\"@graph\":[{\"@type\":\"WebPage\",\"@id\":\"https:\/\/vannangvn.123websitedev.com\/san-pham\/may-thu-nghiem-lun-lom-sieu-nano-anton-paar-model-unht%c2%b3-standard\/\",\"url\":\"https:\/\/vannangvn.123websitedev.com\/san-pham\/may-thu-nghiem-lun-lom-sieu-nano-anton-paar-model-unht%c2%b3-standard\/\",\"name\":\"M\u00c1Y TH\u1eec NGHI\u1ec6M L\u00daN L\u00d5M SI\u00caU NANO AN... ch\u00ednh h\u00e3ng | V\u1ea1n N\u0103ng\",\"isPartOf\":{\"@id\":\"https:\/\/vannangvn.123websitedev.com\/#website\"},\"primaryImageOfPage\":{\"@id\":\"https:\/\/vannangvn.123websitedev.com\/san-pham\/may-thu-nghiem-lun-lom-sieu-nano-anton-paar-model-unht%c2%b3-standard\/#primaryimage\"},\"image\":{\"@id\":\"https:\/\/vannangvn.123websitedev.com\/san-pham\/may-thu-nghiem-lun-lom-sieu-nano-anton-paar-model-unht%c2%b3-standard\/#primaryimage\"},\"thumbnailUrl\":\"https:\/\/vannangvn.123websitedev.com\/wp-content\/uploads\/2026\/03\/May-Thu-Nghiem-Lun-Lom-Sieu-Nano-Ultra-Nanoindentation-Tester-Anton-Paar-Model-UNHT\u00b3-HTV1-copy.jpg\",\"datePublished\":\"2026-03-20T12:06:01+00:00\",\"dateModified\":\"2026-03-30T11:48:48+00:00\",\"description\":\"Mua ngay M\u00c1Y TH\u1eec NGHI\u1ec6M L\u00daN L\u00d5M SI\u00caU NANO ANTON PAAR MODEL UNHT\u00b3 STANDARD ch\u00ednh h\u00e3ng. Gi\u00e1 t\u1ed1t!\",\"breadcrumb\":{\"@id\":\"https:\/\/vannangvn.123websitedev.com\/san-pham\/may-thu-nghiem-lun-lom-sieu-nano-anton-paar-model-unht%c2%b3-standard\/#breadcrumb\"},\"inLanguage\":\"en-US\",\"potentialAction\":[{\"@type\":\"ReadAction\",\"target\":[\"https:\/\/vannangvn.123websitedev.com\/san-pham\/may-thu-nghiem-lun-lom-sieu-nano-anton-paar-model-unht%c2%b3-standard\/\"]}]},{\"@type\":\"ImageObject\",\"inLanguage\":\"en-US\",\"@id\":\"https:\/\/vannangvn.123websitedev.com\/san-pham\/may-thu-nghiem-lun-lom-sieu-nano-anton-paar-model-unht%c2%b3-standard\/#primaryimage\",\"url\":\"https:\/\/vannangvn.123websitedev.com\/wp-content\/uploads\/2026\/03\/May-Thu-Nghiem-Lun-Lom-Sieu-Nano-Ultra-Nanoindentation-Tester-Anton-Paar-Model-UNHT\u00b3-HTV1-copy.jpg\",\"contentUrl\":\"https:\/\/vannangvn.123websitedev.com\/wp-content\/uploads\/2026\/03\/May-Thu-Nghiem-Lun-Lom-Sieu-Nano-Ultra-Nanoindentation-Tester-Anton-Paar-Model-UNHT\u00b3-HTV1-copy.jpg\",\"width\":768,\"height\":576},{\"@type\":\"BreadcrumbList\",\"@id\":\"https:\/\/vannangvn.123websitedev.com\/san-pham\/may-thu-nghiem-lun-lom-sieu-nano-anton-paar-model-unht%c2%b3-standard\/#breadcrumb\",\"itemListElement\":[{\"@type\":\"ListItem\",\"position\":1,\"name\":\"Trang ch\u1ee7\",\"item\":\"https:\/\/vannangvn.123websitedev.com\/\"},{\"@type\":\"ListItem\",\"position\":2,\"name\":\"S\u1ea3n ph\u1ea9m\",\"item\":\"https:\/\/vannangvn.123websitedev.com\/cua-hang\/\"},{\"@type\":\"ListItem\",\"position\":3,\"name\":\"M\u00c1Y TH\u1eec NGHI\u1ec6M L\u00daN L\u00d5M SI\u00caU NANO ANTON PAAR MODEL UNHT\u00b3 STANDARD\"}]},{\"@type\":\"WebSite\",\"@id\":\"https:\/\/vannangvn.123websitedev.com\/#website\",\"url\":\"https:\/\/vannangvn.123websitedev.com\/\",\"name\":\"Vannang.vn\",\"description\":\"\",\"publisher\":{\"@id\":\"https:\/\/vannangvn.123websitedev.com\/#organization\"},\"potentialAction\":[{\"@type\":\"SearchAction\",\"target\":{\"@type\":\"EntryPoint\",\"urlTemplate\":\"https:\/\/vannangvn.123websitedev.com\/?s={search_term_string}\"},\"query-input\":{\"@type\":\"PropertyValueSpecification\",\"valueRequired\":true,\"valueName\":\"search_term_string\"}}],\"inLanguage\":\"en-US\"},{\"@type\":\"Organization\",\"@id\":\"https:\/\/vannangvn.123websitedev.com\/#organization\",\"name\":\"Vannang.vn\",\"url\":\"https:\/\/vannangvn.123websitedev.com\/\",\"logo\":{\"@type\":\"ImageObject\",\"inLanguage\":\"en-US\",\"@id\":\"https:\/\/vannangvn.123websitedev.com\/#\/schema\/logo\/image\/\",\"url\":\"https:\/\/vannangvn.123websitedev.com\/wp-content\/uploads\/2026\/02\/logo-van-nang-02.png\",\"contentUrl\":\"https:\/\/vannangvn.123websitedev.com\/wp-content\/uploads\/2026\/02\/logo-van-nang-02.png\",\"width\":448,\"height\":111,\"caption\":\"Vannang.vn\"},\"image\":{\"@id\":\"https:\/\/vannangvn.123websitedev.com\/#\/schema\/logo\/image\/\"}}]}<\/script>\n<!-- \/ Yoast SEO Premium plugin. -->","yoast_head_json":{"title":"M\u00c1Y TH\u1eec NGHI\u1ec6M L\u00daN L\u00d5M SI\u00caU NANO AN... ch\u00ednh h\u00e3ng | V\u1ea1n N\u0103ng","description":"Mua ngay M\u00c1Y TH\u1eec NGHI\u1ec6M L\u00daN L\u00d5M SI\u00caU NANO ANTON PAAR MODEL UNHT\u00b3 STANDARD ch\u00ednh h\u00e3ng. Gi\u00e1 t\u1ed1t!","robots":{"index":"noindex","follow":"follow","max-snippet":"max-snippet:-1","max-image-preview":"max-image-preview:large","max-video-preview":"max-video-preview:-1"},"og_locale":"en_US","og_type":"article","og_title":"M\u00c1Y TH\u1eec NGHI\u1ec6M L\u00daN L\u00d5M SI\u00caU NANO ANTON PAAR MODEL UNHT\u00b3 STANDARD","og_description":"Mua ngay M\u00c1Y TH\u1eec NGHI\u1ec6M L\u00daN L\u00d5M SI\u00caU NANO ANTON PAAR MODEL UNHT\u00b3 STANDARD ch\u00ednh h\u00e3ng. Gi\u00e1 t\u1ed1t!","og_url":"https:\/\/vannangvn.123websitedev.com\/en\/product\/may-thu-nghiem-lun-lom-sieu-nano-anton-paar-model-unht\u00b3-standard\/","og_site_name":"Vannang.vn","article_modified_time":"2026-03-30T11:48:48+00:00","og_image":[{"width":768,"height":576,"url":"http:\/\/vannangvn.123websitedev.com\/wp-content\/uploads\/2026\/03\/May-Thu-Nghiem-Lun-Lom-Sieu-Nano-Ultra-Nanoindentation-Tester-Anton-Paar-Model-UNHT\u00b3-HTV1-copy.jpg","type":"image\/jpeg"}],"twitter_card":"summary_large_image","twitter_misc":{"Est. reading time":"4 minutes"},"schema":{"@context":"https:\/\/schema.org","@graph":[{"@type":"WebPage","@id":"https:\/\/vannangvn.123websitedev.com\/san-pham\/may-thu-nghiem-lun-lom-sieu-nano-anton-paar-model-unht%c2%b3-standard\/","url":"https:\/\/vannangvn.123websitedev.com\/san-pham\/may-thu-nghiem-lun-lom-sieu-nano-anton-paar-model-unht%c2%b3-standard\/","name":"M\u00c1Y TH\u1eec NGHI\u1ec6M L\u00daN L\u00d5M SI\u00caU NANO AN... ch\u00ednh h\u00e3ng | V\u1ea1n N\u0103ng","isPartOf":{"@id":"https:\/\/vannangvn.123websitedev.com\/#website"},"primaryImageOfPage":{"@id":"https:\/\/vannangvn.123websitedev.com\/san-pham\/may-thu-nghiem-lun-lom-sieu-nano-anton-paar-model-unht%c2%b3-standard\/#primaryimage"},"image":{"@id":"https:\/\/vannangvn.123websitedev.com\/san-pham\/may-thu-nghiem-lun-lom-sieu-nano-anton-paar-model-unht%c2%b3-standard\/#primaryimage"},"thumbnailUrl":"https:\/\/vannangvn.123websitedev.com\/wp-content\/uploads\/2026\/03\/May-Thu-Nghiem-Lun-Lom-Sieu-Nano-Ultra-Nanoindentation-Tester-Anton-Paar-Model-UNHT\u00b3-HTV1-copy.jpg","datePublished":"2026-03-20T12:06:01+00:00","dateModified":"2026-03-30T11:48:48+00:00","description":"Mua ngay M\u00c1Y TH\u1eec NGHI\u1ec6M L\u00daN L\u00d5M SI\u00caU NANO ANTON PAAR MODEL UNHT\u00b3 STANDARD ch\u00ednh h\u00e3ng. Gi\u00e1 t\u1ed1t!","breadcrumb":{"@id":"https:\/\/vannangvn.123websitedev.com\/san-pham\/may-thu-nghiem-lun-lom-sieu-nano-anton-paar-model-unht%c2%b3-standard\/#breadcrumb"},"inLanguage":"en-US","potentialAction":[{"@type":"ReadAction","target":["https:\/\/vannangvn.123websitedev.com\/san-pham\/may-thu-nghiem-lun-lom-sieu-nano-anton-paar-model-unht%c2%b3-standard\/"]}]},{"@type":"ImageObject","inLanguage":"en-US","@id":"https:\/\/vannangvn.123websitedev.com\/san-pham\/may-thu-nghiem-lun-lom-sieu-nano-anton-paar-model-unht%c2%b3-standard\/#primaryimage","url":"https:\/\/vannangvn.123websitedev.com\/wp-content\/uploads\/2026\/03\/May-Thu-Nghiem-Lun-Lom-Sieu-Nano-Ultra-Nanoindentation-Tester-Anton-Paar-Model-UNHT\u00b3-HTV1-copy.jpg","contentUrl":"https:\/\/vannangvn.123websitedev.com\/wp-content\/uploads\/2026\/03\/May-Thu-Nghiem-Lun-Lom-Sieu-Nano-Ultra-Nanoindentation-Tester-Anton-Paar-Model-UNHT\u00b3-HTV1-copy.jpg","width":768,"height":576},{"@type":"BreadcrumbList","@id":"https:\/\/vannangvn.123websitedev.com\/san-pham\/may-thu-nghiem-lun-lom-sieu-nano-anton-paar-model-unht%c2%b3-standard\/#breadcrumb","itemListElement":[{"@type":"ListItem","position":1,"name":"Trang ch\u1ee7","item":"https:\/\/vannangvn.123websitedev.com\/"},{"@type":"ListItem","position":2,"name":"S\u1ea3n ph\u1ea9m","item":"https:\/\/vannangvn.123websitedev.com\/cua-hang\/"},{"@type":"ListItem","position":3,"name":"M\u00c1Y TH\u1eec NGHI\u1ec6M L\u00daN L\u00d5M SI\u00caU NANO ANTON PAAR MODEL UNHT\u00b3 STANDARD"}]},{"@type":"WebSite","@id":"https:\/\/vannangvn.123websitedev.com\/#website","url":"https:\/\/vannangvn.123websitedev.com\/","name":"Vannang.vn","description":"","publisher":{"@id":"https:\/\/vannangvn.123websitedev.com\/#organization"},"potentialAction":[{"@type":"SearchAction","target":{"@type":"EntryPoint","urlTemplate":"https:\/\/vannangvn.123websitedev.com\/?s={search_term_string}"},"query-input":{"@type":"PropertyValueSpecification","valueRequired":true,"valueName":"search_term_string"}}],"inLanguage":"en-US"},{"@type":"Organization","@id":"https:\/\/vannangvn.123websitedev.com\/#organization","name":"Vannang.vn","url":"https:\/\/vannangvn.123websitedev.com\/","logo":{"@type":"ImageObject","inLanguage":"en-US","@id":"https:\/\/vannangvn.123websitedev.com\/#\/schema\/logo\/image\/","url":"https:\/\/vannangvn.123websitedev.com\/wp-content\/uploads\/2026\/02\/logo-van-nang-02.png","contentUrl":"https:\/\/vannangvn.123websitedev.com\/wp-content\/uploads\/2026\/02\/logo-van-nang-02.png","width":448,"height":111,"caption":"Vannang.vn"},"image":{"@id":"https:\/\/vannangvn.123websitedev.com\/#\/schema\/logo\/image\/"}}]}},"_links":{"self":[{"href":"https:\/\/vannangvn.123websitedev.com\/en\/wp-json\/wp\/v2\/product\/7663","targetHints":{"allow":["GET"]}}],"collection":[{"href":"https:\/\/vannangvn.123websitedev.com\/en\/wp-json\/wp\/v2\/product"}],"about":[{"href":"https:\/\/vannangvn.123websitedev.com\/en\/wp-json\/wp\/v2\/types\/product"}],"replies":[{"embeddable":true,"href":"https:\/\/vannangvn.123websitedev.com\/en\/wp-json\/wp\/v2\/comments?post=7663"}],"wp:featuredmedia":[{"embeddable":true,"href":"https:\/\/vannangvn.123websitedev.com\/en\/wp-json\/wp\/v2\/media\/8644"}],"wp:attachment":[{"href":"https:\/\/vannangvn.123websitedev.com\/en\/wp-json\/wp\/v2\/media?parent=7663"}],"wp:term":[{"taxonomy":"product_brand","embeddable":true,"href":"https:\/\/vannangvn.123websitedev.com\/en\/wp-json\/wp\/v2\/product_brand?post=7663"},{"taxonomy":"product_cat","embeddable":true,"href":"https:\/\/vannangvn.123websitedev.com\/en\/wp-json\/wp\/v2\/product_cat?post=7663"},{"taxonomy":"product_tag","embeddable":true,"href":"https:\/\/vannangvn.123websitedev.com\/en\/wp-json\/wp\/v2\/product_tag?post=7663"}],"curies":[{"name":"wp","href":"https:\/\/api.w.org\/{rel}","templated":true}]}}