{"id":7688,"date":"2026-03-20T19:06:34","date_gmt":"2026-03-20T12:06:34","guid":{"rendered":"https:\/\/vannangvn.123websitedev.com\/san-pham\/mui-khoan-do-do-day-son-djh-korea\/"},"modified":"2026-03-30T18:49:23","modified_gmt":"2026-03-30T11:49:23","slug":"mui-khoan-do-do-day-son-djh-korea","status":"publish","type":"product","link":"https:\/\/vannangvn.123websitedev.com\/en\/product\/mui-khoan-do-do-day-son-djh-korea\/","title":{"rendered":"M\u0168I KHOAN \u0110O \u0110\u1ed8 D\u00c0Y S\u01a0N DJH KOREA"},"content":{"rendered":"<h1 style=\"color: red; font-weight: bold; font-size: 24px;\">T&#7893;ng quan s&#7843;n ph&#7849;m M&#360;I KHOAN &#272;O &#272;&#7896; D&Agrave;Y S&#416;N DJH KOREA<p>M&#361;i Khoan &#272;o &#272;&#7897; D&agrave;y S&#417;n (Coating Drill) DJH Korea<br>\nM&#361;i khoan DJH KOREA &#273;&#432;&#7907;c ch&#7871; t&#7841;o theo ti&ecirc;u chu&#7849;n ISO 2808 v&#7899;i g&oacute;c c&#7855;t 5.71 &#273;&#7897;, &#273;&#7843;m b&#7843;o &#273;&#7897; ch&iacute;nh x&aacute;c v&agrave; hi&#7879;u qu&#7843; t&#7889;i &#432;u. S&#7843;n ph&#7849;m &#273;&#432;&#7907;c l&agrave;m t&#7915; th&eacute;p h&#7907;p kim cao c&#7845;p, n&#7893;i b&#7853;t v&#7899;i &#273;&#7897; b&#7873;n v&#432;&#7907;t tr&#7897;i, c&oacute; th&#7875; s&#7917; d&#7909;ng t&#7899;i 1200 l&#7847;n. Tuy nhi&ecirc;n, tu&#7893;i th&#7885; th&#7921;c t&#7871; c&#7911;a m&#361;i khoan c&oacute; th&#7875; thay &#273;&#7893;i t&ugrave;y thu&#7897;c v&agrave;o c&aacute;c y&#7871;u t&#7889; b&ecirc;n ngo&agrave;i nh&#432; k&#7929; thu&#7853;t ng&#432;&#7901;i d&ugrave;ng v&agrave; ch&#7845;t li&#7879;u b&#7873; m&#7863;t khoan. H&atilde;y li&ecirc;n h&#7879; v&#7899;i V&#7841;n N&#259;ng Company &#273;&#7875; &#273;&#432;&#7907;c t&#432; v&#7845;n chi ti&#7871;t v&agrave; nh&#7853;n ngay &#432;u &#273;&atilde;i h&#7845;p d&#7851;n th&ocirc;ng qua hotline\/zalo: <a href=\"https:\/\/zalo.me\/0903991335\" target=\"_blank\" rel=\"noopener\" style=\"color: #059669; font-weight: bold; text-decoration: none;\">0903 991 335<\/a>!<\/p><p>Xem th&ecirc;m: Thi&#7871;t B&#7883; &#272;o &#272;&#7897; D&agrave;y S&#417;n Cao C&#7845;p DJH Model FTS-DJH 2025 (NEW)<\/p><div style=\"background-color: #f8fafc; border: 1px solid #e2e8f0; border-radius: 8px; padding: 25px; max-width: 800px; margin: 30px auto; color: #334155; line-height: 1.8; font-size: 17px; box-shadow: 0 4px 6px -1px rgba(0,0,0,0.05); text-align: left; clear: both;\">\nC&ocirc;ng ty TNHH Th&#432;&#417;ng M&#7841;i D&#7883;ch V&#7909; Thi&#7871;t B&#7883; C&ocirc;ng Ngh&#7879; V&#7841;n N&#259;ng\n<p style=\"margin: 0 0 10px 0;\">&#128205; <strong style=\"color: #1e293b;\">&#272;&#7883;a ch&#7881;:<\/strong> <a style=\"color: #059669; text-decoration: none; font-weight: bold;\" href=\"https:\/\/www.google.com\/maps\/search\/C%C3%B4ng+ty+TNHH+Th%C6%B0%C6%A1ng+M%E1%BA%A1i+D%E1%BB%8Bch+V%E1%BB%A5+Thi%E1%BA%BFt+B%E1%BB%8B+C%C3%B4ng+Ngh%E1%BB%87+V%E1%BA%A1n+N%C4%83ng+818+Tr%C6%B0%E1%BB%9Dng+Chinh\" target=\"_blank\" rel=\"noopener\">818 Tr&#432;&#7901;ng Chinh, Ph&#432;&#7901;ng T&acirc;n S&#417;n, Th&agrave;nh ph&#7889; H&#7891; Ch&iacute; Minh, Vi&#7879;t Nam<\/a><\/p>\n<p style=\"margin: 0 0 10px 0;\">&#128222; <strong style=\"color: #1e293b;\">S&#272;T &ndash; Zalo:<\/strong> <a style=\"color: #059669; text-decoration: none; font-weight: bold;\" href=\"https:\/\/zalo.me\/0903991335\" target=\"_blank\" rel=\"noopener\">0903 991 335<\/a> <span style=\"color: #64748b; font-style: italic;\">(Ms. H&#7841;nh &ndash; Gi&aacute;m &#272;&#7889;c Kinh Doanh)<\/span><\/p>\n<p style=\"margin: 0;\">&#9993;&#65039; <strong style=\"color: #1e293b;\">Email:<\/strong> <a style=\"color: #059669; text-decoration: none; font-weight: bold;\" href=\"mailto:hienhanh@vannangvn.com\">hienhanh@vannangvn.com<\/a><\/p>\n<\/div><\/h1>","protected":false},"excerpt":{"rendered":"<p><strong>Th&#432;&#417;ng hi&#7879;u:<\/strong> M&#361;i khoan DJH KOREA &#273;&#432;&#7907;c ch&#7871; t&#7841;o theo ti&ecirc;u chu&#7849;n ISO 2808 v&#7899;i g&oacute;c c&#7855;t 5.71 &#273;&#7897;, &#273;&#7843;m b&#7843;o &#273;&#7897; ch&iacute;nh x&aacute;c v&agrave; hi&#7879;u qu&#7843; t&#7889;i &#432;u. S&#7843;n ph&#7849;m &#273;&#432;&#7907;c l&agrave;m t&#7915; th&eacute;p h&#7907;p kim, n&#7893;i b&#7853;t v&#7899;i &#273;&#7897; b&#7873;n v&#432;&#7907;t tr&#7897;i, c&oacute; th&#7875; s&#7917; d&#7909;ng t&#7899;i 1200 l&#7847;n.&nbsp;V&#7841;n N&#259;ng Company cam k&#7871;t b&#7843;o h&agrave;nh 2 n&#259;m theo ti&ecirc;u chu&#7849;n &#273;&#7841;i l&iacute; ph&acirc;n ph&#7889;i ch&iacute;nh th&#7913;c DJH &ndash; H&agrave;n Qu&#7889;c&nbsp;t&#7841;i th&#7883; tr&#432;&#7901;ng Vi&#7879;t Nam.<br>\n<strong>Model:<\/strong> Coating Drill<p>Product <strong>M&#360;I KHOAN &#272;O &#272;&#7896; D&Agrave;Y S&#416;N DJH KOREA<\/strong> ch&iacute;nh h&atilde;ng. M&#361;i khoan DJH KOREA &#273;&#432;&#7907;c ch&#7871; t&#7841;o theo ti&ecirc;u chu&#7849;n ISO 2808 v&#7899;i g&oacute;c c&#7855;t 5.71 &#273;&#7897;, &#273;&#7843;m b&#7843;o &#273;&#7897; ch&iacute;nh x&aacute;c v&agrave; hi&#7879;u qu&#7843; t&#7889;i &#432;u. S&#7843;n ph&#7849;m &#273;&#432;&#7907;c l&agrave;m t&#7915; th&eacute;p h&#7907;p kim, n&#7893;i b&#7853;t v&#7899;i &#273;&#7897; b&#7873;n v&#432;&#7907;t tr&#7897;i, c&oacute; th&#7875; s&#7917; d&#7909;ng t&#7899;i 1200 l&#7847;n.&nbsp;V&#7841;n N&#259;ng Company cam k&#7871;t b&#7843;o h&agrave;nh 2 n&#259;m theo ti&ecirc;u chu&#7849;n &#273;&#7841;i l&iacute; ph&acirc;n ph&#7889;i ch&iacute;nh th&#7913;c DJH &ndash; H&agrave;n Qu&#7889;c&nbsp;t&#7841;i th&#7883; tr&#432;&#7901;ng Vi&#7879;t Nam.<\/p><\/p>","protected":false},"featured_media":0,"comment_status":"open","ping_status":"closed","template":"","meta":[],"product_brand":[],"product_cat":[18],"product_tag":[103,181,217,375,3080,3083,3084],"class_list":{"0":"post-7688","1":"product","2":"type-product","3":"status-publish","5":"product_cat-chua-phan-loai","6":"product_tag-day","7":"product_tag-do","8":"product_tag-son","9":"product_tag-djh","10":"product_tag-mui","11":"product_tag-khoan","12":"product_tag-korea","14":"first","15":"instock","16":"shipping-taxable","17":"product-type-simple"},"yoast_head":"<!-- This site is optimized with the Yoast SEO Premium plugin v24.8 (Yoast SEO v24.8) - https:\/\/yoast.com\/wordpress\/plugins\/seo\/ -->\n<title>M\u0168I KHOAN \u0110O \u0110\u1ed8 D\u00c0Y S\u01a0N DJH KOREA ch\u00ednh h\u00e3ng | V\u1ea1n N\u0103ng<\/title>\n<meta name=\"description\" content=\"Mua ngay M\u0168I KHOAN \u0110O \u0110\u1ed8 D\u00c0Y S\u01a0N DJH KOREA ch\u00ednh h\u00e3ng. Gi\u00e1 t\u1ed1t!\" \/>\n<meta name=\"robots\" content=\"noindex, follow, max-snippet:-1, max-image-preview:large, max-video-preview:-1\" \/>\n<meta property=\"og:locale\" content=\"en_US\" \/>\n<meta property=\"og:type\" content=\"article\" \/>\n<meta property=\"og:title\" content=\"M\u0168I KHOAN \u0110O \u0110\u1ed8 D\u00c0Y S\u01a0N DJH KOREA\" \/>\n<meta property=\"og:description\" content=\"Mua ngay M\u0168I KHOAN \u0110O \u0110\u1ed8 D\u00c0Y S\u01a0N DJH KOREA ch\u00ednh h\u00e3ng. Gi\u00e1 t\u1ed1t!\" \/>\n<meta property=\"og:url\" content=\"https:\/\/vannangvn.123websitedev.com\/en\/product\/mui-khoan-do-do-day-son-djh-korea\/\" \/>\n<meta property=\"og:site_name\" content=\"Vannang.vn\" \/>\n<meta property=\"article:modified_time\" content=\"2026-03-30T11:49:23+00:00\" \/>\n<meta name=\"twitter:card\" content=\"summary_large_image\" \/>\n<meta name=\"twitter:label1\" content=\"Est. reading time\" \/>\n\t<meta name=\"twitter:data1\" content=\"1 minute\" \/>\n<script type=\"application\/ld+json\" class=\"yoast-schema-graph\">{\"@context\":\"https:\/\/schema.org\",\"@graph\":[{\"@type\":\"WebPage\",\"@id\":\"https:\/\/vannangvn.123websitedev.com\/san-pham\/mui-khoan-do-do-day-son-djh-korea\/\",\"url\":\"https:\/\/vannangvn.123websitedev.com\/san-pham\/mui-khoan-do-do-day-son-djh-korea\/\",\"name\":\"M\u0168I KHOAN \u0110O \u0110\u1ed8 D\u00c0Y S\u01a0N DJH KOREA ch\u00ednh h\u00e3ng | V\u1ea1n N\u0103ng\",\"isPartOf\":{\"@id\":\"https:\/\/vannangvn.123websitedev.com\/#website\"},\"datePublished\":\"2026-03-20T12:06:34+00:00\",\"dateModified\":\"2026-03-30T11:49:23+00:00\",\"description\":\"Mua ngay M\u0168I KHOAN \u0110O \u0110\u1ed8 D\u00c0Y S\u01a0N DJH KOREA ch\u00ednh h\u00e3ng. Gi\u00e1 t\u1ed1t!\",\"breadcrumb\":{\"@id\":\"https:\/\/vannangvn.123websitedev.com\/san-pham\/mui-khoan-do-do-day-son-djh-korea\/#breadcrumb\"},\"inLanguage\":\"en-US\",\"potentialAction\":[{\"@type\":\"ReadAction\",\"target\":[\"https:\/\/vannangvn.123websitedev.com\/san-pham\/mui-khoan-do-do-day-son-djh-korea\/\"]}]},{\"@type\":\"BreadcrumbList\",\"@id\":\"https:\/\/vannangvn.123websitedev.com\/san-pham\/mui-khoan-do-do-day-son-djh-korea\/#breadcrumb\",\"itemListElement\":[{\"@type\":\"ListItem\",\"position\":1,\"name\":\"Trang ch\u1ee7\",\"item\":\"https:\/\/vannangvn.123websitedev.com\/\"},{\"@type\":\"ListItem\",\"position\":2,\"name\":\"S\u1ea3n ph\u1ea9m\",\"item\":\"https:\/\/vannangvn.123websitedev.com\/cua-hang\/\"},{\"@type\":\"ListItem\",\"position\":3,\"name\":\"M\u0168I KHOAN \u0110O \u0110\u1ed8 D\u00c0Y S\u01a0N DJH KOREA\"}]},{\"@type\":\"WebSite\",\"@id\":\"https:\/\/vannangvn.123websitedev.com\/#website\",\"url\":\"https:\/\/vannangvn.123websitedev.com\/\",\"name\":\"Vannang.vn\",\"description\":\"\",\"publisher\":{\"@id\":\"https:\/\/vannangvn.123websitedev.com\/#organization\"},\"potentialAction\":[{\"@type\":\"SearchAction\",\"target\":{\"@type\":\"EntryPoint\",\"urlTemplate\":\"https:\/\/vannangvn.123websitedev.com\/?s={search_term_string}\"},\"query-input\":{\"@type\":\"PropertyValueSpecification\",\"valueRequired\":true,\"valueName\":\"search_term_string\"}}],\"inLanguage\":\"en-US\"},{\"@type\":\"Organization\",\"@id\":\"https:\/\/vannangvn.123websitedev.com\/#organization\",\"name\":\"Vannang.vn\",\"url\":\"https:\/\/vannangvn.123websitedev.com\/\",\"logo\":{\"@type\":\"ImageObject\",\"inLanguage\":\"en-US\",\"@id\":\"https:\/\/vannangvn.123websitedev.com\/#\/schema\/logo\/image\/\",\"url\":\"https:\/\/vannangvn.123websitedev.com\/wp-content\/uploads\/2026\/02\/logo-van-nang-02.png\",\"contentUrl\":\"https:\/\/vannangvn.123websitedev.com\/wp-content\/uploads\/2026\/02\/logo-van-nang-02.png\",\"width\":448,\"height\":111,\"caption\":\"Vannang.vn\"},\"image\":{\"@id\":\"https:\/\/vannangvn.123websitedev.com\/#\/schema\/logo\/image\/\"}}]}<\/script>\n<!-- \/ Yoast SEO Premium plugin. -->","yoast_head_json":{"title":"M\u0168I KHOAN \u0110O \u0110\u1ed8 D\u00c0Y S\u01a0N DJH KOREA ch\u00ednh h\u00e3ng | V\u1ea1n N\u0103ng","description":"Mua ngay M\u0168I KHOAN \u0110O \u0110\u1ed8 D\u00c0Y S\u01a0N DJH KOREA ch\u00ednh h\u00e3ng. Gi\u00e1 t\u1ed1t!","robots":{"index":"noindex","follow":"follow","max-snippet":"max-snippet:-1","max-image-preview":"max-image-preview:large","max-video-preview":"max-video-preview:-1"},"og_locale":"en_US","og_type":"article","og_title":"M\u0168I KHOAN \u0110O \u0110\u1ed8 D\u00c0Y S\u01a0N DJH KOREA","og_description":"Mua ngay M\u0168I KHOAN \u0110O \u0110\u1ed8 D\u00c0Y S\u01a0N DJH KOREA ch\u00ednh h\u00e3ng. Gi\u00e1 t\u1ed1t!","og_url":"https:\/\/vannangvn.123websitedev.com\/en\/product\/mui-khoan-do-do-day-son-djh-korea\/","og_site_name":"Vannang.vn","article_modified_time":"2026-03-30T11:49:23+00:00","twitter_card":"summary_large_image","twitter_misc":{"Est. reading time":"1 minute"},"schema":{"@context":"https:\/\/schema.org","@graph":[{"@type":"WebPage","@id":"https:\/\/vannangvn.123websitedev.com\/san-pham\/mui-khoan-do-do-day-son-djh-korea\/","url":"https:\/\/vannangvn.123websitedev.com\/san-pham\/mui-khoan-do-do-day-son-djh-korea\/","name":"M\u0168I KHOAN \u0110O \u0110\u1ed8 D\u00c0Y S\u01a0N DJH KOREA ch\u00ednh h\u00e3ng | V\u1ea1n N\u0103ng","isPartOf":{"@id":"https:\/\/vannangvn.123websitedev.com\/#website"},"datePublished":"2026-03-20T12:06:34+00:00","dateModified":"2026-03-30T11:49:23+00:00","description":"Mua ngay M\u0168I KHOAN \u0110O \u0110\u1ed8 D\u00c0Y S\u01a0N DJH KOREA ch\u00ednh h\u00e3ng. Gi\u00e1 t\u1ed1t!","breadcrumb":{"@id":"https:\/\/vannangvn.123websitedev.com\/san-pham\/mui-khoan-do-do-day-son-djh-korea\/#breadcrumb"},"inLanguage":"en-US","potentialAction":[{"@type":"ReadAction","target":["https:\/\/vannangvn.123websitedev.com\/san-pham\/mui-khoan-do-do-day-son-djh-korea\/"]}]},{"@type":"BreadcrumbList","@id":"https:\/\/vannangvn.123websitedev.com\/san-pham\/mui-khoan-do-do-day-son-djh-korea\/#breadcrumb","itemListElement":[{"@type":"ListItem","position":1,"name":"Trang ch\u1ee7","item":"https:\/\/vannangvn.123websitedev.com\/"},{"@type":"ListItem","position":2,"name":"S\u1ea3n ph\u1ea9m","item":"https:\/\/vannangvn.123websitedev.com\/cua-hang\/"},{"@type":"ListItem","position":3,"name":"M\u0168I KHOAN \u0110O \u0110\u1ed8 D\u00c0Y S\u01a0N DJH KOREA"}]},{"@type":"WebSite","@id":"https:\/\/vannangvn.123websitedev.com\/#website","url":"https:\/\/vannangvn.123websitedev.com\/","name":"Vannang.vn","description":"","publisher":{"@id":"https:\/\/vannangvn.123websitedev.com\/#organization"},"potentialAction":[{"@type":"SearchAction","target":{"@type":"EntryPoint","urlTemplate":"https:\/\/vannangvn.123websitedev.com\/?s={search_term_string}"},"query-input":{"@type":"PropertyValueSpecification","valueRequired":true,"valueName":"search_term_string"}}],"inLanguage":"en-US"},{"@type":"Organization","@id":"https:\/\/vannangvn.123websitedev.com\/#organization","name":"Vannang.vn","url":"https:\/\/vannangvn.123websitedev.com\/","logo":{"@type":"ImageObject","inLanguage":"en-US","@id":"https:\/\/vannangvn.123websitedev.com\/#\/schema\/logo\/image\/","url":"https:\/\/vannangvn.123websitedev.com\/wp-content\/uploads\/2026\/02\/logo-van-nang-02.png","contentUrl":"https:\/\/vannangvn.123websitedev.com\/wp-content\/uploads\/2026\/02\/logo-van-nang-02.png","width":448,"height":111,"caption":"Vannang.vn"},"image":{"@id":"https:\/\/vannangvn.123websitedev.com\/#\/schema\/logo\/image\/"}}]}},"_links":{"self":[{"href":"https:\/\/vannangvn.123websitedev.com\/en\/wp-json\/wp\/v2\/product\/7688","targetHints":{"allow":["GET"]}}],"collection":[{"href":"https:\/\/vannangvn.123websitedev.com\/en\/wp-json\/wp\/v2\/product"}],"about":[{"href":"https:\/\/vannangvn.123websitedev.com\/en\/wp-json\/wp\/v2\/types\/product"}],"replies":[{"embeddable":true,"href":"https:\/\/vannangvn.123websitedev.com\/en\/wp-json\/wp\/v2\/comments?post=7688"}],"wp:attachment":[{"href":"https:\/\/vannangvn.123websitedev.com\/en\/wp-json\/wp\/v2\/media?parent=7688"}],"wp:term":[{"taxonomy":"product_brand","embeddable":true,"href":"https:\/\/vannangvn.123websitedev.com\/en\/wp-json\/wp\/v2\/product_brand?post=7688"},{"taxonomy":"product_cat","embeddable":true,"href":"https:\/\/vannangvn.123websitedev.com\/en\/wp-json\/wp\/v2\/product_cat?post=7688"},{"taxonomy":"product_tag","embeddable":true,"href":"https:\/\/vannangvn.123websitedev.com\/en\/wp-json\/wp\/v2\/product_tag?post=7688"}],"curies":[{"name":"wp","href":"https:\/\/api.w.org\/{rel}","templated":true}]}}