{"id":7689,"date":"2026-03-20T19:06:35","date_gmt":"2026-03-20T12:06:35","guid":{"rendered":"https:\/\/vannangvn.123websitedev.com\/san-pham\/mui-khoan-do-do-day-son-djh-korea-model-s-bit-ccs-new-2025\/"},"modified":"2026-03-30T18:49:24","modified_gmt":"2026-03-30T11:49:24","slug":"mui-khoan-do-do-day-son-djh-korea-model-s-bit-ccs-new-2025","status":"publish","type":"product","link":"https:\/\/vannangvn.123websitedev.com\/en\/product\/mui-khoan-do-do-day-son-djh-korea-model-s-bit-ccs-new-2025\/","title":{"rendered":"M\u0168I KHOAN \u0110O \u0110\u1ed8 D\u00c0Y S\u01a0N DJH KOREA MODEL S-BIT-CCS (NEW 2025)"},"content":{"rendered":"<h1 style=\"color: red; font-weight: bold; font-size: 24px;\">T&#7893;ng quan s&#7843;n ph&#7849;m M&#360;I KHOAN &#272;O &#272;&#7896; D&Agrave;Y S&#416;N DJH KOREA MODEL S-BIT-CCS (NEW 2025)<p>M&#361;i Khoan &#272;o &#272;&#7897; D&agrave;y S&#417;n (Coating Drill) DJH Korea Model S-BIT-CCS (2025)<br>\nTrong ng&agrave;nh s&#7843;n xu&#7845;t t&ocirc;n m&#7841; m&agrave;u, vi&#7879;c ki&#7875;m so&aacute;t &#273;&#7897; d&agrave;y s&#417;n l&agrave; y&#7871;u t&#7889; quan tr&#7885;ng gi&uacute;p &#273;&#7843;m b&#7843;o ch&#7845;t l&#432;&#7907;ng s&#7843;n ph&#7849;m v&agrave; t&#7889;i &#432;u h&oacute;a chi ph&iacute; nguy&ecirc;n li&#7879;u &#273;&#7847;u v&agrave;o. &#272;&#7897; d&agrave;y l&#7899;p s&#417;n kh&ocirc;ng ch&#7881; &#7843;nh h&#432;&#7903;ng &#273;&#7871;n t&iacute;nh th&#7849;m m&#7929; m&agrave; c&ograve;n quy&#7871;t &#273;&#7883;nh kh&#7843; n&#259;ng b&#7843;o v&#7879; b&#7873; m&#7863;t kim lo&#7841;i tr&#432;&#7899;c c&aacute;c t&aacute;c nh&acirc;n m&ocirc;i tr&#432;&#7901;ng nh&#432; &#259;n m&ograve;n, oxy h&oacute;a.<br>\nH&atilde;ng DJH Korea, sau nhi&#7873;u n&#259;m nghi&ecirc;n c&#7913;u, &#273;&atilde; cho ra &#273;&#7901;i s&#7843;n ph&#7849;m M&#361;i Khoan &#272;o &#272;&#7897; D&agrave;y S&#417;n S-Bit-CCS, s&#7903; h&#7919;u thi&#7871;t k&#7871; &#273;&#7863;c bi&#7879;t v&#7899;i l&#7899;p ph&#7911; chuy&ecirc;n d&#7909;ng gi&uacute;p n&acirc;ng cao &#273;&#7897; b&#7873;n, &#273;&#7897; ch&iacute;nh x&aacute;c khi &#273;o &#273;&#7897; d&agrave;y s&#417;n tr&ecirc;n b&#7873; m&#7863;t t&ocirc;n m&#7841; m&agrave;u. H&atilde;y c&ugrave;ng V&#7841;n N&#259;ng t&igrave;m hi&#7875;u chi ti&#7871;t h&#417;n v&#7873; s&#7843;n ph&#7849;m th&ocirc;ng qua b&agrave;i vi&#7871;t nh&eacute;!<\/p><p>Xem th&ecirc;m: Thi&#7871;t B&#7883; &#272;o &#272;&#7897; D&agrave;y L&#7899;p Ph&#7911; Antifinger KURABO Model NR-2100IB<\/p><p>N&eacute;t &#272;&#7863;c Tr&#432;ng C&#7911;a M&#361;i Khoan S-Bit-CCS<br>\n&#272;&#7897; &#7893;n &#273;&#7883;nh v&agrave; &#273;&#7897; b&#7873;n cao<br>\nSo v&#7899;i c&aacute;c lo&#7841;i m&#361;i khoan truy&#7873;n th&#7889;ng, S-Bit-CCS &#273;&#432;&#7907;c thi&#7871;t k&#7871; v&#7899;i c&ocirc;ng ngh&#7879; ti&ecirc;n ti&#7871;n gi&uacute;p t&#259;ng c&#432;&#7901;ng &#273;&#7897; &#7893;n &#273;&#7883;nh v&agrave; &#273;&#7897; b&#7873;n. L&#7899;p ph&#7911; &#273;&#7863;c bi&#7879;t TiN tr&ecirc;n m&#361;i khoan gi&uacute;p gi&#7843;m ma s&aacute;t, ch&#7889;ng m&agrave;i m&ograve;n v&agrave; &#273;&#7843;m b&#7843;o m&#7895;i l&#7847;n khoan &#273;&#7873;u &#273;&#7841;t &#273;&#7897; ch&iacute;nh x&aacute;c cao.<br>\nChuy&ecirc;n d&#7909;ng cho ng&agrave;nh t&ocirc;n m&#7841; m&agrave;u<br>\nKh&ocirc;ng gi&#7889;ng c&aacute;c lo&#7841;i m&#361;i khoan th&ocirc;ng th&#432;&#7901;ng, M&#361;i Khoan &#272;o &#272;&#7897; D&agrave;y S-Bit-CCS &#273;&#432;&#7907;c ph&aacute;t tri&#7875;n &#273;&#7897;c quy&#7873;n cho ng&agrave;nh t&ocirc;n m&#7841; m&agrave;u, &#273;&#7863;c bi&#7879;t ph&ugrave; h&#7907;p v&#7899;i c&aacute;c l&#7899;p s&#417;n c&oacute; &#273;&#7897; d&agrave;y d&#432;&#7899;i 50 microns. &#272;i&#7873;u n&agrave;y gi&uacute;p doanh nghi&#7879;p &#273;o &#273;&#7841;c &#273;&#7897; d&agrave;y l&#7899;p ph&#7911; s&#417;n m&#7897;t c&aacute;ch nhanh ch&oacute;ng v&agrave; ch&iacute;nh x&aacute;c, kh&ocirc;ng g&acirc;y h&#432; h&#7841;i &#273;&#7871;n b&#7873; m&#7863;t t&ocirc;n.<\/p><p>Ch&#7845;t li&#7879;u cao c&#7845;p<br>\nDJH S-Bit-CCS &#273;&#432;&#7907;c ch&#7871; t&#7841;o t&#7915; th&eacute;p Carbon cao c&#7845;p, k&#7871;t h&#7907;p v&#7899;i l&#7899;p ph&#7911; &#273;&#7863;c bi&#7879;t  gi&uacute;p t&#259;ng &#273;&#7897; c&#7913;ng, ch&#7889;ng &#259;n m&ograve;n v&agrave; duy tr&igrave; hi&#7879;u su&#7845;t l&agrave;m vi&#7879;c b&#7873;n b&#7881; theo th&#7901;i gian.<br>\n&#272;&#7843;m b&#7843;o &#273;&#7897; ch&iacute;nh x&aacute;c tuy&#7879;t &#273;&#7889;i<br>\nV&#7899;i g&oacute;c khoan ch&iacute;nh x&aacute;c 5,70&deg; &ndash; 5,71&deg; &ndash; 5,72&deg;, S-Bit-CCS DJH Korea gi&uacute;p doanh nghi&#7879;p ki&#7875;m tra &#273;&#7897; d&agrave;y s&#417;n m&#7897;t c&aacute;ch chu&#7849;n x&aacute;c m&agrave; kh&ocirc;ng g&acirc;y &#7843;nh h&#432;&#7903;ng &#273;&#7871;n ch&#7845;t l&#432;&#7907;ng s&#7843;n ph&#7849;m.<br>\nT&#7889;i &#432;u chi ph&iacute; s&#7843;n xu&#7845;t<br>\nVi&#7879;c ki&#7875;m so&aacute;t ch&#7863;t ch&#7869; &#273;&#7897; d&agrave;y l&#7899;p s&#417;n gi&uacute;p doanh nghi&#7879;p tr&aacute;nh t&igrave;nh tr&#7841;ng l&atilde;ng ph&iacute; s&#417;n do ph&#7911; qu&aacute; d&agrave;y ho&#7863;c kh&ocirc;ng &#273;&#7841;t chu&#7849;n. Nh&#7901; &#273;&oacute;, doanh nghi&#7879;p c&oacute; th&#7875; t&#7889;i &#432;u chi ph&iacute; s&#7843;n xu&#7845;t, n&acirc;ng cao hi&#7879;u qu&#7843; kinh t&#7871;.<\/p><p>Xem th&ecirc;m: M&#361;i Khoan &#272;o &#272;&#7897; D&agrave;y S&#417;n (Coating Drill) DJH Korea 2024<\/p><p>&#7912;ng D&#7909;ng Th&#7921;c T&#7871; C&#7911;a S-Bit-CCS<br>\nTrong s&#7843;n xu&#7845;t t&ocirc;n m&#7841; m&agrave;u<br>\nS-Bit-CCS Coil Coating Bit gi&uacute;p c&aacute;c nh&agrave; m&aacute;y s&#7843;n xu&#7845;t t&ocirc;n m&#7841; m&agrave;u ki&#7875;m tra &#273;&#7897; d&agrave;y l&#7899;p s&#417;n trong t&#7915;ng l&ocirc; s&#7843;n xu&#7845;t, &#273;&#7843;m b&#7843;o s&#7843;n ph&#7849;m &#273;&#7841;t ti&ecirc;u chu&#7849;n ch&#7845;t l&#432;&#7907;ng tr&#432;&#7899;c khi xu&#7845;t x&#432;&#7903;ng.<br>\nTrong ki&#7875;m tra ch&#7845;t l&#432;&#7907;ng s&#7843;n ph&#7849;m<br>\nC&aacute;c ph&ograve;ng th&iacute; nghi&#7879;m v&agrave; b&#7897; ph&#7853;n QC (Quality Control) c&oacute; th&#7875; s&#7917; d&#7909;ng M&#361;i Khoan S-Bit-CCS &#273;&#7875; &#273;o &#273;&#7897; d&agrave;y s&#417;n tr&ecirc;n t&ocirc;n m&#7841; m&agrave;u, t&#7915; &#273;&oacute; &#273;&aacute;nh gi&aacute; ch&#7845;t l&#432;&#7907;ng l&#7899;p ph&#7911; c&oacute; &#273;&#7841;t y&ecirc;u c&#7847;u k&#7929; thu&#7853;t hay kh&ocirc;ng.<br>\nTrong qu&aacute; tr&igrave;nh b&#7843;o tr&igrave; v&agrave; s&#7917;a ch&#7919;a<br>\nNgo&agrave;i s&#7843;n xu&#7845;t, M&#361;i Khoan Ki&#7875;m Tra &#272;&#7897; D&agrave;y S&#417;n S-Bit-CCS c&ograve;n &#273;&#432;&#7907;c &#7913;ng d&#7909;ng trong vi&#7879;c ki&#7875;m tra &#273;&#7897; b&aacute;m d&iacute;nh s&#417;n, &#273;&#7843;m b&#7843;o ch&#7845;t l&#432;&#7907;ng l&#7899;p ph&#7911; sau m&#7897;t th&#7901;i gian s&#7917; d&#7909;ng, gi&uacute;p doanh nghi&#7879;p &#273;&aacute;nh gi&aacute; ch&iacute;nh x&aacute;c t&igrave;nh tr&#7841;ng b&#7873; m&#7863;t t&ocirc;n m&#7841; m&agrave;u.<\/p><p>H&#432;&#7899;ng D&#7851;n S&#7917; D&#7909;ng M&#361;i Khoan S-Bit-CCS<br>\n&#272;&#7875; &#273;&#7843;m b&#7843;o &#273;o &#273;&#7897; d&agrave;y s&#417;n m&#7897;t c&aacute;ch ch&iacute;nh x&aacute;c v&agrave; hi&#7879;u qu&#7843;, ng&#432;&#7901;i d&ugrave;ng c&#7847;n tu&acirc;n th&#7911; c&aacute;c b&#432;&#7899;c sau:<br>\nB&#432;&#7899;c 1: Chu&#7849;n b&#7883; b&#7873; m&#7863;t c&#7847;n ki&#7875;m tra, &#273;&#7843;m b&#7843;o s&#7841;ch b&#7909;i b&#7849;n &#273;&#7875; kh&ocirc;ng &#7843;nh h&#432;&#7903;ng &#273;&#7871;n k&#7871;t qu&#7843; &#273;o.<br>\nB&#432;&#7899;c 2: L&#7855;p m&#361;i khoan S-Bit-CCS Coating Drill v&agrave;o thi&#7871;t b&#7883; &#273;o, &#273;i&#7873;u ch&#7881;nh g&oacute;c khoan &#273;&uacute;ng theo h&#432;&#7899;ng d&#7851;n.<br>\nB&#432;&#7899;c 3: Ti&#7871;n h&agrave;nh khoan nh&#7865; nh&agrave;ng &#273;&#7875; l&#7845;y m&#7851;u &#273;o &#273;&#7897; d&agrave;y l&#7899;p s&#417;n.<br>\nB&#432;&#7899;c 4: S&#7917; d&#7909;ng thi&#7871;t b&#7883; &#273;o chuy&ecirc;n d&#7909;ng &#273;&#7875; ki&#7875;m tra &#273;&#7897; d&agrave;y l&#7899;p s&#417;n t&#7915; m&#7851;u khoan.<br>\nB&#432;&#7899;c 5: Ghi l&#7841;i k&#7871;t qu&#7843; v&agrave; so s&aacute;nh v&#7899;i ti&ecirc;u chu&#7849;n y&ecirc;u c&#7847;u.<br>\nL&#432;u &yacute;: Kh&ocirc;ng n&ecirc;n s&#7917; d&#7909;ng l&#7921;c qu&aacute; m&#7841;nh khi khoan &#273;&#7875; tr&aacute;nh l&agrave;m bi&#7871;n d&#7841;ng l&#7899;p ph&#7911; s&#417;n.<\/p><p>Nh&#7919;ng L&yacute; Do N&ecirc;n Mua Thi&#7871;t B&#7883; &#272;o &#272;&#7897; D&agrave;y L&#7899;p Ph&#7911; T&#7841;i V&#7841;n N&#259;ng<\/p><p>C&ocirc;ng ty Thi&#7871;t B&#7883; C&ocirc;ng Ngh&#7879; V&#7841;n N&#259;ng l&agrave; &#273;&#7889;i t&aacute;c ch&iacute;nh th&#7913;c ph&acirc;n ph&#7889;i M&#361;i Khoan &#272;o &#272;&#7897; D&agrave;y S&#417;n h&agrave;ng &#273;&#7847;u t&#7841;i Vi&#7879;t Nam, cam k&#7871;t cung c&#7845;p s&#7843;n ph&#7849;m ch&iacute;nh h&atilde;ng v&#7899;i gi&aacute; c&#7843; c&#7841;nh tranh nh&#7845;t th&#7883; tr&#432;&#7901;ng. V&#7899;i uy t&iacute;n tr&ecirc;n th&#7883; tr&#432;&#7901;ng v&agrave; ch&#7871; &#273;&#7897; h&#7851;u m&atilde;i t&#7889;t, Thi&#7871;t B&#7883; C&ocirc;ng Ngh&#7879; V&#7841;n N&#259;ng &#273;&atilde; nh&#7853;n &#273;&#432;&#7907;c s&#7921; tin t&#432;&#7903;ng t&#7915; kh&aacute;ch h&agrave;ng nh&#7901; v&agrave;o ch&#7845;t l&#432;&#7907;ng h&agrave;ng &#273;&#7847;u c&#7911;a c&aacute;c d&ograve;ng s&#7843;n ph&#7849;m.<br>\nS&#7843;n ph&#7849;m c&#7911;a ch&uacute;ng t&ocirc;i &#273;&#432;&#7907;c ki&#7875;m &#273;&#7883;nh ch&#7845;t l&#432;&#7907;ng, nh&#7853;p kh&#7849;u tr&#7921;c ti&#7871;p t&#7915; nh&agrave; m&aacute;y b&ecirc;n Ch&acirc;u &Acirc;u, M&#7929;, &Uacute;c, Nh&#7853;t B&#7843;n,&hellip; v&agrave; &#273;&aacute;p &#7913;ng nhu c&#7847;u &#273;a d&#7841;ng c&#7911;a th&#7883; tr&#432;&#7901;ng nh&#432;: M&aacute;y &#272;o &#272;&#7897; C&#7913;ng, M&aacute;y SPECTROMAXx, M&aacute;y Ki&#7875;m Tra &#272;&#432;&#7901;ng Gh&eacute;p M&iacute; Lon,&hellip; Ch&uacute;ng t&ocirc;i cam k&#7871;t cung c&#7845;p s&#7843;n ph&#7849;m n&agrave;y tr&ecirc;n to&agrave;n qu&#7889;c v&#7899;i gi&aacute; c&#7843; c&#7841;nh tranh nh&#7845;t.<br>\nCh&uacute;ng t&ocirc;i c&oacute; &#273;&#7897;i ng&#361; chuy&ecirc;n vi&ecirc;n t&#432; v&#7845;n chuy&ecirc;n s&acirc;u s&#7869; h&#7895; tr&#7907; kh&aacute;ch h&agrave;ng v&#7873; chi ti&#7871;t s&#7843;n ph&#7849;m, h&#432;&#7899;ng d&#7851;n s&#7917; d&#7909;ng hay nh&#7919;ng th&#7913; li&ecirc;n quan &#273;&#7871;n v&#7845;n &#273;&#7873; m&agrave; doanh nghi&#7879;p b&#7841;n &#273;ang g&#7863;p ph&#7843;i. Ch&uacute;ng t&ocirc;i s&#7869; cung c&#7845;p nh&#7919;ng gi&#7843;i ph&aacute;p t&#7889;i &#432;u nh&#7845;t!<br>\nNgo&agrave;i ra Thi&#7871;t B&#7883; C&ocirc;ng Ngh&#7879; V&#7841;n N&#259;ng Ch&uacute;ng T&ocirc;i lu&ocirc;n h&#432;&#7899;ng &#273;&#7871;n tr&#7843;i nghi&#7879;m kh&aacute;ch h&agrave;ng, v&igrave; v&#7853;y ch&uacute;ng t&ocirc;i c&oacute; nh&#7919;ng ch&iacute;nh s&aacute;ch b&#7843;o h&agrave;nh, b&#7843;o tr&igrave; &ndash; b&#7843;o d&#432;&#7905;ng, hi&#7879;u chu&#7849;n v&#7899;i t&#7845;t c&#7843; c&aacute;c thi&#7871;t b&#7883;, m&aacute;y m&oacute;c m&agrave; ch&uacute;ng t&ocirc;i cung c&#7845;p. &#272;&#7843;m b&#7843;o mang &#273;&#7871;n cho Kh&aacute;ch h&agrave;ng s&#7921; y&ecirc;n t&acirc;m tuy&#7879;t &#273;&#7889;i v&#7873; d&#7883;ch v&#7909; khi mua h&agrave;ng.<\/p><p>Xem th&ecirc;m: B&#7897; D&#7909;ng C&#7909; &#272;o &#272;&#7897; D&agrave;y S&#417;n Chuy&ecirc;n D&#7909;ng Ng&agrave;nh T&ocirc;n M&#7841; M&agrave;u DJH Model Coil Coating<\/p><p>T&#7893;ng k&#7871;t<br>\nM&#361;i Khoan &#272;o &#272;&#7897; D&agrave;y L&#7899;p Ph&#7911; S-Bit-CCS l&agrave; m&#7897;t gi&#7843;i ph&aacute;p chuy&ecirc;n nghi&#7879;p v&agrave; hi&#7879;u qu&#7843; cho ng&agrave;nh t&ocirc;n m&#7841; m&agrave;u, gi&uacute;p doanh nghi&#7879;p ki&#7875;m so&aacute;t ch&#7845;t l&#432;&#7907;ng s&#7843;n ph&#7849;m, gi&#7843;m thi&#7875;u l&atilde;ng ph&iacute; s&#417;n v&agrave; t&#7889;i &#432;u chi ph&iacute; s&#7843;n xu&#7845;t. H&atilde;y li&ecirc;n h&#7879; v&#7899;i Thi&#7871;t B&#7883; C&ocirc;ng Ngh&#7879; V&#7841;n N&#259;ng ngay &#273;&#7875; &#273;&#432;&#7907;c t&#432; v&#7845;n chuy&ecirc;n s&acirc;u v&agrave; nh&#7853;n c&aacute;c &#432;u &#273;&atilde;i h&#7845;p d&#7851;n nh&#7845;t th&ocirc;ng qua hotline\/zalo: <a href=\"https:\/\/zalo.me\/0903991335\" target=\"_blank\" rel=\"noopener\" style=\"color: #059669; font-weight: bold; text-decoration: none;\">0903 991 335<\/a>!<\/p><div style=\"background-color: #f8fafc; border: 1px solid #e2e8f0; border-radius: 8px; padding: 25px; max-width: 800px; margin: 30px auto; color: #334155; line-height: 1.8; font-size: 17px; box-shadow: 0 4px 6px -1px rgba(0,0,0,0.05); text-align: left; clear: both;\">\nC&ocirc;ng ty TNHH Th&#432;&#417;ng M&#7841;i D&#7883;ch V&#7909; Thi&#7871;t B&#7883; C&ocirc;ng Ngh&#7879; V&#7841;n N&#259;ng\n<p style=\"margin: 0 0 10px 0;\">&#128205; <strong style=\"color: #1e293b;\">&#272;&#7883;a ch&#7881;:<\/strong> <a style=\"color: #059669; text-decoration: none; font-weight: bold;\" href=\"https:\/\/www.google.com\/maps\/search\/C%C3%B4ng+ty+TNHH+Th%C6%B0%C6%A1ng+M%E1%BA%A1i+D%E1%BB%8Bch+V%E1%BB%A5+Thi%E1%BA%BFt+B%E1%BB%8B+C%C3%B4ng+Ngh%E1%BB%87+V%E1%BA%A1n+N%C4%83ng+818+Tr%C6%B0%E1%BB%9Dng+Chinh\" target=\"_blank\" rel=\"noopener\">818 Tr&#432;&#7901;ng Chinh, Ph&#432;&#7901;ng T&acirc;n S&#417;n, Th&agrave;nh ph&#7889; H&#7891; Ch&iacute; Minh, Vi&#7879;t Nam<\/a><\/p>\n<p style=\"margin: 0 0 10px 0;\">&#128222; <strong style=\"color: #1e293b;\">S&#272;T &ndash; Zalo:<\/strong> <a style=\"color: #059669; text-decoration: none; font-weight: bold;\" href=\"https:\/\/zalo.me\/0903991335\" target=\"_blank\" rel=\"noopener\">0903 991 335<\/a> <span style=\"color: #64748b; font-style: italic;\">(Ms. H&#7841;nh &ndash; Gi&aacute;m &#272;&#7889;c Kinh Doanh)<\/span><\/p>\n<p style=\"margin: 0;\">&#9993;&#65039; <strong style=\"color: #1e293b;\">Email:<\/strong> <a style=\"color: #059669; text-decoration: none; font-weight: bold;\" href=\"mailto:hienhanh@vannangvn.com\">hienhanh@vannangvn.com<\/a><\/p>\n<\/div><\/h1>","protected":false},"excerpt":{"rendered":"<p><strong>Th&#432;&#417;ng hi&#7879;u:<\/strong> DJH Korea<br>\n<strong>Model:<\/strong> S-BIT-CCS<p>Product <strong>M&#360;I KHOAN &#272;O &#272;&#7896; D&Agrave;Y S&#416;N DJH KOREA MODEL S-BIT-CCS (NEW 2025)<\/strong> ch&iacute;nh h&atilde;ng. DJH Korea (H&agrave;n Qu&#7889;c)<br>\nM&#361;i Khoan S-Bit-CCS l&agrave; c&ocirc;ng c&#7909; chuy&ecirc;n bi&#7879;t gi&uacute;p c&aacute;c doanh nghi&#7879;p s&#7843;n xu&#7845;t t&ocirc;n m&#7841; m&agrave;u ki&#7875;m so&aacute;t ch&#7845;t l&#432;&#7907;ng s&#7843;n ph&#7849;m m&#7897;t c&aacute;ch ch&iacute;nh x&aacute;c v&agrave; hi&#7879;u qu&#7843;, &#273;&#7843;m b&#7843;o l&#7899;p s&#417;n &#273;&#7841;t ti&ecirc;u chu&#7849;n k&#7929; thu&#7853;t.<\/p><\/p>","protected":false},"featured_media":0,"comment_status":"open","ping_status":"closed","template":"","meta":[],"product_brand":[],"product_cat":[18],"product_tag":[181,217,375,3080,3083,3084,3085,3086,3087,103,116],"class_list":{"0":"post-7689","1":"product","2":"type-product","3":"status-publish","5":"product_cat-chua-phan-loai","6":"product_tag-do","7":"product_tag-son","8":"product_tag-djh","9":"product_tag-mui","10":"product_tag-khoan","11":"product_tag-korea","12":"product_tag-s-bit-ccs","13":"product_tag-new","14":"product_tag-2025-2","15":"product_tag-day","16":"product_tag-model","18":"first","19":"instock","20":"shipping-taxable","21":"product-type-simple"},"yoast_head":"<!-- This site is optimized with the Yoast SEO Premium plugin v24.8 (Yoast SEO v24.8) - https:\/\/yoast.com\/wordpress\/plugins\/seo\/ -->\n<title>M\u0168I KHOAN \u0110O \u0110\u1ed8 D\u00c0Y S\u01a0N DJH KOREA M... ch\u00ednh h\u00e3ng | V\u1ea1n N\u0103ng<\/title>\n<meta name=\"description\" content=\"Mua ngay M\u0168I KHOAN \u0110O \u0110\u1ed8 D\u00c0Y S\u01a0N DJH KOREA MODEL S-BIT-CCS (NEW 2025) ch\u00ednh h\u00e3ng. M\u0169i Khoan S-Bit-CCS l\u00e0 c\u00f4ng c\u1ee5 chuy\u00ean bi\u1ec7t gi\u00fap... Gi\u00e1 t\u1ed1t!\" \/>\n<meta name=\"robots\" content=\"noindex, follow, max-snippet:-1, max-image-preview:large, max-video-preview:-1\" \/>\n<meta property=\"og:locale\" content=\"en_US\" \/>\n<meta property=\"og:type\" content=\"article\" \/>\n<meta property=\"og:title\" content=\"M\u0168I KHOAN \u0110O \u0110\u1ed8 D\u00c0Y S\u01a0N DJH KOREA MODEL S-BIT-CCS (NEW 2025)\" \/>\n<meta property=\"og:description\" content=\"Mua ngay M\u0168I KHOAN \u0110O \u0110\u1ed8 D\u00c0Y S\u01a0N DJH KOREA MODEL S-BIT-CCS (NEW 2025) ch\u00ednh h\u00e3ng. M\u0169i Khoan S-Bit-CCS l\u00e0 c\u00f4ng c\u1ee5 chuy\u00ean bi\u1ec7t gi\u00fap... Gi\u00e1 t\u1ed1t!\" \/>\n<meta property=\"og:url\" content=\"https:\/\/vannangvn.123websitedev.com\/en\/product\/mui-khoan-do-do-day-son-djh-korea-model-s-bit-ccs-new-2025\/\" \/>\n<meta property=\"og:site_name\" content=\"Vannang.vn\" \/>\n<meta property=\"article:modified_time\" content=\"2026-03-30T11:49:24+00:00\" \/>\n<meta name=\"twitter:card\" content=\"summary_large_image\" \/>\n<meta name=\"twitter:label1\" content=\"Est. reading time\" \/>\n\t<meta name=\"twitter:data1\" content=\"9 minutes\" \/>\n<script type=\"application\/ld+json\" class=\"yoast-schema-graph\">{\"@context\":\"https:\/\/schema.org\",\"@graph\":[{\"@type\":\"WebPage\",\"@id\":\"https:\/\/vannangvn.123websitedev.com\/san-pham\/mui-khoan-do-do-day-son-djh-korea-model-s-bit-ccs-new-2025\/\",\"url\":\"https:\/\/vannangvn.123websitedev.com\/san-pham\/mui-khoan-do-do-day-son-djh-korea-model-s-bit-ccs-new-2025\/\",\"name\":\"M\u0168I KHOAN \u0110O \u0110\u1ed8 D\u00c0Y S\u01a0N DJH KOREA M... ch\u00ednh h\u00e3ng | V\u1ea1n N\u0103ng\",\"isPartOf\":{\"@id\":\"https:\/\/vannangvn.123websitedev.com\/#website\"},\"datePublished\":\"2026-03-20T12:06:35+00:00\",\"dateModified\":\"2026-03-30T11:49:24+00:00\",\"description\":\"Mua ngay M\u0168I KHOAN \u0110O \u0110\u1ed8 D\u00c0Y S\u01a0N DJH KOREA MODEL S-BIT-CCS (NEW 2025) ch\u00ednh h\u00e3ng. M\u0169i Khoan S-Bit-CCS l\u00e0 c\u00f4ng c\u1ee5 chuy\u00ean bi\u1ec7t gi\u00fap... Gi\u00e1 t\u1ed1t!\",\"breadcrumb\":{\"@id\":\"https:\/\/vannangvn.123websitedev.com\/san-pham\/mui-khoan-do-do-day-son-djh-korea-model-s-bit-ccs-new-2025\/#breadcrumb\"},\"inLanguage\":\"en-US\",\"potentialAction\":[{\"@type\":\"ReadAction\",\"target\":[\"https:\/\/vannangvn.123websitedev.com\/san-pham\/mui-khoan-do-do-day-son-djh-korea-model-s-bit-ccs-new-2025\/\"]}]},{\"@type\":\"BreadcrumbList\",\"@id\":\"https:\/\/vannangvn.123websitedev.com\/san-pham\/mui-khoan-do-do-day-son-djh-korea-model-s-bit-ccs-new-2025\/#breadcrumb\",\"itemListElement\":[{\"@type\":\"ListItem\",\"position\":1,\"name\":\"Trang ch\u1ee7\",\"item\":\"https:\/\/vannangvn.123websitedev.com\/\"},{\"@type\":\"ListItem\",\"position\":2,\"name\":\"S\u1ea3n ph\u1ea9m\",\"item\":\"https:\/\/vannangvn.123websitedev.com\/cua-hang\/\"},{\"@type\":\"ListItem\",\"position\":3,\"name\":\"M\u0168I KHOAN \u0110O \u0110\u1ed8 D\u00c0Y S\u01a0N DJH KOREA MODEL S-BIT-CCS (NEW 2025)\"}]},{\"@type\":\"WebSite\",\"@id\":\"https:\/\/vannangvn.123websitedev.com\/#website\",\"url\":\"https:\/\/vannangvn.123websitedev.com\/\",\"name\":\"Vannang.vn\",\"description\":\"\",\"publisher\":{\"@id\":\"https:\/\/vannangvn.123websitedev.com\/#organization\"},\"potentialAction\":[{\"@type\":\"SearchAction\",\"target\":{\"@type\":\"EntryPoint\",\"urlTemplate\":\"https:\/\/vannangvn.123websitedev.com\/?s={search_term_string}\"},\"query-input\":{\"@type\":\"PropertyValueSpecification\",\"valueRequired\":true,\"valueName\":\"search_term_string\"}}],\"inLanguage\":\"en-US\"},{\"@type\":\"Organization\",\"@id\":\"https:\/\/vannangvn.123websitedev.com\/#organization\",\"name\":\"Vannang.vn\",\"url\":\"https:\/\/vannangvn.123websitedev.com\/\",\"logo\":{\"@type\":\"ImageObject\",\"inLanguage\":\"en-US\",\"@id\":\"https:\/\/vannangvn.123websitedev.com\/#\/schema\/logo\/image\/\",\"url\":\"https:\/\/vannangvn.123websitedev.com\/wp-content\/uploads\/2026\/02\/logo-van-nang-02.png\",\"contentUrl\":\"https:\/\/vannangvn.123websitedev.com\/wp-content\/uploads\/2026\/02\/logo-van-nang-02.png\",\"width\":448,\"height\":111,\"caption\":\"Vannang.vn\"},\"image\":{\"@id\":\"https:\/\/vannangvn.123websitedev.com\/#\/schema\/logo\/image\/\"}}]}<\/script>\n<!-- \/ Yoast SEO Premium plugin. -->","yoast_head_json":{"title":"M\u0168I KHOAN \u0110O \u0110\u1ed8 D\u00c0Y S\u01a0N DJH KOREA M... ch\u00ednh h\u00e3ng | V\u1ea1n N\u0103ng","description":"Mua ngay M\u0168I KHOAN \u0110O \u0110\u1ed8 D\u00c0Y S\u01a0N DJH KOREA MODEL S-BIT-CCS (NEW 2025) ch\u00ednh h\u00e3ng. M\u0169i Khoan S-Bit-CCS l\u00e0 c\u00f4ng c\u1ee5 chuy\u00ean bi\u1ec7t gi\u00fap... Gi\u00e1 t\u1ed1t!","robots":{"index":"noindex","follow":"follow","max-snippet":"max-snippet:-1","max-image-preview":"max-image-preview:large","max-video-preview":"max-video-preview:-1"},"og_locale":"en_US","og_type":"article","og_title":"M\u0168I KHOAN \u0110O \u0110\u1ed8 D\u00c0Y S\u01a0N DJH KOREA MODEL S-BIT-CCS (NEW 2025)","og_description":"Mua ngay M\u0168I KHOAN \u0110O \u0110\u1ed8 D\u00c0Y S\u01a0N DJH KOREA MODEL S-BIT-CCS (NEW 2025) ch\u00ednh h\u00e3ng. M\u0169i Khoan S-Bit-CCS l\u00e0 c\u00f4ng c\u1ee5 chuy\u00ean bi\u1ec7t gi\u00fap... Gi\u00e1 t\u1ed1t!","og_url":"https:\/\/vannangvn.123websitedev.com\/en\/product\/mui-khoan-do-do-day-son-djh-korea-model-s-bit-ccs-new-2025\/","og_site_name":"Vannang.vn","article_modified_time":"2026-03-30T11:49:24+00:00","twitter_card":"summary_large_image","twitter_misc":{"Est. reading time":"9 minutes"},"schema":{"@context":"https:\/\/schema.org","@graph":[{"@type":"WebPage","@id":"https:\/\/vannangvn.123websitedev.com\/san-pham\/mui-khoan-do-do-day-son-djh-korea-model-s-bit-ccs-new-2025\/","url":"https:\/\/vannangvn.123websitedev.com\/san-pham\/mui-khoan-do-do-day-son-djh-korea-model-s-bit-ccs-new-2025\/","name":"M\u0168I KHOAN \u0110O \u0110\u1ed8 D\u00c0Y S\u01a0N DJH KOREA M... ch\u00ednh h\u00e3ng | V\u1ea1n N\u0103ng","isPartOf":{"@id":"https:\/\/vannangvn.123websitedev.com\/#website"},"datePublished":"2026-03-20T12:06:35+00:00","dateModified":"2026-03-30T11:49:24+00:00","description":"Mua ngay M\u0168I KHOAN \u0110O \u0110\u1ed8 D\u00c0Y S\u01a0N DJH KOREA MODEL S-BIT-CCS (NEW 2025) ch\u00ednh h\u00e3ng. M\u0169i Khoan S-Bit-CCS l\u00e0 c\u00f4ng c\u1ee5 chuy\u00ean bi\u1ec7t gi\u00fap... Gi\u00e1 t\u1ed1t!","breadcrumb":{"@id":"https:\/\/vannangvn.123websitedev.com\/san-pham\/mui-khoan-do-do-day-son-djh-korea-model-s-bit-ccs-new-2025\/#breadcrumb"},"inLanguage":"en-US","potentialAction":[{"@type":"ReadAction","target":["https:\/\/vannangvn.123websitedev.com\/san-pham\/mui-khoan-do-do-day-son-djh-korea-model-s-bit-ccs-new-2025\/"]}]},{"@type":"BreadcrumbList","@id":"https:\/\/vannangvn.123websitedev.com\/san-pham\/mui-khoan-do-do-day-son-djh-korea-model-s-bit-ccs-new-2025\/#breadcrumb","itemListElement":[{"@type":"ListItem","position":1,"name":"Trang ch\u1ee7","item":"https:\/\/vannangvn.123websitedev.com\/"},{"@type":"ListItem","position":2,"name":"S\u1ea3n ph\u1ea9m","item":"https:\/\/vannangvn.123websitedev.com\/cua-hang\/"},{"@type":"ListItem","position":3,"name":"M\u0168I KHOAN \u0110O \u0110\u1ed8 D\u00c0Y S\u01a0N DJH KOREA MODEL S-BIT-CCS (NEW 2025)"}]},{"@type":"WebSite","@id":"https:\/\/vannangvn.123websitedev.com\/#website","url":"https:\/\/vannangvn.123websitedev.com\/","name":"Vannang.vn","description":"","publisher":{"@id":"https:\/\/vannangvn.123websitedev.com\/#organization"},"potentialAction":[{"@type":"SearchAction","target":{"@type":"EntryPoint","urlTemplate":"https:\/\/vannangvn.123websitedev.com\/?s={search_term_string}"},"query-input":{"@type":"PropertyValueSpecification","valueRequired":true,"valueName":"search_term_string"}}],"inLanguage":"en-US"},{"@type":"Organization","@id":"https:\/\/vannangvn.123websitedev.com\/#organization","name":"Vannang.vn","url":"https:\/\/vannangvn.123websitedev.com\/","logo":{"@type":"ImageObject","inLanguage":"en-US","@id":"https:\/\/vannangvn.123websitedev.com\/#\/schema\/logo\/image\/","url":"https:\/\/vannangvn.123websitedev.com\/wp-content\/uploads\/2026\/02\/logo-van-nang-02.png","contentUrl":"https:\/\/vannangvn.123websitedev.com\/wp-content\/uploads\/2026\/02\/logo-van-nang-02.png","width":448,"height":111,"caption":"Vannang.vn"},"image":{"@id":"https:\/\/vannangvn.123websitedev.com\/#\/schema\/logo\/image\/"}}]}},"_links":{"self":[{"href":"https:\/\/vannangvn.123websitedev.com\/en\/wp-json\/wp\/v2\/product\/7689","targetHints":{"allow":["GET"]}}],"collection":[{"href":"https:\/\/vannangvn.123websitedev.com\/en\/wp-json\/wp\/v2\/product"}],"about":[{"href":"https:\/\/vannangvn.123websitedev.com\/en\/wp-json\/wp\/v2\/types\/product"}],"replies":[{"embeddable":true,"href":"https:\/\/vannangvn.123websitedev.com\/en\/wp-json\/wp\/v2\/comments?post=7689"}],"wp:attachment":[{"href":"https:\/\/vannangvn.123websitedev.com\/en\/wp-json\/wp\/v2\/media?parent=7689"}],"wp:term":[{"taxonomy":"product_brand","embeddable":true,"href":"https:\/\/vannangvn.123websitedev.com\/en\/wp-json\/wp\/v2\/product_brand?post=7689"},{"taxonomy":"product_cat","embeddable":true,"href":"https:\/\/vannangvn.123websitedev.com\/en\/wp-json\/wp\/v2\/product_cat?post=7689"},{"taxonomy":"product_tag","embeddable":true,"href":"https:\/\/vannangvn.123websitedev.com\/en\/wp-json\/wp\/v2\/product_tag?post=7689"}],"curies":[{"name":"wp","href":"https:\/\/api.w.org\/{rel}","templated":true}]}}