{"id":7703,"date":"2026-03-20T19:06:57","date_gmt":"2026-03-20T12:06:57","guid":{"rendered":"https:\/\/vannangvn.123websitedev.com\/san-pham\/nhiet-ke-ky-thuat-so-pce-instruments-model-pce-aqd-20\/"},"modified":"2026-03-30T18:49:45","modified_gmt":"2026-03-30T11:49:45","slug":"nhiet-ke-ky-thuat-so-pce-instruments-model-pce-aqd-20","status":"publish","type":"product","link":"https:\/\/vannangvn.123websitedev.com\/en\/product\/nhiet-ke-ky-thuat-so-pce-instruments-model-pce-aqd-20\/","title":{"rendered":"NHI\u1ec6T K\u1ebe K\u1ef8 THU\u1eacT S\u1ed0 PCE INSTRUMENTS MODEL PCE-AQD 20"},"content":{"rendered":"<h1 style=\"color: red; font-weight: bold; font-size: 24px;\">T&#7893;ng quan s&#7843;n ph&#7849;m NHI&#7878;T K&#7870; K&#7928; THU&#7852;T S&#7888; PCE INSTRUMENTS MODEL PCE-AQD 20<p>Nhi&#7879;t K&#7871; K&#7929; Thu&#7853;t S&#7889; (Digital Thermometer) PCE Instruments Model PCE-AQD 20<br>\nNhi&#7879;t K&#7871; K&#7929; Thu&#7853;t S&#7889; PCE-AQD 20 l&agrave; thi&#7871;t b&#7883; &#273;o l&yacute; t&#432;&#7903;ng &#273;&#7875; gi&aacute;m s&aacute;t ch&#7845;t l&#432;&#7907;ng kh&ocirc;ng kh&iacute; t&#7841;i n&#417;i l&agrave;m vi&#7879;c. V&#7899;i kh&#7843; n&#259;ng &#273;o &#273;&#7891;ng th&#7901;i 5 th&ocirc;ng s&#7889; quan tr&#7885;ng bao g&#7891;m nhi&#7879;t &#273;&#7897;, &#273;&#7897; &#7849;m, n&#7891;ng &#273;&#7897; CO2, b&#7909;i m&#7883;n PM2.5 v&agrave; &aacute;p su&#7845;t kh&ocirc;ng kh&iacute;, thi&#7871;t b&#7883; n&agrave;y &#273;&aacute;p &#7913;ng nhu c&#7847;u gi&aacute;m s&aacute;t li&ecirc;n t&#7909;c, &#273;&#7843;m b&#7843;o an to&agrave;n lao &#273;&#7897;ng v&agrave; n&acirc;ng cao hi&#7879;u su&#7845;t l&agrave;m vi&#7879;c. H&atilde;y c&ugrave;ng V&#7841;n N&#259;ng t&igrave;m hi&#7875;u chi ti&#7871;t h&#417;n v&#7873; s&#7843;n ph&#7849;m th&ocirc;ng qua b&agrave;i vi&#7871;t d&#432;&#7899;i &#273;&acirc;y!<\/p><p>Nh&#7919;ng N&eacute;t &#272;&#7863;c Tr&#432;ng C&#7911;a PCE-AQD 20<br>\n5 Ch&#7913;c N&#259;ng &#272;o L&#432;&#7901;ng<\/p><p>PCE AQD 20 &#273;o nhi&#7879;t &#273;&#7897; kh&ocirc;ng kh&iacute;, gi&uacute;p &#273;&#7843;m b&#7843;o m&ocirc;i tr&#432;&#7901;ng l&agrave;m vi&#7879;c tho&#7843;i m&aacute;i.<br>\n&#272;o &#273;&#7897; &#7849;m, tr&aacute;nh nguy c&#417; g&acirc;y h&#7841;i cho s&#7913;c kh&#7887;e v&agrave; thi&#7871;t b&#7883;.<br>\nGi&aacute;m s&aacute;t n&#7891;ng &#273;&#7897; CO2, c&#7843;nh b&aacute;o v&#7873; m&#7913;c &#273;&#7897; th&ocirc;ng gi&oacute; kh&ocirc;ng &#273;&#7841;t chu&#7849;n.<br>\n&#272;o b&#7909;i m&#7883;n PM2.5, y&#7871;u t&#7889; quan tr&#7885;ng &#7843;nh h&#432;&#7903;ng &#273;&#7871;n h&ocirc; h&#7845;p.<br>\n&#272;o &aacute;p su&#7845;t kh&ocirc;ng kh&iacute;, h&#7895; tr&#7907; trong nhi&#7873;u &#7913;ng d&#7909;ng m&ocirc;i tr&#432;&#7901;ng &#273;&#7863;c th&ugrave;.<\/p><p>Ghi D&#7919; Li&#7879;u Chu&#7849;n Excel Tr&#7921;c Ti&#7871;p<\/p><p>M&aacute;y PCE-AQD 20 s&#7917; d&#7909;ng th&#7867; nh&#7899; SD &#273;&#7875; l&#432;u tr&#7919; d&#7919; li&#7879;u.<br>\nD&#7919; li&#7879;u &#273;&#432;&#7907;c l&#432;u d&#432;&#7899;i &#273;&#7883;nh d&#7841;ng XLS, d&#7877; d&agrave;ng nh&#7853;p v&agrave;o Excel m&agrave; kh&ocirc;ng c&#7847;n ph&#7847;n m&#7873;m trung gian, ti&#7871;t ki&#7879;m th&#7901;i gian v&agrave; t&#259;ng hi&#7879;u qu&#7843; l&agrave;m vi&#7879;c.<\/p><p>M&agrave;n H&igrave;nh LCD L&#7899;n C&oacute; &#272;&egrave;n N&#7873;n<\/p><h2 style=\"color: #0073aa; font-weight: bold; font-size: 20px;\">Hi&#7875;n th&#7883; r&otilde; r&agrave;ng c&aacute;c th&ocirc;ng s&#7889; &#273;o l&#432;&#7901;ng, thu&#7853;n ti&#7879;n trong m&#7885;i &#273;i&#7873;u ki&#7879;n &aacute;nh s&aacute;ng.<\/h2><p>Ho&#7841;t &#272;&#7897;ng Linh Ho&#7841;t<br>\nThi&#7871;t b&#7883; PCE-AQD 20 c&oacute; th&#7875; s&#7917; d&#7909;ng pin ho&#7863;c b&#7897; ngu&#7891;n 9V, ph&ugrave; h&#7907;p cho c&#7843; s&#7917; d&#7909;ng di &#273;&#7897;ng v&agrave; c&#7889; &#273;&#7883;nh.<\/p><h2 style=\"color: #2e7d32; font-weight: bold; font-size: 20px;\">T&iacute;nh N&#259;ng B&aacute;o &#272;&#7897;ng<\/h2><p>H&#7879; th&#7889;ng b&aacute;o &#273;&#7897;ng t&#7921; &#273;&#7897;ng c&#7843;nh b&aacute;o khi v&#432;&#7907;t ng&#432;&#7905;ng nhi&#7879;t &#273;&#7897;, &#273;&#7897; &#7849;m ho&#7863;c n&#7891;ng &#273;&#7897; b&#7909;i, gi&uacute;p ng&#432;&#7901;i d&ugrave;ng k&#7883;p th&#7901;i &#7913;ng ph&oacute;.<br>\nHi&#7875;n Th&#7883; Th&#7901;i Gian Hi&#7879;n T&#7841;i<br>\nT&iacute;ch h&#7907;p &#273;&#7891;ng h&#7891;, cung c&#7845;p th&ocirc;ng tin th&#7901;i gian ch&iacute;nh x&aacute;c b&ecirc;n c&#7841;nh d&#7919; li&#7879;u &#273;o l&#432;&#7901;ng.<\/p><p>&#431;u &#272;i&#7875;m V&#432;&#7907;t Tr&#7897;i C&#7911;a PCE-AQD 20<\/p><p>Thermometer PCE-AQD 20 d&#7877; d&agrave;ng qu&#7843;n l&yacute; d&#7919; li&#7879;u v&#7899;i &#273;&#7883;nh d&#7841;ng Excel.<\/p><h2 style=\"color: #0073aa; font-weight: bold; font-size: 20px;\">Gi&aacute;m s&aacute;t &#273;a th&ocirc;ng s&#7889; trong m&#7897;t thi&#7871;t b&#7883; duy nh&#7845;t, ti&#7871;t ki&#7879;m chi ph&iacute; v&agrave; kh&ocirc;ng gian.<\/h2><p>C&#7843;nh b&aacute;o t&#7913;c th&#7901;i gi&uacute;p c&#7843;i thi&#7879;n s&#7921; an to&agrave;n v&agrave; ch&#7845;t l&#432;&#7907;ng m&ocirc;i tr&#432;&#7901;ng l&agrave;m vi&#7879;c.<\/p><p>&#7912;ng D&#7909;ng Th&#7921;c T&#7871; C&#7911;a PCE-AQD 20<br>\nGi&aacute;m s&aacute;t n&#417;i l&agrave;m vi&#7879;c<br>\n&#272;&#7843;m b&#7843;o ch&#7845;t l&#432;&#7907;ng kh&ocirc;ng kh&iacute; &#273;&aacute;p &#7913;ng ti&ecirc;u chu&#7849;n an to&agrave;n lao &#273;&#7897;ng, &#273;&#7863;c bi&#7879;t t&#7841;i c&aacute;c nh&agrave; m&aacute;y, v&#259;n ph&ograve;ng v&agrave; khu c&ocirc;ng nghi&#7879;p.<br>\nPh&acirc;n t&iacute;ch m&ocirc;i tr&#432;&#7901;ng<br>\nPCE-AQD 20 thu th&#7853;p v&agrave; ph&acirc;n t&iacute;ch d&#7919; li&#7879;u trong c&aacute;c nghi&ecirc;n c&#7913;u v&#7873; m&ocirc;i tr&#432;&#7901;ng, kh&iacute; h&#7853;u.<br>\n&#7912;ng d&#7909;ng trong y t&#7871;<br>\nKi&#7875;m so&aacute;t ch&#7845;t l&#432;&#7907;ng kh&ocirc;ng kh&iacute; t&#7841;i b&#7879;nh vi&#7879;n, ph&ograve;ng kh&aacute;m &#273;&#7875; b&#7843;o v&#7879; s&#7913;c kh&#7887;e b&#7879;nh nh&acirc;n v&agrave; nh&acirc;n vi&ecirc;n y t&#7871;.<\/p><p>Nh&#7919;ng L&yacute; Do N&ecirc;n Mua Nhi&#7879;t K&#7871; K&#7929; Thu&#7853;t S&#7889; T&#7841;i Thi&#7871;t B&#7883; C&ocirc;ng Ngh&#7879; V&#7841;n N&#259;ng<\/p><p>C&ocirc;ng ty Thi&#7871;t B&#7883; C&ocirc;ng Ngh&#7879; V&#7841;n N&#259;ng l&agrave; &#273;&#7889;i t&aacute;c ch&iacute;nh th&#7913;c ph&acirc;n ph&#7889;i Nhi&#7879;t K&#7871; K&#7929; Thu&#7853;t S&#7889; h&agrave;ng &#273;&#7847;u t&#7841;i Vi&#7879;t Nam, cam k&#7871;t cung c&#7845;p s&#7843;n ph&#7849;m ch&iacute;nh h&atilde;ng v&#7899;i gi&aacute; c&#7843; c&#7841;nh tranh nh&#7845;t th&#7883; tr&#432;&#7901;ng. V&#7899;i uy t&iacute;n tr&ecirc;n th&#7883; tr&#432;&#7901;ng v&agrave; ch&#7871; &#273;&#7897; h&#7851;u m&atilde;i t&#7889;t, Thi&#7871;t B&#7883; C&ocirc;ng Ngh&#7879; V&#7841;n N&#259;ng &#273;&atilde; nh&#7853;n &#273;&#432;&#7907;c s&#7921; tin t&#432;&#7903;ng t&#7915; kh&aacute;ch h&agrave;ng nh&#7901; v&agrave;o ch&#7845;t l&#432;&#7907;ng h&agrave;ng &#273;&#7847;u c&#7911;a c&aacute;c d&ograve;ng s&#7843;n ph&#7849;m.<br>\nS&#7843;n ph&#7849;m c&#7911;a ch&uacute;ng t&ocirc;i &#273;&#432;&#7907;c ki&#7875;m &#273;&#7883;nh ch&#7845;t l&#432;&#7907;ng, nh&#7853;p kh&#7849;u tr&#7921;c ti&#7871;p t&#7915; nh&agrave; m&aacute;y b&ecirc;n Ch&acirc;u &Acirc;u, M&#7929;, &Uacute;c, Nh&#7853;t B&#7843;n,&hellip; v&agrave; &#273;&aacute;p &#7913;ng nhu c&#7847;u &#273;a d&#7841;ng c&#7911;a th&#7883; tr&#432;&#7901;ng nh&#432;: M&aacute;y &#272;o &#272;&#7897; C&#7913;ng, M&aacute;y SPECTROMAXx, M&aacute;y Ki&#7875;m Tra &#272;&#432;&#7901;ng Gh&eacute;p M&iacute; Lon,&hellip; Ch&uacute;ng t&ocirc;i cam k&#7871;t cung c&#7845;p s&#7843;n ph&#7849;m n&agrave;y tr&ecirc;n to&agrave;n qu&#7889;c v&#7899;i gi&aacute; c&#7843; c&#7841;nh tranh nh&#7845;t.<br>\nCh&uacute;ng t&ocirc;i c&oacute; &#273;&#7897;i ng&#361; chuy&ecirc;n vi&ecirc;n t&#432; v&#7845;n chuy&ecirc;n s&acirc;u s&#7869; h&#7895; tr&#7907; kh&aacute;ch h&agrave;ng v&#7873; chi ti&#7871;t s&#7843;n ph&#7849;m, h&#432;&#7899;ng d&#7851;n s&#7917; d&#7909;ng hay nh&#7919;ng th&#7913; li&ecirc;n quan &#273;&#7871;n v&#7845;n &#273;&#7873; m&agrave; doanh nghi&#7879;p b&#7841;n &#273;ang g&#7863;p ph&#7843;i. Ch&uacute;ng t&ocirc;i s&#7869; cung c&#7845;p nh&#7919;ng gi&#7843;i ph&aacute;p t&#7889;i &#432;u nh&#7845;t!<br>\nNgo&agrave;i ra Thi&#7871;t B&#7883; C&ocirc;ng Ngh&#7879; V&#7841;n N&#259;ng Ch&uacute;ng T&ocirc;i lu&ocirc;n h&#432;&#7899;ng &#273;&#7871;n tr&#7843;i nghi&#7879;m kh&aacute;ch h&agrave;ng, v&igrave; v&#7853;y ch&uacute;ng t&ocirc;i c&oacute; nh&#7919;ng ch&iacute;nh s&aacute;ch b&#7843;o h&agrave;nh, b&#7843;o tr&igrave; &ndash; b&#7843;o d&#432;&#7905;ng, hi&#7879;u chu&#7849;n v&#7899;i t&#7845;t c&#7843; c&aacute;c thi&#7871;t b&#7883;, m&aacute;y m&oacute;c m&agrave; ch&uacute;ng t&ocirc;i cung c&#7845;p. &#272;&#7843;m b&#7843;o mang &#273;&#7871;n cho Kh&aacute;ch h&agrave;ng s&#7921; y&ecirc;n t&acirc;m tuy&#7879;t &#273;&#7889;i v&#7873; d&#7883;ch v&#7909; khi mua h&agrave;ng.<\/p><p>T&#7893;ng K&#7871;t<br>\nNhi&#7879;t K&#7871; PCE-AQD 20 l&agrave; gi&#7843;i ph&aacute;p to&agrave;n di&#7879;n, k&#7871;t h&#7907;p c&ocirc;ng ngh&#7879; ti&ecirc;n ti&#7871;n v&agrave; thi&#7871;t k&#7871; ti&#7879;n &iacute;ch, mang &#273;&#7871;n hi&#7879;u qu&#7843; cao trong gi&aacute;m s&aacute;t ch&#7845;t l&#432;&#7907;ng kh&ocirc;ng kh&iacute;. H&atilde;y li&ecirc;n h&#7879; v&#7899;i V&#7841;n N&#259;ng Company &#273;&#7875; &#273;&#432;&#7907;c t&#432; v&#7845;n chi ti&#7871;t v&agrave; nh&#7853;n ngay &#432;u &#273;&atilde;i h&#7845;p d&#7851;n th&ocirc;ng qua hotline\/zalo: <a href=\"https:\/\/zalo.me\/0903991335\" target=\"_blank\" rel=\"noopener\" style=\"color: #059669; font-weight: bold; text-decoration: none;\">0903 991 335<\/a>!<\/p><div style=\"background-color: #f8fafc; border: 1px solid #e2e8f0; border-radius: 8px; padding: 25px; max-width: 800px; margin: 30px auto; color: #334155; line-height: 1.8; font-size: 17px; box-shadow: 0 4px 6px -1px rgba(0,0,0,0.05); text-align: left; clear: both;\">\nC&ocirc;ng ty TNHH Th&#432;&#417;ng M&#7841;i D&#7883;ch V&#7909; Thi&#7871;t B&#7883; C&ocirc;ng Ngh&#7879; V&#7841;n N&#259;ng\n<p style=\"margin: 0 0 10px 0;\">&#128205; <strong style=\"color: #1e293b;\">&#272;&#7883;a ch&#7881;:<\/strong> <a style=\"color: #059669; text-decoration: none; font-weight: bold;\" href=\"https:\/\/www.google.com\/maps\/search\/C%C3%B4ng+ty+TNHH+Th%C6%B0%C6%A1ng+M%E1%BA%A1i+D%E1%BB%8Bch+V%E1%BB%A5+Thi%E1%BA%BFt+B%E1%BB%8B+C%C3%B4ng+Ngh%E1%BB%87+V%E1%BA%A1n+N%C4%83ng+818+Tr%C6%B0%E1%BB%9Dng+Chinh\" target=\"_blank\" rel=\"noopener\">818 Tr&#432;&#7901;ng Chinh, Ph&#432;&#7901;ng T&acirc;n S&#417;n, Th&agrave;nh ph&#7889; H&#7891; Ch&iacute; Minh, Vi&#7879;t Nam<\/a><\/p>\n<p style=\"margin: 0 0 10px 0;\">&#128222; <strong style=\"color: #1e293b;\">S&#272;T &ndash; Zalo:<\/strong> <a style=\"color: #059669; text-decoration: none; font-weight: bold;\" href=\"https:\/\/zalo.me\/0903991335\" target=\"_blank\" rel=\"noopener\">0903 991 335<\/a> <span style=\"color: #64748b; font-style: italic;\">(Ms. H&#7841;nh &ndash; Gi&aacute;m &#272;&#7889;c Kinh Doanh)<\/span><\/p>\n<p style=\"margin: 0;\">&#9993;&#65039; <strong style=\"color: #1e293b;\">Email:<\/strong> <a style=\"color: #059669; text-decoration: none; font-weight: bold;\" href=\"mailto:hienhanh@vannangvn.com\">hienhanh@vannangvn.com<\/a><\/p>\n<\/div><\/h1>","protected":false},"excerpt":{"rendered":"<p><strong>Th&#432;&#417;ng hi&#7879;u:<\/strong> Nhi&#7879;t K&#7871; K&#7929; Thu&#7853;t S&#7889; PCE-AQD 20 l&agrave; thi&#7871;t b&#7883; &#273;o l&yacute; t&#432;&#7903;ng &#273;&#7875; gi&aacute;m s&aacute;t ch&#7845;t l&#432;&#7907;ng kh&ocirc;ng kh&iacute; t&#7841;i n&#417;i l&agrave;m vi&#7879;c. V&#7899;i kh&#7843; n&#259;ng &#273;o &#273;&#7891;ng th&#7901;i 5 th&ocirc;ng s&#7889; quan tr&#7885;ng bao g&#7891;m nhi&#7879;t &#273;&#7897;, &#273;&#7897; &#7849;m, n&#7891;ng &#273;&#7897; CO2, b&#7909;i m&#7883;n PM2.5 v&agrave; &aacute;p su&#7845;t kh&ocirc;ng kh&iacute;, &#273;&aacute;p &#7913;ng nhu c&#7847;u gi&aacute;m s&aacute;t li&ecirc;n t&#7909;c, &#273;&#7843;m b&#7843;o an to&agrave;n lao &#273;&#7897;ng v&agrave; n&acirc;ng cao hi&#7879;u su&#7845;t l&agrave;m vi&#7879;c.<br>\n<strong>Model:<\/strong> PCE-AQD 20<p>Product <strong>NHI&#7878;T K&#7870; K&#7928; THU&#7852;T S&#7888; PCE INSTRUMENTS MODEL PCE-AQD 20<\/strong> ch&iacute;nh h&atilde;ng. Nhi&#7879;t K&#7871; K&#7929; Thu&#7853;t S&#7889; PCE-AQD 20 l&agrave; thi&#7871;t b&#7883; &#273;o l&yacute; t&#432;&#7903;ng &#273;&#7875; gi&aacute;m s&aacute;t ch&#7845;t l&#432;&#7907;ng kh&ocirc;ng kh&iacute; t&#7841;i n&#417;i l&agrave;m vi&#7879;c. V&#7899;i kh&#7843; n&#259;ng &#273;o &#273;&#7891;ng th&#7901;i 5 th&ocirc;ng s&#7889; quan tr&#7885;ng bao g&#7891;m nhi&#7879;t &#273;&#7897;, &#273;&#7897; &#7849;m, n&#7891;ng &#273;&#7897; CO2, b&#7909;i m&#7883;n PM2.5 v&agrave; &aacute;p su&#7845;t kh&ocirc;ng kh&iacute;, &#273;&aacute;p &#7913;ng nhu c&#7847;u gi&aacute;m s&aacute;t li&ecirc;n t&#7909;c, &#273;&#7843;m b&#7843;o an to&agrave;n lao &#273;&#7897;ng v&agrave; n&acirc;ng cao hi&#7879;u su&#7845;t l&agrave;m vi&#7879;c.<\/p><\/p>","protected":false},"featured_media":10376,"comment_status":"open","ping_status":"closed","template":"","meta":[],"product_brand":[],"product_cat":[18],"product_tag":[116,129,167,301,346,581,610,892,1247,1444],"class_list":{"0":"post-7703","1":"product","2":"type-product","3":"status-publish","4":"has-post-thumbnail","6":"product_cat-chua-phan-loai","7":"product_tag-model","8":"product_tag-so","9":"product_tag-ke","10":"product_tag-nhiet","11":"product_tag-pce","12":"product_tag-instruments","13":"product_tag-610","14":"product_tag-ky","15":"product_tag-thuat","16":"product_tag-pce-aqd","18":"first","19":"instock","20":"shipping-taxable","21":"product-type-simple"},"yoast_head":"<!-- This site is optimized with the Yoast SEO Premium plugin v24.8 (Yoast SEO v24.8) - https:\/\/yoast.com\/wordpress\/plugins\/seo\/ -->\n<title>NHI\u1ec6T K\u1ebe K\u1ef8 THU\u1eacT S\u1ed0 PCE INSTRUMENT... ch\u00ednh h\u00e3ng | V\u1ea1n N\u0103ng<\/title>\n<meta name=\"description\" content=\"Mua ngay NHI\u1ec6T K\u1ebe K\u1ef8 THU\u1eacT S\u1ed0 PCE INSTRUMENTS MODEL PCE-AQD 20 ch\u00ednh h\u00e3ng. Gi\u00e1 t\u1ed1t!\" \/>\n<meta name=\"robots\" content=\"noindex, follow, max-snippet:-1, max-image-preview:large, max-video-preview:-1\" \/>\n<meta property=\"og:locale\" content=\"en_US\" \/>\n<meta property=\"og:type\" content=\"article\" \/>\n<meta property=\"og:title\" content=\"NHI\u1ec6T K\u1ebe K\u1ef8 THU\u1eacT S\u1ed0 PCE INSTRUMENTS MODEL PCE-AQD 20\" \/>\n<meta property=\"og:description\" content=\"Mua ngay NHI\u1ec6T K\u1ebe K\u1ef8 THU\u1eacT S\u1ed0 PCE INSTRUMENTS MODEL PCE-AQD 20 ch\u00ednh h\u00e3ng. Gi\u00e1 t\u1ed1t!\" \/>\n<meta property=\"og:url\" content=\"https:\/\/vannangvn.123websitedev.com\/en\/product\/nhiet-ke-ky-thuat-so-pce-instruments-model-pce-aqd-20\/\" \/>\n<meta property=\"og:site_name\" content=\"Vannang.vn\" \/>\n<meta property=\"article:modified_time\" content=\"2026-03-30T11:49:45+00:00\" \/>\n<meta property=\"og:image\" content=\"http:\/\/vannangvn.123websitedev.com\/wp-content\/uploads\/2026\/03\/PCE-AQD-20-no.1-copy.jpg\" \/>\n\t<meta property=\"og:image:width\" content=\"768\" \/>\n\t<meta property=\"og:image:height\" content=\"576\" \/>\n\t<meta property=\"og:image:type\" content=\"image\/jpeg\" \/>\n<meta name=\"twitter:card\" content=\"summary_large_image\" \/>\n<meta name=\"twitter:label1\" content=\"Est. reading time\" \/>\n\t<meta name=\"twitter:data1\" content=\"7 minutes\" \/>\n<script type=\"application\/ld+json\" class=\"yoast-schema-graph\">{\"@context\":\"https:\/\/schema.org\",\"@graph\":[{\"@type\":\"WebPage\",\"@id\":\"https:\/\/vannangvn.123websitedev.com\/san-pham\/nhiet-ke-ky-thuat-so-pce-instruments-model-pce-aqd-20\/\",\"url\":\"https:\/\/vannangvn.123websitedev.com\/san-pham\/nhiet-ke-ky-thuat-so-pce-instruments-model-pce-aqd-20\/\",\"name\":\"NHI\u1ec6T K\u1ebe K\u1ef8 THU\u1eacT S\u1ed0 PCE INSTRUMENT... ch\u00ednh h\u00e3ng | V\u1ea1n N\u0103ng\",\"isPartOf\":{\"@id\":\"https:\/\/vannangvn.123websitedev.com\/#website\"},\"primaryImageOfPage\":{\"@id\":\"https:\/\/vannangvn.123websitedev.com\/san-pham\/nhiet-ke-ky-thuat-so-pce-instruments-model-pce-aqd-20\/#primaryimage\"},\"image\":{\"@id\":\"https:\/\/vannangvn.123websitedev.com\/san-pham\/nhiet-ke-ky-thuat-so-pce-instruments-model-pce-aqd-20\/#primaryimage\"},\"thumbnailUrl\":\"https:\/\/vannangvn.123websitedev.com\/wp-content\/uploads\/2026\/03\/PCE-AQD-20-no.1-copy.jpg\",\"datePublished\":\"2026-03-20T12:06:57+00:00\",\"dateModified\":\"2026-03-30T11:49:45+00:00\",\"description\":\"Mua ngay NHI\u1ec6T K\u1ebe K\u1ef8 THU\u1eacT S\u1ed0 PCE INSTRUMENTS MODEL PCE-AQD 20 ch\u00ednh h\u00e3ng. Gi\u00e1 t\u1ed1t!\",\"breadcrumb\":{\"@id\":\"https:\/\/vannangvn.123websitedev.com\/san-pham\/nhiet-ke-ky-thuat-so-pce-instruments-model-pce-aqd-20\/#breadcrumb\"},\"inLanguage\":\"en-US\",\"potentialAction\":[{\"@type\":\"ReadAction\",\"target\":[\"https:\/\/vannangvn.123websitedev.com\/san-pham\/nhiet-ke-ky-thuat-so-pce-instruments-model-pce-aqd-20\/\"]}]},{\"@type\":\"ImageObject\",\"inLanguage\":\"en-US\",\"@id\":\"https:\/\/vannangvn.123websitedev.com\/san-pham\/nhiet-ke-ky-thuat-so-pce-instruments-model-pce-aqd-20\/#primaryimage\",\"url\":\"https:\/\/vannangvn.123websitedev.com\/wp-content\/uploads\/2026\/03\/PCE-AQD-20-no.1-copy.jpg\",\"contentUrl\":\"https:\/\/vannangvn.123websitedev.com\/wp-content\/uploads\/2026\/03\/PCE-AQD-20-no.1-copy.jpg\",\"width\":768,\"height\":576},{\"@type\":\"BreadcrumbList\",\"@id\":\"https:\/\/vannangvn.123websitedev.com\/san-pham\/nhiet-ke-ky-thuat-so-pce-instruments-model-pce-aqd-20\/#breadcrumb\",\"itemListElement\":[{\"@type\":\"ListItem\",\"position\":1,\"name\":\"Trang ch\u1ee7\",\"item\":\"https:\/\/vannangvn.123websitedev.com\/\"},{\"@type\":\"ListItem\",\"position\":2,\"name\":\"S\u1ea3n ph\u1ea9m\",\"item\":\"https:\/\/vannangvn.123websitedev.com\/cua-hang\/\"},{\"@type\":\"ListItem\",\"position\":3,\"name\":\"NHI\u1ec6T K\u1ebe K\u1ef8 THU\u1eacT S\u1ed0 PCE INSTRUMENTS MODEL PCE-AQD 20\"}]},{\"@type\":\"WebSite\",\"@id\":\"https:\/\/vannangvn.123websitedev.com\/#website\",\"url\":\"https:\/\/vannangvn.123websitedev.com\/\",\"name\":\"Vannang.vn\",\"description\":\"\",\"publisher\":{\"@id\":\"https:\/\/vannangvn.123websitedev.com\/#organization\"},\"potentialAction\":[{\"@type\":\"SearchAction\",\"target\":{\"@type\":\"EntryPoint\",\"urlTemplate\":\"https:\/\/vannangvn.123websitedev.com\/?s={search_term_string}\"},\"query-input\":{\"@type\":\"PropertyValueSpecification\",\"valueRequired\":true,\"valueName\":\"search_term_string\"}}],\"inLanguage\":\"en-US\"},{\"@type\":\"Organization\",\"@id\":\"https:\/\/vannangvn.123websitedev.com\/#organization\",\"name\":\"Vannang.vn\",\"url\":\"https:\/\/vannangvn.123websitedev.com\/\",\"logo\":{\"@type\":\"ImageObject\",\"inLanguage\":\"en-US\",\"@id\":\"https:\/\/vannangvn.123websitedev.com\/#\/schema\/logo\/image\/\",\"url\":\"https:\/\/vannangvn.123websitedev.com\/wp-content\/uploads\/2026\/02\/logo-van-nang-02.png\",\"contentUrl\":\"https:\/\/vannangvn.123websitedev.com\/wp-content\/uploads\/2026\/02\/logo-van-nang-02.png\",\"width\":448,\"height\":111,\"caption\":\"Vannang.vn\"},\"image\":{\"@id\":\"https:\/\/vannangvn.123websitedev.com\/#\/schema\/logo\/image\/\"}}]}<\/script>\n<!-- \/ Yoast SEO Premium plugin. -->","yoast_head_json":{"title":"NHI\u1ec6T K\u1ebe K\u1ef8 THU\u1eacT S\u1ed0 PCE INSTRUMENT... ch\u00ednh h\u00e3ng | V\u1ea1n N\u0103ng","description":"Mua ngay NHI\u1ec6T K\u1ebe K\u1ef8 THU\u1eacT S\u1ed0 PCE INSTRUMENTS MODEL PCE-AQD 20 ch\u00ednh h\u00e3ng. Gi\u00e1 t\u1ed1t!","robots":{"index":"noindex","follow":"follow","max-snippet":"max-snippet:-1","max-image-preview":"max-image-preview:large","max-video-preview":"max-video-preview:-1"},"og_locale":"en_US","og_type":"article","og_title":"NHI\u1ec6T K\u1ebe K\u1ef8 THU\u1eacT S\u1ed0 PCE INSTRUMENTS MODEL PCE-AQD 20","og_description":"Mua ngay NHI\u1ec6T K\u1ebe K\u1ef8 THU\u1eacT S\u1ed0 PCE INSTRUMENTS MODEL PCE-AQD 20 ch\u00ednh h\u00e3ng. Gi\u00e1 t\u1ed1t!","og_url":"https:\/\/vannangvn.123websitedev.com\/en\/product\/nhiet-ke-ky-thuat-so-pce-instruments-model-pce-aqd-20\/","og_site_name":"Vannang.vn","article_modified_time":"2026-03-30T11:49:45+00:00","og_image":[{"width":768,"height":576,"url":"http:\/\/vannangvn.123websitedev.com\/wp-content\/uploads\/2026\/03\/PCE-AQD-20-no.1-copy.jpg","type":"image\/jpeg"}],"twitter_card":"summary_large_image","twitter_misc":{"Est. reading time":"7 minutes"},"schema":{"@context":"https:\/\/schema.org","@graph":[{"@type":"WebPage","@id":"https:\/\/vannangvn.123websitedev.com\/san-pham\/nhiet-ke-ky-thuat-so-pce-instruments-model-pce-aqd-20\/","url":"https:\/\/vannangvn.123websitedev.com\/san-pham\/nhiet-ke-ky-thuat-so-pce-instruments-model-pce-aqd-20\/","name":"NHI\u1ec6T K\u1ebe K\u1ef8 THU\u1eacT S\u1ed0 PCE INSTRUMENT... ch\u00ednh h\u00e3ng | V\u1ea1n N\u0103ng","isPartOf":{"@id":"https:\/\/vannangvn.123websitedev.com\/#website"},"primaryImageOfPage":{"@id":"https:\/\/vannangvn.123websitedev.com\/san-pham\/nhiet-ke-ky-thuat-so-pce-instruments-model-pce-aqd-20\/#primaryimage"},"image":{"@id":"https:\/\/vannangvn.123websitedev.com\/san-pham\/nhiet-ke-ky-thuat-so-pce-instruments-model-pce-aqd-20\/#primaryimage"},"thumbnailUrl":"https:\/\/vannangvn.123websitedev.com\/wp-content\/uploads\/2026\/03\/PCE-AQD-20-no.1-copy.jpg","datePublished":"2026-03-20T12:06:57+00:00","dateModified":"2026-03-30T11:49:45+00:00","description":"Mua ngay NHI\u1ec6T K\u1ebe K\u1ef8 THU\u1eacT S\u1ed0 PCE INSTRUMENTS MODEL PCE-AQD 20 ch\u00ednh h\u00e3ng. Gi\u00e1 t\u1ed1t!","breadcrumb":{"@id":"https:\/\/vannangvn.123websitedev.com\/san-pham\/nhiet-ke-ky-thuat-so-pce-instruments-model-pce-aqd-20\/#breadcrumb"},"inLanguage":"en-US","potentialAction":[{"@type":"ReadAction","target":["https:\/\/vannangvn.123websitedev.com\/san-pham\/nhiet-ke-ky-thuat-so-pce-instruments-model-pce-aqd-20\/"]}]},{"@type":"ImageObject","inLanguage":"en-US","@id":"https:\/\/vannangvn.123websitedev.com\/san-pham\/nhiet-ke-ky-thuat-so-pce-instruments-model-pce-aqd-20\/#primaryimage","url":"https:\/\/vannangvn.123websitedev.com\/wp-content\/uploads\/2026\/03\/PCE-AQD-20-no.1-copy.jpg","contentUrl":"https:\/\/vannangvn.123websitedev.com\/wp-content\/uploads\/2026\/03\/PCE-AQD-20-no.1-copy.jpg","width":768,"height":576},{"@type":"BreadcrumbList","@id":"https:\/\/vannangvn.123websitedev.com\/san-pham\/nhiet-ke-ky-thuat-so-pce-instruments-model-pce-aqd-20\/#breadcrumb","itemListElement":[{"@type":"ListItem","position":1,"name":"Trang ch\u1ee7","item":"https:\/\/vannangvn.123websitedev.com\/"},{"@type":"ListItem","position":2,"name":"S\u1ea3n ph\u1ea9m","item":"https:\/\/vannangvn.123websitedev.com\/cua-hang\/"},{"@type":"ListItem","position":3,"name":"NHI\u1ec6T K\u1ebe K\u1ef8 THU\u1eacT S\u1ed0 PCE INSTRUMENTS MODEL PCE-AQD 20"}]},{"@type":"WebSite","@id":"https:\/\/vannangvn.123websitedev.com\/#website","url":"https:\/\/vannangvn.123websitedev.com\/","name":"Vannang.vn","description":"","publisher":{"@id":"https:\/\/vannangvn.123websitedev.com\/#organization"},"potentialAction":[{"@type":"SearchAction","target":{"@type":"EntryPoint","urlTemplate":"https:\/\/vannangvn.123websitedev.com\/?s={search_term_string}"},"query-input":{"@type":"PropertyValueSpecification","valueRequired":true,"valueName":"search_term_string"}}],"inLanguage":"en-US"},{"@type":"Organization","@id":"https:\/\/vannangvn.123websitedev.com\/#organization","name":"Vannang.vn","url":"https:\/\/vannangvn.123websitedev.com\/","logo":{"@type":"ImageObject","inLanguage":"en-US","@id":"https:\/\/vannangvn.123websitedev.com\/#\/schema\/logo\/image\/","url":"https:\/\/vannangvn.123websitedev.com\/wp-content\/uploads\/2026\/02\/logo-van-nang-02.png","contentUrl":"https:\/\/vannangvn.123websitedev.com\/wp-content\/uploads\/2026\/02\/logo-van-nang-02.png","width":448,"height":111,"caption":"Vannang.vn"},"image":{"@id":"https:\/\/vannangvn.123websitedev.com\/#\/schema\/logo\/image\/"}}]}},"_links":{"self":[{"href":"https:\/\/vannangvn.123websitedev.com\/en\/wp-json\/wp\/v2\/product\/7703","targetHints":{"allow":["GET"]}}],"collection":[{"href":"https:\/\/vannangvn.123websitedev.com\/en\/wp-json\/wp\/v2\/product"}],"about":[{"href":"https:\/\/vannangvn.123websitedev.com\/en\/wp-json\/wp\/v2\/types\/product"}],"replies":[{"embeddable":true,"href":"https:\/\/vannangvn.123websitedev.com\/en\/wp-json\/wp\/v2\/comments?post=7703"}],"wp:featuredmedia":[{"embeddable":true,"href":"https:\/\/vannangvn.123websitedev.com\/en\/wp-json\/wp\/v2\/media\/10376"}],"wp:attachment":[{"href":"https:\/\/vannangvn.123websitedev.com\/en\/wp-json\/wp\/v2\/media?parent=7703"}],"wp:term":[{"taxonomy":"product_brand","embeddable":true,"href":"https:\/\/vannangvn.123websitedev.com\/en\/wp-json\/wp\/v2\/product_brand?post=7703"},{"taxonomy":"product_cat","embeddable":true,"href":"https:\/\/vannangvn.123websitedev.com\/en\/wp-json\/wp\/v2\/product_cat?post=7703"},{"taxonomy":"product_tag","embeddable":true,"href":"https:\/\/vannangvn.123websitedev.com\/en\/wp-json\/wp\/v2\/product_tag?post=7703"}],"curies":[{"name":"wp","href":"https:\/\/api.w.org\/{rel}","templated":true}]}}