{"id":7712,"date":"2026-03-20T19:07:06","date_gmt":"2026-03-20T12:07:06","guid":{"rendered":"https:\/\/vannangvn.123websitedev.com\/san-pham\/phong-thu-nghiem-moi-truong-thermotron-model-wp-286\/"},"modified":"2026-03-30T18:49:56","modified_gmt":"2026-03-30T11:49:56","slug":"phong-thu-nghiem-moi-truong-thermotron-model-wp-286","status":"publish","type":"product","link":"https:\/\/vannangvn.123websitedev.com\/en\/product\/phong-thu-nghiem-moi-truong-thermotron-model-wp-286\/","title":{"rendered":"PH\u00d2NG TH\u1eec NGHI\u1ec6M M\u00d4I TR\u01af\u1edcNG THERMOTRON MODEL WP-286"},"content":{"rendered":"<h1 style=\"color: red; font-weight: bold; font-size: 24px;\">T&#7893;ng quan s&#7843;n ph&#7849;m PH&Ograve;NG TH&#7916; NGHI&#7878;M M&Ocirc;I TR&#431;&#7900;NG THERMOTRON MODEL WP-286<p>Ph&ograve;ng Th&#7917; Nghi&#7879;m M&ocirc;i Tr&#432;&#7901;ng (Walk-In Chamber) Thermotron Model WP-286<\/p><p>WP-286<br>\nB&#7841;n c&#7847;n ki&#7875;m tra nh&#7919;ng s&#7843;n ph&#7849;m c&oacute; k&iacute;ch th&#432;&#7899;c l&#7899;n? Thermotron Walk-In Chamber l&agrave; gi&#7843;i ph&aacute;p l&yacute; t&#432;&#7903;ng, &#273;&oacute;ng vai tr&ograve; nh&#432; m&#7897;t ph&ograve;ng th&#7917; nghi&#7879;m chuy&ecirc;n d&#7909;ng cho c&aacute;c b&#7897; ph&#7853;n, c&#7909;m l&#7855;p r&aacute;p ho&#7863;c s&#7843;n ph&#7849;m ho&agrave;n ch&#7881;nh c&oacute; k&iacute;ch th&#432;&#7899;c l&#7899;n.<br>\nThermotron s&#7843;n xu&#7845;t c&#7843; Panel Walk-In Chamber v&agrave; Solid Walk-In Chamber, c&oacute; th&#7875; c&#7845;u h&igrave;nh &#273;&#7875; ki&#7875;m so&aacute;t nhi&#7879;t &#273;&#7897; ho&#7863;c nhi&#7879;t &#273;&#7897; v&agrave; &#273;&#7897; &#7849;m:<\/p><p>Panel Walk-In Chamber: &#272;&#432;&#7907;c ch&#7871; t&#7841;o t&#7915; c&aacute;c t&#7845;m panel c&aacute;ch nhi&#7879;t nh&#7865;, d&#7877; d&agrave;ng l&#7855;p &#273;&#7863;t nhanh ch&oacute;ng. L&#7899;p b&#7885;c b&ecirc;n ngo&agrave;i gi&uacute;p ng&#259;n r&ograve; r&#7881;, gi&#7919; &#273;&#7897; &#7849;m v&agrave; &#273;&#7843;m b&#7843;o nhi&#7879;t &#273;&#7897; b&ecirc;n trong &#7893;n &#273;&#7883;nh.<br>\nSolid Walk-In Chamber: &#272;&#432;&#7907;c thi&#7871;t k&#7871; t&ugrave;y ch&#7881;nh v&#7899;i k&iacute;ch th&#432;&#7899;c g&#7847;n nh&#432; kh&ocirc;ng gi&#7899;i h&#7841;n. V&#7899;i c&#7845;u tr&uacute;c h&agrave;n k&iacute;n, lo&#7841;i ph&ograve;ng n&agrave;y ph&ugrave; h&#7907;p cho c&aacute;c &#7913;ng d&#7909;ng y&ecirc;u c&#7847;u ki&#7875;m so&aacute;t nhi&#7879;t &#273;&#7897; v&agrave; &#273;&#7897; &#7849;m &#7903; m&#7913;c cao (tr&ecirc;n 85&deg;C). Solid Walk-In Chamber th&#432;&#7901;ng th&iacute;ch h&#7907;p l&#7855;p &#273;&#7863;t trong c&aacute;c c&ocirc;ng tr&igrave;nh x&acirc;y d&#7921;ng m&#7899;i, khu v&#7921;c c&oacute; c&#7917;a ra v&agrave;o si&ecirc;u l&#7899;n ho&#7863;c n&#417;i c&oacute; th&#7875; th&aacute;o d&#7905; t&#432;&#7901;ng ngo&agrave;i d&#7877; d&agrave;ng &#273;&#7875; &#273;&#432;a thi&#7871;t b&#7883; v&agrave;o.<\/p><p>Ngo&agrave;i c&aacute;c k&iacute;ch th&#432;&#7899;c Panel Walk-In ti&ecirc;u chu&#7849;n, Thermotron c&#361;ng nh&#7853;n thi&#7871;t k&#7871; k&iacute;ch th&#432;&#7899;c &#273;&#7863;c bi&#7879;t theo y&ecirc;u c&#7847;u kh&aacute;ch h&agrave;ng.<\/p><h2 style=\"color: #2e7d32; font-weight: bold; font-size: 20px;\">T&iacute;nh n&#259;ng n&#7893;i b&#7853;t<\/h2><p>&#272;&egrave;n chi&#7871;u s&aacute;ng b&ecirc;n trong<br>\n&#272;&egrave;n n&#7897;i th&#7845;t chi&#7871;u s&aacute;ng to&agrave;n b&#7897; kh&ocirc;ng gian l&agrave;m vi&#7879;c trong qu&aacute; tr&igrave;nh th&#7917; nghi&#7879;m v&agrave; khi m&#7903; c&#7917;a, gi&uacute;p ng&#432;&#7901;i d&ugrave;ng quan s&aacute;t r&otilde; m&#7885;i khu v&#7921;c b&ecirc;n trong ph&ograve;ng th&#7917;.<br>\nH&#7879; th&#7889;ng c&#7843;nh b&aacute;o nhi&#7879;t &#273;&#7897;<br>\nC&ocirc;ng ngh&#7879; Therm-Alarm&trade; c&#7911;a Thermotron b&#7843;o v&#7879; thi&#7871;t b&#7883; v&agrave; m&#7851;u th&#7917; kh&#7887;i s&#7921; c&#7889; nhi&#7879;t &#273;&#7897; v&#432;&#7907;t m&#7913;c. H&#7879; th&#7889;ng t&#7921; ch&#7849;n &#273;o&aacute;n li&ecirc;n t&#7909;c gi&aacute;m s&aacute;t c&aacute;c b&#7897; ph&#7853;n v&#7853;n h&agrave;nh, ph&aacute;t hi&#7879;n s&#7921; c&#7889; ti&#7873;m &#7849;n v&agrave; gi&#7843;m th&#7901;i gian kh&#7855;c ph&#7909;c. Khi nhi&#7879;t &#273;&#7897; v&#432;&#7907;t qu&aacute; gi&#7899;i h&#7841;n c&agrave;i &#273;&#7863;t, h&#7879; th&#7889;ng ph&aacute;t t&iacute;n hi&#7879;u &acirc;m thanh, hi&#7875;n th&#7883; c&#7843;nh b&aacute;o v&agrave; k&iacute;ch ho&#7841;t ti&#7871;p &#273;i&#7875;m relay.<br>\nC&#7917;a s&#7893; quan s&aacute;t<br>\nH&#7847;u h&#7871;t c&aacute;c ph&ograve;ng Walk-In &#273;&#7873;u &#273;&#432;&#7907;c trang b&#7883; m&#7897;t c&#7917;a s&#7893; ti&ecirc;u chu&#7849;n. Kh&aacute;ch h&agrave;ng c&oacute; th&#7875; &#273;&#7863;t th&ecirc;m ho&#7863;c t&ugrave;y ch&#7881;nh k&iacute;ch th&#432;&#7899;c, h&igrave;nh d&#7841;ng c&#7917;a s&#7893; &#273;&#7875; thu&#7853;n ti&#7879;n quan s&aacute;t qu&aacute; tr&igrave;nh th&#7917; nghi&#7879;m.<br>\nThermotron WP-286 Walk-In Chamber l&agrave; l&#7921;a ch&#7885;n l&yacute; t&#432;&#7903;ng &#273;&#7875; th&#7921;c hi&#7879;n ki&#7875;m tra kh&iacute; h&#7853;u cho c&aacute;c s&#7843;n ph&#7849;m quy m&ocirc; l&#7899;n, mang &#273;&#7871;n s&#7921; linh ho&#7841;t, &#273;&#7897; ch&iacute;nh x&aacute;c cao v&agrave; kh&#7843; n&#259;ng t&ugrave;y ch&#7881;nh &#273;a d&#7841;ng &#273;&#7875; &#273;&aacute;p &#7913;ng y&ecirc;u c&#7847;u th&#7917; nghi&#7879;m nghi&ecirc;m ng&#7863;t trong nhi&#7873;u ng&agrave;nh c&ocirc;ng nghi&#7879;p. H&atilde;y li&ecirc;n h&#7879; v&#7899;i V&#7841;n N&#259;ng Company ngay &#273;&#7875; &#273;&#432;&#7907;c t&#432; v&#7845;n chuy&ecirc;n s&acirc;u v&agrave; nh&#7853;n c&aacute;c &#432;u &#273;&atilde;i h&#7845;p d&#7851;n nh&#7845;t th&ocirc;ng qua hotline\/zalo: <a href=\"https:\/\/zalo.me\/0903991335\" target=\"_blank\" rel=\"noopener\" style=\"color: #059669; font-weight: bold; text-decoration: none;\">0903 991 335<\/a>!<\/p><div style=\"background-color: #f8fafc; border: 1px solid #e2e8f0; border-radius: 8px; padding: 25px; max-width: 800px; margin: 30px auto; color: #334155; line-height: 1.8; font-size: 17px; box-shadow: 0 4px 6px -1px rgba(0,0,0,0.05); text-align: left; clear: both;\">\nC&ocirc;ng ty TNHH Th&#432;&#417;ng M&#7841;i D&#7883;ch V&#7909; Thi&#7871;t B&#7883; C&ocirc;ng Ngh&#7879; V&#7841;n N&#259;ng\n<p style=\"margin: 0 0 10px 0;\">&#128205; <strong style=\"color: #1e293b;\">&#272;&#7883;a ch&#7881;:<\/strong> <a style=\"color: #059669; text-decoration: none; font-weight: bold;\" href=\"https:\/\/www.google.com\/maps\/search\/C%C3%B4ng+ty+TNHH+Th%C6%B0%C6%A1ng+M%E1%BA%A1i+D%E1%BB%8Bch+V%E1%BB%A5+Thi%E1%BA%BFt+B%E1%BB%8B+C%C3%B4ng+Ngh%E1%BB%87+V%E1%BA%A1n+N%C4%83ng+818+Tr%C6%B0%E1%BB%9Dng+Chinh\" target=\"_blank\" rel=\"noopener\">818 Tr&#432;&#7901;ng Chinh, Ph&#432;&#7901;ng T&acirc;n S&#417;n, Th&agrave;nh ph&#7889; H&#7891; Ch&iacute; Minh, Vi&#7879;t Nam<\/a><\/p>\n<p style=\"margin: 0 0 10px 0;\">&#128222; <strong style=\"color: #1e293b;\">S&#272;T &ndash; Zalo:<\/strong> <a style=\"color: #059669; text-decoration: none; font-weight: bold;\" href=\"https:\/\/zalo.me\/0903991335\" target=\"_blank\" rel=\"noopener\">0903 991 335<\/a> <span style=\"color: #64748b; font-style: italic;\">(Ms. H&#7841;nh &ndash; Gi&aacute;m &#272;&#7889;c Kinh Doanh)<\/span><\/p>\n<p style=\"margin: 0;\">&#9993;&#65039; <strong style=\"color: #1e293b;\">Email:<\/strong> <a style=\"color: #059669; text-decoration: none; font-weight: bold;\" href=\"mailto:hienhanh@vannangvn.com\">hienhanh@vannangvn.com<\/a><\/p>\n<\/div><\/h1>","protected":false},"excerpt":{"rendered":"<p><strong>Th&#432;&#417;ng hi&#7879;u:<\/strong> Thermotron<br>\n<strong>Model:<\/strong> WP-286<p>Product <strong>PH&Ograve;NG TH&#7916; NGHI&#7878;M M&Ocirc;I TR&#431;&#7900;NG THERMOTRON MODEL WP-286<\/strong> ch&iacute;nh h&atilde;ng. Thermotron (USA)<br>\nPh&ograve;ng Th&#7917; Nghi&#7879;m M&ocirc;i Tr&#432;&#7901;ng Thermotron WP-286 l&agrave; gi&#7843;i ph&aacute;p l&yacute; t&#432;&#7903;ng cho s&#7843;n ph&#7849;m k&iacute;ch th&#432;&#7899;c l&#7899;n. C&oacute; hai lo&#7841;i Panel v&agrave; Solid Walk-In Chamber, t&ugrave;y ch&#7881;nh &#273;&#7875; ki&#7875;m so&aacute;t nhi&#7879;t &#273;&#7897; ho&#7863;c nhi&#7879;t &#273;&#7897; k&#7871;t h&#7907;p &#273;&#7897; &#7849;m, ph&ugrave; h&#7907;p m&#7885;i nhu c&#7847;u th&#7917; nghi&#7879;m.<\/p><\/p>","protected":false},"featured_media":8674,"comment_status":"open","ping_status":"closed","template":"","meta":[],"product_brand":[],"product_cat":[18],"product_tag":[511,512,527,884,3118,3119,116,120],"class_list":{"0":"post-7712","1":"product","2":"type-product","3":"status-publish","4":"has-post-thumbnail","6":"product_cat-chua-phan-loai","7":"product_tag-moi","8":"product_tag-truong","9":"product_tag-nghiem","10":"product_tag-phong","11":"product_tag-thermotron","12":"product_tag-wp-286","13":"product_tag-model","14":"product_tag-thu","16":"first","17":"instock","18":"shipping-taxable","19":"product-type-simple"},"yoast_head":"<!-- This site is optimized with the Yoast SEO Premium plugin v24.8 (Yoast SEO v24.8) - https:\/\/yoast.com\/wordpress\/plugins\/seo\/ -->\n<title>PH\u00d2NG TH\u1eec NGHI\u1ec6M M\u00d4I TR\u01af\u1edcNG THERMOT... ch\u00ednh h\u00e3ng | V\u1ea1n N\u0103ng<\/title>\n<meta name=\"description\" content=\"Mua ngay PH\u00d2NG TH\u1eec NGHI\u1ec6M M\u00d4I TR\u01af\u1edcNG THERMOTRON MODEL WP-286 ch\u00ednh h\u00e3ng. Ph\u00f2ng Th\u1eed Nghi\u1ec7m M\u00f4i Tr\u01b0\u1eddng Thermotron WP-286 l\u00e0 gi\u1ea3i ph\u00e1... Gi\u00e1 t\u1ed1t!\" \/>\n<meta name=\"robots\" content=\"noindex, follow, max-snippet:-1, max-image-preview:large, max-video-preview:-1\" \/>\n<meta property=\"og:locale\" content=\"en_US\" \/>\n<meta property=\"og:type\" content=\"article\" \/>\n<meta property=\"og:title\" content=\"PH\u00d2NG TH\u1eec NGHI\u1ec6M M\u00d4I TR\u01af\u1edcNG THERMOTRON MODEL WP-286\" \/>\n<meta property=\"og:description\" content=\"Mua ngay PH\u00d2NG TH\u1eec NGHI\u1ec6M M\u00d4I TR\u01af\u1edcNG THERMOTRON MODEL WP-286 ch\u00ednh h\u00e3ng. Ph\u00f2ng Th\u1eed Nghi\u1ec7m M\u00f4i Tr\u01b0\u1eddng Thermotron WP-286 l\u00e0 gi\u1ea3i ph\u00e1... Gi\u00e1 t\u1ed1t!\" \/>\n<meta property=\"og:url\" content=\"https:\/\/vannangvn.123websitedev.com\/en\/product\/phong-thu-nghiem-moi-truong-thermotron-model-wp-286\/\" \/>\n<meta property=\"og:site_name\" content=\"Vannang.vn\" \/>\n<meta property=\"article:modified_time\" content=\"2026-03-30T11:49:56+00:00\" \/>\n<meta property=\"og:image\" content=\"http:\/\/vannangvn.123websitedev.com\/wp-content\/uploads\/2026\/03\/Phong-Thu-Nghiem-Moi-Truong-Walk-In-Chamber-Thermotron-Model-WP-286-4-768x576-copy.jpg\" \/>\n\t<meta property=\"og:image:width\" content=\"768\" \/>\n\t<meta property=\"og:image:height\" content=\"576\" \/>\n\t<meta property=\"og:image:type\" content=\"image\/jpeg\" \/>\n<meta name=\"twitter:card\" content=\"summary_large_image\" \/>\n<meta name=\"twitter:label1\" content=\"Est. reading time\" \/>\n\t<meta name=\"twitter:data1\" content=\"4 minutes\" \/>\n<script type=\"application\/ld+json\" class=\"yoast-schema-graph\">{\"@context\":\"https:\/\/schema.org\",\"@graph\":[{\"@type\":\"WebPage\",\"@id\":\"https:\/\/vannangvn.123websitedev.com\/san-pham\/phong-thu-nghiem-moi-truong-thermotron-model-wp-286\/\",\"url\":\"https:\/\/vannangvn.123websitedev.com\/san-pham\/phong-thu-nghiem-moi-truong-thermotron-model-wp-286\/\",\"name\":\"PH\u00d2NG TH\u1eec NGHI\u1ec6M M\u00d4I TR\u01af\u1edcNG THERMOT... ch\u00ednh h\u00e3ng | V\u1ea1n N\u0103ng\",\"isPartOf\":{\"@id\":\"https:\/\/vannangvn.123websitedev.com\/#website\"},\"primaryImageOfPage\":{\"@id\":\"https:\/\/vannangvn.123websitedev.com\/san-pham\/phong-thu-nghiem-moi-truong-thermotron-model-wp-286\/#primaryimage\"},\"image\":{\"@id\":\"https:\/\/vannangvn.123websitedev.com\/san-pham\/phong-thu-nghiem-moi-truong-thermotron-model-wp-286\/#primaryimage\"},\"thumbnailUrl\":\"https:\/\/vannangvn.123websitedev.com\/wp-content\/uploads\/2026\/03\/Phong-Thu-Nghiem-Moi-Truong-Walk-In-Chamber-Thermotron-Model-WP-286-4-768x576-copy.jpg\",\"datePublished\":\"2026-03-20T12:07:06+00:00\",\"dateModified\":\"2026-03-30T11:49:56+00:00\",\"description\":\"Mua ngay PH\u00d2NG TH\u1eec NGHI\u1ec6M M\u00d4I TR\u01af\u1edcNG THERMOTRON MODEL WP-286 ch\u00ednh h\u00e3ng. Ph\u00f2ng Th\u1eed Nghi\u1ec7m M\u00f4i Tr\u01b0\u1eddng Thermotron WP-286 l\u00e0 gi\u1ea3i ph\u00e1... Gi\u00e1 t\u1ed1t!\",\"breadcrumb\":{\"@id\":\"https:\/\/vannangvn.123websitedev.com\/san-pham\/phong-thu-nghiem-moi-truong-thermotron-model-wp-286\/#breadcrumb\"},\"inLanguage\":\"en-US\",\"potentialAction\":[{\"@type\":\"ReadAction\",\"target\":[\"https:\/\/vannangvn.123websitedev.com\/san-pham\/phong-thu-nghiem-moi-truong-thermotron-model-wp-286\/\"]}]},{\"@type\":\"ImageObject\",\"inLanguage\":\"en-US\",\"@id\":\"https:\/\/vannangvn.123websitedev.com\/san-pham\/phong-thu-nghiem-moi-truong-thermotron-model-wp-286\/#primaryimage\",\"url\":\"https:\/\/vannangvn.123websitedev.com\/wp-content\/uploads\/2026\/03\/Phong-Thu-Nghiem-Moi-Truong-Walk-In-Chamber-Thermotron-Model-WP-286-4-768x576-copy.jpg\",\"contentUrl\":\"https:\/\/vannangvn.123websitedev.com\/wp-content\/uploads\/2026\/03\/Phong-Thu-Nghiem-Moi-Truong-Walk-In-Chamber-Thermotron-Model-WP-286-4-768x576-copy.jpg\",\"width\":768,\"height\":576},{\"@type\":\"BreadcrumbList\",\"@id\":\"https:\/\/vannangvn.123websitedev.com\/san-pham\/phong-thu-nghiem-moi-truong-thermotron-model-wp-286\/#breadcrumb\",\"itemListElement\":[{\"@type\":\"ListItem\",\"position\":1,\"name\":\"Trang ch\u1ee7\",\"item\":\"https:\/\/vannangvn.123websitedev.com\/\"},{\"@type\":\"ListItem\",\"position\":2,\"name\":\"S\u1ea3n ph\u1ea9m\",\"item\":\"https:\/\/vannangvn.123websitedev.com\/cua-hang\/\"},{\"@type\":\"ListItem\",\"position\":3,\"name\":\"PH\u00d2NG TH\u1eec NGHI\u1ec6M M\u00d4I TR\u01af\u1edcNG THERMOTRON MODEL WP-286\"}]},{\"@type\":\"WebSite\",\"@id\":\"https:\/\/vannangvn.123websitedev.com\/#website\",\"url\":\"https:\/\/vannangvn.123websitedev.com\/\",\"name\":\"Vannang.vn\",\"description\":\"\",\"publisher\":{\"@id\":\"https:\/\/vannangvn.123websitedev.com\/#organization\"},\"potentialAction\":[{\"@type\":\"SearchAction\",\"target\":{\"@type\":\"EntryPoint\",\"urlTemplate\":\"https:\/\/vannangvn.123websitedev.com\/?s={search_term_string}\"},\"query-input\":{\"@type\":\"PropertyValueSpecification\",\"valueRequired\":true,\"valueName\":\"search_term_string\"}}],\"inLanguage\":\"en-US\"},{\"@type\":\"Organization\",\"@id\":\"https:\/\/vannangvn.123websitedev.com\/#organization\",\"name\":\"Vannang.vn\",\"url\":\"https:\/\/vannangvn.123websitedev.com\/\",\"logo\":{\"@type\":\"ImageObject\",\"inLanguage\":\"en-US\",\"@id\":\"https:\/\/vannangvn.123websitedev.com\/#\/schema\/logo\/image\/\",\"url\":\"https:\/\/vannangvn.123websitedev.com\/wp-content\/uploads\/2026\/02\/logo-van-nang-02.png\",\"contentUrl\":\"https:\/\/vannangvn.123websitedev.com\/wp-content\/uploads\/2026\/02\/logo-van-nang-02.png\",\"width\":448,\"height\":111,\"caption\":\"Vannang.vn\"},\"image\":{\"@id\":\"https:\/\/vannangvn.123websitedev.com\/#\/schema\/logo\/image\/\"}}]}<\/script>\n<!-- \/ Yoast SEO Premium plugin. -->","yoast_head_json":{"title":"PH\u00d2NG TH\u1eec NGHI\u1ec6M M\u00d4I TR\u01af\u1edcNG THERMOT... ch\u00ednh h\u00e3ng | V\u1ea1n N\u0103ng","description":"Mua ngay PH\u00d2NG TH\u1eec NGHI\u1ec6M M\u00d4I TR\u01af\u1edcNG THERMOTRON MODEL WP-286 ch\u00ednh h\u00e3ng. Ph\u00f2ng Th\u1eed Nghi\u1ec7m M\u00f4i Tr\u01b0\u1eddng Thermotron WP-286 l\u00e0 gi\u1ea3i ph\u00e1... Gi\u00e1 t\u1ed1t!","robots":{"index":"noindex","follow":"follow","max-snippet":"max-snippet:-1","max-image-preview":"max-image-preview:large","max-video-preview":"max-video-preview:-1"},"og_locale":"en_US","og_type":"article","og_title":"PH\u00d2NG TH\u1eec NGHI\u1ec6M M\u00d4I TR\u01af\u1edcNG THERMOTRON MODEL WP-286","og_description":"Mua ngay PH\u00d2NG TH\u1eec NGHI\u1ec6M M\u00d4I TR\u01af\u1edcNG THERMOTRON MODEL WP-286 ch\u00ednh h\u00e3ng. Ph\u00f2ng Th\u1eed Nghi\u1ec7m M\u00f4i Tr\u01b0\u1eddng Thermotron WP-286 l\u00e0 gi\u1ea3i ph\u00e1... Gi\u00e1 t\u1ed1t!","og_url":"https:\/\/vannangvn.123websitedev.com\/en\/product\/phong-thu-nghiem-moi-truong-thermotron-model-wp-286\/","og_site_name":"Vannang.vn","article_modified_time":"2026-03-30T11:49:56+00:00","og_image":[{"width":768,"height":576,"url":"http:\/\/vannangvn.123websitedev.com\/wp-content\/uploads\/2026\/03\/Phong-Thu-Nghiem-Moi-Truong-Walk-In-Chamber-Thermotron-Model-WP-286-4-768x576-copy.jpg","type":"image\/jpeg"}],"twitter_card":"summary_large_image","twitter_misc":{"Est. reading time":"4 minutes"},"schema":{"@context":"https:\/\/schema.org","@graph":[{"@type":"WebPage","@id":"https:\/\/vannangvn.123websitedev.com\/san-pham\/phong-thu-nghiem-moi-truong-thermotron-model-wp-286\/","url":"https:\/\/vannangvn.123websitedev.com\/san-pham\/phong-thu-nghiem-moi-truong-thermotron-model-wp-286\/","name":"PH\u00d2NG TH\u1eec NGHI\u1ec6M M\u00d4I TR\u01af\u1edcNG THERMOT... ch\u00ednh h\u00e3ng | V\u1ea1n N\u0103ng","isPartOf":{"@id":"https:\/\/vannangvn.123websitedev.com\/#website"},"primaryImageOfPage":{"@id":"https:\/\/vannangvn.123websitedev.com\/san-pham\/phong-thu-nghiem-moi-truong-thermotron-model-wp-286\/#primaryimage"},"image":{"@id":"https:\/\/vannangvn.123websitedev.com\/san-pham\/phong-thu-nghiem-moi-truong-thermotron-model-wp-286\/#primaryimage"},"thumbnailUrl":"https:\/\/vannangvn.123websitedev.com\/wp-content\/uploads\/2026\/03\/Phong-Thu-Nghiem-Moi-Truong-Walk-In-Chamber-Thermotron-Model-WP-286-4-768x576-copy.jpg","datePublished":"2026-03-20T12:07:06+00:00","dateModified":"2026-03-30T11:49:56+00:00","description":"Mua ngay PH\u00d2NG TH\u1eec NGHI\u1ec6M M\u00d4I TR\u01af\u1edcNG THERMOTRON MODEL WP-286 ch\u00ednh h\u00e3ng. Ph\u00f2ng Th\u1eed Nghi\u1ec7m M\u00f4i Tr\u01b0\u1eddng Thermotron WP-286 l\u00e0 gi\u1ea3i ph\u00e1... Gi\u00e1 t\u1ed1t!","breadcrumb":{"@id":"https:\/\/vannangvn.123websitedev.com\/san-pham\/phong-thu-nghiem-moi-truong-thermotron-model-wp-286\/#breadcrumb"},"inLanguage":"en-US","potentialAction":[{"@type":"ReadAction","target":["https:\/\/vannangvn.123websitedev.com\/san-pham\/phong-thu-nghiem-moi-truong-thermotron-model-wp-286\/"]}]},{"@type":"ImageObject","inLanguage":"en-US","@id":"https:\/\/vannangvn.123websitedev.com\/san-pham\/phong-thu-nghiem-moi-truong-thermotron-model-wp-286\/#primaryimage","url":"https:\/\/vannangvn.123websitedev.com\/wp-content\/uploads\/2026\/03\/Phong-Thu-Nghiem-Moi-Truong-Walk-In-Chamber-Thermotron-Model-WP-286-4-768x576-copy.jpg","contentUrl":"https:\/\/vannangvn.123websitedev.com\/wp-content\/uploads\/2026\/03\/Phong-Thu-Nghiem-Moi-Truong-Walk-In-Chamber-Thermotron-Model-WP-286-4-768x576-copy.jpg","width":768,"height":576},{"@type":"BreadcrumbList","@id":"https:\/\/vannangvn.123websitedev.com\/san-pham\/phong-thu-nghiem-moi-truong-thermotron-model-wp-286\/#breadcrumb","itemListElement":[{"@type":"ListItem","position":1,"name":"Trang ch\u1ee7","item":"https:\/\/vannangvn.123websitedev.com\/"},{"@type":"ListItem","position":2,"name":"S\u1ea3n ph\u1ea9m","item":"https:\/\/vannangvn.123websitedev.com\/cua-hang\/"},{"@type":"ListItem","position":3,"name":"PH\u00d2NG TH\u1eec NGHI\u1ec6M M\u00d4I TR\u01af\u1edcNG THERMOTRON MODEL WP-286"}]},{"@type":"WebSite","@id":"https:\/\/vannangvn.123websitedev.com\/#website","url":"https:\/\/vannangvn.123websitedev.com\/","name":"Vannang.vn","description":"","publisher":{"@id":"https:\/\/vannangvn.123websitedev.com\/#organization"},"potentialAction":[{"@type":"SearchAction","target":{"@type":"EntryPoint","urlTemplate":"https:\/\/vannangvn.123websitedev.com\/?s={search_term_string}"},"query-input":{"@type":"PropertyValueSpecification","valueRequired":true,"valueName":"search_term_string"}}],"inLanguage":"en-US"},{"@type":"Organization","@id":"https:\/\/vannangvn.123websitedev.com\/#organization","name":"Vannang.vn","url":"https:\/\/vannangvn.123websitedev.com\/","logo":{"@type":"ImageObject","inLanguage":"en-US","@id":"https:\/\/vannangvn.123websitedev.com\/#\/schema\/logo\/image\/","url":"https:\/\/vannangvn.123websitedev.com\/wp-content\/uploads\/2026\/02\/logo-van-nang-02.png","contentUrl":"https:\/\/vannangvn.123websitedev.com\/wp-content\/uploads\/2026\/02\/logo-van-nang-02.png","width":448,"height":111,"caption":"Vannang.vn"},"image":{"@id":"https:\/\/vannangvn.123websitedev.com\/#\/schema\/logo\/image\/"}}]}},"_links":{"self":[{"href":"https:\/\/vannangvn.123websitedev.com\/en\/wp-json\/wp\/v2\/product\/7712","targetHints":{"allow":["GET"]}}],"collection":[{"href":"https:\/\/vannangvn.123websitedev.com\/en\/wp-json\/wp\/v2\/product"}],"about":[{"href":"https:\/\/vannangvn.123websitedev.com\/en\/wp-json\/wp\/v2\/types\/product"}],"replies":[{"embeddable":true,"href":"https:\/\/vannangvn.123websitedev.com\/en\/wp-json\/wp\/v2\/comments?post=7712"}],"wp:featuredmedia":[{"embeddable":true,"href":"https:\/\/vannangvn.123websitedev.com\/en\/wp-json\/wp\/v2\/media\/8674"}],"wp:attachment":[{"href":"https:\/\/vannangvn.123websitedev.com\/en\/wp-json\/wp\/v2\/media?parent=7712"}],"wp:term":[{"taxonomy":"product_brand","embeddable":true,"href":"https:\/\/vannangvn.123websitedev.com\/en\/wp-json\/wp\/v2\/product_brand?post=7712"},{"taxonomy":"product_cat","embeddable":true,"href":"https:\/\/vannangvn.123websitedev.com\/en\/wp-json\/wp\/v2\/product_cat?post=7712"},{"taxonomy":"product_tag","embeddable":true,"href":"https:\/\/vannangvn.123websitedev.com\/en\/wp-json\/wp\/v2\/product_tag?post=7712"}],"curies":[{"name":"wp","href":"https:\/\/api.w.org\/{rel}","templated":true}]}}