{"id":7713,"date":"2026-03-20T19:07:07","date_gmt":"2026-03-20T12:07:07","guid":{"rendered":"https:\/\/vannangvn.123websitedev.com\/san-pham\/phu-kien-bong-den-may-do-ham-luong-lop-phu-antifinger-kurabo-model-rx200\/"},"modified":"2026-03-30T18:49:57","modified_gmt":"2026-03-30T11:49:57","slug":"phu-kien-bong-den-may-do-ham-luong-lop-phu-antifinger-kurabo-model-rx200","status":"publish","type":"product","link":"https:\/\/vannangvn.123websitedev.com\/en\/product\/phu-kien-bong-den-may-do-ham-luong-lop-phu-antifinger-kurabo-model-rx200\/","title":{"rendered":"PH\u1ee4 KI\u1ec6N B\u00d3NG \u0110\u00c8N M\u00c1Y \u0110O H\u00c0M L\u01af\u1ee2NG L\u1edaP PH\u1ee6 ANTIFINGER KURABO MODEL RX200"},"content":{"rendered":"<h1 style=\"color: red; font-weight: bold; font-size: 24px;\">T&#7893;ng quan s&#7843;n ph&#7849;m PH&#7908; KI&#7878;N B&Oacute;NG &#272;&Egrave;N M&Aacute;Y &#272;O H&Agrave;M L&#431;&#7906;NG L&#7898;P PH&#7910; ANTIFINGER KURABO MODEL RX200<p>Ph&#7909; Ki&#7879;n B&oacute;ng &#272;&egrave;n M&aacute;y &#272;o H&agrave;m L&#432;&#7907;ng L&#7899;p Ph&#7911; Antifinger Kurabo Model RX200<br>\nPh&#7909; Ki&#7879;n B&oacute;ng &#272;&egrave;n Kurabo Model RX200 l&agrave; linh ki&#7879;n chuy&ecirc;n d&#7909;ng d&agrave;nh cho c&aacute;c thi&#7871;t b&#7883; &#273;o &#273;&#7897; d&agrave;y l&#7899;p ph&#7911; Antifinger, c&#7909; th&#7875; l&agrave; ModelNR-2100IB v&agrave; NR2100. V&#7899;i vai tr&ograve; l&agrave; ngu&#7891;n s&aacute;ng ch&iacute;nh trong h&#7879; th&#7889;ng &#273;o quang h&#7885;c, B&oacute;ng &#272;&egrave;n RX200 &#273;&#7843;m b&#7843;o &#273;&#7897; ch&iacute;nh x&aacute;c cao trong vi&#7879;c x&aacute;c &#273;&#7883;nh h&agrave;m l&#432;&#7907;ng v&agrave; &#273;&#7897; d&agrave;y c&#7911;a l&#7899;p ph&#7911; ch&#7889;ng b&aacute;m v&acirc;n tay tr&ecirc;n b&#7873; m&#7863;t v&#7853;t li&#7879;u.<\/p><p>B&oacute;ng &#273;&egrave;n &#273;&#432;&#7907;c thi&#7871;t k&#7871; theo ti&ecirc;u chu&#7849;n ch&#7845;t l&#432;&#7907;ng nghi&ecirc;m ng&#7863;t t&#7915; h&atilde;ng Kurabo Nh&#7853;t B&#7843;n, mang l&#7841;i hi&#7879;u su&#7845;t chi&#7871;u s&aacute;ng &#7893;n &#273;&#7883;nh, tu&#7893;i th&#7885; cao v&agrave; kh&#7843; n&#259;ng ho&#7841;t &#273;&#7897;ng li&ecirc;n t&#7909;c trong m&ocirc;i tr&#432;&#7901;ng c&ocirc;ng nghi&#7879;p. Vi&#7879;c s&#7917; d&#7909;ng ph&#7909; ki&#7879;n ch&iacute;nh h&atilde;ng nh&#432; RX200 gi&uacute;p duy tr&igrave; hi&#7879;u su&#7845;t v&agrave; &#273;&#7897; tin c&#7853;y c&#7911;a h&#7879; th&#7889;ng &#273;o, &#273;&#7891;ng th&#7901;i h&#7841;n ch&#7871; sai s&#7889; trong qu&aacute; tr&igrave;nh ph&acirc;n t&iacute;ch.<\/p><p>&#272;&acirc;y l&agrave; l&#7921;a ch&#7885;n l&yacute; t&#432;&#7903;ng cho c&aacute;c &#273;&#417;n v&#7883; s&#7843;n xu&#7845;t, ki&#7875;m tra ch&#7845;t l&#432;&#7907;ng ho&#7863;c ph&ograve;ng th&iacute; nghi&#7879;m &#273;ang s&#7917; d&#7909;ng c&aacute;c d&ograve;ng thi&#7871;t b&#7883; &#273;o l&#7899;p ph&#7911; Antifinger Kurabo. H&atilde;y li&ecirc;n h&#7879; v&#7899;i V&#7841;n N&#259;ng ngay &#273;&#7875; &#273;&#432;&#7907;c t&#432; v&#7845;n chuy&ecirc;n s&acirc;u v&agrave; nh&#7853;n nh&#7919;ng &#432;u &#273;&atilde;i h&#7845;p d&#7851;n nh&#7845;t th&ocirc;ng qua hotline\/zalo: <a href=\"https:\/\/zalo.me\/0903991335\" target=\"_blank\" rel=\"noopener\" style=\"color: #059669; font-weight: bold; text-decoration: none;\">0903 991 335<\/a>.<\/p><div style=\"background-color: #f8fafc; border: 1px solid #e2e8f0; border-radius: 8px; padding: 25px; max-width: 800px; margin: 30px auto; color: #334155; line-height: 1.8; font-size: 17px; box-shadow: 0 4px 6px -1px rgba(0,0,0,0.05); text-align: left; clear: both;\">\nC&ocirc;ng ty TNHH Th&#432;&#417;ng M&#7841;i D&#7883;ch V&#7909; Thi&#7871;t B&#7883; C&ocirc;ng Ngh&#7879; V&#7841;n N&#259;ng\n<p style=\"margin: 0 0 10px 0;\">&#128205; <strong style=\"color: #1e293b;\">&#272;&#7883;a ch&#7881;:<\/strong> <a style=\"color: #059669; text-decoration: none; font-weight: bold;\" href=\"https:\/\/www.google.com\/maps\/search\/C%C3%B4ng+ty+TNHH+Th%C6%B0%C6%A1ng+M%E1%BA%A1i+D%E1%BB%8Bch+V%E1%BB%A5+Thi%E1%BA%BFt+B%E1%BB%8B+C%C3%B4ng+Ngh%E1%BB%87+V%E1%BA%A1n+N%C4%83ng+818+Tr%C6%B0%E1%BB%9Dng+Chinh\" target=\"_blank\" rel=\"noopener\">818 Tr&#432;&#7901;ng Chinh, Ph&#432;&#7901;ng T&acirc;n S&#417;n, Th&agrave;nh ph&#7889; H&#7891; Ch&iacute; Minh, Vi&#7879;t Nam<\/a><\/p>\n<p style=\"margin: 0 0 10px 0;\">&#128222; <strong style=\"color: #1e293b;\">S&#272;T &ndash; Zalo:<\/strong> <a style=\"color: #059669; text-decoration: none; font-weight: bold;\" href=\"https:\/\/zalo.me\/0903991335\" target=\"_blank\" rel=\"noopener\">0903 991 335<\/a> <span style=\"color: #64748b; font-style: italic;\">(Ms. H&#7841;nh &ndash; Gi&aacute;m &#272;&#7889;c Kinh Doanh)<\/span><\/p>\n<p style=\"margin: 0;\">&#9993;&#65039; <strong style=\"color: #1e293b;\">Email:<\/strong> <a style=\"color: #059669; text-decoration: none; font-weight: bold;\" href=\"mailto:hienhanh@vannangvn.com\">hienhanh@vannangvn.com<\/a><\/p>\n<\/div><\/h1>","protected":false},"excerpt":{"rendered":"<p><strong>Th&#432;&#417;ng hi&#7879;u:<\/strong> Kurabo<br>\n<strong>Model:<\/strong> RX200<p>Product <strong>PH&#7908; KI&#7878;N B&Oacute;NG &#272;&Egrave;N M&Aacute;Y &#272;O H&Agrave;M L&#431;&#7906;NG L&#7898;P PH&#7910; ANTIFINGER KURABO MODEL RX200<\/strong> ch&iacute;nh h&atilde;ng. Kurabo (Japan)<br>\nB&oacute;ng &#273;&egrave;n Kurabo RX200 l&agrave; linh ki&#7879;n ch&iacute;nh h&atilde;ng d&ugrave;ng cho thi&#7871;t b&#7883; &#273;o &#273;&#7897; d&agrave;y l&#7899;p ph&#7911; Antifinger Kurabo NR-2100IB\/NR2100, &#273;&#7843;m b&#7843;o &#273;&#7897; ch&iacute;nh x&aacute;c cao.<\/p><\/p>","protected":false},"featured_media":8772,"comment_status":"open","ping_status":"closed","template":"","meta":[],"product_brand":[],"product_cat":[18],"product_tag":[1070,1970,2647,3120,109,112,116,181,221,320,409,469,470],"class_list":{"0":"post-7713","1":"product","2":"type-product","3":"status-publish","4":"has-post-thumbnail","6":"product_cat-chua-phan-loai","7":"product_tag-antifinger","8":"product_tag-ham","9":"product_tag-kien","10":"product_tag-rx200","11":"product_tag-may","12":"product_tag-kurabo","13":"product_tag-model","14":"product_tag-do","15":"product_tag-phu","16":"product_tag-luong","17":"product_tag-lop","18":"product_tag-bong","19":"product_tag-den","21":"first","22":"instock","23":"shipping-taxable","24":"product-type-simple"},"yoast_head":"<!-- This site is optimized with the Yoast SEO Premium plugin v24.8 (Yoast SEO v24.8) - https:\/\/yoast.com\/wordpress\/plugins\/seo\/ -->\n<title>PH\u1ee4 KI\u1ec6N B\u00d3NG \u0110\u00c8N M\u00c1Y \u0110O H\u00c0M L\u01af\u1ee2NG ... ch\u00ednh h\u00e3ng | V\u1ea1n N\u0103ng<\/title>\n<meta name=\"description\" content=\"Mua ngay PH\u1ee4 KI\u1ec6N B\u00d3NG \u0110\u00c8N M\u00c1Y \u0110O H\u00c0M L\u01af\u1ee2NG L\u1edaP PH\u1ee6 ANTIFINGER KURABO MODEL RX200 ch\u00ednh h\u00e3ng. B\u00f3ng \u0111\u00e8n Kurabo RX200 l\u00e0 linh ki\u1ec7n c... Gi\u00e1 t\u1ed1t!\" \/>\n<meta name=\"robots\" content=\"noindex, follow, max-snippet:-1, max-image-preview:large, max-video-preview:-1\" \/>\n<meta property=\"og:locale\" content=\"en_US\" \/>\n<meta property=\"og:type\" content=\"article\" \/>\n<meta property=\"og:title\" content=\"PH\u1ee4 KI\u1ec6N B\u00d3NG \u0110\u00c8N M\u00c1Y \u0110O H\u00c0M L\u01af\u1ee2NG L\u1edaP PH\u1ee6 ANTIFINGER KURABO MODEL RX200\" \/>\n<meta property=\"og:description\" content=\"Mua ngay PH\u1ee4 KI\u1ec6N B\u00d3NG \u0110\u00c8N M\u00c1Y \u0110O H\u00c0M L\u01af\u1ee2NG L\u1edaP PH\u1ee6 ANTIFINGER KURABO MODEL RX200 ch\u00ednh h\u00e3ng. B\u00f3ng \u0111\u00e8n Kurabo RX200 l\u00e0 linh ki\u1ec7n c... Gi\u00e1 t\u1ed1t!\" \/>\n<meta property=\"og:url\" content=\"https:\/\/vannangvn.123websitedev.com\/en\/product\/phu-kien-bong-den-may-do-ham-luong-lop-phu-antifinger-kurabo-model-rx200\/\" \/>\n<meta property=\"og:site_name\" content=\"Vannang.vn\" \/>\n<meta property=\"article:modified_time\" content=\"2026-03-30T11:49:57+00:00\" \/>\n<meta property=\"og:image\" content=\"http:\/\/vannangvn.123websitedev.com\/wp-content\/uploads\/2026\/03\/RX-200-copy.jpg\" \/>\n\t<meta property=\"og:image:width\" content=\"768\" \/>\n\t<meta property=\"og:image:height\" content=\"576\" \/>\n\t<meta property=\"og:image:type\" content=\"image\/jpeg\" \/>\n<meta name=\"twitter:card\" content=\"summary_large_image\" \/>\n<meta name=\"twitter:label1\" content=\"Est. reading time\" \/>\n\t<meta name=\"twitter:data1\" content=\"2 minutes\" \/>\n<script type=\"application\/ld+json\" class=\"yoast-schema-graph\">{\"@context\":\"https:\/\/schema.org\",\"@graph\":[{\"@type\":\"WebPage\",\"@id\":\"https:\/\/vannangvn.123websitedev.com\/san-pham\/phu-kien-bong-den-may-do-ham-luong-lop-phu-antifinger-kurabo-model-rx200\/\",\"url\":\"https:\/\/vannangvn.123websitedev.com\/san-pham\/phu-kien-bong-den-may-do-ham-luong-lop-phu-antifinger-kurabo-model-rx200\/\",\"name\":\"PH\u1ee4 KI\u1ec6N B\u00d3NG \u0110\u00c8N M\u00c1Y \u0110O H\u00c0M L\u01af\u1ee2NG ... ch\u00ednh h\u00e3ng | V\u1ea1n N\u0103ng\",\"isPartOf\":{\"@id\":\"https:\/\/vannangvn.123websitedev.com\/#website\"},\"primaryImageOfPage\":{\"@id\":\"https:\/\/vannangvn.123websitedev.com\/san-pham\/phu-kien-bong-den-may-do-ham-luong-lop-phu-antifinger-kurabo-model-rx200\/#primaryimage\"},\"image\":{\"@id\":\"https:\/\/vannangvn.123websitedev.com\/san-pham\/phu-kien-bong-den-may-do-ham-luong-lop-phu-antifinger-kurabo-model-rx200\/#primaryimage\"},\"thumbnailUrl\":\"https:\/\/vannangvn.123websitedev.com\/wp-content\/uploads\/2026\/03\/RX-200-copy.jpg\",\"datePublished\":\"2026-03-20T12:07:07+00:00\",\"dateModified\":\"2026-03-30T11:49:57+00:00\",\"description\":\"Mua ngay PH\u1ee4 KI\u1ec6N B\u00d3NG \u0110\u00c8N M\u00c1Y \u0110O H\u00c0M L\u01af\u1ee2NG L\u1edaP PH\u1ee6 ANTIFINGER KURABO MODEL RX200 ch\u00ednh h\u00e3ng. B\u00f3ng \u0111\u00e8n Kurabo RX200 l\u00e0 linh ki\u1ec7n c... Gi\u00e1 t\u1ed1t!\",\"breadcrumb\":{\"@id\":\"https:\/\/vannangvn.123websitedev.com\/san-pham\/phu-kien-bong-den-may-do-ham-luong-lop-phu-antifinger-kurabo-model-rx200\/#breadcrumb\"},\"inLanguage\":\"en-US\",\"potentialAction\":[{\"@type\":\"ReadAction\",\"target\":[\"https:\/\/vannangvn.123websitedev.com\/san-pham\/phu-kien-bong-den-may-do-ham-luong-lop-phu-antifinger-kurabo-model-rx200\/\"]}]},{\"@type\":\"ImageObject\",\"inLanguage\":\"en-US\",\"@id\":\"https:\/\/vannangvn.123websitedev.com\/san-pham\/phu-kien-bong-den-may-do-ham-luong-lop-phu-antifinger-kurabo-model-rx200\/#primaryimage\",\"url\":\"https:\/\/vannangvn.123websitedev.com\/wp-content\/uploads\/2026\/03\/RX-200-copy.jpg\",\"contentUrl\":\"https:\/\/vannangvn.123websitedev.com\/wp-content\/uploads\/2026\/03\/RX-200-copy.jpg\",\"width\":768,\"height\":576},{\"@type\":\"BreadcrumbList\",\"@id\":\"https:\/\/vannangvn.123websitedev.com\/san-pham\/phu-kien-bong-den-may-do-ham-luong-lop-phu-antifinger-kurabo-model-rx200\/#breadcrumb\",\"itemListElement\":[{\"@type\":\"ListItem\",\"position\":1,\"name\":\"Trang ch\u1ee7\",\"item\":\"https:\/\/vannangvn.123websitedev.com\/\"},{\"@type\":\"ListItem\",\"position\":2,\"name\":\"S\u1ea3n ph\u1ea9m\",\"item\":\"https:\/\/vannangvn.123websitedev.com\/cua-hang\/\"},{\"@type\":\"ListItem\",\"position\":3,\"name\":\"PH\u1ee4 KI\u1ec6N B\u00d3NG \u0110\u00c8N M\u00c1Y \u0110O H\u00c0M L\u01af\u1ee2NG L\u1edaP PH\u1ee6 ANTIFINGER KURABO MODEL RX200\"}]},{\"@type\":\"WebSite\",\"@id\":\"https:\/\/vannangvn.123websitedev.com\/#website\",\"url\":\"https:\/\/vannangvn.123websitedev.com\/\",\"name\":\"Vannang.vn\",\"description\":\"\",\"publisher\":{\"@id\":\"https:\/\/vannangvn.123websitedev.com\/#organization\"},\"potentialAction\":[{\"@type\":\"SearchAction\",\"target\":{\"@type\":\"EntryPoint\",\"urlTemplate\":\"https:\/\/vannangvn.123websitedev.com\/?s={search_term_string}\"},\"query-input\":{\"@type\":\"PropertyValueSpecification\",\"valueRequired\":true,\"valueName\":\"search_term_string\"}}],\"inLanguage\":\"en-US\"},{\"@type\":\"Organization\",\"@id\":\"https:\/\/vannangvn.123websitedev.com\/#organization\",\"name\":\"Vannang.vn\",\"url\":\"https:\/\/vannangvn.123websitedev.com\/\",\"logo\":{\"@type\":\"ImageObject\",\"inLanguage\":\"en-US\",\"@id\":\"https:\/\/vannangvn.123websitedev.com\/#\/schema\/logo\/image\/\",\"url\":\"https:\/\/vannangvn.123websitedev.com\/wp-content\/uploads\/2026\/02\/logo-van-nang-02.png\",\"contentUrl\":\"https:\/\/vannangvn.123websitedev.com\/wp-content\/uploads\/2026\/02\/logo-van-nang-02.png\",\"width\":448,\"height\":111,\"caption\":\"Vannang.vn\"},\"image\":{\"@id\":\"https:\/\/vannangvn.123websitedev.com\/#\/schema\/logo\/image\/\"}}]}<\/script>\n<!-- \/ Yoast SEO Premium plugin. -->","yoast_head_json":{"title":"PH\u1ee4 KI\u1ec6N B\u00d3NG \u0110\u00c8N M\u00c1Y \u0110O H\u00c0M L\u01af\u1ee2NG ... ch\u00ednh h\u00e3ng | V\u1ea1n N\u0103ng","description":"Mua ngay PH\u1ee4 KI\u1ec6N B\u00d3NG \u0110\u00c8N M\u00c1Y \u0110O H\u00c0M L\u01af\u1ee2NG L\u1edaP PH\u1ee6 ANTIFINGER KURABO MODEL RX200 ch\u00ednh h\u00e3ng. B\u00f3ng \u0111\u00e8n Kurabo RX200 l\u00e0 linh ki\u1ec7n c... Gi\u00e1 t\u1ed1t!","robots":{"index":"noindex","follow":"follow","max-snippet":"max-snippet:-1","max-image-preview":"max-image-preview:large","max-video-preview":"max-video-preview:-1"},"og_locale":"en_US","og_type":"article","og_title":"PH\u1ee4 KI\u1ec6N B\u00d3NG \u0110\u00c8N M\u00c1Y \u0110O H\u00c0M L\u01af\u1ee2NG L\u1edaP PH\u1ee6 ANTIFINGER KURABO MODEL RX200","og_description":"Mua ngay PH\u1ee4 KI\u1ec6N B\u00d3NG \u0110\u00c8N M\u00c1Y \u0110O H\u00c0M L\u01af\u1ee2NG L\u1edaP PH\u1ee6 ANTIFINGER KURABO MODEL RX200 ch\u00ednh h\u00e3ng. B\u00f3ng \u0111\u00e8n Kurabo RX200 l\u00e0 linh ki\u1ec7n c... Gi\u00e1 t\u1ed1t!","og_url":"https:\/\/vannangvn.123websitedev.com\/en\/product\/phu-kien-bong-den-may-do-ham-luong-lop-phu-antifinger-kurabo-model-rx200\/","og_site_name":"Vannang.vn","article_modified_time":"2026-03-30T11:49:57+00:00","og_image":[{"width":768,"height":576,"url":"http:\/\/vannangvn.123websitedev.com\/wp-content\/uploads\/2026\/03\/RX-200-copy.jpg","type":"image\/jpeg"}],"twitter_card":"summary_large_image","twitter_misc":{"Est. reading time":"2 minutes"},"schema":{"@context":"https:\/\/schema.org","@graph":[{"@type":"WebPage","@id":"https:\/\/vannangvn.123websitedev.com\/san-pham\/phu-kien-bong-den-may-do-ham-luong-lop-phu-antifinger-kurabo-model-rx200\/","url":"https:\/\/vannangvn.123websitedev.com\/san-pham\/phu-kien-bong-den-may-do-ham-luong-lop-phu-antifinger-kurabo-model-rx200\/","name":"PH\u1ee4 KI\u1ec6N B\u00d3NG \u0110\u00c8N M\u00c1Y \u0110O H\u00c0M L\u01af\u1ee2NG ... ch\u00ednh h\u00e3ng | V\u1ea1n N\u0103ng","isPartOf":{"@id":"https:\/\/vannangvn.123websitedev.com\/#website"},"primaryImageOfPage":{"@id":"https:\/\/vannangvn.123websitedev.com\/san-pham\/phu-kien-bong-den-may-do-ham-luong-lop-phu-antifinger-kurabo-model-rx200\/#primaryimage"},"image":{"@id":"https:\/\/vannangvn.123websitedev.com\/san-pham\/phu-kien-bong-den-may-do-ham-luong-lop-phu-antifinger-kurabo-model-rx200\/#primaryimage"},"thumbnailUrl":"https:\/\/vannangvn.123websitedev.com\/wp-content\/uploads\/2026\/03\/RX-200-copy.jpg","datePublished":"2026-03-20T12:07:07+00:00","dateModified":"2026-03-30T11:49:57+00:00","description":"Mua ngay PH\u1ee4 KI\u1ec6N B\u00d3NG \u0110\u00c8N M\u00c1Y \u0110O H\u00c0M L\u01af\u1ee2NG L\u1edaP PH\u1ee6 ANTIFINGER KURABO MODEL RX200 ch\u00ednh h\u00e3ng. B\u00f3ng \u0111\u00e8n Kurabo RX200 l\u00e0 linh ki\u1ec7n c... Gi\u00e1 t\u1ed1t!","breadcrumb":{"@id":"https:\/\/vannangvn.123websitedev.com\/san-pham\/phu-kien-bong-den-may-do-ham-luong-lop-phu-antifinger-kurabo-model-rx200\/#breadcrumb"},"inLanguage":"en-US","potentialAction":[{"@type":"ReadAction","target":["https:\/\/vannangvn.123websitedev.com\/san-pham\/phu-kien-bong-den-may-do-ham-luong-lop-phu-antifinger-kurabo-model-rx200\/"]}]},{"@type":"ImageObject","inLanguage":"en-US","@id":"https:\/\/vannangvn.123websitedev.com\/san-pham\/phu-kien-bong-den-may-do-ham-luong-lop-phu-antifinger-kurabo-model-rx200\/#primaryimage","url":"https:\/\/vannangvn.123websitedev.com\/wp-content\/uploads\/2026\/03\/RX-200-copy.jpg","contentUrl":"https:\/\/vannangvn.123websitedev.com\/wp-content\/uploads\/2026\/03\/RX-200-copy.jpg","width":768,"height":576},{"@type":"BreadcrumbList","@id":"https:\/\/vannangvn.123websitedev.com\/san-pham\/phu-kien-bong-den-may-do-ham-luong-lop-phu-antifinger-kurabo-model-rx200\/#breadcrumb","itemListElement":[{"@type":"ListItem","position":1,"name":"Trang ch\u1ee7","item":"https:\/\/vannangvn.123websitedev.com\/"},{"@type":"ListItem","position":2,"name":"S\u1ea3n ph\u1ea9m","item":"https:\/\/vannangvn.123websitedev.com\/cua-hang\/"},{"@type":"ListItem","position":3,"name":"PH\u1ee4 KI\u1ec6N B\u00d3NG \u0110\u00c8N M\u00c1Y \u0110O H\u00c0M L\u01af\u1ee2NG L\u1edaP PH\u1ee6 ANTIFINGER KURABO MODEL RX200"}]},{"@type":"WebSite","@id":"https:\/\/vannangvn.123websitedev.com\/#website","url":"https:\/\/vannangvn.123websitedev.com\/","name":"Vannang.vn","description":"","publisher":{"@id":"https:\/\/vannangvn.123websitedev.com\/#organization"},"potentialAction":[{"@type":"SearchAction","target":{"@type":"EntryPoint","urlTemplate":"https:\/\/vannangvn.123websitedev.com\/?s={search_term_string}"},"query-input":{"@type":"PropertyValueSpecification","valueRequired":true,"valueName":"search_term_string"}}],"inLanguage":"en-US"},{"@type":"Organization","@id":"https:\/\/vannangvn.123websitedev.com\/#organization","name":"Vannang.vn","url":"https:\/\/vannangvn.123websitedev.com\/","logo":{"@type":"ImageObject","inLanguage":"en-US","@id":"https:\/\/vannangvn.123websitedev.com\/#\/schema\/logo\/image\/","url":"https:\/\/vannangvn.123websitedev.com\/wp-content\/uploads\/2026\/02\/logo-van-nang-02.png","contentUrl":"https:\/\/vannangvn.123websitedev.com\/wp-content\/uploads\/2026\/02\/logo-van-nang-02.png","width":448,"height":111,"caption":"Vannang.vn"},"image":{"@id":"https:\/\/vannangvn.123websitedev.com\/#\/schema\/logo\/image\/"}}]}},"_links":{"self":[{"href":"https:\/\/vannangvn.123websitedev.com\/en\/wp-json\/wp\/v2\/product\/7713","targetHints":{"allow":["GET"]}}],"collection":[{"href":"https:\/\/vannangvn.123websitedev.com\/en\/wp-json\/wp\/v2\/product"}],"about":[{"href":"https:\/\/vannangvn.123websitedev.com\/en\/wp-json\/wp\/v2\/types\/product"}],"replies":[{"embeddable":true,"href":"https:\/\/vannangvn.123websitedev.com\/en\/wp-json\/wp\/v2\/comments?post=7713"}],"wp:featuredmedia":[{"embeddable":true,"href":"https:\/\/vannangvn.123websitedev.com\/en\/wp-json\/wp\/v2\/media\/8772"}],"wp:attachment":[{"href":"https:\/\/vannangvn.123websitedev.com\/en\/wp-json\/wp\/v2\/media?parent=7713"}],"wp:term":[{"taxonomy":"product_brand","embeddable":true,"href":"https:\/\/vannangvn.123websitedev.com\/en\/wp-json\/wp\/v2\/product_brand?post=7713"},{"taxonomy":"product_cat","embeddable":true,"href":"https:\/\/vannangvn.123websitedev.com\/en\/wp-json\/wp\/v2\/product_cat?post=7713"},{"taxonomy":"product_tag","embeddable":true,"href":"https:\/\/vannangvn.123websitedev.com\/en\/wp-json\/wp\/v2\/product_tag?post=7713"}],"curies":[{"name":"wp","href":"https:\/\/api.w.org\/{rel}","templated":true}]}}