{"id":7716,"date":"2026-03-20T19:07:16","date_gmt":"2026-03-20T12:07:16","guid":{"rendered":"https:\/\/vannangvn.123websitedev.com\/san-pham\/rotor-tieu-hoa-mau-vi-song-anton-paar-rotor-20svt50\/"},"modified":"2026-03-30T18:50:00","modified_gmt":"2026-03-30T11:50:00","slug":"rotor-tieu-hoa-mau-vi-song-anton-paar-rotor-20svt50","status":"publish","type":"product","link":"https:\/\/vannangvn.123websitedev.com\/en\/product\/rotor-tieu-hoa-mau-vi-song-anton-paar-rotor-20svt50\/","title":{"rendered":"ROTOR TI\u00caU H\u00d3A M\u1eaaU VI S\u00d3NG ANTON PAAR ROTOR 20SVT50"},"content":{"rendered":"<h1 style=\"color: red; font-weight: bold; font-size: 24px;\">T&#7893;ng quan s&#7843;n ph&#7849;m ROTOR TI&Ecirc;U H&Oacute;A M&#7850;U VI S&Oacute;NG ANTON PAAR ROTOR 20SVT50<p>Rotor Ti&ecirc;u H&oacute;a M&#7851;u Vi S&oacute;ng Anton Paar (Microwave Digestion Rotor) Rotor 20SVT50<br>\nTrong ng&agrave;nh ph&acirc;n t&iacute;ch hi&#7879;n &#273;&#7841;i, vi&#7879;c x&#7917; l&yacute; c&aacute;c m&#7851;u v&#7853;t ph&#7913;c t&#7841;p lu&ocirc;n &#273;&#7863;t ra nh&#7919;ng th&aacute;ch th&#7913;c l&#7899;n &#273;&#7889;i v&#7899;i c&aacute;c ph&ograve;ng th&iacute; nghi&#7879;m. &#272;&#7875; &#273;&#7843;m b&#7843;o &#273;&#7897; ch&iacute;nh x&aacute;c v&agrave; hi&#7879;u qu&#7843;, c&aacute;c nh&agrave; nghi&ecirc;n c&#7913;u c&#7847;n &#273;&#7871;n nh&#7919;ng c&ocirc;ng c&#7909; m&#7841;nh m&#7869; v&agrave; &#273;&aacute;ng tin c&#7853;y. Rotor 20SVT50 &ndash; m&#7897;t th&agrave;nh ph&#7847;n quan tr&#7885;ng c&#7911;a h&#7879; th&#7889;ng Multiwave 5000, &#273;&atilde; &#273;&#432;&#7907;c ph&aacute;t tri&#7875;n &#273;&#7875; &#273;&aacute;p &#7913;ng nh&#7919;ng y&ecirc;u c&#7847;u kh&#7855;t khe n&agrave;y.<br>\nV&#7899;i kh&#7843; n&#259;ng x&#7917; l&yacute; v&#432;&#7907;t tr&#7897;i, thi&#7871;t k&#7871; th&ocirc;ng minh v&agrave; c&ocirc;ng ngh&#7879; ti&ecirc;n ti&#7871;n, Thi&#7871;t b&#7883; Rotor 20SVT50 kh&ocirc;ng ch&#7881; mang l&#7841;i hi&#7879;u qu&#7843; cao m&agrave; c&ograve;n ti&#7871;t ki&#7879;m th&#7901;i gian qu&yacute; b&aacute;u cho ng&#432;&#7901;i s&#7917; d&#7909;ng. H&atilde;y c&ugrave;ng V&#7841;n N&#259;ng t&igrave;m hi&#7875;u chi ti&#7871;t h&#417;n v&#7873; s&#7843;n ph&#7849;m th&ocirc;ng qua b&agrave;i vi&#7871;t n&agrave;y nh&eacute;!<\/p><h2 style=\"color: #2e7d32; font-weight: bold; font-size: 20px;\">&#272;i&#7875;m N&#7893;i B&#7853;t C&#7911;a Rotor 20SVT50<\/h2><p>C&ocirc;ng Ngh&#7879; SmartTemp &ndash; S&#7921; K&#7871;t H&#7907;p Ho&agrave;n H&#7843;o Gi&#7919;a An To&agrave;n V&agrave; Ch&iacute;nh X&aacute;c<br>\nM&#7897;t trong nh&#7919;ng th&aacute;ch th&#7913;c l&#7899;n nh&#7845;t khi ph&acirc;n h&#7911;y c&aacute;c m&#7851;u v&#7853;t ph&#7913;c t&#7841;p l&agrave; ki&#7875;m so&aacute;t nhi&#7879;t &#273;&#7897;. Vi&#7879;c qu&aacute; nhi&#7879;t c&oacute; th&#7875; d&#7851;n &#273;&#7871;n h&#7887;ng m&#7851;u, l&agrave;m sai l&#7879;ch k&#7871;t qu&#7843;, ho&#7863;c th&#7853;m ch&iacute; g&acirc;y nguy hi&#7875;m cho thi&#7871;t b&#7883; v&agrave; ng&#432;&#7901;i s&#7917; d&#7909;ng. Nh&#7857;m gi&#7843;i quy&#7871;t v&#7845;n &#273;&#7873; n&agrave;y, Rotor 20SVT50 Anton Paar &#273;&#432;&#7907;c trang b&#7883; c&#7843;m bi&#7871;n SmartTemp, m&#7897;t c&ocirc;ng ngh&#7879; &#273;&#7897;t ph&aacute; gi&uacute;p &#273;o nhi&#7879;t &#273;&#7897; b&ecirc;n trong m&#7895;i vessels m&#7897;t c&aacute;ch tr&#7921;c ti&#7871;p v&agrave; trong th&#7901;i gian th&#7921;c.<\/p><p>SmartTemp k&#7871;t h&#7907;p gi&#7919;a ph&#7843;n h&#7891;i nhanh c&#7911;a c&#7843;m bi&#7871;n nhi&#7879;t &#273;&#7897; b&ecirc;n trong v&agrave; s&#7921; ti&#7879;n l&#7907;i c&#7911;a c&#7843;m bi&#7871;n h&#7891;ng ngo&#7841;i, mang &#273;&#7871;n kh&#7843; n&#259;ng &#273;o l&#432;&#7901;ng ch&iacute;nh x&aacute;c v&agrave; nhanh ch&oacute;ng. Nh&#7901; &#273;&oacute;, qu&aacute; tr&igrave;nh ph&acirc;n h&#7911;y m&#7851;u v&#7853;t di&#7877;n ra &#7893;n &#273;&#7883;nh, an to&agrave;n, ngay c&#7843; v&#7899;i c&aacute;c m&#7851;u v&#7853;t c&oacute; t&iacute;nh ch&#7845;t kh&oacute; kh&#259;n ho&#7863;c d&#7877; g&acirc;y ph&#7843;n &#7913;ng nhi&#7879;t.<br>\nSmartVent &ndash; &#272;&#7843;m B&#7843;o Hi&#7879;u Qu&#7843; Ph&acirc;n H&#7911;y Cao Nh&#7845;t<br>\nKh&ocirc;ng ch&#7881; d&#7915;ng l&#7841;i &#7903; kh&#7843; n&#259;ng ki&#7875;m so&aacute;t nhi&#7879;t &#273;&#7897;, Model Rotor 20SVT50 c&ograve;n &#273;&#432;&#7907;c t&iacute;ch h&#7907;p c&ocirc;ng ngh&#7879; SmartVent ti&ecirc;n ti&#7871;n. C&ocirc;ng ngh&#7879; n&agrave;y cho ph&eacute;p ph&acirc;n h&#7911;y l&#432;&#7907;ng l&#7899;n m&#7851;u v&#7853;t trong m&#7897;t l&#7847;n ch&#7841;y, ngay c&#7843; khi c&aacute;c m&#7851;u v&#7853;t c&oacute; &#273;&#7863;c t&iacute;nh ph&#7843;n &#7913;ng kh&aacute;c nhau. V&#7899;i SmartVent, qu&aacute; tr&igrave;nh ph&acirc;n h&#7911;y kh&ocirc;ng ch&#7881; nhanh h&#417;n m&agrave; c&ograve;n &#273;&#7843;m b&#7843;o &#273;&#7897; &#273;&#7891;ng nh&#7845;t cao, gi&uacute;p t&#7889;i &#432;u h&oacute;a th&#7901;i gian v&agrave; c&ocirc;ng s&#7913;c c&#7911;a ng&#432;&#7901;i s&#7917; d&#7909;ng.<\/p><p>&#431;u &#272;i&#7875;m V&#432;&#7907;t Tr&#7897;i C&#7911;a Rotor 20SVT50<br>\nThi&#7871;t K&#7871; Th&ocirc;ng Minh, Ti&#7879;n L&#7907;i V&agrave; D&#7877; S&#7917; D&#7909;ng<br>\nM&#7897;t y&#7871;u t&#7889; quan tr&#7885;ng kh&aacute;c m&agrave; Rotor mang l&#7841;i l&agrave; thi&#7871;t k&#7871; th&ocirc;ng minh, ti&#7879;n l&#7907;i v&agrave; d&#7877; s&#7917; d&#7909;ng. V&#7899;i ch&#7881; ba b&#7897; ph&#7853;n, ng&#432;&#7901;i d&ugrave;ng c&oacute; th&#7875; d&#7877; d&agrave;ng m&#7903; v&agrave; &#273;&oacute;ng c&aacute;c rotors, vessels, v&agrave; c&#7843;m bi&#7871;n m&agrave; kh&ocirc;ng c&#7847;n &#273;&#7871;n b&#7845;t k&#7923; d&#7909;ng c&#7909; h&#7895; tr&#7907; n&agrave;o. &#272;i&#7873;u n&agrave;y kh&ocirc;ng ch&#7881; gi&uacute;p ti&#7871;t ki&#7879;m th&#7901;i gian m&agrave; c&ograve;n l&agrave;m gi&#7843;m nguy c&#417; sai s&oacute;t trong qu&aacute; tr&igrave;nh thao t&aacute;c.<\/p><p>Thi&#7871;t k&#7871; g&#7885;n nh&#7865; c&#7911;a 20SVT50 Anton Paar c&#361;ng cho ph&eacute;p x&#7917; l&yacute; &#273;&#7871;n 20 m&#7851;u v&#7853;t kh&aacute;c nhau trong m&#7897;t l&#7847;n ch&#7841;y, gi&uacute;p t&#259;ng c&#432;&#7901;ng hi&#7879;u su&#7845;t l&agrave;m vi&#7879;c v&agrave; &#273;&aacute;p &#7913;ng nhu c&#7847;u ph&acirc;n t&iacute;ch cao. &#272;&acirc;y l&agrave; m&#7897;t y&#7871;u t&#7889; quan tr&#7885;ng &#273;&#7889;i v&#7899;i c&aacute;c ph&ograve;ng th&iacute; nghi&#7879;m c&oacute; nhu c&#7847;u x&#7917; l&yacute; s&#7889; l&#432;&#7907;ng l&#7899;n m&#7851;u v&#7853;t h&agrave;ng ng&agrave;y.<br>\nKh&#7843; N&#259;ng L&agrave;m M&aacute;t Nhanh Ch&oacute;ng Sau M&#7895;i L&#7847;n Ch&#7841;y<br>\nTrong c&aacute;c ph&ograve;ng th&iacute; nghi&#7879;m b&#7853;n r&#7897;n, vi&#7879;c gi&#7843;m thi&#7875;u th&#7901;i gian ch&#7901; &#273;&#7907;i gi&#7919;a c&aacute;c l&#7847;n ch&#7841;y l&agrave; &#273;i&#7873;u v&ocirc; c&ugrave;ng quan tr&#7885;ng. Hi&#7875;u &#273;&#432;&#7907;c &#273;i&#7873;u n&agrave;y, M&aacute;y Rotor 20SVT50 &#273;&#432;&#7907;c trang b&#7883; c&aacute;nh t&#7843;n nhi&#7879;t tr&ecirc;n th&acirc;n vessels v&agrave; h&#7879; th&#7889;ng th&ocirc;ng gi&oacute; d&#7851;n kh&iacute; l&#432;u, gi&uacute;p l&agrave;m m&aacute;t nhanh ch&oacute;ng sau m&#7895;i l&#7847;n ph&acirc;n h&#7911;y. &#272;i&#7873;u n&agrave;y kh&ocirc;ng ch&#7881; gi&uacute;p ti&#7871;t ki&#7879;m th&#7901;i gian m&agrave; c&ograve;n &#273;&#7843;m b&#7843;o an to&agrave;n cho ng&#432;&#7901;i s&#7917; d&#7909;ng v&agrave; thi&#7871;t b&#7883;.<\/p><p>L&#7907;i &Iacute;ch V&#432;&#7907;t Tr&#7897;i Khi S&#7917; D&#7909;ng Rotor 20SVT50<br>\nVi&#7879;c s&#7917; d&#7909;ng Thi&#7871;t B&#7883; Rotor 20SVT50 mang l&#7841;i nhi&#7873;u l&#7907;i &iacute;ch v&#432;&#7907;t tr&#7897;i cho c&aacute;c ph&ograve;ng th&iacute; nghi&#7879;m:<br>\nTi&#7871;t ki&#7879;m th&#7901;i gian v&agrave; t&#259;ng hi&#7879;u qu&#7843;<br>\nThi&#7871;t k&#7871; ti&#7879;n l&#7907;i, d&#7877; s&#7917; d&#7909;ng gi&uacute;p gi&#7843;m thi&#7875;u th&#7901;i gian trong t&#7915;ng b&#432;&#7899;c c&ocirc;ng vi&#7879;c, t&#7915; m&#7903; &#273;&oacute;ng rotors cho &#273;&#7871;n vi&#7879;c l&agrave;m m&aacute;t nhanh ch&oacute;ng sau m&#7895;i l&#7847;n ph&acirc;n h&#7911;y.<br>\nAn to&agrave;n tuy&#7879;t &#273;&#7889;i<br>\nC&ocirc;ng ngh&#7879; SmartTemp v&agrave; SmartVent &#273;&#7843;m b&#7843;o qu&aacute; tr&igrave;nh ph&acirc;n h&#7911;y di&#7877;n ra m&#7897;t c&aacute;ch an to&agrave;n v&agrave; hi&#7879;u qu&#7843;, ngay c&#7843; v&#7899;i c&aacute;c m&#7851;u v&#7853;t y&ecirc;u c&#7847;u nhi&#7879;t &#273;&#7897; v&agrave; &aacute;p su&#7845;t cao.<br>\nHi&#7879;u su&#7845;t cao nh&#7845;t<br>\nV&#7899;i kh&#7843; n&#259;ng x&#7917; l&yacute; &#273;&#7891;ng th&#7901;i 20 m&#7851;u v&#7853;t kh&aacute;c nhau trong m&#7897;t l&#7847;n ch&#7841;y, 20SVT50 Rotor Ti&ecirc;u Ho&aacute; M&#7851;u gi&uacute;p t&#259;ng c&#432;&#7901;ng n&#259;ng su&#7845;t, &#273;&aacute;p &#7913;ng m&#7885;i nhu c&#7847;u ph&acirc;n t&iacute;ch t&#7915; &#273;&#417;n gi&#7843;n &#273;&#7871;n ph&#7913;c t&#7841;p.<\/p><p>Nh&#7919;ng L&yacute; Do N&ecirc;n Mua Rotor Ti&ecirc;u H&oacute;a M&#7851;u Vi S&oacute;ng T&#7841;i Thi&#7871;t B&#7883; C&ocirc;ng Ngh&#7879; V&#7841;n N&#259;ng<\/p><p>C&ocirc;ng ty Thi&#7871;t B&#7883; C&ocirc;ng Ngh&#7879; V&#7841;n N&#259;ng l&agrave; &#273;&#7889;i t&aacute;c ch&iacute;nh th&#7913;c ph&acirc;n ph&#7889;i Rotor Ti&ecirc;u H&oacute;a M&#7851;u Vi S&oacute;ng h&agrave;ng &#273;&#7847;u t&#7841;i Vi&#7879;t Nam, cam k&#7871;t cung c&#7845;p s&#7843;n ph&#7849;m ch&iacute;nh h&atilde;ng v&#7899;i gi&aacute; c&#7843; c&#7841;nh tranh nh&#7845;t th&#7883; tr&#432;&#7901;ng. V&#7899;i uy t&iacute;n tr&ecirc;n th&#7883; tr&#432;&#7901;ng v&agrave; ch&#7871; &#273;&#7897; h&#7851;u m&atilde;i t&#7889;t, V&#7841;n N&#259;ng &#273;&atilde; nh&#7853;n &#273;&#432;&#7907;c s&#7921; tin t&#432;&#7903;ng t&#7915; kh&aacute;ch h&agrave;ng nh&#7901; v&agrave;o ch&#7845;t l&#432;&#7907;ng h&agrave;ng &#273;&#7847;u c&#7911;a c&aacute;c d&ograve;ng s&#7843;n ph&#7849;m.<br>\nS&#7843;n ph&#7849;m c&#7911;a ch&uacute;ng t&ocirc;i &#273;&#432;&#7907;c ki&#7875;m &#273;&#7883;nh ch&#7845;t l&#432;&#7907;ng, nh&#7853;p kh&#7849;u tr&#7921;c ti&#7871;p t&#7915; nh&agrave; m&aacute;y b&ecirc;n Ch&acirc;u &Acirc;u, M&#7929;, &Uacute;c, Nh&#7853;t B&#7843;n,&hellip; v&agrave; &#273;&aacute;p &#7913;ng nhu c&#7847;u &#273;a d&#7841;ng c&#7911;a th&#7883; tr&#432;&#7901;ng nh&#432;: M&aacute;y &#272;o &#272;&#7897; C&#7913;ng, M&aacute;y SpectroMaxx, M&aacute;y Ki&#7875;m Tra &#272;&#7897; B&#7873;n S&#417;n,&hellip; Ch&uacute;ng t&ocirc;i cam k&#7871;t cung c&#7845;p s&#7843;n ph&#7849;m n&agrave;y tr&ecirc;n to&agrave;n qu&#7889;c v&#7899;i gi&aacute; c&#7843; c&#7841;nh tranh nh&#7845;t.<br>\nCh&uacute;ng t&ocirc;i c&oacute; &#273;&#7897;i ng&#361; chuy&ecirc;n vi&ecirc;n t&#432; v&#7845;n chuy&ecirc;n s&acirc;u s&#7869; h&#7895; tr&#7907; kh&aacute;ch h&agrave;ng v&#7873; chi ti&#7871;t s&#7843;n ph&#7849;m, h&#432;&#7899;ng d&#7851;n s&#7917; d&#7909;ng hay nh&#7919;ng th&#7913; li&ecirc;n quan &#273;&#7871;n v&#7845;n &#273;&#7873; m&agrave; doanh nghi&#7879;p b&#7841;n &#273;ang g&#7863;p ph&#7843;i. Ch&uacute;ng t&ocirc;i s&#7869; cung c&#7845;p nh&#7919;ng gi&#7843;i ph&aacute;p t&#7889;i &#432;u nh&#7845;t !!!<br>\nNgo&agrave;i ra V&#7841;n N&#259;ng Company lu&ocirc;n h&#432;&#7899;ng &#273;&#7871;n tr&#7843;i nghi&#7879;m kh&aacute;ch h&agrave;ng, v&igrave; v&#7853;y ch&uacute;ng t&ocirc;i c&oacute; nh&#7919;ng ch&iacute;nh s&aacute;ch b&#7843;o h&agrave;nh, b&#7843;o tr&igrave; &ndash; b&#7843;o d&#432;&#7905;ng, hi&#7879;u chu&#7849;n v&#7899;i t&#7845;t c&#7843; c&aacute;c thi&#7871;t b&#7883;, m&aacute;y m&oacute;c m&agrave; ch&uacute;ng t&ocirc;i cung c&#7845;p. &#272;&#7843;m b&#7843;o mang &#273;&#7871;n cho Kh&aacute;ch h&agrave;ng s&#7921; y&ecirc;n t&acirc;m tuy&#7879;t &#273;&#7889;i v&#7873; d&#7883;ch v&#7909; khi mua h&agrave;ng.<\/p><p>T&#7893;ng K&#7871;t<br>\nThi&#7871;t B&#7883; Rotor 20SVT50 kh&ocirc;ng ch&#7881; l&agrave; m&#7897;t thi&#7871;t b&#7883; ph&acirc;n h&#7911;y m&#7851;u v&#7853;t, m&agrave; c&ograve;n l&agrave; m&#7897;t gi&#7843;i ph&aacute;p to&agrave;n di&#7879;n cho c&aacute;c ph&ograve;ng th&iacute; nghi&#7879;m hi&#7879;n &#273;&#7841;i. V&#7899;i nh&#7919;ng c&ocirc;ng ngh&#7879; ti&ecirc;n ti&#7871;n, thi&#7871;t k&#7871; th&ocirc;ng minh v&agrave; hi&#7879;u su&#7845;t v&#432;&#7907;t tr&#7897;i, Rotor ti&ecirc;u ho&aacute; m&#7851;u 20SVT50 l&agrave; s&#7921; l&#7921;a ch&#7885;n ho&agrave;n h&#7843;o &#273;&#7875; t&#7889;i &#432;u h&oacute;a quy tr&igrave;nh l&agrave;m vi&#7879;c, ti&#7871;t ki&#7879;m th&#7901;i gian v&agrave; &#273;&#7843;m b&#7843;o &#273;&#7897; ch&iacute;nh x&aacute;c cao nh&#7845;t. H&atilde;y li&ecirc;n h&#7879; v&#7899;i Thi&#7871;t B&#7883; C&ocirc;ng Ngh&#7879; V&#7841;n N&#259;ng ngay &#273;&#7875; &#273;&#432;&#7907;c t&#432; v&#7845;n chuy&ecirc;n s&acirc;u v&agrave; nh&#7853;n nh&#7919;ng &#432;u &#273;&atilde;i h&#7845;p d&#7851;n nh&#7845;t th&ocirc;ng qua hotline <a href=\"https:\/\/zalo.me\/0903991335\" target=\"_blank\" rel=\"noopener\" style=\"color: #059669; font-weight: bold; text-decoration: none;\">0903 991 335<\/a> !<\/p><div style=\"background-color: #f8fafc; border: 1px solid #e2e8f0; border-radius: 8px; padding: 25px; max-width: 800px; margin: 30px auto; color: #334155; line-height: 1.8; font-size: 17px; box-shadow: 0 4px 6px -1px rgba(0,0,0,0.05); text-align: left; clear: both;\">\nC&ocirc;ng ty TNHH Th&#432;&#417;ng M&#7841;i D&#7883;ch V&#7909; Thi&#7871;t B&#7883; C&ocirc;ng Ngh&#7879; V&#7841;n N&#259;ng\n<p style=\"margin: 0 0 10px 0;\">&#128205; <strong style=\"color: #1e293b;\">&#272;&#7883;a ch&#7881;:<\/strong> <a style=\"color: #059669; text-decoration: none; font-weight: bold;\" href=\"https:\/\/www.google.com\/maps\/search\/C%C3%B4ng+ty+TNHH+Th%C6%B0%C6%A1ng+M%E1%BA%A1i+D%E1%BB%8Bch+V%E1%BB%A5+Thi%E1%BA%BFt+B%E1%BB%8B+C%C3%B4ng+Ngh%E1%BB%87+V%E1%BA%A1n+N%C4%83ng+818+Tr%C6%B0%E1%BB%9Dng+Chinh\" target=\"_blank\" rel=\"noopener\">818 Tr&#432;&#7901;ng Chinh, Ph&#432;&#7901;ng T&acirc;n S&#417;n, Th&agrave;nh ph&#7889; H&#7891; Ch&iacute; Minh, Vi&#7879;t Nam<\/a><\/p>\n<p style=\"margin: 0 0 10px 0;\">&#128222; <strong style=\"color: #1e293b;\">S&#272;T &ndash; Zalo:<\/strong> <a style=\"color: #059669; text-decoration: none; font-weight: bold;\" href=\"https:\/\/zalo.me\/0903991335\" target=\"_blank\" rel=\"noopener\">0903 991 335<\/a> <span style=\"color: #64748b; font-style: italic;\">(Ms. H&#7841;nh &ndash; Gi&aacute;m &#272;&#7889;c Kinh Doanh)<\/span><\/p>\n<p style=\"margin: 0;\">&#9993;&#65039; <strong style=\"color: #1e293b;\">Email:<\/strong> <a style=\"color: #059669; text-decoration: none; font-weight: bold;\" href=\"mailto:hienhanh@vannangvn.com\">hienhanh@vannangvn.com<\/a><\/p>\n<\/div><\/h1>","protected":false},"excerpt":{"rendered":"<p><strong>Th&#432;&#417;ng hi&#7879;u:<\/strong> Trong c&aacute;c quy tr&igrave;nh ph&acirc;n t&iacute;ch ph&#7913;c t&#7841;p, vi&#7879;c ph&acirc;n h&#7911;y m&#7851;u v&#7853;t &#273;&#7875; chu&#7849;n b&#7883; cho c&aacute;c b&#432;&#7899;c ti&#7871;p theo l&agrave; v&ocirc; c&ugrave;ng quan tr&#7885;ng. Rotor 20SVT50 &#273;&#432;&#7907;c thi&#7871;t k&#7871; &#273;&#7863;c bi&#7879;t &#273;&#7875; &#273;&aacute;p &#7913;ng nhu c&#7847;u n&agrave;y. &#272;&#432;&#7907;c ch&#7871; t&#7841;o t&#7915; c&aacute;c v&#7853;t li&#7879;u ch&#7883;u nhi&#7879;t v&agrave; ch&#7883;u &aacute;p su&#7845;t cao, Rotor 20SVT50 kh&ocirc;ng ch&#7881; &#273;&#7843;m b&#7843;o an to&agrave;n m&agrave; c&ograve;n mang &#273;&#7871;n hi&#7879;u su&#7845;t v&#432;&#7907;t tr&#7897;i. V&#7899;i kh&#7843; n&#259;ng x&#7917; l&yacute; &#273;&#7891;ng th&#7901;i 20 m&#7851;u v&#7853;t trong m&#7897;t l&#7847;n ch&#7841;y, s&#7843;n ph&#7849;m n&agrave;y th&#7921;c s&#7921; l&agrave; gi&#7843;i ph&aacute;p l&yacute; t&#432;&#7903;ng cho c&aacute;c ph&ograve;ng th&iacute; nghi&#7879;m b&#7853;n r&#7897;n, n&#417;i m&agrave; hi&#7879;u su&#7845;t v&agrave; &#273;&#7897; ch&iacute;nh x&aacute;c l&agrave; y&#7871;u t&#7889; then ch&#7889;t.<br>\n<strong>Model:<\/strong> Rotor 20SVT50<p>Product <strong>ROTOR TI&Ecirc;U H&Oacute;A M&#7850;U VI S&Oacute;NG ANTON PAAR ROTOR 20SVT50<\/strong> ch&iacute;nh h&atilde;ng. Trong c&aacute;c quy tr&igrave;nh ph&acirc;n t&iacute;ch ph&#7913;c t&#7841;p, vi&#7879;c ph&acirc;n h&#7911;y m&#7851;u v&#7853;t &#273;&#7875; chu&#7849;n b&#7883; cho c&aacute;c b&#432;&#7899;c ti&#7871;p theo l&agrave; v&ocirc; c&ugrave;ng quan tr&#7885;ng. Rotor 20SVT50 &#273;&#432;&#7907;c thi&#7871;t k&#7871; &#273;&#7863;c bi&#7879;t &#273;&#7875; &#273;&aacute;p &#7913;ng nhu c&#7847;u n&agrave;y. &#272;&#432;&#7907;c ch&#7871; t&#7841;o t&#7915; c&aacute;c v&#7853;t li&#7879;u ch&#7883;u nhi&#7879;t v&agrave; ch&#7883;u &aacute;p su&#7845;t cao, Rotor 20SVT50 kh&ocirc;ng ch&#7881; &#273;&#7843;m b&#7843;o an to&agrave;n m&agrave; c&ograve;n mang &#273;&#7871;n hi&#7879;u su&#7845;t v&#432;&#7907;t tr&#7897;i. V&#7899;i kh&#7843; n&#259;ng x&#7917; l&yacute; &#273;&#7891;ng th&#7901;i 20 m&#7851;u v&#7853;t trong m&#7897;t l&#7847;n ch&#7841;y, s&#7843;n ph&#7849;m n&agrave;y th&#7921;c s&#7921; l&agrave; gi&#7843;i ph&aacute;p l&yacute; t&#432;&#7903;ng cho c&aacute;c ph&ograve;ng th&iacute; nghi&#7879;m b&#7853;n r&#7897;n, n&#417;i m&agrave; hi&#7879;u su&#7845;t v&agrave; &#273;&#7897; ch&iacute;nh x&aacute;c l&agrave; y&#7871;u t&#7889; then ch&#7889;t.<\/p><\/p>","protected":false},"featured_media":0,"comment_status":"open","ping_status":"closed","template":"","meta":[],"product_brand":[],"product_cat":[18],"product_tag":[847,896,3124,3125,122,130,464,465,649],"class_list":{"0":"post-7716","1":"product","2":"type-product","3":"status-publish","5":"product_cat-chua-phan-loai","6":"product_tag-tieu","7":"product_tag-song","8":"product_tag-rotor","9":"product_tag-20svt50","10":"product_tag-hoa","11":"product_tag-mau","12":"product_tag-anton","13":"product_tag-paar","14":"product_tag-vi","16":"first","17":"instock","18":"shipping-taxable","19":"product-type-simple"},"yoast_head":"<!-- This site is optimized with the Yoast SEO Premium plugin v24.8 (Yoast SEO v24.8) - https:\/\/yoast.com\/wordpress\/plugins\/seo\/ -->\n<title>ROTOR TI\u00caU H\u00d3A M\u1eaaU VI S\u00d3NG ANTON PA... ch\u00ednh h\u00e3ng | V\u1ea1n N\u0103ng<\/title>\n<meta name=\"description\" content=\"Mua ngay ROTOR TI\u00caU H\u00d3A M\u1eaaU VI S\u00d3NG ANTON PAAR ROTOR 20SVT50 ch\u00ednh h\u00e3ng. Gi\u00e1 t\u1ed1t!\" \/>\n<meta name=\"robots\" content=\"noindex, follow, max-snippet:-1, max-image-preview:large, max-video-preview:-1\" \/>\n<meta property=\"og:locale\" content=\"en_US\" \/>\n<meta property=\"og:type\" content=\"article\" \/>\n<meta property=\"og:title\" content=\"ROTOR TI\u00caU H\u00d3A M\u1eaaU VI S\u00d3NG ANTON PAAR ROTOR 20SVT50\" \/>\n<meta property=\"og:description\" content=\"Mua ngay ROTOR TI\u00caU H\u00d3A M\u1eaaU VI S\u00d3NG ANTON PAAR ROTOR 20SVT50 ch\u00ednh h\u00e3ng. Gi\u00e1 t\u1ed1t!\" \/>\n<meta property=\"og:url\" content=\"https:\/\/vannangvn.123websitedev.com\/en\/product\/rotor-tieu-hoa-mau-vi-song-anton-paar-rotor-20svt50\/\" \/>\n<meta property=\"og:site_name\" content=\"Vannang.vn\" \/>\n<meta property=\"article:modified_time\" content=\"2026-03-30T11:50:00+00:00\" \/>\n<meta name=\"twitter:card\" content=\"summary_large_image\" \/>\n<meta name=\"twitter:label1\" content=\"Est. reading time\" \/>\n\t<meta name=\"twitter:data1\" content=\"10 minutes\" \/>\n<script type=\"application\/ld+json\" class=\"yoast-schema-graph\">{\"@context\":\"https:\/\/schema.org\",\"@graph\":[{\"@type\":\"WebPage\",\"@id\":\"https:\/\/vannangvn.123websitedev.com\/san-pham\/rotor-tieu-hoa-mau-vi-song-anton-paar-rotor-20svt50\/\",\"url\":\"https:\/\/vannangvn.123websitedev.com\/san-pham\/rotor-tieu-hoa-mau-vi-song-anton-paar-rotor-20svt50\/\",\"name\":\"ROTOR TI\u00caU H\u00d3A M\u1eaaU VI S\u00d3NG ANTON PA... ch\u00ednh h\u00e3ng | V\u1ea1n N\u0103ng\",\"isPartOf\":{\"@id\":\"https:\/\/vannangvn.123websitedev.com\/#website\"},\"datePublished\":\"2026-03-20T12:07:16+00:00\",\"dateModified\":\"2026-03-30T11:50:00+00:00\",\"description\":\"Mua ngay ROTOR TI\u00caU H\u00d3A M\u1eaaU VI S\u00d3NG ANTON PAAR ROTOR 20SVT50 ch\u00ednh h\u00e3ng. Gi\u00e1 t\u1ed1t!\",\"breadcrumb\":{\"@id\":\"https:\/\/vannangvn.123websitedev.com\/san-pham\/rotor-tieu-hoa-mau-vi-song-anton-paar-rotor-20svt50\/#breadcrumb\"},\"inLanguage\":\"en-US\",\"potentialAction\":[{\"@type\":\"ReadAction\",\"target\":[\"https:\/\/vannangvn.123websitedev.com\/san-pham\/rotor-tieu-hoa-mau-vi-song-anton-paar-rotor-20svt50\/\"]}]},{\"@type\":\"BreadcrumbList\",\"@id\":\"https:\/\/vannangvn.123websitedev.com\/san-pham\/rotor-tieu-hoa-mau-vi-song-anton-paar-rotor-20svt50\/#breadcrumb\",\"itemListElement\":[{\"@type\":\"ListItem\",\"position\":1,\"name\":\"Trang ch\u1ee7\",\"item\":\"https:\/\/vannangvn.123websitedev.com\/\"},{\"@type\":\"ListItem\",\"position\":2,\"name\":\"S\u1ea3n ph\u1ea9m\",\"item\":\"https:\/\/vannangvn.123websitedev.com\/cua-hang\/\"},{\"@type\":\"ListItem\",\"position\":3,\"name\":\"ROTOR TI\u00caU H\u00d3A M\u1eaaU VI S\u00d3NG ANTON PAAR ROTOR 20SVT50\"}]},{\"@type\":\"WebSite\",\"@id\":\"https:\/\/vannangvn.123websitedev.com\/#website\",\"url\":\"https:\/\/vannangvn.123websitedev.com\/\",\"name\":\"Vannang.vn\",\"description\":\"\",\"publisher\":{\"@id\":\"https:\/\/vannangvn.123websitedev.com\/#organization\"},\"potentialAction\":[{\"@type\":\"SearchAction\",\"target\":{\"@type\":\"EntryPoint\",\"urlTemplate\":\"https:\/\/vannangvn.123websitedev.com\/?s={search_term_string}\"},\"query-input\":{\"@type\":\"PropertyValueSpecification\",\"valueRequired\":true,\"valueName\":\"search_term_string\"}}],\"inLanguage\":\"en-US\"},{\"@type\":\"Organization\",\"@id\":\"https:\/\/vannangvn.123websitedev.com\/#organization\",\"name\":\"Vannang.vn\",\"url\":\"https:\/\/vannangvn.123websitedev.com\/\",\"logo\":{\"@type\":\"ImageObject\",\"inLanguage\":\"en-US\",\"@id\":\"https:\/\/vannangvn.123websitedev.com\/#\/schema\/logo\/image\/\",\"url\":\"https:\/\/vannangvn.123websitedev.com\/wp-content\/uploads\/2026\/02\/logo-van-nang-02.png\",\"contentUrl\":\"https:\/\/vannangvn.123websitedev.com\/wp-content\/uploads\/2026\/02\/logo-van-nang-02.png\",\"width\":448,\"height\":111,\"caption\":\"Vannang.vn\"},\"image\":{\"@id\":\"https:\/\/vannangvn.123websitedev.com\/#\/schema\/logo\/image\/\"}}]}<\/script>\n<!-- \/ Yoast SEO Premium plugin. -->","yoast_head_json":{"title":"ROTOR TI\u00caU H\u00d3A M\u1eaaU VI S\u00d3NG ANTON PA... ch\u00ednh h\u00e3ng | V\u1ea1n N\u0103ng","description":"Mua ngay ROTOR TI\u00caU H\u00d3A M\u1eaaU VI S\u00d3NG ANTON PAAR ROTOR 20SVT50 ch\u00ednh h\u00e3ng. Gi\u00e1 t\u1ed1t!","robots":{"index":"noindex","follow":"follow","max-snippet":"max-snippet:-1","max-image-preview":"max-image-preview:large","max-video-preview":"max-video-preview:-1"},"og_locale":"en_US","og_type":"article","og_title":"ROTOR TI\u00caU H\u00d3A M\u1eaaU VI S\u00d3NG ANTON PAAR ROTOR 20SVT50","og_description":"Mua ngay ROTOR TI\u00caU H\u00d3A M\u1eaaU VI S\u00d3NG ANTON PAAR ROTOR 20SVT50 ch\u00ednh h\u00e3ng. Gi\u00e1 t\u1ed1t!","og_url":"https:\/\/vannangvn.123websitedev.com\/en\/product\/rotor-tieu-hoa-mau-vi-song-anton-paar-rotor-20svt50\/","og_site_name":"Vannang.vn","article_modified_time":"2026-03-30T11:50:00+00:00","twitter_card":"summary_large_image","twitter_misc":{"Est. reading time":"10 minutes"},"schema":{"@context":"https:\/\/schema.org","@graph":[{"@type":"WebPage","@id":"https:\/\/vannangvn.123websitedev.com\/san-pham\/rotor-tieu-hoa-mau-vi-song-anton-paar-rotor-20svt50\/","url":"https:\/\/vannangvn.123websitedev.com\/san-pham\/rotor-tieu-hoa-mau-vi-song-anton-paar-rotor-20svt50\/","name":"ROTOR TI\u00caU H\u00d3A M\u1eaaU VI S\u00d3NG ANTON PA... ch\u00ednh h\u00e3ng | V\u1ea1n N\u0103ng","isPartOf":{"@id":"https:\/\/vannangvn.123websitedev.com\/#website"},"datePublished":"2026-03-20T12:07:16+00:00","dateModified":"2026-03-30T11:50:00+00:00","description":"Mua ngay ROTOR TI\u00caU H\u00d3A M\u1eaaU VI S\u00d3NG ANTON PAAR ROTOR 20SVT50 ch\u00ednh h\u00e3ng. Gi\u00e1 t\u1ed1t!","breadcrumb":{"@id":"https:\/\/vannangvn.123websitedev.com\/san-pham\/rotor-tieu-hoa-mau-vi-song-anton-paar-rotor-20svt50\/#breadcrumb"},"inLanguage":"en-US","potentialAction":[{"@type":"ReadAction","target":["https:\/\/vannangvn.123websitedev.com\/san-pham\/rotor-tieu-hoa-mau-vi-song-anton-paar-rotor-20svt50\/"]}]},{"@type":"BreadcrumbList","@id":"https:\/\/vannangvn.123websitedev.com\/san-pham\/rotor-tieu-hoa-mau-vi-song-anton-paar-rotor-20svt50\/#breadcrumb","itemListElement":[{"@type":"ListItem","position":1,"name":"Trang ch\u1ee7","item":"https:\/\/vannangvn.123websitedev.com\/"},{"@type":"ListItem","position":2,"name":"S\u1ea3n ph\u1ea9m","item":"https:\/\/vannangvn.123websitedev.com\/cua-hang\/"},{"@type":"ListItem","position":3,"name":"ROTOR TI\u00caU H\u00d3A M\u1eaaU VI S\u00d3NG ANTON PAAR ROTOR 20SVT50"}]},{"@type":"WebSite","@id":"https:\/\/vannangvn.123websitedev.com\/#website","url":"https:\/\/vannangvn.123websitedev.com\/","name":"Vannang.vn","description":"","publisher":{"@id":"https:\/\/vannangvn.123websitedev.com\/#organization"},"potentialAction":[{"@type":"SearchAction","target":{"@type":"EntryPoint","urlTemplate":"https:\/\/vannangvn.123websitedev.com\/?s={search_term_string}"},"query-input":{"@type":"PropertyValueSpecification","valueRequired":true,"valueName":"search_term_string"}}],"inLanguage":"en-US"},{"@type":"Organization","@id":"https:\/\/vannangvn.123websitedev.com\/#organization","name":"Vannang.vn","url":"https:\/\/vannangvn.123websitedev.com\/","logo":{"@type":"ImageObject","inLanguage":"en-US","@id":"https:\/\/vannangvn.123websitedev.com\/#\/schema\/logo\/image\/","url":"https:\/\/vannangvn.123websitedev.com\/wp-content\/uploads\/2026\/02\/logo-van-nang-02.png","contentUrl":"https:\/\/vannangvn.123websitedev.com\/wp-content\/uploads\/2026\/02\/logo-van-nang-02.png","width":448,"height":111,"caption":"Vannang.vn"},"image":{"@id":"https:\/\/vannangvn.123websitedev.com\/#\/schema\/logo\/image\/"}}]}},"_links":{"self":[{"href":"https:\/\/vannangvn.123websitedev.com\/en\/wp-json\/wp\/v2\/product\/7716","targetHints":{"allow":["GET"]}}],"collection":[{"href":"https:\/\/vannangvn.123websitedev.com\/en\/wp-json\/wp\/v2\/product"}],"about":[{"href":"https:\/\/vannangvn.123websitedev.com\/en\/wp-json\/wp\/v2\/types\/product"}],"replies":[{"embeddable":true,"href":"https:\/\/vannangvn.123websitedev.com\/en\/wp-json\/wp\/v2\/comments?post=7716"}],"wp:attachment":[{"href":"https:\/\/vannangvn.123websitedev.com\/en\/wp-json\/wp\/v2\/media?parent=7716"}],"wp:term":[{"taxonomy":"product_brand","embeddable":true,"href":"https:\/\/vannangvn.123websitedev.com\/en\/wp-json\/wp\/v2\/product_brand?post=7716"},{"taxonomy":"product_cat","embeddable":true,"href":"https:\/\/vannangvn.123websitedev.com\/en\/wp-json\/wp\/v2\/product_cat?post=7716"},{"taxonomy":"product_tag","embeddable":true,"href":"https:\/\/vannangvn.123websitedev.com\/en\/wp-json\/wp\/v2\/product_tag?post=7716"}],"curies":[{"name":"wp","href":"https:\/\/api.w.org\/{rel}","templated":true}]}}