{"id":7719,"date":"2026-03-20T19:07:19","date_gmt":"2026-03-20T12:07:19","guid":{"rendered":"https:\/\/vannangvn.123websitedev.com\/san-pham\/sung-do-chieu-dai-soi-portable-yarn-tester-limying-model-b1-018a\/"},"modified":"2026-03-30T18:50:06","modified_gmt":"2026-03-30T11:50:06","slug":"sung-do-chieu-dai-soi-portable-yarn-tester-limying-model-b1-018a","status":"publish","type":"product","link":"https:\/\/vannangvn.123websitedev.com\/en\/product\/sung-do-chieu-dai-soi-portable-yarn-tester-limying-model-b1-018a\/","title":{"rendered":"S\u00daNG \u0110O CHI\u1ec0U D\u00c0I S\u1ee2I (PORTABLE YARN TESTER) LIMYING MODEL B1-018A"},"content":{"rendered":"<h1 style=\"color: red; font-weight: bold; font-size: 24px;\">T&#7893;ng quan s&#7843;n ph&#7849;m S&Uacute;NG &#272;O CHI&#7872;U D&Agrave;I S&#7906;I (PORTABLE YARN TESTER) LIMYING MODEL B1-018A<p>S&uacute;ng &#272;o Chi&#7873;u D&agrave;i S&#7907;i (Portable Yarn Tester) Limying Model B1-018A<\/p><p>Limying B1-018A kh&ocirc;ng ch&#7881; gi&uacute;p ki&#7875;m so&aacute;t ch&#7845;t l&#432;&#7907;ng s&#7907;i &#273;&#7847;u v&agrave;o m&agrave; c&ograve;n h&#7895; tr&#7907; theo d&otilde;i qu&aacute; tr&igrave;nh s&#7843;n xu&#7845;t, &#273;&#7843;m b&#7843;o s&#7843;n ph&#7849;m cu&#7889;i c&ugrave;ng &#273;&#7841;t chu&#7849;n. V&#7899;i S&uacute;ng &#272;o Chi&#7873;u D&agrave;i S&#7907;i B1-018A , doanh nghi&#7879;p c&oacute; th&#7875; gi&#7843;m thi&#7875;u sai s&oacute;t, ti&#7871;t ki&#7879;m th&#7901;i gian v&agrave; n&acirc;ng cao uy t&iacute;n tr&ecirc;n th&#7883; tr&#432;&#7901;ng.<\/p><div style=\"background-color: #f8fafc; border: 1px solid #e2e8f0; border-radius: 8px; padding: 25px; max-width: 800px; margin: 30px auto; color: #334155; line-height: 1.8; font-size: 17px; box-shadow: 0 4px 6px -1px rgba(0,0,0,0.05); text-align: left; clear: both;\">\nC&ocirc;ng ty TNHH Th&#432;&#417;ng M&#7841;i D&#7883;ch V&#7909; Thi&#7871;t B&#7883; C&ocirc;ng Ngh&#7879; V&#7841;n N&#259;ng\n<p style=\"margin: 0 0 10px 0;\">&#128205; <strong style=\"color: #1e293b;\">&#272;&#7883;a ch&#7881;:<\/strong> <a style=\"color: #059669; text-decoration: none; font-weight: bold;\" href=\"https:\/\/www.google.com\/maps\/search\/C%C3%B4ng+ty+TNHH+Th%C6%B0%C6%A1ng+M%E1%BA%A1i+D%E1%BB%8Bch+V%E1%BB%A5+Thi%E1%BA%BFt+B%E1%BB%8B+C%C3%B4ng+Ngh%E1%BB%87+V%E1%BA%A1n+N%C4%83ng+818+Tr%C6%B0%E1%BB%9Dng+Chinh\" target=\"_blank\" rel=\"noopener\">818 Tr&#432;&#7901;ng Chinh, Ph&#432;&#7901;ng T&acirc;n S&#417;n, Th&agrave;nh ph&#7889; H&#7891; Ch&iacute; Minh, Vi&#7879;t Nam<\/a><\/p>\n<p style=\"margin: 0 0 10px 0;\">&#128222; <strong style=\"color: #1e293b;\">S&#272;T &ndash; Zalo:<\/strong> <a style=\"color: #059669; text-decoration: none; font-weight: bold;\" href=\"https:\/\/zalo.me\/0903991335\" target=\"_blank\" rel=\"noopener\">0903 991 335<\/a> <span style=\"color: #64748b; font-style: italic;\">(Ms. H&#7841;nh &ndash; Gi&aacute;m &#272;&#7889;c Kinh Doanh)<\/span><\/p>\n<p style=\"margin: 0;\">&#9993;&#65039; <strong style=\"color: #1e293b;\">Email:<\/strong> <a style=\"color: #059669; text-decoration: none; font-weight: bold;\" href=\"mailto:hienhanh@vannangvn.com\">hienhanh@vannangvn.com<\/a><\/p>\n<\/div><\/h1>","protected":false},"excerpt":{"rendered":"<p><strong>Th&#432;&#417;ng hi&#7879;u:<\/strong> Limying<br>\n<strong>Model:<\/strong> B1-018A<p>Product <strong>S&Uacute;NG &#272;O CHI&#7872;U D&Agrave;I S&#7906;I (PORTABLE YARN TESTER) LIMYING MODEL B1-018A<\/strong> ch&iacute;nh h&atilde;ng. Limying&nbsp;(Taiwan)<br>\nS&uacute;ng &#272;o Chi&#7873;u D&agrave;i V&ograve;ng S&#7907;i&nbsp;B1-018A c&oacute; kh&#7843; n&#259;ng &#273;o chi&#7873;u d&agrave;i t&#7915; 1cm &#273;&#7871;n 99.999cm, ph&ugrave; h&#7907;p v&#7899;i m&#7885;i lo&#7841;i s&#7907;i. T&#7889;c &#273;&#7897; &#273;o nhanh (t&#7915; 1 gi&acirc;y &#273;&#7871;n 99 gi&acirc;y) v&agrave; s&#7917; d&#7909;ng pin 9V th&ocirc;ng d&#7909;ng gi&uacute;p t&#7889;i &#432;u h&oacute;a quy tr&igrave;nh l&agrave;m vi&#7879;c.<\/p><\/p>","protected":false},"featured_media":9701,"comment_status":"open","ping_status":"closed","template":"","meta":[],"product_brand":[],"product_cat":[18],"product_tag":[181,393,485,894,984,3128,3129,3130,3131,3132,116],"class_list":{"0":"post-7719","1":"product","2":"type-product","3":"status-publish","4":"has-post-thumbnail","6":"product_cat-chua-phan-loai","7":"product_tag-do","8":"product_tag-dai","9":"product_tag-chieu","10":"product_tag-soi","11":"product_tag-tester","12":"product_tag-sung","13":"product_tag-portable-2","14":"product_tag-yarn","15":"product_tag-limying","16":"product_tag-b1-018a","17":"product_tag-model","19":"first","20":"instock","21":"shipping-taxable","22":"product-type-simple"},"yoast_head":"<!-- This site is optimized with the Yoast SEO Premium plugin v24.8 (Yoast SEO v24.8) - https:\/\/yoast.com\/wordpress\/plugins\/seo\/ -->\n<title>S\u00daNG \u0110O CHI\u1ec0U D\u00c0I S\u1ee2I (PORTABLE YAR... ch\u00ednh h\u00e3ng | V\u1ea1n N\u0103ng<\/title>\n<meta name=\"description\" content=\"Mua ngay S\u00daNG \u0110O CHI\u1ec0U D\u00c0I S\u1ee2I (PORTABLE YARN TESTER) LIMYING MODEL B1-018A ch\u00ednh h\u00e3ng. S\u00fang \u0110o Chi\u1ec1u D\u00e0i V\u00f2ng S\u1ee3i B1-018A c\u00f3 kh\u1ea3... Gi\u00e1 t\u1ed1t!\" \/>\n<meta name=\"robots\" content=\"noindex, follow, max-snippet:-1, max-image-preview:large, max-video-preview:-1\" \/>\n<meta property=\"og:locale\" content=\"en_US\" \/>\n<meta property=\"og:type\" content=\"article\" \/>\n<meta property=\"og:title\" content=\"S\u00daNG \u0110O CHI\u1ec0U D\u00c0I S\u1ee2I (PORTABLE YARN TESTER) LIMYING MODEL B1-018A\" \/>\n<meta property=\"og:description\" content=\"Mua ngay S\u00daNG \u0110O CHI\u1ec0U D\u00c0I S\u1ee2I (PORTABLE YARN TESTER) LIMYING MODEL B1-018A ch\u00ednh h\u00e3ng. S\u00fang \u0110o Chi\u1ec1u D\u00e0i V\u00f2ng S\u1ee3i B1-018A c\u00f3 kh\u1ea3... Gi\u00e1 t\u1ed1t!\" \/>\n<meta property=\"og:url\" content=\"https:\/\/vannangvn.123websitedev.com\/en\/product\/sung-do-chieu-dai-soi-portable-yarn-tester-limying-model-b1-018a\/\" \/>\n<meta property=\"og:site_name\" content=\"Vannang.vn\" \/>\n<meta property=\"article:modified_time\" content=\"2026-03-30T11:50:06+00:00\" \/>\n<meta property=\"og:image\" content=\"http:\/\/vannangvn.123websitedev.com\/wp-content\/uploads\/2026\/03\/B1-018A-no.1-768x576-copy.jpg\" \/>\n\t<meta property=\"og:image:width\" content=\"768\" \/>\n\t<meta property=\"og:image:height\" content=\"576\" \/>\n\t<meta property=\"og:image:type\" content=\"image\/jpeg\" \/>\n<meta name=\"twitter:card\" content=\"summary_large_image\" \/>\n<meta name=\"twitter:label1\" content=\"Est. reading time\" \/>\n\t<meta name=\"twitter:data1\" content=\"1 minute\" \/>\n<script type=\"application\/ld+json\" class=\"yoast-schema-graph\">{\"@context\":\"https:\/\/schema.org\",\"@graph\":[{\"@type\":\"WebPage\",\"@id\":\"https:\/\/vannangvn.123websitedev.com\/san-pham\/sung-do-chieu-dai-soi-portable-yarn-tester-limying-model-b1-018a\/\",\"url\":\"https:\/\/vannangvn.123websitedev.com\/san-pham\/sung-do-chieu-dai-soi-portable-yarn-tester-limying-model-b1-018a\/\",\"name\":\"S\u00daNG \u0110O CHI\u1ec0U D\u00c0I S\u1ee2I (PORTABLE YAR... ch\u00ednh h\u00e3ng | V\u1ea1n N\u0103ng\",\"isPartOf\":{\"@id\":\"https:\/\/vannangvn.123websitedev.com\/#website\"},\"primaryImageOfPage\":{\"@id\":\"https:\/\/vannangvn.123websitedev.com\/san-pham\/sung-do-chieu-dai-soi-portable-yarn-tester-limying-model-b1-018a\/#primaryimage\"},\"image\":{\"@id\":\"https:\/\/vannangvn.123websitedev.com\/san-pham\/sung-do-chieu-dai-soi-portable-yarn-tester-limying-model-b1-018a\/#primaryimage\"},\"thumbnailUrl\":\"https:\/\/vannangvn.123websitedev.com\/wp-content\/uploads\/2026\/03\/B1-018A-no.1-768x576-copy.jpg\",\"datePublished\":\"2026-03-20T12:07:19+00:00\",\"dateModified\":\"2026-03-30T11:50:06+00:00\",\"description\":\"Mua ngay S\u00daNG \u0110O CHI\u1ec0U D\u00c0I S\u1ee2I (PORTABLE YARN TESTER) LIMYING MODEL B1-018A ch\u00ednh h\u00e3ng. S\u00fang \u0110o Chi\u1ec1u D\u00e0i V\u00f2ng S\u1ee3i B1-018A c\u00f3 kh\u1ea3... Gi\u00e1 t\u1ed1t!\",\"breadcrumb\":{\"@id\":\"https:\/\/vannangvn.123websitedev.com\/san-pham\/sung-do-chieu-dai-soi-portable-yarn-tester-limying-model-b1-018a\/#breadcrumb\"},\"inLanguage\":\"en-US\",\"potentialAction\":[{\"@type\":\"ReadAction\",\"target\":[\"https:\/\/vannangvn.123websitedev.com\/san-pham\/sung-do-chieu-dai-soi-portable-yarn-tester-limying-model-b1-018a\/\"]}]},{\"@type\":\"ImageObject\",\"inLanguage\":\"en-US\",\"@id\":\"https:\/\/vannangvn.123websitedev.com\/san-pham\/sung-do-chieu-dai-soi-portable-yarn-tester-limying-model-b1-018a\/#primaryimage\",\"url\":\"https:\/\/vannangvn.123websitedev.com\/wp-content\/uploads\/2026\/03\/B1-018A-no.1-768x576-copy.jpg\",\"contentUrl\":\"https:\/\/vannangvn.123websitedev.com\/wp-content\/uploads\/2026\/03\/B1-018A-no.1-768x576-copy.jpg\",\"width\":768,\"height\":576},{\"@type\":\"BreadcrumbList\",\"@id\":\"https:\/\/vannangvn.123websitedev.com\/san-pham\/sung-do-chieu-dai-soi-portable-yarn-tester-limying-model-b1-018a\/#breadcrumb\",\"itemListElement\":[{\"@type\":\"ListItem\",\"position\":1,\"name\":\"Trang ch\u1ee7\",\"item\":\"https:\/\/vannangvn.123websitedev.com\/\"},{\"@type\":\"ListItem\",\"position\":2,\"name\":\"S\u1ea3n ph\u1ea9m\",\"item\":\"https:\/\/vannangvn.123websitedev.com\/cua-hang\/\"},{\"@type\":\"ListItem\",\"position\":3,\"name\":\"S\u00daNG \u0110O CHI\u1ec0U D\u00c0I S\u1ee2I (PORTABLE YARN TESTER) LIMYING MODEL B1-018A\"}]},{\"@type\":\"WebSite\",\"@id\":\"https:\/\/vannangvn.123websitedev.com\/#website\",\"url\":\"https:\/\/vannangvn.123websitedev.com\/\",\"name\":\"Vannang.vn\",\"description\":\"\",\"publisher\":{\"@id\":\"https:\/\/vannangvn.123websitedev.com\/#organization\"},\"potentialAction\":[{\"@type\":\"SearchAction\",\"target\":{\"@type\":\"EntryPoint\",\"urlTemplate\":\"https:\/\/vannangvn.123websitedev.com\/?s={search_term_string}\"},\"query-input\":{\"@type\":\"PropertyValueSpecification\",\"valueRequired\":true,\"valueName\":\"search_term_string\"}}],\"inLanguage\":\"en-US\"},{\"@type\":\"Organization\",\"@id\":\"https:\/\/vannangvn.123websitedev.com\/#organization\",\"name\":\"Vannang.vn\",\"url\":\"https:\/\/vannangvn.123websitedev.com\/\",\"logo\":{\"@type\":\"ImageObject\",\"inLanguage\":\"en-US\",\"@id\":\"https:\/\/vannangvn.123websitedev.com\/#\/schema\/logo\/image\/\",\"url\":\"https:\/\/vannangvn.123websitedev.com\/wp-content\/uploads\/2026\/02\/logo-van-nang-02.png\",\"contentUrl\":\"https:\/\/vannangvn.123websitedev.com\/wp-content\/uploads\/2026\/02\/logo-van-nang-02.png\",\"width\":448,\"height\":111,\"caption\":\"Vannang.vn\"},\"image\":{\"@id\":\"https:\/\/vannangvn.123websitedev.com\/#\/schema\/logo\/image\/\"}}]}<\/script>\n<!-- \/ Yoast SEO Premium plugin. -->","yoast_head_json":{"title":"S\u00daNG \u0110O CHI\u1ec0U D\u00c0I S\u1ee2I (PORTABLE YAR... ch\u00ednh h\u00e3ng | V\u1ea1n N\u0103ng","description":"Mua ngay S\u00daNG \u0110O CHI\u1ec0U D\u00c0I S\u1ee2I (PORTABLE YARN TESTER) LIMYING MODEL B1-018A ch\u00ednh h\u00e3ng. S\u00fang \u0110o Chi\u1ec1u D\u00e0i V\u00f2ng S\u1ee3i B1-018A c\u00f3 kh\u1ea3... Gi\u00e1 t\u1ed1t!","robots":{"index":"noindex","follow":"follow","max-snippet":"max-snippet:-1","max-image-preview":"max-image-preview:large","max-video-preview":"max-video-preview:-1"},"og_locale":"en_US","og_type":"article","og_title":"S\u00daNG \u0110O CHI\u1ec0U D\u00c0I S\u1ee2I (PORTABLE YARN TESTER) LIMYING MODEL B1-018A","og_description":"Mua ngay S\u00daNG \u0110O CHI\u1ec0U D\u00c0I S\u1ee2I (PORTABLE YARN TESTER) LIMYING MODEL B1-018A ch\u00ednh h\u00e3ng. S\u00fang \u0110o Chi\u1ec1u D\u00e0i V\u00f2ng S\u1ee3i B1-018A c\u00f3 kh\u1ea3... Gi\u00e1 t\u1ed1t!","og_url":"https:\/\/vannangvn.123websitedev.com\/en\/product\/sung-do-chieu-dai-soi-portable-yarn-tester-limying-model-b1-018a\/","og_site_name":"Vannang.vn","article_modified_time":"2026-03-30T11:50:06+00:00","og_image":[{"width":768,"height":576,"url":"http:\/\/vannangvn.123websitedev.com\/wp-content\/uploads\/2026\/03\/B1-018A-no.1-768x576-copy.jpg","type":"image\/jpeg"}],"twitter_card":"summary_large_image","twitter_misc":{"Est. reading time":"1 minute"},"schema":{"@context":"https:\/\/schema.org","@graph":[{"@type":"WebPage","@id":"https:\/\/vannangvn.123websitedev.com\/san-pham\/sung-do-chieu-dai-soi-portable-yarn-tester-limying-model-b1-018a\/","url":"https:\/\/vannangvn.123websitedev.com\/san-pham\/sung-do-chieu-dai-soi-portable-yarn-tester-limying-model-b1-018a\/","name":"S\u00daNG \u0110O CHI\u1ec0U D\u00c0I S\u1ee2I (PORTABLE YAR... ch\u00ednh h\u00e3ng | V\u1ea1n N\u0103ng","isPartOf":{"@id":"https:\/\/vannangvn.123websitedev.com\/#website"},"primaryImageOfPage":{"@id":"https:\/\/vannangvn.123websitedev.com\/san-pham\/sung-do-chieu-dai-soi-portable-yarn-tester-limying-model-b1-018a\/#primaryimage"},"image":{"@id":"https:\/\/vannangvn.123websitedev.com\/san-pham\/sung-do-chieu-dai-soi-portable-yarn-tester-limying-model-b1-018a\/#primaryimage"},"thumbnailUrl":"https:\/\/vannangvn.123websitedev.com\/wp-content\/uploads\/2026\/03\/B1-018A-no.1-768x576-copy.jpg","datePublished":"2026-03-20T12:07:19+00:00","dateModified":"2026-03-30T11:50:06+00:00","description":"Mua ngay S\u00daNG \u0110O CHI\u1ec0U D\u00c0I S\u1ee2I (PORTABLE YARN TESTER) LIMYING MODEL B1-018A ch\u00ednh h\u00e3ng. S\u00fang \u0110o Chi\u1ec1u D\u00e0i V\u00f2ng S\u1ee3i B1-018A c\u00f3 kh\u1ea3... Gi\u00e1 t\u1ed1t!","breadcrumb":{"@id":"https:\/\/vannangvn.123websitedev.com\/san-pham\/sung-do-chieu-dai-soi-portable-yarn-tester-limying-model-b1-018a\/#breadcrumb"},"inLanguage":"en-US","potentialAction":[{"@type":"ReadAction","target":["https:\/\/vannangvn.123websitedev.com\/san-pham\/sung-do-chieu-dai-soi-portable-yarn-tester-limying-model-b1-018a\/"]}]},{"@type":"ImageObject","inLanguage":"en-US","@id":"https:\/\/vannangvn.123websitedev.com\/san-pham\/sung-do-chieu-dai-soi-portable-yarn-tester-limying-model-b1-018a\/#primaryimage","url":"https:\/\/vannangvn.123websitedev.com\/wp-content\/uploads\/2026\/03\/B1-018A-no.1-768x576-copy.jpg","contentUrl":"https:\/\/vannangvn.123websitedev.com\/wp-content\/uploads\/2026\/03\/B1-018A-no.1-768x576-copy.jpg","width":768,"height":576},{"@type":"BreadcrumbList","@id":"https:\/\/vannangvn.123websitedev.com\/san-pham\/sung-do-chieu-dai-soi-portable-yarn-tester-limying-model-b1-018a\/#breadcrumb","itemListElement":[{"@type":"ListItem","position":1,"name":"Trang ch\u1ee7","item":"https:\/\/vannangvn.123websitedev.com\/"},{"@type":"ListItem","position":2,"name":"S\u1ea3n ph\u1ea9m","item":"https:\/\/vannangvn.123websitedev.com\/cua-hang\/"},{"@type":"ListItem","position":3,"name":"S\u00daNG \u0110O CHI\u1ec0U D\u00c0I S\u1ee2I (PORTABLE YARN TESTER) LIMYING MODEL B1-018A"}]},{"@type":"WebSite","@id":"https:\/\/vannangvn.123websitedev.com\/#website","url":"https:\/\/vannangvn.123websitedev.com\/","name":"Vannang.vn","description":"","publisher":{"@id":"https:\/\/vannangvn.123websitedev.com\/#organization"},"potentialAction":[{"@type":"SearchAction","target":{"@type":"EntryPoint","urlTemplate":"https:\/\/vannangvn.123websitedev.com\/?s={search_term_string}"},"query-input":{"@type":"PropertyValueSpecification","valueRequired":true,"valueName":"search_term_string"}}],"inLanguage":"en-US"},{"@type":"Organization","@id":"https:\/\/vannangvn.123websitedev.com\/#organization","name":"Vannang.vn","url":"https:\/\/vannangvn.123websitedev.com\/","logo":{"@type":"ImageObject","inLanguage":"en-US","@id":"https:\/\/vannangvn.123websitedev.com\/#\/schema\/logo\/image\/","url":"https:\/\/vannangvn.123websitedev.com\/wp-content\/uploads\/2026\/02\/logo-van-nang-02.png","contentUrl":"https:\/\/vannangvn.123websitedev.com\/wp-content\/uploads\/2026\/02\/logo-van-nang-02.png","width":448,"height":111,"caption":"Vannang.vn"},"image":{"@id":"https:\/\/vannangvn.123websitedev.com\/#\/schema\/logo\/image\/"}}]}},"_links":{"self":[{"href":"https:\/\/vannangvn.123websitedev.com\/en\/wp-json\/wp\/v2\/product\/7719","targetHints":{"allow":["GET"]}}],"collection":[{"href":"https:\/\/vannangvn.123websitedev.com\/en\/wp-json\/wp\/v2\/product"}],"about":[{"href":"https:\/\/vannangvn.123websitedev.com\/en\/wp-json\/wp\/v2\/types\/product"}],"replies":[{"embeddable":true,"href":"https:\/\/vannangvn.123websitedev.com\/en\/wp-json\/wp\/v2\/comments?post=7719"}],"wp:featuredmedia":[{"embeddable":true,"href":"https:\/\/vannangvn.123websitedev.com\/en\/wp-json\/wp\/v2\/media\/9701"}],"wp:attachment":[{"href":"https:\/\/vannangvn.123websitedev.com\/en\/wp-json\/wp\/v2\/media?parent=7719"}],"wp:term":[{"taxonomy":"product_brand","embeddable":true,"href":"https:\/\/vannangvn.123websitedev.com\/en\/wp-json\/wp\/v2\/product_brand?post=7719"},{"taxonomy":"product_cat","embeddable":true,"href":"https:\/\/vannangvn.123websitedev.com\/en\/wp-json\/wp\/v2\/product_cat?post=7719"},{"taxonomy":"product_tag","embeddable":true,"href":"https:\/\/vannangvn.123websitedev.com\/en\/wp-json\/wp\/v2\/product_tag?post=7719"}],"curies":[{"name":"wp","href":"https:\/\/api.w.org\/{rel}","templated":true}]}}