{"id":7783,"date":"2026-03-20T19:08:57","date_gmt":"2026-03-20T12:08:57","guid":{"rendered":"https:\/\/vannangvn.123websitedev.com\/san-pham\/thiet-bi-do-do-chay-bot-chinh-xac-sames-model-as-100\/"},"modified":"2026-03-30T18:51:34","modified_gmt":"2026-03-30T11:51:34","slug":"thiet-bi-do-do-chay-bot-chinh-xac-sames-model-as-100","status":"publish","type":"product","link":"https:\/\/vannangvn.123websitedev.com\/en\/product\/thiet-bi-do-do-chay-bot-chinh-xac-sames-model-as-100\/","title":{"rendered":"THI\u1ebeT B\u1eca \u0110O \u0110\u1ed8 CH\u1ea2Y B\u1ed8T CH\u00cdNH X\u00c1C SAMES MODEL AS 100"},"content":{"rendered":"<h1 style=\"color: red; font-weight: bold; font-size: 24px;\">T&#7893;ng quan s&#7843;n ph&#7849;m THI&#7870;T B&#7882; &#272;O &#272;&#7896; CH&#7842;Y B&#7896;T CH&Iacute;NH X&Aacute;C SAMES MODEL AS 100<p>Thi&#7871;t B&#7883; &#272;o &#272;&#7897; Ch&#7843;y B&#7897;t Ch&iacute;nh X&aacute;c Sames Model AS 100<br>\nAS 100 l&agrave; thi&#7871;t b&#7883; &#273;o &#273;&#7897; ch&#7843;y c&#7911;a b&#7897;t &#273;&#432;&#7907;c thi&#7871;t k&#7871; &#273;&#7863;c bi&#7879;t &#273;&#7875; x&aacute;c &#273;&#7883;nh kh&#7843; n&#259;ng h&oacute;a l&#7887;ng v&agrave; &#273;&#7897; l&#432;u &#273;&#7897;ng c&#7911;a b&#7897;t s&#417;n trong kh&ocirc;ng kh&iacute;. Trong qu&aacute; tr&igrave;nh s&#417;n t&#297;nh &#273;i&#7879;n, b&#7897;t s&#417;n &#273;&#432;&#7907;c v&#7853;n chuy&#7875;n v&agrave; phun l&ecirc;n b&#7873; m&#7863;t v&#7853;t li&#7879;u b&#7857;ng c&aacute;ch treo l&#417; l&#7917;ng trong lu&#7891;ng kh&iacute; n&eacute;n. Tuy nhi&ecirc;n, kh&ocirc;ng ph&#7843;i lo&#7841;i b&#7897;t n&agrave;o c&#361;ng c&oacute; ph&#7843;n &#7913;ng gi&#7889;ng nhau khi &#273;&#432;&#7907;c &ldquo;fluid h&oacute;a&rdquo; &mdash; &#273;i&#7873;u n&agrave;y ph&#7909; thu&#7897;c v&agrave;o k&iacute;ch th&#432;&#7899;c h&#7841;t, &#273;&#7897; &#7849;m, c&ocirc;ng th&#7913;c pha ch&#7871; v&agrave; &#273;i&#7873;u ki&#7879;n l&#432;u tr&#7919;.<br>\nThi&#7871;t b&#7883; AS 100 &#273;&#432;&#7907;c xem l&agrave; chu&#7849;n tham chi&#7871;u trong c&aacute;c ph&ograve;ng th&iacute; nghi&#7879;m ph&aacute;t tri&#7875;n s&#417;n b&#7897;t, &#273;&#7891;ng th&#7901;i l&agrave; thi&#7871;t b&#7883; ti&ecirc;u chu&#7849;n &#273;&#7847;u ti&ecirc;n &#273;&#432;&#7907;c c&ocirc;ng nh&#7853;n trong ti&ecirc;u chu&#7849;n Ph&aacute;p (T30 A doc 396) cho &#7913;ng d&#7909;ng &#273;o &#273;&#7897; ch&#7843;y b&#7897;t trong c&ocirc;ng nghi&#7879;p s&#417;n t&#297;nh &#273;i&#7879;n. H&atilde;y c&ugrave;ng V&#7841;n N&#259;ng t&igrave;m hi&#7875;u chi ti&#7871;t h&#417;n v&#7873; s&#7843;n ph&#7849;m th&ocirc;ng qua b&agrave;i vi&#7871;t d&#432;&#7899;i &#273;&acirc;y nh&eacute;!<\/p><p>Nguy&ecirc;n L&yacute; Ho&#7841;t &#272;&#7897;ng C&#7911;a AS 100<\/p><p>M&aacute;y &#272;o &#272;&#7897; Ch&#7843;y B&#7897;t S&#417;n AS 100 v&#7853;n h&agrave;nh d&#7921;a tr&ecirc;n nguy&ecirc;n l&yacute; &#273;o kh&#7843; n&#259;ng fluid h&oacute;a c&#7911;a b&#7897;t khi ch&#7883;u t&aacute;c &#273;&#7897;ng c&#7911;a lu&#7891;ng kh&iacute; n&eacute;n. Khi d&ograve;ng kh&iacute; &#273;i qua l&#7899;p b&#7897;t, c&aacute;c h&#7841;t b&#7897;t &#273;&#432;&#7907;c n&acirc;ng l&ecirc;n v&agrave; chuy&#7875;n t&#7915; tr&#7841;ng th&aacute;i &ldquo;r&#7855;n t&#297;nh&rdquo; sang tr&#7841;ng th&aacute;i &ldquo;l&#7887;ng &#273;&#7897;ng&rdquo;, t&#7841;o n&ecirc;n chuy&#7875;n &#273;&#7897;ng &#273;&#7863;c tr&#432;ng.<br>\nThi&#7871;t b&#7883; &#273;o s&#7869; ghi nh&#7853;n th&#7901;i gian, t&#7889;c &#273;&#7897; v&agrave; ph&#7843;n &#7913;ng c&#7911;a h&#7841;t b&#7897;t trong qu&aacute; tr&igrave;nh n&agrave;y, t&#7915; &#273;&oacute; t&iacute;nh to&aacute;n ch&#7881; s&#7889; &#273;&#7897; ch&#7843;y. Nh&#7901; ph&#432;&#417;ng ph&aacute;p &#273;o tr&#7921;c quan v&agrave; t&#7921; &#273;&#7897;ng, M&aacute;y Ph&acirc;n T&iacute;ch &#272;&#7897; Ch&#7843;y B&#7897;t T&#7921; Do Sames AS 100 cho ph&eacute;p &#273;&aacute;nh gi&aacute; ch&iacute;nh x&aacute;c kh&#7843; n&#259;ng v&#7853;n chuy&#7875;n, phun v&agrave; ph&acirc;n t&aacute;n c&#7911;a b&#7897;t &mdash; y&#7871;u t&#7889; quy&#7871;t &#273;&#7883;nh &#273;&#7871;n &#273;&#7897; m&#7883;n v&agrave; &#273;&#7897; b&aacute;m c&#7911;a l&#7899;p s&#417;n t&#297;nh &#273;i&#7879;n.<\/p><p>&#7912;ng D&#7909;ng C&#7911;a AS 100 Trong C&ocirc;ng Nghi&#7879;p<br>\nThi&#7871;t b&#7883; &#273;o &#273;&#7897; ch&#7843;y AS 100 &#273;&#432;&#7907;c s&#7917; d&#7909;ng r&#7897;ng r&atilde;i trong nhi&#7873;u l&#297;nh v&#7921;c, &#273;&#7863;c bi&#7879;t l&agrave; c&ocirc;ng nghi&#7879;p s&#417;n b&#7897;t t&#297;nh &#273;i&#7879;n. C&#7909; th&#7875;:<br>\nTrong ph&ograve;ng th&iacute; nghi&#7879;m ph&aacute;t tri&#7875;n b&#7897;t<br>\nAS 100 l&agrave; thi&#7871;t b&#7883; tham chi&#7871;u chu&#7849;n &#273;&#7875; nghi&ecirc;n c&#7913;u, th&#7917; nghi&#7879;m v&agrave; t&#7889;i &#432;u c&ocirc;ng th&#7913;c b&#7897;t s&#417;n. C&aacute;c th&ocirc;ng s&#7889; thu &#273;&#432;&#7907;c gi&uacute;p nh&agrave; ph&aacute;t tri&#7875;n hi&#7875;u r&otilde; &#273;&#7863;c t&iacute;nh l&#432;u &#273;&#7897;ng c&#7911;a t&#7915;ng lo&#7841;i h&#7841;t, t&#7915; &#273;&oacute; c&#7843;i thi&#7879;n &#273;&#7897; ph&acirc;n t&aacute;n, &#273;&#7897; b&aacute;m v&agrave; t&iacute;nh &#7893;n &#273;&#7883;nh c&#7911;a s&#7843;n ph&#7849;m.<br>\nTrong ki&#7875;m so&aacute;t ch&#7845;t l&#432;&#7907;ng s&#7843;n xu&#7845;t<br>\nT&#7841;i c&aacute;c nh&agrave; m&aacute;y s&#7843;n xu&#7845;t s&#417;n t&#297;nh &#273;i&#7879;n, vi&#7879;c ki&#7875;m tra &#273;&#7897; ch&#7843;y c&#7911;a b&#7897;t b&#7857;ng AS 100 cho ph&eacute;p x&aacute;c &#273;&#7883;nh s&#7921; &#273;&#7891;ng nh&#7845;t gi&#7919;a c&aacute;c l&ocirc; s&#7843;n ph&#7849;m, &#273;&#7843;m b&#7843;o m&#7895;i m&#7867; b&#7897;t &#273;&#7873;u &#273;&aacute;p &#7913;ng ti&ecirc;u chu&#7849;n k&#7929; thu&#7853;t tr&#432;&#7899;c khi &#273;&#432;a v&agrave;o phun.<br>\nTrong v&#7853;n h&agrave;nh d&acirc;y chuy&#7873;n s&#417;n<br>\n&#272;&#7889;i v&#7899;i c&aacute;c k&#7929; s&#432; v&#7853;n h&agrave;nh, thi&#7871;t b&#7883; AS 100 gi&uacute;p &#273;i&#7873;u ch&#7881;nh th&ocirc;ng s&#7889; phun s&#417;n h&#7907;p l&yacute;, gi&#7843;m hi&#7879;n t&#432;&#7907;ng t&#7855;c s&uacute;ng ho&#7863;c kh&ocirc;ng &#273;&#7873;u l&#7899;p ph&#7911;. &#272;i&#7873;u n&agrave;y g&oacute;p ph&#7847;n t&#259;ng hi&#7879;u qu&#7843; s&#7843;n xu&#7845;t v&agrave; gi&#7843;m l&atilde;ng ph&iacute; nguy&ecirc;n li&#7879;u.<\/p><h2 style=\"color: #2e7d32; font-weight: bold; font-size: 20px;\">&#431;u &#272;i&#7875;m N&#7893;i B&#7853;t C&#7911;a AS 100<\/h2><p>Hi&#7879;u su&#7845;t &#273;o l&#432;&#7901;ng v&#432;&#7907;t tr&#7897;i<\/p><p>K&#7871;t qu&#7843; t&#7913;c th&igrave; v&agrave; ch&iacute;nh x&aacute;c:<br>\nThi&#7871;t b&#7883; cho ph&eacute;p ng&#432;&#7901;i d&ugrave;ng nh&#7853;n &#273;&#432;&#7907;c k&#7871;t qu&#7843; ch&#7881; trong v&agrave;i gi&acirc;y sau khi kh&#7903;i &#273;&#7897;ng. Sai s&#7889; th&#7845;p, &#273;&#7843;m b&#7843;o t&iacute;nh l&#7863;p l&#7841;i cao gi&#7919;a c&aacute;c l&#7847;n &#273;o.<br>\n&#272;o nhanh kh&#7843; n&#259;ng fluid h&oacute;a v&agrave; l&#432;u &#273;&#7897;ng c&#7911;a b&#7897;t:<br>\nGi&uacute;p ng&#432;&#7901;i v&#7853;n h&agrave;nh n&#7855;m b&#7855;t ngay kh&#7843; n&#259;ng phun v&agrave; v&#7853;n chuy&#7875;n c&#7911;a t&#7915;ng lo&#7841;i b&#7897;t s&#417;n kh&aacute;c nhau.<\/p><p>Thi&#7871;t k&#7871; nh&#7887; g&#7885;n v&agrave; d&#7877; s&#7917; d&#7909;ng<\/p><p>C&#7845;u tr&uacute;c nh&#7887; g&#7885;n: D&#7877; d&agrave;ng b&#7889; tr&iacute; tr&ecirc;n b&agrave;n th&iacute; nghi&#7879;m ho&#7863;c trong khu v&#7921;c ki&#7875;m tra t&#7841;i x&#432;&#7903;ng.<br>\nV&#7853;n h&agrave;nh &#273;&#417;n gi&#7843;n: Ng&#432;&#7901;i d&ugrave;ng ch&#7881; c&#7847;n n&#7841;p m&#7851;u, kh&#7903;i &#273;&#7897;ng v&agrave; theo d&otilde;i k&#7871;t qu&#7843;. Kh&ocirc;ng y&ecirc;u c&#7847;u k&#7929; n&#259;ng ph&#7913;c t&#7841;p.<br>\nKh&ocirc;ng c&#7847;n hi&#7879;u chu&#7849;n th&#432;&#7901;ng xuy&ecirc;n: Thi&#7871;t b&#7883; &#273;&#432;&#7907;c thi&#7871;t k&#7871; &#7893;n &#273;&#7883;nh, gi&uacute;p ti&#7871;t ki&#7879;m th&#7901;i gian b&#7843;o tr&igrave;.<\/p><p>T&#259;ng n&#259;ng su&#7845;t v&agrave; t&#7889;i &#432;u quy tr&igrave;nh<\/p><p>H&#7895; tr&#7907; x&aacute;c &#273;&#7883;nh th&ocirc;ng s&#7889; phun t&#7889;i &#432;u: AS 100 gi&uacute;p c&aacute;c k&#7929; s&#432; d&#7877; d&agrave;ng thi&#7871;t l&#7853;p th&ocirc;ng s&#7889; phun nh&#432; &aacute;p su&#7845;t kh&iacute;, l&#432;u l&#432;&#7907;ng v&agrave; t&#7889;c &#273;&#7897; phun ph&ugrave; h&#7907;p cho t&#7915;ng lo&#7841;i b&#7897;t.<br>\nQu&#7843;n l&yacute; ch&#7845;t l&#432;&#7907;ng l&ocirc; b&#7897;t:<br>\nGi&uacute;p ph&aacute;t hi&#7879;n nhanh s&#7921; thay &#273;&#7893;i trong c&ocirc;ng th&#7913;c ho&#7863;c &#273;&#7897; &#7849;m c&#7911;a b&#7897;t, t&#7915; &#273;&oacute; ki&#7875;m so&aacute;t &#273;&#7891;ng nh&#7845;t gi&#7919;a c&aacute;c l&ocirc; s&#7843;n ph&#7849;m.<\/p><p>T&iacute;nh b&#7873;n v&#7919;ng v&agrave; d&#7877; b&#7843;o tr&igrave;<\/p><p>D&#7877; d&agrave;ng v&#7879; sinh: C&aacute;c b&#7897; ph&#7853;n ti&#7871;p x&uacute;c v&#7899;i m&#7851;u &#273;&#432;&#7907;c thi&#7871;t k&#7871; tr&#417;n nh&#7861;n, d&#7877; l&agrave;m s&#7841;ch sau m&#7895;i l&#7847;n th&#7917;.<br>\nTi&#7871;t ki&#7879;m th&#7901;i gian trong giai &#273;o&#7841;n kh&#7903;i &#273;&#7897;ng d&acirc;y chuy&#7873;n m&#7899;i:<br>\nVi&#7879;c x&aacute;c &#273;&#7883;nh nhanh &#273;&#7897; ch&#7843;y c&#7911;a b&#7897;t gi&uacute;p r&uacute;t ng&#7855;n th&#7901;i gian th&#7917; nghi&#7879;m khi tri&#7875;n khai d&acirc;y chuy&#7873;n s&#417;n t&#297;nh &#273;i&#7879;n m&#7899;i ho&#7863;c thay &#273;&#7893;i m&agrave;u s&#417;n trong qu&aacute; tr&igrave;nh s&#7843;n xu&#7845;t.<\/p><p>Ti&ecirc;u chu&#7849;n v&agrave; ch&#7913;ng nh&#7853;n<br>\nThi&#7871;t B&#7883; Ki&#7875;m Tra Kh&#7843; N&#259;ng Ch&#7843;y B&#7897;t AS 100 l&agrave; thi&#7871;t b&#7883; &#273;&#7847;u ti&ecirc;n trong l&#297;nh v&#7921;c &#273;o &#273;&#7897; ch&#7843;y b&#7897;t &#273;&#432;&#7907;c c&ocirc;ng nh&#7853;n b&#7903;i ti&ecirc;u chu&#7849;n qu&#7889;c gia Ph&aacute;p &ndash; T30 A doc 396. &#272;i&#7873;u n&agrave;y ch&#7913;ng minh t&iacute;nh ch&iacute;nh x&aacute;c, &#273;&#7897; tin c&#7853;y v&agrave; gi&aacute; tr&#7883; &#7913;ng d&#7909;ng th&#7921;c ti&#7877;n c&#7911;a thi&#7871;t b&#7883; trong c&aacute;c ph&ograve;ng th&iacute; nghi&#7879;m v&agrave; nh&agrave; m&aacute;y s&#417;n b&#7897;t h&agrave;ng &#273;&#7847;u.<\/p><p>Nh&#7919;ng L&yacute; Do N&ecirc;n Mua Thi&#7871;t B&#7883; &#272;o &#272;&#7897; Ch&#7843;y B&#7897;t T&#7841;i Thi&#7871;t B&#7883; C&ocirc;ng Ngh&#7879; V&#7841;n N&#259;ng<\/p><p>C&ocirc;ng ty Thi&#7871;t B&#7883; C&ocirc;ng Ngh&#7879; V&#7841;n N&#259;ng l&agrave; &#273;&#7889;i t&aacute;c ch&iacute;nh th&#7913;c ph&acirc;n ph&#7889;i Thi&#7871;t B&#7883; &#272;o &#272;&#7897; Ch&#7843;y B&#7897;t h&agrave;ng &#273;&#7847;u t&#7841;i Vi&#7879;t Nam, cam k&#7871;t cung c&#7845;p s&#7843;n ph&#7849;m ch&iacute;nh h&atilde;ng v&#7899;i gi&aacute; c&#7843; c&#7841;nh tranh nh&#7845;t th&#7883; tr&#432;&#7901;ng. V&#7899;i uy t&iacute;n tr&ecirc;n th&#7883; tr&#432;&#7901;ng v&agrave; ch&#7871; &#273;&#7897; h&#7851;u m&atilde;i t&#7889;t, Thi&#7871;t B&#7883; C&ocirc;ng Ngh&#7879; V&#7841;n N&#259;ng &#273;&atilde; nh&#7853;n &#273;&#432;&#7907;c s&#7921; tin t&#432;&#7903;ng t&#7915; kh&aacute;ch h&agrave;ng nh&#7901; v&agrave;o ch&#7845;t l&#432;&#7907;ng h&agrave;ng &#273;&#7847;u c&#7911;a c&aacute;c d&ograve;ng s&#7843;n ph&#7849;m.<br>\nS&#7843;n ph&#7849;m c&#7911;a ch&uacute;ng t&ocirc;i &#273;&#432;&#7907;c ki&#7875;m &#273;&#7883;nh ch&#7845;t l&#432;&#7907;ng, nh&#7853;p kh&#7849;u tr&#7921;c ti&#7871;p t&#7915; nh&agrave; m&aacute;y b&ecirc;n Ch&acirc;u &Acirc;u, M&#7929;, &Uacute;c, Nh&#7853;t B&#7843;n,&hellip; v&agrave; &#273;&aacute;p &#7913;ng nhu c&#7847;u &#273;a d&#7841;ng c&#7911;a th&#7883; tr&#432;&#7901;ng nh&#432;: M&aacute;y &#272;o &#272;&#7897; C&#7913;ng, M&aacute;y SPECTROMAXx, M&aacute;y Ki&#7875;m Tra &#272;&#432;&#7901;ng Gh&eacute;p M&iacute; Lon,&hellip; Ch&uacute;ng t&ocirc;i cam k&#7871;t cung c&#7845;p s&#7843;n ph&#7849;m n&agrave;y tr&ecirc;n to&agrave;n qu&#7889;c v&#7899;i gi&aacute; c&#7843; c&#7841;nh tranh nh&#7845;t.<br>\nCh&uacute;ng t&ocirc;i c&oacute; &#273;&#7897;i ng&#361; chuy&ecirc;n vi&ecirc;n t&#432; v&#7845;n chuy&ecirc;n s&acirc;u s&#7869; h&#7895; tr&#7907; kh&aacute;ch h&agrave;ng v&#7873; chi ti&#7871;t s&#7843;n ph&#7849;m, h&#432;&#7899;ng d&#7851;n s&#7917; d&#7909;ng hay nh&#7919;ng th&#7913; li&ecirc;n quan &#273;&#7871;n v&#7845;n &#273;&#7873; m&agrave; doanh nghi&#7879;p b&#7841;n &#273;ang g&#7863;p ph&#7843;i. Ch&uacute;ng t&ocirc;i s&#7869; cung c&#7845;p nh&#7919;ng gi&#7843;i ph&aacute;p t&#7889;i &#432;u nh&#7845;t!<br>\nNgo&agrave;i ra Thi&#7871;t B&#7883; C&ocirc;ng Ngh&#7879; V&#7841;n N&#259;ng Ch&uacute;ng T&ocirc;i lu&ocirc;n h&#432;&#7899;ng &#273;&#7871;n tr&#7843;i nghi&#7879;m kh&aacute;ch h&agrave;ng, v&igrave; v&#7853;y ch&uacute;ng t&ocirc;i c&oacute; nh&#7919;ng ch&iacute;nh s&aacute;ch b&#7843;o h&agrave;nh, b&#7843;o tr&igrave; &ndash; b&#7843;o d&#432;&#7905;ng, hi&#7879;u chu&#7849;n v&#7899;i t&#7845;t c&#7843; c&aacute;c thi&#7871;t b&#7883;, m&aacute;y m&oacute;c m&agrave; ch&uacute;ng t&ocirc;i cung c&#7845;p. &#272;&#7843;m b&#7843;o mang &#273;&#7871;n cho Kh&aacute;ch h&agrave;ng s&#7921; y&ecirc;n t&acirc;m tuy&#7879;t &#273;&#7889;i v&#7873; d&#7883;ch v&#7909; khi mua h&agrave;ng.<\/p><p>T&#7893;ng K&#7871;t<br>\nV&#7899;i thi&#7871;t k&#7871; nh&#7887; g&#7885;n, v&#7853;n h&agrave;nh &#273;&#417;n gi&#7843;n, &#273;&#7897; ch&iacute;nh x&aacute;c cao v&agrave; kh&#7843; n&#259;ng &#273;o nhanh, Sames Model AS 100 kh&ocirc;ng ch&#7881; gi&uacute;p ki&#7875;m so&aacute;t ch&#7845;t l&#432;&#7907;ng b&#7897;t s&#417;n hi&#7879;u qu&#7843;, m&agrave; c&ograve;n t&#7889;i &#432;u h&oacute;a n&#259;ng su&#7845;t v&agrave; gi&#7843;m thi&#7875;u r&#7911;i ro trong s&#7843;n xu&#7845;t. H&atilde;y li&ecirc;n h&#7879; v&#7899;i V&#7841;n N&#259;ng Company &#273;&#7875; &#273;&#432;&#7907;c t&#432; v&#7845;n chi ti&#7871;t v&agrave; nh&#7853;n ngay &#432;u &#273;&atilde;i h&#7845;p d&#7851;n th&ocirc;ng qua hotline\/zalo: <a href=\"https:\/\/zalo.me\/0903991335\" target=\"_blank\" rel=\"noopener\" style=\"color: #059669; font-weight: bold; text-decoration: none;\">0903 991 335<\/a>!<\/p><div style=\"background-color: #f8fafc; border: 1px solid #e2e8f0; border-radius: 8px; padding: 25px; max-width: 800px; margin: 30px auto; color: #334155; line-height: 1.8; font-size: 17px; box-shadow: 0 4px 6px -1px rgba(0,0,0,0.05); text-align: left; clear: both;\">\nC&ocirc;ng ty TNHH Th&#432;&#417;ng M&#7841;i D&#7883;ch V&#7909; Thi&#7871;t B&#7883; C&ocirc;ng Ngh&#7879; V&#7841;n N&#259;ng\n<p style=\"margin: 0 0 10px 0;\">&#128205; <strong style=\"color: #1e293b;\">&#272;&#7883;a ch&#7881;:<\/strong> <a style=\"color: #059669; text-decoration: none; font-weight: bold;\" href=\"https:\/\/www.google.com\/maps\/search\/C%C3%B4ng+ty+TNHH+Th%C6%B0%C6%A1ng+M%E1%BA%A1i+D%E1%BB%8Bch+V%E1%BB%A5+Thi%E1%BA%BFt+B%E1%BB%8B+C%C3%B4ng+Ngh%E1%BB%87+V%E1%BA%A1n+N%C4%83ng+818+Tr%C6%B0%E1%BB%9Dng+Chinh\" target=\"_blank\" rel=\"noopener\">818 Tr&#432;&#7901;ng Chinh, Ph&#432;&#7901;ng T&acirc;n S&#417;n, Th&agrave;nh ph&#7889; H&#7891; Ch&iacute; Minh, Vi&#7879;t Nam<\/a><\/p>\n<p style=\"margin: 0 0 10px 0;\">&#128222; <strong style=\"color: #1e293b;\">S&#272;T &ndash; Zalo:<\/strong> <a style=\"color: #059669; text-decoration: none; font-weight: bold;\" href=\"https:\/\/zalo.me\/0903991335\" target=\"_blank\" rel=\"noopener\">0903 991 335<\/a> <span style=\"color: #64748b; font-style: italic;\">(Ms. H&#7841;nh &ndash; Gi&aacute;m &#272;&#7889;c Kinh Doanh)<\/span><\/p>\n<p style=\"margin: 0;\">&#9993;&#65039; <strong style=\"color: #1e293b;\">Email:<\/strong> <a style=\"color: #059669; text-decoration: none; font-weight: bold;\" href=\"mailto:hienhanh@vannangvn.com\">hienhanh@vannangvn.com<\/a><\/p>\n<\/div><\/h1>","protected":false},"excerpt":{"rendered":"<p><strong>Th&#432;&#417;ng hi&#7879;u:<\/strong> Sames<br>\n<strong>Model:<\/strong> AS 100<p>Product <strong>THI&#7870;T B&#7882; &#272;O &#272;&#7896; CH&#7842;Y B&#7896;T CH&Iacute;NH X&Aacute;C SAMES MODEL AS 100<\/strong> ch&iacute;nh h&atilde;ng. Sames (France)<br>\nThi&#7871;t B&#7883; &#272;o &#272;&#7897; Ch&#7843;y B&#7897;t Ch&iacute;nh X&aacute;c Sames Model AS 100 l&agrave; thi&#7871;t b&#7883; &#273;o &#273;&#7897; ch&#7843;y c&#7911;a b&#7897;t (powder fluidity measuring equipment) mang l&#7841;i k&#7871;t qu&#7843; nhanh, ch&iacute;nh x&aacute;c v&agrave; d&#7877; s&#7917; d&#7909;ng. Gi&#7843;i ph&aacute;p l&yacute; t&#432;&#7903;ng cho c&aacute;c ph&ograve;ng th&iacute; nghi&#7879;m ph&aacute;t tri&#7875;n s&#417;n b&#7897;t v&agrave; qu&#7843;n l&yacute; ch&#7845;t l&#432;&#7907;ng.<\/p><\/p>","protected":false},"featured_media":0,"comment_status":"open","ping_status":"closed","template":"","meta":[],"product_brand":[],"product_cat":[18],"product_tag":[116,181,351,768,769,771,964,965,1521,3219,3220],"class_list":{"0":"post-7783","1":"product","2":"type-product","3":"status-publish","5":"product_cat-chua-phan-loai","6":"product_tag-model","7":"product_tag-do","8":"product_tag-chay","9":"product_tag-thiet","10":"product_tag-bi","11":"product_tag-bot","12":"product_tag-chinh","13":"product_tag-xac","14":"product_tag-1521","15":"product_tag-sames","16":"product_tag-as","18":"first","19":"instock","20":"shipping-taxable","21":"product-type-simple"},"yoast_head":"<!-- This site is optimized with the Yoast SEO Premium plugin v24.8 (Yoast SEO v24.8) - https:\/\/yoast.com\/wordpress\/plugins\/seo\/ -->\n<title>THI\u1ebeT B\u1eca \u0110O \u0110\u1ed8 CH\u1ea2Y B\u1ed8T CH\u00cdNH X\u00c1C S... ch\u00ednh h\u00e3ng | V\u1ea1n N\u0103ng<\/title>\n<meta name=\"description\" content=\"Mua ngay THI\u1ebeT B\u1eca \u0110O \u0110\u1ed8 CH\u1ea2Y B\u1ed8T CH\u00cdNH X\u00c1C SAMES MODEL AS 100 ch\u00ednh h\u00e3ng. Thi\u1ebft B\u1ecb \u0110o \u0110\u1ed9 Ch\u1ea3y B\u1ed9t Ch\u00ednh X\u00e1c Sames Model AS 100 l\u00e0... Gi\u00e1 t\u1ed1t!\" \/>\n<meta name=\"robots\" content=\"noindex, follow, max-snippet:-1, max-image-preview:large, max-video-preview:-1\" \/>\n<meta property=\"og:locale\" content=\"en_US\" \/>\n<meta property=\"og:type\" content=\"article\" \/>\n<meta property=\"og:title\" content=\"THI\u1ebeT B\u1eca \u0110O \u0110\u1ed8 CH\u1ea2Y B\u1ed8T CH\u00cdNH X\u00c1C SAMES MODEL AS 100\" \/>\n<meta property=\"og:description\" content=\"Mua ngay THI\u1ebeT B\u1eca \u0110O \u0110\u1ed8 CH\u1ea2Y B\u1ed8T CH\u00cdNH X\u00c1C SAMES MODEL AS 100 ch\u00ednh h\u00e3ng. Thi\u1ebft B\u1ecb \u0110o \u0110\u1ed9 Ch\u1ea3y B\u1ed9t Ch\u00ednh X\u00e1c Sames Model AS 100 l\u00e0... Gi\u00e1 t\u1ed1t!\" \/>\n<meta property=\"og:url\" content=\"https:\/\/vannangvn.123websitedev.com\/en\/product\/thiet-bi-do-do-chay-bot-chinh-xac-sames-model-as-100\/\" \/>\n<meta property=\"og:site_name\" content=\"Vannang.vn\" \/>\n<meta property=\"article:modified_time\" content=\"2026-03-30T11:51:34+00:00\" \/>\n<meta name=\"twitter:card\" content=\"summary_large_image\" \/>\n<meta name=\"twitter:label1\" content=\"Est. reading time\" \/>\n\t<meta name=\"twitter:data1\" content=\"10 minutes\" \/>\n<script type=\"application\/ld+json\" class=\"yoast-schema-graph\">{\"@context\":\"https:\/\/schema.org\",\"@graph\":[{\"@type\":\"WebPage\",\"@id\":\"https:\/\/vannangvn.123websitedev.com\/san-pham\/thiet-bi-do-do-chay-bot-chinh-xac-sames-model-as-100\/\",\"url\":\"https:\/\/vannangvn.123websitedev.com\/san-pham\/thiet-bi-do-do-chay-bot-chinh-xac-sames-model-as-100\/\",\"name\":\"THI\u1ebeT B\u1eca \u0110O \u0110\u1ed8 CH\u1ea2Y B\u1ed8T CH\u00cdNH X\u00c1C S... ch\u00ednh h\u00e3ng | V\u1ea1n N\u0103ng\",\"isPartOf\":{\"@id\":\"https:\/\/vannangvn.123websitedev.com\/#website\"},\"datePublished\":\"2026-03-20T12:08:57+00:00\",\"dateModified\":\"2026-03-30T11:51:34+00:00\",\"description\":\"Mua ngay THI\u1ebeT B\u1eca \u0110O \u0110\u1ed8 CH\u1ea2Y B\u1ed8T CH\u00cdNH X\u00c1C SAMES MODEL AS 100 ch\u00ednh h\u00e3ng. Thi\u1ebft B\u1ecb \u0110o \u0110\u1ed9 Ch\u1ea3y B\u1ed9t Ch\u00ednh X\u00e1c Sames Model AS 100 l\u00e0... Gi\u00e1 t\u1ed1t!\",\"breadcrumb\":{\"@id\":\"https:\/\/vannangvn.123websitedev.com\/san-pham\/thiet-bi-do-do-chay-bot-chinh-xac-sames-model-as-100\/#breadcrumb\"},\"inLanguage\":\"en-US\",\"potentialAction\":[{\"@type\":\"ReadAction\",\"target\":[\"https:\/\/vannangvn.123websitedev.com\/san-pham\/thiet-bi-do-do-chay-bot-chinh-xac-sames-model-as-100\/\"]}]},{\"@type\":\"BreadcrumbList\",\"@id\":\"https:\/\/vannangvn.123websitedev.com\/san-pham\/thiet-bi-do-do-chay-bot-chinh-xac-sames-model-as-100\/#breadcrumb\",\"itemListElement\":[{\"@type\":\"ListItem\",\"position\":1,\"name\":\"Trang ch\u1ee7\",\"item\":\"https:\/\/vannangvn.123websitedev.com\/\"},{\"@type\":\"ListItem\",\"position\":2,\"name\":\"S\u1ea3n ph\u1ea9m\",\"item\":\"https:\/\/vannangvn.123websitedev.com\/cua-hang\/\"},{\"@type\":\"ListItem\",\"position\":3,\"name\":\"THI\u1ebeT B\u1eca \u0110O \u0110\u1ed8 CH\u1ea2Y B\u1ed8T CH\u00cdNH X\u00c1C SAMES MODEL AS 100\"}]},{\"@type\":\"WebSite\",\"@id\":\"https:\/\/vannangvn.123websitedev.com\/#website\",\"url\":\"https:\/\/vannangvn.123websitedev.com\/\",\"name\":\"Vannang.vn\",\"description\":\"\",\"publisher\":{\"@id\":\"https:\/\/vannangvn.123websitedev.com\/#organization\"},\"potentialAction\":[{\"@type\":\"SearchAction\",\"target\":{\"@type\":\"EntryPoint\",\"urlTemplate\":\"https:\/\/vannangvn.123websitedev.com\/?s={search_term_string}\"},\"query-input\":{\"@type\":\"PropertyValueSpecification\",\"valueRequired\":true,\"valueName\":\"search_term_string\"}}],\"inLanguage\":\"en-US\"},{\"@type\":\"Organization\",\"@id\":\"https:\/\/vannangvn.123websitedev.com\/#organization\",\"name\":\"Vannang.vn\",\"url\":\"https:\/\/vannangvn.123websitedev.com\/\",\"logo\":{\"@type\":\"ImageObject\",\"inLanguage\":\"en-US\",\"@id\":\"https:\/\/vannangvn.123websitedev.com\/#\/schema\/logo\/image\/\",\"url\":\"https:\/\/vannangvn.123websitedev.com\/wp-content\/uploads\/2026\/02\/logo-van-nang-02.png\",\"contentUrl\":\"https:\/\/vannangvn.123websitedev.com\/wp-content\/uploads\/2026\/02\/logo-van-nang-02.png\",\"width\":448,\"height\":111,\"caption\":\"Vannang.vn\"},\"image\":{\"@id\":\"https:\/\/vannangvn.123websitedev.com\/#\/schema\/logo\/image\/\"}}]}<\/script>\n<!-- \/ Yoast SEO Premium plugin. -->","yoast_head_json":{"title":"THI\u1ebeT B\u1eca \u0110O \u0110\u1ed8 CH\u1ea2Y B\u1ed8T CH\u00cdNH X\u00c1C S... ch\u00ednh h\u00e3ng | V\u1ea1n N\u0103ng","description":"Mua ngay THI\u1ebeT B\u1eca \u0110O \u0110\u1ed8 CH\u1ea2Y B\u1ed8T CH\u00cdNH X\u00c1C SAMES MODEL AS 100 ch\u00ednh h\u00e3ng. Thi\u1ebft B\u1ecb \u0110o \u0110\u1ed9 Ch\u1ea3y B\u1ed9t Ch\u00ednh X\u00e1c Sames Model AS 100 l\u00e0... Gi\u00e1 t\u1ed1t!","robots":{"index":"noindex","follow":"follow","max-snippet":"max-snippet:-1","max-image-preview":"max-image-preview:large","max-video-preview":"max-video-preview:-1"},"og_locale":"en_US","og_type":"article","og_title":"THI\u1ebeT B\u1eca \u0110O \u0110\u1ed8 CH\u1ea2Y B\u1ed8T CH\u00cdNH X\u00c1C SAMES MODEL AS 100","og_description":"Mua ngay THI\u1ebeT B\u1eca \u0110O \u0110\u1ed8 CH\u1ea2Y B\u1ed8T CH\u00cdNH X\u00c1C SAMES MODEL AS 100 ch\u00ednh h\u00e3ng. Thi\u1ebft B\u1ecb \u0110o \u0110\u1ed9 Ch\u1ea3y B\u1ed9t Ch\u00ednh X\u00e1c Sames Model AS 100 l\u00e0... Gi\u00e1 t\u1ed1t!","og_url":"https:\/\/vannangvn.123websitedev.com\/en\/product\/thiet-bi-do-do-chay-bot-chinh-xac-sames-model-as-100\/","og_site_name":"Vannang.vn","article_modified_time":"2026-03-30T11:51:34+00:00","twitter_card":"summary_large_image","twitter_misc":{"Est. reading time":"10 minutes"},"schema":{"@context":"https:\/\/schema.org","@graph":[{"@type":"WebPage","@id":"https:\/\/vannangvn.123websitedev.com\/san-pham\/thiet-bi-do-do-chay-bot-chinh-xac-sames-model-as-100\/","url":"https:\/\/vannangvn.123websitedev.com\/san-pham\/thiet-bi-do-do-chay-bot-chinh-xac-sames-model-as-100\/","name":"THI\u1ebeT B\u1eca \u0110O \u0110\u1ed8 CH\u1ea2Y B\u1ed8T CH\u00cdNH X\u00c1C S... ch\u00ednh h\u00e3ng | V\u1ea1n N\u0103ng","isPartOf":{"@id":"https:\/\/vannangvn.123websitedev.com\/#website"},"datePublished":"2026-03-20T12:08:57+00:00","dateModified":"2026-03-30T11:51:34+00:00","description":"Mua ngay THI\u1ebeT B\u1eca \u0110O \u0110\u1ed8 CH\u1ea2Y B\u1ed8T CH\u00cdNH X\u00c1C SAMES MODEL AS 100 ch\u00ednh h\u00e3ng. Thi\u1ebft B\u1ecb \u0110o \u0110\u1ed9 Ch\u1ea3y B\u1ed9t Ch\u00ednh X\u00e1c Sames Model AS 100 l\u00e0... Gi\u00e1 t\u1ed1t!","breadcrumb":{"@id":"https:\/\/vannangvn.123websitedev.com\/san-pham\/thiet-bi-do-do-chay-bot-chinh-xac-sames-model-as-100\/#breadcrumb"},"inLanguage":"en-US","potentialAction":[{"@type":"ReadAction","target":["https:\/\/vannangvn.123websitedev.com\/san-pham\/thiet-bi-do-do-chay-bot-chinh-xac-sames-model-as-100\/"]}]},{"@type":"BreadcrumbList","@id":"https:\/\/vannangvn.123websitedev.com\/san-pham\/thiet-bi-do-do-chay-bot-chinh-xac-sames-model-as-100\/#breadcrumb","itemListElement":[{"@type":"ListItem","position":1,"name":"Trang ch\u1ee7","item":"https:\/\/vannangvn.123websitedev.com\/"},{"@type":"ListItem","position":2,"name":"S\u1ea3n ph\u1ea9m","item":"https:\/\/vannangvn.123websitedev.com\/cua-hang\/"},{"@type":"ListItem","position":3,"name":"THI\u1ebeT B\u1eca \u0110O \u0110\u1ed8 CH\u1ea2Y B\u1ed8T CH\u00cdNH X\u00c1C SAMES MODEL AS 100"}]},{"@type":"WebSite","@id":"https:\/\/vannangvn.123websitedev.com\/#website","url":"https:\/\/vannangvn.123websitedev.com\/","name":"Vannang.vn","description":"","publisher":{"@id":"https:\/\/vannangvn.123websitedev.com\/#organization"},"potentialAction":[{"@type":"SearchAction","target":{"@type":"EntryPoint","urlTemplate":"https:\/\/vannangvn.123websitedev.com\/?s={search_term_string}"},"query-input":{"@type":"PropertyValueSpecification","valueRequired":true,"valueName":"search_term_string"}}],"inLanguage":"en-US"},{"@type":"Organization","@id":"https:\/\/vannangvn.123websitedev.com\/#organization","name":"Vannang.vn","url":"https:\/\/vannangvn.123websitedev.com\/","logo":{"@type":"ImageObject","inLanguage":"en-US","@id":"https:\/\/vannangvn.123websitedev.com\/#\/schema\/logo\/image\/","url":"https:\/\/vannangvn.123websitedev.com\/wp-content\/uploads\/2026\/02\/logo-van-nang-02.png","contentUrl":"https:\/\/vannangvn.123websitedev.com\/wp-content\/uploads\/2026\/02\/logo-van-nang-02.png","width":448,"height":111,"caption":"Vannang.vn"},"image":{"@id":"https:\/\/vannangvn.123websitedev.com\/#\/schema\/logo\/image\/"}}]}},"_links":{"self":[{"href":"https:\/\/vannangvn.123websitedev.com\/en\/wp-json\/wp\/v2\/product\/7783","targetHints":{"allow":["GET"]}}],"collection":[{"href":"https:\/\/vannangvn.123websitedev.com\/en\/wp-json\/wp\/v2\/product"}],"about":[{"href":"https:\/\/vannangvn.123websitedev.com\/en\/wp-json\/wp\/v2\/types\/product"}],"replies":[{"embeddable":true,"href":"https:\/\/vannangvn.123websitedev.com\/en\/wp-json\/wp\/v2\/comments?post=7783"}],"wp:attachment":[{"href":"https:\/\/vannangvn.123websitedev.com\/en\/wp-json\/wp\/v2\/media?parent=7783"}],"wp:term":[{"taxonomy":"product_brand","embeddable":true,"href":"https:\/\/vannangvn.123websitedev.com\/en\/wp-json\/wp\/v2\/product_brand?post=7783"},{"taxonomy":"product_cat","embeddable":true,"href":"https:\/\/vannangvn.123websitedev.com\/en\/wp-json\/wp\/v2\/product_cat?post=7783"},{"taxonomy":"product_tag","embeddable":true,"href":"https:\/\/vannangvn.123websitedev.com\/en\/wp-json\/wp\/v2\/product_tag?post=7783"}],"curies":[{"name":"wp","href":"https:\/\/api.w.org\/{rel}","templated":true}]}}