{"id":7820,"date":"2026-03-20T19:09:50","date_gmt":"2026-03-20T12:09:50","guid":{"rendered":"https:\/\/vannangvn.123websitedev.com\/san-pham\/thiet-bi-do-do-day-son-cao-cap-djh-model-fts-djh-2025-new\/"},"modified":"2026-03-30T18:52:24","modified_gmt":"2026-03-30T11:52:24","slug":"thiet-bi-do-do-day-son-cao-cap-djh-model-fts-djh-2025-new","status":"publish","type":"product","link":"https:\/\/vannangvn.123websitedev.com\/en\/product\/thiet-bi-do-do-day-son-cao-cap-djh-model-fts-djh-2025-new\/","title":{"rendered":"THI\u1ebeT B\u1eca \u0110O \u0110\u1ed8 D\u00c0Y S\u01a0N CAO C\u1ea4P DJH MODEL FTS-DJH 2025 (NEW)"},"content":{"rendered":"<h1 style=\"color: red; font-weight: bold; font-size: 24px;\">T&#7893;ng quan s&#7843;n ph&#7849;m THI&#7870;T B&#7882; &#272;O &#272;&#7896; D&Agrave;Y S&#416;N CAO C&#7844;P DJH MODEL FTS-DJH 2025 (NEW)<p>Thi&#7871;t B&#7883; &#272;o &#272;&#7897; D&agrave;y S&#417;n Cao C&#7845;p (ASTM D-5796 Multi-layer Dry Film Thickness Measurement System) DJH Model FTS-DJH 2025 (NEW)<br>\nDR-FTS l&agrave; thi&#7871;t b&#7883; &#273;o &#273;&#7897; d&agrave;y l&#7899;p ph&#7911; nhi&#7873;u l&#7899;p d&#7921;a tr&ecirc;n ph&#432;&#417;ng ph&aacute;p &#273;o ASTM D5796.<br>\n&#272;&#7891;ng th&#7901;i c&oacute; th&#7875; &#273;o &#273;&#7897; d&agrave;y c&#7911;a t&#7915;ng l&#7899;p b&#7857;ng c&aacute;ch ki&#7875;m tra tr&#7921;c ti&#7871;p c&aacute;c l&#7899;p g&#7891;m nhi&#7873;u l&#7899;p b&#7857;ng camera ccd.<br>\nKh&aacute;ch h&agrave;ng trong top &#273;&#7847;u ng&agrave;nh t&ocirc;n c&#7911;a ch&uacute;ng t&ocirc;i nh&#432;: T&#7852;P &#272;O&Agrave;N T&Ocirc;N HOA SEN, T&#7852;P &#272;O&Agrave;N T&Ocirc;N TH&Eacute;P H&Ograve;A PH&Aacute;T, T&Ocirc;N POMINA, YUNGCHI, KCC, AKASUNG, POSCO KR, PPG Korea, T&ocirc;n Th&eacute;p Bluescope, NOROO, SAMWA KOREA, NIPSEA CHEMICAL, UNION STEEL, PPH KOREA..etc<\/p><p>&#272;&#7863;c Tr&#432;ng C&#7911;a FTS-DJH<br>\nC&#7845;u h&igrave;nh DR-FTS<br>\n1) M&aacute;y khoan t&#7921; &#273;&#7897;ng<\/p><p>T&#7841;o l&#7895; khoan tr&ecirc;n m&#7851;u b&#7857;ng m&aacute;y khoan t&#7921; &#273;&#7897;ng.<\/p><p>2) H&#7879; th&#7889;ng quang h&#7885;c<\/p><p>S&#7889; h&oacute;a m&#7851;u b&#7857;ng c&aacute;ch s&#7917; d&#7909;ng XY Stage v&agrave; CCD Camera.<br>\n&#272;&#7897; ph&oacute;ng &#273;&#7841;i k&iacute;nh hi&#7875;n vi l&ecirc;n t&#7899;i 450 l&#7847;n<br>\nCamera CCD FHD<br>\nCon tr&#7887; m&#7909;c ti&ecirc;u laser<\/p><p>3) Ph&#7847;n m&#7873;m DR-VU<\/p><p>C&oacute; th&#7875; &#273;o 5 l&#7899;p ph&#7911; nhi&#7873;u l&#7899;p tr&#7903; l&ecirc;n c&ugrave;ng m&#7897;t l&uacute;c<br>\nB&aacute;o c&aacute;o Excel t&#7921; &#273;&#7897;ng<br>\nHi&#7879;u chu&#7849;n v&agrave; &#273;o l&#432;&#7901;ng d&#7877; d&agrave;ng<br>\n&#272;&#7897; ph&acirc;n gi&#7843;i: 0,01um<\/p><p>H&#7879; th&#7889;ng FTS-DJH g&#7891;m c&aacute;c ph&#7847;n ch&iacute;nh nh&#432; sau:<\/p><p>1\/ M&aacute;y khoan: t&#7921; &#273;&#7897;ng.<br>\n2\/ Ph&#7847;n m&#7873;m &#273;o &#273;&#7897; d&agrave;y v&agrave; b&aacute;o c&aacute;o k&#7871;t qu&#7843; phi&ecirc;n b&#7843;n m&#7899;i nh&#7845;t: ASTM D-5796.<br>\n3\/ H&#7879; th&#7889;ng k&iacute;nh hi&#7875;n vi: k&#7871;t n&#7889;i th&ocirc;ng qua m&aacute;y vi t&iacute;nh.<br>\n4\/ B&#7897; d&#7909;ng c&#7909; theo h&#7879; th&#7889;ng g&#7891;m: th&#432;&#7899;c chu&#7849;n cho k&iacute;nh hi&#7875;n vi &#273;&#7875; hi&#7879;u chu&#7849;n.<br>\n5\/ B&#7897; m&#361;i khoan g&#7891;m: 40 c&aacute;i, b&#7897; l&#7909;c gi&aacute;c v&agrave; d&#7909;ng c&#7909; l&agrave;m s&#7841;ch m&#361;i khoan.<br>\n6\/ H&#7879; th&#7889;ng m&aacute;y vi t&iacute;nh: Ram 32G, Intel Core i5-14400, m&agrave;n h&igrave;nh 32 inch, Win 10 Pro.<br>\n7\/ B&#7843;o h&agrave;nh: 2 n&#259;m.<\/p><p>Xem th&ecirc;m: M&#361;i Khoan &#272;o &#272;&#7897; D&agrave;y S&#417;n (Coating Drill) DJH Model S-BIT-CCS (New 2025)<\/p><h2 style=\"color: #0073aa; font-weight: bold; font-size: 20px;\">Chi ti&#7871;t thi&#7871;t b&#7883; ch&iacute;nh g&#7891;m:<\/h2><p>M&aacute;y khoan t&#7921; &#273;&#7897;ng<br>\n&ndash; M&aacute;y khoan c&oacute; th&#7875; &#273;i&#7873;u ch&#7881;nh &#273;&#7897; d&agrave;y m&#361;i khoan s&acirc;u xu&#7889;ng n&#7873;n th&eacute;p v&agrave; l&#7899;p ph&#7911; v&#7899;i 25um \/1 b&#432;&#7899;c<br>\n&ndash; M&agrave;n h&igrave;nh hi&#7875;n th&#7883; LCD<br>\n&ndash; &#272;i&#7879;n: AC 110 ~ 220 V &plusmn; 3%, 1 pha, 50 \/ 60Hz<\/p><p>H&#7879; th&#7889;ng k&iacute;nh ph&oacute;ng &#273;&#7841;i quang h&#7885;c v&#7899;i &#273;&egrave;n lazer x&aacute;c &#273;&#7883;nh l&#7895; khoan<br>\n&ndash; H&#7879; th&#7889;ng ph&oacute;ng to nh&#7887;<br>\n&ndash; H&#7879; th&#7889;ng &#273;&egrave;n lazer x&aacute;c &#273;inh m&#7909;c ti&ecirc;u l&#7893; m&#361;i khoan: 1ea<br>\n&ndash; Th&#432;&#7899;c th&#7911;y tinh h&#7895; tr&#7907; hi&#7879;u chu&#7849;n k&iacute;nh quang h&#7885;c: 1ea<br>\n&ndash; H&#7879; th&#7889;ng &#273;&egrave;n LED h&#7895; tr&#7907; &#273;&#7897; n&eacute;t m&#361;i khoan, gi&uacute;p ng&#432;&#7901;i xem d&#7877; nh&igrave;n<\/p><p>H&#7879; th&#7889;ng Camera HD CCD k&#7871;t n&#7889;i m&#7841;ng<br>\n&#272;&#7897; ph&acirc;n gi&#7843;i camera (T&#7889;i &#273;a 1264 x 964)<br>\n&#272;&#7897; ph&oacute;ng &#273;&#7841;i 300 l&#7847;n<br>\nPh&#7847;n m&#7873;m b&aacute;o c&aacute;o t&#7921; &#273;&#7897;ng ASTM D-5796 Excel<br>\n&#272;&#7897; ph&acirc;n gi&#7843;i: 0,01 micron<br>\nL&#7899;p &#273;o: 3-4 l&#7899;p<\/p><p>H&#7879; th&#7889;ng m&aacute;y vi t&iacute;nh Ram 32G, Intel Core i5-14400, m&agrave;n h&igrave;nh 32 inch, Win 10 Pro<br>\nXu&#7845;t x&#7913;: DJH H&agrave;n Qu&#7889;c<br>\nB&#7843;o h&agrave;nh: 2 N&#259;m t&#7915; ch&iacute;nh h&atilde;ng<\/p><p>Xem th&ecirc;m: M&aacute;y &#272;o T&#7927; Tr&#7885;ng C&#7847;m Tay (Handheld Density Meter) Anton Paar DMA 35 Basic<\/p><p>H&igrave;nh &#7842;nh K&#7871;t Qu&#7843; &#272;o C&#7911;a FTS-DJH<\/p><div style=\"background-color: #f8fafc; border: 1px solid #e2e8f0; border-radius: 8px; padding: 25px; max-width: 800px; margin: 30px auto; color: #334155; line-height: 1.8; font-size: 17px; box-shadow: 0 4px 6px -1px rgba(0,0,0,0.05); text-align: left; clear: both;\">\nC&ocirc;ng ty TNHH Th&#432;&#417;ng M&#7841;i D&#7883;ch V&#7909; Thi&#7871;t B&#7883; C&ocirc;ng Ngh&#7879; V&#7841;n N&#259;ng\n<p style=\"margin: 0 0 10px 0;\">&#128205; <strong style=\"color: #1e293b;\">&#272;&#7883;a ch&#7881;:<\/strong> <a style=\"color: #059669; text-decoration: none; font-weight: bold;\" href=\"https:\/\/www.google.com\/maps\/search\/C%C3%B4ng+ty+TNHH+Th%C6%B0%C6%A1ng+M%E1%BA%A1i+D%E1%BB%8Bch+V%E1%BB%A5+Thi%E1%BA%BFt+B%E1%BB%8B+C%C3%B4ng+Ngh%E1%BB%87+V%E1%BA%A1n+N%C4%83ng+818+Tr%C6%B0%E1%BB%9Dng+Chinh\" target=\"_blank\" rel=\"noopener\">818 Tr&#432;&#7901;ng Chinh, Ph&#432;&#7901;ng T&acirc;n S&#417;n, Th&agrave;nh ph&#7889; H&#7891; Ch&iacute; Minh, Vi&#7879;t Nam<\/a><\/p>\n<p style=\"margin: 0 0 10px 0;\">&#128222; <strong style=\"color: #1e293b;\">S&#272;T &ndash; Zalo:<\/strong> <a style=\"color: #059669; text-decoration: none; font-weight: bold;\" href=\"https:\/\/zalo.me\/0903991335\" target=\"_blank\" rel=\"noopener\">0903 991 335<\/a> <span style=\"color: #64748b; font-style: italic;\">(Ms. H&#7841;nh &ndash; Gi&aacute;m &#272;&#7889;c Kinh Doanh)<\/span><\/p>\n<p style=\"margin: 0;\">&#9993;&#65039; <strong style=\"color: #1e293b;\">Email:<\/strong> <a style=\"color: #059669; text-decoration: none; font-weight: bold;\" href=\"mailto:hienhanh@vannangvn.com\">hienhanh@vannangvn.com<\/a><\/p>\n<\/div><\/h1>","protected":false},"excerpt":{"rendered":"<p><strong>Th&#432;&#417;ng hi&#7879;u:<\/strong> Thi&#7871;t B&#7883; &#272;o &#272;&#7897; D&agrave;y S&#417;n Cao C&#7845;p DJH Model FTS-DJH l&agrave; m&#7897;t h&#7879; th&#7889;ng &#273;o &#273;&#7897; d&agrave;y l&#7899;p ph&#7911; &#273;a l&#7899;p ti&ecirc;n ti&#7871;n, &#273;&#432;&#7907;c thi&#7871;t k&#7871; &#273;&#7875; &#273;&aacute;p &#7913;ng nhu c&#7847;u ki&#7875;m tra ch&#7845;t l&#432;&#7907;ng kh&#7855;t khe trong ng&agrave;nh c&ocirc;ng nghi&#7879;p s&#417;n ph&#7911;. D&#7921;a tr&ecirc;n ph&#432;&#417;ng ph&aacute;p &#273;o ASTM D-5796, h&#7879; th&#7889;ng cho ph&eacute;p &#273;o ch&iacute;nh x&aacute;c &#273;&#7897; d&agrave;y c&#7911;a t&#7915;ng l&#7899;p s&#417;n trong m&#7897;t h&#7879; th&#7889;ng &#273;a l&#7899;p, &#273;&#7891;ng th&#7901;i cung c&#7845;p h&igrave;nh &#7843;nh tr&#7921;c quan th&ocirc;ng qua camera CCD &#273;&#7897; ph&acirc;n gi&#7843;i cao.<br>\n<strong>Model:<\/strong> FTS-DJH<p>Product <strong>THI&#7870;T B&#7882; &#272;O &#272;&#7896; D&Agrave;Y S&#416;N CAO C&#7844;P DJH MODEL FTS-DJH 2025 (NEW)<\/strong> ch&iacute;nh h&atilde;ng. Thi&#7871;t B&#7883; &#272;o &#272;&#7897; D&agrave;y S&#417;n Cao C&#7845;p DJH Model FTS-DJH l&agrave; m&#7897;t h&#7879; th&#7889;ng &#273;o &#273;&#7897; d&agrave;y l&#7899;p ph&#7911; &#273;a l&#7899;p ti&ecirc;n ti&#7871;n, &#273;&#432;&#7907;c thi&#7871;t k&#7871; &#273;&#7875; &#273;&aacute;p &#7913;ng nhu c&#7847;u ki&#7875;m tra ch&#7845;t l&#432;&#7907;ng kh&#7855;t khe trong ng&agrave;nh c&ocirc;ng nghi&#7879;p s&#417;n ph&#7911;. D&#7921;a tr&ecirc;n ph&#432;&#417;ng ph&aacute;p &#273;o ASTM D-5796, h&#7879; th&#7889;ng cho ph&eacute;p &#273;o ch&iacute;nh x&aacute;c &#273;&#7897; d&agrave;y c&#7911;a t&#7915;ng l&#7899;p s&#417;n trong m&#7897;t h&#7879; th&#7889;ng &#273;a l&#7899;p, &#273;&#7891;ng th&#7901;i cung c&#7845;p h&igrave;nh &#7843;nh tr&#7921;c quan th&ocirc;ng qua camera CCD &#273;&#7897; ph&acirc;n gi&#7843;i cao.<\/p><\/p>","protected":false},"featured_media":0,"comment_status":"open","ping_status":"closed","template":"","meta":[],"product_brand":[],"product_cat":[18],"product_tag":[103,106,116,181,217,329,375,768,769,3270,3271,3272],"class_list":{"0":"post-7820","1":"product","2":"type-product","3":"status-publish","5":"product_cat-chua-phan-loai","6":"product_tag-day","7":"product_tag-cap","8":"product_tag-model","9":"product_tag-do","10":"product_tag-son","11":"product_tag-cao","12":"product_tag-djh","13":"product_tag-thiet","14":"product_tag-bi","15":"product_tag-fts-djh","16":"product_tag-2025-3","17":"product_tag-new-2","19":"first","20":"instock","21":"shipping-taxable","22":"product-type-simple"},"yoast_head":"<!-- This site is optimized with the Yoast SEO Premium plugin v24.8 (Yoast SEO v24.8) - https:\/\/yoast.com\/wordpress\/plugins\/seo\/ -->\n<title>THI\u1ebeT B\u1eca \u0110O \u0110\u1ed8 D\u00c0Y S\u01a0N CAO C\u1ea4P DJH ... ch\u00ednh h\u00e3ng | V\u1ea1n N\u0103ng<\/title>\n<meta name=\"description\" content=\"Mua ngay THI\u1ebeT B\u1eca \u0110O \u0110\u1ed8 D\u00c0Y S\u01a0N CAO C\u1ea4P DJH MODEL FTS-DJH 2025 (NEW) ch\u00ednh h\u00e3ng. Gi\u00e1 t\u1ed1t!\" \/>\n<meta name=\"robots\" content=\"noindex, follow, max-snippet:-1, max-image-preview:large, max-video-preview:-1\" \/>\n<meta property=\"og:locale\" content=\"en_US\" \/>\n<meta property=\"og:type\" content=\"article\" \/>\n<meta property=\"og:title\" content=\"THI\u1ebeT B\u1eca \u0110O \u0110\u1ed8 D\u00c0Y S\u01a0N CAO C\u1ea4P DJH MODEL FTS-DJH 2025 (NEW)\" \/>\n<meta property=\"og:description\" content=\"Mua ngay THI\u1ebeT B\u1eca \u0110O \u0110\u1ed8 D\u00c0Y S\u01a0N CAO C\u1ea4P DJH MODEL FTS-DJH 2025 (NEW) ch\u00ednh h\u00e3ng. Gi\u00e1 t\u1ed1t!\" \/>\n<meta property=\"og:url\" content=\"https:\/\/vannangvn.123websitedev.com\/en\/product\/thiet-bi-do-do-day-son-cao-cap-djh-model-fts-djh-2025-new\/\" \/>\n<meta property=\"og:site_name\" content=\"Vannang.vn\" \/>\n<meta property=\"article:modified_time\" content=\"2026-03-30T11:52:24+00:00\" \/>\n<meta name=\"twitter:card\" content=\"summary_large_image\" \/>\n<meta name=\"twitter:label1\" content=\"Est. reading time\" \/>\n\t<meta name=\"twitter:data1\" content=\"4 minutes\" \/>\n<script type=\"application\/ld+json\" class=\"yoast-schema-graph\">{\"@context\":\"https:\/\/schema.org\",\"@graph\":[{\"@type\":\"WebPage\",\"@id\":\"https:\/\/vannangvn.123websitedev.com\/san-pham\/thiet-bi-do-do-day-son-cao-cap-djh-model-fts-djh-2025-new\/\",\"url\":\"https:\/\/vannangvn.123websitedev.com\/san-pham\/thiet-bi-do-do-day-son-cao-cap-djh-model-fts-djh-2025-new\/\",\"name\":\"THI\u1ebeT B\u1eca \u0110O \u0110\u1ed8 D\u00c0Y S\u01a0N CAO C\u1ea4P DJH ... ch\u00ednh h\u00e3ng | V\u1ea1n N\u0103ng\",\"isPartOf\":{\"@id\":\"https:\/\/vannangvn.123websitedev.com\/#website\"},\"datePublished\":\"2026-03-20T12:09:50+00:00\",\"dateModified\":\"2026-03-30T11:52:24+00:00\",\"description\":\"Mua ngay THI\u1ebeT B\u1eca \u0110O \u0110\u1ed8 D\u00c0Y S\u01a0N CAO C\u1ea4P DJH MODEL FTS-DJH 2025 (NEW) ch\u00ednh h\u00e3ng. Gi\u00e1 t\u1ed1t!\",\"breadcrumb\":{\"@id\":\"https:\/\/vannangvn.123websitedev.com\/san-pham\/thiet-bi-do-do-day-son-cao-cap-djh-model-fts-djh-2025-new\/#breadcrumb\"},\"inLanguage\":\"en-US\",\"potentialAction\":[{\"@type\":\"ReadAction\",\"target\":[\"https:\/\/vannangvn.123websitedev.com\/san-pham\/thiet-bi-do-do-day-son-cao-cap-djh-model-fts-djh-2025-new\/\"]}]},{\"@type\":\"BreadcrumbList\",\"@id\":\"https:\/\/vannangvn.123websitedev.com\/san-pham\/thiet-bi-do-do-day-son-cao-cap-djh-model-fts-djh-2025-new\/#breadcrumb\",\"itemListElement\":[{\"@type\":\"ListItem\",\"position\":1,\"name\":\"Trang ch\u1ee7\",\"item\":\"https:\/\/vannangvn.123websitedev.com\/\"},{\"@type\":\"ListItem\",\"position\":2,\"name\":\"S\u1ea3n ph\u1ea9m\",\"item\":\"https:\/\/vannangvn.123websitedev.com\/cua-hang\/\"},{\"@type\":\"ListItem\",\"position\":3,\"name\":\"THI\u1ebeT B\u1eca \u0110O \u0110\u1ed8 D\u00c0Y S\u01a0N CAO C\u1ea4P DJH MODEL FTS-DJH 2025 (NEW)\"}]},{\"@type\":\"WebSite\",\"@id\":\"https:\/\/vannangvn.123websitedev.com\/#website\",\"url\":\"https:\/\/vannangvn.123websitedev.com\/\",\"name\":\"Vannang.vn\",\"description\":\"\",\"publisher\":{\"@id\":\"https:\/\/vannangvn.123websitedev.com\/#organization\"},\"potentialAction\":[{\"@type\":\"SearchAction\",\"target\":{\"@type\":\"EntryPoint\",\"urlTemplate\":\"https:\/\/vannangvn.123websitedev.com\/?s={search_term_string}\"},\"query-input\":{\"@type\":\"PropertyValueSpecification\",\"valueRequired\":true,\"valueName\":\"search_term_string\"}}],\"inLanguage\":\"en-US\"},{\"@type\":\"Organization\",\"@id\":\"https:\/\/vannangvn.123websitedev.com\/#organization\",\"name\":\"Vannang.vn\",\"url\":\"https:\/\/vannangvn.123websitedev.com\/\",\"logo\":{\"@type\":\"ImageObject\",\"inLanguage\":\"en-US\",\"@id\":\"https:\/\/vannangvn.123websitedev.com\/#\/schema\/logo\/image\/\",\"url\":\"https:\/\/vannangvn.123websitedev.com\/wp-content\/uploads\/2026\/02\/logo-van-nang-02.png\",\"contentUrl\":\"https:\/\/vannangvn.123websitedev.com\/wp-content\/uploads\/2026\/02\/logo-van-nang-02.png\",\"width\":448,\"height\":111,\"caption\":\"Vannang.vn\"},\"image\":{\"@id\":\"https:\/\/vannangvn.123websitedev.com\/#\/schema\/logo\/image\/\"}}]}<\/script>\n<!-- \/ Yoast SEO Premium plugin. -->","yoast_head_json":{"title":"THI\u1ebeT B\u1eca \u0110O \u0110\u1ed8 D\u00c0Y S\u01a0N CAO C\u1ea4P DJH ... ch\u00ednh h\u00e3ng | V\u1ea1n N\u0103ng","description":"Mua ngay THI\u1ebeT B\u1eca \u0110O \u0110\u1ed8 D\u00c0Y S\u01a0N CAO C\u1ea4P DJH MODEL FTS-DJH 2025 (NEW) ch\u00ednh h\u00e3ng. Gi\u00e1 t\u1ed1t!","robots":{"index":"noindex","follow":"follow","max-snippet":"max-snippet:-1","max-image-preview":"max-image-preview:large","max-video-preview":"max-video-preview:-1"},"og_locale":"en_US","og_type":"article","og_title":"THI\u1ebeT B\u1eca \u0110O \u0110\u1ed8 D\u00c0Y S\u01a0N CAO C\u1ea4P DJH MODEL FTS-DJH 2025 (NEW)","og_description":"Mua ngay THI\u1ebeT B\u1eca \u0110O \u0110\u1ed8 D\u00c0Y S\u01a0N CAO C\u1ea4P DJH MODEL FTS-DJH 2025 (NEW) ch\u00ednh h\u00e3ng. Gi\u00e1 t\u1ed1t!","og_url":"https:\/\/vannangvn.123websitedev.com\/en\/product\/thiet-bi-do-do-day-son-cao-cap-djh-model-fts-djh-2025-new\/","og_site_name":"Vannang.vn","article_modified_time":"2026-03-30T11:52:24+00:00","twitter_card":"summary_large_image","twitter_misc":{"Est. reading time":"4 minutes"},"schema":{"@context":"https:\/\/schema.org","@graph":[{"@type":"WebPage","@id":"https:\/\/vannangvn.123websitedev.com\/san-pham\/thiet-bi-do-do-day-son-cao-cap-djh-model-fts-djh-2025-new\/","url":"https:\/\/vannangvn.123websitedev.com\/san-pham\/thiet-bi-do-do-day-son-cao-cap-djh-model-fts-djh-2025-new\/","name":"THI\u1ebeT B\u1eca \u0110O \u0110\u1ed8 D\u00c0Y S\u01a0N CAO C\u1ea4P DJH ... ch\u00ednh h\u00e3ng | V\u1ea1n N\u0103ng","isPartOf":{"@id":"https:\/\/vannangvn.123websitedev.com\/#website"},"datePublished":"2026-03-20T12:09:50+00:00","dateModified":"2026-03-30T11:52:24+00:00","description":"Mua ngay THI\u1ebeT B\u1eca \u0110O \u0110\u1ed8 D\u00c0Y S\u01a0N CAO C\u1ea4P DJH MODEL FTS-DJH 2025 (NEW) ch\u00ednh h\u00e3ng. Gi\u00e1 t\u1ed1t!","breadcrumb":{"@id":"https:\/\/vannangvn.123websitedev.com\/san-pham\/thiet-bi-do-do-day-son-cao-cap-djh-model-fts-djh-2025-new\/#breadcrumb"},"inLanguage":"en-US","potentialAction":[{"@type":"ReadAction","target":["https:\/\/vannangvn.123websitedev.com\/san-pham\/thiet-bi-do-do-day-son-cao-cap-djh-model-fts-djh-2025-new\/"]}]},{"@type":"BreadcrumbList","@id":"https:\/\/vannangvn.123websitedev.com\/san-pham\/thiet-bi-do-do-day-son-cao-cap-djh-model-fts-djh-2025-new\/#breadcrumb","itemListElement":[{"@type":"ListItem","position":1,"name":"Trang ch\u1ee7","item":"https:\/\/vannangvn.123websitedev.com\/"},{"@type":"ListItem","position":2,"name":"S\u1ea3n ph\u1ea9m","item":"https:\/\/vannangvn.123websitedev.com\/cua-hang\/"},{"@type":"ListItem","position":3,"name":"THI\u1ebeT B\u1eca \u0110O \u0110\u1ed8 D\u00c0Y S\u01a0N CAO C\u1ea4P DJH MODEL FTS-DJH 2025 (NEW)"}]},{"@type":"WebSite","@id":"https:\/\/vannangvn.123websitedev.com\/#website","url":"https:\/\/vannangvn.123websitedev.com\/","name":"Vannang.vn","description":"","publisher":{"@id":"https:\/\/vannangvn.123websitedev.com\/#organization"},"potentialAction":[{"@type":"SearchAction","target":{"@type":"EntryPoint","urlTemplate":"https:\/\/vannangvn.123websitedev.com\/?s={search_term_string}"},"query-input":{"@type":"PropertyValueSpecification","valueRequired":true,"valueName":"search_term_string"}}],"inLanguage":"en-US"},{"@type":"Organization","@id":"https:\/\/vannangvn.123websitedev.com\/#organization","name":"Vannang.vn","url":"https:\/\/vannangvn.123websitedev.com\/","logo":{"@type":"ImageObject","inLanguage":"en-US","@id":"https:\/\/vannangvn.123websitedev.com\/#\/schema\/logo\/image\/","url":"https:\/\/vannangvn.123websitedev.com\/wp-content\/uploads\/2026\/02\/logo-van-nang-02.png","contentUrl":"https:\/\/vannangvn.123websitedev.com\/wp-content\/uploads\/2026\/02\/logo-van-nang-02.png","width":448,"height":111,"caption":"Vannang.vn"},"image":{"@id":"https:\/\/vannangvn.123websitedev.com\/#\/schema\/logo\/image\/"}}]}},"_links":{"self":[{"href":"https:\/\/vannangvn.123websitedev.com\/en\/wp-json\/wp\/v2\/product\/7820","targetHints":{"allow":["GET"]}}],"collection":[{"href":"https:\/\/vannangvn.123websitedev.com\/en\/wp-json\/wp\/v2\/product"}],"about":[{"href":"https:\/\/vannangvn.123websitedev.com\/en\/wp-json\/wp\/v2\/types\/product"}],"replies":[{"embeddable":true,"href":"https:\/\/vannangvn.123websitedev.com\/en\/wp-json\/wp\/v2\/comments?post=7820"}],"wp:attachment":[{"href":"https:\/\/vannangvn.123websitedev.com\/en\/wp-json\/wp\/v2\/media?parent=7820"}],"wp:term":[{"taxonomy":"product_brand","embeddable":true,"href":"https:\/\/vannangvn.123websitedev.com\/en\/wp-json\/wp\/v2\/product_brand?post=7820"},{"taxonomy":"product_cat","embeddable":true,"href":"https:\/\/vannangvn.123websitedev.com\/en\/wp-json\/wp\/v2\/product_cat?post=7820"},{"taxonomy":"product_tag","embeddable":true,"href":"https:\/\/vannangvn.123websitedev.com\/en\/wp-json\/wp\/v2\/product_tag?post=7820"}],"curies":[{"name":"wp","href":"https:\/\/api.w.org\/{rel}","templated":true}]}}