{"id":7857,"date":"2026-03-20T19:10:42","date_gmt":"2026-03-20T12:10:42","guid":{"rendered":"https:\/\/vannangvn.123websitedev.com\/san-pham\/thiet-bi-ghi-du-lieu-nhiet-do-va-do-am-pce-instruments-model-pce-ht-71n\/"},"modified":"2026-03-30T18:53:16","modified_gmt":"2026-03-30T11:53:16","slug":"thiet-bi-ghi-du-lieu-nhiet-do-va-do-am-pce-instruments-model-pce-ht-71n","status":"publish","type":"product","link":"https:\/\/vannangvn.123websitedev.com\/en\/product\/thiet-bi-ghi-du-lieu-nhiet-do-va-do-am-pce-instruments-model-pce-ht-71n\/","title":{"rendered":"THI\u1ebeT B\u1eca GHI D\u1eee LI\u1ec6U NHI\u1ec6T \u0110\u1ed8 V\u00c0 \u0110\u1ed8 \u1ea8M PCE INSTRUMENTS MODEL PCE-HT 71N"},"content":{"rendered":"<h1 style=\"color: red; font-weight: bold; font-size: 24px;\">T&#7893;ng quan s&#7843;n ph&#7849;m THI&#7870;T B&#7882; GHI D&#7918; LI&#7878;U NHI&#7878;T &#272;&#7896; V&Agrave; &#272;&#7896; &#7848;M PCE INSTRUMENTS MODEL PCE-HT 71N<p>Thi&#7871;t B&#7883; Ghi D&#7919; Li&#7879;u Nhi&#7879;t &#272;&#7897; v&agrave; &#272;&#7897; &#7848;m (Data Logger for Temperature and Humidity) PCE Instruments Model PCE-HT 71N<br>\nThi&#7871;t B&#7883; Ghi D&#7919; Li&#7879;u PCE-HT 71N l&agrave; thi&#7871;t b&#7883; l&yacute; t&#432;&#7903;ng d&agrave;nh cho c&aacute;c doanh nghi&#7879;p v&agrave; c&aacute; nh&acirc;n c&#7847;n ki&#7875;m so&aacute;t v&agrave; ghi l&#7841;i c&aacute;c th&ocirc;ng s&#7889; m&ocirc;i tr&#432;&#7901;ng. V&#7899;i thi&#7871;t k&#7871; nh&#7887; g&#7885;n, dung l&#432;&#7907;ng l&#432;u tr&#7919; l&#7899;n (32.000 gi&aacute; tr&#7883;: 16.000 cho m&#7895;i th&ocirc;ng s&#7889;), v&agrave; t&iacute;nh n&#259;ng ph&acirc;n t&iacute;ch d&#7919; li&#7879;u chuy&ecirc;n s&acirc;u, Data Logger PCE-HT 71N l&agrave; l&#7921;a ch&#7885;n ho&agrave;n h&#7843;o &#273;&#7875; s&#7917; d&#7909;ng trong c&aacute;c l&#297;nh v&#7921;c nh&#432;: t&#7911; l&#7841;nh si&ecirc;u th&#7883;, v&#7853;n chuy&#7875;n h&agrave;ng h&oacute;a &#273;&ocirc;ng l&#7841;nh, kho b&atilde;i, c&aacute;c m&ocirc;i tr&#432;&#7901;ng ki&#7875;m so&aacute;t nhi&#7879;t &#273;&#7897; v&agrave; &#273;&#7897; &#7849;m kh&aacute;c. H&atilde;y c&ugrave;ng V&#7841;n N&#259;ng t&igrave;m hi&#7875;u chi ti&#7871;t h&#417;n v&#7873; s&#7843;n ph&#7849;m th&ocirc;ng qua b&agrave;i vi&#7871;t d&#432;&#7899;i &#273;&acirc;y!<\/p><h2 style=\"color: #2e7d32; font-weight: bold; font-size: 20px;\">T&iacute;nh N&#259;ng N&#7893;i B&#7853;t C&#7911;a PCE-HT 71N<\/h2><p>Dung l&#432;&#7907;ng l&#432;u tr&#7919; l&#7899;n<\/p><p>M&aacute;y Ghi D&#7919; Li&#7879;u PCE-HT 71N l&#432;u tr&#7919; &#273;&#7871;n 32.000 gi&aacute; tr&#7883;.<br>\nGhi nh&#7853;n ch&iacute;nh x&aacute;c c&#7843; nhi&#7879;t &#273;&#7897; v&agrave; &#273;&#7897; &#7849;m m&ocirc;i tr&#432;&#7901;ng.<\/p><p>C&#7893;ng k&#7871;t n&#7889;i USB<\/p><p>D&#7877; d&agrave;ng truy&#7873;n d&#7919; li&#7879;u sang m&aacute;y t&iacute;nh ho&#7863;c laptop &#273;&#7875; ph&acirc;n t&iacute;ch.<\/p><h2 style=\"color: #0073aa; font-weight: bold; font-size: 20px;\">T&#432;&#417;ng th&iacute;ch v&#7899;i ph&#7847;n m&#7873;m t&iacute;nh to&aacute;n &#273;i&#7875;m s&#432;&#417;ng v&agrave; ph&acirc;n t&iacute;ch chi ti&#7871;t d&#7919; li&#7879;u.<\/h2><p>Ph&#7847;n m&#7873;m chuy&ecirc;n d&#7909;ng<\/p><h2 style=\"color: #0073aa; font-weight: bold; font-size: 20px;\">&#272;i k&egrave;m ph&#7847;n m&#7873;m t&iacute;nh to&aacute;n &#273;i&#7875;m s&#432;&#417;ng, h&#7895; tr&#7907; ph&acirc;n t&iacute;ch d&#7919; li&#7879;u tr&#7921;c quan v&agrave; chi ti&#7871;t.<\/h2><p>L&#7853;p k&#7871; ho&#7841;ch &#273;o l&#432;&#7901;ng th&ocirc;ng qua t&iacute;nh n&#259;ng h&#7865;n gi&#7901; ho&#7863;c &#273;i&#7873;u ch&#7881;nh th&#7901;i gian l&#7845;y m&#7851;u linh ho&#7841;t (2 gi&acirc;y &#273;&#7871;n 24 gi&#7901;).<\/p><p>Ngu&#7891;n pin l&acirc;u d&agrave;i<\/p><p>PCE-HT 71N s&#7917; d&#7909;ng pin lithium 3.6V c&oacute; th&#7875; thay th&#7871;, th&#7901;i gian s&#7917; d&#7909;ng l&ecirc;n &#273;&#7871;n 1 n&#259;m.<br>\nC&ocirc;ng ngh&#7879; EEPROM kh&ocirc;ng m&#7845;t d&#7919; li&#7879;u ngay c&#7843; khi h&#7871;t pin.<\/p><p>&#272;a d&#7841;ng &#7913;ng d&#7909;ng<\/p><p>Ph&ugrave; h&#7907;p v&#7899;i nhi&#7873;u l&#297;nh v&#7921;c y&ecirc;u c&#7847;u ki&#7875;m so&aacute;t ch&#7863;t ch&#7869; nhi&#7879;t &#273;&#7897; v&agrave; &#273;&#7897; &#7849;m.<br>\nC&oacute; &#273;&egrave;n LED b&aacute;o hi&#7879;u tr&#7841;ng th&aacute;i v&agrave; c&#7843;nh b&aacute;o khi v&#432;&#7907;t ng&#432;&#7905;ng c&agrave;i &#273;&#7863;t.<\/p><p>&#431;u &#272;i&#7875;m V&#432;&#7907;t Tr&#7897;i C&#7911;a PCE-HT 71N<\/p><p>Qu&#7843;n l&yacute; m&ocirc;i tr&#432;&#7901;ng t&#7889;i &#432;u: Theo d&otilde;i li&ecirc;n t&#7909;c c&aacute;c th&ocirc;ng s&#7889; nhi&#7879;t &#273;&#7897; v&agrave; &#273;&#7897; &#7849;m trong c&aacute;c kh&ocirc;ng gian c&oacute; y&ecirc;u c&#7847;u cao.<br>\nTi&#7871;t ki&#7879;m th&#7901;i gian v&agrave; chi ph&iacute;: PCE HT 71N d&#7877; d&agrave;ng l&ecirc;n l&#7883;ch &#273;o l&#432;&#7901;ng t&#7921; &#273;&#7897;ng, gi&#7843;m thi&#7875;u nh&acirc;n c&ocirc;ng gi&aacute;m s&aacute;t.<br>\nPh&acirc;n t&iacute;ch d&#7919; li&#7879;u ch&iacute;nh x&aacute;c: Xu&#7845;t d&#7919; li&#7879;u v&agrave; ph&acirc;n t&iacute;ch chuy&ecirc;n s&acirc;u gi&uacute;p t&#7889;i &#432;u h&oacute;a quy tr&igrave;nh v&#7853;n h&agrave;nh.<\/p><p>&#7912;ng D&#7909;ng Th&#7921;c Ti&#7877;n C&#7911;a PCE-HT 71N<br>\nThi&#7871;t B&#7883; PCE-HT 71N l&agrave; c&ocirc;ng c&#7909; kh&ocirc;ng th&#7875; thi&#7871;u trong:<\/p><p>Qu&#7843;n l&yacute; chu&#7895;i cung &#7913;ng th&#7921;c ph&#7849;m &#273;&ocirc;ng l&#7841;nh.<br>\nKi&#7875;m so&aacute;t m&ocirc;i tr&#432;&#7901;ng trong s&#7843;n xu&#7845;t d&#432;&#7907;c ph&#7849;m.<br>\nGi&aacute;m s&aacute;t kho l&#432;u tr&#7919; nguy&ecirc;n li&#7879;u s&#7843;n xu&#7845;t.<\/p><p>Nh&#7919;ng L&yacute; Do N&ecirc;n Mua Thi&#7871;t B&#7883; Ghi D&#7919; Li&#7879;u Nhi&#7879;t &#272;&#7897; v&agrave; &#272;&#7897; &#7848;m T&#7841;i Thi&#7871;t B&#7883; C&ocirc;ng Ngh&#7879; V&#7841;n N&#259;ng<\/p><p>C&ocirc;ng ty Thi&#7871;t B&#7883; C&ocirc;ng Ngh&#7879; V&#7841;n N&#259;ng l&agrave; &#273;&#7889;i t&aacute;c ch&iacute;nh th&#7913;c ph&acirc;n ph&#7889;i Thi&#7871;t B&#7883; Ghi D&#7919; Li&#7879;u Nhi&#7879;t &#272;&#7897; V&agrave; &#272;&#7897; &#7848;m h&agrave;ng &#273;&#7847;u t&#7841;i Vi&#7879;t Nam, cam k&#7871;t cung c&#7845;p s&#7843;n ph&#7849;m ch&iacute;nh h&atilde;ng v&#7899;i gi&aacute; c&#7843; c&#7841;nh tranh nh&#7845;t th&#7883; tr&#432;&#7901;ng. V&#7899;i uy t&iacute;n tr&ecirc;n th&#7883; tr&#432;&#7901;ng v&agrave; ch&#7871; &#273;&#7897; h&#7851;u m&atilde;i t&#7889;t, Thi&#7871;t B&#7883; C&ocirc;ng Ngh&#7879; V&#7841;n N&#259;ng &#273;&atilde; nh&#7853;n &#273;&#432;&#7907;c s&#7921; tin t&#432;&#7903;ng t&#7915; kh&aacute;ch h&agrave;ng nh&#7901; v&agrave;o ch&#7845;t l&#432;&#7907;ng h&agrave;ng &#273;&#7847;u c&#7911;a c&aacute;c d&ograve;ng s&#7843;n ph&#7849;m.<br>\nS&#7843;n ph&#7849;m c&#7911;a ch&uacute;ng t&ocirc;i &#273;&#432;&#7907;c ki&#7875;m &#273;&#7883;nh ch&#7845;t l&#432;&#7907;ng, nh&#7853;p kh&#7849;u tr&#7921;c ti&#7871;p t&#7915; nh&agrave; m&aacute;y b&ecirc;n Ch&acirc;u &Acirc;u, M&#7929;, &Uacute;c, Nh&#7853;t B&#7843;n,&hellip; v&agrave; &#273;&aacute;p &#7913;ng nhu c&#7847;u &#273;a d&#7841;ng c&#7911;a th&#7883; tr&#432;&#7901;ng nh&#432;: M&aacute;y &#272;o &#272;&#7897; C&#7913;ng, M&aacute;y SPECTROMAXx, M&aacute;y Ki&#7875;m Tra &#272;&#432;&#7901;ng Gh&eacute;p M&iacute; Lon,&hellip; Ch&uacute;ng t&ocirc;i cam k&#7871;t cung c&#7845;p s&#7843;n ph&#7849;m n&agrave;y tr&ecirc;n to&agrave;n qu&#7889;c v&#7899;i gi&aacute; c&#7843; c&#7841;nh tranh nh&#7845;t.<br>\nCh&uacute;ng t&ocirc;i c&oacute; &#273;&#7897;i ng&#361; chuy&ecirc;n vi&ecirc;n t&#432; v&#7845;n chuy&ecirc;n s&acirc;u s&#7869; h&#7895; tr&#7907; kh&aacute;ch h&agrave;ng v&#7873; chi ti&#7871;t s&#7843;n ph&#7849;m, h&#432;&#7899;ng d&#7851;n s&#7917; d&#7909;ng hay nh&#7919;ng th&#7913; li&ecirc;n quan &#273;&#7871;n v&#7845;n &#273;&#7873; m&agrave; doanh nghi&#7879;p b&#7841;n &#273;ang g&#7863;p ph&#7843;i. Ch&uacute;ng t&ocirc;i s&#7869; cung c&#7845;p nh&#7919;ng gi&#7843;i ph&aacute;p t&#7889;i &#432;u nh&#7845;t!<br>\nNgo&agrave;i ra Thi&#7871;t B&#7883; C&ocirc;ng Ngh&#7879; V&#7841;n N&#259;ng Ch&uacute;ng T&ocirc;i lu&ocirc;n h&#432;&#7899;ng &#273;&#7871;n tr&#7843;i nghi&#7879;m kh&aacute;ch h&agrave;ng, v&igrave; v&#7853;y ch&uacute;ng t&ocirc;i c&oacute; nh&#7919;ng ch&iacute;nh s&aacute;ch b&#7843;o h&agrave;nh, b&#7843;o tr&igrave; &ndash; b&#7843;o d&#432;&#7905;ng, hi&#7879;u chu&#7849;n v&#7899;i t&#7845;t c&#7843; c&aacute;c thi&#7871;t b&#7883;, m&aacute;y m&oacute;c m&agrave; ch&uacute;ng t&ocirc;i cung c&#7845;p. &#272;&#7843;m b&#7843;o mang &#273;&#7871;n cho Kh&aacute;ch h&agrave;ng s&#7921; y&ecirc;n t&acirc;m tuy&#7879;t &#273;&#7889;i v&#7873; d&#7883;ch v&#7909; khi mua h&agrave;ng.<\/p><p>T&#7893;ng K&#7871;t<br>\nThi&#7871;t B&#7883; Ghi D&#7919; Li&#7879;u Nhi&#7879;t &#272;&#7897; V&agrave; &#272;&#7897; &#7848;m PCE-HT 71N kh&ocirc;ng ch&#7881; cung c&#7845;p c&aacute;c t&iacute;nh n&#259;ng &#273;o l&#432;&#7901;ng v&agrave; l&#432;u tr&#7919; d&#7919; li&#7879;u m&#7841;nh m&#7869; m&agrave; c&ograve;n &#273;&#7843;m b&#7843;o t&iacute;nh ch&iacute;nh x&aacute;c v&agrave; &#273;&#7897; b&#7873;n v&#432;&#7907;t tr&#7897;i. &#272;&acirc;y l&agrave; gi&#7843;i ph&aacute;p l&yacute; t&#432;&#7903;ng &#273;&#7875; ki&#7875;m so&aacute;t ch&#7845;t l&#432;&#7907;ng m&ocirc;i tr&#432;&#7901;ng trong c&aacute;c l&#297;nh v&#7921;c &#273;&ograve;i h&#7887;i s&#7921; nghi&ecirc;m ng&#7863;t v&#7873; nhi&#7879;t &#273;&#7897; v&agrave; &#273;&#7897; &#7849;m. H&atilde;y li&ecirc;n h&#7879; v&#7899;i V&#7841;n N&#259;ng Company &#273;&#7875; &#273;&#432;&#7907;c t&#432; v&#7845;n chi ti&#7871;t v&agrave; nh&#7853;n ngay &#432;u &#273;&atilde;i h&#7845;p d&#7851;n th&ocirc;ng qua hotline\/zalo: <a href=\"https:\/\/zalo.me\/0903991335\" target=\"_blank\" rel=\"noopener\" style=\"color: #059669; font-weight: bold; text-decoration: none;\">0903 991 335<\/a>!<\/p><div style=\"background-color: #f8fafc; border: 1px solid #e2e8f0; border-radius: 8px; padding: 25px; max-width: 800px; margin: 30px auto; color: #334155; line-height: 1.8; font-size: 17px; box-shadow: 0 4px 6px -1px rgba(0,0,0,0.05); text-align: left; clear: both;\">\nC&ocirc;ng ty TNHH Th&#432;&#417;ng M&#7841;i D&#7883;ch V&#7909; Thi&#7871;t B&#7883; C&ocirc;ng Ngh&#7879; V&#7841;n N&#259;ng\n<p style=\"margin: 0 0 10px 0;\">&#128205; <strong style=\"color: #1e293b;\">&#272;&#7883;a ch&#7881;:<\/strong> <a style=\"color: #059669; text-decoration: none; font-weight: bold;\" href=\"https:\/\/www.google.com\/maps\/search\/C%C3%B4ng+ty+TNHH+Th%C6%B0%C6%A1ng+M%E1%BA%A1i+D%E1%BB%8Bch+V%E1%BB%A5+Thi%E1%BA%BFt+B%E1%BB%8B+C%C3%B4ng+Ngh%E1%BB%87+V%E1%BA%A1n+N%C4%83ng+818+Tr%C6%B0%E1%BB%9Dng+Chinh\" target=\"_blank\" rel=\"noopener\">818 Tr&#432;&#7901;ng Chinh, Ph&#432;&#7901;ng T&acirc;n S&#417;n, Th&agrave;nh ph&#7889; H&#7891; Ch&iacute; Minh, Vi&#7879;t Nam<\/a><\/p>\n<p style=\"margin: 0 0 10px 0;\">&#128222; <strong style=\"color: #1e293b;\">S&#272;T &ndash; Zalo:<\/strong> <a style=\"color: #059669; text-decoration: none; font-weight: bold;\" href=\"https:\/\/zalo.me\/0903991335\" target=\"_blank\" rel=\"noopener\">0903 991 335<\/a> <span style=\"color: #64748b; font-style: italic;\">(Ms. H&#7841;nh &ndash; Gi&aacute;m &#272;&#7889;c Kinh Doanh)<\/span><\/p>\n<p style=\"margin: 0;\">&#9993;&#65039; <strong style=\"color: #1e293b;\">Email:<\/strong> <a style=\"color: #059669; text-decoration: none; font-weight: bold;\" href=\"mailto:hienhanh@vannangvn.com\">hienhanh@vannangvn.com<\/a><\/p>\n<\/div><\/h1>","protected":false},"excerpt":{"rendered":"<p><strong>Th&#432;&#417;ng hi&#7879;u:<\/strong> Thi&#7871;t B&#7883; Ghi D&#7919; Li&#7879;u PCE-HT 71N l&agrave; thi&#7871;t b&#7883; l&yacute; t&#432;&#7903;ng d&agrave;nh cho c&aacute;c doanh nghi&#7879;p v&agrave; c&aacute; nh&acirc;n c&#7847;n ki&#7875;m so&aacute;t v&agrave; ghi l&#7841;i c&aacute;c th&ocirc;ng s&#7889; m&ocirc;i tr&#432;&#7901;ng.<br>\n<strong>Model:<\/strong> PCE-HT 71N<p>Product <strong>THI&#7870;T B&#7882; GHI D&#7918; LI&#7878;U NHI&#7878;T &#272;&#7896; V&Agrave; &#272;&#7896; &#7848;M PCE INSTRUMENTS MODEL PCE-HT 71N<\/strong> ch&iacute;nh h&atilde;ng. Thi&#7871;t B&#7883; Ghi D&#7919; Li&#7879;u PCE-HT 71N l&agrave; thi&#7871;t b&#7883; l&yacute; t&#432;&#7903;ng d&agrave;nh cho c&aacute;c doanh nghi&#7879;p v&agrave; c&aacute; nh&acirc;n c&#7847;n ki&#7875;m so&aacute;t v&agrave; ghi l&#7841;i c&aacute;c th&ocirc;ng s&#7889; m&ocirc;i tr&#432;&#7901;ng.<\/p><\/p>","protected":false},"featured_media":10411,"comment_status":"open","ping_status":"closed","template":"","meta":[],"product_brand":[],"product_cat":[18],"product_tag":[102,116,181,301,346,498,562,581,768,769,958,1513,3309,3338],"class_list":{"0":"post-7857","1":"product","2":"type-product","3":"status-publish","4":"has-post-thumbnail","6":"product_cat-chua-phan-loai","7":"product_tag-va","8":"product_tag-model","9":"product_tag-do","10":"product_tag-nhiet","11":"product_tag-pce","12":"product_tag-am","13":"product_tag-lieu","14":"product_tag-instruments","15":"product_tag-thiet","16":"product_tag-bi","17":"product_tag-ghi","18":"product_tag-pce-ht","19":"product_tag-du","20":"product_tag-71n","22":"first","23":"instock","24":"shipping-taxable","25":"product-type-simple"},"yoast_head":"<!-- This site is optimized with the Yoast SEO Premium plugin v24.8 (Yoast SEO v24.8) - https:\/\/yoast.com\/wordpress\/plugins\/seo\/ -->\n<title>THI\u1ebeT B\u1eca GHI D\u1eee LI\u1ec6U NHI\u1ec6T \u0110\u1ed8 V\u00c0 \u0110\u1ed8... ch\u00ednh h\u00e3ng | V\u1ea1n N\u0103ng<\/title>\n<meta name=\"description\" content=\"Mua ngay THI\u1ebeT B\u1eca GHI D\u1eee LI\u1ec6U NHI\u1ec6T \u0110\u1ed8 V\u00c0 \u0110\u1ed8 \u1ea8M PCE INSTRUMENTS MODEL PCE-HT 71N ch\u00ednh h\u00e3ng. Gi\u00e1 t\u1ed1t!\" \/>\n<meta name=\"robots\" content=\"noindex, follow, max-snippet:-1, max-image-preview:large, max-video-preview:-1\" \/>\n<meta property=\"og:locale\" content=\"en_US\" \/>\n<meta property=\"og:type\" content=\"article\" \/>\n<meta property=\"og:title\" content=\"THI\u1ebeT B\u1eca GHI D\u1eee LI\u1ec6U NHI\u1ec6T \u0110\u1ed8 V\u00c0 \u0110\u1ed8 \u1ea8M PCE INSTRUMENTS MODEL PCE-HT 71N\" \/>\n<meta property=\"og:description\" content=\"Mua ngay THI\u1ebeT B\u1eca GHI D\u1eee LI\u1ec6U NHI\u1ec6T \u0110\u1ed8 V\u00c0 \u0110\u1ed8 \u1ea8M PCE INSTRUMENTS MODEL PCE-HT 71N ch\u00ednh h\u00e3ng. Gi\u00e1 t\u1ed1t!\" \/>\n<meta property=\"og:url\" content=\"https:\/\/vannangvn.123websitedev.com\/en\/product\/thiet-bi-ghi-du-lieu-nhiet-do-va-do-am-pce-instruments-model-pce-ht-71n\/\" \/>\n<meta property=\"og:site_name\" content=\"Vannang.vn\" \/>\n<meta property=\"article:modified_time\" content=\"2026-03-30T11:53:16+00:00\" \/>\n<meta property=\"og:image\" content=\"http:\/\/vannangvn.123websitedev.com\/wp-content\/uploads\/2026\/03\/PCE-HT-71N-NO.1-copy.jpg\" \/>\n\t<meta property=\"og:image:width\" content=\"768\" \/>\n\t<meta property=\"og:image:height\" content=\"576\" \/>\n\t<meta property=\"og:image:type\" content=\"image\/jpeg\" \/>\n<meta name=\"twitter:card\" content=\"summary_large_image\" \/>\n<meta name=\"twitter:label1\" content=\"Est. reading time\" \/>\n\t<meta name=\"twitter:data1\" content=\"7 minutes\" \/>\n<script type=\"application\/ld+json\" class=\"yoast-schema-graph\">{\"@context\":\"https:\/\/schema.org\",\"@graph\":[{\"@type\":\"WebPage\",\"@id\":\"https:\/\/vannangvn.123websitedev.com\/san-pham\/thiet-bi-ghi-du-lieu-nhiet-do-va-do-am-pce-instruments-model-pce-ht-71n\/\",\"url\":\"https:\/\/vannangvn.123websitedev.com\/san-pham\/thiet-bi-ghi-du-lieu-nhiet-do-va-do-am-pce-instruments-model-pce-ht-71n\/\",\"name\":\"THI\u1ebeT B\u1eca GHI D\u1eee LI\u1ec6U NHI\u1ec6T \u0110\u1ed8 V\u00c0 \u0110\u1ed8... ch\u00ednh h\u00e3ng | V\u1ea1n N\u0103ng\",\"isPartOf\":{\"@id\":\"https:\/\/vannangvn.123websitedev.com\/#website\"},\"primaryImageOfPage\":{\"@id\":\"https:\/\/vannangvn.123websitedev.com\/san-pham\/thiet-bi-ghi-du-lieu-nhiet-do-va-do-am-pce-instruments-model-pce-ht-71n\/#primaryimage\"},\"image\":{\"@id\":\"https:\/\/vannangvn.123websitedev.com\/san-pham\/thiet-bi-ghi-du-lieu-nhiet-do-va-do-am-pce-instruments-model-pce-ht-71n\/#primaryimage\"},\"thumbnailUrl\":\"https:\/\/vannangvn.123websitedev.com\/wp-content\/uploads\/2026\/03\/PCE-HT-71N-NO.1-copy.jpg\",\"datePublished\":\"2026-03-20T12:10:42+00:00\",\"dateModified\":\"2026-03-30T11:53:16+00:00\",\"description\":\"Mua ngay THI\u1ebeT B\u1eca GHI D\u1eee LI\u1ec6U NHI\u1ec6T \u0110\u1ed8 V\u00c0 \u0110\u1ed8 \u1ea8M PCE INSTRUMENTS MODEL PCE-HT 71N ch\u00ednh h\u00e3ng. Gi\u00e1 t\u1ed1t!\",\"breadcrumb\":{\"@id\":\"https:\/\/vannangvn.123websitedev.com\/san-pham\/thiet-bi-ghi-du-lieu-nhiet-do-va-do-am-pce-instruments-model-pce-ht-71n\/#breadcrumb\"},\"inLanguage\":\"en-US\",\"potentialAction\":[{\"@type\":\"ReadAction\",\"target\":[\"https:\/\/vannangvn.123websitedev.com\/san-pham\/thiet-bi-ghi-du-lieu-nhiet-do-va-do-am-pce-instruments-model-pce-ht-71n\/\"]}]},{\"@type\":\"ImageObject\",\"inLanguage\":\"en-US\",\"@id\":\"https:\/\/vannangvn.123websitedev.com\/san-pham\/thiet-bi-ghi-du-lieu-nhiet-do-va-do-am-pce-instruments-model-pce-ht-71n\/#primaryimage\",\"url\":\"https:\/\/vannangvn.123websitedev.com\/wp-content\/uploads\/2026\/03\/PCE-HT-71N-NO.1-copy.jpg\",\"contentUrl\":\"https:\/\/vannangvn.123websitedev.com\/wp-content\/uploads\/2026\/03\/PCE-HT-71N-NO.1-copy.jpg\",\"width\":768,\"height\":576},{\"@type\":\"BreadcrumbList\",\"@id\":\"https:\/\/vannangvn.123websitedev.com\/san-pham\/thiet-bi-ghi-du-lieu-nhiet-do-va-do-am-pce-instruments-model-pce-ht-71n\/#breadcrumb\",\"itemListElement\":[{\"@type\":\"ListItem\",\"position\":1,\"name\":\"Trang ch\u1ee7\",\"item\":\"https:\/\/vannangvn.123websitedev.com\/\"},{\"@type\":\"ListItem\",\"position\":2,\"name\":\"S\u1ea3n ph\u1ea9m\",\"item\":\"https:\/\/vannangvn.123websitedev.com\/cua-hang\/\"},{\"@type\":\"ListItem\",\"position\":3,\"name\":\"THI\u1ebeT B\u1eca GHI D\u1eee LI\u1ec6U NHI\u1ec6T \u0110\u1ed8 V\u00c0 \u0110\u1ed8 \u1ea8M PCE INSTRUMENTS MODEL PCE-HT 71N\"}]},{\"@type\":\"WebSite\",\"@id\":\"https:\/\/vannangvn.123websitedev.com\/#website\",\"url\":\"https:\/\/vannangvn.123websitedev.com\/\",\"name\":\"Vannang.vn\",\"description\":\"\",\"publisher\":{\"@id\":\"https:\/\/vannangvn.123websitedev.com\/#organization\"},\"potentialAction\":[{\"@type\":\"SearchAction\",\"target\":{\"@type\":\"EntryPoint\",\"urlTemplate\":\"https:\/\/vannangvn.123websitedev.com\/?s={search_term_string}\"},\"query-input\":{\"@type\":\"PropertyValueSpecification\",\"valueRequired\":true,\"valueName\":\"search_term_string\"}}],\"inLanguage\":\"en-US\"},{\"@type\":\"Organization\",\"@id\":\"https:\/\/vannangvn.123websitedev.com\/#organization\",\"name\":\"Vannang.vn\",\"url\":\"https:\/\/vannangvn.123websitedev.com\/\",\"logo\":{\"@type\":\"ImageObject\",\"inLanguage\":\"en-US\",\"@id\":\"https:\/\/vannangvn.123websitedev.com\/#\/schema\/logo\/image\/\",\"url\":\"https:\/\/vannangvn.123websitedev.com\/wp-content\/uploads\/2026\/02\/logo-van-nang-02.png\",\"contentUrl\":\"https:\/\/vannangvn.123websitedev.com\/wp-content\/uploads\/2026\/02\/logo-van-nang-02.png\",\"width\":448,\"height\":111,\"caption\":\"Vannang.vn\"},\"image\":{\"@id\":\"https:\/\/vannangvn.123websitedev.com\/#\/schema\/logo\/image\/\"}}]}<\/script>\n<!-- \/ Yoast SEO Premium plugin. -->","yoast_head_json":{"title":"THI\u1ebeT B\u1eca GHI D\u1eee LI\u1ec6U NHI\u1ec6T \u0110\u1ed8 V\u00c0 \u0110\u1ed8... ch\u00ednh h\u00e3ng | V\u1ea1n N\u0103ng","description":"Mua ngay THI\u1ebeT B\u1eca GHI D\u1eee LI\u1ec6U NHI\u1ec6T \u0110\u1ed8 V\u00c0 \u0110\u1ed8 \u1ea8M PCE INSTRUMENTS MODEL PCE-HT 71N ch\u00ednh h\u00e3ng. Gi\u00e1 t\u1ed1t!","robots":{"index":"noindex","follow":"follow","max-snippet":"max-snippet:-1","max-image-preview":"max-image-preview:large","max-video-preview":"max-video-preview:-1"},"og_locale":"en_US","og_type":"article","og_title":"THI\u1ebeT B\u1eca GHI D\u1eee LI\u1ec6U NHI\u1ec6T \u0110\u1ed8 V\u00c0 \u0110\u1ed8 \u1ea8M PCE INSTRUMENTS MODEL PCE-HT 71N","og_description":"Mua ngay THI\u1ebeT B\u1eca GHI D\u1eee LI\u1ec6U NHI\u1ec6T \u0110\u1ed8 V\u00c0 \u0110\u1ed8 \u1ea8M PCE INSTRUMENTS MODEL PCE-HT 71N ch\u00ednh h\u00e3ng. Gi\u00e1 t\u1ed1t!","og_url":"https:\/\/vannangvn.123websitedev.com\/en\/product\/thiet-bi-ghi-du-lieu-nhiet-do-va-do-am-pce-instruments-model-pce-ht-71n\/","og_site_name":"Vannang.vn","article_modified_time":"2026-03-30T11:53:16+00:00","og_image":[{"width":768,"height":576,"url":"http:\/\/vannangvn.123websitedev.com\/wp-content\/uploads\/2026\/03\/PCE-HT-71N-NO.1-copy.jpg","type":"image\/jpeg"}],"twitter_card":"summary_large_image","twitter_misc":{"Est. reading time":"7 minutes"},"schema":{"@context":"https:\/\/schema.org","@graph":[{"@type":"WebPage","@id":"https:\/\/vannangvn.123websitedev.com\/san-pham\/thiet-bi-ghi-du-lieu-nhiet-do-va-do-am-pce-instruments-model-pce-ht-71n\/","url":"https:\/\/vannangvn.123websitedev.com\/san-pham\/thiet-bi-ghi-du-lieu-nhiet-do-va-do-am-pce-instruments-model-pce-ht-71n\/","name":"THI\u1ebeT B\u1eca GHI D\u1eee LI\u1ec6U NHI\u1ec6T \u0110\u1ed8 V\u00c0 \u0110\u1ed8... ch\u00ednh h\u00e3ng | V\u1ea1n N\u0103ng","isPartOf":{"@id":"https:\/\/vannangvn.123websitedev.com\/#website"},"primaryImageOfPage":{"@id":"https:\/\/vannangvn.123websitedev.com\/san-pham\/thiet-bi-ghi-du-lieu-nhiet-do-va-do-am-pce-instruments-model-pce-ht-71n\/#primaryimage"},"image":{"@id":"https:\/\/vannangvn.123websitedev.com\/san-pham\/thiet-bi-ghi-du-lieu-nhiet-do-va-do-am-pce-instruments-model-pce-ht-71n\/#primaryimage"},"thumbnailUrl":"https:\/\/vannangvn.123websitedev.com\/wp-content\/uploads\/2026\/03\/PCE-HT-71N-NO.1-copy.jpg","datePublished":"2026-03-20T12:10:42+00:00","dateModified":"2026-03-30T11:53:16+00:00","description":"Mua ngay THI\u1ebeT B\u1eca GHI D\u1eee LI\u1ec6U NHI\u1ec6T \u0110\u1ed8 V\u00c0 \u0110\u1ed8 \u1ea8M PCE INSTRUMENTS MODEL PCE-HT 71N ch\u00ednh h\u00e3ng. Gi\u00e1 t\u1ed1t!","breadcrumb":{"@id":"https:\/\/vannangvn.123websitedev.com\/san-pham\/thiet-bi-ghi-du-lieu-nhiet-do-va-do-am-pce-instruments-model-pce-ht-71n\/#breadcrumb"},"inLanguage":"en-US","potentialAction":[{"@type":"ReadAction","target":["https:\/\/vannangvn.123websitedev.com\/san-pham\/thiet-bi-ghi-du-lieu-nhiet-do-va-do-am-pce-instruments-model-pce-ht-71n\/"]}]},{"@type":"ImageObject","inLanguage":"en-US","@id":"https:\/\/vannangvn.123websitedev.com\/san-pham\/thiet-bi-ghi-du-lieu-nhiet-do-va-do-am-pce-instruments-model-pce-ht-71n\/#primaryimage","url":"https:\/\/vannangvn.123websitedev.com\/wp-content\/uploads\/2026\/03\/PCE-HT-71N-NO.1-copy.jpg","contentUrl":"https:\/\/vannangvn.123websitedev.com\/wp-content\/uploads\/2026\/03\/PCE-HT-71N-NO.1-copy.jpg","width":768,"height":576},{"@type":"BreadcrumbList","@id":"https:\/\/vannangvn.123websitedev.com\/san-pham\/thiet-bi-ghi-du-lieu-nhiet-do-va-do-am-pce-instruments-model-pce-ht-71n\/#breadcrumb","itemListElement":[{"@type":"ListItem","position":1,"name":"Trang ch\u1ee7","item":"https:\/\/vannangvn.123websitedev.com\/"},{"@type":"ListItem","position":2,"name":"S\u1ea3n ph\u1ea9m","item":"https:\/\/vannangvn.123websitedev.com\/cua-hang\/"},{"@type":"ListItem","position":3,"name":"THI\u1ebeT B\u1eca GHI D\u1eee LI\u1ec6U NHI\u1ec6T \u0110\u1ed8 V\u00c0 \u0110\u1ed8 \u1ea8M PCE INSTRUMENTS MODEL PCE-HT 71N"}]},{"@type":"WebSite","@id":"https:\/\/vannangvn.123websitedev.com\/#website","url":"https:\/\/vannangvn.123websitedev.com\/","name":"Vannang.vn","description":"","publisher":{"@id":"https:\/\/vannangvn.123websitedev.com\/#organization"},"potentialAction":[{"@type":"SearchAction","target":{"@type":"EntryPoint","urlTemplate":"https:\/\/vannangvn.123websitedev.com\/?s={search_term_string}"},"query-input":{"@type":"PropertyValueSpecification","valueRequired":true,"valueName":"search_term_string"}}],"inLanguage":"en-US"},{"@type":"Organization","@id":"https:\/\/vannangvn.123websitedev.com\/#organization","name":"Vannang.vn","url":"https:\/\/vannangvn.123websitedev.com\/","logo":{"@type":"ImageObject","inLanguage":"en-US","@id":"https:\/\/vannangvn.123websitedev.com\/#\/schema\/logo\/image\/","url":"https:\/\/vannangvn.123websitedev.com\/wp-content\/uploads\/2026\/02\/logo-van-nang-02.png","contentUrl":"https:\/\/vannangvn.123websitedev.com\/wp-content\/uploads\/2026\/02\/logo-van-nang-02.png","width":448,"height":111,"caption":"Vannang.vn"},"image":{"@id":"https:\/\/vannangvn.123websitedev.com\/#\/schema\/logo\/image\/"}}]}},"_links":{"self":[{"href":"https:\/\/vannangvn.123websitedev.com\/en\/wp-json\/wp\/v2\/product\/7857","targetHints":{"allow":["GET"]}}],"collection":[{"href":"https:\/\/vannangvn.123websitedev.com\/en\/wp-json\/wp\/v2\/product"}],"about":[{"href":"https:\/\/vannangvn.123websitedev.com\/en\/wp-json\/wp\/v2\/types\/product"}],"replies":[{"embeddable":true,"href":"https:\/\/vannangvn.123websitedev.com\/en\/wp-json\/wp\/v2\/comments?post=7857"}],"wp:featuredmedia":[{"embeddable":true,"href":"https:\/\/vannangvn.123websitedev.com\/en\/wp-json\/wp\/v2\/media\/10411"}],"wp:attachment":[{"href":"https:\/\/vannangvn.123websitedev.com\/en\/wp-json\/wp\/v2\/media?parent=7857"}],"wp:term":[{"taxonomy":"product_brand","embeddable":true,"href":"https:\/\/vannangvn.123websitedev.com\/en\/wp-json\/wp\/v2\/product_brand?post=7857"},{"taxonomy":"product_cat","embeddable":true,"href":"https:\/\/vannangvn.123websitedev.com\/en\/wp-json\/wp\/v2\/product_cat?post=7857"},{"taxonomy":"product_tag","embeddable":true,"href":"https:\/\/vannangvn.123websitedev.com\/en\/wp-json\/wp\/v2\/product_tag?post=7857"}],"curies":[{"name":"wp","href":"https:\/\/api.w.org\/{rel}","templated":true}]}}