{"id":7859,"date":"2026-03-20T19:10:45","date_gmt":"2026-03-20T12:10:45","guid":{"rendered":"https:\/\/vannangvn.123websitedev.com\/san-pham\/thiet-bi-ghi-du-lieu-solderstar-model-slx\/"},"modified":"2026-03-30T18:53:19","modified_gmt":"2026-03-30T11:53:19","slug":"thiet-bi-ghi-du-lieu-solderstar-model-slx","status":"publish","type":"product","link":"https:\/\/vannangvn.123websitedev.com\/en\/product\/thiet-bi-ghi-du-lieu-solderstar-model-slx\/","title":{"rendered":"THI\u1ebeT B\u1eca GHI D\u1eee LI\u1ec6U SOLDERSTAR MODEL SLX"},"content":{"rendered":"<h1 style=\"color: red; font-weight: bold; font-size: 24px;\">T&#7893;ng quan s&#7843;n ph&#7849;m THI&#7870;T B&#7882; GHI D&#7918; LI&#7878;U SOLDERSTAR MODEL SLX<p>Thi&#7871;t B&#7883; Ghi D&#7919; Li&#7879;u (Thermal Profiler) Solderstar Model SLX<br>\nSLX l&agrave; m&#7897;t thi&#7871;t b&#7883; ghi d&#7919; li&#7879;u nh&#7887; g&#7885;n, m&#7841;nh m&#7869; v&agrave; ch&#7841;y b&#7857;ng pin, &#273;&#432;&#7907;c thi&#7871;t k&#7871; &#273;&#7863;c bi&#7879;t &#273;&#7875; &#273;o v&agrave; ghi l&#7841;i c&aacute;c th&ocirc;ng s&#7889; quy tr&igrave;nh trong qu&aacute; tr&igrave;nh h&agrave;n. V&#7899;i thi&#7871;t k&#7871; t&#7889;i &#432;u v&agrave; d&#7877; s&#7917; d&#7909;ng, thi&#7871;t b&#7883; n&agrave;y kh&ocirc;ng y&ecirc;u c&#7847;u c&agrave;i &#273;&#7863;t ph&#7913;c t&#7841;p, mang l&#7841;i tr&#7843;i nghi&#7879;m ti&#7879;n l&#7907;i cho ng&#432;&#7901;i d&ugrave;ng. H&atilde;y c&ugrave;ng V&#7841;n N&#259;ng t&igrave;m hi&#7875;u chi ti&#7871;t h&#417;n v&#7873; s&#7843;n ph&#7849;m th&ocirc;ng qua b&agrave;i vi&#7871;t d&#432;&#7899;i &#273;&acirc;y!<\/p><p>Nh&#7919;ng N&eacute;t &#272;&#7863;c Tr&#432;ng C&#7911;a SLX Thermal Profiler<br>\nThi&#7871;t K&#7871; T&#7921; C&#7845;u H&igrave;nh<br>\nSLX Thermal Profiler s&#7917; d&#7909;ng c&ocirc;ng ngh&#7879; SMARTLink, cho ph&eacute;p t&#7921; &#273;&#7897;ng c&#7845;u h&igrave;nh khi &#273;&#432;&#7907;c k&#7871;t n&#7889;i v&#7899;i c&aacute;c ph&#7909; ki&#7879;n nh&#432; reflow heatshield. Ch&#7881; c&#7847;n g&#7855;n thi&#7871;t b&#7883;, h&#7879; th&#7889;ng s&#7869; t&#7921; &#273;&#7897;ng thi&#7871;t l&#7853;p &#273;&#7875; b&#7855;t &#273;&#7847;u thu th&#7853;p d&#7919; li&#7879;u.<br>\nHi&#7875;n Th&#7883; Th&ocirc;ng Minh<br>\nB&#7897; Ghi D&#7919; Li&#7879;u SLX cung c&#7845;p th&ocirc;ng tin tr&#7921;c quan qua:<\/p><p>&#272;&egrave;n tr&#7841;ng th&aacute;i: Hi&#7875;n th&#7883; tr&#7841;ng th&aacute;i logger, c&#7843;m bi&#7871;n, v&agrave; b&#7897; nh&#7899;.<\/p><h2 style=\"color: #0073aa; font-weight: bold; font-size: 20px;\">M&agrave;n h&igrave;nh &#273;&#7891; th&#7883; &#273;a thanh: Cung c&#7845;p th&ocirc;ng tin chi ti&#7871;t v&#7873; qu&aacute; tr&igrave;nh &#273;o l&#432;&#7901;ng.<\/h2><p>T&#7889;i &#431;u Ho&aacute; H&#7891; S&#417; Nhi&#7879;t &#272;&#7897; V&#7899;i AutoSeeker<br>\n&#272;&#7875; t&#7889;i &#432;u h&oacute;a quy tr&igrave;nh, B&#7897; Ghi Nhi&#7879;t &#272;&#7897; SLX c&oacute; th&#7875; t&iacute;ch h&#7907;p v&#7899;i AutoSeeker Profile Optimiser, m&#7897;t c&ocirc;ng c&#7909; h&#7895; tr&#7907; m&#7841;nh m&#7869;. Sau khi thu th&#7853;p d&#7919; li&#7879;u nhi&#7879;t &#273;&#7897; t&#7915; qu&aacute; tr&igrave;nh, AutoSeeker s&#7869;:<\/p><p>Ph&acirc;n t&iacute;ch h&agrave;ng tri&#7879;u t&#7893; h&#7907;p &#273;i&#7875;m &#273;&#7863;t nhi&#7879;t &#273;&#7897; v&agrave; t&#7889;c &#273;&#7897; l&ograve; h&agrave;n.<br>\n&#272;&#432;a ra c&aacute;c g&#7907;i &yacute; c&agrave;i &#273;&#7863;t t&#7889;i &#432;u &#273;&#7875; c&#7843;i thi&#7879;n hi&#7879;u su&#7845;t.<\/p><p>Hi&#7879;u Su&#7845;t C&#7843;i Ti&#7871;n<br>\nData Logger SLX v&#432;&#7907;t tr&#7897;i so v&#7899;i c&aacute;c phi&ecirc;n b&#7843;n tr&#432;&#7899;c:<\/p><p>T&#7889;c &#273;&#7897; t&#7843;i d&#7919; li&#7879;u qua USB nhanh h&#417;n g&#7845;p 10 l&#7847;n.<br>\nT&ugrave;y ch&#7885;n telemetry 2.4 GHz: Truy&#7873;n d&#7919; li&#7879;u kh&ocirc;ng d&acirc;y v&#7899;i &#273;&#7897; &#7893;n &#273;&#7883;nh cao.<br>\nPh&#7841;m vi &#273;o nhi&#7879;t &#273;&#7897; &#273;&#432;&#7907;c m&#7903; r&#7897;ng, ph&ugrave; h&#7907;p v&#7899;i nhi&#7873;u &#7913;ng d&#7909;ng kh&aacute;c nhau.<\/p><p>S&#7841;c Nhanh, S&#7917; D&#7909;ng L&acirc;u<\/p><p>S&#7841;c nhanh trong 10 ph&uacute;t qua m&aacute;y t&iacute;nh, thi&#7871;t b&#7883; s&#7861;n s&agrave;ng ho&#7841;t &#273;&#7897;ng.<br>\nSau 2 gi&#7901; s&#7841;c &#273;&#7847;y, SLX c&oacute; th&#7875; s&#7917; d&#7909;ng li&ecirc;n t&#7909;c 15 gi&#7901;.<\/p><p>Ph&acirc;n T&iacute;ch H&#7891; S&#417; Chuy&ecirc;n S&acirc;u<br>\nH&#7879; th&#7889;ng cung c&#7845;p cho k&#7929; s&#432;:<\/p><p>D&#7919; li&#7879;u th&#7901;i gian th&#7921;c qua k&#7871;t n&#7889;i kh&ocirc;ng d&acirc;y 2.4 GHz.<br>\nPh&acirc;n t&iacute;ch nhanh ch&oacute;ng v&#7899;i c&aacute;c c&ocirc;ng c&#7909; ph&#7847;n m&#7873;m chuy&ecirc;n d&#7909;ng.<br>\nBi&#7875;u &#273;&#7891; SPC t&iacute;ch h&#7907;p: Theo d&otilde;i v&agrave; qu&#7843;n l&yacute; ch&#7845;t l&#432;&#7907;ng quy tr&igrave;nh d&#7877; d&agrave;ng.<\/p><p>&#431;u &#272;i&#7875;m V&#432;&#7907;t Tr&#7897;i C&#7911;a SLX<br>\nT&iacute;nh Linh Ho&#7841;t Cao<\/p><p>Ph&ugrave; h&#7907;p v&#7899;i m&#7885;i quy tr&igrave;nh h&agrave;n: D&ugrave; l&agrave; s&#7843;n xu&#7845;t h&agrave;ng lo&#7841;t hay ki&#7875;m tra ch&#7845;t l&#432;&#7907;ng nh&#7887; l&#7867;.<br>\nD&#7877; d&agrave;ng t&iacute;ch h&#7907;p v&#7899;i c&aacute;c ph&#7909; ki&#7879;n v&agrave; ph&#7847;n m&#7873;m kh&aacute;c trong h&#7879; sinh th&aacute;i SolderStar.<\/p><p>&#272;&#7897; B&#7873;n Cao<br>\nV&#7899;i thi&#7871;t k&#7871; ch&#7883;u nhi&#7879;t v&agrave; ch&#7889;ng va &#273;&#7853;p, Solderstar SLX &#273;&aacute;p &#7913;ng t&#7889;t ngay c&#7843; trong m&ocirc;i tr&#432;&#7901;ng c&ocirc;ng nghi&#7879;p kh&#7855;c nghi&#7879;t.<\/p><p>&#7912;ng D&#7909;ng Th&#7921;c Ti&#7877;n C&#7911;a SLX<br>\nSolderstar SLX Profiler ph&ugrave; h&#7907;p v&#7899;i nhi&#7873;u quy tr&igrave;nh h&agrave;n nh&#432;:<\/p><p>Reflow soldering: &#272;&#7843;m b&#7843;o s&#7921; &#273;&#7891;ng nh&#7845;t nhi&#7879;t &#273;&#7897; tr&ecirc;n to&agrave;n b&#7897; b&#7843;ng m&#7841;ch.<\/p><h2 style=\"color: #0073aa; font-weight: bold; font-size: 20px;\">Wave soldering: Theo d&otilde;i v&agrave; t&#7889;i &#432;u h&oacute;a c&aacute;c th&ocirc;ng s&#7889; nhi&#7879;t &#273;&#7897; trong qu&aacute; tr&igrave;nh.<\/h2><h2 style=\"color: #0073aa; font-weight: bold; font-size: 20px;\">Selective soldering: &#272;o l&#432;&#7901;ng chi ti&#7871;t t&#7915;ng v&ugrave;ng h&agrave;n c&#7909; th&#7875;.<\/h2><p>Nh&#7919;ng L&yacute; Do N&ecirc;n Mua Thi&#7871;t B&#7883; Ghi D&#7919; Li&#7879;u T&#7841;i V&#7841;n N&#259;ng<\/p><p>C&ocirc;ng ty Thi&#7871;t B&#7883; C&ocirc;ng Ngh&#7879; V&#7841;n N&#259;ng l&agrave; &#273;&#7889;i t&aacute;c ch&iacute;nh th&#7913;c ph&acirc;n ph&#7889;i Thi&#7871;t B&#7883; Ghi D&#7919; Li&#7879;u h&agrave;ng &#273;&#7847;u t&#7841;i Vi&#7879;t Nam, cam k&#7871;t cung c&#7845;p s&#7843;n ph&#7849;m ch&iacute;nh h&atilde;ng v&#7899;i gi&aacute; c&#7843; c&#7841;nh tranh nh&#7845;t th&#7883; tr&#432;&#7901;ng. V&#7899;i uy t&iacute;n tr&ecirc;n th&#7883; tr&#432;&#7901;ng v&agrave; ch&#7871; &#273;&#7897; h&#7851;u m&atilde;i t&#7889;t, Thi&#7871;t B&#7883; C&ocirc;ng Ngh&#7879; V&#7841;n N&#259;ng &#273;&atilde; nh&#7853;n &#273;&#432;&#7907;c s&#7921; tin t&#432;&#7903;ng t&#7915; kh&aacute;ch h&agrave;ng nh&#7901; v&agrave;o ch&#7845;t l&#432;&#7907;ng h&agrave;ng &#273;&#7847;u c&#7911;a c&aacute;c d&ograve;ng s&#7843;n ph&#7849;m.<br>\nS&#7843;n ph&#7849;m c&#7911;a ch&uacute;ng t&ocirc;i &#273;&#432;&#7907;c ki&#7875;m &#273;&#7883;nh ch&#7845;t l&#432;&#7907;ng, nh&#7853;p kh&#7849;u tr&#7921;c ti&#7871;p t&#7915; nh&agrave; m&aacute;y b&ecirc;n Ch&acirc;u &Acirc;u, M&#7929;, &Uacute;c, Nh&#7853;t B&#7843;n,&hellip; v&agrave; &#273;&aacute;p &#7913;ng nhu c&#7847;u &#273;a d&#7841;ng c&#7911;a th&#7883; tr&#432;&#7901;ng nh&#432;: M&aacute;y &#272;o &#272;&#7897; C&#7913;ng, M&aacute;y SPECTROMAXx, M&aacute;y Ki&#7875;m Tra &#272;&#432;&#7901;ng Gh&eacute;p M&iacute; Lon,&hellip; Ch&uacute;ng t&ocirc;i cam k&#7871;t cung c&#7845;p s&#7843;n ph&#7849;m n&agrave;y tr&ecirc;n to&agrave;n qu&#7889;c v&#7899;i gi&aacute; c&#7843; c&#7841;nh tranh nh&#7845;t.<br>\nCh&uacute;ng t&ocirc;i c&oacute; &#273;&#7897;i ng&#361; chuy&ecirc;n vi&ecirc;n t&#432; v&#7845;n chuy&ecirc;n s&acirc;u s&#7869; h&#7895; tr&#7907; kh&aacute;ch h&agrave;ng v&#7873; chi ti&#7871;t s&#7843;n ph&#7849;m, h&#432;&#7899;ng d&#7851;n s&#7917; d&#7909;ng hay nh&#7919;ng th&#7913; li&ecirc;n quan &#273;&#7871;n v&#7845;n &#273;&#7873; m&agrave; doanh nghi&#7879;p b&#7841;n &#273;ang g&#7863;p ph&#7843;i. Ch&uacute;ng t&ocirc;i s&#7869; cung c&#7845;p nh&#7919;ng gi&#7843;i ph&aacute;p t&#7889;i &#432;u nh&#7845;t!<br>\nNgo&agrave;i ra C&ocirc;ng Ty V&#7841;n N&#259;ng lu&ocirc;n h&#432;&#7899;ng &#273;&#7871;n tr&#7843;i nghi&#7879;m kh&aacute;ch h&agrave;ng, v&igrave; v&#7853;y ch&uacute;ng t&ocirc;i c&oacute; nh&#7919;ng ch&iacute;nh s&aacute;ch b&#7843;o h&agrave;nh, b&#7843;o tr&igrave; &ndash; b&#7843;o d&#432;&#7905;ng, hi&#7879;u chu&#7849;n v&#7899;i t&#7845;t c&#7843; c&aacute;c thi&#7871;t b&#7883; m&agrave; ch&uacute;ng t&ocirc;i cung c&#7845;p, &#273;&#7843;m b&#7843;o mang &#273;&#7871;n cho Kh&aacute;ch h&agrave;ng s&#7921; y&ecirc;n t&acirc;m tuy&#7879;t &#273;&#7889;i v&#7873; d&#7883;ch v&#7909; khi mua h&agrave;ng.<\/p><p>T&#7893;ng K&#7871;t<br>\nSolderstar SLX Datalogger kh&ocirc;ng ch&#7881; l&agrave; m&#7897;t thi&#7871;t b&#7883; ghi nhi&#7879;t &#273;&#7897;, m&agrave; c&ograve;n l&agrave; c&ocirc;ng c&#7909; m&#7841;nh m&#7869; gi&uacute;p c&aacute;c doanh nghi&#7879;p n&acirc;ng cao ch&#7845;t l&#432;&#7907;ng s&#7843;n ph&#7849;m v&agrave; t&#7889;i &#432;u h&oacute;a quy tr&igrave;nh s&#7843;n xu&#7845;t. V&#7899;i c&aacute;c t&iacute;nh n&#259;ng &#432;u vi&#7879;t v&agrave; kh&#7843; n&#259;ng &#7913;ng d&#7909;ng linh ho&#7841;t, Thermal Profiler SLX l&agrave; gi&#7843;i ph&aacute;p l&yacute; t&#432;&#7903;ng cho m&#7885;i nhu c&#7847;u &#273;o l&#432;&#7901;ng v&agrave; ph&acirc;n t&iacute;ch nhi&#7879;t &#273;&#7897; trong ng&agrave;nh c&ocirc;ng nghi&#7879;p &#273;i&#7879;n t&#7917;. H&atilde;y li&ecirc;n h&#7879; v&#7899;i V&#7841;n N&#259;ng Company &#273;&#7875; &#273;&#432;&#7907;c t&#432; v&#7845;n chi ti&#7871;t v&agrave; nh&#7853;n ngay &#432;u &#273;&atilde;i h&#7845;p d&#7851;n th&ocirc;ng qua hotline\/zalo: <a href=\"https:\/\/zalo.me\/0903991335\" target=\"_blank\" rel=\"noopener\" style=\"color: #059669; font-weight: bold; text-decoration: none;\">0903 991 335<\/a>!<\/p><div style=\"background-color: #f8fafc; border: 1px solid #e2e8f0; border-radius: 8px; padding: 25px; max-width: 800px; margin: 30px auto; color: #334155; line-height: 1.8; font-size: 17px; box-shadow: 0 4px 6px -1px rgba(0,0,0,0.05); text-align: left; clear: both;\">\nC&ocirc;ng ty TNHH Th&#432;&#417;ng M&#7841;i D&#7883;ch V&#7909; Thi&#7871;t B&#7883; C&ocirc;ng Ngh&#7879; V&#7841;n N&#259;ng\n<p style=\"margin: 0 0 10px 0;\">&#128205; <strong style=\"color: #1e293b;\">&#272;&#7883;a ch&#7881;:<\/strong> <a style=\"color: #059669; text-decoration: none; font-weight: bold;\" href=\"https:\/\/www.google.com\/maps\/search\/C%C3%B4ng+ty+TNHH+Th%C6%B0%C6%A1ng+M%E1%BA%A1i+D%E1%BB%8Bch+V%E1%BB%A5+Thi%E1%BA%BFt+B%E1%BB%8B+C%C3%B4ng+Ngh%E1%BB%87+V%E1%BA%A1n+N%C4%83ng+818+Tr%C6%B0%E1%BB%9Dng+Chinh\" target=\"_blank\" rel=\"noopener\">818 Tr&#432;&#7901;ng Chinh, Ph&#432;&#7901;ng T&acirc;n S&#417;n, Th&agrave;nh ph&#7889; H&#7891; Ch&iacute; Minh, Vi&#7879;t Nam<\/a><\/p>\n<p style=\"margin: 0 0 10px 0;\">&#128222; <strong style=\"color: #1e293b;\">S&#272;T &ndash; Zalo:<\/strong> <a style=\"color: #059669; text-decoration: none; font-weight: bold;\" href=\"https:\/\/zalo.me\/0903991335\" target=\"_blank\" rel=\"noopener\">0903 991 335<\/a> <span style=\"color: #64748b; font-style: italic;\">(Ms. H&#7841;nh &ndash; Gi&aacute;m &#272;&#7889;c Kinh Doanh)<\/span><\/p>\n<p style=\"margin: 0;\">&#9993;&#65039; <strong style=\"color: #1e293b;\">Email:<\/strong> <a style=\"color: #059669; text-decoration: none; font-weight: bold;\" href=\"mailto:hienhanh@vannangvn.com\">hienhanh@vannangvn.com<\/a><\/p>\n<\/div><\/h1>","protected":false},"excerpt":{"rendered":"<p><strong>Th&#432;&#417;ng hi&#7879;u:<\/strong> SLX Thermal Profiler l&agrave; m&#7897;t thi&#7871;t b&#7883; ghi d&#7919; li&#7879;u nh&#7887; g&#7885;n, m&#7841;nh m&#7869; v&agrave; ch&#7841;y b&#7857;ng pin, &#273;&#432;&#7907;c thi&#7871;t k&#7871; &#273;&#7863;c bi&#7879;t &#273;&#7875; &#273;o v&agrave; ghi l&#7841;i c&aacute;c th&ocirc;ng s&#7889; quy tr&igrave;nh trong qu&aacute; tr&igrave;nh h&agrave;n.<br>\n<strong>Model:<\/strong> SLX<p>Product <strong>THI&#7870;T B&#7882; GHI D&#7918; LI&#7878;U SOLDERSTAR MODEL SLX<\/strong> ch&iacute;nh h&atilde;ng. SLX Thermal Profiler l&agrave; m&#7897;t thi&#7871;t b&#7883; ghi d&#7919; li&#7879;u nh&#7887; g&#7885;n, m&#7841;nh m&#7869; v&agrave; ch&#7841;y b&#7857;ng pin, &#273;&#432;&#7907;c thi&#7871;t k&#7871; &#273;&#7863;c bi&#7879;t &#273;&#7875; &#273;o v&agrave; ghi l&#7841;i c&aacute;c th&ocirc;ng s&#7889; quy tr&igrave;nh trong qu&aacute; tr&igrave;nh h&agrave;n.<\/p><\/p>","protected":false},"featured_media":8891,"comment_status":"open","ping_status":"closed","template":"","meta":[],"product_brand":[],"product_cat":[18],"product_tag":[116,562,768,769,958,2591,3309,3340],"class_list":{"0":"post-7859","1":"product","2":"type-product","3":"status-publish","4":"has-post-thumbnail","6":"product_cat-chua-phan-loai","7":"product_tag-model","8":"product_tag-lieu","9":"product_tag-thiet","10":"product_tag-bi","11":"product_tag-ghi","12":"product_tag-solderstar","13":"product_tag-du","14":"product_tag-slx","16":"first","17":"instock","18":"shipping-taxable","19":"product-type-simple"},"yoast_head":"<!-- This site is optimized with the Yoast SEO Premium plugin v24.8 (Yoast SEO v24.8) - https:\/\/yoast.com\/wordpress\/plugins\/seo\/ -->\n<title>THI\u1ebeT B\u1eca GHI D\u1eee LI\u1ec6U SOLDERSTAR MOD... ch\u00ednh h\u00e3ng | V\u1ea1n N\u0103ng<\/title>\n<meta name=\"description\" content=\"Mua ngay THI\u1ebeT B\u1eca GHI D\u1eee LI\u1ec6U SOLDERSTAR MODEL SLX ch\u00ednh h\u00e3ng. Gi\u00e1 t\u1ed1t!\" \/>\n<meta name=\"robots\" content=\"noindex, follow, max-snippet:-1, max-image-preview:large, max-video-preview:-1\" \/>\n<meta property=\"og:locale\" content=\"en_US\" \/>\n<meta property=\"og:type\" content=\"article\" \/>\n<meta property=\"og:title\" content=\"THI\u1ebeT B\u1eca GHI D\u1eee LI\u1ec6U SOLDERSTAR MODEL SLX\" \/>\n<meta property=\"og:description\" content=\"Mua ngay THI\u1ebeT B\u1eca GHI D\u1eee LI\u1ec6U SOLDERSTAR MODEL SLX ch\u00ednh h\u00e3ng. Gi\u00e1 t\u1ed1t!\" \/>\n<meta property=\"og:url\" content=\"https:\/\/vannangvn.123websitedev.com\/en\/product\/thiet-bi-ghi-du-lieu-solderstar-model-slx\/\" \/>\n<meta property=\"og:site_name\" content=\"Vannang.vn\" \/>\n<meta property=\"article:modified_time\" content=\"2026-03-30T11:53:19+00:00\" \/>\n<meta property=\"og:image\" content=\"http:\/\/vannangvn.123websitedev.com\/wp-content\/uploads\/2026\/03\/Thiet-Bi-Ghi-Du-Lieu-Thermal-Profiler-Solderstar-Model-SLX-no.1-copy.jpg\" \/>\n\t<meta property=\"og:image:width\" content=\"768\" \/>\n\t<meta property=\"og:image:height\" content=\"576\" \/>\n\t<meta property=\"og:image:type\" content=\"image\/jpeg\" \/>\n<meta name=\"twitter:card\" content=\"summary_large_image\" \/>\n<meta name=\"twitter:label1\" content=\"Est. reading time\" \/>\n\t<meta name=\"twitter:data1\" content=\"7 minutes\" \/>\n<script type=\"application\/ld+json\" class=\"yoast-schema-graph\">{\"@context\":\"https:\/\/schema.org\",\"@graph\":[{\"@type\":\"WebPage\",\"@id\":\"https:\/\/vannangvn.123websitedev.com\/san-pham\/thiet-bi-ghi-du-lieu-solderstar-model-slx\/\",\"url\":\"https:\/\/vannangvn.123websitedev.com\/san-pham\/thiet-bi-ghi-du-lieu-solderstar-model-slx\/\",\"name\":\"THI\u1ebeT B\u1eca GHI D\u1eee LI\u1ec6U SOLDERSTAR MOD... ch\u00ednh h\u00e3ng | V\u1ea1n N\u0103ng\",\"isPartOf\":{\"@id\":\"https:\/\/vannangvn.123websitedev.com\/#website\"},\"primaryImageOfPage\":{\"@id\":\"https:\/\/vannangvn.123websitedev.com\/san-pham\/thiet-bi-ghi-du-lieu-solderstar-model-slx\/#primaryimage\"},\"image\":{\"@id\":\"https:\/\/vannangvn.123websitedev.com\/san-pham\/thiet-bi-ghi-du-lieu-solderstar-model-slx\/#primaryimage\"},\"thumbnailUrl\":\"https:\/\/vannangvn.123websitedev.com\/wp-content\/uploads\/2026\/03\/Thiet-Bi-Ghi-Du-Lieu-Thermal-Profiler-Solderstar-Model-SLX-no.1-copy.jpg\",\"datePublished\":\"2026-03-20T12:10:45+00:00\",\"dateModified\":\"2026-03-30T11:53:19+00:00\",\"description\":\"Mua ngay THI\u1ebeT B\u1eca GHI D\u1eee LI\u1ec6U SOLDERSTAR MODEL SLX ch\u00ednh h\u00e3ng. Gi\u00e1 t\u1ed1t!\",\"breadcrumb\":{\"@id\":\"https:\/\/vannangvn.123websitedev.com\/san-pham\/thiet-bi-ghi-du-lieu-solderstar-model-slx\/#breadcrumb\"},\"inLanguage\":\"en-US\",\"potentialAction\":[{\"@type\":\"ReadAction\",\"target\":[\"https:\/\/vannangvn.123websitedev.com\/san-pham\/thiet-bi-ghi-du-lieu-solderstar-model-slx\/\"]}]},{\"@type\":\"ImageObject\",\"inLanguage\":\"en-US\",\"@id\":\"https:\/\/vannangvn.123websitedev.com\/san-pham\/thiet-bi-ghi-du-lieu-solderstar-model-slx\/#primaryimage\",\"url\":\"https:\/\/vannangvn.123websitedev.com\/wp-content\/uploads\/2026\/03\/Thiet-Bi-Ghi-Du-Lieu-Thermal-Profiler-Solderstar-Model-SLX-no.1-copy.jpg\",\"contentUrl\":\"https:\/\/vannangvn.123websitedev.com\/wp-content\/uploads\/2026\/03\/Thiet-Bi-Ghi-Du-Lieu-Thermal-Profiler-Solderstar-Model-SLX-no.1-copy.jpg\",\"width\":768,\"height\":576},{\"@type\":\"BreadcrumbList\",\"@id\":\"https:\/\/vannangvn.123websitedev.com\/san-pham\/thiet-bi-ghi-du-lieu-solderstar-model-slx\/#breadcrumb\",\"itemListElement\":[{\"@type\":\"ListItem\",\"position\":1,\"name\":\"Trang ch\u1ee7\",\"item\":\"https:\/\/vannangvn.123websitedev.com\/\"},{\"@type\":\"ListItem\",\"position\":2,\"name\":\"S\u1ea3n ph\u1ea9m\",\"item\":\"https:\/\/vannangvn.123websitedev.com\/cua-hang\/\"},{\"@type\":\"ListItem\",\"position\":3,\"name\":\"THI\u1ebeT B\u1eca GHI D\u1eee LI\u1ec6U SOLDERSTAR MODEL SLX\"}]},{\"@type\":\"WebSite\",\"@id\":\"https:\/\/vannangvn.123websitedev.com\/#website\",\"url\":\"https:\/\/vannangvn.123websitedev.com\/\",\"name\":\"Vannang.vn\",\"description\":\"\",\"publisher\":{\"@id\":\"https:\/\/vannangvn.123websitedev.com\/#organization\"},\"potentialAction\":[{\"@type\":\"SearchAction\",\"target\":{\"@type\":\"EntryPoint\",\"urlTemplate\":\"https:\/\/vannangvn.123websitedev.com\/?s={search_term_string}\"},\"query-input\":{\"@type\":\"PropertyValueSpecification\",\"valueRequired\":true,\"valueName\":\"search_term_string\"}}],\"inLanguage\":\"en-US\"},{\"@type\":\"Organization\",\"@id\":\"https:\/\/vannangvn.123websitedev.com\/#organization\",\"name\":\"Vannang.vn\",\"url\":\"https:\/\/vannangvn.123websitedev.com\/\",\"logo\":{\"@type\":\"ImageObject\",\"inLanguage\":\"en-US\",\"@id\":\"https:\/\/vannangvn.123websitedev.com\/#\/schema\/logo\/image\/\",\"url\":\"https:\/\/vannangvn.123websitedev.com\/wp-content\/uploads\/2026\/02\/logo-van-nang-02.png\",\"contentUrl\":\"https:\/\/vannangvn.123websitedev.com\/wp-content\/uploads\/2026\/02\/logo-van-nang-02.png\",\"width\":448,\"height\":111,\"caption\":\"Vannang.vn\"},\"image\":{\"@id\":\"https:\/\/vannangvn.123websitedev.com\/#\/schema\/logo\/image\/\"}}]}<\/script>\n<!-- \/ Yoast SEO Premium plugin. -->","yoast_head_json":{"title":"THI\u1ebeT B\u1eca GHI D\u1eee LI\u1ec6U SOLDERSTAR MOD... ch\u00ednh h\u00e3ng | V\u1ea1n N\u0103ng","description":"Mua ngay THI\u1ebeT B\u1eca GHI D\u1eee LI\u1ec6U SOLDERSTAR MODEL SLX ch\u00ednh h\u00e3ng. Gi\u00e1 t\u1ed1t!","robots":{"index":"noindex","follow":"follow","max-snippet":"max-snippet:-1","max-image-preview":"max-image-preview:large","max-video-preview":"max-video-preview:-1"},"og_locale":"en_US","og_type":"article","og_title":"THI\u1ebeT B\u1eca GHI D\u1eee LI\u1ec6U SOLDERSTAR MODEL SLX","og_description":"Mua ngay THI\u1ebeT B\u1eca GHI D\u1eee LI\u1ec6U SOLDERSTAR MODEL SLX ch\u00ednh h\u00e3ng. Gi\u00e1 t\u1ed1t!","og_url":"https:\/\/vannangvn.123websitedev.com\/en\/product\/thiet-bi-ghi-du-lieu-solderstar-model-slx\/","og_site_name":"Vannang.vn","article_modified_time":"2026-03-30T11:53:19+00:00","og_image":[{"width":768,"height":576,"url":"http:\/\/vannangvn.123websitedev.com\/wp-content\/uploads\/2026\/03\/Thiet-Bi-Ghi-Du-Lieu-Thermal-Profiler-Solderstar-Model-SLX-no.1-copy.jpg","type":"image\/jpeg"}],"twitter_card":"summary_large_image","twitter_misc":{"Est. reading time":"7 minutes"},"schema":{"@context":"https:\/\/schema.org","@graph":[{"@type":"WebPage","@id":"https:\/\/vannangvn.123websitedev.com\/san-pham\/thiet-bi-ghi-du-lieu-solderstar-model-slx\/","url":"https:\/\/vannangvn.123websitedev.com\/san-pham\/thiet-bi-ghi-du-lieu-solderstar-model-slx\/","name":"THI\u1ebeT B\u1eca GHI D\u1eee LI\u1ec6U SOLDERSTAR MOD... ch\u00ednh h\u00e3ng | V\u1ea1n N\u0103ng","isPartOf":{"@id":"https:\/\/vannangvn.123websitedev.com\/#website"},"primaryImageOfPage":{"@id":"https:\/\/vannangvn.123websitedev.com\/san-pham\/thiet-bi-ghi-du-lieu-solderstar-model-slx\/#primaryimage"},"image":{"@id":"https:\/\/vannangvn.123websitedev.com\/san-pham\/thiet-bi-ghi-du-lieu-solderstar-model-slx\/#primaryimage"},"thumbnailUrl":"https:\/\/vannangvn.123websitedev.com\/wp-content\/uploads\/2026\/03\/Thiet-Bi-Ghi-Du-Lieu-Thermal-Profiler-Solderstar-Model-SLX-no.1-copy.jpg","datePublished":"2026-03-20T12:10:45+00:00","dateModified":"2026-03-30T11:53:19+00:00","description":"Mua ngay THI\u1ebeT B\u1eca GHI D\u1eee LI\u1ec6U SOLDERSTAR MODEL SLX ch\u00ednh h\u00e3ng. Gi\u00e1 t\u1ed1t!","breadcrumb":{"@id":"https:\/\/vannangvn.123websitedev.com\/san-pham\/thiet-bi-ghi-du-lieu-solderstar-model-slx\/#breadcrumb"},"inLanguage":"en-US","potentialAction":[{"@type":"ReadAction","target":["https:\/\/vannangvn.123websitedev.com\/san-pham\/thiet-bi-ghi-du-lieu-solderstar-model-slx\/"]}]},{"@type":"ImageObject","inLanguage":"en-US","@id":"https:\/\/vannangvn.123websitedev.com\/san-pham\/thiet-bi-ghi-du-lieu-solderstar-model-slx\/#primaryimage","url":"https:\/\/vannangvn.123websitedev.com\/wp-content\/uploads\/2026\/03\/Thiet-Bi-Ghi-Du-Lieu-Thermal-Profiler-Solderstar-Model-SLX-no.1-copy.jpg","contentUrl":"https:\/\/vannangvn.123websitedev.com\/wp-content\/uploads\/2026\/03\/Thiet-Bi-Ghi-Du-Lieu-Thermal-Profiler-Solderstar-Model-SLX-no.1-copy.jpg","width":768,"height":576},{"@type":"BreadcrumbList","@id":"https:\/\/vannangvn.123websitedev.com\/san-pham\/thiet-bi-ghi-du-lieu-solderstar-model-slx\/#breadcrumb","itemListElement":[{"@type":"ListItem","position":1,"name":"Trang ch\u1ee7","item":"https:\/\/vannangvn.123websitedev.com\/"},{"@type":"ListItem","position":2,"name":"S\u1ea3n ph\u1ea9m","item":"https:\/\/vannangvn.123websitedev.com\/cua-hang\/"},{"@type":"ListItem","position":3,"name":"THI\u1ebeT B\u1eca GHI D\u1eee LI\u1ec6U SOLDERSTAR MODEL SLX"}]},{"@type":"WebSite","@id":"https:\/\/vannangvn.123websitedev.com\/#website","url":"https:\/\/vannangvn.123websitedev.com\/","name":"Vannang.vn","description":"","publisher":{"@id":"https:\/\/vannangvn.123websitedev.com\/#organization"},"potentialAction":[{"@type":"SearchAction","target":{"@type":"EntryPoint","urlTemplate":"https:\/\/vannangvn.123websitedev.com\/?s={search_term_string}"},"query-input":{"@type":"PropertyValueSpecification","valueRequired":true,"valueName":"search_term_string"}}],"inLanguage":"en-US"},{"@type":"Organization","@id":"https:\/\/vannangvn.123websitedev.com\/#organization","name":"Vannang.vn","url":"https:\/\/vannangvn.123websitedev.com\/","logo":{"@type":"ImageObject","inLanguage":"en-US","@id":"https:\/\/vannangvn.123websitedev.com\/#\/schema\/logo\/image\/","url":"https:\/\/vannangvn.123websitedev.com\/wp-content\/uploads\/2026\/02\/logo-van-nang-02.png","contentUrl":"https:\/\/vannangvn.123websitedev.com\/wp-content\/uploads\/2026\/02\/logo-van-nang-02.png","width":448,"height":111,"caption":"Vannang.vn"},"image":{"@id":"https:\/\/vannangvn.123websitedev.com\/#\/schema\/logo\/image\/"}}]}},"_links":{"self":[{"href":"https:\/\/vannangvn.123websitedev.com\/en\/wp-json\/wp\/v2\/product\/7859","targetHints":{"allow":["GET"]}}],"collection":[{"href":"https:\/\/vannangvn.123websitedev.com\/en\/wp-json\/wp\/v2\/product"}],"about":[{"href":"https:\/\/vannangvn.123websitedev.com\/en\/wp-json\/wp\/v2\/types\/product"}],"replies":[{"embeddable":true,"href":"https:\/\/vannangvn.123websitedev.com\/en\/wp-json\/wp\/v2\/comments?post=7859"}],"wp:featuredmedia":[{"embeddable":true,"href":"https:\/\/vannangvn.123websitedev.com\/en\/wp-json\/wp\/v2\/media\/8891"}],"wp:attachment":[{"href":"https:\/\/vannangvn.123websitedev.com\/en\/wp-json\/wp\/v2\/media?parent=7859"}],"wp:term":[{"taxonomy":"product_brand","embeddable":true,"href":"https:\/\/vannangvn.123websitedev.com\/en\/wp-json\/wp\/v2\/product_brand?post=7859"},{"taxonomy":"product_cat","embeddable":true,"href":"https:\/\/vannangvn.123websitedev.com\/en\/wp-json\/wp\/v2\/product_cat?post=7859"},{"taxonomy":"product_tag","embeddable":true,"href":"https:\/\/vannangvn.123websitedev.com\/en\/wp-json\/wp\/v2\/product_tag?post=7859"}],"curies":[{"name":"wp","href":"https:\/\/api.w.org\/{rel}","templated":true}]}}